{"id":8554,"date":"2023-08-29T23:30:52","date_gmt":"2023-08-29T23:30:52","guid":{"rendered":"https:\/\/egytourpackages.com\/product\/abou-simbel-au-depart-dassouan-en-bus\/"},"modified":"2026-01-28T20:13:50","modified_gmt":"2026-01-28T20:13:50","slug":"abou-simbel-au-depart-dassouan-en-bus","status":"publish","type":"product","link":"https:\/\/egytourpackages.com\/fr\/tours\/abou-simbel-au-depart-dassouan-en-bus\/","title":{"rendered":"Abou Simbel au d\u00e9part d&rsquo;Assouan en Bus"},"content":{"rendered":"<p><span style=\"color: #ff6600;\"><strong>Abou Simbel au d\u00e9part d&rsquo;Assouan en Bus<\/strong><\/span><\/p>\n<p><strong>R\u00e9servez<\/strong> votre remarquable <strong>excursion Abou Simbel au d\u00e9part d&rsquo;Assouan en Bus<\/strong> et d\u00e9couvrez <strong>deux des plus magnifiques temples antiques d&rsquo;\u00c9gypte<\/strong> nich\u00e9s pr\u00e8s du serein <strong>Lac Nasser<\/strong>. Ce <strong>tour d&rsquo;une journ\u00e9e \u00e0 Assouan<\/strong> est votre chance d&rsquo;\u00eatre t\u00e9moin de la <strong>grandeur d&rsquo;Abou Simbel<\/strong> de premi\u00e8re main.<\/p>\n<p>Vous explorerez le monumental <strong>Grand Temple de Rams\u00e8s II<\/strong>, imm\u00e9diatement reconnaissable par ses <strong>quatre statues colossales<\/strong> du <strong>pharaon<\/strong> gardant l&rsquo;entr\u00e9e. Juste \u00e0 c\u00f4t\u00e9, vous d\u00e9couvrirez l&rsquo;\u00e9l\u00e9gant <strong>Temple de N\u00e9fertari<\/strong>, d\u00e9di\u00e9 \u00e0 la <strong>Reine N\u00e9fertari<\/strong> et construit dans la forme distinctive de la <strong>d\u00e9esse Hathor<\/strong>.<\/p>\n<p>Ce <strong>tour de visite d&rsquo;Assouan<\/strong> n&rsquo;est pas seulement une question de voir des <strong>temples<\/strong>; c&rsquo;est un <strong>voyage immersif<\/strong> au c\u0153ur de la <strong>civilisation \u00e9gyptienne ancienne<\/strong>. En fait, vous en apprendrez davantage sur <strong>Rams\u00e8s II<\/strong>, l&rsquo;un des <strong>pharaons les plus c\u00e9l\u00e8bres d&rsquo;\u00c9gypte<\/strong>, et la bien-aim\u00e9e <strong>Reine N\u00e9fertari<\/strong>. Plongez dans l&rsquo;<strong>histoire \u00e9gyptienne antique<\/strong> et la fascinante p\u00e9riode du <strong>Nouvel Empire<\/strong> alors que vous vous \u00e9merveillez devant ces <strong>merveilles architecturales<\/strong>. Pr\u00e9parez-vous pour une <strong>aventure<\/strong> qui donne vie au pass\u00e9!<\/p>\n<h3><span style=\"color: #ff6600;\">D\u00e9tails du Tour<\/span><\/h3>\n<ul>\n<li>Dur\u00e9e: 1 Jour<\/li>\n<li>Localisation du Tour: Abou Simbel<\/li>\n<li>Disponibilit\u00e9 du Tour: Tous les jours<\/li>\n<li>Ramassage et D\u00e9p\u00f4t: Votre H\u00f4tel \u00e0 Assouan \/ Croisi\u00e8re sur le Nil<\/li>\n<li>Type de Tour: Priv\u00e9<\/li>\n<li><strong>Langue: Fran\u00e7ais<\/strong><\/li>\n<li>Fauteuil Roulant: Accessible<\/li>\n<\/ul>\n<h3><span style=\"color: #ff6600;\">Points Forts<\/span><\/h3>\n<ul>\n<li>Lac Nasser<\/li>\n<li>Le Grand Temple d&rsquo;Abou Simbel<\/li>\n<li>Temple d&rsquo;Hathor<\/li>\n<\/ul>\n<h3><span style=\"color: #ff6600;\">Inclusions<\/span><\/h3>\n<ul>\n<li>Transfert aller-retour avec v\u00e9hicule moderne climatis\u00e9<\/li>\n<li>Guide \u00e9gyptologue parlant fran\u00e7ais<\/li>\n<li>Frais d&rsquo;entr\u00e9e pour toutes les visites touristiques<\/li>\n<\/ul>\n<h3><span style=\"color: #ff6600;\">Exclusions<\/span><\/h3>\n<ul>\n<li>Pourboires<\/li>\n<\/ul>\n<h3><span style=\"color: #ff6600;\">Quoi Emporter<\/span><\/h3>\n<ul>\n<li>Chapeau, lunettes de soleil et cr\u00e8me solaire<\/li>\n<li>Chaussures et v\u00eatements confortables<\/li>\n<\/ul>\n<h2><span style=\"color: #ff6600;\">Itin\u00e9raire de Voyage<\/span><\/h2>\n<h3><span style=\"color: #ff6600;\">Tour en Bus \u00e0 Abou Simbel au d\u00e9part d&rsquo;Assouan<\/span><\/h3>\n<p>Vous rencontrerez votre <strong>guide expert<\/strong> dans le hall de votre h\u00f4tel ou \u00e0 votre <strong>Croisi\u00e8re sur le Nil<\/strong>. De l\u00e0, vous vous lancerez dans un <strong>voyage confortable en bus<\/strong> d&rsquo;environ <strong>3,5 heures<\/strong> vers le sud, couvrant environ 300 km d&rsquo;<strong>Assouan \u00e0 Abou Simbel<\/strong>, avec un bref arr\u00eat de confort en cours de route.<\/p>\n<h3><span style=\"color: #ff6600;\">Exploration des Temples d&rsquo;Abou Simbel<\/span><\/h3>\n<p>\u00c0 l&rsquo;arriv\u00e9e, votre <strong>tour d&rsquo;une journ\u00e9e \u00e0 Assouan \u00e0 Abou Simbel<\/strong> commence v\u00e9ritablement. Vous profiterez d&rsquo;une <strong>marche panoramique de 10 minutes<\/strong> le long des rives tranquilles du <strong>Lac Nasser<\/strong>, vous menant directement au magnifique <strong>complexe d&rsquo;Abou Simbel<\/strong>. Vous aurez environ <strong>deux heures<\/strong> pour explorer et vous \u00e9merveiller devant ces <strong>deux temples incroyables<\/strong> dans leur nouvel emplacement \u00e9poustouflant.<\/p>\n<h3><span style=\"color: #ff6600;\">Le Grand Temple de Rams\u00e8s II<\/span><\/h3>\n<p>Pr\u00e9parez-vous \u00e0 \u00eatre \u00e9merveill\u00e9 par le <strong>Grand Temple de Rams\u00e8s II<\/strong>, un <strong>t\u00e9moignage monumental<\/strong> de la <strong>puissance<\/strong> et de l&rsquo;<strong>art de l&rsquo;\u00c9gypte ancienne<\/strong>. Ce <strong>grand temple<\/strong>, sculpt\u00e9 dans les falaises de gr\u00e8s, \u00e9tait d\u00e9di\u00e9 aux <strong>dieux Amon<\/strong>, <strong>R\u00e2-Horakhty<\/strong> et <strong>Ptah<\/strong>, et comm\u00e9more fi\u00e8rement la <strong>victoire de Rams\u00e8s le Grand<\/strong> \u00e0 la <strong>Bataille de Kadesh<\/strong>. \u00c0 l&rsquo;int\u00e9rieur, vous d\u00e9couvrirez des <strong>sc\u00e8nes d&rsquo;offrande<\/strong> captivantes repr\u00e9sentant le <strong>roi<\/strong> devant diverses <strong>divinit\u00e9s et d\u00e9esses \u00e9gyptiennes antiques<\/strong>, y compris <strong>Osiris<\/strong>.<\/p>\n<h3><span style=\"color: #ff6600;\">Le Temple d&rsquo;Hathor et N\u00e9fertari<\/span><\/h3>\n<p>Apr\u00e8s avoir explor\u00e9 le <strong>Grand Temple<\/strong>, vous vous dirigerez vers le <strong>Temple d&rsquo;Hathor et N\u00e9fertari<\/strong> tout aussi impressionnant. Ce <strong>temple<\/strong> plus petit mais exquis\u00e9ment d\u00e9taill\u00e9 est d\u00e9di\u00e9 \u00e0 la <strong>d\u00e9esse Hathor<\/strong> et \u00e0 la bien-aim\u00e9e <strong>Grande \u00c9pouse Royale de Rams\u00e8s II, N\u00e9fertari<\/strong>. Ici, vous admirerez de belles <strong>sc\u00e8nes de N\u00e9fertari<\/strong> en d\u00e9votion devant des divinit\u00e9s comme <strong>Hathor<\/strong>, <strong>Sesh\u00e2t<\/strong>, <strong>Amon<\/strong> et <strong>R\u00e2<\/strong>.<\/p>\n<h3><span style=\"color: #ff6600;\">Voyage de Retour \u00e0 Assouan<\/span><\/h3>\n<p>\u00c0 la conclusion de votre remarquable <strong>tour en \u00c9gypte \u00e0 Abou Simbel<\/strong>, vous monterez \u00e0 bord de votre <strong>bus<\/strong> pour le <strong>voyage de retour \u00e0 Assouan<\/strong>.<\/p>\n<p>Cet <strong>itin\u00e9raire en \u00c9gypte<\/strong> offre un moyen complet et inoubliable de vivre la <strong>grandeur d&rsquo;Abou Simbel<\/strong>.<\/p>\n<h3><span style=\"color: #ff6600;\">Prix Abou Simbel au d\u00e9part d&rsquo;Assouan en Bus<\/span><\/h3>\n<ul>\n<li>Prix Adulte = 70 \u20ac<\/li>\n<li>Enfants 0-5 ans = gratuit<\/li>\n<li>Enfants 5-11 ans = 50% du prix adulte<\/li>\n<\/ul>\n<h3><span style=\"color: #ff6600;\">R\u00e9servation<\/span><\/h3>\n<ul>\n<li>Vous pouvez r\u00e9server votre tour via WhatsApp ou nous envoyer un E-mail et vous recevrez la confirmation imm\u00e9diate.<\/li>\n<li>Veuillez nous envoyer le nom de votre h\u00f4tel, votre num\u00e9ro de chambre et les copies de votre passeport.<\/li>\n<\/ul>\n<p>WhatsApp: +201000852186<\/p>\n<p>info@egytourpackages.com<\/p>\n<h3><span style=\"color: #ff6600;\">R\u00e9servez Maintenant &amp; Payez sur Place<\/span><\/h3>\n<p>R\u00e9servez votre tour pr\u00e9f\u00e9r\u00e9 et payez le jour du voyage.<\/p>\n<h3><span style=\"color: #ff6600;\">Paiement<\/span><\/h3>\n<p>Vous pouvez payer en livres \u00e9gyptiennes, $, \u20ac ou \u00a3.<\/p>\n<h3><span style=\"color: #ff6600;\">Politique d&rsquo;Annulation<\/span><\/h3>\n<ul>\n<li style=\"text-align: left;\">L&rsquo;annulation est gratuite jusqu&rsquo;\u00e0 24 heures \u00e0 l&rsquo;avance.<\/li>\n<li style=\"text-align: left;\">L&rsquo;annulation le matin est de 50% du prix.<\/li>\n<\/ul>\n","protected":false},"excerpt":{"rendered":"<p>Abou Simbel au d\u00e9part d&rsquo;Assouan en Bus: Excursion \u00e9conomique et confortable aux temples de Rams\u00e8s II et N\u00e9fertari. Meilleure offre d&rsquo;une journ\u00e9e.<\/p>\n","protected":false},"featured_media":8555,"comment_status":"open","ping_status":"closed","template":"","meta":[],"product_brand":[],"product_cat":[3124],"product_tag":[3271,3275,3414],"class_list":{"0":"post-8554","1":"product","2":"type-product","3":"status-publish","4":"has-post-thumbnail","6":"product_cat-tours-fr","7":"product_tag-excursions-dune-journee-a-assouan","8":"product_tag-excursions-dune-journee-en-egypte","9":"product_tag-visite-du-temple-dabou-simbel","10":"tour_category-excursions-assouan-fr","11":"tour_category-excursions-en-egypte-fr","13":"first","14":"instock","15":"sale","16":"shipping-taxable","17":"purchasable","18":"product-type-tour","19":"has-default-attributes"},"yoast_head":"<!-- This site is optimized with the Yoast SEO Premium plugin v27.2 (Yoast SEO v27.2) - https:\/\/yoast.com\/product\/yoast-seo-premium-wordpress\/ -->\n<title>Abou Simbel au d\u00e9part d&#039;Assouan en Bus: Excursions en \u00c9gypte<\/title>\n<meta name=\"description\" content=\"Abou Simbel au d\u00e9part d&#039;Assouan en Bus: Excursion \u00e9conomique et confortable aux temples de Rams\u00e8s II et N\u00e9fertari. Meilleure offre d&#039;une journ\u00e9e.\" \/>\n<meta name=\"robots\" content=\"index, follow, max-snippet:-1, max-image-preview:large, max-video-preview:-1\" \/>\n<link rel=\"canonical\" href=\"https:\/\/egytourpackages.com\/fr\/tours\/abou-simbel-au-depart-dassouan-en-bus\/\" \/>\n<meta property=\"og:locale\" content=\"fr_FR\" \/>\n<meta property=\"og:type\" content=\"article\" \/>\n<meta property=\"og:title\" content=\"Abou Simbel au d\u00e9part d&#039;Assouan en Bus\" \/>\n<meta property=\"og:description\" content=\"Abou Simbel au d\u00e9part d&#039;Assouan en Bus: Excursion \u00e9conomique et confortable aux temples de Rams\u00e8s II et N\u00e9fertari. Meilleure offre d&#039;une journ\u00e9e.\" \/>\n<meta property=\"og:url\" content=\"https:\/\/egytourpackages.com\/fr\/tours\/abou-simbel-au-depart-dassouan-en-bus\/\" \/>\n<meta property=\"og:site_name\" content=\"Egypt Tour Packages\" \/>\n<meta property=\"article:publisher\" content=\"https:\/\/www.facebook.com\/egytourpackages\" \/>\n<meta property=\"article:modified_time\" content=\"2026-01-28T20:13:50+00:00\" \/>\n<meta property=\"og:image\" content=\"https:\/\/egytourpackages.com\/wp-content\/uploads\/2023\/08\/Abu-Simbel-from-Aswan-1024x682.jpg\" \/>\n<meta name=\"twitter:card\" content=\"summary_large_image\" \/>\n<meta name=\"twitter:title\" content=\"Abou Simbel au d\u00e9part d&#039;Assouan en Bus\" \/>\n<meta name=\"twitter:description\" content=\"Abou Simbel au d\u00e9part d&#039;Assouan en Bus: Excursion \u00e9conomique et confortable aux temples de Rams\u00e8s II et N\u00e9fertari. Meilleure offre d&#039;une journ\u00e9e.\" \/>\n<meta name=\"twitter:image\" content=\"https:\/\/egytourpackages.com\/wp-content\/uploads\/2023\/08\/Abu-Simbel-from-Aswan-1024x682.jpg\" \/>\n<meta name=\"twitter:label1\" content=\"Prix\" \/>\n\t<meta name=\"twitter:data1\" content=\"&euro;0\" \/>\n\t<meta name=\"twitter:label2\" content=\"Disponibilit\u00e9\" \/>\n\t<meta name=\"twitter:data2\" content=\"En stock\" \/>\n<script type=\"application\/ld+json\" class=\"yoast-schema-graph\">{\"@context\":\"https:\/\/schema.org\",\"@graph\":[{\"@type\":\"WebPage\",\"@id\":\"https:\/\/egytourpackages.com\/fr\/tours\/abou-simbel-au-depart-dassouan-en-bus\/\",\"url\":\"https:\/\/egytourpackages.com\/fr\/tours\/abou-simbel-au-depart-dassouan-en-bus\/\",\"name\":\"Abou Simbel au d\u00e9part d'Assouan en Bus: Excursions en \u00c9gypte\",\"isPartOf\":{\"@id\":\"https:\/\/egytourpackages.com\/fr\/#website\"},\"primaryImageOfPage\":{\"@id\":\"https:\/\/egytourpackages.com\/fr\/tours\/abou-simbel-au-depart-dassouan-en-bus\/#primaryimage\"},\"image\":{\"@id\":\"https:\/\/egytourpackages.com\/fr\/tours\/abou-simbel-au-depart-dassouan-en-bus\/#primaryimage\"},\"thumbnailUrl\":\"https:\/\/egytourpackages.com\/wp-content\/uploads\/2023\/08\/Abu-Simbel-from-Aswan.jpg\",\"datePublished\":\"2023-08-29T23:30:52+00:00\",\"dateModified\":\"2026-01-28T20:13:50+00:00\",\"description\":\"Abou Simbel au d\u00e9part d'Assouan en Bus: Excursion \u00e9conomique et confortable aux temples de Rams\u00e8s II et N\u00e9fertari. Meilleure offre d'une journ\u00e9e.\",\"breadcrumb\":{\"@id\":\"https:\/\/egytourpackages.com\/fr\/tours\/abou-simbel-au-depart-dassouan-en-bus\/#breadcrumb\"},\"inLanguage\":\"fr-FR\",\"potentialAction\":[{\"@type\":\"ReadAction\",\"target\":[\"https:\/\/egytourpackages.com\/fr\/tours\/abou-simbel-au-depart-dassouan-en-bus\/\"]}]},{\"@type\":\"ImageObject\",\"inLanguage\":\"fr-FR\",\"@id\":\"https:\/\/egytourpackages.com\/fr\/tours\/abou-simbel-au-depart-dassouan-en-bus\/#primaryimage\",\"url\":\"https:\/\/egytourpackages.com\/wp-content\/uploads\/2023\/08\/Abu-Simbel-from-Aswan.jpg\",\"contentUrl\":\"https:\/\/egytourpackages.com\/wp-content\/uploads\/2023\/08\/Abu-Simbel-from-Aswan.jpg\",\"width\":2000,\"height\":1333,\"caption\":\"Abou Simbel au d\u00e9part d'Assouan en Bus\"},{\"@type\":\"BreadcrumbList\",\"@id\":\"https:\/\/egytourpackages.com\/fr\/tours\/abou-simbel-au-depart-dassouan-en-bus\/#breadcrumb\",\"itemListElement\":[{\"@type\":\"ListItem\",\"position\":1,\"name\":\"Home\",\"item\":\"https:\/\/egytourpackages.com\/fr\/circuits-en-egypte\/\"},{\"@type\":\"ListItem\",\"position\":2,\"name\":\"Shop\",\"item\":\"https:\/\/egytourpackages.com\/shop\/\"},{\"@type\":\"ListItem\",\"position\":3,\"name\":\"Abou Simbel au d\u00e9part d&rsquo;Assouan en Bus\"}]},{\"@type\":\"WebSite\",\"@id\":\"https:\/\/egytourpackages.com\/fr\/#website\",\"url\":\"https:\/\/egytourpackages.com\/fr\/\",\"name\":\"Egy tour packages\",\"description\":\"\",\"publisher\":{\"@id\":\"https:\/\/egytourpackages.com\/fr\/#organization\"},\"potentialAction\":[{\"@type\":\"SearchAction\",\"target\":{\"@type\":\"EntryPoint\",\"urlTemplate\":\"https:\/\/egytourpackages.com\/fr\/?s={search_term_string}\"},\"query-input\":{\"@type\":\"PropertyValueSpecification\",\"valueRequired\":true,\"valueName\":\"search_term_string\"}}],\"inLanguage\":\"fr-FR\"},{\"@type\":[\"Organization\",\"Place\",\"TravelAgency\"],\"@id\":\"https:\/\/egytourpackages.com\/fr\/#organization\",\"name\":\"egypt tour packages\",\"alternateName\":\"egypt tour packages\",\"url\":\"https:\/\/egytourpackages.com\/fr\/\",\"logo\":{\"@id\":\"https:\/\/egytourpackages.com\/fr\/tours\/abou-simbel-au-depart-dassouan-en-bus\/#local-main-organization-logo\"},\"image\":{\"@id\":\"https:\/\/egytourpackages.com\/fr\/tours\/abou-simbel-au-depart-dassouan-en-bus\/#local-main-organization-logo\"},\"sameAs\":[\"https:\/\/www.facebook.com\/egytourpackages\"],\"legalName\":\"Egy tour packages\",\"address\":{\"@id\":\"https:\/\/egytourpackages.com\/fr\/tours\/abou-simbel-au-depart-dassouan-en-bus\/#local-main-place-address\"},\"telephone\":[\"00201000852186\",\"00201028685533\"],\"contactPoint\":{\"@type\":\"ContactPoint\",\"telephone\":\"00201000852186\"},\"openingHoursSpecification\":[{\"@type\":\"OpeningHoursSpecification\",\"dayOfWeek\":[\"Monday\",\"Tuesday\",\"Wednesday\",\"Thursday\",\"Friday\",\"Saturday\",\"Sunday\"],\"opens\":\"00:00\",\"closes\":\"23:59\"}],\"email\":\"info@egytourpackages.com\",\"areaServed\":\"Cairo, Hurghada, Luxor, Sharm El Sheikh, Marsa Alam, Aswan\",\"priceRange\":\"$\",\"currenciesAccepted\":\"euro\",\"paymentAccepted\":\"Payment links online\"},{\"@type\":\"PostalAddress\",\"@id\":\"https:\/\/egytourpackages.com\/fr\/tours\/abou-simbel-au-depart-dassouan-en-bus\/#local-main-place-address\",\"streetAddress\":\"Mubarak 8, Al Kawthar District, Hurghada\",\"addressLocality\":\"Hurghada\",\"postalCode\":\"84511\",\"addressRegion\":\"Red Sea\",\"addressCountry\":\"EG\"},{\"@type\":\"ImageObject\",\"inLanguage\":\"fr-FR\",\"@id\":\"https:\/\/egytourpackages.com\/fr\/tours\/abou-simbel-au-depart-dassouan-en-bus\/#local-main-organization-logo\",\"url\":\"https:\/\/egytourpackages.com\/wp-content\/uploads\/2025\/12\/Turquoise-Dahabiya-Nile-Cruise-1.jpeg\",\"contentUrl\":\"https:\/\/egytourpackages.com\/wp-content\/uploads\/2025\/12\/Turquoise-Dahabiya-Nile-Cruise-1.jpeg\",\"width\":1040,\"height\":694,\"caption\":\"egypt tour packages\"}]}<\/script>\n<meta property=\"product:brand\" content=\"Excursions Assouan\" \/>\n<meta property=\"product:price:amount\" content=\"0\" \/>\n<meta property=\"product:price:currency\" content=\"EUR\" \/>\n<meta property=\"og:availability\" content=\"instock\" \/>\n<meta property=\"product:availability\" content=\"instock\" \/>\n<meta property=\"product:retailer_item_id\" content=\"ADT01\" \/>\n<meta property=\"product:condition\" content=\"new\" \/>\n<meta name=\"geo.placename\" content=\"Hurghada\" \/>\n<meta name=\"geo.region\" content=\"\u00c9gypte\" \/>\n<!-- \/ Yoast SEO Premium plugin. -->","yoast_head_json":{"title":"Abou Simbel au d\u00e9part d'Assouan en Bus: Excursions en \u00c9gypte","description":"Abou Simbel au d\u00e9part d'Assouan en Bus: Excursion \u00e9conomique et confortable aux temples de Rams\u00e8s II et N\u00e9fertari. Meilleure offre d'une journ\u00e9e.","robots":{"index":"index","follow":"follow","max-snippet":"max-snippet:-1","max-image-preview":"max-image-preview:large","max-video-preview":"max-video-preview:-1"},"canonical":"https:\/\/egytourpackages.com\/fr\/tours\/abou-simbel-au-depart-dassouan-en-bus\/","og_locale":"fr_FR","og_type":"article","og_title":"Abou Simbel au d\u00e9part d'Assouan en Bus","og_description":"Abou Simbel au d\u00e9part d'Assouan en Bus: Excursion \u00e9conomique et confortable aux temples de Rams\u00e8s II et N\u00e9fertari. Meilleure offre d'une journ\u00e9e.","og_url":"https:\/\/egytourpackages.com\/fr\/tours\/abou-simbel-au-depart-dassouan-en-bus\/","og_site_name":"Egypt Tour Packages","article_publisher":"https:\/\/www.facebook.com\/egytourpackages","article_modified_time":"2026-01-28T20:13:50+00:00","og_image":[{"url":"https:\/\/egytourpackages.com\/wp-content\/uploads\/2023\/08\/Abu-Simbel-from-Aswan-1024x682.jpg","type":"","width":"","height":""}],"twitter_card":"summary_large_image","twitter_title":"Abou Simbel au d\u00e9part d'Assouan en Bus","twitter_description":"Abou Simbel au d\u00e9part d'Assouan en Bus: Excursion \u00e9conomique et confortable aux temples de Rams\u00e8s II et N\u00e9fertari. Meilleure offre d'une journ\u00e9e.","twitter_image":"https:\/\/egytourpackages.com\/wp-content\/uploads\/2023\/08\/Abu-Simbel-from-Aswan-1024x682.jpg","twitter_misc":{"Prix":"&euro;0","Disponibilit\u00e9":"En stock"},"schema":{"@context":"https:\/\/schema.org","@graph":[{"@type":"WebPage","@id":"https:\/\/egytourpackages.com\/fr\/tours\/abou-simbel-au-depart-dassouan-en-bus\/","url":"https:\/\/egytourpackages.com\/fr\/tours\/abou-simbel-au-depart-dassouan-en-bus\/","name":"Abou Simbel au d\u00e9part d'Assouan en Bus: Excursions en \u00c9gypte","isPartOf":{"@id":"https:\/\/egytourpackages.com\/fr\/#website"},"primaryImageOfPage":{"@id":"https:\/\/egytourpackages.com\/fr\/tours\/abou-simbel-au-depart-dassouan-en-bus\/#primaryimage"},"image":{"@id":"https:\/\/egytourpackages.com\/fr\/tours\/abou-simbel-au-depart-dassouan-en-bus\/#primaryimage"},"thumbnailUrl":"https:\/\/egytourpackages.com\/wp-content\/uploads\/2023\/08\/Abu-Simbel-from-Aswan.jpg","datePublished":"2023-08-29T23:30:52+00:00","dateModified":"2026-01-28T20:13:50+00:00","description":"Abou Simbel au d\u00e9part d'Assouan en Bus: Excursion \u00e9conomique et confortable aux temples de Rams\u00e8s II et N\u00e9fertari. Meilleure offre d'une journ\u00e9e.","breadcrumb":{"@id":"https:\/\/egytourpackages.com\/fr\/tours\/abou-simbel-au-depart-dassouan-en-bus\/#breadcrumb"},"inLanguage":"fr-FR","potentialAction":[{"@type":"ReadAction","target":["https:\/\/egytourpackages.com\/fr\/tours\/abou-simbel-au-depart-dassouan-en-bus\/"]}]},{"@type":"ImageObject","inLanguage":"fr-FR","@id":"https:\/\/egytourpackages.com\/fr\/tours\/abou-simbel-au-depart-dassouan-en-bus\/#primaryimage","url":"https:\/\/egytourpackages.com\/wp-content\/uploads\/2023\/08\/Abu-Simbel-from-Aswan.jpg","contentUrl":"https:\/\/egytourpackages.com\/wp-content\/uploads\/2023\/08\/Abu-Simbel-from-Aswan.jpg","width":2000,"height":1333,"caption":"Abou Simbel au d\u00e9part d'Assouan en Bus"},{"@type":"BreadcrumbList","@id":"https:\/\/egytourpackages.com\/fr\/tours\/abou-simbel-au-depart-dassouan-en-bus\/#breadcrumb","itemListElement":[{"@type":"ListItem","position":1,"name":"Home","item":"https:\/\/egytourpackages.com\/fr\/circuits-en-egypte\/"},{"@type":"ListItem","position":2,"name":"Shop","item":"https:\/\/egytourpackages.com\/shop\/"},{"@type":"ListItem","position":3,"name":"Abou Simbel au d\u00e9part d&rsquo;Assouan en Bus"}]},{"@type":"WebSite","@id":"https:\/\/egytourpackages.com\/fr\/#website","url":"https:\/\/egytourpackages.com\/fr\/","name":"Egy tour packages","description":"","publisher":{"@id":"https:\/\/egytourpackages.com\/fr\/#organization"},"potentialAction":[{"@type":"SearchAction","target":{"@type":"EntryPoint","urlTemplate":"https:\/\/egytourpackages.com\/fr\/?s={search_term_string}"},"query-input":{"@type":"PropertyValueSpecification","valueRequired":true,"valueName":"search_term_string"}}],"inLanguage":"fr-FR"},{"@type":["Organization","Place","TravelAgency"],"@id":"https:\/\/egytourpackages.com\/fr\/#organization","name":"egypt tour packages","alternateName":"egypt tour packages","url":"https:\/\/egytourpackages.com\/fr\/","logo":{"@id":"https:\/\/egytourpackages.com\/fr\/tours\/abou-simbel-au-depart-dassouan-en-bus\/#local-main-organization-logo"},"image":{"@id":"https:\/\/egytourpackages.com\/fr\/tours\/abou-simbel-au-depart-dassouan-en-bus\/#local-main-organization-logo"},"sameAs":["https:\/\/www.facebook.com\/egytourpackages"],"legalName":"Egy tour packages","address":{"@id":"https:\/\/egytourpackages.com\/fr\/tours\/abou-simbel-au-depart-dassouan-en-bus\/#local-main-place-address"},"telephone":["00201000852186","00201028685533"],"contactPoint":{"@type":"ContactPoint","telephone":"00201000852186"},"openingHoursSpecification":[{"@type":"OpeningHoursSpecification","dayOfWeek":["Monday","Tuesday","Wednesday","Thursday","Friday","Saturday","Sunday"],"opens":"00:00","closes":"23:59"}],"email":"info@egytourpackages.com","areaServed":"Cairo, Hurghada, Luxor, Sharm El Sheikh, Marsa Alam, Aswan","priceRange":"$","currenciesAccepted":"euro","paymentAccepted":"Payment links online"},{"@type":"PostalAddress","@id":"https:\/\/egytourpackages.com\/fr\/tours\/abou-simbel-au-depart-dassouan-en-bus\/#local-main-place-address","streetAddress":"Mubarak 8, Al Kawthar District, Hurghada","addressLocality":"Hurghada","postalCode":"84511","addressRegion":"Red Sea","addressCountry":"EG"},{"@type":"ImageObject","inLanguage":"fr-FR","@id":"https:\/\/egytourpackages.com\/fr\/tours\/abou-simbel-au-depart-dassouan-en-bus\/#local-main-organization-logo","url":"https:\/\/egytourpackages.com\/wp-content\/uploads\/2025\/12\/Turquoise-Dahabiya-Nile-Cruise-1.jpeg","contentUrl":"https:\/\/egytourpackages.com\/wp-content\/uploads\/2025\/12\/Turquoise-Dahabiya-Nile-Cruise-1.jpeg","width":1040,"height":694,"caption":"egypt tour packages"}]},"product_brand":"Excursions Assouan","product_price_currency":"EUR","og_availability":"instock","product_availability":"instock","product_retailer_item_id":"ADT01","product_condition":"new","geo.placename":"Hurghada","geo.region":"\u00c9gypte"},"_links":{"self":[{"href":"https:\/\/egytourpackages.com\/fr\/wp-json\/wp\/v2\/product\/8554","targetHints":{"allow":["GET"]}}],"collection":[{"href":"https:\/\/egytourpackages.com\/fr\/wp-json\/wp\/v2\/product"}],"about":[{"href":"https:\/\/egytourpackages.com\/fr\/wp-json\/wp\/v2\/types\/product"}],"replies":[{"embeddable":true,"href":"https:\/\/egytourpackages.com\/fr\/wp-json\/wp\/v2\/comments?post=8554"}],"wp:featuredmedia":[{"embeddable":true,"href":"https:\/\/egytourpackages.com\/fr\/wp-json\/wp\/v2\/media\/8555"}],"wp:attachment":[{"href":"https:\/\/egytourpackages.com\/fr\/wp-json\/wp\/v2\/media?parent=8554"}],"wp:term":[{"taxonomy":"product_brand","embeddable":true,"href":"https:\/\/egytourpackages.com\/fr\/wp-json\/wp\/v2\/product_brand?post=8554"},{"taxonomy":"product_cat","embeddable":true,"href":"https:\/\/egytourpackages.com\/fr\/wp-json\/wp\/v2\/product_cat?post=8554"},{"taxonomy":"product_tag","embeddable":true,"href":"https:\/\/egytourpackages.com\/fr\/wp-json\/wp\/v2\/product_tag?post=8554"}],"curies":[{"name":"wp","href":"https:\/\/api.w.org\/{rel}","templated":true}]}}