{"id":9683,"date":"2023-08-25T13:03:52","date_gmt":"2023-08-25T13:03:52","guid":{"rendered":"https:\/\/egytourpackages.com\/product\/excursion-a-denderah-et-abydos-au-depart-de-louxor\/"},"modified":"2026-01-09T11:31:56","modified_gmt":"2026-01-09T11:31:56","slug":"excursion-a-denderah-et-abydos-au-depart-de-louxor","status":"publish","type":"product","link":"https:\/\/egytourpackages.com\/fr\/tours\/excursion-a-denderah-et-abydos-au-depart-de-louxor\/","title":{"rendered":"Excursion \u00e0 Dend\u00e9rah et Abydos au D\u00e9part de Louxor"},"content":{"rendered":"<p><span style=\"color: #ff6600;\"><strong>Excursion \u00e0 Dend\u00e9rah et Abydos au D\u00e9part de Louxor: Temples Pharaoniques<\/strong><\/span><\/p>\n<p><strong>R\u00e9servez<\/strong> votre <strong>excursion enrichissante \u00e0 Dend\u00e9rah et Abydos au d\u00e9part de Louxor<\/strong> et explorez deux des plus <strong>beaux temples pharaoniques<\/strong> lors de vos <strong>excursions d&rsquo;une journ\u00e9e \u00e0 Louxor<\/strong>. Cette <strong>visite compl\u00e8te de Louxor \u00e0 Dend\u00e9rah et Abydos<\/strong> offre une occasion unique d&rsquo;explorer des temples rarement inclus dans les itin\u00e9raires standard.<\/p>\n<p>Votre <strong>visite priv\u00e9e de Dend\u00e9rah et Abydos au d\u00e9part de Louxor<\/strong> commencera par une visite du magnifique <strong>Temple d&rsquo;Hathor \u00e0 Dend\u00e9rah\/Louxor<\/strong>, r\u00e9put\u00e9 pour son <strong>plafond astronomique vibrant<\/strong> et la repr\u00e9sentation de <strong>Cl\u00e9op\u00e2tre VII<\/strong>.<\/p>\n<p>Ensuite, vous vous aventurerez dans la <strong>ville sacr\u00e9e d&rsquo;Abydos<\/strong> pour explorer la profonde <strong>visite du Temple d&rsquo;Abydos au d\u00e9part de Louxor<\/strong>, plus pr\u00e9cis\u00e9ment l&rsquo;impressionnant <strong>Temple de S\u00e9thi Ier<\/strong>, c\u00e9l\u00e8bre pour sa <strong>Liste des Rois<\/strong> complexe et ses superbes <strong>bas-reliefs<\/strong> en relief.<\/p>\n<p>Ce voyage <strong>d&rsquo;excursions Louxor Dend\u00e9rah Abydos<\/strong> d\u00e9voile l&rsquo;art et la profonde signification religieuse de l&rsquo;\u00c9gypte ancienne loin des foules, assurant une <strong>immersion historique<\/strong> vraiment inoubliable.<\/p>\n<h3><span style=\"color: #ff6600;\">D\u00e9tails du Tour<\/span><\/h3>\n<ul>\n<li>Dur\u00e9e: 1 Jour<\/li>\n<li>Lieu du voyage: Dend\u00e9rah \/ Abydos<\/li>\n<li>Disponibilit\u00e9 du tour: Tous les jours<\/li>\n<li>Prise en charge et retour: Votre H\u00f4tel \u00e0 Louxor<\/li>\n<li>Type de tour: Priv\u00e9<\/li>\n<li>Fauteuil roulant: Accessible<\/li>\n<\/ul>\n<h3><span style=\"color: #ff6600;\">Points Forts de l&rsquo;Excursion<\/span><\/h3>\n<ul>\n<li>Temple d&rsquo;Hathor \u00e0 Dend\u00e9rah<\/li>\n<li>Chapelle d&rsquo;Isis<\/li>\n<li>Cryptes de Dend\u00e9rah<\/li>\n<li>Temple de S\u00e9thi Ier \u00e0 Abydos<\/li>\n<li>Temple de l&rsquo;Osireion vu de l&rsquo;ext\u00e9rieur<\/li>\n<li>Temple de Rams\u00e8s II \u00e0 Abydos<\/li>\n<\/ul>\n<h3><span style=\"color: #ff6600;\">Inclus<\/span><\/h3>\n<ul>\n<li>Transfert aller-retour avec v\u00e9hicule moderne climatis\u00e9<\/li>\n<li>Guide \u00e9gyptologue<\/li>\n<li>Frais d&rsquo;entr\u00e9e pour toutes les visites<\/li>\n<li>D\u00e9jeuner dans un restaurant local \u00e0 Abydos<\/li>\n<\/ul>\n<h3><span style=\"color: #ff6600;\">Exclus<\/span><\/h3>\n<ul>\n<li>Boissons pendant le d\u00e9jeuner<\/li>\n<li>Pourboires<\/li>\n<\/ul>\n<h3><span style=\"color: #ff6600;\">Que Faut-il Emporter?<\/span><\/h3>\n<ul>\n<li>Chapeau, Lunettes de soleil et Cr\u00e8me solaire<\/li>\n<li>Chaussures et v\u00eatements confortables<\/li>\n<li>Monnaie pour vos d\u00e9penses personnelles<\/li>\n<\/ul>\n<h3><span style=\"color: #ff6600;\">Itin\u00e9raire<\/span><\/h3>\n<p>Votre journ\u00e9e commence apr\u00e8s la prise en charge \u00e0 votre h\u00f4tel \u00e0 Louxor et la route vers le <strong>Temple d&rsquo;Hathor<\/strong> \u00e0 <strong>Dend\u00e9rah<\/strong>. \u00c0 l&rsquo;arriv\u00e9e, \u00e9coutez votre guide vous raconter la <strong>Mythologie \u00e9gyptienne antique<\/strong>. Le <strong>Temple de Dend\u00e9rah<\/strong> est un <strong>point fort<\/strong> de votre <strong>visite de Louxor \u00e0 Dend\u00e9rah et Abydos<\/strong> car c&rsquo;est l&rsquo;un des complexes de temples les <strong>mieux conserv\u00e9s<\/strong> de toute l&rsquo;\u00c9gypte.<\/p>\n<p>En fait, ce temple est d\u00e9di\u00e9 \u00e0 la <strong>d\u00e9esse Hathor<\/strong>, la divinit\u00e9 de l&rsquo;amour, de la musique, de la joie et de la fertilit\u00e9. Le <strong>Temple de Dend\u00e9rah<\/strong> a commenc\u00e9 avec <strong>P\u00e9pi Ier<\/strong> de la Sixi\u00e8me Dynastie, <strong>Ancien Empire<\/strong>, puis <strong>Mentouhotep III<\/strong>, <strong>Thoutm\u00f4sis III<\/strong>, <strong>Nectan\u00e9bo II<\/strong> jusqu&rsquo;\u00e0 l&rsquo;<strong>\u00c9poque Romaine<\/strong>.<\/p>\n<p>De nombreux <strong>Empereurs Romains<\/strong> ont \u00e9galement ajout\u00e9 au temple, tels que <strong>Domitien<\/strong>, <strong>Trajan<\/strong>, <strong>Claude<\/strong>, <strong>N\u00e9ron<\/strong> et <strong>Tib\u00e8re<\/strong>. De plus, les reliefs du <strong>Temple d&rsquo;Hathor<\/strong> montrent des <strong>f\u00eates \u00e9gyptiennes antiques<\/strong>, notamment la <strong>Belle F\u00eate de la R\u00e9union<\/strong> entre <strong>Horus d&rsquo;Edfou<\/strong> et <strong>Hathor de Dend\u00e9rah<\/strong>.<\/p>\n<p>De plus, l&rsquo;ancien <strong>Jour de l&rsquo;An<\/strong>, ainsi que les <strong>Cryptes de Dend\u00e9rah<\/strong> et les <strong>Signes du Zodiaque<\/strong> sont parmi les points forts du temple lors des <strong>voyages en \u00c9gypte<\/strong>. Le <strong>Temple de Dend\u00e9rah<\/strong> poss\u00e8de \u00e9galement <strong>14 cryptes souterraines<\/strong> avec le c\u00e9l\u00e8bre motif de l&rsquo;<strong>Ampoule de Dend\u00e9rah<\/strong>. En outre, <strong>Dend\u00e9rah<\/strong> est unique pour sa repr\u00e9sentation pro\u00e9minente de <strong>Cl\u00e9op\u00e2tre VII<\/strong> et de son fils <strong>C\u00e9sarion<\/strong> sur l&rsquo;un de ses murs ext\u00e9rieurs.<\/p>\n<p>\u00c0 la fin de votre visite, vous aurez du <strong>temps libre<\/strong> pour prendre des photos avant que nous vous conduisions \u00e0 la prochaine \u00e9tape, le <strong>Temple de S\u00e9thi Ier<\/strong>.<\/p>\n<h3><span style=\"color: #ff6600;\">Temple d&rsquo;Abydos<\/span><\/h3>\n<p>Apr\u00e8s un court trajet vers le <strong>Temple d&rsquo;Abydos<\/strong>, vous serez \u00e9merveill\u00e9 par la <strong>belle couleur<\/strong> du <strong>Temple d&rsquo;Abydos<\/strong> du <strong>Pharaon S\u00e9thi Ier<\/strong> lors de vos <strong>excursions d&rsquo;une journ\u00e9e en \u00c9gypte<\/strong>. La <strong>visite du Temple d&rsquo;Abydos au d\u00e9part de Louxor<\/strong> se concentre principalement sur le magnifique <strong>Temple de S\u00e9thi Ier<\/strong>, un <strong>chef-d&rsquo;\u0153uvre du Nouvel Empire<\/strong> et un point fort de toute <strong>visite compl\u00e8te de Louxor \u00e0 Dend\u00e9rah et Abydos<\/strong>.<\/p>\n<p>En fait, <strong>Abydos<\/strong> \u00e9tait le principal <strong>centre de culte du dieu Osiris<\/strong>, consid\u00e9r\u00e9 comme son <strong>lieu de s\u00e9pulture<\/strong>, ce qui en faisait une destination de <strong>p\u00e8lerinage essentielle<\/strong> pour les anciens \u00c9gyptiens cherchant des b\u00e9n\u00e9dictions pour l&rsquo;<strong>au-del\u00e0<\/strong>. Explorez les <strong>7 sanctuaires<\/strong> d\u00e9di\u00e9s \u00e0 <strong>Horus<\/strong>, <strong>Isis<\/strong>, <strong>Osiris<\/strong>, <strong>Ptah<\/strong>, <strong>R\u00ea-Horakhty<\/strong>, <strong>Amon-R\u00ea<\/strong>, ainsi qu&rsquo;un \u00e0 <strong>S\u00e9thi<\/strong> lui-m\u00eame. De plus, une caract\u00e9ristique cl\u00e9 \u00e0 l&rsquo;int\u00e9rieur du temple est la c\u00e9l\u00e8bre <strong>Liste des Rois d&rsquo;Abydos<\/strong> avec les cartouches de <strong>76 rois<\/strong> de la <strong>p\u00e9riode pr\u00e9dynastique<\/strong>, de <strong>M\u00e9n\u00e8s<\/strong> jusqu&rsquo;\u00e0 <strong>S\u00e9thi<\/strong> lui-m\u00eame.<\/p>\n<p>Au-del\u00e0 du temple principal, vous explorerez \u00e9galement l&rsquo;\u00e9nigmatique <strong>Osireion<\/strong>, une <strong>structure m\u00e9galithique souterraine<\/strong> unique situ\u00e9e derri\u00e8re le temple de S\u00e9thi Ier, consid\u00e9r\u00e9e comme une <strong>tombe symbolique pour Osiris<\/strong> lui-m\u00eame.<\/p>\n<p>Cette <strong>visite priv\u00e9e de Dend\u00e9rah et Abydos au d\u00e9part de Louxor<\/strong> offre une <strong>exp\u00e9rience tranquille<\/strong> et profond\u00e9ment <strong>spirituelle<\/strong>, vous permettant de vous connecter aux <strong>racines des croyances \u00e9gyptiennes antiques<\/strong>. \u00c0 la fin de vos <strong>excursions en \u00c9gypte \u00e0 Dend\u00e9rah et Abydos<\/strong>, nous vous ram\u00e8nerons \u00e0 votre h\u00f4tel \u00e0 Louxor.<\/p>\n<h3><span style=\"color: #ff6600;\">Prix de l&rsquo;Excursion d&rsquo;une Journ\u00e9e \u00e0 Dend\u00e9rah et Abydos au D\u00e9part de Louxor<\/span><\/h3>\n<ul>\n<li>Prix Adulte = 100 \u20ac\u200e<\/li>\n<li>Enfants 0-5 ans = gratuit<\/li>\n<li>Enfants 5-11 ans = 50% du prix adulte<\/li>\n<\/ul>\n<h3><span style=\"color: #ff6600;\">R\u00e9servation<\/span><\/h3>\n<p>Vous pouvez r\u00e9server votre tour via WhatsApp ou nous envoyer un E-mail et vous recevrez la confirmation sur place.<\/p>\n<p>Veuillez nous envoyer le nom de votre h\u00f4tel, le num\u00e9ro de chambre et les copies de votre passeport.<\/p>\n<p>WhatsApp: +201000852186<\/p>\n<p>info@egytourpackages.com<\/p>\n<h3><span style=\"color: #ff6600;\">R\u00e9servez Maintenant et Payez sur Place <\/span><\/h3>\n<p>R\u00e9servez votre tour pr\u00e9f\u00e9r\u00e9 et payez le jour du voyage.<\/p>\n<h3><span style=\"color: #ff6600;\">Paiement<\/span><\/h3>\n<p>Vous pouvez payer en livres \u00e9gyptiennes, $, \u20ac\u200e ou \u00a3.<\/p>\n<h3><span style=\"color: #ff6600;\">Politique d&rsquo;Annulation<\/span><\/h3>\n<ul>\n<li>L&rsquo;annulation est gratuite jusqu&rsquo;\u00e0 24 heures \u00e0 l&rsquo;avance.<\/li>\n<li>L&rsquo;annulation le matin est de 50 % du prix.<\/li>\n<\/ul>\n","protected":false},"excerpt":{"rendered":"<p>Excursion \u00e0 Dend\u00e9rah et Abydos au D\u00e9part de Louxor. Visitez les Temples d&rsquo;Hathor et de S\u00e9thi Ier. D\u00e9couvrez la Liste des Rois et Cl\u00e9op\u00e2tre VII avec un guide<\/p>\n","protected":false},"featured_media":9684,"comment_status":"open","ping_status":"closed","template":"","meta":[],"product_brand":[],"product_cat":[3124],"product_tag":[3334,3335],"class_list":{"0":"post-9683","1":"product","2":"type-product","3":"status-publish","4":"has-post-thumbnail","6":"product_cat-tours-fr","7":"product_tag-temple-dabydos","8":"product_tag-temple-de-dendera","9":"tour_category-excursions-en-egypte-fr","10":"tour_category-excursions-louxor-fr","12":"first","13":"instock","14":"sale","15":"shipping-taxable","16":"purchasable","17":"product-type-tour","18":"has-default-attributes"},"yoast_head":"<!-- This site is optimized with the Yoast SEO Premium plugin v27.4 (Yoast SEO v27.4) - https:\/\/yoast.com\/product\/yoast-seo-premium-wordpress\/ -->\n<title>Excursion \u00e0 Dend\u00e9rah et Abydos au D\u00e9part de Louxor<\/title>\n<meta name=\"description\" content=\"Excursion \u00e0 Dend\u00e9rah et Abydos au D\u00e9part de Louxor. Visitez les Temples d&#039;Hathor et de S\u00e9thi Ier. D\u00e9couvrez la Liste des Rois et Cl\u00e9op\u00e2tre VII avec un guide\" \/>\n<meta name=\"robots\" content=\"index, follow, max-snippet:-1, max-image-preview:large, max-video-preview:-1\" \/>\n<link rel=\"canonical\" href=\"https:\/\/egytourpackages.com\/fr\/tours\/excursion-a-denderah-et-abydos-au-depart-de-louxor\/\" \/>\n<meta property=\"og:locale\" content=\"fr_FR\" \/>\n<meta property=\"og:type\" content=\"article\" \/>\n<meta property=\"og:title\" content=\"Excursion \u00e0 Dend\u00e9rah et Abydos au D\u00e9part de Louxor\" \/>\n<meta property=\"og:description\" content=\"Excursion \u00e0 Dend\u00e9rah et Abydos au D\u00e9part de Louxor. Visitez les Temples d&#039;Hathor et de S\u00e9thi Ier. D\u00e9couvrez la Liste des Rois et Cl\u00e9op\u00e2tre VII avec un guide\" \/>\n<meta property=\"og:url\" content=\"https:\/\/egytourpackages.com\/fr\/tours\/excursion-a-denderah-et-abydos-au-depart-de-louxor\/\" \/>\n<meta property=\"og:site_name\" content=\"Egypt Tour Packages\" \/>\n<meta property=\"article:publisher\" content=\"https:\/\/www.facebook.com\/egytourpackages\" \/>\n<meta property=\"article:modified_time\" content=\"2026-01-09T11:31:56+00:00\" \/>\n<meta property=\"og:image\" content=\"https:\/\/egytourpackages.com\/wp-content\/uploads\/2023\/08\/Dendera-temple-Qena-1024x768.jpg\" \/>\n<meta name=\"twitter:card\" content=\"summary_large_image\" \/>\n<meta name=\"twitter:title\" content=\"Excursion \u00e0 Dend\u00e9rah et Abydos au D\u00e9part de Louxor\" \/>\n<meta name=\"twitter:description\" content=\"Excursion \u00e0 Dend\u00e9rah et Abydos au D\u00e9part de Louxor. Visitez les Temples d&#039;Hathor et de S\u00e9thi Ier. D\u00e9couvrez la Liste des Rois et Cl\u00e9op\u00e2tre VII avec un guide\" \/>\n<meta name=\"twitter:image\" content=\"https:\/\/egytourpackages.com\/wp-content\/uploads\/2023\/08\/Dendera-temple-Qena-1024x768.jpg\" \/>\n<meta name=\"twitter:label1\" content=\"Prix\" \/>\n\t<meta name=\"twitter:data1\" content=\"&euro;100\" \/>\n\t<meta name=\"twitter:label2\" content=\"Disponibilit\u00e9\" \/>\n\t<meta name=\"twitter:data2\" content=\"En stock\" \/>\n<script type=\"application\/ld+json\" class=\"yoast-schema-graph\">{\"@context\":\"https:\\\/\\\/schema.org\",\"@graph\":[{\"@type\":\"WebPage\",\"@id\":\"https:\\\/\\\/egytourpackages.com\\\/fr\\\/tours\\\/excursion-a-denderah-et-abydos-au-depart-de-louxor\\\/\",\"url\":\"https:\\\/\\\/egytourpackages.com\\\/fr\\\/tours\\\/excursion-a-denderah-et-abydos-au-depart-de-louxor\\\/\",\"name\":\"Excursion \u00e0 Dend\u00e9rah et Abydos au D\u00e9part de Louxor\",\"isPartOf\":{\"@id\":\"https:\\\/\\\/egytourpackages.com\\\/fr\\\/#website\"},\"primaryImageOfPage\":{\"@id\":\"https:\\\/\\\/egytourpackages.com\\\/fr\\\/tours\\\/excursion-a-denderah-et-abydos-au-depart-de-louxor\\\/#primaryimage\"},\"image\":{\"@id\":\"https:\\\/\\\/egytourpackages.com\\\/fr\\\/tours\\\/excursion-a-denderah-et-abydos-au-depart-de-louxor\\\/#primaryimage\"},\"thumbnailUrl\":\"https:\\\/\\\/egytourpackages.com\\\/wp-content\\\/uploads\\\/2023\\\/08\\\/Dendera-temple-Qena.jpg\",\"datePublished\":\"2023-08-25T13:03:52+00:00\",\"dateModified\":\"2026-01-09T11:31:56+00:00\",\"description\":\"Excursion \u00e0 Dend\u00e9rah et Abydos au D\u00e9part de Louxor. Visitez les Temples d'Hathor et de S\u00e9thi Ier. D\u00e9couvrez la Liste des Rois et Cl\u00e9op\u00e2tre VII avec un guide\",\"breadcrumb\":{\"@id\":\"https:\\\/\\\/egytourpackages.com\\\/fr\\\/tours\\\/excursion-a-denderah-et-abydos-au-depart-de-louxor\\\/#breadcrumb\"},\"inLanguage\":\"fr-FR\",\"potentialAction\":[{\"@type\":\"ReadAction\",\"target\":[\"https:\\\/\\\/egytourpackages.com\\\/fr\\\/tours\\\/excursion-a-denderah-et-abydos-au-depart-de-louxor\\\/\"]}]},{\"@type\":\"ImageObject\",\"inLanguage\":\"fr-FR\",\"@id\":\"https:\\\/\\\/egytourpackages.com\\\/fr\\\/tours\\\/excursion-a-denderah-et-abydos-au-depart-de-louxor\\\/#primaryimage\",\"url\":\"https:\\\/\\\/egytourpackages.com\\\/wp-content\\\/uploads\\\/2023\\\/08\\\/Dendera-temple-Qena.jpg\",\"contentUrl\":\"https:\\\/\\\/egytourpackages.com\\\/wp-content\\\/uploads\\\/2023\\\/08\\\/Dendera-temple-Qena.jpg\",\"width\":2000,\"height\":1500,\"caption\":\"Temple de Dendera, Qena\"},{\"@type\":\"BreadcrumbList\",\"@id\":\"https:\\\/\\\/egytourpackages.com\\\/fr\\\/tours\\\/excursion-a-denderah-et-abydos-au-depart-de-louxor\\\/#breadcrumb\",\"itemListElement\":[{\"@type\":\"ListItem\",\"position\":1,\"name\":\"Home\",\"item\":\"https:\\\/\\\/egytourpackages.com\\\/fr\\\/circuits-en-egypte\\\/\"},{\"@type\":\"ListItem\",\"position\":2,\"name\":\"Shop\",\"item\":\"https:\\\/\\\/egytourpackages.com\\\/shop\\\/\"},{\"@type\":\"ListItem\",\"position\":3,\"name\":\"Excursion \u00e0 Dend\u00e9rah et Abydos au D\u00e9part de Louxor\"}]},{\"@type\":\"WebSite\",\"@id\":\"https:\\\/\\\/egytourpackages.com\\\/fr\\\/#website\",\"url\":\"https:\\\/\\\/egytourpackages.com\\\/fr\\\/\",\"name\":\"Egy tour packages\",\"description\":\"\",\"publisher\":{\"@id\":\"https:\\\/\\\/egytourpackages.com\\\/fr\\\/#organization\"},\"potentialAction\":[{\"@type\":\"SearchAction\",\"target\":{\"@type\":\"EntryPoint\",\"urlTemplate\":\"https:\\\/\\\/egytourpackages.com\\\/fr\\\/?s={search_term_string}\"},\"query-input\":{\"@type\":\"PropertyValueSpecification\",\"valueRequired\":true,\"valueName\":\"search_term_string\"}}],\"inLanguage\":\"fr-FR\"},{\"@type\":[\"Organization\",\"Place\",\"TravelAgency\"],\"@id\":\"https:\\\/\\\/egytourpackages.com\\\/fr\\\/#organization\",\"name\":\"egypt tour packages\",\"alternateName\":\"egypt tour packages\",\"url\":\"https:\\\/\\\/egytourpackages.com\\\/fr\\\/\",\"logo\":{\"@id\":\"https:\\\/\\\/egytourpackages.com\\\/fr\\\/tours\\\/excursion-a-denderah-et-abydos-au-depart-de-louxor\\\/#local-main-organization-logo\"},\"image\":{\"@id\":\"https:\\\/\\\/egytourpackages.com\\\/fr\\\/tours\\\/excursion-a-denderah-et-abydos-au-depart-de-louxor\\\/#local-main-organization-logo\"},\"sameAs\":[\"https:\\\/\\\/www.facebook.com\\\/egytourpackages\"],\"legalName\":\"Egy tour packages\",\"address\":{\"@id\":\"https:\\\/\\\/egytourpackages.com\\\/fr\\\/tours\\\/excursion-a-denderah-et-abydos-au-depart-de-louxor\\\/#local-main-place-address\"},\"telephone\":[\"00201000852186\",\"00201028685533\"],\"contactPoint\":{\"@type\":\"ContactPoint\",\"telephone\":\"00201000852186\"},\"openingHoursSpecification\":[{\"@type\":\"OpeningHoursSpecification\",\"dayOfWeek\":[\"Monday\",\"Tuesday\",\"Wednesday\",\"Thursday\",\"Friday\",\"Saturday\",\"Sunday\"],\"opens\":\"00:00\",\"closes\":\"23:59\"}],\"email\":\"info@egytourpackages.com\",\"areaServed\":\"Cairo, Hurghada, Luxor, Sharm El Sheikh, Marsa Alam, Aswan\",\"priceRange\":\"$\",\"currenciesAccepted\":\"euro\",\"paymentAccepted\":\"Payment links online\"},{\"@type\":\"PostalAddress\",\"@id\":\"https:\\\/\\\/egytourpackages.com\\\/fr\\\/tours\\\/excursion-a-denderah-et-abydos-au-depart-de-louxor\\\/#local-main-place-address\",\"streetAddress\":\"Mubarak 8, Al Kawthar District, Hurghada\",\"addressLocality\":\"Hurghada\",\"postalCode\":\"84511\",\"addressRegion\":\"Red Sea\",\"addressCountry\":\"EG\"},{\"@type\":\"ImageObject\",\"inLanguage\":\"fr-FR\",\"@id\":\"https:\\\/\\\/egytourpackages.com\\\/fr\\\/tours\\\/excursion-a-denderah-et-abydos-au-depart-de-louxor\\\/#local-main-organization-logo\",\"url\":\"https:\\\/\\\/egytourpackages.com\\\/wp-content\\\/uploads\\\/2025\\\/12\\\/Turquoise-Dahabiya-Nile-Cruise-1.jpeg\",\"contentUrl\":\"https:\\\/\\\/egytourpackages.com\\\/wp-content\\\/uploads\\\/2025\\\/12\\\/Turquoise-Dahabiya-Nile-Cruise-1.jpeg\",\"width\":1040,\"height\":694,\"caption\":\"egypt tour packages\"}]}<\/script>\n<meta property=\"product:brand\" content=\"Excursions en \u00c9gypte\" \/>\n<meta property=\"product:price:amount\" content=\"100\" \/>\n<meta property=\"product:price:currency\" content=\"EUR\" \/>\n<meta property=\"og:availability\" content=\"instock\" \/>\n<meta property=\"product:availability\" content=\"instock\" \/>\n<meta property=\"product:retailer_item_id\" content=\"LDT01\" \/>\n<meta property=\"product:condition\" content=\"new\" \/>\n<meta name=\"geo.placename\" content=\"Hurghada\" \/>\n<meta name=\"geo.region\" content=\"\u00c9gypte\" \/>\n<!-- \/ Yoast SEO Premium plugin. -->","yoast_head_json":{"title":"Excursion \u00e0 Dend\u00e9rah et Abydos au D\u00e9part de Louxor","description":"Excursion \u00e0 Dend\u00e9rah et Abydos au D\u00e9part de Louxor. Visitez les Temples d'Hathor et de S\u00e9thi Ier. D\u00e9couvrez la Liste des Rois et Cl\u00e9op\u00e2tre VII avec un guide","robots":{"index":"index","follow":"follow","max-snippet":"max-snippet:-1","max-image-preview":"max-image-preview:large","max-video-preview":"max-video-preview:-1"},"canonical":"https:\/\/egytourpackages.com\/fr\/tours\/excursion-a-denderah-et-abydos-au-depart-de-louxor\/","og_locale":"fr_FR","og_type":"article","og_title":"Excursion \u00e0 Dend\u00e9rah et Abydos au D\u00e9part de Louxor","og_description":"Excursion \u00e0 Dend\u00e9rah et Abydos au D\u00e9part de Louxor. Visitez les Temples d'Hathor et de S\u00e9thi Ier. D\u00e9couvrez la Liste des Rois et Cl\u00e9op\u00e2tre VII avec un guide","og_url":"https:\/\/egytourpackages.com\/fr\/tours\/excursion-a-denderah-et-abydos-au-depart-de-louxor\/","og_site_name":"Egypt Tour Packages","article_publisher":"https:\/\/www.facebook.com\/egytourpackages","article_modified_time":"2026-01-09T11:31:56+00:00","og_image":[{"url":"https:\/\/egytourpackages.com\/wp-content\/uploads\/2023\/08\/Dendera-temple-Qena-1024x768.jpg","type":"","width":"","height":""}],"twitter_card":"summary_large_image","twitter_title":"Excursion \u00e0 Dend\u00e9rah et Abydos au D\u00e9part de Louxor","twitter_description":"Excursion \u00e0 Dend\u00e9rah et Abydos au D\u00e9part de Louxor. Visitez les Temples d'Hathor et de S\u00e9thi Ier. D\u00e9couvrez la Liste des Rois et Cl\u00e9op\u00e2tre VII avec un guide","twitter_image":"https:\/\/egytourpackages.com\/wp-content\/uploads\/2023\/08\/Dendera-temple-Qena-1024x768.jpg","twitter_misc":{"Prix":"&euro;100","Disponibilit\u00e9":"En stock"},"schema":{"@context":"https:\/\/schema.org","@graph":[{"@type":"WebPage","@id":"https:\/\/egytourpackages.com\/fr\/tours\/excursion-a-denderah-et-abydos-au-depart-de-louxor\/","url":"https:\/\/egytourpackages.com\/fr\/tours\/excursion-a-denderah-et-abydos-au-depart-de-louxor\/","name":"Excursion \u00e0 Dend\u00e9rah et Abydos au D\u00e9part de Louxor","isPartOf":{"@id":"https:\/\/egytourpackages.com\/fr\/#website"},"primaryImageOfPage":{"@id":"https:\/\/egytourpackages.com\/fr\/tours\/excursion-a-denderah-et-abydos-au-depart-de-louxor\/#primaryimage"},"image":{"@id":"https:\/\/egytourpackages.com\/fr\/tours\/excursion-a-denderah-et-abydos-au-depart-de-louxor\/#primaryimage"},"thumbnailUrl":"https:\/\/egytourpackages.com\/wp-content\/uploads\/2023\/08\/Dendera-temple-Qena.jpg","datePublished":"2023-08-25T13:03:52+00:00","dateModified":"2026-01-09T11:31:56+00:00","description":"Excursion \u00e0 Dend\u00e9rah et Abydos au D\u00e9part de Louxor. Visitez les Temples d'Hathor et de S\u00e9thi Ier. D\u00e9couvrez la Liste des Rois et Cl\u00e9op\u00e2tre VII avec un guide","breadcrumb":{"@id":"https:\/\/egytourpackages.com\/fr\/tours\/excursion-a-denderah-et-abydos-au-depart-de-louxor\/#breadcrumb"},"inLanguage":"fr-FR","potentialAction":[{"@type":"ReadAction","target":["https:\/\/egytourpackages.com\/fr\/tours\/excursion-a-denderah-et-abydos-au-depart-de-louxor\/"]}]},{"@type":"ImageObject","inLanguage":"fr-FR","@id":"https:\/\/egytourpackages.com\/fr\/tours\/excursion-a-denderah-et-abydos-au-depart-de-louxor\/#primaryimage","url":"https:\/\/egytourpackages.com\/wp-content\/uploads\/2023\/08\/Dendera-temple-Qena.jpg","contentUrl":"https:\/\/egytourpackages.com\/wp-content\/uploads\/2023\/08\/Dendera-temple-Qena.jpg","width":2000,"height":1500,"caption":"Temple de Dendera, Qena"},{"@type":"BreadcrumbList","@id":"https:\/\/egytourpackages.com\/fr\/tours\/excursion-a-denderah-et-abydos-au-depart-de-louxor\/#breadcrumb","itemListElement":[{"@type":"ListItem","position":1,"name":"Home","item":"https:\/\/egytourpackages.com\/fr\/circuits-en-egypte\/"},{"@type":"ListItem","position":2,"name":"Shop","item":"https:\/\/egytourpackages.com\/shop\/"},{"@type":"ListItem","position":3,"name":"Excursion \u00e0 Dend\u00e9rah et Abydos au D\u00e9part de Louxor"}]},{"@type":"WebSite","@id":"https:\/\/egytourpackages.com\/fr\/#website","url":"https:\/\/egytourpackages.com\/fr\/","name":"Egy tour packages","description":"","publisher":{"@id":"https:\/\/egytourpackages.com\/fr\/#organization"},"potentialAction":[{"@type":"SearchAction","target":{"@type":"EntryPoint","urlTemplate":"https:\/\/egytourpackages.com\/fr\/?s={search_term_string}"},"query-input":{"@type":"PropertyValueSpecification","valueRequired":true,"valueName":"search_term_string"}}],"inLanguage":"fr-FR"},{"@type":["Organization","Place","TravelAgency"],"@id":"https:\/\/egytourpackages.com\/fr\/#organization","name":"egypt tour packages","alternateName":"egypt tour packages","url":"https:\/\/egytourpackages.com\/fr\/","logo":{"@id":"https:\/\/egytourpackages.com\/fr\/tours\/excursion-a-denderah-et-abydos-au-depart-de-louxor\/#local-main-organization-logo"},"image":{"@id":"https:\/\/egytourpackages.com\/fr\/tours\/excursion-a-denderah-et-abydos-au-depart-de-louxor\/#local-main-organization-logo"},"sameAs":["https:\/\/www.facebook.com\/egytourpackages"],"legalName":"Egy tour packages","address":{"@id":"https:\/\/egytourpackages.com\/fr\/tours\/excursion-a-denderah-et-abydos-au-depart-de-louxor\/#local-main-place-address"},"telephone":["00201000852186","00201028685533"],"contactPoint":{"@type":"ContactPoint","telephone":"00201000852186"},"openingHoursSpecification":[{"@type":"OpeningHoursSpecification","dayOfWeek":["Monday","Tuesday","Wednesday","Thursday","Friday","Saturday","Sunday"],"opens":"00:00","closes":"23:59"}],"email":"info@egytourpackages.com","areaServed":"Cairo, Hurghada, Luxor, Sharm El Sheikh, Marsa Alam, Aswan","priceRange":"$","currenciesAccepted":"euro","paymentAccepted":"Payment links online"},{"@type":"PostalAddress","@id":"https:\/\/egytourpackages.com\/fr\/tours\/excursion-a-denderah-et-abydos-au-depart-de-louxor\/#local-main-place-address","streetAddress":"Mubarak 8, Al Kawthar District, Hurghada","addressLocality":"Hurghada","postalCode":"84511","addressRegion":"Red Sea","addressCountry":"EG"},{"@type":"ImageObject","inLanguage":"fr-FR","@id":"https:\/\/egytourpackages.com\/fr\/tours\/excursion-a-denderah-et-abydos-au-depart-de-louxor\/#local-main-organization-logo","url":"https:\/\/egytourpackages.com\/wp-content\/uploads\/2025\/12\/Turquoise-Dahabiya-Nile-Cruise-1.jpeg","contentUrl":"https:\/\/egytourpackages.com\/wp-content\/uploads\/2025\/12\/Turquoise-Dahabiya-Nile-Cruise-1.jpeg","width":1040,"height":694,"caption":"egypt tour packages"}]},"product_brand":"Excursions en \u00c9gypte","product_price_amount":"100","product_price_currency":"EUR","og_availability":"instock","product_availability":"instock","product_retailer_item_id":"LDT01","product_condition":"new","geo.placename":"Hurghada","geo.region":"\u00c9gypte"},"_links":{"self":[{"href":"https:\/\/egytourpackages.com\/fr\/wp-json\/wp\/v2\/product\/9683","targetHints":{"allow":["GET"]}}],"collection":[{"href":"https:\/\/egytourpackages.com\/fr\/wp-json\/wp\/v2\/product"}],"about":[{"href":"https:\/\/egytourpackages.com\/fr\/wp-json\/wp\/v2\/types\/product"}],"replies":[{"embeddable":true,"href":"https:\/\/egytourpackages.com\/fr\/wp-json\/wp\/v2\/comments?post=9683"}],"wp:featuredmedia":[{"embeddable":true,"href":"https:\/\/egytourpackages.com\/fr\/wp-json\/wp\/v2\/media\/9684"}],"wp:attachment":[{"href":"https:\/\/egytourpackages.com\/fr\/wp-json\/wp\/v2\/media?parent=9683"}],"wp:term":[{"taxonomy":"product_brand","embeddable":true,"href":"https:\/\/egytourpackages.com\/fr\/wp-json\/wp\/v2\/product_brand?post=9683"},{"taxonomy":"product_cat","embeddable":true,"href":"https:\/\/egytourpackages.com\/fr\/wp-json\/wp\/v2\/product_cat?post=9683"},{"taxonomy":"product_tag","embeddable":true,"href":"https:\/\/egytourpackages.com\/fr\/wp-json\/wp\/v2\/product_tag?post=9683"}],"curies":[{"name":"wp","href":"https:\/\/api.w.org\/{rel}","templated":true}]}}