{"id":9685,"date":"2023-08-25T15:34:23","date_gmt":"2023-08-25T15:34:23","guid":{"rendered":"https:\/\/egytourpackages.com\/product\/visite-privee-du-temple-de-karnak-au-depart-de-louxor\/"},"modified":"2026-01-09T11:34:51","modified_gmt":"2026-01-09T11:34:51","slug":"visite-privee-du-temple-de-karnak-au-depart-de-louxor","status":"publish","type":"product","link":"https:\/\/egytourpackages.com\/fr\/tours\/visite-privee-du-temple-de-karnak-au-depart-de-louxor\/","title":{"rendered":"Visite Priv\u00e9e du Temple de Karnak au D\u00e9part de Louxor"},"content":{"rendered":"<p><span style=\"color: #ff6600;\"><strong>Visite Priv\u00e9e du Temple de Karnak au D\u00e9part de Louxor: Histoire et Mythologie<\/strong><\/span><\/p>\n<p>La <strong>visite priv\u00e9e \u00e0 Karnak au d\u00e9part de Louxor<\/strong> est une fa\u00e7on magnifique d&rsquo;exp\u00e9rimenter l&rsquo;<strong>architecture \u00e9gyptienne antique<\/strong> lors de vos <strong>excursions d&rsquo;une journ\u00e9e \u00e0 Louxor<\/strong>. Vous apprendrez \u00e9galement sur les <strong>Dieux de l&rsquo;\u00c9gypte antique<\/strong>, la <strong>Mythologie<\/strong> et la <strong>Religion \u00e9gyptienne ancienne<\/strong> avec <strong>Egypt tours<\/strong>.<\/p>\n<p>Parall\u00e8lement, vous d\u00e9couvrirez les grands <strong>Pharaons<\/strong> de l&rsquo;\u00c9gypte ancienne tels que <strong>Rams\u00e8s le Grand<\/strong>, <strong>Thoutm\u00f4sis III<\/strong>, <strong>Toutankhamon<\/strong>, <strong>S\u00e9thi Ier<\/strong>, <strong>Hatchepsout<\/strong> et <strong>Amenhotep III<\/strong>. De plus, le temple \u00e9tait d\u00e9di\u00e9 \u00e0 <strong>Amon<\/strong>, \u00e0 son \u00e9pouse <strong>Mout<\/strong> et \u00e0 leur fils <strong>Khonsou<\/strong> lors de nos <strong>excursions d&rsquo;une journ\u00e9e en \u00c9gypte<\/strong>.<\/p>\n<h3><span style=\"color: #ff6600;\">D\u00e9tails de l&rsquo;Excursion<\/span><\/h3>\n<ul>\n<li>Dur\u00e9e: Demi-journ\u00e9e<\/li>\n<li>Lieu de la visite: Rive Est de Louxor<\/li>\n<li>Disponibilit\u00e9 de l\u2019excursion: Tous les jours<\/li>\n<li>Prise en charge et retour: Votre H\u00f4tel \u00e0 Louxor ou Croisi\u00e8re sur le Nil<\/li>\n<li>Type de tour: Priv\u00e9<\/li>\n<li>Fauteuil roulant: Accessible<\/li>\n<\/ul>\n<h3><span style=\"color: #ff6600;\">Points Forts de la Visite<\/span><\/h3>\n<ul>\n<li>Complexe du Temple de Karnak<\/li>\n<\/ul>\n<h3><span style=\"color: #ff6600;\">Inclus<\/span><\/h3>\n<ul>\n<li>Transfert aller-retour avec v\u00e9hicule priv\u00e9 neuf<\/li>\n<li>Guide \u00e9gyptologue expert<\/li>\n<li>Frais d&rsquo;entr\u00e9e pour le Temple de Karnak<\/li>\n<\/ul>\n<h3><span style=\"color: #ff6600;\">Exclus<\/span><\/h3>\n<ul>\n<li>Pourboires<\/li>\n<\/ul>\n<h3><span style=\"color: #ff6600;\">Que Faut-il Emporter?<\/span><\/h3>\n<ul>\n<li>Chapeau, Lunettes de soleil et Cr\u00e8me solaire<\/li>\n<li>Chaussures et v\u00eatements confortables<\/li>\n<\/ul>\n<h2><span style=\"color: #ff6600;\">Itin\u00e9raire<\/span><\/h2>\n<p>\u00c0 l&rsquo;heure convenue, votre <strong>guide \u00e9gyptologue priv\u00e9<\/strong> vous accueillera dans le hall de votre h\u00f4tel \u00e0 Louxor, pr\u00eat \u00e0 commencer votre <strong>excursion d&rsquo;une journ\u00e9e \u00e0 Louxor<\/strong> inoubliable vers le <strong>Complexe du Temple de Karnak<\/strong>, l&rsquo;une des <strong>meilleures choses \u00e0 faire \u00e0 Louxor<\/strong>.<\/p>\n<p>Ce vaste <strong>temple \u00e9gyptien antique<\/strong>, souvent consid\u00e9r\u00e9 comme le <strong>plus grand site religieux du monde<\/strong>, offre un aper\u00e7u in\u00e9gal\u00e9 de la <strong>civilisation \u00e9gyptienne ancienne<\/strong> et de l&rsquo;<strong>histoire de l&rsquo;\u00c9gypte ancienne<\/strong>. Votre guide expert vous conduira lors d&rsquo;une <strong>visite compl\u00e8te du Temple de Karnak<\/strong>, en mettant en lumi\u00e8re les zones cl\u00e9s au sein de ce <strong>site monumental class\u00e9 au patrimoine mondial de l&rsquo;UNESCO<\/strong>.<\/p>\n<p>Vous marcherez le long de l&rsquo;historique <strong>All\u00e9e des Sphinx<\/strong>, vous vous \u00e9merveillerez devant le <strong>Pyl\u00f4ne de Nectan\u00e9bo Ier<\/strong> et explorerez la <strong>Chapelle de la barque de S\u00e9thi II<\/strong> superbement pr\u00e9serv\u00e9e.<\/p>\n<p>De plus, vous d\u00e9couvrirez l&rsquo;unique <strong>Chapelle Rouge d&rsquo;Hatchepsout<\/strong> et l&rsquo;\u00e9l\u00e9gante <strong>Chapelle Blanche de S\u00e9sostris Ier<\/strong>.<\/p>\n<p>Plongez-vous dans la grandeur du <strong>Temple de Rams\u00e8s III<\/strong> et de l&rsquo;impressionnante <strong>Salle des F\u00eates de Thoutm\u00f4sis III<\/strong>. Pr\u00e9parez-vous \u00e0 \u00eatre \u00e9merveill\u00e9 par l&rsquo;ampleur de la <strong>Grande Salle Hypostyle<\/strong>, avec sa for\u00eat de <strong>colonnes colossales<\/strong>.<\/p>\n<p>En outre, votre <strong>visite priv\u00e9e<\/strong> comprendra des arr\u00eats au <strong>Temple de Ptah<\/strong> sacr\u00e9, \u00e0 la <strong>Chapelle de Sekhmet<\/strong> et au serein <strong>Temple de Khonsou<\/strong>. Apprenez-en davantage sur les <strong>f\u00eates importantes de l&rsquo;\u00c9gypte ancienne<\/strong>, y compris la c\u00e9l\u00e8bre <strong>F\u00eate d&rsquo;Opet<\/strong>.<\/p>\n<p>Observez l&rsquo;<strong>Ob\u00e9lisque majestueux d&rsquo;Hatchepsout<\/strong>, m\u00e9ditez au bord du mystique <strong>Lac Sacr\u00e9<\/strong> et touchez la v\u00e9n\u00e9r\u00e9e <strong>statue du Grand Scarab\u00e9e<\/strong> pour la chance. Vous explorerez \u00e9galement l&rsquo;ancienne <strong>Chapelle d&rsquo;Osiris<\/strong> et l&rsquo;intrigant <strong>Jardin Botanique de Thoutm\u00f4sis III<\/strong>.<\/p>\n<p>\u00c0 la fin de votre <strong>visite touristique immersive \u00e0 Karnak<\/strong>, votre <strong>v\u00e9hicule priv\u00e9<\/strong> vous ram\u00e8nera confortablement \u00e0 votre h\u00f4tel \u00e0 Louxor, marquant la fin de votre incroyable voyage \u00e0 travers l&rsquo;<strong>ancienne Th\u00e8bes<\/strong>.<\/p>\n<h3><span style=\"color: #ff6600;\">Prix de la Visite Priv\u00e9e \u00e0 Karnak au D\u00e9part de Louxor<\/span><\/h3>\n<ul>\n<li>Prix Adulte = 40 \u20ac\u200e<\/li>\n<li>Enfants 0-5 ans = gratuit<\/li>\n<li>Enfants 5-11 ans = 50% du prix adulte<\/li>\n<\/ul>\n<h3><span style=\"color: #ff6600;\">R\u00e9servation<\/span><\/h3>\n<p>Vous pouvez r\u00e9server votre tour via WhatsApp ou nous envoyer un E-mail et vous recevrez la confirmation sur place.<\/p>\n<p>Veuillez nous envoyer le nom de votre h\u00f4tel, le num\u00e9ro de chambre et les copies de votre passeport.<\/p>\n<p>WhatsApp: +201000852186<\/p>\n<p>info@egytourpackages.com<\/p>\n<h3><span style=\"color: #ff6600;\">R\u00e9servez Maintenant et Payez sur Place <\/span><\/h3>\n<p>R\u00e9servez votre tour pr\u00e9f\u00e9r\u00e9 et payez le jour du voyage.<\/p>\n<h3><span style=\"color: #ff6600;\">Paiement<\/span><\/h3>\n<p>Vous pouvez payer en livres \u00e9gyptiennes, $, \u20ac\u200e ou \u00a3.<\/p>\n<h3><span style=\"color: #ff6600;\">Politique d&rsquo;Annulation<\/span><\/h3>\n<ul>\n<li>L&rsquo;annulation est gratuite jusqu&rsquo;\u00e0 24 heures \u00e0 l&rsquo;avance.<\/li>\n<li>L&rsquo;annulation le matin est de 50 % du prix.<\/li>\n<\/ul>\n","protected":false},"excerpt":{"rendered":"<p>Visite priv\u00e9e du Temple de Karnak au d\u00e9part de Louxor. Explorez la Grande Salle Hypostyle, l&rsquo;All\u00e9e des Sphinx et le Lac Sacr\u00e9 avec un guide \u00e9gyptologue.<\/p>\n","protected":false},"featured_media":9686,"comment_status":"open","ping_status":"closed","template":"","meta":[],"product_brand":[],"product_cat":[3124],"product_tag":[3337,3275,3336],"class_list":{"0":"post-9685","1":"product","2":"type-product","3":"status-publish","4":"has-post-thumbnail","6":"product_cat-tours-fr","7":"product_tag-excursions-dune-journee-a-louxor","8":"product_tag-excursions-dune-journee-en-egypte","9":"product_tag-temple-de-karnak","10":"tour_category-excursions-en-egypte-fr","11":"tour_category-excursions-louxor-fr","13":"first","14":"instock","15":"sale","16":"shipping-taxable","17":"purchasable","18":"product-type-tour","19":"has-default-attributes"},"yoast_head":"<!-- This site is optimized with the Yoast SEO Premium plugin v27.4 (Yoast SEO v27.4) - https:\/\/yoast.com\/product\/yoast-seo-premium-wordpress\/ -->\n<title>Visite Priv\u00e9e du Temple de Karnak au D\u00e9part de Louxor<\/title>\n<meta name=\"description\" content=\"Visite priv\u00e9e du Temple de Karnak au d\u00e9part de Louxor. Explorez la Grande Salle Hypostyle, l&#039;All\u00e9e des Sphinx et le Lac Sacr\u00e9 avec un guide \u00e9gyptologue.\" \/>\n<meta name=\"robots\" content=\"index, follow, max-snippet:-1, max-image-preview:large, max-video-preview:-1\" \/>\n<link rel=\"canonical\" href=\"https:\/\/egytourpackages.com\/fr\/tours\/visite-privee-du-temple-de-karnak-au-depart-de-louxor\/\" \/>\n<meta property=\"og:locale\" content=\"fr_FR\" \/>\n<meta property=\"og:type\" content=\"article\" \/>\n<meta property=\"og:title\" content=\"Visite Priv\u00e9e du Temple de Karnak au D\u00e9part de Louxor\" \/>\n<meta property=\"og:description\" content=\"Visite priv\u00e9e du Temple de Karnak au d\u00e9part de Louxor. Explorez la Grande Salle Hypostyle, l&#039;All\u00e9e des Sphinx et le Lac Sacr\u00e9 avec un guide \u00e9gyptologue.\" \/>\n<meta property=\"og:url\" content=\"https:\/\/egytourpackages.com\/fr\/tours\/visite-privee-du-temple-de-karnak-au-depart-de-louxor\/\" \/>\n<meta property=\"og:site_name\" content=\"Egypt Tour Packages\" \/>\n<meta property=\"article:publisher\" content=\"https:\/\/www.facebook.com\/egytourpackages\" \/>\n<meta property=\"article:modified_time\" content=\"2026-01-09T11:34:51+00:00\" \/>\n<meta property=\"og:image\" content=\"https:\/\/egytourpackages.com\/wp-content\/uploads\/2023\/08\/Karnak-Temple-Complex-1024x682.jpg\" \/>\n<meta name=\"twitter:card\" content=\"summary_large_image\" \/>\n<meta name=\"twitter:title\" content=\"Visite Priv\u00e9e du Temple de Karnak au D\u00e9part de Louxor\" \/>\n<meta name=\"twitter:description\" content=\"Visite priv\u00e9e du Temple de Karnak au d\u00e9part de Louxor. Explorez la Grande Salle Hypostyle, l&#039;All\u00e9e des Sphinx et le Lac Sacr\u00e9 avec un guide \u00e9gyptologue.\" \/>\n<meta name=\"twitter:image\" content=\"https:\/\/egytourpackages.com\/wp-content\/uploads\/2023\/08\/Karnak-Temple-Complex-1024x682.jpg\" \/>\n<meta name=\"twitter:label1\" content=\"Prix\" \/>\n\t<meta name=\"twitter:data1\" content=\"&euro;40\" \/>\n\t<meta name=\"twitter:label2\" content=\"Disponibilit\u00e9\" \/>\n\t<meta name=\"twitter:data2\" content=\"En stock\" \/>\n<script type=\"application\/ld+json\" class=\"yoast-schema-graph\">{\"@context\":\"https:\\\/\\\/schema.org\",\"@graph\":[{\"@type\":\"WebPage\",\"@id\":\"https:\\\/\\\/egytourpackages.com\\\/fr\\\/tours\\\/visite-privee-du-temple-de-karnak-au-depart-de-louxor\\\/\",\"url\":\"https:\\\/\\\/egytourpackages.com\\\/fr\\\/tours\\\/visite-privee-du-temple-de-karnak-au-depart-de-louxor\\\/\",\"name\":\"Visite Priv\u00e9e du Temple de Karnak au D\u00e9part de Louxor\",\"isPartOf\":{\"@id\":\"https:\\\/\\\/egytourpackages.com\\\/fr\\\/#website\"},\"primaryImageOfPage\":{\"@id\":\"https:\\\/\\\/egytourpackages.com\\\/fr\\\/tours\\\/visite-privee-du-temple-de-karnak-au-depart-de-louxor\\\/#primaryimage\"},\"image\":{\"@id\":\"https:\\\/\\\/egytourpackages.com\\\/fr\\\/tours\\\/visite-privee-du-temple-de-karnak-au-depart-de-louxor\\\/#primaryimage\"},\"thumbnailUrl\":\"https:\\\/\\\/egytourpackages.com\\\/wp-content\\\/uploads\\\/2023\\\/08\\\/Karnak-Temple-Complex.jpg\",\"datePublished\":\"2023-08-25T15:34:23+00:00\",\"dateModified\":\"2026-01-09T11:34:51+00:00\",\"description\":\"Visite priv\u00e9e du Temple de Karnak au d\u00e9part de Louxor. Explorez la Grande Salle Hypostyle, l'All\u00e9e des Sphinx et le Lac Sacr\u00e9 avec un guide \u00e9gyptologue.\",\"breadcrumb\":{\"@id\":\"https:\\\/\\\/egytourpackages.com\\\/fr\\\/tours\\\/visite-privee-du-temple-de-karnak-au-depart-de-louxor\\\/#breadcrumb\"},\"inLanguage\":\"fr-FR\",\"potentialAction\":[{\"@type\":\"ReadAction\",\"target\":[\"https:\\\/\\\/egytourpackages.com\\\/fr\\\/tours\\\/visite-privee-du-temple-de-karnak-au-depart-de-louxor\\\/\"]}]},{\"@type\":\"ImageObject\",\"inLanguage\":\"fr-FR\",\"@id\":\"https:\\\/\\\/egytourpackages.com\\\/fr\\\/tours\\\/visite-privee-du-temple-de-karnak-au-depart-de-louxor\\\/#primaryimage\",\"url\":\"https:\\\/\\\/egytourpackages.com\\\/wp-content\\\/uploads\\\/2023\\\/08\\\/Karnak-Temple-Complex.jpg\",\"contentUrl\":\"https:\\\/\\\/egytourpackages.com\\\/wp-content\\\/uploads\\\/2023\\\/08\\\/Karnak-Temple-Complex.jpg\",\"width\":2000,\"height\":1333,\"caption\":\"Complexe du temple de Karnak\"},{\"@type\":\"BreadcrumbList\",\"@id\":\"https:\\\/\\\/egytourpackages.com\\\/fr\\\/tours\\\/visite-privee-du-temple-de-karnak-au-depart-de-louxor\\\/#breadcrumb\",\"itemListElement\":[{\"@type\":\"ListItem\",\"position\":1,\"name\":\"Home\",\"item\":\"https:\\\/\\\/egytourpackages.com\\\/fr\\\/circuits-en-egypte\\\/\"},{\"@type\":\"ListItem\",\"position\":2,\"name\":\"Shop\",\"item\":\"https:\\\/\\\/egytourpackages.com\\\/shop\\\/\"},{\"@type\":\"ListItem\",\"position\":3,\"name\":\"Visite Priv\u00e9e du Temple de Karnak au D\u00e9part de Louxor\"}]},{\"@type\":\"WebSite\",\"@id\":\"https:\\\/\\\/egytourpackages.com\\\/fr\\\/#website\",\"url\":\"https:\\\/\\\/egytourpackages.com\\\/fr\\\/\",\"name\":\"Egy tour packages\",\"description\":\"\",\"publisher\":{\"@id\":\"https:\\\/\\\/egytourpackages.com\\\/fr\\\/#organization\"},\"potentialAction\":[{\"@type\":\"SearchAction\",\"target\":{\"@type\":\"EntryPoint\",\"urlTemplate\":\"https:\\\/\\\/egytourpackages.com\\\/fr\\\/?s={search_term_string}\"},\"query-input\":{\"@type\":\"PropertyValueSpecification\",\"valueRequired\":true,\"valueName\":\"search_term_string\"}}],\"inLanguage\":\"fr-FR\"},{\"@type\":[\"Organization\",\"Place\",\"TravelAgency\"],\"@id\":\"https:\\\/\\\/egytourpackages.com\\\/fr\\\/#organization\",\"name\":\"egypt tour packages\",\"alternateName\":\"egypt tour packages\",\"url\":\"https:\\\/\\\/egytourpackages.com\\\/fr\\\/\",\"logo\":{\"@id\":\"https:\\\/\\\/egytourpackages.com\\\/fr\\\/tours\\\/visite-privee-du-temple-de-karnak-au-depart-de-louxor\\\/#local-main-organization-logo\"},\"image\":{\"@id\":\"https:\\\/\\\/egytourpackages.com\\\/fr\\\/tours\\\/visite-privee-du-temple-de-karnak-au-depart-de-louxor\\\/#local-main-organization-logo\"},\"sameAs\":[\"https:\\\/\\\/www.facebook.com\\\/egytourpackages\"],\"legalName\":\"Egy tour packages\",\"address\":{\"@id\":\"https:\\\/\\\/egytourpackages.com\\\/fr\\\/tours\\\/visite-privee-du-temple-de-karnak-au-depart-de-louxor\\\/#local-main-place-address\"},\"telephone\":[\"00201000852186\",\"00201028685533\"],\"contactPoint\":{\"@type\":\"ContactPoint\",\"telephone\":\"00201000852186\"},\"openingHoursSpecification\":[{\"@type\":\"OpeningHoursSpecification\",\"dayOfWeek\":[\"Monday\",\"Tuesday\",\"Wednesday\",\"Thursday\",\"Friday\",\"Saturday\",\"Sunday\"],\"opens\":\"00:00\",\"closes\":\"23:59\"}],\"email\":\"info@egytourpackages.com\",\"areaServed\":\"Cairo, Hurghada, Luxor, Sharm El Sheikh, Marsa Alam, Aswan\",\"priceRange\":\"$\",\"currenciesAccepted\":\"euro\",\"paymentAccepted\":\"Payment links online\"},{\"@type\":\"PostalAddress\",\"@id\":\"https:\\\/\\\/egytourpackages.com\\\/fr\\\/tours\\\/visite-privee-du-temple-de-karnak-au-depart-de-louxor\\\/#local-main-place-address\",\"streetAddress\":\"Mubarak 8, Al Kawthar District, Hurghada\",\"addressLocality\":\"Hurghada\",\"postalCode\":\"84511\",\"addressRegion\":\"Red Sea\",\"addressCountry\":\"EG\"},{\"@type\":\"ImageObject\",\"inLanguage\":\"fr-FR\",\"@id\":\"https:\\\/\\\/egytourpackages.com\\\/fr\\\/tours\\\/visite-privee-du-temple-de-karnak-au-depart-de-louxor\\\/#local-main-organization-logo\",\"url\":\"https:\\\/\\\/egytourpackages.com\\\/wp-content\\\/uploads\\\/2025\\\/12\\\/Turquoise-Dahabiya-Nile-Cruise-1.jpeg\",\"contentUrl\":\"https:\\\/\\\/egytourpackages.com\\\/wp-content\\\/uploads\\\/2025\\\/12\\\/Turquoise-Dahabiya-Nile-Cruise-1.jpeg\",\"width\":1040,\"height\":694,\"caption\":\"egypt tour packages\"}]}<\/script>\n<meta property=\"product:brand\" content=\"Excursions en \u00c9gypte\" \/>\n<meta property=\"product:price:amount\" content=\"40\" \/>\n<meta property=\"product:price:currency\" content=\"EUR\" \/>\n<meta property=\"og:availability\" content=\"instock\" \/>\n<meta property=\"product:availability\" content=\"instock\" \/>\n<meta property=\"product:retailer_item_id\" content=\"LDT02\" \/>\n<meta property=\"product:condition\" content=\"new\" \/>\n<meta name=\"geo.placename\" content=\"Hurghada\" \/>\n<meta name=\"geo.region\" content=\"\u00c9gypte\" \/>\n<!-- \/ Yoast SEO Premium plugin. -->","yoast_head_json":{"title":"Visite Priv\u00e9e du Temple de Karnak au D\u00e9part de Louxor","description":"Visite priv\u00e9e du Temple de Karnak au d\u00e9part de Louxor. Explorez la Grande Salle Hypostyle, l'All\u00e9e des Sphinx et le Lac Sacr\u00e9 avec un guide \u00e9gyptologue.","robots":{"index":"index","follow":"follow","max-snippet":"max-snippet:-1","max-image-preview":"max-image-preview:large","max-video-preview":"max-video-preview:-1"},"canonical":"https:\/\/egytourpackages.com\/fr\/tours\/visite-privee-du-temple-de-karnak-au-depart-de-louxor\/","og_locale":"fr_FR","og_type":"article","og_title":"Visite Priv\u00e9e du Temple de Karnak au D\u00e9part de Louxor","og_description":"Visite priv\u00e9e du Temple de Karnak au d\u00e9part de Louxor. Explorez la Grande Salle Hypostyle, l'All\u00e9e des Sphinx et le Lac Sacr\u00e9 avec un guide \u00e9gyptologue.","og_url":"https:\/\/egytourpackages.com\/fr\/tours\/visite-privee-du-temple-de-karnak-au-depart-de-louxor\/","og_site_name":"Egypt Tour Packages","article_publisher":"https:\/\/www.facebook.com\/egytourpackages","article_modified_time":"2026-01-09T11:34:51+00:00","og_image":[{"url":"https:\/\/egytourpackages.com\/wp-content\/uploads\/2023\/08\/Karnak-Temple-Complex-1024x682.jpg","type":"","width":"","height":""}],"twitter_card":"summary_large_image","twitter_title":"Visite Priv\u00e9e du Temple de Karnak au D\u00e9part de Louxor","twitter_description":"Visite priv\u00e9e du Temple de Karnak au d\u00e9part de Louxor. Explorez la Grande Salle Hypostyle, l'All\u00e9e des Sphinx et le Lac Sacr\u00e9 avec un guide \u00e9gyptologue.","twitter_image":"https:\/\/egytourpackages.com\/wp-content\/uploads\/2023\/08\/Karnak-Temple-Complex-1024x682.jpg","twitter_misc":{"Prix":"&euro;40","Disponibilit\u00e9":"En stock"},"schema":{"@context":"https:\/\/schema.org","@graph":[{"@type":"WebPage","@id":"https:\/\/egytourpackages.com\/fr\/tours\/visite-privee-du-temple-de-karnak-au-depart-de-louxor\/","url":"https:\/\/egytourpackages.com\/fr\/tours\/visite-privee-du-temple-de-karnak-au-depart-de-louxor\/","name":"Visite Priv\u00e9e du Temple de Karnak au D\u00e9part de Louxor","isPartOf":{"@id":"https:\/\/egytourpackages.com\/fr\/#website"},"primaryImageOfPage":{"@id":"https:\/\/egytourpackages.com\/fr\/tours\/visite-privee-du-temple-de-karnak-au-depart-de-louxor\/#primaryimage"},"image":{"@id":"https:\/\/egytourpackages.com\/fr\/tours\/visite-privee-du-temple-de-karnak-au-depart-de-louxor\/#primaryimage"},"thumbnailUrl":"https:\/\/egytourpackages.com\/wp-content\/uploads\/2023\/08\/Karnak-Temple-Complex.jpg","datePublished":"2023-08-25T15:34:23+00:00","dateModified":"2026-01-09T11:34:51+00:00","description":"Visite priv\u00e9e du Temple de Karnak au d\u00e9part de Louxor. Explorez la Grande Salle Hypostyle, l'All\u00e9e des Sphinx et le Lac Sacr\u00e9 avec un guide \u00e9gyptologue.","breadcrumb":{"@id":"https:\/\/egytourpackages.com\/fr\/tours\/visite-privee-du-temple-de-karnak-au-depart-de-louxor\/#breadcrumb"},"inLanguage":"fr-FR","potentialAction":[{"@type":"ReadAction","target":["https:\/\/egytourpackages.com\/fr\/tours\/visite-privee-du-temple-de-karnak-au-depart-de-louxor\/"]}]},{"@type":"ImageObject","inLanguage":"fr-FR","@id":"https:\/\/egytourpackages.com\/fr\/tours\/visite-privee-du-temple-de-karnak-au-depart-de-louxor\/#primaryimage","url":"https:\/\/egytourpackages.com\/wp-content\/uploads\/2023\/08\/Karnak-Temple-Complex.jpg","contentUrl":"https:\/\/egytourpackages.com\/wp-content\/uploads\/2023\/08\/Karnak-Temple-Complex.jpg","width":2000,"height":1333,"caption":"Complexe du temple de Karnak"},{"@type":"BreadcrumbList","@id":"https:\/\/egytourpackages.com\/fr\/tours\/visite-privee-du-temple-de-karnak-au-depart-de-louxor\/#breadcrumb","itemListElement":[{"@type":"ListItem","position":1,"name":"Home","item":"https:\/\/egytourpackages.com\/fr\/circuits-en-egypte\/"},{"@type":"ListItem","position":2,"name":"Shop","item":"https:\/\/egytourpackages.com\/shop\/"},{"@type":"ListItem","position":3,"name":"Visite Priv\u00e9e du Temple de Karnak au D\u00e9part de Louxor"}]},{"@type":"WebSite","@id":"https:\/\/egytourpackages.com\/fr\/#website","url":"https:\/\/egytourpackages.com\/fr\/","name":"Egy tour packages","description":"","publisher":{"@id":"https:\/\/egytourpackages.com\/fr\/#organization"},"potentialAction":[{"@type":"SearchAction","target":{"@type":"EntryPoint","urlTemplate":"https:\/\/egytourpackages.com\/fr\/?s={search_term_string}"},"query-input":{"@type":"PropertyValueSpecification","valueRequired":true,"valueName":"search_term_string"}}],"inLanguage":"fr-FR"},{"@type":["Organization","Place","TravelAgency"],"@id":"https:\/\/egytourpackages.com\/fr\/#organization","name":"egypt tour packages","alternateName":"egypt tour packages","url":"https:\/\/egytourpackages.com\/fr\/","logo":{"@id":"https:\/\/egytourpackages.com\/fr\/tours\/visite-privee-du-temple-de-karnak-au-depart-de-louxor\/#local-main-organization-logo"},"image":{"@id":"https:\/\/egytourpackages.com\/fr\/tours\/visite-privee-du-temple-de-karnak-au-depart-de-louxor\/#local-main-organization-logo"},"sameAs":["https:\/\/www.facebook.com\/egytourpackages"],"legalName":"Egy tour packages","address":{"@id":"https:\/\/egytourpackages.com\/fr\/tours\/visite-privee-du-temple-de-karnak-au-depart-de-louxor\/#local-main-place-address"},"telephone":["00201000852186","00201028685533"],"contactPoint":{"@type":"ContactPoint","telephone":"00201000852186"},"openingHoursSpecification":[{"@type":"OpeningHoursSpecification","dayOfWeek":["Monday","Tuesday","Wednesday","Thursday","Friday","Saturday","Sunday"],"opens":"00:00","closes":"23:59"}],"email":"info@egytourpackages.com","areaServed":"Cairo, Hurghada, Luxor, Sharm El Sheikh, Marsa Alam, Aswan","priceRange":"$","currenciesAccepted":"euro","paymentAccepted":"Payment links online"},{"@type":"PostalAddress","@id":"https:\/\/egytourpackages.com\/fr\/tours\/visite-privee-du-temple-de-karnak-au-depart-de-louxor\/#local-main-place-address","streetAddress":"Mubarak 8, Al Kawthar District, Hurghada","addressLocality":"Hurghada","postalCode":"84511","addressRegion":"Red Sea","addressCountry":"EG"},{"@type":"ImageObject","inLanguage":"fr-FR","@id":"https:\/\/egytourpackages.com\/fr\/tours\/visite-privee-du-temple-de-karnak-au-depart-de-louxor\/#local-main-organization-logo","url":"https:\/\/egytourpackages.com\/wp-content\/uploads\/2025\/12\/Turquoise-Dahabiya-Nile-Cruise-1.jpeg","contentUrl":"https:\/\/egytourpackages.com\/wp-content\/uploads\/2025\/12\/Turquoise-Dahabiya-Nile-Cruise-1.jpeg","width":1040,"height":694,"caption":"egypt tour packages"}]},"product_brand":"Excursions en \u00c9gypte","product_price_amount":"40","product_price_currency":"EUR","og_availability":"instock","product_availability":"instock","product_retailer_item_id":"LDT02","product_condition":"new","geo.placename":"Hurghada","geo.region":"\u00c9gypte"},"_links":{"self":[{"href":"https:\/\/egytourpackages.com\/fr\/wp-json\/wp\/v2\/product\/9685","targetHints":{"allow":["GET"]}}],"collection":[{"href":"https:\/\/egytourpackages.com\/fr\/wp-json\/wp\/v2\/product"}],"about":[{"href":"https:\/\/egytourpackages.com\/fr\/wp-json\/wp\/v2\/types\/product"}],"replies":[{"embeddable":true,"href":"https:\/\/egytourpackages.com\/fr\/wp-json\/wp\/v2\/comments?post=9685"}],"wp:featuredmedia":[{"embeddable":true,"href":"https:\/\/egytourpackages.com\/fr\/wp-json\/wp\/v2\/media\/9686"}],"wp:attachment":[{"href":"https:\/\/egytourpackages.com\/fr\/wp-json\/wp\/v2\/media?parent=9685"}],"wp:term":[{"taxonomy":"product_brand","embeddable":true,"href":"https:\/\/egytourpackages.com\/fr\/wp-json\/wp\/v2\/product_brand?post=9685"},{"taxonomy":"product_cat","embeddable":true,"href":"https:\/\/egytourpackages.com\/fr\/wp-json\/wp\/v2\/product_cat?post=9685"},{"taxonomy":"product_tag","embeddable":true,"href":"https:\/\/egytourpackages.com\/fr\/wp-json\/wp\/v2\/product_tag?post=9685"}],"curies":[{"name":"wp","href":"https:\/\/api.w.org\/{rel}","templated":true}]}}