{"id":9708,"date":"2025-10-31T23:10:50","date_gmt":"2025-10-31T23:10:50","guid":{"rendered":"https:\/\/egytourpackages.com\/product\/safari-etoiles-sahl-hasheesh\/"},"modified":"2026-01-28T23:58:23","modified_gmt":"2026-01-28T23:58:23","slug":"safari-etoiles-sahl-hasheesh","status":"publish","type":"product","link":"https:\/\/egytourpackages.com\/fr\/tours\/safari-etoiles-sahl-hasheesh\/","title":{"rendered":"Safari \u00c9toiles Sahl Hasheesh"},"content":{"rendered":"<p><span style=\"color: #ff6600;\"><strong>Safari \u00c9toiles Sahl Hasheesh: Quad, Balade \u00e0 Cheval et Chameau, D\u00eener Spectacle<\/strong><\/span><\/p>\n<p>Vivez l&rsquo;<strong>Aventure Ultime dans le D\u00e9sert de Sahl Hasheesh<\/strong> avec ce safari en soir\u00e9e <strong>tout compris<\/strong>. Cette excursion combine le frisson du <strong>Randonn\u00e9e en Quad<\/strong>, la s\u00e9r\u00e9nit\u00e9 d&rsquo;une <strong>Balade \u00e0 Cheval<\/strong>, la tradition d&rsquo;une exp\u00e9rience de <strong>Randonn\u00e9e \u00e0 Dos de Chameau<\/strong>, un d\u00e9licieux <strong>D\u00eener BBQ B\u00e9douin<\/strong>, et la merveille de l&rsquo;<strong>Observation des \u00c9toiles<\/strong> \u00e0 travers un t\u00e9lescope puissant.<\/p>\n<p>C&rsquo;est le <strong>meilleur safari dans le d\u00e9sert au d\u00e9part de Sahl Hasheesh<\/strong> pour une nuit inoubliable sous le ciel du <strong>D\u00e9sert \u00c9gyptien<\/strong>.<\/p>\n<h3><span style=\"color: #ff6600;\">D\u00e9tails<\/span><\/h3>\n<ul>\n<li>Dur\u00e9e: Excursion d&rsquo;apr\u00e8s-midi (environ 5 \u00e0 6 heures au total)<\/li>\n<li>Activit\u00e9s: 1 Heure de Quad, 30 Minutes de Balade \u00e0 Chameau, 30 Minutes de Balade \u00e0 Cheval<\/li>\n<li>Disponibilit\u00e9: Quotidienne<\/li>\n<li>Langue: Fran\u00e7ais<\/li>\n<\/ul>\n<h3><span style=\"color: #ff6600;\">Inclusions<\/span><\/h3>\n<ul>\n<li>Transfert aller-retour depuis tous les H\u00f4tels de Sahl Hasheesh en v\u00e9hicule climatis\u00e9<\/li>\n<li>1 Heure d&rsquo;exp\u00e9rience en Quad \/ VTT.<\/li>\n<li>30 Minutes d&rsquo;exp\u00e9rience de Balade \u00e0 Chameau.<\/li>\n<li>30 Minutes d&rsquo;exp\u00e9rience de Balade \u00e0 Cheval.<\/li>\n<li>D\u00eener BBQ<\/li>\n<li>Th\u00e9 B\u00e9douin Traditionnel<\/li>\n<li>Soir\u00e9e Folklorique<\/li>\n<li>Session d&rsquo;Observation des \u00c9toiles avec un guide professionnel et T\u00e9lescope<\/li>\n<li>\u00c9quipement de S\u00e9curit\u00e9 (Casques pour Quad\/Cheval)<\/li>\n<\/ul>\n<h3><span style=\"color: #ff6600;\">Exclusions<\/span><\/h3>\n<ul>\n<li>Pourboires (Gratuit\u00e9s).<\/li>\n<li>D\u00e9penses Personnelles.<\/li>\n<li>Forfaits Photos\/Vid\u00e9os (souvent disponibles \u00e0 l&rsquo;achat).<\/li>\n<li>\u00c9charpe\/Lunettes de protection (peuvent souvent \u00eatre lou\u00e9es ou achet\u00e9es \u00e0 la station).<\/li>\n<\/ul>\n<h2><span style=\"color: #ff6600;\">Itin\u00e9raire<\/span><\/h2>\n<p>Vivez l&rsquo;<strong>Aventure Ultime dans le D\u00e9sert de Sahl Hasheesh<\/strong> avec ce <strong>Safari Nocturne<\/strong> complet en soir\u00e9e. L&rsquo;excursion est parfaitement con\u00e7ue pour combiner des activit\u00e9s \u00e0 haute \u00e9nergie avec la culture traditionnelle et l&rsquo;\u00e9merveillement astronomique, offrant une exp\u00e9rience vraiment unique avec des vues claires du <strong>Ciel Nocturne<\/strong>.<\/p>\n<p>Votre aventure commence par une confortable <strong>Prise en Charge \u00e0 l&rsquo;H\u00f4tel<\/strong> depuis vos <strong>H\u00f4tels de Sahl Hasheesh<\/strong> vers 14h00, vous transf\u00e9rant directement \u00e0 la station de safari pour commencer vos activit\u00e9s riches en adr\u00e9naline.<\/p>\n<p>La premi\u00e8re activit\u00e9 est la passionnante session d&rsquo;<strong>1 Heure de Quad<\/strong>. Apr\u00e8s un briefing de s\u00e9curit\u00e9, vous monterez sur un puissant <strong>Quad Bike<\/strong>. Ensuite, vous traverserez rapidement le vaste paysage du <strong>D\u00e9sert de la Mer Rouge<\/strong>, naviguant sur les dunes de sable palpitantes et les plaines ouvertes avec votre guide.<\/p>\n<p>Apr\u00e8s l&rsquo;excitation motoris\u00e9e, vous vous impr\u00e9gnerez du voyage traditionnel dans le d\u00e9sert avec la partie \u00e9questre de l&rsquo;excursion. Cela comprend une sereine <strong>Balade \u00e0 Chameau de 30 Minutes<\/strong> qui offre une v\u00e9ritable exp\u00e9rience de <strong>Randonn\u00e9e \u00e0 Dos de Chameau<\/strong>.<\/p>\n<p>Elle est imm\u00e9diatement suivie d&rsquo;une \u00e9l\u00e9gante session de <strong>30 Minutes de Balade \u00e0 Cheval<\/strong> sur un <strong>Cheval Arabe<\/strong> bien entra\u00een\u00e9. Cette combinaison vous assure de d\u00e9couvrir le meilleur de la mobilit\u00e9 dans le d\u00e9sert.<\/p>\n<p>Alors que le soleil commence \u00e0 se coucher, vous arriverez \u00e0 une <strong>tente<\/strong> traditionnelle. Ici, vous serez accueilli avec un authentique <strong>Th\u00e9 B\u00e9douin<\/strong> et aurez l&rsquo;occasion de prendre de superbes photos du <strong>Coucher de Soleil dans le D\u00e9sert<\/strong> tandis que les couleurs illuminent les montagnes.<\/p>\n<p>La soir\u00e9e se poursuit avec un festin et une c\u00e9l\u00e9bration. Vous d\u00e9gusterez un d\u00e9licieux <strong>D\u00eener BBQ B\u00e9douin<\/strong>\u2014un buffet ouvert de sp\u00e9cialit\u00e9s locales\u2014servi sous le ciel ouvert. Apr\u00e8s le d\u00eener, un vibrant <strong>Spectacle Folklorique<\/strong> est pr\u00e9sent\u00e9. Il comprend du folklore traditionnel, de la musique et la fascinante <strong>Danse Tanoura<\/strong>.<\/p>\n<h3><span style=\"color: #ff6600;\">Observation des \u00c9toiles<\/span><\/h3>\n<p>Le grand final est l&rsquo;<strong>Excursion d&rsquo;Observation des \u00c9toiles<\/strong>. Loin de toute pollution lumineuse de la ville, un <strong>Guide d&rsquo;Astronomie<\/strong> professionnel m\u00e8nera une session d&rsquo;observation c\u00e9leste.<\/p>\n<p>Utilisant un puissant <strong>T\u00e9lescope<\/strong>, vous observerez les plan\u00e8tes visibles, les \u00e9toiles lointaines et diff\u00e9rentes <strong>Constellations<\/strong>. Apprenez-en davantage sur l&rsquo;univers et les mythes du <strong>Ciel Nocturne<\/strong>.<\/p>\n<p>Enfin, votre <strong>Safari dans le D\u00e9sert de Sahl Hasheesh<\/strong> complet se termine par un transfert confortable vers vos <strong>H\u00f4tels de Sahl Hasheesh<\/strong> vers 21h30.<\/p>\n<h2><span style=\"color: #ff6600;\">FAQ<\/span><\/h2>\n<h3><span style=\"color: #ff6600;\">Qu&rsquo;est-ce qui rend l&rsquo;exp\u00e9rience d&rsquo;Observation des \u00c9toiles \u00e0 Sahl Hasheesh unique par rapport \u00e0 l&rsquo;observation c\u00f4ti\u00e8re?<\/span><\/h3>\n<p>L&rsquo;Excursion d&rsquo;Observation des \u00c9toiles est men\u00e9e au c\u0153ur du d\u00e9sert pour \u00e9chapper \u00e0 la pollution lumineuse des stations baln\u00e9aires. Cela garantit un Ciel Nocturne nettement plus clair. Un Guide d&rsquo;Astronomie expert utilise un T\u00e9lescope professionnel pour vous aider \u00e0 identifier les plan\u00e8tes et les Constellations. Celles-ci sont g\u00e9n\u00e9ralement invisibles depuis la c\u00f4te. L&rsquo;excursion offre un regard immersif sur le cosmos.<\/p>\n<h3><span style=\"color: #ff6600;\">Comment les diff\u00e9rentes activit\u00e9s dans le d\u00e9sert sont-elles structur\u00e9es et quel est l&rsquo;objectif principal de chaque partie?<\/span><\/h3>\n<p>Le Safari dans le D\u00e9sert de Sahl Hasheesh \u00e9quilibre l&rsquo;adr\u00e9naline et la tradition. La premi\u00e8re partie est \u00e9nergique, comprenant une session d&rsquo;1 Heure de Quad o\u00f9 vous naviguez sur les dunes de sable sur un Quad Bike. La deuxi\u00e8me partie est l&rsquo;authentique Randonn\u00e9e \u00e0 Dos de Chameau et la br\u00e8ve Balade \u00e0 Cheval (30 minutes chacune). Cela offre une exp\u00e9rience du d\u00e9sert classique et sereine avant de s&rsquo;installer au Village B\u00e9douin pour la soir\u00e9e.<\/p>\n","protected":false},"excerpt":{"rendered":"<p><b>Safari \u00c9toiles Sahl Hasheesh<\/b> : <b>Quad<\/b>, <b>chameau<\/b>, <b>d\u00eener BBQ<\/b> et t\u00e9lescope. L&rsquo;<b>aventure dans le d\u00e9sert<\/b> id\u00e9ale pour voir le <b>ciel nocturne<\/b> \u00e9gyptien.<\/p>\n","protected":false},"featured_media":8915,"comment_status":"closed","ping_status":"closed","template":"","meta":[],"product_brand":[],"product_cat":[3124],"product_tag":[3275,3361],"class_list":{"0":"post-9708","1":"product","2":"type-product","3":"status-publish","4":"has-post-thumbnail","6":"product_cat-tours-fr","7":"product_tag-excursions-dune-journee-en-egypte","8":"product_tag-excursions-sahl-hasheesh","9":"tour_category-excursions-en-egypte-fr","10":"tour_category-excursions-sahl-hasheesh-fr","11":"tour_category-excursions-safari-dans-le-desert-dhurghada","13":"first","14":"instock","15":"sale","16":"shipping-taxable","17":"purchasable","18":"product-type-tour"},"yoast_head":"<!-- This site is optimized with the Yoast SEO Premium plugin v27.4 (Yoast SEO v27.4) - https:\/\/yoast.com\/product\/yoast-seo-premium-wordpress\/ -->\n<title>Safari \u00c9toiles Sahl Hasheesh: Egy tour packages<\/title>\n<meta name=\"description\" content=\"Safari \u00c9toiles Sahl Hasheesh : Quad, chameau, d\u00eener BBQ et t\u00e9lescope. L&#039;aventure dans le d\u00e9sert id\u00e9ale pour voir le ciel nocturne \u00e9gyptien.\" \/>\n<meta name=\"robots\" content=\"index, follow, max-snippet:-1, max-image-preview:large, max-video-preview:-1\" \/>\n<link rel=\"canonical\" href=\"https:\/\/egytourpackages.com\/fr\/tours\/safari-etoiles-sahl-hasheesh\/\" \/>\n<meta property=\"og:locale\" content=\"fr_FR\" \/>\n<meta property=\"og:type\" content=\"article\" \/>\n<meta property=\"og:title\" content=\"Safari \u00c9toiles Sahl Hasheesh\" \/>\n<meta property=\"og:description\" content=\"Safari \u00c9toiles Sahl Hasheesh : Quad, chameau, d\u00eener BBQ et t\u00e9lescope. L&#039;aventure dans le d\u00e9sert id\u00e9ale pour voir le ciel nocturne \u00e9gyptien.\" \/>\n<meta property=\"og:url\" content=\"https:\/\/egytourpackages.com\/fr\/tours\/safari-etoiles-sahl-hasheesh\/\" \/>\n<meta property=\"og:site_name\" content=\"Egypt Tour Packages\" \/>\n<meta property=\"article:publisher\" content=\"https:\/\/www.facebook.com\/egytourpackages\" \/>\n<meta property=\"article:modified_time\" content=\"2026-01-28T23:58:23+00:00\" \/>\n<meta property=\"og:image\" content=\"https:\/\/egytourpackages.com\/wp-content\/uploads\/2025\/10\/Camel-ride-from-Sahl-Hasheesh.jpeg\" \/>\n\t<meta property=\"og:image:width\" content=\"1550\" \/>\n\t<meta property=\"og:image:height\" content=\"697\" \/>\n\t<meta property=\"og:image:type\" content=\"image\/jpeg\" \/>\n<meta name=\"twitter:card\" content=\"summary_large_image\" \/>\n<meta name=\"twitter:title\" content=\"Safari \u00c9toiles Sahl Hasheesh\" \/>\n<meta name=\"twitter:label1\" content=\"Prix\" \/>\n\t<meta name=\"twitter:data1\" content=\"&euro;50\" \/>\n\t<meta name=\"twitter:label2\" content=\"Disponibilit\u00e9\" \/>\n\t<meta name=\"twitter:data2\" content=\"En stock\" \/>\n<script type=\"application\/ld+json\" class=\"yoast-schema-graph\">{\"@context\":\"https:\\\/\\\/schema.org\",\"@graph\":[{\"@type\":\"WebPage\",\"@id\":\"https:\\\/\\\/egytourpackages.com\\\/fr\\\/tours\\\/safari-etoiles-sahl-hasheesh\\\/\",\"url\":\"https:\\\/\\\/egytourpackages.com\\\/fr\\\/tours\\\/safari-etoiles-sahl-hasheesh\\\/\",\"name\":\"Safari \u00c9toiles Sahl Hasheesh: Egy tour packages\",\"isPartOf\":{\"@id\":\"https:\\\/\\\/egytourpackages.com\\\/fr\\\/#website\"},\"primaryImageOfPage\":{\"@id\":\"https:\\\/\\\/egytourpackages.com\\\/fr\\\/tours\\\/safari-etoiles-sahl-hasheesh\\\/#primaryimage\"},\"image\":{\"@id\":\"https:\\\/\\\/egytourpackages.com\\\/fr\\\/tours\\\/safari-etoiles-sahl-hasheesh\\\/#primaryimage\"},\"thumbnailUrl\":\"https:\\\/\\\/egytourpackages.com\\\/wp-content\\\/uploads\\\/2025\\\/10\\\/Camel-ride-from-Sahl-Hasheesh.jpeg\",\"datePublished\":\"2025-10-31T23:10:50+00:00\",\"dateModified\":\"2026-01-28T23:58:23+00:00\",\"description\":\"Safari \u00c9toiles Sahl Hasheesh : Quad, chameau, d\u00eener BBQ et t\u00e9lescope. L'aventure dans le d\u00e9sert id\u00e9ale pour voir le ciel nocturne \u00e9gyptien.\",\"breadcrumb\":{\"@id\":\"https:\\\/\\\/egytourpackages.com\\\/fr\\\/tours\\\/safari-etoiles-sahl-hasheesh\\\/#breadcrumb\"},\"inLanguage\":\"fr-FR\",\"potentialAction\":[{\"@type\":\"ReadAction\",\"target\":[\"https:\\\/\\\/egytourpackages.com\\\/fr\\\/tours\\\/safari-etoiles-sahl-hasheesh\\\/\"]}]},{\"@type\":\"ImageObject\",\"inLanguage\":\"fr-FR\",\"@id\":\"https:\\\/\\\/egytourpackages.com\\\/fr\\\/tours\\\/safari-etoiles-sahl-hasheesh\\\/#primaryimage\",\"url\":\"https:\\\/\\\/egytourpackages.com\\\/wp-content\\\/uploads\\\/2025\\\/10\\\/Camel-ride-from-Sahl-Hasheesh.jpeg\",\"contentUrl\":\"https:\\\/\\\/egytourpackages.com\\\/wp-content\\\/uploads\\\/2025\\\/10\\\/Camel-ride-from-Sahl-Hasheesh.jpeg\",\"width\":1550,\"height\":697,\"caption\":\"Promenade \u00e0 dos de chameau depuis Sahl Hasheesh\"},{\"@type\":\"BreadcrumbList\",\"@id\":\"https:\\\/\\\/egytourpackages.com\\\/fr\\\/tours\\\/safari-etoiles-sahl-hasheesh\\\/#breadcrumb\",\"itemListElement\":[{\"@type\":\"ListItem\",\"position\":1,\"name\":\"Home\",\"item\":\"https:\\\/\\\/egytourpackages.com\\\/fr\\\/circuits-en-egypte\\\/\"},{\"@type\":\"ListItem\",\"position\":2,\"name\":\"Shop\",\"item\":\"https:\\\/\\\/egytourpackages.com\\\/shop\\\/\"},{\"@type\":\"ListItem\",\"position\":3,\"name\":\"Safari \u00c9toiles Sahl Hasheesh\"}]},{\"@type\":\"WebSite\",\"@id\":\"https:\\\/\\\/egytourpackages.com\\\/fr\\\/#website\",\"url\":\"https:\\\/\\\/egytourpackages.com\\\/fr\\\/\",\"name\":\"Egy tour packages\",\"description\":\"\",\"publisher\":{\"@id\":\"https:\\\/\\\/egytourpackages.com\\\/fr\\\/#organization\"},\"potentialAction\":[{\"@type\":\"SearchAction\",\"target\":{\"@type\":\"EntryPoint\",\"urlTemplate\":\"https:\\\/\\\/egytourpackages.com\\\/fr\\\/?s={search_term_string}\"},\"query-input\":{\"@type\":\"PropertyValueSpecification\",\"valueRequired\":true,\"valueName\":\"search_term_string\"}}],\"inLanguage\":\"fr-FR\"},{\"@type\":[\"Organization\",\"Place\",\"TravelAgency\"],\"@id\":\"https:\\\/\\\/egytourpackages.com\\\/fr\\\/#organization\",\"name\":\"egypt tour packages\",\"alternateName\":\"egypt tour packages\",\"url\":\"https:\\\/\\\/egytourpackages.com\\\/fr\\\/\",\"logo\":{\"@id\":\"https:\\\/\\\/egytourpackages.com\\\/fr\\\/tours\\\/safari-etoiles-sahl-hasheesh\\\/#local-main-organization-logo\"},\"image\":{\"@id\":\"https:\\\/\\\/egytourpackages.com\\\/fr\\\/tours\\\/safari-etoiles-sahl-hasheesh\\\/#local-main-organization-logo\"},\"sameAs\":[\"https:\\\/\\\/www.facebook.com\\\/egytourpackages\"],\"legalName\":\"Egy tour packages\",\"address\":{\"@id\":\"https:\\\/\\\/egytourpackages.com\\\/fr\\\/tours\\\/safari-etoiles-sahl-hasheesh\\\/#local-main-place-address\"},\"telephone\":[\"00201000852186\",\"00201028685533\"],\"contactPoint\":{\"@type\":\"ContactPoint\",\"telephone\":\"00201000852186\"},\"openingHoursSpecification\":[{\"@type\":\"OpeningHoursSpecification\",\"dayOfWeek\":[\"Monday\",\"Tuesday\",\"Wednesday\",\"Thursday\",\"Friday\",\"Saturday\",\"Sunday\"],\"opens\":\"00:00\",\"closes\":\"23:59\"}],\"email\":\"info@egytourpackages.com\",\"areaServed\":\"Cairo, Hurghada, Luxor, Sharm El Sheikh, Marsa Alam, Aswan\",\"priceRange\":\"$\",\"currenciesAccepted\":\"euro\",\"paymentAccepted\":\"Payment links online\"},{\"@type\":\"PostalAddress\",\"@id\":\"https:\\\/\\\/egytourpackages.com\\\/fr\\\/tours\\\/safari-etoiles-sahl-hasheesh\\\/#local-main-place-address\",\"streetAddress\":\"Mubarak 8, Al Kawthar District, Hurghada\",\"addressLocality\":\"Hurghada\",\"postalCode\":\"84511\",\"addressRegion\":\"Red Sea\",\"addressCountry\":\"EG\"},{\"@type\":\"ImageObject\",\"inLanguage\":\"fr-FR\",\"@id\":\"https:\\\/\\\/egytourpackages.com\\\/fr\\\/tours\\\/safari-etoiles-sahl-hasheesh\\\/#local-main-organization-logo\",\"url\":\"https:\\\/\\\/egytourpackages.com\\\/wp-content\\\/uploads\\\/2025\\\/12\\\/Turquoise-Dahabiya-Nile-Cruise-1.jpeg\",\"contentUrl\":\"https:\\\/\\\/egytourpackages.com\\\/wp-content\\\/uploads\\\/2025\\\/12\\\/Turquoise-Dahabiya-Nile-Cruise-1.jpeg\",\"width\":1040,\"height\":694,\"caption\":\"egypt tour packages\"}]}<\/script>\n<meta property=\"product:brand\" content=\"Excursions en \u00c9gypte\" \/>\n<meta property=\"product:price:amount\" content=\"50\" \/>\n<meta property=\"product:price:currency\" content=\"EUR\" \/>\n<meta property=\"og:availability\" content=\"instock\" \/>\n<meta property=\"product:availability\" content=\"instock\" \/>\n<meta property=\"product:retailer_item_id\" content=\"SHDT07\" \/>\n<meta property=\"product:condition\" content=\"new\" \/>\n<meta name=\"geo.placename\" content=\"Hurghada\" \/>\n<meta name=\"geo.region\" content=\"\u00c9gypte\" \/>\n<!-- \/ Yoast SEO Premium plugin. -->","yoast_head_json":{"title":"Safari \u00c9toiles Sahl Hasheesh: Egy tour packages","description":"Safari \u00c9toiles Sahl Hasheesh : Quad, chameau, d\u00eener BBQ et t\u00e9lescope. L'aventure dans le d\u00e9sert id\u00e9ale pour voir le ciel nocturne \u00e9gyptien.","robots":{"index":"index","follow":"follow","max-snippet":"max-snippet:-1","max-image-preview":"max-image-preview:large","max-video-preview":"max-video-preview:-1"},"canonical":"https:\/\/egytourpackages.com\/fr\/tours\/safari-etoiles-sahl-hasheesh\/","og_locale":"fr_FR","og_type":"article","og_title":"Safari \u00c9toiles Sahl Hasheesh","og_description":"Safari \u00c9toiles Sahl Hasheesh : Quad, chameau, d\u00eener BBQ et t\u00e9lescope. L'aventure dans le d\u00e9sert id\u00e9ale pour voir le ciel nocturne \u00e9gyptien.","og_url":"https:\/\/egytourpackages.com\/fr\/tours\/safari-etoiles-sahl-hasheesh\/","og_site_name":"Egypt Tour Packages","article_publisher":"https:\/\/www.facebook.com\/egytourpackages","article_modified_time":"2026-01-28T23:58:23+00:00","og_image":[{"width":1550,"height":697,"url":"https:\/\/egytourpackages.com\/wp-content\/uploads\/2025\/10\/Camel-ride-from-Sahl-Hasheesh.jpeg","type":"image\/jpeg"}],"twitter_card":"summary_large_image","twitter_title":"Safari \u00c9toiles Sahl Hasheesh","twitter_misc":{"Prix":"&euro;50","Disponibilit\u00e9":"En stock"},"schema":{"@context":"https:\/\/schema.org","@graph":[{"@type":"WebPage","@id":"https:\/\/egytourpackages.com\/fr\/tours\/safari-etoiles-sahl-hasheesh\/","url":"https:\/\/egytourpackages.com\/fr\/tours\/safari-etoiles-sahl-hasheesh\/","name":"Safari \u00c9toiles Sahl Hasheesh: Egy tour packages","isPartOf":{"@id":"https:\/\/egytourpackages.com\/fr\/#website"},"primaryImageOfPage":{"@id":"https:\/\/egytourpackages.com\/fr\/tours\/safari-etoiles-sahl-hasheesh\/#primaryimage"},"image":{"@id":"https:\/\/egytourpackages.com\/fr\/tours\/safari-etoiles-sahl-hasheesh\/#primaryimage"},"thumbnailUrl":"https:\/\/egytourpackages.com\/wp-content\/uploads\/2025\/10\/Camel-ride-from-Sahl-Hasheesh.jpeg","datePublished":"2025-10-31T23:10:50+00:00","dateModified":"2026-01-28T23:58:23+00:00","description":"Safari \u00c9toiles Sahl Hasheesh : Quad, chameau, d\u00eener BBQ et t\u00e9lescope. L'aventure dans le d\u00e9sert id\u00e9ale pour voir le ciel nocturne \u00e9gyptien.","breadcrumb":{"@id":"https:\/\/egytourpackages.com\/fr\/tours\/safari-etoiles-sahl-hasheesh\/#breadcrumb"},"inLanguage":"fr-FR","potentialAction":[{"@type":"ReadAction","target":["https:\/\/egytourpackages.com\/fr\/tours\/safari-etoiles-sahl-hasheesh\/"]}]},{"@type":"ImageObject","inLanguage":"fr-FR","@id":"https:\/\/egytourpackages.com\/fr\/tours\/safari-etoiles-sahl-hasheesh\/#primaryimage","url":"https:\/\/egytourpackages.com\/wp-content\/uploads\/2025\/10\/Camel-ride-from-Sahl-Hasheesh.jpeg","contentUrl":"https:\/\/egytourpackages.com\/wp-content\/uploads\/2025\/10\/Camel-ride-from-Sahl-Hasheesh.jpeg","width":1550,"height":697,"caption":"Promenade \u00e0 dos de chameau depuis Sahl Hasheesh"},{"@type":"BreadcrumbList","@id":"https:\/\/egytourpackages.com\/fr\/tours\/safari-etoiles-sahl-hasheesh\/#breadcrumb","itemListElement":[{"@type":"ListItem","position":1,"name":"Home","item":"https:\/\/egytourpackages.com\/fr\/circuits-en-egypte\/"},{"@type":"ListItem","position":2,"name":"Shop","item":"https:\/\/egytourpackages.com\/shop\/"},{"@type":"ListItem","position":3,"name":"Safari \u00c9toiles Sahl Hasheesh"}]},{"@type":"WebSite","@id":"https:\/\/egytourpackages.com\/fr\/#website","url":"https:\/\/egytourpackages.com\/fr\/","name":"Egy tour packages","description":"","publisher":{"@id":"https:\/\/egytourpackages.com\/fr\/#organization"},"potentialAction":[{"@type":"SearchAction","target":{"@type":"EntryPoint","urlTemplate":"https:\/\/egytourpackages.com\/fr\/?s={search_term_string}"},"query-input":{"@type":"PropertyValueSpecification","valueRequired":true,"valueName":"search_term_string"}}],"inLanguage":"fr-FR"},{"@type":["Organization","Place","TravelAgency"],"@id":"https:\/\/egytourpackages.com\/fr\/#organization","name":"egypt tour packages","alternateName":"egypt tour packages","url":"https:\/\/egytourpackages.com\/fr\/","logo":{"@id":"https:\/\/egytourpackages.com\/fr\/tours\/safari-etoiles-sahl-hasheesh\/#local-main-organization-logo"},"image":{"@id":"https:\/\/egytourpackages.com\/fr\/tours\/safari-etoiles-sahl-hasheesh\/#local-main-organization-logo"},"sameAs":["https:\/\/www.facebook.com\/egytourpackages"],"legalName":"Egy tour packages","address":{"@id":"https:\/\/egytourpackages.com\/fr\/tours\/safari-etoiles-sahl-hasheesh\/#local-main-place-address"},"telephone":["00201000852186","00201028685533"],"contactPoint":{"@type":"ContactPoint","telephone":"00201000852186"},"openingHoursSpecification":[{"@type":"OpeningHoursSpecification","dayOfWeek":["Monday","Tuesday","Wednesday","Thursday","Friday","Saturday","Sunday"],"opens":"00:00","closes":"23:59"}],"email":"info@egytourpackages.com","areaServed":"Cairo, Hurghada, Luxor, Sharm El Sheikh, Marsa Alam, Aswan","priceRange":"$","currenciesAccepted":"euro","paymentAccepted":"Payment links online"},{"@type":"PostalAddress","@id":"https:\/\/egytourpackages.com\/fr\/tours\/safari-etoiles-sahl-hasheesh\/#local-main-place-address","streetAddress":"Mubarak 8, Al Kawthar District, Hurghada","addressLocality":"Hurghada","postalCode":"84511","addressRegion":"Red Sea","addressCountry":"EG"},{"@type":"ImageObject","inLanguage":"fr-FR","@id":"https:\/\/egytourpackages.com\/fr\/tours\/safari-etoiles-sahl-hasheesh\/#local-main-organization-logo","url":"https:\/\/egytourpackages.com\/wp-content\/uploads\/2025\/12\/Turquoise-Dahabiya-Nile-Cruise-1.jpeg","contentUrl":"https:\/\/egytourpackages.com\/wp-content\/uploads\/2025\/12\/Turquoise-Dahabiya-Nile-Cruise-1.jpeg","width":1040,"height":694,"caption":"egypt tour packages"}]},"product_brand":"Excursions en \u00c9gypte","product_price_amount":"50","product_price_currency":"EUR","og_availability":"instock","product_availability":"instock","product_retailer_item_id":"SHDT07","product_condition":"new","geo.placename":"Hurghada","geo.region":"\u00c9gypte"},"_links":{"self":[{"href":"https:\/\/egytourpackages.com\/fr\/wp-json\/wp\/v2\/product\/9708","targetHints":{"allow":["GET"]}}],"collection":[{"href":"https:\/\/egytourpackages.com\/fr\/wp-json\/wp\/v2\/product"}],"about":[{"href":"https:\/\/egytourpackages.com\/fr\/wp-json\/wp\/v2\/types\/product"}],"replies":[{"embeddable":true,"href":"https:\/\/egytourpackages.com\/fr\/wp-json\/wp\/v2\/comments?post=9708"}],"wp:featuredmedia":[{"embeddable":true,"href":"https:\/\/egytourpackages.com\/fr\/wp-json\/wp\/v2\/media\/8915"}],"wp:attachment":[{"href":"https:\/\/egytourpackages.com\/fr\/wp-json\/wp\/v2\/media?parent=9708"}],"wp:term":[{"taxonomy":"product_brand","embeddable":true,"href":"https:\/\/egytourpackages.com\/fr\/wp-json\/wp\/v2\/product_brand?post=9708"},{"taxonomy":"product_cat","embeddable":true,"href":"https:\/\/egytourpackages.com\/fr\/wp-json\/wp\/v2\/product_cat?post=9708"},{"taxonomy":"product_tag","embeddable":true,"href":"https:\/\/egytourpackages.com\/fr\/wp-json\/wp\/v2\/product_tag?post=9708"}],"curies":[{"name":"wp","href":"https:\/\/api.w.org\/{rel}","templated":true}]}}