{"id":9773,"date":"2023-08-22T11:14:52","date_gmt":"2023-08-22T11:14:52","guid":{"rendered":"https:\/\/egytourpackages.com\/product\/excursion-bianca-island-utopia-tout-inclus-snorkeling-au-depart-de-safaga\/"},"modified":"2026-01-28T02:48:32","modified_gmt":"2026-01-28T02:48:32","slug":"excursion-bianca-island-utopia-tout-inclus-snorkeling-au-depart-de-safaga","status":"publish","type":"product","link":"https:\/\/egytourpackages.com\/fr\/tours\/excursion-bianca-island-utopia-tout-inclus-snorkeling-au-depart-de-safaga\/","title":{"rendered":"Excursion Bianca Island Utopia Tout Inclus Snorkeling au D\u00e9part de Safaga"},"content":{"rendered":"<p><span style=\"color: #ff6600;\"><strong>Excursion Bianca Island Utopia Tout Inclus Snorkeling au D\u00e9part de Safaga | Voyage Mer Rouge | Activit\u00e9s Hurghada<\/strong><\/span><\/p>\n<p>\u00c0 la recherche des <strong>meilleures activit\u00e9s \u00e0 Safaga<\/strong>? Vivez une fantastique <strong>excursion d&rsquo;une journ\u00e9e \u00e0 Bianca Island Utopia<\/strong>, l&rsquo;une des <strong>meilleures excursions \u00e0 Hurghada<\/strong>, et d\u00e9couvrez la magnifique <strong>Mer Rouge<\/strong>. Cette <strong>sortie en bateau d&rsquo;une journ\u00e9e compl\u00e8te au d\u00e9part de Safaga<\/strong> est parfaite pour quiconque recherche l&rsquo;aventure, la d\u00e9tente et la chance d&rsquo;explorer une vie marine vibrante.<\/p>\n<p>Pour ceux qui cherchent une journ\u00e9e m\u00e9morable, le <strong>voyage \u00e0 Bianca Island Utopia<\/strong> est un choix parfait, offrant quelque chose pour tout le monde. Que vous recherchiez des <strong>activit\u00e9s amusantes \u00e0 faire en famille<\/strong>, des <strong>vacances \u00e0 la plage<\/strong> romantiques <strong>pour couples<\/strong>, ou une journ\u00e9e d&rsquo;aventure entre <strong>amis<\/strong>, cette excursion est id\u00e9ale.<\/p>\n<p>Ce voyage offre une <strong>exp\u00e9rience familiale inoubliable<\/strong>, avec des opportunit\u00e9s d&rsquo;observer une vie marine diversifi\u00e9e comme des poissons color\u00e9s, des \u00e9toiles de mer et des tortues marines.<\/p>\n<p>C&rsquo;est \u00e9galement une excellente option pour <strong>les personnes \u00e0 mobilit\u00e9 r\u00e9duite<\/strong>, y compris celles en fauteuil roulant, assurant l&rsquo;accessibilit\u00e9 et le confort pour tous.<\/p>\n<p>Pendant votre s\u00e9jour sur l&rsquo;\u00eele, vous avez la flexibilit\u00e9 de passer jusqu&rsquo;\u00e0 quatre heures \u00e0 vous d\u00e9tendre sur la plage, ou vous pouvez opter pour un tour de snorkeling guid\u00e9 pour explorer le monde sous-marin vibrant. Pour une vue unique des r\u00e9cifs coralliens sans vous mouiller, vous pouvez faire une balade en <strong>semi-sous-marin<\/strong>.<\/p>\n<h3><span style=\"color: #ff6600;\">Points Forts du Tour<\/span><\/h3>\n<ul>\n<li>Deux arr\u00eats de snorkeling dans deux endroits diff\u00e9rents<\/li>\n<li>D\u00e9jeuner fra\u00eechement pr\u00e9par\u00e9 \u00e0 bord<\/li>\n<li>Sports nautiques tels que Banana boat et Sofa boat<\/li>\n<\/ul>\n<h3><span style=\"color: #ff6600;\">D\u00e9tails du Tour<\/span><\/h3>\n<ul>\n<li>Dur\u00e9e: 8 heures<\/li>\n<li>Lieu du Tour: Mer Rouge<\/li>\n<li>Disponibilit\u00e9: Tous les jours<\/li>\n<li>Type de Tour: Groupe<\/li>\n<li>Prise en Charge &amp; Retour: Votre h\u00f4tel \u00e0 Safaga<\/li>\n<li>Fauteuil Roulant: Accessible<\/li>\n<\/ul>\n<h3><span style=\"color: #ff6600;\">Inclusions<\/span><\/h3>\n<ul>\n<li>Transfert aller-retour depuis votre h\u00f4tel \u00e0 Safaga<\/li>\n<li>\u00c9quipement de snorkeling (gilet de sauvetage, masque, palmes)<\/li>\n<li>Guide de snorkeling<\/li>\n<li>D\u00e9jeuner fra\u00eechement pr\u00e9par\u00e9 \u00e0 bord<\/li>\n<li>Eau min\u00e9rale, boissons chaudes et froides toute la journ\u00e9e<\/li>\n<\/ul>\n<h3><span style=\"color: #ff6600;\">Exclusions<\/span><\/h3>\n<ul>\n<li>DVD et photos par le cam\u00e9raman<\/li>\n<li>Pourboires (Tipping)<\/li>\n<li>Plong\u00e9e sous-marine (Diving)<\/li>\n<\/ul>\n<h3><span style=\"color: #ff6600;\">Quoi Emporter<\/span><\/h3>\n<ul>\n<li>Votre propre serviette de l&rsquo;h\u00f4tel<\/li>\n<li>Chapeau ou \u00c9charpe<\/li>\n<li>Cr\u00e8me solaire<\/li>\n<li>Lunettes de soleil<\/li>\n<li>Chaussures confortables<\/li>\n<li>Maillot de bain<\/li>\n<li>De l&rsquo;argent liquide pour vos d\u00e9penses personnelles<\/li>\n<\/ul>\n<h2><span style=\"color: #ff6600;\">Itin\u00e9raire<\/span><\/h2>\n<p>Votre journ\u00e9e commence par une <strong>prise en charge pratique \u00e0 l&rsquo;h\u00f4tel<\/strong> vers 8h00, suivie d&rsquo;une promenade en bateau panoramique vers un excellent <strong>site de snorkeling<\/strong>. Plongez dans les <strong>eaux cristallines<\/strong> pour une <strong>session de snorkeling<\/strong> de 45 minutes et observez le monde sous-marin \u00e0 couper le souffle et les <strong>r\u00e9cifs coralliens color\u00e9s<\/strong>.<\/p>\n<p>Ensuite, votre voyage continue vers le paradis priv\u00e9 de <strong>Bianca Island Utopia<\/strong>. \u00c0 votre arriv\u00e9e, vous disposerez d&rsquo;un emplacement r\u00e9serv\u00e9 en bord de mer pour vous d\u00e9tendre et prendre le soleil. L&rsquo;excursion comprend une <strong>exp\u00e9rience tout inclus<\/strong> avec des <strong>boissons illimit\u00e9es<\/strong> et des collations disponibles tout au long de la journ\u00e9e.<\/p>\n<p>Un d\u00e9licieux <strong>d\u00e9jeuner buffet \u00e0 volont\u00e9<\/strong> est servi sur l&rsquo;\u00eele de 12h30 \u00e0 14h00. Pour plus de plaisir, profitez d&rsquo;une <strong>balade gratuite en bateau \u00e0 fond de verre<\/strong> pour admirer les poissons et les coraux sans vous mouiller, ou rejoignez la <strong>f\u00eate de la mousse<\/strong> (foam party) d&rsquo;une demi-heure \u00e0 14h00. L&rsquo;<strong>\u00e9quipement de snorkeling<\/strong> est fourni pour ceux qui souhaitent explorer les eaux pr\u00e8s de l&rsquo;\u00eele.<\/p>\n<p>Cette <strong>excursion familiale<\/strong> est gratuite pour les enfants de moins de 5 ans, avec une r\u00e9duction de 50% pour les 5-7 ans. Le voyage d&rsquo;une journ\u00e9e compl\u00e8te se termine par votre retour au port de plaisance et un transfert vers votre h\u00f4tel vers 16h30.<\/p>\n<p>Ne manquez pas cette opportunit\u00e9 de cr\u00e9er des souvenirs inoubliables lors de l&rsquo;une des <strong>excursions les plus populaires \u00e0 Soma Bay<\/strong>.<\/p>\n<h3><span style=\"color: #ff6600;\">Prix de l&rsquo;Excursion Bianca Island Utopia Tout Inclus Snorkeling au D\u00e9part de Safaga<\/span><\/h3>\n<ul>\n<li>Prix Adulte = 60 \u20ac<\/li>\n<li>Enfants 0-5 ans = gratuit<\/li>\n<li>Enfants 5-11 ans = 50% du prix adulte<\/li>\n<\/ul>\n<h3><span style=\"color: #ff6600;\">R\u00e9servation<\/span><\/h3>\n<p>Vous pouvez r\u00e9server votre tour via WhatsApp ou nous envoyer un E-mail et vous recevrez la confirmation sur place.<\/p>\n<p>Veuillez nous envoyer le nom de votre h\u00f4tel, votre num\u00e9ro de chambre et les copies de votre passeport.<\/p>\n<ul>\n<li>WhatsApp: +201000852186<\/li>\n<li>info@egytourpackages.com<\/li>\n<\/ul>\n<h3><span style=\"color: #ff6600;\">R\u00e9servez Maintenant &amp; Payez sur place<\/span><\/h3>\n<p>R\u00e9servez votre tour pr\u00e9f\u00e9r\u00e9 et payez le jour de l&rsquo;excursion.<\/p>\n<h3><span style=\"color: #ff6600;\">Paiement<\/span><\/h3>\n<p>Vous pouvez payer en livres \u00e9gyptiennes, en $, en \u20ac\u200e ou en \u00a3.<\/p>\n<h3><span style=\"color: #ff6600;\">Politique d&rsquo;Annulation<\/span><\/h3>\n<ul>\n<li>L&rsquo;annulation est gratuite jusqu&rsquo;\u00e0 24 heures \u00e0 l&rsquo;avance<\/li>\n<li>L&rsquo;annulation le matin m\u00eame est factur\u00e9e \u00e0 50% du prix<\/li>\n<\/ul>\n","protected":false},"excerpt":{"rendered":"<p>Excursion Bianca Island Utopia Tout Inclus Snorkeling au D\u00e9part de Safaga : D\u00e9couvrez le paradis en Mer Rouge ! Journ\u00e9e compl\u00e8te, repas, sports nautiques.<\/p>\n","protected":false},"featured_media":9775,"comment_status":"open","ping_status":"closed","template":"","meta":[],"product_brand":[],"product_cat":[3124],"product_tag":[3440],"class_list":{"0":"post-9773","1":"product","2":"type-product","3":"status-publish","4":"has-post-thumbnail","6":"product_cat-tours-fr","7":"product_tag-meilleure-excursion-bateau-snorkeling","8":"tour_category-excursions-de-plongee-en-apnee-a-hurghada","9":"tour_category-excursions-en-egypte-fr","10":"tour_category-excursions-soma-bay-fr","12":"first","13":"instock","14":"sale","15":"shipping-taxable","16":"purchasable","17":"product-type-tour","18":"has-default-attributes"},"yoast_head":"<!-- This site is optimized with the Yoast SEO Premium plugin v27.4 (Yoast SEO v27.4) - https:\/\/yoast.com\/product\/yoast-seo-premium-wordpress\/ -->\n<title>Excursion Bianca Island Utopia Tout Inclus Snorkeling au D\u00e9part de Safaga<\/title>\n<meta name=\"description\" content=\"Excursion Bianca Island Utopia Tout Inclus Snorkeling au D\u00e9part de Safaga : D\u00e9couvrez le paradis en Mer Rouge ! Journ\u00e9e compl\u00e8te, repas, sports nautiques.\" \/>\n<meta name=\"robots\" content=\"index, follow, max-snippet:-1, max-image-preview:large, max-video-preview:-1\" \/>\n<link rel=\"canonical\" href=\"https:\/\/egytourpackages.com\/fr\/tours\/excursion-bianca-island-utopia-tout-inclus-snorkeling-au-depart-de-safaga\/\" \/>\n<meta property=\"og:locale\" content=\"fr_FR\" \/>\n<meta property=\"og:type\" content=\"article\" \/>\n<meta property=\"og:title\" content=\"Excursion Bianca Island Utopia Tout Inclus Snorkeling au D\u00e9part de Safaga\" \/>\n<meta property=\"og:description\" content=\"Excursion Bianca Island Utopia Tout Inclus Snorkeling au D\u00e9part de Safaga : D\u00e9couvrez le paradis en Mer Rouge ! Journ\u00e9e compl\u00e8te, repas, sports nautiques.\" \/>\n<meta property=\"og:url\" content=\"https:\/\/egytourpackages.com\/fr\/tours\/excursion-bianca-island-utopia-tout-inclus-snorkeling-au-depart-de-safaga\/\" \/>\n<meta property=\"og:site_name\" content=\"Egypt Tour Packages\" \/>\n<meta property=\"article:publisher\" content=\"https:\/\/www.facebook.com\/egytourpackages\" \/>\n<meta property=\"article:modified_time\" content=\"2026-01-28T02:48:32+00:00\" \/>\n<meta property=\"og:image\" content=\"https:\/\/egytourpackages.com\/wp-content\/uploads\/2023\/08\/Safaga-best-Snorkeling-Trip-1024x682.jpg\" \/>\n<meta name=\"twitter:card\" content=\"summary_large_image\" \/>\n<meta name=\"twitter:title\" content=\"Excursion Bianca Island Utopia Tout Inclus Snorkeling au D\u00e9part de Safaga\" \/>\n<meta name=\"twitter:description\" content=\"Excursion Bianca Island Utopia Tout Inclus Snorkeling au D\u00e9part de Safaga : D\u00e9couvrez le paradis en Mer Rouge ! Journ\u00e9e compl\u00e8te, repas, sports nautiques.\" \/>\n<meta name=\"twitter:image\" content=\"https:\/\/egytourpackages.com\/wp-content\/uploads\/2023\/08\/Safaga-best-Snorkeling-Trip-1024x682.jpg\" \/>\n<meta name=\"twitter:label1\" content=\"Prix\" \/>\n\t<meta name=\"twitter:data1\" content=\"&euro;0\" \/>\n\t<meta name=\"twitter:label2\" content=\"Disponibilit\u00e9\" \/>\n\t<meta name=\"twitter:data2\" content=\"En stock\" \/>\n<script type=\"application\/ld+json\" class=\"yoast-schema-graph\">{\"@context\":\"https:\\\/\\\/schema.org\",\"@graph\":[{\"@type\":\"WebPage\",\"@id\":\"https:\\\/\\\/egytourpackages.com\\\/fr\\\/tours\\\/excursion-bianca-island-utopia-tout-inclus-snorkeling-au-depart-de-safaga\\\/\",\"url\":\"https:\\\/\\\/egytourpackages.com\\\/fr\\\/tours\\\/excursion-bianca-island-utopia-tout-inclus-snorkeling-au-depart-de-safaga\\\/\",\"name\":\"Excursion Bianca Island Utopia Tout Inclus Snorkeling au D\u00e9part de Safaga\",\"isPartOf\":{\"@id\":\"https:\\\/\\\/egytourpackages.com\\\/fr\\\/#website\"},\"primaryImageOfPage\":{\"@id\":\"https:\\\/\\\/egytourpackages.com\\\/fr\\\/tours\\\/excursion-bianca-island-utopia-tout-inclus-snorkeling-au-depart-de-safaga\\\/#primaryimage\"},\"image\":{\"@id\":\"https:\\\/\\\/egytourpackages.com\\\/fr\\\/tours\\\/excursion-bianca-island-utopia-tout-inclus-snorkeling-au-depart-de-safaga\\\/#primaryimage\"},\"thumbnailUrl\":\"https:\\\/\\\/egytourpackages.com\\\/wp-content\\\/uploads\\\/2023\\\/08\\\/Bianca-Island-Utopia-Safaga.jpeg\",\"datePublished\":\"2023-08-22T11:14:52+00:00\",\"dateModified\":\"2026-01-28T02:48:32+00:00\",\"description\":\"Excursion Bianca Island Utopia Tout Inclus Snorkeling au D\u00e9part de Safaga : D\u00e9couvrez le paradis en Mer Rouge ! Journ\u00e9e compl\u00e8te, repas, sports nautiques.\",\"breadcrumb\":{\"@id\":\"https:\\\/\\\/egytourpackages.com\\\/fr\\\/tours\\\/excursion-bianca-island-utopia-tout-inclus-snorkeling-au-depart-de-safaga\\\/#breadcrumb\"},\"inLanguage\":\"fr-FR\",\"potentialAction\":[{\"@type\":\"ReadAction\",\"target\":[\"https:\\\/\\\/egytourpackages.com\\\/fr\\\/tours\\\/excursion-bianca-island-utopia-tout-inclus-snorkeling-au-depart-de-safaga\\\/\"]}]},{\"@type\":\"ImageObject\",\"inLanguage\":\"fr-FR\",\"@id\":\"https:\\\/\\\/egytourpackages.com\\\/fr\\\/tours\\\/excursion-bianca-island-utopia-tout-inclus-snorkeling-au-depart-de-safaga\\\/#primaryimage\",\"url\":\"https:\\\/\\\/egytourpackages.com\\\/wp-content\\\/uploads\\\/2023\\\/08\\\/Bianca-Island-Utopia-Safaga.jpeg\",\"contentUrl\":\"https:\\\/\\\/egytourpackages.com\\\/wp-content\\\/uploads\\\/2023\\\/08\\\/Bianca-Island-Utopia-Safaga.jpeg\",\"width\":1250,\"height\":833,\"caption\":\"\u00cele Bianca Utopia, Safaga\"},{\"@type\":\"BreadcrumbList\",\"@id\":\"https:\\\/\\\/egytourpackages.com\\\/fr\\\/tours\\\/excursion-bianca-island-utopia-tout-inclus-snorkeling-au-depart-de-safaga\\\/#breadcrumb\",\"itemListElement\":[{\"@type\":\"ListItem\",\"position\":1,\"name\":\"Home\",\"item\":\"https:\\\/\\\/egytourpackages.com\\\/fr\\\/circuits-en-egypte\\\/\"},{\"@type\":\"ListItem\",\"position\":2,\"name\":\"Shop\",\"item\":\"https:\\\/\\\/egytourpackages.com\\\/shop\\\/\"},{\"@type\":\"ListItem\",\"position\":3,\"name\":\"Excursion Bianca Island Utopia Tout Inclus Snorkeling au D\u00e9part de Safaga\"}]},{\"@type\":\"WebSite\",\"@id\":\"https:\\\/\\\/egytourpackages.com\\\/fr\\\/#website\",\"url\":\"https:\\\/\\\/egytourpackages.com\\\/fr\\\/\",\"name\":\"Egy tour packages\",\"description\":\"\",\"publisher\":{\"@id\":\"https:\\\/\\\/egytourpackages.com\\\/fr\\\/#organization\"},\"potentialAction\":[{\"@type\":\"SearchAction\",\"target\":{\"@type\":\"EntryPoint\",\"urlTemplate\":\"https:\\\/\\\/egytourpackages.com\\\/fr\\\/?s={search_term_string}\"},\"query-input\":{\"@type\":\"PropertyValueSpecification\",\"valueRequired\":true,\"valueName\":\"search_term_string\"}}],\"inLanguage\":\"fr-FR\"},{\"@type\":[\"Organization\",\"Place\",\"TravelAgency\"],\"@id\":\"https:\\\/\\\/egytourpackages.com\\\/fr\\\/#organization\",\"name\":\"egypt tour packages\",\"alternateName\":\"egypt tour packages\",\"url\":\"https:\\\/\\\/egytourpackages.com\\\/fr\\\/\",\"logo\":{\"@id\":\"https:\\\/\\\/egytourpackages.com\\\/fr\\\/tours\\\/excursion-bianca-island-utopia-tout-inclus-snorkeling-au-depart-de-safaga\\\/#local-main-organization-logo\"},\"image\":{\"@id\":\"https:\\\/\\\/egytourpackages.com\\\/fr\\\/tours\\\/excursion-bianca-island-utopia-tout-inclus-snorkeling-au-depart-de-safaga\\\/#local-main-organization-logo\"},\"sameAs\":[\"https:\\\/\\\/www.facebook.com\\\/egytourpackages\"],\"legalName\":\"Egy tour packages\",\"address\":{\"@id\":\"https:\\\/\\\/egytourpackages.com\\\/fr\\\/tours\\\/excursion-bianca-island-utopia-tout-inclus-snorkeling-au-depart-de-safaga\\\/#local-main-place-address\"},\"telephone\":[\"00201000852186\",\"00201028685533\"],\"contactPoint\":{\"@type\":\"ContactPoint\",\"telephone\":\"00201000852186\"},\"openingHoursSpecification\":[{\"@type\":\"OpeningHoursSpecification\",\"dayOfWeek\":[\"Monday\",\"Tuesday\",\"Wednesday\",\"Thursday\",\"Friday\",\"Saturday\",\"Sunday\"],\"opens\":\"00:00\",\"closes\":\"23:59\"}],\"email\":\"info@egytourpackages.com\",\"areaServed\":\"Cairo, Hurghada, Luxor, Sharm El Sheikh, Marsa Alam, Aswan\",\"priceRange\":\"$\",\"currenciesAccepted\":\"euro\",\"paymentAccepted\":\"Payment links online\"},{\"@type\":\"PostalAddress\",\"@id\":\"https:\\\/\\\/egytourpackages.com\\\/fr\\\/tours\\\/excursion-bianca-island-utopia-tout-inclus-snorkeling-au-depart-de-safaga\\\/#local-main-place-address\",\"streetAddress\":\"Mubarak 8, Al Kawthar District, Hurghada\",\"addressLocality\":\"Hurghada\",\"postalCode\":\"84511\",\"addressRegion\":\"Red Sea\",\"addressCountry\":\"EG\"},{\"@type\":\"ImageObject\",\"inLanguage\":\"fr-FR\",\"@id\":\"https:\\\/\\\/egytourpackages.com\\\/fr\\\/tours\\\/excursion-bianca-island-utopia-tout-inclus-snorkeling-au-depart-de-safaga\\\/#local-main-organization-logo\",\"url\":\"https:\\\/\\\/egytourpackages.com\\\/wp-content\\\/uploads\\\/2025\\\/12\\\/Turquoise-Dahabiya-Nile-Cruise-1.jpeg\",\"contentUrl\":\"https:\\\/\\\/egytourpackages.com\\\/wp-content\\\/uploads\\\/2025\\\/12\\\/Turquoise-Dahabiya-Nile-Cruise-1.jpeg\",\"width\":1040,\"height\":694,\"caption\":\"egypt tour packages\"}]}<\/script>\n<meta property=\"product:brand\" content=\"Excursions de plong\u00e9e en apn\u00e9e \u00e0 Hurghada\" \/>\n<meta property=\"product:price:amount\" content=\"0\" \/>\n<meta property=\"product:price:currency\" content=\"EUR\" \/>\n<meta property=\"og:availability\" content=\"instock\" \/>\n<meta property=\"product:availability\" content=\"instock\" \/>\n<meta property=\"product:retailer_item_id\" content=\"SBE11\" \/>\n<meta property=\"product:condition\" content=\"new\" \/>\n<meta name=\"geo.placename\" content=\"Hurghada\" \/>\n<meta name=\"geo.region\" content=\"\u00c9gypte\" \/>\n<!-- \/ Yoast SEO Premium plugin. -->","yoast_head_json":{"title":"Excursion Bianca Island Utopia Tout Inclus Snorkeling au D\u00e9part de Safaga","description":"Excursion Bianca Island Utopia Tout Inclus Snorkeling au D\u00e9part de Safaga : D\u00e9couvrez le paradis en Mer Rouge ! Journ\u00e9e compl\u00e8te, repas, sports nautiques.","robots":{"index":"index","follow":"follow","max-snippet":"max-snippet:-1","max-image-preview":"max-image-preview:large","max-video-preview":"max-video-preview:-1"},"canonical":"https:\/\/egytourpackages.com\/fr\/tours\/excursion-bianca-island-utopia-tout-inclus-snorkeling-au-depart-de-safaga\/","og_locale":"fr_FR","og_type":"article","og_title":"Excursion Bianca Island Utopia Tout Inclus Snorkeling au D\u00e9part de Safaga","og_description":"Excursion Bianca Island Utopia Tout Inclus Snorkeling au D\u00e9part de Safaga : D\u00e9couvrez le paradis en Mer Rouge ! Journ\u00e9e compl\u00e8te, repas, sports nautiques.","og_url":"https:\/\/egytourpackages.com\/fr\/tours\/excursion-bianca-island-utopia-tout-inclus-snorkeling-au-depart-de-safaga\/","og_site_name":"Egypt Tour Packages","article_publisher":"https:\/\/www.facebook.com\/egytourpackages","article_modified_time":"2026-01-28T02:48:32+00:00","og_image":[{"url":"https:\/\/egytourpackages.com\/wp-content\/uploads\/2023\/08\/Safaga-best-Snorkeling-Trip-1024x682.jpg","type":"","width":"","height":""}],"twitter_card":"summary_large_image","twitter_title":"Excursion Bianca Island Utopia Tout Inclus Snorkeling au D\u00e9part de Safaga","twitter_description":"Excursion Bianca Island Utopia Tout Inclus Snorkeling au D\u00e9part de Safaga : D\u00e9couvrez le paradis en Mer Rouge ! Journ\u00e9e compl\u00e8te, repas, sports nautiques.","twitter_image":"https:\/\/egytourpackages.com\/wp-content\/uploads\/2023\/08\/Safaga-best-Snorkeling-Trip-1024x682.jpg","twitter_misc":{"Prix":"&euro;0","Disponibilit\u00e9":"En stock"},"schema":{"@context":"https:\/\/schema.org","@graph":[{"@type":"WebPage","@id":"https:\/\/egytourpackages.com\/fr\/tours\/excursion-bianca-island-utopia-tout-inclus-snorkeling-au-depart-de-safaga\/","url":"https:\/\/egytourpackages.com\/fr\/tours\/excursion-bianca-island-utopia-tout-inclus-snorkeling-au-depart-de-safaga\/","name":"Excursion Bianca Island Utopia Tout Inclus Snorkeling au D\u00e9part de Safaga","isPartOf":{"@id":"https:\/\/egytourpackages.com\/fr\/#website"},"primaryImageOfPage":{"@id":"https:\/\/egytourpackages.com\/fr\/tours\/excursion-bianca-island-utopia-tout-inclus-snorkeling-au-depart-de-safaga\/#primaryimage"},"image":{"@id":"https:\/\/egytourpackages.com\/fr\/tours\/excursion-bianca-island-utopia-tout-inclus-snorkeling-au-depart-de-safaga\/#primaryimage"},"thumbnailUrl":"https:\/\/egytourpackages.com\/wp-content\/uploads\/2023\/08\/Bianca-Island-Utopia-Safaga.jpeg","datePublished":"2023-08-22T11:14:52+00:00","dateModified":"2026-01-28T02:48:32+00:00","description":"Excursion Bianca Island Utopia Tout Inclus Snorkeling au D\u00e9part de Safaga : D\u00e9couvrez le paradis en Mer Rouge ! Journ\u00e9e compl\u00e8te, repas, sports nautiques.","breadcrumb":{"@id":"https:\/\/egytourpackages.com\/fr\/tours\/excursion-bianca-island-utopia-tout-inclus-snorkeling-au-depart-de-safaga\/#breadcrumb"},"inLanguage":"fr-FR","potentialAction":[{"@type":"ReadAction","target":["https:\/\/egytourpackages.com\/fr\/tours\/excursion-bianca-island-utopia-tout-inclus-snorkeling-au-depart-de-safaga\/"]}]},{"@type":"ImageObject","inLanguage":"fr-FR","@id":"https:\/\/egytourpackages.com\/fr\/tours\/excursion-bianca-island-utopia-tout-inclus-snorkeling-au-depart-de-safaga\/#primaryimage","url":"https:\/\/egytourpackages.com\/wp-content\/uploads\/2023\/08\/Bianca-Island-Utopia-Safaga.jpeg","contentUrl":"https:\/\/egytourpackages.com\/wp-content\/uploads\/2023\/08\/Bianca-Island-Utopia-Safaga.jpeg","width":1250,"height":833,"caption":"\u00cele Bianca Utopia, Safaga"},{"@type":"BreadcrumbList","@id":"https:\/\/egytourpackages.com\/fr\/tours\/excursion-bianca-island-utopia-tout-inclus-snorkeling-au-depart-de-safaga\/#breadcrumb","itemListElement":[{"@type":"ListItem","position":1,"name":"Home","item":"https:\/\/egytourpackages.com\/fr\/circuits-en-egypte\/"},{"@type":"ListItem","position":2,"name":"Shop","item":"https:\/\/egytourpackages.com\/shop\/"},{"@type":"ListItem","position":3,"name":"Excursion Bianca Island Utopia Tout Inclus Snorkeling au D\u00e9part de Safaga"}]},{"@type":"WebSite","@id":"https:\/\/egytourpackages.com\/fr\/#website","url":"https:\/\/egytourpackages.com\/fr\/","name":"Egy tour packages","description":"","publisher":{"@id":"https:\/\/egytourpackages.com\/fr\/#organization"},"potentialAction":[{"@type":"SearchAction","target":{"@type":"EntryPoint","urlTemplate":"https:\/\/egytourpackages.com\/fr\/?s={search_term_string}"},"query-input":{"@type":"PropertyValueSpecification","valueRequired":true,"valueName":"search_term_string"}}],"inLanguage":"fr-FR"},{"@type":["Organization","Place","TravelAgency"],"@id":"https:\/\/egytourpackages.com\/fr\/#organization","name":"egypt tour packages","alternateName":"egypt tour packages","url":"https:\/\/egytourpackages.com\/fr\/","logo":{"@id":"https:\/\/egytourpackages.com\/fr\/tours\/excursion-bianca-island-utopia-tout-inclus-snorkeling-au-depart-de-safaga\/#local-main-organization-logo"},"image":{"@id":"https:\/\/egytourpackages.com\/fr\/tours\/excursion-bianca-island-utopia-tout-inclus-snorkeling-au-depart-de-safaga\/#local-main-organization-logo"},"sameAs":["https:\/\/www.facebook.com\/egytourpackages"],"legalName":"Egy tour packages","address":{"@id":"https:\/\/egytourpackages.com\/fr\/tours\/excursion-bianca-island-utopia-tout-inclus-snorkeling-au-depart-de-safaga\/#local-main-place-address"},"telephone":["00201000852186","00201028685533"],"contactPoint":{"@type":"ContactPoint","telephone":"00201000852186"},"openingHoursSpecification":[{"@type":"OpeningHoursSpecification","dayOfWeek":["Monday","Tuesday","Wednesday","Thursday","Friday","Saturday","Sunday"],"opens":"00:00","closes":"23:59"}],"email":"info@egytourpackages.com","areaServed":"Cairo, Hurghada, Luxor, Sharm El Sheikh, Marsa Alam, Aswan","priceRange":"$","currenciesAccepted":"euro","paymentAccepted":"Payment links online"},{"@type":"PostalAddress","@id":"https:\/\/egytourpackages.com\/fr\/tours\/excursion-bianca-island-utopia-tout-inclus-snorkeling-au-depart-de-safaga\/#local-main-place-address","streetAddress":"Mubarak 8, Al Kawthar District, Hurghada","addressLocality":"Hurghada","postalCode":"84511","addressRegion":"Red Sea","addressCountry":"EG"},{"@type":"ImageObject","inLanguage":"fr-FR","@id":"https:\/\/egytourpackages.com\/fr\/tours\/excursion-bianca-island-utopia-tout-inclus-snorkeling-au-depart-de-safaga\/#local-main-organization-logo","url":"https:\/\/egytourpackages.com\/wp-content\/uploads\/2025\/12\/Turquoise-Dahabiya-Nile-Cruise-1.jpeg","contentUrl":"https:\/\/egytourpackages.com\/wp-content\/uploads\/2025\/12\/Turquoise-Dahabiya-Nile-Cruise-1.jpeg","width":1040,"height":694,"caption":"egypt tour packages"}]},"product_brand":"Excursions de plong\u00e9e en apn\u00e9e \u00e0 Hurghada","product_price_currency":"EUR","og_availability":"instock","product_availability":"instock","product_retailer_item_id":"SBE11","product_condition":"new","geo.placename":"Hurghada","geo.region":"\u00c9gypte"},"_links":{"self":[{"href":"https:\/\/egytourpackages.com\/fr\/wp-json\/wp\/v2\/product\/9773","targetHints":{"allow":["GET"]}}],"collection":[{"href":"https:\/\/egytourpackages.com\/fr\/wp-json\/wp\/v2\/product"}],"about":[{"href":"https:\/\/egytourpackages.com\/fr\/wp-json\/wp\/v2\/types\/product"}],"replies":[{"embeddable":true,"href":"https:\/\/egytourpackages.com\/fr\/wp-json\/wp\/v2\/comments?post=9773"}],"wp:featuredmedia":[{"embeddable":true,"href":"https:\/\/egytourpackages.com\/fr\/wp-json\/wp\/v2\/media\/9775"}],"wp:attachment":[{"href":"https:\/\/egytourpackages.com\/fr\/wp-json\/wp\/v2\/media?parent=9773"}],"wp:term":[{"taxonomy":"product_brand","embeddable":true,"href":"https:\/\/egytourpackages.com\/fr\/wp-json\/wp\/v2\/product_brand?post=9773"},{"taxonomy":"product_cat","embeddable":true,"href":"https:\/\/egytourpackages.com\/fr\/wp-json\/wp\/v2\/product_cat?post=9773"},{"taxonomy":"product_tag","embeddable":true,"href":"https:\/\/egytourpackages.com\/fr\/wp-json\/wp\/v2\/product_tag?post=9773"}],"curies":[{"name":"wp","href":"https:\/\/api.w.org\/{rel}","templated":true}]}}