{"id":9781,"date":"2023-08-18T21:33:13","date_gmt":"2023-08-18T21:33:13","guid":{"rendered":"https:\/\/egytourpackages.com\/product\/visite-du-grand-musee-egyptien-et-du-vieux-caire\/"},"modified":"2026-01-08T11:31:12","modified_gmt":"2026-01-08T11:31:12","slug":"visite-du-grand-musee-egyptien-et-du-vieux-caire","status":"publish","type":"product","link":"https:\/\/egytourpackages.com\/fr\/tours\/visite-du-grand-musee-egyptien-et-du-vieux-caire\/","title":{"rendered":"Visite du Grand Mus\u00e9e \u00c9gyptien et du Vieux Caire"},"content":{"rendered":"<p><span style=\"color: #ff6600;\"><strong>Visite du Grand Mus\u00e9e \u00c9gyptien et du Vieux Caire | Voyages \u00c9gypte | Sites Historiques Le Caire | Tours Mus\u00e9e \u00c9gyptien<\/strong><\/span><\/p>\n<p>D\u00e9couvrez la c\u00e9l\u00e8bre ville du <strong>Caire<\/strong> avec une immersion d&rsquo;une journ\u00e9e compl\u00e8te au <strong>Grand Mus\u00e9e \u00c9gyptien<\/strong> (GEM) et dans le <strong>Vieux Caire<\/strong>. Cette visite est con\u00e7ue pour pr\u00e9senter l&rsquo;<strong>histoire ancienne<\/strong> in\u00e9gal\u00e9e de la ville et son patrimoine culturel diversifi\u00e9.<\/p>\n<p>Cette <strong>excursion compl\u00e8te au Caire<\/strong> offre un voyage inoubliable \u00e0 travers des mill\u00e9naires, parfait pour tout <strong>passionn\u00e9 de voyage en \u00c9gypte<\/strong>.<\/p>\n<p>Votre exploration commence dans l&rsquo;historique <strong>Caire Copte<\/strong>, le c\u0153ur spirituel de la ville. Promenez-vous dans les ruelles anciennes pour d\u00e9couvrir l&#8217;embl\u00e9matique <strong>\u00c9glise Suspendue<\/strong>, une merveille de l&rsquo;architecture pal\u00e9ochr\u00e9tienne. Elle est suspendue au-dessus d&rsquo;une <strong>forteresse romaine<\/strong>.<\/p>\n<p>Explorez les vestiges de l&rsquo;ancienne <strong>Forteresse Romaine de Babylone<\/strong> et visitez la sacr\u00e9e <strong>\u00c9glise de Saint-Serge et Bacchus<\/strong>, consid\u00e9r\u00e9e comme un refuge pour la Sainte Famille. Concluez \u00e9galement cette partie \u00e0 la v\u00e9n\u00e9r\u00e9e <strong>Synagogue Ben Ezra<\/strong>, impr\u00e9gn\u00e9e d&rsquo;histoire et de l\u00e9gendes juives.<\/p>\n<p>Ensuite, visitez le magnifique <strong>Grand Mus\u00e9e \u00c9gyptien (GEM)<\/strong>. C&rsquo;est le plus grand mus\u00e9e arch\u00e9ologique du monde et une <strong>attraction<\/strong> majeure du <strong>Caire<\/strong>. Plongez dans une collection in\u00e9gal\u00e9e d&rsquo;<strong>artefacts \u00e9gyptiens anciens<\/strong>. Les scintillants <strong>tr\u00e9sors de Toutankhamon<\/strong> sont la pi\u00e8ce ma\u00eetresse. &amp;Eacute;merveillez-vous devant des statues colossales, des insignes royaux complexes et de nombreuses expositions. Elles racontent plus de 5 000 ans d&rsquo;<strong>histoire pharaonique<\/strong>.<\/p>\n<p>Enfin, vous terminerez votre journ\u00e9e dans le <strong>Caire Islamique<\/strong> en vous promenant le long de la <strong>Rue El Moez<\/strong>, souvent d\u00e9crite comme un \u00ab\u00a0mus\u00e9e \u00e0 ciel ouvert\u00a0\u00bb en raison de sa forte concentration de superbes mosqu\u00e9es m\u00e9di\u00e9vales, de madrasas et de b\u00e2timents historiques. Plongez-vous dans l&rsquo;atmosph\u00e8re anim\u00e9e du <strong>bazar Khan El Khalili<\/strong>, le plus ancien et le plus c\u00e9l\u00e8bre <strong>march\u00e9<\/strong> du Caire.<\/p>\n<h3><span style=\"color: #ff6600;\">D\u00e9tails du Tour<\/span><\/h3>\n<ul>\n<li>Dur\u00e9e: Une Journ\u00e9e<\/li>\n<li>Lieu du Tour: Le Caire<\/li>\n<li>Disponibilit\u00e9 du Tour: Tous les jours<\/li>\n<li>Prise en Charge &amp; Retour: H\u00f4tels du Caire &amp; Gizeh<\/li>\n<li>Type de Tour: Priv\u00e9<\/li>\n<\/ul>\n<h3><span style=\"color: #ff6600;\">Points Forts du Tour<\/span><\/h3>\n<ul>\n<li>Grand Mus\u00e9e \u00c9gyptien (GEM)<\/li>\n<li>\u00c9glise Suspendue<\/li>\n<li>Forteresse Romaine<\/li>\n<li>\u00c9glise d&rsquo;Abou Serga<\/li>\n<li>Synagogue Ben Ezra<\/li>\n<li>Rue El Moez<\/li>\n<li>Khan El Khalili<\/li>\n<\/ul>\n<h3><span style=\"color: #ff6600;\">Inclusions<\/span><\/h3>\n<ul>\n<li>Transfert aller-retour en v\u00e9hicule moderne A\/C<\/li>\n<li>Guide arch\u00e9ologue expert<\/li>\n<li>D\u00e9jeuner<\/li>\n<li>Eau pendant le tour<\/li>\n<\/ul>\n<h3><span style=\"color: #ff6600;\">Exclusions<\/span><\/h3>\n<ul>\n<li>Pourboires (Tipping)<\/li>\n<li>Toutes d\u00e9penses personnelles<\/li>\n<li>Frais d&rsquo;entr\u00e9e (non inclus)<\/li>\n<\/ul>\n<h3><span style=\"color: #ff6600;\">Quoi Emporter<\/span><\/h3>\n<ul>\n<li>Cr\u00e8me solaire et lunettes de soleil<\/li>\n<li>Chapeau ou \u00e9charpe<\/li>\n<\/ul>\n<h2><span style=\"color: #ff6600;\">Itin\u00e9raire<\/span><\/h2>\n<p>Apr\u00e8s un d\u00e9licieux petit-d\u00e9jeuner, votre guide expert vous rencontrera pour commencer l&rsquo;exploration des <strong>attractions embl\u00e9matiques du Caire<\/strong>. Votre voyage dans le c\u0153ur spirituel de la ville commence par une fascinante <strong>visite du Caire Copte<\/strong>, incluant la v\u00e9n\u00e9r\u00e9e <strong>\u00c9glise Suspendue<\/strong>, une merveille de l&rsquo;architecture pal\u00e9ochr\u00e9tienne.<\/p>\n<p>D\u00e9couvrez les murs fondamentaux de la <strong>Forteresse Romaine<\/strong>. Plongez dans l&rsquo;histoire sacr\u00e9e de l&rsquo;<strong>\u00c9glise de Saint-Serge et Bacchus<\/strong>, qui aurait abrit\u00e9 la <strong>Sainte Famille<\/strong>. Concluez cette partie \u00e0 l&rsquo;historique <strong>Synagogue de Ben Ezra et la Geniza<\/strong>, connue pour ses importants documents de la Geniza.<\/p>\n<h3><span style=\"color: #ff6600;\">GEM, Grand Mus\u00e9e \u00c9gyptien<\/span><\/h3>\n<p>Ensuite, plongez dans les merveilles in\u00e9gal\u00e9es du <strong>Grand Mus\u00e9e \u00c9gyptien<\/strong>. Pr\u00e9parez-vous \u00e0 \u00eatre captiv\u00e9 par les scintillants <strong>tr\u00e9sors de Toutankhamon<\/strong>, un point culminant des <strong>artefacts \u00e9gyptiens anciens<\/strong> provenant de la tombe du jeune roi.<\/p>\n<p>Explorez des expositions remarquables, dont l&rsquo;argent du Roi Psousenn\u00e8s I et le majestueux Sphinx d&rsquo;Hatchepsout. D\u00e9couvrez aussi la statue monumentale de Kh\u00e9ops et la statue de diorite de Kh\u00e9phren. Vous d\u00e9couvrirez \u00e9galement la statue en bois de Kaaper, des momies animales, les tr\u00e9sors de Yuya et Tuya, et d&rsquo;anciens papyrus et maquettes complexes.<\/p>\n<p>Apr\u00e8s votre exp\u00e9rience immersive au mus\u00e9e, savourez un d\u00e9licieux <strong>d\u00e9jeuner dans un restaurant local<\/strong>. Vous serez pr\u00eat \u00e0 poursuivre votre exploration du paysage historique diversifi\u00e9 du Caire.<\/p>\n<p>\u00c0 la fin de votre <strong>journ\u00e9e au Caire<\/strong> au Mus\u00e9e, vous d\u00e9gusterez votre d\u00e9jeuner dans un restaurant local. Ensuite, vous vous dirigerez vers le prochain arr\u00eat : la <strong>Rue El Moez<\/strong>.<\/p>\n<p>Cette rue remonte au quatri\u00e8me calife de la <strong>Dynastie Fatimide<\/strong>. Elle pr\u00e9serve la culture \u00e9gyptienne des \u00e9poques fatimide, <strong>Mamelouke<\/strong>, Ayyoubide, Ottomane jusqu&rsquo;\u00e0 l&rsquo;\u00e9poque de <strong>Mohamed Ali Pacha<\/strong>.<\/p>\n<p>En fait, l&rsquo;une des <strong>meilleures choses \u00e0 faire au Caire<\/strong> est de visiter la rue El Moez. L\u00e0, vous pouvez voir des mosqu\u00e9es, des <em>Wikalas<\/em>, des <em>Sabils<\/em>, des <em>Kuttabs<\/em>, des <em>Madrasas<\/em> et des maisons. Apr\u00e8s cela, vous terminerez votre journ\u00e9e au tr\u00e8s c\u00e9l\u00e8bre <strong>Bazar du Caire<\/strong>, <strong>Khan El Khalili<\/strong>.<\/p>\n<p>Puis retour \u00e0 votre h\u00f4tel.<\/p>\n<h3><span style=\"color: #ff6600;\">Prix du Tour Grand Mus\u00e9e \u00c9gyptien et Vieux Caire<\/span><\/h3>\n<ul>\n<li>Prix Adulte = 90 \u20ac<\/li>\n<li>Enfants 0-5 ans = gratuit<\/li>\n<li>Enfants 5-11 ans = 50% du prix adulte<\/li>\n<\/ul>\n<h3><span style=\"color: #ff6600;\">R\u00e9servation<\/span><\/h3>\n<p>Vous pouvez r\u00e9server vos tours au Caire via WhatsApp ou nous envoyer un E-mail et vous recevrez la confirmation sur place.<\/p>\n<p>Veuillez nous envoyer le nom de votre h\u00f4tel, votre num\u00e9ro de chambre et les copies de votre passeport.<\/p>\n<ul>\n<li>WhatsApp: +201000852186<\/li>\n<li>info@egytourpackages.com<\/li>\n<\/ul>\n<h3><span style=\"color: #ff6600;\">R\u00e9servez Maintenant &amp; Payez sur place<\/span><\/h3>\n<p>R\u00e9servez votre tour pr\u00e9f\u00e9r\u00e9 et payez le jour de l&rsquo;excursion.<\/p>\n<h3><span style=\"color: #ff6600;\">Paiement<\/span><\/h3>\n<p>Vous pouvez payer en livres \u00e9gyptiennes, en $, en \u20ac\u200e ou en \u00a3.<\/p>\n<h3><span style=\"color: #ff6600;\">Politique d&rsquo;Annulation<\/span><\/h3>\n<ul>\n<li>L&rsquo;annulation est gratuite jusqu&rsquo;\u00e0 24 heures \u00e0 l&rsquo;avance<\/li>\n<li>L&rsquo;annulation le matin m\u00eame est factur\u00e9e \u00e0 50% du prix<\/li>\n<\/ul>\n","protected":false},"excerpt":{"rendered":"<p>Visite du Grand Mus\u00e9e \u00c9gyptien et du Vieux Caire : Explorez les tr\u00e9sors de Toutankhamon (GEM) et l&rsquo;histoire mill\u00e9naire du Caire Copte et Islamique.<\/p>\n","protected":false},"featured_media":9783,"comment_status":"open","ping_status":"closed","template":"","meta":[],"product_brand":[],"product_cat":[3124],"product_tag":[3442,3275,3303,3443],"class_list":{"0":"post-9781","1":"product","2":"type-product","3":"status-publish","4":"has-post-thumbnail","6":"product_cat-tours-fr","7":"product_tag-excursions-dune-journee-au-caire","8":"product_tag-excursions-dune-journee-en-egypte","9":"product_tag-grand-musee-egyptien","10":"product_tag-le-vieux-caire","11":"tour_category-excursions-en-egypte-fr","12":"tour_category-excursions-le-caire-fr","14":"first","15":"instock","16":"sale","17":"shipping-taxable","18":"purchasable","19":"product-type-tour","20":"has-default-attributes"},"yoast_head":"<!-- This site is optimized with the Yoast SEO Premium plugin v27.4 (Yoast SEO v27.4) - https:\/\/yoast.com\/product\/yoast-seo-premium-wordpress\/ -->\n<title>Visite du Grand Mus\u00e9e \u00c9gyptien et du Vieux Caire<\/title>\n<meta name=\"description\" content=\"Visite du Grand Mus\u00e9e \u00c9gyptien et du Vieux Caire : Explorez les tr\u00e9sors de Toutankhamon (GEM) et l&#039;histoire mill\u00e9naire du Caire Copte et Islamique.\" \/>\n<meta name=\"robots\" content=\"index, follow, max-snippet:-1, max-image-preview:large, max-video-preview:-1\" \/>\n<link rel=\"canonical\" href=\"https:\/\/egytourpackages.com\/fr\/tours\/visite-du-grand-musee-egyptien-et-du-vieux-caire\/\" \/>\n<meta property=\"og:locale\" content=\"fr_FR\" \/>\n<meta property=\"og:type\" content=\"article\" \/>\n<meta property=\"og:title\" content=\"Visite du Grand Mus\u00e9e \u00c9gyptien et du Vieux Caire\" \/>\n<meta property=\"og:description\" content=\"Visite du Grand Mus\u00e9e \u00c9gyptien et du Vieux Caire : Explorez les tr\u00e9sors de Toutankhamon (GEM) et l&#039;histoire mill\u00e9naire du Caire Copte et Islamique.\" \/>\n<meta property=\"og:url\" content=\"https:\/\/egytourpackages.com\/fr\/tours\/visite-du-grand-musee-egyptien-et-du-vieux-caire\/\" \/>\n<meta property=\"og:site_name\" content=\"Egypt Tour Packages\" \/>\n<meta property=\"article:publisher\" content=\"https:\/\/www.facebook.com\/egytourpackages\" \/>\n<meta property=\"article:modified_time\" content=\"2026-01-08T11:31:12+00:00\" \/>\n<meta property=\"og:image\" content=\"https:\/\/egytourpackages.com\/wp-content\/uploads\/2023\/08\/Wooden-Maquettes-Egyptian-Museum-1024x768.jpg\" \/>\n<meta name=\"twitter:card\" content=\"summary_large_image\" \/>\n<meta name=\"twitter:title\" content=\"Visite du Grand Mus\u00e9e \u00c9gyptien et du Vieux Caire\" \/>\n<meta name=\"twitter:description\" content=\"Visite du Grand Mus\u00e9e \u00c9gyptien et du Vieux Caire : Explorez les tr\u00e9sors de Toutankhamon (GEM) et l&#039;histoire mill\u00e9naire du Caire Copte et Islamique.\" \/>\n<meta name=\"twitter:image\" content=\"https:\/\/egytourpackages.com\/wp-content\/uploads\/2023\/08\/Wooden-Maquettes-Egyptian-Museum-1024x768.jpg\" \/>\n<meta name=\"twitter:label1\" content=\"Prix\" \/>\n\t<meta name=\"twitter:data1\" content=\"&euro;90\" \/>\n\t<meta name=\"twitter:label2\" content=\"Disponibilit\u00e9\" \/>\n\t<meta name=\"twitter:data2\" content=\"En stock\" \/>\n<script type=\"application\/ld+json\" class=\"yoast-schema-graph\">{\"@context\":\"https:\\\/\\\/schema.org\",\"@graph\":[{\"@type\":\"WebPage\",\"@id\":\"https:\\\/\\\/egytourpackages.com\\\/fr\\\/tours\\\/visite-du-grand-musee-egyptien-et-du-vieux-caire\\\/\",\"url\":\"https:\\\/\\\/egytourpackages.com\\\/fr\\\/tours\\\/visite-du-grand-musee-egyptien-et-du-vieux-caire\\\/\",\"name\":\"Visite du Grand Mus\u00e9e \u00c9gyptien et du Vieux Caire\",\"isPartOf\":{\"@id\":\"https:\\\/\\\/egytourpackages.com\\\/fr\\\/#website\"},\"primaryImageOfPage\":{\"@id\":\"https:\\\/\\\/egytourpackages.com\\\/fr\\\/tours\\\/visite-du-grand-musee-egyptien-et-du-vieux-caire\\\/#primaryimage\"},\"image\":{\"@id\":\"https:\\\/\\\/egytourpackages.com\\\/fr\\\/tours\\\/visite-du-grand-musee-egyptien-et-du-vieux-caire\\\/#primaryimage\"},\"thumbnailUrl\":\"https:\\\/\\\/egytourpackages.com\\\/wp-content\\\/uploads\\\/2023\\\/08\\\/Wooden-Maquettes-Egyptian-Museum.jpg\",\"datePublished\":\"2023-08-18T21:33:13+00:00\",\"dateModified\":\"2026-01-08T11:31:12+00:00\",\"description\":\"Visite du Grand Mus\u00e9e \u00c9gyptien et du Vieux Caire : Explorez les tr\u00e9sors de Toutankhamon (GEM) et l'histoire mill\u00e9naire du Caire Copte et Islamique.\",\"breadcrumb\":{\"@id\":\"https:\\\/\\\/egytourpackages.com\\\/fr\\\/tours\\\/visite-du-grand-musee-egyptien-et-du-vieux-caire\\\/#breadcrumb\"},\"inLanguage\":\"fr-FR\",\"potentialAction\":[{\"@type\":\"ReadAction\",\"target\":[\"https:\\\/\\\/egytourpackages.com\\\/fr\\\/tours\\\/visite-du-grand-musee-egyptien-et-du-vieux-caire\\\/\"]}]},{\"@type\":\"ImageObject\",\"inLanguage\":\"fr-FR\",\"@id\":\"https:\\\/\\\/egytourpackages.com\\\/fr\\\/tours\\\/visite-du-grand-musee-egyptien-et-du-vieux-caire\\\/#primaryimage\",\"url\":\"https:\\\/\\\/egytourpackages.com\\\/wp-content\\\/uploads\\\/2023\\\/08\\\/Wooden-Maquettes-Egyptian-Museum.jpg\",\"contentUrl\":\"https:\\\/\\\/egytourpackages.com\\\/wp-content\\\/uploads\\\/2023\\\/08\\\/Wooden-Maquettes-Egyptian-Museum.jpg\",\"width\":2000,\"height\":1500,\"caption\":\"Maquettes en bois, Mus\u00e9e \u00e9gyptien\"},{\"@type\":\"BreadcrumbList\",\"@id\":\"https:\\\/\\\/egytourpackages.com\\\/fr\\\/tours\\\/visite-du-grand-musee-egyptien-et-du-vieux-caire\\\/#breadcrumb\",\"itemListElement\":[{\"@type\":\"ListItem\",\"position\":1,\"name\":\"Home\",\"item\":\"https:\\\/\\\/egytourpackages.com\\\/fr\\\/circuits-en-egypte\\\/\"},{\"@type\":\"ListItem\",\"position\":2,\"name\":\"Shop\",\"item\":\"https:\\\/\\\/egytourpackages.com\\\/shop\\\/\"},{\"@type\":\"ListItem\",\"position\":3,\"name\":\"Visite du Grand Mus\u00e9e \u00c9gyptien et du Vieux Caire\"}]},{\"@type\":\"WebSite\",\"@id\":\"https:\\\/\\\/egytourpackages.com\\\/fr\\\/#website\",\"url\":\"https:\\\/\\\/egytourpackages.com\\\/fr\\\/\",\"name\":\"Egy tour packages\",\"description\":\"\",\"publisher\":{\"@id\":\"https:\\\/\\\/egytourpackages.com\\\/fr\\\/#organization\"},\"potentialAction\":[{\"@type\":\"SearchAction\",\"target\":{\"@type\":\"EntryPoint\",\"urlTemplate\":\"https:\\\/\\\/egytourpackages.com\\\/fr\\\/?s={search_term_string}\"},\"query-input\":{\"@type\":\"PropertyValueSpecification\",\"valueRequired\":true,\"valueName\":\"search_term_string\"}}],\"inLanguage\":\"fr-FR\"},{\"@type\":[\"Organization\",\"Place\",\"TravelAgency\"],\"@id\":\"https:\\\/\\\/egytourpackages.com\\\/fr\\\/#organization\",\"name\":\"egypt tour packages\",\"alternateName\":\"egypt tour packages\",\"url\":\"https:\\\/\\\/egytourpackages.com\\\/fr\\\/\",\"logo\":{\"@id\":\"https:\\\/\\\/egytourpackages.com\\\/fr\\\/tours\\\/visite-du-grand-musee-egyptien-et-du-vieux-caire\\\/#local-main-organization-logo\"},\"image\":{\"@id\":\"https:\\\/\\\/egytourpackages.com\\\/fr\\\/tours\\\/visite-du-grand-musee-egyptien-et-du-vieux-caire\\\/#local-main-organization-logo\"},\"sameAs\":[\"https:\\\/\\\/www.facebook.com\\\/egytourpackages\"],\"legalName\":\"Egy tour packages\",\"address\":{\"@id\":\"https:\\\/\\\/egytourpackages.com\\\/fr\\\/tours\\\/visite-du-grand-musee-egyptien-et-du-vieux-caire\\\/#local-main-place-address\"},\"telephone\":[\"00201000852186\",\"00201028685533\"],\"contactPoint\":{\"@type\":\"ContactPoint\",\"telephone\":\"00201000852186\"},\"openingHoursSpecification\":[{\"@type\":\"OpeningHoursSpecification\",\"dayOfWeek\":[\"Monday\",\"Tuesday\",\"Wednesday\",\"Thursday\",\"Friday\",\"Saturday\",\"Sunday\"],\"opens\":\"00:00\",\"closes\":\"23:59\"}],\"email\":\"info@egytourpackages.com\",\"areaServed\":\"Cairo, Hurghada, Luxor, Sharm El Sheikh, Marsa Alam, Aswan\",\"priceRange\":\"$\",\"currenciesAccepted\":\"euro\",\"paymentAccepted\":\"Payment links online\"},{\"@type\":\"PostalAddress\",\"@id\":\"https:\\\/\\\/egytourpackages.com\\\/fr\\\/tours\\\/visite-du-grand-musee-egyptien-et-du-vieux-caire\\\/#local-main-place-address\",\"streetAddress\":\"Mubarak 8, Al Kawthar District, Hurghada\",\"addressLocality\":\"Hurghada\",\"postalCode\":\"84511\",\"addressRegion\":\"Red Sea\",\"addressCountry\":\"EG\"},{\"@type\":\"ImageObject\",\"inLanguage\":\"fr-FR\",\"@id\":\"https:\\\/\\\/egytourpackages.com\\\/fr\\\/tours\\\/visite-du-grand-musee-egyptien-et-du-vieux-caire\\\/#local-main-organization-logo\",\"url\":\"https:\\\/\\\/egytourpackages.com\\\/wp-content\\\/uploads\\\/2025\\\/12\\\/Turquoise-Dahabiya-Nile-Cruise-1.jpeg\",\"contentUrl\":\"https:\\\/\\\/egytourpackages.com\\\/wp-content\\\/uploads\\\/2025\\\/12\\\/Turquoise-Dahabiya-Nile-Cruise-1.jpeg\",\"width\":1040,\"height\":694,\"caption\":\"egypt tour packages\"}]}<\/script>\n<meta property=\"product:brand\" content=\"Excursions en \u00c9gypte\" \/>\n<meta property=\"product:price:amount\" content=\"90\" \/>\n<meta property=\"product:price:currency\" content=\"EUR\" \/>\n<meta property=\"og:availability\" content=\"instock\" \/>\n<meta property=\"product:availability\" content=\"instock\" \/>\n<meta property=\"product:retailer_item_id\" content=\"CDT04\" \/>\n<meta property=\"product:condition\" content=\"new\" \/>\n<meta name=\"geo.placename\" content=\"Hurghada\" \/>\n<meta name=\"geo.region\" content=\"\u00c9gypte\" \/>\n<!-- \/ Yoast SEO Premium plugin. -->","yoast_head_json":{"title":"Visite du Grand Mus\u00e9e \u00c9gyptien et du Vieux Caire","description":"Visite du Grand Mus\u00e9e \u00c9gyptien et du Vieux Caire : Explorez les tr\u00e9sors de Toutankhamon (GEM) et l'histoire mill\u00e9naire du Caire Copte et Islamique.","robots":{"index":"index","follow":"follow","max-snippet":"max-snippet:-1","max-image-preview":"max-image-preview:large","max-video-preview":"max-video-preview:-1"},"canonical":"https:\/\/egytourpackages.com\/fr\/tours\/visite-du-grand-musee-egyptien-et-du-vieux-caire\/","og_locale":"fr_FR","og_type":"article","og_title":"Visite du Grand Mus\u00e9e \u00c9gyptien et du Vieux Caire","og_description":"Visite du Grand Mus\u00e9e \u00c9gyptien et du Vieux Caire : Explorez les tr\u00e9sors de Toutankhamon (GEM) et l'histoire mill\u00e9naire du Caire Copte et Islamique.","og_url":"https:\/\/egytourpackages.com\/fr\/tours\/visite-du-grand-musee-egyptien-et-du-vieux-caire\/","og_site_name":"Egypt Tour Packages","article_publisher":"https:\/\/www.facebook.com\/egytourpackages","article_modified_time":"2026-01-08T11:31:12+00:00","og_image":[{"url":"https:\/\/egytourpackages.com\/wp-content\/uploads\/2023\/08\/Wooden-Maquettes-Egyptian-Museum-1024x768.jpg","type":"","width":"","height":""}],"twitter_card":"summary_large_image","twitter_title":"Visite du Grand Mus\u00e9e \u00c9gyptien et du Vieux Caire","twitter_description":"Visite du Grand Mus\u00e9e \u00c9gyptien et du Vieux Caire : Explorez les tr\u00e9sors de Toutankhamon (GEM) et l'histoire mill\u00e9naire du Caire Copte et Islamique.","twitter_image":"https:\/\/egytourpackages.com\/wp-content\/uploads\/2023\/08\/Wooden-Maquettes-Egyptian-Museum-1024x768.jpg","twitter_misc":{"Prix":"&euro;90","Disponibilit\u00e9":"En stock"},"schema":{"@context":"https:\/\/schema.org","@graph":[{"@type":"WebPage","@id":"https:\/\/egytourpackages.com\/fr\/tours\/visite-du-grand-musee-egyptien-et-du-vieux-caire\/","url":"https:\/\/egytourpackages.com\/fr\/tours\/visite-du-grand-musee-egyptien-et-du-vieux-caire\/","name":"Visite du Grand Mus\u00e9e \u00c9gyptien et du Vieux Caire","isPartOf":{"@id":"https:\/\/egytourpackages.com\/fr\/#website"},"primaryImageOfPage":{"@id":"https:\/\/egytourpackages.com\/fr\/tours\/visite-du-grand-musee-egyptien-et-du-vieux-caire\/#primaryimage"},"image":{"@id":"https:\/\/egytourpackages.com\/fr\/tours\/visite-du-grand-musee-egyptien-et-du-vieux-caire\/#primaryimage"},"thumbnailUrl":"https:\/\/egytourpackages.com\/wp-content\/uploads\/2023\/08\/Wooden-Maquettes-Egyptian-Museum.jpg","datePublished":"2023-08-18T21:33:13+00:00","dateModified":"2026-01-08T11:31:12+00:00","description":"Visite du Grand Mus\u00e9e \u00c9gyptien et du Vieux Caire : Explorez les tr\u00e9sors de Toutankhamon (GEM) et l'histoire mill\u00e9naire du Caire Copte et Islamique.","breadcrumb":{"@id":"https:\/\/egytourpackages.com\/fr\/tours\/visite-du-grand-musee-egyptien-et-du-vieux-caire\/#breadcrumb"},"inLanguage":"fr-FR","potentialAction":[{"@type":"ReadAction","target":["https:\/\/egytourpackages.com\/fr\/tours\/visite-du-grand-musee-egyptien-et-du-vieux-caire\/"]}]},{"@type":"ImageObject","inLanguage":"fr-FR","@id":"https:\/\/egytourpackages.com\/fr\/tours\/visite-du-grand-musee-egyptien-et-du-vieux-caire\/#primaryimage","url":"https:\/\/egytourpackages.com\/wp-content\/uploads\/2023\/08\/Wooden-Maquettes-Egyptian-Museum.jpg","contentUrl":"https:\/\/egytourpackages.com\/wp-content\/uploads\/2023\/08\/Wooden-Maquettes-Egyptian-Museum.jpg","width":2000,"height":1500,"caption":"Maquettes en bois, Mus\u00e9e \u00e9gyptien"},{"@type":"BreadcrumbList","@id":"https:\/\/egytourpackages.com\/fr\/tours\/visite-du-grand-musee-egyptien-et-du-vieux-caire\/#breadcrumb","itemListElement":[{"@type":"ListItem","position":1,"name":"Home","item":"https:\/\/egytourpackages.com\/fr\/circuits-en-egypte\/"},{"@type":"ListItem","position":2,"name":"Shop","item":"https:\/\/egytourpackages.com\/shop\/"},{"@type":"ListItem","position":3,"name":"Visite du Grand Mus\u00e9e \u00c9gyptien et du Vieux Caire"}]},{"@type":"WebSite","@id":"https:\/\/egytourpackages.com\/fr\/#website","url":"https:\/\/egytourpackages.com\/fr\/","name":"Egy tour packages","description":"","publisher":{"@id":"https:\/\/egytourpackages.com\/fr\/#organization"},"potentialAction":[{"@type":"SearchAction","target":{"@type":"EntryPoint","urlTemplate":"https:\/\/egytourpackages.com\/fr\/?s={search_term_string}"},"query-input":{"@type":"PropertyValueSpecification","valueRequired":true,"valueName":"search_term_string"}}],"inLanguage":"fr-FR"},{"@type":["Organization","Place","TravelAgency"],"@id":"https:\/\/egytourpackages.com\/fr\/#organization","name":"egypt tour packages","alternateName":"egypt tour packages","url":"https:\/\/egytourpackages.com\/fr\/","logo":{"@id":"https:\/\/egytourpackages.com\/fr\/tours\/visite-du-grand-musee-egyptien-et-du-vieux-caire\/#local-main-organization-logo"},"image":{"@id":"https:\/\/egytourpackages.com\/fr\/tours\/visite-du-grand-musee-egyptien-et-du-vieux-caire\/#local-main-organization-logo"},"sameAs":["https:\/\/www.facebook.com\/egytourpackages"],"legalName":"Egy tour packages","address":{"@id":"https:\/\/egytourpackages.com\/fr\/tours\/visite-du-grand-musee-egyptien-et-du-vieux-caire\/#local-main-place-address"},"telephone":["00201000852186","00201028685533"],"contactPoint":{"@type":"ContactPoint","telephone":"00201000852186"},"openingHoursSpecification":[{"@type":"OpeningHoursSpecification","dayOfWeek":["Monday","Tuesday","Wednesday","Thursday","Friday","Saturday","Sunday"],"opens":"00:00","closes":"23:59"}],"email":"info@egytourpackages.com","areaServed":"Cairo, Hurghada, Luxor, Sharm El Sheikh, Marsa Alam, Aswan","priceRange":"$","currenciesAccepted":"euro","paymentAccepted":"Payment links online"},{"@type":"PostalAddress","@id":"https:\/\/egytourpackages.com\/fr\/tours\/visite-du-grand-musee-egyptien-et-du-vieux-caire\/#local-main-place-address","streetAddress":"Mubarak 8, Al Kawthar District, Hurghada","addressLocality":"Hurghada","postalCode":"84511","addressRegion":"Red Sea","addressCountry":"EG"},{"@type":"ImageObject","inLanguage":"fr-FR","@id":"https:\/\/egytourpackages.com\/fr\/tours\/visite-du-grand-musee-egyptien-et-du-vieux-caire\/#local-main-organization-logo","url":"https:\/\/egytourpackages.com\/wp-content\/uploads\/2025\/12\/Turquoise-Dahabiya-Nile-Cruise-1.jpeg","contentUrl":"https:\/\/egytourpackages.com\/wp-content\/uploads\/2025\/12\/Turquoise-Dahabiya-Nile-Cruise-1.jpeg","width":1040,"height":694,"caption":"egypt tour packages"}]},"product_brand":"Excursions en \u00c9gypte","product_price_amount":"90","product_price_currency":"EUR","og_availability":"instock","product_availability":"instock","product_retailer_item_id":"CDT04","product_condition":"new","geo.placename":"Hurghada","geo.region":"\u00c9gypte"},"_links":{"self":[{"href":"https:\/\/egytourpackages.com\/fr\/wp-json\/wp\/v2\/product\/9781","targetHints":{"allow":["GET"]}}],"collection":[{"href":"https:\/\/egytourpackages.com\/fr\/wp-json\/wp\/v2\/product"}],"about":[{"href":"https:\/\/egytourpackages.com\/fr\/wp-json\/wp\/v2\/types\/product"}],"replies":[{"embeddable":true,"href":"https:\/\/egytourpackages.com\/fr\/wp-json\/wp\/v2\/comments?post=9781"}],"wp:featuredmedia":[{"embeddable":true,"href":"https:\/\/egytourpackages.com\/fr\/wp-json\/wp\/v2\/media\/9783"}],"wp:attachment":[{"href":"https:\/\/egytourpackages.com\/fr\/wp-json\/wp\/v2\/media?parent=9781"}],"wp:term":[{"taxonomy":"product_brand","embeddable":true,"href":"https:\/\/egytourpackages.com\/fr\/wp-json\/wp\/v2\/product_brand?post=9781"},{"taxonomy":"product_cat","embeddable":true,"href":"https:\/\/egytourpackages.com\/fr\/wp-json\/wp\/v2\/product_cat?post=9781"},{"taxonomy":"product_tag","embeddable":true,"href":"https:\/\/egytourpackages.com\/fr\/wp-json\/wp\/v2\/product_tag?post=9781"}],"curies":[{"name":"wp","href":"https:\/\/api.w.org\/{rel}","templated":true}]}}