{"id":9786,"date":"2023-08-22T11:32:17","date_gmt":"2023-08-22T11:32:17","guid":{"rendered":"https:\/\/egytourpackages.com\/product\/excursion-bateau-snorkeling-hurghada\/"},"modified":"2026-01-28T20:52:37","modified_gmt":"2026-01-28T20:52:37","slug":"excursion-bateau-snorkeling-hurghada","status":"publish","type":"product","link":"https:\/\/egytourpackages.com\/fr\/tours\/excursion-bateau-snorkeling-hurghada\/","title":{"rendered":"Excursion Bateau Snorkeling Hurghada"},"content":{"rendered":"<p><span style=\"color: #ff6600;\"><strong>Excursion Bateau Snorkeling Hurghada | Meilleures Excursions Hurghada | Plong\u00e9e Mer Rouge<\/strong><\/span><\/p>\n<p>R\u00e9servez et profitez d&rsquo;une <strong>excursion en bateau snorkeling inoubliable au d\u00e9part d&rsquo;Hurghada<\/strong>, consid\u00e9r\u00e9e comme l&rsquo;une des <strong>meilleures activit\u00e9s \u00e0 Hurghada<\/strong>. Ce <strong>tour en mer avec snorkeling<\/strong> est con\u00e7u pour vous immerger dans la beaut\u00e9 \u00e9poustouflante de la <strong>Mer Rouge<\/strong>, offrant un m\u00e9lange parfait de d\u00e9tente et d&rsquo;aventure.<\/p>\n<p>En tant qu&rsquo;une des meilleures <strong>excursions \u00e0 Hurghada<\/strong> et un <strong>tour d&rsquo;une journ\u00e9e en \u00c9gypte<\/strong> de premier plan, ce voyage vous emm\u00e8ne vers les <strong>sites de snorkeling<\/strong> les plus incroyables \u00e0 bord d&rsquo;un yacht de luxe, promettant une exp\u00e9rience tout compris.<\/p>\n<p>Votre voyage commence par une croisi\u00e8re panoramique vers la <strong>magnifique \u00cele d&rsquo;Orange Bay<\/strong>. Connue pour son atmosph\u00e8re carib\u00e9enne, l&rsquo;<strong>\u00cele d&rsquo;Orange Bay<\/strong> est un havre de paix avec des eaux turquoise peu profondes et des plages de sable blanc et doux.<\/p>\n<p>C&rsquo;est l&rsquo;endroit parfait pour se d\u00e9tendre sur les c\u00e9l\u00e8bres balan\u00e7oires et hamacs dans la mer, ou simplement prendre un bain de soleil. Les eaux prot\u00e9g\u00e9es autour de l&rsquo;\u00eele sont id\u00e9ales pour les familles et les d\u00e9butants, offrant un aper\u00e7u vibrant des <strong>poissons color\u00e9s de la Mer Rouge<\/strong> et des d\u00e9licats <strong>r\u00e9cifs coralliens de la Mer Rouge<\/strong>.<\/p>\n<p>La <strong>deuxi\u00e8me option<\/strong> pour ce tour est une autre destination spectaculaire : l&rsquo;<strong>\u00cele Hula Hula<\/strong>. Ce paradis insulaire paisible fait partie du <strong>Parc National des \u00celes Giftun<\/strong> et est c\u00e9l\u00e9br\u00e9 pour ses jardins de coraux intacts et son environnement serein.<\/p>\n<p>Ici, vous aurez plus d&rsquo;opportunit\u00e9s de faire du snorkeling parmi la <strong>diversit\u00e9 de la vie marine de la Mer Rouge<\/strong> et de d\u00e9couvrir des panoramas sous-marins \u00e9poustouflants. L&rsquo;<strong>\u00cele Hula Hula<\/strong> et l&rsquo;<strong>\u00cele d&rsquo;Orange Bay<\/strong> offrent toutes deux une exp\u00e9rience de snorkeling unique, avec une abondance de poissons tropicaux, des formations coralliennes impressionnantes et la chance d&rsquo;apercevoir d&rsquo;autres cr\u00e9atures marines comme des \u00e9toiles de mer et des tortues.<\/p>\n<p>Le tour fournit tout l&rsquo;<strong>\u00e9quipement de snorkeling<\/strong> n\u00e9cessaire, ainsi qu&rsquo;un d\u00e9licieux <strong>d\u00e9jeuner buffet<\/strong>, des collations et des <strong>boissons illimit\u00e9es \u00e0 bord<\/strong>. Que vous soyez un plongeur exp\u00e9riment\u00e9 ou que vous essayiez le snorkeling pour la premi\u00e8re fois, cette excursion est la meilleure fa\u00e7on de d\u00e9couvrir les merveilles aquatiques de la Mer Rouge.<\/p>\n<p>Ce <strong>voyage familial<\/strong> est gratuit pour les enfants de moins de 5 ans, avec une r\u00e9duction de 50% pour les 5-7 ans. Le voyage d&rsquo;une journ\u00e9e compl\u00e8te se termine par votre retour \u00e0 la marina et un transfert vers votre h\u00f4tel vers 16h30. Ne manquez pas cette opportunit\u00e9 de cr\u00e9er des souvenirs inoubliables lors de l&rsquo;une des <strong>excursions les plus populaires \u00e0 Hurghada<\/strong>.<\/p>\n<h3><span style=\"color: #ff6600;\">Points Forts du Tour<\/span><\/h3>\n<ul>\n<li>Deux arr\u00eats de snorkeling dans deux endroits diff\u00e9rents<\/li>\n<li>D\u00e9jeuner fra\u00eechement pr\u00e9par\u00e9 \u00e0 bord<\/li>\n<li>Sports nautiques tels que Banana boat et Sofa boat<\/li>\n<\/ul>\n<h3><span style=\"color: #ff6600;\">D\u00e9tails du Tour<\/span><\/h3>\n<ul>\n<li>Dur\u00e9e : 8 heures<\/li>\n<li>Lieu du Tour : Mer Rouge<\/li>\n<li>Disponibilit\u00e9 : Tous les jours<\/li>\n<li>Type de Tour : Groupe<\/li>\n<li>Prise en Charge &amp; Retour : Votre h\u00f4tel \u00e0 Hurghada<\/li>\n<li>Fauteuil Roulant : Accessible<\/li>\n<\/ul>\n<h3><span style=\"color: #ff6600;\">Inclusions<\/span><\/h3>\n<ul>\n<li>Transfert aller-retour depuis votre h\u00f4tel \u00e0 Hurghada<\/li>\n<li>\u00c9quipement de snorkeling (gilet de sauvetage, masque, palmes)<\/li>\n<li>Guide de snorkeling<\/li>\n<li>D\u00e9jeuner fra\u00eechement pr\u00e9par\u00e9 \u00e0 bord<\/li>\n<li>Eau min\u00e9rale, boissons chaudes et froides toute la journ\u00e9e<\/li>\n<\/ul>\n<h3><span style=\"color: #ff6600;\">Exclusions<\/span><\/h3>\n<ul>\n<li>DVD et photos par le cam\u00e9raman<\/li>\n<li>Pourboires (Tipping)<\/li>\n<li>Plong\u00e9e sous-marine (Diving)<\/li>\n<\/ul>\n<h3><span style=\"color: #ff6600;\">Quoi Emporter<\/span><\/h3>\n<ul>\n<li>Votre propre serviette de l&rsquo;h\u00f4tel<\/li>\n<li>Chapeau ou \u00c9charpe<\/li>\n<li>Cr\u00e8me solaire<\/li>\n<li>Lunettes de soleil<\/li>\n<li>Chaussures confortables<\/li>\n<li>Maillot de bain<\/li>\n<li>De l&rsquo;argent liquide pour vos d\u00e9penses personnelles<\/li>\n<\/ul>\n<h3><span style=\"color: #ff6600;\">Prix de l&rsquo;Excursion Bateau Snorkeling au D\u00e9part d&rsquo;Hurghada<\/span><\/h3>\n<ul>\n<li>Prix Adulte = 25 \u20ac<\/li>\n<li>Enfants 0-5 ans = gratuit<\/li>\n<li>Enfants 5-11 ans = 50% du prix adulte<\/li>\n<\/ul>\n<h3><span style=\"color: #ff6600;\">R\u00e9servation<\/span><\/h3>\n<p>Vous pouvez r\u00e9server votre tour via WhatsApp ou nous envoyer un E-mail et vous recevrez la confirmation sur place.<\/p>\n<p>Veuillez nous envoyer le nom de votre h\u00f4tel, votre num\u00e9ro de chambre et les copies de votre passeport.<\/p>\n<ul>\n<li>WhatsApp: +201000852186<\/li>\n<li>info@egytourpackages.com<\/li>\n<\/ul>\n<h3><span style=\"color: #ff6600;\">R\u00e9servez Maintenant &amp; Payez sur place<\/span><\/h3>\n<p>R\u00e9servez votre tour pr\u00e9f\u00e9r\u00e9 et payez le jour de l&rsquo;excursion.<\/p>\n<h3><span style=\"color: #ff6600;\">Paiement<\/span><\/h3>\n<p>Vous pouvez payer en livres \u00e9gyptiennes, en $, en \u20ac\u200e ou en \u00a3.<\/p>\n<h3><span style=\"color: #ff6600;\">Politique d&rsquo;Annulation<\/span><\/h3>\n<ul>\n<li>L&rsquo;annulation est gratuite jusqu&rsquo;\u00e0 24 heures \u00e0 l&rsquo;avance<\/li>\n<li>L&rsquo;annulation le matin m\u00eame est factur\u00e9e \u00e0 50% du prix<\/li>\n<\/ul>\n","protected":false},"excerpt":{"rendered":"<p>Excursion Bateau Snorkeling Hurghada : D\u00e9couvrez l&rsquo;\u00cele Orange Bay ou Hula Hula ! 2 spots de snorkeling, d\u00e9jeuner buffet, sports nautiques. R\u00e9servez<\/p>\n","protected":false},"featured_media":9787,"comment_status":"open","ping_status":"closed","template":"","meta":[],"product_brand":[],"product_cat":[3124],"product_tag":[3274,3440],"class_list":{"0":"post-9786","1":"product","2":"type-product","3":"status-publish","4":"has-post-thumbnail","6":"product_cat-tours-fr","7":"product_tag-excursions-a-hurghada","8":"product_tag-meilleure-excursion-bateau-snorkeling","9":"tour_category-excursions-a-hurghada-fr","10":"tour_category-excursions-de-plongee-en-apnee-a-hurghada","11":"tour_category-excursions-en-egypte-fr","13":"first","14":"instock","15":"sale","16":"shipping-taxable","17":"purchasable","18":"product-type-tour","19":"has-default-attributes"},"yoast_head":"<!-- This site is optimized with the Yoast SEO Premium plugin v27.4 (Yoast SEO v27.4) - https:\/\/yoast.com\/product\/yoast-seo-premium-wordpress\/ -->\n<title>Excursion Bateau Snorkeling Hurghada<\/title>\n<meta name=\"description\" content=\"Excursion Bateau Snorkeling Hurghada : D\u00e9couvrez l&#039;\u00cele Orange Bay ou Hula Hula ! 2 spots de snorkeling, d\u00e9jeuner buffet, sports nautiques. R\u00e9servez\" \/>\n<meta name=\"robots\" content=\"index, follow, max-snippet:-1, max-image-preview:large, max-video-preview:-1\" \/>\n<link rel=\"canonical\" href=\"https:\/\/egytourpackages.com\/fr\/tours\/excursion-bateau-snorkeling-hurghada\/\" \/>\n<meta property=\"og:locale\" content=\"fr_FR\" \/>\n<meta property=\"og:type\" content=\"article\" \/>\n<meta property=\"og:title\" content=\"Excursion Bateau Snorkeling Hurghada\" \/>\n<meta property=\"og:description\" content=\"Excursion Bateau Snorkeling Hurghada : D\u00e9couvrez l&#039;\u00cele Orange Bay ou Hula Hula ! 2 spots de snorkeling, d\u00e9jeuner buffet, sports nautiques. R\u00e9servez\" \/>\n<meta property=\"og:url\" content=\"https:\/\/egytourpackages.com\/fr\/tours\/excursion-bateau-snorkeling-hurghada\/\" \/>\n<meta property=\"og:site_name\" content=\"Egypt Tour Packages\" \/>\n<meta property=\"article:publisher\" content=\"https:\/\/www.facebook.com\/egytourpackages\" \/>\n<meta property=\"article:modified_time\" content=\"2026-01-28T20:52:37+00:00\" \/>\n<meta property=\"og:image\" content=\"https:\/\/egytourpackages.com\/wp-content\/uploads\/2023\/08\/Snorkeling-Boat-Trip-from-Hurghada-1024x682.jpg\" \/>\n<meta name=\"twitter:card\" content=\"summary_large_image\" \/>\n<meta name=\"twitter:title\" content=\"Excursion Bateau Snorkeling Hurghada\" \/>\n<meta name=\"twitter:description\" content=\"Excursion Bateau Snorkeling Hurghada : D\u00e9couvrez l&#039;\u00cele Orange Bay ou Hula Hula ! 2 spots de snorkeling, d\u00e9jeuner buffet, sports nautiques. R\u00e9servez\" \/>\n<meta name=\"twitter:image\" content=\"https:\/\/egytourpackages.com\/wp-content\/uploads\/2023\/08\/Snorkeling-Boat-Trip-from-Hurghada-1024x682.jpg\" \/>\n<meta name=\"twitter:label1\" content=\"Prix\" \/>\n\t<meta name=\"twitter:data1\" content=\"&euro;25\" \/>\n\t<meta name=\"twitter:label2\" content=\"Disponibilit\u00e9\" \/>\n\t<meta name=\"twitter:data2\" content=\"En stock\" \/>\n<script type=\"application\/ld+json\" class=\"yoast-schema-graph\">{\"@context\":\"https:\\\/\\\/schema.org\",\"@graph\":[{\"@type\":\"WebPage\",\"@id\":\"https:\\\/\\\/egytourpackages.com\\\/fr\\\/tours\\\/excursion-bateau-snorkeling-hurghada\\\/\",\"url\":\"https:\\\/\\\/egytourpackages.com\\\/fr\\\/tours\\\/excursion-bateau-snorkeling-hurghada\\\/\",\"name\":\"Excursion Bateau Snorkeling Hurghada\",\"isPartOf\":{\"@id\":\"https:\\\/\\\/egytourpackages.com\\\/fr\\\/#website\"},\"primaryImageOfPage\":{\"@id\":\"https:\\\/\\\/egytourpackages.com\\\/fr\\\/tours\\\/excursion-bateau-snorkeling-hurghada\\\/#primaryimage\"},\"image\":{\"@id\":\"https:\\\/\\\/egytourpackages.com\\\/fr\\\/tours\\\/excursion-bateau-snorkeling-hurghada\\\/#primaryimage\"},\"thumbnailUrl\":\"https:\\\/\\\/egytourpackages.com\\\/wp-content\\\/uploads\\\/2023\\\/08\\\/Snorkeling-Boat-Trip-from-Hurghada.jpg\",\"datePublished\":\"2023-08-22T11:32:17+00:00\",\"dateModified\":\"2026-01-28T20:52:37+00:00\",\"description\":\"Excursion Bateau Snorkeling Hurghada : D\u00e9couvrez l'\u00cele Orange Bay ou Hula Hula ! 2 spots de snorkeling, d\u00e9jeuner buffet, sports nautiques. R\u00e9servez\",\"breadcrumb\":{\"@id\":\"https:\\\/\\\/egytourpackages.com\\\/fr\\\/tours\\\/excursion-bateau-snorkeling-hurghada\\\/#breadcrumb\"},\"inLanguage\":\"fr-FR\",\"potentialAction\":[{\"@type\":\"ReadAction\",\"target\":[\"https:\\\/\\\/egytourpackages.com\\\/fr\\\/tours\\\/excursion-bateau-snorkeling-hurghada\\\/\"]}]},{\"@type\":\"ImageObject\",\"inLanguage\":\"fr-FR\",\"@id\":\"https:\\\/\\\/egytourpackages.com\\\/fr\\\/tours\\\/excursion-bateau-snorkeling-hurghada\\\/#primaryimage\",\"url\":\"https:\\\/\\\/egytourpackages.com\\\/wp-content\\\/uploads\\\/2023\\\/08\\\/Snorkeling-Boat-Trip-from-Hurghada.jpg\",\"contentUrl\":\"https:\\\/\\\/egytourpackages.com\\\/wp-content\\\/uploads\\\/2023\\\/08\\\/Snorkeling-Boat-Trip-from-Hurghada.jpg\",\"width\":2000,\"height\":1333,\"caption\":\"Excursion Bateau Snorkeling Hurghada\"},{\"@type\":\"BreadcrumbList\",\"@id\":\"https:\\\/\\\/egytourpackages.com\\\/fr\\\/tours\\\/excursion-bateau-snorkeling-hurghada\\\/#breadcrumb\",\"itemListElement\":[{\"@type\":\"ListItem\",\"position\":1,\"name\":\"Home\",\"item\":\"https:\\\/\\\/egytourpackages.com\\\/fr\\\/circuits-en-egypte\\\/\"},{\"@type\":\"ListItem\",\"position\":2,\"name\":\"Shop\",\"item\":\"https:\\\/\\\/egytourpackages.com\\\/shop\\\/\"},{\"@type\":\"ListItem\",\"position\":3,\"name\":\"Excursion Bateau Snorkeling Hurghada\"}]},{\"@type\":\"WebSite\",\"@id\":\"https:\\\/\\\/egytourpackages.com\\\/fr\\\/#website\",\"url\":\"https:\\\/\\\/egytourpackages.com\\\/fr\\\/\",\"name\":\"Egy tour packages\",\"description\":\"\",\"publisher\":{\"@id\":\"https:\\\/\\\/egytourpackages.com\\\/fr\\\/#organization\"},\"potentialAction\":[{\"@type\":\"SearchAction\",\"target\":{\"@type\":\"EntryPoint\",\"urlTemplate\":\"https:\\\/\\\/egytourpackages.com\\\/fr\\\/?s={search_term_string}\"},\"query-input\":{\"@type\":\"PropertyValueSpecification\",\"valueRequired\":true,\"valueName\":\"search_term_string\"}}],\"inLanguage\":\"fr-FR\"},{\"@type\":[\"Organization\",\"Place\",\"TravelAgency\"],\"@id\":\"https:\\\/\\\/egytourpackages.com\\\/fr\\\/#organization\",\"name\":\"egypt tour packages\",\"alternateName\":\"egypt tour packages\",\"url\":\"https:\\\/\\\/egytourpackages.com\\\/fr\\\/\",\"logo\":{\"@id\":\"https:\\\/\\\/egytourpackages.com\\\/fr\\\/tours\\\/excursion-bateau-snorkeling-hurghada\\\/#local-main-organization-logo\"},\"image\":{\"@id\":\"https:\\\/\\\/egytourpackages.com\\\/fr\\\/tours\\\/excursion-bateau-snorkeling-hurghada\\\/#local-main-organization-logo\"},\"sameAs\":[\"https:\\\/\\\/www.facebook.com\\\/egytourpackages\"],\"legalName\":\"Egy tour packages\",\"address\":{\"@id\":\"https:\\\/\\\/egytourpackages.com\\\/fr\\\/tours\\\/excursion-bateau-snorkeling-hurghada\\\/#local-main-place-address\"},\"telephone\":[\"00201000852186\",\"00201028685533\"],\"contactPoint\":{\"@type\":\"ContactPoint\",\"telephone\":\"00201000852186\"},\"openingHoursSpecification\":[{\"@type\":\"OpeningHoursSpecification\",\"dayOfWeek\":[\"Monday\",\"Tuesday\",\"Wednesday\",\"Thursday\",\"Friday\",\"Saturday\",\"Sunday\"],\"opens\":\"00:00\",\"closes\":\"23:59\"}],\"email\":\"info@egytourpackages.com\",\"areaServed\":\"Cairo, Hurghada, Luxor, Sharm El Sheikh, Marsa Alam, Aswan\",\"priceRange\":\"$\",\"currenciesAccepted\":\"euro\",\"paymentAccepted\":\"Payment links online\"},{\"@type\":\"PostalAddress\",\"@id\":\"https:\\\/\\\/egytourpackages.com\\\/fr\\\/tours\\\/excursion-bateau-snorkeling-hurghada\\\/#local-main-place-address\",\"streetAddress\":\"Mubarak 8, Al Kawthar District, Hurghada\",\"addressLocality\":\"Hurghada\",\"postalCode\":\"84511\",\"addressRegion\":\"Red Sea\",\"addressCountry\":\"EG\"},{\"@type\":\"ImageObject\",\"inLanguage\":\"fr-FR\",\"@id\":\"https:\\\/\\\/egytourpackages.com\\\/fr\\\/tours\\\/excursion-bateau-snorkeling-hurghada\\\/#local-main-organization-logo\",\"url\":\"https:\\\/\\\/egytourpackages.com\\\/wp-content\\\/uploads\\\/2025\\\/12\\\/Turquoise-Dahabiya-Nile-Cruise-1.jpeg\",\"contentUrl\":\"https:\\\/\\\/egytourpackages.com\\\/wp-content\\\/uploads\\\/2025\\\/12\\\/Turquoise-Dahabiya-Nile-Cruise-1.jpeg\",\"width\":1040,\"height\":694,\"caption\":\"egypt tour packages\"}]}<\/script>\n<meta property=\"product:brand\" content=\"Excursions \u00e0 Hurghada\" \/>\n<meta property=\"product:price:amount\" content=\"25\" \/>\n<meta property=\"product:price:currency\" content=\"EUR\" \/>\n<meta property=\"og:availability\" content=\"instock\" \/>\n<meta property=\"product:availability\" content=\"instock\" \/>\n<meta property=\"product:retailer_item_id\" content=\"HDT04\" \/>\n<meta property=\"product:condition\" content=\"new\" \/>\n<meta name=\"geo.placename\" content=\"Hurghada\" \/>\n<meta name=\"geo.region\" content=\"\u00c9gypte\" \/>\n<!-- \/ Yoast SEO Premium plugin. -->","yoast_head_json":{"title":"Excursion Bateau Snorkeling Hurghada","description":"Excursion Bateau Snorkeling Hurghada : D\u00e9couvrez l'\u00cele Orange Bay ou Hula Hula ! 2 spots de snorkeling, d\u00e9jeuner buffet, sports nautiques. R\u00e9servez","robots":{"index":"index","follow":"follow","max-snippet":"max-snippet:-1","max-image-preview":"max-image-preview:large","max-video-preview":"max-video-preview:-1"},"canonical":"https:\/\/egytourpackages.com\/fr\/tours\/excursion-bateau-snorkeling-hurghada\/","og_locale":"fr_FR","og_type":"article","og_title":"Excursion Bateau Snorkeling Hurghada","og_description":"Excursion Bateau Snorkeling Hurghada : D\u00e9couvrez l'\u00cele Orange Bay ou Hula Hula ! 2 spots de snorkeling, d\u00e9jeuner buffet, sports nautiques. R\u00e9servez","og_url":"https:\/\/egytourpackages.com\/fr\/tours\/excursion-bateau-snorkeling-hurghada\/","og_site_name":"Egypt Tour Packages","article_publisher":"https:\/\/www.facebook.com\/egytourpackages","article_modified_time":"2026-01-28T20:52:37+00:00","og_image":[{"url":"https:\/\/egytourpackages.com\/wp-content\/uploads\/2023\/08\/Snorkeling-Boat-Trip-from-Hurghada-1024x682.jpg","type":"","width":"","height":""}],"twitter_card":"summary_large_image","twitter_title":"Excursion Bateau Snorkeling Hurghada","twitter_description":"Excursion Bateau Snorkeling Hurghada : D\u00e9couvrez l'\u00cele Orange Bay ou Hula Hula ! 2 spots de snorkeling, d\u00e9jeuner buffet, sports nautiques. R\u00e9servez","twitter_image":"https:\/\/egytourpackages.com\/wp-content\/uploads\/2023\/08\/Snorkeling-Boat-Trip-from-Hurghada-1024x682.jpg","twitter_misc":{"Prix":"&euro;25","Disponibilit\u00e9":"En stock"},"schema":{"@context":"https:\/\/schema.org","@graph":[{"@type":"WebPage","@id":"https:\/\/egytourpackages.com\/fr\/tours\/excursion-bateau-snorkeling-hurghada\/","url":"https:\/\/egytourpackages.com\/fr\/tours\/excursion-bateau-snorkeling-hurghada\/","name":"Excursion Bateau Snorkeling Hurghada","isPartOf":{"@id":"https:\/\/egytourpackages.com\/fr\/#website"},"primaryImageOfPage":{"@id":"https:\/\/egytourpackages.com\/fr\/tours\/excursion-bateau-snorkeling-hurghada\/#primaryimage"},"image":{"@id":"https:\/\/egytourpackages.com\/fr\/tours\/excursion-bateau-snorkeling-hurghada\/#primaryimage"},"thumbnailUrl":"https:\/\/egytourpackages.com\/wp-content\/uploads\/2023\/08\/Snorkeling-Boat-Trip-from-Hurghada.jpg","datePublished":"2023-08-22T11:32:17+00:00","dateModified":"2026-01-28T20:52:37+00:00","description":"Excursion Bateau Snorkeling Hurghada : D\u00e9couvrez l'\u00cele Orange Bay ou Hula Hula ! 2 spots de snorkeling, d\u00e9jeuner buffet, sports nautiques. R\u00e9servez","breadcrumb":{"@id":"https:\/\/egytourpackages.com\/fr\/tours\/excursion-bateau-snorkeling-hurghada\/#breadcrumb"},"inLanguage":"fr-FR","potentialAction":[{"@type":"ReadAction","target":["https:\/\/egytourpackages.com\/fr\/tours\/excursion-bateau-snorkeling-hurghada\/"]}]},{"@type":"ImageObject","inLanguage":"fr-FR","@id":"https:\/\/egytourpackages.com\/fr\/tours\/excursion-bateau-snorkeling-hurghada\/#primaryimage","url":"https:\/\/egytourpackages.com\/wp-content\/uploads\/2023\/08\/Snorkeling-Boat-Trip-from-Hurghada.jpg","contentUrl":"https:\/\/egytourpackages.com\/wp-content\/uploads\/2023\/08\/Snorkeling-Boat-Trip-from-Hurghada.jpg","width":2000,"height":1333,"caption":"Excursion Bateau Snorkeling Hurghada"},{"@type":"BreadcrumbList","@id":"https:\/\/egytourpackages.com\/fr\/tours\/excursion-bateau-snorkeling-hurghada\/#breadcrumb","itemListElement":[{"@type":"ListItem","position":1,"name":"Home","item":"https:\/\/egytourpackages.com\/fr\/circuits-en-egypte\/"},{"@type":"ListItem","position":2,"name":"Shop","item":"https:\/\/egytourpackages.com\/shop\/"},{"@type":"ListItem","position":3,"name":"Excursion Bateau Snorkeling Hurghada"}]},{"@type":"WebSite","@id":"https:\/\/egytourpackages.com\/fr\/#website","url":"https:\/\/egytourpackages.com\/fr\/","name":"Egy tour packages","description":"","publisher":{"@id":"https:\/\/egytourpackages.com\/fr\/#organization"},"potentialAction":[{"@type":"SearchAction","target":{"@type":"EntryPoint","urlTemplate":"https:\/\/egytourpackages.com\/fr\/?s={search_term_string}"},"query-input":{"@type":"PropertyValueSpecification","valueRequired":true,"valueName":"search_term_string"}}],"inLanguage":"fr-FR"},{"@type":["Organization","Place","TravelAgency"],"@id":"https:\/\/egytourpackages.com\/fr\/#organization","name":"egypt tour packages","alternateName":"egypt tour packages","url":"https:\/\/egytourpackages.com\/fr\/","logo":{"@id":"https:\/\/egytourpackages.com\/fr\/tours\/excursion-bateau-snorkeling-hurghada\/#local-main-organization-logo"},"image":{"@id":"https:\/\/egytourpackages.com\/fr\/tours\/excursion-bateau-snorkeling-hurghada\/#local-main-organization-logo"},"sameAs":["https:\/\/www.facebook.com\/egytourpackages"],"legalName":"Egy tour packages","address":{"@id":"https:\/\/egytourpackages.com\/fr\/tours\/excursion-bateau-snorkeling-hurghada\/#local-main-place-address"},"telephone":["00201000852186","00201028685533"],"contactPoint":{"@type":"ContactPoint","telephone":"00201000852186"},"openingHoursSpecification":[{"@type":"OpeningHoursSpecification","dayOfWeek":["Monday","Tuesday","Wednesday","Thursday","Friday","Saturday","Sunday"],"opens":"00:00","closes":"23:59"}],"email":"info@egytourpackages.com","areaServed":"Cairo, Hurghada, Luxor, Sharm El Sheikh, Marsa Alam, Aswan","priceRange":"$","currenciesAccepted":"euro","paymentAccepted":"Payment links online"},{"@type":"PostalAddress","@id":"https:\/\/egytourpackages.com\/fr\/tours\/excursion-bateau-snorkeling-hurghada\/#local-main-place-address","streetAddress":"Mubarak 8, Al Kawthar District, Hurghada","addressLocality":"Hurghada","postalCode":"84511","addressRegion":"Red Sea","addressCountry":"EG"},{"@type":"ImageObject","inLanguage":"fr-FR","@id":"https:\/\/egytourpackages.com\/fr\/tours\/excursion-bateau-snorkeling-hurghada\/#local-main-organization-logo","url":"https:\/\/egytourpackages.com\/wp-content\/uploads\/2025\/12\/Turquoise-Dahabiya-Nile-Cruise-1.jpeg","contentUrl":"https:\/\/egytourpackages.com\/wp-content\/uploads\/2025\/12\/Turquoise-Dahabiya-Nile-Cruise-1.jpeg","width":1040,"height":694,"caption":"egypt tour packages"}]},"product_brand":"Excursions \u00e0 Hurghada","product_price_amount":"25","product_price_currency":"EUR","og_availability":"instock","product_availability":"instock","product_retailer_item_id":"HDT04","product_condition":"new","geo.placename":"Hurghada","geo.region":"\u00c9gypte"},"_links":{"self":[{"href":"https:\/\/egytourpackages.com\/fr\/wp-json\/wp\/v2\/product\/9786","targetHints":{"allow":["GET"]}}],"collection":[{"href":"https:\/\/egytourpackages.com\/fr\/wp-json\/wp\/v2\/product"}],"about":[{"href":"https:\/\/egytourpackages.com\/fr\/wp-json\/wp\/v2\/types\/product"}],"replies":[{"embeddable":true,"href":"https:\/\/egytourpackages.com\/fr\/wp-json\/wp\/v2\/comments?post=9786"}],"wp:featuredmedia":[{"embeddable":true,"href":"https:\/\/egytourpackages.com\/fr\/wp-json\/wp\/v2\/media\/9787"}],"wp:attachment":[{"href":"https:\/\/egytourpackages.com\/fr\/wp-json\/wp\/v2\/media?parent=9786"}],"wp:term":[{"taxonomy":"product_brand","embeddable":true,"href":"https:\/\/egytourpackages.com\/fr\/wp-json\/wp\/v2\/product_brand?post=9786"},{"taxonomy":"product_cat","embeddable":true,"href":"https:\/\/egytourpackages.com\/fr\/wp-json\/wp\/v2\/product_cat?post=9786"},{"taxonomy":"product_tag","embeddable":true,"href":"https:\/\/egytourpackages.com\/fr\/wp-json\/wp\/v2\/product_tag?post=9786"}],"curies":[{"name":"wp","href":"https:\/\/api.w.org\/{rel}","templated":true}]}}