{"id":9793,"date":"2023-08-22T12:03:48","date_gmt":"2023-08-22T12:03:48","guid":{"rendered":"https:\/\/egytourpackages.com\/product\/meilleure-excursion-plongee-masque-et-tuba-el-gouna\/"},"modified":"2026-01-28T20:58:38","modified_gmt":"2026-01-28T20:58:38","slug":"meilleure-excursion-plongee-masque-et-tuba-el-gouna","status":"publish","type":"product","link":"https:\/\/egytourpackages.com\/fr\/tours\/meilleure-excursion-plongee-masque-et-tuba-el-gouna\/","title":{"rendered":"Meilleure Excursion Plong\u00e9e Masque et Tuba El Gouna"},"content":{"rendered":"<p><span style=\"color: #ff6600;\"><strong>Meilleure Excursion Plong\u00e9e Masque et Tuba El Gouna | Aventures Inoubliables en Mer Rouge<\/strong><\/span><\/p>\n<p>R\u00e9servez votre <strong>aventure ultime en Mer Rouge<\/strong> avec nos <strong>excursions de plong\u00e9e avec tuba \u00e0 El Gouna<\/strong> in\u00e9gal\u00e9es. Con\u00e7ues pour le <strong>plaisir en famille<\/strong>, les <strong>escapades romantiques<\/strong> et les <strong>excursions de groupe passionnantes<\/strong>, nos <strong>tours \u00e0 El Gouna<\/strong> offrent une exp\u00e9rience immersive dans le monde sous-marin vibrant, garantissant des moments m\u00e9morables pour tous.<\/p>\n<p>D\u00e9couvrez les <strong>meilleurs spots de snorkeling<\/strong> de la Mer Rouge, r\u00e9put\u00e9s pour leurs eaux cristallines et leurs \u00e9cosyst\u00e8mes marins florissants.<\/p>\n<p>Nous fournissons des <strong>\u00e9quipements de plong\u00e9e<\/strong> de haute qualit\u00e9 pour tous les \u00e2ges et toutes les tailles, et un <strong>guide professionnel de snorkeling<\/strong> est toujours disponible pour assister les non-nageurs, assurant la s\u00e9curit\u00e9 et le plaisir de tous.<\/p>\n<p>Les <strong>excursions \u00e0 El Gouna<\/strong> sont parfaites pour les <strong>groupes d&rsquo;amis<\/strong>. En effet, nos <strong>tours pour amis<\/strong> proposent des <strong>activit\u00e9s uniques entre amis<\/strong> comme nager aux c\u00f4t\u00e9s de magnifiques poissons color\u00e9s et de splendides r\u00e9cifs coralliens, capturer de superbes <strong>photos sous-marines<\/strong>, et m\u00eame l&rsquo;option de plonger \u00e0 des profondeurs plus grandes pour une nouvelle <strong>exp\u00e9rience passionnante<\/strong> remplie de <strong>frissons et d&rsquo;excitation<\/strong>.<\/p>\n<p>De plus, nous accueillons les <strong>vacances pour c\u00e9libataires matures<\/strong> et proposons des <strong>voyages d&rsquo;apprentissage<\/strong> enrichissants <strong>pour seniors<\/strong>. Avec une \u00e9quipe professionnelle d\u00e9di\u00e9e, nous assurons des <strong>excursions d&rsquo;une journ\u00e9e confortables pour seniors<\/strong> et les personnes en fauteuil roulant, offrant un service attentif tout au long du voyage.<\/p>\n<p>Nos <strong>belles vacances en couple<\/strong> ajoutent un frisson suppl\u00e9mentaire avec une exaltante balade en banane boat, faisant de celles-ci certaines des <strong>meilleures escapades courtes pour couples<\/strong>.<\/p>\n<p>Enfin, nos <strong>excursions familiales<\/strong> offrent aux enfants comme aux adultes une chance incroyable d&rsquo;\u00eatre captiv\u00e9s par la vie marine fascinante, les poissons color\u00e9s et les r\u00e9cifs coralliens complexes juste sous la surface.<\/p>\n<h3><span style=\"color: #ff6600;\">D\u00e9tails de l&rsquo;Excursion<\/span><\/h3>\n<ul>\n<li>Dur\u00e9e: 8 heures<\/li>\n<li>Lieu de l\u2019Excursion: Mer Rouge<\/li>\n<li>Disponibilit\u00e9: Tous les jours<\/li>\n<li>Type de Tour: Groupe<\/li>\n<li>Prise en charge et retour: Votre h\u00f4tel \u00e0 El Gouna<\/li>\n<li>Fauteuil roulant: Accessible<\/li>\n<\/ul>\n<h3><span style=\"color: #ff6600;\">Inclus<\/span><\/h3>\n<ul>\n<li>Transfert aller-retour depuis votre h\u00f4tel \u00e0 El Gouna<\/li>\n<li>\u00c9quipement de snorkeling tel que gilet de sauvetage, masque, palmes<\/li>\n<li>Guide de snorkeling<\/li>\n<li>D\u00e9jeuner fra\u00eechement pr\u00e9par\u00e9 \u00e0 bord<\/li>\n<li>Eau min\u00e9rale, boissons chaudes et froides toute la journ\u00e9e<\/li>\n<\/ul>\n<h3><span style=\"color: #ff6600;\">Exclus<\/span><\/h3>\n<ul>\n<li>DVD et photos par Cam\u00e9raman<\/li>\n<li>Pourboires<\/li>\n<li>Plong\u00e9e (bouteille)<\/li>\n<\/ul>\n<h3><span style=\"color: #ff6600;\">\u00c0 emporter avec vous<\/span><\/h3>\n<ul>\n<li>Votre propre serviette de l&rsquo;h\u00f4tel<\/li>\n<li>Chapeau ou \u00c9charpe<\/li>\n<li>Cr\u00e8me solaire<\/li>\n<li>Lunettes de soleil<\/li>\n<li>Chaussures confortables<\/li>\n<li>Maillot de bain<\/li>\n<li>Un peu d&rsquo;argent liquide pour vos d\u00e9penses personnelles<\/li>\n<\/ul>\n<h2><span style=\"color: #ff6600;\">Itin\u00e9raire<\/span><\/h2>\n<p>Votre <strong>excitante excursion de snorkeling \u00e0 El Gouna<\/strong> commence par une <strong>prise en charge confortable<\/strong> \u00e0 votre <strong>h\u00f4tel \u00e0 El Gouna<\/strong>. Profitez d&rsquo;un transfert pittoresque vers la vibrante Marina d&rsquo;Hurghada, o\u00f9 votre bateau luxueux vous attend.<\/p>\n<p>Une fois \u00e0 bord, nous <strong>commencerons \u00e0 naviguer<\/strong> vers les <strong>sites de snorkeling<\/strong> les plus \u00e9poustouflants de la Mer Rouge. Notre premier arr\u00eat nous m\u00e8nera \u00e0 un <strong>spot de plong\u00e9e incroyable<\/strong>, o\u00f9 vous vous immergerez dans des eaux cristallines regorgeant d&rsquo;une vie marine vibrante et de superbes r\u00e9cifs coralliens.<\/p>\n<p>Nous nous dirigerons ensuite vers un <strong>deuxi\u00e8me site de snorkeling fantastique<\/strong>, offrant plus d&rsquo;opportunit\u00e9s pour explorer les merveilles sous-marines.<\/p>\n<p>Apr\u00e8s un moment exaltant dans l&rsquo;eau, un d\u00e9licieux <strong>d\u00e9jeuner buffet ouvert<\/strong> sera servi directement \u00e0 bord, vous permettant de reprendre des forces tout en profitant des vues panoramiques sur la mer. Le plaisir continue avec des <strong>sports nautiques<\/strong> passionnants, y compris des balades palpitantes en Sofa et en banane boat.<\/p>\n<p>\u00c0 mesure que la journ\u00e9e touche \u00e0 sa fin, nous entamerons notre voyage de retour, arrivant \u00e0 la Marina d&rsquo;Hurghada. De l\u00e0, vous serez transf\u00e9r\u00e9 directement \u00e0 votre h\u00f4tel \u00e0 El Gouna, concluant ainsi une journ\u00e9e d&rsquo;<strong>aventures inoubliables en Mer Rouge<\/strong>.<\/p>\n<h3><span style=\"color: #ff6600;\">Meilleurs Tours en Bateau de Snorkeling Recommand\u00e9s \u00e0 El Gouna<\/span><\/h3>\n<ul>\n<li>Excursion d&rsquo;une journ\u00e9e au Dolphin House (Maison des Dauphins) depuis El Gouna<\/li>\n<li>Voyage de snorkeling \u00e0 l&rsquo;\u00cele Paradise depuis El Gouna<\/li>\n<li>Excursion de snorkeling \u00e0 l&rsquo;\u00cele Orange Bay depuis El Gouna<\/li>\n<li>Tour en bateau Pirate depuis El Gouna<\/li>\n<li>Journ\u00e9e \u00e0 Eden Island depuis El Gouna<\/li>\n<li>Snorkeling \u00e0 l&rsquo;\u00cele de Mahmya depuis El Gouna<\/li>\n<\/ul>\n<h3><span style=\"color: #ff6600;\">Conseil Pratique<\/span><\/h3>\n<p>R\u00e9servez \u00e0 l\u2019avance: Il est conseill\u00e9 de r\u00e9server votre excursion en bateau \u00e0 El Gouna \u00e0 l&rsquo;avance, surtout pendant la haute saison, pour garantir votre place.<\/p>\n<h3><span style=\"color: #ff6600;\">Prix Excursion Bateau Snorkeling depuis El Gouna<\/span><\/h3>\n<ul>\n<li>Prix Adulte = 35 \u20ac<\/li>\n<li>B\u00e9b\u00e9s 0-5 ans = gratuit<\/li>\n<li>Enfants 5-11 ans = 50% du prix adulte<\/li>\n<\/ul>\n<h3><span style=\"color: #ff6600;\">R\u00e9servation<\/span><\/h3>\n<p>Vous pouvez r\u00e9server votre excursion via WhatsApp ou nous envoyer un E-mail et vous recevrez la confirmation imm\u00e9diatement.<\/p>\n<p>Veuillez nous envoyer votre nom d&rsquo;h\u00f4tel, num\u00e9ro de chambre, copies de passeport.<\/p>\n<p>WhatsApp: +201000852186<\/p>\n<p>info@ehytourpackages.com<\/p>\n<h3><span style=\"color: #ff6600;\">R\u00e9servez Maintenant &amp; Payez sur place<\/span><\/h3>\n<p>R\u00e9servez votre excursion pr\u00e9f\u00e9r\u00e9e et payez le jour du voyage.<\/p>\n<h3><span style=\"color: #ff6600;\">Paiement<\/span><\/h3>\n<p>Vous pouvez payer en livres \u00e9gyptiennes, $, \u20ac ou \u00a3.<\/p>\n<h3><span style=\"color: #ff6600;\">Politique d&rsquo;Annulation<\/span><\/h3>\n<ul>\n<li>L&rsquo;annulation est gratuite jusqu&rsquo;\u00e0 24 heures \u00e0 l&rsquo;avance<\/li>\n<li>L&rsquo;annulation le matin est de 50% du prix<\/li>\n<\/ul>\n","protected":false},"excerpt":{"rendered":"<p>Meilleure Excursion Plong\u00e9e Masque et Tuba El Gouna : Aventure en Mer Rouge. R\u00e9servez votre tour de snorkeling pour explorer la vie marine et les coraux.<\/p>\n","protected":false},"featured_media":9794,"comment_status":"open","ping_status":"closed","template":"","meta":[],"product_brand":[],"product_cat":[3124],"product_tag":[3441,3359,3275,3444],"class_list":{"0":"post-9793","1":"product","2":"type-product","3":"status-publish","4":"has-post-thumbnail","6":"product_cat-tours-fr","7":"product_tag-excursion-en-bateau-pour-faire-de-la-plongee-en-apnee","8":"product_tag-excursions-a-el-gouna","9":"product_tag-excursions-dune-journee-en-egypte","10":"product_tag-les-meilleures-choses-a-faire-a-el-gouna","11":"tour_category-excursions-de-plongee-en-apnee-a-hurghada","12":"tour_category-excursions-el-gouna-fr","13":"tour_category-excursions-en-egypte-fr","15":"first","16":"instock","17":"sale","18":"shipping-taxable","19":"purchasable","20":"product-type-tour","21":"has-default-attributes"},"yoast_head":"<!-- This site is optimized with the Yoast SEO Premium plugin v27.4 (Yoast SEO v27.4) - https:\/\/yoast.com\/product\/yoast-seo-premium-wordpress\/ -->\n<title>Meilleure Excursion Plong\u00e9e Masque et Tuba El Gouna<\/title>\n<meta name=\"description\" content=\"Meilleure Excursion Plong\u00e9e Masque et Tuba El Gouna : Aventure en Mer Rouge. R\u00e9servez votre tour de snorkeling pour explorer la vie marine et les coraux.\" \/>\n<meta name=\"robots\" content=\"index, follow, max-snippet:-1, max-image-preview:large, max-video-preview:-1\" \/>\n<link rel=\"canonical\" href=\"https:\/\/egytourpackages.com\/fr\/tours\/meilleure-excursion-plongee-masque-et-tuba-el-gouna\/\" \/>\n<meta property=\"og:locale\" content=\"fr_FR\" \/>\n<meta property=\"og:type\" content=\"article\" \/>\n<meta property=\"og:title\" content=\"Meilleure Excursion Plong\u00e9e Masque et Tuba El Gouna\" \/>\n<meta property=\"og:description\" content=\"Meilleure Excursion Plong\u00e9e Masque et Tuba El Gouna : Aventure en Mer Rouge. R\u00e9servez votre tour de snorkeling pour explorer la vie marine et les coraux.\" \/>\n<meta property=\"og:url\" content=\"https:\/\/egytourpackages.com\/fr\/tours\/meilleure-excursion-plongee-masque-et-tuba-el-gouna\/\" \/>\n<meta property=\"og:site_name\" content=\"Egypt Tour Packages\" \/>\n<meta property=\"article:publisher\" content=\"https:\/\/www.facebook.com\/egytourpackages\" \/>\n<meta property=\"article:modified_time\" content=\"2026-01-28T20:58:38+00:00\" \/>\n<meta property=\"og:image\" content=\"https:\/\/egytourpackages.com\/wp-content\/uploads\/2023\/08\/El-Gouna-Best-Snorkeling-Trip-1024x682.jpg\" \/>\n<meta name=\"twitter:card\" content=\"summary_large_image\" \/>\n<meta name=\"twitter:title\" content=\"Meilleure Excursion Plong\u00e9e Masque et Tuba El Gouna\" \/>\n<meta name=\"twitter:description\" content=\"Meilleure Excursion Plong\u00e9e Masque et Tuba El Gouna : Aventure en Mer Rouge. R\u00e9servez votre tour de snorkeling pour explorer la vie marine et les coraux.\" \/>\n<meta name=\"twitter:image\" content=\"https:\/\/egytourpackages.com\/wp-content\/uploads\/2023\/08\/El-Gouna-Best-Snorkeling-Trip-1024x682.jpg\" \/>\n<meta name=\"twitter:label1\" content=\"Prix\" \/>\n\t<meta name=\"twitter:data1\" content=\"&euro;35\" \/>\n\t<meta name=\"twitter:label2\" content=\"Disponibilit\u00e9\" \/>\n\t<meta name=\"twitter:data2\" content=\"En stock\" \/>\n<script type=\"application\/ld+json\" class=\"yoast-schema-graph\">{\"@context\":\"https:\\\/\\\/schema.org\",\"@graph\":[{\"@type\":\"WebPage\",\"@id\":\"https:\\\/\\\/egytourpackages.com\\\/fr\\\/tours\\\/meilleure-excursion-plongee-masque-et-tuba-el-gouna\\\/\",\"url\":\"https:\\\/\\\/egytourpackages.com\\\/fr\\\/tours\\\/meilleure-excursion-plongee-masque-et-tuba-el-gouna\\\/\",\"name\":\"Meilleure Excursion Plong\u00e9e Masque et Tuba El Gouna\",\"isPartOf\":{\"@id\":\"https:\\\/\\\/egytourpackages.com\\\/fr\\\/#website\"},\"primaryImageOfPage\":{\"@id\":\"https:\\\/\\\/egytourpackages.com\\\/fr\\\/tours\\\/meilleure-excursion-plongee-masque-et-tuba-el-gouna\\\/#primaryimage\"},\"image\":{\"@id\":\"https:\\\/\\\/egytourpackages.com\\\/fr\\\/tours\\\/meilleure-excursion-plongee-masque-et-tuba-el-gouna\\\/#primaryimage\"},\"thumbnailUrl\":\"https:\\\/\\\/egytourpackages.com\\\/wp-content\\\/uploads\\\/2023\\\/08\\\/El-Gouna-Best-Snorkeling-Trip.jpg\",\"datePublished\":\"2023-08-22T12:03:48+00:00\",\"dateModified\":\"2026-01-28T20:58:38+00:00\",\"description\":\"Meilleure Excursion Plong\u00e9e Masque et Tuba El Gouna : Aventure en Mer Rouge. R\u00e9servez votre tour de snorkeling pour explorer la vie marine et les coraux.\",\"breadcrumb\":{\"@id\":\"https:\\\/\\\/egytourpackages.com\\\/fr\\\/tours\\\/meilleure-excursion-plongee-masque-et-tuba-el-gouna\\\/#breadcrumb\"},\"inLanguage\":\"fr-FR\",\"potentialAction\":[{\"@type\":\"ReadAction\",\"target\":[\"https:\\\/\\\/egytourpackages.com\\\/fr\\\/tours\\\/meilleure-excursion-plongee-masque-et-tuba-el-gouna\\\/\"]}]},{\"@type\":\"ImageObject\",\"inLanguage\":\"fr-FR\",\"@id\":\"https:\\\/\\\/egytourpackages.com\\\/fr\\\/tours\\\/meilleure-excursion-plongee-masque-et-tuba-el-gouna\\\/#primaryimage\",\"url\":\"https:\\\/\\\/egytourpackages.com\\\/wp-content\\\/uploads\\\/2023\\\/08\\\/El-Gouna-Best-Snorkeling-Trip.jpg\",\"contentUrl\":\"https:\\\/\\\/egytourpackages.com\\\/wp-content\\\/uploads\\\/2023\\\/08\\\/El-Gouna-Best-Snorkeling-Trip.jpg\",\"width\":2000,\"height\":1333,\"caption\":\"Meilleure Excursion Plong\u00e9e Masque et Tuba El Gouna\"},{\"@type\":\"BreadcrumbList\",\"@id\":\"https:\\\/\\\/egytourpackages.com\\\/fr\\\/tours\\\/meilleure-excursion-plongee-masque-et-tuba-el-gouna\\\/#breadcrumb\",\"itemListElement\":[{\"@type\":\"ListItem\",\"position\":1,\"name\":\"Home\",\"item\":\"https:\\\/\\\/egytourpackages.com\\\/fr\\\/circuits-en-egypte\\\/\"},{\"@type\":\"ListItem\",\"position\":2,\"name\":\"Shop\",\"item\":\"https:\\\/\\\/egytourpackages.com\\\/shop\\\/\"},{\"@type\":\"ListItem\",\"position\":3,\"name\":\"Meilleure Excursion Plong\u00e9e Masque et Tuba El Gouna\"}]},{\"@type\":\"WebSite\",\"@id\":\"https:\\\/\\\/egytourpackages.com\\\/fr\\\/#website\",\"url\":\"https:\\\/\\\/egytourpackages.com\\\/fr\\\/\",\"name\":\"Egy tour packages\",\"description\":\"\",\"publisher\":{\"@id\":\"https:\\\/\\\/egytourpackages.com\\\/fr\\\/#organization\"},\"potentialAction\":[{\"@type\":\"SearchAction\",\"target\":{\"@type\":\"EntryPoint\",\"urlTemplate\":\"https:\\\/\\\/egytourpackages.com\\\/fr\\\/?s={search_term_string}\"},\"query-input\":{\"@type\":\"PropertyValueSpecification\",\"valueRequired\":true,\"valueName\":\"search_term_string\"}}],\"inLanguage\":\"fr-FR\"},{\"@type\":[\"Organization\",\"Place\",\"TravelAgency\"],\"@id\":\"https:\\\/\\\/egytourpackages.com\\\/fr\\\/#organization\",\"name\":\"egypt tour packages\",\"alternateName\":\"egypt tour packages\",\"url\":\"https:\\\/\\\/egytourpackages.com\\\/fr\\\/\",\"logo\":{\"@id\":\"https:\\\/\\\/egytourpackages.com\\\/fr\\\/tours\\\/meilleure-excursion-plongee-masque-et-tuba-el-gouna\\\/#local-main-organization-logo\"},\"image\":{\"@id\":\"https:\\\/\\\/egytourpackages.com\\\/fr\\\/tours\\\/meilleure-excursion-plongee-masque-et-tuba-el-gouna\\\/#local-main-organization-logo\"},\"sameAs\":[\"https:\\\/\\\/www.facebook.com\\\/egytourpackages\"],\"legalName\":\"Egy tour packages\",\"address\":{\"@id\":\"https:\\\/\\\/egytourpackages.com\\\/fr\\\/tours\\\/meilleure-excursion-plongee-masque-et-tuba-el-gouna\\\/#local-main-place-address\"},\"telephone\":[\"00201000852186\",\"00201028685533\"],\"contactPoint\":{\"@type\":\"ContactPoint\",\"telephone\":\"00201000852186\"},\"openingHoursSpecification\":[{\"@type\":\"OpeningHoursSpecification\",\"dayOfWeek\":[\"Monday\",\"Tuesday\",\"Wednesday\",\"Thursday\",\"Friday\",\"Saturday\",\"Sunday\"],\"opens\":\"00:00\",\"closes\":\"23:59\"}],\"email\":\"info@egytourpackages.com\",\"areaServed\":\"Cairo, Hurghada, Luxor, Sharm El Sheikh, Marsa Alam, Aswan\",\"priceRange\":\"$\",\"currenciesAccepted\":\"euro\",\"paymentAccepted\":\"Payment links online\"},{\"@type\":\"PostalAddress\",\"@id\":\"https:\\\/\\\/egytourpackages.com\\\/fr\\\/tours\\\/meilleure-excursion-plongee-masque-et-tuba-el-gouna\\\/#local-main-place-address\",\"streetAddress\":\"Mubarak 8, Al Kawthar District, Hurghada\",\"addressLocality\":\"Hurghada\",\"postalCode\":\"84511\",\"addressRegion\":\"Red Sea\",\"addressCountry\":\"EG\"},{\"@type\":\"ImageObject\",\"inLanguage\":\"fr-FR\",\"@id\":\"https:\\\/\\\/egytourpackages.com\\\/fr\\\/tours\\\/meilleure-excursion-plongee-masque-et-tuba-el-gouna\\\/#local-main-organization-logo\",\"url\":\"https:\\\/\\\/egytourpackages.com\\\/wp-content\\\/uploads\\\/2025\\\/12\\\/Turquoise-Dahabiya-Nile-Cruise-1.jpeg\",\"contentUrl\":\"https:\\\/\\\/egytourpackages.com\\\/wp-content\\\/uploads\\\/2025\\\/12\\\/Turquoise-Dahabiya-Nile-Cruise-1.jpeg\",\"width\":1040,\"height\":694,\"caption\":\"egypt tour packages\"}]}<\/script>\n<meta property=\"product:brand\" content=\"Excursions de plong\u00e9e en apn\u00e9e \u00e0 Hurghada\" \/>\n<meta property=\"product:price:amount\" content=\"35\" \/>\n<meta property=\"product:price:currency\" content=\"EUR\" \/>\n<meta property=\"og:availability\" content=\"instock\" \/>\n<meta property=\"product:availability\" content=\"instock\" \/>\n<meta property=\"product:retailer_item_id\" content=\"GDT06\" \/>\n<meta property=\"product:condition\" content=\"new\" \/>\n<meta name=\"geo.placename\" content=\"Hurghada\" \/>\n<meta name=\"geo.region\" content=\"\u00c9gypte\" \/>\n<!-- \/ Yoast SEO Premium plugin. -->","yoast_head_json":{"title":"Meilleure Excursion Plong\u00e9e Masque et Tuba El Gouna","description":"Meilleure Excursion Plong\u00e9e Masque et Tuba El Gouna : Aventure en Mer Rouge. R\u00e9servez votre tour de snorkeling pour explorer la vie marine et les coraux.","robots":{"index":"index","follow":"follow","max-snippet":"max-snippet:-1","max-image-preview":"max-image-preview:large","max-video-preview":"max-video-preview:-1"},"canonical":"https:\/\/egytourpackages.com\/fr\/tours\/meilleure-excursion-plongee-masque-et-tuba-el-gouna\/","og_locale":"fr_FR","og_type":"article","og_title":"Meilleure Excursion Plong\u00e9e Masque et Tuba El Gouna","og_description":"Meilleure Excursion Plong\u00e9e Masque et Tuba El Gouna : Aventure en Mer Rouge. R\u00e9servez votre tour de snorkeling pour explorer la vie marine et les coraux.","og_url":"https:\/\/egytourpackages.com\/fr\/tours\/meilleure-excursion-plongee-masque-et-tuba-el-gouna\/","og_site_name":"Egypt Tour Packages","article_publisher":"https:\/\/www.facebook.com\/egytourpackages","article_modified_time":"2026-01-28T20:58:38+00:00","og_image":[{"url":"https:\/\/egytourpackages.com\/wp-content\/uploads\/2023\/08\/El-Gouna-Best-Snorkeling-Trip-1024x682.jpg","type":"","width":"","height":""}],"twitter_card":"summary_large_image","twitter_title":"Meilleure Excursion Plong\u00e9e Masque et Tuba El Gouna","twitter_description":"Meilleure Excursion Plong\u00e9e Masque et Tuba El Gouna : Aventure en Mer Rouge. R\u00e9servez votre tour de snorkeling pour explorer la vie marine et les coraux.","twitter_image":"https:\/\/egytourpackages.com\/wp-content\/uploads\/2023\/08\/El-Gouna-Best-Snorkeling-Trip-1024x682.jpg","twitter_misc":{"Prix":"&euro;35","Disponibilit\u00e9":"En stock"},"schema":{"@context":"https:\/\/schema.org","@graph":[{"@type":"WebPage","@id":"https:\/\/egytourpackages.com\/fr\/tours\/meilleure-excursion-plongee-masque-et-tuba-el-gouna\/","url":"https:\/\/egytourpackages.com\/fr\/tours\/meilleure-excursion-plongee-masque-et-tuba-el-gouna\/","name":"Meilleure Excursion Plong\u00e9e Masque et Tuba El Gouna","isPartOf":{"@id":"https:\/\/egytourpackages.com\/fr\/#website"},"primaryImageOfPage":{"@id":"https:\/\/egytourpackages.com\/fr\/tours\/meilleure-excursion-plongee-masque-et-tuba-el-gouna\/#primaryimage"},"image":{"@id":"https:\/\/egytourpackages.com\/fr\/tours\/meilleure-excursion-plongee-masque-et-tuba-el-gouna\/#primaryimage"},"thumbnailUrl":"https:\/\/egytourpackages.com\/wp-content\/uploads\/2023\/08\/El-Gouna-Best-Snorkeling-Trip.jpg","datePublished":"2023-08-22T12:03:48+00:00","dateModified":"2026-01-28T20:58:38+00:00","description":"Meilleure Excursion Plong\u00e9e Masque et Tuba El Gouna : Aventure en Mer Rouge. R\u00e9servez votre tour de snorkeling pour explorer la vie marine et les coraux.","breadcrumb":{"@id":"https:\/\/egytourpackages.com\/fr\/tours\/meilleure-excursion-plongee-masque-et-tuba-el-gouna\/#breadcrumb"},"inLanguage":"fr-FR","potentialAction":[{"@type":"ReadAction","target":["https:\/\/egytourpackages.com\/fr\/tours\/meilleure-excursion-plongee-masque-et-tuba-el-gouna\/"]}]},{"@type":"ImageObject","inLanguage":"fr-FR","@id":"https:\/\/egytourpackages.com\/fr\/tours\/meilleure-excursion-plongee-masque-et-tuba-el-gouna\/#primaryimage","url":"https:\/\/egytourpackages.com\/wp-content\/uploads\/2023\/08\/El-Gouna-Best-Snorkeling-Trip.jpg","contentUrl":"https:\/\/egytourpackages.com\/wp-content\/uploads\/2023\/08\/El-Gouna-Best-Snorkeling-Trip.jpg","width":2000,"height":1333,"caption":"Meilleure Excursion Plong\u00e9e Masque et Tuba El Gouna"},{"@type":"BreadcrumbList","@id":"https:\/\/egytourpackages.com\/fr\/tours\/meilleure-excursion-plongee-masque-et-tuba-el-gouna\/#breadcrumb","itemListElement":[{"@type":"ListItem","position":1,"name":"Home","item":"https:\/\/egytourpackages.com\/fr\/circuits-en-egypte\/"},{"@type":"ListItem","position":2,"name":"Shop","item":"https:\/\/egytourpackages.com\/shop\/"},{"@type":"ListItem","position":3,"name":"Meilleure Excursion Plong\u00e9e Masque et Tuba El Gouna"}]},{"@type":"WebSite","@id":"https:\/\/egytourpackages.com\/fr\/#website","url":"https:\/\/egytourpackages.com\/fr\/","name":"Egy tour packages","description":"","publisher":{"@id":"https:\/\/egytourpackages.com\/fr\/#organization"},"potentialAction":[{"@type":"SearchAction","target":{"@type":"EntryPoint","urlTemplate":"https:\/\/egytourpackages.com\/fr\/?s={search_term_string}"},"query-input":{"@type":"PropertyValueSpecification","valueRequired":true,"valueName":"search_term_string"}}],"inLanguage":"fr-FR"},{"@type":["Organization","Place","TravelAgency"],"@id":"https:\/\/egytourpackages.com\/fr\/#organization","name":"egypt tour packages","alternateName":"egypt tour packages","url":"https:\/\/egytourpackages.com\/fr\/","logo":{"@id":"https:\/\/egytourpackages.com\/fr\/tours\/meilleure-excursion-plongee-masque-et-tuba-el-gouna\/#local-main-organization-logo"},"image":{"@id":"https:\/\/egytourpackages.com\/fr\/tours\/meilleure-excursion-plongee-masque-et-tuba-el-gouna\/#local-main-organization-logo"},"sameAs":["https:\/\/www.facebook.com\/egytourpackages"],"legalName":"Egy tour packages","address":{"@id":"https:\/\/egytourpackages.com\/fr\/tours\/meilleure-excursion-plongee-masque-et-tuba-el-gouna\/#local-main-place-address"},"telephone":["00201000852186","00201028685533"],"contactPoint":{"@type":"ContactPoint","telephone":"00201000852186"},"openingHoursSpecification":[{"@type":"OpeningHoursSpecification","dayOfWeek":["Monday","Tuesday","Wednesday","Thursday","Friday","Saturday","Sunday"],"opens":"00:00","closes":"23:59"}],"email":"info@egytourpackages.com","areaServed":"Cairo, Hurghada, Luxor, Sharm El Sheikh, Marsa Alam, Aswan","priceRange":"$","currenciesAccepted":"euro","paymentAccepted":"Payment links online"},{"@type":"PostalAddress","@id":"https:\/\/egytourpackages.com\/fr\/tours\/meilleure-excursion-plongee-masque-et-tuba-el-gouna\/#local-main-place-address","streetAddress":"Mubarak 8, Al Kawthar District, Hurghada","addressLocality":"Hurghada","postalCode":"84511","addressRegion":"Red Sea","addressCountry":"EG"},{"@type":"ImageObject","inLanguage":"fr-FR","@id":"https:\/\/egytourpackages.com\/fr\/tours\/meilleure-excursion-plongee-masque-et-tuba-el-gouna\/#local-main-organization-logo","url":"https:\/\/egytourpackages.com\/wp-content\/uploads\/2025\/12\/Turquoise-Dahabiya-Nile-Cruise-1.jpeg","contentUrl":"https:\/\/egytourpackages.com\/wp-content\/uploads\/2025\/12\/Turquoise-Dahabiya-Nile-Cruise-1.jpeg","width":1040,"height":694,"caption":"egypt tour packages"}]},"product_brand":"Excursions de plong\u00e9e en apn\u00e9e \u00e0 Hurghada","product_price_amount":"35","product_price_currency":"EUR","og_availability":"instock","product_availability":"instock","product_retailer_item_id":"GDT06","product_condition":"new","geo.placename":"Hurghada","geo.region":"\u00c9gypte"},"_links":{"self":[{"href":"https:\/\/egytourpackages.com\/fr\/wp-json\/wp\/v2\/product\/9793","targetHints":{"allow":["GET"]}}],"collection":[{"href":"https:\/\/egytourpackages.com\/fr\/wp-json\/wp\/v2\/product"}],"about":[{"href":"https:\/\/egytourpackages.com\/fr\/wp-json\/wp\/v2\/types\/product"}],"replies":[{"embeddable":true,"href":"https:\/\/egytourpackages.com\/fr\/wp-json\/wp\/v2\/comments?post=9793"}],"wp:featuredmedia":[{"embeddable":true,"href":"https:\/\/egytourpackages.com\/fr\/wp-json\/wp\/v2\/media\/9794"}],"wp:attachment":[{"href":"https:\/\/egytourpackages.com\/fr\/wp-json\/wp\/v2\/media?parent=9793"}],"wp:term":[{"taxonomy":"product_brand","embeddable":true,"href":"https:\/\/egytourpackages.com\/fr\/wp-json\/wp\/v2\/product_brand?post=9793"},{"taxonomy":"product_cat","embeddable":true,"href":"https:\/\/egytourpackages.com\/fr\/wp-json\/wp\/v2\/product_cat?post=9793"},{"taxonomy":"product_tag","embeddable":true,"href":"https:\/\/egytourpackages.com\/fr\/wp-json\/wp\/v2\/product_tag?post=9793"}],"curies":[{"name":"wp","href":"https:\/\/api.w.org\/{rel}","templated":true}]}}