{"id":9795,"date":"2023-08-22T16:55:59","date_gmt":"2023-08-22T16:55:59","guid":{"rendered":"https:\/\/egytourpackages.com\/product\/excursion-bateau-plongee-soma-bay\/"},"modified":"2026-01-28T20:51:18","modified_gmt":"2026-01-28T20:51:18","slug":"excursion-bateau-plongee-soma-bay","status":"publish","type":"product","link":"https:\/\/egytourpackages.com\/fr\/tours\/excursion-bateau-plongee-soma-bay\/","title":{"rendered":"Excursion Bateau Plong\u00e9e Soma Bay"},"content":{"rendered":"<p><span style=\"color: #ff6600;\"><strong>Excursion Bateau Plong\u00e9e Soma Bay | Tours Snorkeling Mer Rouge<\/strong><\/span><\/p>\n<p>R\u00e9servez votre <strong>excursion en bateau de plong\u00e9e<\/strong> depuis <strong>Soma Bay<\/strong> et explorez les <strong>r\u00e9cifs coralliens de la Mer Rouge<\/strong> avec <strong>tours \u00c9gypte<\/strong>. Choisissez entre l&rsquo;<strong>\u00cele Cara\u00efbes Giftun<\/strong> ou l&rsquo;<strong>\u00cele Orange Bay<\/strong> pour y passer une heure et demie.<\/p>\n<p><strong>\u00c9gy tour packages<\/strong> propose cette <strong>excursion de snorkeling depuis Soma Bay<\/strong> pour vous permettre de profiter de la vie marine de la Mer Rouge et d&rsquo;explorer certains des <strong>meilleurs sites de plong\u00e9e \u00e0 Hurghada<\/strong> avec un <strong>guide de snorkeling<\/strong> et un yacht de luxe lors de vos <strong>excursions d&rsquo;une journ\u00e9e en \u00c9gypte<\/strong>.<\/p>\n<p>Parall\u00e8lement, les <strong>Excursions Soma Bay<\/strong> vers l&rsquo;\u00cele Paradise ou l&rsquo;\u00cele Orange Bay peuvent \u00eatre effectu\u00e9es avec un bateau rapide priv\u00e9 ou un yacht priv\u00e9.<\/p>\n<h3><span style=\"color: #ff6600;\">Aventures en Mer Rouge Id\u00e9ales pour la Famille<\/span><\/h3>\n<p>Cr\u00e9ez de pr\u00e9cieux <strong>souvenirs de vacances en famille<\/strong> avec nos <strong>excursions adapt\u00e9es aux familles<\/strong>. Enfants et adultes seront captiv\u00e9s par la vie marine fascinante, les poissons color\u00e9s et les r\u00e9cifs coralliens complexes juste sous la surface.<\/p>\n<h3><span style=\"color: #ff6600;\">Escapades de Groupe &amp; Amis Palpitantes<\/span><\/h3>\n<p>Pour une <strong>aventure incroyable et passionnante<\/strong> avec vos proches compagnons, nos <strong>tours en yacht de luxe<\/strong> depuis les h\u00f4tels de Soma Bay sont les <strong>meilleures activit\u00e9s \u00e0 faire entre amis<\/strong>.<\/p>\n<p>Ces <strong>voyages de snorkeling de luxe tout compris<\/strong> incluent des boissons rafra\u00eechissantes et un service 5 \u00e9toiles tout au long de votre p\u00e9riple.<\/p>\n<h3><span style=\"color: #ff6600;\">Escapades Romantiques en Couple<\/span><\/h3>\n<p>Que vous planifiiez une <strong>escapade de Saint-Valentin<\/strong>, c\u00e9l\u00e9briez un <strong>anniversaire<\/strong>, ou cherchiez simplement de <strong>belles vacances pour couples<\/strong>, nos courtes excursions d&rsquo;une demi-journ\u00e9e ou d&rsquo;une journ\u00e9e compl\u00e8te offrent le cadre parfait pour des moments romantiques sous le soleil radieux.<\/p>\n<h3><span style=\"color: #ff6600;\">Tours Accessibles &amp; Adapt\u00e9s aux Seniors<\/span><\/h3>\n<p>Nos tours en yacht d&rsquo;une journ\u00e9e compl\u00e8te sont con\u00e7us de mani\u00e8re r\u00e9fl\u00e9chie pour \u00eatre parmi les <strong>meilleures excursions pour personnes \u00e0 mobilit\u00e9 r\u00e9duite<\/strong>, offrant une exp\u00e9rience inclusive pour les personnes ayant des besoins sp\u00e9ciaux.<\/p>\n<h3><span style=\"color: #ff6600;\">D\u00e9tails du Tour<\/span><\/h3>\n<ul>\n<li>Dur\u00e9e: 8 heures<\/li>\n<li>Localisation: Mer Rouge<\/li>\n<li>Disponibilit\u00e9: Tous les jours<\/li>\n<li>Type de Tour: Groupe<\/li>\n<li>Prise en charge et retour: Votre h\u00f4tel \u00e0 Soma Bay<\/li>\n<li>Fauteuil roulant : Accessible<\/li>\n<\/ul>\n<h3><span style=\"color: #ff6600;\">Inclusions<\/span><\/h3>\n<ul>\n<li>Transfert aller-retour depuis votre h\u00f4tel \u00e0 Soma Bay<\/li>\n<li>\u00c9quipement de snorkeling tel que gilet de sauvetage, masque, palmes<\/li>\n<li>Guide de snorkeling<\/li>\n<li>D\u00e9jeuner fra\u00eechement cuisin\u00e9 \u00e0 bord<\/li>\n<li>Eau min\u00e9rale, boissons chaudes et froides toute la journ\u00e9e<\/li>\n<\/ul>\n<h3><span style=\"color: #ff6600;\">Exclusions<\/span><\/h3>\n<ul>\n<li>DVD et photos par Cam\u00e9raman<\/li>\n<li>Pourboires<\/li>\n<li>Plong\u00e9e (bouteille)<\/li>\n<\/ul>\n<h3><span style=\"color: #ff6600;\">\u00c0 Emporter avec Vous<\/span><\/h3>\n<ul>\n<li>Votre propre serviette de l&rsquo;h\u00f4tel<\/li>\n<li>Chapeau ou \u00c9charpe<\/li>\n<li>Cr\u00e8me solaire<\/li>\n<li>Lunettes de soleil<\/li>\n<li>Chaussures confortables<\/li>\n<li>Maillot de bain<\/li>\n<li>De l&rsquo;argent liquide pour vos d\u00e9penses personnelles<\/li>\n<\/ul>\n<h2><span style=\"color: #ff6600;\">Itin\u00e9raire<\/span><\/h2>\n<p>Votre <strong>excitante excursion de snorkeling \u00e0 Soma Bay<\/strong> commence par une <strong>prise en charge confortable<\/strong> \u00e0 votre h\u00f4tel \u00e0 Soma Bay ou Safaga. Profitez d&rsquo;un transfert pittoresque vers la vibrante Marina d&rsquo;Hurghada, o\u00f9 votre bateau luxueux vous attend.<\/p>\n<p>Une fois \u00e0 bord, nous <strong>commencerons \u00e0 naviguer<\/strong> vers les <strong>sites de snorkeling<\/strong> les plus \u00e9poustouflants de la Mer Rouge. Notre premier arr\u00eat nous m\u00e8nera \u00e0 un <strong>spot de plong\u00e9e incroyable<\/strong>, o\u00f9 vous vous immergerez dans des eaux cristallines regorgeant d&rsquo;une vie marine vibrante et de superbes r\u00e9cifs coralliens.<\/p>\n<p>Nous nous dirigerons ensuite vers un <strong>deuxi\u00e8me site de snorkeling fantastique<\/strong>, offrant plus d&rsquo;opportunit\u00e9s pour explorer les merveilles sous-marines.<\/p>\n<p>Apr\u00e8s un moment exaltant dans l&rsquo;eau, un d\u00e9licieux <strong>d\u00e9jeuner buffet ouvert<\/strong> sera servi directement \u00e0 bord, vous permettant de reprendre des forces tout en profitant des vues panoramiques sur la mer. Le plaisir continue avec des <strong>sports nautiques<\/strong> passionnants, y compris des balades palpitantes en Sofa et en banane boat.<\/p>\n<p>\u00c0 mesure que la journ\u00e9e touche \u00e0 sa fin, nous entamerons notre voyage de retour, arrivant \u00e0 la Marina d&rsquo;Hurghada. De l\u00e0, vous serez transf\u00e9r\u00e9 directement \u00e0 votre h\u00f4tel \u00e0 Soma Bay ou Safaga, concluant ainsi une journ\u00e9e d&rsquo;<strong>aventures inoubliables en Mer Rouge<\/strong>.<\/p>\n<h3><span style=\"color: #ff6600;\">Meilleurs Tours en Bateau de Snorkeling Recommand\u00e9s depuis Soma Bay<\/span><\/h3>\n<p>Soma bay Excursion d&rsquo;une Journ\u00e9e au Dolphin House (Maison des Dauphins)<\/p>\n<p>Voyage de Snorkeling \u00e0 l&rsquo;\u00cele Paradise depuis Soma Bay<\/p>\n<p>Excursion de Snorkeling \u00e0 l&rsquo;\u00cele Orange Bay depuis Soma Bay<\/p>\n<p>Tour en Bateau Pirate depuis Soma Bay<\/p>\n<p>Journ\u00e9e \u00e0 Eden Island depuis Soma Bay<\/p>\n<p>Snorkeling \u00e0 l&rsquo;\u00cele de Mahmya Soma Bay<\/p>\n<h3><span style=\"color: #ff6600;\">Conseil Pratique<\/span><\/h3>\n<p><strong>R\u00e9servez \u00e0 l&rsquo;Avance<\/strong> : Il est conseill\u00e9 de r\u00e9server votre excursion en bateau \u00e0 Soma Bay \u00e0 l&rsquo;avance, surtout pendant la haute saison, pour garantir votre place.<\/p>\n<h3><span style=\"color: #ff6600;\">Prix Excursion Snorkeling<\/span><\/h3>\n<p>Prix Adulte = 35 \u20ac<\/p>\n<p>B\u00e9b\u00e9s 0-5 ans = gratuit<\/p>\n<p>Enfants 5-11 ans = 50% du prix adulte<\/p>\n<h3><span style=\"color: #ff6600;\">R\u00e9servation<\/span><\/h3>\n<p>Vous pouvez r\u00e9server votre tour via WhatsApp ou nous envoyer un E-mail et vous recevrez la confirmation imm\u00e9diatement.<\/p>\n<p>Veuillez nous envoyer votre nom d&rsquo;h\u00f4tel, num\u00e9ro de chambre, copies de passeport.<\/p>\n<p>WhatsApp: +201000852186<\/p>\n<p>info@egytourpackages.com<\/p>\n<h3><span style=\"color: #ff6600;\">R\u00e9servez Maintenant &amp; Payez sur Place<\/span><\/h3>\n<p>R\u00e9servez votre excursion pr\u00e9f\u00e9r\u00e9e et payez le jour du voyage.<\/p>\n<h3><span style=\"color: #ff6600;\">Paiement<\/span><\/h3>\n<p>Vous pouvez payer en livres \u00e9gyptiennes, $, \u20ac ou \u00a3.<\/p>\n<h3><span style=\"color: #ff6600;\">Politique d&rsquo;Annulation<\/span><\/h3>\n<ul>\n<li>L&rsquo;annulation est gratuite jusqu&rsquo;\u00e0 24 heures \u00e0 l&rsquo;avance<\/li>\n<li>L&rsquo;annulation le matin est de 50% du prix<\/li>\n<\/ul>\n","protected":false},"excerpt":{"rendered":"<p>Excursion Bateau Plong\u00e9e Soma Bay: R\u00e9servez votre tour de snorkeling vers Orange Bay ou Giftun. D\u00e9couvrez les r\u00e9cifs coralliens et la vie marine.<\/p>\n","protected":false},"featured_media":9796,"comment_status":"open","ping_status":"closed","template":"","meta":[],"product_brand":[],"product_cat":[3124],"product_tag":[3274,3275,3354,3440],"class_list":{"0":"post-9795","1":"product","2":"type-product","3":"status-publish","4":"has-post-thumbnail","6":"product_cat-tours-fr","7":"product_tag-excursions-a-hurghada","8":"product_tag-excursions-dune-journee-en-egypte","9":"product_tag-excursions-dans-la-baie-de-soma","10":"product_tag-meilleure-excursion-bateau-snorkeling","11":"tour_category-excursions-de-plongee-en-apnee-a-hurghada","12":"tour_category-excursions-en-egypte-fr","13":"tour_category-excursions-soma-bay-fr","15":"first","16":"instock","17":"sale","18":"shipping-taxable","19":"purchasable","20":"product-type-tour","21":"has-default-attributes"},"yoast_head":"<!-- This site is optimized with the Yoast SEO Premium plugin v27.4 (Yoast SEO v27.4) - https:\/\/yoast.com\/product\/yoast-seo-premium-wordpress\/ -->\n<title>Excursion Bateau Plong\u00e9e Soma Bay<\/title>\n<meta name=\"description\" content=\"Excursion Bateau Plong\u00e9e Soma Bay: R\u00e9servez votre tour de snorkeling vers Orange Bay ou Giftun. D\u00e9couvrez les r\u00e9cifs coralliens et la vie marine.\" \/>\n<meta name=\"robots\" content=\"index, follow, max-snippet:-1, max-image-preview:large, max-video-preview:-1\" \/>\n<link rel=\"canonical\" href=\"https:\/\/egytourpackages.com\/fr\/tours\/excursion-bateau-plongee-soma-bay\/\" \/>\n<meta property=\"og:locale\" content=\"fr_FR\" \/>\n<meta property=\"og:type\" content=\"article\" \/>\n<meta property=\"og:title\" content=\"Excursion Bateau Plong\u00e9e Soma Bay\" \/>\n<meta property=\"og:description\" content=\"Excursion Bateau Plong\u00e9e Soma Bay: R\u00e9servez votre tour de snorkeling vers Orange Bay ou Giftun. D\u00e9couvrez les r\u00e9cifs coralliens et la vie marine.\" \/>\n<meta property=\"og:url\" content=\"https:\/\/egytourpackages.com\/fr\/tours\/excursion-bateau-plongee-soma-bay\/\" \/>\n<meta property=\"og:site_name\" content=\"Egypt Tour Packages\" \/>\n<meta property=\"article:publisher\" content=\"https:\/\/www.facebook.com\/egytourpackages\" \/>\n<meta property=\"article:modified_time\" content=\"2026-01-28T20:51:18+00:00\" \/>\n<meta property=\"og:image\" content=\"https:\/\/egytourpackages.com\/wp-content\/uploads\/2023\/08\/Snorkeling-Boat-Trip-from-Soma-Bay-1024x682.jpg\" \/>\n<meta name=\"twitter:card\" content=\"summary_large_image\" \/>\n<meta name=\"twitter:title\" content=\"Excursion Bateau Plong\u00e9e Soma Bay\" \/>\n<meta name=\"twitter:description\" content=\"Excursion Bateau Plong\u00e9e Soma Bay: R\u00e9servez votre tour de snorkeling vers Orange Bay ou Giftun. D\u00e9couvrez les r\u00e9cifs coralliens et la vie marine.\" \/>\n<meta name=\"twitter:image\" content=\"https:\/\/egytourpackages.com\/wp-content\/uploads\/2023\/08\/Snorkeling-Boat-Trip-from-Soma-Bay-1024x682.jpg\" \/>\n<meta name=\"twitter:label1\" content=\"Prix\" \/>\n\t<meta name=\"twitter:data1\" content=\"&euro;35\" \/>\n\t<meta name=\"twitter:label2\" content=\"Disponibilit\u00e9\" \/>\n\t<meta name=\"twitter:data2\" content=\"En stock\" \/>\n<script type=\"application\/ld+json\" class=\"yoast-schema-graph\">{\"@context\":\"https:\\\/\\\/schema.org\",\"@graph\":[{\"@type\":\"WebPage\",\"@id\":\"https:\\\/\\\/egytourpackages.com\\\/fr\\\/tours\\\/excursion-bateau-plongee-soma-bay\\\/\",\"url\":\"https:\\\/\\\/egytourpackages.com\\\/fr\\\/tours\\\/excursion-bateau-plongee-soma-bay\\\/\",\"name\":\"Excursion Bateau Plong\u00e9e Soma Bay\",\"isPartOf\":{\"@id\":\"https:\\\/\\\/egytourpackages.com\\\/fr\\\/#website\"},\"primaryImageOfPage\":{\"@id\":\"https:\\\/\\\/egytourpackages.com\\\/fr\\\/tours\\\/excursion-bateau-plongee-soma-bay\\\/#primaryimage\"},\"image\":{\"@id\":\"https:\\\/\\\/egytourpackages.com\\\/fr\\\/tours\\\/excursion-bateau-plongee-soma-bay\\\/#primaryimage\"},\"thumbnailUrl\":\"https:\\\/\\\/egytourpackages.com\\\/wp-content\\\/uploads\\\/2023\\\/08\\\/Snorkeling-Boat-Trip-from-Soma-Bay.jpg\",\"datePublished\":\"2023-08-22T16:55:59+00:00\",\"dateModified\":\"2026-01-28T20:51:18+00:00\",\"description\":\"Excursion Bateau Plong\u00e9e Soma Bay: R\u00e9servez votre tour de snorkeling vers Orange Bay ou Giftun. D\u00e9couvrez les r\u00e9cifs coralliens et la vie marine.\",\"breadcrumb\":{\"@id\":\"https:\\\/\\\/egytourpackages.com\\\/fr\\\/tours\\\/excursion-bateau-plongee-soma-bay\\\/#breadcrumb\"},\"inLanguage\":\"fr-FR\",\"potentialAction\":[{\"@type\":\"ReadAction\",\"target\":[\"https:\\\/\\\/egytourpackages.com\\\/fr\\\/tours\\\/excursion-bateau-plongee-soma-bay\\\/\"]}]},{\"@type\":\"ImageObject\",\"inLanguage\":\"fr-FR\",\"@id\":\"https:\\\/\\\/egytourpackages.com\\\/fr\\\/tours\\\/excursion-bateau-plongee-soma-bay\\\/#primaryimage\",\"url\":\"https:\\\/\\\/egytourpackages.com\\\/wp-content\\\/uploads\\\/2023\\\/08\\\/Snorkeling-Boat-Trip-from-Soma-Bay.jpg\",\"contentUrl\":\"https:\\\/\\\/egytourpackages.com\\\/wp-content\\\/uploads\\\/2023\\\/08\\\/Snorkeling-Boat-Trip-from-Soma-Bay.jpg\",\"width\":2000,\"height\":1333,\"caption\":\"Excursion Bateau Plong\u00e9e Soma Bay\"},{\"@type\":\"BreadcrumbList\",\"@id\":\"https:\\\/\\\/egytourpackages.com\\\/fr\\\/tours\\\/excursion-bateau-plongee-soma-bay\\\/#breadcrumb\",\"itemListElement\":[{\"@type\":\"ListItem\",\"position\":1,\"name\":\"Home\",\"item\":\"https:\\\/\\\/egytourpackages.com\\\/fr\\\/circuits-en-egypte\\\/\"},{\"@type\":\"ListItem\",\"position\":2,\"name\":\"Shop\",\"item\":\"https:\\\/\\\/egytourpackages.com\\\/shop\\\/\"},{\"@type\":\"ListItem\",\"position\":3,\"name\":\"Excursion Bateau Plong\u00e9e Soma Bay\"}]},{\"@type\":\"WebSite\",\"@id\":\"https:\\\/\\\/egytourpackages.com\\\/fr\\\/#website\",\"url\":\"https:\\\/\\\/egytourpackages.com\\\/fr\\\/\",\"name\":\"Egy tour packages\",\"description\":\"\",\"publisher\":{\"@id\":\"https:\\\/\\\/egytourpackages.com\\\/fr\\\/#organization\"},\"potentialAction\":[{\"@type\":\"SearchAction\",\"target\":{\"@type\":\"EntryPoint\",\"urlTemplate\":\"https:\\\/\\\/egytourpackages.com\\\/fr\\\/?s={search_term_string}\"},\"query-input\":{\"@type\":\"PropertyValueSpecification\",\"valueRequired\":true,\"valueName\":\"search_term_string\"}}],\"inLanguage\":\"fr-FR\"},{\"@type\":[\"Organization\",\"Place\",\"TravelAgency\"],\"@id\":\"https:\\\/\\\/egytourpackages.com\\\/fr\\\/#organization\",\"name\":\"egypt tour packages\",\"alternateName\":\"egypt tour packages\",\"url\":\"https:\\\/\\\/egytourpackages.com\\\/fr\\\/\",\"logo\":{\"@id\":\"https:\\\/\\\/egytourpackages.com\\\/fr\\\/tours\\\/excursion-bateau-plongee-soma-bay\\\/#local-main-organization-logo\"},\"image\":{\"@id\":\"https:\\\/\\\/egytourpackages.com\\\/fr\\\/tours\\\/excursion-bateau-plongee-soma-bay\\\/#local-main-organization-logo\"},\"sameAs\":[\"https:\\\/\\\/www.facebook.com\\\/egytourpackages\"],\"legalName\":\"Egy tour packages\",\"address\":{\"@id\":\"https:\\\/\\\/egytourpackages.com\\\/fr\\\/tours\\\/excursion-bateau-plongee-soma-bay\\\/#local-main-place-address\"},\"telephone\":[\"00201000852186\",\"00201028685533\"],\"contactPoint\":{\"@type\":\"ContactPoint\",\"telephone\":\"00201000852186\"},\"openingHoursSpecification\":[{\"@type\":\"OpeningHoursSpecification\",\"dayOfWeek\":[\"Monday\",\"Tuesday\",\"Wednesday\",\"Thursday\",\"Friday\",\"Saturday\",\"Sunday\"],\"opens\":\"00:00\",\"closes\":\"23:59\"}],\"email\":\"info@egytourpackages.com\",\"areaServed\":\"Cairo, Hurghada, Luxor, Sharm El Sheikh, Marsa Alam, Aswan\",\"priceRange\":\"$\",\"currenciesAccepted\":\"euro\",\"paymentAccepted\":\"Payment links online\"},{\"@type\":\"PostalAddress\",\"@id\":\"https:\\\/\\\/egytourpackages.com\\\/fr\\\/tours\\\/excursion-bateau-plongee-soma-bay\\\/#local-main-place-address\",\"streetAddress\":\"Mubarak 8, Al Kawthar District, Hurghada\",\"addressLocality\":\"Hurghada\",\"postalCode\":\"84511\",\"addressRegion\":\"Red Sea\",\"addressCountry\":\"EG\"},{\"@type\":\"ImageObject\",\"inLanguage\":\"fr-FR\",\"@id\":\"https:\\\/\\\/egytourpackages.com\\\/fr\\\/tours\\\/excursion-bateau-plongee-soma-bay\\\/#local-main-organization-logo\",\"url\":\"https:\\\/\\\/egytourpackages.com\\\/wp-content\\\/uploads\\\/2025\\\/12\\\/Turquoise-Dahabiya-Nile-Cruise-1.jpeg\",\"contentUrl\":\"https:\\\/\\\/egytourpackages.com\\\/wp-content\\\/uploads\\\/2025\\\/12\\\/Turquoise-Dahabiya-Nile-Cruise-1.jpeg\",\"width\":1040,\"height\":694,\"caption\":\"egypt tour packages\"}]}<\/script>\n<meta property=\"product:brand\" content=\"Excursions de plong\u00e9e en apn\u00e9e \u00e0 Hurghada\" \/>\n<meta property=\"product:price:amount\" content=\"35\" \/>\n<meta property=\"product:price:currency\" content=\"EUR\" \/>\n<meta property=\"og:availability\" content=\"instock\" \/>\n<meta property=\"product:availability\" content=\"instock\" \/>\n<meta property=\"product:retailer_item_id\" content=\"SBE03\" \/>\n<meta property=\"product:condition\" content=\"new\" \/>\n<meta name=\"geo.placename\" content=\"Hurghada\" \/>\n<meta name=\"geo.region\" content=\"\u00c9gypte\" \/>\n<!-- \/ Yoast SEO Premium plugin. -->","yoast_head_json":{"title":"Excursion Bateau Plong\u00e9e Soma Bay","description":"Excursion Bateau Plong\u00e9e Soma Bay: R\u00e9servez votre tour de snorkeling vers Orange Bay ou Giftun. D\u00e9couvrez les r\u00e9cifs coralliens et la vie marine.","robots":{"index":"index","follow":"follow","max-snippet":"max-snippet:-1","max-image-preview":"max-image-preview:large","max-video-preview":"max-video-preview:-1"},"canonical":"https:\/\/egytourpackages.com\/fr\/tours\/excursion-bateau-plongee-soma-bay\/","og_locale":"fr_FR","og_type":"article","og_title":"Excursion Bateau Plong\u00e9e Soma Bay","og_description":"Excursion Bateau Plong\u00e9e Soma Bay: R\u00e9servez votre tour de snorkeling vers Orange Bay ou Giftun. D\u00e9couvrez les r\u00e9cifs coralliens et la vie marine.","og_url":"https:\/\/egytourpackages.com\/fr\/tours\/excursion-bateau-plongee-soma-bay\/","og_site_name":"Egypt Tour Packages","article_publisher":"https:\/\/www.facebook.com\/egytourpackages","article_modified_time":"2026-01-28T20:51:18+00:00","og_image":[{"url":"https:\/\/egytourpackages.com\/wp-content\/uploads\/2023\/08\/Snorkeling-Boat-Trip-from-Soma-Bay-1024x682.jpg","type":"","width":"","height":""}],"twitter_card":"summary_large_image","twitter_title":"Excursion Bateau Plong\u00e9e Soma Bay","twitter_description":"Excursion Bateau Plong\u00e9e Soma Bay: R\u00e9servez votre tour de snorkeling vers Orange Bay ou Giftun. D\u00e9couvrez les r\u00e9cifs coralliens et la vie marine.","twitter_image":"https:\/\/egytourpackages.com\/wp-content\/uploads\/2023\/08\/Snorkeling-Boat-Trip-from-Soma-Bay-1024x682.jpg","twitter_misc":{"Prix":"&euro;35","Disponibilit\u00e9":"En stock"},"schema":{"@context":"https:\/\/schema.org","@graph":[{"@type":"WebPage","@id":"https:\/\/egytourpackages.com\/fr\/tours\/excursion-bateau-plongee-soma-bay\/","url":"https:\/\/egytourpackages.com\/fr\/tours\/excursion-bateau-plongee-soma-bay\/","name":"Excursion Bateau Plong\u00e9e Soma Bay","isPartOf":{"@id":"https:\/\/egytourpackages.com\/fr\/#website"},"primaryImageOfPage":{"@id":"https:\/\/egytourpackages.com\/fr\/tours\/excursion-bateau-plongee-soma-bay\/#primaryimage"},"image":{"@id":"https:\/\/egytourpackages.com\/fr\/tours\/excursion-bateau-plongee-soma-bay\/#primaryimage"},"thumbnailUrl":"https:\/\/egytourpackages.com\/wp-content\/uploads\/2023\/08\/Snorkeling-Boat-Trip-from-Soma-Bay.jpg","datePublished":"2023-08-22T16:55:59+00:00","dateModified":"2026-01-28T20:51:18+00:00","description":"Excursion Bateau Plong\u00e9e Soma Bay: R\u00e9servez votre tour de snorkeling vers Orange Bay ou Giftun. D\u00e9couvrez les r\u00e9cifs coralliens et la vie marine.","breadcrumb":{"@id":"https:\/\/egytourpackages.com\/fr\/tours\/excursion-bateau-plongee-soma-bay\/#breadcrumb"},"inLanguage":"fr-FR","potentialAction":[{"@type":"ReadAction","target":["https:\/\/egytourpackages.com\/fr\/tours\/excursion-bateau-plongee-soma-bay\/"]}]},{"@type":"ImageObject","inLanguage":"fr-FR","@id":"https:\/\/egytourpackages.com\/fr\/tours\/excursion-bateau-plongee-soma-bay\/#primaryimage","url":"https:\/\/egytourpackages.com\/wp-content\/uploads\/2023\/08\/Snorkeling-Boat-Trip-from-Soma-Bay.jpg","contentUrl":"https:\/\/egytourpackages.com\/wp-content\/uploads\/2023\/08\/Snorkeling-Boat-Trip-from-Soma-Bay.jpg","width":2000,"height":1333,"caption":"Excursion Bateau Plong\u00e9e Soma Bay"},{"@type":"BreadcrumbList","@id":"https:\/\/egytourpackages.com\/fr\/tours\/excursion-bateau-plongee-soma-bay\/#breadcrumb","itemListElement":[{"@type":"ListItem","position":1,"name":"Home","item":"https:\/\/egytourpackages.com\/fr\/circuits-en-egypte\/"},{"@type":"ListItem","position":2,"name":"Shop","item":"https:\/\/egytourpackages.com\/shop\/"},{"@type":"ListItem","position":3,"name":"Excursion Bateau Plong\u00e9e Soma Bay"}]},{"@type":"WebSite","@id":"https:\/\/egytourpackages.com\/fr\/#website","url":"https:\/\/egytourpackages.com\/fr\/","name":"Egy tour packages","description":"","publisher":{"@id":"https:\/\/egytourpackages.com\/fr\/#organization"},"potentialAction":[{"@type":"SearchAction","target":{"@type":"EntryPoint","urlTemplate":"https:\/\/egytourpackages.com\/fr\/?s={search_term_string}"},"query-input":{"@type":"PropertyValueSpecification","valueRequired":true,"valueName":"search_term_string"}}],"inLanguage":"fr-FR"},{"@type":["Organization","Place","TravelAgency"],"@id":"https:\/\/egytourpackages.com\/fr\/#organization","name":"egypt tour packages","alternateName":"egypt tour packages","url":"https:\/\/egytourpackages.com\/fr\/","logo":{"@id":"https:\/\/egytourpackages.com\/fr\/tours\/excursion-bateau-plongee-soma-bay\/#local-main-organization-logo"},"image":{"@id":"https:\/\/egytourpackages.com\/fr\/tours\/excursion-bateau-plongee-soma-bay\/#local-main-organization-logo"},"sameAs":["https:\/\/www.facebook.com\/egytourpackages"],"legalName":"Egy tour packages","address":{"@id":"https:\/\/egytourpackages.com\/fr\/tours\/excursion-bateau-plongee-soma-bay\/#local-main-place-address"},"telephone":["00201000852186","00201028685533"],"contactPoint":{"@type":"ContactPoint","telephone":"00201000852186"},"openingHoursSpecification":[{"@type":"OpeningHoursSpecification","dayOfWeek":["Monday","Tuesday","Wednesday","Thursday","Friday","Saturday","Sunday"],"opens":"00:00","closes":"23:59"}],"email":"info@egytourpackages.com","areaServed":"Cairo, Hurghada, Luxor, Sharm El Sheikh, Marsa Alam, Aswan","priceRange":"$","currenciesAccepted":"euro","paymentAccepted":"Payment links online"},{"@type":"PostalAddress","@id":"https:\/\/egytourpackages.com\/fr\/tours\/excursion-bateau-plongee-soma-bay\/#local-main-place-address","streetAddress":"Mubarak 8, Al Kawthar District, Hurghada","addressLocality":"Hurghada","postalCode":"84511","addressRegion":"Red Sea","addressCountry":"EG"},{"@type":"ImageObject","inLanguage":"fr-FR","@id":"https:\/\/egytourpackages.com\/fr\/tours\/excursion-bateau-plongee-soma-bay\/#local-main-organization-logo","url":"https:\/\/egytourpackages.com\/wp-content\/uploads\/2025\/12\/Turquoise-Dahabiya-Nile-Cruise-1.jpeg","contentUrl":"https:\/\/egytourpackages.com\/wp-content\/uploads\/2025\/12\/Turquoise-Dahabiya-Nile-Cruise-1.jpeg","width":1040,"height":694,"caption":"egypt tour packages"}]},"product_brand":"Excursions de plong\u00e9e en apn\u00e9e \u00e0 Hurghada","product_price_amount":"35","product_price_currency":"EUR","og_availability":"instock","product_availability":"instock","product_retailer_item_id":"SBE03","product_condition":"new","geo.placename":"Hurghada","geo.region":"\u00c9gypte"},"_links":{"self":[{"href":"https:\/\/egytourpackages.com\/fr\/wp-json\/wp\/v2\/product\/9795","targetHints":{"allow":["GET"]}}],"collection":[{"href":"https:\/\/egytourpackages.com\/fr\/wp-json\/wp\/v2\/product"}],"about":[{"href":"https:\/\/egytourpackages.com\/fr\/wp-json\/wp\/v2\/types\/product"}],"replies":[{"embeddable":true,"href":"https:\/\/egytourpackages.com\/fr\/wp-json\/wp\/v2\/comments?post=9795"}],"wp:featuredmedia":[{"embeddable":true,"href":"https:\/\/egytourpackages.com\/fr\/wp-json\/wp\/v2\/media\/9796"}],"wp:attachment":[{"href":"https:\/\/egytourpackages.com\/fr\/wp-json\/wp\/v2\/media?parent=9795"}],"wp:term":[{"taxonomy":"product_brand","embeddable":true,"href":"https:\/\/egytourpackages.com\/fr\/wp-json\/wp\/v2\/product_brand?post=9795"},{"taxonomy":"product_cat","embeddable":true,"href":"https:\/\/egytourpackages.com\/fr\/wp-json\/wp\/v2\/product_cat?post=9795"},{"taxonomy":"product_tag","embeddable":true,"href":"https:\/\/egytourpackages.com\/fr\/wp-json\/wp\/v2\/product_tag?post=9795"}],"curies":[{"name":"wp","href":"https:\/\/api.w.org\/{rel}","templated":true}]}}