{"id":9801,"date":"2023-08-16T12:26:05","date_gmt":"2023-08-16T12:26:05","guid":{"rendered":"https:\/\/egytourpackages.com\/product\/excursion-dune-demi-journee-aux-pyramides-au-depart-du-caire\/"},"modified":"2026-01-08T11:30:41","modified_gmt":"2026-01-08T11:30:41","slug":"excursion-dune-demi-journee-aux-pyramides-au-depart-du-caire","status":"publish","type":"product","link":"https:\/\/egytourpackages.com\/fr\/tours\/excursion-dune-demi-journee-aux-pyramides-au-depart-du-caire\/","title":{"rendered":"Excursion d&rsquo;une demi-journ\u00e9e aux pyramides au d\u00e9part du Caire"},"content":{"rendered":"<p><span style=\"color: #ff6600;\"><strong>Demi-Journ\u00e9e Pyramides de Gizeh au D\u00e9part du Caire <\/strong><\/span><\/p>\n<p><strong>Balade \u00e0 Dos de Chameau (30 min)<\/strong><\/p>\n<p>R\u00e9servez une inoubliable <strong>visite d&rsquo;une demi-journ\u00e9e des Pyramides de Gizeh<\/strong> au d\u00e9part du Caire, un choix de premier ordre pour le <strong>tourisme au Caire<\/strong> et une <strong>excursion en \u00c9gypte<\/strong> essentielle. Cette <strong>visite priv\u00e9e du Caire<\/strong> offre un voyage captivant dans le temps pour explorer les merveilles de l&rsquo;<strong>\u00c9gypte antique<\/strong>. Admirez les embl\u00e9matiques <strong>Grandes Pyramides de Gizeh<\/strong> \u2013 <strong>Kh\u00e9ops<\/strong> (Cheops), <strong>Khafr\u00e9<\/strong>, et <strong>Myk\u00e9rinos<\/strong> \u2013 et plongez dans l&rsquo;histoire fascinante de l&rsquo;<strong>Ancien Empire<\/strong>.<\/p>\n<p>Votre <strong>guide \u00e9gyptologue<\/strong> expert mettra en lumi\u00e8re les prouesses architecturales et la signification royale de ces structures antiques. Au-del\u00e0 des pyramides principales, cette <strong>visite compl\u00e8te de Gizeh<\/strong> inclut \u00e9galement la visite des <strong>Pyramides des Reines<\/strong>, des anciennes <strong>fosses \u00e0 bateaux<\/strong>, et des <strong>tombes des b\u00e2tisseurs de pyramides<\/strong>.<\/p>\n<p>Faites l&rsquo;exp\u00e9rience du paysage d\u00e9sertique avec une passionnante <strong>balade \u00e0 dos de chameau de 30 minutes aux Pyramides de Gizeh<\/strong>, ajoutant une touche authentique \u00e0 votre aventure de <strong>voyage en \u00c9gypte<\/strong>. Profitez du confort d&rsquo;un v\u00e9hicule priv\u00e9, d&rsquo;un service personnalis\u00e9 et d&rsquo;un <strong>guide local<\/strong> comp\u00e9tent tout au long de cette incroyable <strong>excursion aux Pyramides au d\u00e9part du Caire<\/strong>.<\/p>\n<h3><span style=\"color: #ff6600;\">D\u00e9tails de l&rsquo;Excursion<\/span><\/h3>\n<ul>\n<li>Dur\u00e9e: Demi-journ\u00e9e<\/li>\n<li>Localisation de l\u2019Excursion: Gizeh<\/li>\n<li>Disponibilit\u00e9: Tous les jours<\/li>\n<li>Prise en Charge et D\u00e9pose: H\u00f4tels du Caire et de Gizeh<\/li>\n<li>Type d\u2019Excursion<strong>: <\/strong>Priv\u00e9e<\/li>\n<\/ul>\n<h3><span style=\"color: #ff6600;\">Points Forts de la Visite<\/span><\/h3>\n<ul>\n<li>Pyramide de Kh\u00e9ops<\/li>\n<li>Pyramide de Khafr\u00e9<\/li>\n<li>Pyramide de Myk\u00e9rinos<\/li>\n<li>Pyramides des Reines<\/li>\n<li>Fosses \u00e0 Bateaux<\/li>\n<li>Tombes des B\u00e2tisseurs<\/li>\n<li>Vue Panoramique<\/li>\n<li>Temple de la Vall\u00e9e<\/li>\n<li>Grand Sphinx de Gizeh<\/li>\n<\/ul>\n<h3><span style=\"color: #ff6600;\">Inclusions<\/span><\/h3>\n<ul>\n<li>Transfert aller-retour avec v\u00e9hicule moderne climatis\u00e9<\/li>\n<li>Guide Arch\u00e9ologue Expert<\/li>\n<li>Eau pendant la visite<\/li>\n<li>30 minutes de balade \u00e0 dos de chameau au panorama<\/li>\n<\/ul>\n<h3><span style=\"color: #ff6600;\">Exclusions<\/span><\/h3>\n<ul>\n<li>Pourboires<\/li>\n<li>Toutes d\u00e9penses personnelles<\/li>\n<li>Frais d&rsquo;entr\u00e9e pour l&rsquo;int\u00e9rieur de toute Pyramide<\/li>\n<\/ul>\n<h3><span style=\"color: #ff6600;\">\u00c0 Emporter<\/span><\/h3>\n<ul>\n<li>Cr\u00e8me solaire et lunettes de soleil<\/li>\n<li>Chapeau ou \u00e9charpe<\/li>\n<\/ul>\n<h3><span style=\"color: #ff6600;\">Itin\u00e9raire de l&rsquo;Excursion<\/span><\/h3>\n<p>Profitez de votre petit-d\u00e9jeuner \u00e0 l&rsquo;h\u00f4tel, puis rejoignez votre guide dans le hall de l&rsquo;h\u00f4tel pour commencer votre <strong>visite du Caire<\/strong> vers la plus c\u00e9l\u00e8bre des <strong>attractions \u00e9gyptiennes<\/strong>, les <strong>Pyramides de Gizeh<\/strong>. Votre guide r\u00e9pondra aux trois questions les plus importantes qui vous viendront \u00e0 l&rsquo;esprit : Comment les Pyramides ont-elles \u00e9t\u00e9 construites ? Pourquoi les Pyramides ont-elles \u00e9t\u00e9 construites ? Et qui a construit les Pyramides ?<\/p>\n<p>Pendant que vous rejoignez votre guide pour profiter de votre <strong>visite des Pyramides<\/strong>, vous aurez la possibilit\u00e9 d&rsquo;entrer \u00e0 l&rsquo;int\u00e9rieur de la <strong>Grande Pyramide de Kh\u00e9ops<\/strong> si vous le souhaitez, moyennant des frais. De plus, vous pourrez entrer gratuitement dans l&rsquo;une des <strong>Pyramides des Reines<\/strong> et voir les ruines du <strong>Temple Fun\u00e9raire de Kh\u00e9ops<\/strong>.<\/p>\n<p>Pendant ce temps, vous pourrez d\u00e9couvrir avec votre guide la <strong>Pyramide de Khafr\u00e9<\/strong> et les huit fosses de la tente de <strong>momification<\/strong> trouv\u00e9es \u00e0 c\u00f4t\u00e9 de son Temple Fun\u00e9raire. Vous pourrez \u00e9galement prendre de tr\u00e8s belles photos depuis le <strong>panorama<\/strong> des trois Pyramides align\u00e9es sur des chameaux inclus dans l&rsquo;excursion. Vous pouvez \u00e9galement vous approcher de la <strong>Pyramide de Myk\u00e9rinos<\/strong> avec ses rev\u00eatements en <strong>Granit d&rsquo;Assouan<\/strong>.<\/p>\n<p>En fait, vous terminerez vos <strong>excursions d&rsquo;une journ\u00e9e en \u00c9gypte<\/strong> aux Pyramides de Gizeh avec le <strong>Temple de la Vall\u00e9e<\/strong> o\u00f9 \u00e9taient ex\u00e9cut\u00e9s les rituels de l&rsquo;<strong>Ouverture de la Bouche<\/strong>. Enfin, vous atteindrez le <strong>Grand Sphinx<\/strong> et vous pourrez voir la <strong>St\u00e8le du R\u00eave<\/strong> et en apprendre davantage sur la <strong>Sphinge<\/strong> d\u00e9couverte plus tard. En sortant du Sphinx, vous verrez sur votre droite les <strong>tombes des b\u00e2tisseurs de Pyramides<\/strong>.<\/p>\n<h3><span style=\"color: #ff6600;\">Prix de l&rsquo;Excursion d&rsquo;une Demi-Journ\u00e9e aux Pyramides du Caire<\/span><\/h3>\n<ul>\n<li>Prix Adulte = 60 \u20ac<\/li>\n<li>Enfants 0-5 ans = gratuit<\/li>\n<li>Enfants 5-11 ans = 50 % du prix adulte<\/li>\n<\/ul>\n<h3><span style=\"color: #ff6600;\">R\u00e9servation de la Visite<\/span><\/h3>\n<p>Vous pouvez r\u00e9server votre excursion via WhatsApp ou nous envoyer un e-mail et vous recevrez la confirmation imm\u00e9diatement.<\/p>\n<p>Veuillez nous envoyer le nom de votre h\u00f4tel, votre num\u00e9ro de chambre, les copies de vos passeports.<\/p>\n<p>WhatsApp: +201000852186<\/p>\n<p>info@egytourpackages.com<\/p>\n<h3><span style=\"color: #ff6600;\">R\u00e9servez Maintenant &amp; Payez sur Place<\/span><\/h3>\n<p>R\u00e9servez votre excursion pr\u00e9f\u00e9r\u00e9e et payez le jour du voyage.<\/p>\n<h3><span style=\"color: #ff6600;\">Paiement de la R\u00e9servation<\/span><\/h3>\n<p>Vous pouvez payer en livres \u00e9gyptiennes, $, \u20ac ou \u00a3.<\/p>\n<h3><span style=\"color: #ff6600;\">Politique d&rsquo;Annulation<\/span><\/h3>\n<p>Vous pouvez annuler jusqu&rsquo;\u00e0 24 heures \u00e0 l&rsquo;avance gratuitement.<\/p>\n<h3><span style=\"color: #ff6600;\">R\u00e9servation &amp; Paiement<\/span><\/h3>\n<ul>\n<li>La mani\u00e8re la plus simple est de r\u00e9server votre excursion via WhatsApp ou vous pouvez nous envoyer un e-mail.<\/li>\n<li>Paiement sur place le jour du voyage.<\/li>\n<\/ul>\n","protected":false},"excerpt":{"rendered":"<p>R\u00e9servez votre excursion d&rsquo;une demi-journ\u00e9e aux pyramides au d\u00e9part du Caire. Visitez Gizeh, Kh\u00e9ops, le Sphinx et profitez d&rsquo;une balade \u00e0 chameau. Guide<\/p>\n","protected":false},"featured_media":9808,"comment_status":"open","ping_status":"closed","template":"","meta":[],"product_brand":[],"product_cat":[3124],"product_tag":[3442,3275,3241],"class_list":{"0":"post-9801","1":"product","2":"type-product","3":"status-publish","4":"has-post-thumbnail","6":"product_cat-tours-fr","7":"product_tag-excursions-dune-journee-au-caire","8":"product_tag-excursions-dune-journee-en-egypte","9":"product_tag-pyramides-de-gizeh","10":"tour_category-excursions-en-egypte-fr","11":"tour_category-excursions-le-caire-fr","13":"first","14":"instock","15":"sale","16":"shipping-taxable","17":"purchasable","18":"product-type-tour","19":"has-default-attributes"},"yoast_head":"<!-- This site is optimized with the Yoast SEO Premium plugin v27.4 (Yoast SEO v27.4) - https:\/\/yoast.com\/product\/yoast-seo-premium-wordpress\/ -->\n<title>Excursion d&#039;une demi-journ\u00e9e aux pyramides au d\u00e9part du Caire<\/title>\n<meta name=\"description\" content=\"R\u00e9servez votre excursion d&#039;une demi-journ\u00e9e aux pyramides au d\u00e9part du Caire. Visitez Gizeh, Kh\u00e9ops, le Sphinx et profitez d&#039;une balade \u00e0 chameau. Guide\" \/>\n<meta name=\"robots\" content=\"index, follow, max-snippet:-1, max-image-preview:large, max-video-preview:-1\" \/>\n<link rel=\"canonical\" href=\"https:\/\/egytourpackages.com\/fr\/tours\/excursion-dune-demi-journee-aux-pyramides-au-depart-du-caire\/\" \/>\n<meta property=\"og:locale\" content=\"fr_FR\" \/>\n<meta property=\"og:type\" content=\"article\" \/>\n<meta property=\"og:title\" content=\"Excursion d&#039;une demi-journ\u00e9e aux pyramides au d\u00e9part du Caire\" \/>\n<meta property=\"og:description\" content=\"R\u00e9servez votre excursion d&#039;une demi-journ\u00e9e aux pyramides au d\u00e9part du Caire. Visitez Gizeh, Kh\u00e9ops, le Sphinx et profitez d&#039;une balade \u00e0 chameau. Guide\" \/>\n<meta property=\"og:url\" content=\"https:\/\/egytourpackages.com\/fr\/tours\/excursion-dune-demi-journee-aux-pyramides-au-depart-du-caire\/\" \/>\n<meta property=\"og:site_name\" content=\"Egypt Tour Packages\" \/>\n<meta property=\"article:publisher\" content=\"https:\/\/www.facebook.com\/egytourpackages\" \/>\n<meta property=\"article:modified_time\" content=\"2026-01-08T11:30:41+00:00\" \/>\n<meta property=\"og:image\" content=\"https:\/\/egytourpackages.com\/wp-content\/uploads\/2023\/08\/Half-Day-Pyramids-Tour-from-Cairo-1024x768.jpg\" \/>\n<meta name=\"twitter:card\" content=\"summary_large_image\" \/>\n<meta name=\"twitter:title\" content=\"Excursion d&#039;une demi-journ\u00e9e aux pyramides au d\u00e9part du Caire\" \/>\n<meta name=\"twitter:description\" content=\"R\u00e9servez votre excursion d&#039;une demi-journ\u00e9e aux pyramides au d\u00e9part du Caire. Visitez Gizeh, Kh\u00e9ops, le Sphinx et profitez d&#039;une balade \u00e0 chameau. Guide\" \/>\n<meta name=\"twitter:image\" content=\"https:\/\/egytourpackages.com\/wp-content\/uploads\/2023\/07\/Giza-Pyramids-1-1024x768.jpg\" \/>\n<meta name=\"twitter:label1\" content=\"Prix\" \/>\n\t<meta name=\"twitter:data1\" content=\"&euro;70\" \/>\n\t<meta name=\"twitter:label2\" content=\"Disponibilit\u00e9\" \/>\n\t<meta name=\"twitter:data2\" content=\"En stock\" \/>\n<script type=\"application\/ld+json\" class=\"yoast-schema-graph\">{\"@context\":\"https:\\\/\\\/schema.org\",\"@graph\":[{\"@type\":\"WebPage\",\"@id\":\"https:\\\/\\\/egytourpackages.com\\\/fr\\\/tours\\\/excursion-dune-demi-journee-aux-pyramides-au-depart-du-caire\\\/\",\"url\":\"https:\\\/\\\/egytourpackages.com\\\/fr\\\/tours\\\/excursion-dune-demi-journee-aux-pyramides-au-depart-du-caire\\\/\",\"name\":\"Excursion d'une demi-journ\u00e9e aux pyramides au d\u00e9part du Caire\",\"isPartOf\":{\"@id\":\"https:\\\/\\\/egytourpackages.com\\\/fr\\\/#website\"},\"primaryImageOfPage\":{\"@id\":\"https:\\\/\\\/egytourpackages.com\\\/fr\\\/tours\\\/excursion-dune-demi-journee-aux-pyramides-au-depart-du-caire\\\/#primaryimage\"},\"image\":{\"@id\":\"https:\\\/\\\/egytourpackages.com\\\/fr\\\/tours\\\/excursion-dune-demi-journee-aux-pyramides-au-depart-du-caire\\\/#primaryimage\"},\"thumbnailUrl\":\"https:\\\/\\\/egytourpackages.com\\\/wp-content\\\/uploads\\\/2023\\\/08\\\/Half-Day-Pyramids-Tour-from-Cairo.jpg\",\"datePublished\":\"2023-08-16T12:26:05+00:00\",\"dateModified\":\"2026-01-08T11:30:41+00:00\",\"description\":\"R\u00e9servez votre excursion d'une demi-journ\u00e9e aux pyramides au d\u00e9part du Caire. Visitez Gizeh, Kh\u00e9ops, le Sphinx et profitez d'une balade \u00e0 chameau. Guide\",\"breadcrumb\":{\"@id\":\"https:\\\/\\\/egytourpackages.com\\\/fr\\\/tours\\\/excursion-dune-demi-journee-aux-pyramides-au-depart-du-caire\\\/#breadcrumb\"},\"inLanguage\":\"fr-FR\",\"potentialAction\":[{\"@type\":\"ReadAction\",\"target\":[\"https:\\\/\\\/egytourpackages.com\\\/fr\\\/tours\\\/excursion-dune-demi-journee-aux-pyramides-au-depart-du-caire\\\/\"]}]},{\"@type\":\"ImageObject\",\"inLanguage\":\"fr-FR\",\"@id\":\"https:\\\/\\\/egytourpackages.com\\\/fr\\\/tours\\\/excursion-dune-demi-journee-aux-pyramides-au-depart-du-caire\\\/#primaryimage\",\"url\":\"https:\\\/\\\/egytourpackages.com\\\/wp-content\\\/uploads\\\/2023\\\/08\\\/Half-Day-Pyramids-Tour-from-Cairo.jpg\",\"contentUrl\":\"https:\\\/\\\/egytourpackages.com\\\/wp-content\\\/uploads\\\/2023\\\/08\\\/Half-Day-Pyramids-Tour-from-Cairo.jpg\",\"width\":1600,\"height\":1200,\"caption\":\"Excursion d'une demi-journ\u00e9e aux pyramides au d\u00e9part du Caire\"},{\"@type\":\"BreadcrumbList\",\"@id\":\"https:\\\/\\\/egytourpackages.com\\\/fr\\\/tours\\\/excursion-dune-demi-journee-aux-pyramides-au-depart-du-caire\\\/#breadcrumb\",\"itemListElement\":[{\"@type\":\"ListItem\",\"position\":1,\"name\":\"Home\",\"item\":\"https:\\\/\\\/egytourpackages.com\\\/fr\\\/circuits-en-egypte\\\/\"},{\"@type\":\"ListItem\",\"position\":2,\"name\":\"Shop\",\"item\":\"https:\\\/\\\/egytourpackages.com\\\/shop\\\/\"},{\"@type\":\"ListItem\",\"position\":3,\"name\":\"Excursion d&rsquo;une demi-journ\u00e9e aux pyramides au d\u00e9part du Caire\"}]},{\"@type\":\"WebSite\",\"@id\":\"https:\\\/\\\/egytourpackages.com\\\/fr\\\/#website\",\"url\":\"https:\\\/\\\/egytourpackages.com\\\/fr\\\/\",\"name\":\"Egy tour packages\",\"description\":\"\",\"publisher\":{\"@id\":\"https:\\\/\\\/egytourpackages.com\\\/fr\\\/#organization\"},\"potentialAction\":[{\"@type\":\"SearchAction\",\"target\":{\"@type\":\"EntryPoint\",\"urlTemplate\":\"https:\\\/\\\/egytourpackages.com\\\/fr\\\/?s={search_term_string}\"},\"query-input\":{\"@type\":\"PropertyValueSpecification\",\"valueRequired\":true,\"valueName\":\"search_term_string\"}}],\"inLanguage\":\"fr-FR\"},{\"@type\":[\"Organization\",\"Place\",\"TravelAgency\"],\"@id\":\"https:\\\/\\\/egytourpackages.com\\\/fr\\\/#organization\",\"name\":\"egypt tour packages\",\"alternateName\":\"egypt tour packages\",\"url\":\"https:\\\/\\\/egytourpackages.com\\\/fr\\\/\",\"logo\":{\"@id\":\"https:\\\/\\\/egytourpackages.com\\\/fr\\\/tours\\\/excursion-dune-demi-journee-aux-pyramides-au-depart-du-caire\\\/#local-main-organization-logo\"},\"image\":{\"@id\":\"https:\\\/\\\/egytourpackages.com\\\/fr\\\/tours\\\/excursion-dune-demi-journee-aux-pyramides-au-depart-du-caire\\\/#local-main-organization-logo\"},\"sameAs\":[\"https:\\\/\\\/www.facebook.com\\\/egytourpackages\"],\"legalName\":\"Egy tour packages\",\"address\":{\"@id\":\"https:\\\/\\\/egytourpackages.com\\\/fr\\\/tours\\\/excursion-dune-demi-journee-aux-pyramides-au-depart-du-caire\\\/#local-main-place-address\"},\"telephone\":[\"00201000852186\",\"00201028685533\"],\"contactPoint\":{\"@type\":\"ContactPoint\",\"telephone\":\"00201000852186\"},\"openingHoursSpecification\":[{\"@type\":\"OpeningHoursSpecification\",\"dayOfWeek\":[\"Monday\",\"Tuesday\",\"Wednesday\",\"Thursday\",\"Friday\",\"Saturday\",\"Sunday\"],\"opens\":\"00:00\",\"closes\":\"23:59\"}],\"email\":\"info@egytourpackages.com\",\"areaServed\":\"Cairo, Hurghada, Luxor, Sharm El Sheikh, Marsa Alam, Aswan\",\"priceRange\":\"$\",\"currenciesAccepted\":\"euro\",\"paymentAccepted\":\"Payment links online\"},{\"@type\":\"PostalAddress\",\"@id\":\"https:\\\/\\\/egytourpackages.com\\\/fr\\\/tours\\\/excursion-dune-demi-journee-aux-pyramides-au-depart-du-caire\\\/#local-main-place-address\",\"streetAddress\":\"Mubarak 8, Al Kawthar District, Hurghada\",\"addressLocality\":\"Hurghada\",\"postalCode\":\"84511\",\"addressRegion\":\"Red Sea\",\"addressCountry\":\"EG\"},{\"@type\":\"ImageObject\",\"inLanguage\":\"fr-FR\",\"@id\":\"https:\\\/\\\/egytourpackages.com\\\/fr\\\/tours\\\/excursion-dune-demi-journee-aux-pyramides-au-depart-du-caire\\\/#local-main-organization-logo\",\"url\":\"https:\\\/\\\/egytourpackages.com\\\/wp-content\\\/uploads\\\/2025\\\/12\\\/Turquoise-Dahabiya-Nile-Cruise-1.jpeg\",\"contentUrl\":\"https:\\\/\\\/egytourpackages.com\\\/wp-content\\\/uploads\\\/2025\\\/12\\\/Turquoise-Dahabiya-Nile-Cruise-1.jpeg\",\"width\":1040,\"height\":694,\"caption\":\"egypt tour packages\"}]}<\/script>\n<meta property=\"product:brand\" content=\"Excursions en \u00c9gypte\" \/>\n<meta property=\"product:price:amount\" content=\"70\" \/>\n<meta property=\"product:price:currency\" content=\"EUR\" \/>\n<meta property=\"og:availability\" content=\"instock\" \/>\n<meta property=\"product:availability\" content=\"instock\" \/>\n<meta property=\"product:retailer_item_id\" content=\"CDT02\" \/>\n<meta property=\"product:condition\" content=\"new\" \/>\n<meta name=\"geo.placename\" content=\"Hurghada\" \/>\n<meta name=\"geo.region\" content=\"\u00c9gypte\" \/>\n<!-- \/ Yoast SEO Premium plugin. -->","yoast_head_json":{"title":"Excursion d'une demi-journ\u00e9e aux pyramides au d\u00e9part du Caire","description":"R\u00e9servez votre excursion d'une demi-journ\u00e9e aux pyramides au d\u00e9part du Caire. Visitez Gizeh, Kh\u00e9ops, le Sphinx et profitez d'une balade \u00e0 chameau. Guide","robots":{"index":"index","follow":"follow","max-snippet":"max-snippet:-1","max-image-preview":"max-image-preview:large","max-video-preview":"max-video-preview:-1"},"canonical":"https:\/\/egytourpackages.com\/fr\/tours\/excursion-dune-demi-journee-aux-pyramides-au-depart-du-caire\/","og_locale":"fr_FR","og_type":"article","og_title":"Excursion d'une demi-journ\u00e9e aux pyramides au d\u00e9part du Caire","og_description":"R\u00e9servez votre excursion d'une demi-journ\u00e9e aux pyramides au d\u00e9part du Caire. Visitez Gizeh, Kh\u00e9ops, le Sphinx et profitez d'une balade \u00e0 chameau. Guide","og_url":"https:\/\/egytourpackages.com\/fr\/tours\/excursion-dune-demi-journee-aux-pyramides-au-depart-du-caire\/","og_site_name":"Egypt Tour Packages","article_publisher":"https:\/\/www.facebook.com\/egytourpackages","article_modified_time":"2026-01-08T11:30:41+00:00","og_image":[{"url":"https:\/\/egytourpackages.com\/wp-content\/uploads\/2023\/08\/Half-Day-Pyramids-Tour-from-Cairo-1024x768.jpg","type":"","width":"","height":""}],"twitter_card":"summary_large_image","twitter_title":"Excursion d'une demi-journ\u00e9e aux pyramides au d\u00e9part du Caire","twitter_description":"R\u00e9servez votre excursion d'une demi-journ\u00e9e aux pyramides au d\u00e9part du Caire. Visitez Gizeh, Kh\u00e9ops, le Sphinx et profitez d'une balade \u00e0 chameau. Guide","twitter_image":"https:\/\/egytourpackages.com\/wp-content\/uploads\/2023\/07\/Giza-Pyramids-1-1024x768.jpg","twitter_misc":{"Prix":"&euro;70","Disponibilit\u00e9":"En stock"},"schema":{"@context":"https:\/\/schema.org","@graph":[{"@type":"WebPage","@id":"https:\/\/egytourpackages.com\/fr\/tours\/excursion-dune-demi-journee-aux-pyramides-au-depart-du-caire\/","url":"https:\/\/egytourpackages.com\/fr\/tours\/excursion-dune-demi-journee-aux-pyramides-au-depart-du-caire\/","name":"Excursion d'une demi-journ\u00e9e aux pyramides au d\u00e9part du Caire","isPartOf":{"@id":"https:\/\/egytourpackages.com\/fr\/#website"},"primaryImageOfPage":{"@id":"https:\/\/egytourpackages.com\/fr\/tours\/excursion-dune-demi-journee-aux-pyramides-au-depart-du-caire\/#primaryimage"},"image":{"@id":"https:\/\/egytourpackages.com\/fr\/tours\/excursion-dune-demi-journee-aux-pyramides-au-depart-du-caire\/#primaryimage"},"thumbnailUrl":"https:\/\/egytourpackages.com\/wp-content\/uploads\/2023\/08\/Half-Day-Pyramids-Tour-from-Cairo.jpg","datePublished":"2023-08-16T12:26:05+00:00","dateModified":"2026-01-08T11:30:41+00:00","description":"R\u00e9servez votre excursion d'une demi-journ\u00e9e aux pyramides au d\u00e9part du Caire. Visitez Gizeh, Kh\u00e9ops, le Sphinx et profitez d'une balade \u00e0 chameau. Guide","breadcrumb":{"@id":"https:\/\/egytourpackages.com\/fr\/tours\/excursion-dune-demi-journee-aux-pyramides-au-depart-du-caire\/#breadcrumb"},"inLanguage":"fr-FR","potentialAction":[{"@type":"ReadAction","target":["https:\/\/egytourpackages.com\/fr\/tours\/excursion-dune-demi-journee-aux-pyramides-au-depart-du-caire\/"]}]},{"@type":"ImageObject","inLanguage":"fr-FR","@id":"https:\/\/egytourpackages.com\/fr\/tours\/excursion-dune-demi-journee-aux-pyramides-au-depart-du-caire\/#primaryimage","url":"https:\/\/egytourpackages.com\/wp-content\/uploads\/2023\/08\/Half-Day-Pyramids-Tour-from-Cairo.jpg","contentUrl":"https:\/\/egytourpackages.com\/wp-content\/uploads\/2023\/08\/Half-Day-Pyramids-Tour-from-Cairo.jpg","width":1600,"height":1200,"caption":"Excursion d'une demi-journ\u00e9e aux pyramides au d\u00e9part du Caire"},{"@type":"BreadcrumbList","@id":"https:\/\/egytourpackages.com\/fr\/tours\/excursion-dune-demi-journee-aux-pyramides-au-depart-du-caire\/#breadcrumb","itemListElement":[{"@type":"ListItem","position":1,"name":"Home","item":"https:\/\/egytourpackages.com\/fr\/circuits-en-egypte\/"},{"@type":"ListItem","position":2,"name":"Shop","item":"https:\/\/egytourpackages.com\/shop\/"},{"@type":"ListItem","position":3,"name":"Excursion d&rsquo;une demi-journ\u00e9e aux pyramides au d\u00e9part du Caire"}]},{"@type":"WebSite","@id":"https:\/\/egytourpackages.com\/fr\/#website","url":"https:\/\/egytourpackages.com\/fr\/","name":"Egy tour packages","description":"","publisher":{"@id":"https:\/\/egytourpackages.com\/fr\/#organization"},"potentialAction":[{"@type":"SearchAction","target":{"@type":"EntryPoint","urlTemplate":"https:\/\/egytourpackages.com\/fr\/?s={search_term_string}"},"query-input":{"@type":"PropertyValueSpecification","valueRequired":true,"valueName":"search_term_string"}}],"inLanguage":"fr-FR"},{"@type":["Organization","Place","TravelAgency"],"@id":"https:\/\/egytourpackages.com\/fr\/#organization","name":"egypt tour packages","alternateName":"egypt tour packages","url":"https:\/\/egytourpackages.com\/fr\/","logo":{"@id":"https:\/\/egytourpackages.com\/fr\/tours\/excursion-dune-demi-journee-aux-pyramides-au-depart-du-caire\/#local-main-organization-logo"},"image":{"@id":"https:\/\/egytourpackages.com\/fr\/tours\/excursion-dune-demi-journee-aux-pyramides-au-depart-du-caire\/#local-main-organization-logo"},"sameAs":["https:\/\/www.facebook.com\/egytourpackages"],"legalName":"Egy tour packages","address":{"@id":"https:\/\/egytourpackages.com\/fr\/tours\/excursion-dune-demi-journee-aux-pyramides-au-depart-du-caire\/#local-main-place-address"},"telephone":["00201000852186","00201028685533"],"contactPoint":{"@type":"ContactPoint","telephone":"00201000852186"},"openingHoursSpecification":[{"@type":"OpeningHoursSpecification","dayOfWeek":["Monday","Tuesday","Wednesday","Thursday","Friday","Saturday","Sunday"],"opens":"00:00","closes":"23:59"}],"email":"info@egytourpackages.com","areaServed":"Cairo, Hurghada, Luxor, Sharm El Sheikh, Marsa Alam, Aswan","priceRange":"$","currenciesAccepted":"euro","paymentAccepted":"Payment links online"},{"@type":"PostalAddress","@id":"https:\/\/egytourpackages.com\/fr\/tours\/excursion-dune-demi-journee-aux-pyramides-au-depart-du-caire\/#local-main-place-address","streetAddress":"Mubarak 8, Al Kawthar District, Hurghada","addressLocality":"Hurghada","postalCode":"84511","addressRegion":"Red Sea","addressCountry":"EG"},{"@type":"ImageObject","inLanguage":"fr-FR","@id":"https:\/\/egytourpackages.com\/fr\/tours\/excursion-dune-demi-journee-aux-pyramides-au-depart-du-caire\/#local-main-organization-logo","url":"https:\/\/egytourpackages.com\/wp-content\/uploads\/2025\/12\/Turquoise-Dahabiya-Nile-Cruise-1.jpeg","contentUrl":"https:\/\/egytourpackages.com\/wp-content\/uploads\/2025\/12\/Turquoise-Dahabiya-Nile-Cruise-1.jpeg","width":1040,"height":694,"caption":"egypt tour packages"}]},"product_brand":"Excursions en \u00c9gypte","product_price_amount":"70","product_price_currency":"EUR","og_availability":"instock","product_availability":"instock","product_retailer_item_id":"CDT02","product_condition":"new","geo.placename":"Hurghada","geo.region":"\u00c9gypte"},"_links":{"self":[{"href":"https:\/\/egytourpackages.com\/fr\/wp-json\/wp\/v2\/product\/9801","targetHints":{"allow":["GET"]}}],"collection":[{"href":"https:\/\/egytourpackages.com\/fr\/wp-json\/wp\/v2\/product"}],"about":[{"href":"https:\/\/egytourpackages.com\/fr\/wp-json\/wp\/v2\/types\/product"}],"replies":[{"embeddable":true,"href":"https:\/\/egytourpackages.com\/fr\/wp-json\/wp\/v2\/comments?post=9801"}],"wp:featuredmedia":[{"embeddable":true,"href":"https:\/\/egytourpackages.com\/fr\/wp-json\/wp\/v2\/media\/9808"}],"wp:attachment":[{"href":"https:\/\/egytourpackages.com\/fr\/wp-json\/wp\/v2\/media?parent=9801"}],"wp:term":[{"taxonomy":"product_brand","embeddable":true,"href":"https:\/\/egytourpackages.com\/fr\/wp-json\/wp\/v2\/product_brand?post=9801"},{"taxonomy":"product_cat","embeddable":true,"href":"https:\/\/egytourpackages.com\/fr\/wp-json\/wp\/v2\/product_cat?post=9801"},{"taxonomy":"product_tag","embeddable":true,"href":"https:\/\/egytourpackages.com\/fr\/wp-json\/wp\/v2\/product_tag?post=9801"}],"curies":[{"name":"wp","href":"https:\/\/api.w.org\/{rel}","templated":true}]}}