{"id":13671,"date":"2026-01-20T13:31:24","date_gmt":"2026-01-20T13:31:24","guid":{"rendered":"https:\/\/egytourpackages.com\/product\/crociera-sul-nilo-royal-elite-di-3-notti-da-assuan-a-luxor\/"},"modified":"2026-01-21T18:31:08","modified_gmt":"2026-01-21T18:31:08","slug":"crociera-sul-nilo-royal-elite-di-3-notti-da-assuan-a-luxor","status":"publish","type":"product","link":"https:\/\/egytourpackages.com\/it\/tour\/crociera-sul-nilo-royal-elite-di-3-notti-da-assuan-a-luxor\/","title":{"rendered":"Crociera sul Nilo Royal Elite di 3 notti da Assuan a Luxor"},"content":{"rendered":"<p><span style=\"color: #ff6600;\"><strong>Crociera sul Nilo Royal Elite di 3 notti da Assuan a Luxor<\/strong><\/span><\/p>\n<p>Imbarcarsi in una <strong>crociera sul Nilo Royal Elite di 3 notti da Assuan a Luxor<\/strong> \u00e8 molto pi\u00f9 di una semplice vacanza; \u00e8 un viaggio sereno nel cuore di un&#8217;antica civilt\u00e0. Questa <strong>crociera di lusso sul Nilo<\/strong> offre un rifugio sofisticato dove il sole dorato del deserto incontra le acque fresche e vitali del fiume.<\/p>\n<p>Dal momento in cui salirai a bordo, sarai accolto dalla leggendaria ospitalit\u00e0 che rende ogni <strong>viaggio in Egitto sul Nilo<\/strong> cos\u00ec speciale. La nave diventer\u00e0 il tuo elegante hotel galleggiante, offrendo viste panoramiche su rive punteggiate di palme e villaggi senza tempo mentre scivoli tra i monumenti pi\u00f9 iconici della storia.<\/p>\n<h3><span style=\"color: #ff6600;\">Dettagli del Tour<\/span><\/h3>\n<ul>\n<li>Durata: 4 Giorni \/ 3 Notti<\/li>\n<li>Luogo del Tour: Assuan \/ Kom Ombo, Edfu \/ Luxor<\/li>\n<li>Disponibilit\u00e0: Su richiesta<\/li>\n<li>Pick-up &amp; Drop Off: Assuan \/ Luxor<\/li>\n<li>Tipo di Tour: Privato<\/li>\n<li>Adatto a: Coppie, famiglie, persone sopra i 70 anni<\/li>\n<li>Sedia a rotelle: Accessibile<\/li>\n<\/ul>\n<h3><span style=\"color: #ff6600;\">Punti Salienti del Tour<\/span><\/h3>\n<ul>\n<li>Tempio di Abu Simbel<\/li>\n<li>Alta Diga di Assuan<\/li>\n<li>Tempio di Iside sull&#8217;isola di File<\/li>\n<li>Obelisco Incompiuto di Hatshepsut<\/li>\n<li>Tempio di Kom Ombo<\/li>\n<li>Tempio di Horus a Edfu<\/li>\n<li>Tempio di Luxor<\/li>\n<li>Tempio di Karnak<\/li>\n<li>Valle dei Re<\/li>\n<li>Tempio di Hatshepsut<\/li>\n<li>I Colossi di Memnone<\/li>\n<\/ul>\n<h3><span style=\"color: #ff6600;\">Inclusioni<\/span><\/h3>\n<ul>\n<li>Tutti i trasferimenti menzionati in veicoli con aria condizionata.<\/li>\n<li>Biglietti d&#8217;ingresso per tutti i siti archeologici sopra menzionati.<\/li>\n<li>Guida archeologica parlante francese (o italiano su richiesta).<\/li>\n<li>03 notti su una crociera sul Nilo di lusso 5*** **, in pensione completa.<\/li>\n<li>Assistenza all&#8217;arrivo e alla partenza.<\/li>\n<li>Gestione dei bagagli.<\/li>\n<\/ul>\n<h3><span style=\"color: #ff6600;\">Esclusioni<\/span><\/h3>\n<ul>\n<li>Mance per la crociera e la guida.<\/li>\n<li>Spese personali.<\/li>\n<li>Tutto quanto non espressamente menzionato.<\/li>\n<\/ul>\n<h2><span style=\"color: #ff6600;\">Itinerario<\/span><\/h2>\n<h3><span style=\"color: #ff6600;\">Giorno 1: Esplorare la bellezza di Assuan<\/span><\/h3>\n<p>La tua avventura inizia ad Assuan, una citt\u00e0 nota per la sua atmosfera tranquilla e il fascino nubiano. Dopo un caloroso benvenuto e il check-in sulla <strong>Royal Elite<\/strong>, visiterai l&#8217;<strong>Alta Diga<\/strong>, una meraviglia dell&#8217;ingegneria moderna che ha ridisegnato il paesaggio egiziano.<\/p>\n<p>Successivamente, un breve tragitto in barca ti porter\u00e0 all&#8217;incantevole <strong>Tempio di File<\/strong>, situato splendidamente su un&#8217;isola.<\/p>\n<p>Dedicato alla dea Iside, questo tempio offre un&#8217;introduzione serena ai miti dell&#8217;<strong>Antico Egitto<\/strong>. Tornerai sulla nave per una cena gourmet mentre le stelle iniziano a punteggiare il cielo del deserto.<\/p>\n<p><strong>Pasti:<\/strong> pranzo, cena<\/p>\n<h3><span style=\"color: #ff6600;\">Giorno 2: Abu Simbel e navigazione al tramonto<\/span><\/h3>\n<p>Il secondo giorno offre un tour opzionale al mattino presto verso i mozzafiato templi di <strong>Abu Simbel<\/strong>, scavati direttamente nella montagna da Ramses II. \u00c8 un&#8217;esperienza da non perdere che cattura davvero la grandezza dell&#8217;ambizione faraonica.<\/p>\n<p>Verso le 14:00, la nave inizier\u00e0 la navigazione da Assuan verso Kom Ombo. All&#8217;arrivo, visiterai il <strong>Tempio di Kom Ombo<\/strong> con la tua guida, unico per la sua doppia dedica a Sobek e Horus, seguito da una visita al vicino <strong>Museo del Coccodrillo<\/strong>.<\/p>\n<p>In seguito, rientro sulla nave per la cena mentre si naviga verso Edfu per il pernottamento.<\/p>\n<p><strong>Pasti:<\/strong> colazione, pranzo, cena<\/p>\n<h3><span style=\"color: #ff6600;\">Giorno 3: Il mito di Horus e la chiusa di Esna<\/span><\/h3>\n<p>Il terzo giorno inizia con la colazione a bordo prima di dirigersi verso il <strong>Tempio di Horus<\/strong> in carrozza. Avrai la possibilit\u00e0 di ammirare il <strong>tempio meglio conservato d&#8217;Egitto<\/strong> e conoscere il leggendario <strong>Mito di Horus e Seth<\/strong> prima di tornare alla crociera.<\/p>\n<p>Il resto della giornata \u00e8 dedicato al relax mentre navigherai tutto il giorno verso Luxor attraverso la <strong>chiusa di Esna<\/strong>. Potrai goderti il pranzo ammirando il panorama del fiume, raggiungendo la storica citt\u00e0 di <strong>Luxor al tramonto<\/strong> per la tua ultima serata sull&#8217;acqua.<\/p>\n<p><strong>Pasti:<\/strong> colazione, pranzo, cena<\/p>\n<h3><span style=\"color: #ff6600;\">Giorno 4: Le meraviglie di Luxor<\/span><\/h3>\n<p>L&#8217;ultima mattina sulla <strong>Royal Elite<\/strong> inizia con una <strong>colazione tarda<\/strong> e rilassata a bordo, permettendoti di goderti la vista sul fiume un&#8217;ultima volta.<\/p>\n<p>Dopo aver consumato il pasto e completato le procedure di check-out, saluterai la nave e inizierai la tua esplorazione delle pi\u00f9 famose <strong>attrazioni di Luxor<\/strong>.<\/p>\n<h3><span style=\"color: #ff6600;\">Riva Occidentale di Luxor <\/span><\/h3>\n<p>Il tour inizia sulla Riva Occidentale, dove scenderai nel mondo nascosto della <strong>Valle dei Re<\/strong>. Questo antico luogo di sepoltura custodisce le tombe finemente decorate dei pi\u00f9 grandi faraoni d&#8217;Egitto.<\/p>\n<p>Il tuo viaggio nella storia continua al <strong>Tempio di Hatshepsut<\/strong>, uno splendido tempio funerario scavato direttamente nelle scogliere calcaree, seguito da una sosta ai maestosi <strong>Colossi di Memnone<\/strong>.<\/p>\n<p>Dopo una mattinata attiva di scoperte, attraverserai il fiume per un pranzo tradizionale sulla <strong>Riva Orientale<\/strong>.<\/p>\n<p>Il pomeriggio \u00e8 dedicato al <strong>Complesso del Tempio di Karnak<\/strong>, una foresta travolgente di pilastri, obelischi e statue che ha richiesto oltre 1.500 anni per essere completata. Camminare attraverso la Grande Sala Ipostila \u00e8 il culmine di ogni <strong>crociera sul Nilo in Egitto<\/strong>.<\/p>\n<p>Per concludere la tua <strong>crociera da Assuan a Luxor<\/strong>, ti forniremo un comodo trasferimento al tuo hotel, all&#8217;aeroporto o in qualsiasi altra localit\u00e0 preferita a <strong>Luxor<\/strong>. \u00c8 il capitolo finale perfetto per un viaggio indimenticabile nel cuore dell&#8217;<strong>Antico Egitto<\/strong>.<\/p>\n<p><strong>Pasti:<\/strong> colazione, pranzo<\/p>\n<h3><span style=\"color: #ff6600;\">Prezzo della Crociera sul Nilo Royal Elite di 3 notti da Assuan a Luxor<\/span><\/h3>\n<ul>\n<li>Prezzo Adulti = 900 \u20ac<\/li>\n<li>Bambini 0-5 anni = Gratis<\/li>\n<li>Bambini 5-11 anni = 50% del prezzo adulti<\/li>\n<\/ul>\n<h3><span style=\"color: #ff6600;\">Prenotazione<\/span><\/h3>\n<p>Puoi prenotare il tuo tour tramite WhatsApp o inviarci un&#8217;e-mail; riceverai la conferma immediata.<\/p>\n<p>Ti preghiamo di inviarci il nome del tuo hotel, il numero della camera e le copie dei passaporti.<\/p>\n<p>WhatsApp: +20 1000852186<\/p>\n<p>Email: info@egytourpackages.com<\/p>\n<h3><span style=\"color: #ff6600;\">Prenota ora e paga in loco<\/span><\/h3>\n<p>Prenota il tuo tour preferito e paga il giorno del viaggio.<\/p>\n<h3><span style=\"color: #ff6600;\">Pagamento<\/span><\/h3>\n<p>Puoi pagare in sterline egiziane, $, \u20ac o \u00a3.<\/p>\n<h3><span style=\"color: #ff6600;\">Politica di Cancellazione<\/span><\/h3>\n<ul>\n<li>La cancellazione \u00e8 gratuita fino a due settimane prima.<\/li>\n<li>La cancellazione al mattino del tour prevede una penale del 100%.<\/li>\n<\/ul>\n","protected":false},"excerpt":{"rendered":"<p>Scopri la Crociera sul Nilo Royal Elite di 3 notti da Assuan a Luxor. Lusso 5 stelle, visite ai templi e guida esperta. Prenota ora e paga comodamente in loco!<\/p>\n","protected":false},"featured_media":13514,"comment_status":"closed","ping_status":"closed","template":"","meta":[],"product_brand":[],"product_cat":[1910],"product_tag":[3905,3975,3910,3907,3909,3906,3908],"class_list":{"0":"post-13671","1":"product","2":"type-product","3":"status-publish","4":"has-post-thumbnail","6":"product_cat-tour","7":"product_tag-prenota-i-prezzi-migliori-della-nave-da-crociera-di-lusso-coral-2-nile-cruise-egypt-per-una-vacanza-sul-nilo","8":"product_tag-prenota-i-prezzi-migliori-della-nave-da-crociera-di-lusso-royal-elite-nile-cruise-egypt-per-una-vacanza-sul-nilo","9":"product_tag-prenota-la-migliore-crociera-di-lusso-historia-nile-cruise-egypt-a-prezzi-vantaggiosi-per-una-vacanza-sul-nilo","10":"product_tag-prenota-la-migliore-crociera-di-lusso-royal-signature-nile-cruise-egypt-a-prezzi-vantaggiosi-per-una-vacanza-sul-nilo","11":"product_tag-prenota-la-migliore-crociera-di-lusso-sul-nilo-in-egitto-con-la-royal-viking-prezzi-per-una-vacanza-sul-nilo","12":"product_tag-prenota-la-migliore-crociera-di-lusso-sul-nilo-semiramis-in-egitto-prezzi-per-una-vacanza-sul-nilo","13":"product_tag-prenotare-i-prezzi-migliori-della-nave-da-crociera-di-lusso-amwaj-nile-cruise-egypt-per-una-vacanza-sul-nilo","14":"tour_category-crociere-sul-nilo-a-luxor-e-assuan","15":"tour_category-crociere-sul-nilo-in-egitto","17":"first","18":"instock","19":"sale","20":"shipping-taxable","21":"purchasable","22":"product-type-tour","23":"has-default-attributes"},"yoast_head":"<!-- This site is optimized with the Yoast SEO Premium plugin v27.4 (Yoast SEO v27.4) - https:\/\/yoast.com\/product\/yoast-seo-premium-wordpress\/ -->\n<title>Crociera sul Nilo Royal Elite di 3 notti da Assuan a Luxor<\/title>\n<meta name=\"description\" content=\"Vivi una crociera Royal Elite di 3 notti sul Nilo da Assuan a Luxor. Naviga nel lusso, visita antichi templi e goditi un servizio in questo viaggio iconico.\" \/>\n<meta name=\"robots\" content=\"index, follow, max-snippet:-1, max-image-preview:large, max-video-preview:-1\" \/>\n<link rel=\"canonical\" href=\"https:\/\/egytourpackages.com\/it\/tour\/crociera-sul-nilo-royal-elite-di-3-notti-da-assuan-a-luxor\/\" \/>\n<meta property=\"og:locale\" content=\"it_IT\" \/>\n<meta property=\"og:type\" content=\"article\" \/>\n<meta property=\"og:title\" content=\"Crociera sul Nilo Royal Elite di 3 notti da Assuan a Luxor\" \/>\n<meta property=\"og:description\" content=\"Vivi una crociera Royal Elite di 3 notti sul Nilo da Assuan a Luxor. Naviga nel lusso, visita antichi templi e goditi un servizio in questo viaggio iconico.\" \/>\n<meta property=\"og:url\" content=\"https:\/\/egytourpackages.com\/it\/tour\/crociera-sul-nilo-royal-elite-di-3-notti-da-assuan-a-luxor\/\" \/>\n<meta property=\"og:site_name\" content=\"Pacchetti tour in Egitto\" \/>\n<meta property=\"article:publisher\" content=\"https:\/\/www.facebook.com\/egytourpackages\" \/>\n<meta property=\"article:modified_time\" content=\"2026-01-21T18:31:08+00:00\" \/>\n<meta property=\"og:image\" content=\"https:\/\/egytourpackages.com\/wp-content\/uploads\/2026\/01\/Royal-Elite-Nile-Cruise.jpg\" \/>\n\t<meta property=\"og:image:width\" content=\"1590\" \/>\n\t<meta property=\"og:image:height\" content=\"1060\" \/>\n\t<meta property=\"og:image:type\" content=\"image\/jpeg\" \/>\n<meta name=\"twitter:card\" content=\"summary_large_image\" \/>\n<meta name=\"twitter:label1\" content=\"Prezzo\" \/>\n\t<meta name=\"twitter:data1\" content=\"&euro;900\" \/>\n\t<meta name=\"twitter:label2\" content=\"Disponibilit\u00e0\" \/>\n\t<meta name=\"twitter:data2\" content=\"In stock\" \/>\n<script type=\"application\/ld+json\" class=\"yoast-schema-graph\">{\"@context\":\"https:\\\/\\\/schema.org\",\"@graph\":[{\"@type\":\"WebPage\",\"@id\":\"https:\\\/\\\/egytourpackages.com\\\/it\\\/tour\\\/crociera-sul-nilo-royal-elite-di-3-notti-da-assuan-a-luxor\\\/\",\"url\":\"https:\\\/\\\/egytourpackages.com\\\/it\\\/tour\\\/crociera-sul-nilo-royal-elite-di-3-notti-da-assuan-a-luxor\\\/\",\"name\":\"Crociera sul Nilo Royal Elite di 3 notti da Assuan a Luxor\",\"isPartOf\":{\"@id\":\"https:\\\/\\\/egytourpackages.com\\\/it\\\/#website\"},\"primaryImageOfPage\":{\"@id\":\"https:\\\/\\\/egytourpackages.com\\\/it\\\/tour\\\/crociera-sul-nilo-royal-elite-di-3-notti-da-assuan-a-luxor\\\/#primaryimage\"},\"image\":{\"@id\":\"https:\\\/\\\/egytourpackages.com\\\/it\\\/tour\\\/crociera-sul-nilo-royal-elite-di-3-notti-da-assuan-a-luxor\\\/#primaryimage\"},\"thumbnailUrl\":\"https:\\\/\\\/egytourpackages.com\\\/wp-content\\\/uploads\\\/2026\\\/01\\\/Royal-Elite-Nile-Cruise.jpg\",\"datePublished\":\"2026-01-20T13:31:24+00:00\",\"dateModified\":\"2026-01-21T18:31:08+00:00\",\"description\":\"Vivi una crociera Royal Elite di 3 notti sul Nilo da Assuan a Luxor. Naviga nel lusso, visita antichi templi e goditi un servizio in questo viaggio iconico.\",\"breadcrumb\":{\"@id\":\"https:\\\/\\\/egytourpackages.com\\\/it\\\/tour\\\/crociera-sul-nilo-royal-elite-di-3-notti-da-assuan-a-luxor\\\/#breadcrumb\"},\"inLanguage\":\"it-IT\",\"potentialAction\":[{\"@type\":\"ReadAction\",\"target\":[\"https:\\\/\\\/egytourpackages.com\\\/it\\\/tour\\\/crociera-sul-nilo-royal-elite-di-3-notti-da-assuan-a-luxor\\\/\"]}]},{\"@type\":\"ImageObject\",\"inLanguage\":\"it-IT\",\"@id\":\"https:\\\/\\\/egytourpackages.com\\\/it\\\/tour\\\/crociera-sul-nilo-royal-elite-di-3-notti-da-assuan-a-luxor\\\/#primaryimage\",\"url\":\"https:\\\/\\\/egytourpackages.com\\\/wp-content\\\/uploads\\\/2026\\\/01\\\/Royal-Elite-Nile-Cruise.jpg\",\"contentUrl\":\"https:\\\/\\\/egytourpackages.com\\\/wp-content\\\/uploads\\\/2026\\\/01\\\/Royal-Elite-Nile-Cruise.jpg\",\"width\":1590,\"height\":1060,\"caption\":\"Crociera sul Nilo Royal Elite di 3 notti da Assuan a Luxor\"},{\"@type\":\"BreadcrumbList\",\"@id\":\"https:\\\/\\\/egytourpackages.com\\\/it\\\/tour\\\/crociera-sul-nilo-royal-elite-di-3-notti-da-assuan-a-luxor\\\/#breadcrumb\",\"itemListElement\":[{\"@type\":\"ListItem\",\"position\":1,\"name\":\"Home\",\"item\":\"https:\\\/\\\/egytourpackages.com\\\/it\\\/\"},{\"@type\":\"ListItem\",\"position\":2,\"name\":\"Negozio\",\"item\":\"https:\\\/\\\/egytourpackages.com\\\/it\\\/negozio\\\/\"},{\"@type\":\"ListItem\",\"position\":3,\"name\":\"Crociera sul Nilo Royal Elite di 3 notti da Assuan a Luxor\"}]},{\"@type\":\"WebSite\",\"@id\":\"https:\\\/\\\/egytourpackages.com\\\/it\\\/#website\",\"url\":\"https:\\\/\\\/egytourpackages.com\\\/it\\\/\",\"name\":\"Egy tour packages\",\"description\":\"\",\"publisher\":{\"@id\":\"https:\\\/\\\/egytourpackages.com\\\/it\\\/#organization\"},\"potentialAction\":[{\"@type\":\"SearchAction\",\"target\":{\"@type\":\"EntryPoint\",\"urlTemplate\":\"https:\\\/\\\/egytourpackages.com\\\/it\\\/?s={search_term_string}\"},\"query-input\":{\"@type\":\"PropertyValueSpecification\",\"valueRequired\":true,\"valueName\":\"search_term_string\"}}],\"inLanguage\":\"it-IT\"},{\"@type\":[\"Organization\",\"Place\",\"TravelAgency\"],\"@id\":\"https:\\\/\\\/egytourpackages.com\\\/it\\\/#organization\",\"name\":\"egypt tour packages\",\"alternateName\":\"egypt tour packages\",\"url\":\"https:\\\/\\\/egytourpackages.com\\\/it\\\/\",\"logo\":{\"@id\":\"https:\\\/\\\/egytourpackages.com\\\/it\\\/tour\\\/crociera-sul-nilo-royal-elite-di-3-notti-da-assuan-a-luxor\\\/#local-main-organization-logo\"},\"image\":{\"@id\":\"https:\\\/\\\/egytourpackages.com\\\/it\\\/tour\\\/crociera-sul-nilo-royal-elite-di-3-notti-da-assuan-a-luxor\\\/#local-main-organization-logo\"},\"sameAs\":[\"https:\\\/\\\/www.facebook.com\\\/egytourpackages\"],\"legalName\":\"Egy tour packages\",\"address\":{\"@id\":\"https:\\\/\\\/egytourpackages.com\\\/it\\\/tour\\\/crociera-sul-nilo-royal-elite-di-3-notti-da-assuan-a-luxor\\\/#local-main-place-address\"},\"telephone\":[\"00201000852186\",\"00201028685533\"],\"contactPoint\":{\"@type\":\"ContactPoint\",\"telephone\":\"00201000852186\"},\"openingHoursSpecification\":[{\"@type\":\"OpeningHoursSpecification\",\"dayOfWeek\":[\"Monday\",\"Tuesday\",\"Wednesday\",\"Thursday\",\"Friday\",\"Saturday\",\"Sunday\"],\"opens\":\"00:00\",\"closes\":\"23:59\"}],\"email\":\"info@egytourpackages.com\",\"areaServed\":\"Cairo, Hurghada, Luxor, Sharm El Sheikh, Marsa Alam, Aswan\",\"priceRange\":\"$\",\"currenciesAccepted\":\"euro\",\"paymentAccepted\":\"Payment links online\"},{\"@type\":\"PostalAddress\",\"@id\":\"https:\\\/\\\/egytourpackages.com\\\/it\\\/tour\\\/crociera-sul-nilo-royal-elite-di-3-notti-da-assuan-a-luxor\\\/#local-main-place-address\",\"streetAddress\":\"Mubarak 8, Al Kawthar District, Hurghada\",\"addressLocality\":\"Hurghada\",\"postalCode\":\"84511\",\"addressRegion\":\"Red Sea\",\"addressCountry\":\"EG\"},{\"@type\":\"ImageObject\",\"inLanguage\":\"it-IT\",\"@id\":\"https:\\\/\\\/egytourpackages.com\\\/it\\\/tour\\\/crociera-sul-nilo-royal-elite-di-3-notti-da-assuan-a-luxor\\\/#local-main-organization-logo\",\"url\":\"https:\\\/\\\/egytourpackages.com\\\/wp-content\\\/uploads\\\/2025\\\/12\\\/Turquoise-Dahabiya-Nile-Cruise-1.jpeg\",\"contentUrl\":\"https:\\\/\\\/egytourpackages.com\\\/wp-content\\\/uploads\\\/2025\\\/12\\\/Turquoise-Dahabiya-Nile-Cruise-1.jpeg\",\"width\":1040,\"height\":694,\"caption\":\"egypt tour packages\"}]}<\/script>\n<meta property=\"product:brand\" content=\"Crociere sul Nilo a Luxor e Assuan\" \/>\n<meta property=\"product:price:amount\" content=\"900\" \/>\n<meta property=\"product:price:currency\" content=\"EUR\" \/>\n<meta property=\"og:availability\" content=\"instock\" \/>\n<meta property=\"product:availability\" content=\"instock\" \/>\n<meta property=\"product:retailer_item_id\" content=\"LASNC 02\" \/>\n<meta property=\"product:condition\" content=\"new\" \/>\n<meta name=\"geo.placename\" content=\"Hurghada\" \/>\n<meta name=\"geo.region\" content=\"Egitto\" \/>\n<!-- \/ Yoast SEO Premium plugin. -->","yoast_head_json":{"title":"Crociera sul Nilo Royal Elite di 3 notti da Assuan a Luxor","description":"Vivi una crociera Royal Elite di 3 notti sul Nilo da Assuan a Luxor. Naviga nel lusso, visita antichi templi e goditi un servizio in questo viaggio iconico.","robots":{"index":"index","follow":"follow","max-snippet":"max-snippet:-1","max-image-preview":"max-image-preview:large","max-video-preview":"max-video-preview:-1"},"canonical":"https:\/\/egytourpackages.com\/it\/tour\/crociera-sul-nilo-royal-elite-di-3-notti-da-assuan-a-luxor\/","og_locale":"it_IT","og_type":"article","og_title":"Crociera sul Nilo Royal Elite di 3 notti da Assuan a Luxor","og_description":"Vivi una crociera Royal Elite di 3 notti sul Nilo da Assuan a Luxor. Naviga nel lusso, visita antichi templi e goditi un servizio in questo viaggio iconico.","og_url":"https:\/\/egytourpackages.com\/it\/tour\/crociera-sul-nilo-royal-elite-di-3-notti-da-assuan-a-luxor\/","og_site_name":"Pacchetti tour in Egitto","article_publisher":"https:\/\/www.facebook.com\/egytourpackages","article_modified_time":"2026-01-21T18:31:08+00:00","og_image":[{"width":1590,"height":1060,"url":"https:\/\/egytourpackages.com\/wp-content\/uploads\/2026\/01\/Royal-Elite-Nile-Cruise.jpg","type":"image\/jpeg"}],"twitter_card":"summary_large_image","twitter_misc":{"Prezzo":"&euro;900","Disponibilit\u00e0":"In stock"},"schema":{"@context":"https:\/\/schema.org","@graph":[{"@type":"WebPage","@id":"https:\/\/egytourpackages.com\/it\/tour\/crociera-sul-nilo-royal-elite-di-3-notti-da-assuan-a-luxor\/","url":"https:\/\/egytourpackages.com\/it\/tour\/crociera-sul-nilo-royal-elite-di-3-notti-da-assuan-a-luxor\/","name":"Crociera sul Nilo Royal Elite di 3 notti da Assuan a Luxor","isPartOf":{"@id":"https:\/\/egytourpackages.com\/it\/#website"},"primaryImageOfPage":{"@id":"https:\/\/egytourpackages.com\/it\/tour\/crociera-sul-nilo-royal-elite-di-3-notti-da-assuan-a-luxor\/#primaryimage"},"image":{"@id":"https:\/\/egytourpackages.com\/it\/tour\/crociera-sul-nilo-royal-elite-di-3-notti-da-assuan-a-luxor\/#primaryimage"},"thumbnailUrl":"https:\/\/egytourpackages.com\/wp-content\/uploads\/2026\/01\/Royal-Elite-Nile-Cruise.jpg","datePublished":"2026-01-20T13:31:24+00:00","dateModified":"2026-01-21T18:31:08+00:00","description":"Vivi una crociera Royal Elite di 3 notti sul Nilo da Assuan a Luxor. Naviga nel lusso, visita antichi templi e goditi un servizio in questo viaggio iconico.","breadcrumb":{"@id":"https:\/\/egytourpackages.com\/it\/tour\/crociera-sul-nilo-royal-elite-di-3-notti-da-assuan-a-luxor\/#breadcrumb"},"inLanguage":"it-IT","potentialAction":[{"@type":"ReadAction","target":["https:\/\/egytourpackages.com\/it\/tour\/crociera-sul-nilo-royal-elite-di-3-notti-da-assuan-a-luxor\/"]}]},{"@type":"ImageObject","inLanguage":"it-IT","@id":"https:\/\/egytourpackages.com\/it\/tour\/crociera-sul-nilo-royal-elite-di-3-notti-da-assuan-a-luxor\/#primaryimage","url":"https:\/\/egytourpackages.com\/wp-content\/uploads\/2026\/01\/Royal-Elite-Nile-Cruise.jpg","contentUrl":"https:\/\/egytourpackages.com\/wp-content\/uploads\/2026\/01\/Royal-Elite-Nile-Cruise.jpg","width":1590,"height":1060,"caption":"Crociera sul Nilo Royal Elite di 3 notti da Assuan a Luxor"},{"@type":"BreadcrumbList","@id":"https:\/\/egytourpackages.com\/it\/tour\/crociera-sul-nilo-royal-elite-di-3-notti-da-assuan-a-luxor\/#breadcrumb","itemListElement":[{"@type":"ListItem","position":1,"name":"Home","item":"https:\/\/egytourpackages.com\/it\/"},{"@type":"ListItem","position":2,"name":"Negozio","item":"https:\/\/egytourpackages.com\/it\/negozio\/"},{"@type":"ListItem","position":3,"name":"Crociera sul Nilo Royal Elite di 3 notti da Assuan a Luxor"}]},{"@type":"WebSite","@id":"https:\/\/egytourpackages.com\/it\/#website","url":"https:\/\/egytourpackages.com\/it\/","name":"Egy tour packages","description":"","publisher":{"@id":"https:\/\/egytourpackages.com\/it\/#organization"},"potentialAction":[{"@type":"SearchAction","target":{"@type":"EntryPoint","urlTemplate":"https:\/\/egytourpackages.com\/it\/?s={search_term_string}"},"query-input":{"@type":"PropertyValueSpecification","valueRequired":true,"valueName":"search_term_string"}}],"inLanguage":"it-IT"},{"@type":["Organization","Place","TravelAgency"],"@id":"https:\/\/egytourpackages.com\/it\/#organization","name":"egypt tour packages","alternateName":"egypt tour packages","url":"https:\/\/egytourpackages.com\/it\/","logo":{"@id":"https:\/\/egytourpackages.com\/it\/tour\/crociera-sul-nilo-royal-elite-di-3-notti-da-assuan-a-luxor\/#local-main-organization-logo"},"image":{"@id":"https:\/\/egytourpackages.com\/it\/tour\/crociera-sul-nilo-royal-elite-di-3-notti-da-assuan-a-luxor\/#local-main-organization-logo"},"sameAs":["https:\/\/www.facebook.com\/egytourpackages"],"legalName":"Egy tour packages","address":{"@id":"https:\/\/egytourpackages.com\/it\/tour\/crociera-sul-nilo-royal-elite-di-3-notti-da-assuan-a-luxor\/#local-main-place-address"},"telephone":["00201000852186","00201028685533"],"contactPoint":{"@type":"ContactPoint","telephone":"00201000852186"},"openingHoursSpecification":[{"@type":"OpeningHoursSpecification","dayOfWeek":["Monday","Tuesday","Wednesday","Thursday","Friday","Saturday","Sunday"],"opens":"00:00","closes":"23:59"}],"email":"info@egytourpackages.com","areaServed":"Cairo, Hurghada, Luxor, Sharm El Sheikh, Marsa Alam, Aswan","priceRange":"$","currenciesAccepted":"euro","paymentAccepted":"Payment links online"},{"@type":"PostalAddress","@id":"https:\/\/egytourpackages.com\/it\/tour\/crociera-sul-nilo-royal-elite-di-3-notti-da-assuan-a-luxor\/#local-main-place-address","streetAddress":"Mubarak 8, Al Kawthar District, Hurghada","addressLocality":"Hurghada","postalCode":"84511","addressRegion":"Red Sea","addressCountry":"EG"},{"@type":"ImageObject","inLanguage":"it-IT","@id":"https:\/\/egytourpackages.com\/it\/tour\/crociera-sul-nilo-royal-elite-di-3-notti-da-assuan-a-luxor\/#local-main-organization-logo","url":"https:\/\/egytourpackages.com\/wp-content\/uploads\/2025\/12\/Turquoise-Dahabiya-Nile-Cruise-1.jpeg","contentUrl":"https:\/\/egytourpackages.com\/wp-content\/uploads\/2025\/12\/Turquoise-Dahabiya-Nile-Cruise-1.jpeg","width":1040,"height":694,"caption":"egypt tour packages"}]},"product_brand":"Crociere sul Nilo a Luxor e Assuan","product_price_amount":"900","product_price_currency":"EUR","og_availability":"instock","product_availability":"instock","product_retailer_item_id":"LASNC 02","product_condition":"new","geo.placename":"Hurghada","geo.region":"Egitto"},"_links":{"self":[{"href":"https:\/\/egytourpackages.com\/it\/wp-json\/wp\/v2\/product\/13671","targetHints":{"allow":["GET"]}}],"collection":[{"href":"https:\/\/egytourpackages.com\/it\/wp-json\/wp\/v2\/product"}],"about":[{"href":"https:\/\/egytourpackages.com\/it\/wp-json\/wp\/v2\/types\/product"}],"replies":[{"embeddable":true,"href":"https:\/\/egytourpackages.com\/it\/wp-json\/wp\/v2\/comments?post=13671"}],"wp:featuredmedia":[{"embeddable":true,"href":"https:\/\/egytourpackages.com\/it\/wp-json\/wp\/v2\/media\/13514"}],"wp:attachment":[{"href":"https:\/\/egytourpackages.com\/it\/wp-json\/wp\/v2\/media?parent=13671"}],"wp:term":[{"taxonomy":"product_brand","embeddable":true,"href":"https:\/\/egytourpackages.com\/it\/wp-json\/wp\/v2\/product_brand?post=13671"},{"taxonomy":"product_cat","embeddable":true,"href":"https:\/\/egytourpackages.com\/it\/wp-json\/wp\/v2\/product_cat?post=13671"},{"taxonomy":"product_tag","embeddable":true,"href":"https:\/\/egytourpackages.com\/it\/wp-json\/wp\/v2\/product_tag?post=13671"}],"curies":[{"name":"wp","href":"https:\/\/api.w.org\/{rel}","templated":true}]}}