{"id":14218,"date":"2026-01-29T14:10:03","date_gmt":"2026-01-29T14:10:03","guid":{"rendered":"https:\/\/egytourpackages.com\/product\/escursione-di-un-giorno-alloasi-di-siwa-da-marsa-matruh\/"},"modified":"2026-01-30T00:20:03","modified_gmt":"2026-01-30T00:20:03","slug":"escursione-di-un-giorno-alloasi-di-siwa-da-marsa-matruh","status":"publish","type":"product","link":"https:\/\/egytourpackages.com\/it\/tour\/escursione-di-un-giorno-alloasi-di-siwa-da-marsa-matruh\/","title":{"rendered":"Escursione di un giorno all&#8217;Oasi di Siwa da Marsa Matruh"},"content":{"rendered":"<p><span style=\"color: #ff6600;\"><strong>Escursione di un giorno all&#8217;Oasi di Siwa da Marsa Matruh<\/strong><\/span><\/p>\n<p>Intraprendere un&#8217;<strong>escursione di un giorno all&#8217;Oasi di Siwa da Marsa Matruh<\/strong> \u00e8 un viaggio dalle rive turchesi del Mediterraneo nel cuore del Grande Mare di Sabbia.<\/p>\n<p>In realt\u00e0, Siwa si trova a circa 300 km da <strong>Marsa Matruh<\/strong>. Questo <strong>paradiso remoto<\/strong> \u00e8 un mondo a parte, caratterizzato dalla sua cultura berbera unica, dall&#8217;antica architettura in mattoni di fango e dai vasti palmeti e uliveti.<\/p>\n<p>L&#8217;avventura inizia con la <strong>storica Montagna dei Morti<\/strong>, dove file di tombe scavate nella roccia offrono una finestra sul passato greco-romano di Siwa.<\/p>\n<p>Da l\u00ec, vi troverete dove sono nate le leggende, presso il <strong>Tempio di Amon<\/strong>, il sito del famoso <strong>oracolo<\/strong> che un tempo accolse Alessandro Magno.<\/p>\n<p>La natura \u00e8 la protagonista ai <strong>Laghi di Sale di Siwa<\/strong>, dove l&#8217;alta salinit\u00e0 crea un&#8217;irreale esperienza di galleggiamento in acque blu neon, seguita da un tuffo rinfrescante nella leggendaria <strong>Piscina di Cleopatra<\/strong>.<\/p>\n<p>Questa sorgente naturale funge da cuore sociale dell&#8217;oasi, perfetta per rilassarsi dopo una giornata di esplorazione nel deserto.<\/p>\n<p>Prima di rientrare, il mercato locale offre un&#8217;atmosfera vivace per scovare <strong>souvenir tradizionali di Siwa<\/strong>, tra cui argento artigianale e datteri biologici.<\/p>\n<p>Questo <strong>tour privato<\/strong> \u00e8 pi\u00f9 di una semplice gita turistica; \u00e8 un&#8217;immersione profonda in uno dei paesaggi pi\u00f9 autentici e mozzafiato dell&#8217;Egitto.<\/p>\n<h3><span style=\"color: #ff6600;\">Dettagli del tour<\/span><\/h3>\n<ul>\n<li>Durata: 1 Giorno<\/li>\n<li>Tipo di Tour: Privato<\/li>\n<li>Disponibilit\u00e0: Ogni giorno<\/li>\n<li>Dimensioni del gruppo: Da 1 a 8 persone<\/li>\n<li>Lingua: Italiano<\/li>\n<li>Programma: Prenotazione Online<\/li>\n<li>Pick-up &amp; Drop Off: Hotel di Marsa Matruh<\/li>\n<\/ul>\n<h3><span style=\"color: #ff6600;\">Punti salienti<\/span><\/h3>\n<ul>\n<li>Lago salato<\/li>\n<li>Bagno di Cleopatra<\/li>\n<li>Isola di Fatnas<\/li>\n<li>Montagna dei Morti<\/li>\n<li>Montagna di Dakror<\/li>\n<li>Tempio dell&#8217;Oracolo<\/li>\n<li>Fortezza di Shali<\/li>\n<\/ul>\n<h3><span style=\"color: #ff6600;\">Incluso nel prezzo<\/span><\/h3>\n<ul>\n<li>Pick-up e drop-off in hotel con un nuovo veicolo con aria condizionata.<\/li>\n<li>Biglietti d&#8217;ingresso per tutti i siti menzionati nel programma.<\/li>\n<li>Guida esperta parlante italiano.<\/li>\n<li>1 notte di pernottamento in hotel a Siwa con trattamento B\/B (camera e colazione).<\/li>\n<\/ul>\n<h3><span style=\"color: #ff6600;\">Escluso dal prezzo<\/span><\/h3>\n<ul>\n<li>Mance.<\/li>\n<li>Bevande durante i pasti.<\/li>\n<li>Tutto ci\u00f2 che non \u00e8 menzionato nel programma.<\/li>\n<\/ul>\n<h3><span style=\"color: #ff6600;\">Cosa portare con s\u00e9?<\/span><\/h3>\n<ul>\n<li>Passaporti.<\/li>\n<li>Cappello, sciarpa.<\/li>\n<li>Occhiali da sole e crema solare.<\/li>\n<li>Costumi da bagno.<\/li>\n<li>Vestiti pesanti in inverno.<\/li>\n<\/ul>\n<h2><span style=\"color: #ff6600;\">Itinerario<\/span><\/h2>\n<p>Questa <strong>escursione di un giorno all&#8217;Oasi di Siwa da Marsa Matruh<\/strong> \u00e8 pensata per i viaggiatori che cercano un mix di misticismo antico e paesaggi naturali surreali.<\/p>\n<h3><span style=\"color: #ff6600;\">Tour dell&#8217;Oasi di Siwa: Viaggio nel Grande Mare di Sabbia<\/span><\/h3>\n<h3><span style=\"color: #993366;\">Mattina: Misteri antichi e viste panoramiche<\/span><\/h3>\n<h3><span style=\"color: #ff6600;\">Partenza da Marsa Matruh<\/span><\/h3>\n<p>Il viaggio inizia la mattina presto per evitare il caldo e massimizzare il tempo a disposizione. Il tragitto attraverso il deserto \u00e8 una transizione scenografica dalla costa turchese del Mediterraneo al verde intenso dell&#8217;<strong>Oasi di Siwa<\/strong>.<\/p>\n<h3><span style=\"color: #ff6600;\">Visita alla storica Montagna dei Morti (Gabal al-Mawta)<\/span><\/h3>\n<p>Iniziate l&#8217;esplorazione da questa montagna conica costellata di tombe scavate nella roccia risalenti alla XXVI dinastia e all&#8217;epoca tolemaica.<\/p>\n<p>Salire in cima offre una <strong>mozzafiato vista panoramica<\/strong> dell&#8217;intera oasi, dove migliaia di palme incontrano il limitare del Sahara.<\/p>\n<h3><span style=\"color: #ff6600;\">Esplora il leggendario Tempio di Amon (Tempio dell&#8217;Oracolo)<\/span><\/h3>\n<p>Seguite le orme di <strong>Alessandro Magno<\/strong> al <strong>Tempio di Amon<\/strong>. Questo sito \u00e8 famoso in tutto il mondo come il luogo in cui il re macedone consult\u00f2 l&#8217;oracolo per confermare la sua stirpe divina.<\/p>\n<p>L&#8217;energia qui \u00e8 palpabile e le rovine in pietra offrono uno sfondo straordinario per le fotografie.<\/p>\n<h3><span style=\"color: #993366;\">Pomeriggio: Sale, sorgenti e serenit\u00e0<\/span><\/h3>\n<h3><span style=\"color: #ff6600;\">Nuota e rilassati nei laghi di sale naturali<\/span><\/h3>\n<p>Vivete la bellezza surreale dei <strong>Laghi di Sale di Siwa<\/strong>. L&#8217;acqua \u00e8 cos\u00ec densa che affondare \u00e8 impossibile: galleggerete senza sforzo sulla superficie turchese cristallina.<\/p>\n<p>\u00c8 un&#8217;esperienza terapeutica e visivamente sbalorditiva, che d\u00e0 la sensazione di visitare un altro pianeta.<\/p>\n<h3><span style=\"color: #ff6600;\">Pranzo tradizionale di Siwa<\/span><\/h3>\n<p>Fate una pausa per gustare l&#8217;autentica <strong>cucina di Siwa<\/strong> in un ristorante locale all&#8217;ombra delle palme. Assaggiate i piatti accompagnati dallo speciale &#8220;Abugos&#8221;, un pane locale.<\/p>\n<h3><span style=\"color: #ff6600;\">Visita alla Piscina di Cleopatra<\/span><\/h3>\n<p>Nessun viaggio a Siwa \u00e8 completo senza un tuffo nella <strong>Piscina di Cleopatra<\/strong>. Questa sorgente naturale in pietra \u00e8 alimentata da acque sotterranee ed \u00e8 probabilmente la piscina termale pi\u00f9 famosa dell&#8217;oasi.<\/p>\n<p>La leggenda narra che la Regina stessa abbia nuotato qui, e oggi rimane il luogo perfetto per rinfrescarsi e godersi l&#8217;atmosfera locale.<\/p>\n<h3><span style=\"color: #993366;\">Sera: Cultura e Rientro<\/span><\/h3>\n<h3><span style=\"color: #ff6600;\">Tempo libero per shopping locale e souvenir<\/span><\/h3>\n<p>Concludete la giornata nel cuore del mercato di Siwa. Questa \u00e8 l&#8217;occasione per acquistare <strong>pezzi unici di artigianato locale<\/strong>, tra cui tappeti tessuti a mano e ricami di Siwa. Inoltre, datteri biologici, olio d&#8217;oliva e le famose <strong>lampade di sale stile himalayano<\/strong>, ricavate direttamente dai laghi visitati in precedenza.<\/p>\n<h3><span style=\"color: #ff6600;\">Partenza per Marsa Matruh<\/span><\/h3>\n<p>Rilassatevi durante il viaggio di ritorno mentre il sole del deserto tramonta, riflettendo su una giornata trascorsa in uno dei luoghi pi\u00f9 remoti e incantevoli della Terra.<\/p>\n<h3><span style=\"color: #ff6600;\">Prezzi: Escursione di un giorno all&#8217;Oasi di Siwa da Marsa Matruh<\/span><\/h3>\n<table>\n<thead>\n<tr>\n<td><strong>Numero di Persone<\/strong><\/td>\n<td><strong>Tipo di Veicolo<\/strong><\/td>\n<td><strong>Prezzo per Persona<\/strong><\/td>\n<\/tr>\n<\/thead>\n<tbody>\n<tr>\n<td>1 Persona<\/td>\n<td>Auto Privata<\/td>\n<td>300 \u20ac<\/td>\n<\/tr>\n<tr>\n<td>2 Persone<\/td>\n<td>Auto Privata<\/td>\n<td>150 \u20ac<\/td>\n<\/tr>\n<tr>\n<td>3-4 Persone<\/td>\n<td>Minivan Privato<\/td>\n<td>140 \u20ac<\/td>\n<\/tr>\n<tr>\n<td>5-6 Persone<\/td>\n<td>Minivan Privato<\/td>\n<td>130 \u20ac<\/td>\n<\/tr>\n<tr>\n<td>7-8 Persone<\/td>\n<td>Minivan Privato<\/td>\n<td>100 \u20ac<\/td>\n<\/tr>\n<\/tbody>\n<\/table>\n<h3><span style=\"color: #ff6600;\">Prenotazione<\/span><\/h3>\n<p>Puoi prenotare la tua escursione di un giorno all&#8217;Oasi di Siwa da Marsa Matruh via WhatsApp o inviandoci un&#8217;e-mail; riceverai la conferma immediata.<\/p>\n<p>Ti preghiamo di inviarci il nome dell&#8217;hotel, il numero della camera e le copie dei passaporti per prenotare l&#8217;esperienza dell&#8217;Oasi di Siwa partendo da Marsa Matruh.<\/p>\n<p>WhatsApp: +201000852186<\/p>\n<p>Email: info@egytourpackages.com<\/p>\n<h3><span style=\"color: #ff6600;\">Prenota ora e paga sul posto<\/span><\/h3>\n<p>Prenota il tuo tour preferito e paga il giorno della gita.<\/p>\n<h3><span style=\"color: #ff6600;\">Pagamento<\/span><\/h3>\n<p>Puoi pagare in sterline egiziane, $, \u20ac o \u00a3.<\/p>\n<h3><span style=\"color: #ff6600;\">Politica di cancellazione<\/span><\/h3>\n<ul>\n<li>La cancellazione \u00e8 gratuita fino a 24 ore prima.<\/li>\n<li>La cancellazione effettuata la mattina stessa prevede una penale del 50% del prezzo.<\/li>\n<\/ul>\n","protected":false},"excerpt":{"rendered":"<p>Prenota un&#8217;<b data-path-to-node=\"0\" data-index-in-node=\"11\">Escursione di un giorno all&#8217;Oasi di Siwa da Marsa Matruh<\/b>. Scopri il Tempio dell&#8217;Oracolo, i laghi di sale e la Piscina di Cleopatra. Tour privato!<\/p>\n","protected":false},"featured_media":14211,"comment_status":"closed","ping_status":"closed","template":"","meta":[],"product_brand":[],"product_cat":[1910],"product_tag":[4067,1914,2956],"class_list":{"0":"post-14218","1":"product","2":"type-product","3":"status-publish","4":"has-post-thumbnail","6":"product_cat-tour","7":"product_tag-escursioni-di-un-giorno-da-marsa-matruh","8":"product_tag-tour-giornalieri-in-egitto","9":"product_tag-viaggi-alloasi-di-siwa-da-marsa-matruh","10":"tour_category-tour-giornalieri-in-egitto-it","11":"tour_category-viaggi-a-marsa-matruh-it","12":"tour_category-viaggi-alloasi-di-siwa-da-marsa-matruh","14":"first","15":"instock","16":"sale","17":"shipping-taxable","18":"purchasable","19":"product-type-tour","20":"has-default-attributes"},"yoast_head":"<!-- This site is optimized with the Yoast SEO Premium plugin v27.2 (Yoast SEO v27.2) - https:\/\/yoast.com\/product\/yoast-seo-premium-wordpress\/ -->\n<title>Escursione di un giorno all&#039;Oasi di Siwa da Marsa Matruh<\/title>\n<meta name=\"description\" content=\"Prenota un&#039;Escursione di un giorno all&#039;Oasi di Siwa da Marsa Matruh. Scopri il Tempio dell&#039;Oracolo, i laghi di sale e la Piscina di Cleopatra. Tour privato!\" \/>\n<meta name=\"robots\" content=\"index, follow, max-snippet:-1, max-image-preview:large, max-video-preview:-1\" \/>\n<link rel=\"canonical\" href=\"https:\/\/egytourpackages.com\/it\/tour\/escursione-di-un-giorno-alloasi-di-siwa-da-marsa-matruh\/\" \/>\n<meta property=\"og:locale\" content=\"it_IT\" \/>\n<meta property=\"og:type\" content=\"article\" \/>\n<meta property=\"og:title\" content=\"Escursione di un giorno all&#039;Oasi di Siwa da Marsa Matruh\" \/>\n<meta property=\"og:description\" content=\"Prenota un&#039;Escursione di un giorno all&#039;Oasi di Siwa da Marsa Matruh. Scopri il Tempio dell&#039;Oracolo, i laghi di sale e la Piscina di Cleopatra. Tour privato!\" \/>\n<meta property=\"og:url\" content=\"https:\/\/egytourpackages.com\/it\/tour\/escursione-di-un-giorno-alloasi-di-siwa-da-marsa-matruh\/\" \/>\n<meta property=\"og:site_name\" content=\"Pacchetti tour in Egitto\" \/>\n<meta property=\"article:publisher\" content=\"https:\/\/www.facebook.com\/egytourpackages\" \/>\n<meta property=\"article:modified_time\" content=\"2026-01-30T00:20:03+00:00\" \/>\n<meta property=\"og:image\" content=\"https:\/\/egytourpackages.com\/wp-content\/uploads\/2026\/01\/Siwa-Oasis-day-trip-from-Marsa-Matruh-1.jpeg\" \/>\n\t<meta property=\"og:image:width\" content=\"1400\" \/>\n\t<meta property=\"og:image:height\" content=\"1050\" \/>\n\t<meta property=\"og:image:type\" content=\"image\/jpeg\" \/>\n<meta name=\"twitter:card\" content=\"summary_large_image\" \/>\n<meta name=\"twitter:label1\" content=\"Prezzo\" \/>\n\t<meta name=\"twitter:data1\" content=\"&euro;100\" \/>\n\t<meta name=\"twitter:label2\" content=\"Disponibilit\u00e0\" \/>\n\t<meta name=\"twitter:data2\" content=\"In stock\" \/>\n<script type=\"application\/ld+json\" class=\"yoast-schema-graph\">{\"@context\":\"https:\/\/schema.org\",\"@graph\":[{\"@type\":\"WebPage\",\"@id\":\"https:\/\/egytourpackages.com\/it\/tour\/escursione-di-un-giorno-alloasi-di-siwa-da-marsa-matruh\/\",\"url\":\"https:\/\/egytourpackages.com\/it\/tour\/escursione-di-un-giorno-alloasi-di-siwa-da-marsa-matruh\/\",\"name\":\"Escursione di un giorno all'Oasi di Siwa da Marsa Matruh\",\"isPartOf\":{\"@id\":\"https:\/\/egytourpackages.com\/it\/#website\"},\"primaryImageOfPage\":{\"@id\":\"https:\/\/egytourpackages.com\/it\/tour\/escursione-di-un-giorno-alloasi-di-siwa-da-marsa-matruh\/#primaryimage\"},\"image\":{\"@id\":\"https:\/\/egytourpackages.com\/it\/tour\/escursione-di-un-giorno-alloasi-di-siwa-da-marsa-matruh\/#primaryimage\"},\"thumbnailUrl\":\"https:\/\/egytourpackages.com\/wp-content\/uploads\/2026\/01\/Siwa-Oasis-day-trip-from-Marsa-Matruh-1.jpeg\",\"datePublished\":\"2026-01-29T14:10:03+00:00\",\"dateModified\":\"2026-01-30T00:20:03+00:00\",\"description\":\"Prenota un'Escursione di un giorno all'Oasi di Siwa da Marsa Matruh. Scopri il Tempio dell'Oracolo, i laghi di sale e la Piscina di Cleopatra. Tour privato!\",\"breadcrumb\":{\"@id\":\"https:\/\/egytourpackages.com\/it\/tour\/escursione-di-un-giorno-alloasi-di-siwa-da-marsa-matruh\/#breadcrumb\"},\"inLanguage\":\"it-IT\",\"potentialAction\":[{\"@type\":\"ReadAction\",\"target\":[\"https:\/\/egytourpackages.com\/it\/tour\/escursione-di-un-giorno-alloasi-di-siwa-da-marsa-matruh\/\"]}]},{\"@type\":\"ImageObject\",\"inLanguage\":\"it-IT\",\"@id\":\"https:\/\/egytourpackages.com\/it\/tour\/escursione-di-un-giorno-alloasi-di-siwa-da-marsa-matruh\/#primaryimage\",\"url\":\"https:\/\/egytourpackages.com\/wp-content\/uploads\/2026\/01\/Siwa-Oasis-day-trip-from-Marsa-Matruh-1.jpeg\",\"contentUrl\":\"https:\/\/egytourpackages.com\/wp-content\/uploads\/2026\/01\/Siwa-Oasis-day-trip-from-Marsa-Matruh-1.jpeg\",\"width\":1400,\"height\":1050,\"caption\":\"Escursione di un giorno all'Oasi di Siwa da Marsa Matruh\"},{\"@type\":\"BreadcrumbList\",\"@id\":\"https:\/\/egytourpackages.com\/it\/tour\/escursione-di-un-giorno-alloasi-di-siwa-da-marsa-matruh\/#breadcrumb\",\"itemListElement\":[{\"@type\":\"ListItem\",\"position\":1,\"name\":\"Home\",\"item\":\"https:\/\/egytourpackages.com\/it\/\"},{\"@type\":\"ListItem\",\"position\":2,\"name\":\"Negozio\",\"item\":\"https:\/\/egytourpackages.com\/it\/negozio\/\"},{\"@type\":\"ListItem\",\"position\":3,\"name\":\"Escursione di un giorno all&#8217;Oasi di Siwa da Marsa Matruh\"}]},{\"@type\":\"WebSite\",\"@id\":\"https:\/\/egytourpackages.com\/it\/#website\",\"url\":\"https:\/\/egytourpackages.com\/it\/\",\"name\":\"Egy tour packages\",\"description\":\"\",\"publisher\":{\"@id\":\"https:\/\/egytourpackages.com\/it\/#organization\"},\"potentialAction\":[{\"@type\":\"SearchAction\",\"target\":{\"@type\":\"EntryPoint\",\"urlTemplate\":\"https:\/\/egytourpackages.com\/it\/?s={search_term_string}\"},\"query-input\":{\"@type\":\"PropertyValueSpecification\",\"valueRequired\":true,\"valueName\":\"search_term_string\"}}],\"inLanguage\":\"it-IT\"},{\"@type\":[\"Organization\",\"Place\",\"TravelAgency\"],\"@id\":\"https:\/\/egytourpackages.com\/it\/#organization\",\"name\":\"egypt tour packages\",\"alternateName\":\"egypt tour packages\",\"url\":\"https:\/\/egytourpackages.com\/it\/\",\"logo\":{\"@id\":\"https:\/\/egytourpackages.com\/it\/tour\/escursione-di-un-giorno-alloasi-di-siwa-da-marsa-matruh\/#local-main-organization-logo\"},\"image\":{\"@id\":\"https:\/\/egytourpackages.com\/it\/tour\/escursione-di-un-giorno-alloasi-di-siwa-da-marsa-matruh\/#local-main-organization-logo\"},\"sameAs\":[\"https:\/\/www.facebook.com\/egytourpackages\"],\"legalName\":\"Egy tour packages\",\"address\":{\"@id\":\"https:\/\/egytourpackages.com\/it\/tour\/escursione-di-un-giorno-alloasi-di-siwa-da-marsa-matruh\/#local-main-place-address\"},\"telephone\":[\"00201000852186\",\"00201028685533\"],\"contactPoint\":{\"@type\":\"ContactPoint\",\"telephone\":\"00201000852186\"},\"openingHoursSpecification\":[{\"@type\":\"OpeningHoursSpecification\",\"dayOfWeek\":[\"Monday\",\"Tuesday\",\"Wednesday\",\"Thursday\",\"Friday\",\"Saturday\",\"Sunday\"],\"opens\":\"00:00\",\"closes\":\"23:59\"}],\"email\":\"info@egytourpackages.com\",\"areaServed\":\"Cairo, Hurghada, Luxor, Sharm El Sheikh, Marsa Alam, Aswan\",\"priceRange\":\"$\",\"currenciesAccepted\":\"euro\",\"paymentAccepted\":\"Payment links online\"},{\"@type\":\"PostalAddress\",\"@id\":\"https:\/\/egytourpackages.com\/it\/tour\/escursione-di-un-giorno-alloasi-di-siwa-da-marsa-matruh\/#local-main-place-address\",\"streetAddress\":\"Mubarak 8, Al Kawthar District, Hurghada\",\"addressLocality\":\"Hurghada\",\"postalCode\":\"84511\",\"addressRegion\":\"Red Sea\",\"addressCountry\":\"EG\"},{\"@type\":\"ImageObject\",\"inLanguage\":\"it-IT\",\"@id\":\"https:\/\/egytourpackages.com\/it\/tour\/escursione-di-un-giorno-alloasi-di-siwa-da-marsa-matruh\/#local-main-organization-logo\",\"url\":\"https:\/\/egytourpackages.com\/wp-content\/uploads\/2025\/12\/Turquoise-Dahabiya-Nile-Cruise-1.jpeg\",\"contentUrl\":\"https:\/\/egytourpackages.com\/wp-content\/uploads\/2025\/12\/Turquoise-Dahabiya-Nile-Cruise-1.jpeg\",\"width\":1040,\"height\":694,\"caption\":\"egypt tour packages\"}]}<\/script>\n<meta property=\"product:brand\" content=\"Tour giornalieri in Egitto\" \/>\n<meta property=\"product:price:amount\" content=\"100\" \/>\n<meta property=\"product:price:currency\" content=\"EUR\" \/>\n<meta property=\"og:availability\" content=\"instock\" \/>\n<meta property=\"product:availability\" content=\"instock\" \/>\n<meta property=\"product:retailer_item_id\" content=\"DTFMM 01\" \/>\n<meta property=\"product:condition\" content=\"new\" \/>\n<meta name=\"geo.placename\" content=\"Hurghada\" \/>\n<meta name=\"geo.region\" content=\"Egitto\" \/>\n<!-- \/ Yoast SEO Premium plugin. -->","yoast_head_json":{"title":"Escursione di un giorno all'Oasi di Siwa da Marsa Matruh","description":"Prenota un'Escursione di un giorno all'Oasi di Siwa da Marsa Matruh. Scopri il Tempio dell'Oracolo, i laghi di sale e la Piscina di Cleopatra. Tour privato!","robots":{"index":"index","follow":"follow","max-snippet":"max-snippet:-1","max-image-preview":"max-image-preview:large","max-video-preview":"max-video-preview:-1"},"canonical":"https:\/\/egytourpackages.com\/it\/tour\/escursione-di-un-giorno-alloasi-di-siwa-da-marsa-matruh\/","og_locale":"it_IT","og_type":"article","og_title":"Escursione di un giorno all'Oasi di Siwa da Marsa Matruh","og_description":"Prenota un'Escursione di un giorno all'Oasi di Siwa da Marsa Matruh. Scopri il Tempio dell'Oracolo, i laghi di sale e la Piscina di Cleopatra. Tour privato!","og_url":"https:\/\/egytourpackages.com\/it\/tour\/escursione-di-un-giorno-alloasi-di-siwa-da-marsa-matruh\/","og_site_name":"Pacchetti tour in Egitto","article_publisher":"https:\/\/www.facebook.com\/egytourpackages","article_modified_time":"2026-01-30T00:20:03+00:00","og_image":[{"width":1400,"height":1050,"url":"https:\/\/egytourpackages.com\/wp-content\/uploads\/2026\/01\/Siwa-Oasis-day-trip-from-Marsa-Matruh-1.jpeg","type":"image\/jpeg"}],"twitter_card":"summary_large_image","twitter_misc":{"Prezzo":"&euro;100","Disponibilit\u00e0":"In stock"},"schema":{"@context":"https:\/\/schema.org","@graph":[{"@type":"WebPage","@id":"https:\/\/egytourpackages.com\/it\/tour\/escursione-di-un-giorno-alloasi-di-siwa-da-marsa-matruh\/","url":"https:\/\/egytourpackages.com\/it\/tour\/escursione-di-un-giorno-alloasi-di-siwa-da-marsa-matruh\/","name":"Escursione di un giorno all'Oasi di Siwa da Marsa Matruh","isPartOf":{"@id":"https:\/\/egytourpackages.com\/it\/#website"},"primaryImageOfPage":{"@id":"https:\/\/egytourpackages.com\/it\/tour\/escursione-di-un-giorno-alloasi-di-siwa-da-marsa-matruh\/#primaryimage"},"image":{"@id":"https:\/\/egytourpackages.com\/it\/tour\/escursione-di-un-giorno-alloasi-di-siwa-da-marsa-matruh\/#primaryimage"},"thumbnailUrl":"https:\/\/egytourpackages.com\/wp-content\/uploads\/2026\/01\/Siwa-Oasis-day-trip-from-Marsa-Matruh-1.jpeg","datePublished":"2026-01-29T14:10:03+00:00","dateModified":"2026-01-30T00:20:03+00:00","description":"Prenota un'Escursione di un giorno all'Oasi di Siwa da Marsa Matruh. Scopri il Tempio dell'Oracolo, i laghi di sale e la Piscina di Cleopatra. Tour privato!","breadcrumb":{"@id":"https:\/\/egytourpackages.com\/it\/tour\/escursione-di-un-giorno-alloasi-di-siwa-da-marsa-matruh\/#breadcrumb"},"inLanguage":"it-IT","potentialAction":[{"@type":"ReadAction","target":["https:\/\/egytourpackages.com\/it\/tour\/escursione-di-un-giorno-alloasi-di-siwa-da-marsa-matruh\/"]}]},{"@type":"ImageObject","inLanguage":"it-IT","@id":"https:\/\/egytourpackages.com\/it\/tour\/escursione-di-un-giorno-alloasi-di-siwa-da-marsa-matruh\/#primaryimage","url":"https:\/\/egytourpackages.com\/wp-content\/uploads\/2026\/01\/Siwa-Oasis-day-trip-from-Marsa-Matruh-1.jpeg","contentUrl":"https:\/\/egytourpackages.com\/wp-content\/uploads\/2026\/01\/Siwa-Oasis-day-trip-from-Marsa-Matruh-1.jpeg","width":1400,"height":1050,"caption":"Escursione di un giorno all'Oasi di Siwa da Marsa Matruh"},{"@type":"BreadcrumbList","@id":"https:\/\/egytourpackages.com\/it\/tour\/escursione-di-un-giorno-alloasi-di-siwa-da-marsa-matruh\/#breadcrumb","itemListElement":[{"@type":"ListItem","position":1,"name":"Home","item":"https:\/\/egytourpackages.com\/it\/"},{"@type":"ListItem","position":2,"name":"Negozio","item":"https:\/\/egytourpackages.com\/it\/negozio\/"},{"@type":"ListItem","position":3,"name":"Escursione di un giorno all&#8217;Oasi di Siwa da Marsa Matruh"}]},{"@type":"WebSite","@id":"https:\/\/egytourpackages.com\/it\/#website","url":"https:\/\/egytourpackages.com\/it\/","name":"Egy tour packages","description":"","publisher":{"@id":"https:\/\/egytourpackages.com\/it\/#organization"},"potentialAction":[{"@type":"SearchAction","target":{"@type":"EntryPoint","urlTemplate":"https:\/\/egytourpackages.com\/it\/?s={search_term_string}"},"query-input":{"@type":"PropertyValueSpecification","valueRequired":true,"valueName":"search_term_string"}}],"inLanguage":"it-IT"},{"@type":["Organization","Place","TravelAgency"],"@id":"https:\/\/egytourpackages.com\/it\/#organization","name":"egypt tour packages","alternateName":"egypt tour packages","url":"https:\/\/egytourpackages.com\/it\/","logo":{"@id":"https:\/\/egytourpackages.com\/it\/tour\/escursione-di-un-giorno-alloasi-di-siwa-da-marsa-matruh\/#local-main-organization-logo"},"image":{"@id":"https:\/\/egytourpackages.com\/it\/tour\/escursione-di-un-giorno-alloasi-di-siwa-da-marsa-matruh\/#local-main-organization-logo"},"sameAs":["https:\/\/www.facebook.com\/egytourpackages"],"legalName":"Egy tour packages","address":{"@id":"https:\/\/egytourpackages.com\/it\/tour\/escursione-di-un-giorno-alloasi-di-siwa-da-marsa-matruh\/#local-main-place-address"},"telephone":["00201000852186","00201028685533"],"contactPoint":{"@type":"ContactPoint","telephone":"00201000852186"},"openingHoursSpecification":[{"@type":"OpeningHoursSpecification","dayOfWeek":["Monday","Tuesday","Wednesday","Thursday","Friday","Saturday","Sunday"],"opens":"00:00","closes":"23:59"}],"email":"info@egytourpackages.com","areaServed":"Cairo, Hurghada, Luxor, Sharm El Sheikh, Marsa Alam, Aswan","priceRange":"$","currenciesAccepted":"euro","paymentAccepted":"Payment links online"},{"@type":"PostalAddress","@id":"https:\/\/egytourpackages.com\/it\/tour\/escursione-di-un-giorno-alloasi-di-siwa-da-marsa-matruh\/#local-main-place-address","streetAddress":"Mubarak 8, Al Kawthar District, Hurghada","addressLocality":"Hurghada","postalCode":"84511","addressRegion":"Red Sea","addressCountry":"EG"},{"@type":"ImageObject","inLanguage":"it-IT","@id":"https:\/\/egytourpackages.com\/it\/tour\/escursione-di-un-giorno-alloasi-di-siwa-da-marsa-matruh\/#local-main-organization-logo","url":"https:\/\/egytourpackages.com\/wp-content\/uploads\/2025\/12\/Turquoise-Dahabiya-Nile-Cruise-1.jpeg","contentUrl":"https:\/\/egytourpackages.com\/wp-content\/uploads\/2025\/12\/Turquoise-Dahabiya-Nile-Cruise-1.jpeg","width":1040,"height":694,"caption":"egypt tour packages"}]},"product_brand":"Tour giornalieri in Egitto","product_price_amount":"100","product_price_currency":"EUR","og_availability":"instock","product_availability":"instock","product_retailer_item_id":"DTFMM 01","product_condition":"new","geo.placename":"Hurghada","geo.region":"Egitto"},"_links":{"self":[{"href":"https:\/\/egytourpackages.com\/it\/wp-json\/wp\/v2\/product\/14218","targetHints":{"allow":["GET"]}}],"collection":[{"href":"https:\/\/egytourpackages.com\/it\/wp-json\/wp\/v2\/product"}],"about":[{"href":"https:\/\/egytourpackages.com\/it\/wp-json\/wp\/v2\/types\/product"}],"replies":[{"embeddable":true,"href":"https:\/\/egytourpackages.com\/it\/wp-json\/wp\/v2\/comments?post=14218"}],"wp:featuredmedia":[{"embeddable":true,"href":"https:\/\/egytourpackages.com\/it\/wp-json\/wp\/v2\/media\/14211"}],"wp:attachment":[{"href":"https:\/\/egytourpackages.com\/it\/wp-json\/wp\/v2\/media?parent=14218"}],"wp:term":[{"taxonomy":"product_brand","embeddable":true,"href":"https:\/\/egytourpackages.com\/it\/wp-json\/wp\/v2\/product_brand?post=14218"},{"taxonomy":"product_cat","embeddable":true,"href":"https:\/\/egytourpackages.com\/it\/wp-json\/wp\/v2\/product_cat?post=14218"},{"taxonomy":"product_tag","embeddable":true,"href":"https:\/\/egytourpackages.com\/it\/wp-json\/wp\/v2\/product_tag?post=14218"}],"curies":[{"name":"wp","href":"https:\/\/api.w.org\/{rel}","templated":true}]}}