{"id":15392,"date":"2025-11-14T23:32:22","date_gmt":"2025-11-14T23:32:22","guid":{"rendered":"https:\/\/egytourpackages.com\/product\/trasferimento-privato-dallaeroporto-di-hurghada-ai-resort-di-makadi-bay\/"},"modified":"2026-02-19T21:42:06","modified_gmt":"2026-02-19T21:42:06","slug":"trasferimento-privato-dallaeroporto-di-hurghada-ai-resort-di-makadi-bay","status":"publish","type":"product","link":"https:\/\/egytourpackages.com\/it\/tour\/trasferimento-privato-dallaeroporto-di-hurghada-ai-resort-di-makadi-bay\/","title":{"rendered":"Trasferimento Privato dall&#8217;Aeroporto di Hurghada ai Resort di Makadi Bay"},"content":{"rendered":"<p><span style=\"color: #ff6600;\"><strong>Trasferimento Privato dall&#8217;Aeroporto di Hurghada ai Resort di Makadi Bay | Prezzo per veicolo<\/strong><\/span><\/p>\n<p>Inizia la tua esclusiva <strong>vacanza a Makadi Bay<\/strong> con il massimo del <strong>viaggio senza stress<\/strong>: un <strong>trasferimento privato prenotato in anticipo<\/strong> dall&#8217;<strong>Aeroporto Internazionale di Hurghada (HRG)<\/strong> direttamente al tuo <strong>hotel a Makadi Bay<\/strong>.<\/p>\n<p>Quando si cerca un <strong>trasporto affidabile sul Mar Rosso<\/strong>, il servizio di auto privata \u00e8 costantemente classificato come la <strong>migliore opzione di trasferimento aeroportuale<\/strong> per velocit\u00e0, sicurezza e comfort.<\/p>\n<h3><span style=\"color: #ff6600;\">Perch\u00e9 Prenotare un Trasferimento Privato da Hurghada a Makadi Bay?<\/span><\/h3>\n<p><strong>Accoglienza Personalizzata &#8220;Meet &amp; Greet&#8221;<\/strong><\/p>\n<p>Dimentica lo stress di trovare un mezzo di trasporto. Il tuo <strong>autista dedicato<\/strong> ti aspetter\u00e0 proprio davanti alla <strong>sala arrivi<\/strong> con un cartello che espone chiaramente il tuo nome.<\/p>\n<p>Ti assister\u00e0 personalmente con i tuoi <strong>bagagli<\/strong>, permettendoti di rilassarti e <strong>goderti il tuo trasferimento privato<\/strong> dall&#8217;<strong>aeroporto di Hurghada al tuo hotel a Makadi Bay<\/strong>.<\/p>\n<p>Il viaggio verso gli hotel di Makadi Bay dura circa 30-45 minuti, coprendo una distanza di circa 30 chilometri. Questo \u00e8 il <strong>ritiro in aeroporto pi\u00f9 efficiente<\/strong> e rapido disponibile.<\/p>\n<h3><span style=\"color: #ff6600;\">Comfort e Sicurezza Garantiti<\/span><\/h3>\n<p>Il trasferimento viene effettuato in un <strong>veicolo moderno e climatizzato<\/strong>, garantendo una guida confortevole dopo il volo. Tutti i veicoli sono regolarmente sottoposti a manutenzione e offrono in genere spazio per <strong>bagagli, sacche da golf o attrezzatura subacquea<\/strong>.<\/p>\n<p>Per le famiglie, molti servizi offrono <strong>seggiolini per neonati<\/strong> o rialzi su richiesta, aggiungendo un ulteriore livello di sicurezza.<\/p>\n<h3><span style=\"color: #ff6600;\">Prenotazione e Servizio 24 ore su 24 senza sforzo<\/span><\/h3>\n<p>Prenotare il tuo trasferimento verso i <strong>resort di Makadi Bay<\/strong> \u00e8 pensato per la massima comodit\u00e0. Puoi prenotare facilmente il tuo <strong>trasferimento in Taxi dall&#8217;aeroporto di Hurghada<\/strong> tramite <strong>WhatsApp, e-mail o una telefonata<\/strong>.<\/p>\n<p>Per assicurarti il viaggio, fornisci semplicemente il tuo <strong>numero di volo<\/strong> e l&#8217;<strong>orario di arrivo<\/strong>: noi gestiremo tutti i dettagli logistici.<\/p>\n<p>Infatti, operiamo un <strong>servizio attivo 24 ore su 24<\/strong> utilizzando una flotta di <strong>veicoli moderni e climatizzati<\/strong>, pronti a venirti a prendere in <strong>qualsiasi momento all&#8217;aeroporto di Hurghada<\/strong>, giorno e notte.<\/p>\n<h3><span style=\"color: #ff6600;\">Prezzo Fisso e Conveniente<\/span><\/h3>\n<p>Assicurati un <strong>prezzo fisso tutto compreso<\/strong> quando prenoti online. Questa trasparenza \u00e8 un grande vantaggio, poich\u00e9 significa nessun costo a sorpresa e nessuna necessit\u00e0 di <strong>negoziare le tariffe dei taxi<\/strong> in aeroporto.<\/p>\n<p>Questo \u00e8 spesso il <strong>trasferimento con il miglior valore<\/strong> per gruppi o famiglie rispetto a una corsa in <strong>taxi aeroportuale<\/strong> non pianificata.<\/p>\n<h3><span style=\"color: #ff6600;\">Prenota il tuo Taxi per l&#8217;Aeroporto di Makadi Bay in anticipo<\/span><\/h3>\n<p>Per una completa tranquillit\u00e0, ti consigliamo vivamente di prenotare il tuo <strong>trasferimento a Makadi Bay<\/strong> molto prima della data del viaggio.<\/p>\n<p>Questo assicura che il tuo autista ti stia aspettando, anche se il tuo volo per <strong>Hurghada<\/strong> \u00e8 in ritardo. \u00c8 il <strong>modo pi\u00f9 semplice<\/strong> per passare dal terminal dell&#8217;aeroporto al <strong>lussuoso comfort<\/strong> del tuo resort sul Mar Rosso.<\/p>\n<h2><span style=\"color: #993366;\"><em>Nota Bene<\/em><\/span><\/h2>\n<p>Si prega di notare che il nostro prezzo per i trasferimenti dall&#8217;aeroporto di Hurghada ai resort di Makadi Bay \u00e8 per veicolo e non ci sono sorprese nascoste.<\/p>\n<p>Per ulteriori informazioni sui trasferimenti in taxi dall&#8217;aeroporto di Hurghada, controlla la nostra sezione dedicata ai trasferimenti aeroportuali.<\/p>\n<h3><span style=\"color: #ff6600;\">Prezzo Trasferimento Privato dall&#8217;Aeroporto di Hurghada ai Resort di Makadi Bay<\/span><\/h3>\n<p>Per veicolo: 25 \u20ac<\/p>\n<h3><span style=\"color: #ff6600;\">Prenotazione<\/span><\/h3>\n<p>Puoi prenotare il tuo tour tramite WhatsApp o inviarci un&#8217;e-mail e riceverai la conferma all&#8217;istante.<\/p>\n<p>WhatsApp: +201000852186<\/p>\n<p>info@egytourpackages.com<\/p>\n<h3><span style=\"color: #ff6600;\">Prenota Ora e Paga sul Posto<\/span><\/h3>\n<p>Prenota il tuo trasferimento preferito e paga sul posto.<\/p>\n<h3><span style=\"color: #ff6600;\">Pagamento<\/span><\/h3>\n<p>Puoi pagare in sterline egiziane, $, \u20ac o \u00a3.<\/p>\n<h3><span style=\"color: #ff6600;\">Politica di Cancellazione<\/span><\/h3>\n<p>La cancellazione \u00e8 gratuita.<\/p>\n","protected":false},"excerpt":{"rendered":"<p>Prenota il tuo Trasferimento Privato dall&#8217;Aeroporto di Hurghada ai Resort di Makadi Bay. Servizio VIP, puntuale e sicuro in Egitto. Inizia bene il viaggio!<\/p>\n","protected":false},"featured_media":9199,"comment_status":"closed","ping_status":"closed","template":"","meta":[],"product_brand":[],"product_cat":[1910],"product_tag":[1914,1971],"class_list":{"0":"post-15392","1":"product","2":"type-product","3":"status-publish","4":"has-post-thumbnail","6":"product_cat-tour","7":"product_tag-tour-giornalieri-in-egitto","8":"product_tag-transfer-aeroportuale","9":"tour_category-tour-giornalieri-in-egitto-it","10":"tour_category-transfer-aeroporto-it","12":"first","13":"instock","14":"sale","15":"shipping-taxable","16":"purchasable","17":"product-type-tour"},"yoast_head":"<!-- This site is optimized with the Yoast SEO Premium plugin v27.2 (Yoast SEO v27.2) - https:\/\/yoast.com\/product\/yoast-seo-premium-wordpress\/ -->\n<title>Trasferimento Privato dall&#039;Aeroporto di Hurghada ai Resort di Makadi Bay<\/title>\n<meta name=\"description\" content=\"Prenota il tuo Trasferimento Privato dall&#039;Aeroporto di Hurghada ai Resort di Makadi Bay. Servizio VIP, puntuale e sicuro in Egitto. Inizia bene il viaggio!\" \/>\n<meta name=\"robots\" content=\"index, follow, max-snippet:-1, max-image-preview:large, max-video-preview:-1\" \/>\n<link rel=\"canonical\" href=\"https:\/\/egytourpackages.com\/it\/tour\/trasferimento-privato-dallaeroporto-di-hurghada-ai-resort-di-makadi-bay\/\" \/>\n<meta property=\"og:locale\" content=\"it_IT\" \/>\n<meta property=\"og:type\" content=\"article\" \/>\n<meta property=\"og:title\" content=\"Trasferimento Privato dall&#039;Aeroporto di Hurghada ai Resort di Makadi Bay\" \/>\n<meta property=\"og:description\" content=\"Prenota il tuo Trasferimento Privato dall&#039;Aeroporto di Hurghada ai Resort di Makadi Bay. Servizio VIP, puntuale e sicuro in Egitto. Inizia bene il viaggio!\" \/>\n<meta property=\"og:url\" content=\"https:\/\/egytourpackages.com\/it\/tour\/trasferimento-privato-dallaeroporto-di-hurghada-ai-resort-di-makadi-bay\/\" \/>\n<meta property=\"og:site_name\" content=\"Pacchetti tour in Egitto\" \/>\n<meta property=\"article:publisher\" content=\"https:\/\/www.facebook.com\/egytourpackages\" \/>\n<meta property=\"article:modified_time\" content=\"2026-02-19T21:42:06+00:00\" \/>\n<meta property=\"og:image\" content=\"https:\/\/egytourpackages.com\/wp-content\/uploads\/2025\/11\/Private-Transfer-from-Hurghada-Airport-to-Makadi-Bay-Hotels-1024x768.jpeg\" \/>\n<meta name=\"twitter:card\" content=\"summary_large_image\" \/>\n<meta name=\"twitter:title\" content=\"Trasferimento Privato dall&#039;Aeroporto di Hurghada ai Resort di Makadi Bay\" \/>\n<meta name=\"twitter:label1\" content=\"Prezzo\" \/>\n\t<meta name=\"twitter:data1\" content=\"&euro;25\" \/>\n\t<meta name=\"twitter:label2\" content=\"Disponibilit\u00e0\" \/>\n\t<meta name=\"twitter:data2\" content=\"In stock\" \/>\n<script type=\"application\/ld+json\" class=\"yoast-schema-graph\">{\"@context\":\"https:\/\/schema.org\",\"@graph\":[{\"@type\":\"WebPage\",\"@id\":\"https:\/\/egytourpackages.com\/it\/tour\/trasferimento-privato-dallaeroporto-di-hurghada-ai-resort-di-makadi-bay\/\",\"url\":\"https:\/\/egytourpackages.com\/it\/tour\/trasferimento-privato-dallaeroporto-di-hurghada-ai-resort-di-makadi-bay\/\",\"name\":\"Trasferimento Privato dall'Aeroporto di Hurghada ai Resort di Makadi Bay\",\"isPartOf\":{\"@id\":\"https:\/\/egytourpackages.com\/it\/#website\"},\"primaryImageOfPage\":{\"@id\":\"https:\/\/egytourpackages.com\/it\/tour\/trasferimento-privato-dallaeroporto-di-hurghada-ai-resort-di-makadi-bay\/#primaryimage\"},\"image\":{\"@id\":\"https:\/\/egytourpackages.com\/it\/tour\/trasferimento-privato-dallaeroporto-di-hurghada-ai-resort-di-makadi-bay\/#primaryimage\"},\"thumbnailUrl\":\"https:\/\/egytourpackages.com\/wp-content\/uploads\/2025\/11\/Private-Transfer-from-Hurghada-Airport-to-Makadi-Bay-Hotels.jpeg\",\"datePublished\":\"2025-11-14T23:32:22+00:00\",\"dateModified\":\"2026-02-19T21:42:06+00:00\",\"description\":\"Prenota il tuo Trasferimento Privato dall'Aeroporto di Hurghada ai Resort di Makadi Bay. Servizio VIP, puntuale e sicuro in Egitto. Inizia bene il viaggio!\",\"breadcrumb\":{\"@id\":\"https:\/\/egytourpackages.com\/it\/tour\/trasferimento-privato-dallaeroporto-di-hurghada-ai-resort-di-makadi-bay\/#breadcrumb\"},\"inLanguage\":\"it-IT\",\"potentialAction\":[{\"@type\":\"ReadAction\",\"target\":[\"https:\/\/egytourpackages.com\/it\/tour\/trasferimento-privato-dallaeroporto-di-hurghada-ai-resort-di-makadi-bay\/\"]}]},{\"@type\":\"ImageObject\",\"inLanguage\":\"it-IT\",\"@id\":\"https:\/\/egytourpackages.com\/it\/tour\/trasferimento-privato-dallaeroporto-di-hurghada-ai-resort-di-makadi-bay\/#primaryimage\",\"url\":\"https:\/\/egytourpackages.com\/wp-content\/uploads\/2025\/11\/Private-Transfer-from-Hurghada-Airport-to-Makadi-Bay-Hotels.jpeg\",\"contentUrl\":\"https:\/\/egytourpackages.com\/wp-content\/uploads\/2025\/11\/Private-Transfer-from-Hurghada-Airport-to-Makadi-Bay-Hotels.jpeg\",\"width\":1600,\"height\":1200,\"caption\":\"Trasferimento Privato dall'Aeroporto di Hurghada ai Resort di Makadi Bay\"},{\"@type\":\"BreadcrumbList\",\"@id\":\"https:\/\/egytourpackages.com\/it\/tour\/trasferimento-privato-dallaeroporto-di-hurghada-ai-resort-di-makadi-bay\/#breadcrumb\",\"itemListElement\":[{\"@type\":\"ListItem\",\"position\":1,\"name\":\"Home\",\"item\":\"https:\/\/egytourpackages.com\/it\/\"},{\"@type\":\"ListItem\",\"position\":2,\"name\":\"Negozio\",\"item\":\"https:\/\/egytourpackages.com\/it\/negozio\/\"},{\"@type\":\"ListItem\",\"position\":3,\"name\":\"Trasferimento Privato dall&#8217;Aeroporto di Hurghada ai Resort di Makadi Bay\"}]},{\"@type\":\"WebSite\",\"@id\":\"https:\/\/egytourpackages.com\/it\/#website\",\"url\":\"https:\/\/egytourpackages.com\/it\/\",\"name\":\"Egy tour packages\",\"description\":\"\",\"publisher\":{\"@id\":\"https:\/\/egytourpackages.com\/it\/#organization\"},\"potentialAction\":[{\"@type\":\"SearchAction\",\"target\":{\"@type\":\"EntryPoint\",\"urlTemplate\":\"https:\/\/egytourpackages.com\/it\/?s={search_term_string}\"},\"query-input\":{\"@type\":\"PropertyValueSpecification\",\"valueRequired\":true,\"valueName\":\"search_term_string\"}}],\"inLanguage\":\"it-IT\"},{\"@type\":[\"Organization\",\"Place\",\"TravelAgency\"],\"@id\":\"https:\/\/egytourpackages.com\/it\/#organization\",\"name\":\"egypt tour packages\",\"alternateName\":\"egypt tour packages\",\"url\":\"https:\/\/egytourpackages.com\/it\/\",\"logo\":{\"@id\":\"https:\/\/egytourpackages.com\/it\/tour\/trasferimento-privato-dallaeroporto-di-hurghada-ai-resort-di-makadi-bay\/#local-main-organization-logo\"},\"image\":{\"@id\":\"https:\/\/egytourpackages.com\/it\/tour\/trasferimento-privato-dallaeroporto-di-hurghada-ai-resort-di-makadi-bay\/#local-main-organization-logo\"},\"sameAs\":[\"https:\/\/www.facebook.com\/egytourpackages\"],\"legalName\":\"Egy tour packages\",\"address\":{\"@id\":\"https:\/\/egytourpackages.com\/it\/tour\/trasferimento-privato-dallaeroporto-di-hurghada-ai-resort-di-makadi-bay\/#local-main-place-address\"},\"telephone\":[\"00201000852186\",\"00201028685533\"],\"contactPoint\":{\"@type\":\"ContactPoint\",\"telephone\":\"00201000852186\"},\"openingHoursSpecification\":[{\"@type\":\"OpeningHoursSpecification\",\"dayOfWeek\":[\"Monday\",\"Tuesday\",\"Wednesday\",\"Thursday\",\"Friday\",\"Saturday\",\"Sunday\"],\"opens\":\"00:00\",\"closes\":\"23:59\"}],\"email\":\"info@egytourpackages.com\",\"areaServed\":\"Cairo, Hurghada, Luxor, Sharm El Sheikh, Marsa Alam, Aswan\",\"priceRange\":\"$\",\"currenciesAccepted\":\"euro\",\"paymentAccepted\":\"Payment links online\"},{\"@type\":\"PostalAddress\",\"@id\":\"https:\/\/egytourpackages.com\/it\/tour\/trasferimento-privato-dallaeroporto-di-hurghada-ai-resort-di-makadi-bay\/#local-main-place-address\",\"streetAddress\":\"Mubarak 8, Al Kawthar District, Hurghada\",\"addressLocality\":\"Hurghada\",\"postalCode\":\"84511\",\"addressRegion\":\"Red Sea\",\"addressCountry\":\"EG\"},{\"@type\":\"ImageObject\",\"inLanguage\":\"it-IT\",\"@id\":\"https:\/\/egytourpackages.com\/it\/tour\/trasferimento-privato-dallaeroporto-di-hurghada-ai-resort-di-makadi-bay\/#local-main-organization-logo\",\"url\":\"https:\/\/egytourpackages.com\/wp-content\/uploads\/2025\/12\/Turquoise-Dahabiya-Nile-Cruise-1.jpeg\",\"contentUrl\":\"https:\/\/egytourpackages.com\/wp-content\/uploads\/2025\/12\/Turquoise-Dahabiya-Nile-Cruise-1.jpeg\",\"width\":1040,\"height\":694,\"caption\":\"egypt tour packages\"}]}<\/script>\n<meta property=\"product:brand\" content=\"Tour giornalieri in Egitto\" \/>\n<meta property=\"product:price:amount\" content=\"25\" \/>\n<meta property=\"product:price:currency\" content=\"EUR\" \/>\n<meta property=\"og:availability\" content=\"instock\" \/>\n<meta property=\"product:availability\" content=\"instock\" \/>\n<meta property=\"product:retailer_item_id\" content=\"AT 04\" \/>\n<meta property=\"product:condition\" content=\"new\" \/>\n<meta name=\"geo.placename\" content=\"Hurghada\" \/>\n<meta name=\"geo.region\" content=\"Egitto\" \/>\n<!-- \/ Yoast SEO Premium plugin. -->","yoast_head_json":{"title":"Trasferimento Privato dall'Aeroporto di Hurghada ai Resort di Makadi Bay","description":"Prenota il tuo Trasferimento Privato dall'Aeroporto di Hurghada ai Resort di Makadi Bay. Servizio VIP, puntuale e sicuro in Egitto. Inizia bene il viaggio!","robots":{"index":"index","follow":"follow","max-snippet":"max-snippet:-1","max-image-preview":"max-image-preview:large","max-video-preview":"max-video-preview:-1"},"canonical":"https:\/\/egytourpackages.com\/it\/tour\/trasferimento-privato-dallaeroporto-di-hurghada-ai-resort-di-makadi-bay\/","og_locale":"it_IT","og_type":"article","og_title":"Trasferimento Privato dall'Aeroporto di Hurghada ai Resort di Makadi Bay","og_description":"Prenota il tuo Trasferimento Privato dall'Aeroporto di Hurghada ai Resort di Makadi Bay. Servizio VIP, puntuale e sicuro in Egitto. Inizia bene il viaggio!","og_url":"https:\/\/egytourpackages.com\/it\/tour\/trasferimento-privato-dallaeroporto-di-hurghada-ai-resort-di-makadi-bay\/","og_site_name":"Pacchetti tour in Egitto","article_publisher":"https:\/\/www.facebook.com\/egytourpackages","article_modified_time":"2026-02-19T21:42:06+00:00","og_image":[{"url":"https:\/\/egytourpackages.com\/wp-content\/uploads\/2025\/11\/Private-Transfer-from-Hurghada-Airport-to-Makadi-Bay-Hotels-1024x768.jpeg","type":"","width":"","height":""}],"twitter_card":"summary_large_image","twitter_title":"Trasferimento Privato dall'Aeroporto di Hurghada ai Resort di Makadi Bay","twitter_misc":{"Prezzo":"&euro;25","Disponibilit\u00e0":"In stock"},"schema":{"@context":"https:\/\/schema.org","@graph":[{"@type":"WebPage","@id":"https:\/\/egytourpackages.com\/it\/tour\/trasferimento-privato-dallaeroporto-di-hurghada-ai-resort-di-makadi-bay\/","url":"https:\/\/egytourpackages.com\/it\/tour\/trasferimento-privato-dallaeroporto-di-hurghada-ai-resort-di-makadi-bay\/","name":"Trasferimento Privato dall'Aeroporto di Hurghada ai Resort di Makadi Bay","isPartOf":{"@id":"https:\/\/egytourpackages.com\/it\/#website"},"primaryImageOfPage":{"@id":"https:\/\/egytourpackages.com\/it\/tour\/trasferimento-privato-dallaeroporto-di-hurghada-ai-resort-di-makadi-bay\/#primaryimage"},"image":{"@id":"https:\/\/egytourpackages.com\/it\/tour\/trasferimento-privato-dallaeroporto-di-hurghada-ai-resort-di-makadi-bay\/#primaryimage"},"thumbnailUrl":"https:\/\/egytourpackages.com\/wp-content\/uploads\/2025\/11\/Private-Transfer-from-Hurghada-Airport-to-Makadi-Bay-Hotels.jpeg","datePublished":"2025-11-14T23:32:22+00:00","dateModified":"2026-02-19T21:42:06+00:00","description":"Prenota il tuo Trasferimento Privato dall'Aeroporto di Hurghada ai Resort di Makadi Bay. Servizio VIP, puntuale e sicuro in Egitto. Inizia bene il viaggio!","breadcrumb":{"@id":"https:\/\/egytourpackages.com\/it\/tour\/trasferimento-privato-dallaeroporto-di-hurghada-ai-resort-di-makadi-bay\/#breadcrumb"},"inLanguage":"it-IT","potentialAction":[{"@type":"ReadAction","target":["https:\/\/egytourpackages.com\/it\/tour\/trasferimento-privato-dallaeroporto-di-hurghada-ai-resort-di-makadi-bay\/"]}]},{"@type":"ImageObject","inLanguage":"it-IT","@id":"https:\/\/egytourpackages.com\/it\/tour\/trasferimento-privato-dallaeroporto-di-hurghada-ai-resort-di-makadi-bay\/#primaryimage","url":"https:\/\/egytourpackages.com\/wp-content\/uploads\/2025\/11\/Private-Transfer-from-Hurghada-Airport-to-Makadi-Bay-Hotels.jpeg","contentUrl":"https:\/\/egytourpackages.com\/wp-content\/uploads\/2025\/11\/Private-Transfer-from-Hurghada-Airport-to-Makadi-Bay-Hotels.jpeg","width":1600,"height":1200,"caption":"Trasferimento Privato dall'Aeroporto di Hurghada ai Resort di Makadi Bay"},{"@type":"BreadcrumbList","@id":"https:\/\/egytourpackages.com\/it\/tour\/trasferimento-privato-dallaeroporto-di-hurghada-ai-resort-di-makadi-bay\/#breadcrumb","itemListElement":[{"@type":"ListItem","position":1,"name":"Home","item":"https:\/\/egytourpackages.com\/it\/"},{"@type":"ListItem","position":2,"name":"Negozio","item":"https:\/\/egytourpackages.com\/it\/negozio\/"},{"@type":"ListItem","position":3,"name":"Trasferimento Privato dall&#8217;Aeroporto di Hurghada ai Resort di Makadi Bay"}]},{"@type":"WebSite","@id":"https:\/\/egytourpackages.com\/it\/#website","url":"https:\/\/egytourpackages.com\/it\/","name":"Egy tour packages","description":"","publisher":{"@id":"https:\/\/egytourpackages.com\/it\/#organization"},"potentialAction":[{"@type":"SearchAction","target":{"@type":"EntryPoint","urlTemplate":"https:\/\/egytourpackages.com\/it\/?s={search_term_string}"},"query-input":{"@type":"PropertyValueSpecification","valueRequired":true,"valueName":"search_term_string"}}],"inLanguage":"it-IT"},{"@type":["Organization","Place","TravelAgency"],"@id":"https:\/\/egytourpackages.com\/it\/#organization","name":"egypt tour packages","alternateName":"egypt tour packages","url":"https:\/\/egytourpackages.com\/it\/","logo":{"@id":"https:\/\/egytourpackages.com\/it\/tour\/trasferimento-privato-dallaeroporto-di-hurghada-ai-resort-di-makadi-bay\/#local-main-organization-logo"},"image":{"@id":"https:\/\/egytourpackages.com\/it\/tour\/trasferimento-privato-dallaeroporto-di-hurghada-ai-resort-di-makadi-bay\/#local-main-organization-logo"},"sameAs":["https:\/\/www.facebook.com\/egytourpackages"],"legalName":"Egy tour packages","address":{"@id":"https:\/\/egytourpackages.com\/it\/tour\/trasferimento-privato-dallaeroporto-di-hurghada-ai-resort-di-makadi-bay\/#local-main-place-address"},"telephone":["00201000852186","00201028685533"],"contactPoint":{"@type":"ContactPoint","telephone":"00201000852186"},"openingHoursSpecification":[{"@type":"OpeningHoursSpecification","dayOfWeek":["Monday","Tuesday","Wednesday","Thursday","Friday","Saturday","Sunday"],"opens":"00:00","closes":"23:59"}],"email":"info@egytourpackages.com","areaServed":"Cairo, Hurghada, Luxor, Sharm El Sheikh, Marsa Alam, Aswan","priceRange":"$","currenciesAccepted":"euro","paymentAccepted":"Payment links online"},{"@type":"PostalAddress","@id":"https:\/\/egytourpackages.com\/it\/tour\/trasferimento-privato-dallaeroporto-di-hurghada-ai-resort-di-makadi-bay\/#local-main-place-address","streetAddress":"Mubarak 8, Al Kawthar District, Hurghada","addressLocality":"Hurghada","postalCode":"84511","addressRegion":"Red Sea","addressCountry":"EG"},{"@type":"ImageObject","inLanguage":"it-IT","@id":"https:\/\/egytourpackages.com\/it\/tour\/trasferimento-privato-dallaeroporto-di-hurghada-ai-resort-di-makadi-bay\/#local-main-organization-logo","url":"https:\/\/egytourpackages.com\/wp-content\/uploads\/2025\/12\/Turquoise-Dahabiya-Nile-Cruise-1.jpeg","contentUrl":"https:\/\/egytourpackages.com\/wp-content\/uploads\/2025\/12\/Turquoise-Dahabiya-Nile-Cruise-1.jpeg","width":1040,"height":694,"caption":"egypt tour packages"}]},"product_brand":"Tour giornalieri in Egitto","product_price_amount":"25","product_price_currency":"EUR","og_availability":"instock","product_availability":"instock","product_retailer_item_id":"AT 04","product_condition":"new","geo.placename":"Hurghada","geo.region":"Egitto"},"_links":{"self":[{"href":"https:\/\/egytourpackages.com\/it\/wp-json\/wp\/v2\/product\/15392","targetHints":{"allow":["GET"]}}],"collection":[{"href":"https:\/\/egytourpackages.com\/it\/wp-json\/wp\/v2\/product"}],"about":[{"href":"https:\/\/egytourpackages.com\/it\/wp-json\/wp\/v2\/types\/product"}],"replies":[{"embeddable":true,"href":"https:\/\/egytourpackages.com\/it\/wp-json\/wp\/v2\/comments?post=15392"}],"wp:featuredmedia":[{"embeddable":true,"href":"https:\/\/egytourpackages.com\/it\/wp-json\/wp\/v2\/media\/9199"}],"wp:attachment":[{"href":"https:\/\/egytourpackages.com\/it\/wp-json\/wp\/v2\/media?parent=15392"}],"wp:term":[{"taxonomy":"product_brand","embeddable":true,"href":"https:\/\/egytourpackages.com\/it\/wp-json\/wp\/v2\/product_brand?post=15392"},{"taxonomy":"product_cat","embeddable":true,"href":"https:\/\/egytourpackages.com\/it\/wp-json\/wp\/v2\/product_cat?post=15392"},{"taxonomy":"product_tag","embeddable":true,"href":"https:\/\/egytourpackages.com\/it\/wp-json\/wp\/v2\/product_tag?post=15392"}],"curies":[{"name":"wp","href":"https:\/\/api.w.org\/{rel}","templated":true}]}}