{"id":16446,"date":"2026-04-13T21:19:24","date_gmt":"2026-04-13T21:19:24","guid":{"rendered":"https:\/\/egytourpackages.com\/product\/monastero-di-san-simeone-con-giro-in-feluca\/"},"modified":"2026-04-26T23:02:14","modified_gmt":"2026-04-26T23:02:14","slug":"monastero-di-san-simeone-con-giro-in-feluca","status":"publish","type":"product","link":"https:\/\/egytourpackages.com\/it\/tour\/monastero-di-san-simeone-con-giro-in-feluca\/","title":{"rendered":"Monastero di San Simeone con giro in Feluca"},"content":{"rendered":"<p><span style=\"color: #ff6600;\"><strong>Monastero di San Simeone con giro in Feluca e bagno nel Nilo<\/strong><\/span><\/p>\n<p>Il tour <strong>Monastero di San Simeone con giro in Feluca<\/strong> inizia con il <strong>prelievo dal vostro hotel ad Assuan<\/strong> o dalla vostra <strong>nave da crociera sul Nilo<\/strong> fino al molo.<\/p>\n<p>Navigherete dalla riva est del Nilo alla <strong>riva ovest<\/strong>. In alternativa, potrete recarvi al molo dove verranno organizzati i <strong>cammelli<\/strong> per raggiungere il Monastero di San Simeone.<\/p>\n<p>Faremo un <strong>giro in Feluca<\/strong> di 15 minuti fino al molo. Successivamente, inizieremo la nostra <strong>avventura a dorso di cammello<\/strong> verso il <strong>Monastero di San Simeone<\/strong> nel massimo silenzio e tra splendidi <strong>paesaggi desertici<\/strong>.<\/p>\n<p>Il tour impiega circa 30 minuti per raggiungere il monastero. In seguito, la vostra guida vi mostrer\u00e0 come il Monastero di San Simeone sia uno dei pi\u00f9 grandi <strong>monasteri copti<\/strong> in Egitto.<\/p>\n<p>Risale al VI o VII secolo e si trova di fronte alla punta meridionale dell&#8217;<strong>Isola Elefantina<\/strong>.<\/p>\n<p>Vedrete con la vostra guida che la maggior parte degli edifici principali sono ancora in <strong>buono stato di conservazione<\/strong>.<\/p>\n<p>Questi includono le torri, la <strong>chiesa a cupola<\/strong> e alcune scene copte, come affreschi accanto alle principali aree funzionali al secondo livello.<\/p>\n<p>Ad esempio, vedrete la cucina, la zona refettorio, la lavanderia e i dormitori.<\/p>\n<p>Al termine della visita al Monastero di San Simeone, vi godrete un <strong>giro in cammello<\/strong> per tornare alla feluca, che navigher\u00e0 verso un luogo incantevole dove potrete <strong>nuotare nel Nilo<\/strong>.<\/p>\n<p>Quindi, la <strong>Feluca sul Nilo<\/strong> torner\u00e0 nel punto pi\u00f9 vicino alla vostra nave da crociera, oppure rientrerete in hotel se soggiornate in citt\u00e0.<\/p>\n<h3><span style=\"color: #ff6600;\">Dettagli del Tour<\/span><\/h3>\n<ul>\n<li>Durata: 1\/2 Giorno<\/li>\n<li>Luogo del Tour: Riva Ovest di Assuan<\/li>\n<li>Disponibilit\u00e0 del Tour: Ogni giorno<\/li>\n<li>Ritiro e Riconsegna: Il vostro hotel ad Assuan \/ Crociera sul Nilo<\/li>\n<li>Tipo di Tour: Privato<\/li>\n<li>Lingua: Italiano<\/li>\n<li>Sedia a rotelle: Accessibile<\/li>\n<\/ul>\n<h3><span style=\"color: #ff6600;\">Punti Salienti del Tour<\/span><\/h3>\n<ul>\n<li>Monastero di San Simeone<\/li>\n<li>Giro in Feluca<\/li>\n<li>Nuotare nel Nilo<\/li>\n<\/ul>\n<h3><span style=\"color: #ff6600;\">Inclusioni<\/span><\/h3>\n<ul>\n<li>Tutti i trasferimenti con un veicolo moderno climatizzato.<\/li>\n<li>Guida esperta.<\/li>\n<li>Biglietto d&#8217;ingresso per tutte le visite sopra menzionate.<\/li>\n<li>Tutti i servizi e le tasse inclusi.<\/li>\n<li>Giro in cammello.<\/li>\n<\/ul>\n<h3><span style=\"color: #ff6600;\">Esclusioni<\/span><\/h3>\n<ul>\n<li>Spese personali e attivit\u00e0 opzionali.<\/li>\n<li>Mance.<\/li>\n<li>Qualsiasi voce non sopra elencata.<\/li>\n<\/ul>\n<h3><span style=\"color: #ff6600;\">Cosa portare con s\u00e9?<\/span><\/h3>\n<ul>\n<li>Occhiali da sole\/Cappello\/Protezione solare.<\/li>\n<li>Acqua.<\/li>\n<li>Fotocamera o videocamera.<\/li>\n<li>Sciarpa.<\/li>\n<li>Scarpe e vestiti comodi.<\/li>\n<\/ul>\n<h3><span style=\"color: #ff6600;\">Prezzo Monastero di San Simeone con giro in Feluca<\/span><\/h3>\n<ul>\n<li>Prezzo Adulti = 60 \u20ac<\/li>\n<li>Bambini 0-5 anni = gratis<\/li>\n<li>Bambini 5-11 anni = 50% del prezzo adulti<\/li>\n<\/ul>\n<h3><span style=\"color: #ff6600;\">Prenotazione<\/span><\/h3>\n<p>Potete prenotare il tour tramite <strong>WhatsApp<\/strong> o inviandoci un&#8217;e-mail; riceverete la <strong>conferma immediata<\/strong>.<\/p>\n<p>Vi preghiamo di inviarci il nome dell&#8217;hotel, il numero della camera e le copie del passaporto.<\/p>\n<p>WhatsApp: +20 1000852186<\/p>\n<p>info@egytourpackages.com<\/p>\n<h3><span style=\"color: #ff6600;\">Prenota ora e paga sul posto <\/span><\/h3>\n<p>Prenota il tuo tour preferito e paga il giorno del viaggio.<\/p>\n<h3><span style=\"color: #ff6600;\">Pagamento <\/span><\/h3>\n<p>Puoi pagare in sterline egiziane, $, \u20ac o \u00a3.<\/p>\n<h3><span style=\"color: #ff6600;\">Politica di Cancellazione<\/span><\/h3>\n<ul>\n<li>La cancellazione \u00e8 gratuita fino a 24 ore prima.<\/li>\n<li>La cancellazione effettuata la mattina stessa prevede una penale del 50%.<\/li>\n<\/ul>\n","protected":false},"excerpt":{"rendered":"<p>Scopri il <b data-path-to-node=\"0\" data-index-in-node=\"10\">Monastero di San Simeone con giro in Feluca<\/b>. Esplora la storia nubiana ad Assuan, naviga sul Nilo e goditi un bagno rinfrescante. Prenota subito!<\/p>\n","protected":false},"featured_media":16078,"comment_status":"closed","ping_status":"closed","template":"","meta":[],"product_brand":[],"product_cat":[1910],"product_tag":[4565,1914],"class_list":{"0":"post-16446","1":"product","2":"type-product","3":"status-publish","4":"has-post-thumbnail","6":"product_cat-tour","7":"product_tag-escursioni-giornaliere-da-assuan","8":"product_tag-tour-giornalieri-in-egitto","9":"tour_category-escursioni-giornaliere-ad-assuan","10":"tour_category-tour-giornalieri-in-egitto-it","12":"first","13":"instock","14":"sale","15":"shipping-taxable","16":"purchasable","17":"product-type-tour","18":"has-default-attributes"},"yoast_head":"<!-- This site is optimized with the Yoast SEO Premium plugin v27.5 (Yoast SEO v27.5) - https:\/\/yoast.com\/product\/yoast-seo-premium-wordpress\/ -->\n<title>Monastero di San Simeone con giro in Feluca<\/title>\n<meta name=\"description\" content=\"Scopri il Monastero di San Simeone con giro in Feluca. Esplora la storia nubiana ad Assuan, naviga sul Nilo e goditi un bagno rinfrescante. Prenota subito!\" \/>\n<meta name=\"robots\" content=\"index, follow, max-snippet:-1, max-image-preview:large, max-video-preview:-1\" \/>\n<link rel=\"canonical\" href=\"https:\/\/egytourpackages.com\/it\/tour\/monastero-di-san-simeone-con-giro-in-feluca\/\" \/>\n<meta property=\"og:locale\" content=\"it_IT\" \/>\n<meta property=\"og:type\" content=\"article\" \/>\n<meta property=\"og:title\" content=\"Monastero di San Simeone con giro in Feluca\" \/>\n<meta property=\"og:description\" content=\"Scopri il Monastero di San Simeone con giro in Feluca. Esplora la storia nubiana ad Assuan, naviga sul Nilo e goditi un bagno rinfrescante. Prenota subito!\" \/>\n<meta property=\"og:url\" content=\"https:\/\/egytourpackages.com\/it\/tour\/monastero-di-san-simeone-con-giro-in-feluca\/\" \/>\n<meta property=\"og:site_name\" content=\"Pacchetti tour in Egitto\" \/>\n<meta property=\"article:publisher\" content=\"https:\/\/www.facebook.com\/egytourpackages\" \/>\n<meta property=\"article:modified_time\" content=\"2026-04-26T23:02:14+00:00\" \/>\n<meta property=\"og:image\" content=\"https:\/\/egytourpackages.com\/wp-content\/uploads\/2026\/04\/Monastery-of-St-Simeon.jpg\" \/>\n\t<meta property=\"og:image:width\" content=\"1150\" \/>\n\t<meta property=\"og:image:height\" content=\"603\" \/>\n\t<meta property=\"og:image:type\" content=\"image\/jpeg\" \/>\n<meta name=\"twitter:card\" content=\"summary_large_image\" \/>\n<meta name=\"twitter:title\" content=\"Monastero di San Simeone con giro in Feluca\" \/>\n<meta name=\"twitter:label1\" content=\"Prezzo\" \/>\n\t<meta name=\"twitter:data1\" content=\"&euro;0\" \/>\n\t<meta name=\"twitter:label2\" content=\"Disponibilit\u00e0\" \/>\n\t<meta name=\"twitter:data2\" content=\"In stock\" \/>\n<script type=\"application\/ld+json\" class=\"yoast-schema-graph\">{\"@context\":\"https:\\\/\\\/schema.org\",\"@graph\":[{\"@type\":\"WebPage\",\"@id\":\"https:\\\/\\\/egytourpackages.com\\\/it\\\/tour\\\/monastero-di-san-simeone-con-giro-in-feluca\\\/\",\"url\":\"https:\\\/\\\/egytourpackages.com\\\/it\\\/tour\\\/monastero-di-san-simeone-con-giro-in-feluca\\\/\",\"name\":\"Monastero di San Simeone con giro in Feluca\",\"isPartOf\":{\"@id\":\"https:\\\/\\\/egytourpackages.com\\\/it\\\/#website\"},\"primaryImageOfPage\":{\"@id\":\"https:\\\/\\\/egytourpackages.com\\\/it\\\/tour\\\/monastero-di-san-simeone-con-giro-in-feluca\\\/#primaryimage\"},\"image\":{\"@id\":\"https:\\\/\\\/egytourpackages.com\\\/it\\\/tour\\\/monastero-di-san-simeone-con-giro-in-feluca\\\/#primaryimage\"},\"thumbnailUrl\":\"https:\\\/\\\/egytourpackages.com\\\/wp-content\\\/uploads\\\/2026\\\/04\\\/Monastery-of-St-Simeon.jpg\",\"datePublished\":\"2026-04-13T21:19:24+00:00\",\"dateModified\":\"2026-04-26T23:02:14+00:00\",\"description\":\"Scopri il Monastero di San Simeone con giro in Feluca. Esplora la storia nubiana ad Assuan, naviga sul Nilo e goditi un bagno rinfrescante. Prenota subito!\",\"breadcrumb\":{\"@id\":\"https:\\\/\\\/egytourpackages.com\\\/it\\\/tour\\\/monastero-di-san-simeone-con-giro-in-feluca\\\/#breadcrumb\"},\"inLanguage\":\"it-IT\",\"potentialAction\":[{\"@type\":\"ReadAction\",\"target\":[\"https:\\\/\\\/egytourpackages.com\\\/it\\\/tour\\\/monastero-di-san-simeone-con-giro-in-feluca\\\/\"]}]},{\"@type\":\"ImageObject\",\"inLanguage\":\"it-IT\",\"@id\":\"https:\\\/\\\/egytourpackages.com\\\/it\\\/tour\\\/monastero-di-san-simeone-con-giro-in-feluca\\\/#primaryimage\",\"url\":\"https:\\\/\\\/egytourpackages.com\\\/wp-content\\\/uploads\\\/2026\\\/04\\\/Monastery-of-St-Simeon.jpg\",\"contentUrl\":\"https:\\\/\\\/egytourpackages.com\\\/wp-content\\\/uploads\\\/2026\\\/04\\\/Monastery-of-St-Simeon.jpg\",\"width\":1150,\"height\":603,\"caption\":\"Monastero di San Simeone con giro in Feluca\"},{\"@type\":\"BreadcrumbList\",\"@id\":\"https:\\\/\\\/egytourpackages.com\\\/it\\\/tour\\\/monastero-di-san-simeone-con-giro-in-feluca\\\/#breadcrumb\",\"itemListElement\":[{\"@type\":\"ListItem\",\"position\":1,\"name\":\"Home\",\"item\":\"https:\\\/\\\/egytourpackages.com\\\/it\\\/\"},{\"@type\":\"ListItem\",\"position\":2,\"name\":\"Negozio\",\"item\":\"https:\\\/\\\/egytourpackages.com\\\/it\\\/negozio\\\/\"},{\"@type\":\"ListItem\",\"position\":3,\"name\":\"Monastero di San Simeone con giro in Feluca\"}]},{\"@type\":\"WebSite\",\"@id\":\"https:\\\/\\\/egytourpackages.com\\\/it\\\/#website\",\"url\":\"https:\\\/\\\/egytourpackages.com\\\/it\\\/\",\"name\":\"Egy tour packages\",\"description\":\"\",\"publisher\":{\"@id\":\"https:\\\/\\\/egytourpackages.com\\\/it\\\/#organization\"},\"potentialAction\":[{\"@type\":\"SearchAction\",\"target\":{\"@type\":\"EntryPoint\",\"urlTemplate\":\"https:\\\/\\\/egytourpackages.com\\\/it\\\/?s={search_term_string}\"},\"query-input\":{\"@type\":\"PropertyValueSpecification\",\"valueRequired\":true,\"valueName\":\"search_term_string\"}}],\"inLanguage\":\"it-IT\"},{\"@type\":[\"Organization\",\"Place\",\"TravelAgency\"],\"@id\":\"https:\\\/\\\/egytourpackages.com\\\/it\\\/#organization\",\"name\":\"egypt tour packages\",\"alternateName\":\"egypt tour packages\",\"url\":\"https:\\\/\\\/egytourpackages.com\\\/it\\\/\",\"logo\":{\"@id\":\"https:\\\/\\\/egytourpackages.com\\\/it\\\/tour\\\/monastero-di-san-simeone-con-giro-in-feluca\\\/#local-main-organization-logo\"},\"image\":{\"@id\":\"https:\\\/\\\/egytourpackages.com\\\/it\\\/tour\\\/monastero-di-san-simeone-con-giro-in-feluca\\\/#local-main-organization-logo\"},\"sameAs\":[\"https:\\\/\\\/www.facebook.com\\\/egytourpackages\"],\"legalName\":\"Egy tour packages\",\"address\":{\"@id\":\"https:\\\/\\\/egytourpackages.com\\\/it\\\/tour\\\/monastero-di-san-simeone-con-giro-in-feluca\\\/#local-main-place-address\"},\"telephone\":[\"00201000852186\",\"00201028685533\"],\"contactPoint\":{\"@type\":\"ContactPoint\",\"telephone\":\"00201000852186\"},\"openingHoursSpecification\":[{\"@type\":\"OpeningHoursSpecification\",\"dayOfWeek\":[\"Monday\",\"Tuesday\",\"Wednesday\",\"Thursday\",\"Friday\",\"Saturday\",\"Sunday\"],\"opens\":\"00:00\",\"closes\":\"23:59\"}],\"email\":\"info@egytourpackages.com\",\"areaServed\":\"Cairo, Hurghada, Luxor, Sharm El Sheikh, Marsa Alam, Aswan\",\"priceRange\":\"$\",\"currenciesAccepted\":\"euro\",\"paymentAccepted\":\"Payment links online\"},{\"@type\":\"PostalAddress\",\"@id\":\"https:\\\/\\\/egytourpackages.com\\\/it\\\/tour\\\/monastero-di-san-simeone-con-giro-in-feluca\\\/#local-main-place-address\",\"streetAddress\":\"Mubarak 8, Al Kawthar District, Hurghada\",\"addressLocality\":\"Hurghada\",\"postalCode\":\"84511\",\"addressRegion\":\"Red Sea\",\"addressCountry\":\"EG\"},{\"@type\":\"ImageObject\",\"inLanguage\":\"it-IT\",\"@id\":\"https:\\\/\\\/egytourpackages.com\\\/it\\\/tour\\\/monastero-di-san-simeone-con-giro-in-feluca\\\/#local-main-organization-logo\",\"url\":\"https:\\\/\\\/egytourpackages.com\\\/wp-content\\\/uploads\\\/2025\\\/12\\\/Turquoise-Dahabiya-Nile-Cruise-1.jpeg\",\"contentUrl\":\"https:\\\/\\\/egytourpackages.com\\\/wp-content\\\/uploads\\\/2025\\\/12\\\/Turquoise-Dahabiya-Nile-Cruise-1.jpeg\",\"width\":1040,\"height\":694,\"caption\":\"egypt tour packages\"}]}<\/script>\n<meta property=\"product:brand\" content=\"Escursioni giornaliere ad Assuan\" \/>\n<meta property=\"product:price:amount\" content=\"0\" \/>\n<meta property=\"product:price:currency\" content=\"EUR\" \/>\n<meta property=\"og:availability\" content=\"instock\" \/>\n<meta property=\"product:availability\" content=\"instock\" \/>\n<meta property=\"product:retailer_item_id\" content=\"DTFA 01\" \/>\n<meta property=\"product:condition\" content=\"new\" \/>\n<meta name=\"geo.placename\" content=\"Hurghada\" \/>\n<meta name=\"geo.region\" content=\"Egitto\" \/>\n<!-- \/ Yoast SEO Premium plugin. -->","yoast_head_json":{"title":"Monastero di San Simeone con giro in Feluca","description":"Scopri il Monastero di San Simeone con giro in Feluca. Esplora la storia nubiana ad Assuan, naviga sul Nilo e goditi un bagno rinfrescante. Prenota subito!","robots":{"index":"index","follow":"follow","max-snippet":"max-snippet:-1","max-image-preview":"max-image-preview:large","max-video-preview":"max-video-preview:-1"},"canonical":"https:\/\/egytourpackages.com\/it\/tour\/monastero-di-san-simeone-con-giro-in-feluca\/","og_locale":"it_IT","og_type":"article","og_title":"Monastero di San Simeone con giro in Feluca","og_description":"Scopri il Monastero di San Simeone con giro in Feluca. Esplora la storia nubiana ad Assuan, naviga sul Nilo e goditi un bagno rinfrescante. Prenota subito!","og_url":"https:\/\/egytourpackages.com\/it\/tour\/monastero-di-san-simeone-con-giro-in-feluca\/","og_site_name":"Pacchetti tour in Egitto","article_publisher":"https:\/\/www.facebook.com\/egytourpackages","article_modified_time":"2026-04-26T23:02:14+00:00","og_image":[{"width":1150,"height":603,"url":"https:\/\/egytourpackages.com\/wp-content\/uploads\/2026\/04\/Monastery-of-St-Simeon.jpg","type":"image\/jpeg"}],"twitter_card":"summary_large_image","twitter_title":"Monastero di San Simeone con giro in Feluca","twitter_misc":{"Prezzo":"&euro;0","Disponibilit\u00e0":"In stock"},"schema":{"@context":"https:\/\/schema.org","@graph":[{"@type":"WebPage","@id":"https:\/\/egytourpackages.com\/it\/tour\/monastero-di-san-simeone-con-giro-in-feluca\/","url":"https:\/\/egytourpackages.com\/it\/tour\/monastero-di-san-simeone-con-giro-in-feluca\/","name":"Monastero di San Simeone con giro in Feluca","isPartOf":{"@id":"https:\/\/egytourpackages.com\/it\/#website"},"primaryImageOfPage":{"@id":"https:\/\/egytourpackages.com\/it\/tour\/monastero-di-san-simeone-con-giro-in-feluca\/#primaryimage"},"image":{"@id":"https:\/\/egytourpackages.com\/it\/tour\/monastero-di-san-simeone-con-giro-in-feluca\/#primaryimage"},"thumbnailUrl":"https:\/\/egytourpackages.com\/wp-content\/uploads\/2026\/04\/Monastery-of-St-Simeon.jpg","datePublished":"2026-04-13T21:19:24+00:00","dateModified":"2026-04-26T23:02:14+00:00","description":"Scopri il Monastero di San Simeone con giro in Feluca. Esplora la storia nubiana ad Assuan, naviga sul Nilo e goditi un bagno rinfrescante. Prenota subito!","breadcrumb":{"@id":"https:\/\/egytourpackages.com\/it\/tour\/monastero-di-san-simeone-con-giro-in-feluca\/#breadcrumb"},"inLanguage":"it-IT","potentialAction":[{"@type":"ReadAction","target":["https:\/\/egytourpackages.com\/it\/tour\/monastero-di-san-simeone-con-giro-in-feluca\/"]}]},{"@type":"ImageObject","inLanguage":"it-IT","@id":"https:\/\/egytourpackages.com\/it\/tour\/monastero-di-san-simeone-con-giro-in-feluca\/#primaryimage","url":"https:\/\/egytourpackages.com\/wp-content\/uploads\/2026\/04\/Monastery-of-St-Simeon.jpg","contentUrl":"https:\/\/egytourpackages.com\/wp-content\/uploads\/2026\/04\/Monastery-of-St-Simeon.jpg","width":1150,"height":603,"caption":"Monastero di San Simeone con giro in Feluca"},{"@type":"BreadcrumbList","@id":"https:\/\/egytourpackages.com\/it\/tour\/monastero-di-san-simeone-con-giro-in-feluca\/#breadcrumb","itemListElement":[{"@type":"ListItem","position":1,"name":"Home","item":"https:\/\/egytourpackages.com\/it\/"},{"@type":"ListItem","position":2,"name":"Negozio","item":"https:\/\/egytourpackages.com\/it\/negozio\/"},{"@type":"ListItem","position":3,"name":"Monastero di San Simeone con giro in Feluca"}]},{"@type":"WebSite","@id":"https:\/\/egytourpackages.com\/it\/#website","url":"https:\/\/egytourpackages.com\/it\/","name":"Egy tour packages","description":"","publisher":{"@id":"https:\/\/egytourpackages.com\/it\/#organization"},"potentialAction":[{"@type":"SearchAction","target":{"@type":"EntryPoint","urlTemplate":"https:\/\/egytourpackages.com\/it\/?s={search_term_string}"},"query-input":{"@type":"PropertyValueSpecification","valueRequired":true,"valueName":"search_term_string"}}],"inLanguage":"it-IT"},{"@type":["Organization","Place","TravelAgency"],"@id":"https:\/\/egytourpackages.com\/it\/#organization","name":"egypt tour packages","alternateName":"egypt tour packages","url":"https:\/\/egytourpackages.com\/it\/","logo":{"@id":"https:\/\/egytourpackages.com\/it\/tour\/monastero-di-san-simeone-con-giro-in-feluca\/#local-main-organization-logo"},"image":{"@id":"https:\/\/egytourpackages.com\/it\/tour\/monastero-di-san-simeone-con-giro-in-feluca\/#local-main-organization-logo"},"sameAs":["https:\/\/www.facebook.com\/egytourpackages"],"legalName":"Egy tour packages","address":{"@id":"https:\/\/egytourpackages.com\/it\/tour\/monastero-di-san-simeone-con-giro-in-feluca\/#local-main-place-address"},"telephone":["00201000852186","00201028685533"],"contactPoint":{"@type":"ContactPoint","telephone":"00201000852186"},"openingHoursSpecification":[{"@type":"OpeningHoursSpecification","dayOfWeek":["Monday","Tuesday","Wednesday","Thursday","Friday","Saturday","Sunday"],"opens":"00:00","closes":"23:59"}],"email":"info@egytourpackages.com","areaServed":"Cairo, Hurghada, Luxor, Sharm El Sheikh, Marsa Alam, Aswan","priceRange":"$","currenciesAccepted":"euro","paymentAccepted":"Payment links online"},{"@type":"PostalAddress","@id":"https:\/\/egytourpackages.com\/it\/tour\/monastero-di-san-simeone-con-giro-in-feluca\/#local-main-place-address","streetAddress":"Mubarak 8, Al Kawthar District, Hurghada","addressLocality":"Hurghada","postalCode":"84511","addressRegion":"Red Sea","addressCountry":"EG"},{"@type":"ImageObject","inLanguage":"it-IT","@id":"https:\/\/egytourpackages.com\/it\/tour\/monastero-di-san-simeone-con-giro-in-feluca\/#local-main-organization-logo","url":"https:\/\/egytourpackages.com\/wp-content\/uploads\/2025\/12\/Turquoise-Dahabiya-Nile-Cruise-1.jpeg","contentUrl":"https:\/\/egytourpackages.com\/wp-content\/uploads\/2025\/12\/Turquoise-Dahabiya-Nile-Cruise-1.jpeg","width":1040,"height":694,"caption":"egypt tour packages"}]},"product_brand":"Escursioni giornaliere ad Assuan","product_price_currency":"EUR","og_availability":"instock","product_availability":"instock","product_retailer_item_id":"DTFA 01","product_condition":"new","geo.placename":"Hurghada","geo.region":"Egitto"},"_links":{"self":[{"href":"https:\/\/egytourpackages.com\/it\/wp-json\/wp\/v2\/product\/16446","targetHints":{"allow":["GET"]}}],"collection":[{"href":"https:\/\/egytourpackages.com\/it\/wp-json\/wp\/v2\/product"}],"about":[{"href":"https:\/\/egytourpackages.com\/it\/wp-json\/wp\/v2\/types\/product"}],"replies":[{"embeddable":true,"href":"https:\/\/egytourpackages.com\/it\/wp-json\/wp\/v2\/comments?post=16446"}],"wp:featuredmedia":[{"embeddable":true,"href":"https:\/\/egytourpackages.com\/it\/wp-json\/wp\/v2\/media\/16078"}],"wp:attachment":[{"href":"https:\/\/egytourpackages.com\/it\/wp-json\/wp\/v2\/media?parent=16446"}],"wp:term":[{"taxonomy":"product_brand","embeddable":true,"href":"https:\/\/egytourpackages.com\/it\/wp-json\/wp\/v2\/product_brand?post=16446"},{"taxonomy":"product_cat","embeddable":true,"href":"https:\/\/egytourpackages.com\/it\/wp-json\/wp\/v2\/product_cat?post=16446"},{"taxonomy":"product_tag","embeddable":true,"href":"https:\/\/egytourpackages.com\/it\/wp-json\/wp\/v2\/product_tag?post=16446"}],"curies":[{"name":"wp","href":"https:\/\/api.w.org\/{rel}","templated":true}]}}