{"id":4055,"date":"2025-05-22T12:48:18","date_gmt":"2025-05-22T12:48:18","guid":{"rendered":"https:\/\/egytourpackages.com\/product\/gran-museo-egizio-da-soma-bay-in-aereo\/"},"modified":"2026-01-04T20:09:39","modified_gmt":"2026-01-04T20:09:39","slug":"gran-museo-egizio-da-soma-bay-in-aereo","status":"publish","type":"product","link":"https:\/\/egytourpackages.com\/it\/tour\/gran-museo-egizio-da-soma-bay-in-aereo\/","title":{"rendered":"Gran Museo Egizio da Soma Bay in Aereo"},"content":{"rendered":"<p><span style=\"color: #ff6600;\"><strong>Gran Museo Egizio da Soma Bay in Aereo<\/strong><\/span><\/p>\n<p>Gita di un giorno privata al Cairo da Soma Bay | Miglior Gran Museo Egizio da Soma Bay | <a href=\"https:\/\/egytourpackages.com\/it\/categoria%20di%20tour\/escursioni-soma-bay\/\">Escursioni Soma Bay<\/a> | Attrazioni turistiche del Cairo come Piramidi di Giza, Grande Sfinge, Tesori di <strong>Tutankhamon<\/strong>, Obelisco Sospeso, <strong>Khan El Khalili<\/strong><\/p>\n<h3>Panoramica<\/h3>\n<p>Il tour di un giorno &#8220;<strong>Gran Museo Egizio da Soma Bay in Aereo<\/strong>&#8221; offre un&#8217;esperienza incredibile attraverso la storia antica, i luoghi iconici e la vibrante cultura dell&#8217;Egitto. <strong>Egy tour packages<\/strong> includono tre delle attrazioni pi\u00f9 significative dell&#8217;Egitto: il <strong>Gran Museo Egizio<\/strong> (GEM), le <strong>Piramidi di Giza<\/strong> e il bazar di <strong>Khan El Khalili<\/strong> nei tour in Egitto. Inoltre, avrai la possibilit\u00e0 di ammirare i Tesori di <strong>Tutankhamon<\/strong> per la prima volta in un unico luogo e la <strong>Barca Solare<\/strong> al Gran Museo Egizio.<\/p>\n<h3>Dettagli del Tour<\/h3>\n<p><strong>Durata:<\/strong> 18 ore<\/p>\n<p><strong>Localit\u00e0 del Tour:<\/strong> Giza \u2013 Il Cairo<\/p>\n<p><strong>Disponibilit\u00e0 del Tour:<\/strong> Tutti i giorni<\/p>\n<p><strong>Ritiro e rientro:<\/strong> Dal tuo hotel a Soma Bay<\/p>\n<p><strong>Tipo di Tour:<\/strong> Privato<\/p>\n<p><strong>Adatto per:<\/strong> Coppie, Famiglie, Anziani<\/p>\n<p><strong>Sedia a rotelle:<\/strong> Accessibile<\/p>\n<h3>Punti Salienti del Tour<\/h3>\n<ul>\n<li>Gran Museo Egizio (GEM)<\/li>\n<li>Piramidi di Giza<\/li>\n<li>La Grande Sfinge<\/li>\n<li>Tempio della Valle<\/li>\n<li>Bazar di Khan El Khalili<\/li>\n<\/ul>\n<h3>Inclusi<\/h3>\n<ul>\n<li>Biglietti aerei da Hurghada al Cairo<\/li>\n<li>Biglietti aerei dal Cairo a Hurghada<\/li>\n<li>Trasferimento andata e ritorno con veicolo con A\/C<\/li>\n<li>Biglietti d&#8217;ingresso per tutte le attrazioni del programma del Cairo<\/li>\n<li>Guida turistica egittologa<\/li>\n<li>Pranzo<\/li>\n<li>Acqua durante il tour<\/li>\n<\/ul>\n<h3>Esclusi<\/h3>\n<ul>\n<li>Bevande durante il pranzo<\/li>\n<li>Biglietto d&#8217;ingresso per la Piramide di Cheope 40 \u2217Bigliettod\u2032ingressoperlaPiramidediChefren7.5<\/li>\n<li>Mance<\/li>\n<\/ul>\n<h3>Cosa mettere in valigia<\/h3>\n<ul>\n<li>Scarpe e vestiti comodi, soprattutto in estate<\/li>\n<li>Vestiti pesanti in inverno<\/li>\n<li>Occhiali da sole, cappello o sciarpa<\/li>\n<li>Crema solare in estate<\/li>\n<\/ul>\n<h2>Itinerario<\/h2>\n<p>Partenza anticipata per l&#8217;aeroporto di Hurghada per volare al Cairo. All&#8217;arrivo, la tua guida ti aspetter\u00e0 di fronte alla sala arrivi dell&#8217;aeroporto del Cairo per iniziare le attrazioni dell&#8217;Egitto.<\/p>\n<h3>Gran Museo Egizio (GEM)<\/h3>\n<p>Questo tour \u00e8 progettato principalmente per dedicare il maggior tempo possibile al Gran Museo Egizio. Pertanto, il tour delle Piramidi durer\u00e0 circa due ore e il resto al Gran Museo Egizio, incluso il pranzo. Il tour inizia ancor prima di entrare nel GEM, poich\u00e9 ti troverai faccia a faccia con il primo e unico <strong>Obelisco Sospeso<\/strong> al mondo. Inoltre, il cartiglio con il nome del Re<strong> Ramsete II<\/strong> pu\u00f2 essere visto sulla base dell&#8217;Obelisco. Proseguendo verso la facciata del Museo GEM, vedrai i cartigli dei costruttori delle Piramidi come <strong>Cheope<\/strong>, <strong>Chefren<\/strong> e <strong>Micerino<\/strong>.<\/p>\n<p>Anche Snefru e i Faraoni del Nuovo Regno. Una volta entrato nel Museo, il <strong>Grande Ramsete<\/strong> ti dar\u00e0 il benvenuto e poi inizierai la Grande Scalinata dove scoprirai il significato del suo design. Partendo dalla Regalit\u00e0 con alcune enormi statue dei famosi re dell&#8217;Antico, Medio e Nuovo Regno. Poi, scoprirai la missione del re nella vita, dalla costruzione di templi agli dei, all&#8217;adorazione degli dei che lo aiutano a mantenere l&#8217;armonia e a proteggere il paese. Dopo di che, alla sua morte sar\u00e0 mummificato e poi sepolto in un sarcofago prima di essere messo all&#8217;interno della Piramide. Da l\u00ec, la sua anima continuer\u00e0 il viaggio verso il cielo per stare con le anime buone nel lato Nord.<\/p>\n<h3>Pranzo al GEM<\/h3>\n<p>Goditi un pranzo di qualit\u00e0 al ristorante Zooba all&#8217;interno del Gran Museo Egizio.<\/p>\n<h3>Gallerie del GEM<\/h3>\n<p>Dopo pranzo, completerai il tuo tour con la guida per ammirare il resto del Museo. Infatti, le gallerie parlano di tre diversi argomenti dall&#8217;era preistorica fino all&#8217;era greco-romana. Impara ed esplora la regalit\u00e0, la societ\u00e0 e la religione antiche in un ordine molto ben strutturato. Alla fine del tour, procederai alla prossima fermata GEM, Giza.<\/p>\n<h3>Complesso delle Piramidi di Giza<\/h3>\n<p>Ora \u00e8 il momento di ammirare le uniche meraviglie ancora esistenti sull&#8217;altopiano di Giza e, secondo il nuovo sistema, prenderai il bus navetta dal nuovo ingresso per effettuare la visita come segue:<\/p>\n<h3>Piramide di Cheope<\/h3>\n<p>La Grande Piramide di Cheope \u00e8 la pi\u00f9 antica e la pi\u00f9 grande della zona e conta circa 2,3 milioni di blocchi tra le tre e le quindici tonnellate. Oltre alla parte storica, cercheremo di spiegare gli aggiornamenti e le nuove scoperte nell&#8217;area. Inoltre, ti daremo un&#8217;idea del potere curativo delle Piramidi e di come sono state progettate per metterti nelle onde cerebrali Theta che si verificano a una frequenza di 4-8 Hz, associate a profondo relax, creativit\u00e0 e intuizione. Successivamente, potrai entrare gratuitamente in una delle piccole piramidi prima di passare tra le tombe dei costruttori di piramidi.<\/p>\n<h3>La Grande Sfinge<\/h3>\n<p>Dopo di che, visiterai il tempio della Mummificazione accanto alla Sfinge e la Grande Sfinge. Scopri perch\u00e9 ha una testa umana e un corpo di leone e la relazione con la perduta Atlantide. Ritorno al punto di partenza per prendere la tua auto e proseguire per la Sfinge di Chefren.<\/p>\n<h3>Bazar di Khan El Khalili<\/h3>\n<p>\u00c8 un bazar molto famoso nel cuore del Cairo, vicino a via El Moez, la strada pi\u00f9 antica del mondo dal 1080 d.C. senza cambiamenti. \u00c8 una delle migliori cose da fare al Cairo e un&#8217;attrazione turistica incredibile prima di tornare all&#8217;aeroporto del Cairo per volare a Hurghada. Infine, ti trasferiremo dall&#8217;aeroporto di Hurghada al tuo hotel a Soma Bay.<\/p>\n<h3>Pasti<\/h3>\n<p>Colazione, pranzo<\/p>\n<h3>Gran Museo Egizio da Soma Bay in Aereo Prezzo<\/h3>\n<p>Prezzo totale 300 $ a persona<\/p>\n<h3>Prenotazione<\/h3>\n<p>Puoi prenotare il tuo tour tramite WhatsApp o inviarci un&#8217;e-mail e riceverai la conferma sul posto. Gentilmente, inviaci il nome del tuo hotel, il numero della camera, le copie del passaporto.<\/p>\n<p>WhatsApp +201000852186<\/p>\n<p>info@egytourpackages.com<\/p>\n<h3>Prenota Ora e Paga sul Posto<\/h3>\n<p>Prenota il tuo tour preferito e paga il giorno del viaggio<\/p>\n<h3>Politica di Cancellazione<\/h3>\n<p>La cancellazione \u00e8 gratuita fino a 24 ore prima La cancellazione al mattino comporta una penale del 50% sul prezzo<\/p>\n","protected":false},"excerpt":{"rendered":"<p>Gran Museo Egizio da Soma Bay in Aereo | Esplora i migliori tour in Egitto con il Gran Museo Egizio, le Piramidi di Giza e la Grande Sfinge.<\/p>\n","protected":false},"featured_media":3616,"comment_status":"open","ping_status":"closed","template":"","meta":[],"product_brand":[],"product_cat":[1910],"product_tag":[1913,1914],"class_list":{"0":"post-4055","1":"product","2":"type-product","3":"status-publish","4":"has-post-thumbnail","6":"product_cat-tour","7":"product_tag-escursioni-a-soma-bay","8":"product_tag-tour-giornalieri-in-egitto","9":"tour_category-escursioni-soma-bay","10":"tour_category-tour-giornalieri-in-egitto-it","12":"first","13":"instock","14":"sale","15":"shipping-taxable","16":"purchasable","17":"product-type-tour","18":"has-default-attributes"},"yoast_head":"<!-- This site is optimized with the Yoast SEO Premium plugin v27.2 (Yoast SEO v27.2) - https:\/\/yoast.com\/product\/yoast-seo-premium-wordpress\/ -->\n<title>Gran Museo Egizio da Soma Bay in Aereo<\/title>\n<meta name=\"description\" content=\"Gran Museo Egizio da Soma Bay in Aereo | Esplora i migliori tour in Egitto con il Gran Museo Egizio, le Piramidi di Giza e la Grande Sfinge.\" \/>\n<meta name=\"robots\" content=\"index, follow, max-snippet:-1, max-image-preview:large, max-video-preview:-1\" \/>\n<link rel=\"canonical\" href=\"https:\/\/egytourpackages.com\/it\/tour\/gran-museo-egizio-da-soma-bay-in-aereo\/\" \/>\n<meta property=\"og:locale\" content=\"it_IT\" \/>\n<meta property=\"og:type\" content=\"article\" \/>\n<meta property=\"og:title\" content=\"Gran Museo Egizio da Soma Bay in Aereo\" \/>\n<meta property=\"og:description\" content=\"Gran Museo Egizio da Soma Bay in Aereo | Esplora i migliori tour in Egitto con il Gran Museo Egizio, le Piramidi di Giza e la Grande Sfinge.\" \/>\n<meta property=\"og:url\" content=\"https:\/\/egytourpackages.com\/it\/tour\/gran-museo-egizio-da-soma-bay-in-aereo\/\" \/>\n<meta property=\"og:site_name\" content=\"Pacchetti tour in Egitto\" \/>\n<meta property=\"article:publisher\" content=\"https:\/\/www.facebook.com\/egytourpackages\" \/>\n<meta property=\"article:modified_time\" content=\"2026-01-04T20:09:39+00:00\" \/>\n<meta property=\"og:image\" content=\"https:\/\/egytourpackages.com\/wp-content\/uploads\/2025\/05\/Wooden-colored-sarcophagi-from-GEM.jpeg\" \/>\n\t<meta property=\"og:image:width\" content=\"2000\" \/>\n\t<meta property=\"og:image:height\" content=\"924\" \/>\n\t<meta property=\"og:image:type\" content=\"image\/jpeg\" \/>\n<meta name=\"twitter:card\" content=\"summary_large_image\" \/>\n<meta name=\"twitter:title\" content=\"Gran Museo Egizio da Soma Bay in Aereo\" \/>\n<meta name=\"twitter:label1\" content=\"Prezzo\" \/>\n\t<meta name=\"twitter:data1\" content=\"&euro;290\" \/>\n\t<meta name=\"twitter:label2\" content=\"Disponibilit\u00e0\" \/>\n\t<meta name=\"twitter:data2\" content=\"In stock\" \/>\n<script type=\"application\/ld+json\" class=\"yoast-schema-graph\">{\"@context\":\"https:\/\/schema.org\",\"@graph\":[{\"@type\":\"WebPage\",\"@id\":\"https:\/\/egytourpackages.com\/it\/tour\/gran-museo-egizio-da-soma-bay-in-aereo\/\",\"url\":\"https:\/\/egytourpackages.com\/it\/tour\/gran-museo-egizio-da-soma-bay-in-aereo\/\",\"name\":\"Gran Museo Egizio da Soma Bay in Aereo\",\"isPartOf\":{\"@id\":\"https:\/\/egytourpackages.com\/it\/#website\"},\"primaryImageOfPage\":{\"@id\":\"https:\/\/egytourpackages.com\/it\/tour\/gran-museo-egizio-da-soma-bay-in-aereo\/#primaryimage\"},\"image\":{\"@id\":\"https:\/\/egytourpackages.com\/it\/tour\/gran-museo-egizio-da-soma-bay-in-aereo\/#primaryimage\"},\"thumbnailUrl\":\"https:\/\/egytourpackages.com\/wp-content\/uploads\/2025\/05\/Wooden-colored-sarcophagi-from-GEM.jpeg\",\"datePublished\":\"2025-05-22T12:48:18+00:00\",\"dateModified\":\"2026-01-04T20:09:39+00:00\",\"description\":\"Gran Museo Egizio da Soma Bay in Aereo | Esplora i migliori tour in Egitto con il Gran Museo Egizio, le Piramidi di Giza e la Grande Sfinge.\",\"breadcrumb\":{\"@id\":\"https:\/\/egytourpackages.com\/it\/tour\/gran-museo-egizio-da-soma-bay-in-aereo\/#breadcrumb\"},\"inLanguage\":\"it-IT\",\"potentialAction\":[{\"@type\":\"ReadAction\",\"target\":[\"https:\/\/egytourpackages.com\/it\/tour\/gran-museo-egizio-da-soma-bay-in-aereo\/\"]}]},{\"@type\":\"ImageObject\",\"inLanguage\":\"it-IT\",\"@id\":\"https:\/\/egytourpackages.com\/it\/tour\/gran-museo-egizio-da-soma-bay-in-aereo\/#primaryimage\",\"url\":\"https:\/\/egytourpackages.com\/wp-content\/uploads\/2025\/05\/Wooden-colored-sarcophagi-from-GEM.jpeg\",\"contentUrl\":\"https:\/\/egytourpackages.com\/wp-content\/uploads\/2025\/05\/Wooden-colored-sarcophagi-from-GEM.jpeg\",\"width\":2000,\"height\":924,\"caption\":\"Gran Museo Egizio da Soma Bay in Aereo\"},{\"@type\":\"BreadcrumbList\",\"@id\":\"https:\/\/egytourpackages.com\/it\/tour\/gran-museo-egizio-da-soma-bay-in-aereo\/#breadcrumb\",\"itemListElement\":[{\"@type\":\"ListItem\",\"position\":1,\"name\":\"Home\",\"item\":\"https:\/\/egytourpackages.com\/it\/\"},{\"@type\":\"ListItem\",\"position\":2,\"name\":\"Negozio\",\"item\":\"https:\/\/egytourpackages.com\/it\/negozio\/\"},{\"@type\":\"ListItem\",\"position\":3,\"name\":\"Gran Museo Egizio da Soma Bay in Aereo\"}]},{\"@type\":\"WebSite\",\"@id\":\"https:\/\/egytourpackages.com\/it\/#website\",\"url\":\"https:\/\/egytourpackages.com\/it\/\",\"name\":\"Egy tour packages\",\"description\":\"\",\"publisher\":{\"@id\":\"https:\/\/egytourpackages.com\/it\/#organization\"},\"potentialAction\":[{\"@type\":\"SearchAction\",\"target\":{\"@type\":\"EntryPoint\",\"urlTemplate\":\"https:\/\/egytourpackages.com\/it\/?s={search_term_string}\"},\"query-input\":{\"@type\":\"PropertyValueSpecification\",\"valueRequired\":true,\"valueName\":\"search_term_string\"}}],\"inLanguage\":\"it-IT\"},{\"@type\":[\"Organization\",\"Place\",\"TravelAgency\"],\"@id\":\"https:\/\/egytourpackages.com\/it\/#organization\",\"name\":\"egypt tour packages\",\"alternateName\":\"egypt tour packages\",\"url\":\"https:\/\/egytourpackages.com\/it\/\",\"logo\":{\"@id\":\"https:\/\/egytourpackages.com\/it\/tour\/gran-museo-egizio-da-soma-bay-in-aereo\/#local-main-organization-logo\"},\"image\":{\"@id\":\"https:\/\/egytourpackages.com\/it\/tour\/gran-museo-egizio-da-soma-bay-in-aereo\/#local-main-organization-logo\"},\"sameAs\":[\"https:\/\/www.facebook.com\/egytourpackages\"],\"legalName\":\"Egy tour packages\",\"address\":{\"@id\":\"https:\/\/egytourpackages.com\/it\/tour\/gran-museo-egizio-da-soma-bay-in-aereo\/#local-main-place-address\"},\"telephone\":[\"00201000852186\",\"00201028685533\"],\"contactPoint\":{\"@type\":\"ContactPoint\",\"telephone\":\"00201000852186\"},\"openingHoursSpecification\":[{\"@type\":\"OpeningHoursSpecification\",\"dayOfWeek\":[\"Monday\",\"Tuesday\",\"Wednesday\",\"Thursday\",\"Friday\",\"Saturday\",\"Sunday\"],\"opens\":\"00:00\",\"closes\":\"23:59\"}],\"email\":\"info@egytourpackages.com\",\"areaServed\":\"Cairo, Hurghada, Luxor, Sharm El Sheikh, Marsa Alam, Aswan\",\"priceRange\":\"$\",\"currenciesAccepted\":\"euro\",\"paymentAccepted\":\"Payment links online\"},{\"@type\":\"PostalAddress\",\"@id\":\"https:\/\/egytourpackages.com\/it\/tour\/gran-museo-egizio-da-soma-bay-in-aereo\/#local-main-place-address\",\"streetAddress\":\"Mubarak 8, Al Kawthar District, Hurghada\",\"addressLocality\":\"Hurghada\",\"postalCode\":\"84511\",\"addressRegion\":\"Red Sea\",\"addressCountry\":\"EG\"},{\"@type\":\"ImageObject\",\"inLanguage\":\"it-IT\",\"@id\":\"https:\/\/egytourpackages.com\/it\/tour\/gran-museo-egizio-da-soma-bay-in-aereo\/#local-main-organization-logo\",\"url\":\"https:\/\/egytourpackages.com\/wp-content\/uploads\/2025\/12\/Turquoise-Dahabiya-Nile-Cruise-1.jpeg\",\"contentUrl\":\"https:\/\/egytourpackages.com\/wp-content\/uploads\/2025\/12\/Turquoise-Dahabiya-Nile-Cruise-1.jpeg\",\"width\":1040,\"height\":694,\"caption\":\"egypt tour packages\"}]}<\/script>\n<meta property=\"product:brand\" content=\"Escursioni Soma Bay\" \/>\n<meta property=\"product:price:amount\" content=\"290\" \/>\n<meta property=\"product:price:currency\" content=\"EUR\" \/>\n<meta property=\"og:availability\" content=\"instock\" \/>\n<meta property=\"product:availability\" content=\"instock\" \/>\n<meta property=\"product:retailer_item_id\" content=\"SBE07\" \/>\n<meta property=\"product:condition\" content=\"new\" \/>\n<meta name=\"geo.placename\" content=\"Hurghada\" \/>\n<meta name=\"geo.region\" content=\"Egitto\" \/>\n<!-- \/ Yoast SEO Premium plugin. -->","yoast_head_json":{"title":"Gran Museo Egizio da Soma Bay in Aereo","description":"Gran Museo Egizio da Soma Bay in Aereo | Esplora i migliori tour in Egitto con il Gran Museo Egizio, le Piramidi di Giza e la Grande Sfinge.","robots":{"index":"index","follow":"follow","max-snippet":"max-snippet:-1","max-image-preview":"max-image-preview:large","max-video-preview":"max-video-preview:-1"},"canonical":"https:\/\/egytourpackages.com\/it\/tour\/gran-museo-egizio-da-soma-bay-in-aereo\/","og_locale":"it_IT","og_type":"article","og_title":"Gran Museo Egizio da Soma Bay in Aereo","og_description":"Gran Museo Egizio da Soma Bay in Aereo | Esplora i migliori tour in Egitto con il Gran Museo Egizio, le Piramidi di Giza e la Grande Sfinge.","og_url":"https:\/\/egytourpackages.com\/it\/tour\/gran-museo-egizio-da-soma-bay-in-aereo\/","og_site_name":"Pacchetti tour in Egitto","article_publisher":"https:\/\/www.facebook.com\/egytourpackages","article_modified_time":"2026-01-04T20:09:39+00:00","og_image":[{"width":2000,"height":924,"url":"https:\/\/egytourpackages.com\/wp-content\/uploads\/2025\/05\/Wooden-colored-sarcophagi-from-GEM.jpeg","type":"image\/jpeg"}],"twitter_card":"summary_large_image","twitter_title":"Gran Museo Egizio da Soma Bay in Aereo","twitter_misc":{"Prezzo":"&euro;290","Disponibilit\u00e0":"In stock"},"schema":{"@context":"https:\/\/schema.org","@graph":[{"@type":"WebPage","@id":"https:\/\/egytourpackages.com\/it\/tour\/gran-museo-egizio-da-soma-bay-in-aereo\/","url":"https:\/\/egytourpackages.com\/it\/tour\/gran-museo-egizio-da-soma-bay-in-aereo\/","name":"Gran Museo Egizio da Soma Bay in Aereo","isPartOf":{"@id":"https:\/\/egytourpackages.com\/it\/#website"},"primaryImageOfPage":{"@id":"https:\/\/egytourpackages.com\/it\/tour\/gran-museo-egizio-da-soma-bay-in-aereo\/#primaryimage"},"image":{"@id":"https:\/\/egytourpackages.com\/it\/tour\/gran-museo-egizio-da-soma-bay-in-aereo\/#primaryimage"},"thumbnailUrl":"https:\/\/egytourpackages.com\/wp-content\/uploads\/2025\/05\/Wooden-colored-sarcophagi-from-GEM.jpeg","datePublished":"2025-05-22T12:48:18+00:00","dateModified":"2026-01-04T20:09:39+00:00","description":"Gran Museo Egizio da Soma Bay in Aereo | Esplora i migliori tour in Egitto con il Gran Museo Egizio, le Piramidi di Giza e la Grande Sfinge.","breadcrumb":{"@id":"https:\/\/egytourpackages.com\/it\/tour\/gran-museo-egizio-da-soma-bay-in-aereo\/#breadcrumb"},"inLanguage":"it-IT","potentialAction":[{"@type":"ReadAction","target":["https:\/\/egytourpackages.com\/it\/tour\/gran-museo-egizio-da-soma-bay-in-aereo\/"]}]},{"@type":"ImageObject","inLanguage":"it-IT","@id":"https:\/\/egytourpackages.com\/it\/tour\/gran-museo-egizio-da-soma-bay-in-aereo\/#primaryimage","url":"https:\/\/egytourpackages.com\/wp-content\/uploads\/2025\/05\/Wooden-colored-sarcophagi-from-GEM.jpeg","contentUrl":"https:\/\/egytourpackages.com\/wp-content\/uploads\/2025\/05\/Wooden-colored-sarcophagi-from-GEM.jpeg","width":2000,"height":924,"caption":"Gran Museo Egizio da Soma Bay in Aereo"},{"@type":"BreadcrumbList","@id":"https:\/\/egytourpackages.com\/it\/tour\/gran-museo-egizio-da-soma-bay-in-aereo\/#breadcrumb","itemListElement":[{"@type":"ListItem","position":1,"name":"Home","item":"https:\/\/egytourpackages.com\/it\/"},{"@type":"ListItem","position":2,"name":"Negozio","item":"https:\/\/egytourpackages.com\/it\/negozio\/"},{"@type":"ListItem","position":3,"name":"Gran Museo Egizio da Soma Bay in Aereo"}]},{"@type":"WebSite","@id":"https:\/\/egytourpackages.com\/it\/#website","url":"https:\/\/egytourpackages.com\/it\/","name":"Egy tour packages","description":"","publisher":{"@id":"https:\/\/egytourpackages.com\/it\/#organization"},"potentialAction":[{"@type":"SearchAction","target":{"@type":"EntryPoint","urlTemplate":"https:\/\/egytourpackages.com\/it\/?s={search_term_string}"},"query-input":{"@type":"PropertyValueSpecification","valueRequired":true,"valueName":"search_term_string"}}],"inLanguage":"it-IT"},{"@type":["Organization","Place","TravelAgency"],"@id":"https:\/\/egytourpackages.com\/it\/#organization","name":"egypt tour packages","alternateName":"egypt tour packages","url":"https:\/\/egytourpackages.com\/it\/","logo":{"@id":"https:\/\/egytourpackages.com\/it\/tour\/gran-museo-egizio-da-soma-bay-in-aereo\/#local-main-organization-logo"},"image":{"@id":"https:\/\/egytourpackages.com\/it\/tour\/gran-museo-egizio-da-soma-bay-in-aereo\/#local-main-organization-logo"},"sameAs":["https:\/\/www.facebook.com\/egytourpackages"],"legalName":"Egy tour packages","address":{"@id":"https:\/\/egytourpackages.com\/it\/tour\/gran-museo-egizio-da-soma-bay-in-aereo\/#local-main-place-address"},"telephone":["00201000852186","00201028685533"],"contactPoint":{"@type":"ContactPoint","telephone":"00201000852186"},"openingHoursSpecification":[{"@type":"OpeningHoursSpecification","dayOfWeek":["Monday","Tuesday","Wednesday","Thursday","Friday","Saturday","Sunday"],"opens":"00:00","closes":"23:59"}],"email":"info@egytourpackages.com","areaServed":"Cairo, Hurghada, Luxor, Sharm El Sheikh, Marsa Alam, Aswan","priceRange":"$","currenciesAccepted":"euro","paymentAccepted":"Payment links online"},{"@type":"PostalAddress","@id":"https:\/\/egytourpackages.com\/it\/tour\/gran-museo-egizio-da-soma-bay-in-aereo\/#local-main-place-address","streetAddress":"Mubarak 8, Al Kawthar District, Hurghada","addressLocality":"Hurghada","postalCode":"84511","addressRegion":"Red Sea","addressCountry":"EG"},{"@type":"ImageObject","inLanguage":"it-IT","@id":"https:\/\/egytourpackages.com\/it\/tour\/gran-museo-egizio-da-soma-bay-in-aereo\/#local-main-organization-logo","url":"https:\/\/egytourpackages.com\/wp-content\/uploads\/2025\/12\/Turquoise-Dahabiya-Nile-Cruise-1.jpeg","contentUrl":"https:\/\/egytourpackages.com\/wp-content\/uploads\/2025\/12\/Turquoise-Dahabiya-Nile-Cruise-1.jpeg","width":1040,"height":694,"caption":"egypt tour packages"}]},"product_brand":"Escursioni Soma Bay","product_price_amount":"290","product_price_currency":"EUR","og_availability":"instock","product_availability":"instock","product_retailer_item_id":"SBE07","product_condition":"new","geo.placename":"Hurghada","geo.region":"Egitto"},"_links":{"self":[{"href":"https:\/\/egytourpackages.com\/it\/wp-json\/wp\/v2\/product\/4055","targetHints":{"allow":["GET"]}}],"collection":[{"href":"https:\/\/egytourpackages.com\/it\/wp-json\/wp\/v2\/product"}],"about":[{"href":"https:\/\/egytourpackages.com\/it\/wp-json\/wp\/v2\/types\/product"}],"replies":[{"embeddable":true,"href":"https:\/\/egytourpackages.com\/it\/wp-json\/wp\/v2\/comments?post=4055"}],"wp:featuredmedia":[{"embeddable":true,"href":"https:\/\/egytourpackages.com\/it\/wp-json\/wp\/v2\/media\/3616"}],"wp:attachment":[{"href":"https:\/\/egytourpackages.com\/it\/wp-json\/wp\/v2\/media?parent=4055"}],"wp:term":[{"taxonomy":"product_brand","embeddable":true,"href":"https:\/\/egytourpackages.com\/it\/wp-json\/wp\/v2\/product_brand?post=4055"},{"taxonomy":"product_cat","embeddable":true,"href":"https:\/\/egytourpackages.com\/it\/wp-json\/wp\/v2\/product_cat?post=4055"},{"taxonomy":"product_tag","embeddable":true,"href":"https:\/\/egytourpackages.com\/it\/wp-json\/wp\/v2\/product_tag?post=4055"}],"curies":[{"name":"wp","href":"https:\/\/api.w.org\/{rel}","templated":true}]}}