{"id":4056,"date":"2025-05-21T21:21:33","date_gmt":"2025-05-21T21:21:33","guid":{"rendered":"https:\/\/egytourpackages.com\/product\/gran-museo-egizio-e-piramidi-di-giza-da-makadi-bay\/"},"modified":"2026-01-04T20:02:08","modified_gmt":"2026-01-04T20:02:08","slug":"gran-museo-egizio-e-piramidi-di-giza-da-makadi-bay","status":"publish","type":"product","link":"https:\/\/egytourpackages.com\/it\/tour\/gran-museo-egizio-e-piramidi-di-giza-da-makadi-bay\/","title":{"rendered":"Gran Museo Egizio e Piramidi di Giza da Makadi Bay"},"content":{"rendered":"<p><span style=\"color: #ff6600;\"><strong>Gran Museo Egizio e Piramidi di Giza da Makadi Bay<\/strong><\/span><\/p>\n<h3>Panoramica<\/h3>\n<p>Gita di un giorno privata al Cairo da Makadi Bay | Miglior Gran Museo Egizio da Makadi Bay | Escursioni Makadi Bay | Attrazioni turistiche del Cairo come Piramidi di Giza, La Grande Sfinge, Tesori di Tutankhamon, Piramidi delle Regine, Obelisco Sospeso.<\/p>\n<p>Il <strong>Gran Museo Egizio<\/strong> e le <strong>Piramidi di Giza<\/strong> da Makadi Bay diventeranno un sogno realt\u00e0 dopo il 3 luglio 2025. Infatti, per la prima volta dalla scoperta della tomba di Tutankhamon nella Valle dei Re nel 1922, vedrai tutti i suoi tesori in un unico luogo. Inoltre, la <strong>Barca Solare<\/strong> trovata sul lato meridionale della Grande Piramide il 26 maggio 1954. E ancora, l&#8217;Obelisco Sospeso e la gigantesca statua di <strong>Ramsete<\/strong> il Grande.<\/p>\n<p>Inoltre, le <strong>escursioni Makadi Bay<\/strong> offrono le Piramidi di Giza come parte dei <strong>tour Egitto<\/strong>, inclusa la Grande Sfinge. Infine, il pacchetto turistico Egy tour offre questo tour con la migliore guida archeologa, veicolo nuovo di zecca, cibo di qualit\u00e0 e servizi eccellenti.<\/p>\n<h3>Dettagli del Tour<\/h3>\n<ul>\n<li><strong>Durata:<\/strong> 18 ore<\/li>\n<li><strong>Localit\u00e0 del Tour:<\/strong> Giza<\/li>\n<li><strong>Disponibilit\u00e0 del Tour:<\/strong> Tutti i giorni<\/li>\n<li><strong>Ritiro e Rientro:<\/strong> Dal tuo hotel a Makadi Bay<\/li>\n<li><strong>Tipo di Tour:<\/strong> Privato<\/li>\n<li><strong>Adatto per:<\/strong> Coppie, Famiglie, Anziani<\/li>\n<li><strong>Sedia a rotelle:<\/strong> Accessibile<\/li>\n<\/ul>\n<h3>Punti Salienti del Tour<\/h3>\n<ul>\n<li>Cairo &amp; Giza<\/li>\n<li>Piramidi di Giza<\/li>\n<li>La Grande Sfinge<\/li>\n<li>Tempio della Valle<\/li>\n<li>Tombe dei costruttori di piramidi<\/li>\n<li>Gran Museo Egizio<\/li>\n<\/ul>\n<h3>Inclusi<\/h3>\n<ul>\n<li>Trasferimento di andata e ritorno con veicolo con A\/C<\/li>\n<li>Biglietti d&#8217;ingresso per tutte le attrazioni del programma del Cairo<\/li>\n<li>Guida turistica egittologa<\/li>\n<li>Pranzo<\/li>\n<li>Acqua per tutto il giorno<\/li>\n<\/ul>\n<h3>Esclusi<\/h3>\n<ul>\n<li>Bevande durante il pranzo<\/li>\n<li>Biglietto d&#8217;ingresso per la Piramide di Cheope 40 \u2217Bigliettod\u2032ingressoperlaPiramidediChefren7.5<\/li>\n<li>Mance<\/li>\n<\/ul>\n<h3>Cosa Mettere in Valigia<\/h3>\n<ul>\n<li>Scarpe e vestiti comodi, soprattutto in estate<\/li>\n<li>Vestiti pesanti in inverno<\/li>\n<li>Occhiali da sole, cappello o sciarpa<\/li>\n<li>Crema solare in estate<\/li>\n<\/ul>\n<h2>Itinerario<\/h2>\n<p>Partenza anticipata verso le 02:00 per Il Cairo con una pausa caff\u00e8 lungo la strada. All&#8217;arrivo, inizierai il tuo tour giornaliero al Cairo con una delle principali <strong>attrazioni di Giza<\/strong>.<\/p>\n<h3>Gran Museo Egizio<\/h3>\n<p>Il <strong>Gran Museo Egizio<\/strong> \u00e8 stato un sogno diventato realt\u00e0 dopo lunghi anni di attesa. Prima di entrare nel Museo, ti avvicinerai all&#8217;unico Obelisco Sospeso al mondo. Vedrai anche il timbro alla base dell&#8217;Obelisco con il nome di Ramsete. Una volta all&#8217;interno, sarai accolto dai colossi di <strong>Ramsete II<\/strong>, la Colonna della Vittoria di Merenptah e 10 statue in calcare di Sesostri I.<\/p>\n<p>La Grande Scalinata offre una collezione unica di manufatti come statue, porte di templi, divinit\u00e0, sarcofagi e una vista panoramica delle Piramidi. Infatti, questa scalinata racconta la missione dei Faraoni dalla vita alla morte, iniziando con la regalit\u00e0, poi la missione del re di costruire templi per gli dei, quindi la morte e la sepoltura in sarcofagi da collocare all&#8217;interno della Piramide. Da qui, la sua anima andr\u00e0 in cielo.<\/p>\n<p>Inoltre, le 12 gallerie aperte su tre file mostrano tutto sulla regalit\u00e0, la societ\u00e0 e la religione. In generale, avrai bisogno di qualche ora per goderti la visita al GEM e assimilare le storie che la tua guida ti racconter\u00e0.<\/p>\n<h3>Pranzo<\/h3>\n<p>Goditi un pranzo di qualit\u00e0 in un ristorante locale con opzioni vegetariane e vegane, se lo desideri.<\/p>\n<h3>Complesso delle Piramidi di Giza<\/h3>\n<p>Dopo pranzo, proseguirai con la tua guida verso le <strong>Piramidi di Giza<\/strong>. Dovrai decidere in anticipo se vuoi entrare nella Piramide di Cheope o nella Piramide di Micerino per acquistare il biglietto prima di iniziare il tour.<\/p>\n<h4>Piramide di Cheope<\/h4>\n<p>La tua guida ti accompagner\u00e0 alla Grande Piramide per vedere l&#8217;unica meraviglia dell&#8217;antichit\u00e0 e le circostanti Piramidi delle Regine e le tombe dei costruttori di Piramidi. Cercheremo di mostrarti le Piramidi in un modo diverso e rispondere alle domande che sono diventate una necessit\u00e0, come:<\/p>\n<ul>\n<li>Quanti anni hanno le Piramidi?<\/li>\n<li>Chi ha costruito le Piramidi?<\/li>\n<li>Le Piramidi erano tombe per i Re o edifici antichi riutilizzati?<\/li>\n<li>Qual \u00e8 la relazione tra le Piramidi e la Cintura di Orione?<\/li>\n<li>Piramidi ed energia curativa<\/li>\n<li>Perch\u00e9 Napoleone insistette per passare la notte da solo all&#8217;interno della camera del re e cosa accadde dopo?<\/li>\n<li>Perch\u00e9 l&#8217;erede di Cheope non costru\u00ec una piramide ma una Mastaba?<\/li>\n<li>Chefren ha una tomba sull&#8217;altopiano di Giza prima della sua Piramide?<\/li>\n<li>\u00c8 vero che le piccole Piramidi sono per le Regine o&#8230;?<\/li>\n<\/ul>\n<p>Quando risponderemo a tutte queste domande, sicuramente capirai molto sulle Piramidi e potresti cambiare idea su quanto scritto nella maggior parte dei libri.<\/p>\n<h4>La Grande Sfinge<\/h4>\n<p>Esplorerai il tempio della Mummificazione e conoscerai i rituali dell&#8217;Apertura della Bocca. Poi, vedrai la Sfinge a distanza, non tra le zampe, poich\u00e9 richiede un biglietto di visita privato. La tua guida ti spiegher\u00e0 il perch\u00e9 e ti parler\u00e0 delle stanze all&#8217;interno del corpo e della seconda Sfinge scoperta due anni fa.<\/p>\n<p>Inoltre, ti fermerai presso la Piramide di Micerino per vedere che il suo rivestimento \u00e8 diverso ed \u00e8 fatto di granito, non di calcare.<\/p>\n<p>Infine, ti spiegheremo le differenze tra le posizioni delle Piramidi da Giza ad Abu Sir, Saqqara e Dahshour. Perch\u00e9 sono allineate e i loro scopi nei tempi antichi.<\/p>\n<p>Alla fine della giornata, ti riaccompagneremo al tuo hotel a Makadi Bay.<\/p>\n<h3>Pasti<\/h3>\n<p>Colazione, pranzo<\/p>\n<h3>Gran Museo Egizio e Piramidi di Giza da Makadi Bay Prezzo<\/h3>\n<p>Prezzo totale 160 $ a persona<\/p>\n<h3>Prenotazione<\/h3>\n<p>Puoi prenotare il tuo tour tramite WhatsApp o inviarci un&#8217;e-mail e riceverai la conferma sul posto. Ti preghiamo di inviarci il nome del tuo hotel, il numero della camera e le copie del passaporto.<\/p>\n<p><strong>WhatsApp<\/strong> +201000852186<\/p>\n<p>info@egytourpackages.com<\/p>\n<h3>Prenota Ora e Paga sul Posto<\/h3>\n<p>Prenota il tuo tour preferito e paga il giorno del viaggio<\/p>\n<h3>Pagamento<\/h3>\n<p>Puoi pagare in sterline egiziane, $, \u20ac o \u00a3.<\/p>\n<h3>Politica di Cancellazione<\/h3>\n<p>La cancellazione \u00e8 gratuita fino a 24 ore prima La cancellazione al mattino comporta un addebito del 50% sul prezzo.<\/p>\n","protected":false},"excerpt":{"rendered":"<p>Gran Museo Egizio e Piramidi di Giza da Makadi Bay | Goditi il tuo sogno con un tour straordinario al Gran Museo Egizio e alle Piramidi di Giza.<\/p>\n","protected":false},"featured_media":3607,"comment_status":"open","ping_status":"closed","template":"","meta":[],"product_brand":[],"product_cat":[1910],"product_tag":[1915,1914],"class_list":{"0":"post-4056","1":"product","2":"type-product","3":"status-publish","4":"has-post-thumbnail","6":"product_cat-tour","7":"product_tag-escursioni-makadi-bay","8":"product_tag-tour-giornalieri-in-egitto","9":"tour_category-escursioni-makadi-bay","10":"tour_category-tour-giornalieri-in-egitto-it","12":"first","13":"instock","14":"sale","15":"shipping-taxable","16":"purchasable","17":"product-type-tour","18":"has-default-attributes"},"yoast_head":"<!-- This site is optimized with the Yoast SEO Premium plugin v27.4 (Yoast SEO v27.4) - https:\/\/yoast.com\/product\/yoast-seo-premium-wordpress\/ -->\n<title>Gran Museo Egizio e Piramidi di Giza da Makadi Bay<\/title>\n<meta name=\"description\" content=\"Gran Museo Egizio e Piramidi di Giza da Makadi Bay | Goditi il tuo sogno con un tour straordinario al Gran Museo Egizio e alle Piramidi di Giza.\" \/>\n<meta name=\"robots\" content=\"index, follow, max-snippet:-1, max-image-preview:large, max-video-preview:-1\" \/>\n<link rel=\"canonical\" href=\"https:\/\/egytourpackages.com\/it\/tour\/gran-museo-egizio-e-piramidi-di-giza-da-makadi-bay\/\" \/>\n<meta property=\"og:locale\" content=\"it_IT\" \/>\n<meta property=\"og:type\" content=\"article\" \/>\n<meta property=\"og:title\" content=\"Gran Museo Egizio e Piramidi di Giza da Makadi Bay\" \/>\n<meta property=\"og:description\" content=\"Gran Museo Egizio e Piramidi di Giza da Makadi Bay | Goditi il tuo sogno con un tour straordinario al Gran Museo Egizio e alle Piramidi di Giza.\" \/>\n<meta property=\"og:url\" content=\"https:\/\/egytourpackages.com\/it\/tour\/gran-museo-egizio-e-piramidi-di-giza-da-makadi-bay\/\" \/>\n<meta property=\"og:site_name\" content=\"Pacchetti tour in Egitto\" \/>\n<meta property=\"article:publisher\" content=\"https:\/\/www.facebook.com\/egytourpackages\" \/>\n<meta property=\"article:modified_time\" content=\"2026-01-04T20:02:08+00:00\" \/>\n<meta property=\"og:image\" content=\"https:\/\/egytourpackages.com\/wp-content\/uploads\/2025\/05\/Burial-chamber-of-Cheops.jpeg\" \/>\n\t<meta property=\"og:image:width\" content=\"1800\" \/>\n\t<meta property=\"og:image:height\" content=\"1350\" \/>\n\t<meta property=\"og:image:type\" content=\"image\/jpeg\" \/>\n<meta name=\"twitter:card\" content=\"summary_large_image\" \/>\n<meta name=\"twitter:title\" content=\"Gran Museo Egizio e Piramidi di Giza da Makadi Bay\" \/>\n<meta name=\"twitter:label1\" content=\"Prezzo\" \/>\n\t<meta name=\"twitter:data1\" content=\"&euro;0\" \/>\n\t<meta name=\"twitter:label2\" content=\"Disponibilit\u00e0\" \/>\n\t<meta name=\"twitter:data2\" content=\"In stock\" \/>\n<script type=\"application\/ld+json\" class=\"yoast-schema-graph\">{\"@context\":\"https:\\\/\\\/schema.org\",\"@graph\":[{\"@type\":\"WebPage\",\"@id\":\"https:\\\/\\\/egytourpackages.com\\\/it\\\/tour\\\/gran-museo-egizio-e-piramidi-di-giza-da-makadi-bay\\\/\",\"url\":\"https:\\\/\\\/egytourpackages.com\\\/it\\\/tour\\\/gran-museo-egizio-e-piramidi-di-giza-da-makadi-bay\\\/\",\"name\":\"Gran Museo Egizio e Piramidi di Giza da Makadi Bay\",\"isPartOf\":{\"@id\":\"https:\\\/\\\/egytourpackages.com\\\/it\\\/#website\"},\"primaryImageOfPage\":{\"@id\":\"https:\\\/\\\/egytourpackages.com\\\/it\\\/tour\\\/gran-museo-egizio-e-piramidi-di-giza-da-makadi-bay\\\/#primaryimage\"},\"image\":{\"@id\":\"https:\\\/\\\/egytourpackages.com\\\/it\\\/tour\\\/gran-museo-egizio-e-piramidi-di-giza-da-makadi-bay\\\/#primaryimage\"},\"thumbnailUrl\":\"https:\\\/\\\/egytourpackages.com\\\/wp-content\\\/uploads\\\/2025\\\/05\\\/Burial-chamber-of-Cheops.jpeg\",\"datePublished\":\"2025-05-21T21:21:33+00:00\",\"dateModified\":\"2026-01-04T20:02:08+00:00\",\"description\":\"Gran Museo Egizio e Piramidi di Giza da Makadi Bay | Goditi il tuo sogno con un tour straordinario al Gran Museo Egizio e alle Piramidi di Giza.\",\"breadcrumb\":{\"@id\":\"https:\\\/\\\/egytourpackages.com\\\/it\\\/tour\\\/gran-museo-egizio-e-piramidi-di-giza-da-makadi-bay\\\/#breadcrumb\"},\"inLanguage\":\"it-IT\",\"potentialAction\":[{\"@type\":\"ReadAction\",\"target\":[\"https:\\\/\\\/egytourpackages.com\\\/it\\\/tour\\\/gran-museo-egizio-e-piramidi-di-giza-da-makadi-bay\\\/\"]}]},{\"@type\":\"ImageObject\",\"inLanguage\":\"it-IT\",\"@id\":\"https:\\\/\\\/egytourpackages.com\\\/it\\\/tour\\\/gran-museo-egizio-e-piramidi-di-giza-da-makadi-bay\\\/#primaryimage\",\"url\":\"https:\\\/\\\/egytourpackages.com\\\/wp-content\\\/uploads\\\/2025\\\/05\\\/Burial-chamber-of-Cheops.jpeg\",\"contentUrl\":\"https:\\\/\\\/egytourpackages.com\\\/wp-content\\\/uploads\\\/2025\\\/05\\\/Burial-chamber-of-Cheops.jpeg\",\"width\":1800,\"height\":1350,\"caption\":\"Gran Museo Egizio e Piramidi di Giza da Makadi Bay\"},{\"@type\":\"BreadcrumbList\",\"@id\":\"https:\\\/\\\/egytourpackages.com\\\/it\\\/tour\\\/gran-museo-egizio-e-piramidi-di-giza-da-makadi-bay\\\/#breadcrumb\",\"itemListElement\":[{\"@type\":\"ListItem\",\"position\":1,\"name\":\"Home\",\"item\":\"https:\\\/\\\/egytourpackages.com\\\/it\\\/\"},{\"@type\":\"ListItem\",\"position\":2,\"name\":\"Negozio\",\"item\":\"https:\\\/\\\/egytourpackages.com\\\/it\\\/negozio\\\/\"},{\"@type\":\"ListItem\",\"position\":3,\"name\":\"Gran Museo Egizio e Piramidi di Giza da Makadi Bay\"}]},{\"@type\":\"WebSite\",\"@id\":\"https:\\\/\\\/egytourpackages.com\\\/it\\\/#website\",\"url\":\"https:\\\/\\\/egytourpackages.com\\\/it\\\/\",\"name\":\"Egy tour packages\",\"description\":\"\",\"publisher\":{\"@id\":\"https:\\\/\\\/egytourpackages.com\\\/it\\\/#organization\"},\"potentialAction\":[{\"@type\":\"SearchAction\",\"target\":{\"@type\":\"EntryPoint\",\"urlTemplate\":\"https:\\\/\\\/egytourpackages.com\\\/it\\\/?s={search_term_string}\"},\"query-input\":{\"@type\":\"PropertyValueSpecification\",\"valueRequired\":true,\"valueName\":\"search_term_string\"}}],\"inLanguage\":\"it-IT\"},{\"@type\":[\"Organization\",\"Place\",\"TravelAgency\"],\"@id\":\"https:\\\/\\\/egytourpackages.com\\\/it\\\/#organization\",\"name\":\"egypt tour packages\",\"alternateName\":\"egypt tour packages\",\"url\":\"https:\\\/\\\/egytourpackages.com\\\/it\\\/\",\"logo\":{\"@id\":\"https:\\\/\\\/egytourpackages.com\\\/it\\\/tour\\\/gran-museo-egizio-e-piramidi-di-giza-da-makadi-bay\\\/#local-main-organization-logo\"},\"image\":{\"@id\":\"https:\\\/\\\/egytourpackages.com\\\/it\\\/tour\\\/gran-museo-egizio-e-piramidi-di-giza-da-makadi-bay\\\/#local-main-organization-logo\"},\"sameAs\":[\"https:\\\/\\\/www.facebook.com\\\/egytourpackages\"],\"legalName\":\"Egy tour packages\",\"address\":{\"@id\":\"https:\\\/\\\/egytourpackages.com\\\/it\\\/tour\\\/gran-museo-egizio-e-piramidi-di-giza-da-makadi-bay\\\/#local-main-place-address\"},\"telephone\":[\"00201000852186\",\"00201028685533\"],\"contactPoint\":{\"@type\":\"ContactPoint\",\"telephone\":\"00201000852186\"},\"openingHoursSpecification\":[{\"@type\":\"OpeningHoursSpecification\",\"dayOfWeek\":[\"Monday\",\"Tuesday\",\"Wednesday\",\"Thursday\",\"Friday\",\"Saturday\",\"Sunday\"],\"opens\":\"00:00\",\"closes\":\"23:59\"}],\"email\":\"info@egytourpackages.com\",\"areaServed\":\"Cairo, Hurghada, Luxor, Sharm El Sheikh, Marsa Alam, Aswan\",\"priceRange\":\"$\",\"currenciesAccepted\":\"euro\",\"paymentAccepted\":\"Payment links online\"},{\"@type\":\"PostalAddress\",\"@id\":\"https:\\\/\\\/egytourpackages.com\\\/it\\\/tour\\\/gran-museo-egizio-e-piramidi-di-giza-da-makadi-bay\\\/#local-main-place-address\",\"streetAddress\":\"Mubarak 8, Al Kawthar District, Hurghada\",\"addressLocality\":\"Hurghada\",\"postalCode\":\"84511\",\"addressRegion\":\"Red Sea\",\"addressCountry\":\"EG\"},{\"@type\":\"ImageObject\",\"inLanguage\":\"it-IT\",\"@id\":\"https:\\\/\\\/egytourpackages.com\\\/it\\\/tour\\\/gran-museo-egizio-e-piramidi-di-giza-da-makadi-bay\\\/#local-main-organization-logo\",\"url\":\"https:\\\/\\\/egytourpackages.com\\\/wp-content\\\/uploads\\\/2025\\\/12\\\/Turquoise-Dahabiya-Nile-Cruise-1.jpeg\",\"contentUrl\":\"https:\\\/\\\/egytourpackages.com\\\/wp-content\\\/uploads\\\/2025\\\/12\\\/Turquoise-Dahabiya-Nile-Cruise-1.jpeg\",\"width\":1040,\"height\":694,\"caption\":\"egypt tour packages\"}]}<\/script>\n<meta property=\"product:brand\" content=\"Escursioni Makadi Bay\" \/>\n<meta property=\"product:price:amount\" content=\"0\" \/>\n<meta property=\"product:price:currency\" content=\"EUR\" \/>\n<meta property=\"og:availability\" content=\"instock\" \/>\n<meta property=\"product:availability\" content=\"instock\" \/>\n<meta property=\"product:retailer_item_id\" content=\"MBE03\" \/>\n<meta property=\"product:condition\" content=\"new\" \/>\n<meta name=\"geo.placename\" content=\"Hurghada\" \/>\n<meta name=\"geo.region\" content=\"Egitto\" \/>\n<!-- \/ Yoast SEO Premium plugin. -->","yoast_head_json":{"title":"Gran Museo Egizio e Piramidi di Giza da Makadi Bay","description":"Gran Museo Egizio e Piramidi di Giza da Makadi Bay | Goditi il tuo sogno con un tour straordinario al Gran Museo Egizio e alle Piramidi di Giza.","robots":{"index":"index","follow":"follow","max-snippet":"max-snippet:-1","max-image-preview":"max-image-preview:large","max-video-preview":"max-video-preview:-1"},"canonical":"https:\/\/egytourpackages.com\/it\/tour\/gran-museo-egizio-e-piramidi-di-giza-da-makadi-bay\/","og_locale":"it_IT","og_type":"article","og_title":"Gran Museo Egizio e Piramidi di Giza da Makadi Bay","og_description":"Gran Museo Egizio e Piramidi di Giza da Makadi Bay | Goditi il tuo sogno con un tour straordinario al Gran Museo Egizio e alle Piramidi di Giza.","og_url":"https:\/\/egytourpackages.com\/it\/tour\/gran-museo-egizio-e-piramidi-di-giza-da-makadi-bay\/","og_site_name":"Pacchetti tour in Egitto","article_publisher":"https:\/\/www.facebook.com\/egytourpackages","article_modified_time":"2026-01-04T20:02:08+00:00","og_image":[{"width":1800,"height":1350,"url":"https:\/\/egytourpackages.com\/wp-content\/uploads\/2025\/05\/Burial-chamber-of-Cheops.jpeg","type":"image\/jpeg"}],"twitter_card":"summary_large_image","twitter_title":"Gran Museo Egizio e Piramidi di Giza da Makadi Bay","twitter_misc":{"Prezzo":"&euro;0","Disponibilit\u00e0":"In stock"},"schema":{"@context":"https:\/\/schema.org","@graph":[{"@type":"WebPage","@id":"https:\/\/egytourpackages.com\/it\/tour\/gran-museo-egizio-e-piramidi-di-giza-da-makadi-bay\/","url":"https:\/\/egytourpackages.com\/it\/tour\/gran-museo-egizio-e-piramidi-di-giza-da-makadi-bay\/","name":"Gran Museo Egizio e Piramidi di Giza da Makadi Bay","isPartOf":{"@id":"https:\/\/egytourpackages.com\/it\/#website"},"primaryImageOfPage":{"@id":"https:\/\/egytourpackages.com\/it\/tour\/gran-museo-egizio-e-piramidi-di-giza-da-makadi-bay\/#primaryimage"},"image":{"@id":"https:\/\/egytourpackages.com\/it\/tour\/gran-museo-egizio-e-piramidi-di-giza-da-makadi-bay\/#primaryimage"},"thumbnailUrl":"https:\/\/egytourpackages.com\/wp-content\/uploads\/2025\/05\/Burial-chamber-of-Cheops.jpeg","datePublished":"2025-05-21T21:21:33+00:00","dateModified":"2026-01-04T20:02:08+00:00","description":"Gran Museo Egizio e Piramidi di Giza da Makadi Bay | Goditi il tuo sogno con un tour straordinario al Gran Museo Egizio e alle Piramidi di Giza.","breadcrumb":{"@id":"https:\/\/egytourpackages.com\/it\/tour\/gran-museo-egizio-e-piramidi-di-giza-da-makadi-bay\/#breadcrumb"},"inLanguage":"it-IT","potentialAction":[{"@type":"ReadAction","target":["https:\/\/egytourpackages.com\/it\/tour\/gran-museo-egizio-e-piramidi-di-giza-da-makadi-bay\/"]}]},{"@type":"ImageObject","inLanguage":"it-IT","@id":"https:\/\/egytourpackages.com\/it\/tour\/gran-museo-egizio-e-piramidi-di-giza-da-makadi-bay\/#primaryimage","url":"https:\/\/egytourpackages.com\/wp-content\/uploads\/2025\/05\/Burial-chamber-of-Cheops.jpeg","contentUrl":"https:\/\/egytourpackages.com\/wp-content\/uploads\/2025\/05\/Burial-chamber-of-Cheops.jpeg","width":1800,"height":1350,"caption":"Gran Museo Egizio e Piramidi di Giza da Makadi Bay"},{"@type":"BreadcrumbList","@id":"https:\/\/egytourpackages.com\/it\/tour\/gran-museo-egizio-e-piramidi-di-giza-da-makadi-bay\/#breadcrumb","itemListElement":[{"@type":"ListItem","position":1,"name":"Home","item":"https:\/\/egytourpackages.com\/it\/"},{"@type":"ListItem","position":2,"name":"Negozio","item":"https:\/\/egytourpackages.com\/it\/negozio\/"},{"@type":"ListItem","position":3,"name":"Gran Museo Egizio e Piramidi di Giza da Makadi Bay"}]},{"@type":"WebSite","@id":"https:\/\/egytourpackages.com\/it\/#website","url":"https:\/\/egytourpackages.com\/it\/","name":"Egy tour packages","description":"","publisher":{"@id":"https:\/\/egytourpackages.com\/it\/#organization"},"potentialAction":[{"@type":"SearchAction","target":{"@type":"EntryPoint","urlTemplate":"https:\/\/egytourpackages.com\/it\/?s={search_term_string}"},"query-input":{"@type":"PropertyValueSpecification","valueRequired":true,"valueName":"search_term_string"}}],"inLanguage":"it-IT"},{"@type":["Organization","Place","TravelAgency"],"@id":"https:\/\/egytourpackages.com\/it\/#organization","name":"egypt tour packages","alternateName":"egypt tour packages","url":"https:\/\/egytourpackages.com\/it\/","logo":{"@id":"https:\/\/egytourpackages.com\/it\/tour\/gran-museo-egizio-e-piramidi-di-giza-da-makadi-bay\/#local-main-organization-logo"},"image":{"@id":"https:\/\/egytourpackages.com\/it\/tour\/gran-museo-egizio-e-piramidi-di-giza-da-makadi-bay\/#local-main-organization-logo"},"sameAs":["https:\/\/www.facebook.com\/egytourpackages"],"legalName":"Egy tour packages","address":{"@id":"https:\/\/egytourpackages.com\/it\/tour\/gran-museo-egizio-e-piramidi-di-giza-da-makadi-bay\/#local-main-place-address"},"telephone":["00201000852186","00201028685533"],"contactPoint":{"@type":"ContactPoint","telephone":"00201000852186"},"openingHoursSpecification":[{"@type":"OpeningHoursSpecification","dayOfWeek":["Monday","Tuesday","Wednesday","Thursday","Friday","Saturday","Sunday"],"opens":"00:00","closes":"23:59"}],"email":"info@egytourpackages.com","areaServed":"Cairo, Hurghada, Luxor, Sharm El Sheikh, Marsa Alam, Aswan","priceRange":"$","currenciesAccepted":"euro","paymentAccepted":"Payment links online"},{"@type":"PostalAddress","@id":"https:\/\/egytourpackages.com\/it\/tour\/gran-museo-egizio-e-piramidi-di-giza-da-makadi-bay\/#local-main-place-address","streetAddress":"Mubarak 8, Al Kawthar District, Hurghada","addressLocality":"Hurghada","postalCode":"84511","addressRegion":"Red Sea","addressCountry":"EG"},{"@type":"ImageObject","inLanguage":"it-IT","@id":"https:\/\/egytourpackages.com\/it\/tour\/gran-museo-egizio-e-piramidi-di-giza-da-makadi-bay\/#local-main-organization-logo","url":"https:\/\/egytourpackages.com\/wp-content\/uploads\/2025\/12\/Turquoise-Dahabiya-Nile-Cruise-1.jpeg","contentUrl":"https:\/\/egytourpackages.com\/wp-content\/uploads\/2025\/12\/Turquoise-Dahabiya-Nile-Cruise-1.jpeg","width":1040,"height":694,"caption":"egypt tour packages"}]},"product_brand":"Escursioni Makadi Bay","product_price_currency":"EUR","og_availability":"instock","product_availability":"instock","product_retailer_item_id":"MBE03","product_condition":"new","geo.placename":"Hurghada","geo.region":"Egitto"},"_links":{"self":[{"href":"https:\/\/egytourpackages.com\/it\/wp-json\/wp\/v2\/product\/4056","targetHints":{"allow":["GET"]}}],"collection":[{"href":"https:\/\/egytourpackages.com\/it\/wp-json\/wp\/v2\/product"}],"about":[{"href":"https:\/\/egytourpackages.com\/it\/wp-json\/wp\/v2\/types\/product"}],"replies":[{"embeddable":true,"href":"https:\/\/egytourpackages.com\/it\/wp-json\/wp\/v2\/comments?post=4056"}],"wp:featuredmedia":[{"embeddable":true,"href":"https:\/\/egytourpackages.com\/it\/wp-json\/wp\/v2\/media\/3607"}],"wp:attachment":[{"href":"https:\/\/egytourpackages.com\/it\/wp-json\/wp\/v2\/media?parent=4056"}],"wp:term":[{"taxonomy":"product_brand","embeddable":true,"href":"https:\/\/egytourpackages.com\/it\/wp-json\/wp\/v2\/product_brand?post=4056"},{"taxonomy":"product_cat","embeddable":true,"href":"https:\/\/egytourpackages.com\/it\/wp-json\/wp\/v2\/product_cat?post=4056"},{"taxonomy":"product_tag","embeddable":true,"href":"https:\/\/egytourpackages.com\/it\/wp-json\/wp\/v2\/product_tag?post=4056"}],"curies":[{"name":"wp","href":"https:\/\/api.w.org\/{rel}","templated":true}]}}