{"id":4061,"date":"2024-07-19T17:14:10","date_gmt":"2024-07-19T17:14:10","guid":{"rendered":"https:\/\/egytourpackages.com\/product\/mongolfiera-a-luxor-da-hurghada\/"},"modified":"2026-01-06T09:43:18","modified_gmt":"2026-01-06T09:43:18","slug":"mongolfiera-a-luxor-da-hurghada","status":"publish","type":"product","link":"https:\/\/egytourpackages.com\/it\/tour\/mongolfiera-a-luxor-da-hurghada\/","title":{"rendered":"Mongolfiera a Luxor da Hurghada"},"content":{"rendered":"<p><span style=\"color: #ff6600;\"><strong>Mongolfiera a Luxor da Hurghada | Un\u2019Esperienza Indimenticabile<\/strong><\/span><\/p>\n<p><strong>La mongolfiera a Luxor da Hurghada<\/strong> \u00e8 pensata per coloro che desiderano godere di un&#8217;indimenticabile volo in mongolfiera su Luxor e allo stesso tempo non vogliono perdere le attivit\u00e0 sul <strong>Mar Rosso<\/strong>. <strong>Egy Tour Packages<\/strong> offre questa popolare gita di un giorno a <strong>Luxor da Hurghada<\/strong>, che combina la comodit\u00e0 con viste aeree mozzafiato sui tesori storici dell&#8217;Egitto. Ammirate un&#8217;alba spettacolare sulla <strong>Valle dei Re<\/strong>, il <strong>Tempio della Regina Hatshepsu<\/strong>t,<strong> i Colossi di Memnone<\/strong> e il <strong>Ramesseum<\/strong> da una prospettiva unica. Questa escursione da Hurghada inizia la sera da Hurghada e il rientro \u00e8 previsto il giorno successivo verso le 14:00 al massimo. Infatti, questi pacchetti viaggio Egitto includono un trasferimento privato, una guida privata a Luxor, ma un volo in mongolfiera condiviso la mattina presto. Non perdete questa opportunit\u00e0 di aggiungere un volo in mongolfiera a Luxor da Hurghada davvero magico alla vostra avventura egiziana, catturando foto incredibili e creando ricordi che dureranno una vita.<\/p>\n<h3>Dettagli del Tour<\/h3>\n<p>Durata: 1 Notte<\/p>\n<p>Localit\u00e0 del Tour: Luxor<\/p>\n<p>Disponibilit\u00e0: Tutti i giorni<\/p>\n<p>Prelevamento e Rilascio: Hotel di Hurghada \/ Hotel di El Gouna \/ Hotel di Makadi Bay \/ Hotel di Soma Bay \/ Hotel di Sahl Hasheesh<\/p>\n<p>Tipo di Tour: Tour privato<\/p>\n<p>Adatto per: Coppie, Famiglie, Anziani, Viaggiatori singoli<\/p>\n<p>Accessibile in sedia a rotelle: S\u00ec<\/p>\n<h3>Punti Salienti del Tour<\/h3>\n<ul>\n<li>Volo in Mongolfiera<\/li>\n<li>Valle dei Re<\/li>\n<\/ul>\n<h3>Incluso in questo tour<\/h3>\n<ul>\n<li>Trasferimento andata e ritorno con veicolo climatizzato<\/li>\n<li>1 notte di alloggio in hotel a Luxor con cena<\/li>\n<li>Guida archeologica privata<\/li>\n<li>Costi d&#8217;ingresso per tutte le visite turistiche<\/li>\n<li>Volo in Mongolfiera<\/li>\n<\/ul>\n<h3>Escluso in questo tour<\/h3>\n<ul>\n<li>Bevande durante il pranzo<\/li>\n<li>Qualsiasi tomba extra nella Valle dei Re, come KV9, KV17 e KV62 (Tomba di Tutankhamon)<\/li>\n<li>Giro in feluca<\/li>\n<li>Mance<\/li>\n<\/ul>\n<h3>Cosa portare con s\u00e9<\/h3>\n<ul>\n<li>Passaporti<\/li>\n<li>Cappello, Occhiali da sole e Crema solare<\/li>\n<li>Scarpe e vestiti comodi<\/li>\n<li>Vestiti pesanti in inverno<\/li>\n<\/ul>\n<h2>Itinerario<\/h2>\n<p>Incontrerete il vostro autista nella hall del vostro hotel intorno alle 16:00 per iniziare il viaggio verso Luxor. La distanza tra Hurghada e Luxor \u00e8 di circa 300 km e richiede circa 4 ore di guida con una pausa caff\u00e8 lungo il percorso. Il programma sar\u00e0 il seguente:<\/p>\n<p>16:00: Prelievo nella hall del vostro hotel<\/p>\n<p>17:00: Attraversamento del checkpoint di Safaga per iniziare il viaggio verso Luxor<\/p>\n<p>18:00: Pausa caff\u00e8<\/p>\n<p>20:00: Arrivo all&#8217;hotel di Luxor e check-in<\/p>\n<p>21:00: Cena in hotel e pernottamento<\/p>\n<p><strong>Pasti: <\/strong><\/p>\n<p>Cena<\/p>\n<h3>Giorno 2: Luxor &#8211; Hurghada<\/h3>\n<p>04:00: Prelievo per il Volo in Mongolfiera<\/p>\n<p>Verrete prelevati dalla hall del vostro hotel e accompagnati al molo del Nilo per attraversare il fiume con un motoscafo fino alla sponda occidentale di Luxor. Successivamente, sarete trasferiti al punto di decollo per volare con la mongolfiera sulla sponda occidentale di Luxor. Potrete facilmente ammirare la Valle dei Re, il Tempio di Hatshepsut, il Ramesseum, i Colossi di Memnone e Medinet Habu dall&#8217;alto. Vedrete anche le Tombe dei Nobili, la Valle delle Regine e Deir El Medina dall&#8217;alto.<\/p>\n<p>Al termine della vostra avventura, sarete trasferiti direttamente al vostro hotel per la colazione.<\/p>\n<p>05:00: Inizio del decollo sulla sponda occidentale di Luxor<\/p>\n<p>06:00: Atterraggio sulla sponda occidentale di Luxor<\/p>\n<p>07:00: Colazione in hotel<\/p>\n<p>08:00: Check-out e inizio della vostra visita<\/p>\n<p>08:30: Valle dei Re<\/p>\n<p>10:00: Inizio del viaggio di ritorno verso il vostro hotel a Hurghada.<\/p>\n<h3>Prezzo della Mongolfiera a Luxor da Hurghada<\/h3>\n<ul>\n<li>Prezzo Adulto: 350 \u2217\u2217\u22172persone:\u2217\u2217230 a persona<\/li>\n<li>3 persone: 200 $ a persona<\/li>\n<li>Bambini 0-5 anni: Gratuito<\/li>\n<\/ul>\n<h3>Prenotazione<\/h3>\n<p>Potete prenotare il vostro tour tramite WhatsApp o inviandoci un&#8217;e-mail e riceverete la conferma immediata.<\/p>\n<p>Vi preghiamo di inviarci il nome del vostro hotel, il numero della camera e le copie dei passaporti.<\/p>\n<p>Numero WhatsApp: +201000852186 Email: info@egytourpackages.com<\/p>\n<p>Prenota Ora e Paga sul Posto Prenotate il vostro tour preferito e pagate il giorno del viaggio.<\/p>\n<h3>Pagamento<\/h3>\n<p>Potete pagare in lire egiziane, $, \u20ac o \u00a3.<\/p>\n<h3>Politica di Cancellazione<\/h3>\n<p>La cancellazione \u00e8 gratuita fino a 24 ore prima. La cancellazione al mattino comporta una penale del 50% del prezzo. Certainly! Here&#8217;s the translation of your &#8220;Luxor Hot Air Balloon from Hurghada&#8221; tour details into Italian, structured with the highest volume keywords and SEO-friendly phrasing:<\/p>\n<h3>Prenotazione<\/h3>\n<p>Potete prenotare il vostro tour tramite WhatsApp o inviarci un&#8217;e-mail e riceverete la conferma immediata. Vi preghiamo di inviarci il nome del vostro hotel, il numero della camera e le copie dei passaporti.<\/p>\n<p>WhatsApp: +201000852186<\/p>\n<p>Email: info@egytourpackages.com<\/p>\n<p>Prenota Ora e Paga sul Posto Prenota il tuo tour preferito e paga il giorno del viaggio.<\/p>\n<h3>Pagamento<\/h3>\n<p>\u00c8 possibile pagare in sterline egiziane, $, \u20ac o \u00a3.<\/p>\n<h3>Politica di Cancellazione<\/h3>\n<ul>\n<li>Cancellazione gratuita fino a 24 ore prima.<\/li>\n<li>Cancellazione il mattino stesso: 50% del prezzo.<\/li>\n<\/ul>\n","protected":false},"excerpt":{"rendered":"<p>Mongolfiera Luxor da Hurghada Egitto | Cogli tutti i benefici in una volta sola visitando Luxor in un giorno per goderti il giro in mongolfiera e la Valle dei Re.<\/p>\n","protected":false},"featured_media":3202,"comment_status":"open","ping_status":"closed","template":"","meta":[],"product_brand":[],"product_cat":[1910],"product_tag":[1918,3648,1914,1919],"class_list":{"0":"post-4061","1":"product","2":"type-product","3":"status-publish","4":"has-post-thumbnail","6":"product_cat-tour","7":"product_tag-escursioni-hurghada","8":"product_tag-prenota-i-migliori-prezzi-per-mongolfiera-a-luxor-da-hurghada","9":"product_tag-tour-giornalieri-in-egitto","10":"product_tag-tour-luxor-da-hurghada","11":"tour_category-escursioni-hurghada","12":"tour_category-tour-giornalieri-in-egitto-it","14":"first","15":"instock","16":"sale","17":"shipping-taxable","18":"purchasable","19":"product-type-tour","20":"has-default-attributes"},"yoast_head":"<!-- This site is optimized with the Yoast SEO Premium plugin v27.4 (Yoast SEO v27.4) - https:\/\/yoast.com\/product\/yoast-seo-premium-wordpress\/ -->\n<title>Mongolfiera a Luxor da Hurghada | Migliori tour Luxor<\/title>\n<meta name=\"description\" content=\"Mongolfiera Luxor da Hurghada Egitto | Cogli tutti i benefici in una volta sola visitando Luxor in un giorno per goderti il giro in mongolfiera.\" \/>\n<meta name=\"robots\" content=\"index, follow, max-snippet:-1, max-image-preview:large, max-video-preview:-1\" \/>\n<link rel=\"canonical\" href=\"https:\/\/egytourpackages.com\/it\/tour\/mongolfiera-a-luxor-da-hurghada\/\" \/>\n<meta property=\"og:locale\" content=\"it_IT\" \/>\n<meta property=\"og:type\" content=\"article\" \/>\n<meta property=\"og:title\" content=\"Mongolfiera a Luxor da Hurghada\" \/>\n<meta property=\"og:description\" content=\"Mongolfiera Luxor da Hurghada Egitto | Cogli tutti i benefici in una volta sola visitando Luxor in un giorno per goderti il giro in mongolfiera e la Valle dei Re.\" \/>\n<meta property=\"og:url\" content=\"https:\/\/egytourpackages.com\/it\/tour\/mongolfiera-a-luxor-da-hurghada\/\" \/>\n<meta property=\"og:site_name\" content=\"Pacchetti tour in Egitto\" \/>\n<meta property=\"article:publisher\" content=\"https:\/\/www.facebook.com\/egytourpackages\" \/>\n<meta property=\"article:modified_time\" content=\"2026-01-06T09:43:18+00:00\" \/>\n<meta property=\"og:image\" content=\"https:\/\/egytourpackages.com\/wp-content\/uploads\/2024\/06\/Hot-Air-Balloon-Luxor-1024x768.jpg\" \/>\n<meta name=\"twitter:card\" content=\"summary_large_image\" \/>\n<meta name=\"twitter:title\" content=\"Mongolfiera a Luxor da Hurghada\" \/>\n<meta name=\"twitter:label1\" content=\"Prezzo\" \/>\n\t<meta name=\"twitter:data1\" content=\"&euro;220\" \/>\n\t<meta name=\"twitter:label2\" content=\"Disponibilit\u00e0\" \/>\n\t<meta name=\"twitter:data2\" content=\"In stock\" \/>\n<script type=\"application\/ld+json\" class=\"yoast-schema-graph\">{\"@context\":\"https:\\\/\\\/schema.org\",\"@graph\":[{\"@type\":\"WebPage\",\"@id\":\"https:\\\/\\\/egytourpackages.com\\\/it\\\/tour\\\/mongolfiera-a-luxor-da-hurghada\\\/\",\"url\":\"https:\\\/\\\/egytourpackages.com\\\/it\\\/tour\\\/mongolfiera-a-luxor-da-hurghada\\\/\",\"name\":\"Mongolfiera a Luxor da Hurghada | Migliori tour Luxor\",\"isPartOf\":{\"@id\":\"https:\\\/\\\/egytourpackages.com\\\/it\\\/#website\"},\"primaryImageOfPage\":{\"@id\":\"https:\\\/\\\/egytourpackages.com\\\/it\\\/tour\\\/mongolfiera-a-luxor-da-hurghada\\\/#primaryimage\"},\"image\":{\"@id\":\"https:\\\/\\\/egytourpackages.com\\\/it\\\/tour\\\/mongolfiera-a-luxor-da-hurghada\\\/#primaryimage\"},\"thumbnailUrl\":\"https:\\\/\\\/egytourpackages.com\\\/wp-content\\\/uploads\\\/2024\\\/06\\\/Hot-Air-Balloon-Luxor.jpg\",\"datePublished\":\"2024-07-19T17:14:10+00:00\",\"dateModified\":\"2026-01-06T09:43:18+00:00\",\"description\":\"Mongolfiera Luxor da Hurghada Egitto | Cogli tutti i benefici in una volta sola visitando Luxor in un giorno per goderti il giro in mongolfiera.\",\"breadcrumb\":{\"@id\":\"https:\\\/\\\/egytourpackages.com\\\/it\\\/tour\\\/mongolfiera-a-luxor-da-hurghada\\\/#breadcrumb\"},\"inLanguage\":\"it-IT\",\"potentialAction\":[{\"@type\":\"ReadAction\",\"target\":[\"https:\\\/\\\/egytourpackages.com\\\/it\\\/tour\\\/mongolfiera-a-luxor-da-hurghada\\\/\"]}]},{\"@type\":\"ImageObject\",\"inLanguage\":\"it-IT\",\"@id\":\"https:\\\/\\\/egytourpackages.com\\\/it\\\/tour\\\/mongolfiera-a-luxor-da-hurghada\\\/#primaryimage\",\"url\":\"https:\\\/\\\/egytourpackages.com\\\/wp-content\\\/uploads\\\/2024\\\/06\\\/Hot-Air-Balloon-Luxor.jpg\",\"contentUrl\":\"https:\\\/\\\/egytourpackages.com\\\/wp-content\\\/uploads\\\/2024\\\/06\\\/Hot-Air-Balloon-Luxor.jpg\",\"width\":1900,\"height\":1425,\"caption\":\"Mongolfiera a Luxor da Hurghada\"},{\"@type\":\"BreadcrumbList\",\"@id\":\"https:\\\/\\\/egytourpackages.com\\\/it\\\/tour\\\/mongolfiera-a-luxor-da-hurghada\\\/#breadcrumb\",\"itemListElement\":[{\"@type\":\"ListItem\",\"position\":1,\"name\":\"Home\",\"item\":\"https:\\\/\\\/egytourpackages.com\\\/it\\\/\"},{\"@type\":\"ListItem\",\"position\":2,\"name\":\"Negozio\",\"item\":\"https:\\\/\\\/egytourpackages.com\\\/it\\\/negozio\\\/\"},{\"@type\":\"ListItem\",\"position\":3,\"name\":\"Mongolfiera a Luxor da Hurghada\"}]},{\"@type\":\"WebSite\",\"@id\":\"https:\\\/\\\/egytourpackages.com\\\/it\\\/#website\",\"url\":\"https:\\\/\\\/egytourpackages.com\\\/it\\\/\",\"name\":\"Egy tour packages\",\"description\":\"\",\"publisher\":{\"@id\":\"https:\\\/\\\/egytourpackages.com\\\/it\\\/#organization\"},\"potentialAction\":[{\"@type\":\"SearchAction\",\"target\":{\"@type\":\"EntryPoint\",\"urlTemplate\":\"https:\\\/\\\/egytourpackages.com\\\/it\\\/?s={search_term_string}\"},\"query-input\":{\"@type\":\"PropertyValueSpecification\",\"valueRequired\":true,\"valueName\":\"search_term_string\"}}],\"inLanguage\":\"it-IT\"},{\"@type\":[\"Organization\",\"Place\",\"TravelAgency\"],\"@id\":\"https:\\\/\\\/egytourpackages.com\\\/it\\\/#organization\",\"name\":\"egypt tour packages\",\"alternateName\":\"egypt tour packages\",\"url\":\"https:\\\/\\\/egytourpackages.com\\\/it\\\/\",\"logo\":{\"@id\":\"https:\\\/\\\/egytourpackages.com\\\/it\\\/tour\\\/mongolfiera-a-luxor-da-hurghada\\\/#local-main-organization-logo\"},\"image\":{\"@id\":\"https:\\\/\\\/egytourpackages.com\\\/it\\\/tour\\\/mongolfiera-a-luxor-da-hurghada\\\/#local-main-organization-logo\"},\"sameAs\":[\"https:\\\/\\\/www.facebook.com\\\/egytourpackages\"],\"legalName\":\"Egy tour packages\",\"address\":{\"@id\":\"https:\\\/\\\/egytourpackages.com\\\/it\\\/tour\\\/mongolfiera-a-luxor-da-hurghada\\\/#local-main-place-address\"},\"telephone\":[\"00201000852186\",\"00201028685533\"],\"contactPoint\":{\"@type\":\"ContactPoint\",\"telephone\":\"00201000852186\"},\"openingHoursSpecification\":[{\"@type\":\"OpeningHoursSpecification\",\"dayOfWeek\":[\"Monday\",\"Tuesday\",\"Wednesday\",\"Thursday\",\"Friday\",\"Saturday\",\"Sunday\"],\"opens\":\"00:00\",\"closes\":\"23:59\"}],\"email\":\"info@egytourpackages.com\",\"areaServed\":\"Cairo, Hurghada, Luxor, Sharm El Sheikh, Marsa Alam, Aswan\",\"priceRange\":\"$\",\"currenciesAccepted\":\"euro\",\"paymentAccepted\":\"Payment links online\"},{\"@type\":\"PostalAddress\",\"@id\":\"https:\\\/\\\/egytourpackages.com\\\/it\\\/tour\\\/mongolfiera-a-luxor-da-hurghada\\\/#local-main-place-address\",\"streetAddress\":\"Mubarak 8, Al Kawthar District, Hurghada\",\"addressLocality\":\"Hurghada\",\"postalCode\":\"84511\",\"addressRegion\":\"Red Sea\",\"addressCountry\":\"EG\"},{\"@type\":\"ImageObject\",\"inLanguage\":\"it-IT\",\"@id\":\"https:\\\/\\\/egytourpackages.com\\\/it\\\/tour\\\/mongolfiera-a-luxor-da-hurghada\\\/#local-main-organization-logo\",\"url\":\"https:\\\/\\\/egytourpackages.com\\\/wp-content\\\/uploads\\\/2025\\\/12\\\/Turquoise-Dahabiya-Nile-Cruise-1.jpeg\",\"contentUrl\":\"https:\\\/\\\/egytourpackages.com\\\/wp-content\\\/uploads\\\/2025\\\/12\\\/Turquoise-Dahabiya-Nile-Cruise-1.jpeg\",\"width\":1040,\"height\":694,\"caption\":\"egypt tour packages\"}]}<\/script>\n<meta property=\"product:brand\" content=\"Escursioni Hurghada\" \/>\n<meta property=\"product:price:amount\" content=\"220\" \/>\n<meta property=\"product:price:currency\" content=\"EUR\" \/>\n<meta property=\"og:availability\" content=\"instock\" \/>\n<meta property=\"product:availability\" content=\"instock\" \/>\n<meta property=\"product:retailer_item_id\" content=\"HDT18\" \/>\n<meta property=\"product:condition\" content=\"new\" \/>\n<meta name=\"geo.placename\" content=\"Hurghada\" \/>\n<meta name=\"geo.region\" content=\"Egitto\" \/>\n<!-- \/ Yoast SEO Premium plugin. -->","yoast_head_json":{"title":"Mongolfiera a Luxor da Hurghada | Migliori tour Luxor","description":"Mongolfiera Luxor da Hurghada Egitto | Cogli tutti i benefici in una volta sola visitando Luxor in un giorno per goderti il giro in mongolfiera.","robots":{"index":"index","follow":"follow","max-snippet":"max-snippet:-1","max-image-preview":"max-image-preview:large","max-video-preview":"max-video-preview:-1"},"canonical":"https:\/\/egytourpackages.com\/it\/tour\/mongolfiera-a-luxor-da-hurghada\/","og_locale":"it_IT","og_type":"article","og_title":"Mongolfiera a Luxor da Hurghada","og_description":"Mongolfiera Luxor da Hurghada Egitto | Cogli tutti i benefici in una volta sola visitando Luxor in un giorno per goderti il giro in mongolfiera e la Valle dei Re.","og_url":"https:\/\/egytourpackages.com\/it\/tour\/mongolfiera-a-luxor-da-hurghada\/","og_site_name":"Pacchetti tour in Egitto","article_publisher":"https:\/\/www.facebook.com\/egytourpackages","article_modified_time":"2026-01-06T09:43:18+00:00","og_image":[{"url":"https:\/\/egytourpackages.com\/wp-content\/uploads\/2024\/06\/Hot-Air-Balloon-Luxor-1024x768.jpg","type":"","width":"","height":""}],"twitter_card":"summary_large_image","twitter_title":"Mongolfiera a Luxor da Hurghada","twitter_misc":{"Prezzo":"&euro;220","Disponibilit\u00e0":"In stock"},"schema":{"@context":"https:\/\/schema.org","@graph":[{"@type":"WebPage","@id":"https:\/\/egytourpackages.com\/it\/tour\/mongolfiera-a-luxor-da-hurghada\/","url":"https:\/\/egytourpackages.com\/it\/tour\/mongolfiera-a-luxor-da-hurghada\/","name":"Mongolfiera a Luxor da Hurghada | Migliori tour Luxor","isPartOf":{"@id":"https:\/\/egytourpackages.com\/it\/#website"},"primaryImageOfPage":{"@id":"https:\/\/egytourpackages.com\/it\/tour\/mongolfiera-a-luxor-da-hurghada\/#primaryimage"},"image":{"@id":"https:\/\/egytourpackages.com\/it\/tour\/mongolfiera-a-luxor-da-hurghada\/#primaryimage"},"thumbnailUrl":"https:\/\/egytourpackages.com\/wp-content\/uploads\/2024\/06\/Hot-Air-Balloon-Luxor.jpg","datePublished":"2024-07-19T17:14:10+00:00","dateModified":"2026-01-06T09:43:18+00:00","description":"Mongolfiera Luxor da Hurghada Egitto | Cogli tutti i benefici in una volta sola visitando Luxor in un giorno per goderti il giro in mongolfiera.","breadcrumb":{"@id":"https:\/\/egytourpackages.com\/it\/tour\/mongolfiera-a-luxor-da-hurghada\/#breadcrumb"},"inLanguage":"it-IT","potentialAction":[{"@type":"ReadAction","target":["https:\/\/egytourpackages.com\/it\/tour\/mongolfiera-a-luxor-da-hurghada\/"]}]},{"@type":"ImageObject","inLanguage":"it-IT","@id":"https:\/\/egytourpackages.com\/it\/tour\/mongolfiera-a-luxor-da-hurghada\/#primaryimage","url":"https:\/\/egytourpackages.com\/wp-content\/uploads\/2024\/06\/Hot-Air-Balloon-Luxor.jpg","contentUrl":"https:\/\/egytourpackages.com\/wp-content\/uploads\/2024\/06\/Hot-Air-Balloon-Luxor.jpg","width":1900,"height":1425,"caption":"Mongolfiera a Luxor da Hurghada"},{"@type":"BreadcrumbList","@id":"https:\/\/egytourpackages.com\/it\/tour\/mongolfiera-a-luxor-da-hurghada\/#breadcrumb","itemListElement":[{"@type":"ListItem","position":1,"name":"Home","item":"https:\/\/egytourpackages.com\/it\/"},{"@type":"ListItem","position":2,"name":"Negozio","item":"https:\/\/egytourpackages.com\/it\/negozio\/"},{"@type":"ListItem","position":3,"name":"Mongolfiera a Luxor da Hurghada"}]},{"@type":"WebSite","@id":"https:\/\/egytourpackages.com\/it\/#website","url":"https:\/\/egytourpackages.com\/it\/","name":"Egy tour packages","description":"","publisher":{"@id":"https:\/\/egytourpackages.com\/it\/#organization"},"potentialAction":[{"@type":"SearchAction","target":{"@type":"EntryPoint","urlTemplate":"https:\/\/egytourpackages.com\/it\/?s={search_term_string}"},"query-input":{"@type":"PropertyValueSpecification","valueRequired":true,"valueName":"search_term_string"}}],"inLanguage":"it-IT"},{"@type":["Organization","Place","TravelAgency"],"@id":"https:\/\/egytourpackages.com\/it\/#organization","name":"egypt tour packages","alternateName":"egypt tour packages","url":"https:\/\/egytourpackages.com\/it\/","logo":{"@id":"https:\/\/egytourpackages.com\/it\/tour\/mongolfiera-a-luxor-da-hurghada\/#local-main-organization-logo"},"image":{"@id":"https:\/\/egytourpackages.com\/it\/tour\/mongolfiera-a-luxor-da-hurghada\/#local-main-organization-logo"},"sameAs":["https:\/\/www.facebook.com\/egytourpackages"],"legalName":"Egy tour packages","address":{"@id":"https:\/\/egytourpackages.com\/it\/tour\/mongolfiera-a-luxor-da-hurghada\/#local-main-place-address"},"telephone":["00201000852186","00201028685533"],"contactPoint":{"@type":"ContactPoint","telephone":"00201000852186"},"openingHoursSpecification":[{"@type":"OpeningHoursSpecification","dayOfWeek":["Monday","Tuesday","Wednesday","Thursday","Friday","Saturday","Sunday"],"opens":"00:00","closes":"23:59"}],"email":"info@egytourpackages.com","areaServed":"Cairo, Hurghada, Luxor, Sharm El Sheikh, Marsa Alam, Aswan","priceRange":"$","currenciesAccepted":"euro","paymentAccepted":"Payment links online"},{"@type":"PostalAddress","@id":"https:\/\/egytourpackages.com\/it\/tour\/mongolfiera-a-luxor-da-hurghada\/#local-main-place-address","streetAddress":"Mubarak 8, Al Kawthar District, Hurghada","addressLocality":"Hurghada","postalCode":"84511","addressRegion":"Red Sea","addressCountry":"EG"},{"@type":"ImageObject","inLanguage":"it-IT","@id":"https:\/\/egytourpackages.com\/it\/tour\/mongolfiera-a-luxor-da-hurghada\/#local-main-organization-logo","url":"https:\/\/egytourpackages.com\/wp-content\/uploads\/2025\/12\/Turquoise-Dahabiya-Nile-Cruise-1.jpeg","contentUrl":"https:\/\/egytourpackages.com\/wp-content\/uploads\/2025\/12\/Turquoise-Dahabiya-Nile-Cruise-1.jpeg","width":1040,"height":694,"caption":"egypt tour packages"}]},"product_brand":"Escursioni Hurghada","product_price_amount":"220","product_price_currency":"EUR","og_availability":"instock","product_availability":"instock","product_retailer_item_id":"HDT18","product_condition":"new","geo.placename":"Hurghada","geo.region":"Egitto"},"_links":{"self":[{"href":"https:\/\/egytourpackages.com\/it\/wp-json\/wp\/v2\/product\/4061","targetHints":{"allow":["GET"]}}],"collection":[{"href":"https:\/\/egytourpackages.com\/it\/wp-json\/wp\/v2\/product"}],"about":[{"href":"https:\/\/egytourpackages.com\/it\/wp-json\/wp\/v2\/types\/product"}],"replies":[{"embeddable":true,"href":"https:\/\/egytourpackages.com\/it\/wp-json\/wp\/v2\/comments?post=4061"}],"wp:featuredmedia":[{"embeddable":true,"href":"https:\/\/egytourpackages.com\/it\/wp-json\/wp\/v2\/media\/3202"}],"wp:attachment":[{"href":"https:\/\/egytourpackages.com\/it\/wp-json\/wp\/v2\/media?parent=4061"}],"wp:term":[{"taxonomy":"product_brand","embeddable":true,"href":"https:\/\/egytourpackages.com\/it\/wp-json\/wp\/v2\/product_brand?post=4061"},{"taxonomy":"product_cat","embeddable":true,"href":"https:\/\/egytourpackages.com\/it\/wp-json\/wp\/v2\/product_cat?post=4061"},{"taxonomy":"product_tag","embeddable":true,"href":"https:\/\/egytourpackages.com\/it\/wp-json\/wp\/v2\/product_tag?post=4061"}],"curies":[{"name":"wp","href":"https:\/\/api.w.org\/{rel}","templated":true}]}}