{"id":4102,"date":"2023-08-25T13:03:52","date_gmt":"2023-08-25T13:03:52","guid":{"rendered":"https:\/\/egytourpackages.com\/product\/tour-dendera-e-abydos-da-luxor\/"},"modified":"2026-01-09T12:02:48","modified_gmt":"2026-01-09T12:02:48","slug":"tour-dendera-e-abydos-da-luxor","status":"publish","type":"product","link":"https:\/\/egytourpackages.com\/it\/tour\/tour-dendera-e-abydos-da-luxor\/","title":{"rendered":"Tour Dendera e Abydos da Luxor"},"content":{"rendered":"<p><span style=\"color: #ff6600;\"><strong>Tour Dendera e Abydos da Luxor<\/strong><\/span><\/p>\n<p>Prenota la tua arricchente <strong>Tour Dendera e Abydos da Luxor<\/strong> ed esplora due dei pi\u00f9 magnifici templi faraonici durante i <strong>tour giornalieri di Luxor<\/strong>. Questo <strong>tour completo da Luxor a Dendera e Abydos<\/strong> offre un&#8217;opportunit\u00e0 unica per esplorare templi raramente inclusi negli itinerari standard. Il tuo <strong>tour privato di Dendera e Abydos da Luxor<\/strong> inizier\u00e0 con una visita al magnifico <strong>Tempio di Hathor a Dendera, Luxor<\/strong>, rinomato per il suo vivace soffitto astronomico e la raffigurazione di <strong>Cleopatra VII<\/strong>. Successivamente, ti avventurerai nella citt\u00e0 sacra di Abydos per esplorare il profondo <strong>tour del Tempio di Abydos da Luxor<\/strong>, in particolare l&#8217;impressionante <strong>Tempio di Seti I<\/strong>, famoso per la sua intricata <strong>Lista dei Re<\/strong> e i sorprendenti rilievi in alto. Questo <strong>viaggio di escursioni da Luxor a Dendera e Abydos<\/strong> svela l&#8217;arte e il profondo significato religioso dell&#8217;antico Egitto lontano dalla folla, assicurando un&#8217;immersione storica davvero indimenticabile.<\/p>\n<h3>Dettagli del Tour<\/h3>\n<p><strong>Durata<\/strong>: 1 Giorno<\/p>\n<p><strong>Localit\u00e0 del Tour<\/strong>: Dendera \/ Abydos<\/p>\n<p><strong>Disponibilit\u00e0 del Tour<\/strong>: Tutti i giorni<\/p>\n<p><strong>Ritiro e Riconsegna<\/strong>: Il tuo hotel a Luxor<\/p>\n<p><strong>Tipo di Tour<\/strong>: Privato<\/p>\n<p><strong>Sedia a rotelle<\/strong>: Accessibile<\/p>\n<h3>Punti Salienti del Tour<\/h3>\n<ul>\n<li>Tempio di Hathor a Dendera<\/li>\n<li>Cappella di Iside<\/li>\n<li>Cripte di Dendera<\/li>\n<li>Tempio di Seti I ad Abydos<\/li>\n<li>Tempio di Osireion dall&#8217;esterno<\/li>\n<li>Tempio di Ramses II ad Abydos<\/li>\n<\/ul>\n<h3>Incluso<\/h3>\n<ul>\n<li>Trasferimento di andata e ritorno con veicolo moderno con aria condizionata<\/li>\n<li>Guida egittologo<\/li>\n<li>Biglietto d&#8217;ingresso per tutte le visite turistiche<\/li>\n<li>Pranzo in un ristorante locale ad Abydos<\/li>\n<\/ul>\n<h3>Escluso<\/h3>\n<ul>\n<li>Bevande durante il pranzo<\/li>\n<li>Mance<\/li>\n<\/ul>\n<h3>Cosa mettere in valigia<\/h3>\n<ul>\n<li>Cappello, occhiali da sole e crema solare<\/li>\n<li>Scarpe e vestiti comodi<\/li>\n<li>Dei contanti per le tue spese personali<\/li>\n<\/ul>\n<h2>Itinerario<\/h2>\n<p>La tua giornata inizia dopo il prelievo dal tuo hotel a Luxor e il viaggio verso il <strong>Tempio di Hathor<\/strong> a Dendera. All&#8217;arrivo, goditi l&#8217;ascolto dell&#8217;antica <strong>Mitologia Egizia<\/strong> dalla tua guida. Il Tempio di Dendera \u00e8 un punto culminante del tuo <strong>tour da Luxor a Dendera e Abydos<\/strong> poich\u00e9 \u00e8 uno dei complessi templari meglio conservati di tutto l&#8217;Egitto. Infatti, questo tempio \u00e8 dedicato alla dea Hathor, la divinit\u00e0 dell&#8217;amore, della musica, della gioia e della fertilit\u00e0. Il Tempio di Dendera inizi\u00f2 con <strong>Pepi I<\/strong> della sesta dinastia, <strong>Antico Regno<\/strong>, poi <strong>Mentuhotep III<\/strong>, <strong>Thutmose III<\/strong>, Nectanebo II fino all&#8217;epoca romana.<\/p>\n<p>Nel frattempo, molti imperatori romani aggiunsero al tempio come Domiziano, <strong>Traiano<\/strong>, Claudio, Nerone e <strong>Tiberio<\/strong>. Inoltre, i rilievi del Tempio di Hathor mostrano le <strong>antiche feste egizie<\/strong>, in particolare la splendida festa della riunione tra <strong>Horus di Edfu<\/strong> e Hathor di Dendera. Anche l&#8217;antico <strong>Capodanno<\/strong> insieme alle <strong>Cripte di Dendera<\/strong> e ai <strong>segni zodiacali<\/strong> sono tra i punti salienti del tempio nei <strong>tour in Egitto<\/strong>. Il Tempio di Dendera ha anche 14 cripte sotterranee con il famoso design della Lampada di Dendera. Inoltre, Dendera \u00e8 unica per la sua prominente raffigurazione di <strong>Cleopatra VII<\/strong> e suo figlio Cesarione su una delle sue mura esterne. Alla fine del tuo tour, avrai del tempo libero per scattare alcune foto prima di condurti alla prossima tappa, il Tempio di Seti I.<\/p>\n<h3>Tempio di Abydos<\/h3>\n<p>Dopo un breve viaggio verso il Tempio di Abydos, rimarrai stupito dal bellissimo colore del Tempio di Abydos del Faraone Seti I nei <strong>tour giornalieri in Egitto<\/strong>. Il <strong>tour del Tempio di Abydos da Luxor<\/strong> si concentra principalmente sul magnifico <strong>Tempio di Seti I<\/strong>, un capolavoro del Nuovo Regno e un punto culminante di qualsiasi <strong>tour completo da Luxor a Dendera e Abydos<\/strong>. In realt\u00e0, Abydos era il principale centro di culto per il dio <strong>Osiride<\/strong>, ritenuto il suo luogo di sepoltura, rendendola una destinazione di pellegrinaggio fondamentale per gli antichi Egizi che cercavano benedizioni per l&#8217;aldil\u00e0.<\/p>\n<p>Esplora i 7 santuari di Horus, <strong>Iside<\/strong>, <strong>Osiride<\/strong>, Ptah, Rahorakhty, Amun-Re e anche uno a Seti stesso. Inoltre, una caratteristica chiave all&#8217;interno del tempio \u00e8 la famosa <strong>Lista dei Re di Abydos<\/strong> con i cartigli di 76 re dal <strong>periodo Predinastico<\/strong>, da Menes fino a Seti stesso. Oltre al tempio principale, esplorerai anche l&#8217;enigmatico <strong>Osireion<\/strong>, una struttura megalitica sotterranea unica situata dietro il tempio di Seti I, creduta essere una tomba simbolica per Osiride stesso. Questo <strong>tour privato di Dendera e Abydos da Luxor<\/strong> offre un&#8217;esperienza tranquilla e profondamente spirituale, permettendoti di connetterti con le radici delle antiche credenze egizie. Alla fine dei tuoi tour in Egitto a Dendera e Abydos, ti riporteremo al tuo hotel a Luxor.<\/p>\n<h3>Prezzo Tour Dendera e Abydos da Luxor<\/h3>\n<p>Prezzo Adulto = 100 $ Bambini 0-5 anni = gratuito Bambini 5-11 anni = 50% del prezzo per adulto<\/p>\n<h3>Prenotazione<\/h3>\n<p>Puoi prenotare il tuo tour tramite WhatsApp o inviarci un&#8217;e-mail e riceverai la conferma sul posto. Ti preghiamo di inviarci il nome del tuo hotel, il numero della camera e le copie del passaporto.<\/p>\n<p><strong>WhatsApp<\/strong> +201000852186<\/p>\n<p>info@egytourpackages.com<\/p>\n<p><strong>Prenota Ora e Paga sul posto<\/strong><\/p>\n<p>Prenota il tuo tour preferito e paga il giorno del viaggio<\/p>\n<h3>Pagamento<\/h3>\n<p>Puoi pagare in sterline egiziane, $, \u20ac o \u00a3.<\/p>\n<h3>Politica di cancellazione<\/h3>\n<p>La cancellazione \u00e8 gratuita fino a 24 ore prima La cancellazione al mattino \u00e8 del 50% del prezzo<\/p>\n<p>C&#8217;\u00e8 qualcos&#8217;altro che vorresti modificare o aggiungere?<\/p>\n","protected":false},"excerpt":{"rendered":"<p>Tour Dendera e Abydos da Luxor | Esplora la Lampada di Dendera, le Cripte di Dendera, la Cappella di Osiride, la Lista dei Re di Abydos, l&#8217;Osireion e il Tempio di Ramesse.<\/p>\n","protected":false},"featured_media":2958,"comment_status":"open","ping_status":"closed","template":"","meta":[],"product_brand":[],"product_cat":[1910],"product_tag":[1933,1934],"class_list":{"0":"post-4102","1":"product","2":"type-product","3":"status-publish","4":"has-post-thumbnail","6":"product_cat-tour","7":"product_tag-tempio-di-abydos","8":"product_tag-tempio-di-dendera","9":"tour_category-escursioni-giornaliere-a-luxor","10":"tour_category-tour-giornalieri-in-egitto-it","12":"first","13":"instock","14":"sale","15":"shipping-taxable","16":"purchasable","17":"product-type-tour","18":"has-default-attributes"},"yoast_head":"<!-- This site is optimized with the Yoast SEO Premium plugin v27.4 (Yoast SEO v27.4) - https:\/\/yoast.com\/product\/yoast-seo-premium-wordpress\/ -->\n<title>Tour Dendera e Abydos da Luxor | I migliori tour in Egitto<\/title>\n<meta name=\"description\" content=\"Tour Dendera e Abydos da Luxor | Esplora la Lampada di Dendera, le Cripte di Dendera, la Cappella di Osiride, la Lista dei Re di Abydos, l&#039;Osireion e il Tempio di Ramesse.\" \/>\n<meta name=\"robots\" content=\"index, follow, max-snippet:-1, max-image-preview:large, max-video-preview:-1\" \/>\n<link rel=\"canonical\" href=\"https:\/\/egytourpackages.com\/it\/tour\/tour-dendera-e-abydos-da-luxor\/\" \/>\n<meta property=\"og:locale\" content=\"it_IT\" \/>\n<meta property=\"og:type\" content=\"article\" \/>\n<meta property=\"og:title\" content=\"Tour Dendera e Abydos da Luxor\" \/>\n<meta property=\"og:description\" content=\"Tour Dendera e Abydos da Luxor | Esplora la Lampada di Dendera, le Cripte di Dendera, la Cappella di Osiride, la Lista dei Re di Abydos, l&#039;Osireion e il Tempio di Ramesse.\" \/>\n<meta property=\"og:url\" content=\"https:\/\/egytourpackages.com\/it\/tour\/tour-dendera-e-abydos-da-luxor\/\" \/>\n<meta property=\"og:site_name\" content=\"Pacchetti tour in Egitto\" \/>\n<meta property=\"article:publisher\" content=\"https:\/\/www.facebook.com\/egytourpackages\" \/>\n<meta property=\"article:modified_time\" content=\"2026-01-09T12:02:48+00:00\" \/>\n<meta property=\"og:image\" content=\"https:\/\/egytourpackages.com\/wp-content\/uploads\/2023\/08\/Dendera-temple-Qena-1024x768.jpg\" \/>\n<meta name=\"twitter:card\" content=\"summary_large_image\" \/>\n<meta name=\"twitter:title\" content=\"Tour Dendera e Abydos da Luxor\" \/>\n<meta name=\"twitter:description\" content=\"Tour Dendera e Abydos da Luxor | Esplora la Lampada di Dendera, le Cripte di Dendera, la Cappella di Osiride, la Lista dei Re di Abydos, l&#039;Osireion e il Tempio di Ramesse.\" \/>\n<meta name=\"twitter:image\" content=\"https:\/\/egytourpackages.com\/wp-content\/uploads\/2023\/08\/Dendera-temple-Qena-1024x768.jpg\" \/>\n<meta name=\"twitter:label1\" content=\"Prezzo\" \/>\n\t<meta name=\"twitter:data1\" content=\"&euro;100\" \/>\n\t<meta name=\"twitter:label2\" content=\"Disponibilit\u00e0\" \/>\n\t<meta name=\"twitter:data2\" content=\"In stock\" \/>\n<script type=\"application\/ld+json\" class=\"yoast-schema-graph\">{\"@context\":\"https:\\\/\\\/schema.org\",\"@graph\":[{\"@type\":\"WebPage\",\"@id\":\"https:\\\/\\\/egytourpackages.com\\\/it\\\/tour\\\/tour-dendera-e-abydos-da-luxor\\\/\",\"url\":\"https:\\\/\\\/egytourpackages.com\\\/it\\\/tour\\\/tour-dendera-e-abydos-da-luxor\\\/\",\"name\":\"Tour Dendera e Abydos da Luxor | I migliori tour in Egitto\",\"isPartOf\":{\"@id\":\"https:\\\/\\\/egytourpackages.com\\\/it\\\/#website\"},\"primaryImageOfPage\":{\"@id\":\"https:\\\/\\\/egytourpackages.com\\\/it\\\/tour\\\/tour-dendera-e-abydos-da-luxor\\\/#primaryimage\"},\"image\":{\"@id\":\"https:\\\/\\\/egytourpackages.com\\\/it\\\/tour\\\/tour-dendera-e-abydos-da-luxor\\\/#primaryimage\"},\"thumbnailUrl\":\"https:\\\/\\\/egytourpackages.com\\\/wp-content\\\/uploads\\\/2023\\\/08\\\/Dendera-temple-Qena.jpg\",\"datePublished\":\"2023-08-25T13:03:52+00:00\",\"dateModified\":\"2026-01-09T12:02:48+00:00\",\"description\":\"Tour Dendera e Abydos da Luxor | Esplora la Lampada di Dendera, le Cripte di Dendera, la Cappella di Osiride, la Lista dei Re di Abydos, l'Osireion e il Tempio di Ramesse.\",\"breadcrumb\":{\"@id\":\"https:\\\/\\\/egytourpackages.com\\\/it\\\/tour\\\/tour-dendera-e-abydos-da-luxor\\\/#breadcrumb\"},\"inLanguage\":\"it-IT\",\"potentialAction\":[{\"@type\":\"ReadAction\",\"target\":[\"https:\\\/\\\/egytourpackages.com\\\/it\\\/tour\\\/tour-dendera-e-abydos-da-luxor\\\/\"]}]},{\"@type\":\"ImageObject\",\"inLanguage\":\"it-IT\",\"@id\":\"https:\\\/\\\/egytourpackages.com\\\/it\\\/tour\\\/tour-dendera-e-abydos-da-luxor\\\/#primaryimage\",\"url\":\"https:\\\/\\\/egytourpackages.com\\\/wp-content\\\/uploads\\\/2023\\\/08\\\/Dendera-temple-Qena.jpg\",\"contentUrl\":\"https:\\\/\\\/egytourpackages.com\\\/wp-content\\\/uploads\\\/2023\\\/08\\\/Dendera-temple-Qena.jpg\",\"width\":2000,\"height\":1500,\"caption\":\"Tour Dendera e Abydos da Luxor\"},{\"@type\":\"BreadcrumbList\",\"@id\":\"https:\\\/\\\/egytourpackages.com\\\/it\\\/tour\\\/tour-dendera-e-abydos-da-luxor\\\/#breadcrumb\",\"itemListElement\":[{\"@type\":\"ListItem\",\"position\":1,\"name\":\"Home\",\"item\":\"https:\\\/\\\/egytourpackages.com\\\/it\\\/\"},{\"@type\":\"ListItem\",\"position\":2,\"name\":\"Negozio\",\"item\":\"https:\\\/\\\/egytourpackages.com\\\/it\\\/negozio\\\/\"},{\"@type\":\"ListItem\",\"position\":3,\"name\":\"Tour Dendera e Abydos da Luxor\"}]},{\"@type\":\"WebSite\",\"@id\":\"https:\\\/\\\/egytourpackages.com\\\/it\\\/#website\",\"url\":\"https:\\\/\\\/egytourpackages.com\\\/it\\\/\",\"name\":\"Egy tour packages\",\"description\":\"\",\"publisher\":{\"@id\":\"https:\\\/\\\/egytourpackages.com\\\/it\\\/#organization\"},\"potentialAction\":[{\"@type\":\"SearchAction\",\"target\":{\"@type\":\"EntryPoint\",\"urlTemplate\":\"https:\\\/\\\/egytourpackages.com\\\/it\\\/?s={search_term_string}\"},\"query-input\":{\"@type\":\"PropertyValueSpecification\",\"valueRequired\":true,\"valueName\":\"search_term_string\"}}],\"inLanguage\":\"it-IT\"},{\"@type\":[\"Organization\",\"Place\",\"TravelAgency\"],\"@id\":\"https:\\\/\\\/egytourpackages.com\\\/it\\\/#organization\",\"name\":\"egypt tour packages\",\"alternateName\":\"egypt tour packages\",\"url\":\"https:\\\/\\\/egytourpackages.com\\\/it\\\/\",\"logo\":{\"@id\":\"https:\\\/\\\/egytourpackages.com\\\/it\\\/tour\\\/tour-dendera-e-abydos-da-luxor\\\/#local-main-organization-logo\"},\"image\":{\"@id\":\"https:\\\/\\\/egytourpackages.com\\\/it\\\/tour\\\/tour-dendera-e-abydos-da-luxor\\\/#local-main-organization-logo\"},\"sameAs\":[\"https:\\\/\\\/www.facebook.com\\\/egytourpackages\"],\"legalName\":\"Egy tour packages\",\"address\":{\"@id\":\"https:\\\/\\\/egytourpackages.com\\\/it\\\/tour\\\/tour-dendera-e-abydos-da-luxor\\\/#local-main-place-address\"},\"telephone\":[\"00201000852186\",\"00201028685533\"],\"contactPoint\":{\"@type\":\"ContactPoint\",\"telephone\":\"00201000852186\"},\"openingHoursSpecification\":[{\"@type\":\"OpeningHoursSpecification\",\"dayOfWeek\":[\"Monday\",\"Tuesday\",\"Wednesday\",\"Thursday\",\"Friday\",\"Saturday\",\"Sunday\"],\"opens\":\"00:00\",\"closes\":\"23:59\"}],\"email\":\"info@egytourpackages.com\",\"areaServed\":\"Cairo, Hurghada, Luxor, Sharm El Sheikh, Marsa Alam, Aswan\",\"priceRange\":\"$\",\"currenciesAccepted\":\"euro\",\"paymentAccepted\":\"Payment links online\"},{\"@type\":\"PostalAddress\",\"@id\":\"https:\\\/\\\/egytourpackages.com\\\/it\\\/tour\\\/tour-dendera-e-abydos-da-luxor\\\/#local-main-place-address\",\"streetAddress\":\"Mubarak 8, Al Kawthar District, Hurghada\",\"addressLocality\":\"Hurghada\",\"postalCode\":\"84511\",\"addressRegion\":\"Red Sea\",\"addressCountry\":\"EG\"},{\"@type\":\"ImageObject\",\"inLanguage\":\"it-IT\",\"@id\":\"https:\\\/\\\/egytourpackages.com\\\/it\\\/tour\\\/tour-dendera-e-abydos-da-luxor\\\/#local-main-organization-logo\",\"url\":\"https:\\\/\\\/egytourpackages.com\\\/wp-content\\\/uploads\\\/2025\\\/12\\\/Turquoise-Dahabiya-Nile-Cruise-1.jpeg\",\"contentUrl\":\"https:\\\/\\\/egytourpackages.com\\\/wp-content\\\/uploads\\\/2025\\\/12\\\/Turquoise-Dahabiya-Nile-Cruise-1.jpeg\",\"width\":1040,\"height\":694,\"caption\":\"egypt tour packages\"}]}<\/script>\n<meta property=\"product:brand\" content=\"Escursioni giornaliere a Luxor\" \/>\n<meta property=\"product:price:amount\" content=\"100\" \/>\n<meta property=\"product:price:currency\" content=\"EUR\" \/>\n<meta property=\"og:availability\" content=\"instock\" \/>\n<meta property=\"product:availability\" content=\"instock\" \/>\n<meta property=\"product:retailer_item_id\" content=\"LDT01\" \/>\n<meta property=\"product:condition\" content=\"new\" \/>\n<meta name=\"geo.placename\" content=\"Hurghada\" \/>\n<meta name=\"geo.region\" content=\"Egitto\" \/>\n<!-- \/ Yoast SEO Premium plugin. -->","yoast_head_json":{"title":"Tour Dendera e Abydos da Luxor | I migliori tour in Egitto","description":"Tour Dendera e Abydos da Luxor | Esplora la Lampada di Dendera, le Cripte di Dendera, la Cappella di Osiride, la Lista dei Re di Abydos, l'Osireion e il Tempio di Ramesse.","robots":{"index":"index","follow":"follow","max-snippet":"max-snippet:-1","max-image-preview":"max-image-preview:large","max-video-preview":"max-video-preview:-1"},"canonical":"https:\/\/egytourpackages.com\/it\/tour\/tour-dendera-e-abydos-da-luxor\/","og_locale":"it_IT","og_type":"article","og_title":"Tour Dendera e Abydos da Luxor","og_description":"Tour Dendera e Abydos da Luxor | Esplora la Lampada di Dendera, le Cripte di Dendera, la Cappella di Osiride, la Lista dei Re di Abydos, l'Osireion e il Tempio di Ramesse.","og_url":"https:\/\/egytourpackages.com\/it\/tour\/tour-dendera-e-abydos-da-luxor\/","og_site_name":"Pacchetti tour in Egitto","article_publisher":"https:\/\/www.facebook.com\/egytourpackages","article_modified_time":"2026-01-09T12:02:48+00:00","og_image":[{"url":"https:\/\/egytourpackages.com\/wp-content\/uploads\/2023\/08\/Dendera-temple-Qena-1024x768.jpg","type":"","width":"","height":""}],"twitter_card":"summary_large_image","twitter_title":"Tour Dendera e Abydos da Luxor","twitter_description":"Tour Dendera e Abydos da Luxor | Esplora la Lampada di Dendera, le Cripte di Dendera, la Cappella di Osiride, la Lista dei Re di Abydos, l'Osireion e il Tempio di Ramesse.","twitter_image":"https:\/\/egytourpackages.com\/wp-content\/uploads\/2023\/08\/Dendera-temple-Qena-1024x768.jpg","twitter_misc":{"Prezzo":"&euro;100","Disponibilit\u00e0":"In stock"},"schema":{"@context":"https:\/\/schema.org","@graph":[{"@type":"WebPage","@id":"https:\/\/egytourpackages.com\/it\/tour\/tour-dendera-e-abydos-da-luxor\/","url":"https:\/\/egytourpackages.com\/it\/tour\/tour-dendera-e-abydos-da-luxor\/","name":"Tour Dendera e Abydos da Luxor | I migliori tour in Egitto","isPartOf":{"@id":"https:\/\/egytourpackages.com\/it\/#website"},"primaryImageOfPage":{"@id":"https:\/\/egytourpackages.com\/it\/tour\/tour-dendera-e-abydos-da-luxor\/#primaryimage"},"image":{"@id":"https:\/\/egytourpackages.com\/it\/tour\/tour-dendera-e-abydos-da-luxor\/#primaryimage"},"thumbnailUrl":"https:\/\/egytourpackages.com\/wp-content\/uploads\/2023\/08\/Dendera-temple-Qena.jpg","datePublished":"2023-08-25T13:03:52+00:00","dateModified":"2026-01-09T12:02:48+00:00","description":"Tour Dendera e Abydos da Luxor | Esplora la Lampada di Dendera, le Cripte di Dendera, la Cappella di Osiride, la Lista dei Re di Abydos, l'Osireion e il Tempio di Ramesse.","breadcrumb":{"@id":"https:\/\/egytourpackages.com\/it\/tour\/tour-dendera-e-abydos-da-luxor\/#breadcrumb"},"inLanguage":"it-IT","potentialAction":[{"@type":"ReadAction","target":["https:\/\/egytourpackages.com\/it\/tour\/tour-dendera-e-abydos-da-luxor\/"]}]},{"@type":"ImageObject","inLanguage":"it-IT","@id":"https:\/\/egytourpackages.com\/it\/tour\/tour-dendera-e-abydos-da-luxor\/#primaryimage","url":"https:\/\/egytourpackages.com\/wp-content\/uploads\/2023\/08\/Dendera-temple-Qena.jpg","contentUrl":"https:\/\/egytourpackages.com\/wp-content\/uploads\/2023\/08\/Dendera-temple-Qena.jpg","width":2000,"height":1500,"caption":"Tour Dendera e Abydos da Luxor"},{"@type":"BreadcrumbList","@id":"https:\/\/egytourpackages.com\/it\/tour\/tour-dendera-e-abydos-da-luxor\/#breadcrumb","itemListElement":[{"@type":"ListItem","position":1,"name":"Home","item":"https:\/\/egytourpackages.com\/it\/"},{"@type":"ListItem","position":2,"name":"Negozio","item":"https:\/\/egytourpackages.com\/it\/negozio\/"},{"@type":"ListItem","position":3,"name":"Tour Dendera e Abydos da Luxor"}]},{"@type":"WebSite","@id":"https:\/\/egytourpackages.com\/it\/#website","url":"https:\/\/egytourpackages.com\/it\/","name":"Egy tour packages","description":"","publisher":{"@id":"https:\/\/egytourpackages.com\/it\/#organization"},"potentialAction":[{"@type":"SearchAction","target":{"@type":"EntryPoint","urlTemplate":"https:\/\/egytourpackages.com\/it\/?s={search_term_string}"},"query-input":{"@type":"PropertyValueSpecification","valueRequired":true,"valueName":"search_term_string"}}],"inLanguage":"it-IT"},{"@type":["Organization","Place","TravelAgency"],"@id":"https:\/\/egytourpackages.com\/it\/#organization","name":"egypt tour packages","alternateName":"egypt tour packages","url":"https:\/\/egytourpackages.com\/it\/","logo":{"@id":"https:\/\/egytourpackages.com\/it\/tour\/tour-dendera-e-abydos-da-luxor\/#local-main-organization-logo"},"image":{"@id":"https:\/\/egytourpackages.com\/it\/tour\/tour-dendera-e-abydos-da-luxor\/#local-main-organization-logo"},"sameAs":["https:\/\/www.facebook.com\/egytourpackages"],"legalName":"Egy tour packages","address":{"@id":"https:\/\/egytourpackages.com\/it\/tour\/tour-dendera-e-abydos-da-luxor\/#local-main-place-address"},"telephone":["00201000852186","00201028685533"],"contactPoint":{"@type":"ContactPoint","telephone":"00201000852186"},"openingHoursSpecification":[{"@type":"OpeningHoursSpecification","dayOfWeek":["Monday","Tuesday","Wednesday","Thursday","Friday","Saturday","Sunday"],"opens":"00:00","closes":"23:59"}],"email":"info@egytourpackages.com","areaServed":"Cairo, Hurghada, Luxor, Sharm El Sheikh, Marsa Alam, Aswan","priceRange":"$","currenciesAccepted":"euro","paymentAccepted":"Payment links online"},{"@type":"PostalAddress","@id":"https:\/\/egytourpackages.com\/it\/tour\/tour-dendera-e-abydos-da-luxor\/#local-main-place-address","streetAddress":"Mubarak 8, Al Kawthar District, Hurghada","addressLocality":"Hurghada","postalCode":"84511","addressRegion":"Red Sea","addressCountry":"EG"},{"@type":"ImageObject","inLanguage":"it-IT","@id":"https:\/\/egytourpackages.com\/it\/tour\/tour-dendera-e-abydos-da-luxor\/#local-main-organization-logo","url":"https:\/\/egytourpackages.com\/wp-content\/uploads\/2025\/12\/Turquoise-Dahabiya-Nile-Cruise-1.jpeg","contentUrl":"https:\/\/egytourpackages.com\/wp-content\/uploads\/2025\/12\/Turquoise-Dahabiya-Nile-Cruise-1.jpeg","width":1040,"height":694,"caption":"egypt tour packages"}]},"product_brand":"Escursioni giornaliere a Luxor","product_price_amount":"100","product_price_currency":"EUR","og_availability":"instock","product_availability":"instock","product_retailer_item_id":"LDT01","product_condition":"new","geo.placename":"Hurghada","geo.region":"Egitto"},"_links":{"self":[{"href":"https:\/\/egytourpackages.com\/it\/wp-json\/wp\/v2\/product\/4102","targetHints":{"allow":["GET"]}}],"collection":[{"href":"https:\/\/egytourpackages.com\/it\/wp-json\/wp\/v2\/product"}],"about":[{"href":"https:\/\/egytourpackages.com\/it\/wp-json\/wp\/v2\/types\/product"}],"replies":[{"embeddable":true,"href":"https:\/\/egytourpackages.com\/it\/wp-json\/wp\/v2\/comments?post=4102"}],"wp:featuredmedia":[{"embeddable":true,"href":"https:\/\/egytourpackages.com\/it\/wp-json\/wp\/v2\/media\/2958"}],"wp:attachment":[{"href":"https:\/\/egytourpackages.com\/it\/wp-json\/wp\/v2\/media?parent=4102"}],"wp:term":[{"taxonomy":"product_brand","embeddable":true,"href":"https:\/\/egytourpackages.com\/it\/wp-json\/wp\/v2\/product_brand?post=4102"},{"taxonomy":"product_cat","embeddable":true,"href":"https:\/\/egytourpackages.com\/it\/wp-json\/wp\/v2\/product_cat?post=4102"},{"taxonomy":"product_tag","embeddable":true,"href":"https:\/\/egytourpackages.com\/it\/wp-json\/wp\/v2\/product_tag?post=4102"}],"curies":[{"name":"wp","href":"https:\/\/api.w.org\/{rel}","templated":true}]}}