{"id":4225,"date":"2025-05-24T22:03:54","date_gmt":"2025-05-24T22:03:54","guid":{"rendered":"https:\/\/egytourpackages.com\/product\/quad-makadi-bay-mattina\/"},"modified":"2026-01-28T23:48:15","modified_gmt":"2026-01-28T23:48:15","slug":"quad-makadi-bay-mattina","status":"publish","type":"product","link":"https:\/\/egytourpackages.com\/it\/tour\/quad-makadi-bay-mattina\/","title":{"rendered":"Quad Makadi Bay mattina"},"content":{"rendered":"<p><strong><span style=\"color: #ff6600;\">Quad Makadi Bay mattina<\/span><\/strong><\/p>\n<h3>Panoramica<\/h3>\n<p>Prenota la tua<strong> Quad Makadi Bay mattina <\/strong>e vivi un&#8217;esperienza che combina <strong>avventure di guida<\/strong>, <strong>natura<\/strong> e <strong>cultura<\/strong> in un unico entusiasmante pacchetto. Il <strong>Safari nel Deserto in Quad al Mattino da Hurghada<\/strong> \u00e8 pi\u00f9 di un semplice giro; \u00e8 un&#8217;esperienza che unisce <strong>avventura<\/strong>, <strong>natura<\/strong> e <strong>cultura<\/strong> in un unico pacchetto esilarante.<\/p>\n<p>Prenota a prezzo conveniente le <a href=\"https:\/\/egytourpackages.com\/it\/categoria%20di%20tour\/escursioni-makadi-bay\/\">escursioni a Makadi Bay<\/a>: un safari nel deserto di 3 ore al mattino da tutti gli hotel di Makadi Bay. Scopri le <strong>migliori cose da fare a Hurghada<\/strong> con l&#8217;<strong>avventura ATV off-road<\/strong> da Makadi Bay. Indubbiamente, il <strong>quad safari a Makadi Bay al mattino<\/strong> offre attivit\u00e0 all&#8217;aperto per tutti. Questa esperienza guidata <strong>off-road<\/strong> ti porta nel cuore del <strong>Deserto Orientale<\/strong>, dove ti aspettano dune dorate e l&#8217;antica cultura beduina. Sali a bordo del tuo potente <strong>quad bike Makadi Bay<\/strong> e naviga attraverso dune dorate, sentendo l&#8217;eccitazione del giro mentre il sole mattutino proietta un bagliore magico sulla vasta distesa.<\/p>\n<p>Assicurati il tuo posto per la migliore esperienza di <strong>quad safari a Makadi Bay al mattino<\/strong> e crea ricordi duraturi, specialmente quando visiti un <strong>villaggio beduino<\/strong>, sorseggi il t\u00e8 tradizionale, fai un <strong>giro in cammello<\/strong> e aggiungi un tocco culturale alla tua emozionante escursione. Prenota il tuo <strong>ATV Hurghada mattina<\/strong> per un <strong>inizio emozionante<\/strong> della tua giornata in Egitto!<\/p>\n<h3>Dettagli del Tour<\/h3>\n<p><strong>Durata:<\/strong> 4 ore<\/p>\n<p><strong>Localit\u00e0 del Tour:<\/strong> Deserto Orientale Hurghada<\/p>\n<p><strong>Disponibilit\u00e0 Tour:<\/strong> Tutti i giorni<\/p>\n<p><strong>Prelievo &amp; Rientro:<\/strong> Tutti gli hotel di Makadi Bay<\/p>\n<p><strong>Tipo di Tour:<\/strong> Gruppo \/ Privato<\/p>\n<p><strong>Sedia a rotelle:<\/strong> Accessibile<\/p>\n<p><strong>Punti Salienti del Tour<\/strong><\/p>\n<ul>\n<li><strong>Giro in ATV<\/strong> per circa 35 km<\/li>\n<li><strong>Giro in cammello<\/strong><\/li>\n<li>Esplora lo <strong>stile di vita beduino<\/strong><\/li>\n<\/ul>\n<h3>Inclusioni<\/h3>\n<ul>\n<li>Prelievo e rientro dagli hotel di Hurghada<\/li>\n<li>Guida professionale del deserto<\/li>\n<li><strong>Giro in cammello nel deserto<\/strong><\/li>\n<li><strong>Tour del Villaggio Beduino<\/strong> con T\u00e8 Beduino<\/li>\n<li>Test drive prima dell&#8217;inizio del tour<\/li>\n<li>ATV Singolo (Beach Buggy)<\/li>\n<li>Tutti i costi di servizio e le tasse sono inclusi nel prezzo<\/li>\n<\/ul>\n<h3>Esclusioni<\/h3>\n<ul>\n<li>DVD e foto del cameraman<\/li>\n<li>Mance<\/li>\n<li>Prelievo e rientro da Makadi Bay, Sahl Hasheesh, El Gouna, Soma Bay, Safaga (se applicabile, o se si riferisce a supplementi)<\/li>\n<\/ul>\n<h3>Cosa portare con s\u00e9<\/h3>\n<ul>\n<li>Copia del passaporto<\/li>\n<li>Cappello, Occhiali da sole &amp; Crema solare<\/li>\n<li>Scarpe e vestiti comodi<\/li>\n<\/ul>\n<h3>Si prega di notare<\/h3>\n<ul>\n<li>\u00c8 consentito guidare quad ATV dall&#8217;et\u00e0 di 16 anni<\/li>\n<li>Tutte le nostre escursioni sono completamente assicurate<\/li>\n<li>Sciarpe (5 euro)<\/li>\n<li>Occhiali protettivi a noleggio (2 euro a pezzo)<\/li>\n<\/ul>\n<h2>Itinerario<\/h2>\n<p>Dopo l&#8217;orario di prelievo dal tuo hotel, e all&#8217;arrivo alle stazioni Quad, una guida esperta fornir\u00e0 un briefing sulla sicurezza e ti insegner\u00e0 come maneggiare i quad. Infatti, uno dei punti salienti del tour \u00e8 la visita a un tradizionale <strong>campo beduino<\/strong>, dove puoi fare una pausa, goderti un <strong>giro in cammello<\/strong>, assaporare il t\u00e8 locale e imparare le <strong>tradizioni beduine<\/strong>. <strong>Egy tour packages<\/strong> offre questo <strong>safari nel deserto a Makadi Bay al mattino<\/strong> ogni giorno per motociclisti singoli o doppi al mattino.<\/p>\n<p>Se stai cercando i migliori <strong>Tour Safari<\/strong> per <strong>viaggiatori singoli, coppie, famiglie<\/strong> con un <strong>prezzo economico di gruppo<\/strong> per vivere un&#8217;<strong>avventura unica<\/strong> nel <strong>deserto del Mar Rosso<\/strong>, prenota ora con noi e ottieni <strong>Momenti Indimenticabili<\/strong>.<\/p>\n<h3>Prezzo Quad Makadi Bay mattina<\/h3>\n<p>Prezzo Adulto: 30 $<\/p>\n<p>Bambini 0-5 anni: gratuito<\/p>\n<p>Bambini 5-11 anni: 50% del prezzo adulto<\/p>\n<h3>Prenotazione<\/h3>\n<p>Puoi prenotare il tuo tour tramite WhatsApp o inviarci un&#8217;e-mail e riceverai la conferma immediata. Per favore, inviaci il nome del tuo hotel, il numero della camera e le copie del passaporto.<\/p>\n<p><strong>Numero WhatsApp:<\/strong> +201000852186<\/p>\n<p>info@egytourpackages.com<\/p>\n<h3>Prenota Ora &amp; Paga sul Posto<\/h3>\n<p>Prenota il tuo tour preferito e paga il giorno del viaggio.<\/p>\n<h3>Pagamento<\/h3>\n<p>Puoi pagare in lire egiziane, $, \u20ac o \u00a3.<\/p>\n<h3>Politica di Cancellazione<\/h3>\n<p><b>\u00a0<\/b>fino a 24 ore prima. La cancellazione mattutina \u00e8 del 50% del prezzo.<\/p>\n","protected":false},"excerpt":{"rendered":"<p>Quad Makadi Bay mattina | Goditi un&#8217;esperienza che combina avventure di guida, natura e cultura in un unico entusiasmante pacchetto.<\/p>\n","protected":false},"featured_media":3538,"comment_status":"open","ping_status":"closed","template":"","meta":[],"product_brand":[],"product_cat":[1910],"product_tag":[1918,1915,1914],"class_list":{"0":"post-4225","1":"product","2":"type-product","3":"status-publish","4":"has-post-thumbnail","6":"product_cat-tour","7":"product_tag-escursioni-hurghada","8":"product_tag-escursioni-makadi-bay","9":"product_tag-tour-giornalieri-in-egitto","10":"tour_category-escursioni-makadi-bay","11":"tour_category-safari-nel-deserto-di-hurghada","12":"tour_category-tour-giornalieri-in-egitto-it","14":"first","15":"instock","16":"sale","17":"shipping-taxable","18":"purchasable","19":"product-type-tour","20":"has-default-attributes"},"yoast_head":"<!-- This site is optimized with the Yoast SEO Premium plugin v27.2 (Yoast SEO v27.2) - https:\/\/yoast.com\/product\/yoast-seo-premium-wordpress\/ -->\n<title>Quad Makadi Bay mattina<\/title>\n<meta name=\"description\" content=\"Quad Makadi Bay mattina | Goditi un&#039;esperienza che combina avventure di guida, natura e cultura in un unico entusiasmante pacchetto.\" \/>\n<meta name=\"robots\" content=\"index, follow, max-snippet:-1, max-image-preview:large, max-video-preview:-1\" \/>\n<link rel=\"canonical\" href=\"https:\/\/egytourpackages.com\/it\/tour\/quad-makadi-bay-mattina\/\" \/>\n<meta property=\"og:locale\" content=\"it_IT\" \/>\n<meta property=\"og:type\" content=\"article\" \/>\n<meta property=\"og:title\" content=\"Quad Makadi Bay mattina\" \/>\n<meta property=\"og:description\" content=\"Quad Makadi Bay mattina | Goditi un&#039;esperienza che combina avventure di guida, natura e cultura in un unico entusiasmante pacchetto.\" \/>\n<meta property=\"og:url\" content=\"https:\/\/egytourpackages.com\/it\/tour\/quad-makadi-bay-mattina\/\" \/>\n<meta property=\"og:site_name\" content=\"Pacchetti tour in Egitto\" \/>\n<meta property=\"article:publisher\" content=\"https:\/\/www.facebook.com\/egytourpackages\" \/>\n<meta property=\"article:modified_time\" content=\"2026-01-28T23:48:15+00:00\" \/>\n<meta property=\"og:image\" content=\"https:\/\/egytourpackages.com\/wp-content\/uploads\/2025\/03\/Camel-ride-Hurghada-safari-1024x682.jpeg\" \/>\n<meta name=\"twitter:card\" content=\"summary_large_image\" \/>\n<meta name=\"twitter:title\" content=\"Quad Makadi Bay mattina\" \/>\n<meta name=\"twitter:label1\" content=\"Prezzo\" \/>\n\t<meta name=\"twitter:data1\" content=\"&euro;20\" \/>\n\t<meta name=\"twitter:label2\" content=\"Disponibilit\u00e0\" \/>\n\t<meta name=\"twitter:data2\" content=\"In stock\" \/>\n<script type=\"application\/ld+json\" class=\"yoast-schema-graph\">{\"@context\":\"https:\/\/schema.org\",\"@graph\":[{\"@type\":\"WebPage\",\"@id\":\"https:\/\/egytourpackages.com\/it\/tour\/quad-makadi-bay-mattina\/\",\"url\":\"https:\/\/egytourpackages.com\/it\/tour\/quad-makadi-bay-mattina\/\",\"name\":\"Quad Makadi Bay mattina\",\"isPartOf\":{\"@id\":\"https:\/\/egytourpackages.com\/it\/#website\"},\"primaryImageOfPage\":{\"@id\":\"https:\/\/egytourpackages.com\/it\/tour\/quad-makadi-bay-mattina\/#primaryimage\"},\"image\":{\"@id\":\"https:\/\/egytourpackages.com\/it\/tour\/quad-makadi-bay-mattina\/#primaryimage\"},\"thumbnailUrl\":\"https:\/\/egytourpackages.com\/wp-content\/uploads\/2025\/03\/Camel-ride-Hurghada-safari.jpeg\",\"datePublished\":\"2025-05-24T22:03:54+00:00\",\"dateModified\":\"2026-01-28T23:48:15+00:00\",\"description\":\"Quad Makadi Bay mattina | Goditi un'esperienza che combina avventure di guida, natura e cultura in un unico entusiasmante pacchetto.\",\"breadcrumb\":{\"@id\":\"https:\/\/egytourpackages.com\/it\/tour\/quad-makadi-bay-mattina\/#breadcrumb\"},\"inLanguage\":\"it-IT\",\"potentialAction\":[{\"@type\":\"ReadAction\",\"target\":[\"https:\/\/egytourpackages.com\/it\/tour\/quad-makadi-bay-mattina\/\"]}]},{\"@type\":\"ImageObject\",\"inLanguage\":\"it-IT\",\"@id\":\"https:\/\/egytourpackages.com\/it\/tour\/quad-makadi-bay-mattina\/#primaryimage\",\"url\":\"https:\/\/egytourpackages.com\/wp-content\/uploads\/2025\/03\/Camel-ride-Hurghada-safari.jpeg\",\"contentUrl\":\"https:\/\/egytourpackages.com\/wp-content\/uploads\/2025\/03\/Camel-ride-Hurghada-safari.jpeg\",\"width\":1280,\"height\":853,\"caption\":\"Giro in Cammello Safari Hurghada\"},{\"@type\":\"BreadcrumbList\",\"@id\":\"https:\/\/egytourpackages.com\/it\/tour\/quad-makadi-bay-mattina\/#breadcrumb\",\"itemListElement\":[{\"@type\":\"ListItem\",\"position\":1,\"name\":\"Home\",\"item\":\"https:\/\/egytourpackages.com\/it\/\"},{\"@type\":\"ListItem\",\"position\":2,\"name\":\"Negozio\",\"item\":\"https:\/\/egytourpackages.com\/it\/negozio\/\"},{\"@type\":\"ListItem\",\"position\":3,\"name\":\"Quad Makadi Bay mattina\"}]},{\"@type\":\"WebSite\",\"@id\":\"https:\/\/egytourpackages.com\/it\/#website\",\"url\":\"https:\/\/egytourpackages.com\/it\/\",\"name\":\"Egy tour packages\",\"description\":\"\",\"publisher\":{\"@id\":\"https:\/\/egytourpackages.com\/it\/#organization\"},\"potentialAction\":[{\"@type\":\"SearchAction\",\"target\":{\"@type\":\"EntryPoint\",\"urlTemplate\":\"https:\/\/egytourpackages.com\/it\/?s={search_term_string}\"},\"query-input\":{\"@type\":\"PropertyValueSpecification\",\"valueRequired\":true,\"valueName\":\"search_term_string\"}}],\"inLanguage\":\"it-IT\"},{\"@type\":[\"Organization\",\"Place\",\"TravelAgency\"],\"@id\":\"https:\/\/egytourpackages.com\/it\/#organization\",\"name\":\"egypt tour packages\",\"alternateName\":\"egypt tour packages\",\"url\":\"https:\/\/egytourpackages.com\/it\/\",\"logo\":{\"@id\":\"https:\/\/egytourpackages.com\/it\/tour\/quad-makadi-bay-mattina\/#local-main-organization-logo\"},\"image\":{\"@id\":\"https:\/\/egytourpackages.com\/it\/tour\/quad-makadi-bay-mattina\/#local-main-organization-logo\"},\"sameAs\":[\"https:\/\/www.facebook.com\/egytourpackages\"],\"legalName\":\"Egy tour packages\",\"address\":{\"@id\":\"https:\/\/egytourpackages.com\/it\/tour\/quad-makadi-bay-mattina\/#local-main-place-address\"},\"telephone\":[\"00201000852186\",\"00201028685533\"],\"contactPoint\":{\"@type\":\"ContactPoint\",\"telephone\":\"00201000852186\"},\"openingHoursSpecification\":[{\"@type\":\"OpeningHoursSpecification\",\"dayOfWeek\":[\"Monday\",\"Tuesday\",\"Wednesday\",\"Thursday\",\"Friday\",\"Saturday\",\"Sunday\"],\"opens\":\"00:00\",\"closes\":\"23:59\"}],\"email\":\"info@egytourpackages.com\",\"areaServed\":\"Cairo, Hurghada, Luxor, Sharm El Sheikh, Marsa Alam, Aswan\",\"priceRange\":\"$\",\"currenciesAccepted\":\"euro\",\"paymentAccepted\":\"Payment links online\"},{\"@type\":\"PostalAddress\",\"@id\":\"https:\/\/egytourpackages.com\/it\/tour\/quad-makadi-bay-mattina\/#local-main-place-address\",\"streetAddress\":\"Mubarak 8, Al Kawthar District, Hurghada\",\"addressLocality\":\"Hurghada\",\"postalCode\":\"84511\",\"addressRegion\":\"Red Sea\",\"addressCountry\":\"EG\"},{\"@type\":\"ImageObject\",\"inLanguage\":\"it-IT\",\"@id\":\"https:\/\/egytourpackages.com\/it\/tour\/quad-makadi-bay-mattina\/#local-main-organization-logo\",\"url\":\"https:\/\/egytourpackages.com\/wp-content\/uploads\/2025\/12\/Turquoise-Dahabiya-Nile-Cruise-1.jpeg\",\"contentUrl\":\"https:\/\/egytourpackages.com\/wp-content\/uploads\/2025\/12\/Turquoise-Dahabiya-Nile-Cruise-1.jpeg\",\"width\":1040,\"height\":694,\"caption\":\"egypt tour packages\"}]}<\/script>\n<meta property=\"product:brand\" content=\"Escursioni Makadi Bay\" \/>\n<meta property=\"product:price:amount\" content=\"20\" \/>\n<meta property=\"product:price:currency\" content=\"EUR\" \/>\n<meta property=\"og:availability\" content=\"instock\" \/>\n<meta property=\"product:availability\" content=\"instock\" \/>\n<meta property=\"product:retailer_item_id\" content=\"MBE07\" \/>\n<meta property=\"product:condition\" content=\"new\" \/>\n<meta name=\"geo.placename\" content=\"Hurghada\" \/>\n<meta name=\"geo.region\" content=\"Egitto\" \/>\n<!-- \/ Yoast SEO Premium plugin. -->","yoast_head_json":{"title":"Quad Makadi Bay mattina","description":"Quad Makadi Bay mattina | Goditi un'esperienza che combina avventure di guida, natura e cultura in un unico entusiasmante pacchetto.","robots":{"index":"index","follow":"follow","max-snippet":"max-snippet:-1","max-image-preview":"max-image-preview:large","max-video-preview":"max-video-preview:-1"},"canonical":"https:\/\/egytourpackages.com\/it\/tour\/quad-makadi-bay-mattina\/","og_locale":"it_IT","og_type":"article","og_title":"Quad Makadi Bay mattina","og_description":"Quad Makadi Bay mattina | Goditi un'esperienza che combina avventure di guida, natura e cultura in un unico entusiasmante pacchetto.","og_url":"https:\/\/egytourpackages.com\/it\/tour\/quad-makadi-bay-mattina\/","og_site_name":"Pacchetti tour in Egitto","article_publisher":"https:\/\/www.facebook.com\/egytourpackages","article_modified_time":"2026-01-28T23:48:15+00:00","og_image":[{"url":"https:\/\/egytourpackages.com\/wp-content\/uploads\/2025\/03\/Camel-ride-Hurghada-safari-1024x682.jpeg","type":"","width":"","height":""}],"twitter_card":"summary_large_image","twitter_title":"Quad Makadi Bay mattina","twitter_misc":{"Prezzo":"&euro;20","Disponibilit\u00e0":"In stock"},"schema":{"@context":"https:\/\/schema.org","@graph":[{"@type":"WebPage","@id":"https:\/\/egytourpackages.com\/it\/tour\/quad-makadi-bay-mattina\/","url":"https:\/\/egytourpackages.com\/it\/tour\/quad-makadi-bay-mattina\/","name":"Quad Makadi Bay mattina","isPartOf":{"@id":"https:\/\/egytourpackages.com\/it\/#website"},"primaryImageOfPage":{"@id":"https:\/\/egytourpackages.com\/it\/tour\/quad-makadi-bay-mattina\/#primaryimage"},"image":{"@id":"https:\/\/egytourpackages.com\/it\/tour\/quad-makadi-bay-mattina\/#primaryimage"},"thumbnailUrl":"https:\/\/egytourpackages.com\/wp-content\/uploads\/2025\/03\/Camel-ride-Hurghada-safari.jpeg","datePublished":"2025-05-24T22:03:54+00:00","dateModified":"2026-01-28T23:48:15+00:00","description":"Quad Makadi Bay mattina | Goditi un'esperienza che combina avventure di guida, natura e cultura in un unico entusiasmante pacchetto.","breadcrumb":{"@id":"https:\/\/egytourpackages.com\/it\/tour\/quad-makadi-bay-mattina\/#breadcrumb"},"inLanguage":"it-IT","potentialAction":[{"@type":"ReadAction","target":["https:\/\/egytourpackages.com\/it\/tour\/quad-makadi-bay-mattina\/"]}]},{"@type":"ImageObject","inLanguage":"it-IT","@id":"https:\/\/egytourpackages.com\/it\/tour\/quad-makadi-bay-mattina\/#primaryimage","url":"https:\/\/egytourpackages.com\/wp-content\/uploads\/2025\/03\/Camel-ride-Hurghada-safari.jpeg","contentUrl":"https:\/\/egytourpackages.com\/wp-content\/uploads\/2025\/03\/Camel-ride-Hurghada-safari.jpeg","width":1280,"height":853,"caption":"Giro in Cammello Safari Hurghada"},{"@type":"BreadcrumbList","@id":"https:\/\/egytourpackages.com\/it\/tour\/quad-makadi-bay-mattina\/#breadcrumb","itemListElement":[{"@type":"ListItem","position":1,"name":"Home","item":"https:\/\/egytourpackages.com\/it\/"},{"@type":"ListItem","position":2,"name":"Negozio","item":"https:\/\/egytourpackages.com\/it\/negozio\/"},{"@type":"ListItem","position":3,"name":"Quad Makadi Bay mattina"}]},{"@type":"WebSite","@id":"https:\/\/egytourpackages.com\/it\/#website","url":"https:\/\/egytourpackages.com\/it\/","name":"Egy tour packages","description":"","publisher":{"@id":"https:\/\/egytourpackages.com\/it\/#organization"},"potentialAction":[{"@type":"SearchAction","target":{"@type":"EntryPoint","urlTemplate":"https:\/\/egytourpackages.com\/it\/?s={search_term_string}"},"query-input":{"@type":"PropertyValueSpecification","valueRequired":true,"valueName":"search_term_string"}}],"inLanguage":"it-IT"},{"@type":["Organization","Place","TravelAgency"],"@id":"https:\/\/egytourpackages.com\/it\/#organization","name":"egypt tour packages","alternateName":"egypt tour packages","url":"https:\/\/egytourpackages.com\/it\/","logo":{"@id":"https:\/\/egytourpackages.com\/it\/tour\/quad-makadi-bay-mattina\/#local-main-organization-logo"},"image":{"@id":"https:\/\/egytourpackages.com\/it\/tour\/quad-makadi-bay-mattina\/#local-main-organization-logo"},"sameAs":["https:\/\/www.facebook.com\/egytourpackages"],"legalName":"Egy tour packages","address":{"@id":"https:\/\/egytourpackages.com\/it\/tour\/quad-makadi-bay-mattina\/#local-main-place-address"},"telephone":["00201000852186","00201028685533"],"contactPoint":{"@type":"ContactPoint","telephone":"00201000852186"},"openingHoursSpecification":[{"@type":"OpeningHoursSpecification","dayOfWeek":["Monday","Tuesday","Wednesday","Thursday","Friday","Saturday","Sunday"],"opens":"00:00","closes":"23:59"}],"email":"info@egytourpackages.com","areaServed":"Cairo, Hurghada, Luxor, Sharm El Sheikh, Marsa Alam, Aswan","priceRange":"$","currenciesAccepted":"euro","paymentAccepted":"Payment links online"},{"@type":"PostalAddress","@id":"https:\/\/egytourpackages.com\/it\/tour\/quad-makadi-bay-mattina\/#local-main-place-address","streetAddress":"Mubarak 8, Al Kawthar District, Hurghada","addressLocality":"Hurghada","postalCode":"84511","addressRegion":"Red Sea","addressCountry":"EG"},{"@type":"ImageObject","inLanguage":"it-IT","@id":"https:\/\/egytourpackages.com\/it\/tour\/quad-makadi-bay-mattina\/#local-main-organization-logo","url":"https:\/\/egytourpackages.com\/wp-content\/uploads\/2025\/12\/Turquoise-Dahabiya-Nile-Cruise-1.jpeg","contentUrl":"https:\/\/egytourpackages.com\/wp-content\/uploads\/2025\/12\/Turquoise-Dahabiya-Nile-Cruise-1.jpeg","width":1040,"height":694,"caption":"egypt tour packages"}]},"product_brand":"Escursioni Makadi Bay","product_price_amount":"20","product_price_currency":"EUR","og_availability":"instock","product_availability":"instock","product_retailer_item_id":"MBE07","product_condition":"new","geo.placename":"Hurghada","geo.region":"Egitto"},"_links":{"self":[{"href":"https:\/\/egytourpackages.com\/it\/wp-json\/wp\/v2\/product\/4225","targetHints":{"allow":["GET"]}}],"collection":[{"href":"https:\/\/egytourpackages.com\/it\/wp-json\/wp\/v2\/product"}],"about":[{"href":"https:\/\/egytourpackages.com\/it\/wp-json\/wp\/v2\/types\/product"}],"replies":[{"embeddable":true,"href":"https:\/\/egytourpackages.com\/it\/wp-json\/wp\/v2\/comments?post=4225"}],"wp:featuredmedia":[{"embeddable":true,"href":"https:\/\/egytourpackages.com\/it\/wp-json\/wp\/v2\/media\/3538"}],"wp:attachment":[{"href":"https:\/\/egytourpackages.com\/it\/wp-json\/wp\/v2\/media?parent=4225"}],"wp:term":[{"taxonomy":"product_brand","embeddable":true,"href":"https:\/\/egytourpackages.com\/it\/wp-json\/wp\/v2\/product_brand?post=4225"},{"taxonomy":"product_cat","embeddable":true,"href":"https:\/\/egytourpackages.com\/it\/wp-json\/wp\/v2\/product_cat?post=4225"},{"taxonomy":"product_tag","embeddable":true,"href":"https:\/\/egytourpackages.com\/it\/wp-json\/wp\/v2\/product_tag?post=4225"}],"curies":[{"name":"wp","href":"https:\/\/api.w.org\/{rel}","templated":true}]}}