{"id":4226,"date":"2023-07-26T01:03:18","date_gmt":"2023-07-26T01:03:18","guid":{"rendered":"https:\/\/egytourpackages.com\/product\/tour-privato-al-cairo-da-el-gouna-in-aereo-tour-di-el-gouna\/"},"modified":"2026-01-28T21:09:11","modified_gmt":"2026-01-28T21:09:11","slug":"tour-privato-al-cairo-da-el-gouna-in-aereo-tour-di-el-gouna","status":"publish","type":"product","link":"https:\/\/egytourpackages.com\/it\/tour\/tour-privato-al-cairo-da-el-gouna-in-aereo-tour-di-el-gouna\/","title":{"rendered":"Tour Privato al Cairo da El Gouna in Aereo | Tour di El Gouna"},"content":{"rendered":"<p><span style=\"color: #ff6600;\"><strong>Tour Privato al Cairo da El Gouna in Aereo | <\/strong>Prenotazione Tour Privati Economici da El Gouna al Cairo in Aereo<\/span><\/p>\n<p><strong>Chiesa Sospesa, Fortezza Romana, Sinagoga Ben Ezra, Grand Egyptian Museum, Piramidi di Giza, Grande Sfinge, Tesori di Tutankhamon<\/strong><\/p>\n<p>Esplora le <strong>attrazioni del Cairo<\/strong> con il tuo <strong>tour privato al Cairo da El Gouna in aereo<\/strong> e i nostri <strong>tour in Egitto<\/strong>. Raggiungerai Il Cairo presto e avrai la possibilit\u00e0 di visitare la chiesa pi\u00f9 antica d&#8217;Egitto, <strong>Abu Serga<\/strong>, e la famosa <strong>Chiesa Sospesa<\/strong>. Inoltre, visiterai la pi\u00f9 antica <strong>Sinagoga Ben Ezra<\/strong> e la <strong>Fortezza Romana<\/strong> come parte dei tuoi <strong>tour giornalieri in Egitto<\/strong>. Ammirerai inoltre le famose <strong>Piramidi di Giza<\/strong>, la <strong>Grande Sfinge<\/strong> e il <strong>Grand Egyptian Museum<\/strong>. Alla fine dei tuoi <strong>tour giornalieri al Cairo<\/strong>, potrai goderti una breve crociera sul Nilo all&#8217;interno dei nostri <strong>tour Crociere sul Nilo<\/strong>. Contattaci e lascia che <strong>Egy tour packages<\/strong> organizzi le tue <a href=\"https:\/\/egytourpackages.com\/it\/categoria%20di%20tour\/escursioni-el-gouna\/\">escursioni da El Gouna<\/a> al Cairo con guida privata e i migliori servizi per soddisfare tutte le tue esigenze.<\/p>\n<h3>Dettagli del Tour<\/h3>\n<p><strong>Durata:<\/strong> 1 Giorno<\/p>\n<p><strong>Localit\u00e0 del Tour:<\/strong> Il Cairo \/ Giza<\/p>\n<p><strong>Disponibilit\u00e0 Tour:<\/strong> Tutti i giorni<\/p>\n<p><strong>Prelievo &amp; Rientro:<\/strong> Hotel di El Gouna<\/p>\n<p><strong>Tipo di Tour:<\/strong> Privato<\/p>\n<h3>Punti Salienti del Tour<\/h3>\n<ul>\n<li>Piramidi di Giza<\/li>\n<li>La Grande Sfinge<\/li>\n<li>Tempio della Valle<\/li>\n<li>Museo Egizio in Piazza Tahrir<\/li>\n<li>Chiesa Sospesa<\/li>\n<li>Chiesa di Abu Serga<\/li>\n<li>Sinagoga Ben Ezra<\/li>\n<li>Fortezza Romana<\/li>\n<\/ul>\n<h3>Incluso in questo tour<\/h3>\n<ul>\n<li>Biglietti d&#8217;ingresso per tutti i siti menzionati nel programma<\/li>\n<li>Biglietti aerei dall&#8217;aeroporto di Hurghada al Cairo e ritorno<\/li>\n<li><strong>Guida egittologo esperta e competente<\/strong><\/li>\n<li>Pranzo a Giza<\/li>\n<li>Trasferimento di andata e ritorno con veicolo nuovo di zecca<\/li>\n<\/ul>\n<h3>Escluso in questo programma<\/h3>\n<ul>\n<li>Bevande durante il pranzo<\/li>\n<li>Biglietto d&#8217;ingresso per la Piramide di Cheope<\/li>\n<li>Biglietto d&#8217;ingresso per la Piramide di Chefren<\/li>\n<li>Mance<\/li>\n<\/ul>\n<h2>Itinerario<\/h2>\n<h3>Giorno 1: Da El Gouna al Cairo<\/h3>\n<p>Il nostro rappresentante ti incontrer\u00e0 alla reception del tuo hotel a El Gouna per trasferirti all&#8217;aeroporto di Hurghada e prendere il tuo volo interno per Il Cairo. All&#8217;arrivo, la tua guida ti aspetter\u00e0 con il tuo nome su un cartello davanti alla sala arrivi dell&#8217;aeroporto del Cairo. Una volta in auto, ti dirigerai con la tua guida verso le <strong>attrazioni turistiche del Cairo<\/strong>, come:<\/p>\n<h3>Vecchio Cairo<\/h3>\n<p>Il <strong>Vecchio Cairo<\/strong> \u00e8 un&#8217;area molto importante che include molti monumenti romani, cristiani, ebraici e islamici. Visiterai la <strong>Fortezza Romana di Babilonia<\/strong>, risalente al I secolo d.C., un tempo possente fortezza che custodiva l&#8217;ingresso strategico del Nilo alla capitale d&#8217;Egitto. Prosegui con la tua guida per visitare la <strong>Chiesa Sospesa<\/strong>, una delle chiese pi\u00f9 antiche d&#8217;Egitto, costruita su due torri dell&#8217;antica <strong>Fortezza Romana di Babilonia<\/strong>. La chiesa \u00e8 famosa per le sue <strong>Icone<\/strong> ed era dedicata alla <strong>Vergine Maria<\/strong>.<\/p>\n<p>Cammina con la tua guida per vedere la chiesa pi\u00f9 antica d&#8217;Egitto, conosciuta come la <strong>Chiesa dei Santi Sergio e Bacco<\/strong> o <strong>Chiesa di Abu Serga<\/strong>. Infatti, si ritiene che questa chiesa sia stata costruita nel punto esatto in cui la <strong>Sacra Famiglia<\/strong> (Giuseppe, la <strong>Vergine Maria<\/strong> e il bambino Ges\u00f9) cerc\u00f2 rifugio durante la loro fuga in Egitto. Termina il tuo tour con la <strong>Sinagoga Ben Ezra<\/strong>, uno dei siti ebraici pi\u00f9 importanti e antichi d&#8217;Egitto. Qui, vedrai molti oggetti bellissimi come il <strong>bimah (pulpito)<\/strong> intagliato e l&#8217;<strong>arca<\/strong> per i <strong>rotoli della Torah<\/strong>, con motivi geometrici.<\/p>\n<p>Una volta terminato il <strong>Vecchio Cairo<\/strong>, procederai alla tua prossima tappa:<\/p>\n<h3>Il Grand Egyptian Museum<\/h3>\n<p>La tua prossima tappa sar\u00e0 il <strong>Grand Egyptian Museum<\/strong>, il pi\u00f9 grande museo archeologico del mondo dedicato all&#8217;<strong>antica civilt\u00e0 egizia<\/strong>. Infatti, il <strong>GEM<\/strong> \u00e8 cos\u00ec grande e ti piacer\u00e0 ancor prima di entrare nel Museo. Nel cortile aperto, prima dell&#8217;ingresso, vedrai l&#8217;unico <strong>Obelisco Sospeso<\/strong> al mondo di <strong>Ramses il Grande<\/strong> con il suo nome inciso alla base dell&#8217;Obelisco. Fu scoperto a <strong>Tanis<\/strong> nel Delta e risale al <strong>Nuovo Regno<\/strong>, ed \u00e8 considerato una meraviglia ingegneristica del GEM.<\/p>\n<p>Una volta superato l&#8217;ingresso, troverai il colosso di <strong>Ramses il Grande<\/strong> che ti dar\u00e0 il benvenuto prima di passare alla <strong>colonna della vittoria di Merenptah<\/strong> sui <strong>Popoli del Mare<\/strong>. Dopodich\u00e9, inizierai la <strong>Grande Scalinata<\/strong> con molti manufatti disposti in modo speciale per raccontare la storia dei <strong>Faraoni<\/strong> e delle loro missioni dalla nascita alla morte. Inoltre, alla fine della Grande Scalinata, godrai di <strong>viste mozzafiato<\/strong> delle <strong>Piramidi di Giza<\/strong>. \u00c8 il momento di visitare le gallerie con un&#8217;esposizione unica per mostrare la civilt\u00e0 egizia dal <strong>Periodo Predinastico<\/strong> alla fine del <strong>Periodo Greco-Romano<\/strong>. L&#8217;idea qui \u00e8 che le gallerie siano disposte per mostrare la <strong>Regalit\u00e0<\/strong>, la <strong>societ\u00e0<\/strong> e la <strong>religione<\/strong> in ogni epoca.<\/p>\n<p>Alla fine del tuo tour, avrai tempo libero per ammirare i <strong>tesori di Tutankhamon<\/strong> trovati nella sua tomba a Luxor, la <strong>Barca Solare<\/strong> e le <strong>mummie reali<\/strong> (a pagamento).<\/p>\n<h3>Pasto Pranzo<\/h3>\n<p>Dopo aver esplorato il Museo, pranzerai in un bel ristorante vicino alle Piramidi. Successivamente, farai la tua ultima tappa alle <strong>Piramidi di Giza<\/strong>.<\/p>\n<h3>Complesso delle Piramidi di Giza<\/h3>\n<p>Ora il tuo sogno di una vita diventer\u00e0 realt\u00e0 e ti troverai faccia a faccia con le <strong>Grandi Piramidi<\/strong> che hai sempre visto in TV e studiato a scuola. Cercheremo di rendere il tuo tour unico, non solo storico, ma anche con le moderne opinioni sull&#8217;energia curativa delle forme piramidali, e sei libero di accettare ci\u00f2 che preferisci. Il tour copre la <strong>Piramide di Cheope<\/strong>, l&#8217;unica meraviglia ancora esistente, e puoi entrare (a pagamento) se lo desideri. Vedrai anche la <strong>Piramide di Micerino<\/strong>, l&#8217;unica ad avere un rivestimento in granito.<\/p>\n<p>Nel frattempo, vedrai le <strong>tombe dei costruttori di piramidi<\/strong>, il tempio di purificazione, le <strong>Piramidi delle Regine<\/strong> prima di andare alla <strong>Grande Sfinge<\/strong>. Andrai alla Sfinge attraverso il <strong>Tempio della Valle<\/strong> (Tempio funerario di <strong>Chefren<\/strong>) e, secondo alcuni storici, \u00e8 il luogo dove mummificavano il re. Termina il tuo tour scattando foto della Sfinge e ascoltando la tua guida che ti racconter\u00e0 la storia della <strong>Stele del Sogno<\/strong> e delle stanze all&#8217;interno del corpo della Sfinge e perch\u00e9 \u00e8 considerata un portale astrale.<\/p>\n<p>Alla fine del tuo <strong>Tour Privato al Cairo da El Gouna in aereo<\/strong>, la tua guida ti accompagner\u00e0 ancora una volta all&#8217;aeroporto del Cairo per il volo di ritorno a Hurghada. All&#8217;arrivo all&#8217;aeroporto di Hurghada, il nostro rappresentante ti riporter\u00e0 al tuo hotel a El Gouna.<\/p>\n<h3>Prezzo Tour Privato al Cairo da El Gouna in Aereo<\/h3>\n<p>Prezzo Adulto: 270 $<\/p>\n<p>Bambini 0-5 anni: gratuito<\/p>\n<p>Bambini 5-11 anni: 50% del prezzo adulto<\/p>\n<h3>Prenotazione<\/h3>\n<p>Puoi prenotare le tue <strong>Escursioni da El Gouna<\/strong> tramite WhatsApp o inviarci un&#8217;e-mail e riceverai la conferma immediata. Per favore, inviaci il nome del tuo hotel, il numero della camera e le copie del passaporto.<\/p>\n<p><strong>WhatsApp:<\/strong> +201000852186<\/p>\n<p>Email: info@egytourpackages.com<\/p>\n<h3>Prenota Ora &amp; Paga sul Posto<\/h3>\n<p>Prenota il tuo tour preferito e paga il giorno del viaggio.<\/p>\n<h3>Pagamento<\/h3>\n<p>Puoi pagare in lire egiziane, $, \u20ac o \u00a3.<\/p>\n<h3>Politica di Cancellazione<\/h3>\n<p>Cancellazione gratuita fino a 24 ore prima. La cancellazione mattutina \u00e8 del 50% del prezzo.<\/p>\n","protected":false},"excerpt":{"rendered":"<p>Tour Privato al Cairo da El Gouna in Aereo | Esplora la <strong>Chiesa Sospesa<\/strong>, il <strong>Museo Egizio<\/strong>, le <strong>Piramidi di Giza<\/strong>, la <strong>Grande Sfinge<\/strong>, i <strong>tesori di Tutankhamon<\/strong>.<\/p>\n","protected":false},"featured_media":2898,"comment_status":"open","ping_status":"closed","template":"","meta":[],"product_brand":[],"product_cat":[1910],"product_tag":[1970,1964,1914],"class_list":{"0":"post-4226","1":"product","2":"type-product","3":"status-publish","4":"has-post-thumbnail","6":"product_cat-tour","7":"product_tag-escursioni-a-el-gouna","8":"product_tag-piramidi-di-giza","9":"product_tag-tour-giornalieri-in-egitto","10":"tour_category-escursioni-el-gouna","11":"tour_category-tour-del-cairo-da-hurghada","12":"tour_category-tour-giornalieri-in-egitto-it","14":"first","15":"instock","16":"sale","17":"shipping-taxable","18":"purchasable","19":"product-type-tour","20":"has-default-attributes"},"yoast_head":"<!-- This site is optimized with the Yoast SEO Premium plugin v27.4 (Yoast SEO v27.4) - https:\/\/yoast.com\/product\/yoast-seo-premium-wordpress\/ -->\n<title>Tour Privato al Cairo da El Gouna in Aereo<\/title>\n<meta name=\"description\" content=\"Tour Privato al Cairo da El Gouna in Aereo | Esplora la Chiesa Sospesa, il Museo Egizio, le Piramidi di Giza, la Grande Sfinge, i tesori di Tutankhamon.\" \/>\n<meta name=\"robots\" content=\"index, follow, max-snippet:-1, max-image-preview:large, max-video-preview:-1\" \/>\n<link rel=\"canonical\" href=\"https:\/\/egytourpackages.com\/it\/tour\/tour-privato-al-cairo-da-el-gouna-in-aereo-tour-di-el-gouna\/\" \/>\n<meta property=\"og:locale\" content=\"it_IT\" \/>\n<meta property=\"og:type\" content=\"article\" \/>\n<meta property=\"og:title\" content=\"Tour Privato al Cairo da El Gouna in Aereo\" \/>\n<meta property=\"og:description\" content=\"Tour Privato al Cairo da El Gouna in Aereo | Esplora la Chiesa Sospesa, il Museo Egizio, le Piramidi di Giza, la Grande Sfinge, i tesori di Tutankhamon.\" \/>\n<meta property=\"og:url\" content=\"https:\/\/egytourpackages.com\/it\/tour\/tour-privato-al-cairo-da-el-gouna-in-aereo-tour-di-el-gouna\/\" \/>\n<meta property=\"og:site_name\" content=\"Pacchetti tour in Egitto\" \/>\n<meta property=\"article:publisher\" content=\"https:\/\/www.facebook.com\/egytourpackages\" \/>\n<meta property=\"article:modified_time\" content=\"2026-01-28T21:09:11+00:00\" \/>\n<meta property=\"og:image\" content=\"https:\/\/egytourpackages.com\/wp-content\/uploads\/2023\/07\/Private-Tour-to-Cairo-from-El-Gouna-by-plane.jpg\" \/>\n\t<meta property=\"og:image:width\" content=\"1000\" \/>\n\t<meta property=\"og:image:height\" content=\"664\" \/>\n\t<meta property=\"og:image:type\" content=\"image\/jpeg\" \/>\n<meta name=\"twitter:card\" content=\"summary_large_image\" \/>\n<meta name=\"twitter:title\" content=\"Tour Privato al Cairo da El Gouna in Aereo\" \/>\n<meta name=\"twitter:description\" content=\"Tour Privato al Cairo da El Gouna in Aereo | Esplora la Chiesa Sospesa, il Museo Egizio, le Piramidi di Giza, la Grande Sfinge, i tesori di Tutankhamon.\" \/>\n<meta name=\"twitter:label1\" content=\"Prezzo\" \/>\n\t<meta name=\"twitter:data1\" content=\"&euro;0\" \/>\n\t<meta name=\"twitter:label2\" content=\"Disponibilit\u00e0\" \/>\n\t<meta name=\"twitter:data2\" content=\"In stock\" \/>\n<script type=\"application\/ld+json\" class=\"yoast-schema-graph\">{\"@context\":\"https:\\\/\\\/schema.org\",\"@graph\":[{\"@type\":\"WebPage\",\"@id\":\"https:\\\/\\\/egytourpackages.com\\\/it\\\/tour\\\/tour-privato-al-cairo-da-el-gouna-in-aereo-tour-di-el-gouna\\\/\",\"url\":\"https:\\\/\\\/egytourpackages.com\\\/it\\\/tour\\\/tour-privato-al-cairo-da-el-gouna-in-aereo-tour-di-el-gouna\\\/\",\"name\":\"Tour Privato al Cairo da El Gouna in Aereo\",\"isPartOf\":{\"@id\":\"https:\\\/\\\/egytourpackages.com\\\/it\\\/#website\"},\"primaryImageOfPage\":{\"@id\":\"https:\\\/\\\/egytourpackages.com\\\/it\\\/tour\\\/tour-privato-al-cairo-da-el-gouna-in-aereo-tour-di-el-gouna\\\/#primaryimage\"},\"image\":{\"@id\":\"https:\\\/\\\/egytourpackages.com\\\/it\\\/tour\\\/tour-privato-al-cairo-da-el-gouna-in-aereo-tour-di-el-gouna\\\/#primaryimage\"},\"thumbnailUrl\":\"https:\\\/\\\/egytourpackages.com\\\/wp-content\\\/uploads\\\/2023\\\/07\\\/Private-Tour-to-Cairo-from-El-Gouna-by-plane.jpg\",\"datePublished\":\"2023-07-26T01:03:18+00:00\",\"dateModified\":\"2026-01-28T21:09:11+00:00\",\"description\":\"Tour Privato al Cairo da El Gouna in Aereo | Esplora la Chiesa Sospesa, il Museo Egizio, le Piramidi di Giza, la Grande Sfinge, i tesori di Tutankhamon.\",\"breadcrumb\":{\"@id\":\"https:\\\/\\\/egytourpackages.com\\\/it\\\/tour\\\/tour-privato-al-cairo-da-el-gouna-in-aereo-tour-di-el-gouna\\\/#breadcrumb\"},\"inLanguage\":\"it-IT\",\"potentialAction\":[{\"@type\":\"ReadAction\",\"target\":[\"https:\\\/\\\/egytourpackages.com\\\/it\\\/tour\\\/tour-privato-al-cairo-da-el-gouna-in-aereo-tour-di-el-gouna\\\/\"]}]},{\"@type\":\"ImageObject\",\"inLanguage\":\"it-IT\",\"@id\":\"https:\\\/\\\/egytourpackages.com\\\/it\\\/tour\\\/tour-privato-al-cairo-da-el-gouna-in-aereo-tour-di-el-gouna\\\/#primaryimage\",\"url\":\"https:\\\/\\\/egytourpackages.com\\\/wp-content\\\/uploads\\\/2023\\\/07\\\/Private-Tour-to-Cairo-from-El-Gouna-by-plane.jpg\",\"contentUrl\":\"https:\\\/\\\/egytourpackages.com\\\/wp-content\\\/uploads\\\/2023\\\/07\\\/Private-Tour-to-Cairo-from-El-Gouna-by-plane.jpg\",\"width\":1000,\"height\":664,\"caption\":\"Tour Privato al Cairo da El Gouna in Aereo\"},{\"@type\":\"BreadcrumbList\",\"@id\":\"https:\\\/\\\/egytourpackages.com\\\/it\\\/tour\\\/tour-privato-al-cairo-da-el-gouna-in-aereo-tour-di-el-gouna\\\/#breadcrumb\",\"itemListElement\":[{\"@type\":\"ListItem\",\"position\":1,\"name\":\"Home\",\"item\":\"https:\\\/\\\/egytourpackages.com\\\/it\\\/\"},{\"@type\":\"ListItem\",\"position\":2,\"name\":\"Negozio\",\"item\":\"https:\\\/\\\/egytourpackages.com\\\/it\\\/negozio\\\/\"},{\"@type\":\"ListItem\",\"position\":3,\"name\":\"Tour Privato al Cairo da El Gouna in Aereo | Tour di El Gouna\"}]},{\"@type\":\"WebSite\",\"@id\":\"https:\\\/\\\/egytourpackages.com\\\/it\\\/#website\",\"url\":\"https:\\\/\\\/egytourpackages.com\\\/it\\\/\",\"name\":\"Egy tour packages\",\"description\":\"\",\"publisher\":{\"@id\":\"https:\\\/\\\/egytourpackages.com\\\/it\\\/#organization\"},\"potentialAction\":[{\"@type\":\"SearchAction\",\"target\":{\"@type\":\"EntryPoint\",\"urlTemplate\":\"https:\\\/\\\/egytourpackages.com\\\/it\\\/?s={search_term_string}\"},\"query-input\":{\"@type\":\"PropertyValueSpecification\",\"valueRequired\":true,\"valueName\":\"search_term_string\"}}],\"inLanguage\":\"it-IT\"},{\"@type\":[\"Organization\",\"Place\",\"TravelAgency\"],\"@id\":\"https:\\\/\\\/egytourpackages.com\\\/it\\\/#organization\",\"name\":\"egypt tour packages\",\"alternateName\":\"egypt tour packages\",\"url\":\"https:\\\/\\\/egytourpackages.com\\\/it\\\/\",\"logo\":{\"@id\":\"https:\\\/\\\/egytourpackages.com\\\/it\\\/tour\\\/tour-privato-al-cairo-da-el-gouna-in-aereo-tour-di-el-gouna\\\/#local-main-organization-logo\"},\"image\":{\"@id\":\"https:\\\/\\\/egytourpackages.com\\\/it\\\/tour\\\/tour-privato-al-cairo-da-el-gouna-in-aereo-tour-di-el-gouna\\\/#local-main-organization-logo\"},\"sameAs\":[\"https:\\\/\\\/www.facebook.com\\\/egytourpackages\"],\"legalName\":\"Egy tour packages\",\"address\":{\"@id\":\"https:\\\/\\\/egytourpackages.com\\\/it\\\/tour\\\/tour-privato-al-cairo-da-el-gouna-in-aereo-tour-di-el-gouna\\\/#local-main-place-address\"},\"telephone\":[\"00201000852186\",\"00201028685533\"],\"contactPoint\":{\"@type\":\"ContactPoint\",\"telephone\":\"00201000852186\"},\"openingHoursSpecification\":[{\"@type\":\"OpeningHoursSpecification\",\"dayOfWeek\":[\"Monday\",\"Tuesday\",\"Wednesday\",\"Thursday\",\"Friday\",\"Saturday\",\"Sunday\"],\"opens\":\"00:00\",\"closes\":\"23:59\"}],\"email\":\"info@egytourpackages.com\",\"areaServed\":\"Cairo, Hurghada, Luxor, Sharm El Sheikh, Marsa Alam, Aswan\",\"priceRange\":\"$\",\"currenciesAccepted\":\"euro\",\"paymentAccepted\":\"Payment links online\"},{\"@type\":\"PostalAddress\",\"@id\":\"https:\\\/\\\/egytourpackages.com\\\/it\\\/tour\\\/tour-privato-al-cairo-da-el-gouna-in-aereo-tour-di-el-gouna\\\/#local-main-place-address\",\"streetAddress\":\"Mubarak 8, Al Kawthar District, Hurghada\",\"addressLocality\":\"Hurghada\",\"postalCode\":\"84511\",\"addressRegion\":\"Red Sea\",\"addressCountry\":\"EG\"},{\"@type\":\"ImageObject\",\"inLanguage\":\"it-IT\",\"@id\":\"https:\\\/\\\/egytourpackages.com\\\/it\\\/tour\\\/tour-privato-al-cairo-da-el-gouna-in-aereo-tour-di-el-gouna\\\/#local-main-organization-logo\",\"url\":\"https:\\\/\\\/egytourpackages.com\\\/wp-content\\\/uploads\\\/2025\\\/12\\\/Turquoise-Dahabiya-Nile-Cruise-1.jpeg\",\"contentUrl\":\"https:\\\/\\\/egytourpackages.com\\\/wp-content\\\/uploads\\\/2025\\\/12\\\/Turquoise-Dahabiya-Nile-Cruise-1.jpeg\",\"width\":1040,\"height\":694,\"caption\":\"egypt tour packages\"}]}<\/script>\n<meta property=\"product:brand\" content=\"Tour giornalieri in Egitto\" \/>\n<meta property=\"product:price:amount\" content=\"0\" \/>\n<meta property=\"product:price:currency\" content=\"EUR\" \/>\n<meta property=\"og:availability\" content=\"instock\" \/>\n<meta property=\"product:availability\" content=\"instock\" \/>\n<meta property=\"product:retailer_item_id\" content=\"GDT05\" \/>\n<meta property=\"product:condition\" content=\"new\" \/>\n<meta name=\"geo.placename\" content=\"Hurghada\" \/>\n<meta name=\"geo.region\" content=\"Egitto\" \/>\n<!-- \/ Yoast SEO Premium plugin. -->","yoast_head_json":{"title":"Tour Privato al Cairo da El Gouna in Aereo","description":"Tour Privato al Cairo da El Gouna in Aereo | Esplora la Chiesa Sospesa, il Museo Egizio, le Piramidi di Giza, la Grande Sfinge, i tesori di Tutankhamon.","robots":{"index":"index","follow":"follow","max-snippet":"max-snippet:-1","max-image-preview":"max-image-preview:large","max-video-preview":"max-video-preview:-1"},"canonical":"https:\/\/egytourpackages.com\/it\/tour\/tour-privato-al-cairo-da-el-gouna-in-aereo-tour-di-el-gouna\/","og_locale":"it_IT","og_type":"article","og_title":"Tour Privato al Cairo da El Gouna in Aereo","og_description":"Tour Privato al Cairo da El Gouna in Aereo | Esplora la Chiesa Sospesa, il Museo Egizio, le Piramidi di Giza, la Grande Sfinge, i tesori di Tutankhamon.","og_url":"https:\/\/egytourpackages.com\/it\/tour\/tour-privato-al-cairo-da-el-gouna-in-aereo-tour-di-el-gouna\/","og_site_name":"Pacchetti tour in Egitto","article_publisher":"https:\/\/www.facebook.com\/egytourpackages","article_modified_time":"2026-01-28T21:09:11+00:00","og_image":[{"width":1000,"height":664,"url":"https:\/\/egytourpackages.com\/wp-content\/uploads\/2023\/07\/Private-Tour-to-Cairo-from-El-Gouna-by-plane.jpg","type":"image\/jpeg"}],"twitter_card":"summary_large_image","twitter_title":"Tour Privato al Cairo da El Gouna in Aereo","twitter_description":"Tour Privato al Cairo da El Gouna in Aereo | Esplora la Chiesa Sospesa, il Museo Egizio, le Piramidi di Giza, la Grande Sfinge, i tesori di Tutankhamon.","twitter_misc":{"Prezzo":"&euro;0","Disponibilit\u00e0":"In stock"},"schema":{"@context":"https:\/\/schema.org","@graph":[{"@type":"WebPage","@id":"https:\/\/egytourpackages.com\/it\/tour\/tour-privato-al-cairo-da-el-gouna-in-aereo-tour-di-el-gouna\/","url":"https:\/\/egytourpackages.com\/it\/tour\/tour-privato-al-cairo-da-el-gouna-in-aereo-tour-di-el-gouna\/","name":"Tour Privato al Cairo da El Gouna in Aereo","isPartOf":{"@id":"https:\/\/egytourpackages.com\/it\/#website"},"primaryImageOfPage":{"@id":"https:\/\/egytourpackages.com\/it\/tour\/tour-privato-al-cairo-da-el-gouna-in-aereo-tour-di-el-gouna\/#primaryimage"},"image":{"@id":"https:\/\/egytourpackages.com\/it\/tour\/tour-privato-al-cairo-da-el-gouna-in-aereo-tour-di-el-gouna\/#primaryimage"},"thumbnailUrl":"https:\/\/egytourpackages.com\/wp-content\/uploads\/2023\/07\/Private-Tour-to-Cairo-from-El-Gouna-by-plane.jpg","datePublished":"2023-07-26T01:03:18+00:00","dateModified":"2026-01-28T21:09:11+00:00","description":"Tour Privato al Cairo da El Gouna in Aereo | Esplora la Chiesa Sospesa, il Museo Egizio, le Piramidi di Giza, la Grande Sfinge, i tesori di Tutankhamon.","breadcrumb":{"@id":"https:\/\/egytourpackages.com\/it\/tour\/tour-privato-al-cairo-da-el-gouna-in-aereo-tour-di-el-gouna\/#breadcrumb"},"inLanguage":"it-IT","potentialAction":[{"@type":"ReadAction","target":["https:\/\/egytourpackages.com\/it\/tour\/tour-privato-al-cairo-da-el-gouna-in-aereo-tour-di-el-gouna\/"]}]},{"@type":"ImageObject","inLanguage":"it-IT","@id":"https:\/\/egytourpackages.com\/it\/tour\/tour-privato-al-cairo-da-el-gouna-in-aereo-tour-di-el-gouna\/#primaryimage","url":"https:\/\/egytourpackages.com\/wp-content\/uploads\/2023\/07\/Private-Tour-to-Cairo-from-El-Gouna-by-plane.jpg","contentUrl":"https:\/\/egytourpackages.com\/wp-content\/uploads\/2023\/07\/Private-Tour-to-Cairo-from-El-Gouna-by-plane.jpg","width":1000,"height":664,"caption":"Tour Privato al Cairo da El Gouna in Aereo"},{"@type":"BreadcrumbList","@id":"https:\/\/egytourpackages.com\/it\/tour\/tour-privato-al-cairo-da-el-gouna-in-aereo-tour-di-el-gouna\/#breadcrumb","itemListElement":[{"@type":"ListItem","position":1,"name":"Home","item":"https:\/\/egytourpackages.com\/it\/"},{"@type":"ListItem","position":2,"name":"Negozio","item":"https:\/\/egytourpackages.com\/it\/negozio\/"},{"@type":"ListItem","position":3,"name":"Tour Privato al Cairo da El Gouna in Aereo | Tour di El Gouna"}]},{"@type":"WebSite","@id":"https:\/\/egytourpackages.com\/it\/#website","url":"https:\/\/egytourpackages.com\/it\/","name":"Egy tour packages","description":"","publisher":{"@id":"https:\/\/egytourpackages.com\/it\/#organization"},"potentialAction":[{"@type":"SearchAction","target":{"@type":"EntryPoint","urlTemplate":"https:\/\/egytourpackages.com\/it\/?s={search_term_string}"},"query-input":{"@type":"PropertyValueSpecification","valueRequired":true,"valueName":"search_term_string"}}],"inLanguage":"it-IT"},{"@type":["Organization","Place","TravelAgency"],"@id":"https:\/\/egytourpackages.com\/it\/#organization","name":"egypt tour packages","alternateName":"egypt tour packages","url":"https:\/\/egytourpackages.com\/it\/","logo":{"@id":"https:\/\/egytourpackages.com\/it\/tour\/tour-privato-al-cairo-da-el-gouna-in-aereo-tour-di-el-gouna\/#local-main-organization-logo"},"image":{"@id":"https:\/\/egytourpackages.com\/it\/tour\/tour-privato-al-cairo-da-el-gouna-in-aereo-tour-di-el-gouna\/#local-main-organization-logo"},"sameAs":["https:\/\/www.facebook.com\/egytourpackages"],"legalName":"Egy tour packages","address":{"@id":"https:\/\/egytourpackages.com\/it\/tour\/tour-privato-al-cairo-da-el-gouna-in-aereo-tour-di-el-gouna\/#local-main-place-address"},"telephone":["00201000852186","00201028685533"],"contactPoint":{"@type":"ContactPoint","telephone":"00201000852186"},"openingHoursSpecification":[{"@type":"OpeningHoursSpecification","dayOfWeek":["Monday","Tuesday","Wednesday","Thursday","Friday","Saturday","Sunday"],"opens":"00:00","closes":"23:59"}],"email":"info@egytourpackages.com","areaServed":"Cairo, Hurghada, Luxor, Sharm El Sheikh, Marsa Alam, Aswan","priceRange":"$","currenciesAccepted":"euro","paymentAccepted":"Payment links online"},{"@type":"PostalAddress","@id":"https:\/\/egytourpackages.com\/it\/tour\/tour-privato-al-cairo-da-el-gouna-in-aereo-tour-di-el-gouna\/#local-main-place-address","streetAddress":"Mubarak 8, Al Kawthar District, Hurghada","addressLocality":"Hurghada","postalCode":"84511","addressRegion":"Red Sea","addressCountry":"EG"},{"@type":"ImageObject","inLanguage":"it-IT","@id":"https:\/\/egytourpackages.com\/it\/tour\/tour-privato-al-cairo-da-el-gouna-in-aereo-tour-di-el-gouna\/#local-main-organization-logo","url":"https:\/\/egytourpackages.com\/wp-content\/uploads\/2025\/12\/Turquoise-Dahabiya-Nile-Cruise-1.jpeg","contentUrl":"https:\/\/egytourpackages.com\/wp-content\/uploads\/2025\/12\/Turquoise-Dahabiya-Nile-Cruise-1.jpeg","width":1040,"height":694,"caption":"egypt tour packages"}]},"product_brand":"Tour giornalieri in Egitto","product_price_currency":"EUR","og_availability":"instock","product_availability":"instock","product_retailer_item_id":"GDT05","product_condition":"new","geo.placename":"Hurghada","geo.region":"Egitto"},"_links":{"self":[{"href":"https:\/\/egytourpackages.com\/it\/wp-json\/wp\/v2\/product\/4226","targetHints":{"allow":["GET"]}}],"collection":[{"href":"https:\/\/egytourpackages.com\/it\/wp-json\/wp\/v2\/product"}],"about":[{"href":"https:\/\/egytourpackages.com\/it\/wp-json\/wp\/v2\/types\/product"}],"replies":[{"embeddable":true,"href":"https:\/\/egytourpackages.com\/it\/wp-json\/wp\/v2\/comments?post=4226"}],"wp:featuredmedia":[{"embeddable":true,"href":"https:\/\/egytourpackages.com\/it\/wp-json\/wp\/v2\/media\/2898"}],"wp:attachment":[{"href":"https:\/\/egytourpackages.com\/it\/wp-json\/wp\/v2\/media?parent=4226"}],"wp:term":[{"taxonomy":"product_brand","embeddable":true,"href":"https:\/\/egytourpackages.com\/it\/wp-json\/wp\/v2\/product_brand?post=4226"},{"taxonomy":"product_cat","embeddable":true,"href":"https:\/\/egytourpackages.com\/it\/wp-json\/wp\/v2\/product_cat?post=4226"},{"taxonomy":"product_tag","embeddable":true,"href":"https:\/\/egytourpackages.com\/it\/wp-json\/wp\/v2\/product_tag?post=4226"}],"curies":[{"name":"wp","href":"https:\/\/api.w.org\/{rel}","templated":true}]}}