{"id":4228,"date":"2023-05-17T15:10:10","date_gmt":"2023-05-17T15:10:10","guid":{"rendered":"https:\/\/egytourpackages.com\/product\/taxi-transfer-hurghada-transfer-aeroportuali-a-hurghada\/"},"modified":"2026-01-07T16:39:16","modified_gmt":"2026-01-07T16:39:16","slug":"taxi-transfer-hurghada-transfer-aeroportuali-a-hurghada","status":"publish","type":"product","link":"https:\/\/egytourpackages.com\/it\/tour\/taxi-transfer-hurghada-transfer-aeroportuali-a-hurghada\/","title":{"rendered":"Taxi Transfer Hurghada  | Transfer aeroportuali a Hurghada"},"content":{"rendered":"<p data-sourcepos=\"3:1-3:97\"><strong><span style=\"color: #ff6600;\">Taxi Transfer Hurghada<\/span><\/strong><\/p>\n<p data-sourcepos=\"3:1-3:97\"><strong>Transfer Aeroportuale Hurghada | Auto di Lusso | Prezzi Economici<\/strong><\/p>\n<p data-sourcepos=\"5:1-5:472\"><strong>Prenota i tuoi transfer in taxi a Hurghada<\/strong> dall&#8217;<strong>Aeroporto di Hurghada<\/strong> ai <strong>resort di Hurghada<\/strong> e goditi un arrivo ben organizzato. Scopri il modo pi\u00f9 comodo e diretto per raggiungere i <strong>resort di Hurghada<\/strong> con <strong>Egypt Tours<\/strong>. Che tu sia da solo o con la tua famiglia, tranquillit\u00e0 e servizio di qualit\u00e0 sono garantiti. Disponiamo di <strong>auto di lusso<\/strong>, climatizzate, con sedili reclinabili, eleganti, non fumatori e pulite, che soddisferanno le tue aspettative.<\/p>\n<p data-sourcepos=\"7:1-7:430\">Puoi prenotare il tuo transfer per i <strong>resort di Hurghada<\/strong> tramite WhatsApp, email o telefonata e non preoccuparti del trasferimento. Al momento della prenotazione del tuo <strong>transfer aeroportuale<\/strong>, ti baster\u00e0 fornire il numero del tuo volo, l&#8217;orario di arrivo e la tua sistemazione per ricevere la conferma. Con ogni transfer in limousine o minivan, offriamo le tariffe pi\u00f9 basse e il modo pi\u00f9 veloce e affidabile per viaggiare.<\/p>\n<p data-sourcepos=\"9:1-9:347\">Dopo l&#8217;atterraggio, il nostro autista ti aspetter\u00e0 all&#8217;uscita della sala arrivi con il tuo nome su un cartello. Inoltre, cosa importante, ti aspetter\u00e0 anche se il tuo aereo \u00e8 in ritardo. Ti preghiamo di notare che il nostro prezzo per i <strong>transfer aeroportuali da Hurghada<\/strong> ai <strong>resort di Hurghada<\/strong> \u00e8 per veicolo e non ci sono sorprese nascoste.<\/p>\n<p data-sourcepos=\"11:1-11:343\">Anche se aggiorniamo sempre i nostri <strong>prezzi per i transfer in taxi a Hurghada<\/strong> per assicurarci che i nostri clienti ottengano i prezzi migliori. Viaggia tra l&#8217;<strong>aeroporto di Hurghada<\/strong> e gli <strong>hotel di Hurghada<\/strong> con stile e inizia il tuo soggiorno senza stress. Inoltre, la Limousine \u00e8 la scelta ideale per piccoli gruppi fino a 3 persone.<\/p>\n<p data-sourcepos=\"13:1-13:309\">Offriamo un <strong>servizio di transfer aeroportuale privato<\/strong> tra l&#8217;<strong>Aeroporto di Hurghada<\/strong> e tutte le zone di Hurghada e dintorni. Ad esempio, <strong>El Gouna<\/strong>, <strong>Makadi Bay<\/strong>, <strong>Sahl Hasheesh<\/strong>, Soma Bay, Safaga, <strong>El Quseir<\/strong> e <strong>Marsa Alam<\/strong> per i clienti che cercano comfort, sicurezza, velocit\u00e0 ed efficienza.<\/p>\n","protected":false},"excerpt":{"rendered":"<p>Taxi Transfer Hurghada | Prenota il tuo trasferimento per i resort di Hurghada tramite WhatsApp, email o telefonata e non preoccuparti del transfer.<\/p>\n","protected":false},"featured_media":2784,"comment_status":"open","ping_status":"closed","template":"","meta":[],"product_brand":[],"product_cat":[1104],"product_tag":[1973,1972],"class_list":{"0":"post-4228","1":"product","2":"type-product","3":"status-publish","4":"has-post-thumbnail","6":"product_cat-senza-categoria-it","7":"product_tag-taxi-hurghada-it","8":"product_tag-transfer-aeroportuali","9":"tour_category-transfer-aeroporto-it","11":"first","12":"instock","13":"sale","14":"shipping-taxable","15":"purchasable","16":"product-type-tour","17":"has-default-attributes"},"yoast_head":"<!-- This site is optimized with the Yoast SEO Premium plugin v27.4 (Yoast SEO v27.4) - https:\/\/yoast.com\/product\/yoast-seo-premium-wordpress\/ -->\n<title>Taxi Transfer Hurghada<\/title>\n<meta name=\"description\" content=\"Taxi Transfer Hurghada | Prenota il tuo trasferimento per i resort di Hurghada tramite WhatsApp, email o telefonata e non preoccuparti del transfer.\" \/>\n<meta name=\"robots\" content=\"index, follow, max-snippet:-1, max-image-preview:large, max-video-preview:-1\" \/>\n<link rel=\"canonical\" href=\"https:\/\/egytourpackages.com\/it\/tour\/taxi-transfer-hurghada-transfer-aeroportuali-a-hurghada\/\" \/>\n<meta property=\"og:locale\" content=\"it_IT\" \/>\n<meta property=\"og:type\" content=\"article\" \/>\n<meta property=\"og:title\" content=\"Taxi Transfer Hurghada | Transfer aeroportuali a Hurghada\" \/>\n<meta property=\"og:description\" content=\"Taxi Transfer Hurghada | Prenota il tuo trasferimento per i resort di Hurghada tramite WhatsApp, email o telefonata e non preoccuparti del transfer.\" \/>\n<meta property=\"og:url\" content=\"https:\/\/egytourpackages.com\/it\/tour\/taxi-transfer-hurghada-transfer-aeroportuali-a-hurghada\/\" \/>\n<meta property=\"og:site_name\" content=\"Pacchetti tour in Egitto\" \/>\n<meta property=\"article:publisher\" content=\"https:\/\/www.facebook.com\/egytourpackages\" \/>\n<meta property=\"article:modified_time\" content=\"2026-01-07T16:39:16+00:00\" \/>\n<meta property=\"og:image\" content=\"https:\/\/egytourpackages.com\/wp-content\/uploads\/2023\/05\/Taxi-Hurghada-transfers.jpg\" \/>\n\t<meta property=\"og:image:width\" content=\"1200\" \/>\n\t<meta property=\"og:image:height\" content=\"900\" \/>\n\t<meta property=\"og:image:type\" content=\"image\/jpeg\" \/>\n<meta name=\"twitter:card\" content=\"summary_large_image\" \/>\n<meta name=\"twitter:label1\" content=\"Prezzo\" \/>\n\t<meta name=\"twitter:data1\" content=\"&euro;15\" \/>\n\t<meta name=\"twitter:label2\" content=\"Disponibilit\u00e0\" \/>\n\t<meta name=\"twitter:data2\" content=\"In stock\" \/>\n<script type=\"application\/ld+json\" class=\"yoast-schema-graph\">{\"@context\":\"https:\\\/\\\/schema.org\",\"@graph\":[{\"@type\":\"WebPage\",\"@id\":\"https:\\\/\\\/egytourpackages.com\\\/it\\\/tour\\\/taxi-transfer-hurghada-transfer-aeroportuali-a-hurghada\\\/\",\"url\":\"https:\\\/\\\/egytourpackages.com\\\/it\\\/tour\\\/taxi-transfer-hurghada-transfer-aeroportuali-a-hurghada\\\/\",\"name\":\"Taxi Transfer Hurghada\",\"isPartOf\":{\"@id\":\"https:\\\/\\\/egytourpackages.com\\\/it\\\/#website\"},\"primaryImageOfPage\":{\"@id\":\"https:\\\/\\\/egytourpackages.com\\\/it\\\/tour\\\/taxi-transfer-hurghada-transfer-aeroportuali-a-hurghada\\\/#primaryimage\"},\"image\":{\"@id\":\"https:\\\/\\\/egytourpackages.com\\\/it\\\/tour\\\/taxi-transfer-hurghada-transfer-aeroportuali-a-hurghada\\\/#primaryimage\"},\"thumbnailUrl\":\"https:\\\/\\\/egytourpackages.com\\\/wp-content\\\/uploads\\\/2023\\\/05\\\/Taxi-Hurghada-transfers.jpg\",\"datePublished\":\"2023-05-17T15:10:10+00:00\",\"dateModified\":\"2026-01-07T16:39:16+00:00\",\"description\":\"Taxi Transfer Hurghada | Prenota il tuo trasferimento per i resort di Hurghada tramite WhatsApp, email o telefonata e non preoccuparti del transfer.\",\"breadcrumb\":{\"@id\":\"https:\\\/\\\/egytourpackages.com\\\/it\\\/tour\\\/taxi-transfer-hurghada-transfer-aeroportuali-a-hurghada\\\/#breadcrumb\"},\"inLanguage\":\"it-IT\",\"potentialAction\":[{\"@type\":\"ReadAction\",\"target\":[\"https:\\\/\\\/egytourpackages.com\\\/it\\\/tour\\\/taxi-transfer-hurghada-transfer-aeroportuali-a-hurghada\\\/\"]}]},{\"@type\":\"ImageObject\",\"inLanguage\":\"it-IT\",\"@id\":\"https:\\\/\\\/egytourpackages.com\\\/it\\\/tour\\\/taxi-transfer-hurghada-transfer-aeroportuali-a-hurghada\\\/#primaryimage\",\"url\":\"https:\\\/\\\/egytourpackages.com\\\/wp-content\\\/uploads\\\/2023\\\/05\\\/Taxi-Hurghada-transfers.jpg\",\"contentUrl\":\"https:\\\/\\\/egytourpackages.com\\\/wp-content\\\/uploads\\\/2023\\\/05\\\/Taxi-Hurghada-transfers.jpg\",\"width\":1200,\"height\":900,\"caption\":\"Taxi Transfer Hurghada\"},{\"@type\":\"BreadcrumbList\",\"@id\":\"https:\\\/\\\/egytourpackages.com\\\/it\\\/tour\\\/taxi-transfer-hurghada-transfer-aeroportuali-a-hurghada\\\/#breadcrumb\",\"itemListElement\":[{\"@type\":\"ListItem\",\"position\":1,\"name\":\"Home\",\"item\":\"https:\\\/\\\/egytourpackages.com\\\/it\\\/\"},{\"@type\":\"ListItem\",\"position\":2,\"name\":\"Negozio\",\"item\":\"https:\\\/\\\/egytourpackages.com\\\/it\\\/negozio\\\/\"},{\"@type\":\"ListItem\",\"position\":3,\"name\":\"Taxi Transfer Hurghada | Transfer aeroportuali a Hurghada\"}]},{\"@type\":\"WebSite\",\"@id\":\"https:\\\/\\\/egytourpackages.com\\\/it\\\/#website\",\"url\":\"https:\\\/\\\/egytourpackages.com\\\/it\\\/\",\"name\":\"Egy tour packages\",\"description\":\"\",\"publisher\":{\"@id\":\"https:\\\/\\\/egytourpackages.com\\\/it\\\/#organization\"},\"potentialAction\":[{\"@type\":\"SearchAction\",\"target\":{\"@type\":\"EntryPoint\",\"urlTemplate\":\"https:\\\/\\\/egytourpackages.com\\\/it\\\/?s={search_term_string}\"},\"query-input\":{\"@type\":\"PropertyValueSpecification\",\"valueRequired\":true,\"valueName\":\"search_term_string\"}}],\"inLanguage\":\"it-IT\"},{\"@type\":[\"Organization\",\"Place\",\"TravelAgency\"],\"@id\":\"https:\\\/\\\/egytourpackages.com\\\/it\\\/#organization\",\"name\":\"egypt tour packages\",\"alternateName\":\"egypt tour packages\",\"url\":\"https:\\\/\\\/egytourpackages.com\\\/it\\\/\",\"logo\":{\"@id\":\"https:\\\/\\\/egytourpackages.com\\\/it\\\/tour\\\/taxi-transfer-hurghada-transfer-aeroportuali-a-hurghada\\\/#local-main-organization-logo\"},\"image\":{\"@id\":\"https:\\\/\\\/egytourpackages.com\\\/it\\\/tour\\\/taxi-transfer-hurghada-transfer-aeroportuali-a-hurghada\\\/#local-main-organization-logo\"},\"sameAs\":[\"https:\\\/\\\/www.facebook.com\\\/egytourpackages\"],\"legalName\":\"Egy tour packages\",\"address\":{\"@id\":\"https:\\\/\\\/egytourpackages.com\\\/it\\\/tour\\\/taxi-transfer-hurghada-transfer-aeroportuali-a-hurghada\\\/#local-main-place-address\"},\"telephone\":[\"00201000852186\",\"00201028685533\"],\"contactPoint\":{\"@type\":\"ContactPoint\",\"telephone\":\"00201000852186\"},\"openingHoursSpecification\":[{\"@type\":\"OpeningHoursSpecification\",\"dayOfWeek\":[\"Monday\",\"Tuesday\",\"Wednesday\",\"Thursday\",\"Friday\",\"Saturday\",\"Sunday\"],\"opens\":\"00:00\",\"closes\":\"23:59\"}],\"email\":\"info@egytourpackages.com\",\"areaServed\":\"Cairo, Hurghada, Luxor, Sharm El Sheikh, Marsa Alam, Aswan\",\"priceRange\":\"$\",\"currenciesAccepted\":\"euro\",\"paymentAccepted\":\"Payment links online\"},{\"@type\":\"PostalAddress\",\"@id\":\"https:\\\/\\\/egytourpackages.com\\\/it\\\/tour\\\/taxi-transfer-hurghada-transfer-aeroportuali-a-hurghada\\\/#local-main-place-address\",\"streetAddress\":\"Mubarak 8, Al Kawthar District, Hurghada\",\"addressLocality\":\"Hurghada\",\"postalCode\":\"84511\",\"addressRegion\":\"Red Sea\",\"addressCountry\":\"EG\"},{\"@type\":\"ImageObject\",\"inLanguage\":\"it-IT\",\"@id\":\"https:\\\/\\\/egytourpackages.com\\\/it\\\/tour\\\/taxi-transfer-hurghada-transfer-aeroportuali-a-hurghada\\\/#local-main-organization-logo\",\"url\":\"https:\\\/\\\/egytourpackages.com\\\/wp-content\\\/uploads\\\/2025\\\/12\\\/Turquoise-Dahabiya-Nile-Cruise-1.jpeg\",\"contentUrl\":\"https:\\\/\\\/egytourpackages.com\\\/wp-content\\\/uploads\\\/2025\\\/12\\\/Turquoise-Dahabiya-Nile-Cruise-1.jpeg\",\"width\":1040,\"height\":694,\"caption\":\"egypt tour packages\"}]}<\/script>\n<meta property=\"product:brand\" content=\"Transfer aeroporto\" \/>\n<meta property=\"product:price:amount\" content=\"15\" \/>\n<meta property=\"product:price:currency\" content=\"EUR\" \/>\n<meta property=\"og:availability\" content=\"instock\" \/>\n<meta property=\"product:availability\" content=\"instock\" \/>\n<meta property=\"product:retailer_item_id\" content=\"AT01\" \/>\n<meta property=\"product:condition\" content=\"new\" \/>\n<meta name=\"geo.placename\" content=\"Hurghada\" \/>\n<meta name=\"geo.region\" content=\"Egitto\" \/>\n<!-- \/ Yoast SEO Premium plugin. -->","yoast_head_json":{"title":"Taxi Transfer Hurghada","description":"Taxi Transfer Hurghada | Prenota il tuo trasferimento per i resort di Hurghada tramite WhatsApp, email o telefonata e non preoccuparti del transfer.","robots":{"index":"index","follow":"follow","max-snippet":"max-snippet:-1","max-image-preview":"max-image-preview:large","max-video-preview":"max-video-preview:-1"},"canonical":"https:\/\/egytourpackages.com\/it\/tour\/taxi-transfer-hurghada-transfer-aeroportuali-a-hurghada\/","og_locale":"it_IT","og_type":"article","og_title":"Taxi Transfer Hurghada | Transfer aeroportuali a Hurghada","og_description":"Taxi Transfer Hurghada | Prenota il tuo trasferimento per i resort di Hurghada tramite WhatsApp, email o telefonata e non preoccuparti del transfer.","og_url":"https:\/\/egytourpackages.com\/it\/tour\/taxi-transfer-hurghada-transfer-aeroportuali-a-hurghada\/","og_site_name":"Pacchetti tour in Egitto","article_publisher":"https:\/\/www.facebook.com\/egytourpackages","article_modified_time":"2026-01-07T16:39:16+00:00","og_image":[{"width":1200,"height":900,"url":"https:\/\/egytourpackages.com\/wp-content\/uploads\/2023\/05\/Taxi-Hurghada-transfers.jpg","type":"image\/jpeg"}],"twitter_card":"summary_large_image","twitter_misc":{"Prezzo":"&euro;15","Disponibilit\u00e0":"In stock"},"schema":{"@context":"https:\/\/schema.org","@graph":[{"@type":"WebPage","@id":"https:\/\/egytourpackages.com\/it\/tour\/taxi-transfer-hurghada-transfer-aeroportuali-a-hurghada\/","url":"https:\/\/egytourpackages.com\/it\/tour\/taxi-transfer-hurghada-transfer-aeroportuali-a-hurghada\/","name":"Taxi Transfer Hurghada","isPartOf":{"@id":"https:\/\/egytourpackages.com\/it\/#website"},"primaryImageOfPage":{"@id":"https:\/\/egytourpackages.com\/it\/tour\/taxi-transfer-hurghada-transfer-aeroportuali-a-hurghada\/#primaryimage"},"image":{"@id":"https:\/\/egytourpackages.com\/it\/tour\/taxi-transfer-hurghada-transfer-aeroportuali-a-hurghada\/#primaryimage"},"thumbnailUrl":"https:\/\/egytourpackages.com\/wp-content\/uploads\/2023\/05\/Taxi-Hurghada-transfers.jpg","datePublished":"2023-05-17T15:10:10+00:00","dateModified":"2026-01-07T16:39:16+00:00","description":"Taxi Transfer Hurghada | Prenota il tuo trasferimento per i resort di Hurghada tramite WhatsApp, email o telefonata e non preoccuparti del transfer.","breadcrumb":{"@id":"https:\/\/egytourpackages.com\/it\/tour\/taxi-transfer-hurghada-transfer-aeroportuali-a-hurghada\/#breadcrumb"},"inLanguage":"it-IT","potentialAction":[{"@type":"ReadAction","target":["https:\/\/egytourpackages.com\/it\/tour\/taxi-transfer-hurghada-transfer-aeroportuali-a-hurghada\/"]}]},{"@type":"ImageObject","inLanguage":"it-IT","@id":"https:\/\/egytourpackages.com\/it\/tour\/taxi-transfer-hurghada-transfer-aeroportuali-a-hurghada\/#primaryimage","url":"https:\/\/egytourpackages.com\/wp-content\/uploads\/2023\/05\/Taxi-Hurghada-transfers.jpg","contentUrl":"https:\/\/egytourpackages.com\/wp-content\/uploads\/2023\/05\/Taxi-Hurghada-transfers.jpg","width":1200,"height":900,"caption":"Taxi Transfer Hurghada"},{"@type":"BreadcrumbList","@id":"https:\/\/egytourpackages.com\/it\/tour\/taxi-transfer-hurghada-transfer-aeroportuali-a-hurghada\/#breadcrumb","itemListElement":[{"@type":"ListItem","position":1,"name":"Home","item":"https:\/\/egytourpackages.com\/it\/"},{"@type":"ListItem","position":2,"name":"Negozio","item":"https:\/\/egytourpackages.com\/it\/negozio\/"},{"@type":"ListItem","position":3,"name":"Taxi Transfer Hurghada | Transfer aeroportuali a Hurghada"}]},{"@type":"WebSite","@id":"https:\/\/egytourpackages.com\/it\/#website","url":"https:\/\/egytourpackages.com\/it\/","name":"Egy tour packages","description":"","publisher":{"@id":"https:\/\/egytourpackages.com\/it\/#organization"},"potentialAction":[{"@type":"SearchAction","target":{"@type":"EntryPoint","urlTemplate":"https:\/\/egytourpackages.com\/it\/?s={search_term_string}"},"query-input":{"@type":"PropertyValueSpecification","valueRequired":true,"valueName":"search_term_string"}}],"inLanguage":"it-IT"},{"@type":["Organization","Place","TravelAgency"],"@id":"https:\/\/egytourpackages.com\/it\/#organization","name":"egypt tour packages","alternateName":"egypt tour packages","url":"https:\/\/egytourpackages.com\/it\/","logo":{"@id":"https:\/\/egytourpackages.com\/it\/tour\/taxi-transfer-hurghada-transfer-aeroportuali-a-hurghada\/#local-main-organization-logo"},"image":{"@id":"https:\/\/egytourpackages.com\/it\/tour\/taxi-transfer-hurghada-transfer-aeroportuali-a-hurghada\/#local-main-organization-logo"},"sameAs":["https:\/\/www.facebook.com\/egytourpackages"],"legalName":"Egy tour packages","address":{"@id":"https:\/\/egytourpackages.com\/it\/tour\/taxi-transfer-hurghada-transfer-aeroportuali-a-hurghada\/#local-main-place-address"},"telephone":["00201000852186","00201028685533"],"contactPoint":{"@type":"ContactPoint","telephone":"00201000852186"},"openingHoursSpecification":[{"@type":"OpeningHoursSpecification","dayOfWeek":["Monday","Tuesday","Wednesday","Thursday","Friday","Saturday","Sunday"],"opens":"00:00","closes":"23:59"}],"email":"info@egytourpackages.com","areaServed":"Cairo, Hurghada, Luxor, Sharm El Sheikh, Marsa Alam, Aswan","priceRange":"$","currenciesAccepted":"euro","paymentAccepted":"Payment links online"},{"@type":"PostalAddress","@id":"https:\/\/egytourpackages.com\/it\/tour\/taxi-transfer-hurghada-transfer-aeroportuali-a-hurghada\/#local-main-place-address","streetAddress":"Mubarak 8, Al Kawthar District, Hurghada","addressLocality":"Hurghada","postalCode":"84511","addressRegion":"Red Sea","addressCountry":"EG"},{"@type":"ImageObject","inLanguage":"it-IT","@id":"https:\/\/egytourpackages.com\/it\/tour\/taxi-transfer-hurghada-transfer-aeroportuali-a-hurghada\/#local-main-organization-logo","url":"https:\/\/egytourpackages.com\/wp-content\/uploads\/2025\/12\/Turquoise-Dahabiya-Nile-Cruise-1.jpeg","contentUrl":"https:\/\/egytourpackages.com\/wp-content\/uploads\/2025\/12\/Turquoise-Dahabiya-Nile-Cruise-1.jpeg","width":1040,"height":694,"caption":"egypt tour packages"}]},"product_brand":"Transfer aeroporto","product_price_amount":"15","product_price_currency":"EUR","og_availability":"instock","product_availability":"instock","product_retailer_item_id":"AT01","product_condition":"new","geo.placename":"Hurghada","geo.region":"Egitto"},"_links":{"self":[{"href":"https:\/\/egytourpackages.com\/it\/wp-json\/wp\/v2\/product\/4228","targetHints":{"allow":["GET"]}}],"collection":[{"href":"https:\/\/egytourpackages.com\/it\/wp-json\/wp\/v2\/product"}],"about":[{"href":"https:\/\/egytourpackages.com\/it\/wp-json\/wp\/v2\/types\/product"}],"replies":[{"embeddable":true,"href":"https:\/\/egytourpackages.com\/it\/wp-json\/wp\/v2\/comments?post=4228"}],"wp:featuredmedia":[{"embeddable":true,"href":"https:\/\/egytourpackages.com\/it\/wp-json\/wp\/v2\/media\/2784"}],"wp:attachment":[{"href":"https:\/\/egytourpackages.com\/it\/wp-json\/wp\/v2\/media?parent=4228"}],"wp:term":[{"taxonomy":"product_brand","embeddable":true,"href":"https:\/\/egytourpackages.com\/it\/wp-json\/wp\/v2\/product_brand?post=4228"},{"taxonomy":"product_cat","embeddable":true,"href":"https:\/\/egytourpackages.com\/it\/wp-json\/wp\/v2\/product_cat?post=4228"},{"taxonomy":"product_tag","embeddable":true,"href":"https:\/\/egytourpackages.com\/it\/wp-json\/wp\/v2\/product_tag?post=4228"}],"curies":[{"name":"wp","href":"https:\/\/api.w.org\/{rel}","templated":true}]}}