{"id":4234,"date":"2023-07-25T00:00:25","date_gmt":"2023-07-25T00:00:25","guid":{"rendered":"https:\/\/egytourpackages.com\/product\/tour-di-luxor-da-el-gouna-2-giorni\/"},"modified":"2026-01-28T21:35:26","modified_gmt":"2026-01-28T21:35:26","slug":"tour-di-luxor-da-el-gouna-2-giorni","status":"publish","type":"product","link":"https:\/\/egytourpackages.com\/it\/tour\/tour-di-luxor-da-el-gouna-2-giorni\/","title":{"rendered":"Tour di Luxor da El Gouna \u2013 2 Giorni"},"content":{"rendered":"<p><span style=\"color: #ff6600;\"><strong>Tour di Luxor da El Gouna \u2013 2 Giorni<\/strong>\u00a0<\/span><\/p>\n<p>Prenota il <strong>Tour di Luxor da El Gouna \u2013 2 Giorni<\/strong> in forma privata ed esplora le <strong>attrazioni di Luxor<\/strong> con guida e veicolo privati. Le <a href=\"https:\/\/egytourpackages.com\/it\/categoria%20di%20tour\/escursioni-el-gouna\/\">escursioni da El Gouna<\/a> offrono questi <strong>tour di un giorno in Egitto<\/strong> per gli amanti della storia e per coloro che desiderano provare il <strong>volo in mongolfiera<\/strong> sopra la sponda occidentale di Luxor. Visiterai il <strong>Tempio di Luxor<\/strong> e il <strong>Tempio di Karnak<\/strong> di <strong>Amun<\/strong> sulla sponda orientale di Luxor. Inoltre, visiterai la <strong>Valle dei Re<\/strong> e la <strong>Tomba di Tutankhamon<\/strong>, il <strong>Tempio di Hatshepsut<\/strong> e i <strong>Colossi di Memnon<\/strong> sulla sponda occidentale di Luxor. Inoltre, attraverserai la <strong>Valle dei Nobili<\/strong>, il <strong>Ramesseum<\/strong>, <strong>Medinet Habu<\/strong> con <strong>Egypt tours<\/strong>. Contattaci e creiamo ricordi indimenticabili per te e i tuoi cari.<\/p>\n<h3><span style=\"color: #ff6600;\">Dettagli del Tour<\/span><\/h3>\n<ul>\n<li>Durata: 2 Giorni \/ 1 Notte<\/li>\n<li>Localit\u00e0 del Tour: Luxor<\/li>\n<li>Disponibilit\u00e0 del Tour: Ogni giorno<\/li>\n<li>Prelevamento e Rilascio: Hotel di El Gouna<\/li>\n<li>Tipo di Tour: Privato<\/li>\n<li>Accessibile in Sedia a Rotelle: S\u00ec<\/li>\n<\/ul>\n<h3><span style=\"color: #ff6600;\">Incluso<\/span><\/h3>\n<ul>\n<li>Trasferimento di andata e ritorno con moderno veicolo con aria condizionata<\/li>\n<li>1 notte di alloggio in un hotel 5***** con trattamento B\/B<\/li>\n<li>Guida egittologo esperta<\/li>\n<li>Biglietti d&#8217;ingresso per tutte le visite turistiche<\/li>\n<li>Acqua durante il giorno<\/li>\n<\/ul>\n<h3><span style=\"color: #ff6600;\">Escluso<\/span><\/h3>\n<ul>\n<li>Bevande durante i pasti<\/li>\n<li>KV9 \u2013 Tomba di Ramesse V, Ramesse VI<\/li>\n<li>KV17 \u2013 Tomba di Seti I<\/li>\n<li>KV62 \u2013 Tomba di Tutankhamon<\/li>\n<li>Volo in mongolfiera<\/li>\n<li>Mance<\/li>\n<\/ul>\n<p><span style=\"color: #ff6600;\"><strong>Cosa portare con te<\/strong><\/span><\/p>\n<ul>\n<li>Cappello, Occhiali da sole e Crema solare<\/li>\n<li>Scarpe e vestiti comodi<\/li>\n<\/ul>\n<h2><span style=\"color: #ff6600;\">Itinerario<\/span><\/h2>\n<h3><span style=\"color: #ff6600;\">Giorno 1: El Gouna &#8211; Luxor<\/span><\/h3>\n<p>La nostra guida ti prelever\u00e0 nella hall dell&#8217;hotel per iniziare il tuo <strong>tour di Luxor da El Gouna di 2 giorni<\/strong> la mattina presto. All&#8217;arrivo a Luxor, inizierai le <strong>attrazioni turistiche di Luxor<\/strong> sulla sponda orientale del fiume Nilo.<\/p>\n<h3><span style=\"color: #ff6600;\">Tempio di Luxor<\/span><\/h3>\n<p>Visitare il <strong>Tempio di Luxor<\/strong> non sar\u00e0 una semplice visita turistica, ma un&#8217;immersione profonda nell&#8217;<strong>antica religione egizia<\/strong> e nelle <strong>Feste nell&#8217;antico Egitto<\/strong>. Il Tempio di Luxor era collegato al Tempio di Karnak dal <strong>Viale delle Sfingi<\/strong> per celebrare la <strong>Festa di Opet<\/strong>, quando <strong>Amun di Karnak<\/strong> veniva a ricaricare la sua energia per il creatore <strong>Amun Ka.Mut.f<\/strong>. Il Tempio di Luxor fu costruito principalmente da <strong>Amenhotep III<\/strong> e <strong>Ramses II<\/strong>, ma <strong>Tutankhamon<\/strong>, <strong>Horemheb<\/strong> e <strong>Ay<\/strong> aggiunsero al tempio. Ci sono molte cose da vedere qui, specialmente i colossi di Ramses, la battaglia di Qadesh sul primo Pilone e il santuario della Barca di <strong>Hatshepsut<\/strong>. Inoltre, la Nascita Divina di Amenhotep III, la <strong>Cappella di Alessandro Magno<\/strong> e il Museo a cielo aperto.<\/p>\n<h3><span style=\"color: #ff6600;\">Pranzo<\/span><\/h3>\n<p>Goditi il pranzo in un ristorante locale sulla sponda orientale di Luxor prima di procedere alla tua prossima tappa.<\/p>\n<h3><span style=\"color: #ff6600;\">Complesso dei Templi di Karnak<\/span><\/h3>\n<p>Il <strong>Tempio di Karnak<\/strong> \u00e8 un complesso di templi e le aggiunte di circa 34 Re e Regine. Karnak \u00e8 il tempio pi\u00f9 grande del mondo, in quanto copre 60 ettari e ci sono voluti 2500 anni per essere costruito. Il tempio era dedicato ad <strong>Amun Ra<\/strong> pi\u00f9 sua moglie, la <strong>dea Mut<\/strong>, e il loro figlio, il <strong>dio Khonsu<\/strong>. Il tempio inizia con il Porto, il Viale delle Sfingi, poi il Pilone con il cancello principale del tempio. Qui puoi esplorare molte cose, specialmente la <strong>Grande Sala Ipostila<\/strong> con 134 massicce colonne di arenaria, l&#8217;<strong>Obelisco di Hatshepsut<\/strong>, la <strong>Cappella Rossa<\/strong>, la <strong>Cappella Bianca<\/strong>, la <strong>Lista dei Re di Karnak<\/strong> e il <strong>Lago Sacro<\/strong>. Inoltre, lo Scarabeo, la cappella di Sekhmet che \u00e8 la tappa principale per i gruppi spirituali, e il tempio di Osiride.<\/p>\n<p>Alla fine del tour, farai un check-in agevole in hotel e pernotterai fino al giorno successivo.<\/p>\n<p><strong>Pasti<\/strong>: Colazione, Pranzo, Cena<\/p>\n<h3><span style=\"color: #ff6600;\">Giorno 2: Sponda Occidentale di Luxor<\/span><\/h3>\n<p><strong>Tour opzionale<\/strong><\/p>\n<p>Volo in mongolfiera all&#8217;alba con supplemento di 80 $ a persona.<\/p>\n<p>Goditi la colazione in hotel prima di partire con la tua guida per esplorare le <strong>attrazioni di Luxor<\/strong> sulla sponda occidentale di Luxor. Inizierai con una delle <strong>migliori cose da fare a Luxor<\/strong>.<\/p>\n<h3><span style=\"color: #ff6600;\">Valle dei Re<\/span><\/h3>\n<p>La <strong>Valle dei Re<\/strong> \u00e8 la seconda area pi\u00f9 visitata dopo le Piramidi ed \u00e8 un must quando sei a Luxor. La Valle dei Re era il luogo dove i <strong>Faraoni<\/strong> della XVIII, XIX, XX dinastia scavarono le loro tombe all&#8217;interno della montagna. Durante la visita della Valle, puoi visitare 3 delle seguenti tombe incluse nel tuo biglietto d&#8217;ingresso:<\/p>\n<ul>\n<li>(KV 02) Ramesse IV<\/li>\n<li>Tomba di Ramses III (KV 11)<\/li>\n<li>Tomba di Ramses IX (KV 6)<\/li>\n<li>Tomba di Merenptah (KV 8)<\/li>\n<li>La tomba di Tausert e Setnakht (KV 14)<\/li>\n<\/ul>\n<p>Ci sono anche 3 tombe extra a pagamento, come la <strong>Tomba di Tutankhamon<\/strong> con la sua mummia e sarcofago, poich\u00e9 il resto dei tesori si trova nel <strong>Grande Museo Egizio<\/strong>. Inoltre, la <strong>Tomba di Seti I<\/strong> e <strong>Ramesse V<\/strong> sono tombe a pagamento. Dopo aver visitato le tue 3 tombe e scattato alcune foto per il soffitto astronomico delle tombe, libri religiosi come il <strong>Libro dei Morti<\/strong> e l&#8217;<strong>Apertura della Bocca<\/strong>, sarai pronto per la tua prossima tappa.<\/p>\n<h3><span style=\"color: #ff6600;\">Tempio Funerario di Hatshepsut<\/span><\/h3>\n<p>Il <strong>Tempio di Hatshepsut<\/strong> a <strong>El Deir El Bahari<\/strong> \u00e8 un tempio molto unico a Luxor perch\u00e9 il costruttore \u00e8 una <strong>faraona<\/strong>, e il tempio \u00e8 la sua storia e missione nella vita. Il tempio mostra molte storie interessanti come la <strong>Nascita Divina di Hatshepsut<\/strong>, la sua spedizione nella <strong>Terra di Punt<\/strong> per importare i <strong>sicomori<\/strong> e l&#8217;incenso. Inoltre, il tempio presenta molte cappelle come la <strong>Cappella di Hathor<\/strong>, la <strong>Cappella di Anubis<\/strong> e la <strong>Cappella di Amun<\/strong>. Molte persone, quando visitano il tempio, sentono di essere state Hatshepsut nella loro vita precedente perch\u00e9 si connettono al suo <strong>Ka<\/strong> nel tempio. Quindi, il tempio \u00e8 una tappa molto importante per i gruppi spirituali e di meditazione.<\/p>\n<h3><span style=\"color: #ff6600;\">Colossi di Memnon | Necropoli Tebana<\/span><\/h3>\n<p>Concludi i tuoi <strong>tour di un giorno a Luxor<\/strong> sulla sponda occidentale con le enormi statue di <strong>Amenhotep III<\/strong> che un tempo decoravano l&#8217;ingresso del suo <strong>Tempio Funerario<\/strong>. Ogni statua \u00e8 di circa 18 m e rappresenta Amenhotep III seduto sul trono con le mani sulle ginocchia e ai lati delle gambe la madre e la moglie. Ascolta dalla tua guida perch\u00e9 i Greci li chiamarono Memnon e quale fenomeno accadeva quotidianamente in passato.<\/p>\n<h3><span style=\"color: #ff6600;\">Pranzo<\/span><\/h3>\n<p>Alla fine del tuo tour di un giorno a Luxor sulla sponda occidentale, gusterai un tipico pranzo fatto in casa in un ristorante locale dietro i Colossi di Memnon. Successivamente, inizierai il viaggio di ritorno al tuo hotel a El Gouna.<\/p>\n<h3><span style=\"color: #ff6600;\">Tour di Luxor da El Gouna \u2013 2 Giorni Prezzo<\/span><\/h3>\n<p>Prezzo Adulto: 250 $<\/p>\n<p>Bambini 0-5 anni: Gratuito<\/p>\n<p>Bambini 5-11 anni: 50% del prezzo adulto<\/p>\n<h3><span style=\"color: #ff6600;\">Prenotazione<\/span><\/h3>\n<p>Puoi prenotare il tuo tour tramite WhatsApp o inviarci un&#8217;e-mail e riceverai la conferma sul posto. Ti preghiamo di inviarci il nome del tuo hotel, il numero della camera e le copie del passaporto.<\/p>\n<p><strong>WhatsApp<\/strong>: +201000852186<\/p>\n<p><strong>Email<\/strong>: info@egytourpackages.com<\/p>\n<h3><span style=\"color: #ff6600;\">Prenota Ora e Paga sul Posto<\/span><\/h3>\n<p>Prenota il tuo tour preferito e paga il giorno del viaggio.<\/p>\n<h3><span style=\"color: #ff6600;\">Pagamento<\/span><\/h3>\n<p>Puoi pagare in Sterline Egiziane, $, \u20ac o \u00a3.<\/p>\n<h3><span style=\"color: #ff6600;\">Politica di Cancellazione<\/span><\/h3>\n<ul>\n<li>La cancellazione \u00e8 gratuita fino a 24 ore prima.<\/li>\n<li>La cancellazione al mattino comporta il 50% del prezzo.<\/li>\n<\/ul>\n","protected":false},"excerpt":{"rendered":"<p>Tour di Luxor da El Gouna \u2013 2 Giorni | Valle dei Re, Tempio di Hatshepsut, Colossi di Memnon, Tempio di Karnak, Tempio di Luxor, Tomba di Tutankhamon, Volo in Mongolfiera<\/p>\n","protected":false},"featured_media":2889,"comment_status":"open","ping_status":"closed","template":"","meta":[],"product_brand":[],"product_cat":[1910],"product_tag":[1970,2796,2756,1916,1914],"class_list":{"0":"post-4234","1":"product","2":"type-product","3":"status-publish","4":"has-post-thumbnail","6":"product_cat-tour","7":"product_tag-escursioni-a-el-gouna","8":"product_tag-le-migliori-cose-da-fare-a-el-gouna","9":"product_tag-pacchetti-viaggio-egitto","10":"product_tag-tempio-di-karnak","11":"product_tag-tour-giornalieri-in-egitto","12":"tour_category-escursioni-el-gouna","13":"tour_category-tour-di-luxor-da-hurghada","14":"tour_category-tour-giornalieri-in-egitto-it","16":"first","17":"instock","18":"sale","19":"shipping-taxable","20":"purchasable","21":"product-type-tour","22":"has-default-attributes"},"yoast_head":"<!-- This site is optimized with the Yoast SEO Premium plugin v27.2 (Yoast SEO v27.2) - https:\/\/yoast.com\/product\/yoast-seo-premium-wordpress\/ -->\n<title>Tour di Luxor da El Gouna \u2013 2 Giorni | Escursioni a El Gouna<\/title>\n<meta name=\"description\" content=\"Tour di Luxor da El Gouna \u2013 2 Giorni | Valle dei Re, Tempio di Hatshepsut, Colossi di Memnon, Tempio di Karnak, Tomba di Tutankhamon, Volo in Mongolfiera.\" \/>\n<meta name=\"robots\" content=\"index, follow, max-snippet:-1, max-image-preview:large, max-video-preview:-1\" \/>\n<link rel=\"canonical\" href=\"https:\/\/egytourpackages.com\/it\/tour\/tour-di-luxor-da-el-gouna-2-giorni\/\" \/>\n<meta property=\"og:locale\" content=\"it_IT\" \/>\n<meta property=\"og:type\" content=\"article\" \/>\n<meta property=\"og:title\" content=\"Tour di Luxor da El Gouna \u2013 2 Giorni\" \/>\n<meta property=\"og:description\" content=\"Tour di Luxor da El Gouna \u2013 2 Giorni | Valle dei Re, Tempio di Hatshepsut, Colossi di Memnon, Tempio di Karnak, Tempio di Luxor, Tomba di Tutankhamon, Volo in Mongolfiera\" \/>\n<meta property=\"og:url\" content=\"https:\/\/egytourpackages.com\/it\/tour\/tour-di-luxor-da-el-gouna-2-giorni\/\" \/>\n<meta property=\"og:site_name\" content=\"Pacchetti tour in Egitto\" \/>\n<meta property=\"article:publisher\" content=\"https:\/\/www.facebook.com\/egytourpackages\" \/>\n<meta property=\"article:modified_time\" content=\"2026-01-28T21:35:26+00:00\" \/>\n<meta property=\"og:image\" content=\"https:\/\/egytourpackages.com\/wp-content\/uploads\/2023\/07\/Mortuary-temple-of-Hatshepsut-Luxor-1024x682.jpg\" \/>\n<meta name=\"twitter:card\" content=\"summary_large_image\" \/>\n<meta name=\"twitter:title\" content=\"Tour di Luxor da El Gouna \u2013 2 Giorni\" \/>\n<meta name=\"twitter:description\" content=\"Tour di Luxor da El Gouna \u2013 2 Giorni | Valle dei Re, Tempio di Hatshepsut, Colossi di Memnon, Tempio di Karnak, Tempio di Luxor, Tomba di Tutankhamon, Volo in Mongolfiera\" \/>\n<meta name=\"twitter:image\" content=\"https:\/\/egytourpackages.com\/wp-content\/uploads\/2023\/07\/Mortuary-temple-of-Hatshepsut-Luxor-1024x682.jpg\" \/>\n<meta name=\"twitter:label1\" content=\"Prezzo\" \/>\n\t<meta name=\"twitter:data1\" content=\"&euro;250\" \/>\n\t<meta name=\"twitter:label2\" content=\"Disponibilit\u00e0\" \/>\n\t<meta name=\"twitter:data2\" content=\"In stock\" \/>\n<script type=\"application\/ld+json\" class=\"yoast-schema-graph\">{\"@context\":\"https:\/\/schema.org\",\"@graph\":[{\"@type\":\"WebPage\",\"@id\":\"https:\/\/egytourpackages.com\/it\/tour\/tour-di-luxor-da-el-gouna-2-giorni\/\",\"url\":\"https:\/\/egytourpackages.com\/it\/tour\/tour-di-luxor-da-el-gouna-2-giorni\/\",\"name\":\"Tour di Luxor da El Gouna \u2013 2 Giorni | Escursioni a El Gouna\",\"isPartOf\":{\"@id\":\"https:\/\/egytourpackages.com\/it\/#website\"},\"primaryImageOfPage\":{\"@id\":\"https:\/\/egytourpackages.com\/it\/tour\/tour-di-luxor-da-el-gouna-2-giorni\/#primaryimage\"},\"image\":{\"@id\":\"https:\/\/egytourpackages.com\/it\/tour\/tour-di-luxor-da-el-gouna-2-giorni\/#primaryimage\"},\"thumbnailUrl\":\"https:\/\/egytourpackages.com\/wp-content\/uploads\/2023\/07\/Mortuary-temple-of-Hatshepsut-Luxor.jpg\",\"datePublished\":\"2023-07-25T00:00:25+00:00\",\"dateModified\":\"2026-01-28T21:35:26+00:00\",\"description\":\"Tour di Luxor da El Gouna \u2013 2 Giorni | Valle dei Re, Tempio di Hatshepsut, Colossi di Memnon, Tempio di Karnak, Tomba di Tutankhamon, Volo in Mongolfiera.\",\"breadcrumb\":{\"@id\":\"https:\/\/egytourpackages.com\/it\/tour\/tour-di-luxor-da-el-gouna-2-giorni\/#breadcrumb\"},\"inLanguage\":\"it-IT\",\"potentialAction\":[{\"@type\":\"ReadAction\",\"target\":[\"https:\/\/egytourpackages.com\/it\/tour\/tour-di-luxor-da-el-gouna-2-giorni\/\"]}]},{\"@type\":\"ImageObject\",\"inLanguage\":\"it-IT\",\"@id\":\"https:\/\/egytourpackages.com\/it\/tour\/tour-di-luxor-da-el-gouna-2-giorni\/#primaryimage\",\"url\":\"https:\/\/egytourpackages.com\/wp-content\/uploads\/2023\/07\/Mortuary-temple-of-Hatshepsut-Luxor.jpg\",\"contentUrl\":\"https:\/\/egytourpackages.com\/wp-content\/uploads\/2023\/07\/Mortuary-temple-of-Hatshepsut-Luxor.jpg\",\"width\":2000,\"height\":1333,\"caption\":\"Tempio Funerario di Hatshepsut, Luxor\"},{\"@type\":\"BreadcrumbList\",\"@id\":\"https:\/\/egytourpackages.com\/it\/tour\/tour-di-luxor-da-el-gouna-2-giorni\/#breadcrumb\",\"itemListElement\":[{\"@type\":\"ListItem\",\"position\":1,\"name\":\"Home\",\"item\":\"https:\/\/egytourpackages.com\/it\/\"},{\"@type\":\"ListItem\",\"position\":2,\"name\":\"Negozio\",\"item\":\"https:\/\/egytourpackages.com\/it\/negozio\/\"},{\"@type\":\"ListItem\",\"position\":3,\"name\":\"Tour di Luxor da El Gouna \u2013 2 Giorni\"}]},{\"@type\":\"WebSite\",\"@id\":\"https:\/\/egytourpackages.com\/it\/#website\",\"url\":\"https:\/\/egytourpackages.com\/it\/\",\"name\":\"Egy tour packages\",\"description\":\"\",\"publisher\":{\"@id\":\"https:\/\/egytourpackages.com\/it\/#organization\"},\"potentialAction\":[{\"@type\":\"SearchAction\",\"target\":{\"@type\":\"EntryPoint\",\"urlTemplate\":\"https:\/\/egytourpackages.com\/it\/?s={search_term_string}\"},\"query-input\":{\"@type\":\"PropertyValueSpecification\",\"valueRequired\":true,\"valueName\":\"search_term_string\"}}],\"inLanguage\":\"it-IT\"},{\"@type\":[\"Organization\",\"Place\",\"TravelAgency\"],\"@id\":\"https:\/\/egytourpackages.com\/it\/#organization\",\"name\":\"egypt tour packages\",\"alternateName\":\"egypt tour packages\",\"url\":\"https:\/\/egytourpackages.com\/it\/\",\"logo\":{\"@id\":\"https:\/\/egytourpackages.com\/it\/tour\/tour-di-luxor-da-el-gouna-2-giorni\/#local-main-organization-logo\"},\"image\":{\"@id\":\"https:\/\/egytourpackages.com\/it\/tour\/tour-di-luxor-da-el-gouna-2-giorni\/#local-main-organization-logo\"},\"sameAs\":[\"https:\/\/www.facebook.com\/egytourpackages\"],\"legalName\":\"Egy tour packages\",\"address\":{\"@id\":\"https:\/\/egytourpackages.com\/it\/tour\/tour-di-luxor-da-el-gouna-2-giorni\/#local-main-place-address\"},\"telephone\":[\"00201000852186\",\"00201028685533\"],\"contactPoint\":{\"@type\":\"ContactPoint\",\"telephone\":\"00201000852186\"},\"openingHoursSpecification\":[{\"@type\":\"OpeningHoursSpecification\",\"dayOfWeek\":[\"Monday\",\"Tuesday\",\"Wednesday\",\"Thursday\",\"Friday\",\"Saturday\",\"Sunday\"],\"opens\":\"00:00\",\"closes\":\"23:59\"}],\"email\":\"info@egytourpackages.com\",\"areaServed\":\"Cairo, Hurghada, Luxor, Sharm El Sheikh, Marsa Alam, Aswan\",\"priceRange\":\"$\",\"currenciesAccepted\":\"euro\",\"paymentAccepted\":\"Payment links online\"},{\"@type\":\"PostalAddress\",\"@id\":\"https:\/\/egytourpackages.com\/it\/tour\/tour-di-luxor-da-el-gouna-2-giorni\/#local-main-place-address\",\"streetAddress\":\"Mubarak 8, Al Kawthar District, Hurghada\",\"addressLocality\":\"Hurghada\",\"postalCode\":\"84511\",\"addressRegion\":\"Red Sea\",\"addressCountry\":\"EG\"},{\"@type\":\"ImageObject\",\"inLanguage\":\"it-IT\",\"@id\":\"https:\/\/egytourpackages.com\/it\/tour\/tour-di-luxor-da-el-gouna-2-giorni\/#local-main-organization-logo\",\"url\":\"https:\/\/egytourpackages.com\/wp-content\/uploads\/2025\/12\/Turquoise-Dahabiya-Nile-Cruise-1.jpeg\",\"contentUrl\":\"https:\/\/egytourpackages.com\/wp-content\/uploads\/2025\/12\/Turquoise-Dahabiya-Nile-Cruise-1.jpeg\",\"width\":1040,\"height\":694,\"caption\":\"egypt tour packages\"}]}<\/script>\n<meta property=\"product:brand\" content=\"Escursioni El Gouna\" \/>\n<meta property=\"product:price:amount\" content=\"250\" \/>\n<meta property=\"product:price:currency\" content=\"EUR\" \/>\n<meta property=\"og:availability\" content=\"instock\" \/>\n<meta property=\"product:availability\" content=\"instock\" \/>\n<meta property=\"product:retailer_item_id\" content=\"GDT02\" \/>\n<meta property=\"product:condition\" content=\"new\" \/>\n<meta name=\"geo.placename\" content=\"Hurghada\" \/>\n<meta name=\"geo.region\" content=\"Egitto\" \/>\n<!-- \/ Yoast SEO Premium plugin. -->","yoast_head_json":{"title":"Tour di Luxor da El Gouna \u2013 2 Giorni | Escursioni a El Gouna","description":"Tour di Luxor da El Gouna \u2013 2 Giorni | Valle dei Re, Tempio di Hatshepsut, Colossi di Memnon, Tempio di Karnak, Tomba di Tutankhamon, Volo in Mongolfiera.","robots":{"index":"index","follow":"follow","max-snippet":"max-snippet:-1","max-image-preview":"max-image-preview:large","max-video-preview":"max-video-preview:-1"},"canonical":"https:\/\/egytourpackages.com\/it\/tour\/tour-di-luxor-da-el-gouna-2-giorni\/","og_locale":"it_IT","og_type":"article","og_title":"Tour di Luxor da El Gouna \u2013 2 Giorni","og_description":"Tour di Luxor da El Gouna \u2013 2 Giorni | Valle dei Re, Tempio di Hatshepsut, Colossi di Memnon, Tempio di Karnak, Tempio di Luxor, Tomba di Tutankhamon, Volo in Mongolfiera","og_url":"https:\/\/egytourpackages.com\/it\/tour\/tour-di-luxor-da-el-gouna-2-giorni\/","og_site_name":"Pacchetti tour in Egitto","article_publisher":"https:\/\/www.facebook.com\/egytourpackages","article_modified_time":"2026-01-28T21:35:26+00:00","og_image":[{"url":"https:\/\/egytourpackages.com\/wp-content\/uploads\/2023\/07\/Mortuary-temple-of-Hatshepsut-Luxor-1024x682.jpg","type":"","width":"","height":""}],"twitter_card":"summary_large_image","twitter_title":"Tour di Luxor da El Gouna \u2013 2 Giorni","twitter_description":"Tour di Luxor da El Gouna \u2013 2 Giorni | Valle dei Re, Tempio di Hatshepsut, Colossi di Memnon, Tempio di Karnak, Tempio di Luxor, Tomba di Tutankhamon, Volo in Mongolfiera","twitter_image":"https:\/\/egytourpackages.com\/wp-content\/uploads\/2023\/07\/Mortuary-temple-of-Hatshepsut-Luxor-1024x682.jpg","twitter_misc":{"Prezzo":"&euro;250","Disponibilit\u00e0":"In stock"},"schema":{"@context":"https:\/\/schema.org","@graph":[{"@type":"WebPage","@id":"https:\/\/egytourpackages.com\/it\/tour\/tour-di-luxor-da-el-gouna-2-giorni\/","url":"https:\/\/egytourpackages.com\/it\/tour\/tour-di-luxor-da-el-gouna-2-giorni\/","name":"Tour di Luxor da El Gouna \u2013 2 Giorni | Escursioni a El Gouna","isPartOf":{"@id":"https:\/\/egytourpackages.com\/it\/#website"},"primaryImageOfPage":{"@id":"https:\/\/egytourpackages.com\/it\/tour\/tour-di-luxor-da-el-gouna-2-giorni\/#primaryimage"},"image":{"@id":"https:\/\/egytourpackages.com\/it\/tour\/tour-di-luxor-da-el-gouna-2-giorni\/#primaryimage"},"thumbnailUrl":"https:\/\/egytourpackages.com\/wp-content\/uploads\/2023\/07\/Mortuary-temple-of-Hatshepsut-Luxor.jpg","datePublished":"2023-07-25T00:00:25+00:00","dateModified":"2026-01-28T21:35:26+00:00","description":"Tour di Luxor da El Gouna \u2013 2 Giorni | Valle dei Re, Tempio di Hatshepsut, Colossi di Memnon, Tempio di Karnak, Tomba di Tutankhamon, Volo in Mongolfiera.","breadcrumb":{"@id":"https:\/\/egytourpackages.com\/it\/tour\/tour-di-luxor-da-el-gouna-2-giorni\/#breadcrumb"},"inLanguage":"it-IT","potentialAction":[{"@type":"ReadAction","target":["https:\/\/egytourpackages.com\/it\/tour\/tour-di-luxor-da-el-gouna-2-giorni\/"]}]},{"@type":"ImageObject","inLanguage":"it-IT","@id":"https:\/\/egytourpackages.com\/it\/tour\/tour-di-luxor-da-el-gouna-2-giorni\/#primaryimage","url":"https:\/\/egytourpackages.com\/wp-content\/uploads\/2023\/07\/Mortuary-temple-of-Hatshepsut-Luxor.jpg","contentUrl":"https:\/\/egytourpackages.com\/wp-content\/uploads\/2023\/07\/Mortuary-temple-of-Hatshepsut-Luxor.jpg","width":2000,"height":1333,"caption":"Tempio Funerario di Hatshepsut, Luxor"},{"@type":"BreadcrumbList","@id":"https:\/\/egytourpackages.com\/it\/tour\/tour-di-luxor-da-el-gouna-2-giorni\/#breadcrumb","itemListElement":[{"@type":"ListItem","position":1,"name":"Home","item":"https:\/\/egytourpackages.com\/it\/"},{"@type":"ListItem","position":2,"name":"Negozio","item":"https:\/\/egytourpackages.com\/it\/negozio\/"},{"@type":"ListItem","position":3,"name":"Tour di Luxor da El Gouna \u2013 2 Giorni"}]},{"@type":"WebSite","@id":"https:\/\/egytourpackages.com\/it\/#website","url":"https:\/\/egytourpackages.com\/it\/","name":"Egy tour packages","description":"","publisher":{"@id":"https:\/\/egytourpackages.com\/it\/#organization"},"potentialAction":[{"@type":"SearchAction","target":{"@type":"EntryPoint","urlTemplate":"https:\/\/egytourpackages.com\/it\/?s={search_term_string}"},"query-input":{"@type":"PropertyValueSpecification","valueRequired":true,"valueName":"search_term_string"}}],"inLanguage":"it-IT"},{"@type":["Organization","Place","TravelAgency"],"@id":"https:\/\/egytourpackages.com\/it\/#organization","name":"egypt tour packages","alternateName":"egypt tour packages","url":"https:\/\/egytourpackages.com\/it\/","logo":{"@id":"https:\/\/egytourpackages.com\/it\/tour\/tour-di-luxor-da-el-gouna-2-giorni\/#local-main-organization-logo"},"image":{"@id":"https:\/\/egytourpackages.com\/it\/tour\/tour-di-luxor-da-el-gouna-2-giorni\/#local-main-organization-logo"},"sameAs":["https:\/\/www.facebook.com\/egytourpackages"],"legalName":"Egy tour packages","address":{"@id":"https:\/\/egytourpackages.com\/it\/tour\/tour-di-luxor-da-el-gouna-2-giorni\/#local-main-place-address"},"telephone":["00201000852186","00201028685533"],"contactPoint":{"@type":"ContactPoint","telephone":"00201000852186"},"openingHoursSpecification":[{"@type":"OpeningHoursSpecification","dayOfWeek":["Monday","Tuesday","Wednesday","Thursday","Friday","Saturday","Sunday"],"opens":"00:00","closes":"23:59"}],"email":"info@egytourpackages.com","areaServed":"Cairo, Hurghada, Luxor, Sharm El Sheikh, Marsa Alam, Aswan","priceRange":"$","currenciesAccepted":"euro","paymentAccepted":"Payment links online"},{"@type":"PostalAddress","@id":"https:\/\/egytourpackages.com\/it\/tour\/tour-di-luxor-da-el-gouna-2-giorni\/#local-main-place-address","streetAddress":"Mubarak 8, Al Kawthar District, Hurghada","addressLocality":"Hurghada","postalCode":"84511","addressRegion":"Red Sea","addressCountry":"EG"},{"@type":"ImageObject","inLanguage":"it-IT","@id":"https:\/\/egytourpackages.com\/it\/tour\/tour-di-luxor-da-el-gouna-2-giorni\/#local-main-organization-logo","url":"https:\/\/egytourpackages.com\/wp-content\/uploads\/2025\/12\/Turquoise-Dahabiya-Nile-Cruise-1.jpeg","contentUrl":"https:\/\/egytourpackages.com\/wp-content\/uploads\/2025\/12\/Turquoise-Dahabiya-Nile-Cruise-1.jpeg","width":1040,"height":694,"caption":"egypt tour packages"}]},"product_brand":"Escursioni El Gouna","product_price_amount":"250","product_price_currency":"EUR","og_availability":"instock","product_availability":"instock","product_retailer_item_id":"GDT02","product_condition":"new","geo.placename":"Hurghada","geo.region":"Egitto"},"_links":{"self":[{"href":"https:\/\/egytourpackages.com\/it\/wp-json\/wp\/v2\/product\/4234","targetHints":{"allow":["GET"]}}],"collection":[{"href":"https:\/\/egytourpackages.com\/it\/wp-json\/wp\/v2\/product"}],"about":[{"href":"https:\/\/egytourpackages.com\/it\/wp-json\/wp\/v2\/types\/product"}],"replies":[{"embeddable":true,"href":"https:\/\/egytourpackages.com\/it\/wp-json\/wp\/v2\/comments?post=4234"}],"wp:featuredmedia":[{"embeddable":true,"href":"https:\/\/egytourpackages.com\/it\/wp-json\/wp\/v2\/media\/2889"}],"wp:attachment":[{"href":"https:\/\/egytourpackages.com\/it\/wp-json\/wp\/v2\/media?parent=4234"}],"wp:term":[{"taxonomy":"product_brand","embeddable":true,"href":"https:\/\/egytourpackages.com\/it\/wp-json\/wp\/v2\/product_brand?post=4234"},{"taxonomy":"product_cat","embeddable":true,"href":"https:\/\/egytourpackages.com\/it\/wp-json\/wp\/v2\/product_cat?post=4234"},{"taxonomy":"product_tag","embeddable":true,"href":"https:\/\/egytourpackages.com\/it\/wp-json\/wp\/v2\/product_tag?post=4234"}],"curies":[{"name":"wp","href":"https:\/\/api.w.org\/{rel}","templated":true}]}}