{"id":4289,"date":"2025-05-23T17:49:26","date_gmt":"2025-05-23T17:49:26","guid":{"rendered":"https:\/\/egytourpackages.com\/product\/barca-pirata-hurghada-a-orange-bay-escursione-snorkeling\/"},"modified":"2026-01-28T23:42:42","modified_gmt":"2026-01-28T23:42:42","slug":"barca-pirata-hurghada-a-orange-bay-escursione-snorkeling","status":"publish","type":"product","link":"https:\/\/egytourpackages.com\/it\/tour\/barca-pirata-hurghada-a-orange-bay-escursione-snorkeling\/","title":{"rendered":"Barca Pirata Hurghada a Orange Bay | Escursione Snorkeling"},"content":{"rendered":"<p><span style=\"color: #ff6600;\"><strong>Barca Pirata Hurghada<\/strong> a <strong>Orange Bay<\/strong> | <strong>Escursione Snorkeling<\/strong><\/span><\/p>\n<p>Yacht di Lusso | Pranzo a buffet di pesce fresco e succhi freschi | Spiaggia di Orange Bay | Prenotazione via WhatsApp | Attrezzatura snorkeling | Spettacolo di animazione<\/p>\n<p>La <strong>barca pirata Hurghada a Orange Bay<\/strong> \u00e8 un assaggio della bellezza naturale del Mar Rosso mantenendo alta l&#8217;energia dei <strong>tour in Egitto<\/strong>. Infatti, \u00e8 una delle <strong>migliori vacanze di lusso per famiglie<\/strong> a bordo di un <strong>lussuoso yacht sul mare<\/strong>. Inoltre, la <strong>gita in barca pirata<\/strong> \u00e8 la <strong>migliore avventura per famiglie<\/strong>, <strong>cose da fare con amici per compleanni<\/strong>, <strong>piani estivi con amici<\/strong>, e una delle migliori scelte di <strong>gite per anziani<\/strong>.<\/p>\n<p>Inoltre, la barca pirata Hurghada \u00e8 un <strong>viaggio ideale per anziani con mobilit\u00e0 ridotta<\/strong>, <strong>amanti dell&#8217;eccitazione<\/strong>, <strong>vacanze per viaggiatori singoli<\/strong> e un&#8217;<strong>esperienza meravigliosa<\/strong> che durer\u00e0 per sempre. Se stai cercando un&#8217;<strong>avventura unica<\/strong> con i tuoi figli e <strong>vacanze estive in famiglia al mare<\/strong>, questa gita fa per te. Goditi una delle migliori <strong>escursioni snorkeling sulla barriera corallina<\/strong> a <strong>Orange Bay Hurghada<\/strong> per fare <strong>snorkeling tra le barriere coralline del Mar Rosso<\/strong> e <strong>rari pesci colorati<\/strong> mentre navighi con la <strong>barca pirata<\/strong>.<\/p>\n<h3>Punti Salienti del Tour<\/h3>\n<ul>\n<li>Una lunga sosta per lo snorkeling<\/li>\n<li>Pranzo cucinato al momento a bordo<\/li>\n<li>Spettacolo di animazione<\/li>\n<\/ul>\n<h3>Dettagli del Tour<\/h3>\n<ul>\n<li>Durata: 7 ore<\/li>\n<li>Localit\u00e0 del Tour: Hurghada \u2013 Mar Rosso<\/li>\n<li>Disponibilit\u00e0: Quotidiana<\/li>\n<li>Tipo di Tour: Gruppo<\/li>\n<li>Pick up e drop off: Il tuo hotel a Hurghada<\/li>\n<li>Sedia a rotelle: Accessibile<\/li>\n<\/ul>\n<h3>Inclusioni<\/h3>\n<ul>\n<li>Trasferimento di andata e ritorno dal tuo <strong>hotel a Hurghada<\/strong><\/li>\n<li><strong>Attrezzatura snorkeling<\/strong> come giubbotto di salvataggio, maschera, pinne<\/li>\n<li>Guida snorkeling<\/li>\n<li>Pranzo cucinato al momento a bordo<\/li>\n<li>Acqua minerale, bevande calde e fredde tutto il giorno<\/li>\n<\/ul>\n<h3>Esclusioni<\/h3>\n<ul>\n<li>DVD e foto del cameraman<\/li>\n<li>Mance<\/li>\n<li>Biglietti d&#8217;ingresso al Parco Nazionale<\/li>\n<li>Si applicano costi aggiuntivi per i trasferimenti da aree esterne a <strong>Hurghada<\/strong> (Makadi Bay, Sahl Hasheesh, El Gouna)<\/li>\n<\/ul>\n<h3>Cosa portare con te<\/h3>\n<ul>\n<li>Il tuo asciugamano dall&#8217;hotel<\/li>\n<li>Cappello o sciarpa<\/li>\n<li>Crema solare, un asciugamano, occhiali da sole<\/li>\n<li>Scarpe comode<\/li>\n<li>Costume da bagno<\/li>\n<li>Un po&#8217; di contanti per le tue spese personali<\/li>\n<\/ul>\n<h2>Itinerario<\/h2>\n<p><strong>Orario di prelievo dall&#8217;hotel<\/strong><\/p>\n<p>A seconda della posizione del tuo hotel e dell&#8217;orario di prelievo che riceverai al momento della prenotazione, ti preleveremo dalla reception del tuo hotel per il Nuovo Porto.<\/p>\n<p><strong>09:00 &#8211; Imbarco sulla barca pirata e inizio navigazione<\/strong><\/p>\n<p>All&#8217;arrivo sulla <strong>barca pirata<\/strong>, sarai accolto dall&#8217;equipaggio e potrai iniziare a goderti l&#8217;ampia terrazza solarium o i saloni climatizzati.<\/p>\n<p><strong>10:00 &#8211; Sosta snorkeling<\/strong> All&#8217;arrivo al primo sito di <strong>snorkeling<\/strong>, goditi un&#8217;ora o pi\u00f9 di <strong>snorkeling guidato<\/strong> nelle acque cristalline e nella vita marina del <strong>Mar Rosso<\/strong>. Trascorri tutto il tempo che desideri prima di passare alla fermata successiva.<\/p>\n<p><strong>11:15 &#8211; Spiaggia di Orange Bay<\/strong><\/p>\n<p>Una volta che la barca attraccher\u00e0 a <strong>Orange Bay<\/strong>, sarai libero per circa due ore di goderti le spiagge sabbiose e le acque turchesi. Inoltre, puoi usare divani e ombrelloni per rilassarti e prendere il sole o tuffarti in acqua e nuotare.<\/p>\n<p><strong>13:00 &#8211; Pranzo<\/strong><\/p>\n<p>Ritorno alla <strong>barca pirata<\/strong> per un <strong>pranzo cucinato al momento<\/strong> composto da zuppa di pesce, una variet\u00e0 di insalate, riso, pasta, patate, frutti di mare grigliati (gamberi, calamari,ci, pesce), pollo, kofta e frutta fresca di stagione.<\/p>\n<p><strong>15:00 &#8211; Rientro al Porto<\/strong><\/p>\n<p>Dopo aver gustato il pranzo, puoi rilassarti sul ponte solarium, goderti la brezza marina o sorseggiare una bevanda rinfrescante mentre la barca fa ritorno al porto.<\/p>\n<p><strong>15:30<\/strong> Una volta arrivato al nuovo porto, sarai trasferito di nuovo al tuo hotel.<\/p>\n<h3>PC<\/h3>\n<p>Domenica, marted\u00ec, gioved\u00ec e venerd\u00ec dalle 09:00 alle 15:30 Sabato, luned\u00ec e mercoled\u00ec dalle 12:30 alle 18:00<\/p>\n<h3>Prezzo Barca Pirata Hurghada a Orange Bay<\/h3>\n<p>Prezzo Adulto = 70 $<\/p>\n<p>Bambini 0-5 anni = gratuiti<\/p>\n<p>Bambini 5-11 anni = 50% del prezzo per adulto<\/p>\n<h3>Prenotazione<\/h3>\n<p>Puoi <strong>prenotare il tuo tour via WhatsApp<\/strong> o inviarci un&#8217;e-mail e riceverai la conferma sul posto. Ti preghiamo di inviarci il nome del tuo hotel, il numero della camera e le copie del passaporto.<\/p>\n<p><strong>WhatsApp<\/strong> +201000852186<\/p>\n<p>info@egytourpackages.com<\/p>\n<h3>Prenota Ora e Paga in loco<\/h3>\n<p>Prenota il tuo tour preferito e paga il giorno del viaggi<\/p>\n<h3>Pagamento<\/h3>\n<p>Puoi pagare in lire egiziane, $, \u20ac o \u00a3.<\/p>\n<h3>Politica di Cancellazione<\/h3>\n<p>La cancellazione \u00e8 gratuita fino a 24 ore prima La cancellazione al mattino comporta il 50% del prezzo<\/p>\n","protected":false},"excerpt":{"rendered":"<p><strong>Barca Pirata Hurghada a Orange Bay<\/strong> | Goditi un lussuoso viaggio di snorkeling di un&#8217;intera giornata e l&#8217;Isola di Orange Bay a bordo della Barca Pirata dalla nuova marina di Hurghada.<\/p>\n","protected":false},"featured_media":3625,"comment_status":"open","ping_status":"closed","template":"","meta":[],"product_brand":[],"product_cat":[1910],"product_tag":[1918,1914],"class_list":{"0":"post-4289","1":"product","2":"type-product","3":"status-publish","4":"has-post-thumbnail","6":"product_cat-tour","7":"product_tag-escursioni-hurghada","8":"product_tag-tour-giornalieri-in-egitto","9":"tour_category-escursioni-di-snorkeling-a-hurghada","10":"tour_category-escursioni-hurghada","11":"tour_category-tour-giornalieri-in-egitto-it","13":"first","14":"instock","15":"sale","16":"shipping-taxable","17":"purchasable","18":"product-type-tour","19":"has-default-attributes"},"yoast_head":"<!-- This site is optimized with the Yoast SEO Premium plugin v27.2 (Yoast SEO v27.2) - https:\/\/yoast.com\/product\/yoast-seo-premium-wordpress\/ -->\n<title>Barca Pirata Hurghada a Orange Bay<\/title>\n<meta name=\"description\" content=\"Barca Pirata Hurghada a Orange Bay | Goditi un lussuoso viaggio di snorkeling di un&#039;intera giornata e l&#039;Isola di Orange Bay a bordo della Barca Pirata.\" \/>\n<meta name=\"robots\" content=\"index, follow, max-snippet:-1, max-image-preview:large, max-video-preview:-1\" \/>\n<link rel=\"canonical\" href=\"https:\/\/egytourpackages.com\/it\/tour\/barca-pirata-hurghada-a-orange-bay-escursione-snorkeling\/\" \/>\n<meta property=\"og:locale\" content=\"it_IT\" \/>\n<meta property=\"og:type\" content=\"article\" \/>\n<meta property=\"og:title\" content=\"Barca Pirata Hurghada a Orange Bay\" \/>\n<meta property=\"og:description\" content=\"Barca Pirata Hurghada a Orange Bay | Goditi un lussuoso viaggio di snorkeling di un&#039;intera giornata e l&#039;Isola di Orange Bay a bordo della Barca Pirata dalla nuova marina di Hurghada.\" \/>\n<meta property=\"og:url\" content=\"https:\/\/egytourpackages.com\/it\/tour\/barca-pirata-hurghada-a-orange-bay-escursione-snorkeling\/\" \/>\n<meta property=\"og:site_name\" content=\"Pacchetti tour in Egitto\" \/>\n<meta property=\"article:publisher\" content=\"https:\/\/www.facebook.com\/egytourpackages\" \/>\n<meta property=\"article:modified_time\" content=\"2026-01-28T23:42:42+00:00\" \/>\n<meta property=\"og:image\" content=\"https:\/\/egytourpackages.com\/wp-content\/uploads\/2025\/05\/Orange-Bay-beach-Giftun-Island-1024x768.jpeg\" \/>\n<meta name=\"twitter:card\" content=\"summary_large_image\" \/>\n<meta name=\"twitter:title\" content=\"Barca Pirata Hurghada a Orange Bay | Escursione Snorkeling\" \/>\n<meta name=\"twitter:label1\" content=\"Prezzo\" \/>\n\t<meta name=\"twitter:data1\" content=\"&euro;70\" \/>\n\t<meta name=\"twitter:label2\" content=\"Disponibilit\u00e0\" \/>\n\t<meta name=\"twitter:data2\" content=\"In stock\" \/>\n<script type=\"application\/ld+json\" class=\"yoast-schema-graph\">{\"@context\":\"https:\/\/schema.org\",\"@graph\":[{\"@type\":\"WebPage\",\"@id\":\"https:\/\/egytourpackages.com\/it\/tour\/barca-pirata-hurghada-a-orange-bay-escursione-snorkeling\/\",\"url\":\"https:\/\/egytourpackages.com\/it\/tour\/barca-pirata-hurghada-a-orange-bay-escursione-snorkeling\/\",\"name\":\"Barca Pirata Hurghada a Orange Bay\",\"isPartOf\":{\"@id\":\"https:\/\/egytourpackages.com\/it\/#website\"},\"primaryImageOfPage\":{\"@id\":\"https:\/\/egytourpackages.com\/it\/tour\/barca-pirata-hurghada-a-orange-bay-escursione-snorkeling\/#primaryimage\"},\"image\":{\"@id\":\"https:\/\/egytourpackages.com\/it\/tour\/barca-pirata-hurghada-a-orange-bay-escursione-snorkeling\/#primaryimage\"},\"thumbnailUrl\":\"https:\/\/egytourpackages.com\/wp-content\/uploads\/2025\/05\/Pirate-boat-Hurghada.jpeg\",\"datePublished\":\"2025-05-23T17:49:26+00:00\",\"dateModified\":\"2026-01-28T23:42:42+00:00\",\"description\":\"Barca Pirata Hurghada a Orange Bay | Goditi un lussuoso viaggio di snorkeling di un'intera giornata e l'Isola di Orange Bay a bordo della Barca Pirata.\",\"breadcrumb\":{\"@id\":\"https:\/\/egytourpackages.com\/it\/tour\/barca-pirata-hurghada-a-orange-bay-escursione-snorkeling\/#breadcrumb\"},\"inLanguage\":\"it-IT\",\"potentialAction\":[{\"@type\":\"ReadAction\",\"target\":[\"https:\/\/egytourpackages.com\/it\/tour\/barca-pirata-hurghada-a-orange-bay-escursione-snorkeling\/\"]}]},{\"@type\":\"ImageObject\",\"inLanguage\":\"it-IT\",\"@id\":\"https:\/\/egytourpackages.com\/it\/tour\/barca-pirata-hurghada-a-orange-bay-escursione-snorkeling\/#primaryimage\",\"url\":\"https:\/\/egytourpackages.com\/wp-content\/uploads\/2025\/05\/Pirate-boat-Hurghada.jpeg\",\"contentUrl\":\"https:\/\/egytourpackages.com\/wp-content\/uploads\/2025\/05\/Pirate-boat-Hurghada.jpeg\",\"width\":1100,\"height\":849,\"caption\":\"Barca Pirata Hurghada a Orange Bay\"},{\"@type\":\"BreadcrumbList\",\"@id\":\"https:\/\/egytourpackages.com\/it\/tour\/barca-pirata-hurghada-a-orange-bay-escursione-snorkeling\/#breadcrumb\",\"itemListElement\":[{\"@type\":\"ListItem\",\"position\":1,\"name\":\"Home\",\"item\":\"https:\/\/egytourpackages.com\/it\/\"},{\"@type\":\"ListItem\",\"position\":2,\"name\":\"Negozio\",\"item\":\"https:\/\/egytourpackages.com\/it\/negozio\/\"},{\"@type\":\"ListItem\",\"position\":3,\"name\":\"Barca Pirata Hurghada a Orange Bay | Escursione Snorkeling\"}]},{\"@type\":\"WebSite\",\"@id\":\"https:\/\/egytourpackages.com\/it\/#website\",\"url\":\"https:\/\/egytourpackages.com\/it\/\",\"name\":\"Egy tour packages\",\"description\":\"\",\"publisher\":{\"@id\":\"https:\/\/egytourpackages.com\/it\/#organization\"},\"potentialAction\":[{\"@type\":\"SearchAction\",\"target\":{\"@type\":\"EntryPoint\",\"urlTemplate\":\"https:\/\/egytourpackages.com\/it\/?s={search_term_string}\"},\"query-input\":{\"@type\":\"PropertyValueSpecification\",\"valueRequired\":true,\"valueName\":\"search_term_string\"}}],\"inLanguage\":\"it-IT\"},{\"@type\":[\"Organization\",\"Place\",\"TravelAgency\"],\"@id\":\"https:\/\/egytourpackages.com\/it\/#organization\",\"name\":\"egypt tour packages\",\"alternateName\":\"egypt tour packages\",\"url\":\"https:\/\/egytourpackages.com\/it\/\",\"logo\":{\"@id\":\"https:\/\/egytourpackages.com\/it\/tour\/barca-pirata-hurghada-a-orange-bay-escursione-snorkeling\/#local-main-organization-logo\"},\"image\":{\"@id\":\"https:\/\/egytourpackages.com\/it\/tour\/barca-pirata-hurghada-a-orange-bay-escursione-snorkeling\/#local-main-organization-logo\"},\"sameAs\":[\"https:\/\/www.facebook.com\/egytourpackages\"],\"legalName\":\"Egy tour packages\",\"address\":{\"@id\":\"https:\/\/egytourpackages.com\/it\/tour\/barca-pirata-hurghada-a-orange-bay-escursione-snorkeling\/#local-main-place-address\"},\"telephone\":[\"00201000852186\",\"00201028685533\"],\"contactPoint\":{\"@type\":\"ContactPoint\",\"telephone\":\"00201000852186\"},\"openingHoursSpecification\":[{\"@type\":\"OpeningHoursSpecification\",\"dayOfWeek\":[\"Monday\",\"Tuesday\",\"Wednesday\",\"Thursday\",\"Friday\",\"Saturday\",\"Sunday\"],\"opens\":\"00:00\",\"closes\":\"23:59\"}],\"email\":\"info@egytourpackages.com\",\"areaServed\":\"Cairo, Hurghada, Luxor, Sharm El Sheikh, Marsa Alam, Aswan\",\"priceRange\":\"$\",\"currenciesAccepted\":\"euro\",\"paymentAccepted\":\"Payment links online\"},{\"@type\":\"PostalAddress\",\"@id\":\"https:\/\/egytourpackages.com\/it\/tour\/barca-pirata-hurghada-a-orange-bay-escursione-snorkeling\/#local-main-place-address\",\"streetAddress\":\"Mubarak 8, Al Kawthar District, Hurghada\",\"addressLocality\":\"Hurghada\",\"postalCode\":\"84511\",\"addressRegion\":\"Red Sea\",\"addressCountry\":\"EG\"},{\"@type\":\"ImageObject\",\"inLanguage\":\"it-IT\",\"@id\":\"https:\/\/egytourpackages.com\/it\/tour\/barca-pirata-hurghada-a-orange-bay-escursione-snorkeling\/#local-main-organization-logo\",\"url\":\"https:\/\/egytourpackages.com\/wp-content\/uploads\/2025\/12\/Turquoise-Dahabiya-Nile-Cruise-1.jpeg\",\"contentUrl\":\"https:\/\/egytourpackages.com\/wp-content\/uploads\/2025\/12\/Turquoise-Dahabiya-Nile-Cruise-1.jpeg\",\"width\":1040,\"height\":694,\"caption\":\"egypt tour packages\"}]}<\/script>\n<meta property=\"product:brand\" content=\"Escursioni di snorkeling a Hurghada\" \/>\n<meta property=\"product:price:amount\" content=\"70\" \/>\n<meta property=\"product:price:currency\" content=\"EUR\" \/>\n<meta property=\"og:availability\" content=\"instock\" \/>\n<meta property=\"product:availability\" content=\"instock\" \/>\n<meta property=\"product:retailer_item_id\" content=\"HDT13\" \/>\n<meta property=\"product:condition\" content=\"new\" \/>\n<meta name=\"geo.placename\" content=\"Hurghada\" \/>\n<meta name=\"geo.region\" content=\"Egitto\" \/>\n<!-- \/ Yoast SEO Premium plugin. -->","yoast_head_json":{"title":"Barca Pirata Hurghada a Orange Bay","description":"Barca Pirata Hurghada a Orange Bay | Goditi un lussuoso viaggio di snorkeling di un'intera giornata e l'Isola di Orange Bay a bordo della Barca Pirata.","robots":{"index":"index","follow":"follow","max-snippet":"max-snippet:-1","max-image-preview":"max-image-preview:large","max-video-preview":"max-video-preview:-1"},"canonical":"https:\/\/egytourpackages.com\/it\/tour\/barca-pirata-hurghada-a-orange-bay-escursione-snorkeling\/","og_locale":"it_IT","og_type":"article","og_title":"Barca Pirata Hurghada a Orange Bay","og_description":"Barca Pirata Hurghada a Orange Bay | Goditi un lussuoso viaggio di snorkeling di un'intera giornata e l'Isola di Orange Bay a bordo della Barca Pirata dalla nuova marina di Hurghada.","og_url":"https:\/\/egytourpackages.com\/it\/tour\/barca-pirata-hurghada-a-orange-bay-escursione-snorkeling\/","og_site_name":"Pacchetti tour in Egitto","article_publisher":"https:\/\/www.facebook.com\/egytourpackages","article_modified_time":"2026-01-28T23:42:42+00:00","og_image":[{"url":"https:\/\/egytourpackages.com\/wp-content\/uploads\/2025\/05\/Orange-Bay-beach-Giftun-Island-1024x768.jpeg","type":"","width":"","height":""}],"twitter_card":"summary_large_image","twitter_title":"Barca Pirata Hurghada a Orange Bay | Escursione Snorkeling","twitter_misc":{"Prezzo":"&euro;70","Disponibilit\u00e0":"In stock"},"schema":{"@context":"https:\/\/schema.org","@graph":[{"@type":"WebPage","@id":"https:\/\/egytourpackages.com\/it\/tour\/barca-pirata-hurghada-a-orange-bay-escursione-snorkeling\/","url":"https:\/\/egytourpackages.com\/it\/tour\/barca-pirata-hurghada-a-orange-bay-escursione-snorkeling\/","name":"Barca Pirata Hurghada a Orange Bay","isPartOf":{"@id":"https:\/\/egytourpackages.com\/it\/#website"},"primaryImageOfPage":{"@id":"https:\/\/egytourpackages.com\/it\/tour\/barca-pirata-hurghada-a-orange-bay-escursione-snorkeling\/#primaryimage"},"image":{"@id":"https:\/\/egytourpackages.com\/it\/tour\/barca-pirata-hurghada-a-orange-bay-escursione-snorkeling\/#primaryimage"},"thumbnailUrl":"https:\/\/egytourpackages.com\/wp-content\/uploads\/2025\/05\/Pirate-boat-Hurghada.jpeg","datePublished":"2025-05-23T17:49:26+00:00","dateModified":"2026-01-28T23:42:42+00:00","description":"Barca Pirata Hurghada a Orange Bay | Goditi un lussuoso viaggio di snorkeling di un'intera giornata e l'Isola di Orange Bay a bordo della Barca Pirata.","breadcrumb":{"@id":"https:\/\/egytourpackages.com\/it\/tour\/barca-pirata-hurghada-a-orange-bay-escursione-snorkeling\/#breadcrumb"},"inLanguage":"it-IT","potentialAction":[{"@type":"ReadAction","target":["https:\/\/egytourpackages.com\/it\/tour\/barca-pirata-hurghada-a-orange-bay-escursione-snorkeling\/"]}]},{"@type":"ImageObject","inLanguage":"it-IT","@id":"https:\/\/egytourpackages.com\/it\/tour\/barca-pirata-hurghada-a-orange-bay-escursione-snorkeling\/#primaryimage","url":"https:\/\/egytourpackages.com\/wp-content\/uploads\/2025\/05\/Pirate-boat-Hurghada.jpeg","contentUrl":"https:\/\/egytourpackages.com\/wp-content\/uploads\/2025\/05\/Pirate-boat-Hurghada.jpeg","width":1100,"height":849,"caption":"Barca Pirata Hurghada a Orange Bay"},{"@type":"BreadcrumbList","@id":"https:\/\/egytourpackages.com\/it\/tour\/barca-pirata-hurghada-a-orange-bay-escursione-snorkeling\/#breadcrumb","itemListElement":[{"@type":"ListItem","position":1,"name":"Home","item":"https:\/\/egytourpackages.com\/it\/"},{"@type":"ListItem","position":2,"name":"Negozio","item":"https:\/\/egytourpackages.com\/it\/negozio\/"},{"@type":"ListItem","position":3,"name":"Barca Pirata Hurghada a Orange Bay | Escursione Snorkeling"}]},{"@type":"WebSite","@id":"https:\/\/egytourpackages.com\/it\/#website","url":"https:\/\/egytourpackages.com\/it\/","name":"Egy tour packages","description":"","publisher":{"@id":"https:\/\/egytourpackages.com\/it\/#organization"},"potentialAction":[{"@type":"SearchAction","target":{"@type":"EntryPoint","urlTemplate":"https:\/\/egytourpackages.com\/it\/?s={search_term_string}"},"query-input":{"@type":"PropertyValueSpecification","valueRequired":true,"valueName":"search_term_string"}}],"inLanguage":"it-IT"},{"@type":["Organization","Place","TravelAgency"],"@id":"https:\/\/egytourpackages.com\/it\/#organization","name":"egypt tour packages","alternateName":"egypt tour packages","url":"https:\/\/egytourpackages.com\/it\/","logo":{"@id":"https:\/\/egytourpackages.com\/it\/tour\/barca-pirata-hurghada-a-orange-bay-escursione-snorkeling\/#local-main-organization-logo"},"image":{"@id":"https:\/\/egytourpackages.com\/it\/tour\/barca-pirata-hurghada-a-orange-bay-escursione-snorkeling\/#local-main-organization-logo"},"sameAs":["https:\/\/www.facebook.com\/egytourpackages"],"legalName":"Egy tour packages","address":{"@id":"https:\/\/egytourpackages.com\/it\/tour\/barca-pirata-hurghada-a-orange-bay-escursione-snorkeling\/#local-main-place-address"},"telephone":["00201000852186","00201028685533"],"contactPoint":{"@type":"ContactPoint","telephone":"00201000852186"},"openingHoursSpecification":[{"@type":"OpeningHoursSpecification","dayOfWeek":["Monday","Tuesday","Wednesday","Thursday","Friday","Saturday","Sunday"],"opens":"00:00","closes":"23:59"}],"email":"info@egytourpackages.com","areaServed":"Cairo, Hurghada, Luxor, Sharm El Sheikh, Marsa Alam, Aswan","priceRange":"$","currenciesAccepted":"euro","paymentAccepted":"Payment links online"},{"@type":"PostalAddress","@id":"https:\/\/egytourpackages.com\/it\/tour\/barca-pirata-hurghada-a-orange-bay-escursione-snorkeling\/#local-main-place-address","streetAddress":"Mubarak 8, Al Kawthar District, Hurghada","addressLocality":"Hurghada","postalCode":"84511","addressRegion":"Red Sea","addressCountry":"EG"},{"@type":"ImageObject","inLanguage":"it-IT","@id":"https:\/\/egytourpackages.com\/it\/tour\/barca-pirata-hurghada-a-orange-bay-escursione-snorkeling\/#local-main-organization-logo","url":"https:\/\/egytourpackages.com\/wp-content\/uploads\/2025\/12\/Turquoise-Dahabiya-Nile-Cruise-1.jpeg","contentUrl":"https:\/\/egytourpackages.com\/wp-content\/uploads\/2025\/12\/Turquoise-Dahabiya-Nile-Cruise-1.jpeg","width":1040,"height":694,"caption":"egypt tour packages"}]},"product_brand":"Escursioni di snorkeling a Hurghada","product_price_amount":"70","product_price_currency":"EUR","og_availability":"instock","product_availability":"instock","product_retailer_item_id":"HDT13","product_condition":"new","geo.placename":"Hurghada","geo.region":"Egitto"},"_links":{"self":[{"href":"https:\/\/egytourpackages.com\/it\/wp-json\/wp\/v2\/product\/4289","targetHints":{"allow":["GET"]}}],"collection":[{"href":"https:\/\/egytourpackages.com\/it\/wp-json\/wp\/v2\/product"}],"about":[{"href":"https:\/\/egytourpackages.com\/it\/wp-json\/wp\/v2\/types\/product"}],"replies":[{"embeddable":true,"href":"https:\/\/egytourpackages.com\/it\/wp-json\/wp\/v2\/comments?post=4289"}],"wp:featuredmedia":[{"embeddable":true,"href":"https:\/\/egytourpackages.com\/it\/wp-json\/wp\/v2\/media\/3625"}],"wp:attachment":[{"href":"https:\/\/egytourpackages.com\/it\/wp-json\/wp\/v2\/media?parent=4289"}],"wp:term":[{"taxonomy":"product_brand","embeddable":true,"href":"https:\/\/egytourpackages.com\/it\/wp-json\/wp\/v2\/product_brand?post=4289"},{"taxonomy":"product_cat","embeddable":true,"href":"https:\/\/egytourpackages.com\/it\/wp-json\/wp\/v2\/product_cat?post=4289"},{"taxonomy":"product_tag","embeddable":true,"href":"https:\/\/egytourpackages.com\/it\/wp-json\/wp\/v2\/product_tag?post=4289"}],"curies":[{"name":"wp","href":"https:\/\/api.w.org\/{rel}","templated":true}]}}