{"id":4435,"date":"2025-05-19T20:11:03","date_gmt":"2025-05-19T20:11:03","guid":{"rendered":"https:\/\/egytourpackages.com\/product\/2-giorni-cairo-e-luxor-da-marsa-alam\/"},"modified":"2026-01-04T19:47:28","modified_gmt":"2026-01-04T19:47:28","slug":"2-giorni-cairo-e-luxor-da-marsa-alam","status":"publish","type":"product","link":"https:\/\/egytourpackages.com\/it\/tour\/2-giorni-cairo-e-luxor-da-marsa-alam\/","title":{"rendered":"2 Giorni Cairo e Luxor da Marsa Alam"},"content":{"rendered":"<p><span style=\"color: #ff6600;\"><strong>2 Giorni Cairo e Luxor da Marsa Alam<\/strong><\/span><\/p>\n<p>Scopri le antiche meraviglie dell&#8217;Egitto con il nostro <strong>esclusivo tour di 2 giorni al Cairo e Luxor da Marsa Alam<\/strong>. Questo <strong>pacchetto turistico Egitto<\/strong> ben progettato offre un&#8217;opportunit\u00e0 impareggiabile per esplorare i siti storici pi\u00f9 iconici del paese, completo di una <strong>guida egittologa esperta<\/strong>, <strong>veicoli nuovi e confortevoli<\/strong> e <strong>pasti di qualit\u00e0<\/strong> in ristoranti locali.<\/p>\n<p>Preparati per un viaggio indimenticabile nel cuore dell&#8217;<strong>Antico Egitto<\/strong>, con l&#8217;emozionante <strong>opzione di un giro in mongolfiera su Luxor<\/strong>!<\/p>\n<p><strong>Luxor<\/strong>, la vasta antica capitale spesso acclamata come il &#8220;Pi\u00f9 Grande Museo a Cielo Aperto del Mondo&#8221;. Il nostro <strong>pacchetto turistico Luxor<\/strong> offre un&#8217;opportunit\u00e0 unica per <strong>esplorare la Valle dei Re<\/strong>, la <strong>tomba di Tutankhamon<\/strong> e il <strong>tempio mortuario di Hatshepsut<\/strong>. Inoltre, il <strong>Complesso del Tempio di Karnak<\/strong> e i <strong>Colossi di Memnone<\/strong>.<\/p>\n<h3><span style=\"color: #ff6600;\">Il Cairo, Porta dei Faraoni<\/span><\/h3>\n<p>La tua <strong>gita di un giorno al Cairo<\/strong> ti trasporter\u00e0 indietro di millenni. Ammira le imponenti <strong>Piramidi di Giza<\/strong>, inclusa la <strong>Grande Piramide di Cheope<\/strong>, le <strong>Piramidi delle Regine<\/strong>, le <strong>Fosse delle Barche<\/strong> e le <strong>tombe dei costruttori di piramidi<\/strong>.<\/p>\n<p>Inoltre, ammirerai l&#8217;enigmatica <strong>Grande Sfinge di Giza<\/strong>, che custodisce queste strutture monumentali. Dopodich\u00e9, addentrati in migliaia di anni di storia al magnifico <strong>Grand Egyptian Museum (GEM)<\/strong>, sede di una collezione di manufatti senza pari, tra cui l&#8217;<strong>Obelisco Sospeso<\/strong>, i <strong>Colossi di Ramses il Grande<\/strong>, la <strong>statua di Hatshepsut<\/strong>, manufatti del <strong>Periodo Predinastico<\/strong> e oggetti della societ\u00e0.<\/p>\n<p>Nel frattempo, i <strong>leggendari tesori di Tutankhamon<\/strong> e la <strong>Barca Solare<\/strong> (a pagamento, se desideri).<\/p>\n<p>Ottieni un valore eccezionale per il tuo <strong>pacchetto vacanza Egitto<\/strong> e prenota oggi il tuo <strong>viaggio di 2 giorni al Cairo e Luxor da Marsa Alam<\/strong> per iniziare un <strong>tour storico definitivo dell&#8217;Egitto<\/strong>!<\/p>\n<h3><span style=\"color: #ff6600;\">Dettagli del Tour<\/span><\/h3>\n<p>Durata: 2 Giorni \/ 1 Notte<\/p>\n<p>Luogo del Tour: Il Cairo e Luxor<\/p>\n<p>Disponibilit\u00e0 del Tour: Tutti i giorni<\/p>\n<p>Pick-up e Drop-off: Hotel a Marsa Alam<\/p>\n<p>Tipo di Tour: Privato<\/p>\n<p>Accessibilit\u00e0 per sedie a rotelle: Accessibile<\/p>\n<h3><span style=\"color: #ff6600;\">Incluso<\/span><\/h3>\n<ul>\n<li>Guida egittologa<\/li>\n<li>Tutti i trasferimenti con veicolo nuovo<\/li>\n<li>Biglietti d&#8217;ingresso per tutte le attrazioni del programma<\/li>\n<li>Pasti come menzionato nel programma<\/li>\n<li>Biglietti aerei da Hurghada al Cairo<\/li>\n<li>Biglietti aerei dal Cairo a Luxor<\/li>\n<li>1 notte di alloggio in hotel al Cairo con vista sulle Piramidi<\/li>\n<\/ul>\n<h3><span style=\"color: #ff6600;\">Escluso<\/span><\/h3>\n<ul>\n<li>Mance<\/li>\n<li>Bevande durante i pasti<\/li>\n<li>Eventuali spese personali<\/li>\n<\/ul>\n<h3><span style=\"color: #ff6600;\">Cosa portare con te<\/span><\/h3>\n<ul>\n<li>Cappello, Occhiali da sole e Crema solare<\/li>\n<li>Scarpe e vestiti comodi<\/li>\n<li>Vestiti caldi durante l&#8217;inverno<\/li>\n<\/ul>\n<h3><span style=\"color: #ff6600;\">Giorno 1: Marsa Alam \u2013 Hurghada \u2013 Il Cairo<\/span><\/h3>\n<p>Il nostro rappresentante ti verr\u00e0 a prendere dal tuo hotel a <strong>Marsa Alam<\/strong> per l&#8217;aeroporto di Hurghada per volare al <strong>Cairo<\/strong>. All&#8217;arrivo, la tua guida ti aspetter\u00e0 all&#8217;uscita dell&#8217;aeroporto del Cairo per iniziare le visite al Cairo.<\/p>\n<p><span style=\"color: #ff6600;\"><strong>Piramidi di Giza<\/strong><\/span><\/p>\n<p>Inizia le tue visite al Cairo con le iconiche <strong>Piramidi di Giza<\/strong> e apri il tuo cuore e ascolta la tua guida mentre confronta le vecchie informazioni con gli ultimi aggiornamenti riguardanti le Piramidi. Scopri perch\u00e9 alcune Piramidi sono allineate con la <strong>cintura di Orione<\/strong>, le <strong>Sette Sorelle o le Pleiadi<\/strong>, <strong>Andromeda<\/strong> e <strong>Marte<\/strong>.<\/p>\n<p>Infatti, imparerai molto sull&#8217;energia, la guarigione e la funzione di tali edifici. Successivamente, visiterai le tre principali <strong>Piramidi di Cheope, Chefren e Micerino<\/strong>. Spostati alla Sfinge e scopri la <strong>Stele del Sogno<\/strong> e la gigantesca statua della Sfinge.<\/p>\n<p><span style=\"color: #ff6600;\"><strong>Pranzo<\/strong><\/span><\/p>\n<p>Goditi un pranzo di qualit\u00e0 in un ristorante locale vicino alla zona delle Piramidi.<\/p>\n<p><span style=\"color: #ff6600;\"><strong>Grand Egyptian Museum<\/strong><\/span><\/p>\n<p>Termina i tuoi <strong>tour di un giorno al Cairo<\/strong> con la pi\u00f9 grande sede di manufatti dell&#8217;antico Egitto in tutto il mondo. Ammira l&#8217;<strong>Obelisco Sospeso<\/strong>, la <strong>Grande Scala<\/strong> e scopri il suo significato e perch\u00e9 \u00e8 disposta su quattro livelli. Spostati nelle altre sale e scopri la regalit\u00e0, la societ\u00e0 e la religione nell&#8217;antico Egitto.<\/p>\n<p>Alla fine del tour e in base all&#8217;orario del tuo volo per Luxor, ti trasferiremo all&#8217;aeroporto del Cairo per volare a Luxor. All&#8217;arrivo, farai il check-in nel tuo hotel a Luxor e pernotterai.<\/p>\n<p><strong>Pasti:<\/strong> Colazione, pranzo, cena<\/p>\n<h3><span style=\"color: #ff6600;\">Giorno 2: Il Cairo \u2013 Luxor \u2013 Marsa Alam<\/span><\/h3>\n<p><span style=\"color: #ff6600;\"><strong>Tour Opzionale<\/strong><\/span><\/p>\n<p><strong>Giro in mongolfiera sulla riva occidentale di Luxor<\/strong> \u2013 $80 a persona.<\/p>\n<p>Goditi la colazione in hotel dopo il giro in mongolfiera (se lo farai) o una normale colazione prima di unirti alla tua guida per goderti i <strong>tour di un giorno a Luxor<\/strong>.<\/p>\n<h4><span style=\"color: #ff6600;\">Valle dei Re<\/span><\/h4>\n<p>Esplora con la tua guida la storia dell&#8217;antico Egitto durante la <strong>XVIII, XIX e XX dinastia<\/strong> e le ragioni per cui i <strong>Faraoni<\/strong> scelsero quel luogo per il loro riposo finale. Infatti, avrai la possibilit\u00e0 di visitare tre tombe incluse nel tuo biglietto, come la <strong>tomba di Ramses I<\/strong>, la <strong>tomba di Ramses III<\/strong>, la <strong>tomba di Ramses IX<\/strong> e la <strong>Tomba KV 8 di Merenptah<\/strong>.<\/p>\n<p>Inoltre, puoi aggiungere la <strong>tomba del re bambino Tutankhamon<\/strong>, la <strong>tomba di Seti I<\/strong> e la <strong>Tomba di Ramses IV<\/strong> (a pagamento). Alla fine della tua visita, procederai alla tua prossima tappa.<\/p>\n<h4><span style=\"color: #ff6600;\">Tempio di Hatshepsut<\/span><\/h4>\n<p>Il <strong>tempio di Hatshepsut a Deir el-Bahari<\/strong> \u00e8 un tempio davvero unico sulla riva occidentale di Luxor. Esplora la missione del tempio di Hatshepsut e il tour spirituale all&#8217;interno del tempio. Inoltre, le bellissime <strong>scene agricole<\/strong>, le scene di raccolta e il commercio con il paese di Punt.<\/p>\n<p>Oltre alle incredibili cappelle di <strong>Anubi, Hathor<\/strong> e le bellissime sculture per le divinit\u00e0 egizie come <strong>Amon, Anubi, Seshat e Iside<\/strong>.<\/p>\n<h4><span style=\"color: #ff6600;\">Colossi di Memnone<\/span><\/h4>\n<p>Le <strong>Statue Cantanti o il Memnone Vocale di Amenhotep III<\/strong>, uno dei re della <strong>Diciottesima Dinastia<\/strong> che govern\u00f2 l&#8217;Egitto per 38 anni. Queste due gigantesche statue decoravano l&#8217;ingresso del <strong>tempio mortuario<\/strong> del Re. La tua guida ti spiegher\u00e0 le statue e i rituali di <strong>Apertura della Bocca<\/strong> nel tempio.<\/p>\n<h3><span style=\"color: #ff6600;\">Pranzo<\/span><\/h3>\n<p>Goditi un pranzo cucinato al momento in un ristorante locale.<\/p>\n<h4><span style=\"color: #ff6600;\">Complesso del Tempio di Karnak<\/span><\/h4>\n<p>Termina la tua giornata a Luxor con una visita al pi\u00f9 grande complesso templare del mondo. Infatti, il <strong>tempio di Amon a Karnak<\/strong> \u00e8 un libro aperto sull&#8217;<strong>antica religione egizia<\/strong>, la <strong>scultura nell&#8217;antico Egitto<\/strong> e l&#8217;architettura.<\/p>\n<p>In realt\u00e0, ci sono molti edifici che puoi vedere qui come il <strong>tempio di Ptah<\/strong>, la <strong>cappella di Sekhmet<\/strong>, gli <strong>Obelischi di Hatshepsut<\/strong> e la <strong>Grande Sala Ipostila<\/strong>. Inoltre, il <strong>Lago Sacro<\/strong>, il <strong>Giardino Botanico<\/strong>, il <strong>Museo all&#8217;aperto<\/strong>, la <strong>Cappella Rossa<\/strong> e molto altro.<\/p>\n<p>Alla fine della tua avventura del <strong>tour di 2 giorni al Cairo e Luxor da Marsa Alam<\/strong>, ti riaccompagneremo al tuo hotel a Marsa Alam.<\/p>\n<p><strong>Pasti:<\/strong> Colazione, pranzo<\/p>\n<h3><span style=\"color: #ff6600;\">Prezzo del Tour di 2 Giorni al Cairo e Luxor da Marsa Alam<\/span><\/h3>\n<p>Prezzo Adulto: 620 \u20ac<\/p>\n<p>Bambini 0-5 anni: Gratuito<\/p>\n<p>Bambini 5-11 anni: 50% del prezzo adulto<\/p>\n<h3><span style=\"color: #ff6600;\">Prenotazione<\/span><\/h3>\n<p>Puoi prenotare il tuo tour tramite WhatsApp o inviarci un&#8217;e-mail e riceverai la conferma immediatamente.<\/p>\n<p>Si prega di inviarci il nome del tuo hotel, il numero della camera, le copie del passaporto.<\/p>\n<p><strong>WhatsApp:<\/strong> +201000852186<\/p>\n<p><strong>Email:<\/strong> info@egytourpackages.com<\/p>\n<h3><span style=\"color: #ff6600;\">Prenota Ora e Paga sul Posto!<\/span><\/h3>\n<p>Prenota il tuo tour preferito e paga il giorno del viaggio.<\/p>\n<h3><span style=\"color: #ff6600;\">Pagamento<\/span><\/h3>\n<p>Puoi pagare in lire egiziane, $, \u20ac o \u00a3.<\/p>\n<h3><span style=\"color: #ff6600;\">Politica di Cancellazione<\/span><\/h3>\n<ul>\n<li>La cancellazione \u00e8 gratuita fino a 24 ore prima.<\/li>\n<li>La cancellazione al mattino comporta il 50% del prezzo.<\/li>\n<\/ul>\n","protected":false},"excerpt":{"rendered":"<p>2 Giorni Cairo e Luxor da Marsa Alam | Esplora le Piramidi di Giza, il Grand Egyptian Museum, la Valle dei Re e il Tempio di Karnak in due giorni.<\/p>\n","protected":false},"featured_media":3592,"comment_status":"open","ping_status":"closed","template":"","meta":[],"product_brand":[],"product_cat":[1910],"product_tag":[1939,1914],"class_list":{"0":"post-4435","1":"product","2":"type-product","3":"status-publish","4":"has-post-thumbnail","6":"product_cat-tour","7":"product_tag-tour-a-marsa-alam","8":"product_tag-tour-giornalieri-in-egitto","9":"tour_category-escursioni-marsa-alam","10":"tour_category-tour-giornalieri-in-egitto-it","12":"first","13":"instock","14":"sale","15":"shipping-taxable","16":"purchasable","17":"product-type-tour","18":"has-default-attributes"},"yoast_head":"<!-- This site is optimized with the Yoast SEO Premium plugin v27.4 (Yoast SEO v27.4) - https:\/\/yoast.com\/product\/yoast-seo-premium-wordpress\/ -->\n<title>2 Giorni Cairo e Luxor da Marsa Alam<\/title>\n<meta name=\"description\" content=\"2 Giorni Cairo e Luxor da Marsa Alam | Esplora le Piramidi di Giza, il Grand Egyptian Museum, la Valle dei Re e il Tempio di Karnak in due giorni.\" \/>\n<meta name=\"robots\" content=\"index, follow, max-snippet:-1, max-image-preview:large, max-video-preview:-1\" \/>\n<link rel=\"canonical\" href=\"https:\/\/egytourpackages.com\/it\/tour\/2-giorni-cairo-e-luxor-da-marsa-alam\/\" \/>\n<meta property=\"og:locale\" content=\"it_IT\" \/>\n<meta property=\"og:type\" content=\"article\" \/>\n<meta property=\"og:title\" content=\"2 Giorni Cairo e Luxor da Marsa Alam\" \/>\n<meta property=\"og:description\" content=\"2 Giorni Cairo e Luxor da Marsa Alam | Esplora le Piramidi di Giza, il Grand Egyptian Museum, la Valle dei Re e il Tempio di Karnak in due giorni.\" \/>\n<meta property=\"og:url\" content=\"https:\/\/egytourpackages.com\/it\/tour\/2-giorni-cairo-e-luxor-da-marsa-alam\/\" \/>\n<meta property=\"og:site_name\" content=\"Pacchetti tour in Egitto\" \/>\n<meta property=\"article:publisher\" content=\"https:\/\/www.facebook.com\/egytourpackages\" \/>\n<meta property=\"article:modified_time\" content=\"2026-01-04T19:47:28+00:00\" \/>\n<meta property=\"og:image\" content=\"https:\/\/egytourpackages.com\/wp-content\/uploads\/2025\/05\/Amun-Baque-1-1024x683.jpg\" \/>\n<meta name=\"twitter:card\" content=\"summary_large_image\" \/>\n<meta name=\"twitter:title\" content=\"2 Giorni Cairo e Luxor da Marsa Alam\" \/>\n<meta name=\"twitter:label1\" content=\"Prezzo\" \/>\n\t<meta name=\"twitter:data1\" content=\"&euro;620\" \/>\n\t<meta name=\"twitter:label2\" content=\"Disponibilit\u00e0\" \/>\n\t<meta name=\"twitter:data2\" content=\"In stock\" \/>\n<script type=\"application\/ld+json\" class=\"yoast-schema-graph\">{\"@context\":\"https:\\\/\\\/schema.org\",\"@graph\":[{\"@type\":\"WebPage\",\"@id\":\"https:\\\/\\\/egytourpackages.com\\\/it\\\/tour\\\/2-giorni-cairo-e-luxor-da-marsa-alam\\\/\",\"url\":\"https:\\\/\\\/egytourpackages.com\\\/it\\\/tour\\\/2-giorni-cairo-e-luxor-da-marsa-alam\\\/\",\"name\":\"2 Giorni Cairo e Luxor da Marsa Alam\",\"isPartOf\":{\"@id\":\"https:\\\/\\\/egytourpackages.com\\\/it\\\/#website\"},\"primaryImageOfPage\":{\"@id\":\"https:\\\/\\\/egytourpackages.com\\\/it\\\/tour\\\/2-giorni-cairo-e-luxor-da-marsa-alam\\\/#primaryimage\"},\"image\":{\"@id\":\"https:\\\/\\\/egytourpackages.com\\\/it\\\/tour\\\/2-giorni-cairo-e-luxor-da-marsa-alam\\\/#primaryimage\"},\"thumbnailUrl\":\"https:\\\/\\\/egytourpackages.com\\\/wp-content\\\/uploads\\\/2025\\\/05\\\/Amun-Baque-1.jpg\",\"datePublished\":\"2025-05-19T20:11:03+00:00\",\"dateModified\":\"2026-01-04T19:47:28+00:00\",\"description\":\"2 Giorni Cairo e Luxor da Marsa Alam | Esplora le Piramidi di Giza, il Grand Egyptian Museum, la Valle dei Re e il Tempio di Karnak in due giorni.\",\"breadcrumb\":{\"@id\":\"https:\\\/\\\/egytourpackages.com\\\/it\\\/tour\\\/2-giorni-cairo-e-luxor-da-marsa-alam\\\/#breadcrumb\"},\"inLanguage\":\"it-IT\",\"potentialAction\":[{\"@type\":\"ReadAction\",\"target\":[\"https:\\\/\\\/egytourpackages.com\\\/it\\\/tour\\\/2-giorni-cairo-e-luxor-da-marsa-alam\\\/\"]}]},{\"@type\":\"ImageObject\",\"inLanguage\":\"it-IT\",\"@id\":\"https:\\\/\\\/egytourpackages.com\\\/it\\\/tour\\\/2-giorni-cairo-e-luxor-da-marsa-alam\\\/#primaryimage\",\"url\":\"https:\\\/\\\/egytourpackages.com\\\/wp-content\\\/uploads\\\/2025\\\/05\\\/Amun-Baque-1.jpg\",\"contentUrl\":\"https:\\\/\\\/egytourpackages.com\\\/wp-content\\\/uploads\\\/2025\\\/05\\\/Amun-Baque-1.jpg\",\"width\":1200,\"height\":800,\"caption\":\"2 Giorni Cairo e Luxor da Marsa Alam\"},{\"@type\":\"BreadcrumbList\",\"@id\":\"https:\\\/\\\/egytourpackages.com\\\/it\\\/tour\\\/2-giorni-cairo-e-luxor-da-marsa-alam\\\/#breadcrumb\",\"itemListElement\":[{\"@type\":\"ListItem\",\"position\":1,\"name\":\"Home\",\"item\":\"https:\\\/\\\/egytourpackages.com\\\/it\\\/\"},{\"@type\":\"ListItem\",\"position\":2,\"name\":\"Negozio\",\"item\":\"https:\\\/\\\/egytourpackages.com\\\/it\\\/negozio\\\/\"},{\"@type\":\"ListItem\",\"position\":3,\"name\":\"2 Giorni Cairo e Luxor da Marsa Alam\"}]},{\"@type\":\"WebSite\",\"@id\":\"https:\\\/\\\/egytourpackages.com\\\/it\\\/#website\",\"url\":\"https:\\\/\\\/egytourpackages.com\\\/it\\\/\",\"name\":\"Egy tour packages\",\"description\":\"\",\"publisher\":{\"@id\":\"https:\\\/\\\/egytourpackages.com\\\/it\\\/#organization\"},\"potentialAction\":[{\"@type\":\"SearchAction\",\"target\":{\"@type\":\"EntryPoint\",\"urlTemplate\":\"https:\\\/\\\/egytourpackages.com\\\/it\\\/?s={search_term_string}\"},\"query-input\":{\"@type\":\"PropertyValueSpecification\",\"valueRequired\":true,\"valueName\":\"search_term_string\"}}],\"inLanguage\":\"it-IT\"},{\"@type\":[\"Organization\",\"Place\",\"TravelAgency\"],\"@id\":\"https:\\\/\\\/egytourpackages.com\\\/it\\\/#organization\",\"name\":\"egypt tour packages\",\"alternateName\":\"egypt tour packages\",\"url\":\"https:\\\/\\\/egytourpackages.com\\\/it\\\/\",\"logo\":{\"@id\":\"https:\\\/\\\/egytourpackages.com\\\/it\\\/tour\\\/2-giorni-cairo-e-luxor-da-marsa-alam\\\/#local-main-organization-logo\"},\"image\":{\"@id\":\"https:\\\/\\\/egytourpackages.com\\\/it\\\/tour\\\/2-giorni-cairo-e-luxor-da-marsa-alam\\\/#local-main-organization-logo\"},\"sameAs\":[\"https:\\\/\\\/www.facebook.com\\\/egytourpackages\"],\"legalName\":\"Egy tour packages\",\"address\":{\"@id\":\"https:\\\/\\\/egytourpackages.com\\\/it\\\/tour\\\/2-giorni-cairo-e-luxor-da-marsa-alam\\\/#local-main-place-address\"},\"telephone\":[\"00201000852186\",\"00201028685533\"],\"contactPoint\":{\"@type\":\"ContactPoint\",\"telephone\":\"00201000852186\"},\"openingHoursSpecification\":[{\"@type\":\"OpeningHoursSpecification\",\"dayOfWeek\":[\"Monday\",\"Tuesday\",\"Wednesday\",\"Thursday\",\"Friday\",\"Saturday\",\"Sunday\"],\"opens\":\"00:00\",\"closes\":\"23:59\"}],\"email\":\"info@egytourpackages.com\",\"areaServed\":\"Cairo, Hurghada, Luxor, Sharm El Sheikh, Marsa Alam, Aswan\",\"priceRange\":\"$\",\"currenciesAccepted\":\"euro\",\"paymentAccepted\":\"Payment links online\"},{\"@type\":\"PostalAddress\",\"@id\":\"https:\\\/\\\/egytourpackages.com\\\/it\\\/tour\\\/2-giorni-cairo-e-luxor-da-marsa-alam\\\/#local-main-place-address\",\"streetAddress\":\"Mubarak 8, Al Kawthar District, Hurghada\",\"addressLocality\":\"Hurghada\",\"postalCode\":\"84511\",\"addressRegion\":\"Red Sea\",\"addressCountry\":\"EG\"},{\"@type\":\"ImageObject\",\"inLanguage\":\"it-IT\",\"@id\":\"https:\\\/\\\/egytourpackages.com\\\/it\\\/tour\\\/2-giorni-cairo-e-luxor-da-marsa-alam\\\/#local-main-organization-logo\",\"url\":\"https:\\\/\\\/egytourpackages.com\\\/wp-content\\\/uploads\\\/2025\\\/12\\\/Turquoise-Dahabiya-Nile-Cruise-1.jpeg\",\"contentUrl\":\"https:\\\/\\\/egytourpackages.com\\\/wp-content\\\/uploads\\\/2025\\\/12\\\/Turquoise-Dahabiya-Nile-Cruise-1.jpeg\",\"width\":1040,\"height\":694,\"caption\":\"egypt tour packages\"}]}<\/script>\n<meta property=\"product:brand\" content=\"Escursioni Marsa Alam\" \/>\n<meta property=\"product:price:amount\" content=\"620\" \/>\n<meta property=\"product:price:currency\" content=\"EUR\" \/>\n<meta property=\"og:availability\" content=\"instock\" \/>\n<meta property=\"product:availability\" content=\"instock\" \/>\n<meta property=\"product:retailer_item_id\" content=\"MAT08\" \/>\n<meta property=\"product:condition\" content=\"new\" \/>\n<meta name=\"geo.placename\" content=\"Hurghada\" \/>\n<meta name=\"geo.region\" content=\"Egitto\" \/>\n<!-- \/ Yoast SEO Premium plugin. -->","yoast_head_json":{"title":"2 Giorni Cairo e Luxor da Marsa Alam","description":"2 Giorni Cairo e Luxor da Marsa Alam | Esplora le Piramidi di Giza, il Grand Egyptian Museum, la Valle dei Re e il Tempio di Karnak in due giorni.","robots":{"index":"index","follow":"follow","max-snippet":"max-snippet:-1","max-image-preview":"max-image-preview:large","max-video-preview":"max-video-preview:-1"},"canonical":"https:\/\/egytourpackages.com\/it\/tour\/2-giorni-cairo-e-luxor-da-marsa-alam\/","og_locale":"it_IT","og_type":"article","og_title":"2 Giorni Cairo e Luxor da Marsa Alam","og_description":"2 Giorni Cairo e Luxor da Marsa Alam | Esplora le Piramidi di Giza, il Grand Egyptian Museum, la Valle dei Re e il Tempio di Karnak in due giorni.","og_url":"https:\/\/egytourpackages.com\/it\/tour\/2-giorni-cairo-e-luxor-da-marsa-alam\/","og_site_name":"Pacchetti tour in Egitto","article_publisher":"https:\/\/www.facebook.com\/egytourpackages","article_modified_time":"2026-01-04T19:47:28+00:00","og_image":[{"url":"https:\/\/egytourpackages.com\/wp-content\/uploads\/2025\/05\/Amun-Baque-1-1024x683.jpg","type":"","width":"","height":""}],"twitter_card":"summary_large_image","twitter_title":"2 Giorni Cairo e Luxor da Marsa Alam","twitter_misc":{"Prezzo":"&euro;620","Disponibilit\u00e0":"In stock"},"schema":{"@context":"https:\/\/schema.org","@graph":[{"@type":"WebPage","@id":"https:\/\/egytourpackages.com\/it\/tour\/2-giorni-cairo-e-luxor-da-marsa-alam\/","url":"https:\/\/egytourpackages.com\/it\/tour\/2-giorni-cairo-e-luxor-da-marsa-alam\/","name":"2 Giorni Cairo e Luxor da Marsa Alam","isPartOf":{"@id":"https:\/\/egytourpackages.com\/it\/#website"},"primaryImageOfPage":{"@id":"https:\/\/egytourpackages.com\/it\/tour\/2-giorni-cairo-e-luxor-da-marsa-alam\/#primaryimage"},"image":{"@id":"https:\/\/egytourpackages.com\/it\/tour\/2-giorni-cairo-e-luxor-da-marsa-alam\/#primaryimage"},"thumbnailUrl":"https:\/\/egytourpackages.com\/wp-content\/uploads\/2025\/05\/Amun-Baque-1.jpg","datePublished":"2025-05-19T20:11:03+00:00","dateModified":"2026-01-04T19:47:28+00:00","description":"2 Giorni Cairo e Luxor da Marsa Alam | Esplora le Piramidi di Giza, il Grand Egyptian Museum, la Valle dei Re e il Tempio di Karnak in due giorni.","breadcrumb":{"@id":"https:\/\/egytourpackages.com\/it\/tour\/2-giorni-cairo-e-luxor-da-marsa-alam\/#breadcrumb"},"inLanguage":"it-IT","potentialAction":[{"@type":"ReadAction","target":["https:\/\/egytourpackages.com\/it\/tour\/2-giorni-cairo-e-luxor-da-marsa-alam\/"]}]},{"@type":"ImageObject","inLanguage":"it-IT","@id":"https:\/\/egytourpackages.com\/it\/tour\/2-giorni-cairo-e-luxor-da-marsa-alam\/#primaryimage","url":"https:\/\/egytourpackages.com\/wp-content\/uploads\/2025\/05\/Amun-Baque-1.jpg","contentUrl":"https:\/\/egytourpackages.com\/wp-content\/uploads\/2025\/05\/Amun-Baque-1.jpg","width":1200,"height":800,"caption":"2 Giorni Cairo e Luxor da Marsa Alam"},{"@type":"BreadcrumbList","@id":"https:\/\/egytourpackages.com\/it\/tour\/2-giorni-cairo-e-luxor-da-marsa-alam\/#breadcrumb","itemListElement":[{"@type":"ListItem","position":1,"name":"Home","item":"https:\/\/egytourpackages.com\/it\/"},{"@type":"ListItem","position":2,"name":"Negozio","item":"https:\/\/egytourpackages.com\/it\/negozio\/"},{"@type":"ListItem","position":3,"name":"2 Giorni Cairo e Luxor da Marsa Alam"}]},{"@type":"WebSite","@id":"https:\/\/egytourpackages.com\/it\/#website","url":"https:\/\/egytourpackages.com\/it\/","name":"Egy tour packages","description":"","publisher":{"@id":"https:\/\/egytourpackages.com\/it\/#organization"},"potentialAction":[{"@type":"SearchAction","target":{"@type":"EntryPoint","urlTemplate":"https:\/\/egytourpackages.com\/it\/?s={search_term_string}"},"query-input":{"@type":"PropertyValueSpecification","valueRequired":true,"valueName":"search_term_string"}}],"inLanguage":"it-IT"},{"@type":["Organization","Place","TravelAgency"],"@id":"https:\/\/egytourpackages.com\/it\/#organization","name":"egypt tour packages","alternateName":"egypt tour packages","url":"https:\/\/egytourpackages.com\/it\/","logo":{"@id":"https:\/\/egytourpackages.com\/it\/tour\/2-giorni-cairo-e-luxor-da-marsa-alam\/#local-main-organization-logo"},"image":{"@id":"https:\/\/egytourpackages.com\/it\/tour\/2-giorni-cairo-e-luxor-da-marsa-alam\/#local-main-organization-logo"},"sameAs":["https:\/\/www.facebook.com\/egytourpackages"],"legalName":"Egy tour packages","address":{"@id":"https:\/\/egytourpackages.com\/it\/tour\/2-giorni-cairo-e-luxor-da-marsa-alam\/#local-main-place-address"},"telephone":["00201000852186","00201028685533"],"contactPoint":{"@type":"ContactPoint","telephone":"00201000852186"},"openingHoursSpecification":[{"@type":"OpeningHoursSpecification","dayOfWeek":["Monday","Tuesday","Wednesday","Thursday","Friday","Saturday","Sunday"],"opens":"00:00","closes":"23:59"}],"email":"info@egytourpackages.com","areaServed":"Cairo, Hurghada, Luxor, Sharm El Sheikh, Marsa Alam, Aswan","priceRange":"$","currenciesAccepted":"euro","paymentAccepted":"Payment links online"},{"@type":"PostalAddress","@id":"https:\/\/egytourpackages.com\/it\/tour\/2-giorni-cairo-e-luxor-da-marsa-alam\/#local-main-place-address","streetAddress":"Mubarak 8, Al Kawthar District, Hurghada","addressLocality":"Hurghada","postalCode":"84511","addressRegion":"Red Sea","addressCountry":"EG"},{"@type":"ImageObject","inLanguage":"it-IT","@id":"https:\/\/egytourpackages.com\/it\/tour\/2-giorni-cairo-e-luxor-da-marsa-alam\/#local-main-organization-logo","url":"https:\/\/egytourpackages.com\/wp-content\/uploads\/2025\/12\/Turquoise-Dahabiya-Nile-Cruise-1.jpeg","contentUrl":"https:\/\/egytourpackages.com\/wp-content\/uploads\/2025\/12\/Turquoise-Dahabiya-Nile-Cruise-1.jpeg","width":1040,"height":694,"caption":"egypt tour packages"}]},"product_brand":"Escursioni Marsa Alam","product_price_amount":"620","product_price_currency":"EUR","og_availability":"instock","product_availability":"instock","product_retailer_item_id":"MAT08","product_condition":"new","geo.placename":"Hurghada","geo.region":"Egitto"},"_links":{"self":[{"href":"https:\/\/egytourpackages.com\/it\/wp-json\/wp\/v2\/product\/4435","targetHints":{"allow":["GET"]}}],"collection":[{"href":"https:\/\/egytourpackages.com\/it\/wp-json\/wp\/v2\/product"}],"about":[{"href":"https:\/\/egytourpackages.com\/it\/wp-json\/wp\/v2\/types\/product"}],"replies":[{"embeddable":true,"href":"https:\/\/egytourpackages.com\/it\/wp-json\/wp\/v2\/comments?post=4435"}],"wp:featuredmedia":[{"embeddable":true,"href":"https:\/\/egytourpackages.com\/it\/wp-json\/wp\/v2\/media\/3592"}],"wp:attachment":[{"href":"https:\/\/egytourpackages.com\/it\/wp-json\/wp\/v2\/media?parent=4435"}],"wp:term":[{"taxonomy":"product_brand","embeddable":true,"href":"https:\/\/egytourpackages.com\/it\/wp-json\/wp\/v2\/product_brand?post=4435"},{"taxonomy":"product_cat","embeddable":true,"href":"https:\/\/egytourpackages.com\/it\/wp-json\/wp\/v2\/product_cat?post=4435"},{"taxonomy":"product_tag","embeddable":true,"href":"https:\/\/egytourpackages.com\/it\/wp-json\/wp\/v2\/product_tag?post=4435"}],"curies":[{"name":"wp","href":"https:\/\/api.w.org\/{rel}","templated":true}]}}