{"id":4438,"date":"2023-07-12T15:57:51","date_gmt":"2023-07-12T15:57:51","guid":{"rendered":"https:\/\/egytourpackages.com\/product\/dendera-e-abydos-da-marsa-alam-le-migliori-escursioni-da-marsa-alam\/"},"modified":"2026-01-07T18:19:36","modified_gmt":"2026-01-07T18:19:36","slug":"dendera-e-abydos-da-marsa-alam-le-migliori-escursioni-da-marsa-alam","status":"publish","type":"product","link":"https:\/\/egytourpackages.com\/it\/tour\/dendera-e-abydos-da-marsa-alam-le-migliori-escursioni-da-marsa-alam\/","title":{"rendered":"Dendera e Abydos da Marsa Alam | Le Migliori Escursioni da Marsa Alam"},"content":{"rendered":"<p><span style=\"color: #ff6600;\"><strong>Dendera e Abydos da Marsa Alam | Le Migliori Escursioni da Marsa Alam<\/strong><\/span><\/p>\n<p><strong>Dendera e Abydos da Marsa Alam<\/strong> \u00e8 il modo migliore per esplorare il <strong>tempio meglio conservato in Egitto<\/strong>, il <strong>Tempio di Dendera<\/strong>, con i <strong>tour in Egitto<\/strong>. Infatti, i <strong>tour da Marsa Alam<\/strong> offrono questo viaggio unico a due dei templi pi\u00f9 colorati dell&#8217;Egitto, il <strong>Tempio di Abydos<\/strong> e il <strong>Tempio di Dendera<\/strong>. Prenota le migliori <strong>escursioni giornaliere in Egitto da Marsa Alam<\/strong> e ammira lo <strong>Zodiaco di Dendera<\/strong>, la <strong>Lampada di Dendera<\/strong>, il Mammisi, il soffitto celeste e gli splendidi rilievi. Inoltre, visiterai il <strong>Tempio di Seti I ad Abydos<\/strong> con la sua unica <strong>Lista dei Re di Abydos<\/strong> e il misterioso <strong>Osireion<\/strong>. <strong>Contattaci<\/strong> e organizzeremo per te questo tour privato con una talentuosa <strong>guida egittologa<\/strong> e un&#8217;auto privata con i migliori servizi.<\/p>\n<h3><span style=\"color: #ff6600;\">Dettagli del Tour<\/span><\/h3>\n<ul>\n<li><strong>Durata:<\/strong> 1 Giorno<\/li>\n<li><strong>Localit\u00e0 del Tour:<\/strong> Dendera \/ Abydos<\/li>\n<li><strong>Disponibilit\u00e0 del Tour:<\/strong> Tutti i giorni<\/li>\n<li><strong>Pick-up e Drop-off:<\/strong> Il tuo hotel a Marsa Alam<\/li>\n<li><strong>Tipo di Tour:<\/strong> Privato<\/li>\n<li><strong>Accessibilit\u00e0 per sedie a rotelle:<\/strong> Accessibil<\/li>\n<\/ul>\n<h3><span style=\"color: #ff6600;\">Incluso in questo Tour<\/span><\/h3>\n<ul>\n<li>Trasferimento di andata e ritorno con veicolo privato nuovo<\/li>\n<li>Guida egittologa esperta<\/li>\n<li>Biglietti d&#8217;ingresso per tutte le attrazioni<\/li>\n<li>Pranzi in un ristorante locale<\/li>\n<li>Acqua durante il giorno<\/li>\n<\/ul>\n<h3><span style=\"color: #ff6600;\">Escluso in questo Programma<\/span><\/h3>\n<ul>\n<li>Bevande durante il pranzo<\/li>\n<li>Manc<\/li>\n<\/ul>\n<h3><span style=\"color: #ff6600;\">Cosa portare con te<\/span><\/h3>\n<ul>\n<li>Cappello, Occhiali da sole e Crema solare<\/li>\n<li>Scarpe e vestiti comodi<\/li>\n<\/ul>\n<h2><span style=\"color: #ff6600;\">Itinerario<\/span><\/h2>\n<p>La tua guida ti incontrer\u00e0 alla reception del tuo hotel per aiutarti a prendere i tuoi cestini per la colazione che hai ordinato il giorno prima. Quindi inizierai i tuoi <strong>tour da Marsa Alam<\/strong> per <strong>Dendera<\/strong> e <strong>Abydos<\/strong> con una breve pausa lungo il percorso per la colazione e l&#8217;uso dei servizi igienici. All&#8217;arrivo a Qena, inizierai il tuo tour giornaliero con il <strong>Tempio di Hathor<\/strong> sulla riva occidentale del fiume Nilo.<\/p>\n<h3><span style=\"color: #ff6600;\">Complesso del Tempio di Dendera: Il Santuario di Hathor<\/span><\/h3>\n<p>All&#8217;arrivo a Qena, la tua prima tappa \u00e8 il magnifico <strong>Complesso del Tempio di Dendera<\/strong>, dedicato alla <strong>dea Hathor<\/strong>, dea dell&#8217;amore, della bellezza e della gioia. Questo <strong>tempio tolemaico<\/strong> \u00e8 celebrato come uno dei templi meglio conservati e architettonicamente pi\u00f9 completi di tutto l&#8217;Egitto. Infatti, qui puoi esplorare molti punti unici che non puoi vedere in nessun altro <strong>tempio egizio<\/strong>. Ad esempio, due <strong>Mammisi<\/strong>, uno risalente a <strong>Nectanebo<\/strong> della <strong>XXX dinastia<\/strong> e uno risalente all&#8217;<strong>epoca romana<\/strong>. Inoltre, una Chiesa Copta segue lo stile basilicale come tutte le Chiese egiziane. Poi, poich\u00e9 Dendera era il <strong>tempio del Chakra del Cuore<\/strong> e un famoso centro di guarigione a quel tempo, il <strong>sanatorio<\/strong> \u00e8 una caratteristica principale qui.<\/p>\n<p>Un <strong>Nilometro<\/strong> \u00e8 ancora l\u00ec vicino al <strong>Lago Sacro<\/strong> e l&#8217;unica incisione di <strong>Cleopatra<\/strong> e suo figlio sulla parete esterna del tempio. Inoltre, la <strong>Cappella di Iside<\/strong> famosa per la sua atmosfera energica e tutte le corone egiziane sono state progettate qui per la prima e ultima volta.<\/p>\n<p>All&#8217;interno del tempio, puoi ammirare la prima <strong>Sala Ipostila<\/strong> con tutti i <strong>segni zodiacali<\/strong>, le ore del giorno e della notte, le <strong>fasi lunari<\/strong> e le costellazioni. In profondit\u00e0 nel tempio, puoi entrare in alcune delle <strong>Cripte<\/strong> del tempio, la sala di Nut e il santo dei santi. Sul tetto, puoi ammirare il famoso <strong>Zodiaco di Dendera<\/strong> all&#8217;interno dei suoi soffitti astronomici e il <strong>Mito di Osiride<\/strong> nella sala di <strong>Osiride<\/strong>.<\/p>\n<p>Infine, puoi scattare foto mozzafiato prima di procedere alla tappa successiva.<\/p>\n<h3><span style=\"color: #ff6600;\">Tempio di Abydos e l&#8217;Osireion<\/span><\/h3>\n<p>Successivamente \u00e8 il sito sacro di <strong>Abydos<\/strong>, sede del maestoso <strong>Tempio di Seti I<\/strong>. Questo tempio \u00e8 famoso per la sua eccezionale qualit\u00e0 di intagli a bassorilievo, spesso considerati tra i pi\u00f9 raffinati dell&#8217;<strong>antico Egitto<\/strong>. Esplora le sue sette cappelle, ciascuna dedicata a diverse divinit\u00e0 e allo stesso <strong>Seti I<\/strong>, e assisti alla famosa <strong>Lista dei Re di Abydos<\/strong>, un record storico cruciale dei <strong>faraoni egizi<\/strong>. Inoltre, non perderai le parti aggiunte da <strong>Ramses<\/strong> al tempio e la lista dei suoi figli e figlie. Inoltre, puoi confrontare le sue scene in altorilievo e le scene in bassorilievo di suo padre. Infine, guarda quello che viene chiamato <strong>Elicottero di Abydos<\/strong> e <strong>Sottomarino<\/strong> prima di completare il tuo tour alla tappa successiva.<\/p>\n<h3><span style=\"color: #ff6600;\">Osireion<\/span><\/h3>\n<p>Ora \u00e8 il momento di visitare il misterioso <strong>Osireion<\/strong> dall&#8217;esterno, un&#8217;enigmatica struttura antica associata a <strong>Osiride<\/strong>, il dio dell&#8217;aldil\u00e0. Questo edificio unico \u00e8 circa 15 metri pi\u00f9 basso del tempio e ha il famoso <strong>fiore della vita<\/strong> inciso sul granito, uno dei problemi irrisolti fino ad ora.<\/p>\n<h3><span style=\"color: #ff6600;\">Tempio di Ramses II<\/span><\/h3>\n<p>Una breve passeggiata attraverso il paesaggio archeologico ti porter\u00e0 quindi alle imponenti rovine del <strong>Tempio di Ramses II<\/strong>, dove potrai ammirare alcuni dei bellissimi colori e intagli del <strong>Nuovo Regno<\/strong>.<\/p>\n<h3><span style=\"color: #ff6600;\">Pranzo<\/span><\/h3>\n<p>Preparati per un pranzo cucinato in casa in una casa locale prima del tuo comodo viaggio di ritorno.<\/p>\n<h3>Prezzo Dendera e Abydos da Marsa Alam<\/h3>\n<p>Prezzo Adulto: \u20ac 160<\/p>\n<p>Bambini 0-5 anni: Gratuito<\/p>\n<p>Bambini 5-11 anni: 50% del prezzo adulto<\/p>\n<h3><span style=\"color: #ff6600;\">Prenotazione<\/span><\/h3>\n<p>Puoi prenotare il tuo <strong>tour Escursioni Makadi Bay<\/strong> (Nota: il testo originale menziona Makadi Bay Excursions, che potrebbe essere un errore. Ho mantenuto il testo originale ma evidenziato la potenziale discrepanza) tramite WhatsApp o inviarci un&#8217;e-mail e riceverai la conferma immediatamente.<\/p>\n<p>Ti preghiamo di inviarci il nome del tuo hotel, il numero della camera e le copie del passaporto.<\/p>\n<p><strong>WhatsApp: +201000852186<\/strong><\/p>\n<p><strong>Email:<\/strong> info@egytourpackages.com<\/p>\n<h3><span style=\"color: #ff6600;\">Prenota Ora e Paga sul Posto <\/span><\/h3>\n<p>Prenota il tuo tour preferito e paga il giorno del viaggio.<\/p>\n<h3>Pagamento<\/h3>\n<p>Puoi pagare in Lire Egiziane, $, \u20ac o \u00a3.<\/p>\n<h3>Politica di Cancellazione<\/h3>\n<ul>\n<li>La cancellazione \u00e8 gratuita fino a 24 ore prima.<\/li>\n<li>La cancellazione al mattino comporta il 50% del prezzo.<\/li>\n<\/ul>\n","protected":false},"excerpt":{"rendered":"<p>Dendera e Abydos da Marsa Alam | Esplora il Tempio di Hathor a Dendera e il Tempio di Abydos dedicato a Osiride, Iside, Horus, Ptah, Ra-Horakhty, Ramses.<\/p>\n","protected":false},"featured_media":2844,"comment_status":"open","ping_status":"closed","template":"","meta":[],"product_brand":[],"product_cat":[1910],"product_tag":[1939,2632,1914,1966],"class_list":{"0":"post-4438","1":"product","2":"type-product","3":"status-publish","4":"has-post-thumbnail","6":"product_cat-tour","7":"product_tag-tour-a-marsa-alam","8":"product_tag-tour-di-vacanze-in-egitto","9":"product_tag-tour-giornalieri-in-egitto","10":"product_tag-tour-in-egitto","11":"tour_category-escursioni-marsa-alam","12":"tour_category-tour-giornalieri-in-egitto-it","14":"first","15":"instock","16":"sale","17":"shipping-taxable","18":"purchasable","19":"product-type-tour","20":"has-default-attributes"},"yoast_head":"<!-- This site is optimized with the Yoast SEO Premium plugin v27.4 (Yoast SEO v27.4) - https:\/\/yoast.com\/product\/yoast-seo-premium-wordpress\/ -->\n<title>Dendera e Abydos da Marsa Alam | Tour da Marsa Alam<\/title>\n<meta name=\"description\" content=\"Dendera e Abydos da Marsa Alam | Esplora il Tempio di Hathor a Dendera e il Tempio di Abydos dedicato a Osiride, Iside, Horus, Ptah, Ra-Horakhty, Ramses.\" \/>\n<meta name=\"robots\" content=\"index, follow, max-snippet:-1, max-image-preview:large, max-video-preview:-1\" \/>\n<link rel=\"canonical\" href=\"https:\/\/egytourpackages.com\/it\/tour\/dendera-e-abydos-da-marsa-alam-le-migliori-escursioni-da-marsa-alam\/\" \/>\n<meta property=\"og:locale\" content=\"it_IT\" \/>\n<meta property=\"og:type\" content=\"article\" \/>\n<meta property=\"og:title\" content=\"Dendera e Abydos da Marsa Alam\" \/>\n<meta property=\"og:description\" content=\"Dendera e Abydos da Marsa Alam | Esplora il Tempio di Hathor a Dendera e il Tempio di Abydos dedicato a Osiride, Iside, Horus, Ptah, Ra-Horakhty, Ramses.\" \/>\n<meta property=\"og:url\" content=\"https:\/\/egytourpackages.com\/it\/tour\/dendera-e-abydos-da-marsa-alam-le-migliori-escursioni-da-marsa-alam\/\" \/>\n<meta property=\"og:site_name\" content=\"Pacchetti tour in Egitto\" \/>\n<meta property=\"article:publisher\" content=\"https:\/\/www.facebook.com\/egytourpackages\" \/>\n<meta property=\"article:modified_time\" content=\"2026-01-07T18:19:36+00:00\" \/>\n<meta property=\"og:image\" content=\"https:\/\/egytourpackages.com\/wp-content\/uploads\/2023\/07\/Dendera-temple-Qena.jpg\" \/>\n\t<meta property=\"og:image:width\" content=\"2000\" \/>\n\t<meta property=\"og:image:height\" content=\"1333\" \/>\n\t<meta property=\"og:image:type\" content=\"image\/jpeg\" \/>\n<meta name=\"twitter:card\" content=\"summary_large_image\" \/>\n<meta name=\"twitter:title\" content=\"Dendera e Abydos da Marsa Alam\" \/>\n<meta name=\"twitter:description\" content=\"Dendera e Abydos da Marsa Alam | Esplora il Tempio di Hathor a Dendera e il Tempio di Abydos dedicato a Osiride, Iside, Horus, Ptah, Ra-Horakhty, Ramses.\" \/>\n<meta name=\"twitter:label1\" content=\"Prezzo\" \/>\n\t<meta name=\"twitter:data1\" content=\"&euro;150\" \/>\n\t<meta name=\"twitter:label2\" content=\"Disponibilit\u00e0\" \/>\n\t<meta name=\"twitter:data2\" content=\"In stock\" \/>\n<script type=\"application\/ld+json\" class=\"yoast-schema-graph\">{\"@context\":\"https:\\\/\\\/schema.org\",\"@graph\":[{\"@type\":\"WebPage\",\"@id\":\"https:\\\/\\\/egytourpackages.com\\\/it\\\/tour\\\/dendera-e-abydos-da-marsa-alam-le-migliori-escursioni-da-marsa-alam\\\/\",\"url\":\"https:\\\/\\\/egytourpackages.com\\\/it\\\/tour\\\/dendera-e-abydos-da-marsa-alam-le-migliori-escursioni-da-marsa-alam\\\/\",\"name\":\"Dendera e Abydos da Marsa Alam | Tour da Marsa Alam\",\"isPartOf\":{\"@id\":\"https:\\\/\\\/egytourpackages.com\\\/it\\\/#website\"},\"primaryImageOfPage\":{\"@id\":\"https:\\\/\\\/egytourpackages.com\\\/it\\\/tour\\\/dendera-e-abydos-da-marsa-alam-le-migliori-escursioni-da-marsa-alam\\\/#primaryimage\"},\"image\":{\"@id\":\"https:\\\/\\\/egytourpackages.com\\\/it\\\/tour\\\/dendera-e-abydos-da-marsa-alam-le-migliori-escursioni-da-marsa-alam\\\/#primaryimage\"},\"thumbnailUrl\":\"https:\\\/\\\/egytourpackages.com\\\/wp-content\\\/uploads\\\/2023\\\/07\\\/Dendera-temple-Qena.jpg\",\"datePublished\":\"2023-07-12T15:57:51+00:00\",\"dateModified\":\"2026-01-07T18:19:36+00:00\",\"description\":\"Dendera e Abydos da Marsa Alam | Esplora il Tempio di Hathor a Dendera e il Tempio di Abydos dedicato a Osiride, Iside, Horus, Ptah, Ra-Horakhty, Ramses.\",\"breadcrumb\":{\"@id\":\"https:\\\/\\\/egytourpackages.com\\\/it\\\/tour\\\/dendera-e-abydos-da-marsa-alam-le-migliori-escursioni-da-marsa-alam\\\/#breadcrumb\"},\"inLanguage\":\"it-IT\",\"potentialAction\":[{\"@type\":\"ReadAction\",\"target\":[\"https:\\\/\\\/egytourpackages.com\\\/it\\\/tour\\\/dendera-e-abydos-da-marsa-alam-le-migliori-escursioni-da-marsa-alam\\\/\"]}]},{\"@type\":\"ImageObject\",\"inLanguage\":\"it-IT\",\"@id\":\"https:\\\/\\\/egytourpackages.com\\\/it\\\/tour\\\/dendera-e-abydos-da-marsa-alam-le-migliori-escursioni-da-marsa-alam\\\/#primaryimage\",\"url\":\"https:\\\/\\\/egytourpackages.com\\\/wp-content\\\/uploads\\\/2023\\\/07\\\/Dendera-temple-Qena.jpg\",\"contentUrl\":\"https:\\\/\\\/egytourpackages.com\\\/wp-content\\\/uploads\\\/2023\\\/07\\\/Dendera-temple-Qena.jpg\",\"width\":2000,\"height\":1333,\"caption\":\"Dendera e Abydos da Marsa Alam\"},{\"@type\":\"BreadcrumbList\",\"@id\":\"https:\\\/\\\/egytourpackages.com\\\/it\\\/tour\\\/dendera-e-abydos-da-marsa-alam-le-migliori-escursioni-da-marsa-alam\\\/#breadcrumb\",\"itemListElement\":[{\"@type\":\"ListItem\",\"position\":1,\"name\":\"Home\",\"item\":\"https:\\\/\\\/egytourpackages.com\\\/it\\\/\"},{\"@type\":\"ListItem\",\"position\":2,\"name\":\"Negozio\",\"item\":\"https:\\\/\\\/egytourpackages.com\\\/it\\\/negozio\\\/\"},{\"@type\":\"ListItem\",\"position\":3,\"name\":\"Dendera e Abydos da Marsa Alam | Le Migliori Escursioni da Marsa Alam\"}]},{\"@type\":\"WebSite\",\"@id\":\"https:\\\/\\\/egytourpackages.com\\\/it\\\/#website\",\"url\":\"https:\\\/\\\/egytourpackages.com\\\/it\\\/\",\"name\":\"Egy tour packages\",\"description\":\"\",\"publisher\":{\"@id\":\"https:\\\/\\\/egytourpackages.com\\\/it\\\/#organization\"},\"potentialAction\":[{\"@type\":\"SearchAction\",\"target\":{\"@type\":\"EntryPoint\",\"urlTemplate\":\"https:\\\/\\\/egytourpackages.com\\\/it\\\/?s={search_term_string}\"},\"query-input\":{\"@type\":\"PropertyValueSpecification\",\"valueRequired\":true,\"valueName\":\"search_term_string\"}}],\"inLanguage\":\"it-IT\"},{\"@type\":[\"Organization\",\"Place\",\"TravelAgency\"],\"@id\":\"https:\\\/\\\/egytourpackages.com\\\/it\\\/#organization\",\"name\":\"egypt tour packages\",\"alternateName\":\"egypt tour packages\",\"url\":\"https:\\\/\\\/egytourpackages.com\\\/it\\\/\",\"logo\":{\"@id\":\"https:\\\/\\\/egytourpackages.com\\\/it\\\/tour\\\/dendera-e-abydos-da-marsa-alam-le-migliori-escursioni-da-marsa-alam\\\/#local-main-organization-logo\"},\"image\":{\"@id\":\"https:\\\/\\\/egytourpackages.com\\\/it\\\/tour\\\/dendera-e-abydos-da-marsa-alam-le-migliori-escursioni-da-marsa-alam\\\/#local-main-organization-logo\"},\"sameAs\":[\"https:\\\/\\\/www.facebook.com\\\/egytourpackages\"],\"legalName\":\"Egy tour packages\",\"address\":{\"@id\":\"https:\\\/\\\/egytourpackages.com\\\/it\\\/tour\\\/dendera-e-abydos-da-marsa-alam-le-migliori-escursioni-da-marsa-alam\\\/#local-main-place-address\"},\"telephone\":[\"00201000852186\",\"00201028685533\"],\"contactPoint\":{\"@type\":\"ContactPoint\",\"telephone\":\"00201000852186\"},\"openingHoursSpecification\":[{\"@type\":\"OpeningHoursSpecification\",\"dayOfWeek\":[\"Monday\",\"Tuesday\",\"Wednesday\",\"Thursday\",\"Friday\",\"Saturday\",\"Sunday\"],\"opens\":\"00:00\",\"closes\":\"23:59\"}],\"email\":\"info@egytourpackages.com\",\"areaServed\":\"Cairo, Hurghada, Luxor, Sharm El Sheikh, Marsa Alam, Aswan\",\"priceRange\":\"$\",\"currenciesAccepted\":\"euro\",\"paymentAccepted\":\"Payment links online\"},{\"@type\":\"PostalAddress\",\"@id\":\"https:\\\/\\\/egytourpackages.com\\\/it\\\/tour\\\/dendera-e-abydos-da-marsa-alam-le-migliori-escursioni-da-marsa-alam\\\/#local-main-place-address\",\"streetAddress\":\"Mubarak 8, Al Kawthar District, Hurghada\",\"addressLocality\":\"Hurghada\",\"postalCode\":\"84511\",\"addressRegion\":\"Red Sea\",\"addressCountry\":\"EG\"},{\"@type\":\"ImageObject\",\"inLanguage\":\"it-IT\",\"@id\":\"https:\\\/\\\/egytourpackages.com\\\/it\\\/tour\\\/dendera-e-abydos-da-marsa-alam-le-migliori-escursioni-da-marsa-alam\\\/#local-main-organization-logo\",\"url\":\"https:\\\/\\\/egytourpackages.com\\\/wp-content\\\/uploads\\\/2025\\\/12\\\/Turquoise-Dahabiya-Nile-Cruise-1.jpeg\",\"contentUrl\":\"https:\\\/\\\/egytourpackages.com\\\/wp-content\\\/uploads\\\/2025\\\/12\\\/Turquoise-Dahabiya-Nile-Cruise-1.jpeg\",\"width\":1040,\"height\":694,\"caption\":\"egypt tour packages\"}]}<\/script>\n<meta property=\"product:brand\" content=\"Escursioni Marsa Alam\" \/>\n<meta property=\"product:price:amount\" content=\"150\" \/>\n<meta property=\"product:price:currency\" content=\"EUR\" \/>\n<meta property=\"og:availability\" content=\"instock\" \/>\n<meta property=\"product:availability\" content=\"instock\" \/>\n<meta property=\"product:retailer_item_id\" content=\"MAT04\" \/>\n<meta property=\"product:condition\" content=\"new\" \/>\n<meta name=\"geo.placename\" content=\"Hurghada\" \/>\n<meta name=\"geo.region\" content=\"Egitto\" \/>\n<!-- \/ Yoast SEO Premium plugin. -->","yoast_head_json":{"title":"Dendera e Abydos da Marsa Alam | Tour da Marsa Alam","description":"Dendera e Abydos da Marsa Alam | Esplora il Tempio di Hathor a Dendera e il Tempio di Abydos dedicato a Osiride, Iside, Horus, Ptah, Ra-Horakhty, Ramses.","robots":{"index":"index","follow":"follow","max-snippet":"max-snippet:-1","max-image-preview":"max-image-preview:large","max-video-preview":"max-video-preview:-1"},"canonical":"https:\/\/egytourpackages.com\/it\/tour\/dendera-e-abydos-da-marsa-alam-le-migliori-escursioni-da-marsa-alam\/","og_locale":"it_IT","og_type":"article","og_title":"Dendera e Abydos da Marsa Alam","og_description":"Dendera e Abydos da Marsa Alam | Esplora il Tempio di Hathor a Dendera e il Tempio di Abydos dedicato a Osiride, Iside, Horus, Ptah, Ra-Horakhty, Ramses.","og_url":"https:\/\/egytourpackages.com\/it\/tour\/dendera-e-abydos-da-marsa-alam-le-migliori-escursioni-da-marsa-alam\/","og_site_name":"Pacchetti tour in Egitto","article_publisher":"https:\/\/www.facebook.com\/egytourpackages","article_modified_time":"2026-01-07T18:19:36+00:00","og_image":[{"width":2000,"height":1333,"url":"https:\/\/egytourpackages.com\/wp-content\/uploads\/2023\/07\/Dendera-temple-Qena.jpg","type":"image\/jpeg"}],"twitter_card":"summary_large_image","twitter_title":"Dendera e Abydos da Marsa Alam","twitter_description":"Dendera e Abydos da Marsa Alam | Esplora il Tempio di Hathor a Dendera e il Tempio di Abydos dedicato a Osiride, Iside, Horus, Ptah, Ra-Horakhty, Ramses.","twitter_misc":{"Prezzo":"&euro;150","Disponibilit\u00e0":"In stock"},"schema":{"@context":"https:\/\/schema.org","@graph":[{"@type":"WebPage","@id":"https:\/\/egytourpackages.com\/it\/tour\/dendera-e-abydos-da-marsa-alam-le-migliori-escursioni-da-marsa-alam\/","url":"https:\/\/egytourpackages.com\/it\/tour\/dendera-e-abydos-da-marsa-alam-le-migliori-escursioni-da-marsa-alam\/","name":"Dendera e Abydos da Marsa Alam | Tour da Marsa Alam","isPartOf":{"@id":"https:\/\/egytourpackages.com\/it\/#website"},"primaryImageOfPage":{"@id":"https:\/\/egytourpackages.com\/it\/tour\/dendera-e-abydos-da-marsa-alam-le-migliori-escursioni-da-marsa-alam\/#primaryimage"},"image":{"@id":"https:\/\/egytourpackages.com\/it\/tour\/dendera-e-abydos-da-marsa-alam-le-migliori-escursioni-da-marsa-alam\/#primaryimage"},"thumbnailUrl":"https:\/\/egytourpackages.com\/wp-content\/uploads\/2023\/07\/Dendera-temple-Qena.jpg","datePublished":"2023-07-12T15:57:51+00:00","dateModified":"2026-01-07T18:19:36+00:00","description":"Dendera e Abydos da Marsa Alam | Esplora il Tempio di Hathor a Dendera e il Tempio di Abydos dedicato a Osiride, Iside, Horus, Ptah, Ra-Horakhty, Ramses.","breadcrumb":{"@id":"https:\/\/egytourpackages.com\/it\/tour\/dendera-e-abydos-da-marsa-alam-le-migliori-escursioni-da-marsa-alam\/#breadcrumb"},"inLanguage":"it-IT","potentialAction":[{"@type":"ReadAction","target":["https:\/\/egytourpackages.com\/it\/tour\/dendera-e-abydos-da-marsa-alam-le-migliori-escursioni-da-marsa-alam\/"]}]},{"@type":"ImageObject","inLanguage":"it-IT","@id":"https:\/\/egytourpackages.com\/it\/tour\/dendera-e-abydos-da-marsa-alam-le-migliori-escursioni-da-marsa-alam\/#primaryimage","url":"https:\/\/egytourpackages.com\/wp-content\/uploads\/2023\/07\/Dendera-temple-Qena.jpg","contentUrl":"https:\/\/egytourpackages.com\/wp-content\/uploads\/2023\/07\/Dendera-temple-Qena.jpg","width":2000,"height":1333,"caption":"Dendera e Abydos da Marsa Alam"},{"@type":"BreadcrumbList","@id":"https:\/\/egytourpackages.com\/it\/tour\/dendera-e-abydos-da-marsa-alam-le-migliori-escursioni-da-marsa-alam\/#breadcrumb","itemListElement":[{"@type":"ListItem","position":1,"name":"Home","item":"https:\/\/egytourpackages.com\/it\/"},{"@type":"ListItem","position":2,"name":"Negozio","item":"https:\/\/egytourpackages.com\/it\/negozio\/"},{"@type":"ListItem","position":3,"name":"Dendera e Abydos da Marsa Alam | Le Migliori Escursioni da Marsa Alam"}]},{"@type":"WebSite","@id":"https:\/\/egytourpackages.com\/it\/#website","url":"https:\/\/egytourpackages.com\/it\/","name":"Egy tour packages","description":"","publisher":{"@id":"https:\/\/egytourpackages.com\/it\/#organization"},"potentialAction":[{"@type":"SearchAction","target":{"@type":"EntryPoint","urlTemplate":"https:\/\/egytourpackages.com\/it\/?s={search_term_string}"},"query-input":{"@type":"PropertyValueSpecification","valueRequired":true,"valueName":"search_term_string"}}],"inLanguage":"it-IT"},{"@type":["Organization","Place","TravelAgency"],"@id":"https:\/\/egytourpackages.com\/it\/#organization","name":"egypt tour packages","alternateName":"egypt tour packages","url":"https:\/\/egytourpackages.com\/it\/","logo":{"@id":"https:\/\/egytourpackages.com\/it\/tour\/dendera-e-abydos-da-marsa-alam-le-migliori-escursioni-da-marsa-alam\/#local-main-organization-logo"},"image":{"@id":"https:\/\/egytourpackages.com\/it\/tour\/dendera-e-abydos-da-marsa-alam-le-migliori-escursioni-da-marsa-alam\/#local-main-organization-logo"},"sameAs":["https:\/\/www.facebook.com\/egytourpackages"],"legalName":"Egy tour packages","address":{"@id":"https:\/\/egytourpackages.com\/it\/tour\/dendera-e-abydos-da-marsa-alam-le-migliori-escursioni-da-marsa-alam\/#local-main-place-address"},"telephone":["00201000852186","00201028685533"],"contactPoint":{"@type":"ContactPoint","telephone":"00201000852186"},"openingHoursSpecification":[{"@type":"OpeningHoursSpecification","dayOfWeek":["Monday","Tuesday","Wednesday","Thursday","Friday","Saturday","Sunday"],"opens":"00:00","closes":"23:59"}],"email":"info@egytourpackages.com","areaServed":"Cairo, Hurghada, Luxor, Sharm El Sheikh, Marsa Alam, Aswan","priceRange":"$","currenciesAccepted":"euro","paymentAccepted":"Payment links online"},{"@type":"PostalAddress","@id":"https:\/\/egytourpackages.com\/it\/tour\/dendera-e-abydos-da-marsa-alam-le-migliori-escursioni-da-marsa-alam\/#local-main-place-address","streetAddress":"Mubarak 8, Al Kawthar District, Hurghada","addressLocality":"Hurghada","postalCode":"84511","addressRegion":"Red Sea","addressCountry":"EG"},{"@type":"ImageObject","inLanguage":"it-IT","@id":"https:\/\/egytourpackages.com\/it\/tour\/dendera-e-abydos-da-marsa-alam-le-migliori-escursioni-da-marsa-alam\/#local-main-organization-logo","url":"https:\/\/egytourpackages.com\/wp-content\/uploads\/2025\/12\/Turquoise-Dahabiya-Nile-Cruise-1.jpeg","contentUrl":"https:\/\/egytourpackages.com\/wp-content\/uploads\/2025\/12\/Turquoise-Dahabiya-Nile-Cruise-1.jpeg","width":1040,"height":694,"caption":"egypt tour packages"}]},"product_brand":"Escursioni Marsa Alam","product_price_amount":"150","product_price_currency":"EUR","og_availability":"instock","product_availability":"instock","product_retailer_item_id":"MAT04","product_condition":"new","geo.placename":"Hurghada","geo.region":"Egitto"},"_links":{"self":[{"href":"https:\/\/egytourpackages.com\/it\/wp-json\/wp\/v2\/product\/4438","targetHints":{"allow":["GET"]}}],"collection":[{"href":"https:\/\/egytourpackages.com\/it\/wp-json\/wp\/v2\/product"}],"about":[{"href":"https:\/\/egytourpackages.com\/it\/wp-json\/wp\/v2\/types\/product"}],"replies":[{"embeddable":true,"href":"https:\/\/egytourpackages.com\/it\/wp-json\/wp\/v2\/comments?post=4438"}],"wp:featuredmedia":[{"embeddable":true,"href":"https:\/\/egytourpackages.com\/it\/wp-json\/wp\/v2\/media\/2844"}],"wp:attachment":[{"href":"https:\/\/egytourpackages.com\/it\/wp-json\/wp\/v2\/media?parent=4438"}],"wp:term":[{"taxonomy":"product_brand","embeddable":true,"href":"https:\/\/egytourpackages.com\/it\/wp-json\/wp\/v2\/product_brand?post=4438"},{"taxonomy":"product_cat","embeddable":true,"href":"https:\/\/egytourpackages.com\/it\/wp-json\/wp\/v2\/product_cat?post=4438"},{"taxonomy":"product_tag","embeddable":true,"href":"https:\/\/egytourpackages.com\/it\/wp-json\/wp\/v2\/product_tag?post=4438"}],"curies":[{"name":"wp","href":"https:\/\/api.w.org\/{rel}","templated":true}]}}