{"id":4440,"date":"2023-07-12T00:56:52","date_gmt":"2023-07-12T00:56:52","guid":{"rendered":"https:\/\/egytourpackages.com\/product\/tour-privato-a-luxor-da-marsa-alam\/"},"modified":"2026-01-19T18:48:45","modified_gmt":"2026-01-19T18:48:45","slug":"tour-privato-a-luxor-da-marsa-alam","status":"publish","type":"product","link":"https:\/\/egytourpackages.com\/it\/tour\/tour-privato-a-luxor-da-marsa-alam\/","title":{"rendered":"Tour Privato a Luxor da Marsa Alam"},"content":{"rendered":"<p><span style=\"color: #ff6600;\"><strong>Tour Privato a Luxor da Marsa Alam | Miglior Prezzo Garantito<\/strong><\/span><\/p>\n<p>Prenota un <strong>tour privato a Luxor da Marsa Alam<\/strong> ed esplora alcune delle migliori <strong>attrazioni turistiche dell&#8217;Egitto<\/strong> con i <strong>tour giornalieri in Egitto<\/strong>. <strong>Egy Tour Packages<\/strong> offre <strong>tour da Marsa Alam<\/strong> per esplorare le <strong>attrazioni di Luxor<\/strong> sulla riva orientale e occidentale del fiume Nilo. Il tuo tour alla riva orientale di Luxor include il <strong>Tempio di Amon<\/strong> o il <strong>Complesso del Tempio di Karnak<\/strong>, che comprende il <strong>Tempio di Mut<\/strong>, la <strong>Cappella Rossa<\/strong>, la <strong>Cappella Bianca<\/strong>, il <strong>Tempio di Ptah<\/strong> e la <strong>Sala delle Feste di Thutmose III<\/strong>. Inoltre, potrai ammirare la <strong>Grande Sala Ipostila<\/strong>, il Giardino Botanico, l&#8217;<strong>Obelisco di Hatshepsut<\/strong>, il <strong>Lago Sacro<\/strong>, lo Scarabeo e il <strong>Tesoro di Luxor<\/strong>. Inoltre, gli incredibili rilievi murali parlano dei rituali quotidiani del tempio, dell&#8217;agricoltura nell&#8217;antico Egitto, della religione nell&#8217;antico Egitto e delle credenze funerarie.<\/p>\n<p>Infatti, i tuoi <strong>tour di Luxor<\/strong> includono la <strong>Valle dei Re<\/strong> e la <strong>Tomba di Tutankhamon<\/strong>. Inoltre, il <strong>Tempio Mortuario di Hatshepsut a Deir el-Bahari<\/strong> e i famosi <strong>Colossi di Memnone<\/strong> di Amenhotep III. In effetti, Luxor \u00e8 molto ricca di storia e attrazioni, specialmente sulla riva occidentale, come il <strong>Ramesseum<\/strong>, le <strong>tombe dei Nobili<\/strong>, il <strong>Tempio di Habu<\/strong> e la <strong>Valle delle Regine<\/strong>.<\/p>\n<p>Il tuo <strong>tour privato di Luxor da Marsa Alam<\/strong> sar\u00e0 accompagnato da una guida esperta che risponder\u00e0 a tutte le tue domande e spiegher\u00e0 l&#8217;<strong>antica civilt\u00e0 egizia<\/strong> e la <strong>storia dell&#8217;antico Egitto<\/strong>. Nel frattempo, i lavoratori di <strong>Deir el-Medina<\/strong> che costruirono le tombe della Valle dei Re e la loro vita quotidiana. Non solo, ti spiegher\u00e0 gli <strong>dei egizi<\/strong>, la <strong>mitologia egizia<\/strong> e le leggende e i miti egizi.<\/p>\n<h3><span style=\"color: #ff6600;\">Dettagli del Tour<\/span><\/h3>\n<ul>\n<li><strong>Durata:<\/strong> 17 ore<\/li>\n<li><strong>Localit\u00e0 del Tour:<\/strong> Luxor<\/li>\n<li><strong>Disponibilit\u00e0 del Tour:<\/strong> Tutti i giorni<\/li>\n<li><strong>Pick-up e Drop-off:<\/strong> Il tuo hotel a Marsa Alam<\/li>\n<li><strong>Tipo di Tour:<\/strong> Privato<\/li>\n<li><strong>Accessibilit\u00e0 per sedie a rotelle:<\/strong> Accessibile<\/li>\n<\/ul>\n<h3><span style=\"color: #ff6600;\">Incluso<\/span><\/h3>\n<ul>\n<li>Trasferimento di andata e ritorno con veicolo privato nuovo<\/li>\n<li>Guida archeologa esperta<\/li>\n<li>Biglietto d&#8217;ingresso per tutte le attrazioni<\/li>\n<li>Pranzo in un ristorante locale<\/li>\n<\/ul>\n<h3><span style=\"color: #ff6600;\">Escluso<\/span><\/h3>\n<ul>\n<li>Bevande durante il pranzo<\/li>\n<li>KV9 \u2013 Tomba di Ramses V, Ramses VI<\/li>\n<li>KV17 \u2013 Seti I<\/li>\n<li>KV62 \u2013 Tutankhamon<\/li>\n<li>Mance<\/li>\n<\/ul>\n<h3><span style=\"color: #ff6600;\">Cosa portare con te<\/span><\/h3>\n<ul>\n<li>Cappello, occhiali da sole e crema solare<\/li>\n<li>Scarpe e vestiti comodi<\/li>\n<\/ul>\n<h2><span style=\"color: #ff6600;\">Itinerario<\/span><\/h2>\n<p><strong>04:00<\/strong> \u2013 Orario di prelievo dal tuo hotel a Marsa Alam.<\/p>\n<p><strong>06:00<\/strong> \u2013 Checkpoint di Safaga: inizio del viaggio dal checkpoint di Safaga a Luxor per tutti gli autobus diretti a Luxor.<\/p>\n<p><strong>07:00<\/strong> \u2013 Breve pausa: 20 minuti di pausa caff\u00e8 in un accogliente lounge per usare i servizi igienici (10 L.E. a persona), fare colazione, gustare una bevanda e poi ripartire per Luxor.<\/p>\n<h4>09:30 \u2013 Complesso dei Templi di Karnak<\/h4>\n<p>Il Complesso del Tempio di Karnak, situato sulla Riva Orientale di Luxor, la cui costruzione si \u00e8 estesa per oltre 2.000 anni. Puoi esplorare <strong>laghi sacri<\/strong>, enormi <strong>obelischi<\/strong> e templi e cappelle pi\u00f9 piccoli dedicati a varie divinit\u00e0 come <strong>Amon, Mut e Khonsu<\/strong>. Inoltre, puoi ammirare la colossale <strong>Grande Sala Ipostila<\/strong>, con le sue 134 massicce colonne, la <strong>Cappella Rossa<\/strong>, la <strong>Cappella Bianca<\/strong>, il <strong>Tempio di Mut<\/strong>, lo <strong>Scarab<\/strong> e il Giardino Botanico.<\/p>\n<h4>11:30 \u2013 Pranzo<\/h4>\n<p>goditi il tuo pranzo appena cucinato in un ristorante locale con la possibilit\u00e0 di pasti vegetariani.<\/p>\n<h4>12:15 \u2013 Breve crociera sul Nilo<\/h4>\n<p>goditi un <strong>giro in barca sul Nilo di 30 minuti a Luxor<\/strong> per osservare la vita locale lungo le rive del fiume e scattare foto mozzafiato dei punti di riferimento iconici di Luxor da un punto di vista unico. Infatti, \u00e8 un modo ideale per apprezzare la bellezza naturale che ha sostenuto la civilt\u00e0 egizia per millenni e per immaginare gli innumerevoli viaggi intrapresi su queste stesse acque da faraoni, regine e gente comune nel corso della storia.<\/p>\n<h4>12:50 \u2013 Colossi di Memnone<\/h4>\n<p>I <strong>Colossi di Memnone<\/strong> sono due monumentali statue di pietra del <strong>Faraone Amenhotep III<\/strong>, che si ergono imponenti sulla Riva Occidentale di Luxor. Queste figure torreggianti, alte oltre 18 metri, un tempo custodivano l&#8217;ingresso del suo vasto <strong>tempio mortuario<\/strong>, ora in gran parte in rovina. Risalenti a oltre 3.400 anni fa, questi <strong>antichi monumenti egizi<\/strong> sono rinomati per le loro dimensioni imponenti e il fenomeno storico della statua &#8220;cantante&#8221;, che affascina i visitatori di qualsiasi <strong>tour turistico di Luxor<\/strong>.<\/p>\n<h4>13:15 \u2013 Valle dei Re<\/h4>\n<p>Questo iconico <strong>sito archeologico<\/strong> \u00e8 un punto saliente principale di qualsiasi <strong>tour giornaliero di Luxor da Hurghada<\/strong> (Nota: il testo originale menziona Hurghada, ma il tour \u00e8 da Marsa Alam. Ho mantenuto Hurghada come da testo originale ma evidenziato la potenziale discrepanza) a causa delle tombe sotterranee riccamente decorate. Ogni tomba offre uno sguardo unico sui complessi rituali di sepoltura e sull&#8217;arte dell&#8217;<strong>antico Egitto<\/strong>, rendendola una parte indispensabile della tua <strong>vacanza in Egitto<\/strong>. Questa <strong>necropoli reale<\/strong> dove i Faraoni del Nuovo Regno, inclusi <strong>Hatshepsut, Ramses, Amenhotep<\/strong> e <strong>Tutankhamon<\/strong>, furono sepolti. Con il tuo biglietto d&#8217;ingresso, puoi visitare 3 tombe e scattare foto all&#8217;interno gratuitamente. Queste tre tombe potrebbero essere 3 delle seguenti:<\/p>\n<ul>\n<li>(KV 02) Ramses IV<\/li>\n<li>Tomba di Ramses III (KV 11)<\/li>\n<li>Tomba di Ramses IX KV 6<\/li>\n<li>Tomba di Merenptah (KV 8)<\/li>\n<li>La tomba di Tausert e Setnakht (KV 14)<\/li>\n<\/ul>\n<p>Dopo aver visitato le tue 3 tombe e scattato alcune foto per il soffitto astronomico delle tombe, sarai pronto per la tua ultima tappa.<\/p>\n<h4>14:45 \u2013 Tempio di Hatshepsut<\/h4>\n<p>Il <strong>Tempio Mortuario della Regina Hatshepsut<\/strong>, situato a Deir el-Bahari, \u00e8 scavato nelle scogliere. Infatti, questo <strong>antico tempio<\/strong> si erge come un potente simbolo del <strong>dominio femminile<\/strong> e del risultato artistico nel <strong>Nuovo Regno<\/strong>. In realt\u00e0, le <strong>attrazioni chiave<\/strong> includono i <strong>rilievi splendidamente scolpiti<\/strong> che raccontano la <strong>nascita divina di Hatshepsut<\/strong>, la sua famosa spedizione nella mistica <strong>Terra di Punt<\/strong>, e scene della sua incoronazione. Alla fine del tuo <strong>tour giornaliero di Luxor da Marsa Alam<\/strong>, tornerai al tuo hotel.<\/p>\n<h3><span style=\"color: #ff6600;\">Prezzo del Tour Privato a Luxor da Marsa Alam<\/span><\/h3>\n<p><strong>Prezzo Adulto:<\/strong> $520<\/p>\n<p><strong>Bambini 0-5 anni:<\/strong> Gratuito<\/p>\n<p><strong>Bambini 5-11 anni:<\/strong> 50% del prezzo adulto<\/p>\n<h3><span style=\"color: #ff6600;\">Prenotazione<\/span><\/h3>\n<p>Puoi <strong>prenotare il tuo tour<\/strong> tramite <strong>WhatsApp<\/strong> o inviarci un&#8217;e-mail e riceverai la conferma immediatamente.<\/p>\n<p>Ti preghiamo di inviarci il nome del tuo hotel, il numero della camera e le copie del passaporto.<\/p>\n<p><strong>WhatsApp:<\/strong> +201000852186<\/p>\n<p>info@egytourpackages.com<\/p>\n<h3><span style=\"color: #ff6600;\">Prenota Ora e Paga sul Posto <\/span><\/h3>\n<p>Prenota il tuo tour preferito e paga il giorno della partenza.<\/p>\n<h3><span style=\"color: #ff6600;\">Pagamento<\/span><\/h3>\n<p>Puoi pagare in <strong>Lire Egiziane<\/strong>, $, \u20ac o \u00a3.<\/p>\n<h3><span style=\"color: #ff6600;\">Politica di Cancellazione<\/span><\/h3>\n<p>La cancellazione \u00e8 gratuita fino a 24 ore prima.<\/p>\n<p>La cancellazione al mattino comporta il 50% del prezzo.<\/p>\n","protected":false},"excerpt":{"rendered":"<p>Tour Privato a Luxor da Marsa Alam | Valle dei Re, Tempio Mortuario di Hatshepsut, Colossi di Memnone, Complesso dei Templi di Karnak, Tomba di Tutankhamon<\/p>\n","protected":false},"featured_media":2835,"comment_status":"open","ping_status":"closed","template":"","meta":[],"product_brand":[],"product_cat":[1910],"product_tag":[2338,1939],"class_list":{"0":"post-4440","1":"product","2":"type-product","3":"status-publish","4":"has-post-thumbnail","6":"product_cat-tour","7":"product_tag-escursioni-giornaliere-a-luxor","8":"product_tag-tour-a-marsa-alam","9":"tour_category-escursioni-marsa-alam","10":"tour_category-tour-giornalieri-in-egitto-it","12":"first","13":"instock","14":"sale","15":"shipping-taxable","16":"purchasable","17":"product-type-tour","18":"has-default-attributes"},"yoast_head":"<!-- This site is optimized with the Yoast SEO Premium plugin v27.2 (Yoast SEO v27.2) - https:\/\/yoast.com\/product\/yoast-seo-premium-wordpress\/ -->\n<title>Tour Privato a Luxor da Marsa Alam<\/title>\n<meta name=\"description\" content=\"Tour Privato a Luxor da Marsa Alam | Valle dei Re, Tempio Mortuario di Hatshepsut, Colossi di Memnone, Complesso dei Templi di Karnak, Tomba di Tutankhamon\" \/>\n<meta name=\"robots\" content=\"index, follow, max-snippet:-1, max-image-preview:large, max-video-preview:-1\" \/>\n<link rel=\"canonical\" href=\"https:\/\/egytourpackages.com\/it\/tour\/tour-privato-a-luxor-da-marsa-alam\/\" \/>\n<meta property=\"og:locale\" content=\"it_IT\" \/>\n<meta property=\"og:type\" content=\"article\" \/>\n<meta property=\"og:title\" content=\"Tour Privato a Luxor da Marsa Alam\" \/>\n<meta property=\"og:description\" content=\"Tour Privato a Luxor da Marsa Alam | Valle dei Re, Tempio Mortuario di Hatshepsut, Colossi di Memnone, Complesso dei Templi di Karnak, Tomba di Tutankhamon\" \/>\n<meta property=\"og:url\" content=\"https:\/\/egytourpackages.com\/it\/tour\/tour-privato-a-luxor-da-marsa-alam\/\" \/>\n<meta property=\"og:site_name\" content=\"Pacchetti tour in Egitto\" \/>\n<meta property=\"article:publisher\" content=\"https:\/\/www.facebook.com\/egytourpackages\" \/>\n<meta property=\"article:modified_time\" content=\"2026-01-19T18:48:45+00:00\" \/>\n<meta property=\"og:image\" content=\"https:\/\/egytourpackages.com\/wp-content\/uploads\/2023\/07\/Valley-of-the-Kings-Luxor-west-bank-1024x682.jpg\" \/>\n<meta name=\"twitter:card\" content=\"summary_large_image\" \/>\n<meta name=\"twitter:title\" content=\"Tour Privato a Luxor da Marsa Alam\" \/>\n<meta name=\"twitter:description\" content=\"Tour Privato a Luxor da Marsa Alam | Valle dei Re, Tempio Mortuario di Hatshepsut, Colossi di Memnone, Complesso dei Templi di Karnak, Tomba di Tutankhamon\" \/>\n<meta name=\"twitter:image\" content=\"https:\/\/egytourpackages.com\/wp-content\/uploads\/2023\/07\/Valley-of-the-Kings-Luxor-west-bank-1024x682.jpg\" \/>\n<meta name=\"twitter:label1\" content=\"Prezzo\" \/>\n\t<meta name=\"twitter:data1\" content=\"&euro;150\" \/>\n\t<meta name=\"twitter:label2\" content=\"Disponibilit\u00e0\" \/>\n\t<meta name=\"twitter:data2\" content=\"In stock\" \/>\n<script type=\"application\/ld+json\" class=\"yoast-schema-graph\">{\"@context\":\"https:\/\/schema.org\",\"@graph\":[{\"@type\":\"WebPage\",\"@id\":\"https:\/\/egytourpackages.com\/it\/tour\/tour-privato-a-luxor-da-marsa-alam\/\",\"url\":\"https:\/\/egytourpackages.com\/it\/tour\/tour-privato-a-luxor-da-marsa-alam\/\",\"name\":\"Tour Privato a Luxor da Marsa Alam\",\"isPartOf\":{\"@id\":\"https:\/\/egytourpackages.com\/it\/#website\"},\"primaryImageOfPage\":{\"@id\":\"https:\/\/egytourpackages.com\/it\/tour\/tour-privato-a-luxor-da-marsa-alam\/#primaryimage\"},\"image\":{\"@id\":\"https:\/\/egytourpackages.com\/it\/tour\/tour-privato-a-luxor-da-marsa-alam\/#primaryimage\"},\"thumbnailUrl\":\"https:\/\/egytourpackages.com\/wp-content\/uploads\/2023\/07\/Valley-of-the-Kings-Luxor-west-bank.jpg\",\"datePublished\":\"2023-07-12T00:56:52+00:00\",\"dateModified\":\"2026-01-19T18:48:45+00:00\",\"description\":\"Tour Privato a Luxor da Marsa Alam | Valle dei Re, Tempio Mortuario di Hatshepsut, Colossi di Memnone, Complesso dei Templi di Karnak, Tomba di Tutankhamon\",\"breadcrumb\":{\"@id\":\"https:\/\/egytourpackages.com\/it\/tour\/tour-privato-a-luxor-da-marsa-alam\/#breadcrumb\"},\"inLanguage\":\"it-IT\",\"potentialAction\":[{\"@type\":\"ReadAction\",\"target\":[\"https:\/\/egytourpackages.com\/it\/tour\/tour-privato-a-luxor-da-marsa-alam\/\"]}]},{\"@type\":\"ImageObject\",\"inLanguage\":\"it-IT\",\"@id\":\"https:\/\/egytourpackages.com\/it\/tour\/tour-privato-a-luxor-da-marsa-alam\/#primaryimage\",\"url\":\"https:\/\/egytourpackages.com\/wp-content\/uploads\/2023\/07\/Valley-of-the-Kings-Luxor-west-bank.jpg\",\"contentUrl\":\"https:\/\/egytourpackages.com\/wp-content\/uploads\/2023\/07\/Valley-of-the-Kings-Luxor-west-bank.jpg\",\"width\":2000,\"height\":1333,\"caption\":\"Valle dei Re, Riva Occidentale di Luxor\"},{\"@type\":\"BreadcrumbList\",\"@id\":\"https:\/\/egytourpackages.com\/it\/tour\/tour-privato-a-luxor-da-marsa-alam\/#breadcrumb\",\"itemListElement\":[{\"@type\":\"ListItem\",\"position\":1,\"name\":\"Home\",\"item\":\"https:\/\/egytourpackages.com\/it\/\"},{\"@type\":\"ListItem\",\"position\":2,\"name\":\"Negozio\",\"item\":\"https:\/\/egytourpackages.com\/it\/negozio\/\"},{\"@type\":\"ListItem\",\"position\":3,\"name\":\"Tour Privato a Luxor da Marsa Alam\"}]},{\"@type\":\"WebSite\",\"@id\":\"https:\/\/egytourpackages.com\/it\/#website\",\"url\":\"https:\/\/egytourpackages.com\/it\/\",\"name\":\"Egy tour packages\",\"description\":\"\",\"publisher\":{\"@id\":\"https:\/\/egytourpackages.com\/it\/#organization\"},\"potentialAction\":[{\"@type\":\"SearchAction\",\"target\":{\"@type\":\"EntryPoint\",\"urlTemplate\":\"https:\/\/egytourpackages.com\/it\/?s={search_term_string}\"},\"query-input\":{\"@type\":\"PropertyValueSpecification\",\"valueRequired\":true,\"valueName\":\"search_term_string\"}}],\"inLanguage\":\"it-IT\"},{\"@type\":[\"Organization\",\"Place\",\"TravelAgency\"],\"@id\":\"https:\/\/egytourpackages.com\/it\/#organization\",\"name\":\"egypt tour packages\",\"alternateName\":\"egypt tour packages\",\"url\":\"https:\/\/egytourpackages.com\/it\/\",\"logo\":{\"@id\":\"https:\/\/egytourpackages.com\/it\/tour\/tour-privato-a-luxor-da-marsa-alam\/#local-main-organization-logo\"},\"image\":{\"@id\":\"https:\/\/egytourpackages.com\/it\/tour\/tour-privato-a-luxor-da-marsa-alam\/#local-main-organization-logo\"},\"sameAs\":[\"https:\/\/www.facebook.com\/egytourpackages\"],\"legalName\":\"Egy tour packages\",\"address\":{\"@id\":\"https:\/\/egytourpackages.com\/it\/tour\/tour-privato-a-luxor-da-marsa-alam\/#local-main-place-address\"},\"telephone\":[\"00201000852186\",\"00201028685533\"],\"contactPoint\":{\"@type\":\"ContactPoint\",\"telephone\":\"00201000852186\"},\"openingHoursSpecification\":[{\"@type\":\"OpeningHoursSpecification\",\"dayOfWeek\":[\"Monday\",\"Tuesday\",\"Wednesday\",\"Thursday\",\"Friday\",\"Saturday\",\"Sunday\"],\"opens\":\"00:00\",\"closes\":\"23:59\"}],\"email\":\"info@egytourpackages.com\",\"areaServed\":\"Cairo, Hurghada, Luxor, Sharm El Sheikh, Marsa Alam, Aswan\",\"priceRange\":\"$\",\"currenciesAccepted\":\"euro\",\"paymentAccepted\":\"Payment links online\"},{\"@type\":\"PostalAddress\",\"@id\":\"https:\/\/egytourpackages.com\/it\/tour\/tour-privato-a-luxor-da-marsa-alam\/#local-main-place-address\",\"streetAddress\":\"Mubarak 8, Al Kawthar District, Hurghada\",\"addressLocality\":\"Hurghada\",\"postalCode\":\"84511\",\"addressRegion\":\"Red Sea\",\"addressCountry\":\"EG\"},{\"@type\":\"ImageObject\",\"inLanguage\":\"it-IT\",\"@id\":\"https:\/\/egytourpackages.com\/it\/tour\/tour-privato-a-luxor-da-marsa-alam\/#local-main-organization-logo\",\"url\":\"https:\/\/egytourpackages.com\/wp-content\/uploads\/2025\/12\/Turquoise-Dahabiya-Nile-Cruise-1.jpeg\",\"contentUrl\":\"https:\/\/egytourpackages.com\/wp-content\/uploads\/2025\/12\/Turquoise-Dahabiya-Nile-Cruise-1.jpeg\",\"width\":1040,\"height\":694,\"caption\":\"egypt tour packages\"}]}<\/script>\n<meta property=\"product:brand\" content=\"Escursioni Marsa Alam\" \/>\n<meta property=\"product:price:amount\" content=\"150\" \/>\n<meta property=\"product:price:currency\" content=\"EUR\" \/>\n<meta property=\"og:availability\" content=\"instock\" \/>\n<meta property=\"product:availability\" content=\"instock\" \/>\n<meta property=\"product:retailer_item_id\" content=\"MAT15\" \/>\n<meta property=\"product:condition\" content=\"new\" \/>\n<meta name=\"geo.placename\" content=\"Hurghada\" \/>\n<meta name=\"geo.region\" content=\"Egitto\" \/>\n<!-- \/ Yoast SEO Premium plugin. -->","yoast_head_json":{"title":"Tour Privato a Luxor da Marsa Alam","description":"Tour Privato a Luxor da Marsa Alam | Valle dei Re, Tempio Mortuario di Hatshepsut, Colossi di Memnone, Complesso dei Templi di Karnak, Tomba di Tutankhamon","robots":{"index":"index","follow":"follow","max-snippet":"max-snippet:-1","max-image-preview":"max-image-preview:large","max-video-preview":"max-video-preview:-1"},"canonical":"https:\/\/egytourpackages.com\/it\/tour\/tour-privato-a-luxor-da-marsa-alam\/","og_locale":"it_IT","og_type":"article","og_title":"Tour Privato a Luxor da Marsa Alam","og_description":"Tour Privato a Luxor da Marsa Alam | Valle dei Re, Tempio Mortuario di Hatshepsut, Colossi di Memnone, Complesso dei Templi di Karnak, Tomba di Tutankhamon","og_url":"https:\/\/egytourpackages.com\/it\/tour\/tour-privato-a-luxor-da-marsa-alam\/","og_site_name":"Pacchetti tour in Egitto","article_publisher":"https:\/\/www.facebook.com\/egytourpackages","article_modified_time":"2026-01-19T18:48:45+00:00","og_image":[{"url":"https:\/\/egytourpackages.com\/wp-content\/uploads\/2023\/07\/Valley-of-the-Kings-Luxor-west-bank-1024x682.jpg","type":"","width":"","height":""}],"twitter_card":"summary_large_image","twitter_title":"Tour Privato a Luxor da Marsa Alam","twitter_description":"Tour Privato a Luxor da Marsa Alam | Valle dei Re, Tempio Mortuario di Hatshepsut, Colossi di Memnone, Complesso dei Templi di Karnak, Tomba di Tutankhamon","twitter_image":"https:\/\/egytourpackages.com\/wp-content\/uploads\/2023\/07\/Valley-of-the-Kings-Luxor-west-bank-1024x682.jpg","twitter_misc":{"Prezzo":"&euro;150","Disponibilit\u00e0":"In stock"},"schema":{"@context":"https:\/\/schema.org","@graph":[{"@type":"WebPage","@id":"https:\/\/egytourpackages.com\/it\/tour\/tour-privato-a-luxor-da-marsa-alam\/","url":"https:\/\/egytourpackages.com\/it\/tour\/tour-privato-a-luxor-da-marsa-alam\/","name":"Tour Privato a Luxor da Marsa Alam","isPartOf":{"@id":"https:\/\/egytourpackages.com\/it\/#website"},"primaryImageOfPage":{"@id":"https:\/\/egytourpackages.com\/it\/tour\/tour-privato-a-luxor-da-marsa-alam\/#primaryimage"},"image":{"@id":"https:\/\/egytourpackages.com\/it\/tour\/tour-privato-a-luxor-da-marsa-alam\/#primaryimage"},"thumbnailUrl":"https:\/\/egytourpackages.com\/wp-content\/uploads\/2023\/07\/Valley-of-the-Kings-Luxor-west-bank.jpg","datePublished":"2023-07-12T00:56:52+00:00","dateModified":"2026-01-19T18:48:45+00:00","description":"Tour Privato a Luxor da Marsa Alam | Valle dei Re, Tempio Mortuario di Hatshepsut, Colossi di Memnone, Complesso dei Templi di Karnak, Tomba di Tutankhamon","breadcrumb":{"@id":"https:\/\/egytourpackages.com\/it\/tour\/tour-privato-a-luxor-da-marsa-alam\/#breadcrumb"},"inLanguage":"it-IT","potentialAction":[{"@type":"ReadAction","target":["https:\/\/egytourpackages.com\/it\/tour\/tour-privato-a-luxor-da-marsa-alam\/"]}]},{"@type":"ImageObject","inLanguage":"it-IT","@id":"https:\/\/egytourpackages.com\/it\/tour\/tour-privato-a-luxor-da-marsa-alam\/#primaryimage","url":"https:\/\/egytourpackages.com\/wp-content\/uploads\/2023\/07\/Valley-of-the-Kings-Luxor-west-bank.jpg","contentUrl":"https:\/\/egytourpackages.com\/wp-content\/uploads\/2023\/07\/Valley-of-the-Kings-Luxor-west-bank.jpg","width":2000,"height":1333,"caption":"Valle dei Re, Riva Occidentale di Luxor"},{"@type":"BreadcrumbList","@id":"https:\/\/egytourpackages.com\/it\/tour\/tour-privato-a-luxor-da-marsa-alam\/#breadcrumb","itemListElement":[{"@type":"ListItem","position":1,"name":"Home","item":"https:\/\/egytourpackages.com\/it\/"},{"@type":"ListItem","position":2,"name":"Negozio","item":"https:\/\/egytourpackages.com\/it\/negozio\/"},{"@type":"ListItem","position":3,"name":"Tour Privato a Luxor da Marsa Alam"}]},{"@type":"WebSite","@id":"https:\/\/egytourpackages.com\/it\/#website","url":"https:\/\/egytourpackages.com\/it\/","name":"Egy tour packages","description":"","publisher":{"@id":"https:\/\/egytourpackages.com\/it\/#organization"},"potentialAction":[{"@type":"SearchAction","target":{"@type":"EntryPoint","urlTemplate":"https:\/\/egytourpackages.com\/it\/?s={search_term_string}"},"query-input":{"@type":"PropertyValueSpecification","valueRequired":true,"valueName":"search_term_string"}}],"inLanguage":"it-IT"},{"@type":["Organization","Place","TravelAgency"],"@id":"https:\/\/egytourpackages.com\/it\/#organization","name":"egypt tour packages","alternateName":"egypt tour packages","url":"https:\/\/egytourpackages.com\/it\/","logo":{"@id":"https:\/\/egytourpackages.com\/it\/tour\/tour-privato-a-luxor-da-marsa-alam\/#local-main-organization-logo"},"image":{"@id":"https:\/\/egytourpackages.com\/it\/tour\/tour-privato-a-luxor-da-marsa-alam\/#local-main-organization-logo"},"sameAs":["https:\/\/www.facebook.com\/egytourpackages"],"legalName":"Egy tour packages","address":{"@id":"https:\/\/egytourpackages.com\/it\/tour\/tour-privato-a-luxor-da-marsa-alam\/#local-main-place-address"},"telephone":["00201000852186","00201028685533"],"contactPoint":{"@type":"ContactPoint","telephone":"00201000852186"},"openingHoursSpecification":[{"@type":"OpeningHoursSpecification","dayOfWeek":["Monday","Tuesday","Wednesday","Thursday","Friday","Saturday","Sunday"],"opens":"00:00","closes":"23:59"}],"email":"info@egytourpackages.com","areaServed":"Cairo, Hurghada, Luxor, Sharm El Sheikh, Marsa Alam, Aswan","priceRange":"$","currenciesAccepted":"euro","paymentAccepted":"Payment links online"},{"@type":"PostalAddress","@id":"https:\/\/egytourpackages.com\/it\/tour\/tour-privato-a-luxor-da-marsa-alam\/#local-main-place-address","streetAddress":"Mubarak 8, Al Kawthar District, Hurghada","addressLocality":"Hurghada","postalCode":"84511","addressRegion":"Red Sea","addressCountry":"EG"},{"@type":"ImageObject","inLanguage":"it-IT","@id":"https:\/\/egytourpackages.com\/it\/tour\/tour-privato-a-luxor-da-marsa-alam\/#local-main-organization-logo","url":"https:\/\/egytourpackages.com\/wp-content\/uploads\/2025\/12\/Turquoise-Dahabiya-Nile-Cruise-1.jpeg","contentUrl":"https:\/\/egytourpackages.com\/wp-content\/uploads\/2025\/12\/Turquoise-Dahabiya-Nile-Cruise-1.jpeg","width":1040,"height":694,"caption":"egypt tour packages"}]},"product_brand":"Escursioni Marsa Alam","product_price_amount":"150","product_price_currency":"EUR","og_availability":"instock","product_availability":"instock","product_retailer_item_id":"MAT15","product_condition":"new","geo.placename":"Hurghada","geo.region":"Egitto"},"_links":{"self":[{"href":"https:\/\/egytourpackages.com\/it\/wp-json\/wp\/v2\/product\/4440","targetHints":{"allow":["GET"]}}],"collection":[{"href":"https:\/\/egytourpackages.com\/it\/wp-json\/wp\/v2\/product"}],"about":[{"href":"https:\/\/egytourpackages.com\/it\/wp-json\/wp\/v2\/types\/product"}],"replies":[{"embeddable":true,"href":"https:\/\/egytourpackages.com\/it\/wp-json\/wp\/v2\/comments?post=4440"}],"wp:featuredmedia":[{"embeddable":true,"href":"https:\/\/egytourpackages.com\/it\/wp-json\/wp\/v2\/media\/2835"}],"wp:attachment":[{"href":"https:\/\/egytourpackages.com\/it\/wp-json\/wp\/v2\/media?parent=4440"}],"wp:term":[{"taxonomy":"product_brand","embeddable":true,"href":"https:\/\/egytourpackages.com\/it\/wp-json\/wp\/v2\/product_brand?post=4440"},{"taxonomy":"product_cat","embeddable":true,"href":"https:\/\/egytourpackages.com\/it\/wp-json\/wp\/v2\/product_cat?post=4440"},{"taxonomy":"product_tag","embeddable":true,"href":"https:\/\/egytourpackages.com\/it\/wp-json\/wp\/v2\/product_tag?post=4440"}],"curies":[{"name":"wp","href":"https:\/\/api.w.org\/{rel}","templated":true}]}}