{"id":4866,"date":"2024-06-17T17:46:16","date_gmt":"2024-06-17T17:46:16","guid":{"rendered":"https:\/\/egytourpackages.com\/product\/pacchetto-pellegrinaggio-cristiano-in-egitto-di-6-giorni\/"},"modified":"2026-01-12T23:14:43","modified_gmt":"2026-01-12T23:14:43","slug":"pacchetto-pellegrinaggio-cristiano-in-egitto-di-6-giorni","status":"publish","type":"product","link":"https:\/\/egytourpackages.com\/it\/tour\/pacchetto-pellegrinaggio-cristiano-in-egitto-di-6-giorni\/","title":{"rendered":"Pacchetto Pellegrinaggio Cristiano in Egitto di 6 Giorni"},"content":{"rendered":"<p><strong><span style=\"color: #ff6600;\">Pacchetto Pellegrinaggio Cristiano in Egitto di 6 Giorni\u00a0<\/span><\/strong><\/p>\n<p>Intraprendi un <strong>trasformativo Pellegrinaggio Cristiano in Egitto di 6 giorni<\/strong>, progettato per immergerti nella ricca <strong>storia cristiana dell&#8217;Egitto<\/strong> e nei suoi <strong>siti sacri pi\u00f9 venerati<\/strong>. Questo viaggio offre una miscela unica di antica spiritualit\u00e0 e punti di riferimento iconici, garantendo un&#8217;esperienza profonda. <strong>Prenota oggi il tuo tour di pellegrinaggio in Egitto<\/strong> e goditi supporto 24 ore su 24, 7 giorni su 7, cancellazione gratuita e prenotazione immediata.<\/p>\n<h3><span style=\"color: #ff6600;\">Dettagli del Tour<\/span><\/h3>\n<ul>\n<li><strong>Durata<\/strong>: 6 Giorni \/ 5 Notti<\/li>\n<li><strong>Localit\u00e0<\/strong>: Il Cairo, Alessandria, Sharm El Sheikh, Santa Caterina<\/li>\n<li><strong>Disponibilit\u00e0<\/strong>: Su richiesta<\/li>\n<li><strong>Prelevamento e Rilascio<\/strong>: Aeroporto Internazionale del Cairo (CAI)<\/li>\n<li><strong>Tipo di Tour<\/strong>: Privato (o di gruppo, su richiesta)<\/li>\n<\/ul>\n<h3><span style=\"color: #ff6600;\">Punti Salienti del Tour<\/span><\/h3>\n<ul>\n<li>Antiche Chiese Copte nel Vecchio Cairo<\/li>\n<li>La Chiesa Sospesa<\/li>\n<li>Chiesa di San Sergio (Abu Serga)<\/li>\n<li>Chiese Storiche di Alessandria<\/li>\n<li>Monastero di Santa Caterina<\/li>\n<li>Salita all&#8217;alba sul Monte Sinai<\/li>\n<li>Piramidi di Giza e Sfinge<\/li>\n<\/ul>\n<h3><span style=\"color: #ff6600;\">Cosa Mettere in Valigia<\/span><\/h3>\n<ul>\n<li>Cappello e Sciarpa: Essenziali per la protezione solare e le visite rispettose ai siti religiosi.<\/li>\n<li>Crema Solare e Occhiali da Sole: Proteggiti dal sole egiziano.<\/li>\n<li>Scarpe e Vestiti Comodi: Ideali per lunghe passeggiate ed esplorare terreni diversi.<\/li>\n<\/ul>\n<h3><span style=\"color: #ff6600;\">Giorno 1: Arrivo al Cairo ed Esplorazione dell&#8217;Antico Cairo Copto<\/span><\/h3>\n<p>Benvenuti in <strong>Egitto<\/strong>! All&#8217;arrivo all&#8217;<strong>Aeroporto del Cairo (CAI)<\/strong>, il nostro amichevole rappresentante ti accoglier\u00e0, ti assister\u00e0 con le formalit\u00e0 di immigrazione e dogana, e ti trasferir\u00e0 con un veicolo di lusso alle tue attrazioni del Cairo. Il tuo <strong>pellegrinaggio cristiano<\/strong> inizia con una visita alla <strong>Chiesa di Santa Maria a El Zeitoun<\/strong>, una meraviglia architettonica moderna costruita nel 1924, rinomata come il sito dell&#8217;<strong>apparizione della Vergine Maria in Egitto<\/strong>.<\/p>\n<p>Successivamente, immergiti nel <strong>Cairo Copto<\/strong>, l&#8217;antico cuore della fede cristiana in Egitto. Esplora l&#8217;iconica <strong>Chiesa Sospesa (El Muallaqa)<\/strong>, una basilica sospesa e una delle chiese copte pi\u00f9 famose del Cairo. Continua verso la <strong>Chiesa di San Sergio (Abu Serga)<\/strong>, un sito storicamente significativo dove si crede che la <strong>Sacra Famiglia<\/strong> abbia riposato durante la loro fuga in Egitto. Dopo una giornata di profonda esplorazione spirituale, goditi un delizioso pranzo in un ristorante locale prima di dirigerti al tuo hotel per il check-in e il pernottamento.<\/p>\n<p><strong>Pasti<\/strong>: Pranzo, Cena<\/p>\n<h3><span style=\"color: #ff6600;\">Giorno 2: Patrimonio Cristiano di Alessandria e Ritorno al Cairo<\/span><\/h3>\n<p>Inizia la giornata con la colazione nel tuo hotel al Cairo prima di intraprendere un viaggio panoramico verso Alessandria, la &#8220;Perla del Mediterraneo&#8221;. Esplora il ricco patrimonio cristiano della citt\u00e0 con visite a chiese significative, tra cui la <strong>Chiesa Copta di San Marco (Morqosia)<\/strong>, una pietra angolare del cristianesimo copto; la <strong>Chiesa Ortodossa Greca Evangelismos<\/strong>; e la <strong>Chiesa di Santa Caterina<\/strong>.<\/p>\n<p>Inoltre, vedrai la grande <strong>Cattedrale Ortodossa Greca di San Saba<\/strong> e la storica <strong>Sinagoga Eliyahu Hanavi Hanavi<\/strong>, che mostrano il variegato passato religioso di Alessandria. Goditi il pranzo in un ristorante locale in riva al mare, quindi torna al tuo hotel al Cairo.<\/p>\n<p><strong>Pasti<\/strong>: Colazione, Pranzo, Cena<\/p>\n<h3><span style=\"color: #ff6600;\">Giorno 3: Dal Cairo a Sharm El Sheikh &#8211; Porta del Mar Rosso<\/span><\/h3>\n<p>Goditi la colazione nel tuo hotel al Cairo. Successivamente, sarai trasferito all&#8217;Aeroporto del Cairo per il tuo volo nazionale per <strong>Sharm El Sheikh<\/strong>, la vivace citt\u00e0 resort sul Mar Rosso. All&#8217;arrivo all&#8217;Aeroporto di Sharm El Sheikh, il nostro rappresentante ti incontrer\u00e0 e ti trasferir\u00e0 direttamente al tuo hotel per il check-in. Il resto della giornata \u00e8 a tua disposizione per rilassarti e goderti i servizi del resort, preparandoti per il tuo mistico viaggio di mezzanotte.<\/p>\n<p><strong>Pasti<\/strong>: Colazione, Pranzo, Cena<\/p>\n<h3><span style=\"color: #ff6600;\">Giorno 4: Alba sul Monte Sinai e Monastero di Santa Caterina | Ritorno al Cairo<\/span><\/h3>\n<p>La tua avventura spirituale culmina con un&#8217;indimenticabile escursione notturna. Verso le 23:00, sarai prelevato dal tuo hotel a Sharm El Sheikh per un viaggio di 3 ore verso l&#8217;area di Santa Caterina e le pendici del Monte Sinai.<\/p>\n<p>Inizia la tua <strong>salita al Monte Sinai<\/strong> verso le 3:00, una scalata impegnativa ma gratificante di 3 ore (parzialmente possibile in cammello) per raggiungere la vetta sacra. Assisti a un&#8217;<strong>alba mozzafiato sulla Terra Santa<\/strong>, un momento spirituale davvero indimenticabile.<\/p>\n<p>Dopo la discesa, visita lo storico <strong>Monastero di Santa Caterina<\/strong>, sede del leggendario <strong>Roveto Ardente<\/strong>, della <strong>Chiesa della Trasfigurazione<\/strong>, del <strong>Pozzo di Mos\u00e8<\/strong> e di una notevole collezione di antiche icone e manoscritti. Dopo la tua profonda visita, goditi una meritata colazione in un ristorante vicino.<\/p>\n<p>Quindi, inizia il tuo viaggio panoramico di ritorno a Sharm El Sheikh, con una sosta per un delizioso pranzo. Infine, trasferimento all&#8217;Aeroporto di Sharm El Sheikh per il tuo volo serale di ritorno al Cairo, dove sarai trasferito al tuo hotel per il pernottamento.<\/p>\n<p><strong>Pasti<\/strong>: Colazione, Pranzo, Cena<\/p>\n<h3><span style=\"color: #ff6600;\">Giorno 5: Esplorazione delle Piramidi di Giza e della Sfinge<\/span><\/h3>\n<p>Dopo colazione nel tuo hotel al Cairo, preparati per un viaggio iconico verso le pi\u00f9 famose meraviglie antiche dell&#8217;Egitto. Esplora le magnifiche <strong>Piramidi di Giza<\/strong>, inclusa la <strong>Grande Piramide di Giza<\/strong>, una testimonianza dell&#8217;ingegneria antica.<\/p>\n<p>Ammira con stupore l&#8217;enigmatica <strong>Grande Sfinge<\/strong>, che custodisce il complesso monumentale. Concludi la tua visita con il <strong>Tempio della Valle<\/strong>, parte degli antichi rituali di sepoltura. Goditi un delizioso pranzo in un ristorante locale, assaporando l&#8217;autentica cucina egiziana prima di tornare al tuo hotel.<\/p>\n<p><strong>Pasti<\/strong>: Colazione, Pranzo, Cena<\/p>\n<h3><span style=\"color: #ff6600;\">Giorno 6: Partenza Finale dal Cairo<\/span><\/h3>\n<p>Goditi la colazione nel tuo hotel, quindi effettua il check-out e sarai trasferito direttamente all&#8217;<strong>Aeroporto Internazionale del Cairo (CAI)<\/strong> per il tuo volo di partenza finale verso casa, portando con te ricordi preziosi del tuo <strong>pellegrinaggio cristiano in Egitto<\/strong>.<\/p>\n<p><strong>Pasti<\/strong>: Colazione<\/p>\n<p><strong>Prezzo del Pacchetto Pellegrinaggio Cristiano in Egitto di 6 Giorni<\/strong><\/p>\n<ul>\n<li>Prezzo Adulto: 1300 \u20ac<\/li>\n<li>Bambini 0-5 anni: Gratuito<\/li>\n<li>Bambini 5-11 anni: 50% del prezzo per adulto<\/li>\n<\/ul>\n<h3><span style=\"color: #ff6600;\">Prenotazione\u00a0<\/span><\/h3>\n<p>Prenotare il tuo <strong>Pellegrinaggio Cristiano in Egitto<\/strong> \u00e8 facile! Puoi prenotare il tuo tour tramite <strong>WhatsApp<\/strong> o inviandoci un&#8217;<strong>e-mail<\/strong>, e riceverai una conferma immediata.<\/p>\n<p>Ti preghiamo di fornirci il nome del tuo hotel, il numero della camera e le copie del passaporto per accordi senza problemi.<\/p>\n<p><strong>Numero WhatsApp<\/strong>: +201000852186<\/p>\n<p><strong>Email<\/strong>: info@egytourpackages.com<\/p>\n<h3><span style=\"color: #ff6600;\">Prenota Ora e Paga in Loco<\/span><\/h3>\n<p>Assicurati subito il tuo tour di pellegrinaggio in Egitto preferito e paga comodamente il giorno del tuo viaggio.<\/p>\n<h3><span style=\"color: #ff6600;\">Opzioni di Pagamento<\/span><\/h3>\n<p>Puoi pagare in <strong>Lire Egiziane (EGP)<\/strong>, <strong>Dollari USA ($)<\/strong>, <strong>Euro (\u20ac)<\/strong> o <strong>Sterline Britanniche (\u00a3)<\/strong>.<\/p>\n<h3><span style=\"color: #ff6600;\">Politica di Cancellazione Flessibile<\/span><\/h3>\n<p>Goditi la tranquillit\u00e0 con i nostri termini di cancellazione flessibili:<\/p>\n<ul>\n<li>Cancellazione gratuita fino a due settimane di anticipo.<\/li>\n<li>Si applica un addebito del 50% per le cancellazioni effettuate una settimana prima della data del tour.<\/li>\n<\/ul>\n","protected":false},"excerpt":{"rendered":"<p>Pacchetto Pellegrinaggio Cristiano Egitto 6 giorni: Esplora la storia sacra e i siti biblici. Prenota ora e scopri l&#8217;Egitto spirituale!<\/p>\n","protected":false},"featured_media":3229,"comment_status":"open","ping_status":"closed","template":"","meta":[],"product_brand":[],"product_cat":[1910],"product_tag":[1991,1979,2653,1965],"class_list":{"0":"post-4866","1":"product","2":"type-product","3":"status-publish","4":"has-post-thumbnail","6":"product_cat-tour","7":"product_tag-pacchetti-vacanza-egitto-it","8":"product_tag-pacchetti-vacanza-egitto","9":"product_tag-pellegrinaggio-cristiano-in-egitto","10":"product_tag-tour-spirituali-in-egitto","11":"tour_category-pacchetti-tour-egitto-6-giorni","12":"tour_category-pacchetti-viaggio-egitto","13":"tour_category-tour-spirituali-egitto","15":"first","16":"instock","17":"sale","18":"shipping-taxable","19":"purchasable","20":"product-type-tour","21":"has-default-attributes"},"yoast_head":"<!-- This site is optimized with the Yoast SEO Premium plugin v27.4 (Yoast SEO v27.4) - https:\/\/yoast.com\/product\/yoast-seo-premium-wordpress\/ -->\n<title>Pacchetto Pellegrinaggio Cristiano in Egitto di 6 Giorni<\/title>\n<meta name=\"description\" content=\"Pacchetto Pellegrinaggio Cristiano Egitto 6 giorni: Esplora la storia sacra e i siti biblici. Prenota ora e scopri l&#039;Egitto spirituale!\" \/>\n<meta name=\"robots\" content=\"index, follow, max-snippet:-1, max-image-preview:large, max-video-preview:-1\" \/>\n<link rel=\"canonical\" href=\"https:\/\/egytourpackages.com\/it\/tour\/pacchetto-pellegrinaggio-cristiano-in-egitto-di-6-giorni\/\" \/>\n<meta property=\"og:locale\" content=\"it_IT\" \/>\n<meta property=\"og:type\" content=\"article\" \/>\n<meta property=\"og:title\" content=\"Pacchetto Pellegrinaggio Cristiano in Egitto di 6 Giorni\" \/>\n<meta property=\"og:description\" content=\"Pacchetto Pellegrinaggio Cristiano Egitto 6 giorni: Esplora la storia sacra e i siti biblici. Prenota ora e scopri l&#039;Egitto spirituale!\" \/>\n<meta property=\"og:url\" content=\"https:\/\/egytourpackages.com\/it\/tour\/pacchetto-pellegrinaggio-cristiano-in-egitto-di-6-giorni\/\" \/>\n<meta property=\"og:site_name\" content=\"Pacchetti tour in Egitto\" \/>\n<meta property=\"article:publisher\" content=\"https:\/\/www.facebook.com\/egytourpackages\" \/>\n<meta property=\"article:modified_time\" content=\"2026-01-12T23:14:43+00:00\" \/>\n<meta property=\"og:image\" content=\"https:\/\/egytourpackages.com\/wp-content\/uploads\/2024\/06\/The-Coptic-church-Morqosia-Alexandria-1024x701.png\" \/>\n<meta name=\"twitter:card\" content=\"summary_large_image\" \/>\n<meta name=\"twitter:title\" content=\"Pacchetto Pellegrinaggio Cristiano in Egitto di 6 Giorni\" \/>\n<meta name=\"twitter:label1\" content=\"Prezzo\" \/>\n\t<meta name=\"twitter:data1\" content=\"&euro;1,300\" \/>\n\t<meta name=\"twitter:label2\" content=\"Disponibilit\u00e0\" \/>\n\t<meta name=\"twitter:data2\" content=\"In stock\" \/>\n<script type=\"application\/ld+json\" class=\"yoast-schema-graph\">{\"@context\":\"https:\\\/\\\/schema.org\",\"@graph\":[{\"@type\":\"WebPage\",\"@id\":\"https:\\\/\\\/egytourpackages.com\\\/it\\\/tour\\\/pacchetto-pellegrinaggio-cristiano-in-egitto-di-6-giorni\\\/\",\"url\":\"https:\\\/\\\/egytourpackages.com\\\/it\\\/tour\\\/pacchetto-pellegrinaggio-cristiano-in-egitto-di-6-giorni\\\/\",\"name\":\"Pacchetto Pellegrinaggio Cristiano in Egitto di 6 Giorni\",\"isPartOf\":{\"@id\":\"https:\\\/\\\/egytourpackages.com\\\/it\\\/#website\"},\"primaryImageOfPage\":{\"@id\":\"https:\\\/\\\/egytourpackages.com\\\/it\\\/tour\\\/pacchetto-pellegrinaggio-cristiano-in-egitto-di-6-giorni\\\/#primaryimage\"},\"image\":{\"@id\":\"https:\\\/\\\/egytourpackages.com\\\/it\\\/tour\\\/pacchetto-pellegrinaggio-cristiano-in-egitto-di-6-giorni\\\/#primaryimage\"},\"thumbnailUrl\":\"https:\\\/\\\/egytourpackages.com\\\/wp-content\\\/uploads\\\/2024\\\/06\\\/The-Coptic-church-Morqosia-Alexandria.png\",\"datePublished\":\"2024-06-17T17:46:16+00:00\",\"dateModified\":\"2026-01-12T23:14:43+00:00\",\"description\":\"Pacchetto Pellegrinaggio Cristiano Egitto 6 giorni: Esplora la storia sacra e i siti biblici. Prenota ora e scopri l'Egitto spirituale!\",\"breadcrumb\":{\"@id\":\"https:\\\/\\\/egytourpackages.com\\\/it\\\/tour\\\/pacchetto-pellegrinaggio-cristiano-in-egitto-di-6-giorni\\\/#breadcrumb\"},\"inLanguage\":\"it-IT\",\"potentialAction\":[{\"@type\":\"ReadAction\",\"target\":[\"https:\\\/\\\/egytourpackages.com\\\/it\\\/tour\\\/pacchetto-pellegrinaggio-cristiano-in-egitto-di-6-giorni\\\/\"]}]},{\"@type\":\"ImageObject\",\"inLanguage\":\"it-IT\",\"@id\":\"https:\\\/\\\/egytourpackages.com\\\/it\\\/tour\\\/pacchetto-pellegrinaggio-cristiano-in-egitto-di-6-giorni\\\/#primaryimage\",\"url\":\"https:\\\/\\\/egytourpackages.com\\\/wp-content\\\/uploads\\\/2024\\\/06\\\/The-Coptic-church-Morqosia-Alexandria.png\",\"contentUrl\":\"https:\\\/\\\/egytourpackages.com\\\/wp-content\\\/uploads\\\/2024\\\/06\\\/The-Coptic-church-Morqosia-Alexandria.png\",\"width\":1150,\"height\":787,\"caption\":\"Chiesa Copta di San Marco (Morqosia), Alexandria\"},{\"@type\":\"BreadcrumbList\",\"@id\":\"https:\\\/\\\/egytourpackages.com\\\/it\\\/tour\\\/pacchetto-pellegrinaggio-cristiano-in-egitto-di-6-giorni\\\/#breadcrumb\",\"itemListElement\":[{\"@type\":\"ListItem\",\"position\":1,\"name\":\"Home\",\"item\":\"https:\\\/\\\/egytourpackages.com\\\/it\\\/\"},{\"@type\":\"ListItem\",\"position\":2,\"name\":\"Negozio\",\"item\":\"https:\\\/\\\/egytourpackages.com\\\/it\\\/negozio\\\/\"},{\"@type\":\"ListItem\",\"position\":3,\"name\":\"Pacchetto Pellegrinaggio Cristiano in Egitto di 6 Giorni\"}]},{\"@type\":\"WebSite\",\"@id\":\"https:\\\/\\\/egytourpackages.com\\\/it\\\/#website\",\"url\":\"https:\\\/\\\/egytourpackages.com\\\/it\\\/\",\"name\":\"Egy tour packages\",\"description\":\"\",\"publisher\":{\"@id\":\"https:\\\/\\\/egytourpackages.com\\\/it\\\/#organization\"},\"potentialAction\":[{\"@type\":\"SearchAction\",\"target\":{\"@type\":\"EntryPoint\",\"urlTemplate\":\"https:\\\/\\\/egytourpackages.com\\\/it\\\/?s={search_term_string}\"},\"query-input\":{\"@type\":\"PropertyValueSpecification\",\"valueRequired\":true,\"valueName\":\"search_term_string\"}}],\"inLanguage\":\"it-IT\"},{\"@type\":[\"Organization\",\"Place\",\"TravelAgency\"],\"@id\":\"https:\\\/\\\/egytourpackages.com\\\/it\\\/#organization\",\"name\":\"egypt tour packages\",\"alternateName\":\"egypt tour packages\",\"url\":\"https:\\\/\\\/egytourpackages.com\\\/it\\\/\",\"logo\":{\"@id\":\"https:\\\/\\\/egytourpackages.com\\\/it\\\/tour\\\/pacchetto-pellegrinaggio-cristiano-in-egitto-di-6-giorni\\\/#local-main-organization-logo\"},\"image\":{\"@id\":\"https:\\\/\\\/egytourpackages.com\\\/it\\\/tour\\\/pacchetto-pellegrinaggio-cristiano-in-egitto-di-6-giorni\\\/#local-main-organization-logo\"},\"sameAs\":[\"https:\\\/\\\/www.facebook.com\\\/egytourpackages\"],\"legalName\":\"Egy tour packages\",\"address\":{\"@id\":\"https:\\\/\\\/egytourpackages.com\\\/it\\\/tour\\\/pacchetto-pellegrinaggio-cristiano-in-egitto-di-6-giorni\\\/#local-main-place-address\"},\"telephone\":[\"00201000852186\",\"00201028685533\"],\"contactPoint\":{\"@type\":\"ContactPoint\",\"telephone\":\"00201000852186\"},\"openingHoursSpecification\":[{\"@type\":\"OpeningHoursSpecification\",\"dayOfWeek\":[\"Monday\",\"Tuesday\",\"Wednesday\",\"Thursday\",\"Friday\",\"Saturday\",\"Sunday\"],\"opens\":\"00:00\",\"closes\":\"23:59\"}],\"email\":\"info@egytourpackages.com\",\"areaServed\":\"Cairo, Hurghada, Luxor, Sharm El Sheikh, Marsa Alam, Aswan\",\"priceRange\":\"$\",\"currenciesAccepted\":\"euro\",\"paymentAccepted\":\"Payment links online\"},{\"@type\":\"PostalAddress\",\"@id\":\"https:\\\/\\\/egytourpackages.com\\\/it\\\/tour\\\/pacchetto-pellegrinaggio-cristiano-in-egitto-di-6-giorni\\\/#local-main-place-address\",\"streetAddress\":\"Mubarak 8, Al Kawthar District, Hurghada\",\"addressLocality\":\"Hurghada\",\"postalCode\":\"84511\",\"addressRegion\":\"Red Sea\",\"addressCountry\":\"EG\"},{\"@type\":\"ImageObject\",\"inLanguage\":\"it-IT\",\"@id\":\"https:\\\/\\\/egytourpackages.com\\\/it\\\/tour\\\/pacchetto-pellegrinaggio-cristiano-in-egitto-di-6-giorni\\\/#local-main-organization-logo\",\"url\":\"https:\\\/\\\/egytourpackages.com\\\/wp-content\\\/uploads\\\/2025\\\/12\\\/Turquoise-Dahabiya-Nile-Cruise-1.jpeg\",\"contentUrl\":\"https:\\\/\\\/egytourpackages.com\\\/wp-content\\\/uploads\\\/2025\\\/12\\\/Turquoise-Dahabiya-Nile-Cruise-1.jpeg\",\"width\":1040,\"height\":694,\"caption\":\"egypt tour packages\"}]}<\/script>\n<meta property=\"product:brand\" content=\"Pacchetti Tour Egitto 6 Giorni\" \/>\n<meta property=\"product:price:amount\" content=\"1300\" \/>\n<meta property=\"product:price:currency\" content=\"EUR\" \/>\n<meta property=\"og:availability\" content=\"instock\" \/>\n<meta property=\"product:availability\" content=\"instock\" \/>\n<meta property=\"product:retailer_item_id\" content=\"EST07\" \/>\n<meta property=\"product:condition\" content=\"new\" \/>\n<meta name=\"geo.placename\" content=\"Hurghada\" \/>\n<meta name=\"geo.region\" content=\"Egitto\" \/>\n<!-- \/ Yoast SEO Premium plugin. -->","yoast_head_json":{"title":"Pacchetto Pellegrinaggio Cristiano in Egitto di 6 Giorni","description":"Pacchetto Pellegrinaggio Cristiano Egitto 6 giorni: Esplora la storia sacra e i siti biblici. Prenota ora e scopri l'Egitto spirituale!","robots":{"index":"index","follow":"follow","max-snippet":"max-snippet:-1","max-image-preview":"max-image-preview:large","max-video-preview":"max-video-preview:-1"},"canonical":"https:\/\/egytourpackages.com\/it\/tour\/pacchetto-pellegrinaggio-cristiano-in-egitto-di-6-giorni\/","og_locale":"it_IT","og_type":"article","og_title":"Pacchetto Pellegrinaggio Cristiano in Egitto di 6 Giorni","og_description":"Pacchetto Pellegrinaggio Cristiano Egitto 6 giorni: Esplora la storia sacra e i siti biblici. Prenota ora e scopri l'Egitto spirituale!","og_url":"https:\/\/egytourpackages.com\/it\/tour\/pacchetto-pellegrinaggio-cristiano-in-egitto-di-6-giorni\/","og_site_name":"Pacchetti tour in Egitto","article_publisher":"https:\/\/www.facebook.com\/egytourpackages","article_modified_time":"2026-01-12T23:14:43+00:00","og_image":[{"url":"https:\/\/egytourpackages.com\/wp-content\/uploads\/2024\/06\/The-Coptic-church-Morqosia-Alexandria-1024x701.png","type":"","width":"","height":""}],"twitter_card":"summary_large_image","twitter_title":"Pacchetto Pellegrinaggio Cristiano in Egitto di 6 Giorni","twitter_misc":{"Prezzo":"&euro;1,300","Disponibilit\u00e0":"In stock"},"schema":{"@context":"https:\/\/schema.org","@graph":[{"@type":"WebPage","@id":"https:\/\/egytourpackages.com\/it\/tour\/pacchetto-pellegrinaggio-cristiano-in-egitto-di-6-giorni\/","url":"https:\/\/egytourpackages.com\/it\/tour\/pacchetto-pellegrinaggio-cristiano-in-egitto-di-6-giorni\/","name":"Pacchetto Pellegrinaggio Cristiano in Egitto di 6 Giorni","isPartOf":{"@id":"https:\/\/egytourpackages.com\/it\/#website"},"primaryImageOfPage":{"@id":"https:\/\/egytourpackages.com\/it\/tour\/pacchetto-pellegrinaggio-cristiano-in-egitto-di-6-giorni\/#primaryimage"},"image":{"@id":"https:\/\/egytourpackages.com\/it\/tour\/pacchetto-pellegrinaggio-cristiano-in-egitto-di-6-giorni\/#primaryimage"},"thumbnailUrl":"https:\/\/egytourpackages.com\/wp-content\/uploads\/2024\/06\/The-Coptic-church-Morqosia-Alexandria.png","datePublished":"2024-06-17T17:46:16+00:00","dateModified":"2026-01-12T23:14:43+00:00","description":"Pacchetto Pellegrinaggio Cristiano Egitto 6 giorni: Esplora la storia sacra e i siti biblici. Prenota ora e scopri l'Egitto spirituale!","breadcrumb":{"@id":"https:\/\/egytourpackages.com\/it\/tour\/pacchetto-pellegrinaggio-cristiano-in-egitto-di-6-giorni\/#breadcrumb"},"inLanguage":"it-IT","potentialAction":[{"@type":"ReadAction","target":["https:\/\/egytourpackages.com\/it\/tour\/pacchetto-pellegrinaggio-cristiano-in-egitto-di-6-giorni\/"]}]},{"@type":"ImageObject","inLanguage":"it-IT","@id":"https:\/\/egytourpackages.com\/it\/tour\/pacchetto-pellegrinaggio-cristiano-in-egitto-di-6-giorni\/#primaryimage","url":"https:\/\/egytourpackages.com\/wp-content\/uploads\/2024\/06\/The-Coptic-church-Morqosia-Alexandria.png","contentUrl":"https:\/\/egytourpackages.com\/wp-content\/uploads\/2024\/06\/The-Coptic-church-Morqosia-Alexandria.png","width":1150,"height":787,"caption":"Chiesa Copta di San Marco (Morqosia), Alexandria"},{"@type":"BreadcrumbList","@id":"https:\/\/egytourpackages.com\/it\/tour\/pacchetto-pellegrinaggio-cristiano-in-egitto-di-6-giorni\/#breadcrumb","itemListElement":[{"@type":"ListItem","position":1,"name":"Home","item":"https:\/\/egytourpackages.com\/it\/"},{"@type":"ListItem","position":2,"name":"Negozio","item":"https:\/\/egytourpackages.com\/it\/negozio\/"},{"@type":"ListItem","position":3,"name":"Pacchetto Pellegrinaggio Cristiano in Egitto di 6 Giorni"}]},{"@type":"WebSite","@id":"https:\/\/egytourpackages.com\/it\/#website","url":"https:\/\/egytourpackages.com\/it\/","name":"Egy tour packages","description":"","publisher":{"@id":"https:\/\/egytourpackages.com\/it\/#organization"},"potentialAction":[{"@type":"SearchAction","target":{"@type":"EntryPoint","urlTemplate":"https:\/\/egytourpackages.com\/it\/?s={search_term_string}"},"query-input":{"@type":"PropertyValueSpecification","valueRequired":true,"valueName":"search_term_string"}}],"inLanguage":"it-IT"},{"@type":["Organization","Place","TravelAgency"],"@id":"https:\/\/egytourpackages.com\/it\/#organization","name":"egypt tour packages","alternateName":"egypt tour packages","url":"https:\/\/egytourpackages.com\/it\/","logo":{"@id":"https:\/\/egytourpackages.com\/it\/tour\/pacchetto-pellegrinaggio-cristiano-in-egitto-di-6-giorni\/#local-main-organization-logo"},"image":{"@id":"https:\/\/egytourpackages.com\/it\/tour\/pacchetto-pellegrinaggio-cristiano-in-egitto-di-6-giorni\/#local-main-organization-logo"},"sameAs":["https:\/\/www.facebook.com\/egytourpackages"],"legalName":"Egy tour packages","address":{"@id":"https:\/\/egytourpackages.com\/it\/tour\/pacchetto-pellegrinaggio-cristiano-in-egitto-di-6-giorni\/#local-main-place-address"},"telephone":["00201000852186","00201028685533"],"contactPoint":{"@type":"ContactPoint","telephone":"00201000852186"},"openingHoursSpecification":[{"@type":"OpeningHoursSpecification","dayOfWeek":["Monday","Tuesday","Wednesday","Thursday","Friday","Saturday","Sunday"],"opens":"00:00","closes":"23:59"}],"email":"info@egytourpackages.com","areaServed":"Cairo, Hurghada, Luxor, Sharm El Sheikh, Marsa Alam, Aswan","priceRange":"$","currenciesAccepted":"euro","paymentAccepted":"Payment links online"},{"@type":"PostalAddress","@id":"https:\/\/egytourpackages.com\/it\/tour\/pacchetto-pellegrinaggio-cristiano-in-egitto-di-6-giorni\/#local-main-place-address","streetAddress":"Mubarak 8, Al Kawthar District, Hurghada","addressLocality":"Hurghada","postalCode":"84511","addressRegion":"Red Sea","addressCountry":"EG"},{"@type":"ImageObject","inLanguage":"it-IT","@id":"https:\/\/egytourpackages.com\/it\/tour\/pacchetto-pellegrinaggio-cristiano-in-egitto-di-6-giorni\/#local-main-organization-logo","url":"https:\/\/egytourpackages.com\/wp-content\/uploads\/2025\/12\/Turquoise-Dahabiya-Nile-Cruise-1.jpeg","contentUrl":"https:\/\/egytourpackages.com\/wp-content\/uploads\/2025\/12\/Turquoise-Dahabiya-Nile-Cruise-1.jpeg","width":1040,"height":694,"caption":"egypt tour packages"}]},"product_brand":"Pacchetti Tour Egitto 6 Giorni","product_price_amount":"1300","product_price_currency":"EUR","og_availability":"instock","product_availability":"instock","product_retailer_item_id":"EST07","product_condition":"new","geo.placename":"Hurghada","geo.region":"Egitto"},"_links":{"self":[{"href":"https:\/\/egytourpackages.com\/it\/wp-json\/wp\/v2\/product\/4866","targetHints":{"allow":["GET"]}}],"collection":[{"href":"https:\/\/egytourpackages.com\/it\/wp-json\/wp\/v2\/product"}],"about":[{"href":"https:\/\/egytourpackages.com\/it\/wp-json\/wp\/v2\/types\/product"}],"replies":[{"embeddable":true,"href":"https:\/\/egytourpackages.com\/it\/wp-json\/wp\/v2\/comments?post=4866"}],"wp:featuredmedia":[{"embeddable":true,"href":"https:\/\/egytourpackages.com\/it\/wp-json\/wp\/v2\/media\/3229"}],"wp:attachment":[{"href":"https:\/\/egytourpackages.com\/it\/wp-json\/wp\/v2\/media?parent=4866"}],"wp:term":[{"taxonomy":"product_brand","embeddable":true,"href":"https:\/\/egytourpackages.com\/it\/wp-json\/wp\/v2\/product_brand?post=4866"},{"taxonomy":"product_cat","embeddable":true,"href":"https:\/\/egytourpackages.com\/it\/wp-json\/wp\/v2\/product_cat?post=4866"},{"taxonomy":"product_tag","embeddable":true,"href":"https:\/\/egytourpackages.com\/it\/wp-json\/wp\/v2\/product_tag?post=4866"}],"curies":[{"name":"wp","href":"https:\/\/api.w.org\/{rel}","templated":true}]}}