{"id":4922,"date":"2025-07-06T05:29:09","date_gmt":"2025-07-06T05:29:09","guid":{"rendered":"https:\/\/egytourpackages.com\/product\/escursione-snorkeling-orange-bay-hurghada\/"},"modified":"2026-01-29T00:00:22","modified_gmt":"2026-01-29T00:00:22","slug":"escursione-snorkeling-orange-bay-hurghada","status":"publish","type":"product","link":"https:\/\/egytourpackages.com\/it\/tour\/escursione-snorkeling-orange-bay-hurghada\/","title":{"rendered":"Escursione Snorkeling Orange Bay Hurghada"},"content":{"rendered":"<p><strong><span style=\"color: #ff6600;\">Escursione Snorkeling Orange Bay Hurghada<\/span><\/strong><\/p>\n<h2><span style=\"color: #ff6600;\">Panoramica<\/span><\/h2>\n<p>Preparati per l&#8217;<strong>Escursione Snorkeling Orange Bay Hurghada<\/strong>, un&#8217;esperienza davvero unica e imperdibile a Hurghada! Questo <strong>viaggio in barca da Hurghada<\/strong> al <strong>Parco Nazionale delle Isole Giftun<\/strong> \u00e8 un&#8217;<strong>escursione a Hurghada<\/strong> ideale per tutti. Dalle <strong>famiglie con bambini<\/strong> e <strong>coppie romantiche<\/strong> in cerca di un&#8217;<strong>avventura romantica<\/strong> a <strong>viaggiatori singoli<\/strong> e <strong>anziani con mobilit\u00e0 ridotta<\/strong> che cercano <strong>vacanze per single over 50<\/strong>.<\/p>\n<p>Se stai cercando le <strong>migliori vacanze al mare per famiglie economiche<\/strong> o un&#8217;incantevole <strong>destinazione caraibica per famiglie<\/strong>, non cercare oltre questa &#8220;Maldive d&#8217;Egitto&#8221; o <strong>paradiso del Mar Rosso<\/strong>.<\/p>\n<p><strong>Orange Bay Hurghada<\/strong>, parte del <strong>Parco Nazionale delle Isole Giftun<\/strong>, vanta sabbie bianche e soffici e affascinanti <strong>acque turchesi<\/strong>. Infatti, un <strong>giro in barca da Hurghada<\/strong> a Orange Bay offre uno <strong>snorkeling a Hurghada<\/strong> impareggiabile, rivelando abbondanti <strong>barriere coralline<\/strong> e una diversificata <strong>vita marina<\/strong>. \u00c8 perfetta per una <strong>gita di un giorno per famiglie<\/strong>, che combina relax sulla bellissima <strong>spiaggia di Orange Bay<\/strong> con emozionanti <strong>sport acquatici<\/strong> e deliziosi pranzi a bordo.<\/p>\n<h3><span style=\"color: #ff6600;\">Dettagli<\/span><\/h3>\n<ul>\n<li>Durata: 7 ore<\/li>\n<li>Luogo del Tour: Hurghada \u2013 Mar Rosso<\/li>\n<li>Disponibilit\u00e0: Giornaliera<\/li>\n<li>Tipo di Tour: Di gruppo<\/li>\n<li>Pick up e drop off: Il tuo hotel a Hurghada<\/li>\n<li>Sedia a rotelle: Accessibile<\/li>\n<\/ul>\n<h3><span style=\"color: #ff6600;\">Inclusi<\/span><\/h3>\n<ul>\n<li>Trasferimenti di andata e ritorno<\/li>\n<li>Attrezzatura per snorkeling<\/li>\n<li>Guida snorkeling professionale<\/li>\n<li>Tempo sull&#8217;isola di Orange Bay<\/li>\n<li>Due soste per snorkeling<\/li>\n<li>Pranzo a buffet<\/li>\n<li>Bibite analcoliche e acqua minerale<\/li>\n<li>Sport acquatici<\/li>\n<li>Quota d&#8217;ingresso al Parco Nazionale<\/li>\n<\/ul>\n<h3><span style=\"color: #ff6600;\">Esclusioni<\/span><\/h3>\n<ul>\n<li><strong>Trasferimenti da hotel fuori dal centro di Hurghada:<\/strong> Si applica spesso un supplemento per i prelievi da aree come Makadi Bay, Soma Bay, Sahl Hasheesh ed El Gouna ($10 a persona).<\/li>\n<li>Bevande sull&#8217;isola di Orange Bay<\/li>\n<li>Mance\/Gratifiche<\/li>\n<li>Spese personali<\/li>\n<li>Servizi di fotografia\/videografia subacquea<\/li>\n<\/ul>\n<h3><span style=\"color: #ff6600;\">Cosa portare<\/span><\/h3>\n<p>Per assicurarti una giornata confortevole e piacevole, porta con te quanto segue:<\/p>\n<ul>\n<li>Costume da bagno<\/li>\n<li>Asciugamano<\/li>\n<li>Crema solare<\/li>\n<li>Cappello<\/li>\n<li>Occhiali da sole<\/li>\n<li>Scarpe da acqua\/scarpette da scoglio<\/li>\n<li>Fotocamera (impermeabile\/subacquea)<\/li>\n<li>Piccolo zaino o borsa da giorno<\/li>\n<li>Contanti<\/li>\n<li>Passaporto o carta d&#8217;identit\u00e0 (una copia \u00e8 solitamente sufficiente)<\/li>\n<li>Farmaci per il mal di mare<\/li>\n<\/ul>\n<h2><span style=\"color: #ff6600;\">Itinerario Escursione Snorkeling Orange Bay Hurghada<\/span><\/h2>\n<h3><span style=\"color: #ff6600;\">Prelievo mattutino in hotel<\/span><\/h3>\n<p>La tua <strong>avventura di snorkeling a Orange Bay Hurghada<\/strong> inizia con un comodo trasferimento con aria condizionata direttamente dal tuo hotel di Hurghada. Per gli hotel fuori dal centro di Hurghada (come Makadi Bay, Soma Bay, Sahl Hasheesh, El Gouna), potrebbe essere applicato un piccolo supplemento.<\/p>\n<h3><span style=\"color: #ff6600;\">Arrivo in Marina<\/span><\/h3>\n<p>All&#8217;arrivo al porto turistico, sarai accolto calorosamente dall&#8217;equipaggio della barca e salirai a bordo del tuo spazioso yacht. Ora sei libero di rimanere sul ponte prendisole, alla reception o ti verr\u00e0 fornita <strong>attrezzatura da snorkeling di alta qualit\u00e0<\/strong> (maschera, pinne, giubbotto di salvataggio).<\/p>\n<h3><span style=\"color: #ff6600;\">Navigazione verso Orange Bay<\/span><\/h3>\n<p>Una volta raggiunta l&#8217;isola di Orange Bay, inizia a scoprire la <strong>sabbia bianca e soffice<\/strong> incontaminata e le <strong>acque incredibilmente limpide<\/strong> di Orange Bay. Avrai molto tempo libero per il relax e il divertimento. Che tu stia rilassandoti su un pouf, facendo un tuffo rinfrescante nelle lagune poco profonde o semplicemente prendendo il sole. In realt\u00e0, Orange Bay offre meravigliose <strong>attivit\u00e0 per bambini, famiglie e coppie romantiche<\/strong>. \u00c8 una delle <strong>migliori isole di Hurghada per le coppie in luna di miele<\/strong> in cerca di un cambiamento e per uscire dalla routine. Inoltre, una delle cose pi\u00f9 belle e <strong>divertenti da fare all&#8217;aperto con gli amici<\/strong> dagli hotel di Hurghada. Qui hai molte scelte, dal semplice relax sulla spiaggia di sabbia bianca e soffice, al nuoto nelle lagune poco profonde e cristalline o passeggiare lungo la pittoresca costa.<\/p>\n<h3><span style=\"color: #ff6600;\">Prima sosta per snorkeling<\/span><\/h3>\n<p>Dopo circa 90 minuti a Orange Bay, la barca salper\u00e0 verso una delle localit\u00e0 di barriera corallina pi\u00f9 vivaci del Mar Rosso. Guidato da una <strong>guida snorkeling esperta<\/strong>, ti immergerai nel mondo sottomarino, scoprendo pesci colorati, intricate formazioni coralline e affascinante vita marina.<\/p>\n<h3><span style=\"color: #ff6600;\">Delizioso pranzo a buffet a bordo<\/span><\/h3>\n<p>Dopo la prima sessione di snorkeling, torna in barca per un pranzo a buffet preparato al momento. Aspettati una variet\u00e0 di piatti, spesso inclusi pollo alla griglia o kofta, riso, pasta, insalate e frutta fresca. Bibite analcoliche e acqua minerale sono solitamente servite durante tutta la crociera.<\/p>\n<h3><span style=\"color: #ff6600;\">Seconda sosta per snorkeling<\/span><\/h3>\n<p>La barca si sposter\u00e0 in un altro fantastico punto per snorkeling, offrendo la possibilit\u00e0 di esplorare una diversa sezione della barriera corallina e incontrare ancora pi\u00f9 meraviglie marine.<\/p>\n<h3><span style=\"color: #ff6600;\">Divertimento con sport acquatici (Banana Boat\/Sofa Boat)<\/span><\/h3>\n<p>Concludi la giornata con emozionanti attivit\u00e0 acquatiche come un giro in banana boat o sofa boat, trainati da un motoscafo, aggiungendo un brivido extra alla tua giornata.<\/p>\n<h3><span style=\"color: #ff6600;\">Ritorno in Marina e rientro in hotel<\/span><\/h3>\n<p>Infine, la barca torner\u00e0 al porto turistico di Hurghada. Da l\u00ec, sarai trasferito al tuo hotel, concludendo il tuo memorabile <strong>tour di snorkeling a Orange Bay<\/strong>.<\/p>\n<p>Un&#8217;<strong>escursione snorkeling Orange Bay Hurghada<\/strong> offre un&#8217;opportunit\u00e0 impareggiabile per vivere la bellezza naturale del <strong>Mar Rosso<\/strong>.<\/p>\n<h3><span style=\"color: #ff6600;\">Prezzo Escursione Orange Bay Hurghada<\/span><\/h3>\n<ul>\n<li>Prezzo Adulti = 25 \u20ac<\/li>\n<li>Bambini 0-5 anni = gratuito<\/li>\n<li>Bambini 5-11 anni = 50% del prezzo adulto<\/li>\n<\/ul>\n<h3><span style=\"color: #ff6600;\">Prenotazione<\/span><\/h3>\n<p>Puoi prenotare il tuo tour tramite WhatsApp o inviarci un&#8217;e-mail e riceverai la conferma sul posto.<\/p>\n<p>Ti preghiamo di inviarci il nome del tuo hotel, il numero della camera, le copie del passaporto.<\/p>\n<p>WhatsApp: +201000852186<\/p>\n<p>info@egytourpackages.com<\/p>\n<h3><span style=\"color: #ff6600;\">Prenota Ora e Paga sul posto <\/span><\/h3>\n<p>Prenota il tuo tour preferito e paga il giorno della gita.<\/p>\n<h3><span style=\"color: #ff6600;\">Pagamento<\/span><\/h3>\n<p>Puoi pagare in sterline egiziane, $, \u20ac o \u00a3.<\/p>\n<h3><span style=\"color: #ff6600;\">Politica di Cancellazione<\/span><\/h3>\n<ul>\n<li>Cancellazione gratuita fino a 24 ore prima.<\/li>\n<li>Cancellazione la mattina stessa comporta il 50% del prezzo<\/li>\n<\/ul>\n","protected":false},"excerpt":{"rendered":"<p>Escursione Snorkeling Orange Bay Hurghada: Sabbie bianche, acque cristalline e vita marina vivace. Relax e snorkeling indimenticabili ti aspettano!<\/p>\n","protected":false},"featured_media":4918,"comment_status":"closed","ping_status":"closed","template":"","meta":[],"product_brand":[],"product_cat":[1910],"product_tag":[2755,1918,1990,1914],"class_list":{"0":"post-4922","1":"product","2":"type-product","3":"status-publish","4":"has-post-thumbnail","6":"product_cat-tour","7":"product_tag-attivita-a-hurghada","8":"product_tag-escursioni-hurghada","9":"product_tag-pacchetti-vacanza-a-hurghada","10":"product_tag-tour-giornalieri-in-egitto","11":"tour_category-escursioni-di-snorkeling-a-hurghada","12":"tour_category-escursioni-hurghada","13":"tour_category-tour-giornalieri-in-egitto-it","15":"first","16":"instock","17":"sale","18":"shipping-taxable","19":"purchasable","20":"product-type-tour","21":"has-default-attributes"},"yoast_head":"<!-- This site is optimized with the Yoast SEO Premium plugin v27.2 (Yoast SEO v27.2) - https:\/\/yoast.com\/product\/yoast-seo-premium-wordpress\/ -->\n<title>Escursione Snorkeling Orange Bay Hurghada<\/title>\n<meta name=\"description\" content=\"Escursione Snorkeling Orange Bay Hurghada: Sabbie bianche, acque cristalline e vita marina vivace. Relax e snorkeling indimenticabili ti aspettano!\" \/>\n<meta name=\"robots\" content=\"index, follow, max-snippet:-1, max-image-preview:large, max-video-preview:-1\" \/>\n<link rel=\"canonical\" href=\"https:\/\/egytourpackages.com\/it\/tour\/escursione-snorkeling-orange-bay-hurghada\/\" \/>\n<meta property=\"og:locale\" content=\"it_IT\" \/>\n<meta property=\"og:type\" content=\"article\" \/>\n<meta property=\"og:title\" content=\"Escursione Snorkeling Orange Bay Hurghada\" \/>\n<meta property=\"og:description\" content=\"Escursione Snorkeling Orange Bay Hurghada: Sabbie bianche, acque cristalline e vita marina vivace. Relax e snorkeling indimenticabili ti aspettano!\" \/>\n<meta property=\"og:url\" content=\"https:\/\/egytourpackages.com\/it\/tour\/escursione-snorkeling-orange-bay-hurghada\/\" \/>\n<meta property=\"og:site_name\" content=\"Pacchetti tour in Egitto\" \/>\n<meta property=\"article:publisher\" content=\"https:\/\/www.facebook.com\/egytourpackages\" \/>\n<meta property=\"article:modified_time\" content=\"2026-01-29T00:00:22+00:00\" \/>\n<meta property=\"og:image\" content=\"https:\/\/egytourpackages.com\/wp-content\/uploads\/2025\/07\/Orange-Bay-Hurghada-1024x768.jpg\" \/>\n<meta name=\"twitter:card\" content=\"summary_large_image\" \/>\n<meta name=\"twitter:title\" content=\"Escursione Snorkeling Orange Bay Hurghada\" \/>\n<meta name=\"twitter:label1\" content=\"Prezzo\" \/>\n\t<meta name=\"twitter:data1\" content=\"&euro;25\" \/>\n\t<meta name=\"twitter:label2\" content=\"Disponibilit\u00e0\" \/>\n\t<meta name=\"twitter:data2\" content=\"In stock\" \/>\n<script type=\"application\/ld+json\" class=\"yoast-schema-graph\">{\"@context\":\"https:\/\/schema.org\",\"@graph\":[{\"@type\":\"WebPage\",\"@id\":\"https:\/\/egytourpackages.com\/it\/tour\/escursione-snorkeling-orange-bay-hurghada\/\",\"url\":\"https:\/\/egytourpackages.com\/it\/tour\/escursione-snorkeling-orange-bay-hurghada\/\",\"name\":\"Escursione Snorkeling Orange Bay Hurghada\",\"isPartOf\":{\"@id\":\"https:\/\/egytourpackages.com\/it\/#website\"},\"primaryImageOfPage\":{\"@id\":\"https:\/\/egytourpackages.com\/it\/tour\/escursione-snorkeling-orange-bay-hurghada\/#primaryimage\"},\"image\":{\"@id\":\"https:\/\/egytourpackages.com\/it\/tour\/escursione-snorkeling-orange-bay-hurghada\/#primaryimage\"},\"thumbnailUrl\":\"https:\/\/egytourpackages.com\/wp-content\/uploads\/2025\/07\/Orange-Bay-Hurghada.jpg\",\"datePublished\":\"2025-07-06T05:29:09+00:00\",\"dateModified\":\"2026-01-29T00:00:22+00:00\",\"description\":\"Escursione Snorkeling Orange Bay Hurghada: Sabbie bianche, acque cristalline e vita marina vivace. Relax e snorkeling indimenticabili ti aspettano!\",\"breadcrumb\":{\"@id\":\"https:\/\/egytourpackages.com\/it\/tour\/escursione-snorkeling-orange-bay-hurghada\/#breadcrumb\"},\"inLanguage\":\"it-IT\",\"potentialAction\":[{\"@type\":\"ReadAction\",\"target\":[\"https:\/\/egytourpackages.com\/it\/tour\/escursione-snorkeling-orange-bay-hurghada\/\"]}]},{\"@type\":\"ImageObject\",\"inLanguage\":\"it-IT\",\"@id\":\"https:\/\/egytourpackages.com\/it\/tour\/escursione-snorkeling-orange-bay-hurghada\/#primaryimage\",\"url\":\"https:\/\/egytourpackages.com\/wp-content\/uploads\/2025\/07\/Orange-Bay-Hurghada.jpg\",\"contentUrl\":\"https:\/\/egytourpackages.com\/wp-content\/uploads\/2025\/07\/Orange-Bay-Hurghada.jpg\",\"width\":1800,\"height\":1350,\"caption\":\"Orange Bay Hurghada\"},{\"@type\":\"BreadcrumbList\",\"@id\":\"https:\/\/egytourpackages.com\/it\/tour\/escursione-snorkeling-orange-bay-hurghada\/#breadcrumb\",\"itemListElement\":[{\"@type\":\"ListItem\",\"position\":1,\"name\":\"Home\",\"item\":\"https:\/\/egytourpackages.com\/it\/\"},{\"@type\":\"ListItem\",\"position\":2,\"name\":\"Negozio\",\"item\":\"https:\/\/egytourpackages.com\/it\/negozio\/\"},{\"@type\":\"ListItem\",\"position\":3,\"name\":\"Escursione Snorkeling Orange Bay Hurghada\"}]},{\"@type\":\"WebSite\",\"@id\":\"https:\/\/egytourpackages.com\/it\/#website\",\"url\":\"https:\/\/egytourpackages.com\/it\/\",\"name\":\"Egy tour packages\",\"description\":\"\",\"publisher\":{\"@id\":\"https:\/\/egytourpackages.com\/it\/#organization\"},\"potentialAction\":[{\"@type\":\"SearchAction\",\"target\":{\"@type\":\"EntryPoint\",\"urlTemplate\":\"https:\/\/egytourpackages.com\/it\/?s={search_term_string}\"},\"query-input\":{\"@type\":\"PropertyValueSpecification\",\"valueRequired\":true,\"valueName\":\"search_term_string\"}}],\"inLanguage\":\"it-IT\"},{\"@type\":[\"Organization\",\"Place\",\"TravelAgency\"],\"@id\":\"https:\/\/egytourpackages.com\/it\/#organization\",\"name\":\"egypt tour packages\",\"alternateName\":\"egypt tour packages\",\"url\":\"https:\/\/egytourpackages.com\/it\/\",\"logo\":{\"@id\":\"https:\/\/egytourpackages.com\/it\/tour\/escursione-snorkeling-orange-bay-hurghada\/#local-main-organization-logo\"},\"image\":{\"@id\":\"https:\/\/egytourpackages.com\/it\/tour\/escursione-snorkeling-orange-bay-hurghada\/#local-main-organization-logo\"},\"sameAs\":[\"https:\/\/www.facebook.com\/egytourpackages\"],\"legalName\":\"Egy tour packages\",\"address\":{\"@id\":\"https:\/\/egytourpackages.com\/it\/tour\/escursione-snorkeling-orange-bay-hurghada\/#local-main-place-address\"},\"telephone\":[\"00201000852186\",\"00201028685533\"],\"contactPoint\":{\"@type\":\"ContactPoint\",\"telephone\":\"00201000852186\"},\"openingHoursSpecification\":[{\"@type\":\"OpeningHoursSpecification\",\"dayOfWeek\":[\"Monday\",\"Tuesday\",\"Wednesday\",\"Thursday\",\"Friday\",\"Saturday\",\"Sunday\"],\"opens\":\"00:00\",\"closes\":\"23:59\"}],\"email\":\"info@egytourpackages.com\",\"areaServed\":\"Cairo, Hurghada, Luxor, Sharm El Sheikh, Marsa Alam, Aswan\",\"priceRange\":\"$\",\"currenciesAccepted\":\"euro\",\"paymentAccepted\":\"Payment links online\"},{\"@type\":\"PostalAddress\",\"@id\":\"https:\/\/egytourpackages.com\/it\/tour\/escursione-snorkeling-orange-bay-hurghada\/#local-main-place-address\",\"streetAddress\":\"Mubarak 8, Al Kawthar District, Hurghada\",\"addressLocality\":\"Hurghada\",\"postalCode\":\"84511\",\"addressRegion\":\"Red Sea\",\"addressCountry\":\"EG\"},{\"@type\":\"ImageObject\",\"inLanguage\":\"it-IT\",\"@id\":\"https:\/\/egytourpackages.com\/it\/tour\/escursione-snorkeling-orange-bay-hurghada\/#local-main-organization-logo\",\"url\":\"https:\/\/egytourpackages.com\/wp-content\/uploads\/2025\/12\/Turquoise-Dahabiya-Nile-Cruise-1.jpeg\",\"contentUrl\":\"https:\/\/egytourpackages.com\/wp-content\/uploads\/2025\/12\/Turquoise-Dahabiya-Nile-Cruise-1.jpeg\",\"width\":1040,\"height\":694,\"caption\":\"egypt tour packages\"}]}<\/script>\n<meta property=\"product:brand\" content=\"Escursioni di snorkeling a Hurghada\" \/>\n<meta property=\"product:price:amount\" content=\"25\" \/>\n<meta property=\"product:price:currency\" content=\"EUR\" \/>\n<meta property=\"og:availability\" content=\"instock\" \/>\n<meta property=\"product:availability\" content=\"instock\" \/>\n<meta property=\"product:retailer_item_id\" content=\"HDT21\" \/>\n<meta property=\"product:condition\" content=\"new\" \/>\n<meta name=\"geo.placename\" content=\"Hurghada\" \/>\n<meta name=\"geo.region\" content=\"Egitto\" \/>\n<!-- \/ Yoast SEO Premium plugin. -->","yoast_head_json":{"title":"Escursione Snorkeling Orange Bay Hurghada","description":"Escursione Snorkeling Orange Bay Hurghada: Sabbie bianche, acque cristalline e vita marina vivace. Relax e snorkeling indimenticabili ti aspettano!","robots":{"index":"index","follow":"follow","max-snippet":"max-snippet:-1","max-image-preview":"max-image-preview:large","max-video-preview":"max-video-preview:-1"},"canonical":"https:\/\/egytourpackages.com\/it\/tour\/escursione-snorkeling-orange-bay-hurghada\/","og_locale":"it_IT","og_type":"article","og_title":"Escursione Snorkeling Orange Bay Hurghada","og_description":"Escursione Snorkeling Orange Bay Hurghada: Sabbie bianche, acque cristalline e vita marina vivace. Relax e snorkeling indimenticabili ti aspettano!","og_url":"https:\/\/egytourpackages.com\/it\/tour\/escursione-snorkeling-orange-bay-hurghada\/","og_site_name":"Pacchetti tour in Egitto","article_publisher":"https:\/\/www.facebook.com\/egytourpackages","article_modified_time":"2026-01-29T00:00:22+00:00","og_image":[{"url":"https:\/\/egytourpackages.com\/wp-content\/uploads\/2025\/07\/Orange-Bay-Hurghada-1024x768.jpg","type":"","width":"","height":""}],"twitter_card":"summary_large_image","twitter_title":"Escursione Snorkeling Orange Bay Hurghada","twitter_misc":{"Prezzo":"&euro;25","Disponibilit\u00e0":"In stock"},"schema":{"@context":"https:\/\/schema.org","@graph":[{"@type":"WebPage","@id":"https:\/\/egytourpackages.com\/it\/tour\/escursione-snorkeling-orange-bay-hurghada\/","url":"https:\/\/egytourpackages.com\/it\/tour\/escursione-snorkeling-orange-bay-hurghada\/","name":"Escursione Snorkeling Orange Bay Hurghada","isPartOf":{"@id":"https:\/\/egytourpackages.com\/it\/#website"},"primaryImageOfPage":{"@id":"https:\/\/egytourpackages.com\/it\/tour\/escursione-snorkeling-orange-bay-hurghada\/#primaryimage"},"image":{"@id":"https:\/\/egytourpackages.com\/it\/tour\/escursione-snorkeling-orange-bay-hurghada\/#primaryimage"},"thumbnailUrl":"https:\/\/egytourpackages.com\/wp-content\/uploads\/2025\/07\/Orange-Bay-Hurghada.jpg","datePublished":"2025-07-06T05:29:09+00:00","dateModified":"2026-01-29T00:00:22+00:00","description":"Escursione Snorkeling Orange Bay Hurghada: Sabbie bianche, acque cristalline e vita marina vivace. Relax e snorkeling indimenticabili ti aspettano!","breadcrumb":{"@id":"https:\/\/egytourpackages.com\/it\/tour\/escursione-snorkeling-orange-bay-hurghada\/#breadcrumb"},"inLanguage":"it-IT","potentialAction":[{"@type":"ReadAction","target":["https:\/\/egytourpackages.com\/it\/tour\/escursione-snorkeling-orange-bay-hurghada\/"]}]},{"@type":"ImageObject","inLanguage":"it-IT","@id":"https:\/\/egytourpackages.com\/it\/tour\/escursione-snorkeling-orange-bay-hurghada\/#primaryimage","url":"https:\/\/egytourpackages.com\/wp-content\/uploads\/2025\/07\/Orange-Bay-Hurghada.jpg","contentUrl":"https:\/\/egytourpackages.com\/wp-content\/uploads\/2025\/07\/Orange-Bay-Hurghada.jpg","width":1800,"height":1350,"caption":"Orange Bay Hurghada"},{"@type":"BreadcrumbList","@id":"https:\/\/egytourpackages.com\/it\/tour\/escursione-snorkeling-orange-bay-hurghada\/#breadcrumb","itemListElement":[{"@type":"ListItem","position":1,"name":"Home","item":"https:\/\/egytourpackages.com\/it\/"},{"@type":"ListItem","position":2,"name":"Negozio","item":"https:\/\/egytourpackages.com\/it\/negozio\/"},{"@type":"ListItem","position":3,"name":"Escursione Snorkeling Orange Bay Hurghada"}]},{"@type":"WebSite","@id":"https:\/\/egytourpackages.com\/it\/#website","url":"https:\/\/egytourpackages.com\/it\/","name":"Egy tour packages","description":"","publisher":{"@id":"https:\/\/egytourpackages.com\/it\/#organization"},"potentialAction":[{"@type":"SearchAction","target":{"@type":"EntryPoint","urlTemplate":"https:\/\/egytourpackages.com\/it\/?s={search_term_string}"},"query-input":{"@type":"PropertyValueSpecification","valueRequired":true,"valueName":"search_term_string"}}],"inLanguage":"it-IT"},{"@type":["Organization","Place","TravelAgency"],"@id":"https:\/\/egytourpackages.com\/it\/#organization","name":"egypt tour packages","alternateName":"egypt tour packages","url":"https:\/\/egytourpackages.com\/it\/","logo":{"@id":"https:\/\/egytourpackages.com\/it\/tour\/escursione-snorkeling-orange-bay-hurghada\/#local-main-organization-logo"},"image":{"@id":"https:\/\/egytourpackages.com\/it\/tour\/escursione-snorkeling-orange-bay-hurghada\/#local-main-organization-logo"},"sameAs":["https:\/\/www.facebook.com\/egytourpackages"],"legalName":"Egy tour packages","address":{"@id":"https:\/\/egytourpackages.com\/it\/tour\/escursione-snorkeling-orange-bay-hurghada\/#local-main-place-address"},"telephone":["00201000852186","00201028685533"],"contactPoint":{"@type":"ContactPoint","telephone":"00201000852186"},"openingHoursSpecification":[{"@type":"OpeningHoursSpecification","dayOfWeek":["Monday","Tuesday","Wednesday","Thursday","Friday","Saturday","Sunday"],"opens":"00:00","closes":"23:59"}],"email":"info@egytourpackages.com","areaServed":"Cairo, Hurghada, Luxor, Sharm El Sheikh, Marsa Alam, Aswan","priceRange":"$","currenciesAccepted":"euro","paymentAccepted":"Payment links online"},{"@type":"PostalAddress","@id":"https:\/\/egytourpackages.com\/it\/tour\/escursione-snorkeling-orange-bay-hurghada\/#local-main-place-address","streetAddress":"Mubarak 8, Al Kawthar District, Hurghada","addressLocality":"Hurghada","postalCode":"84511","addressRegion":"Red Sea","addressCountry":"EG"},{"@type":"ImageObject","inLanguage":"it-IT","@id":"https:\/\/egytourpackages.com\/it\/tour\/escursione-snorkeling-orange-bay-hurghada\/#local-main-organization-logo","url":"https:\/\/egytourpackages.com\/wp-content\/uploads\/2025\/12\/Turquoise-Dahabiya-Nile-Cruise-1.jpeg","contentUrl":"https:\/\/egytourpackages.com\/wp-content\/uploads\/2025\/12\/Turquoise-Dahabiya-Nile-Cruise-1.jpeg","width":1040,"height":694,"caption":"egypt tour packages"}]},"product_brand":"Escursioni di snorkeling a Hurghada","product_price_amount":"25","product_price_currency":"EUR","og_availability":"instock","product_availability":"instock","product_retailer_item_id":"HDT21","product_condition":"new","geo.placename":"Hurghada","geo.region":"Egitto"},"_links":{"self":[{"href":"https:\/\/egytourpackages.com\/it\/wp-json\/wp\/v2\/product\/4922","targetHints":{"allow":["GET"]}}],"collection":[{"href":"https:\/\/egytourpackages.com\/it\/wp-json\/wp\/v2\/product"}],"about":[{"href":"https:\/\/egytourpackages.com\/it\/wp-json\/wp\/v2\/types\/product"}],"replies":[{"embeddable":true,"href":"https:\/\/egytourpackages.com\/it\/wp-json\/wp\/v2\/comments?post=4922"}],"wp:featuredmedia":[{"embeddable":true,"href":"https:\/\/egytourpackages.com\/it\/wp-json\/wp\/v2\/media\/4918"}],"wp:attachment":[{"href":"https:\/\/egytourpackages.com\/it\/wp-json\/wp\/v2\/media?parent=4922"}],"wp:term":[{"taxonomy":"product_brand","embeddable":true,"href":"https:\/\/egytourpackages.com\/it\/wp-json\/wp\/v2\/product_brand?post=4922"},{"taxonomy":"product_cat","embeddable":true,"href":"https:\/\/egytourpackages.com\/it\/wp-json\/wp\/v2\/product_cat?post=4922"},{"taxonomy":"product_tag","embeddable":true,"href":"https:\/\/egytourpackages.com\/it\/wp-json\/wp\/v2\/product_tag?post=4922"}],"curies":[{"name":"wp","href":"https:\/\/api.w.org\/{rel}","templated":true}]}}