{"id":4969,"date":"2023-01-27T01:37:43","date_gmt":"2023-01-27T01:37:43","guid":{"rendered":"https:\/\/egytourpackages.com\/product\/parasailing-hurghada\/"},"modified":"2026-01-28T02:53:21","modified_gmt":"2026-01-28T02:53:21","slug":"parasailing-hurghada","status":"publish","type":"product","link":"https:\/\/egytourpackages.com\/it\/tour\/parasailing-hurghada\/","title":{"rendered":"Parasailing Hurghada"},"content":{"rendered":"<p><span style=\"color: #ff6600;\"><strong>Parasailing Hurghada | Avventura sul Mar Rosso | Le migliori cose da fare a Hurghada<\/strong><\/span><\/p>\n<p>Il <strong>Parasailing a Hurghada<\/strong> offre un&#8217;avventura senza pari, unendo l&#8217;ebbrezza del volo con la bellezza mozzafiato del <strong>Mar Rosso<\/strong>. \u00c8 pi\u00f9 di un semplice giro; \u00e8 un&#8217;opportunit\u00e0 unica per ammirare la splendida costa di Hurghada e le sue acque vibranti da una prospettiva spettacolare.<\/p>\n<p>Considerato uno dei <strong>migliori tour giornalieri in Egitto<\/strong>, il <strong>parasailing a Hurghada<\/strong> \u00e8 perfetto per chiunque cerchi un&#8217;esperienza memorabile ed emozionante. Che tu sia un appassionato di adrenalina o semplicemente desideri scattare incredibili foto panoramiche, questa attivit\u00e0 ti soddisfer\u00e0.<\/p>\n<p>Solitamente decollerai e atterrerai direttamente dalla piattaforma della barca, rendendola un&#8217;esperienza fluida e accessibile per la maggior parte delle persone, anche per chi non ha esperienza precedente.<\/p>\n<p>Dall&#8217;alto, avrai una spettacolare <strong>vista a volo d&#8217;uccello<\/strong> sulle vivaci barriere coralline, sulla vivace costa e sul lontano paesaggio desertico.<\/p>\n<p>Cerchi altre <strong>migliori cose da fare a Hurghada<\/strong>? <strong>Contattaci<\/strong> su <strong>Egy tour packages<\/strong> per scoprire un&#8217;ampia gamma di escursioni indimenticabili che renderanno il tuo viaggio davvero speciale.<\/p>\n<p>La maggior parte delle escursioni di parasailing a Hurghada durano circa <strong>10-15 minuti in aria<\/strong>, con l&#8217;intera attivit\u00e0, inclusi il trasferimento in barca e il briefing sulla sicurezza, che richiede circa un&#8217;ora.<\/p>\n<h3><span style=\"color: #ff6600;\">Dettagli<\/span><\/h3>\n<ul>\n<li><strong>Durata<\/strong>: 2 ore<\/li>\n<li><strong>Pick-up &amp; drop-off<\/strong>: Hotel a Hurghada, Makadi Bay, Soma Bay, Sahl Hasheesh, El Gouna, Safaga<\/li>\n<li><strong>Tipo di tour<\/strong>: <strong>Migliori attivit\u00e0 a Hurghada<\/strong><\/li>\n<li><strong>Disponibilit\u00e0 dell&#8217;attivit\u00e0<\/strong>: Tutti i giorni su richiesta<\/li>\n<li><strong>Luogo del tour<\/strong>: Hurghada<\/li>\n<li><strong>Requisiti fisici<\/strong>: Il parasailing richiede un certo livello di forma fisica<\/li>\n<li><strong>Sedia a rotelle<\/strong>: non consentito<\/li>\n<\/ul>\n<h3><span style=\"color: #ff6600;\">Itinerario<\/span><\/h3>\n<p>Il <strong>Parasailing a Hurghada<\/strong> \u00e8 un modo emozionante per esplorare il bellissimo <strong>Mar Rosso<\/strong> da una prospettiva a volo d&#8217;uccello. Che tu sia un avventuriero esperto e in cerca di brividi o un principiante, il parasailing \u00e8 un&#8217;esperienza che non dimenticherai mai. \u00c8 un ottimo modo per provare l&#8217;emozione di volare ammirando panorami mozzafiato del paesaggio circostante.<\/p>\n<p>Quando prenoti la tua escursione di <strong>parasailing a Hurghada<\/strong> con <strong>Egy Tour Packages<\/strong>, la tua avventura inizia con un comodo <strong>trasferimento privato<\/strong> direttamente dal tuo hotel all&#8217;animata Marina di Hurghada. Una volta l\u00ec, salirai a bordo del tuo potente motoscafo, che ti trasporter\u00e0 rapidamente nel punto di lancio ideale, tipicamente a soli 10 minuti di navigazione dalla riva.<\/p>\n<p>Prima di salire, il nostro equipaggio esperto fornir\u00e0 un <strong>briefing completo sulla sicurezza<\/strong>, assicurandoti di sentirti completamente al sicuro e pronto per il tuo volo. Quindi, sentirai l&#8217;incredibile sensazione di essere delicatamente sollevato in aria, trainato dolcemente dalla barca mentre sei saldamente attaccato al tuo parasail.<\/p>\n<p>Il volo stesso durer\u00e0 circa <strong>10-15 minuti<\/strong>, raggiungendo un&#8217;altezza esilarante di circa <strong>500 piedi<\/strong> mentre la barca naviga a una velocit\u00e0 di circa 20-25 miglia all&#8217;ora. Durante il tuo viaggio aereo, l&#8217;equipaggio professionista della barca manterr\u00e0 il pieno controllo del parasail, dar\u00e0 priorit\u00e0 alla tua sicurezza e ti permetter\u00e0 semplicemente di rilassarti e goderti le incredibili viste.<\/p>\n<h3><span style=\"color: #ff6600;\">Perfetto per tutti<\/span><\/h3>\n<p>Il <strong>Parasailing a Hurghada<\/strong> \u00e8 progettato per tutti, dai <strong>principianti agli avventurieri esperti<\/strong>, ed \u00e8 perfetto per individui, <strong>coppie, amici o persino per chi \u00e8 in luna di miele<\/strong>. \u00c8 davvero una delle <strong>migliori attivit\u00e0 a Hurghada<\/strong> per chiunque desideri aggiungere un&#8217;emozione unica e una prospettiva spettacolare alla propria vacanza sul Mar Rosso.<\/p>\n<h3><span style=\"color: #ff6600;\">Incluso<\/span><\/h3>\n<ul>\n<li>Pickup e drop-off dal tuo hotel<\/li>\n<li>Parasailing 10min in aria<\/li>\n<li>Giro in motosca<\/li>\n<li>Tutte le tasse e imposte<\/li>\n<\/ul>\n<h3><span style=\"color: #ff6600;\">Escluso<\/span><\/h3>\n<ul>\n<li>Mance<\/li>\n<li>Foto o video dal cameraman<\/li>\n<\/ul>\n<h3><span style=\"color: #ff6600;\">Escursione di parasailing dal Mar Rosso di Hurghada: Precauzioni di sicurezza<\/span><\/h3>\n<ul>\n<li>Assicurati di ascoltare il briefing sulla sicurezza prima del volo e di indossare un giubbotto di salvataggio e controllare l&#8217;attrezzatura prima del volo.<\/li>\n<li>Segui sempre le istruzioni dell&#8217;equipaggio della barca.<\/li>\n<li>Indossa abiti e scarpe comodi che possano bagnarsi e non dimenticare di portare una macchina fotografica per immortalare le splendide viste.<\/li>\n<li>Se non ti senti a tuo agio, puoi sempre scegliere di volare da solo o con un partner.<\/li>\n<\/ul>\n<h3><span style=\"color: #ff6600;\">Hotel al di fuori di Hurghada per l&#8217;escursione di parasailing<\/span><\/h3>\n<ul>\n<li>Prenotazione del tour di Parasailing a prezzi economici, attivit\u00e0 in paracadute da <strong>El Gouna<\/strong> con un costo aggiuntivo di 15$ a persona.<\/li>\n<li>Da <strong>Sahl Hasheesh<\/strong> con un costo aggiuntivo di 15$ a persona.<\/li>\n<li>Hotel a <strong>Makadi Bay<\/strong> con un costo aggiuntivo di 15$ a persona.<\/li>\n<li>Hotel a <strong>Soma Bay<\/strong> con un costo aggiuntivo di 15$ a persona.<\/li>\n<li>Prenotazione del tour di Parasailing a prezzi economici, attivit\u00e0 in paracadute da <strong>Safaga<\/strong> con un costo aggiuntivo di 15$ a persona.<\/li>\n<\/ul>\n<h3><span style=\"color: #ff6600;\">Cosa devi sapere prima di fare Parasailing a Hurghada?<\/span><\/h3>\n<ul>\n<li>Il peso massimo per il parasailing in coppia \u00e8 di 150 kg.<\/li>\n<li>L&#8217;et\u00e0 minima per un singolo passeggero \u00e8 di 16 anni.<\/li>\n<li>I bambini sotto i 16 anni devono essere accompagnati da un adulto.<\/li>\n<li>Il momento migliore per fare parasailing a Hurghada \u00e8 dopo l&#8217;alba e prima del tramonto per poter avvistare la <strong>Moschea di El Mina<\/strong>, il <strong>Mercato del Pesce<\/strong>, la <strong>Nuova Marina<\/strong> e le <strong>Montagne del Mar Rosso<\/strong>.<\/li>\n<li>Evita il tour di parasailing durante pioggia, maltempo e temporali.<\/li>\n<li>Un&#8217;escursione di parasailing non richiede esperienza, ma il <strong>Paragliding<\/strong> richiede esperienza precedente.<\/li>\n<li>Presta attenzione a ci\u00f2 che indossi in base alla stagione.<\/li>\n<\/ul>\n<h3><span style=\"color: #ff6600;\">Come funziona la tecnica di parasailing nel tour di Parasailing?<\/span><\/h3>\n<p>Si inizia quando sarai attaccato a un parasail, che \u00e8 collegato a una barca. Poi la barca partir\u00e0 e sarai trainato dietro di essa. I paracadute saliranno a 50 metri di altezza con un&#8217;altezza costante finch\u00e9 la barca non rallenter\u00e0 e atterrerai di nuovo sulla barca.<\/p>\n<h3><span style=\"color: #ff6600;\">Cosa aspettarsi quando si vola in alto con il parasailing?<\/span><\/h3>\n<p>&#8220;Goditi una vista a volo d&#8217;uccello delle splendide spiagge di Hurghada e delle acque cristalline con le principali attrazioni turistiche di Hurghada come:<\/p>\n<ul>\n<li>Marina di Hurghada<\/li>\n<li>Moschea di El Mina<\/li>\n<li>Isola di Giftun<\/li>\n<li>Piazza Saqqala<\/li>\n<li>Mercato del Pesce<\/li>\n<li>Sharm El Sheikh dall&#8217;altra parte del Mar Rosso<\/li>\n<li>Isola di Orange Bay<\/li>\n<\/ul>\n<h3><span style=\"color: #ff6600;\">Prezzo Parasailing Hurghada<\/span><\/h3>\n<ul>\n<li>Prezzo singolo adulto = 30 \u20ac<\/li>\n<li>Bambini 0-5 anni = gratuiti<\/li>\n<li>Bambini 5-11 anni = 50% del prezzo adulto<\/li>\n<\/ul>\n<h3><span style=\"color: #ff6600;\">Prenotazione<\/span><\/h3>\n<p>Puoi prenotare il tuo tour tramite WhatsApp o inviarci un&#8217;e-mail e riceverai la conferma sul posto.<\/p>\n<p>Ti preghiamo di inviarci il nome del tuo hotel, il numero della stanza e le copie del passaporto.<\/p>\n<p><strong>WhatsApp<\/strong>:+201000852186<\/p>\n<p>info@egytourpackages.com<\/p>\n<h3><span style=\"color: #ff6600;\">Prenota Ora <\/span><\/h3>\n<p>Prenota il tuo tour preferito di 5 giorni a Luxor, Assuan e Abu Simbel e ricevi la conferma sul posto.<\/p>\n<h3><span style=\"color: #ff6600;\">Pagamento<\/span><\/h3>\n<p>Puoi pagare in sterline egiziane, $, \u20ac o \u00a3.<\/p>\n<h3><span style=\"color: #ff6600;\">Politica di cancellazione<\/span><\/h3>\n<p>La cancellazione \u00e8 gratuita fino a 2 giorni prima.<\/p>\n","protected":false},"excerpt":{"rendered":"<p>Prova il parasailing a Hurghada! Sorvola il Mar Rosso per panorami mozzafiato. Un&#8217;avventura emozionante e sicura per tutti. Prenota oggi stesso il tuo volo indimenticabile!<\/p>\n","protected":false},"featured_media":2727,"comment_status":"open","ping_status":"closed","template":"","meta":[],"product_brand":[],"product_cat":[1910],"product_tag":[2755,1918,1914],"class_list":{"0":"post-4969","1":"product","2":"type-product","3":"status-publish","4":"has-post-thumbnail","6":"product_cat-tour","7":"product_tag-attivita-a-hurghada","8":"product_tag-escursioni-hurghada","9":"product_tag-tour-giornalieri-in-egitto","10":"tour_category-escursioni-hurghada","11":"tour_category-le-migliori-cose-da-fare-a-hurghada-con-i-bambini","12":"tour_category-tour-giornalieri-in-egitto-it","14":"first","15":"instock","16":"sale","17":"shipping-taxable","18":"purchasable","19":"product-type-tour","20":"has-default-attributes"},"yoast_head":"<!-- This site is optimized with the Yoast SEO Premium plugin v27.4 (Yoast SEO v27.4) - https:\/\/yoast.com\/product\/yoast-seo-premium-wordpress\/ -->\n<title>Parasailing Hurghada | Le migliori cose da fare a Hurghada<\/title>\n<meta name=\"description\" content=\"Prova il parasailing Hurghada! Sorvola il Mar Rosso per panorami mozzafiato e indimenticabili. Un&#039;avventura emozionante e sicura per tutti. Prenota ora\" \/>\n<meta name=\"robots\" content=\"index, follow, max-snippet:-1, max-image-preview:large, max-video-preview:-1\" \/>\n<link rel=\"canonical\" href=\"https:\/\/egytourpackages.com\/it\/tour\/parasailing-hurghada\/\" \/>\n<meta property=\"og:locale\" content=\"it_IT\" \/>\n<meta property=\"og:type\" content=\"article\" \/>\n<meta property=\"og:title\" content=\"Parasailing Hurghada\" \/>\n<meta property=\"og:description\" content=\"Prova il parasailing a Hurghada! Sorvola il Mar Rosso per panorami mozzafiato. Un&#039;avventura emozionante e sicura per tutti. Prenota oggi stesso il tuo volo indimenticabile!\" \/>\n<meta property=\"og:url\" content=\"https:\/\/egytourpackages.com\/it\/tour\/parasailing-hurghada\/\" \/>\n<meta property=\"og:site_name\" content=\"Pacchetti tour in Egitto\" \/>\n<meta property=\"article:publisher\" content=\"https:\/\/www.facebook.com\/egytourpackages\" \/>\n<meta property=\"article:modified_time\" content=\"2026-01-28T02:53:21+00:00\" \/>\n<meta property=\"og:image\" content=\"https:\/\/egytourpackages.com\/wp-content\/uploads\/2023\/01\/parasailing-Hurghada.jpg\" \/>\n<meta name=\"twitter:card\" content=\"summary_large_image\" \/>\n<meta name=\"twitter:title\" content=\"Parasailing Hurghada\" \/>\n<meta name=\"twitter:description\" content=\"Prova il parasailing a Hurghada! Sorvola il Mar Rosso per panorami mozzafiato. Un&#039;avventura emozionante e sicura per tutti. Prenota oggi stesso il tuo volo indimenticabile!\" \/>\n<meta name=\"twitter:image\" content=\"https:\/\/egytourpackages.com\/wp-content\/uploads\/2023\/01\/parasailing-Hurghada.jpg\" \/>\n<meta name=\"twitter:label1\" content=\"Prezzo\" \/>\n\t<meta name=\"twitter:data1\" content=\"&euro;30\" \/>\n\t<meta name=\"twitter:label2\" content=\"Disponibilit\u00e0\" \/>\n\t<meta name=\"twitter:data2\" content=\"In stock\" \/>\n<script type=\"application\/ld+json\" class=\"yoast-schema-graph\">{\"@context\":\"https:\\\/\\\/schema.org\",\"@graph\":[{\"@type\":\"WebPage\",\"@id\":\"https:\\\/\\\/egytourpackages.com\\\/it\\\/tour\\\/parasailing-hurghada\\\/\",\"url\":\"https:\\\/\\\/egytourpackages.com\\\/it\\\/tour\\\/parasailing-hurghada\\\/\",\"name\":\"Parasailing Hurghada | Le migliori cose da fare a Hurghada\",\"isPartOf\":{\"@id\":\"https:\\\/\\\/egytourpackages.com\\\/it\\\/#website\"},\"primaryImageOfPage\":{\"@id\":\"https:\\\/\\\/egytourpackages.com\\\/it\\\/tour\\\/parasailing-hurghada\\\/#primaryimage\"},\"image\":{\"@id\":\"https:\\\/\\\/egytourpackages.com\\\/it\\\/tour\\\/parasailing-hurghada\\\/#primaryimage\"},\"thumbnailUrl\":\"https:\\\/\\\/egytourpackages.com\\\/wp-content\\\/uploads\\\/2023\\\/01\\\/parasailing-Hurghada.jpg\",\"datePublished\":\"2023-01-27T01:37:43+00:00\",\"dateModified\":\"2026-01-28T02:53:21+00:00\",\"description\":\"Prova il parasailing Hurghada! Sorvola il Mar Rosso per panorami mozzafiato e indimenticabili. Un'avventura emozionante e sicura per tutti. Prenota ora\",\"breadcrumb\":{\"@id\":\"https:\\\/\\\/egytourpackages.com\\\/it\\\/tour\\\/parasailing-hurghada\\\/#breadcrumb\"},\"inLanguage\":\"it-IT\",\"potentialAction\":[{\"@type\":\"ReadAction\",\"target\":[\"https:\\\/\\\/egytourpackages.com\\\/it\\\/tour\\\/parasailing-hurghada\\\/\"]}]},{\"@type\":\"ImageObject\",\"inLanguage\":\"it-IT\",\"@id\":\"https:\\\/\\\/egytourpackages.com\\\/it\\\/tour\\\/parasailing-hurghada\\\/#primaryimage\",\"url\":\"https:\\\/\\\/egytourpackages.com\\\/wp-content\\\/uploads\\\/2023\\\/01\\\/parasailing-Hurghada.jpg\",\"contentUrl\":\"https:\\\/\\\/egytourpackages.com\\\/wp-content\\\/uploads\\\/2023\\\/01\\\/parasailing-Hurghada.jpg\",\"width\":990,\"height\":742,\"caption\":\"Parasailing Hurghada\"},{\"@type\":\"BreadcrumbList\",\"@id\":\"https:\\\/\\\/egytourpackages.com\\\/it\\\/tour\\\/parasailing-hurghada\\\/#breadcrumb\",\"itemListElement\":[{\"@type\":\"ListItem\",\"position\":1,\"name\":\"Home\",\"item\":\"https:\\\/\\\/egytourpackages.com\\\/it\\\/\"},{\"@type\":\"ListItem\",\"position\":2,\"name\":\"Negozio\",\"item\":\"https:\\\/\\\/egytourpackages.com\\\/it\\\/negozio\\\/\"},{\"@type\":\"ListItem\",\"position\":3,\"name\":\"Parasailing Hurghada\"}]},{\"@type\":\"WebSite\",\"@id\":\"https:\\\/\\\/egytourpackages.com\\\/it\\\/#website\",\"url\":\"https:\\\/\\\/egytourpackages.com\\\/it\\\/\",\"name\":\"Egy tour packages\",\"description\":\"\",\"publisher\":{\"@id\":\"https:\\\/\\\/egytourpackages.com\\\/it\\\/#organization\"},\"potentialAction\":[{\"@type\":\"SearchAction\",\"target\":{\"@type\":\"EntryPoint\",\"urlTemplate\":\"https:\\\/\\\/egytourpackages.com\\\/it\\\/?s={search_term_string}\"},\"query-input\":{\"@type\":\"PropertyValueSpecification\",\"valueRequired\":true,\"valueName\":\"search_term_string\"}}],\"inLanguage\":\"it-IT\"},{\"@type\":[\"Organization\",\"Place\",\"TravelAgency\"],\"@id\":\"https:\\\/\\\/egytourpackages.com\\\/it\\\/#organization\",\"name\":\"egypt tour packages\",\"alternateName\":\"egypt tour packages\",\"url\":\"https:\\\/\\\/egytourpackages.com\\\/it\\\/\",\"logo\":{\"@id\":\"https:\\\/\\\/egytourpackages.com\\\/it\\\/tour\\\/parasailing-hurghada\\\/#local-main-organization-logo\"},\"image\":{\"@id\":\"https:\\\/\\\/egytourpackages.com\\\/it\\\/tour\\\/parasailing-hurghada\\\/#local-main-organization-logo\"},\"sameAs\":[\"https:\\\/\\\/www.facebook.com\\\/egytourpackages\"],\"legalName\":\"Egy tour packages\",\"address\":{\"@id\":\"https:\\\/\\\/egytourpackages.com\\\/it\\\/tour\\\/parasailing-hurghada\\\/#local-main-place-address\"},\"telephone\":[\"00201000852186\",\"00201028685533\"],\"contactPoint\":{\"@type\":\"ContactPoint\",\"telephone\":\"00201000852186\"},\"openingHoursSpecification\":[{\"@type\":\"OpeningHoursSpecification\",\"dayOfWeek\":[\"Monday\",\"Tuesday\",\"Wednesday\",\"Thursday\",\"Friday\",\"Saturday\",\"Sunday\"],\"opens\":\"00:00\",\"closes\":\"23:59\"}],\"email\":\"info@egytourpackages.com\",\"areaServed\":\"Cairo, Hurghada, Luxor, Sharm El Sheikh, Marsa Alam, Aswan\",\"priceRange\":\"$\",\"currenciesAccepted\":\"euro\",\"paymentAccepted\":\"Payment links online\"},{\"@type\":\"PostalAddress\",\"@id\":\"https:\\\/\\\/egytourpackages.com\\\/it\\\/tour\\\/parasailing-hurghada\\\/#local-main-place-address\",\"streetAddress\":\"Mubarak 8, Al Kawthar District, Hurghada\",\"addressLocality\":\"Hurghada\",\"postalCode\":\"84511\",\"addressRegion\":\"Red Sea\",\"addressCountry\":\"EG\"},{\"@type\":\"ImageObject\",\"inLanguage\":\"it-IT\",\"@id\":\"https:\\\/\\\/egytourpackages.com\\\/it\\\/tour\\\/parasailing-hurghada\\\/#local-main-organization-logo\",\"url\":\"https:\\\/\\\/egytourpackages.com\\\/wp-content\\\/uploads\\\/2025\\\/12\\\/Turquoise-Dahabiya-Nile-Cruise-1.jpeg\",\"contentUrl\":\"https:\\\/\\\/egytourpackages.com\\\/wp-content\\\/uploads\\\/2025\\\/12\\\/Turquoise-Dahabiya-Nile-Cruise-1.jpeg\",\"width\":1040,\"height\":694,\"caption\":\"egypt tour packages\"}]}<\/script>\n<meta property=\"product:brand\" content=\"Escursioni Hurghada\" \/>\n<meta property=\"product:price:amount\" content=\"30\" \/>\n<meta property=\"product:price:currency\" content=\"EUR\" \/>\n<meta property=\"og:availability\" content=\"instock\" \/>\n<meta property=\"product:availability\" content=\"instock\" \/>\n<meta property=\"product:retailer_item_id\" content=\"HDT01\" \/>\n<meta property=\"product:condition\" content=\"new\" \/>\n<meta name=\"geo.placename\" content=\"Hurghada\" \/>\n<meta name=\"geo.region\" content=\"Egitto\" \/>\n<!-- \/ Yoast SEO Premium plugin. -->","yoast_head_json":{"title":"Parasailing Hurghada | Le migliori cose da fare a Hurghada","description":"Prova il parasailing Hurghada! Sorvola il Mar Rosso per panorami mozzafiato e indimenticabili. Un'avventura emozionante e sicura per tutti. Prenota ora","robots":{"index":"index","follow":"follow","max-snippet":"max-snippet:-1","max-image-preview":"max-image-preview:large","max-video-preview":"max-video-preview:-1"},"canonical":"https:\/\/egytourpackages.com\/it\/tour\/parasailing-hurghada\/","og_locale":"it_IT","og_type":"article","og_title":"Parasailing Hurghada","og_description":"Prova il parasailing a Hurghada! Sorvola il Mar Rosso per panorami mozzafiato. Un'avventura emozionante e sicura per tutti. Prenota oggi stesso il tuo volo indimenticabile!","og_url":"https:\/\/egytourpackages.com\/it\/tour\/parasailing-hurghada\/","og_site_name":"Pacchetti tour in Egitto","article_publisher":"https:\/\/www.facebook.com\/egytourpackages","article_modified_time":"2026-01-28T02:53:21+00:00","og_image":[{"url":"https:\/\/egytourpackages.com\/wp-content\/uploads\/2023\/01\/parasailing-Hurghada.jpg","type":"","width":"","height":""}],"twitter_card":"summary_large_image","twitter_title":"Parasailing Hurghada","twitter_description":"Prova il parasailing a Hurghada! Sorvola il Mar Rosso per panorami mozzafiato. Un'avventura emozionante e sicura per tutti. Prenota oggi stesso il tuo volo indimenticabile!","twitter_image":"https:\/\/egytourpackages.com\/wp-content\/uploads\/2023\/01\/parasailing-Hurghada.jpg","twitter_misc":{"Prezzo":"&euro;30","Disponibilit\u00e0":"In stock"},"schema":{"@context":"https:\/\/schema.org","@graph":[{"@type":"WebPage","@id":"https:\/\/egytourpackages.com\/it\/tour\/parasailing-hurghada\/","url":"https:\/\/egytourpackages.com\/it\/tour\/parasailing-hurghada\/","name":"Parasailing Hurghada | Le migliori cose da fare a Hurghada","isPartOf":{"@id":"https:\/\/egytourpackages.com\/it\/#website"},"primaryImageOfPage":{"@id":"https:\/\/egytourpackages.com\/it\/tour\/parasailing-hurghada\/#primaryimage"},"image":{"@id":"https:\/\/egytourpackages.com\/it\/tour\/parasailing-hurghada\/#primaryimage"},"thumbnailUrl":"https:\/\/egytourpackages.com\/wp-content\/uploads\/2023\/01\/parasailing-Hurghada.jpg","datePublished":"2023-01-27T01:37:43+00:00","dateModified":"2026-01-28T02:53:21+00:00","description":"Prova il parasailing Hurghada! Sorvola il Mar Rosso per panorami mozzafiato e indimenticabili. Un'avventura emozionante e sicura per tutti. Prenota ora","breadcrumb":{"@id":"https:\/\/egytourpackages.com\/it\/tour\/parasailing-hurghada\/#breadcrumb"},"inLanguage":"it-IT","potentialAction":[{"@type":"ReadAction","target":["https:\/\/egytourpackages.com\/it\/tour\/parasailing-hurghada\/"]}]},{"@type":"ImageObject","inLanguage":"it-IT","@id":"https:\/\/egytourpackages.com\/it\/tour\/parasailing-hurghada\/#primaryimage","url":"https:\/\/egytourpackages.com\/wp-content\/uploads\/2023\/01\/parasailing-Hurghada.jpg","contentUrl":"https:\/\/egytourpackages.com\/wp-content\/uploads\/2023\/01\/parasailing-Hurghada.jpg","width":990,"height":742,"caption":"Parasailing Hurghada"},{"@type":"BreadcrumbList","@id":"https:\/\/egytourpackages.com\/it\/tour\/parasailing-hurghada\/#breadcrumb","itemListElement":[{"@type":"ListItem","position":1,"name":"Home","item":"https:\/\/egytourpackages.com\/it\/"},{"@type":"ListItem","position":2,"name":"Negozio","item":"https:\/\/egytourpackages.com\/it\/negozio\/"},{"@type":"ListItem","position":3,"name":"Parasailing Hurghada"}]},{"@type":"WebSite","@id":"https:\/\/egytourpackages.com\/it\/#website","url":"https:\/\/egytourpackages.com\/it\/","name":"Egy tour packages","description":"","publisher":{"@id":"https:\/\/egytourpackages.com\/it\/#organization"},"potentialAction":[{"@type":"SearchAction","target":{"@type":"EntryPoint","urlTemplate":"https:\/\/egytourpackages.com\/it\/?s={search_term_string}"},"query-input":{"@type":"PropertyValueSpecification","valueRequired":true,"valueName":"search_term_string"}}],"inLanguage":"it-IT"},{"@type":["Organization","Place","TravelAgency"],"@id":"https:\/\/egytourpackages.com\/it\/#organization","name":"egypt tour packages","alternateName":"egypt tour packages","url":"https:\/\/egytourpackages.com\/it\/","logo":{"@id":"https:\/\/egytourpackages.com\/it\/tour\/parasailing-hurghada\/#local-main-organization-logo"},"image":{"@id":"https:\/\/egytourpackages.com\/it\/tour\/parasailing-hurghada\/#local-main-organization-logo"},"sameAs":["https:\/\/www.facebook.com\/egytourpackages"],"legalName":"Egy tour packages","address":{"@id":"https:\/\/egytourpackages.com\/it\/tour\/parasailing-hurghada\/#local-main-place-address"},"telephone":["00201000852186","00201028685533"],"contactPoint":{"@type":"ContactPoint","telephone":"00201000852186"},"openingHoursSpecification":[{"@type":"OpeningHoursSpecification","dayOfWeek":["Monday","Tuesday","Wednesday","Thursday","Friday","Saturday","Sunday"],"opens":"00:00","closes":"23:59"}],"email":"info@egytourpackages.com","areaServed":"Cairo, Hurghada, Luxor, Sharm El Sheikh, Marsa Alam, Aswan","priceRange":"$","currenciesAccepted":"euro","paymentAccepted":"Payment links online"},{"@type":"PostalAddress","@id":"https:\/\/egytourpackages.com\/it\/tour\/parasailing-hurghada\/#local-main-place-address","streetAddress":"Mubarak 8, Al Kawthar District, Hurghada","addressLocality":"Hurghada","postalCode":"84511","addressRegion":"Red Sea","addressCountry":"EG"},{"@type":"ImageObject","inLanguage":"it-IT","@id":"https:\/\/egytourpackages.com\/it\/tour\/parasailing-hurghada\/#local-main-organization-logo","url":"https:\/\/egytourpackages.com\/wp-content\/uploads\/2025\/12\/Turquoise-Dahabiya-Nile-Cruise-1.jpeg","contentUrl":"https:\/\/egytourpackages.com\/wp-content\/uploads\/2025\/12\/Turquoise-Dahabiya-Nile-Cruise-1.jpeg","width":1040,"height":694,"caption":"egypt tour packages"}]},"product_brand":"Escursioni Hurghada","product_price_amount":"30","product_price_currency":"EUR","og_availability":"instock","product_availability":"instock","product_retailer_item_id":"HDT01","product_condition":"new","geo.placename":"Hurghada","geo.region":"Egitto"},"_links":{"self":[{"href":"https:\/\/egytourpackages.com\/it\/wp-json\/wp\/v2\/product\/4969","targetHints":{"allow":["GET"]}}],"collection":[{"href":"https:\/\/egytourpackages.com\/it\/wp-json\/wp\/v2\/product"}],"about":[{"href":"https:\/\/egytourpackages.com\/it\/wp-json\/wp\/v2\/types\/product"}],"replies":[{"embeddable":true,"href":"https:\/\/egytourpackages.com\/it\/wp-json\/wp\/v2\/comments?post=4969"}],"wp:featuredmedia":[{"embeddable":true,"href":"https:\/\/egytourpackages.com\/it\/wp-json\/wp\/v2\/media\/2727"}],"wp:attachment":[{"href":"https:\/\/egytourpackages.com\/it\/wp-json\/wp\/v2\/media?parent=4969"}],"wp:term":[{"taxonomy":"product_brand","embeddable":true,"href":"https:\/\/egytourpackages.com\/it\/wp-json\/wp\/v2\/product_brand?post=4969"},{"taxonomy":"product_cat","embeddable":true,"href":"https:\/\/egytourpackages.com\/it\/wp-json\/wp\/v2\/product_cat?post=4969"},{"taxonomy":"product_tag","embeddable":true,"href":"https:\/\/egytourpackages.com\/it\/wp-json\/wp\/v2\/product_tag?post=4969"}],"curies":[{"name":"wp","href":"https:\/\/api.w.org\/{rel}","templated":true}]}}