{"id":5029,"date":"2023-09-16T13:09:23","date_gmt":"2023-09-16T13:09:23","guid":{"rendered":"https:\/\/egytourpackages.com\/product\/escursione-di-3-giorni-al-deserto-bianco-e-alla-grotta-di-djara-dal-cairo\/"},"modified":"2026-01-08T23:07:27","modified_gmt":"2026-01-08T23:07:27","slug":"escursione-di-3-giorni-al-deserto-bianco-e-alla-grotta-di-djara-dal-cairo","status":"publish","type":"product","link":"https:\/\/egytourpackages.com\/it\/tour\/escursione-di-3-giorni-al-deserto-bianco-e-alla-grotta-di-djara-dal-cairo\/","title":{"rendered":"Escursione di 3 giorni al deserto bianco e alla grotta di Djara dal Cairo"},"content":{"rendered":"<p><strong><span style=\"color: #ff6600;\">Escursione di 3 giorni al deserto bianco e alla grotta di Djara dal Cairo<\/span><\/strong><\/p>\n<h2><span style=\"color: #ff6600;\">Panoramica<\/span><\/h2>\n<p><strong>Egy tour packages<\/strong> offrono Escursione di 3 giorni al deserto bianco e alla grotta di Djara dal Cairo, un&#8217;<strong>esperienza di viaggio unica<\/strong> pensata per <strong>lune di miele, famiglie e gruppi<\/strong> che cercano una fuga straordinaria nel <strong>Deserto Occidentale dell&#8217;Egitto<\/strong>. Questo <strong>safari nel deserto in Egitto<\/strong> attentamente pianificato promette <strong>paesaggi desertici mozzafiato<\/strong> e <strong>opportunit\u00e0 ineguagliabili di osservazione delle stelle<\/strong>.<\/p>\n<p>Il tuo viaggio include il <strong>Parco Nazionale del Deserto Bianco<\/strong>, famoso per le sue formazioni rocciose calcaree scolpite dal vento e dal tempo. Inoltre, il vero punto forte \u00e8 l&#8217;esplorazione della <strong>Grotta di Djara<\/strong>, una gemma nascosta del <strong>Deserto Occidentale<\/strong>. Questa antica grotta, ricca di fossili, vanta imponenti stalattiti e stalagmiti, offrendo uno sguardo affascinante sulla storia geologica e un&#8217;<strong>esplorazione del deserto<\/strong> davvero esclusiva.<\/p>\n<p>Non perdere l&#8217;occasione di prenotare questo straordinario <strong>tour di 3 giorni nel Deserto Bianco e nella Grotta di Djara<\/strong>. Contattaci oggi stesso per pianificare la tua <strong>vacanza egiziana<\/strong> definitiva e scoprire la magia del deserto!<\/p>\n<h3><span style=\"color: #ff6600;\">Dettagli<\/span><\/h3>\n<ul>\n<li>Durata: 3 giorni \/ 2 notti<\/li>\n<li>Localit\u00e0 del Tour: Deserto Occidentale<\/li>\n<li>Disponibilit\u00e0 del Tour: Tutti i giorni<\/li>\n<li>Prelievo e Ritorno: Il Cairo<\/li>\n<li>Tipo di Tour: Privato<\/li>\n<li>Sedia a rotelle: Accessibile<\/li>\n<\/ul>\n<h3><span style=\"color: #ff6600;\">Inclusioni<\/span><\/h3>\n<ul>\n<li>Trasferimento dal Cairo all&#8217;Oasi di Bahariya con veicolo moderno con aria condizionata<\/li>\n<li>Guida esperta del deserto<\/li>\n<li>Tutte le tasse e le spese<\/li>\n<li>Tutti i pasti durante il viaggio<\/li>\n<li>Sacchi a pelo, tende<\/li>\n<\/ul>\n<h3><span style=\"color: #ff6600;\">Esclusioni<\/span><\/h3>\n<ul>\n<li>Mance<\/li>\n<li>Qualsiasi spesa personale<\/li>\n<\/ul>\n<h3><span style=\"color: #ff6600;\">Cosa portare con te<\/span><\/h3>\n<ul>\n<li>Cappello, occhiali da sole e crema solare<\/li>\n<li>Scarpe e vestiti comodi<\/li>\n<li>Vestiti caldi durante l&#8217;inverno<\/li>\n<\/ul>\n<h2><span style=\"color: #ff6600;\">Itinerario<\/span><\/h2>\n<h3><span style=\"color: #ff6600;\">Giorno 1: Il Cairo &#8211; Oasi di Bahariya<\/span><\/h3>\n<p>Dopo la colazione mattutina presso il tuo hotel al Cairo, inizierai il tuo viaggio verso l&#8217;Oasi di Bahariya. Ci vorranno circa quattro ore di guida con una breve pausa lungo il percorso. All&#8217;arrivo, inizierai i tuoi <strong>tour safari nel deserto<\/strong> con un delizioso pranzo in una casa locale. Una volta arrivato all&#8217;Oasi di Bahariya, sarai accolto con un delizioso pranzo in una casa locale, che offre un assaggio dell&#8217;ospitalit\u00e0 regionale prima di dirigerti nel vasto deserto. Dopo pranzo, salirai a bordo di una comoda jeep 4&#215;4, pronta a esplorare alcuni dei paesaggi pi\u00f9 iconici del Deserto Occidentale.<\/p>\n<p>La tua avventura ti porter\u00e0 prima al <strong>Deserto Nero<\/strong>, caratterizzato dalle sue colline di forma vulcanica e dalle sorprendenti pietre scure. Successivamente, visiterai il <strong>Villaggio di El Heiz<\/strong>, dove potrai sperimentare la rinfrescante <strong>sorgente fredda<\/strong> in mezzo al calore del deserto.<\/p>\n<p>Il viaggio continua verso la pittoresca <strong>Valle di Aqabat<\/strong>, una splendida area di diverse formazioni rocciose, prima di passare a emozionanti <strong>dune di sabbia<\/strong>, dove avrai la possibilit\u00e0 di provare il <strong>sandboarding<\/strong> per un&#8217;emozione indimenticabile. Pi\u00f9 tardi, arriverai al <strong>Vecchio Deserto Bianco<\/strong>, assistendo al precursore delle formazioni pi\u00f9 drammatiche a venire. Infine, la tua giornata si conclude con il <strong>campeggio nel Parco Nazionale del Deserto Bianco<\/strong>, un&#8217;esperienza senza eguali. Al calar della sera, godrai di una <strong>cena barbecue<\/strong> sotto le limpide stelle del deserto, creando un finale davvero magico per il tuo primo giorno.<\/p>\n<p>Pasti: Pranzo, cena<\/p>\n<h3><span style=\"color: #ff6600;\">Giorno 2: Farafra &#8211; Grotta di Djara<\/span><\/h3>\n<p>Il tuo secondo giorno inizia con una deliziosa colazione direttamente al tuo campeggio nel Deserto Bianco. Dopo un inizio rinfrescante, intraprenderai un&#8217;emozionante spedizione nella remota e affascinante <strong>Grotta di Djara<\/strong>, situata a circa 150 km dal <strong>Deserto Bianco<\/strong>. Questo viaggio ti porter\u00e0 pi\u00f9 in profondit\u00e0 nella bellezza incontaminata del Deserto Occidentale.<\/p>\n<p>All&#8217;arrivo alla <strong>Grotta di Djara<\/strong>, avrai molto tempo per esplorare le sue meraviglie nascoste. Ammira le intricate e antiche formazioni di stalattiti e stalagmiti, una testimonianza di milioni di anni di attivit\u00e0 geologica. Prenditi il tempo per scoprire i tesori fossilizzati della grotta e l&#8217;arte rupestre unica, rendendo l&#8217;esperienza di <strong>esplorazione del deserto<\/strong> davvero esclusiva. Trascorri tutto il tempo che desideri, immergendoti nella quieta grandezza di questa meraviglia naturale. Dopo la tua esplorazione, un delizioso pranzo sar\u00e0 servito intorno all&#8217;incantevole <strong>area della Grotta di Djara<\/strong>, permettendoti di rilassarti e riflettere sulle scoperte mattutine in mezzo allo splendido scenario del deserto.<\/p>\n<p>Dopo un pasto soddisfacente, inizierai il tuo viaggio di ritorno verso l&#8217;incantevole <strong>Deserto Bianco<\/strong>, dove ti sistemerai per un&#8217;altra notte memorabile sotto le stelle.<\/p>\n<p>Pasti: Colazione, pranzo, cena<\/p>\n<h3><span style=\"color: #ff6600;\">Giorno 3: Bahariya &#8211; Il Cairo<\/span><\/h3>\n<p>Il tuo ultimo giorno nell&#8217;incantevole Deserto Bianco inizia con una ricca colazione gustata nella natura pura e serena del tuo campeggio. Dopo aver preparato i bagagli, inizierai il tuo viaggio panoramico verso l&#8217;Oasi di Bahariya. Lungo il percorso, la tua avventura continua con una sosta alla <strong>Montagna di Cristallo<\/strong>, una formazione geologica unica che brilla di cristalli di quarzo, offrendo un affascinante spettacolo naturale e ottime opportunit\u00e0 fotografiche.<\/p>\n<p>Dopo la visita alla sorgente, tornerai all&#8217;Oasi di Bahariya, dove ti aspetta un delizioso pranzo tradizionale in una casa locale. Dopo un pasto soddisfacente, inizierai il tuo comodo trasferimento di ritorno al Cairo, concludendo la tua indimenticabile <strong>spedizione di 3 giorni nel Deserto Bianco e nella Grotta di Djara<\/strong>.<\/p>\n<p>Pasti: Colazione, pranzo<\/p>\n<h3><span style=\"color: #ff6600;\">Prezzo del Escursione di 3 giorni al deserto bianco e alla grotta di Djara dal Cairo<\/span><\/h3>\n<ul>\n<li>Prezzo Adulto = <strong>300 \u20ac<\/strong><\/li>\n<li>Bambini 0-5 anni = <strong>gratis<\/strong><\/li>\n<li>Bambini 5-11 anni = <strong>50% del prezzo adulto<\/strong><\/li>\n<\/ul>\n<h3><span style=\"color: #ff6600;\">Prenotazione<\/span><\/h3>\n<p>Puoi prenotare il tuo tour tramite WhatsApp o inviarci una E-mail e riceverai la conferma immediatamente.<\/p>\n<p>Ti preghiamo di inviarci il nome del tuo hotel, il numero della camera e le copie del passaporto.<\/p>\n<p>WhatsApp: +201000852186<\/p>\n<p>info@egytourpackages.com<\/p>\n<h3><span style=\"color: #ff6600;\">Prenota Ora<\/span><\/h3>\n<p>Prenota i tuoi tour safari nel deserto egiziano preferiti e ricevi la conferma immediatamente.<\/p>\n<h3><span style=\"color: #ff6600;\">Pagamento<\/span><\/h3>\n<p>Puoi pagare in lire egiziane, $, \u20ac o \u00a3.<\/p>\n<h3><span style=\"color: #ff6600;\">Politica di Cancellazione<\/span><\/h3>\n<p>La cancellazione \u00e8 gratuita fino a 2 giorni prima.<\/p>\n","protected":false},"excerpt":{"rendered":"<p>Scopri Escursione di 3 giorni al deserto bianco e alla grotta di Djara dal Cairo! Avventura indimenticabile tra formazioni rocciose e storia antica.<\/p>\n","protected":false},"featured_media":2991,"comment_status":"open","ping_status":"closed","template":"","meta":[],"product_brand":[],"product_cat":[1910],"product_tag":[2775,1985,2612],"class_list":{"0":"post-5029","1":"product","2":"type-product","3":"status-publish","4":"has-post-thumbnail","6":"product_cat-tour","7":"product_tag-deserto-nero","8":"product_tag-oasi-di-bahariya","9":"product_tag-tour-safari-nel-deserto-egitto","10":"tour_category-pacchetti-viaggio-egitto","11":"tour_category-safari-nel-deserto-egitto","13":"first","14":"instock","15":"sale","16":"shipping-taxable","17":"purchasable","18":"product-type-tour","19":"has-default-attributes"},"yoast_head":"<!-- This site is optimized with the Yoast SEO Premium plugin v27.4 (Yoast SEO v27.4) - https:\/\/yoast.com\/product\/yoast-seo-premium-wordpress\/ -->\n<title>Escursione di 3 giorni al deserto bianco e alla grotta di Djara dal Cairo<\/title>\n<meta name=\"description\" content=\"Scopri Escursione di 3 giorni al deserto bianco e alla grotta di Djara dal Cairo! Avventura indimenticabile tra formazioni rocciose e storia antica.\" \/>\n<meta name=\"robots\" content=\"index, follow, max-snippet:-1, max-image-preview:large, max-video-preview:-1\" \/>\n<link rel=\"canonical\" href=\"https:\/\/egytourpackages.com\/it\/tour\/escursione-di-3-giorni-al-deserto-bianco-e-alla-grotta-di-djara-dal-cairo\/\" \/>\n<meta property=\"og:locale\" content=\"it_IT\" \/>\n<meta property=\"og:type\" content=\"article\" \/>\n<meta property=\"og:title\" content=\"Escursione di 3 giorni al deserto bianco e alla grotta di Djara dal Cairo\" \/>\n<meta property=\"og:description\" content=\"Scopri Escursione di 3 giorni al deserto bianco e alla grotta di Djara dal Cairo! Avventura indimenticabile tra formazioni rocciose e storia antica.\" \/>\n<meta property=\"og:url\" content=\"https:\/\/egytourpackages.com\/it\/tour\/escursione-di-3-giorni-al-deserto-bianco-e-alla-grotta-di-djara-dal-cairo\/\" \/>\n<meta property=\"og:site_name\" content=\"Pacchetti tour in Egitto\" \/>\n<meta property=\"article:publisher\" content=\"https:\/\/www.facebook.com\/egytourpackages\" \/>\n<meta property=\"article:modified_time\" content=\"2026-01-08T23:07:27+00:00\" \/>\n<meta property=\"og:image\" content=\"https:\/\/egytourpackages.com\/wp-content\/uploads\/2023\/09\/Old-White-Desert.jpg\" \/>\n\t<meta property=\"og:image:width\" content=\"2000\" \/>\n\t<meta property=\"og:image:height\" content=\"1500\" \/>\n\t<meta property=\"og:image:type\" content=\"image\/jpeg\" \/>\n<meta name=\"twitter:card\" content=\"summary_large_image\" \/>\n<meta name=\"twitter:title\" content=\"Escursione di 3 giorni al deserto bianco e alla grotta di Djara dal Cairo\" \/>\n<meta name=\"twitter:description\" content=\"Scopri Escursione di 3 giorni al deserto bianco e alla grotta di Djara dal Cairo! Avventura indimenticabile tra formazioni rocciose e storia antica.\" \/>\n<meta name=\"twitter:label1\" content=\"Prezzo\" \/>\n\t<meta name=\"twitter:data1\" content=\"&euro;290\" \/>\n\t<meta name=\"twitter:label2\" content=\"Disponibilit\u00e0\" \/>\n\t<meta name=\"twitter:data2\" content=\"In stock\" \/>\n<script type=\"application\/ld+json\" class=\"yoast-schema-graph\">{\"@context\":\"https:\\\/\\\/schema.org\",\"@graph\":[{\"@type\":\"WebPage\",\"@id\":\"https:\\\/\\\/egytourpackages.com\\\/it\\\/tour\\\/escursione-di-3-giorni-al-deserto-bianco-e-alla-grotta-di-djara-dal-cairo\\\/\",\"url\":\"https:\\\/\\\/egytourpackages.com\\\/it\\\/tour\\\/escursione-di-3-giorni-al-deserto-bianco-e-alla-grotta-di-djara-dal-cairo\\\/\",\"name\":\"Escursione di 3 giorni al deserto bianco e alla grotta di Djara dal Cairo\",\"isPartOf\":{\"@id\":\"https:\\\/\\\/egytourpackages.com\\\/it\\\/#website\"},\"primaryImageOfPage\":{\"@id\":\"https:\\\/\\\/egytourpackages.com\\\/it\\\/tour\\\/escursione-di-3-giorni-al-deserto-bianco-e-alla-grotta-di-djara-dal-cairo\\\/#primaryimage\"},\"image\":{\"@id\":\"https:\\\/\\\/egytourpackages.com\\\/it\\\/tour\\\/escursione-di-3-giorni-al-deserto-bianco-e-alla-grotta-di-djara-dal-cairo\\\/#primaryimage\"},\"thumbnailUrl\":\"https:\\\/\\\/egytourpackages.com\\\/wp-content\\\/uploads\\\/2023\\\/09\\\/Old-White-Desert.jpg\",\"datePublished\":\"2023-09-16T13:09:23+00:00\",\"dateModified\":\"2026-01-08T23:07:27+00:00\",\"description\":\"Scopri Escursione di 3 giorni al deserto bianco e alla grotta di Djara dal Cairo! Avventura indimenticabile tra formazioni rocciose e storia antica.\",\"breadcrumb\":{\"@id\":\"https:\\\/\\\/egytourpackages.com\\\/it\\\/tour\\\/escursione-di-3-giorni-al-deserto-bianco-e-alla-grotta-di-djara-dal-cairo\\\/#breadcrumb\"},\"inLanguage\":\"it-IT\",\"potentialAction\":[{\"@type\":\"ReadAction\",\"target\":[\"https:\\\/\\\/egytourpackages.com\\\/it\\\/tour\\\/escursione-di-3-giorni-al-deserto-bianco-e-alla-grotta-di-djara-dal-cairo\\\/\"]}]},{\"@type\":\"ImageObject\",\"inLanguage\":\"it-IT\",\"@id\":\"https:\\\/\\\/egytourpackages.com\\\/it\\\/tour\\\/escursione-di-3-giorni-al-deserto-bianco-e-alla-grotta-di-djara-dal-cairo\\\/#primaryimage\",\"url\":\"https:\\\/\\\/egytourpackages.com\\\/wp-content\\\/uploads\\\/2023\\\/09\\\/Old-White-Desert.jpg\",\"contentUrl\":\"https:\\\/\\\/egytourpackages.com\\\/wp-content\\\/uploads\\\/2023\\\/09\\\/Old-White-Desert.jpg\",\"width\":2000,\"height\":1500,\"caption\":\"Deserto Bianco e Grotta di Djara\"},{\"@type\":\"BreadcrumbList\",\"@id\":\"https:\\\/\\\/egytourpackages.com\\\/it\\\/tour\\\/escursione-di-3-giorni-al-deserto-bianco-e-alla-grotta-di-djara-dal-cairo\\\/#breadcrumb\",\"itemListElement\":[{\"@type\":\"ListItem\",\"position\":1,\"name\":\"Home\",\"item\":\"https:\\\/\\\/egytourpackages.com\\\/it\\\/\"},{\"@type\":\"ListItem\",\"position\":2,\"name\":\"Negozio\",\"item\":\"https:\\\/\\\/egytourpackages.com\\\/it\\\/negozio\\\/\"},{\"@type\":\"ListItem\",\"position\":3,\"name\":\"Escursione di 3 giorni al deserto bianco e alla grotta di Djara dal Cairo\"}]},{\"@type\":\"WebSite\",\"@id\":\"https:\\\/\\\/egytourpackages.com\\\/it\\\/#website\",\"url\":\"https:\\\/\\\/egytourpackages.com\\\/it\\\/\",\"name\":\"Egy tour packages\",\"description\":\"\",\"publisher\":{\"@id\":\"https:\\\/\\\/egytourpackages.com\\\/it\\\/#organization\"},\"potentialAction\":[{\"@type\":\"SearchAction\",\"target\":{\"@type\":\"EntryPoint\",\"urlTemplate\":\"https:\\\/\\\/egytourpackages.com\\\/it\\\/?s={search_term_string}\"},\"query-input\":{\"@type\":\"PropertyValueSpecification\",\"valueRequired\":true,\"valueName\":\"search_term_string\"}}],\"inLanguage\":\"it-IT\"},{\"@type\":[\"Organization\",\"Place\",\"TravelAgency\"],\"@id\":\"https:\\\/\\\/egytourpackages.com\\\/it\\\/#organization\",\"name\":\"egypt tour packages\",\"alternateName\":\"egypt tour packages\",\"url\":\"https:\\\/\\\/egytourpackages.com\\\/it\\\/\",\"logo\":{\"@id\":\"https:\\\/\\\/egytourpackages.com\\\/it\\\/tour\\\/escursione-di-3-giorni-al-deserto-bianco-e-alla-grotta-di-djara-dal-cairo\\\/#local-main-organization-logo\"},\"image\":{\"@id\":\"https:\\\/\\\/egytourpackages.com\\\/it\\\/tour\\\/escursione-di-3-giorni-al-deserto-bianco-e-alla-grotta-di-djara-dal-cairo\\\/#local-main-organization-logo\"},\"sameAs\":[\"https:\\\/\\\/www.facebook.com\\\/egytourpackages\"],\"legalName\":\"Egy tour packages\",\"address\":{\"@id\":\"https:\\\/\\\/egytourpackages.com\\\/it\\\/tour\\\/escursione-di-3-giorni-al-deserto-bianco-e-alla-grotta-di-djara-dal-cairo\\\/#local-main-place-address\"},\"telephone\":[\"00201000852186\",\"00201028685533\"],\"contactPoint\":{\"@type\":\"ContactPoint\",\"telephone\":\"00201000852186\"},\"openingHoursSpecification\":[{\"@type\":\"OpeningHoursSpecification\",\"dayOfWeek\":[\"Monday\",\"Tuesday\",\"Wednesday\",\"Thursday\",\"Friday\",\"Saturday\",\"Sunday\"],\"opens\":\"00:00\",\"closes\":\"23:59\"}],\"email\":\"info@egytourpackages.com\",\"areaServed\":\"Cairo, Hurghada, Luxor, Sharm El Sheikh, Marsa Alam, Aswan\",\"priceRange\":\"$\",\"currenciesAccepted\":\"euro\",\"paymentAccepted\":\"Payment links online\"},{\"@type\":\"PostalAddress\",\"@id\":\"https:\\\/\\\/egytourpackages.com\\\/it\\\/tour\\\/escursione-di-3-giorni-al-deserto-bianco-e-alla-grotta-di-djara-dal-cairo\\\/#local-main-place-address\",\"streetAddress\":\"Mubarak 8, Al Kawthar District, Hurghada\",\"addressLocality\":\"Hurghada\",\"postalCode\":\"84511\",\"addressRegion\":\"Red Sea\",\"addressCountry\":\"EG\"},{\"@type\":\"ImageObject\",\"inLanguage\":\"it-IT\",\"@id\":\"https:\\\/\\\/egytourpackages.com\\\/it\\\/tour\\\/escursione-di-3-giorni-al-deserto-bianco-e-alla-grotta-di-djara-dal-cairo\\\/#local-main-organization-logo\",\"url\":\"https:\\\/\\\/egytourpackages.com\\\/wp-content\\\/uploads\\\/2025\\\/12\\\/Turquoise-Dahabiya-Nile-Cruise-1.jpeg\",\"contentUrl\":\"https:\\\/\\\/egytourpackages.com\\\/wp-content\\\/uploads\\\/2025\\\/12\\\/Turquoise-Dahabiya-Nile-Cruise-1.jpeg\",\"width\":1040,\"height\":694,\"caption\":\"egypt tour packages\"}]}<\/script>\n<meta property=\"product:brand\" content=\"Pacchetti viaggio Egitto\" \/>\n<meta property=\"product:price:amount\" content=\"290\" \/>\n<meta property=\"product:price:currency\" content=\"EUR\" \/>\n<meta property=\"og:availability\" content=\"instock\" \/>\n<meta property=\"product:availability\" content=\"instock\" \/>\n<meta property=\"product:retailer_item_id\" content=\"EDST01\" \/>\n<meta property=\"product:condition\" content=\"new\" \/>\n<meta name=\"geo.placename\" content=\"Hurghada\" \/>\n<meta name=\"geo.region\" content=\"Egitto\" \/>\n<!-- \/ Yoast SEO Premium plugin. -->","yoast_head_json":{"title":"Escursione di 3 giorni al deserto bianco e alla grotta di Djara dal Cairo","description":"Scopri Escursione di 3 giorni al deserto bianco e alla grotta di Djara dal Cairo! Avventura indimenticabile tra formazioni rocciose e storia antica.","robots":{"index":"index","follow":"follow","max-snippet":"max-snippet:-1","max-image-preview":"max-image-preview:large","max-video-preview":"max-video-preview:-1"},"canonical":"https:\/\/egytourpackages.com\/it\/tour\/escursione-di-3-giorni-al-deserto-bianco-e-alla-grotta-di-djara-dal-cairo\/","og_locale":"it_IT","og_type":"article","og_title":"Escursione di 3 giorni al deserto bianco e alla grotta di Djara dal Cairo","og_description":"Scopri Escursione di 3 giorni al deserto bianco e alla grotta di Djara dal Cairo! Avventura indimenticabile tra formazioni rocciose e storia antica.","og_url":"https:\/\/egytourpackages.com\/it\/tour\/escursione-di-3-giorni-al-deserto-bianco-e-alla-grotta-di-djara-dal-cairo\/","og_site_name":"Pacchetti tour in Egitto","article_publisher":"https:\/\/www.facebook.com\/egytourpackages","article_modified_time":"2026-01-08T23:07:27+00:00","og_image":[{"width":2000,"height":1500,"url":"https:\/\/egytourpackages.com\/wp-content\/uploads\/2023\/09\/Old-White-Desert.jpg","type":"image\/jpeg"}],"twitter_card":"summary_large_image","twitter_title":"Escursione di 3 giorni al deserto bianco e alla grotta di Djara dal Cairo","twitter_description":"Scopri Escursione di 3 giorni al deserto bianco e alla grotta di Djara dal Cairo! Avventura indimenticabile tra formazioni rocciose e storia antica.","twitter_misc":{"Prezzo":"&euro;290","Disponibilit\u00e0":"In stock"},"schema":{"@context":"https:\/\/schema.org","@graph":[{"@type":"WebPage","@id":"https:\/\/egytourpackages.com\/it\/tour\/escursione-di-3-giorni-al-deserto-bianco-e-alla-grotta-di-djara-dal-cairo\/","url":"https:\/\/egytourpackages.com\/it\/tour\/escursione-di-3-giorni-al-deserto-bianco-e-alla-grotta-di-djara-dal-cairo\/","name":"Escursione di 3 giorni al deserto bianco e alla grotta di Djara dal Cairo","isPartOf":{"@id":"https:\/\/egytourpackages.com\/it\/#website"},"primaryImageOfPage":{"@id":"https:\/\/egytourpackages.com\/it\/tour\/escursione-di-3-giorni-al-deserto-bianco-e-alla-grotta-di-djara-dal-cairo\/#primaryimage"},"image":{"@id":"https:\/\/egytourpackages.com\/it\/tour\/escursione-di-3-giorni-al-deserto-bianco-e-alla-grotta-di-djara-dal-cairo\/#primaryimage"},"thumbnailUrl":"https:\/\/egytourpackages.com\/wp-content\/uploads\/2023\/09\/Old-White-Desert.jpg","datePublished":"2023-09-16T13:09:23+00:00","dateModified":"2026-01-08T23:07:27+00:00","description":"Scopri Escursione di 3 giorni al deserto bianco e alla grotta di Djara dal Cairo! Avventura indimenticabile tra formazioni rocciose e storia antica.","breadcrumb":{"@id":"https:\/\/egytourpackages.com\/it\/tour\/escursione-di-3-giorni-al-deserto-bianco-e-alla-grotta-di-djara-dal-cairo\/#breadcrumb"},"inLanguage":"it-IT","potentialAction":[{"@type":"ReadAction","target":["https:\/\/egytourpackages.com\/it\/tour\/escursione-di-3-giorni-al-deserto-bianco-e-alla-grotta-di-djara-dal-cairo\/"]}]},{"@type":"ImageObject","inLanguage":"it-IT","@id":"https:\/\/egytourpackages.com\/it\/tour\/escursione-di-3-giorni-al-deserto-bianco-e-alla-grotta-di-djara-dal-cairo\/#primaryimage","url":"https:\/\/egytourpackages.com\/wp-content\/uploads\/2023\/09\/Old-White-Desert.jpg","contentUrl":"https:\/\/egytourpackages.com\/wp-content\/uploads\/2023\/09\/Old-White-Desert.jpg","width":2000,"height":1500,"caption":"Deserto Bianco e Grotta di Djara"},{"@type":"BreadcrumbList","@id":"https:\/\/egytourpackages.com\/it\/tour\/escursione-di-3-giorni-al-deserto-bianco-e-alla-grotta-di-djara-dal-cairo\/#breadcrumb","itemListElement":[{"@type":"ListItem","position":1,"name":"Home","item":"https:\/\/egytourpackages.com\/it\/"},{"@type":"ListItem","position":2,"name":"Negozio","item":"https:\/\/egytourpackages.com\/it\/negozio\/"},{"@type":"ListItem","position":3,"name":"Escursione di 3 giorni al deserto bianco e alla grotta di Djara dal Cairo"}]},{"@type":"WebSite","@id":"https:\/\/egytourpackages.com\/it\/#website","url":"https:\/\/egytourpackages.com\/it\/","name":"Egy tour packages","description":"","publisher":{"@id":"https:\/\/egytourpackages.com\/it\/#organization"},"potentialAction":[{"@type":"SearchAction","target":{"@type":"EntryPoint","urlTemplate":"https:\/\/egytourpackages.com\/it\/?s={search_term_string}"},"query-input":{"@type":"PropertyValueSpecification","valueRequired":true,"valueName":"search_term_string"}}],"inLanguage":"it-IT"},{"@type":["Organization","Place","TravelAgency"],"@id":"https:\/\/egytourpackages.com\/it\/#organization","name":"egypt tour packages","alternateName":"egypt tour packages","url":"https:\/\/egytourpackages.com\/it\/","logo":{"@id":"https:\/\/egytourpackages.com\/it\/tour\/escursione-di-3-giorni-al-deserto-bianco-e-alla-grotta-di-djara-dal-cairo\/#local-main-organization-logo"},"image":{"@id":"https:\/\/egytourpackages.com\/it\/tour\/escursione-di-3-giorni-al-deserto-bianco-e-alla-grotta-di-djara-dal-cairo\/#local-main-organization-logo"},"sameAs":["https:\/\/www.facebook.com\/egytourpackages"],"legalName":"Egy tour packages","address":{"@id":"https:\/\/egytourpackages.com\/it\/tour\/escursione-di-3-giorni-al-deserto-bianco-e-alla-grotta-di-djara-dal-cairo\/#local-main-place-address"},"telephone":["00201000852186","00201028685533"],"contactPoint":{"@type":"ContactPoint","telephone":"00201000852186"},"openingHoursSpecification":[{"@type":"OpeningHoursSpecification","dayOfWeek":["Monday","Tuesday","Wednesday","Thursday","Friday","Saturday","Sunday"],"opens":"00:00","closes":"23:59"}],"email":"info@egytourpackages.com","areaServed":"Cairo, Hurghada, Luxor, Sharm El Sheikh, Marsa Alam, Aswan","priceRange":"$","currenciesAccepted":"euro","paymentAccepted":"Payment links online"},{"@type":"PostalAddress","@id":"https:\/\/egytourpackages.com\/it\/tour\/escursione-di-3-giorni-al-deserto-bianco-e-alla-grotta-di-djara-dal-cairo\/#local-main-place-address","streetAddress":"Mubarak 8, Al Kawthar District, Hurghada","addressLocality":"Hurghada","postalCode":"84511","addressRegion":"Red Sea","addressCountry":"EG"},{"@type":"ImageObject","inLanguage":"it-IT","@id":"https:\/\/egytourpackages.com\/it\/tour\/escursione-di-3-giorni-al-deserto-bianco-e-alla-grotta-di-djara-dal-cairo\/#local-main-organization-logo","url":"https:\/\/egytourpackages.com\/wp-content\/uploads\/2025\/12\/Turquoise-Dahabiya-Nile-Cruise-1.jpeg","contentUrl":"https:\/\/egytourpackages.com\/wp-content\/uploads\/2025\/12\/Turquoise-Dahabiya-Nile-Cruise-1.jpeg","width":1040,"height":694,"caption":"egypt tour packages"}]},"product_brand":"Pacchetti viaggio Egitto","product_price_amount":"290","product_price_currency":"EUR","og_availability":"instock","product_availability":"instock","product_retailer_item_id":"EDST01","product_condition":"new","geo.placename":"Hurghada","geo.region":"Egitto"},"_links":{"self":[{"href":"https:\/\/egytourpackages.com\/it\/wp-json\/wp\/v2\/product\/5029","targetHints":{"allow":["GET"]}}],"collection":[{"href":"https:\/\/egytourpackages.com\/it\/wp-json\/wp\/v2\/product"}],"about":[{"href":"https:\/\/egytourpackages.com\/it\/wp-json\/wp\/v2\/types\/product"}],"replies":[{"embeddable":true,"href":"https:\/\/egytourpackages.com\/it\/wp-json\/wp\/v2\/comments?post=5029"}],"wp:featuredmedia":[{"embeddable":true,"href":"https:\/\/egytourpackages.com\/it\/wp-json\/wp\/v2\/media\/2991"}],"wp:attachment":[{"href":"https:\/\/egytourpackages.com\/it\/wp-json\/wp\/v2\/media?parent=5029"}],"wp:term":[{"taxonomy":"product_brand","embeddable":true,"href":"https:\/\/egytourpackages.com\/it\/wp-json\/wp\/v2\/product_brand?post=5029"},{"taxonomy":"product_cat","embeddable":true,"href":"https:\/\/egytourpackages.com\/it\/wp-json\/wp\/v2\/product_cat?post=5029"},{"taxonomy":"product_tag","embeddable":true,"href":"https:\/\/egytourpackages.com\/it\/wp-json\/wp\/v2\/product_tag?post=5029"}],"curies":[{"name":"wp","href":"https:\/\/api.w.org\/{rel}","templated":true}]}}