{"id":5138,"date":"2024-06-19T17:32:40","date_gmt":"2024-06-19T17:32:40","guid":{"rendered":"https:\/\/egytourpackages.com\/product\/crociera-di-4-giorni-sul-lago-nasser-da-abu-simbel\/"},"modified":"2026-01-12T23:27:40","modified_gmt":"2026-01-12T23:27:40","slug":"crociera-di-4-giorni-sul-lago-nasser-da-abu-simbel","status":"publish","type":"product","link":"https:\/\/egytourpackages.com\/it\/tour\/crociera-di-4-giorni-sul-lago-nasser-da-abu-simbel\/","title":{"rendered":"Crociera di 4 Giorni sul Lago Nasser da Abu Simbel"},"content":{"rendered":"<p><strong><span style=\"color: #ff6600;\">Crociera di 4 Giorni sul Lago Nasser da Abu Simbel<\/span><\/strong><\/p>\n<p>Prenotare una <strong>Crociera di 4 Giorni sul Lago Nasser da Abu Simbel <\/strong>\u00e8 la scelta ideale per rilassarsi e godere della visita a tutti i <strong>templi nubiani<\/strong> e ai <strong>siti storici egizi<\/strong> con i <strong>tour in Egitto<\/strong>.<\/p>\n<p>Scoprite la culla dell&#8217;<strong>antica civilt\u00e0 egizia<\/strong> navigando le acque serene del <strong>Lago Nasser<\/strong>, un&#8217;alternativa unica alle tradizionali <strong>crociere sul Nilo<\/strong>. Infatti, le nostre <strong>offerte di crociere sul Lago Nasser<\/strong> offrono opportunit\u00e0 impareggiabili per ammirare punti di riferimento iconici, inclusi i magnifici <strong>Templi di Abu Simbel<\/strong>, l&#8217;affascinante <strong>Tempio di Wadi El Seboua<\/strong>, il suggestivo <strong>Beit El Wali<\/strong> e il rinomato <strong>Tempio di Kalabsha<\/strong>.<\/p>\n<p>Come fornitore leader di <strong>tour in Egitto<\/strong> e <strong>vacanze in crociera sul Nilo<\/strong>, ci impegniamo a offrire un servizio eccezionale. La vostra <strong>avventura sul Lago Nasser<\/strong> include la guida esperta di un <strong>egittologo<\/strong>, garantendo un&#8217;esperienza arricchente ed educativa che creer\u00e0 <strong>ricordi indimenticabili<\/strong>.<\/p>\n<p>Assicuratevi la vostra <strong>prenotazione della crociera sul Lago Nasser<\/strong> oggi stesso e beneficiate del nostro <strong>supporto clienti 24\/7<\/strong>, <strong>conferma istantanea<\/strong> e opzioni di <strong>prenotazione gratuita<\/strong>. Esplorate il <strong>meglio dell&#8217;Egitto<\/strong> con i nostri <strong>pacchetti crociera da Abu Simbel ad Assuan<\/strong> altamente valutati e immergetevi nel cuore dell&#8217;<strong>Antico Egitto<\/strong>.<\/p>\n<h3><span style=\"color: #ff6600;\">Dettagli del Tour<\/span><\/h3>\n<ul>\n<li>Durata: 4 Giorni \/ 3 Notti<\/li>\n<li>Localit\u00e0 del Tour: Abu Simbel, Assuan (ogni venerd\u00ec)<\/li>\n<li>Disponibilit\u00e0 del Tour: Su richiesta<\/li>\n<li>Prelevamento e Rilascio: Assuan \/ Assuan<\/li>\n<li>Tipo di Tour: Privato<\/li>\n<li>Adatto per: Coppie, Famiglie, Anziani<\/li>\n<li>Sedia a rotelle: Accessibile<\/li>\n<\/ul>\n<h3><span style=\"color: #ff6600;\">Punti Salienti del Tour<\/span><\/h3>\n<ul>\n<li>Templi di Abu Simbel<\/li>\n<li>Kasr Ibrim<\/li>\n<li>Tempio di Amada<\/li>\n<li>Tempio di Wadi El Seboua<\/li>\n<li>Tempio di Dakka<\/li>\n<li>Tempio di Muharraq<\/li>\n<li>Tempio di Kalabsha<\/li>\n<li>Beit El Wali<\/li>\n<li>Chiosco di Kertassi<\/li>\n<\/ul>\n<h3><span style=\"color: #ff6600;\">Incluso in questo Tour<\/span><\/h3>\n<ul>\n<li>Servizi di incontro e assistenza per arrivo e partenza<\/li>\n<li>Trasferimento di andata e ritorno con veicolo moderno con aria condizionata<\/li>\n<li>3 notti a bordo di una Crociera sul Nilo 5**** con trattamento di pensione completa<\/li>\n<li>Biglietti d&#8217;ingresso per tutti i siti<\/li>\n<li>Guida turistica egittologo<\/li>\n<\/ul>\n<h3><span style=\"color: #ff6600;\">Escluso in questo Tour<\/span><\/h3>\n<ul>\n<li>Bevande a bordo<\/li>\n<li>Biglietto d&#8217;ingresso per lo Spettacolo di Suoni e Luci di Abu Simbel<\/li>\n<li>Mance secondo le tradizioni locali<\/li>\n<\/ul>\n<h3><span style=\"color: #ff6600;\">Cosa Mettere in Valigia<\/span><\/h3>\n<ul>\n<li>Scarpe e vestiti comodi<\/li>\n<li>Vestiti pesanti in inverno<\/li>\n<li>Occhiali da sole<\/li>\n<li>Cappello o Sciarpa<\/li>\n<li>Crema solare<\/li>\n<\/ul>\n<h2><span style=\"color: #ff6600;\">Itinerario<\/span><\/h2>\n<h3><span style=\"color: #ff6600;\">Giorno 1, Luned\u00ec: Assuan &#8211; Abu Simbel<\/span><\/h3>\n<p>La guida di Egy tour packages vi incontrer\u00e0 ad Assuan per accompagnarvi al <strong>villaggio di Abu Simbel<\/strong> e iniziare la vostra <strong>Crociera di 4 Giorni sul Lago Nasser da Abu Simbel ad Assuan<\/strong>. All&#8217;arrivo, effettuerete il check-in e gusterete il vostro <strong>pranzo<\/strong> a bordo della <strong>Crociera sul Nilo<\/strong>. Pi\u00f9 tardi, inizierete il vostro <strong>tour di Abu Simbel<\/strong> con la vostra <strong>guida archeologo<\/strong> che vi fornir\u00e0 un&#8217;infinit\u00e0 di informazioni per spiegarvi ogni dettaglio sui templi. I templi non si trovano pi\u00f9 nella loro posizione originale, ma sono stati tagliati, rimossi e ricostruiti 220 metri pi\u00f9 indietro rispetto al luogo originale e 65 metri pi\u00f9 in alto.<\/p>\n<p>I due templi furono costruiti dal Faraone <strong>Ramses il Grande<\/strong> per s\u00e9 stesso come divinit\u00e0, insieme ad Amon, Rahorakhty e Ptah, e il secondo per sua moglie <strong>Nefertari<\/strong> come Hathor. Avrete tempo per godervi la visita ai due templi prima di tornare alla <strong>Crociera sul Nilo<\/strong> per la <strong>cena<\/strong> e il pernottamento. Inoltre, la sera c&#8217;\u00e8 la possibilit\u00e0 di assistere allo <strong>spettacolo di suoni e luci ad Abu Simbel<\/strong> (a pagamento).<\/p>\n<p><strong>Pasti:<\/strong> Pranzo, Cena<\/p>\n<h3><span style=\"color: #ff6600;\">Giorno 2, Marted\u00ec: Kasr Ibrim \u2013 Amada \u2013 Wadi El Seboua<\/span><\/h3>\n<p>Godetevi la vostra <strong>colazione<\/strong> a bordo della <strong>Crociera sul Nilo<\/strong> prima che la nave salpi per circa 230 km verso <strong>Kasr Ibrim<\/strong>. Purtroppo, il sito non \u00e8 aperto al pubblico, ma la crociera si fermer\u00e0 vicino al tempio per permettervi di scattare foto dal ponte sole. La prossima tappa sar\u00e0 il <strong>Tempio di Amada<\/strong>, il pi\u00f9 antico <strong>tempio nubiano<\/strong> sulla sponda occidentale del Nilo, risalente a <strong>Thutmosis III<\/strong> e <strong>Amenophis II<\/strong> (XVIII Dinastia). Il tempio era dedicato agli dei Amon Ra e Ra Hor Akhty.<\/p>\n<p>Successivamente, proseguirete verso il <strong>Tempio di El Derr<\/strong>, che \u00e8 gravemente danneggiato. Il tour continuer\u00e0 alla <strong>tomba di Penout<\/strong>, un potente vicer\u00e9 nubiano che fu incaricato di fornire pietre per le statue di <strong>Ramses VI<\/strong> nell&#8217;XI secolo a.C. La tomba presenta dipinti molto belli e vivaci sulla <strong>vita nubiana<\/strong> e molte scene dell&#8217;aldil\u00e0. Godetevi il <strong>pranzo<\/strong> a bordo e salpate per <strong>Wadi El Seboua<\/strong> per il pernottamento.<\/p>\n<p><strong>Pasti:<\/strong> Colazione, Pranzo, Cena<\/p>\n<h3><span style=\"color: #ff6600;\">Giorno 3, Mercoled\u00ec: Wadi El Seboua<\/span><\/h3>\n<p>Godetevi la vostra <strong>colazione<\/strong> a bordo, quindi unitevi alla vostra guida per la visita di uno dei templi spostati dopo la costruzione dell&#8217;Alta Diga di Assuan, <strong>Wadi El Seboua<\/strong>. In realt\u00e0, il tempio \u00e8 il secondo tempio pi\u00f9 grande tra i <strong>templi nubiani<\/strong> dopo il grande <strong>Tempio di Abu Simbel<\/strong>. Era dedicato agli dei Amon Ra e Ra Hor Akhty. Successivamente, visiterete il <strong>Tempio di Dakka<\/strong> e il <strong>Tempio di Muharraq<\/strong> non lontano da Wadi El Seboua. Godetevi il <strong>pranzo<\/strong> a bordo della crociera, quindi salpate per <strong>Assuan<\/strong> per il pernottamento.<\/p>\n<p><strong>Pasti:<\/strong> Colazione, Pranzo, Cena<\/p>\n<h3><span style=\"color: #ff6600;\">Giorno 4, Gioved\u00ec: Sbarco<\/span><\/h3>\n<p>Godetevi la vostra ultima <strong>colazione<\/strong> a bordo, quindi iniziate il vostro tour al pi\u00f9 grande tempio indipendente della Nubia, il <strong>Tempio di Kalabsha<\/strong>. Successivamente, nello stesso sito e dietro il <strong>Tempio di Kalabsha<\/strong>, si trova un altro bellissimo tempio risalente al XIII secolo chiamato <strong>Beit El Wali<\/strong>. Il <strong>Tempio di Beit El Wali<\/strong> era dedicato al culto degli dei Amon, il Re degli Dei, e il dio Khnum. Concluderete poi il tour con il <strong>Chiosco di Kertassi<\/strong> prima di essere trasferiti dove desiderate ad Assuan.<\/p>\n<p><strong>Pasti:<\/strong> Colazione<\/p>\n<h3><span style=\"color: #ff6600;\">Prezzi<\/span><\/h3>\n<p>I prezzi sono quotati in $ per persona per viaggio, eccetto durante le festivit\u00e0 di Natale, Capodanno e Pasqua.<\/p>\n<h3><span style=\"color: #ff6600;\">Prezzo Crociera di 4 Giorni sul Lago Nasser da Abu Simbel ad Assuan<\/span><\/h3>\n<ul>\n<li>Prezzo Adulto = 950 <strong>\u20ac<\/strong><\/li>\n<li>Bambini 0-5 anni = gratuiti<\/li>\n<li>Bambini 5-11 anni = 50% del prezzo adulto<\/li>\n<\/ul>\n<h3><span style=\"color: #ff6600;\">Prenotazione<\/span><\/h3>\n<p>Potete prenotare il vostro tour tramite <strong>WhatsApp<\/strong> o inviarci un&#8217;<strong>e-mail<\/strong> e riceverete la conferma sul posto. Vi preghiamo di inviarci il nome del vostro hotel, il numero della camera e le copie dei passaporti.<\/p>\n<p><strong>WhatsApp:<\/strong> +201000852186<\/p>\n<p><strong>info@egytourpackages.com<\/strong><\/p>\n<h3><span style=\"color: #ff6600;\">Prenota Ora e Paga sul Posto<\/span><\/h3>\n<p>Prenota il tuo tour preferito e paga il giorno del viaggio.<\/p>\n<h3><span style=\"color: #ff6600;\">Pagamento<\/span><\/h3>\n<p>Potete pagare in lire egiziane, $, \u20ac o \u00a3.<\/p>\n<h3><span style=\"color: #ff6600;\">Politica di Cancellazione<\/span><\/h3>\n<ul>\n<li>La cancellazione \u00e8 gratuita fino a due settimane prima.<\/li>\n<li>La cancellazione il giorno stesso comporta il 100% del prezzo.<\/li>\n<\/ul>\n","protected":false},"excerpt":{"rendered":"<p>Vivi un&#8217;indimenticabile Crociera di 4 Giorni sul Lago Nasser da Abu Simbel. Ammira templi egizi, Nubia e paesaggi unici. Prenota il tuo viaggio!<\/p>\n","protected":false},"featured_media":3241,"comment_status":"open","ping_status":"closed","template":"","meta":[],"product_brand":[],"product_cat":[1910],"product_tag":[1979,1991,1922,1967],"class_list":{"0":"post-5138","1":"product","2":"type-product","3":"status-publish","4":"has-post-thumbnail","6":"product_cat-tour","7":"product_tag-pacchetti-vacanza-egitto","8":"product_tag-pacchetti-vacanza-egitto-it","9":"product_tag-tour-crociere-sul-nilo-egitto","10":"product_tag-tour-del-tempio-di-abu-simbel","11":"tour_category-crociere-sul-nilo-a-luxor-e-assuan","12":"tour_category-crociere-sul-nilo-in-egitto","13":"tour_category-pacchetti-turistici-di-4-giorni-in-egitto","14":"tour_category-pacchetti-viaggio-egitto","16":"first","17":"instock","18":"sale","19":"shipping-taxable","20":"purchasable","21":"product-type-tour","22":"has-default-attributes"},"yoast_head":"<!-- This site is optimized with the Yoast SEO Premium plugin v27.4 (Yoast SEO v27.4) - https:\/\/yoast.com\/product\/yoast-seo-premium-wordpress\/ -->\n<title>Crociera di 4 Giorni sul Lago Nasser da Abu Simbel<\/title>\n<meta name=\"description\" content=\"Vivi un&#039;indimenticabile Crociera di 4 Giorni sul Lago Nasser da Abu Simbel. Ammira templi egizi, Nubia e paesaggi unici. Prenota il tuo viaggio!\" \/>\n<meta name=\"robots\" content=\"index, follow, max-snippet:-1, max-image-preview:large, max-video-preview:-1\" \/>\n<link rel=\"canonical\" href=\"https:\/\/egytourpackages.com\/it\/tour\/crociera-di-4-giorni-sul-lago-nasser-da-abu-simbel\/\" \/>\n<meta property=\"og:locale\" content=\"it_IT\" \/>\n<meta property=\"og:type\" content=\"article\" \/>\n<meta property=\"og:title\" content=\"Crociera di 4 Giorni sul Lago Nasser da Abu Simbel\" \/>\n<meta property=\"og:description\" content=\"Vivi un&#039;indimenticabile Crociera di 4 Giorni sul Lago Nasser da Abu Simbel. Ammira templi egizi, Nubia e paesaggi unici. Prenota il tuo viaggio!\" \/>\n<meta property=\"og:url\" content=\"https:\/\/egytourpackages.com\/it\/tour\/crociera-di-4-giorni-sul-lago-nasser-da-abu-simbel\/\" \/>\n<meta property=\"og:site_name\" content=\"Pacchetti tour in Egitto\" \/>\n<meta property=\"article:publisher\" content=\"https:\/\/www.facebook.com\/egytourpackages\" \/>\n<meta property=\"article:modified_time\" content=\"2026-01-12T23:27:40+00:00\" \/>\n<meta property=\"og:image\" content=\"https:\/\/egytourpackages.com\/wp-content\/uploads\/2024\/06\/Abu-Simbel-temple-1024x683.jpg\" \/>\n<meta name=\"twitter:card\" content=\"summary_large_image\" \/>\n<meta name=\"twitter:title\" content=\"Crociera di 4 Giorni sul Lago Nasser da Abu Simbel\" \/>\n<meta name=\"twitter:label1\" content=\"Prezzo\" \/>\n\t<meta name=\"twitter:data1\" content=\"&euro;950\" \/>\n\t<meta name=\"twitter:label2\" content=\"Disponibilit\u00e0\" \/>\n\t<meta name=\"twitter:data2\" content=\"In stock\" \/>\n<script type=\"application\/ld+json\" class=\"yoast-schema-graph\">{\"@context\":\"https:\\\/\\\/schema.org\",\"@graph\":[{\"@type\":\"WebPage\",\"@id\":\"https:\\\/\\\/egytourpackages.com\\\/it\\\/tour\\\/crociera-di-4-giorni-sul-lago-nasser-da-abu-simbel\\\/\",\"url\":\"https:\\\/\\\/egytourpackages.com\\\/it\\\/tour\\\/crociera-di-4-giorni-sul-lago-nasser-da-abu-simbel\\\/\",\"name\":\"Crociera di 4 Giorni sul Lago Nasser da Abu Simbel\",\"isPartOf\":{\"@id\":\"https:\\\/\\\/egytourpackages.com\\\/it\\\/#website\"},\"primaryImageOfPage\":{\"@id\":\"https:\\\/\\\/egytourpackages.com\\\/it\\\/tour\\\/crociera-di-4-giorni-sul-lago-nasser-da-abu-simbel\\\/#primaryimage\"},\"image\":{\"@id\":\"https:\\\/\\\/egytourpackages.com\\\/it\\\/tour\\\/crociera-di-4-giorni-sul-lago-nasser-da-abu-simbel\\\/#primaryimage\"},\"thumbnailUrl\":\"https:\\\/\\\/egytourpackages.com\\\/wp-content\\\/uploads\\\/2024\\\/06\\\/Abu-Simbel-temple.jpg\",\"datePublished\":\"2024-06-19T17:32:40+00:00\",\"dateModified\":\"2026-01-12T23:27:40+00:00\",\"description\":\"Vivi un'indimenticabile Crociera di 4 Giorni sul Lago Nasser da Abu Simbel. Ammira templi egizi, Nubia e paesaggi unici. Prenota il tuo viaggio!\",\"breadcrumb\":{\"@id\":\"https:\\\/\\\/egytourpackages.com\\\/it\\\/tour\\\/crociera-di-4-giorni-sul-lago-nasser-da-abu-simbel\\\/#breadcrumb\"},\"inLanguage\":\"it-IT\",\"potentialAction\":[{\"@type\":\"ReadAction\",\"target\":[\"https:\\\/\\\/egytourpackages.com\\\/it\\\/tour\\\/crociera-di-4-giorni-sul-lago-nasser-da-abu-simbel\\\/\"]}]},{\"@type\":\"ImageObject\",\"inLanguage\":\"it-IT\",\"@id\":\"https:\\\/\\\/egytourpackages.com\\\/it\\\/tour\\\/crociera-di-4-giorni-sul-lago-nasser-da-abu-simbel\\\/#primaryimage\",\"url\":\"https:\\\/\\\/egytourpackages.com\\\/wp-content\\\/uploads\\\/2024\\\/06\\\/Abu-Simbel-temple.jpg\",\"contentUrl\":\"https:\\\/\\\/egytourpackages.com\\\/wp-content\\\/uploads\\\/2024\\\/06\\\/Abu-Simbel-temple.jpg\",\"width\":1950,\"height\":1300,\"caption\":\"Crociera di 4 Giorni sul Lago Nasser da Abu Simbel\"},{\"@type\":\"BreadcrumbList\",\"@id\":\"https:\\\/\\\/egytourpackages.com\\\/it\\\/tour\\\/crociera-di-4-giorni-sul-lago-nasser-da-abu-simbel\\\/#breadcrumb\",\"itemListElement\":[{\"@type\":\"ListItem\",\"position\":1,\"name\":\"Home\",\"item\":\"https:\\\/\\\/egytourpackages.com\\\/it\\\/\"},{\"@type\":\"ListItem\",\"position\":2,\"name\":\"Negozio\",\"item\":\"https:\\\/\\\/egytourpackages.com\\\/it\\\/negozio\\\/\"},{\"@type\":\"ListItem\",\"position\":3,\"name\":\"Crociera di 4 Giorni sul Lago Nasser da Abu Simbel\"}]},{\"@type\":\"WebSite\",\"@id\":\"https:\\\/\\\/egytourpackages.com\\\/it\\\/#website\",\"url\":\"https:\\\/\\\/egytourpackages.com\\\/it\\\/\",\"name\":\"Egy tour packages\",\"description\":\"\",\"publisher\":{\"@id\":\"https:\\\/\\\/egytourpackages.com\\\/it\\\/#organization\"},\"potentialAction\":[{\"@type\":\"SearchAction\",\"target\":{\"@type\":\"EntryPoint\",\"urlTemplate\":\"https:\\\/\\\/egytourpackages.com\\\/it\\\/?s={search_term_string}\"},\"query-input\":{\"@type\":\"PropertyValueSpecification\",\"valueRequired\":true,\"valueName\":\"search_term_string\"}}],\"inLanguage\":\"it-IT\"},{\"@type\":[\"Organization\",\"Place\",\"TravelAgency\"],\"@id\":\"https:\\\/\\\/egytourpackages.com\\\/it\\\/#organization\",\"name\":\"egypt tour packages\",\"alternateName\":\"egypt tour packages\",\"url\":\"https:\\\/\\\/egytourpackages.com\\\/it\\\/\",\"logo\":{\"@id\":\"https:\\\/\\\/egytourpackages.com\\\/it\\\/tour\\\/crociera-di-4-giorni-sul-lago-nasser-da-abu-simbel\\\/#local-main-organization-logo\"},\"image\":{\"@id\":\"https:\\\/\\\/egytourpackages.com\\\/it\\\/tour\\\/crociera-di-4-giorni-sul-lago-nasser-da-abu-simbel\\\/#local-main-organization-logo\"},\"sameAs\":[\"https:\\\/\\\/www.facebook.com\\\/egytourpackages\"],\"legalName\":\"Egy tour packages\",\"address\":{\"@id\":\"https:\\\/\\\/egytourpackages.com\\\/it\\\/tour\\\/crociera-di-4-giorni-sul-lago-nasser-da-abu-simbel\\\/#local-main-place-address\"},\"telephone\":[\"00201000852186\",\"00201028685533\"],\"contactPoint\":{\"@type\":\"ContactPoint\",\"telephone\":\"00201000852186\"},\"openingHoursSpecification\":[{\"@type\":\"OpeningHoursSpecification\",\"dayOfWeek\":[\"Monday\",\"Tuesday\",\"Wednesday\",\"Thursday\",\"Friday\",\"Saturday\",\"Sunday\"],\"opens\":\"00:00\",\"closes\":\"23:59\"}],\"email\":\"info@egytourpackages.com\",\"areaServed\":\"Cairo, Hurghada, Luxor, Sharm El Sheikh, Marsa Alam, Aswan\",\"priceRange\":\"$\",\"currenciesAccepted\":\"euro\",\"paymentAccepted\":\"Payment links online\"},{\"@type\":\"PostalAddress\",\"@id\":\"https:\\\/\\\/egytourpackages.com\\\/it\\\/tour\\\/crociera-di-4-giorni-sul-lago-nasser-da-abu-simbel\\\/#local-main-place-address\",\"streetAddress\":\"Mubarak 8, Al Kawthar District, Hurghada\",\"addressLocality\":\"Hurghada\",\"postalCode\":\"84511\",\"addressRegion\":\"Red Sea\",\"addressCountry\":\"EG\"},{\"@type\":\"ImageObject\",\"inLanguage\":\"it-IT\",\"@id\":\"https:\\\/\\\/egytourpackages.com\\\/it\\\/tour\\\/crociera-di-4-giorni-sul-lago-nasser-da-abu-simbel\\\/#local-main-organization-logo\",\"url\":\"https:\\\/\\\/egytourpackages.com\\\/wp-content\\\/uploads\\\/2025\\\/12\\\/Turquoise-Dahabiya-Nile-Cruise-1.jpeg\",\"contentUrl\":\"https:\\\/\\\/egytourpackages.com\\\/wp-content\\\/uploads\\\/2025\\\/12\\\/Turquoise-Dahabiya-Nile-Cruise-1.jpeg\",\"width\":1040,\"height\":694,\"caption\":\"egypt tour packages\"}]}<\/script>\n<meta property=\"product:brand\" content=\"Crociere sul Nilo a Luxor e Assuan\" \/>\n<meta property=\"product:price:amount\" content=\"950\" \/>\n<meta property=\"product:price:currency\" content=\"EUR\" \/>\n<meta property=\"og:availability\" content=\"instock\" \/>\n<meta property=\"product:availability\" content=\"instock\" \/>\n<meta property=\"product:retailer_item_id\" content=\"ENCT14\" \/>\n<meta property=\"product:condition\" content=\"new\" \/>\n<meta name=\"geo.placename\" content=\"Hurghada\" \/>\n<meta name=\"geo.region\" content=\"Egitto\" \/>\n<!-- \/ Yoast SEO Premium plugin. -->","yoast_head_json":{"title":"Crociera di 4 Giorni sul Lago Nasser da Abu Simbel","description":"Vivi un'indimenticabile Crociera di 4 Giorni sul Lago Nasser da Abu Simbel. Ammira templi egizi, Nubia e paesaggi unici. Prenota il tuo viaggio!","robots":{"index":"index","follow":"follow","max-snippet":"max-snippet:-1","max-image-preview":"max-image-preview:large","max-video-preview":"max-video-preview:-1"},"canonical":"https:\/\/egytourpackages.com\/it\/tour\/crociera-di-4-giorni-sul-lago-nasser-da-abu-simbel\/","og_locale":"it_IT","og_type":"article","og_title":"Crociera di 4 Giorni sul Lago Nasser da Abu Simbel","og_description":"Vivi un'indimenticabile Crociera di 4 Giorni sul Lago Nasser da Abu Simbel. Ammira templi egizi, Nubia e paesaggi unici. Prenota il tuo viaggio!","og_url":"https:\/\/egytourpackages.com\/it\/tour\/crociera-di-4-giorni-sul-lago-nasser-da-abu-simbel\/","og_site_name":"Pacchetti tour in Egitto","article_publisher":"https:\/\/www.facebook.com\/egytourpackages","article_modified_time":"2026-01-12T23:27:40+00:00","og_image":[{"url":"https:\/\/egytourpackages.com\/wp-content\/uploads\/2024\/06\/Abu-Simbel-temple-1024x683.jpg","type":"","width":"","height":""}],"twitter_card":"summary_large_image","twitter_title":"Crociera di 4 Giorni sul Lago Nasser da Abu Simbel","twitter_misc":{"Prezzo":"&euro;950","Disponibilit\u00e0":"In stock"},"schema":{"@context":"https:\/\/schema.org","@graph":[{"@type":"WebPage","@id":"https:\/\/egytourpackages.com\/it\/tour\/crociera-di-4-giorni-sul-lago-nasser-da-abu-simbel\/","url":"https:\/\/egytourpackages.com\/it\/tour\/crociera-di-4-giorni-sul-lago-nasser-da-abu-simbel\/","name":"Crociera di 4 Giorni sul Lago Nasser da Abu Simbel","isPartOf":{"@id":"https:\/\/egytourpackages.com\/it\/#website"},"primaryImageOfPage":{"@id":"https:\/\/egytourpackages.com\/it\/tour\/crociera-di-4-giorni-sul-lago-nasser-da-abu-simbel\/#primaryimage"},"image":{"@id":"https:\/\/egytourpackages.com\/it\/tour\/crociera-di-4-giorni-sul-lago-nasser-da-abu-simbel\/#primaryimage"},"thumbnailUrl":"https:\/\/egytourpackages.com\/wp-content\/uploads\/2024\/06\/Abu-Simbel-temple.jpg","datePublished":"2024-06-19T17:32:40+00:00","dateModified":"2026-01-12T23:27:40+00:00","description":"Vivi un'indimenticabile Crociera di 4 Giorni sul Lago Nasser da Abu Simbel. Ammira templi egizi, Nubia e paesaggi unici. Prenota il tuo viaggio!","breadcrumb":{"@id":"https:\/\/egytourpackages.com\/it\/tour\/crociera-di-4-giorni-sul-lago-nasser-da-abu-simbel\/#breadcrumb"},"inLanguage":"it-IT","potentialAction":[{"@type":"ReadAction","target":["https:\/\/egytourpackages.com\/it\/tour\/crociera-di-4-giorni-sul-lago-nasser-da-abu-simbel\/"]}]},{"@type":"ImageObject","inLanguage":"it-IT","@id":"https:\/\/egytourpackages.com\/it\/tour\/crociera-di-4-giorni-sul-lago-nasser-da-abu-simbel\/#primaryimage","url":"https:\/\/egytourpackages.com\/wp-content\/uploads\/2024\/06\/Abu-Simbel-temple.jpg","contentUrl":"https:\/\/egytourpackages.com\/wp-content\/uploads\/2024\/06\/Abu-Simbel-temple.jpg","width":1950,"height":1300,"caption":"Crociera di 4 Giorni sul Lago Nasser da Abu Simbel"},{"@type":"BreadcrumbList","@id":"https:\/\/egytourpackages.com\/it\/tour\/crociera-di-4-giorni-sul-lago-nasser-da-abu-simbel\/#breadcrumb","itemListElement":[{"@type":"ListItem","position":1,"name":"Home","item":"https:\/\/egytourpackages.com\/it\/"},{"@type":"ListItem","position":2,"name":"Negozio","item":"https:\/\/egytourpackages.com\/it\/negozio\/"},{"@type":"ListItem","position":3,"name":"Crociera di 4 Giorni sul Lago Nasser da Abu Simbel"}]},{"@type":"WebSite","@id":"https:\/\/egytourpackages.com\/it\/#website","url":"https:\/\/egytourpackages.com\/it\/","name":"Egy tour packages","description":"","publisher":{"@id":"https:\/\/egytourpackages.com\/it\/#organization"},"potentialAction":[{"@type":"SearchAction","target":{"@type":"EntryPoint","urlTemplate":"https:\/\/egytourpackages.com\/it\/?s={search_term_string}"},"query-input":{"@type":"PropertyValueSpecification","valueRequired":true,"valueName":"search_term_string"}}],"inLanguage":"it-IT"},{"@type":["Organization","Place","TravelAgency"],"@id":"https:\/\/egytourpackages.com\/it\/#organization","name":"egypt tour packages","alternateName":"egypt tour packages","url":"https:\/\/egytourpackages.com\/it\/","logo":{"@id":"https:\/\/egytourpackages.com\/it\/tour\/crociera-di-4-giorni-sul-lago-nasser-da-abu-simbel\/#local-main-organization-logo"},"image":{"@id":"https:\/\/egytourpackages.com\/it\/tour\/crociera-di-4-giorni-sul-lago-nasser-da-abu-simbel\/#local-main-organization-logo"},"sameAs":["https:\/\/www.facebook.com\/egytourpackages"],"legalName":"Egy tour packages","address":{"@id":"https:\/\/egytourpackages.com\/it\/tour\/crociera-di-4-giorni-sul-lago-nasser-da-abu-simbel\/#local-main-place-address"},"telephone":["00201000852186","00201028685533"],"contactPoint":{"@type":"ContactPoint","telephone":"00201000852186"},"openingHoursSpecification":[{"@type":"OpeningHoursSpecification","dayOfWeek":["Monday","Tuesday","Wednesday","Thursday","Friday","Saturday","Sunday"],"opens":"00:00","closes":"23:59"}],"email":"info@egytourpackages.com","areaServed":"Cairo, Hurghada, Luxor, Sharm El Sheikh, Marsa Alam, Aswan","priceRange":"$","currenciesAccepted":"euro","paymentAccepted":"Payment links online"},{"@type":"PostalAddress","@id":"https:\/\/egytourpackages.com\/it\/tour\/crociera-di-4-giorni-sul-lago-nasser-da-abu-simbel\/#local-main-place-address","streetAddress":"Mubarak 8, Al Kawthar District, Hurghada","addressLocality":"Hurghada","postalCode":"84511","addressRegion":"Red Sea","addressCountry":"EG"},{"@type":"ImageObject","inLanguage":"it-IT","@id":"https:\/\/egytourpackages.com\/it\/tour\/crociera-di-4-giorni-sul-lago-nasser-da-abu-simbel\/#local-main-organization-logo","url":"https:\/\/egytourpackages.com\/wp-content\/uploads\/2025\/12\/Turquoise-Dahabiya-Nile-Cruise-1.jpeg","contentUrl":"https:\/\/egytourpackages.com\/wp-content\/uploads\/2025\/12\/Turquoise-Dahabiya-Nile-Cruise-1.jpeg","width":1040,"height":694,"caption":"egypt tour packages"}]},"product_brand":"Crociere sul Nilo a Luxor e Assuan","product_price_amount":"950","product_price_currency":"EUR","og_availability":"instock","product_availability":"instock","product_retailer_item_id":"ENCT14","product_condition":"new","geo.placename":"Hurghada","geo.region":"Egitto"},"_links":{"self":[{"href":"https:\/\/egytourpackages.com\/it\/wp-json\/wp\/v2\/product\/5138","targetHints":{"allow":["GET"]}}],"collection":[{"href":"https:\/\/egytourpackages.com\/it\/wp-json\/wp\/v2\/product"}],"about":[{"href":"https:\/\/egytourpackages.com\/it\/wp-json\/wp\/v2\/types\/product"}],"replies":[{"embeddable":true,"href":"https:\/\/egytourpackages.com\/it\/wp-json\/wp\/v2\/comments?post=5138"}],"wp:featuredmedia":[{"embeddable":true,"href":"https:\/\/egytourpackages.com\/it\/wp-json\/wp\/v2\/media\/3241"}],"wp:attachment":[{"href":"https:\/\/egytourpackages.com\/it\/wp-json\/wp\/v2\/media?parent=5138"}],"wp:term":[{"taxonomy":"product_brand","embeddable":true,"href":"https:\/\/egytourpackages.com\/it\/wp-json\/wp\/v2\/product_brand?post=5138"},{"taxonomy":"product_cat","embeddable":true,"href":"https:\/\/egytourpackages.com\/it\/wp-json\/wp\/v2\/product_cat?post=5138"},{"taxonomy":"product_tag","embeddable":true,"href":"https:\/\/egytourpackages.com\/it\/wp-json\/wp\/v2\/product_tag?post=5138"}],"curies":[{"name":"wp","href":"https:\/\/api.w.org\/{rel}","templated":true}]}}