{"id":5298,"date":"2023-08-16T12:26:05","date_gmt":"2023-08-16T12:26:05","guid":{"rendered":"https:\/\/egytourpackages.com\/product\/tour-di-mezza-giornata-alle-piramidi-del-cairo-giro-in-cammello-di-30-minuti\/"},"modified":"2026-01-08T11:24:46","modified_gmt":"2026-01-08T11:24:46","slug":"tour-di-mezza-giornata-alle-piramidi-del-cairo-giro-in-cammello-di-30-minuti","status":"publish","type":"product","link":"https:\/\/egytourpackages.com\/it\/tour\/tour-di-mezza-giornata-alle-piramidi-del-cairo-giro-in-cammello-di-30-minuti\/","title":{"rendered":"Tour di Mezza Giornata alle Piramidi del Cairo &#038; Giro in Cammello di 30 Minuti"},"content":{"rendered":"<p><strong><span style=\"color: #ff6600;\">Tour di Mezza Giornata alle Piramidi del Cairo &amp; Giro in Cammello di 30 Minuti<\/span><\/strong><\/p>\n<p>Prenota un indimenticabile <strong>tour di mezza giornata alle Piramidi di Giza dal Cairo<\/strong>, una scelta eccellente per il <strong>turismo al Cairo<\/strong> e un&#8217;escursione <strong>giornaliera in Egitto<\/strong> imperdibile. Questo <strong>tour privato del Cairo<\/strong> offre un viaggio affascinante indietro nel tempo per esplorare le meraviglie dell&#8217;<strong>antico Egitto<\/strong>. Ammira le iconiche <strong>Grandi Piramidi di Giza<\/strong> \u2013 <strong>Cheope<\/strong> (<strong>Khufu<\/strong>), <strong>Chefren<\/strong> (<strong>Khafre<\/strong>) e <strong>Micerino<\/strong> (<strong>Menkaure<\/strong>) \u2013 e approfondisci la storia avvincente dell&#8217;<strong>Antico Regno<\/strong>.<\/p>\n<p>La tua guida egittologa esperta illuminer\u00e0 i capolavori architettonici e il significato regale di queste antiche strutture. Oltre alle piramidi principali, questo completo <strong>tour di Giza<\/strong> include anche visite alle <strong>Piramidi delle Regine<\/strong>, antiche <strong>fosse delle barche<\/strong> e le <strong>tombe dei costruttori delle piramidi<\/strong>.<\/p>\n<p>Vivi il paesaggio desertico con un emozionante <strong>giro in cammello di 30 minuti alle Piramidi di Giza<\/strong>, aggiungendo un tocco autentico alla tua avventura di <strong>viaggio in Egitto<\/strong>. Goditi la comodit\u00e0 di un veicolo privato, un servizio personalizzato e una guida locale esperta durante questo incredibile <strong>tour delle Piramidi dal Cairo<\/strong>.<\/p>\n<h3><span style=\"color: #ff6600;\">Dettagli del Tour<\/span><\/h3>\n<ul>\n<li><strong>Durata<\/strong>: Tour di mezza giornata<\/li>\n<li><strong>Localit\u00e0 del Tour<\/strong>: Giza<\/li>\n<li><strong>Disponibilit\u00e0 del Tour<\/strong>: Ogni giorno<\/li>\n<li><strong>Pick-up &amp; Drop Off<\/strong>: Hotel del Cairo e Giza<\/li>\n<li><strong>Tipo di Tour<\/strong>: Privato<\/li>\n<\/ul>\n<h3><span style=\"color: #ff6600;\">Punti Salienti del Tour<\/span><\/h3>\n<ul>\n<li>Piramide di Cheope<\/li>\n<li>Piramide di Chefren<\/li>\n<li>Piramide di Micerino<\/li>\n<li>Piramidi delle Regine<\/li>\n<li>Fosse delle Barche<\/li>\n<li>Tombe dei Costruttori delle Piramidi<\/li>\n<li>Panorama<\/li>\n<li>Tempio a Valle<\/li>\n<li>La Grande Sfinge<\/li>\n<\/ul>\n<h3><span style=\"color: #ff6600;\">Inclusioni<\/span><\/h3>\n<ul>\n<li>Trasferimento di andata e ritorno con veicolo moderno A\/C<\/li>\n<li>Guida archeologa esperta<\/li>\n<li>Acqua durante il tour<\/li>\n<li>30 minuti di giro in cammello al panorama<\/li>\n<\/ul>\n<h3><span style=\"color: #ff6600;\">Esclusioni<\/span><\/h3>\n<ul>\n<li>Mance<\/li>\n<li>Eventuali spese personali<\/li>\n<li>Biglietti d&#8217;ingresso per le Piramidi (interno)<\/li>\n<\/ul>\n<h3><span style=\"color: #ff6600;\">Cosa portare<\/span><\/h3>\n<ul>\n<li>Crema solare e occhiali da sole<\/li>\n<li>Cappello o sciarpa<\/li>\n<\/ul>\n<h3><span style=\"color: #ff6600;\">Itinerario<\/span><\/h3>\n<p>Goditi la tua colazione in hotel, poi incontra la tua guida nella hall dell&#8217;hotel per iniziare i tuoi <strong>tour giornalieri del Cairo<\/strong> verso le principali <strong>attrazioni dell&#8217;Egitto<\/strong>, le <strong>Piramidi di Giza<\/strong>. La tua guida risponder\u00e0 alle tre domande pi\u00f9 importanti che ti verranno in mente: Come sono state costruite le Piramidi? Perch\u00e9 sono state costruite le Piramidi? E chi ha costruito le Piramidi?<\/p>\n<p>Mentre ti unisci alla tua guida per goderti il tuo <strong>tour delle Piramidi<\/strong>, potrai entrare all&#8217;interno della <strong>Grande Piramide di Cheope<\/strong> se lo desideri, a pagamento. Inoltre, puoi entrare in una delle <strong>Piramidi delle Regine<\/strong> gratuitamente e vedere le rovine del <strong>Tempio Mortuario di Cheope<\/strong>.<\/p>\n<p>Nel frattempo, potrai scoprire con la tua guida la <strong>Piramide di Chefren<\/strong> e gli otto fori della tenda di <strong>mummificazione<\/strong> trovati accanto al suo Tempio Mortuario. Potrai scattare foto molto belle dal panorama a tutte e tre le Piramidi allineate sui cammelli, incluso nel tour. Puoi anche avvicinarti alla <strong>Piramide di Micerino<\/strong> con le sue coperture di Granito da <strong>Assuan<\/strong>.<\/p>\n<p>Infatti, terminerai i tuoi <strong>tour giornalieri in Egitto<\/strong> alle <strong>Piramidi di Giza<\/strong> con il <strong>Tempio a Valle<\/strong> dove si svolgevano i <strong>rituali di Apertura della Bocca<\/strong>. Infine, raggiungerai la <strong>Grande Sfinge<\/strong> e potrai vedere la <strong>Stele del Sogno<\/strong> e saperne di pi\u00f9 sulla Sfinge femminile scoperta in seguito. Sulla via d&#8217;uscita dalla Sfinge, vedrai alla tua destra le <strong>tombe dei costruttori delle Piramidi<\/strong>.<\/p>\n<h3><span style=\"color: #ff6600;\">Prezzo Tour di Mezza Giornata alle Piramidi dal Cairo<\/span><\/h3>\n<ul>\n<li>Prezzo Adulti = 60 \u20ac<\/li>\n<li>Bambini 0-5 anni = gratuito<\/li>\n<li>Bambini 5-11 anni = 50% del prezzo per adulti<\/li>\n<\/ul>\n<h3><span style=\"color: #ff6600;\">Prenotazione<\/span><\/h3>\n<p>Puoi prenotare il tuo tour tramite WhatsApp o inviarci una E-mail e riceverai la conferma sul posto. Ti preghiamo di inviarci il nome del tuo hotel, il numero della camera e le copie del passaporto.<\/p>\n<p>WhatsApp: +201000852186<\/p>\n<p>info@egytourpackages.com<\/p>\n<h3><span style=\"color: #ff6600;\">Prenota Ora &amp; Paga sul Posto<\/span><\/h3>\n<p>Prenota il tuo tour preferito e paga il giorno del viaggio.<\/p>\n<h3><span style=\"color: #ff6600;\">Pagamento<\/span><\/h3>\n<p>Puoi pagare in Lire Egiziane, USD, \u20ac o \u00a3.<\/p>\n<h3><span style=\"color: #ff6600;\">Politica di Cancellazione<\/span><\/h3>\n<p>Puoi cancellare fino a 24 ore prima gratuitamente.<\/p>\n<h3><span style=\"color: #ff6600;\">Prenotazione &amp; Pagamento<\/span><\/h3>\n<ul>\n<li>Il modo pi\u00f9 semplice \u00e8 prenotare il tuo tour tramite WhatsApp o inviarci una E-mail.<\/li>\n<li>Pagamento sul posto il giorno del viaggio.<\/li>\n<\/ul>\n","protected":false},"excerpt":{"rendered":"<p>Esplora l&#8217;iconico Tour di Mezza Giornata alle Piramidi del Cairo. Inclusi giro in cammello e guida esperta. Un&#8217;avventura egiziana ti aspetta!<\/p>\n","protected":false},"featured_media":9810,"comment_status":"open","ping_status":"closed","template":"","meta":[],"product_brand":[],"product_cat":[1910],"product_tag":[2374,1964,1914],"class_list":{"0":"post-5298","1":"product","2":"type-product","3":"status-publish","4":"has-post-thumbnail","6":"product_cat-tour","7":"product_tag-jednodenni-vylety-do-kahiry","8":"product_tag-piramidi-di-giza","9":"product_tag-tour-giornalieri-in-egitto","10":"tour_category-tour-giornalieri-cairo","11":"tour_category-tour-giornalieri-in-egitto-it","13":"first","14":"instock","15":"sale","16":"shipping-taxable","17":"purchasable","18":"product-type-tour","19":"has-default-attributes"},"yoast_head":"<!-- This site is optimized with the Yoast SEO Premium plugin v27.4 (Yoast SEO v27.4) - https:\/\/yoast.com\/product\/yoast-seo-premium-wordpress\/ -->\n<title>Tour di Mezza Giornata alle Piramidi del Cairo &amp; Giro in Cammello di 30 Minuti<\/title>\n<meta name=\"description\" content=\"Esplora l&#039;iconico Tour di Mezza Giornata alle Piramidi del Cairo. Inclusi giro in cammello e guida esperta. Un&#039;avventura egiziana ti aspetta!\" \/>\n<meta name=\"robots\" content=\"index, follow, max-snippet:-1, max-image-preview:large, max-video-preview:-1\" \/>\n<link rel=\"canonical\" href=\"https:\/\/egytourpackages.com\/it\/tour\/tour-di-mezza-giornata-alle-piramidi-del-cairo-giro-in-cammello-di-30-minuti\/\" \/>\n<meta property=\"og:locale\" content=\"it_IT\" \/>\n<meta property=\"og:type\" content=\"article\" \/>\n<meta property=\"og:title\" content=\"Tour di Mezza Giornata alle Piramidi del Cairo\" \/>\n<meta property=\"og:description\" content=\"Esplora l&#039;iconico Tour di Mezza Giornata alle Piramidi del Cairo. Inclusi giro in cammello e guida esperta. Un&#039;avventura egiziana ti aspetta!\" \/>\n<meta property=\"og:url\" content=\"https:\/\/egytourpackages.com\/it\/tour\/tour-di-mezza-giornata-alle-piramidi-del-cairo-giro-in-cammello-di-30-minuti\/\" \/>\n<meta property=\"og:site_name\" content=\"Pacchetti tour in Egitto\" \/>\n<meta property=\"article:publisher\" content=\"https:\/\/www.facebook.com\/egytourpackages\" \/>\n<meta property=\"article:modified_time\" content=\"2026-01-08T11:24:46+00:00\" \/>\n<meta property=\"og:image\" content=\"https:\/\/egytourpackages.com\/wp-content\/uploads\/2023\/07\/Giza-Pyramids-1-1024x768.jpg\" \/>\n<meta name=\"twitter:card\" content=\"summary_large_image\" \/>\n<meta name=\"twitter:title\" content=\"Tour di Mezza Giornata alle Piramidi del Cairo\" \/>\n<meta name=\"twitter:description\" content=\"Esplora l&#039;iconico Tour di Mezza Giornata alle Piramidi del Cairo. Inclusi giro in cammello e guida esperta. Un&#039;avventura egiziana ti aspetta!\" \/>\n<meta name=\"twitter:image\" content=\"https:\/\/egytourpackages.com\/wp-content\/uploads\/2023\/07\/Giza-Pyramids-1-1024x768.jpg\" \/>\n<meta name=\"twitter:label1\" content=\"Prezzo\" \/>\n\t<meta name=\"twitter:data1\" content=\"&euro;70\" \/>\n\t<meta name=\"twitter:label2\" content=\"Disponibilit\u00e0\" \/>\n\t<meta name=\"twitter:data2\" content=\"In stock\" \/>\n<script type=\"application\/ld+json\" class=\"yoast-schema-graph\">{\"@context\":\"https:\\\/\\\/schema.org\",\"@graph\":[{\"@type\":\"WebPage\",\"@id\":\"https:\\\/\\\/egytourpackages.com\\\/it\\\/tour\\\/tour-di-mezza-giornata-alle-piramidi-del-cairo-giro-in-cammello-di-30-minuti\\\/\",\"url\":\"https:\\\/\\\/egytourpackages.com\\\/it\\\/tour\\\/tour-di-mezza-giornata-alle-piramidi-del-cairo-giro-in-cammello-di-30-minuti\\\/\",\"name\":\"Tour di Mezza Giornata alle Piramidi del Cairo & Giro in Cammello di 30 Minuti\",\"isPartOf\":{\"@id\":\"https:\\\/\\\/egytourpackages.com\\\/it\\\/#website\"},\"primaryImageOfPage\":{\"@id\":\"https:\\\/\\\/egytourpackages.com\\\/it\\\/tour\\\/tour-di-mezza-giornata-alle-piramidi-del-cairo-giro-in-cammello-di-30-minuti\\\/#primaryimage\"},\"image\":{\"@id\":\"https:\\\/\\\/egytourpackages.com\\\/it\\\/tour\\\/tour-di-mezza-giornata-alle-piramidi-del-cairo-giro-in-cammello-di-30-minuti\\\/#primaryimage\"},\"thumbnailUrl\":\"https:\\\/\\\/egytourpackages.com\\\/wp-content\\\/uploads\\\/2023\\\/08\\\/Half-Day-Pyramids-Tour-from-Cairo.jpg\",\"datePublished\":\"2023-08-16T12:26:05+00:00\",\"dateModified\":\"2026-01-08T11:24:46+00:00\",\"description\":\"Esplora l'iconico Tour di Mezza Giornata alle Piramidi del Cairo. Inclusi giro in cammello e guida esperta. Un'avventura egiziana ti aspetta!\",\"breadcrumb\":{\"@id\":\"https:\\\/\\\/egytourpackages.com\\\/it\\\/tour\\\/tour-di-mezza-giornata-alle-piramidi-del-cairo-giro-in-cammello-di-30-minuti\\\/#breadcrumb\"},\"inLanguage\":\"it-IT\",\"potentialAction\":[{\"@type\":\"ReadAction\",\"target\":[\"https:\\\/\\\/egytourpackages.com\\\/it\\\/tour\\\/tour-di-mezza-giornata-alle-piramidi-del-cairo-giro-in-cammello-di-30-minuti\\\/\"]}]},{\"@type\":\"ImageObject\",\"inLanguage\":\"it-IT\",\"@id\":\"https:\\\/\\\/egytourpackages.com\\\/it\\\/tour\\\/tour-di-mezza-giornata-alle-piramidi-del-cairo-giro-in-cammello-di-30-minuti\\\/#primaryimage\",\"url\":\"https:\\\/\\\/egytourpackages.com\\\/wp-content\\\/uploads\\\/2023\\\/08\\\/Half-Day-Pyramids-Tour-from-Cairo.jpg\",\"contentUrl\":\"https:\\\/\\\/egytourpackages.com\\\/wp-content\\\/uploads\\\/2023\\\/08\\\/Half-Day-Pyramids-Tour-from-Cairo.jpg\",\"width\":1600,\"height\":1200,\"caption\":\"Tour di Mezza Giornata alle Piramidi del Cairo\"},{\"@type\":\"BreadcrumbList\",\"@id\":\"https:\\\/\\\/egytourpackages.com\\\/it\\\/tour\\\/tour-di-mezza-giornata-alle-piramidi-del-cairo-giro-in-cammello-di-30-minuti\\\/#breadcrumb\",\"itemListElement\":[{\"@type\":\"ListItem\",\"position\":1,\"name\":\"Home\",\"item\":\"https:\\\/\\\/egytourpackages.com\\\/it\\\/\"},{\"@type\":\"ListItem\",\"position\":2,\"name\":\"Negozio\",\"item\":\"https:\\\/\\\/egytourpackages.com\\\/it\\\/negozio\\\/\"},{\"@type\":\"ListItem\",\"position\":3,\"name\":\"Tour di Mezza Giornata alle Piramidi del Cairo &#038; Giro in Cammello di 30 Minuti\"}]},{\"@type\":\"WebSite\",\"@id\":\"https:\\\/\\\/egytourpackages.com\\\/it\\\/#website\",\"url\":\"https:\\\/\\\/egytourpackages.com\\\/it\\\/\",\"name\":\"Egy tour packages\",\"description\":\"\",\"publisher\":{\"@id\":\"https:\\\/\\\/egytourpackages.com\\\/it\\\/#organization\"},\"potentialAction\":[{\"@type\":\"SearchAction\",\"target\":{\"@type\":\"EntryPoint\",\"urlTemplate\":\"https:\\\/\\\/egytourpackages.com\\\/it\\\/?s={search_term_string}\"},\"query-input\":{\"@type\":\"PropertyValueSpecification\",\"valueRequired\":true,\"valueName\":\"search_term_string\"}}],\"inLanguage\":\"it-IT\"},{\"@type\":[\"Organization\",\"Place\",\"TravelAgency\"],\"@id\":\"https:\\\/\\\/egytourpackages.com\\\/it\\\/#organization\",\"name\":\"egypt tour packages\",\"alternateName\":\"egypt tour packages\",\"url\":\"https:\\\/\\\/egytourpackages.com\\\/it\\\/\",\"logo\":{\"@id\":\"https:\\\/\\\/egytourpackages.com\\\/it\\\/tour\\\/tour-di-mezza-giornata-alle-piramidi-del-cairo-giro-in-cammello-di-30-minuti\\\/#local-main-organization-logo\"},\"image\":{\"@id\":\"https:\\\/\\\/egytourpackages.com\\\/it\\\/tour\\\/tour-di-mezza-giornata-alle-piramidi-del-cairo-giro-in-cammello-di-30-minuti\\\/#local-main-organization-logo\"},\"sameAs\":[\"https:\\\/\\\/www.facebook.com\\\/egytourpackages\"],\"legalName\":\"Egy tour packages\",\"address\":{\"@id\":\"https:\\\/\\\/egytourpackages.com\\\/it\\\/tour\\\/tour-di-mezza-giornata-alle-piramidi-del-cairo-giro-in-cammello-di-30-minuti\\\/#local-main-place-address\"},\"telephone\":[\"00201000852186\",\"00201028685533\"],\"contactPoint\":{\"@type\":\"ContactPoint\",\"telephone\":\"00201000852186\"},\"openingHoursSpecification\":[{\"@type\":\"OpeningHoursSpecification\",\"dayOfWeek\":[\"Monday\",\"Tuesday\",\"Wednesday\",\"Thursday\",\"Friday\",\"Saturday\",\"Sunday\"],\"opens\":\"00:00\",\"closes\":\"23:59\"}],\"email\":\"info@egytourpackages.com\",\"areaServed\":\"Cairo, Hurghada, Luxor, Sharm El Sheikh, Marsa Alam, Aswan\",\"priceRange\":\"$\",\"currenciesAccepted\":\"euro\",\"paymentAccepted\":\"Payment links online\"},{\"@type\":\"PostalAddress\",\"@id\":\"https:\\\/\\\/egytourpackages.com\\\/it\\\/tour\\\/tour-di-mezza-giornata-alle-piramidi-del-cairo-giro-in-cammello-di-30-minuti\\\/#local-main-place-address\",\"streetAddress\":\"Mubarak 8, Al Kawthar District, Hurghada\",\"addressLocality\":\"Hurghada\",\"postalCode\":\"84511\",\"addressRegion\":\"Red Sea\",\"addressCountry\":\"EG\"},{\"@type\":\"ImageObject\",\"inLanguage\":\"it-IT\",\"@id\":\"https:\\\/\\\/egytourpackages.com\\\/it\\\/tour\\\/tour-di-mezza-giornata-alle-piramidi-del-cairo-giro-in-cammello-di-30-minuti\\\/#local-main-organization-logo\",\"url\":\"https:\\\/\\\/egytourpackages.com\\\/wp-content\\\/uploads\\\/2025\\\/12\\\/Turquoise-Dahabiya-Nile-Cruise-1.jpeg\",\"contentUrl\":\"https:\\\/\\\/egytourpackages.com\\\/wp-content\\\/uploads\\\/2025\\\/12\\\/Turquoise-Dahabiya-Nile-Cruise-1.jpeg\",\"width\":1040,\"height\":694,\"caption\":\"egypt tour packages\"}]}<\/script>\n<meta property=\"product:brand\" content=\"Tour giornalieri Cairo\" \/>\n<meta property=\"product:price:amount\" content=\"70\" \/>\n<meta property=\"product:price:currency\" content=\"EUR\" \/>\n<meta property=\"og:availability\" content=\"instock\" \/>\n<meta property=\"product:availability\" content=\"instock\" \/>\n<meta property=\"product:retailer_item_id\" content=\"CDT02\" \/>\n<meta property=\"product:condition\" content=\"new\" \/>\n<meta name=\"geo.placename\" content=\"Hurghada\" \/>\n<meta name=\"geo.region\" content=\"Egitto\" \/>\n<!-- \/ Yoast SEO Premium plugin. -->","yoast_head_json":{"title":"Tour di Mezza Giornata alle Piramidi del Cairo & Giro in Cammello di 30 Minuti","description":"Esplora l'iconico Tour di Mezza Giornata alle Piramidi del Cairo. Inclusi giro in cammello e guida esperta. Un'avventura egiziana ti aspetta!","robots":{"index":"index","follow":"follow","max-snippet":"max-snippet:-1","max-image-preview":"max-image-preview:large","max-video-preview":"max-video-preview:-1"},"canonical":"https:\/\/egytourpackages.com\/it\/tour\/tour-di-mezza-giornata-alle-piramidi-del-cairo-giro-in-cammello-di-30-minuti\/","og_locale":"it_IT","og_type":"article","og_title":"Tour di Mezza Giornata alle Piramidi del Cairo","og_description":"Esplora l'iconico Tour di Mezza Giornata alle Piramidi del Cairo. Inclusi giro in cammello e guida esperta. Un'avventura egiziana ti aspetta!","og_url":"https:\/\/egytourpackages.com\/it\/tour\/tour-di-mezza-giornata-alle-piramidi-del-cairo-giro-in-cammello-di-30-minuti\/","og_site_name":"Pacchetti tour in Egitto","article_publisher":"https:\/\/www.facebook.com\/egytourpackages","article_modified_time":"2026-01-08T11:24:46+00:00","og_image":[{"url":"https:\/\/egytourpackages.com\/wp-content\/uploads\/2023\/07\/Giza-Pyramids-1-1024x768.jpg","type":"","width":"","height":""}],"twitter_card":"summary_large_image","twitter_title":"Tour di Mezza Giornata alle Piramidi del Cairo","twitter_description":"Esplora l'iconico Tour di Mezza Giornata alle Piramidi del Cairo. Inclusi giro in cammello e guida esperta. Un'avventura egiziana ti aspetta!","twitter_image":"https:\/\/egytourpackages.com\/wp-content\/uploads\/2023\/07\/Giza-Pyramids-1-1024x768.jpg","twitter_misc":{"Prezzo":"&euro;70","Disponibilit\u00e0":"In stock"},"schema":{"@context":"https:\/\/schema.org","@graph":[{"@type":"WebPage","@id":"https:\/\/egytourpackages.com\/it\/tour\/tour-di-mezza-giornata-alle-piramidi-del-cairo-giro-in-cammello-di-30-minuti\/","url":"https:\/\/egytourpackages.com\/it\/tour\/tour-di-mezza-giornata-alle-piramidi-del-cairo-giro-in-cammello-di-30-minuti\/","name":"Tour di Mezza Giornata alle Piramidi del Cairo & Giro in Cammello di 30 Minuti","isPartOf":{"@id":"https:\/\/egytourpackages.com\/it\/#website"},"primaryImageOfPage":{"@id":"https:\/\/egytourpackages.com\/it\/tour\/tour-di-mezza-giornata-alle-piramidi-del-cairo-giro-in-cammello-di-30-minuti\/#primaryimage"},"image":{"@id":"https:\/\/egytourpackages.com\/it\/tour\/tour-di-mezza-giornata-alle-piramidi-del-cairo-giro-in-cammello-di-30-minuti\/#primaryimage"},"thumbnailUrl":"https:\/\/egytourpackages.com\/wp-content\/uploads\/2023\/08\/Half-Day-Pyramids-Tour-from-Cairo.jpg","datePublished":"2023-08-16T12:26:05+00:00","dateModified":"2026-01-08T11:24:46+00:00","description":"Esplora l'iconico Tour di Mezza Giornata alle Piramidi del Cairo. Inclusi giro in cammello e guida esperta. Un'avventura egiziana ti aspetta!","breadcrumb":{"@id":"https:\/\/egytourpackages.com\/it\/tour\/tour-di-mezza-giornata-alle-piramidi-del-cairo-giro-in-cammello-di-30-minuti\/#breadcrumb"},"inLanguage":"it-IT","potentialAction":[{"@type":"ReadAction","target":["https:\/\/egytourpackages.com\/it\/tour\/tour-di-mezza-giornata-alle-piramidi-del-cairo-giro-in-cammello-di-30-minuti\/"]}]},{"@type":"ImageObject","inLanguage":"it-IT","@id":"https:\/\/egytourpackages.com\/it\/tour\/tour-di-mezza-giornata-alle-piramidi-del-cairo-giro-in-cammello-di-30-minuti\/#primaryimage","url":"https:\/\/egytourpackages.com\/wp-content\/uploads\/2023\/08\/Half-Day-Pyramids-Tour-from-Cairo.jpg","contentUrl":"https:\/\/egytourpackages.com\/wp-content\/uploads\/2023\/08\/Half-Day-Pyramids-Tour-from-Cairo.jpg","width":1600,"height":1200,"caption":"Tour di Mezza Giornata alle Piramidi del Cairo"},{"@type":"BreadcrumbList","@id":"https:\/\/egytourpackages.com\/it\/tour\/tour-di-mezza-giornata-alle-piramidi-del-cairo-giro-in-cammello-di-30-minuti\/#breadcrumb","itemListElement":[{"@type":"ListItem","position":1,"name":"Home","item":"https:\/\/egytourpackages.com\/it\/"},{"@type":"ListItem","position":2,"name":"Negozio","item":"https:\/\/egytourpackages.com\/it\/negozio\/"},{"@type":"ListItem","position":3,"name":"Tour di Mezza Giornata alle Piramidi del Cairo &#038; Giro in Cammello di 30 Minuti"}]},{"@type":"WebSite","@id":"https:\/\/egytourpackages.com\/it\/#website","url":"https:\/\/egytourpackages.com\/it\/","name":"Egy tour packages","description":"","publisher":{"@id":"https:\/\/egytourpackages.com\/it\/#organization"},"potentialAction":[{"@type":"SearchAction","target":{"@type":"EntryPoint","urlTemplate":"https:\/\/egytourpackages.com\/it\/?s={search_term_string}"},"query-input":{"@type":"PropertyValueSpecification","valueRequired":true,"valueName":"search_term_string"}}],"inLanguage":"it-IT"},{"@type":["Organization","Place","TravelAgency"],"@id":"https:\/\/egytourpackages.com\/it\/#organization","name":"egypt tour packages","alternateName":"egypt tour packages","url":"https:\/\/egytourpackages.com\/it\/","logo":{"@id":"https:\/\/egytourpackages.com\/it\/tour\/tour-di-mezza-giornata-alle-piramidi-del-cairo-giro-in-cammello-di-30-minuti\/#local-main-organization-logo"},"image":{"@id":"https:\/\/egytourpackages.com\/it\/tour\/tour-di-mezza-giornata-alle-piramidi-del-cairo-giro-in-cammello-di-30-minuti\/#local-main-organization-logo"},"sameAs":["https:\/\/www.facebook.com\/egytourpackages"],"legalName":"Egy tour packages","address":{"@id":"https:\/\/egytourpackages.com\/it\/tour\/tour-di-mezza-giornata-alle-piramidi-del-cairo-giro-in-cammello-di-30-minuti\/#local-main-place-address"},"telephone":["00201000852186","00201028685533"],"contactPoint":{"@type":"ContactPoint","telephone":"00201000852186"},"openingHoursSpecification":[{"@type":"OpeningHoursSpecification","dayOfWeek":["Monday","Tuesday","Wednesday","Thursday","Friday","Saturday","Sunday"],"opens":"00:00","closes":"23:59"}],"email":"info@egytourpackages.com","areaServed":"Cairo, Hurghada, Luxor, Sharm El Sheikh, Marsa Alam, Aswan","priceRange":"$","currenciesAccepted":"euro","paymentAccepted":"Payment links online"},{"@type":"PostalAddress","@id":"https:\/\/egytourpackages.com\/it\/tour\/tour-di-mezza-giornata-alle-piramidi-del-cairo-giro-in-cammello-di-30-minuti\/#local-main-place-address","streetAddress":"Mubarak 8, Al Kawthar District, Hurghada","addressLocality":"Hurghada","postalCode":"84511","addressRegion":"Red Sea","addressCountry":"EG"},{"@type":"ImageObject","inLanguage":"it-IT","@id":"https:\/\/egytourpackages.com\/it\/tour\/tour-di-mezza-giornata-alle-piramidi-del-cairo-giro-in-cammello-di-30-minuti\/#local-main-organization-logo","url":"https:\/\/egytourpackages.com\/wp-content\/uploads\/2025\/12\/Turquoise-Dahabiya-Nile-Cruise-1.jpeg","contentUrl":"https:\/\/egytourpackages.com\/wp-content\/uploads\/2025\/12\/Turquoise-Dahabiya-Nile-Cruise-1.jpeg","width":1040,"height":694,"caption":"egypt tour packages"}]},"product_brand":"Tour giornalieri Cairo","product_price_amount":"70","product_price_currency":"EUR","og_availability":"instock","product_availability":"instock","product_retailer_item_id":"CDT02","product_condition":"new","geo.placename":"Hurghada","geo.region":"Egitto"},"_links":{"self":[{"href":"https:\/\/egytourpackages.com\/it\/wp-json\/wp\/v2\/product\/5298","targetHints":{"allow":["GET"]}}],"collection":[{"href":"https:\/\/egytourpackages.com\/it\/wp-json\/wp\/v2\/product"}],"about":[{"href":"https:\/\/egytourpackages.com\/it\/wp-json\/wp\/v2\/types\/product"}],"replies":[{"embeddable":true,"href":"https:\/\/egytourpackages.com\/it\/wp-json\/wp\/v2\/comments?post=5298"}],"wp:featuredmedia":[{"embeddable":true,"href":"https:\/\/egytourpackages.com\/it\/wp-json\/wp\/v2\/media\/9810"}],"wp:attachment":[{"href":"https:\/\/egytourpackages.com\/it\/wp-json\/wp\/v2\/media?parent=5298"}],"wp:term":[{"taxonomy":"product_brand","embeddable":true,"href":"https:\/\/egytourpackages.com\/it\/wp-json\/wp\/v2\/product_brand?post=5298"},{"taxonomy":"product_cat","embeddable":true,"href":"https:\/\/egytourpackages.com\/it\/wp-json\/wp\/v2\/product_cat?post=5298"},{"taxonomy":"product_tag","embeddable":true,"href":"https:\/\/egytourpackages.com\/it\/wp-json\/wp\/v2\/product_tag?post=5298"}],"curies":[{"name":"wp","href":"https:\/\/api.w.org\/{rel}","templated":true}]}}