{"id":5326,"date":"2023-07-24T23:22:58","date_gmt":"2023-07-24T23:22:58","guid":{"rendered":"https:\/\/egytourpackages.com\/product\/tour-di-2-giorni-al-cairo-da-el-gouna\/"},"modified":"2026-01-28T23:34:32","modified_gmt":"2026-01-28T23:34:32","slug":"tour-di-2-giorni-al-cairo-da-el-gouna","status":"publish","type":"product","link":"https:\/\/egytourpackages.com\/it\/tour\/tour-di-2-giorni-al-cairo-da-el-gouna\/","title":{"rendered":"Tour di 2 Giorni al Cairo da El Gouna"},"content":{"rendered":"<p><strong><span style=\"color: #ff6600;\">Tour di 2 Giorni al Cairo da El Gouna<\/span><\/strong><\/p>\n<p>Pronto ad andare oltre il Mar Rosso e scoprire le meraviglie dell&#8217;antico Egitto? Questo esclusivo <strong>Tour di 2 Giorni al Cairo da El Gouna<\/strong> \u00e8 pensato per immergerti nei siti archeologici pi\u00f9 famosi del mondo. L&#8217;itinerario copre solitamente i <strong>siti storici pi\u00f9 iconici<\/strong>, incluse le <strong>Piramidi di Giza e la Sfinge<\/strong>, il <strong>Grande Museo Egizio<\/strong> e il <strong>Museo Nazionale della Civilt\u00e0 Egizia<\/strong>. Inoltre, il complesso religioso del <strong>Vecchio Cairo<\/strong> include la <strong>Chiesa Sospesa<\/strong>, la <strong>Chiesa dei Santi Sergio e Bacco<\/strong> e la <strong>Sinagoga Ben Ezra<\/strong>.<\/p>\n<p>Il viaggio include generalmente <strong>trasporto di andata e ritorno<\/strong>, un pernottamento al Cairo, una guida egittologa esperta, i biglietti d&#8217;ingresso e i pranzi giornalieri, offrendo un modo strutturato e conveniente per vivere la ricca storia e cultura del Cairo.<\/p>\n<h3><span style=\"color: #ff6600;\">Dettagli del Tour<\/span><\/h3>\n<ul>\n<li>Durata: 2 Giorni 1 Notte<\/li>\n<li>Localit\u00e0 del Tour: Cairo \/ Giza<\/li>\n<li>Disponibilit\u00e0 del Tour: Tutti i giorni<\/li>\n<li>Prelevamento e Rientro: Hotel di El Gouna<\/li>\n<li>Tipo di Tour: Privato<\/li>\n<\/ul>\n<h3><span style=\"color: #ff6600;\">Punti Salienti del Tour<\/span><\/h3>\n<ul>\n<li>Piramidi di Giza<\/li>\n<li>La Grande Sfinge<\/li>\n<li>Tempio a Valle<\/li>\n<li>Grande Museo Egizio (GEM)<\/li>\n<li>Museo Nazionale della Civilt\u00e0 Egizia (NMEC)<\/li>\n<li>Chiesa Sospesa<\/li>\n<li>Chiesa di Abu Serga e Sinagoga Ben Ezra<\/li>\n<li>Khan El Khalili Bazaar<\/li>\n<\/ul>\n<h3><span style=\"color: #ff6600;\">Inclusioni<\/span><\/h3>\n<ul>\n<li>1 notte in hotel al Cairo con trattamento B\/B (pernottamento e colazione)<\/li>\n<li>Biglietti d&#8217;ingresso per tutte le attrazioni menzionate nel programma<\/li>\n<li>Guida turistica egittologa esperta<\/li>\n<li>Pranzo a Giza<\/li>\n<li>Pranzo al Cairo<\/li>\n<li>Trasferimento di andata e ritorno con veicolo nuovo di zecca<\/li>\n<\/ul>\n<h3><span style=\"color: #ff6600;\">Esclusioni<\/span><\/h3>\n<ul>\n<li>Bevande durante il pranzo<\/li>\n<li>Biglietto d&#8217;ingresso per la Piramide di Cheope e la Piramide di Chefren<\/li>\n<li>Mance<\/li>\n<\/ul>\n<h2><span style=\"color: #ff6600;\">Itinerario<\/span><\/h2>\n<h3><span style=\"color: #ff6600;\">Giorno 1: Esplorazione delle Piramidi di Giza e del Grande Museo Egizio<\/span><\/h3>\n<p>La tua visita all&#8217;iconico <strong>Complesso delle Piramidi di Giza<\/strong> \u00e8 un viaggio attraverso una civilt\u00e0 perduta. Questo vasto sito funerario \u00e8 una citt\u00e0 dei morti, progettata per il viaggio eterno dei faraoni. Ammirerai le tre colossali piramidi principali: la <strong>Grande Piramide di Cheope<\/strong>, la <strong>Piramide di Chefren<\/strong> e la <strong>Piramide di Micerino<\/strong>, ciascuna una tomba monumentale costruita per un faraone della <strong>Quarta Dinastia<\/strong>.<\/p>\n<p>La tua guida ti fornir\u00e0 approfondimenti sull&#8217;architettura e le storie di queste incredibili strutture, incluse le pi\u00f9 piccole <strong>Piramidi delle Regine<\/strong> costruite per le mogli e le figlie dei faraoni, che evidenziano la sofisticata struttura sociale e religiosa dell&#8217;<strong>Antico Regno<\/strong>.<\/p>\n<p>Inoltre, imparerai lo scopo delle <strong>barche solari<\/strong> scoperte vicino alle piramidi; uno di questi vasi in legno perfettamente conservati, creduto fosse usato da Cheope nell&#8217;aldil\u00e0, \u00e8 una scoperta mozzafiato e una testimonianza dell&#8217;antica costruzione navale.<\/p>\n<p>Per un&#8217;apprezzamento pi\u00f9 profondo delle persone che costruirono queste meraviglie, vedrai anche le vicine <strong>tombe dei costruttori di Piramidi<\/strong>, che offrono un inestimabile scorcio sulle loro vite e sfidano i vecchi miti sulla schiavit\u00f9.<\/p>\n<h3><span style=\"color: #ff6600;\">Il Tempio a Valle e la Grande Sfinge<\/span><\/h3>\n<p>Esplora il <strong>Tempio a Valle<\/strong>, un tempio mortuario dove venivano eseguiti antichi rituali e il processo di <strong>mummificazione<\/strong> per i faraoni. Successivamente, rimarrai a bocca aperta davanti alla maestosa <strong>Grande Sfinge<\/strong>. Impara i miti e la storia che circondano questa colossale statua, un guardiano dell&#8217;<strong>Altopiano di Giza<\/strong> per oltre 4.500 anni, e scatta quella foto perfetta.<\/p>\n<h3><span style=\"color: #ff6600;\">Pranzo<\/span><\/h3>\n<p>Goditi un pranzo appena cucinato in un ristorante locale situato appena fuori dall&#8217;area delle Piramidi.<\/p>\n<h3><span style=\"color: #ff6600;\">Tour del Grande Museo Egizio (GEM)<\/span><\/h3>\n<p>Dopo il pasto, ti dirigerai allo spettacolare <strong>Grande Museo Egizio (GEM)<\/strong>, il museo pi\u00f9 grande del mondo dedicato a una singola civilt\u00e0. La tua guida ti condurr\u00e0 attraverso questa struttura all&#8217;avanguardia, mostrando alcune delle sue esposizioni pi\u00f9 notevoli. Ti troverai di fronte al magnifico <strong>Obelisco Sospeso<\/strong> nel <strong>Grande Atrio<\/strong>, vedrai il potente <strong>colosso di Ramses II<\/strong>, e salirai l&#8217;imponente <strong>Grande Scalinata<\/strong>, che presenta oltre 60 manufatti.<\/p>\n<p>Il tour include anche un&#8217;esplorazione delle dodici sale espositive che coprono la storia dell&#8217;Egitto dai <strong>tempi preistorici<\/strong> all&#8217;<strong>era romana<\/strong>, offrendo uno sguardo senza precedenti sulla vita quotidiana, la spiritualit\u00e0 e i risultati artistici di questa straordinaria civilt\u00e0. Inoltre, avrai la possibilit\u00e0 di vedere la collezione completa di oltre 5.000 manufatti dalla <strong>tomba di Tutankhamon<\/strong>. Molti di questi pezzi saranno esposti per la prima volta in assoluto, offrendo un viaggio immersivo nella vita e nell&#8217;eredit\u00e0 del &#8220;re bambino&#8221;. Il museo ospita anche la prima barca solare di Cheope, una straordinaria nave antica. L&#8217;esperienza al GEM \u00e8 una parte essenziale di qualsiasi tour completo delle <strong>attrazioni del Cairo<\/strong>.<\/p>\n<p><strong>Pasti<\/strong>: Colazione, Pranzo<\/p>\n<h3><span style=\"color: #ff6600;\">Giorno 2: Cairo Storico<\/span><\/h3>\n<p>Inizia la giornata con la colazione in hotel, poi effettua il check-out e preparati per un viaggio che si concentra sulla ricca storia della citt\u00e0, dalle sue radici <strong>cristiane copte<\/strong> al suo vibrante <strong>patrimonio islamico<\/strong>.<\/p>\n<h3><span style=\"color: #ff6600;\">Museo Nazionale della Civilt\u00e0 Egizia (NMEC)<\/span><\/h3>\n<p>La tua prima tappa sar\u00e0 il <strong>Museo Nazionale della Civilt\u00e0 Egizia<\/strong>. Questo moderno museo offre una panoramica completa della lunga e continua storia dell&#8217;Egitto, dall&#8217;<strong>era predinastica<\/strong> ai giorni nostri. L&#8217;attrazione principale \u00e8 la <strong>Sala delle Mummie Reali<\/strong>, dove puoi vedere i resti mummificati di faraoni leggendari come il <strong>Re Ramses II<\/strong> e la <strong>Regina Hatshepsut<\/strong>. Questo \u00e8 un must per chiunque sia interessato al passato faraonico.<\/p>\n<h3><span style=\"color: #ff6600;\">Vecchio Cairo Storico<\/span><\/h3>\n<p>Successivamente, esplora le antiche e suggestive strade del <strong>Vecchio Cairo Storico<\/strong>, conosciuto anche come Cairo Copto. Quest&#8217;area \u00e8 un complesso multireligioso dove puoi sperimentare il luogo di nascita del cristianesimo in Egitto. La tua guida ti condurr\u00e0 attraverso questo quartiere storico, fornendo contesto per i siti sacri.<\/p>\n<h3><span style=\"color: #ff6600;\">Complesso Religioso Antico<\/span><\/h3>\n<p>Un punto saliente chiave \u00e8 la visita alla famosa <strong>Chiesa Sospesa<\/strong> (Chiesa di Santa Maria Vergine), una delle chiese pi\u00f9 antiche dell&#8217;Egitto. Il suo nome deriva dalla sua posizione, costruita sulla <strong>Fortezza Romana di Babilonia<\/strong>. Il bellissimo interno e la ricca storia la rendono un luogo potente e sereno da visitare. Inoltre, visiterai la <strong>Chiesa dei Santi Sergio e Bacco (Abu Serga)<\/strong>, ritenuta costruita nel luogo in cui la Sacra Famiglia ripos\u00f2 durante la fuga in Egitto. La <strong>Sinagoga Ben Ezra<\/strong> sar\u00e0 la tua ultima fermata nella zona, la sinagoga pi\u00f9 antica del Cairo, famosa per la scoperta della <strong>Cairo Geniza<\/strong>, una collezione di antichi manoscritti ebraici.<\/p>\n<h3><span style=\"color: #ff6600;\">Pranzo<\/span><\/h3>\n<p>Goditi un pranzo appena cucinato in un ristorante locale al Cairo, dandoti la possibilit\u00e0 di assaggiare l&#8217;autentica cucina egiziana prima della tua ultima tappa.<\/p>\n<h3><span style=\"color: #ff6600;\">Khan El Khalili Bazaar<\/span><\/h3>\n<p>La destinazione finale del tuo <strong>tour di un giorno al Cairo da El Gouna<\/strong> \u00e8 il vivace <strong>Khan El Khalili Bazaar<\/strong>. Questo souk storico, risalente al XIV secolo, \u00e8 una delizia per i sensi. La tua guida ti aiuter\u00e0 a navigare tra i vicoli stretti, dove puoi trovare di tutto, dall&#8217;artigianato fatto a mano alle spezie e ai bellissimi gioielli. \u00c8 il luogo perfetto per mettere in pratica le tue abilit\u00e0 di contrattazione e trovare un souvenir unico per ricordare il tuo viaggio.<\/p>\n<p>Al termine del tuo memorabile tour, sarai trasferito di nuovo al tuo hotel a El Gouna.<\/p>\n<p><strong>Pasti<\/strong>: Pranzo<\/p>\n<h3><span style=\"color: #ff6600;\">Prezzo del Tour di 2 Giorni al Cairo da El Gouna<\/span><\/h3>\n<ul>\n<li>Prezzo Adulto: 250 \u20ac<\/li>\n<li>Bambini 0-5 anni: Gratuito<\/li>\n<li>Bambini 5-11 anni: 50% del prezzo adulto<\/li>\n<\/ul>\n<h3><span style=\"color: #ff6600;\">Prenotazione<\/span><\/h3>\n<p>Puoi prenotare le tue <strong>Escursioni da El Gouna<\/strong> tramite WhatsApp o inviarci un&#8217;e-mail e riceverai la conferma sul posto. Gentilmente, inviaci il nome del tuo hotel, il numero della camera e le copie dei passaporti.<\/p>\n<p>WhatsApp: +201000852186<\/p>\n<p>Email: info@egytourpackages.com<\/p>\n<h3><span style=\"color: #ff6600;\">Prenota Ora &amp; Paga sul posto<\/span><\/h3>\n<p>Prenota il tuo tour preferito e paga il giorno del viaggio.<\/p>\n<h3><span style=\"color: #ff6600;\">Pagamento<\/span><\/h3>\n<p>Puoi pagare in lire egiziane, $, \u20ac o \u00a3.<\/p>\n<h3><span style=\"color: #ff6600;\">Politica di Cancellazione<\/span><\/h3>\n<ul>\n<li>Cancellazione gratuita fino a 24 ore prima<\/li>\n<li>Cancellazione mattutina: 50% del prezzo<\/li>\n<\/ul>\n","protected":false},"excerpt":{"rendered":"<p>Esplora le meraviglie antiche con un Tour di 2 Giorni al Cairo da El Gouna. Ammira le Piramidi, la Sfinge, tesori antichi in musei di fama mondiale<\/p>\n","protected":false},"featured_media":2886,"comment_status":"open","ping_status":"closed","template":"","meta":[],"product_brand":[],"product_cat":[1910],"product_tag":[1970,1923,1964,1914],"class_list":{"0":"post-5326","1":"product","2":"type-product","3":"status-publish","4":"has-post-thumbnail","6":"product_cat-tour","7":"product_tag-escursioni-a-el-gouna","8":"product_tag-pacchetti-turistici-egitto","9":"product_tag-piramidi-di-giza","10":"product_tag-tour-giornalieri-in-egitto","11":"tour_category-escursioni-el-gouna","12":"tour_category-tour-del-cairo-da-hurghada","13":"tour_category-tour-giornalieri-in-egitto-it","15":"first","16":"instock","17":"sale","18":"shipping-taxable","19":"purchasable","20":"product-type-tour","21":"has-default-attributes"},"yoast_head":"<!-- This site is optimized with the Yoast SEO Premium plugin v27.2 (Yoast SEO v27.2) - https:\/\/yoast.com\/product\/yoast-seo-premium-wordpress\/ -->\n<title>Tour di 2 Giorni al Cairo da El Gouna | Migliori Escursioni da El Gouna<\/title>\n<meta name=\"description\" content=\"Esplora le meraviglie antiche con un Tour di 2 Giorni al Cairo da El Gouna. Ammira le Piramidi, la Sfinge, tesori antichi in musei di fama mondiale\" \/>\n<meta name=\"robots\" content=\"index, follow, max-snippet:-1, max-image-preview:large, max-video-preview:-1\" \/>\n<link rel=\"canonical\" href=\"https:\/\/egytourpackages.com\/it\/tour\/tour-di-2-giorni-al-cairo-da-el-gouna\/\" \/>\n<meta property=\"og:locale\" content=\"it_IT\" \/>\n<meta property=\"og:type\" content=\"article\" \/>\n<meta property=\"og:title\" content=\"Tour di 2 Giorni al Cairo da El Gouna | Migliori Escursioni da El Gouna\" \/>\n<meta property=\"og:description\" content=\"Esplora le meraviglie antiche con un Tour di 2 Giorni al Cairo da El Gouna. Ammira le Piramidi, la Sfinge, tesori antichi in musei di fama mondiale\" \/>\n<meta property=\"og:url\" content=\"https:\/\/egytourpackages.com\/it\/tour\/tour-di-2-giorni-al-cairo-da-el-gouna\/\" \/>\n<meta property=\"og:site_name\" content=\"Pacchetti tour in Egitto\" \/>\n<meta property=\"article:publisher\" content=\"https:\/\/www.facebook.com\/egytourpackages\" \/>\n<meta property=\"article:modified_time\" content=\"2026-01-28T23:34:32+00:00\" \/>\n<meta property=\"og:image\" content=\"https:\/\/egytourpackages.com\/wp-content\/uploads\/2023\/07\/The-Great-Sphinx-Cairo.jpg\" \/>\n\t<meta property=\"og:image:width\" content=\"2000\" \/>\n\t<meta property=\"og:image:height\" content=\"1333\" \/>\n\t<meta property=\"og:image:type\" content=\"image\/jpeg\" \/>\n<meta name=\"twitter:card\" content=\"summary_large_image\" \/>\n<meta name=\"twitter:title\" content=\"Tour di 2 Giorni al Cairo da El Gouna | Migliori Escursioni da El Gouna\" \/>\n<meta name=\"twitter:description\" content=\"Esplora le meraviglie antiche con un Tour di 2 Giorni al Cairo da El Gouna. Ammira le Piramidi, la Sfinge, tesori antichi in musei di fama mondiale\" \/>\n<meta name=\"twitter:label1\" content=\"Prezzo\" \/>\n\t<meta name=\"twitter:data1\" content=\"&euro;250\" \/>\n\t<meta name=\"twitter:label2\" content=\"Disponibilit\u00e0\" \/>\n\t<meta name=\"twitter:data2\" content=\"In stock\" \/>\n<script type=\"application\/ld+json\" class=\"yoast-schema-graph\">{\"@context\":\"https:\/\/schema.org\",\"@graph\":[{\"@type\":\"WebPage\",\"@id\":\"https:\/\/egytourpackages.com\/it\/tour\/tour-di-2-giorni-al-cairo-da-el-gouna\/\",\"url\":\"https:\/\/egytourpackages.com\/it\/tour\/tour-di-2-giorni-al-cairo-da-el-gouna\/\",\"name\":\"Tour di 2 Giorni al Cairo da El Gouna | Migliori Escursioni da El Gouna\",\"isPartOf\":{\"@id\":\"https:\/\/egytourpackages.com\/it\/#website\"},\"primaryImageOfPage\":{\"@id\":\"https:\/\/egytourpackages.com\/it\/tour\/tour-di-2-giorni-al-cairo-da-el-gouna\/#primaryimage\"},\"image\":{\"@id\":\"https:\/\/egytourpackages.com\/it\/tour\/tour-di-2-giorni-al-cairo-da-el-gouna\/#primaryimage\"},\"thumbnailUrl\":\"https:\/\/egytourpackages.com\/wp-content\/uploads\/2023\/07\/The-Great-Sphinx-Cairo.jpg\",\"datePublished\":\"2023-07-24T23:22:58+00:00\",\"dateModified\":\"2026-01-28T23:34:32+00:00\",\"description\":\"Esplora le meraviglie antiche con un Tour di 2 Giorni al Cairo da El Gouna. Ammira le Piramidi, la Sfinge, tesori antichi in musei di fama mondiale\",\"breadcrumb\":{\"@id\":\"https:\/\/egytourpackages.com\/it\/tour\/tour-di-2-giorni-al-cairo-da-el-gouna\/#breadcrumb\"},\"inLanguage\":\"it-IT\",\"potentialAction\":[{\"@type\":\"ReadAction\",\"target\":[\"https:\/\/egytourpackages.com\/it\/tour\/tour-di-2-giorni-al-cairo-da-el-gouna\/\"]}]},{\"@type\":\"ImageObject\",\"inLanguage\":\"it-IT\",\"@id\":\"https:\/\/egytourpackages.com\/it\/tour\/tour-di-2-giorni-al-cairo-da-el-gouna\/#primaryimage\",\"url\":\"https:\/\/egytourpackages.com\/wp-content\/uploads\/2023\/07\/The-Great-Sphinx-Cairo.jpg\",\"contentUrl\":\"https:\/\/egytourpackages.com\/wp-content\/uploads\/2023\/07\/The-Great-Sphinx-Cairo.jpg\",\"width\":2000,\"height\":1333,\"caption\":\"La Grande Sfinge, Il Cairo\"},{\"@type\":\"BreadcrumbList\",\"@id\":\"https:\/\/egytourpackages.com\/it\/tour\/tour-di-2-giorni-al-cairo-da-el-gouna\/#breadcrumb\",\"itemListElement\":[{\"@type\":\"ListItem\",\"position\":1,\"name\":\"Home\",\"item\":\"https:\/\/egytourpackages.com\/it\/\"},{\"@type\":\"ListItem\",\"position\":2,\"name\":\"Negozio\",\"item\":\"https:\/\/egytourpackages.com\/it\/negozio\/\"},{\"@type\":\"ListItem\",\"position\":3,\"name\":\"Tour di 2 Giorni al Cairo da El Gouna\"}]},{\"@type\":\"WebSite\",\"@id\":\"https:\/\/egytourpackages.com\/it\/#website\",\"url\":\"https:\/\/egytourpackages.com\/it\/\",\"name\":\"Egy tour packages\",\"description\":\"\",\"publisher\":{\"@id\":\"https:\/\/egytourpackages.com\/it\/#organization\"},\"potentialAction\":[{\"@type\":\"SearchAction\",\"target\":{\"@type\":\"EntryPoint\",\"urlTemplate\":\"https:\/\/egytourpackages.com\/it\/?s={search_term_string}\"},\"query-input\":{\"@type\":\"PropertyValueSpecification\",\"valueRequired\":true,\"valueName\":\"search_term_string\"}}],\"inLanguage\":\"it-IT\"},{\"@type\":[\"Organization\",\"Place\",\"TravelAgency\"],\"@id\":\"https:\/\/egytourpackages.com\/it\/#organization\",\"name\":\"egypt tour packages\",\"alternateName\":\"egypt tour packages\",\"url\":\"https:\/\/egytourpackages.com\/it\/\",\"logo\":{\"@id\":\"https:\/\/egytourpackages.com\/it\/tour\/tour-di-2-giorni-al-cairo-da-el-gouna\/#local-main-organization-logo\"},\"image\":{\"@id\":\"https:\/\/egytourpackages.com\/it\/tour\/tour-di-2-giorni-al-cairo-da-el-gouna\/#local-main-organization-logo\"},\"sameAs\":[\"https:\/\/www.facebook.com\/egytourpackages\"],\"legalName\":\"Egy tour packages\",\"address\":{\"@id\":\"https:\/\/egytourpackages.com\/it\/tour\/tour-di-2-giorni-al-cairo-da-el-gouna\/#local-main-place-address\"},\"telephone\":[\"00201000852186\",\"00201028685533\"],\"contactPoint\":{\"@type\":\"ContactPoint\",\"telephone\":\"00201000852186\"},\"openingHoursSpecification\":[{\"@type\":\"OpeningHoursSpecification\",\"dayOfWeek\":[\"Monday\",\"Tuesday\",\"Wednesday\",\"Thursday\",\"Friday\",\"Saturday\",\"Sunday\"],\"opens\":\"00:00\",\"closes\":\"23:59\"}],\"email\":\"info@egytourpackages.com\",\"areaServed\":\"Cairo, Hurghada, Luxor, Sharm El Sheikh, Marsa Alam, Aswan\",\"priceRange\":\"$\",\"currenciesAccepted\":\"euro\",\"paymentAccepted\":\"Payment links online\"},{\"@type\":\"PostalAddress\",\"@id\":\"https:\/\/egytourpackages.com\/it\/tour\/tour-di-2-giorni-al-cairo-da-el-gouna\/#local-main-place-address\",\"streetAddress\":\"Mubarak 8, Al Kawthar District, Hurghada\",\"addressLocality\":\"Hurghada\",\"postalCode\":\"84511\",\"addressRegion\":\"Red Sea\",\"addressCountry\":\"EG\"},{\"@type\":\"ImageObject\",\"inLanguage\":\"it-IT\",\"@id\":\"https:\/\/egytourpackages.com\/it\/tour\/tour-di-2-giorni-al-cairo-da-el-gouna\/#local-main-organization-logo\",\"url\":\"https:\/\/egytourpackages.com\/wp-content\/uploads\/2025\/12\/Turquoise-Dahabiya-Nile-Cruise-1.jpeg\",\"contentUrl\":\"https:\/\/egytourpackages.com\/wp-content\/uploads\/2025\/12\/Turquoise-Dahabiya-Nile-Cruise-1.jpeg\",\"width\":1040,\"height\":694,\"caption\":\"egypt tour packages\"}]}<\/script>\n<meta property=\"product:brand\" content=\"Escursioni El Gouna\" \/>\n<meta property=\"product:price:amount\" content=\"250\" \/>\n<meta property=\"product:price:currency\" content=\"EUR\" \/>\n<meta property=\"og:availability\" content=\"instock\" \/>\n<meta property=\"product:availability\" content=\"instock\" \/>\n<meta property=\"product:retailer_item_id\" content=\"GDT01\" \/>\n<meta property=\"product:condition\" content=\"new\" \/>\n<meta name=\"geo.placename\" content=\"Hurghada\" \/>\n<meta name=\"geo.region\" content=\"Egitto\" \/>\n<!-- \/ Yoast SEO Premium plugin. -->","yoast_head_json":{"title":"Tour di 2 Giorni al Cairo da El Gouna | Migliori Escursioni da El Gouna","description":"Esplora le meraviglie antiche con un Tour di 2 Giorni al Cairo da El Gouna. Ammira le Piramidi, la Sfinge, tesori antichi in musei di fama mondiale","robots":{"index":"index","follow":"follow","max-snippet":"max-snippet:-1","max-image-preview":"max-image-preview:large","max-video-preview":"max-video-preview:-1"},"canonical":"https:\/\/egytourpackages.com\/it\/tour\/tour-di-2-giorni-al-cairo-da-el-gouna\/","og_locale":"it_IT","og_type":"article","og_title":"Tour di 2 Giorni al Cairo da El Gouna | Migliori Escursioni da El Gouna","og_description":"Esplora le meraviglie antiche con un Tour di 2 Giorni al Cairo da El Gouna. Ammira le Piramidi, la Sfinge, tesori antichi in musei di fama mondiale","og_url":"https:\/\/egytourpackages.com\/it\/tour\/tour-di-2-giorni-al-cairo-da-el-gouna\/","og_site_name":"Pacchetti tour in Egitto","article_publisher":"https:\/\/www.facebook.com\/egytourpackages","article_modified_time":"2026-01-28T23:34:32+00:00","og_image":[{"width":2000,"height":1333,"url":"https:\/\/egytourpackages.com\/wp-content\/uploads\/2023\/07\/The-Great-Sphinx-Cairo.jpg","type":"image\/jpeg"}],"twitter_card":"summary_large_image","twitter_title":"Tour di 2 Giorni al Cairo da El Gouna | Migliori Escursioni da El Gouna","twitter_description":"Esplora le meraviglie antiche con un Tour di 2 Giorni al Cairo da El Gouna. Ammira le Piramidi, la Sfinge, tesori antichi in musei di fama mondiale","twitter_misc":{"Prezzo":"&euro;250","Disponibilit\u00e0":"In stock"},"schema":{"@context":"https:\/\/schema.org","@graph":[{"@type":"WebPage","@id":"https:\/\/egytourpackages.com\/it\/tour\/tour-di-2-giorni-al-cairo-da-el-gouna\/","url":"https:\/\/egytourpackages.com\/it\/tour\/tour-di-2-giorni-al-cairo-da-el-gouna\/","name":"Tour di 2 Giorni al Cairo da El Gouna | Migliori Escursioni da El Gouna","isPartOf":{"@id":"https:\/\/egytourpackages.com\/it\/#website"},"primaryImageOfPage":{"@id":"https:\/\/egytourpackages.com\/it\/tour\/tour-di-2-giorni-al-cairo-da-el-gouna\/#primaryimage"},"image":{"@id":"https:\/\/egytourpackages.com\/it\/tour\/tour-di-2-giorni-al-cairo-da-el-gouna\/#primaryimage"},"thumbnailUrl":"https:\/\/egytourpackages.com\/wp-content\/uploads\/2023\/07\/The-Great-Sphinx-Cairo.jpg","datePublished":"2023-07-24T23:22:58+00:00","dateModified":"2026-01-28T23:34:32+00:00","description":"Esplora le meraviglie antiche con un Tour di 2 Giorni al Cairo da El Gouna. Ammira le Piramidi, la Sfinge, tesori antichi in musei di fama mondiale","breadcrumb":{"@id":"https:\/\/egytourpackages.com\/it\/tour\/tour-di-2-giorni-al-cairo-da-el-gouna\/#breadcrumb"},"inLanguage":"it-IT","potentialAction":[{"@type":"ReadAction","target":["https:\/\/egytourpackages.com\/it\/tour\/tour-di-2-giorni-al-cairo-da-el-gouna\/"]}]},{"@type":"ImageObject","inLanguage":"it-IT","@id":"https:\/\/egytourpackages.com\/it\/tour\/tour-di-2-giorni-al-cairo-da-el-gouna\/#primaryimage","url":"https:\/\/egytourpackages.com\/wp-content\/uploads\/2023\/07\/The-Great-Sphinx-Cairo.jpg","contentUrl":"https:\/\/egytourpackages.com\/wp-content\/uploads\/2023\/07\/The-Great-Sphinx-Cairo.jpg","width":2000,"height":1333,"caption":"La Grande Sfinge, Il Cairo"},{"@type":"BreadcrumbList","@id":"https:\/\/egytourpackages.com\/it\/tour\/tour-di-2-giorni-al-cairo-da-el-gouna\/#breadcrumb","itemListElement":[{"@type":"ListItem","position":1,"name":"Home","item":"https:\/\/egytourpackages.com\/it\/"},{"@type":"ListItem","position":2,"name":"Negozio","item":"https:\/\/egytourpackages.com\/it\/negozio\/"},{"@type":"ListItem","position":3,"name":"Tour di 2 Giorni al Cairo da El Gouna"}]},{"@type":"WebSite","@id":"https:\/\/egytourpackages.com\/it\/#website","url":"https:\/\/egytourpackages.com\/it\/","name":"Egy tour packages","description":"","publisher":{"@id":"https:\/\/egytourpackages.com\/it\/#organization"},"potentialAction":[{"@type":"SearchAction","target":{"@type":"EntryPoint","urlTemplate":"https:\/\/egytourpackages.com\/it\/?s={search_term_string}"},"query-input":{"@type":"PropertyValueSpecification","valueRequired":true,"valueName":"search_term_string"}}],"inLanguage":"it-IT"},{"@type":["Organization","Place","TravelAgency"],"@id":"https:\/\/egytourpackages.com\/it\/#organization","name":"egypt tour packages","alternateName":"egypt tour packages","url":"https:\/\/egytourpackages.com\/it\/","logo":{"@id":"https:\/\/egytourpackages.com\/it\/tour\/tour-di-2-giorni-al-cairo-da-el-gouna\/#local-main-organization-logo"},"image":{"@id":"https:\/\/egytourpackages.com\/it\/tour\/tour-di-2-giorni-al-cairo-da-el-gouna\/#local-main-organization-logo"},"sameAs":["https:\/\/www.facebook.com\/egytourpackages"],"legalName":"Egy tour packages","address":{"@id":"https:\/\/egytourpackages.com\/it\/tour\/tour-di-2-giorni-al-cairo-da-el-gouna\/#local-main-place-address"},"telephone":["00201000852186","00201028685533"],"contactPoint":{"@type":"ContactPoint","telephone":"00201000852186"},"openingHoursSpecification":[{"@type":"OpeningHoursSpecification","dayOfWeek":["Monday","Tuesday","Wednesday","Thursday","Friday","Saturday","Sunday"],"opens":"00:00","closes":"23:59"}],"email":"info@egytourpackages.com","areaServed":"Cairo, Hurghada, Luxor, Sharm El Sheikh, Marsa Alam, Aswan","priceRange":"$","currenciesAccepted":"euro","paymentAccepted":"Payment links online"},{"@type":"PostalAddress","@id":"https:\/\/egytourpackages.com\/it\/tour\/tour-di-2-giorni-al-cairo-da-el-gouna\/#local-main-place-address","streetAddress":"Mubarak 8, Al Kawthar District, Hurghada","addressLocality":"Hurghada","postalCode":"84511","addressRegion":"Red Sea","addressCountry":"EG"},{"@type":"ImageObject","inLanguage":"it-IT","@id":"https:\/\/egytourpackages.com\/it\/tour\/tour-di-2-giorni-al-cairo-da-el-gouna\/#local-main-organization-logo","url":"https:\/\/egytourpackages.com\/wp-content\/uploads\/2025\/12\/Turquoise-Dahabiya-Nile-Cruise-1.jpeg","contentUrl":"https:\/\/egytourpackages.com\/wp-content\/uploads\/2025\/12\/Turquoise-Dahabiya-Nile-Cruise-1.jpeg","width":1040,"height":694,"caption":"egypt tour packages"}]},"product_brand":"Escursioni El Gouna","product_price_amount":"250","product_price_currency":"EUR","og_availability":"instock","product_availability":"instock","product_retailer_item_id":"GDT01","product_condition":"new","geo.placename":"Hurghada","geo.region":"Egitto"},"_links":{"self":[{"href":"https:\/\/egytourpackages.com\/it\/wp-json\/wp\/v2\/product\/5326","targetHints":{"allow":["GET"]}}],"collection":[{"href":"https:\/\/egytourpackages.com\/it\/wp-json\/wp\/v2\/product"}],"about":[{"href":"https:\/\/egytourpackages.com\/it\/wp-json\/wp\/v2\/types\/product"}],"replies":[{"embeddable":true,"href":"https:\/\/egytourpackages.com\/it\/wp-json\/wp\/v2\/comments?post=5326"}],"wp:featuredmedia":[{"embeddable":true,"href":"https:\/\/egytourpackages.com\/it\/wp-json\/wp\/v2\/media\/2886"}],"wp:attachment":[{"href":"https:\/\/egytourpackages.com\/it\/wp-json\/wp\/v2\/media?parent=5326"}],"wp:term":[{"taxonomy":"product_brand","embeddable":true,"href":"https:\/\/egytourpackages.com\/it\/wp-json\/wp\/v2\/product_brand?post=5326"},{"taxonomy":"product_cat","embeddable":true,"href":"https:\/\/egytourpackages.com\/it\/wp-json\/wp\/v2\/product_cat?post=5326"},{"taxonomy":"product_tag","embeddable":true,"href":"https:\/\/egytourpackages.com\/it\/wp-json\/wp\/v2\/product_tag?post=5326"}],"curies":[{"name":"wp","href":"https:\/\/api.w.org\/{rel}","templated":true}]}}