{"id":5408,"date":"2023-08-12T02:59:49","date_gmt":"2023-08-12T02:59:49","guid":{"rendered":"https:\/\/egytourpackages.com\/product\/escursione-privata-al-cairo-dal-porto-di-el-sokhna\/"},"modified":"2026-01-08T11:58:18","modified_gmt":"2026-01-08T11:58:18","slug":"escursione-privata-al-cairo-dal-porto-di-el-sokhna","status":"publish","type":"product","link":"https:\/\/egytourpackages.com\/it\/tour\/escursione-privata-al-cairo-dal-porto-di-el-sokhna\/","title":{"rendered":"Escursione privata al Cairo dal porto di El Sokhna"},"content":{"rendered":"<p><strong><span style=\"color: #ff6600;\">Escursione privata al Cairo dal porto di El Sokhna<\/span><\/strong><\/p>\n<h2><span style=\"color: #ff6600;\">Panoramica<\/span><\/h2>\n<p>Inizia un&#8217;indimenticabile <strong>escursione privata al Cairo<\/strong> direttamente dal <strong>Porto di El Sokhna<\/strong>. Questa esclusiva <strong>escursione a terra<\/strong> \u00e8 pensata per i viaggiatori che desiderano esplorare le meraviglie pi\u00f9 iconiche dell&#8217;Egitto in un solo giorno. In qualit\u00e0 di fornitore di prim&#8217;ordine di <strong>tour in Egitto<\/strong> e <strong>gite di un giorno al Cairo<\/strong>, garantiamo un&#8217;esperienza professionale, confortevole e profondamente arricchente.<\/p>\n<p>Il tuo viaggio nella <strong>storia dell&#8217;antico Egitto<\/strong> inizia con una visita alle famose <strong>Piramidi di Giza<\/strong>, una testimonianza del genio architettonico dei <strong>faraoni<\/strong>. Ammira la <strong>Grande Piramide di Giza<\/strong>, una delle Sette Meraviglie del Mondo Antico, e scatta foto mozzafiato. La tua <strong>guida egittologa esperta<\/strong> ti sveler\u00e0 i segreti dietro queste strutture monumentali e la storia affascinante dei faraoni che le commissionarono.<\/p>\n<p>Successivamente, ti troverai faccia a faccia con l&#8217;enigmatica <strong>Grande Sfinge<\/strong>, il leggendario guardiano dell&#8217;<strong>Altopiano di Giza<\/strong>. Ammira questa colossale statua di calcare e scopri il suo significato mitico nella cultura egizia antica.<\/p>\n<p>Il momento clou del tuo <strong>tour di un giorno al Cairo<\/strong> \u00e8 una visita al nuovissimo <strong>Grande Museo Egizio (GEM)<\/strong>, il pi\u00f9 grande museo archeologico del mondo. Qui, sarai affascinato da una spettacolare collezione di <strong>antichi manufatti egizi<\/strong>, inclusi i famosi <strong>tesori di Tutankhamon<\/strong>. Scopri la maschera d&#8217;oro, il sarcofago reale e innumerevoli altri oggetti inestimabili dalla tomba del re bambino, una vista senza precedenti che un tempo era una meraviglia di Luxor.<\/p>\n<h3><span style=\"color: #ff6600;\">Escursione a Terra dal Porto di El Sokhna<\/span><\/h3>\n<p>Il nostro <strong>tour privato al Cairo dal Porto di El Sokhna<\/strong> \u00e8 progettato per il massimo comfort e convenienza. Viaggia in un veicolo privato con aria condizionata e un autista professionista, garantendo un viaggio senza intoppi e rilassante. La nostra talentuosa <strong>guida egittologa<\/strong> dar\u00e0 vita alla storia con storie e intuizioni affascinanti, rendendo la tua <strong>escursione a terra<\/strong> davvero memorabile.<\/p>\n<p>Prenota oggi la tua <strong>escursione privata al Cairo dal Porto di El Sokhna<\/strong> e lascia che organizziamo l&#8217;avventura perfetta per te. Contattaci ora per personalizzare il tuo <strong>tour in Egitto<\/strong> e creare ricordi che dureranno per tutta la vita.<\/p>\n<h3><span style=\"color: #ff6600;\">Dettagli del Tour<\/span><\/h3>\n<ul>\n<li>Durata: 10 ore<\/li>\n<li>Localit\u00e0 del Tour: Giza &amp; Cairo<\/li>\n<li>Disponibilit\u00e0 del Tour: Su richiesta<\/li>\n<li>Servizio di prelievo e rientro: Porto di El Sokhna<\/li>\n<li>Tipo di Tour: Privato<\/li>\n<li>Adatto per: Coppie, Famiglie, Anziani<\/li>\n<li>Accessibilit\u00e0: Accessibile con sedia a rotelle<\/li>\n<\/ul>\n<h3><span style=\"color: #ff6600;\">Punti Salienti del Tour<\/span><\/h3>\n<p><strong>Cairo e Giza<\/strong><\/p>\n<ul>\n<li>Piramidi di Giza<\/li>\n<li>La Grande Sfinge<\/li>\n<li>Tempio a valle<\/li>\n<li>Tombe dei costruttori delle Piramidi<\/li>\n<li>Il Grande Museo Egizio<\/li>\n<\/ul>\n<h3><span style=\"color: #ff6600;\">Incluso<\/span><\/h3>\n<ul>\n<li>Trasferimento di andata e ritorno con veicolo A\/C<\/li>\n<li>Biglietti d&#8217;ingresso per tutte le attrazioni del programma del Cairo<\/li>\n<li>Guida turistica egittologa<\/li>\n<li>Pranzo<\/li>\n<\/ul>\n<h3><span style=\"color: #ff6600;\">Escluso<\/span><\/h3>\n<ul>\n<li>Bevande durante il pranzo<\/li>\n<li>Biglietto d&#8217;ingresso per la Grande Piramide e la Piramide di Chefren<\/li>\n<li>Mance<\/li>\n<\/ul>\n<h3><span style=\"color: #ff6600;\">Cosa Mettere in Valigia<\/span><\/h3>\n<ul>\n<li>Scarpe e vestiti comodi, specialmente in estate<\/li>\n<li>Vestiti pesanti in inverno<\/li>\n<li>Occhiali da sole, Cappello o Sciarpa<\/li>\n<li>Crema solare in estate<\/li>\n<\/ul>\n<h2><span style=\"color: #ff6600;\">Itinerario<\/span><\/h2>\n<p>Inizia la tua indimenticabile <strong>escursione privata al Cairo<\/strong> direttamente dal <strong>Porto di El Sokhna<\/strong> dopo una deliziosa colazione a bordo. La tua guida privata ti incontrer\u00e0 per iniziare il tuo viaggio esclusivo verso le meraviglie pi\u00f9 famose dell&#8217;antico Egitto.<\/p>\n<p>Questa <strong>escursione a terra<\/strong> \u00e8 sapientemente progettata per massimizzare il tuo tempo, permettendoti di esplorare le principali <strong>attrazioni turistiche dell&#8217;Egitto<\/strong> in comfort e stile. La tua prima tappa \u00e8 il leggendario <strong>Complesso delle Piramidi di Giza<\/strong>, un sito del patrimonio mondiale dell&#8217;UNESCO e una testimonianza senza pari dell&#8217;ingegneria antica.<\/p>\n<p>Avrai l&#8217;opportunit\u00e0 di avvicinarti alle tre piramidi principali: la <strong>Piramide di Cheope (Piramide di Khufu)<\/strong>, la pi\u00f9 grande e famosa; la <strong>Piramide di Chefren (Piramide di Khafre)<\/strong>, che sembra pi\u00f9 alta a causa del suo angolo pi\u00f9 ripido e del terreno pi\u00f9 elevato; e la <strong>Piramide di Micerino<\/strong>, la pi\u00f9 piccola ma non meno magnifica.<\/p>\n<p>Inoltre, la tua <strong>guida egittologa esperta<\/strong> ti porter\u00e0 a vedere le <strong>Piramidi delle Regine<\/strong> e le affascinanti <strong>Tombe dei costruttori delle Piramidi<\/strong>, fornendo intuizioni uniche sulla vita delle persone che hanno costruito queste strutture monumentali. Il momento clou della tua visita al complesso \u00e8 trovarsi faccia a faccia con l&#8217;enigmatica <strong>Grande Sfinge<\/strong>, il colossale guardiano dell&#8217;<strong>Altopiano di Giza<\/strong>. Scopri la sua storia e il suo significato mitico mentre scatti foto incredibili di questo punto di riferimento iconico.<\/p>\n<h3><span style=\"color: #ff6600;\">Grande Museo Egizio (GEM)<\/span><\/h3>\n<p>Dopo un delizioso pranzo in un ristorante locale, il tuo tour continuer\u00e0 verso il magnifico <strong>Grande Museo Egizio (GEM)<\/strong>. In effetti, il GEM \u00e8 uno dei pi\u00f9 grandi musei archeologici del mondo e la nuova casa per una collezione senza pari di antichi manufatti egizi.<\/p>\n<p>Sarai affascinato dagli spettacolari <strong>tesori di Tutankhamon<\/strong>, una collezione che fu scoperta nella sua tomba nella <strong>Valle dei Re a Luxor<\/strong>. Ammira la maschera d&#8217;oro, il sarcofago reale e innumerevoli altri oggetti inestimabili dalla tomba del re bambino, esposti insieme per la prima volta.<\/p>\n<p>Questa parte del tuo tour offre un&#8217;immersione profonda nella ricca storia e nell&#8217;arte dell&#8217;antico Egitto. Questa <strong>escursione privata al Cairo<\/strong> offre un&#8217;esplorazione intima e completa dell&#8217;Altopiano di Giza e delle meraviglie del Grande Museo Egizio, garantendo un&#8217;esperienza davvero memorabile prima del tuo ritorno al <strong>Porto di El Sokhna<\/strong>.<\/p>\n<h3><span style=\"color: #ff6600;\">Prezzo dell&#8217;escursione privata al Cairo dal Porto di El Sokhna<\/span><\/h3>\n<ul>\n<li>Prezzo adulto: 170 \u20ac<\/li>\n<li>Bambini 0-5 anni: gratis<\/li>\n<li>Bambini 5-11 anni: 50% del prezzo per adulto<\/li>\n<\/ul>\n<h3><span style=\"color: #ff6600;\">Prenotazione<\/span><\/h3>\n<p>Puoi prenotare il tuo tour tramite WhatsApp o inviarci una e-mail e riceverai la conferma sul posto.<\/p>\n<p>Ti preghiamo di inviarci il nome del tuo hotel, il numero della stanza e le copie dei passaporti.<\/p>\n<p><strong>WhatsApp<\/strong>: +201000852186<\/p>\n<p><strong>E-mail<\/strong>: info@egytourpackages.com<\/p>\n<h3><span style=\"color: #ff6600;\">Prenota ora e paga sul posto<\/span><\/h3>\n<p>Prenota il tuo tour preferito e paga il giorno della gita.<\/p>\n<h3><span style=\"color: #ff6600;\">Pagamento<\/span><\/h3>\n<p>Puoi pagare in Lire egiziane, $, \u20ac o \u00a3.<\/p>\n<h3><span style=\"color: #ff6600;\">Politica di Cancellazione<\/span><\/h3>\n<p>Puoi cancellare gratuitamente fino a 24 ore prima.<\/p>\n<h3><span style=\"color: #ff6600;\">Prenotazione e Pagamento<\/span><\/h3>\n<ul>\n<li>Il modo pi\u00f9 semplice \u00e8 prenotare il tuo tour tramite WhatsApp o inviarci una e-mail.<\/li>\n<li>Pagamento sul posto il giorno della gita.<\/li>\n<\/ul>\n","protected":false},"excerpt":{"rendered":"<p>Intraprendi un&#8217;indimenticabile Escursione privata al Cairo dal porto di El Sokhna.Esplora le Piramidi di Giza, il Grande Museo Egizio con una guida esperta<\/p>\n","protected":false},"featured_media":2910,"comment_status":"open","ping_status":"closed","template":"","meta":[],"product_brand":[],"product_cat":[1910],"product_tag":[2855,1964],"class_list":{"0":"post-5408","1":"product","2":"type-product","3":"status-publish","4":"has-post-thumbnail","6":"product_cat-tour","7":"product_tag-escursioni-a-terra","8":"product_tag-piramidi-di-giza","9":"tour_category-breve-soggiorno-al-cairo","10":"tour_category-pacchetti-viaggio-egitto","12":"first","13":"instock","14":"sale","15":"shipping-taxable","16":"purchasable","17":"product-type-tour","18":"has-default-attributes"},"yoast_head":"<!-- This site is optimized with the Yoast SEO Premium plugin v27.4 (Yoast SEO v27.4) - https:\/\/yoast.com\/product\/yoast-seo-premium-wordpress\/ -->\n<title>Escursione privata al Cairo dal porto di El Sokhna | Escursioni a Terra<\/title>\n<meta name=\"description\" content=\"Intraprendi un&#039;indimenticabile Escursione privata al Cairo dal porto di El Sokhna.Esplora le Piramidi di Giza, il Grande Museo Egizio con una guida esperta\" \/>\n<meta name=\"robots\" content=\"index, follow, max-snippet:-1, max-image-preview:large, max-video-preview:-1\" \/>\n<link rel=\"canonical\" href=\"https:\/\/egytourpackages.com\/it\/tour\/escursione-privata-al-cairo-dal-porto-di-el-sokhna\/\" \/>\n<meta property=\"og:locale\" content=\"it_IT\" \/>\n<meta property=\"og:type\" content=\"article\" \/>\n<meta property=\"og:title\" content=\"Escursione privata al Cairo dal porto di El Sokhna\" \/>\n<meta property=\"og:description\" content=\"Intraprendi un&#039;indimenticabile Escursione privata al Cairo dal porto di El Sokhna.Esplora le Piramidi di Giza, il Grande Museo Egizio con una guida esperta\" \/>\n<meta property=\"og:url\" content=\"https:\/\/egytourpackages.com\/it\/tour\/escursione-privata-al-cairo-dal-porto-di-el-sokhna\/\" \/>\n<meta property=\"og:site_name\" content=\"Pacchetti tour in Egitto\" \/>\n<meta property=\"article:publisher\" content=\"https:\/\/www.facebook.com\/egytourpackages\" \/>\n<meta property=\"article:modified_time\" content=\"2026-01-08T11:58:18+00:00\" \/>\n<meta property=\"og:image\" content=\"https:\/\/egytourpackages.com\/wp-content\/uploads\/2023\/08\/Khafre-Pyramid-at-Giza-Plateau-1-1024x682.jpg\" \/>\n<meta name=\"twitter:card\" content=\"summary_large_image\" \/>\n<meta name=\"twitter:title\" content=\"Escursione privata al Cairo dal porto di El Sokhna\" \/>\n<meta name=\"twitter:description\" content=\"Intraprendi un&#039;indimenticabile Escursione privata al Cairo dal porto di El Sokhna.Esplora le Piramidi di Giza, il Grande Museo Egizio con una guida esperta\" \/>\n<meta name=\"twitter:image\" content=\"https:\/\/egytourpackages.com\/wp-content\/uploads\/2023\/08\/Khafre-Pyramid-at-Giza-Plateau-1-1024x682.jpg\" \/>\n<meta name=\"twitter:label1\" content=\"Prezzo\" \/>\n\t<meta name=\"twitter:data1\" content=\"&euro;170\" \/>\n\t<meta name=\"twitter:label2\" content=\"Disponibilit\u00e0\" \/>\n\t<meta name=\"twitter:data2\" content=\"In stock\" \/>\n<script type=\"application\/ld+json\" class=\"yoast-schema-graph\">{\"@context\":\"https:\\\/\\\/schema.org\",\"@graph\":[{\"@type\":\"WebPage\",\"@id\":\"https:\\\/\\\/egytourpackages.com\\\/it\\\/tour\\\/escursione-privata-al-cairo-dal-porto-di-el-sokhna\\\/\",\"url\":\"https:\\\/\\\/egytourpackages.com\\\/it\\\/tour\\\/escursione-privata-al-cairo-dal-porto-di-el-sokhna\\\/\",\"name\":\"Escursione privata al Cairo dal porto di El Sokhna | Escursioni a Terra\",\"isPartOf\":{\"@id\":\"https:\\\/\\\/egytourpackages.com\\\/it\\\/#website\"},\"primaryImageOfPage\":{\"@id\":\"https:\\\/\\\/egytourpackages.com\\\/it\\\/tour\\\/escursione-privata-al-cairo-dal-porto-di-el-sokhna\\\/#primaryimage\"},\"image\":{\"@id\":\"https:\\\/\\\/egytourpackages.com\\\/it\\\/tour\\\/escursione-privata-al-cairo-dal-porto-di-el-sokhna\\\/#primaryimage\"},\"thumbnailUrl\":\"https:\\\/\\\/egytourpackages.com\\\/wp-content\\\/uploads\\\/2023\\\/08\\\/Khafre-Pyramid-at-Giza-Plateau-1.jpg\",\"datePublished\":\"2023-08-12T02:59:49+00:00\",\"dateModified\":\"2026-01-08T11:58:18+00:00\",\"description\":\"Intraprendi un'indimenticabile Escursione privata al Cairo dal porto di El Sokhna.Esplora le Piramidi di Giza, il Grande Museo Egizio con una guida esperta\",\"breadcrumb\":{\"@id\":\"https:\\\/\\\/egytourpackages.com\\\/it\\\/tour\\\/escursione-privata-al-cairo-dal-porto-di-el-sokhna\\\/#breadcrumb\"},\"inLanguage\":\"it-IT\",\"potentialAction\":[{\"@type\":\"ReadAction\",\"target\":[\"https:\\\/\\\/egytourpackages.com\\\/it\\\/tour\\\/escursione-privata-al-cairo-dal-porto-di-el-sokhna\\\/\"]}]},{\"@type\":\"ImageObject\",\"inLanguage\":\"it-IT\",\"@id\":\"https:\\\/\\\/egytourpackages.com\\\/it\\\/tour\\\/escursione-privata-al-cairo-dal-porto-di-el-sokhna\\\/#primaryimage\",\"url\":\"https:\\\/\\\/egytourpackages.com\\\/wp-content\\\/uploads\\\/2023\\\/08\\\/Khafre-Pyramid-at-Giza-Plateau-1.jpg\",\"contentUrl\":\"https:\\\/\\\/egytourpackages.com\\\/wp-content\\\/uploads\\\/2023\\\/08\\\/Khafre-Pyramid-at-Giza-Plateau-1.jpg\",\"width\":2000,\"height\":1333,\"caption\":\"Escursione privata al Cairo dal porto di El Sokhna\"},{\"@type\":\"BreadcrumbList\",\"@id\":\"https:\\\/\\\/egytourpackages.com\\\/it\\\/tour\\\/escursione-privata-al-cairo-dal-porto-di-el-sokhna\\\/#breadcrumb\",\"itemListElement\":[{\"@type\":\"ListItem\",\"position\":1,\"name\":\"Home\",\"item\":\"https:\\\/\\\/egytourpackages.com\\\/it\\\/\"},{\"@type\":\"ListItem\",\"position\":2,\"name\":\"Negozio\",\"item\":\"https:\\\/\\\/egytourpackages.com\\\/it\\\/negozio\\\/\"},{\"@type\":\"ListItem\",\"position\":3,\"name\":\"Escursione privata al Cairo dal porto di El Sokhna\"}]},{\"@type\":\"WebSite\",\"@id\":\"https:\\\/\\\/egytourpackages.com\\\/it\\\/#website\",\"url\":\"https:\\\/\\\/egytourpackages.com\\\/it\\\/\",\"name\":\"Egy tour packages\",\"description\":\"\",\"publisher\":{\"@id\":\"https:\\\/\\\/egytourpackages.com\\\/it\\\/#organization\"},\"potentialAction\":[{\"@type\":\"SearchAction\",\"target\":{\"@type\":\"EntryPoint\",\"urlTemplate\":\"https:\\\/\\\/egytourpackages.com\\\/it\\\/?s={search_term_string}\"},\"query-input\":{\"@type\":\"PropertyValueSpecification\",\"valueRequired\":true,\"valueName\":\"search_term_string\"}}],\"inLanguage\":\"it-IT\"},{\"@type\":[\"Organization\",\"Place\",\"TravelAgency\"],\"@id\":\"https:\\\/\\\/egytourpackages.com\\\/it\\\/#organization\",\"name\":\"egypt tour packages\",\"alternateName\":\"egypt tour packages\",\"url\":\"https:\\\/\\\/egytourpackages.com\\\/it\\\/\",\"logo\":{\"@id\":\"https:\\\/\\\/egytourpackages.com\\\/it\\\/tour\\\/escursione-privata-al-cairo-dal-porto-di-el-sokhna\\\/#local-main-organization-logo\"},\"image\":{\"@id\":\"https:\\\/\\\/egytourpackages.com\\\/it\\\/tour\\\/escursione-privata-al-cairo-dal-porto-di-el-sokhna\\\/#local-main-organization-logo\"},\"sameAs\":[\"https:\\\/\\\/www.facebook.com\\\/egytourpackages\"],\"legalName\":\"Egy tour packages\",\"address\":{\"@id\":\"https:\\\/\\\/egytourpackages.com\\\/it\\\/tour\\\/escursione-privata-al-cairo-dal-porto-di-el-sokhna\\\/#local-main-place-address\"},\"telephone\":[\"00201000852186\",\"00201028685533\"],\"contactPoint\":{\"@type\":\"ContactPoint\",\"telephone\":\"00201000852186\"},\"openingHoursSpecification\":[{\"@type\":\"OpeningHoursSpecification\",\"dayOfWeek\":[\"Monday\",\"Tuesday\",\"Wednesday\",\"Thursday\",\"Friday\",\"Saturday\",\"Sunday\"],\"opens\":\"00:00\",\"closes\":\"23:59\"}],\"email\":\"info@egytourpackages.com\",\"areaServed\":\"Cairo, Hurghada, Luxor, Sharm El Sheikh, Marsa Alam, Aswan\",\"priceRange\":\"$\",\"currenciesAccepted\":\"euro\",\"paymentAccepted\":\"Payment links online\"},{\"@type\":\"PostalAddress\",\"@id\":\"https:\\\/\\\/egytourpackages.com\\\/it\\\/tour\\\/escursione-privata-al-cairo-dal-porto-di-el-sokhna\\\/#local-main-place-address\",\"streetAddress\":\"Mubarak 8, Al Kawthar District, Hurghada\",\"addressLocality\":\"Hurghada\",\"postalCode\":\"84511\",\"addressRegion\":\"Red Sea\",\"addressCountry\":\"EG\"},{\"@type\":\"ImageObject\",\"inLanguage\":\"it-IT\",\"@id\":\"https:\\\/\\\/egytourpackages.com\\\/it\\\/tour\\\/escursione-privata-al-cairo-dal-porto-di-el-sokhna\\\/#local-main-organization-logo\",\"url\":\"https:\\\/\\\/egytourpackages.com\\\/wp-content\\\/uploads\\\/2025\\\/12\\\/Turquoise-Dahabiya-Nile-Cruise-1.jpeg\",\"contentUrl\":\"https:\\\/\\\/egytourpackages.com\\\/wp-content\\\/uploads\\\/2025\\\/12\\\/Turquoise-Dahabiya-Nile-Cruise-1.jpeg\",\"width\":1040,\"height\":694,\"caption\":\"egypt tour packages\"}]}<\/script>\n<meta property=\"product:brand\" content=\"Breve soggiorno al Cairo\" \/>\n<meta property=\"product:price:amount\" content=\"170\" \/>\n<meta property=\"product:price:currency\" content=\"EUR\" \/>\n<meta property=\"og:availability\" content=\"instock\" \/>\n<meta property=\"product:availability\" content=\"instock\" \/>\n<meta property=\"product:retailer_item_id\" content=\"CSB07\" \/>\n<meta property=\"product:condition\" content=\"new\" \/>\n<meta name=\"geo.placename\" content=\"Hurghada\" \/>\n<meta name=\"geo.region\" content=\"Egitto\" \/>\n<!-- \/ Yoast SEO Premium plugin. -->","yoast_head_json":{"title":"Escursione privata al Cairo dal porto di El Sokhna | Escursioni a Terra","description":"Intraprendi un'indimenticabile Escursione privata al Cairo dal porto di El Sokhna.Esplora le Piramidi di Giza, il Grande Museo Egizio con una guida esperta","robots":{"index":"index","follow":"follow","max-snippet":"max-snippet:-1","max-image-preview":"max-image-preview:large","max-video-preview":"max-video-preview:-1"},"canonical":"https:\/\/egytourpackages.com\/it\/tour\/escursione-privata-al-cairo-dal-porto-di-el-sokhna\/","og_locale":"it_IT","og_type":"article","og_title":"Escursione privata al Cairo dal porto di El Sokhna","og_description":"Intraprendi un'indimenticabile Escursione privata al Cairo dal porto di El Sokhna.Esplora le Piramidi di Giza, il Grande Museo Egizio con una guida esperta","og_url":"https:\/\/egytourpackages.com\/it\/tour\/escursione-privata-al-cairo-dal-porto-di-el-sokhna\/","og_site_name":"Pacchetti tour in Egitto","article_publisher":"https:\/\/www.facebook.com\/egytourpackages","article_modified_time":"2026-01-08T11:58:18+00:00","og_image":[{"url":"https:\/\/egytourpackages.com\/wp-content\/uploads\/2023\/08\/Khafre-Pyramid-at-Giza-Plateau-1-1024x682.jpg","type":"","width":"","height":""}],"twitter_card":"summary_large_image","twitter_title":"Escursione privata al Cairo dal porto di El Sokhna","twitter_description":"Intraprendi un'indimenticabile Escursione privata al Cairo dal porto di El Sokhna.Esplora le Piramidi di Giza, il Grande Museo Egizio con una guida esperta","twitter_image":"https:\/\/egytourpackages.com\/wp-content\/uploads\/2023\/08\/Khafre-Pyramid-at-Giza-Plateau-1-1024x682.jpg","twitter_misc":{"Prezzo":"&euro;170","Disponibilit\u00e0":"In stock"},"schema":{"@context":"https:\/\/schema.org","@graph":[{"@type":"WebPage","@id":"https:\/\/egytourpackages.com\/it\/tour\/escursione-privata-al-cairo-dal-porto-di-el-sokhna\/","url":"https:\/\/egytourpackages.com\/it\/tour\/escursione-privata-al-cairo-dal-porto-di-el-sokhna\/","name":"Escursione privata al Cairo dal porto di El Sokhna | Escursioni a Terra","isPartOf":{"@id":"https:\/\/egytourpackages.com\/it\/#website"},"primaryImageOfPage":{"@id":"https:\/\/egytourpackages.com\/it\/tour\/escursione-privata-al-cairo-dal-porto-di-el-sokhna\/#primaryimage"},"image":{"@id":"https:\/\/egytourpackages.com\/it\/tour\/escursione-privata-al-cairo-dal-porto-di-el-sokhna\/#primaryimage"},"thumbnailUrl":"https:\/\/egytourpackages.com\/wp-content\/uploads\/2023\/08\/Khafre-Pyramid-at-Giza-Plateau-1.jpg","datePublished":"2023-08-12T02:59:49+00:00","dateModified":"2026-01-08T11:58:18+00:00","description":"Intraprendi un'indimenticabile Escursione privata al Cairo dal porto di El Sokhna.Esplora le Piramidi di Giza, il Grande Museo Egizio con una guida esperta","breadcrumb":{"@id":"https:\/\/egytourpackages.com\/it\/tour\/escursione-privata-al-cairo-dal-porto-di-el-sokhna\/#breadcrumb"},"inLanguage":"it-IT","potentialAction":[{"@type":"ReadAction","target":["https:\/\/egytourpackages.com\/it\/tour\/escursione-privata-al-cairo-dal-porto-di-el-sokhna\/"]}]},{"@type":"ImageObject","inLanguage":"it-IT","@id":"https:\/\/egytourpackages.com\/it\/tour\/escursione-privata-al-cairo-dal-porto-di-el-sokhna\/#primaryimage","url":"https:\/\/egytourpackages.com\/wp-content\/uploads\/2023\/08\/Khafre-Pyramid-at-Giza-Plateau-1.jpg","contentUrl":"https:\/\/egytourpackages.com\/wp-content\/uploads\/2023\/08\/Khafre-Pyramid-at-Giza-Plateau-1.jpg","width":2000,"height":1333,"caption":"Escursione privata al Cairo dal porto di El Sokhna"},{"@type":"BreadcrumbList","@id":"https:\/\/egytourpackages.com\/it\/tour\/escursione-privata-al-cairo-dal-porto-di-el-sokhna\/#breadcrumb","itemListElement":[{"@type":"ListItem","position":1,"name":"Home","item":"https:\/\/egytourpackages.com\/it\/"},{"@type":"ListItem","position":2,"name":"Negozio","item":"https:\/\/egytourpackages.com\/it\/negozio\/"},{"@type":"ListItem","position":3,"name":"Escursione privata al Cairo dal porto di El Sokhna"}]},{"@type":"WebSite","@id":"https:\/\/egytourpackages.com\/it\/#website","url":"https:\/\/egytourpackages.com\/it\/","name":"Egy tour packages","description":"","publisher":{"@id":"https:\/\/egytourpackages.com\/it\/#organization"},"potentialAction":[{"@type":"SearchAction","target":{"@type":"EntryPoint","urlTemplate":"https:\/\/egytourpackages.com\/it\/?s={search_term_string}"},"query-input":{"@type":"PropertyValueSpecification","valueRequired":true,"valueName":"search_term_string"}}],"inLanguage":"it-IT"},{"@type":["Organization","Place","TravelAgency"],"@id":"https:\/\/egytourpackages.com\/it\/#organization","name":"egypt tour packages","alternateName":"egypt tour packages","url":"https:\/\/egytourpackages.com\/it\/","logo":{"@id":"https:\/\/egytourpackages.com\/it\/tour\/escursione-privata-al-cairo-dal-porto-di-el-sokhna\/#local-main-organization-logo"},"image":{"@id":"https:\/\/egytourpackages.com\/it\/tour\/escursione-privata-al-cairo-dal-porto-di-el-sokhna\/#local-main-organization-logo"},"sameAs":["https:\/\/www.facebook.com\/egytourpackages"],"legalName":"Egy tour packages","address":{"@id":"https:\/\/egytourpackages.com\/it\/tour\/escursione-privata-al-cairo-dal-porto-di-el-sokhna\/#local-main-place-address"},"telephone":["00201000852186","00201028685533"],"contactPoint":{"@type":"ContactPoint","telephone":"00201000852186"},"openingHoursSpecification":[{"@type":"OpeningHoursSpecification","dayOfWeek":["Monday","Tuesday","Wednesday","Thursday","Friday","Saturday","Sunday"],"opens":"00:00","closes":"23:59"}],"email":"info@egytourpackages.com","areaServed":"Cairo, Hurghada, Luxor, Sharm El Sheikh, Marsa Alam, Aswan","priceRange":"$","currenciesAccepted":"euro","paymentAccepted":"Payment links online"},{"@type":"PostalAddress","@id":"https:\/\/egytourpackages.com\/it\/tour\/escursione-privata-al-cairo-dal-porto-di-el-sokhna\/#local-main-place-address","streetAddress":"Mubarak 8, Al Kawthar District, Hurghada","addressLocality":"Hurghada","postalCode":"84511","addressRegion":"Red Sea","addressCountry":"EG"},{"@type":"ImageObject","inLanguage":"it-IT","@id":"https:\/\/egytourpackages.com\/it\/tour\/escursione-privata-al-cairo-dal-porto-di-el-sokhna\/#local-main-organization-logo","url":"https:\/\/egytourpackages.com\/wp-content\/uploads\/2025\/12\/Turquoise-Dahabiya-Nile-Cruise-1.jpeg","contentUrl":"https:\/\/egytourpackages.com\/wp-content\/uploads\/2025\/12\/Turquoise-Dahabiya-Nile-Cruise-1.jpeg","width":1040,"height":694,"caption":"egypt tour packages"}]},"product_brand":"Breve soggiorno al Cairo","product_price_amount":"170","product_price_currency":"EUR","og_availability":"instock","product_availability":"instock","product_retailer_item_id":"CSB07","product_condition":"new","geo.placename":"Hurghada","geo.region":"Egitto"},"_links":{"self":[{"href":"https:\/\/egytourpackages.com\/it\/wp-json\/wp\/v2\/product\/5408","targetHints":{"allow":["GET"]}}],"collection":[{"href":"https:\/\/egytourpackages.com\/it\/wp-json\/wp\/v2\/product"}],"about":[{"href":"https:\/\/egytourpackages.com\/it\/wp-json\/wp\/v2\/types\/product"}],"replies":[{"embeddable":true,"href":"https:\/\/egytourpackages.com\/it\/wp-json\/wp\/v2\/comments?post=5408"}],"wp:featuredmedia":[{"embeddable":true,"href":"https:\/\/egytourpackages.com\/it\/wp-json\/wp\/v2\/media\/2910"}],"wp:attachment":[{"href":"https:\/\/egytourpackages.com\/it\/wp-json\/wp\/v2\/media?parent=5408"}],"wp:term":[{"taxonomy":"product_brand","embeddable":true,"href":"https:\/\/egytourpackages.com\/it\/wp-json\/wp\/v2\/product_brand?post=5408"},{"taxonomy":"product_cat","embeddable":true,"href":"https:\/\/egytourpackages.com\/it\/wp-json\/wp\/v2\/product_cat?post=5408"},{"taxonomy":"product_tag","embeddable":true,"href":"https:\/\/egytourpackages.com\/it\/wp-json\/wp\/v2\/product_tag?post=5408"}],"curies":[{"name":"wp","href":"https:\/\/api.w.org\/{rel}","templated":true}]}}