{"id":5462,"date":"2023-08-22T11:14:52","date_gmt":"2023-08-22T11:14:52","guid":{"rendered":"https:\/\/egytourpackages.com\/product\/bianca-island-utopia-snorkeling-all-inclusive-da-safaga\/"},"modified":"2026-01-28T02:45:23","modified_gmt":"2026-01-28T02:45:23","slug":"bianca-island-utopia-snorkeling-all-inclusive-da-safaga","status":"publish","type":"product","link":"https:\/\/egytourpackages.com\/it\/tour\/bianca-island-utopia-snorkeling-all-inclusive-da-safaga\/","title":{"rendered":"Bianca Island Utopia Snorkeling All-Inclusive da Safaga"},"content":{"rendered":"<p><strong><span style=\"color: #ff6600;\">Bianca Island Utopia Snorkeling All-Inclusive da Safaga<\/span><\/strong><\/p>\n<p>Cercate le <strong>migliori cose da fare a Safaga<\/strong>? Vivete una fantastica <strong>gita di un giorno a Bianca Island Utopia<\/strong>, una delle migliori <strong>escursioni da Hurghada<\/strong>, e scoprite il magnifico <strong>Mar Rosso<\/strong>. Questo <strong>tour in barca di un&#8217;intera giornata da Safaga<\/strong> \u00e8 perfetto per chiunque cerchi avventura, relax e l&#8217;opportunit\u00e0 di esplorare una vivace vita marina.<\/p>\n<p>Per chi desidera una giornata memorabile, il <strong>viaggio a Bianca Island Utopia<\/strong> \u00e8 la scelta perfetta, offrendo qualcosa per tutti. Che siate alla ricerca di <strong>attivit\u00e0 divertenti da fare in famiglia<\/strong>, una romantica <strong>vacanza al mare per coppie<\/strong> o una giornata di avventura con gli <strong>amici<\/strong>, questa escursione \u00e8 l&#8217;ideale.<\/p>\n<p>Questo viaggio offre un&#8217;<strong>esperienza familiare indimenticabile<\/strong>, con l&#8217;opportunit\u00e0 di osservare diverse specie marine come pesci colorati, stelle marine e tartarughe di mare. \u00c8 anche un&#8217;ottima opzione per gli <strong>anziani e le persone con disabilit\u00e0<\/strong>, inclusi coloro che usano la sedia a rotelle, garantendo accessibilit\u00e0 e comfort per tutti.<\/p>\n<p>Sull&#8217;isola, avete la flessibilit\u00e0 di trascorrere fino a quattro ore a rilassarvi in spiaggia, oppure potete optare per un tour guidato di snorkeling per esplorare il vivace mondo sottomarino. Per una vista unica dei <strong>coralli<\/strong> senza bagnarvi, potete fare un giro su un <strong>semi-sottomarino<\/strong>.<\/p>\n<h3><span style=\"color: #ff6600;\">Punti Salienti del Tour<\/span><\/h3>\n<ul>\n<li>Due soste per lo snorkeling in due punti diversi<\/li>\n<li>Pranzo fresco cucinato a bordo<\/li>\n<li>Sport acquatici come Banana boat e Sofa boat<\/li>\n<\/ul>\n<h3><span style=\"color: #ff6600;\">Dettagli del Tour<\/span><\/h3>\n<ul>\n<li>Durata: 8 ore<\/li>\n<li>Localit\u00e0 del tour: Mar Rosso<\/li>\n<li>Disponibilit\u00e0: Giornaliera<\/li>\n<li>Tipo di tour: Di gruppo<\/li>\n<li>Pick up e drop off: Il vostro hotel a Safaga<\/li>\n<li>Accessibilit\u00e0: Adatto a sedie a rotelle<\/li>\n<\/ul>\n<h3><span style=\"color: #ff6600;\">Incluso<\/span><\/h3>\n<ul>\n<li>Trasferimento di andata e ritorno dal vostro hotel a Safaga<\/li>\n<li>Attrezzatura per lo <strong>snorkeling<\/strong>, come giubbotto salvagente, maschera e pinne<\/li>\n<li>Guida per lo <strong>snorkeling<\/strong><\/li>\n<li>Pranzo fresco cucinato a bordo<\/li>\n<li>Acqua minerale, bevande calde e fredde tutto il giorno<\/li>\n<\/ul>\n<h3><span style=\"color: #ff6600;\">Escluso<\/span><\/h3>\n<ul>\n<li>DVD e foto scattate dal fotografo<\/li>\n<li>Mance<\/li>\n<li>Immersioni subacquee<\/li>\n<\/ul>\n<h3><span style=\"color: #ff6600;\">Cosa portare con s\u00e9<\/span><\/h3>\n<ul>\n<li>Il vostro asciugamano dall&#8217;hotel<\/li>\n<li>Cappello o foulard<\/li>\n<li>Crema solare<\/li>\n<li>Occhiali da sole<\/li>\n<li>Scarpe comode<\/li>\n<li>Costume da bagno<\/li>\n<li>Contanti per le vostre spese personali<\/li>\n<\/ul>\n<h2><span style=\"color: #ff6600;\">Itinerario<\/span><\/h2>\n<p>La vostra giornata inizia con un comodo <strong>prelievo in hotel<\/strong> intorno alle 8:00, seguito da un panoramico giro in barca verso un&#8217;ottima <strong>punto per lo snorkeling<\/strong>. Tuffatevi nelle <strong>acque cristalline<\/strong> per una sessione di <strong>snorkeling<\/strong> di 45 minuti e ammirate il mozzafiato mondo sottomarino e le <strong>barriere coralline colorate<\/strong>.<\/p>\n<p>Successivamente, il vostro viaggio continua verso il paradiso privato di <strong>Bianca Island Utopia<\/strong>. Al vostro arrivo, avrete un posto riservato in riva al mare per rilassarvi e prendere il sole. L&#8217;escursione include un&#8217;<strong>esperienza all-inclusive<\/strong> con <strong>bevande illimitate<\/strong> e snack disponibili per tutto il giorno.<\/p>\n<p>Un delizioso <strong>pranzo a buffet all-you-can-eat<\/strong> viene servito sull&#8217;isola dalle 12:30 alle 14:00. Per divertirvi ancora di pi\u00f9, godetevi un <strong>giro gratuito in barca con fondo di vetro<\/strong> per ammirare pesci e coralli senza bagnarvi, oppure partecipate alla <strong>festa della schiuma<\/strong> di mezz&#8217;ora alle 14:00. L&#8217;<strong>attrezzatura per lo snorkeling<\/strong> viene fornita a chi desidera esplorare le acque vicino all&#8217;isola.<\/p>\n<p>Questo <strong>viaggio per famiglie<\/strong> \u00e8 gratuito per i bambini sotto i 5 anni, con uno sconto del 50% per quelli dai 5 ai 7 anni. Il tour di un&#8217;intera giornata si conclude con il ritorno al porto turistico e il trasferimento al vostro hotel intorno alle 16:30. Non perdete questa opportunit\u00e0 di creare ricordi indimenticabili in una delle pi\u00f9 popolari <strong>escursioni da Soma Bay<\/strong>.<\/p>\n<h3><span style=\"color: #ff6600;\">Prezzo per Bianca Island Utopia Snorkeling All-inclusive da Safaga<\/span><\/h3>\n<ul>\n<li>Prezzo adulto = 60 \u20ac<\/li>\n<li>Bambini 0-5 anni = gratis<\/li>\n<li>Bambini 5-11 anni = 50% del prezzo per adulti<\/li>\n<\/ul>\n<h3><span style=\"color: #ff6600;\">Prenotazione<\/span><\/h3>\n<p>Potete prenotare il vostro tour tramite WhatsApp o inviarci un&#8217;e-mail e riceverete la conferma sul posto. Vi preghiamo di inviarci il nome del vostro hotel, il numero della stanza e le copie dei passaporti.<\/p>\n<p>WhatsApp: +201000852186<\/p>\n<p>info@egytourpackages.com<\/p>\n<h3><span style=\"color: #ff6600;\">Prenota Ora e Paga sul Posto<\/span><\/h3>\n<p>Prenota il tuo tour preferito e paga il giorno del viaggio.<\/p>\n<h3><span style=\"color: #ff6600;\">Politica di Cancellazione<\/span><\/h3>\n<ul>\n<li>La cancellazione \u00e8 gratuita fino a 24 ore prima<\/li>\n<li>La cancellazione la mattina del tour comporta una penale del 50% sul prezzo<\/li>\n<\/ul>\n","protected":false},"excerpt":{"rendered":"<p>Bianca Island Utopia Snorkeling All-Inclusive da Safaga! Esplora il mondo sottomarino con attrezzatura fornita, pranzo e bevande illimitate in un paradiso.<\/p>\n","protected":false},"featured_media":5446,"comment_status":"open","ping_status":"closed","template":"","meta":[],"product_brand":[],"product_cat":[1910],"product_tag":[2793],"class_list":{"0":"post-5462","1":"product","2":"type-product","3":"status-publish","4":"has-post-thumbnail","6":"product_cat-tour","7":"product_tag-migliore-escursione-in-barca-per-snorkeling","8":"tour_category-escursioni-di-snorkeling-a-hurghada","9":"tour_category-escursioni-soma-bay","10":"tour_category-tour-giornalieri-in-egitto-it","12":"first","13":"instock","14":"sale","15":"shipping-taxable","16":"purchasable","17":"product-type-tour","18":"has-default-attributes"},"yoast_head":"<!-- This site is optimized with the Yoast SEO Premium plugin v27.2 (Yoast SEO v27.2) - https:\/\/yoast.com\/product\/yoast-seo-premium-wordpress\/ -->\n<title>Bianca Island Utopia Snorkeling All-Inclusive da Safaga<\/title>\n<meta name=\"description\" content=\"Bianca Island Utopia Snorkeling All-Inclusive da Safaga! Esplora il mondo sottomarino con attrezzatura fornita, pranzo e bevande illimitate in un paradiso.\" \/>\n<meta name=\"robots\" content=\"index, follow, max-snippet:-1, max-image-preview:large, max-video-preview:-1\" \/>\n<link rel=\"canonical\" href=\"https:\/\/egytourpackages.com\/it\/tour\/bianca-island-utopia-snorkeling-all-inclusive-da-safaga\/\" \/>\n<meta property=\"og:locale\" content=\"it_IT\" \/>\n<meta property=\"og:type\" content=\"article\" \/>\n<meta property=\"og:title\" content=\"Bianca Island Utopia Snorkeling All-Inclusive da Safaga\" \/>\n<meta property=\"og:description\" content=\"Bianca Island Utopia Snorkeling All-Inclusive da Safaga! Esplora il mondo sottomarino con attrezzatura fornita, pranzo e bevande illimitate in un paradiso.\" \/>\n<meta property=\"og:url\" content=\"https:\/\/egytourpackages.com\/it\/tour\/bianca-island-utopia-snorkeling-all-inclusive-da-safaga\/\" \/>\n<meta property=\"og:site_name\" content=\"Pacchetti tour in Egitto\" \/>\n<meta property=\"article:publisher\" content=\"https:\/\/www.facebook.com\/egytourpackages\" \/>\n<meta property=\"article:modified_time\" content=\"2026-01-28T02:45:23+00:00\" \/>\n<meta property=\"og:image\" content=\"https:\/\/egytourpackages.com\/wp-content\/uploads\/2023\/08\/Safaga-best-Snorkeling-Trip-1024x682.jpg\" \/>\n<meta name=\"twitter:card\" content=\"summary_large_image\" \/>\n<meta name=\"twitter:title\" content=\"Bianca Island Utopia Snorkeling All-Inclusive da Safaga\" \/>\n<meta name=\"twitter:description\" content=\"Bianca Island Utopia Snorkeling All-Inclusive da Safaga! Esplora il mondo sottomarino con attrezzatura fornita, pranzo e bevande illimitate in un paradiso.\" \/>\n<meta name=\"twitter:image\" content=\"https:\/\/egytourpackages.com\/wp-content\/uploads\/2023\/08\/Safaga-best-Snorkeling-Trip-1024x682.jpg\" \/>\n<meta name=\"twitter:label1\" content=\"Prezzo\" \/>\n\t<meta name=\"twitter:data1\" content=\"&euro;0\" \/>\n\t<meta name=\"twitter:label2\" content=\"Disponibilit\u00e0\" \/>\n\t<meta name=\"twitter:data2\" content=\"In stock\" \/>\n<script type=\"application\/ld+json\" class=\"yoast-schema-graph\">{\"@context\":\"https:\/\/schema.org\",\"@graph\":[{\"@type\":\"WebPage\",\"@id\":\"https:\/\/egytourpackages.com\/it\/tour\/bianca-island-utopia-snorkeling-all-inclusive-da-safaga\/\",\"url\":\"https:\/\/egytourpackages.com\/it\/tour\/bianca-island-utopia-snorkeling-all-inclusive-da-safaga\/\",\"name\":\"Bianca Island Utopia Snorkeling All-Inclusive da Safaga\",\"isPartOf\":{\"@id\":\"https:\/\/egytourpackages.com\/it\/#website\"},\"primaryImageOfPage\":{\"@id\":\"https:\/\/egytourpackages.com\/it\/tour\/bianca-island-utopia-snorkeling-all-inclusive-da-safaga\/#primaryimage\"},\"image\":{\"@id\":\"https:\/\/egytourpackages.com\/it\/tour\/bianca-island-utopia-snorkeling-all-inclusive-da-safaga\/#primaryimage\"},\"thumbnailUrl\":\"https:\/\/egytourpackages.com\/wp-content\/uploads\/2023\/08\/Bianca-Island-Utopia-Safaga.jpeg\",\"datePublished\":\"2023-08-22T11:14:52+00:00\",\"dateModified\":\"2026-01-28T02:45:23+00:00\",\"description\":\"Bianca Island Utopia Snorkeling All-Inclusive da Safaga! Esplora il mondo sottomarino con attrezzatura fornita, pranzo e bevande illimitate in un paradiso.\",\"breadcrumb\":{\"@id\":\"https:\/\/egytourpackages.com\/it\/tour\/bianca-island-utopia-snorkeling-all-inclusive-da-safaga\/#breadcrumb\"},\"inLanguage\":\"it-IT\",\"potentialAction\":[{\"@type\":\"ReadAction\",\"target\":[\"https:\/\/egytourpackages.com\/it\/tour\/bianca-island-utopia-snorkeling-all-inclusive-da-safaga\/\"]}]},{\"@type\":\"ImageObject\",\"inLanguage\":\"it-IT\",\"@id\":\"https:\/\/egytourpackages.com\/it\/tour\/bianca-island-utopia-snorkeling-all-inclusive-da-safaga\/#primaryimage\",\"url\":\"https:\/\/egytourpackages.com\/wp-content\/uploads\/2023\/08\/Bianca-Island-Utopia-Safaga.jpeg\",\"contentUrl\":\"https:\/\/egytourpackages.com\/wp-content\/uploads\/2023\/08\/Bianca-Island-Utopia-Safaga.jpeg\",\"width\":1250,\"height\":833,\"caption\":\"Isola Bianca Utopia, Safaga\"},{\"@type\":\"BreadcrumbList\",\"@id\":\"https:\/\/egytourpackages.com\/it\/tour\/bianca-island-utopia-snorkeling-all-inclusive-da-safaga\/#breadcrumb\",\"itemListElement\":[{\"@type\":\"ListItem\",\"position\":1,\"name\":\"Home\",\"item\":\"https:\/\/egytourpackages.com\/it\/\"},{\"@type\":\"ListItem\",\"position\":2,\"name\":\"Negozio\",\"item\":\"https:\/\/egytourpackages.com\/it\/negozio\/\"},{\"@type\":\"ListItem\",\"position\":3,\"name\":\"Bianca Island Utopia Snorkeling All-Inclusive da Safaga\"}]},{\"@type\":\"WebSite\",\"@id\":\"https:\/\/egytourpackages.com\/it\/#website\",\"url\":\"https:\/\/egytourpackages.com\/it\/\",\"name\":\"Egy tour packages\",\"description\":\"\",\"publisher\":{\"@id\":\"https:\/\/egytourpackages.com\/it\/#organization\"},\"potentialAction\":[{\"@type\":\"SearchAction\",\"target\":{\"@type\":\"EntryPoint\",\"urlTemplate\":\"https:\/\/egytourpackages.com\/it\/?s={search_term_string}\"},\"query-input\":{\"@type\":\"PropertyValueSpecification\",\"valueRequired\":true,\"valueName\":\"search_term_string\"}}],\"inLanguage\":\"it-IT\"},{\"@type\":[\"Organization\",\"Place\",\"TravelAgency\"],\"@id\":\"https:\/\/egytourpackages.com\/it\/#organization\",\"name\":\"egypt tour packages\",\"alternateName\":\"egypt tour packages\",\"url\":\"https:\/\/egytourpackages.com\/it\/\",\"logo\":{\"@id\":\"https:\/\/egytourpackages.com\/it\/tour\/bianca-island-utopia-snorkeling-all-inclusive-da-safaga\/#local-main-organization-logo\"},\"image\":{\"@id\":\"https:\/\/egytourpackages.com\/it\/tour\/bianca-island-utopia-snorkeling-all-inclusive-da-safaga\/#local-main-organization-logo\"},\"sameAs\":[\"https:\/\/www.facebook.com\/egytourpackages\"],\"legalName\":\"Egy tour packages\",\"address\":{\"@id\":\"https:\/\/egytourpackages.com\/it\/tour\/bianca-island-utopia-snorkeling-all-inclusive-da-safaga\/#local-main-place-address\"},\"telephone\":[\"00201000852186\",\"00201028685533\"],\"contactPoint\":{\"@type\":\"ContactPoint\",\"telephone\":\"00201000852186\"},\"openingHoursSpecification\":[{\"@type\":\"OpeningHoursSpecification\",\"dayOfWeek\":[\"Monday\",\"Tuesday\",\"Wednesday\",\"Thursday\",\"Friday\",\"Saturday\",\"Sunday\"],\"opens\":\"00:00\",\"closes\":\"23:59\"}],\"email\":\"info@egytourpackages.com\",\"areaServed\":\"Cairo, Hurghada, Luxor, Sharm El Sheikh, Marsa Alam, Aswan\",\"priceRange\":\"$\",\"currenciesAccepted\":\"euro\",\"paymentAccepted\":\"Payment links online\"},{\"@type\":\"PostalAddress\",\"@id\":\"https:\/\/egytourpackages.com\/it\/tour\/bianca-island-utopia-snorkeling-all-inclusive-da-safaga\/#local-main-place-address\",\"streetAddress\":\"Mubarak 8, Al Kawthar District, Hurghada\",\"addressLocality\":\"Hurghada\",\"postalCode\":\"84511\",\"addressRegion\":\"Red Sea\",\"addressCountry\":\"EG\"},{\"@type\":\"ImageObject\",\"inLanguage\":\"it-IT\",\"@id\":\"https:\/\/egytourpackages.com\/it\/tour\/bianca-island-utopia-snorkeling-all-inclusive-da-safaga\/#local-main-organization-logo\",\"url\":\"https:\/\/egytourpackages.com\/wp-content\/uploads\/2025\/12\/Turquoise-Dahabiya-Nile-Cruise-1.jpeg\",\"contentUrl\":\"https:\/\/egytourpackages.com\/wp-content\/uploads\/2025\/12\/Turquoise-Dahabiya-Nile-Cruise-1.jpeg\",\"width\":1040,\"height\":694,\"caption\":\"egypt tour packages\"}]}<\/script>\n<meta property=\"product:brand\" content=\"Escursioni di snorkeling a Hurghada\" \/>\n<meta property=\"product:price:amount\" content=\"0\" \/>\n<meta property=\"product:price:currency\" content=\"EUR\" \/>\n<meta property=\"og:availability\" content=\"instock\" \/>\n<meta property=\"product:availability\" content=\"instock\" \/>\n<meta property=\"product:retailer_item_id\" content=\"SBE11\" \/>\n<meta property=\"product:condition\" content=\"new\" \/>\n<meta name=\"geo.placename\" content=\"Hurghada\" \/>\n<meta name=\"geo.region\" content=\"Egitto\" \/>\n<!-- \/ Yoast SEO Premium plugin. -->","yoast_head_json":{"title":"Bianca Island Utopia Snorkeling All-Inclusive da Safaga","description":"Bianca Island Utopia Snorkeling All-Inclusive da Safaga! Esplora il mondo sottomarino con attrezzatura fornita, pranzo e bevande illimitate in un paradiso.","robots":{"index":"index","follow":"follow","max-snippet":"max-snippet:-1","max-image-preview":"max-image-preview:large","max-video-preview":"max-video-preview:-1"},"canonical":"https:\/\/egytourpackages.com\/it\/tour\/bianca-island-utopia-snorkeling-all-inclusive-da-safaga\/","og_locale":"it_IT","og_type":"article","og_title":"Bianca Island Utopia Snorkeling All-Inclusive da Safaga","og_description":"Bianca Island Utopia Snorkeling All-Inclusive da Safaga! Esplora il mondo sottomarino con attrezzatura fornita, pranzo e bevande illimitate in un paradiso.","og_url":"https:\/\/egytourpackages.com\/it\/tour\/bianca-island-utopia-snorkeling-all-inclusive-da-safaga\/","og_site_name":"Pacchetti tour in Egitto","article_publisher":"https:\/\/www.facebook.com\/egytourpackages","article_modified_time":"2026-01-28T02:45:23+00:00","og_image":[{"url":"https:\/\/egytourpackages.com\/wp-content\/uploads\/2023\/08\/Safaga-best-Snorkeling-Trip-1024x682.jpg","type":"","width":"","height":""}],"twitter_card":"summary_large_image","twitter_title":"Bianca Island Utopia Snorkeling All-Inclusive da Safaga","twitter_description":"Bianca Island Utopia Snorkeling All-Inclusive da Safaga! Esplora il mondo sottomarino con attrezzatura fornita, pranzo e bevande illimitate in un paradiso.","twitter_image":"https:\/\/egytourpackages.com\/wp-content\/uploads\/2023\/08\/Safaga-best-Snorkeling-Trip-1024x682.jpg","twitter_misc":{"Prezzo":"&euro;0","Disponibilit\u00e0":"In stock"},"schema":{"@context":"https:\/\/schema.org","@graph":[{"@type":"WebPage","@id":"https:\/\/egytourpackages.com\/it\/tour\/bianca-island-utopia-snorkeling-all-inclusive-da-safaga\/","url":"https:\/\/egytourpackages.com\/it\/tour\/bianca-island-utopia-snorkeling-all-inclusive-da-safaga\/","name":"Bianca Island Utopia Snorkeling All-Inclusive da Safaga","isPartOf":{"@id":"https:\/\/egytourpackages.com\/it\/#website"},"primaryImageOfPage":{"@id":"https:\/\/egytourpackages.com\/it\/tour\/bianca-island-utopia-snorkeling-all-inclusive-da-safaga\/#primaryimage"},"image":{"@id":"https:\/\/egytourpackages.com\/it\/tour\/bianca-island-utopia-snorkeling-all-inclusive-da-safaga\/#primaryimage"},"thumbnailUrl":"https:\/\/egytourpackages.com\/wp-content\/uploads\/2023\/08\/Bianca-Island-Utopia-Safaga.jpeg","datePublished":"2023-08-22T11:14:52+00:00","dateModified":"2026-01-28T02:45:23+00:00","description":"Bianca Island Utopia Snorkeling All-Inclusive da Safaga! Esplora il mondo sottomarino con attrezzatura fornita, pranzo e bevande illimitate in un paradiso.","breadcrumb":{"@id":"https:\/\/egytourpackages.com\/it\/tour\/bianca-island-utopia-snorkeling-all-inclusive-da-safaga\/#breadcrumb"},"inLanguage":"it-IT","potentialAction":[{"@type":"ReadAction","target":["https:\/\/egytourpackages.com\/it\/tour\/bianca-island-utopia-snorkeling-all-inclusive-da-safaga\/"]}]},{"@type":"ImageObject","inLanguage":"it-IT","@id":"https:\/\/egytourpackages.com\/it\/tour\/bianca-island-utopia-snorkeling-all-inclusive-da-safaga\/#primaryimage","url":"https:\/\/egytourpackages.com\/wp-content\/uploads\/2023\/08\/Bianca-Island-Utopia-Safaga.jpeg","contentUrl":"https:\/\/egytourpackages.com\/wp-content\/uploads\/2023\/08\/Bianca-Island-Utopia-Safaga.jpeg","width":1250,"height":833,"caption":"Isola Bianca Utopia, Safaga"},{"@type":"BreadcrumbList","@id":"https:\/\/egytourpackages.com\/it\/tour\/bianca-island-utopia-snorkeling-all-inclusive-da-safaga\/#breadcrumb","itemListElement":[{"@type":"ListItem","position":1,"name":"Home","item":"https:\/\/egytourpackages.com\/it\/"},{"@type":"ListItem","position":2,"name":"Negozio","item":"https:\/\/egytourpackages.com\/it\/negozio\/"},{"@type":"ListItem","position":3,"name":"Bianca Island Utopia Snorkeling All-Inclusive da Safaga"}]},{"@type":"WebSite","@id":"https:\/\/egytourpackages.com\/it\/#website","url":"https:\/\/egytourpackages.com\/it\/","name":"Egy tour packages","description":"","publisher":{"@id":"https:\/\/egytourpackages.com\/it\/#organization"},"potentialAction":[{"@type":"SearchAction","target":{"@type":"EntryPoint","urlTemplate":"https:\/\/egytourpackages.com\/it\/?s={search_term_string}"},"query-input":{"@type":"PropertyValueSpecification","valueRequired":true,"valueName":"search_term_string"}}],"inLanguage":"it-IT"},{"@type":["Organization","Place","TravelAgency"],"@id":"https:\/\/egytourpackages.com\/it\/#organization","name":"egypt tour packages","alternateName":"egypt tour packages","url":"https:\/\/egytourpackages.com\/it\/","logo":{"@id":"https:\/\/egytourpackages.com\/it\/tour\/bianca-island-utopia-snorkeling-all-inclusive-da-safaga\/#local-main-organization-logo"},"image":{"@id":"https:\/\/egytourpackages.com\/it\/tour\/bianca-island-utopia-snorkeling-all-inclusive-da-safaga\/#local-main-organization-logo"},"sameAs":["https:\/\/www.facebook.com\/egytourpackages"],"legalName":"Egy tour packages","address":{"@id":"https:\/\/egytourpackages.com\/it\/tour\/bianca-island-utopia-snorkeling-all-inclusive-da-safaga\/#local-main-place-address"},"telephone":["00201000852186","00201028685533"],"contactPoint":{"@type":"ContactPoint","telephone":"00201000852186"},"openingHoursSpecification":[{"@type":"OpeningHoursSpecification","dayOfWeek":["Monday","Tuesday","Wednesday","Thursday","Friday","Saturday","Sunday"],"opens":"00:00","closes":"23:59"}],"email":"info@egytourpackages.com","areaServed":"Cairo, Hurghada, Luxor, Sharm El Sheikh, Marsa Alam, Aswan","priceRange":"$","currenciesAccepted":"euro","paymentAccepted":"Payment links online"},{"@type":"PostalAddress","@id":"https:\/\/egytourpackages.com\/it\/tour\/bianca-island-utopia-snorkeling-all-inclusive-da-safaga\/#local-main-place-address","streetAddress":"Mubarak 8, Al Kawthar District, Hurghada","addressLocality":"Hurghada","postalCode":"84511","addressRegion":"Red Sea","addressCountry":"EG"},{"@type":"ImageObject","inLanguage":"it-IT","@id":"https:\/\/egytourpackages.com\/it\/tour\/bianca-island-utopia-snorkeling-all-inclusive-da-safaga\/#local-main-organization-logo","url":"https:\/\/egytourpackages.com\/wp-content\/uploads\/2025\/12\/Turquoise-Dahabiya-Nile-Cruise-1.jpeg","contentUrl":"https:\/\/egytourpackages.com\/wp-content\/uploads\/2025\/12\/Turquoise-Dahabiya-Nile-Cruise-1.jpeg","width":1040,"height":694,"caption":"egypt tour packages"}]},"product_brand":"Escursioni di snorkeling a Hurghada","product_price_currency":"EUR","og_availability":"instock","product_availability":"instock","product_retailer_item_id":"SBE11","product_condition":"new","geo.placename":"Hurghada","geo.region":"Egitto"},"_links":{"self":[{"href":"https:\/\/egytourpackages.com\/it\/wp-json\/wp\/v2\/product\/5462","targetHints":{"allow":["GET"]}}],"collection":[{"href":"https:\/\/egytourpackages.com\/it\/wp-json\/wp\/v2\/product"}],"about":[{"href":"https:\/\/egytourpackages.com\/it\/wp-json\/wp\/v2\/types\/product"}],"replies":[{"embeddable":true,"href":"https:\/\/egytourpackages.com\/it\/wp-json\/wp\/v2\/comments?post=5462"}],"wp:featuredmedia":[{"embeddable":true,"href":"https:\/\/egytourpackages.com\/it\/wp-json\/wp\/v2\/media\/5446"}],"wp:attachment":[{"href":"https:\/\/egytourpackages.com\/it\/wp-json\/wp\/v2\/media?parent=5462"}],"wp:term":[{"taxonomy":"product_brand","embeddable":true,"href":"https:\/\/egytourpackages.com\/it\/wp-json\/wp\/v2\/product_brand?post=5462"},{"taxonomy":"product_cat","embeddable":true,"href":"https:\/\/egytourpackages.com\/it\/wp-json\/wp\/v2\/product_cat?post=5462"},{"taxonomy":"product_tag","embeddable":true,"href":"https:\/\/egytourpackages.com\/it\/wp-json\/wp\/v2\/product_tag?post=5462"}],"curies":[{"name":"wp","href":"https:\/\/api.w.org\/{rel}","templated":true}]}}