{"id":5470,"date":"2023-08-22T11:32:17","date_gmt":"2023-08-22T11:32:17","guid":{"rendered":"https:\/\/egytourpackages.com\/product\/tour-in-barca-per-snorkeling-da-hurghada\/"},"modified":"2026-01-28T20:41:59","modified_gmt":"2026-01-28T20:41:59","slug":"tour-in-barca-per-snorkeling-da-hurghada","status":"publish","type":"product","link":"https:\/\/egytourpackages.com\/it\/tour\/tour-in-barca-per-snorkeling-da-hurghada\/","title":{"rendered":"Tour in Barca per Snorkeling da Hurghada"},"content":{"rendered":"<p><strong><span style=\"color: #ff6600;\">Tour in Barca per Snorkeling da Hurghada | Migliori Escursioni da Hurghada<\/span><\/strong><\/p>\n<p>Prenotate e godetevi un indimenticabile <strong>tour in barca per snorkeling da Hurghada<\/strong>, considerato una delle <strong>migliori cose da fare a Hurghada<\/strong>. Questo <strong>tour in barca per snorkeling<\/strong> \u00e8 progettato per farvi immergere nella straordinaria bellezza del <strong>Mar Rosso<\/strong>, offrendo un mix perfetto di relax e avventura. Essendo una delle migliori <strong>escursioni da Hurghada<\/strong> e un&#8217;eccellente <strong>gita di un giorno in Egitto<\/strong>, questo tour vi porter\u00e0 nei pi\u00f9 incredibili <strong>punti per lo snorkeling<\/strong> su uno yacht di lusso, garantendovi un&#8217;esperienza all-inclusive.<\/p>\n<p>Il vostro viaggio inizia con una crociera panoramica verso la incontaminata <strong>Orange Bay Island<\/strong>. Conosciuta per la sua atmosfera da Caraibi, <strong>Orange Bay Island<\/strong> \u00e8 un rifugio tranquillo con acque basse e turchesi e spiagge di sabbia morbida e bianca. \u00c8 il luogo perfetto per rilassarsi sulle famose altalene e amache in mare, o semplicemente per prendere il sole. Le acque protette intorno all&#8217;isola sono ideali per famiglie e principianti, offrendo uno sguardo vibrante sui <strong>pesci colorati del Mar Rosso<\/strong> e sulle delicate <strong>barriere coralline del Mar Rosso<\/strong>.<\/p>\n<p>La seconda opzione per questo tour \u00e8 un&#8217;altra destinazione spettacolare: <strong>Hula Hula Island<\/strong>. Questo pacifico paradiso insulare fa parte del <strong>Parco Nazionale delle Isole Giftun<\/strong> ed \u00e8 celebrato per i suoi giardini di corallo intatti e l&#8217;ambiente sereno. Qui, avrete pi\u00f9 opportunit\u00e0 di fare snorkeling tra la variegata <strong>vita marina del Mar Rosso<\/strong> e scoprire viste subacquee mozzafiato. Sia <strong>Hula Hula Island<\/strong> che Orange Bay offrono un&#8217;esperienza di snorkeling unica, con un&#8217;abbondanza di pesci tropicali, impressionanti formazioni coralline e la possibilit\u00e0 di avvistare altre creature marine come stelle marine e tartarughe.<\/p>\n<h3><span style=\"color: #ff6600;\">PC<\/span><\/h3>\n<p>Il tour fornisce tutta l&#8217;<strong>attrezzatura per lo snorkeling<\/strong> necessaria, oltre a un delizioso pranzo a buffet, snack e bevande illimitate a bordo. Che siate snorkelisti esperti o che lo proviate per la prima volta, questa escursione \u00e8 il modo migliore per scoprire le meraviglie acquatiche del Mar Rosso.<\/p>\n<p>Questo <strong>viaggio per famiglie<\/strong> \u00e8 gratuito per i bambini sotto i 5 anni, con uno sconto del 50% per quelli dai 5 ai 7 anni. Il tour di un&#8217;intera giornata si conclude con il ritorno al porto turistico e il trasferimento al vostro hotel intorno alle 16:30. Non perdete questa occasione per creare ricordi indimenticabili in una delle pi\u00f9 popolari <strong>escursioni da Hurghada<\/strong>.<\/p>\n<h3><span style=\"color: #ff6600;\">Punti Salienti del Tour<\/span><\/h3>\n<ul>\n<li>Due soste per lo snorkeling in due punti diversi<\/li>\n<li>Pranzo fresco cucinato a bordo<\/li>\n<li>Sport acquatici come Banana boat e Sofa boat<\/li>\n<\/ul>\n<h3><span style=\"color: #ff6600;\">Dettagli del Tour<\/span><\/h3>\n<ul>\n<li>Durata: 8 ore<\/li>\n<li>Localit\u00e0 del tour: Mar Rosso<\/li>\n<li>Disponibilit\u00e0: Giornaliera<\/li>\n<li>Tipo di tour: Di gruppo<\/li>\n<li>Pick up e drop off: Il vostro hotel a Hurghada<\/li>\n<li>Accessibilit\u00e0: Adatto a sedie a rotelle<\/li>\n<\/ul>\n<h3><span style=\"color: #ff6600;\">Inclusioni<\/span><\/h3>\n<ul>\n<li>Trasferimento di andata e ritorno dal vostro hotel a Hurghada<\/li>\n<li>Attrezzatura per lo snorkeling come giubbotto salvagente, maschera e pinne<\/li>\n<li>Guida per lo snorkeling<\/li>\n<li>Pranzo fresco cucinato a bordo<\/li>\n<li>Acqua minerale, bevande calde e fredde tutto il giorno<\/li>\n<\/ul>\n<h3><span style=\"color: #ff6600;\">Esclusioni<\/span><\/h3>\n<ul>\n<li>DVD e foto scattate dal cameraman<\/li>\n<li>Mance<\/li>\n<li>Immersioni subacquee<\/li>\n<\/ul>\n<h3><span style=\"color: #ff6600;\">Cosa Portare con S\u00e9<\/span><\/h3>\n<ul>\n<li>Il vostro asciugamano dall&#8217;hotel<\/li>\n<li>Cappello o foulard<\/li>\n<li>Crema solare<\/li>\n<li>Occhiali da sole<\/li>\n<li>Scarpe comode<\/li>\n<li>Costume da bagno<\/li>\n<li>Contanti per le vostre spese personali<\/li>\n<\/ul>\n<h3><span style=\"color: #ff6600;\">Prezzo Tour in Barca per Snorkeling da Hurghada<\/span><\/h3>\n<ul>\n<li>Prezzo adulto = 25 \u20ac<\/li>\n<li>Bambini 0-5 anni = gratis<\/li>\n<li>Bambini 5-11 anni = 50% del prezzo per adulti<\/li>\n<\/ul>\n<h3><span style=\"color: #ff6600;\">Prenotazione<\/span><\/h3>\n<p>Potete prenotare il vostro tour tramite WhatsApp o inviarci un&#8217;e-mail e riceverete la conferma sul posto. Vi preghiamo di inviarci il nome del vostro hotel, il numero della stanza e le copie dei passaporti.<\/p>\n<p>WhatsApp: +201000852186<\/p>\n<p>info@egytourpackages.com<\/p>\n<h3><span style=\"color: #ff6600;\">Prenota Ora e Paga sul Posto<\/span><\/h3>\n<p>Prenota il tuo tour preferito e paga il giorno del viaggio.<\/p>\n<h3><span style=\"color: #ff6600;\">Politica di Cancellazione<\/span><\/h3>\n<ul>\n<li>La cancellazione \u00e8 gratuita fino a 24 ore prima<\/li>\n<li>La cancellazione la mattina del tour comporta una penale del 50% sul prezzo<\/li>\n<\/ul>\n","protected":false},"excerpt":{"rendered":"<p>Un indimenticabile Tour in Barca per Snorkeling da Hurghada! Esplora il Mar Rosso, ammira i coralli e goditi sport acquatici. Prenota subito!<\/p>\n","protected":false},"featured_media":2946,"comment_status":"open","ping_status":"closed","template":"","meta":[],"product_brand":[],"product_cat":[1910],"product_tag":[1918,2793],"class_list":{"0":"post-5470","1":"product","2":"type-product","3":"status-publish","4":"has-post-thumbnail","6":"product_cat-tour","7":"product_tag-escursioni-hurghada","8":"product_tag-migliore-escursione-in-barca-per-snorkeling","9":"tour_category-escursioni-di-snorkeling-a-hurghada","10":"tour_category-escursioni-hurghada","11":"tour_category-tour-giornalieri-in-egitto-it","13":"first","14":"instock","15":"sale","16":"shipping-taxable","17":"purchasable","18":"product-type-tour","19":"has-default-attributes"},"yoast_head":"<!-- This site is optimized with the Yoast SEO Premium plugin v27.2 (Yoast SEO v27.2) - https:\/\/yoast.com\/product\/yoast-seo-premium-wordpress\/ -->\n<title>Tour in Barca per Snorkeling da Hurghada | Migliori Escursioni da Hurghada<\/title>\n<meta name=\"description\" content=\"Un indimenticabile Tour in Barca per Snorkeling da Hurghada! Esplora il Mar Rosso, ammira i coralli e goditi sport acquatici. Prenota subito!\" \/>\n<meta name=\"robots\" content=\"index, follow, max-snippet:-1, max-image-preview:large, max-video-preview:-1\" \/>\n<link rel=\"canonical\" href=\"https:\/\/egytourpackages.com\/it\/tour\/tour-in-barca-per-snorkeling-da-hurghada\/\" \/>\n<meta property=\"og:locale\" content=\"it_IT\" \/>\n<meta property=\"og:type\" content=\"article\" \/>\n<meta property=\"og:title\" content=\"Tour in Barca per Snorkeling da Hurghada\" \/>\n<meta property=\"og:description\" content=\"Un indimenticabile Tour in Barca per Snorkeling da Hurghada! Esplora il Mar Rosso, ammira i coralli e goditi sport acquatici. Prenota subito!\" \/>\n<meta property=\"og:url\" content=\"https:\/\/egytourpackages.com\/it\/tour\/tour-in-barca-per-snorkeling-da-hurghada\/\" \/>\n<meta property=\"og:site_name\" content=\"Pacchetti tour in Egitto\" \/>\n<meta property=\"article:publisher\" content=\"https:\/\/www.facebook.com\/egytourpackages\" \/>\n<meta property=\"article:modified_time\" content=\"2026-01-28T20:41:59+00:00\" \/>\n<meta property=\"og:image\" content=\"https:\/\/egytourpackages.com\/wp-content\/uploads\/2023\/08\/Snorkeling-Boat-Trip-from-Hurghada-1024x682.jpg\" \/>\n<meta name=\"twitter:card\" content=\"summary_large_image\" \/>\n<meta name=\"twitter:title\" content=\"Tour in Barca per Snorkeling da Hurghada\" \/>\n<meta name=\"twitter:description\" content=\"Un indimenticabile Tour in Barca per Snorkeling da Hurghada! Esplora il Mar Rosso, ammira i coralli e goditi sport acquatici. Prenota subito!\" \/>\n<meta name=\"twitter:image\" content=\"https:\/\/egytourpackages.com\/wp-content\/uploads\/2023\/08\/Snorkeling-Boat-Trip-from-Hurghada-1024x682.jpg\" \/>\n<meta name=\"twitter:label1\" content=\"Prezzo\" \/>\n\t<meta name=\"twitter:data1\" content=\"&euro;25\" \/>\n\t<meta name=\"twitter:label2\" content=\"Disponibilit\u00e0\" \/>\n\t<meta name=\"twitter:data2\" content=\"In stock\" \/>\n<script type=\"application\/ld+json\" class=\"yoast-schema-graph\">{\"@context\":\"https:\/\/schema.org\",\"@graph\":[{\"@type\":\"WebPage\",\"@id\":\"https:\/\/egytourpackages.com\/it\/tour\/tour-in-barca-per-snorkeling-da-hurghada\/\",\"url\":\"https:\/\/egytourpackages.com\/it\/tour\/tour-in-barca-per-snorkeling-da-hurghada\/\",\"name\":\"Tour in Barca per Snorkeling da Hurghada | Migliori Escursioni da Hurghada\",\"isPartOf\":{\"@id\":\"https:\/\/egytourpackages.com\/it\/#website\"},\"primaryImageOfPage\":{\"@id\":\"https:\/\/egytourpackages.com\/it\/tour\/tour-in-barca-per-snorkeling-da-hurghada\/#primaryimage\"},\"image\":{\"@id\":\"https:\/\/egytourpackages.com\/it\/tour\/tour-in-barca-per-snorkeling-da-hurghada\/#primaryimage\"},\"thumbnailUrl\":\"https:\/\/egytourpackages.com\/wp-content\/uploads\/2023\/08\/Snorkeling-Boat-Trip-from-Hurghada.jpg\",\"datePublished\":\"2023-08-22T11:32:17+00:00\",\"dateModified\":\"2026-01-28T20:41:59+00:00\",\"description\":\"Un indimenticabile Tour in Barca per Snorkeling da Hurghada! Esplora il Mar Rosso, ammira i coralli e goditi sport acquatici. Prenota subito!\",\"breadcrumb\":{\"@id\":\"https:\/\/egytourpackages.com\/it\/tour\/tour-in-barca-per-snorkeling-da-hurghada\/#breadcrumb\"},\"inLanguage\":\"it-IT\",\"potentialAction\":[{\"@type\":\"ReadAction\",\"target\":[\"https:\/\/egytourpackages.com\/it\/tour\/tour-in-barca-per-snorkeling-da-hurghada\/\"]}]},{\"@type\":\"ImageObject\",\"inLanguage\":\"it-IT\",\"@id\":\"https:\/\/egytourpackages.com\/it\/tour\/tour-in-barca-per-snorkeling-da-hurghada\/#primaryimage\",\"url\":\"https:\/\/egytourpackages.com\/wp-content\/uploads\/2023\/08\/Snorkeling-Boat-Trip-from-Hurghada.jpg\",\"contentUrl\":\"https:\/\/egytourpackages.com\/wp-content\/uploads\/2023\/08\/Snorkeling-Boat-Trip-from-Hurghada.jpg\",\"width\":2000,\"height\":1333,\"caption\":\"Tour in Barca per Snorkeling da Hurghada\"},{\"@type\":\"BreadcrumbList\",\"@id\":\"https:\/\/egytourpackages.com\/it\/tour\/tour-in-barca-per-snorkeling-da-hurghada\/#breadcrumb\",\"itemListElement\":[{\"@type\":\"ListItem\",\"position\":1,\"name\":\"Home\",\"item\":\"https:\/\/egytourpackages.com\/it\/\"},{\"@type\":\"ListItem\",\"position\":2,\"name\":\"Negozio\",\"item\":\"https:\/\/egytourpackages.com\/it\/negozio\/\"},{\"@type\":\"ListItem\",\"position\":3,\"name\":\"Tour in Barca per Snorkeling da Hurghada\"}]},{\"@type\":\"WebSite\",\"@id\":\"https:\/\/egytourpackages.com\/it\/#website\",\"url\":\"https:\/\/egytourpackages.com\/it\/\",\"name\":\"Egy tour packages\",\"description\":\"\",\"publisher\":{\"@id\":\"https:\/\/egytourpackages.com\/it\/#organization\"},\"potentialAction\":[{\"@type\":\"SearchAction\",\"target\":{\"@type\":\"EntryPoint\",\"urlTemplate\":\"https:\/\/egytourpackages.com\/it\/?s={search_term_string}\"},\"query-input\":{\"@type\":\"PropertyValueSpecification\",\"valueRequired\":true,\"valueName\":\"search_term_string\"}}],\"inLanguage\":\"it-IT\"},{\"@type\":[\"Organization\",\"Place\",\"TravelAgency\"],\"@id\":\"https:\/\/egytourpackages.com\/it\/#organization\",\"name\":\"egypt tour packages\",\"alternateName\":\"egypt tour packages\",\"url\":\"https:\/\/egytourpackages.com\/it\/\",\"logo\":{\"@id\":\"https:\/\/egytourpackages.com\/it\/tour\/tour-in-barca-per-snorkeling-da-hurghada\/#local-main-organization-logo\"},\"image\":{\"@id\":\"https:\/\/egytourpackages.com\/it\/tour\/tour-in-barca-per-snorkeling-da-hurghada\/#local-main-organization-logo\"},\"sameAs\":[\"https:\/\/www.facebook.com\/egytourpackages\"],\"legalName\":\"Egy tour packages\",\"address\":{\"@id\":\"https:\/\/egytourpackages.com\/it\/tour\/tour-in-barca-per-snorkeling-da-hurghada\/#local-main-place-address\"},\"telephone\":[\"00201000852186\",\"00201028685533\"],\"contactPoint\":{\"@type\":\"ContactPoint\",\"telephone\":\"00201000852186\"},\"openingHoursSpecification\":[{\"@type\":\"OpeningHoursSpecification\",\"dayOfWeek\":[\"Monday\",\"Tuesday\",\"Wednesday\",\"Thursday\",\"Friday\",\"Saturday\",\"Sunday\"],\"opens\":\"00:00\",\"closes\":\"23:59\"}],\"email\":\"info@egytourpackages.com\",\"areaServed\":\"Cairo, Hurghada, Luxor, Sharm El Sheikh, Marsa Alam, Aswan\",\"priceRange\":\"$\",\"currenciesAccepted\":\"euro\",\"paymentAccepted\":\"Payment links online\"},{\"@type\":\"PostalAddress\",\"@id\":\"https:\/\/egytourpackages.com\/it\/tour\/tour-in-barca-per-snorkeling-da-hurghada\/#local-main-place-address\",\"streetAddress\":\"Mubarak 8, Al Kawthar District, Hurghada\",\"addressLocality\":\"Hurghada\",\"postalCode\":\"84511\",\"addressRegion\":\"Red Sea\",\"addressCountry\":\"EG\"},{\"@type\":\"ImageObject\",\"inLanguage\":\"it-IT\",\"@id\":\"https:\/\/egytourpackages.com\/it\/tour\/tour-in-barca-per-snorkeling-da-hurghada\/#local-main-organization-logo\",\"url\":\"https:\/\/egytourpackages.com\/wp-content\/uploads\/2025\/12\/Turquoise-Dahabiya-Nile-Cruise-1.jpeg\",\"contentUrl\":\"https:\/\/egytourpackages.com\/wp-content\/uploads\/2025\/12\/Turquoise-Dahabiya-Nile-Cruise-1.jpeg\",\"width\":1040,\"height\":694,\"caption\":\"egypt tour packages\"}]}<\/script>\n<meta property=\"product:brand\" content=\"Escursioni di snorkeling a Hurghada\" \/>\n<meta property=\"product:price:amount\" content=\"25\" \/>\n<meta property=\"product:price:currency\" content=\"EUR\" \/>\n<meta property=\"og:availability\" content=\"instock\" \/>\n<meta property=\"product:availability\" content=\"instock\" \/>\n<meta property=\"product:retailer_item_id\" content=\"HDT04\" \/>\n<meta property=\"product:condition\" content=\"new\" \/>\n<meta name=\"geo.placename\" content=\"Hurghada\" \/>\n<meta name=\"geo.region\" content=\"Egitto\" \/>\n<!-- \/ Yoast SEO Premium plugin. -->","yoast_head_json":{"title":"Tour in Barca per Snorkeling da Hurghada | Migliori Escursioni da Hurghada","description":"Un indimenticabile Tour in Barca per Snorkeling da Hurghada! Esplora il Mar Rosso, ammira i coralli e goditi sport acquatici. Prenota subito!","robots":{"index":"index","follow":"follow","max-snippet":"max-snippet:-1","max-image-preview":"max-image-preview:large","max-video-preview":"max-video-preview:-1"},"canonical":"https:\/\/egytourpackages.com\/it\/tour\/tour-in-barca-per-snorkeling-da-hurghada\/","og_locale":"it_IT","og_type":"article","og_title":"Tour in Barca per Snorkeling da Hurghada","og_description":"Un indimenticabile Tour in Barca per Snorkeling da Hurghada! Esplora il Mar Rosso, ammira i coralli e goditi sport acquatici. Prenota subito!","og_url":"https:\/\/egytourpackages.com\/it\/tour\/tour-in-barca-per-snorkeling-da-hurghada\/","og_site_name":"Pacchetti tour in Egitto","article_publisher":"https:\/\/www.facebook.com\/egytourpackages","article_modified_time":"2026-01-28T20:41:59+00:00","og_image":[{"url":"https:\/\/egytourpackages.com\/wp-content\/uploads\/2023\/08\/Snorkeling-Boat-Trip-from-Hurghada-1024x682.jpg","type":"","width":"","height":""}],"twitter_card":"summary_large_image","twitter_title":"Tour in Barca per Snorkeling da Hurghada","twitter_description":"Un indimenticabile Tour in Barca per Snorkeling da Hurghada! Esplora il Mar Rosso, ammira i coralli e goditi sport acquatici. Prenota subito!","twitter_image":"https:\/\/egytourpackages.com\/wp-content\/uploads\/2023\/08\/Snorkeling-Boat-Trip-from-Hurghada-1024x682.jpg","twitter_misc":{"Prezzo":"&euro;25","Disponibilit\u00e0":"In stock"},"schema":{"@context":"https:\/\/schema.org","@graph":[{"@type":"WebPage","@id":"https:\/\/egytourpackages.com\/it\/tour\/tour-in-barca-per-snorkeling-da-hurghada\/","url":"https:\/\/egytourpackages.com\/it\/tour\/tour-in-barca-per-snorkeling-da-hurghada\/","name":"Tour in Barca per Snorkeling da Hurghada | Migliori Escursioni da Hurghada","isPartOf":{"@id":"https:\/\/egytourpackages.com\/it\/#website"},"primaryImageOfPage":{"@id":"https:\/\/egytourpackages.com\/it\/tour\/tour-in-barca-per-snorkeling-da-hurghada\/#primaryimage"},"image":{"@id":"https:\/\/egytourpackages.com\/it\/tour\/tour-in-barca-per-snorkeling-da-hurghada\/#primaryimage"},"thumbnailUrl":"https:\/\/egytourpackages.com\/wp-content\/uploads\/2023\/08\/Snorkeling-Boat-Trip-from-Hurghada.jpg","datePublished":"2023-08-22T11:32:17+00:00","dateModified":"2026-01-28T20:41:59+00:00","description":"Un indimenticabile Tour in Barca per Snorkeling da Hurghada! Esplora il Mar Rosso, ammira i coralli e goditi sport acquatici. Prenota subito!","breadcrumb":{"@id":"https:\/\/egytourpackages.com\/it\/tour\/tour-in-barca-per-snorkeling-da-hurghada\/#breadcrumb"},"inLanguage":"it-IT","potentialAction":[{"@type":"ReadAction","target":["https:\/\/egytourpackages.com\/it\/tour\/tour-in-barca-per-snorkeling-da-hurghada\/"]}]},{"@type":"ImageObject","inLanguage":"it-IT","@id":"https:\/\/egytourpackages.com\/it\/tour\/tour-in-barca-per-snorkeling-da-hurghada\/#primaryimage","url":"https:\/\/egytourpackages.com\/wp-content\/uploads\/2023\/08\/Snorkeling-Boat-Trip-from-Hurghada.jpg","contentUrl":"https:\/\/egytourpackages.com\/wp-content\/uploads\/2023\/08\/Snorkeling-Boat-Trip-from-Hurghada.jpg","width":2000,"height":1333,"caption":"Tour in Barca per Snorkeling da Hurghada"},{"@type":"BreadcrumbList","@id":"https:\/\/egytourpackages.com\/it\/tour\/tour-in-barca-per-snorkeling-da-hurghada\/#breadcrumb","itemListElement":[{"@type":"ListItem","position":1,"name":"Home","item":"https:\/\/egytourpackages.com\/it\/"},{"@type":"ListItem","position":2,"name":"Negozio","item":"https:\/\/egytourpackages.com\/it\/negozio\/"},{"@type":"ListItem","position":3,"name":"Tour in Barca per Snorkeling da Hurghada"}]},{"@type":"WebSite","@id":"https:\/\/egytourpackages.com\/it\/#website","url":"https:\/\/egytourpackages.com\/it\/","name":"Egy tour packages","description":"","publisher":{"@id":"https:\/\/egytourpackages.com\/it\/#organization"},"potentialAction":[{"@type":"SearchAction","target":{"@type":"EntryPoint","urlTemplate":"https:\/\/egytourpackages.com\/it\/?s={search_term_string}"},"query-input":{"@type":"PropertyValueSpecification","valueRequired":true,"valueName":"search_term_string"}}],"inLanguage":"it-IT"},{"@type":["Organization","Place","TravelAgency"],"@id":"https:\/\/egytourpackages.com\/it\/#organization","name":"egypt tour packages","alternateName":"egypt tour packages","url":"https:\/\/egytourpackages.com\/it\/","logo":{"@id":"https:\/\/egytourpackages.com\/it\/tour\/tour-in-barca-per-snorkeling-da-hurghada\/#local-main-organization-logo"},"image":{"@id":"https:\/\/egytourpackages.com\/it\/tour\/tour-in-barca-per-snorkeling-da-hurghada\/#local-main-organization-logo"},"sameAs":["https:\/\/www.facebook.com\/egytourpackages"],"legalName":"Egy tour packages","address":{"@id":"https:\/\/egytourpackages.com\/it\/tour\/tour-in-barca-per-snorkeling-da-hurghada\/#local-main-place-address"},"telephone":["00201000852186","00201028685533"],"contactPoint":{"@type":"ContactPoint","telephone":"00201000852186"},"openingHoursSpecification":[{"@type":"OpeningHoursSpecification","dayOfWeek":["Monday","Tuesday","Wednesday","Thursday","Friday","Saturday","Sunday"],"opens":"00:00","closes":"23:59"}],"email":"info@egytourpackages.com","areaServed":"Cairo, Hurghada, Luxor, Sharm El Sheikh, Marsa Alam, Aswan","priceRange":"$","currenciesAccepted":"euro","paymentAccepted":"Payment links online"},{"@type":"PostalAddress","@id":"https:\/\/egytourpackages.com\/it\/tour\/tour-in-barca-per-snorkeling-da-hurghada\/#local-main-place-address","streetAddress":"Mubarak 8, Al Kawthar District, Hurghada","addressLocality":"Hurghada","postalCode":"84511","addressRegion":"Red Sea","addressCountry":"EG"},{"@type":"ImageObject","inLanguage":"it-IT","@id":"https:\/\/egytourpackages.com\/it\/tour\/tour-in-barca-per-snorkeling-da-hurghada\/#local-main-organization-logo","url":"https:\/\/egytourpackages.com\/wp-content\/uploads\/2025\/12\/Turquoise-Dahabiya-Nile-Cruise-1.jpeg","contentUrl":"https:\/\/egytourpackages.com\/wp-content\/uploads\/2025\/12\/Turquoise-Dahabiya-Nile-Cruise-1.jpeg","width":1040,"height":694,"caption":"egypt tour packages"}]},"product_brand":"Escursioni di snorkeling a Hurghada","product_price_amount":"25","product_price_currency":"EUR","og_availability":"instock","product_availability":"instock","product_retailer_item_id":"HDT04","product_condition":"new","geo.placename":"Hurghada","geo.region":"Egitto"},"_links":{"self":[{"href":"https:\/\/egytourpackages.com\/it\/wp-json\/wp\/v2\/product\/5470","targetHints":{"allow":["GET"]}}],"collection":[{"href":"https:\/\/egytourpackages.com\/it\/wp-json\/wp\/v2\/product"}],"about":[{"href":"https:\/\/egytourpackages.com\/it\/wp-json\/wp\/v2\/types\/product"}],"replies":[{"embeddable":true,"href":"https:\/\/egytourpackages.com\/it\/wp-json\/wp\/v2\/comments?post=5470"}],"wp:featuredmedia":[{"embeddable":true,"href":"https:\/\/egytourpackages.com\/it\/wp-json\/wp\/v2\/media\/2946"}],"wp:attachment":[{"href":"https:\/\/egytourpackages.com\/it\/wp-json\/wp\/v2\/media?parent=5470"}],"wp:term":[{"taxonomy":"product_brand","embeddable":true,"href":"https:\/\/egytourpackages.com\/it\/wp-json\/wp\/v2\/product_brand?post=5470"},{"taxonomy":"product_cat","embeddable":true,"href":"https:\/\/egytourpackages.com\/it\/wp-json\/wp\/v2\/product_cat?post=5470"},{"taxonomy":"product_tag","embeddable":true,"href":"https:\/\/egytourpackages.com\/it\/wp-json\/wp\/v2\/product_tag?post=5470"}],"curies":[{"name":"wp","href":"https:\/\/api.w.org\/{rel}","templated":true}]}}