{"id":5547,"date":"2025-08-11T21:12:56","date_gmt":"2025-08-11T21:12:56","guid":{"rendered":"https:\/\/egytourpackages.com\/product\/gita-di-un-giorno-al-monastero-di-santa-caterina-da-sharm-el-sheikh\/"},"modified":"2026-01-03T22:13:26","modified_gmt":"2026-01-03T22:13:26","slug":"gita-di-un-giorno-al-monastero-di-santa-caterina-da-sharm-el-sheikh","status":"publish","type":"product","link":"https:\/\/egytourpackages.com\/it\/tour\/gita-di-un-giorno-al-monastero-di-santa-caterina-da-sharm-el-sheikh\/","title":{"rendered":"Gita di un giorno al Monastero di Santa Caterina da Sharm El Sheikh"},"content":{"rendered":"<p><strong><span style=\"color: #ff6600;\">Gita di un giorno al Monastero di Santa Caterina da Sharm El Sheikh<\/span><\/strong><\/p>\n<p>Per i viaggiatori che cercano un&#8217;esperienza spirituale e storica profonda, la <strong>gita di un giorno al Monastero di Santa Caterina da Sharm El Sheikh<\/strong> \u00e8 un tour altamente professionale e specializzato. Il viaggio offre un&#8217;opportunit\u00e0 unica per esplorare uno dei monasteri cristiani abitati ininterrottamente pi\u00f9 antichi del mondo, un <strong>sito Patrimonio dell&#8217;Umanit\u00e0 UNESCO<\/strong> situato ai piedi del <strong>Monte Sinai<\/strong>. In quanto <strong>monastero greco ortodosso<\/strong>, \u00e8 il pi\u00f9 antico monastero cristiano al mondo. La tua guida fornir\u00e0 approfondimenti sulla sua profonda storia, il suo significato nel cristianesimo e nell&#8217;Islam e la sua inestimabile collezione di manufatti religiosi.<\/p>\n<p>Questo <strong>tour di un giorno da Sharm El Sheikh<\/strong> si svolge in veicoli moderni e climatizzati, garantendo un trasferimento comodo e diretto da e per il monastero. L&#8217;itinerario \u00e8 strutturato in modo da offrire un&#8217;esplorazione completa di questo antico punto di riferimento. Spesso include un&#8217;opzionale, ma altamente raccomandata, salita notturna sul <strong>Monte Sinai<\/strong> per ammirare il mozzafiato sorgere del sole dalla vetta, un&#8217;esperienza davvero memorabile e biblica. Per coloro che preferiscono un ritmo pi\u00f9 rilassato, la gita di un giorno si concentra sul monastero stesso, offrendo tutto il tempo per esplorare i suoi tesori storici.<\/p>\n<p>Guidati da un esperto, <strong>guida turistica che parla inglese<\/strong>, i visitatori si immergono nella ricca storia del <strong>Monastero di Santa Caterina<\/strong>. I punti salienti includono la visita della Cappella del <strong>Roveto Ardente<\/strong>, la famosa <strong>Chiesa della Trasfigurazione<\/strong> e l&#8217;inestimabile collezione di antichi manoscritti e icone religiose. Questo itinerario mirato consente una connessione pi\u00f9 profonda con il profondo significato religioso e culturale del sito.<\/p>\n<p>Le <strong>escursioni da Sharm El Sheikh<\/strong> sono una scelta popolare per pellegrini, appassionati di storia e chiunque cerchi una fuga tranquilla e arricchente nel cuore della Penisola del Sinai.<\/p>\n<h3><span style=\"color: #ff6600;\">Dettagli del tour<\/span><\/h3>\n<ul>\n<li>Durata: 11 ore<\/li>\n<li>Localit\u00e0 del tour: Sinai del Sud \/ Dahab \/ Sharm El Sheikh<\/li>\n<li>Disponibilit\u00e0 del tour: Tutti i giorni tranne il venerd\u00ec<\/li>\n<li>Prelievo e rientro: Hotel a Sharm El Sheikh<\/li>\n<li>Tipo di tour: Privato<\/li>\n<li>Adatto per: Coppie, Famiglie, Anziani<\/li>\n<li>Sedia a rotelle: Accessibile<\/li>\n<\/ul>\n<h3><span style=\"color: #ff6600;\">Punti salienti del tour<\/span><\/h3>\n<ul>\n<li>Monastero di Santa Caterina<\/li>\n<li>Pranzo a Dahab<\/li>\n<\/ul>\n<h3><span style=\"color: #ff6600;\">Inclusi nel prezzo<\/span><\/h3>\n<ul>\n<li>Trasferimento di andata e ritorno con veicolo A\/C<\/li>\n<li>Biglietti d&#8217;ingresso<\/li>\n<li>Guida egittologa<\/li>\n<li>Guida beduina<\/li>\n<li>Pranzo<\/li>\n<\/ul>\n<h3><span style=\"color: #ff6600;\">Esclusi nel prezzo<\/span><\/h3>\n<ul>\n<li>Biglietti d&#8217;ingresso al Parco Nazionale di Santa Caterina: 10 \u20ac a persona<\/li>\n<li>Bevande durante il pranzo<\/li>\n<li>Mance<\/li>\n<\/ul>\n<h3><span style=\"color: #ff6600;\">Cosa mettere in valigia<\/span><\/h3>\n<ul>\n<li>Scarpe comode e abbigliamento adatto per l&#8217;escursionismo<\/li>\n<li>Abbigliamento pesante in inverno<\/li>\n<li>Occhiali da sole, cappello o sciarpa<\/li>\n<li>Crema solare in estate<\/li>\n<\/ul>\n<h2><span style=\"color: #ff6600;\">Itinerario<\/span><\/h2>\n<p>La tua giornata inizia con un comodo prelievo dal tuo hotel a Sharm El Sheikh. Viaggerai in un veicolo confortevole e climatizzato per il viaggio panoramico attraverso il deserto del Sinai. Il viaggio verso Santa Caterina dura circa 2-3 ore.<\/p>\n<p>All&#8217;arrivo al monastero, inizierai il tuo tour con la tua guida professionale che parla inglese. Ti guider\u00e0 attraverso le aree chiave di questo <strong>sito Patrimonio dell&#8217;Umanit\u00e0 UNESCO<\/strong>. Imparerai a conoscere la storia del monastero, il suo significato nel cristianesimo e nell&#8217;Islam e la sua inestimabile collezione di manufatti religiosi.<\/p>\n<p>Durante questo periodo, visiterai i siti pi\u00f9 importanti all&#8217;interno delle mura del monastero. All&#8217;interno delle mura del <strong>Monastero di Santa Caterina<\/strong>, scoprirai una ricchezza di tesori biblici e storici. I punti salienti del tour includono la venerata <strong>Cappella del Roveto Ardente<\/strong>, che si ritiene sia il punto esatto in cui Dio parl\u00f2 a <strong>Mos\u00e8<\/strong>.<\/p>\n<p>Inoltre, visiterai il <strong>Pozzo di Mos\u00e8<\/strong>, il pozzo stesso dove si dice che abbia incontrato la sua futura moglie. La <strong>Basilica Principale<\/strong> del monastero \u00e8 un magnifico esempio di architettura antica, che vanta splendidi mosaici sopravvissuti per secoli.<\/p>\n<p>Infine, imparerai a conoscere la biblioteca di fama mondiale del monastero, che ospita una delle pi\u00f9 grandi collezioni di manoscritti antichi, una collezione seconda solo a quella del Vaticano.<\/p>\n<p>Dopo il tour guidato, avrai del tempo libero per esplorare i dintorni da solo. Durante questo periodo, potrai visitare il museo del monastero, che contiene una magnifica collezione di icone e manoscritti cristiani primitivi. Questa collezione \u00e8 considerata la seconda pi\u00f9 grande al mondo nel suo genere dopo quella del Vaticano.<\/p>\n<p>Dopo il pranzo a Dahab, inizierai il viaggio di ritorno a Sharm El Sheikh come parte dei tuoi <strong>tour di un giorno in Egitto<\/strong>. Pasti: pranzo<\/p>\n<h3><span style=\"color: #ff6600;\">Prezzo della gita di un giorno al Monastero di Santa Caterina da Sharm El Sheikh<\/span><\/h3>\n<ul>\n<li>Prezzo adulto: 50 \u20ac<\/li>\n<li>Bambini 0-5 anni: gratis<\/li>\n<li>Bambini 5-11 anni: 50% del prezzo per adulto<\/li>\n<\/ul>\n<h3><span style=\"color: #ff6600;\">Prenotazione<\/span><\/h3>\n<p>Puoi prenotare il tuo tour tramite WhatsApp o inviandoci un&#8217;e-mail e riceverai la conferma immediatamente. Ti preghiamo di inviarci il nome del tuo hotel, il numero della camera e le copie dei passaporti.<\/p>\n<p>WhatsApp: +201000852186<\/p>\n<p>info@egytourpackages.com<\/p>\n<h3><span style=\"color: #ff6600;\">Prenota ora e paga sul posto<\/span><\/h3>\n<p>Prenota il tuo tour preferito e paga il giorno della gita.<\/p>\n<h3><span style=\"color: #ff6600;\">Pagamento<\/span><\/h3>\n<p>Puoi pagare in lire egiziane, $, \u20ac o \u00a3.<\/p>\n<h3><span style=\"color: #ff6600;\">Politica di cancellazione<\/span><\/h3>\n<ul>\n<li>La cancellazione \u00e8 gratuita fino a 24 ore prima<\/li>\n<li>La cancellazione mattutina \u00e8 del 50% del prezzo<\/li>\n<\/ul>\n","protected":false},"excerpt":{"rendered":"<p>Vivi una Gita di un giorno al Monastero di Santa Caterina da Sharm El Sheikh. ammira luoghi sacri come il Roveto Ardente e il Pozzo di Mos\u00e8.<\/p>\n","protected":false},"featured_media":5546,"comment_status":"closed","ping_status":"closed","template":"","meta":[],"product_brand":[],"product_cat":[1910],"product_tag":[2801,2632,1914],"class_list":{"0":"post-5547","1":"product","2":"type-product","3":"status-publish","4":"has-post-thumbnail","6":"product_cat-tour","7":"product_tag-escursioni-giornaliere-da-sharm-el-sheikh","8":"product_tag-tour-di-vacanze-in-egitto","9":"product_tag-tour-giornalieri-in-egitto","10":"tour_category-escursioni-giornaliere-sharm-el-sheikh","11":"tour_category-tour-giornalieri-in-egitto-it","13":"first","14":"instock","15":"sale","16":"shipping-taxable","17":"purchasable","18":"product-type-tour","19":"has-default-attributes"},"yoast_head":"<!-- This site is optimized with the Yoast SEO Premium plugin v27.4 (Yoast SEO v27.4) - https:\/\/yoast.com\/product\/yoast-seo-premium-wordpress\/ -->\n<title>Gita di un giorno al Monastero di Santa Caterina da Sharm El Sheikh<\/title>\n<meta name=\"description\" content=\"Vivi una Gita di un giorno al Monastero di Santa Caterina da Sharm El Sheikh. ammira luoghi sacri come il Roveto Ardente e il Pozzo di Mos\u00e8.\" \/>\n<meta name=\"robots\" content=\"index, follow, max-snippet:-1, max-image-preview:large, max-video-preview:-1\" \/>\n<link rel=\"canonical\" href=\"https:\/\/egytourpackages.com\/it\/tour\/gita-di-un-giorno-al-monastero-di-santa-caterina-da-sharm-el-sheikh\/\" \/>\n<meta property=\"og:locale\" content=\"it_IT\" \/>\n<meta property=\"og:type\" content=\"article\" \/>\n<meta property=\"og:title\" content=\"Gita di un giorno al Monastero di Santa Caterina da Sharm El Sheikh\" \/>\n<meta property=\"og:description\" content=\"Vivi una Gita di un giorno al Monastero di Santa Caterina da Sharm El Sheikh. ammira luoghi sacri come il Roveto Ardente e il Pozzo di Mos\u00e8.\" \/>\n<meta property=\"og:url\" content=\"https:\/\/egytourpackages.com\/it\/tour\/gita-di-un-giorno-al-monastero-di-santa-caterina-da-sharm-el-sheikh\/\" \/>\n<meta property=\"og:site_name\" content=\"Pacchetti tour in Egitto\" \/>\n<meta property=\"article:publisher\" content=\"https:\/\/www.facebook.com\/egytourpackages\" \/>\n<meta property=\"article:modified_time\" content=\"2026-01-03T22:13:26+00:00\" \/>\n<meta property=\"og:image\" content=\"https:\/\/egytourpackages.com\/wp-content\/uploads\/2025\/08\/St.-Catherines-Monastery-South-Sinai.jpeg\" \/>\n\t<meta property=\"og:image:width\" content=\"1800\" \/>\n\t<meta property=\"og:image:height\" content=\"1196\" \/>\n\t<meta property=\"og:image:type\" content=\"image\/jpeg\" \/>\n<meta name=\"twitter:card\" content=\"summary_large_image\" \/>\n<meta name=\"twitter:title\" content=\"Gita di un giorno al Monastero di Santa Caterina da Sharm El Sheikh\" \/>\n<meta name=\"twitter:label1\" content=\"Prezzo\" \/>\n\t<meta name=\"twitter:data1\" content=\"&euro;0\" \/>\n\t<meta name=\"twitter:label2\" content=\"Disponibilit\u00e0\" \/>\n\t<meta name=\"twitter:data2\" content=\"In stock\" \/>\n<script type=\"application\/ld+json\" class=\"yoast-schema-graph\">{\"@context\":\"https:\\\/\\\/schema.org\",\"@graph\":[{\"@type\":\"WebPage\",\"@id\":\"https:\\\/\\\/egytourpackages.com\\\/it\\\/tour\\\/gita-di-un-giorno-al-monastero-di-santa-caterina-da-sharm-el-sheikh\\\/\",\"url\":\"https:\\\/\\\/egytourpackages.com\\\/it\\\/tour\\\/gita-di-un-giorno-al-monastero-di-santa-caterina-da-sharm-el-sheikh\\\/\",\"name\":\"Gita di un giorno al Monastero di Santa Caterina da Sharm El Sheikh\",\"isPartOf\":{\"@id\":\"https:\\\/\\\/egytourpackages.com\\\/it\\\/#website\"},\"primaryImageOfPage\":{\"@id\":\"https:\\\/\\\/egytourpackages.com\\\/it\\\/tour\\\/gita-di-un-giorno-al-monastero-di-santa-caterina-da-sharm-el-sheikh\\\/#primaryimage\"},\"image\":{\"@id\":\"https:\\\/\\\/egytourpackages.com\\\/it\\\/tour\\\/gita-di-un-giorno-al-monastero-di-santa-caterina-da-sharm-el-sheikh\\\/#primaryimage\"},\"thumbnailUrl\":\"https:\\\/\\\/egytourpackages.com\\\/wp-content\\\/uploads\\\/2025\\\/08\\\/St.-Catherines-Monastery-South-Sinai.jpeg\",\"datePublished\":\"2025-08-11T21:12:56+00:00\",\"dateModified\":\"2026-01-03T22:13:26+00:00\",\"description\":\"Vivi una Gita di un giorno al Monastero di Santa Caterina da Sharm El Sheikh. ammira luoghi sacri come il Roveto Ardente e il Pozzo di Mos\u00e8.\",\"breadcrumb\":{\"@id\":\"https:\\\/\\\/egytourpackages.com\\\/it\\\/tour\\\/gita-di-un-giorno-al-monastero-di-santa-caterina-da-sharm-el-sheikh\\\/#breadcrumb\"},\"inLanguage\":\"it-IT\",\"potentialAction\":[{\"@type\":\"ReadAction\",\"target\":[\"https:\\\/\\\/egytourpackages.com\\\/it\\\/tour\\\/gita-di-un-giorno-al-monastero-di-santa-caterina-da-sharm-el-sheikh\\\/\"]}]},{\"@type\":\"ImageObject\",\"inLanguage\":\"it-IT\",\"@id\":\"https:\\\/\\\/egytourpackages.com\\\/it\\\/tour\\\/gita-di-un-giorno-al-monastero-di-santa-caterina-da-sharm-el-sheikh\\\/#primaryimage\",\"url\":\"https:\\\/\\\/egytourpackages.com\\\/wp-content\\\/uploads\\\/2025\\\/08\\\/St.-Catherines-Monastery-South-Sinai.jpeg\",\"contentUrl\":\"https:\\\/\\\/egytourpackages.com\\\/wp-content\\\/uploads\\\/2025\\\/08\\\/St.-Catherines-Monastery-South-Sinai.jpeg\",\"width\":1800,\"height\":1196,\"caption\":\"Gita di un giorno al Monastero di Santa Caterina da Sharm El Sheikh\"},{\"@type\":\"BreadcrumbList\",\"@id\":\"https:\\\/\\\/egytourpackages.com\\\/it\\\/tour\\\/gita-di-un-giorno-al-monastero-di-santa-caterina-da-sharm-el-sheikh\\\/#breadcrumb\",\"itemListElement\":[{\"@type\":\"ListItem\",\"position\":1,\"name\":\"Home\",\"item\":\"https:\\\/\\\/egytourpackages.com\\\/it\\\/\"},{\"@type\":\"ListItem\",\"position\":2,\"name\":\"Negozio\",\"item\":\"https:\\\/\\\/egytourpackages.com\\\/it\\\/negozio\\\/\"},{\"@type\":\"ListItem\",\"position\":3,\"name\":\"Gita di un giorno al Monastero di Santa Caterina da Sharm El Sheikh\"}]},{\"@type\":\"WebSite\",\"@id\":\"https:\\\/\\\/egytourpackages.com\\\/it\\\/#website\",\"url\":\"https:\\\/\\\/egytourpackages.com\\\/it\\\/\",\"name\":\"Egy tour packages\",\"description\":\"\",\"publisher\":{\"@id\":\"https:\\\/\\\/egytourpackages.com\\\/it\\\/#organization\"},\"potentialAction\":[{\"@type\":\"SearchAction\",\"target\":{\"@type\":\"EntryPoint\",\"urlTemplate\":\"https:\\\/\\\/egytourpackages.com\\\/it\\\/?s={search_term_string}\"},\"query-input\":{\"@type\":\"PropertyValueSpecification\",\"valueRequired\":true,\"valueName\":\"search_term_string\"}}],\"inLanguage\":\"it-IT\"},{\"@type\":[\"Organization\",\"Place\",\"TravelAgency\"],\"@id\":\"https:\\\/\\\/egytourpackages.com\\\/it\\\/#organization\",\"name\":\"egypt tour packages\",\"alternateName\":\"egypt tour packages\",\"url\":\"https:\\\/\\\/egytourpackages.com\\\/it\\\/\",\"logo\":{\"@id\":\"https:\\\/\\\/egytourpackages.com\\\/it\\\/tour\\\/gita-di-un-giorno-al-monastero-di-santa-caterina-da-sharm-el-sheikh\\\/#local-main-organization-logo\"},\"image\":{\"@id\":\"https:\\\/\\\/egytourpackages.com\\\/it\\\/tour\\\/gita-di-un-giorno-al-monastero-di-santa-caterina-da-sharm-el-sheikh\\\/#local-main-organization-logo\"},\"sameAs\":[\"https:\\\/\\\/www.facebook.com\\\/egytourpackages\"],\"legalName\":\"Egy tour packages\",\"address\":{\"@id\":\"https:\\\/\\\/egytourpackages.com\\\/it\\\/tour\\\/gita-di-un-giorno-al-monastero-di-santa-caterina-da-sharm-el-sheikh\\\/#local-main-place-address\"},\"telephone\":[\"00201000852186\",\"00201028685533\"],\"contactPoint\":{\"@type\":\"ContactPoint\",\"telephone\":\"00201000852186\"},\"openingHoursSpecification\":[{\"@type\":\"OpeningHoursSpecification\",\"dayOfWeek\":[\"Monday\",\"Tuesday\",\"Wednesday\",\"Thursday\",\"Friday\",\"Saturday\",\"Sunday\"],\"opens\":\"00:00\",\"closes\":\"23:59\"}],\"email\":\"info@egytourpackages.com\",\"areaServed\":\"Cairo, Hurghada, Luxor, Sharm El Sheikh, Marsa Alam, Aswan\",\"priceRange\":\"$\",\"currenciesAccepted\":\"euro\",\"paymentAccepted\":\"Payment links online\"},{\"@type\":\"PostalAddress\",\"@id\":\"https:\\\/\\\/egytourpackages.com\\\/it\\\/tour\\\/gita-di-un-giorno-al-monastero-di-santa-caterina-da-sharm-el-sheikh\\\/#local-main-place-address\",\"streetAddress\":\"Mubarak 8, Al Kawthar District, Hurghada\",\"addressLocality\":\"Hurghada\",\"postalCode\":\"84511\",\"addressRegion\":\"Red Sea\",\"addressCountry\":\"EG\"},{\"@type\":\"ImageObject\",\"inLanguage\":\"it-IT\",\"@id\":\"https:\\\/\\\/egytourpackages.com\\\/it\\\/tour\\\/gita-di-un-giorno-al-monastero-di-santa-caterina-da-sharm-el-sheikh\\\/#local-main-organization-logo\",\"url\":\"https:\\\/\\\/egytourpackages.com\\\/wp-content\\\/uploads\\\/2025\\\/12\\\/Turquoise-Dahabiya-Nile-Cruise-1.jpeg\",\"contentUrl\":\"https:\\\/\\\/egytourpackages.com\\\/wp-content\\\/uploads\\\/2025\\\/12\\\/Turquoise-Dahabiya-Nile-Cruise-1.jpeg\",\"width\":1040,\"height\":694,\"caption\":\"egypt tour packages\"}]}<\/script>\n<meta property=\"product:brand\" content=\"Escursioni giornaliere Sharm El Sheikh\" \/>\n<meta property=\"product:price:amount\" content=\"0\" \/>\n<meta property=\"product:price:currency\" content=\"EUR\" \/>\n<meta property=\"og:availability\" content=\"instock\" \/>\n<meta property=\"product:availability\" content=\"instock\" \/>\n<meta property=\"product:retailer_item_id\" content=\"SESDT03\" \/>\n<meta property=\"product:condition\" content=\"new\" \/>\n<meta name=\"geo.placename\" content=\"Hurghada\" \/>\n<meta name=\"geo.region\" content=\"Egitto\" \/>\n<!-- \/ Yoast SEO Premium plugin. -->","yoast_head_json":{"title":"Gita di un giorno al Monastero di Santa Caterina da Sharm El Sheikh","description":"Vivi una Gita di un giorno al Monastero di Santa Caterina da Sharm El Sheikh. ammira luoghi sacri come il Roveto Ardente e il Pozzo di Mos\u00e8.","robots":{"index":"index","follow":"follow","max-snippet":"max-snippet:-1","max-image-preview":"max-image-preview:large","max-video-preview":"max-video-preview:-1"},"canonical":"https:\/\/egytourpackages.com\/it\/tour\/gita-di-un-giorno-al-monastero-di-santa-caterina-da-sharm-el-sheikh\/","og_locale":"it_IT","og_type":"article","og_title":"Gita di un giorno al Monastero di Santa Caterina da Sharm El Sheikh","og_description":"Vivi una Gita di un giorno al Monastero di Santa Caterina da Sharm El Sheikh. ammira luoghi sacri come il Roveto Ardente e il Pozzo di Mos\u00e8.","og_url":"https:\/\/egytourpackages.com\/it\/tour\/gita-di-un-giorno-al-monastero-di-santa-caterina-da-sharm-el-sheikh\/","og_site_name":"Pacchetti tour in Egitto","article_publisher":"https:\/\/www.facebook.com\/egytourpackages","article_modified_time":"2026-01-03T22:13:26+00:00","og_image":[{"width":1800,"height":1196,"url":"https:\/\/egytourpackages.com\/wp-content\/uploads\/2025\/08\/St.-Catherines-Monastery-South-Sinai.jpeg","type":"image\/jpeg"}],"twitter_card":"summary_large_image","twitter_title":"Gita di un giorno al Monastero di Santa Caterina da Sharm El Sheikh","twitter_misc":{"Prezzo":"&euro;0","Disponibilit\u00e0":"In stock"},"schema":{"@context":"https:\/\/schema.org","@graph":[{"@type":"WebPage","@id":"https:\/\/egytourpackages.com\/it\/tour\/gita-di-un-giorno-al-monastero-di-santa-caterina-da-sharm-el-sheikh\/","url":"https:\/\/egytourpackages.com\/it\/tour\/gita-di-un-giorno-al-monastero-di-santa-caterina-da-sharm-el-sheikh\/","name":"Gita di un giorno al Monastero di Santa Caterina da Sharm El Sheikh","isPartOf":{"@id":"https:\/\/egytourpackages.com\/it\/#website"},"primaryImageOfPage":{"@id":"https:\/\/egytourpackages.com\/it\/tour\/gita-di-un-giorno-al-monastero-di-santa-caterina-da-sharm-el-sheikh\/#primaryimage"},"image":{"@id":"https:\/\/egytourpackages.com\/it\/tour\/gita-di-un-giorno-al-monastero-di-santa-caterina-da-sharm-el-sheikh\/#primaryimage"},"thumbnailUrl":"https:\/\/egytourpackages.com\/wp-content\/uploads\/2025\/08\/St.-Catherines-Monastery-South-Sinai.jpeg","datePublished":"2025-08-11T21:12:56+00:00","dateModified":"2026-01-03T22:13:26+00:00","description":"Vivi una Gita di un giorno al Monastero di Santa Caterina da Sharm El Sheikh. ammira luoghi sacri come il Roveto Ardente e il Pozzo di Mos\u00e8.","breadcrumb":{"@id":"https:\/\/egytourpackages.com\/it\/tour\/gita-di-un-giorno-al-monastero-di-santa-caterina-da-sharm-el-sheikh\/#breadcrumb"},"inLanguage":"it-IT","potentialAction":[{"@type":"ReadAction","target":["https:\/\/egytourpackages.com\/it\/tour\/gita-di-un-giorno-al-monastero-di-santa-caterina-da-sharm-el-sheikh\/"]}]},{"@type":"ImageObject","inLanguage":"it-IT","@id":"https:\/\/egytourpackages.com\/it\/tour\/gita-di-un-giorno-al-monastero-di-santa-caterina-da-sharm-el-sheikh\/#primaryimage","url":"https:\/\/egytourpackages.com\/wp-content\/uploads\/2025\/08\/St.-Catherines-Monastery-South-Sinai.jpeg","contentUrl":"https:\/\/egytourpackages.com\/wp-content\/uploads\/2025\/08\/St.-Catherines-Monastery-South-Sinai.jpeg","width":1800,"height":1196,"caption":"Gita di un giorno al Monastero di Santa Caterina da Sharm El Sheikh"},{"@type":"BreadcrumbList","@id":"https:\/\/egytourpackages.com\/it\/tour\/gita-di-un-giorno-al-monastero-di-santa-caterina-da-sharm-el-sheikh\/#breadcrumb","itemListElement":[{"@type":"ListItem","position":1,"name":"Home","item":"https:\/\/egytourpackages.com\/it\/"},{"@type":"ListItem","position":2,"name":"Negozio","item":"https:\/\/egytourpackages.com\/it\/negozio\/"},{"@type":"ListItem","position":3,"name":"Gita di un giorno al Monastero di Santa Caterina da Sharm El Sheikh"}]},{"@type":"WebSite","@id":"https:\/\/egytourpackages.com\/it\/#website","url":"https:\/\/egytourpackages.com\/it\/","name":"Egy tour packages","description":"","publisher":{"@id":"https:\/\/egytourpackages.com\/it\/#organization"},"potentialAction":[{"@type":"SearchAction","target":{"@type":"EntryPoint","urlTemplate":"https:\/\/egytourpackages.com\/it\/?s={search_term_string}"},"query-input":{"@type":"PropertyValueSpecification","valueRequired":true,"valueName":"search_term_string"}}],"inLanguage":"it-IT"},{"@type":["Organization","Place","TravelAgency"],"@id":"https:\/\/egytourpackages.com\/it\/#organization","name":"egypt tour packages","alternateName":"egypt tour packages","url":"https:\/\/egytourpackages.com\/it\/","logo":{"@id":"https:\/\/egytourpackages.com\/it\/tour\/gita-di-un-giorno-al-monastero-di-santa-caterina-da-sharm-el-sheikh\/#local-main-organization-logo"},"image":{"@id":"https:\/\/egytourpackages.com\/it\/tour\/gita-di-un-giorno-al-monastero-di-santa-caterina-da-sharm-el-sheikh\/#local-main-organization-logo"},"sameAs":["https:\/\/www.facebook.com\/egytourpackages"],"legalName":"Egy tour packages","address":{"@id":"https:\/\/egytourpackages.com\/it\/tour\/gita-di-un-giorno-al-monastero-di-santa-caterina-da-sharm-el-sheikh\/#local-main-place-address"},"telephone":["00201000852186","00201028685533"],"contactPoint":{"@type":"ContactPoint","telephone":"00201000852186"},"openingHoursSpecification":[{"@type":"OpeningHoursSpecification","dayOfWeek":["Monday","Tuesday","Wednesday","Thursday","Friday","Saturday","Sunday"],"opens":"00:00","closes":"23:59"}],"email":"info@egytourpackages.com","areaServed":"Cairo, Hurghada, Luxor, Sharm El Sheikh, Marsa Alam, Aswan","priceRange":"$","currenciesAccepted":"euro","paymentAccepted":"Payment links online"},{"@type":"PostalAddress","@id":"https:\/\/egytourpackages.com\/it\/tour\/gita-di-un-giorno-al-monastero-di-santa-caterina-da-sharm-el-sheikh\/#local-main-place-address","streetAddress":"Mubarak 8, Al Kawthar District, Hurghada","addressLocality":"Hurghada","postalCode":"84511","addressRegion":"Red Sea","addressCountry":"EG"},{"@type":"ImageObject","inLanguage":"it-IT","@id":"https:\/\/egytourpackages.com\/it\/tour\/gita-di-un-giorno-al-monastero-di-santa-caterina-da-sharm-el-sheikh\/#local-main-organization-logo","url":"https:\/\/egytourpackages.com\/wp-content\/uploads\/2025\/12\/Turquoise-Dahabiya-Nile-Cruise-1.jpeg","contentUrl":"https:\/\/egytourpackages.com\/wp-content\/uploads\/2025\/12\/Turquoise-Dahabiya-Nile-Cruise-1.jpeg","width":1040,"height":694,"caption":"egypt tour packages"}]},"product_brand":"Escursioni giornaliere Sharm El Sheikh","product_price_currency":"EUR","og_availability":"instock","product_availability":"instock","product_retailer_item_id":"SESDT03","product_condition":"new","geo.placename":"Hurghada","geo.region":"Egitto"},"_links":{"self":[{"href":"https:\/\/egytourpackages.com\/it\/wp-json\/wp\/v2\/product\/5547","targetHints":{"allow":["GET"]}}],"collection":[{"href":"https:\/\/egytourpackages.com\/it\/wp-json\/wp\/v2\/product"}],"about":[{"href":"https:\/\/egytourpackages.com\/it\/wp-json\/wp\/v2\/types\/product"}],"replies":[{"embeddable":true,"href":"https:\/\/egytourpackages.com\/it\/wp-json\/wp\/v2\/comments?post=5547"}],"wp:featuredmedia":[{"embeddable":true,"href":"https:\/\/egytourpackages.com\/it\/wp-json\/wp\/v2\/media\/5546"}],"wp:attachment":[{"href":"https:\/\/egytourpackages.com\/it\/wp-json\/wp\/v2\/media?parent=5547"}],"wp:term":[{"taxonomy":"product_brand","embeddable":true,"href":"https:\/\/egytourpackages.com\/it\/wp-json\/wp\/v2\/product_brand?post=5547"},{"taxonomy":"product_cat","embeddable":true,"href":"https:\/\/egytourpackages.com\/it\/wp-json\/wp\/v2\/product_cat?post=5547"},{"taxonomy":"product_tag","embeddable":true,"href":"https:\/\/egytourpackages.com\/it\/wp-json\/wp\/v2\/product_tag?post=5547"}],"curies":[{"name":"wp","href":"https:\/\/api.w.org\/{rel}","templated":true}]}}