{"id":5593,"date":"2025-08-12T14:52:18","date_gmt":"2025-08-12T14:52:18","guid":{"rendered":"https:\/\/egytourpackages.com\/product\/tour-alessandria-da-marsa-matruh\/"},"modified":"2026-01-03T22:34:08","modified_gmt":"2026-01-03T22:34:08","slug":"tour-alessandria-da-marsa-matruh","status":"publish","type":"product","link":"https:\/\/egytourpackages.com\/it\/tour\/tour-alessandria-da-marsa-matruh\/","title":{"rendered":"Tour Alessandria da Marsa Matruh"},"content":{"rendered":"<p><strong><span style=\"color: #ff6600;\">Tour Alessandria da Marsa Matruh<\/span><\/strong><\/p>\n<p>Fuggite per un giorno dalla tranquillit\u00e0 costiera di Marsa Matruh e intraprendete un viaggio verso la storica citt\u00e0 di Alessandria. Il nostro <strong>tour Alessandria da Marsa Matruh<\/strong> \u00e8 il modo perfetto per esplorare il ricco patrimonio greco-romano dell&#8217;Egitto e il suo iconico fascino mediterraneo. Questo <strong>tour completo da Marsa Matruh<\/strong> \u00e8 stato ideato per massimizzare il vostro tempo e la vostra esperienza, portandovi a scoprire i luoghi pi\u00f9 significativi della citt\u00e0 in un&#8217;unica, ben ritmata avventura.<\/p>\n<p>All&#8217;arrivo, la vostra esplorazione storica inizia con una visita alla magnifica <strong>Colonna di Pompeo<\/strong>, un&#8217;imponente colonna trionfale romana che testimonia l&#8217;antico potere della citt\u00e0. In seguito, scenderete nelle affascinanti <strong>Catacombe di Kom el Shoqafa<\/strong>, un notevole sito funerario romano scavato nella roccia che mostra una fusione unica di arte e architettura egizia e greco-romana. Il tour vi porter\u00e0 anche alla moderna meraviglia architettonica della <strong>Biblioteca di Alessandria<\/strong> (Bibliotheca Alexandrina), dove avrete l&#8217;opportunit\u00e0 perfetta per scattare foto di questo grandioso omaggio alla biblioteca pi\u00f9 famosa del mondo antico.<\/p>\n<p>Infine, farete una sosta fotografica finale all&#8217;imponente <strong>Cittadella di Qaitbay<\/strong> dall&#8217;esterno, una magnifica fortezza del XV secolo costruita proprio sulle fondamenta dell&#8217;antico <strong>Faro di Alessandria<\/strong>. Questa <strong>gita di un giorno ad Alessandria<\/strong> \u00e8 il modo migliore per vivere il leggendario passato della citt\u00e0 in un viaggio unico e indimenticabile.<\/p>\n<h3><span style=\"color: #ff6600;\">Dettagli del Tour<\/span><\/h3>\n<ul>\n<li>Durata: 7 ore<\/li>\n<li>Luogo del Tour: Alessandria<\/li>\n<li>Disponibilit\u00e0 del Tour: Tutti i giorni<\/li>\n<li>Prelevamento e Rilascio: Hotel di Marsa Matruh<\/li>\n<li>Tipo di Tour: Privato<\/li>\n<\/ul>\n<h3><span style=\"color: #ff6600;\">Punti Salienti del Tour<\/span><\/h3>\n<ul>\n<li>Colonna di Pompeo<\/li>\n<li>Serapeo di Alessandria<\/li>\n<li>Catacombe di Kom El Shoqafa<\/li>\n<li>Cittadella di Qaitbay e il Faro di Alessandria<\/li>\n<li>Biblioteca di Alessandria<\/li>\n<\/ul>\n<h3><span style=\"color: #ff6600;\">Inclusi<\/span><\/h3>\n<ul>\n<li>Trasferimento di andata e ritorno con veicolo moderno A\/C<\/li>\n<li>Guida esperta archeologa<\/li>\n<li>Pranzo<\/li>\n<li>Acqua durante il tour<\/li>\n<\/ul>\n<h3><span style=\"color: #ff6600;\">Esclusi<\/span><\/h3>\n<ul>\n<li>Mance<\/li>\n<li>Eventuali spese personali<\/li>\n<li>Biglietto d&#8217;ingresso per la Cittadella di Qaitbay<\/li>\n<\/ul>\n<h3><span style=\"color: #ff6600;\">Cosa mettere in valigia<\/span><\/h3>\n<ul>\n<li>Crema solare e occhiali da sole<\/li>\n<li>Cappello o sciarpa<\/li>\n<\/ul>\n<h2><span style=\"color: #ff6600;\">Itinerario<\/span><\/h2>\n<p>La vostra avventura inizia con un prelievo al mattino presto dal vostro hotel a <strong>Marsa Matruh<\/strong>, seguito da un comodo trasferimento in un veicolo climatizzato verso la storica citt\u00e0 di Alessandria, un viaggio di circa 3-3,5 ore.<\/p>\n<p>All&#8217;arrivo, il vostro tour inizia immediatamente con una visita guidata alla <strong>Colonna di Pompeo<\/strong>, una splendida colonna trionfale romana che testimonia il ricco passato della citt\u00e0.<\/p>\n<p>Successivamente, esplorerete l&#8217;affascinante mondo sotterraneo delle <strong>Catacombe di Kom el Shoqafa<\/strong>, il pi\u00f9 grande sito funerario romano conosciuto in Egitto, caratterizzato da una fusione unica di arte romana, greca ed egizia.<\/p>\n<p>In seguito, procederete verso la moderna <strong>Biblioteca di Alessandria<\/strong> (Bibliotheca Alexandrina), dove godrete di un tour guidato di questo capolavoro architettonico che si erge come un faro di conoscenza e cultura.<\/p>\n<p>Dopo una mattinata di esplorazione storica, vi sar\u00e0 offerto un delizioso <strong>pranzo in un ristorante di pesce<\/strong> per assaporare i freschi sapori mediterranei.<\/p>\n<p>Concludete la giornata con una visita alla magnifica <strong>Cittadella di Qaitbay<\/strong>. Farete una sosta fotografica all&#8217;esterno della fortezza, che fu costruita nel XV secolo proprio sul sito dell&#8217;antico <strong>Faro di Alessandria<\/strong>, una delle Sette Meraviglie del Mondo Antico. Da questo punto panoramico, potrete godere di una vista mozzafiato sul Mar Mediterraneo.<\/p>\n<p>Al termine della giornata, inizierete il vostro comodo trasferimento privato di ritorno al vostro hotel a <strong>Marsa Matruh<\/strong>, pieni di incredibili ricordi del vostro <strong>tour di un giorno ad Alessandria<\/strong>.<\/p>\n<h3><span style=\"color: #ff6600;\">Prezzo del Tour Privato ad Alessandria da Marsa Matruh<\/span><\/h3>\n<ul>\n<li>Prezzo Adulto = 100 \u20ac<\/li>\n<li>Bambini 0-5 anni = gratuiti<\/li>\n<li>Bambini 5-11 anni = 50% del prezzo adulto<\/li>\n<\/ul>\n<h3><span style=\"color: #ff6600;\">Prenotazione<\/span><\/h3>\n<p>Potete prenotare il vostro tour tramite WhatsApp o inviarci un&#8217;e-mail e riceverete la conferma immediata.<\/p>\n<p>Si prega di inviarci il nome del vostro hotel, il numero di stanza e le copie dei passaporti.<\/p>\n<p>WhatsApp: +201000852186<\/p>\n<p>info@egytourpackages.com<\/p>\n<h3><span style=\"color: #ff6600;\">Prenota Ora e Paga in loco<\/span><\/h3>\n<p>Prenota il tuo tour preferito e paga il giorno del viaggio.<\/p>\n<h3><span style=\"color: #ff6600;\">Pagamento<\/span><\/h3>\n<p>Potete pagare in lire egiziane, $, \u20ac o \u00a3.<\/p>\n<h3><span style=\"color: #ff6600;\">Politica di Cancellazione<\/span><\/h3>\n<ul>\n<li>La cancellazione \u00e8 gratuita fino a 24 ore in anticipo.<\/li>\n<li>La cancellazione al mattino comporta il 50% del prezzo.<\/li>\n<\/ul>\n","protected":false},"excerpt":{"rendered":"<p>Goditi un tour Alessandria da Marsa Matruh. Scopri la Cittadella di Qaitbay, le Catacombe, l&#8217;Anfiteatro Romano e la Bibliotheca. Prenota la tua avventura.<\/p>\n","protected":false},"featured_media":5585,"comment_status":"closed","ping_status":"closed","template":"","meta":[],"product_brand":[],"product_cat":[1910],"product_tag":[2949,1914,2948],"class_list":{"0":"post-5593","1":"product","2":"type-product","3":"status-publish","4":"has-post-thumbnail","6":"product_cat-tour","7":"product_tag-cose-da-fare-a-marsa-matruh-it","8":"product_tag-tour-giornalieri-in-egitto","9":"product_tag-viaggi-a-marsa-matruh-it","10":"tour_category-migliori-cose-da-fare-a-marsa-matruh-it","11":"tour_category-tour-giornalieri-in-egitto-it","12":"tour_category-viaggi-a-marsa-matruh-it","14":"first","15":"instock","16":"sale","17":"shipping-taxable","18":"purchasable","19":"product-type-tour","20":"has-default-attributes"},"yoast_head":"<!-- This site is optimized with the Yoast SEO Premium plugin v27.4 (Yoast SEO v27.4) - https:\/\/yoast.com\/product\/yoast-seo-premium-wordpress\/ -->\n<title>Tour Alessandria da Marsa Matruh | Cose da fare a Marsa Matruh<\/title>\n<meta name=\"description\" content=\"Goditi un tour Alessandria da Marsa Matruh. Scopri la Cittadella di Qaitbay, le Catacombe, l&#039;Anfiteatro Romano e la Bibliotheca. Prenota la tua avventura.\" \/>\n<meta name=\"robots\" content=\"index, follow, max-snippet:-1, max-image-preview:large, max-video-preview:-1\" \/>\n<link rel=\"canonical\" href=\"https:\/\/egytourpackages.com\/it\/tour\/tour-alessandria-da-marsa-matruh\/\" \/>\n<meta property=\"og:locale\" content=\"it_IT\" \/>\n<meta property=\"og:type\" content=\"article\" \/>\n<meta property=\"og:title\" content=\"Tour Alessandria da Marsa Matruh\" \/>\n<meta property=\"og:description\" content=\"Goditi un tour Alessandria da Marsa Matruh. Scopri la Cittadella di Qaitbay, le Catacombe, l&#039;Anfiteatro Romano e la Bibliotheca. Prenota la tua avventura.\" \/>\n<meta property=\"og:url\" content=\"https:\/\/egytourpackages.com\/it\/tour\/tour-alessandria-da-marsa-matruh\/\" \/>\n<meta property=\"og:site_name\" content=\"Pacchetti tour in Egitto\" \/>\n<meta property=\"article:publisher\" content=\"https:\/\/www.facebook.com\/egytourpackages\" \/>\n<meta property=\"article:modified_time\" content=\"2026-01-03T22:34:08+00:00\" \/>\n<meta property=\"og:image\" content=\"https:\/\/egytourpackages.com\/wp-content\/uploads\/2025\/08\/Burial-chamber-of-the-Catacomb.jpg\" \/>\n\t<meta property=\"og:image:width\" content=\"1900\" \/>\n\t<meta property=\"og:image:height\" content=\"1266\" \/>\n\t<meta property=\"og:image:type\" content=\"image\/jpeg\" \/>\n<meta name=\"twitter:card\" content=\"summary_large_image\" \/>\n<meta name=\"twitter:title\" content=\"Tour Alessandria da Marsa Matruh\" \/>\n<meta name=\"twitter:label1\" content=\"Prezzo\" \/>\n\t<meta name=\"twitter:data1\" content=\"&euro;100\" \/>\n\t<meta name=\"twitter:label2\" content=\"Disponibilit\u00e0\" \/>\n\t<meta name=\"twitter:data2\" content=\"In stock\" \/>\n<script type=\"application\/ld+json\" class=\"yoast-schema-graph\">{\"@context\":\"https:\\\/\\\/schema.org\",\"@graph\":[{\"@type\":\"WebPage\",\"@id\":\"https:\\\/\\\/egytourpackages.com\\\/it\\\/tour\\\/tour-alessandria-da-marsa-matruh\\\/\",\"url\":\"https:\\\/\\\/egytourpackages.com\\\/it\\\/tour\\\/tour-alessandria-da-marsa-matruh\\\/\",\"name\":\"Tour Alessandria da Marsa Matruh | Cose da fare a Marsa Matruh\",\"isPartOf\":{\"@id\":\"https:\\\/\\\/egytourpackages.com\\\/it\\\/#website\"},\"primaryImageOfPage\":{\"@id\":\"https:\\\/\\\/egytourpackages.com\\\/it\\\/tour\\\/tour-alessandria-da-marsa-matruh\\\/#primaryimage\"},\"image\":{\"@id\":\"https:\\\/\\\/egytourpackages.com\\\/it\\\/tour\\\/tour-alessandria-da-marsa-matruh\\\/#primaryimage\"},\"thumbnailUrl\":\"https:\\\/\\\/egytourpackages.com\\\/wp-content\\\/uploads\\\/2025\\\/08\\\/Burial-chamber-of-the-Catacomb.jpg\",\"datePublished\":\"2025-08-12T14:52:18+00:00\",\"dateModified\":\"2026-01-03T22:34:08+00:00\",\"description\":\"Goditi un tour Alessandria da Marsa Matruh. Scopri la Cittadella di Qaitbay, le Catacombe, l'Anfiteatro Romano e la Bibliotheca. Prenota la tua avventura.\",\"breadcrumb\":{\"@id\":\"https:\\\/\\\/egytourpackages.com\\\/it\\\/tour\\\/tour-alessandria-da-marsa-matruh\\\/#breadcrumb\"},\"inLanguage\":\"it-IT\",\"potentialAction\":[{\"@type\":\"ReadAction\",\"target\":[\"https:\\\/\\\/egytourpackages.com\\\/it\\\/tour\\\/tour-alessandria-da-marsa-matruh\\\/\"]}]},{\"@type\":\"ImageObject\",\"inLanguage\":\"it-IT\",\"@id\":\"https:\\\/\\\/egytourpackages.com\\\/it\\\/tour\\\/tour-alessandria-da-marsa-matruh\\\/#primaryimage\",\"url\":\"https:\\\/\\\/egytourpackages.com\\\/wp-content\\\/uploads\\\/2025\\\/08\\\/Burial-chamber-of-the-Catacomb.jpg\",\"contentUrl\":\"https:\\\/\\\/egytourpackages.com\\\/wp-content\\\/uploads\\\/2025\\\/08\\\/Burial-chamber-of-the-Catacomb.jpg\",\"width\":1900,\"height\":1266,\"caption\":\"Camera funeraria della Catacomba\"},{\"@type\":\"BreadcrumbList\",\"@id\":\"https:\\\/\\\/egytourpackages.com\\\/it\\\/tour\\\/tour-alessandria-da-marsa-matruh\\\/#breadcrumb\",\"itemListElement\":[{\"@type\":\"ListItem\",\"position\":1,\"name\":\"Home\",\"item\":\"https:\\\/\\\/egytourpackages.com\\\/it\\\/\"},{\"@type\":\"ListItem\",\"position\":2,\"name\":\"Negozio\",\"item\":\"https:\\\/\\\/egytourpackages.com\\\/it\\\/negozio\\\/\"},{\"@type\":\"ListItem\",\"position\":3,\"name\":\"Tour Alessandria da Marsa Matruh\"}]},{\"@type\":\"WebSite\",\"@id\":\"https:\\\/\\\/egytourpackages.com\\\/it\\\/#website\",\"url\":\"https:\\\/\\\/egytourpackages.com\\\/it\\\/\",\"name\":\"Egy tour packages\",\"description\":\"\",\"publisher\":{\"@id\":\"https:\\\/\\\/egytourpackages.com\\\/it\\\/#organization\"},\"potentialAction\":[{\"@type\":\"SearchAction\",\"target\":{\"@type\":\"EntryPoint\",\"urlTemplate\":\"https:\\\/\\\/egytourpackages.com\\\/it\\\/?s={search_term_string}\"},\"query-input\":{\"@type\":\"PropertyValueSpecification\",\"valueRequired\":true,\"valueName\":\"search_term_string\"}}],\"inLanguage\":\"it-IT\"},{\"@type\":[\"Organization\",\"Place\",\"TravelAgency\"],\"@id\":\"https:\\\/\\\/egytourpackages.com\\\/it\\\/#organization\",\"name\":\"egypt tour packages\",\"alternateName\":\"egypt tour packages\",\"url\":\"https:\\\/\\\/egytourpackages.com\\\/it\\\/\",\"logo\":{\"@id\":\"https:\\\/\\\/egytourpackages.com\\\/it\\\/tour\\\/tour-alessandria-da-marsa-matruh\\\/#local-main-organization-logo\"},\"image\":{\"@id\":\"https:\\\/\\\/egytourpackages.com\\\/it\\\/tour\\\/tour-alessandria-da-marsa-matruh\\\/#local-main-organization-logo\"},\"sameAs\":[\"https:\\\/\\\/www.facebook.com\\\/egytourpackages\"],\"legalName\":\"Egy tour packages\",\"address\":{\"@id\":\"https:\\\/\\\/egytourpackages.com\\\/it\\\/tour\\\/tour-alessandria-da-marsa-matruh\\\/#local-main-place-address\"},\"telephone\":[\"00201000852186\",\"00201028685533\"],\"contactPoint\":{\"@type\":\"ContactPoint\",\"telephone\":\"00201000852186\"},\"openingHoursSpecification\":[{\"@type\":\"OpeningHoursSpecification\",\"dayOfWeek\":[\"Monday\",\"Tuesday\",\"Wednesday\",\"Thursday\",\"Friday\",\"Saturday\",\"Sunday\"],\"opens\":\"00:00\",\"closes\":\"23:59\"}],\"email\":\"info@egytourpackages.com\",\"areaServed\":\"Cairo, Hurghada, Luxor, Sharm El Sheikh, Marsa Alam, Aswan\",\"priceRange\":\"$\",\"currenciesAccepted\":\"euro\",\"paymentAccepted\":\"Payment links online\"},{\"@type\":\"PostalAddress\",\"@id\":\"https:\\\/\\\/egytourpackages.com\\\/it\\\/tour\\\/tour-alessandria-da-marsa-matruh\\\/#local-main-place-address\",\"streetAddress\":\"Mubarak 8, Al Kawthar District, Hurghada\",\"addressLocality\":\"Hurghada\",\"postalCode\":\"84511\",\"addressRegion\":\"Red Sea\",\"addressCountry\":\"EG\"},{\"@type\":\"ImageObject\",\"inLanguage\":\"it-IT\",\"@id\":\"https:\\\/\\\/egytourpackages.com\\\/it\\\/tour\\\/tour-alessandria-da-marsa-matruh\\\/#local-main-organization-logo\",\"url\":\"https:\\\/\\\/egytourpackages.com\\\/wp-content\\\/uploads\\\/2025\\\/12\\\/Turquoise-Dahabiya-Nile-Cruise-1.jpeg\",\"contentUrl\":\"https:\\\/\\\/egytourpackages.com\\\/wp-content\\\/uploads\\\/2025\\\/12\\\/Turquoise-Dahabiya-Nile-Cruise-1.jpeg\",\"width\":1040,\"height\":694,\"caption\":\"egypt tour packages\"}]}<\/script>\n<meta property=\"product:brand\" content=\"Migliori cose da fare a Marsa Matruh\" \/>\n<meta property=\"product:price:amount\" content=\"100\" \/>\n<meta property=\"product:price:currency\" content=\"EUR\" \/>\n<meta property=\"og:availability\" content=\"instock\" \/>\n<meta property=\"product:availability\" content=\"instock\" \/>\n<meta property=\"product:retailer_item_id\" content=\"MMT03\" \/>\n<meta property=\"product:condition\" content=\"new\" \/>\n<meta name=\"geo.placename\" content=\"Hurghada\" \/>\n<meta name=\"geo.region\" content=\"Egitto\" \/>\n<!-- \/ Yoast SEO Premium plugin. -->","yoast_head_json":{"title":"Tour Alessandria da Marsa Matruh | Cose da fare a Marsa Matruh","description":"Goditi un tour Alessandria da Marsa Matruh. Scopri la Cittadella di Qaitbay, le Catacombe, l'Anfiteatro Romano e la Bibliotheca. Prenota la tua avventura.","robots":{"index":"index","follow":"follow","max-snippet":"max-snippet:-1","max-image-preview":"max-image-preview:large","max-video-preview":"max-video-preview:-1"},"canonical":"https:\/\/egytourpackages.com\/it\/tour\/tour-alessandria-da-marsa-matruh\/","og_locale":"it_IT","og_type":"article","og_title":"Tour Alessandria da Marsa Matruh","og_description":"Goditi un tour Alessandria da Marsa Matruh. Scopri la Cittadella di Qaitbay, le Catacombe, l'Anfiteatro Romano e la Bibliotheca. Prenota la tua avventura.","og_url":"https:\/\/egytourpackages.com\/it\/tour\/tour-alessandria-da-marsa-matruh\/","og_site_name":"Pacchetti tour in Egitto","article_publisher":"https:\/\/www.facebook.com\/egytourpackages","article_modified_time":"2026-01-03T22:34:08+00:00","og_image":[{"width":1900,"height":1266,"url":"https:\/\/egytourpackages.com\/wp-content\/uploads\/2025\/08\/Burial-chamber-of-the-Catacomb.jpg","type":"image\/jpeg"}],"twitter_card":"summary_large_image","twitter_title":"Tour Alessandria da Marsa Matruh","twitter_misc":{"Prezzo":"&euro;100","Disponibilit\u00e0":"In stock"},"schema":{"@context":"https:\/\/schema.org","@graph":[{"@type":"WebPage","@id":"https:\/\/egytourpackages.com\/it\/tour\/tour-alessandria-da-marsa-matruh\/","url":"https:\/\/egytourpackages.com\/it\/tour\/tour-alessandria-da-marsa-matruh\/","name":"Tour Alessandria da Marsa Matruh | Cose da fare a Marsa Matruh","isPartOf":{"@id":"https:\/\/egytourpackages.com\/it\/#website"},"primaryImageOfPage":{"@id":"https:\/\/egytourpackages.com\/it\/tour\/tour-alessandria-da-marsa-matruh\/#primaryimage"},"image":{"@id":"https:\/\/egytourpackages.com\/it\/tour\/tour-alessandria-da-marsa-matruh\/#primaryimage"},"thumbnailUrl":"https:\/\/egytourpackages.com\/wp-content\/uploads\/2025\/08\/Burial-chamber-of-the-Catacomb.jpg","datePublished":"2025-08-12T14:52:18+00:00","dateModified":"2026-01-03T22:34:08+00:00","description":"Goditi un tour Alessandria da Marsa Matruh. Scopri la Cittadella di Qaitbay, le Catacombe, l'Anfiteatro Romano e la Bibliotheca. Prenota la tua avventura.","breadcrumb":{"@id":"https:\/\/egytourpackages.com\/it\/tour\/tour-alessandria-da-marsa-matruh\/#breadcrumb"},"inLanguage":"it-IT","potentialAction":[{"@type":"ReadAction","target":["https:\/\/egytourpackages.com\/it\/tour\/tour-alessandria-da-marsa-matruh\/"]}]},{"@type":"ImageObject","inLanguage":"it-IT","@id":"https:\/\/egytourpackages.com\/it\/tour\/tour-alessandria-da-marsa-matruh\/#primaryimage","url":"https:\/\/egytourpackages.com\/wp-content\/uploads\/2025\/08\/Burial-chamber-of-the-Catacomb.jpg","contentUrl":"https:\/\/egytourpackages.com\/wp-content\/uploads\/2025\/08\/Burial-chamber-of-the-Catacomb.jpg","width":1900,"height":1266,"caption":"Camera funeraria della Catacomba"},{"@type":"BreadcrumbList","@id":"https:\/\/egytourpackages.com\/it\/tour\/tour-alessandria-da-marsa-matruh\/#breadcrumb","itemListElement":[{"@type":"ListItem","position":1,"name":"Home","item":"https:\/\/egytourpackages.com\/it\/"},{"@type":"ListItem","position":2,"name":"Negozio","item":"https:\/\/egytourpackages.com\/it\/negozio\/"},{"@type":"ListItem","position":3,"name":"Tour Alessandria da Marsa Matruh"}]},{"@type":"WebSite","@id":"https:\/\/egytourpackages.com\/it\/#website","url":"https:\/\/egytourpackages.com\/it\/","name":"Egy tour packages","description":"","publisher":{"@id":"https:\/\/egytourpackages.com\/it\/#organization"},"potentialAction":[{"@type":"SearchAction","target":{"@type":"EntryPoint","urlTemplate":"https:\/\/egytourpackages.com\/it\/?s={search_term_string}"},"query-input":{"@type":"PropertyValueSpecification","valueRequired":true,"valueName":"search_term_string"}}],"inLanguage":"it-IT"},{"@type":["Organization","Place","TravelAgency"],"@id":"https:\/\/egytourpackages.com\/it\/#organization","name":"egypt tour packages","alternateName":"egypt tour packages","url":"https:\/\/egytourpackages.com\/it\/","logo":{"@id":"https:\/\/egytourpackages.com\/it\/tour\/tour-alessandria-da-marsa-matruh\/#local-main-organization-logo"},"image":{"@id":"https:\/\/egytourpackages.com\/it\/tour\/tour-alessandria-da-marsa-matruh\/#local-main-organization-logo"},"sameAs":["https:\/\/www.facebook.com\/egytourpackages"],"legalName":"Egy tour packages","address":{"@id":"https:\/\/egytourpackages.com\/it\/tour\/tour-alessandria-da-marsa-matruh\/#local-main-place-address"},"telephone":["00201000852186","00201028685533"],"contactPoint":{"@type":"ContactPoint","telephone":"00201000852186"},"openingHoursSpecification":[{"@type":"OpeningHoursSpecification","dayOfWeek":["Monday","Tuesday","Wednesday","Thursday","Friday","Saturday","Sunday"],"opens":"00:00","closes":"23:59"}],"email":"info@egytourpackages.com","areaServed":"Cairo, Hurghada, Luxor, Sharm El Sheikh, Marsa Alam, Aswan","priceRange":"$","currenciesAccepted":"euro","paymentAccepted":"Payment links online"},{"@type":"PostalAddress","@id":"https:\/\/egytourpackages.com\/it\/tour\/tour-alessandria-da-marsa-matruh\/#local-main-place-address","streetAddress":"Mubarak 8, Al Kawthar District, Hurghada","addressLocality":"Hurghada","postalCode":"84511","addressRegion":"Red Sea","addressCountry":"EG"},{"@type":"ImageObject","inLanguage":"it-IT","@id":"https:\/\/egytourpackages.com\/it\/tour\/tour-alessandria-da-marsa-matruh\/#local-main-organization-logo","url":"https:\/\/egytourpackages.com\/wp-content\/uploads\/2025\/12\/Turquoise-Dahabiya-Nile-Cruise-1.jpeg","contentUrl":"https:\/\/egytourpackages.com\/wp-content\/uploads\/2025\/12\/Turquoise-Dahabiya-Nile-Cruise-1.jpeg","width":1040,"height":694,"caption":"egypt tour packages"}]},"product_brand":"Migliori cose da fare a Marsa Matruh","product_price_amount":"100","product_price_currency":"EUR","og_availability":"instock","product_availability":"instock","product_retailer_item_id":"MMT03","product_condition":"new","geo.placename":"Hurghada","geo.region":"Egitto"},"_links":{"self":[{"href":"https:\/\/egytourpackages.com\/it\/wp-json\/wp\/v2\/product\/5593","targetHints":{"allow":["GET"]}}],"collection":[{"href":"https:\/\/egytourpackages.com\/it\/wp-json\/wp\/v2\/product"}],"about":[{"href":"https:\/\/egytourpackages.com\/it\/wp-json\/wp\/v2\/types\/product"}],"replies":[{"embeddable":true,"href":"https:\/\/egytourpackages.com\/it\/wp-json\/wp\/v2\/comments?post=5593"}],"wp:featuredmedia":[{"embeddable":true,"href":"https:\/\/egytourpackages.com\/it\/wp-json\/wp\/v2\/media\/5585"}],"wp:attachment":[{"href":"https:\/\/egytourpackages.com\/it\/wp-json\/wp\/v2\/media?parent=5593"}],"wp:term":[{"taxonomy":"product_brand","embeddable":true,"href":"https:\/\/egytourpackages.com\/it\/wp-json\/wp\/v2\/product_brand?post=5593"},{"taxonomy":"product_cat","embeddable":true,"href":"https:\/\/egytourpackages.com\/it\/wp-json\/wp\/v2\/product_cat?post=5593"},{"taxonomy":"product_tag","embeddable":true,"href":"https:\/\/egytourpackages.com\/it\/wp-json\/wp\/v2\/product_tag?post=5593"}],"curies":[{"name":"wp","href":"https:\/\/api.w.org\/{rel}","templated":true}]}}