{"id":5596,"date":"2025-08-12T13:04:19","date_gmt":"2025-08-12T13:04:19","guid":{"rendered":"https:\/\/egytourpackages.com\/product\/tour-di-2-giorni-alloasi-di-siwa-da-marsa-matruh\/"},"modified":"2026-01-03T22:51:04","modified_gmt":"2026-01-03T22:51:04","slug":"tour-di-2-giorni-alloasi-di-siwa-da-marsa-matruh","status":"publish","type":"product","link":"https:\/\/egytourpackages.com\/it\/tour\/tour-di-2-giorni-alloasi-di-siwa-da-marsa-matruh\/","title":{"rendered":"Tour di 2 giorni all&#8217;Oasi di Siwa da Marsa Matruh"},"content":{"rendered":"<p><strong><span style=\"color: #ff6600;\">Tour di 2 giorni all&#8217;Oasi di Siwa da Marsa Matruh<\/span><\/strong><\/p>\n<p>Il nostro <strong>tour di 2 giorni con pernottamento all&#8217;Oasi di Siwa da Marsa Matruh<\/strong> \u00e8 la fuga perfetta per chi cerca una miscela unica di avventura, storia antica e serena bellezza naturale. Questo pacchetto turistico appositamente creato per l&#8217;<strong>Egitto<\/strong> offre un&#8217;esperienza completa del meglio dell&#8217;<strong>Oasi di Siwa<\/strong> dal momento del vostro arrivo. Inoltre, le attrazioni pi\u00f9 spettacolari sono state selezionate per massimizzare il divertimento e minimizzare i tempi di viaggio. Scoprite perch\u00e9 Siwa \u00e8 il gioiello del <strong>Deserto Occidentale<\/strong>.<\/p>\n<p>La vostra avventura inizia con un comodo viaggio in auto, che vi trasporter\u00e0 dalle coste al cuore del Sahara. I due giorni successivi saranno un&#8217;immersione profonda nella cultura siwana e nelle sue meraviglie naturali.<\/p>\n<p>Questo <strong>tour di Siwa<\/strong> \u00e8 l&#8217;ideale per avventurieri, appassionati di storia e amanti della natura. \u00c8 il modo migliore per esplorare le gemme nascoste del Deserto Occidentale dell&#8217;Egitto. I punti salienti del vostro tour sono un mix indimenticabile di avventura e tranquillit\u00e0.<\/p>\n<h3><span style=\"color: #ff6600;\">Attrazioni dell&#8217;Oasi di Siwa<\/span><\/h3>\n<p>Iniziate il vostro tour galleggiando senza sforzo nelle surreali acque turchesi dei famosi <strong>Laghetti salati di Siwa<\/strong>, noti per le loro propriet\u00e0 terapeutiche. Poi, farete un salto indietro nel tempo con una visita all&#8217;iconica <strong>Fortezza di Shali<\/strong>, il cuore storico dell&#8217;oasi.<\/p>\n<p>Avrete anche l&#8217;opportunit\u00e0 di esplorare il sacro <strong>Tempio dell&#8217;Oracolo<\/strong>, dove <strong>Alessandro Magno<\/strong> cerc\u00f2 il suo destino, e le antiche necropoli di <strong>Gebel al-Mawta<\/strong> (Montagna dei Morti).<\/p>\n<p>Per rigenerare corpo e mente, fate un bagno rilassante nella leggendaria <strong>Sorgente di Cleopatra<\/strong>, e al calar della sera, rilassatevi in una sorgente termale naturale sotto un cielo stellato.<\/p>\n<p>Concluderete la giornata con una vista mozzafiato del tramonto dall&#8217;<strong>Isola di Fatnas<\/strong>, dove il sole si scioglie nel tranquillo lago. Il tour si conclude con un&#8217;<strong>autentica esperienza beduina<\/strong> dove potrete gustare una cena tradizionale e pernottare in un confortevole hotel.<\/p>\n<p>Prenotate oggi il vostro <strong>safari nel deserto e tour di Siwa<\/strong> per un&#8217;avventura che creer\u00e0 ricordi che dureranno una vita.<\/p>\n<h3><span style=\"color: #ff6600;\">Dettagli del tour<\/span><\/h3>\n<ul>\n<li>Durata: 2 giorni \/ 1 notte<\/li>\n<li>Tipo di tour: Privato<\/li>\n<li>Disponibilit\u00e0: Ogni giorno<\/li>\n<li>Dimensione del gruppo: da 1 a 10 persone<\/li>\n<li>Lingue: Archeologo esperto parla la vostra lingua<\/li>\n<li>Programma: Prenotazione online<\/li>\n<li>Prelevamento e rientro: Hotel di Marsa Matruh<\/li>\n<\/ul>\n<h3><span style=\"color: #ff6600;\">Punti salienti<\/span><\/h3>\n<ul>\n<li>Laghetti salati<\/li>\n<li>Bagno di Cleopatra<\/li>\n<li>Isola di Fatnas<\/li>\n<li>Montagna dei Morti<\/li>\n<li>Montagna di Dakror<\/li>\n<li>Tempio dell&#8217;Oracolo<\/li>\n<li>Fortezza di Shali<\/li>\n<\/ul>\n<h3><span style=\"color: #ff6600;\">Inclusioni<\/span><\/h3>\n<ul>\n<li>Prelevamento e rientro in hotel con veicolo A\/C nuovo di zecca<\/li>\n<li>Biglietti d&#8217;ingresso per tutte le attrazioni del programma<\/li>\n<li>Guida turistica esperta<\/li>\n<li>1 notte di alloggio in hotel a Siwa con trattamento B\/B (pernottamento e colazione)<\/li>\n<\/ul>\n<h3><span style=\"color: #ff6600;\">Esclusioni<\/span><\/h3>\n<ul>\n<li>Mance<\/li>\n<li>Bevande durante i pasti<\/li>\n<li>Tutto ci\u00f2 che non \u00e8 menzionato nel programma<\/li>\n<\/ul>\n<h3><span style=\"color: #ff6600;\">Cosa portare con s\u00e9?<\/span><\/h3>\n<ul>\n<li>Passaporti<\/li>\n<li>Cappello, sciarpa<\/li>\n<li>Occhiali da sole e crema solare<\/li>\n<li>Costumi da bagno<\/li>\n<li>Vestiti pesanti in inverno<\/li>\n<\/ul>\n<h2><span style=\"color: #ff6600;\">Itinerario<\/span><\/h2>\n<h3><span style=\"color: #ff6600;\">Giorno 1: Laghi salati, sorgenti e tramonto a Siwa<\/span><\/h3>\n<p>La vostra avventura inizia con un comodo trasferimento all&#8217;incantevole <strong>Oasi di Siwa<\/strong>. All&#8217;arrivo, gusterete un delizioso <strong>pranzo in un ristorante locale<\/strong> per assaporare l&#8217;autentica cucina siwana prima di effettuare il check-in in hotel. Nel pomeriggio, il vostro programma inizia con una visita ai surreali e mozzafiato <strong>Laghetti salati di Siwa<\/strong>. Avrete l&#8217;indimenticabile opportunit\u00e0 di galleggiare senza sforzo nell&#8217;acqua salata, cristallina e altamente terapeutica, un&#8217;esperienza spesso paragonata al Mar Morto.<\/p>\n<p>Successivamente, visiterete la leggendaria <strong>Sorgente di Cleopatra<\/strong> (conosciuta anche come <strong>Ain Guba<\/strong>), una sorgente termale naturale dove potrete godervi un bagno rinfrescante e rilassante. Con il passare del giorno, ci dirigeremo verso l&#8217;<strong>Isola di Fatnas<\/strong> per un&#8217;esperienza davvero magica. Questa piccola isola, famosa localmente per la sua bellezza, \u00e8 il luogo perfetto per ammirare un <strong>tramonto a Siwa<\/strong> mozzafiato, mentre il sole si immerge sotto l&#8217;orizzonte. Concludete la giornata con una deliziosa cena e il pernottamento in hotel.<\/p>\n<p><strong>Pasti:<\/strong> pranzo, cena<\/p>\n<h3><span style=\"color: #ff6600;\">Giorno 2: Tesori storici e viaggio di ritorno<\/span><\/h3>\n<p>Dopo una deliziosa colazione in hotel, ci addentreremo nella ricca storia di Siwa. La nostra prima tappa \u00e8 l&#8217;iconica <strong>Fortezza di Shali<\/strong>, l&#8217;epicentro storico dell&#8217;oasi.<\/p>\n<p>Successivamente, visitiamo il sacro <strong>Gebel al-Mawta<\/strong> (Montagna dei Morti), un&#8217;antica necropoli con tombe mozzafiato. Poi, procediamo verso l&#8217;unica <strong>Gebel al-Dakror<\/strong>, una montagna che si crede abbia propriet\u00e0 curative.<\/p>\n<p>Il momento clou della giornata \u00e8 una visita al famoso <strong>Tempio dell&#8217;Oracolo<\/strong>, noto anche come <strong>Tempio di Amon<\/strong>, dove <strong>Alessandro Magno<\/strong> cerc\u00f2 il suo destino. Dopo un <strong>pranzo<\/strong> finale incluso nel vostro tour, inizierete il vostro viaggio panoramico di ritorno all&#8217;hotel di Marsa Matruh, pieni di ricordi incredibili della vostra <strong>avventura nel deserto di Siwa<\/strong>.<\/p>\n<p><strong>Pasti:<\/strong> colazione, pranzo<\/p>\n<h3><span style=\"color: #ff6600;\">Prezzo del tour di 2 giorni all&#8217;Oasi di Siwa da Marsa Matruh<\/span><\/h3>\n<ul>\n<li>Prezzo per adulto: 150 \u20ac<\/li>\n<li>Bambini 0-5 anni: gratuito<\/li>\n<li>Bambini 5-11 anni: 50% del prezzo per adulto<\/li>\n<\/ul>\n<h3><span style=\"color: #ff6600;\">Prenotazione<\/span><\/h3>\n<p>Potete prenotare il vostro tour tramite WhatsApp o inviarci un&#8217;e-mail e riceverete la conferma sul momento.<\/p>\n<p>Vi preghiamo di inviarci il nome del vostro hotel, il numero della camera e le copie dei passaporti.<\/p>\n<ul>\n<li>WhatsApp: +201000852186<\/li>\n<li>Email: info@egytourpackages.com<\/li>\n<\/ul>\n<h3><span style=\"color: #ff6600;\">Prenota ora e paga sul posto<\/span><\/h3>\n<p>Prenota il tuo tour preferito e paga il giorno del viaggio.<\/p>\n<h3><span style=\"color: #ff6600;\">Pagamento<\/span><\/h3>\n<p>Potete pagare in sterline egiziane, $, \u20ac\u200e o \u00a3.<\/p>\n<h3><span style=\"color: #ff6600;\">Politica di cancellazione<\/span><\/h3>\n<ul>\n<li>Cancellazione gratuita fino a 24 ore prima<\/li>\n<li>Cancellazione al mattino costa il 50% del prezzo<\/li>\n<\/ul>\n","protected":false},"excerpt":{"rendered":"<p>Tour di 2 giorni all&#8217;Oasi di Siwa da Marsa Matruh. Galleggia nei laghi salati, parti per un safari nel deserto e scopri l&#8217;esclusiva cultura berbera. Prenota<\/p>\n","protected":false},"featured_media":5560,"comment_status":"closed","ping_status":"closed","template":"","meta":[],"product_brand":[],"product_cat":[1910],"product_tag":[1914,2948,2956],"class_list":{"0":"post-5596","1":"product","2":"type-product","3":"status-publish","4":"has-post-thumbnail","6":"product_cat-tour","7":"product_tag-tour-giornalieri-in-egitto","8":"product_tag-viaggi-a-marsa-matruh-it","9":"product_tag-viaggi-alloasi-di-siwa-da-marsa-matruh","10":"tour_category-tour-giornalieri-in-egitto-it","11":"tour_category-viaggi-a-marsa-matruh-it","12":"tour_category-viaggi-alloasi-di-siwa-da-marsa-matruh","14":"first","15":"instock","16":"sale","17":"shipping-taxable","18":"purchasable","19":"product-type-tour","20":"has-default-attributes"},"yoast_head":"<!-- This site is optimized with the Yoast SEO Premium plugin v27.2 (Yoast SEO v27.2) - https:\/\/yoast.com\/product\/yoast-seo-premium-wordpress\/ -->\n<title>Tour di 2 giorni all&#039;Oasi di Siwa da Marsa Matruh | pacchetti turistici per l&#039;Egitto<\/title>\n<meta name=\"description\" content=\"Tour di 2 giorni all&#039;Oasi di Siwa da Marsa Matruh. Galleggia nei laghi salati, parti per un safari nel deserto e scopri l&#039;esclusiva cultura berbera. Prenota\" \/>\n<meta name=\"robots\" content=\"index, follow, max-snippet:-1, max-image-preview:large, max-video-preview:-1\" \/>\n<link rel=\"canonical\" href=\"https:\/\/egytourpackages.com\/it\/tour\/tour-di-2-giorni-alloasi-di-siwa-da-marsa-matruh\/\" \/>\n<meta property=\"og:locale\" content=\"it_IT\" \/>\n<meta property=\"og:type\" content=\"article\" \/>\n<meta property=\"og:title\" content=\"Tour di 2 giorni all&#039;Oasi di Siwa da Marsa Matruh\" \/>\n<meta property=\"og:description\" content=\"Tour di 2 giorni all&#039;Oasi di Siwa da Marsa Matruh. Galleggia nei laghi salati, parti per un safari nel deserto e scopri l&#039;esclusiva cultura berbera. Prenota\" \/>\n<meta property=\"og:url\" content=\"https:\/\/egytourpackages.com\/it\/tour\/tour-di-2-giorni-alloasi-di-siwa-da-marsa-matruh\/\" \/>\n<meta property=\"og:site_name\" content=\"Pacchetti tour in Egitto\" \/>\n<meta property=\"article:publisher\" content=\"https:\/\/www.facebook.com\/egytourpackages\" \/>\n<meta property=\"article:modified_time\" content=\"2026-01-03T22:51:04+00:00\" \/>\n<meta property=\"og:image\" content=\"https:\/\/egytourpackages.com\/wp-content\/uploads\/2025\/08\/Siwa-Oasis.jpeg\" \/>\n\t<meta property=\"og:image:width\" content=\"1600\" \/>\n\t<meta property=\"og:image:height\" content=\"1200\" \/>\n\t<meta property=\"og:image:type\" content=\"image\/jpeg\" \/>\n<meta name=\"twitter:card\" content=\"summary_large_image\" \/>\n<meta name=\"twitter:title\" content=\"Tour di 2 giorni all&#039;Oasi di Siwa da Marsa Matruh\" \/>\n<meta name=\"twitter:label1\" content=\"Prezzo\" \/>\n\t<meta name=\"twitter:data1\" content=\"&euro;150\" \/>\n\t<meta name=\"twitter:label2\" content=\"Disponibilit\u00e0\" \/>\n\t<meta name=\"twitter:data2\" content=\"In stock\" \/>\n<script type=\"application\/ld+json\" class=\"yoast-schema-graph\">{\"@context\":\"https:\/\/schema.org\",\"@graph\":[{\"@type\":\"WebPage\",\"@id\":\"https:\/\/egytourpackages.com\/it\/tour\/tour-di-2-giorni-alloasi-di-siwa-da-marsa-matruh\/\",\"url\":\"https:\/\/egytourpackages.com\/it\/tour\/tour-di-2-giorni-alloasi-di-siwa-da-marsa-matruh\/\",\"name\":\"Tour di 2 giorni all'Oasi di Siwa da Marsa Matruh | pacchetti turistici per l'Egitto\",\"isPartOf\":{\"@id\":\"https:\/\/egytourpackages.com\/it\/#website\"},\"primaryImageOfPage\":{\"@id\":\"https:\/\/egytourpackages.com\/it\/tour\/tour-di-2-giorni-alloasi-di-siwa-da-marsa-matruh\/#primaryimage\"},\"image\":{\"@id\":\"https:\/\/egytourpackages.com\/it\/tour\/tour-di-2-giorni-alloasi-di-siwa-da-marsa-matruh\/#primaryimage\"},\"thumbnailUrl\":\"https:\/\/egytourpackages.com\/wp-content\/uploads\/2025\/08\/Siwa-Oasis.jpeg\",\"datePublished\":\"2025-08-12T13:04:19+00:00\",\"dateModified\":\"2026-01-03T22:51:04+00:00\",\"description\":\"Tour di 2 giorni all'Oasi di Siwa da Marsa Matruh. Galleggia nei laghi salati, parti per un safari nel deserto e scopri l'esclusiva cultura berbera. Prenota\",\"breadcrumb\":{\"@id\":\"https:\/\/egytourpackages.com\/it\/tour\/tour-di-2-giorni-alloasi-di-siwa-da-marsa-matruh\/#breadcrumb\"},\"inLanguage\":\"it-IT\",\"potentialAction\":[{\"@type\":\"ReadAction\",\"target\":[\"https:\/\/egytourpackages.com\/it\/tour\/tour-di-2-giorni-alloasi-di-siwa-da-marsa-matruh\/\"]}]},{\"@type\":\"ImageObject\",\"inLanguage\":\"it-IT\",\"@id\":\"https:\/\/egytourpackages.com\/it\/tour\/tour-di-2-giorni-alloasi-di-siwa-da-marsa-matruh\/#primaryimage\",\"url\":\"https:\/\/egytourpackages.com\/wp-content\/uploads\/2025\/08\/Siwa-Oasis.jpeg\",\"contentUrl\":\"https:\/\/egytourpackages.com\/wp-content\/uploads\/2025\/08\/Siwa-Oasis.jpeg\",\"width\":1600,\"height\":1200,\"caption\":\"Oasi di Siwa\"},{\"@type\":\"BreadcrumbList\",\"@id\":\"https:\/\/egytourpackages.com\/it\/tour\/tour-di-2-giorni-alloasi-di-siwa-da-marsa-matruh\/#breadcrumb\",\"itemListElement\":[{\"@type\":\"ListItem\",\"position\":1,\"name\":\"Home\",\"item\":\"https:\/\/egytourpackages.com\/it\/\"},{\"@type\":\"ListItem\",\"position\":2,\"name\":\"Negozio\",\"item\":\"https:\/\/egytourpackages.com\/it\/negozio\/\"},{\"@type\":\"ListItem\",\"position\":3,\"name\":\"Tour di 2 giorni all&#8217;Oasi di Siwa da Marsa Matruh\"}]},{\"@type\":\"WebSite\",\"@id\":\"https:\/\/egytourpackages.com\/it\/#website\",\"url\":\"https:\/\/egytourpackages.com\/it\/\",\"name\":\"Egy tour packages\",\"description\":\"\",\"publisher\":{\"@id\":\"https:\/\/egytourpackages.com\/it\/#organization\"},\"potentialAction\":[{\"@type\":\"SearchAction\",\"target\":{\"@type\":\"EntryPoint\",\"urlTemplate\":\"https:\/\/egytourpackages.com\/it\/?s={search_term_string}\"},\"query-input\":{\"@type\":\"PropertyValueSpecification\",\"valueRequired\":true,\"valueName\":\"search_term_string\"}}],\"inLanguage\":\"it-IT\"},{\"@type\":[\"Organization\",\"Place\",\"TravelAgency\"],\"@id\":\"https:\/\/egytourpackages.com\/it\/#organization\",\"name\":\"egypt tour packages\",\"alternateName\":\"egypt tour packages\",\"url\":\"https:\/\/egytourpackages.com\/it\/\",\"logo\":{\"@id\":\"https:\/\/egytourpackages.com\/it\/tour\/tour-di-2-giorni-alloasi-di-siwa-da-marsa-matruh\/#local-main-organization-logo\"},\"image\":{\"@id\":\"https:\/\/egytourpackages.com\/it\/tour\/tour-di-2-giorni-alloasi-di-siwa-da-marsa-matruh\/#local-main-organization-logo\"},\"sameAs\":[\"https:\/\/www.facebook.com\/egytourpackages\"],\"legalName\":\"Egy tour packages\",\"address\":{\"@id\":\"https:\/\/egytourpackages.com\/it\/tour\/tour-di-2-giorni-alloasi-di-siwa-da-marsa-matruh\/#local-main-place-address\"},\"telephone\":[\"00201000852186\",\"00201028685533\"],\"contactPoint\":{\"@type\":\"ContactPoint\",\"telephone\":\"00201000852186\"},\"openingHoursSpecification\":[{\"@type\":\"OpeningHoursSpecification\",\"dayOfWeek\":[\"Monday\",\"Tuesday\",\"Wednesday\",\"Thursday\",\"Friday\",\"Saturday\",\"Sunday\"],\"opens\":\"00:00\",\"closes\":\"23:59\"}],\"email\":\"info@egytourpackages.com\",\"areaServed\":\"Cairo, Hurghada, Luxor, Sharm El Sheikh, Marsa Alam, Aswan\",\"priceRange\":\"$\",\"currenciesAccepted\":\"euro\",\"paymentAccepted\":\"Payment links online\"},{\"@type\":\"PostalAddress\",\"@id\":\"https:\/\/egytourpackages.com\/it\/tour\/tour-di-2-giorni-alloasi-di-siwa-da-marsa-matruh\/#local-main-place-address\",\"streetAddress\":\"Mubarak 8, Al Kawthar District, Hurghada\",\"addressLocality\":\"Hurghada\",\"postalCode\":\"84511\",\"addressRegion\":\"Red Sea\",\"addressCountry\":\"EG\"},{\"@type\":\"ImageObject\",\"inLanguage\":\"it-IT\",\"@id\":\"https:\/\/egytourpackages.com\/it\/tour\/tour-di-2-giorni-alloasi-di-siwa-da-marsa-matruh\/#local-main-organization-logo\",\"url\":\"https:\/\/egytourpackages.com\/wp-content\/uploads\/2025\/12\/Turquoise-Dahabiya-Nile-Cruise-1.jpeg\",\"contentUrl\":\"https:\/\/egytourpackages.com\/wp-content\/uploads\/2025\/12\/Turquoise-Dahabiya-Nile-Cruise-1.jpeg\",\"width\":1040,\"height\":694,\"caption\":\"egypt tour packages\"}]}<\/script>\n<meta property=\"product:brand\" content=\"Tour giornalieri in Egitto\" \/>\n<meta property=\"product:price:amount\" content=\"150\" \/>\n<meta property=\"product:price:currency\" content=\"EUR\" \/>\n<meta property=\"og:availability\" content=\"instock\" \/>\n<meta property=\"product:availability\" content=\"instock\" \/>\n<meta property=\"product:retailer_item_id\" content=\"MMT01\" \/>\n<meta property=\"product:condition\" content=\"new\" \/>\n<meta name=\"geo.placename\" content=\"Hurghada\" \/>\n<meta name=\"geo.region\" content=\"Egitto\" \/>\n<!-- \/ Yoast SEO Premium plugin. -->","yoast_head_json":{"title":"Tour di 2 giorni all'Oasi di Siwa da Marsa Matruh | pacchetti turistici per l'Egitto","description":"Tour di 2 giorni all'Oasi di Siwa da Marsa Matruh. Galleggia nei laghi salati, parti per un safari nel deserto e scopri l'esclusiva cultura berbera. Prenota","robots":{"index":"index","follow":"follow","max-snippet":"max-snippet:-1","max-image-preview":"max-image-preview:large","max-video-preview":"max-video-preview:-1"},"canonical":"https:\/\/egytourpackages.com\/it\/tour\/tour-di-2-giorni-alloasi-di-siwa-da-marsa-matruh\/","og_locale":"it_IT","og_type":"article","og_title":"Tour di 2 giorni all'Oasi di Siwa da Marsa Matruh","og_description":"Tour di 2 giorni all'Oasi di Siwa da Marsa Matruh. Galleggia nei laghi salati, parti per un safari nel deserto e scopri l'esclusiva cultura berbera. Prenota","og_url":"https:\/\/egytourpackages.com\/it\/tour\/tour-di-2-giorni-alloasi-di-siwa-da-marsa-matruh\/","og_site_name":"Pacchetti tour in Egitto","article_publisher":"https:\/\/www.facebook.com\/egytourpackages","article_modified_time":"2026-01-03T22:51:04+00:00","og_image":[{"width":1600,"height":1200,"url":"https:\/\/egytourpackages.com\/wp-content\/uploads\/2025\/08\/Siwa-Oasis.jpeg","type":"image\/jpeg"}],"twitter_card":"summary_large_image","twitter_title":"Tour di 2 giorni all'Oasi di Siwa da Marsa Matruh","twitter_misc":{"Prezzo":"&euro;150","Disponibilit\u00e0":"In stock"},"schema":{"@context":"https:\/\/schema.org","@graph":[{"@type":"WebPage","@id":"https:\/\/egytourpackages.com\/it\/tour\/tour-di-2-giorni-alloasi-di-siwa-da-marsa-matruh\/","url":"https:\/\/egytourpackages.com\/it\/tour\/tour-di-2-giorni-alloasi-di-siwa-da-marsa-matruh\/","name":"Tour di 2 giorni all'Oasi di Siwa da Marsa Matruh | pacchetti turistici per l'Egitto","isPartOf":{"@id":"https:\/\/egytourpackages.com\/it\/#website"},"primaryImageOfPage":{"@id":"https:\/\/egytourpackages.com\/it\/tour\/tour-di-2-giorni-alloasi-di-siwa-da-marsa-matruh\/#primaryimage"},"image":{"@id":"https:\/\/egytourpackages.com\/it\/tour\/tour-di-2-giorni-alloasi-di-siwa-da-marsa-matruh\/#primaryimage"},"thumbnailUrl":"https:\/\/egytourpackages.com\/wp-content\/uploads\/2025\/08\/Siwa-Oasis.jpeg","datePublished":"2025-08-12T13:04:19+00:00","dateModified":"2026-01-03T22:51:04+00:00","description":"Tour di 2 giorni all'Oasi di Siwa da Marsa Matruh. Galleggia nei laghi salati, parti per un safari nel deserto e scopri l'esclusiva cultura berbera. Prenota","breadcrumb":{"@id":"https:\/\/egytourpackages.com\/it\/tour\/tour-di-2-giorni-alloasi-di-siwa-da-marsa-matruh\/#breadcrumb"},"inLanguage":"it-IT","potentialAction":[{"@type":"ReadAction","target":["https:\/\/egytourpackages.com\/it\/tour\/tour-di-2-giorni-alloasi-di-siwa-da-marsa-matruh\/"]}]},{"@type":"ImageObject","inLanguage":"it-IT","@id":"https:\/\/egytourpackages.com\/it\/tour\/tour-di-2-giorni-alloasi-di-siwa-da-marsa-matruh\/#primaryimage","url":"https:\/\/egytourpackages.com\/wp-content\/uploads\/2025\/08\/Siwa-Oasis.jpeg","contentUrl":"https:\/\/egytourpackages.com\/wp-content\/uploads\/2025\/08\/Siwa-Oasis.jpeg","width":1600,"height":1200,"caption":"Oasi di Siwa"},{"@type":"BreadcrumbList","@id":"https:\/\/egytourpackages.com\/it\/tour\/tour-di-2-giorni-alloasi-di-siwa-da-marsa-matruh\/#breadcrumb","itemListElement":[{"@type":"ListItem","position":1,"name":"Home","item":"https:\/\/egytourpackages.com\/it\/"},{"@type":"ListItem","position":2,"name":"Negozio","item":"https:\/\/egytourpackages.com\/it\/negozio\/"},{"@type":"ListItem","position":3,"name":"Tour di 2 giorni all&#8217;Oasi di Siwa da Marsa Matruh"}]},{"@type":"WebSite","@id":"https:\/\/egytourpackages.com\/it\/#website","url":"https:\/\/egytourpackages.com\/it\/","name":"Egy tour packages","description":"","publisher":{"@id":"https:\/\/egytourpackages.com\/it\/#organization"},"potentialAction":[{"@type":"SearchAction","target":{"@type":"EntryPoint","urlTemplate":"https:\/\/egytourpackages.com\/it\/?s={search_term_string}"},"query-input":{"@type":"PropertyValueSpecification","valueRequired":true,"valueName":"search_term_string"}}],"inLanguage":"it-IT"},{"@type":["Organization","Place","TravelAgency"],"@id":"https:\/\/egytourpackages.com\/it\/#organization","name":"egypt tour packages","alternateName":"egypt tour packages","url":"https:\/\/egytourpackages.com\/it\/","logo":{"@id":"https:\/\/egytourpackages.com\/it\/tour\/tour-di-2-giorni-alloasi-di-siwa-da-marsa-matruh\/#local-main-organization-logo"},"image":{"@id":"https:\/\/egytourpackages.com\/it\/tour\/tour-di-2-giorni-alloasi-di-siwa-da-marsa-matruh\/#local-main-organization-logo"},"sameAs":["https:\/\/www.facebook.com\/egytourpackages"],"legalName":"Egy tour packages","address":{"@id":"https:\/\/egytourpackages.com\/it\/tour\/tour-di-2-giorni-alloasi-di-siwa-da-marsa-matruh\/#local-main-place-address"},"telephone":["00201000852186","00201028685533"],"contactPoint":{"@type":"ContactPoint","telephone":"00201000852186"},"openingHoursSpecification":[{"@type":"OpeningHoursSpecification","dayOfWeek":["Monday","Tuesday","Wednesday","Thursday","Friday","Saturday","Sunday"],"opens":"00:00","closes":"23:59"}],"email":"info@egytourpackages.com","areaServed":"Cairo, Hurghada, Luxor, Sharm El Sheikh, Marsa Alam, Aswan","priceRange":"$","currenciesAccepted":"euro","paymentAccepted":"Payment links online"},{"@type":"PostalAddress","@id":"https:\/\/egytourpackages.com\/it\/tour\/tour-di-2-giorni-alloasi-di-siwa-da-marsa-matruh\/#local-main-place-address","streetAddress":"Mubarak 8, Al Kawthar District, Hurghada","addressLocality":"Hurghada","postalCode":"84511","addressRegion":"Red Sea","addressCountry":"EG"},{"@type":"ImageObject","inLanguage":"it-IT","@id":"https:\/\/egytourpackages.com\/it\/tour\/tour-di-2-giorni-alloasi-di-siwa-da-marsa-matruh\/#local-main-organization-logo","url":"https:\/\/egytourpackages.com\/wp-content\/uploads\/2025\/12\/Turquoise-Dahabiya-Nile-Cruise-1.jpeg","contentUrl":"https:\/\/egytourpackages.com\/wp-content\/uploads\/2025\/12\/Turquoise-Dahabiya-Nile-Cruise-1.jpeg","width":1040,"height":694,"caption":"egypt tour packages"}]},"product_brand":"Tour giornalieri in Egitto","product_price_amount":"150","product_price_currency":"EUR","og_availability":"instock","product_availability":"instock","product_retailer_item_id":"MMT01","product_condition":"new","geo.placename":"Hurghada","geo.region":"Egitto"},"_links":{"self":[{"href":"https:\/\/egytourpackages.com\/it\/wp-json\/wp\/v2\/product\/5596","targetHints":{"allow":["GET"]}}],"collection":[{"href":"https:\/\/egytourpackages.com\/it\/wp-json\/wp\/v2\/product"}],"about":[{"href":"https:\/\/egytourpackages.com\/it\/wp-json\/wp\/v2\/types\/product"}],"replies":[{"embeddable":true,"href":"https:\/\/egytourpackages.com\/it\/wp-json\/wp\/v2\/comments?post=5596"}],"wp:featuredmedia":[{"embeddable":true,"href":"https:\/\/egytourpackages.com\/it\/wp-json\/wp\/v2\/media\/5560"}],"wp:attachment":[{"href":"https:\/\/egytourpackages.com\/it\/wp-json\/wp\/v2\/media?parent=5596"}],"wp:term":[{"taxonomy":"product_brand","embeddable":true,"href":"https:\/\/egytourpackages.com\/it\/wp-json\/wp\/v2\/product_brand?post=5596"},{"taxonomy":"product_cat","embeddable":true,"href":"https:\/\/egytourpackages.com\/it\/wp-json\/wp\/v2\/product_cat?post=5596"},{"taxonomy":"product_tag","embeddable":true,"href":"https:\/\/egytourpackages.com\/it\/wp-json\/wp\/v2\/product_tag?post=5596"}],"curies":[{"name":"wp","href":"https:\/\/api.w.org\/{rel}","templated":true}]}}