{"id":5621,"date":"2025-08-13T04:22:09","date_gmt":"2025-08-13T04:22:09","guid":{"rendered":"https:\/\/egytourpackages.com\/product\/gita-di-un-giorno-al-cairo-da-marsa-matruh\/"},"modified":"2026-04-07T16:42:57","modified_gmt":"2026-04-07T16:42:57","slug":"gita-di-un-giorno-al-cairo-da-marsa-matruh","status":"publish","type":"product","link":"https:\/\/egytourpackages.com\/it\/tour\/gita-di-un-giorno-al-cairo-da-marsa-matruh\/","title":{"rendered":"Gita di un Giorno al Cairo da Marsa Matruh"},"content":{"rendered":"<p><strong><span style=\"color: #ff6600;\">Gita di un Giorno al Cairo da Marsa Matruh<\/span><\/strong><\/p>\n<p>Prenota la tua gita di un giorno al Cairo da Marsa Matruh e inizia un viaggio immersivo nel glorioso passato dell&#8217;Egitto. La nostra esclusiva <strong>Gita di un Giorno al Cairo<\/strong> da Marsa Matruh \u00e8 il modo perfetto per vivere i monumenti pi\u00f9 iconici del mondo, tra cui le leggendarie <strong>Piramidi di Giza<\/strong>, l&#8217;enigmatica <strong>Grande Sfinge<\/strong> e il magnifico <strong>Grande Museo Egizio<\/strong>. Questo \u00e8 il <strong>miglior tour delle Piramidi di Giza da Marsa Matruh<\/strong> per gli amanti della storia e gli appassionati di avventura.<\/p>\n<h3><span style=\"color: #ff6600;\">Scopri le Piramidi di Giza e la Grande Sfinge<\/span><\/h3>\n<p>Avventurati sull&#8217;<strong>Altopiano di Giza<\/strong>, sede dell&#8217;ultima meraviglia rimasta del mondo antico. Ti troverai faccia a faccia con le <strong>Piramidi di Giza<\/strong>, testimonianza dell&#8217;ingegno e del potere dei faraoni. La nostra guida egittologa esperta dar\u00e0 vita a queste strutture monumentali, condividendo la storia e i misteri dietro la <strong>Piramide di Cheope<\/strong>, la <strong>Piramide di Chefren<\/strong> e la <strong>Piramide di Micerino<\/strong>. L&#8217;esperienza culmina con una visita all&#8217;enigmatica <strong>Grande Sfinge<\/strong>, il guardiano mitico che ha affascinato l&#8217;immaginazione per millenni. Questo \u00e8 il <strong>tour definitivo delle Piramidi di Giza<\/strong> che stavi cercando.<\/p>\n<h3><span style=\"color: #ff6600;\">Vivi l&#8217;esperienza del Grande Museo Egizio (GEM)<\/span><\/h3>\n<p>La tua <strong>gita di un giorno da Marsa Matruh al Cairo<\/strong> continua al nuovissimo e di classe mondiale <strong>Grande Museo Egizio (GEM)<\/strong>. Qui, sarai tra i primi a vedere l&#8217;intera, abbagliante collezione dei <strong>tesori del Re Tutankhamon<\/strong> esposta insieme per la prima volta in assoluto. Il <strong>GEM<\/strong> offre uno sguardo senza precedenti a oltre 100.000 manufatti, collegando l&#8217;antico patrimonio egiziano con la moderna tecnologia museale. Una visita al GEM \u00e8 un must per chiunque cerchi l&#8217;esperienza definitiva del <strong>Museo di Giza<\/strong>.<\/p>\n<h3><span style=\"color: #ff6600;\">Viaggio senza interruzioni e senza stress<\/span><\/h3>\n<p>I nostri <strong>tour da Marsa Matruh a Giza<\/strong> sono all-inclusive e offrono trasporto privato e climatizzato da e per il tuo hotel. Godrai di un viaggio panoramico e rilassante, sapendo che ogni dettaglio, dalla guida professionale alle tasse d&#8217;ingresso e a un delizioso pranzo locale, \u00e8 gestito in modo esperto. Questo \u00e8 il modo migliore per vedere le <strong>principali attrazioni del Cairo<\/strong> senza il fastidio della pianificazione.<\/p>\n<p>Prenota oggi la tua <strong>gita di un giorno al Cairo da Marsa Matruh<\/strong> e intraprendi un viaggio straordinario nel tempo, creando ricordi che dureranno una vita.<\/p>\n<h3><span style=\"color: #ff6600;\">Dettagli del Tour<\/span><\/h3>\n<ul>\n<li>Durata: 15 ore<\/li>\n<li>Posizione del tour: Giza<\/li>\n<li>Disponibilit\u00e0 del tour: Tutti i giorni<\/li>\n<li>Prelevamento e riconsegna: il tuo hotel a Marsa Matruh<\/li>\n<li>Tipo di tour: Privato<\/li>\n<li>Adatto per: Coppie, Famiglie, Anziani<\/li>\n<li>Sedia a rotelle: Accessibile<\/li>\n<\/ul>\n<h3><span style=\"color: #ff6600;\">Punti salienti del tour<\/span><\/h3>\n<ul>\n<li>Grande Museo Egizio<\/li>\n<li>Piramidi di Giza<\/li>\n<li>La Grande Sfinge<\/li>\n<li>Tempio a valle<\/li>\n<\/ul>\n<h3><span style=\"color: #ff6600;\">Inclusioni<\/span><\/h3>\n<ul>\n<li>Trasferimento di andata e ritorno con veicolo A\/C<\/li>\n<li>Biglietti d&#8217;ingresso per tutte le attrazioni del programma del Cairo<\/li>\n<li>Guida turistica egittologa<\/li>\n<li>Pranzo<\/li>\n<li>Acqua durante il tour<\/li>\n<\/ul>\n<h3><span style=\"color: #ff6600;\">Esclusioni<\/span><\/h3>\n<ul>\n<li>Bevande durante il pranzo<\/li>\n<li>Biglietto d&#8217;ingresso per la Piramide di Cheope 40 \u2217Bigliettod\u2032ingressoperlaPiramidediChefren7,5<\/li>\n<li>Mance<\/li>\n<\/ul>\n<h3><span style=\"color: #ff6600;\">Cosa mettere in valigia<\/span><\/h3>\n<ul>\n<li>Scarpe e vestiti comodi, soprattutto in estate<\/li>\n<li>Vestiti pesanti in inverno<\/li>\n<li>Occhiali da sole, cappello o sciarpa<\/li>\n<li>Crema solare in estate<\/li>\n<\/ul>\n<h3><span style=\"color: #ff6600;\">Gita di un Giorno da Marsa Matruh a Giza: Un Itinerario di Antiche Meraviglie<\/span><\/h3>\n<p>Inizia il tuo viaggio dalla bellezza costiera di Marsa Matruh e viaggia per circa 408 chilometri (255 miglia) attraverso il paesaggio egiziano fino al Cairo. Il viaggio panoramico dura in genere dalle 4 alle 5 ore, offrendo la possibilit\u00e0 di assistere alla vastit\u00e0 del Deserto Occidentale prima di arrivare all&#8217;Altopiano di Giza.<\/p>\n<p>Al tuo arrivo, calpesterai l&#8217;<strong>Altopiano di Giza<\/strong>, una meraviglia archeologica che funge da testimonianza della brillantezza architettonica e ingegneristica dell&#8217;<strong>Antico Regno<\/strong>.<\/p>\n<p>La tua visita guidata di questo iconico complesso includer\u00e0:<\/p>\n<p>La <strong>Grande Piramide di Cheope (Khufu)<\/strong>, la pi\u00f9 grande e antica delle tre piramidi. Avrai anche l&#8217;opportunit\u00e0 di ammirare i suoi dintorni, che offrono una finestra sulla vita quotidiana e sui rituali di morte dell&#8217;epoca. Ci\u00f2 include le pi\u00f9 piccole <strong>piramidi delle regine<\/strong>, le cerimoniali <strong>fosse delle barche solari<\/strong>, e i resti del <strong>Tempio della purificazione<\/strong> e delle <strong>Tombe dei Costruttori di Piramidi<\/strong>:<\/p>\n<p>Esplora le affascinanti e spesso trascurate tombe dei lavoratori che costruirono questi incredibili monumenti. Queste tombe offrono preziose informazioni sulla struttura sociale e sul lavoro organizzato che rese possibili le piramidi.<\/p>\n<p>Prosegui verso il <strong>Tempio a Valle di Chefren<\/strong>, una struttura ben conservata dove venivano eseguiti i rituali di mummificazione per il faraone, e la vicina <strong>Grande Sfinge<\/strong>, il guardiano della necropoli di Giza.<\/p>\n<h3><span style=\"color: #ff6600;\">Entrare in una Piramide<\/span><\/h3>\n<p>Per un&#8217;esperienza davvero coinvolgente, avrai la possibilit\u00e0 di acquistare un biglietto separato per entrare all&#8217;interno di una delle piramidi aperte. Sebbene la disponibilit\u00e0 possa cambiare, potresti avere l&#8217;opportunit\u00e0 di esplorare le camere interne della <strong>Piramide di Micerino<\/strong> o anche della monumentale <strong>Grande Piramide di Cheope<\/strong>, un viaggio nel cuore di una tomba di 4.500 anni.<\/p>\n<h3><span style=\"color: #ff6600;\">La Vista Panoramica<\/span><\/h3>\n<p>Concludi la tua visita al complesso di Giza con una sosta al <strong>punto panoramico<\/strong>, dove sarai trattato con una vista mozzafiato e classica di tutte e tre le piramidi, della Sfinge e del paesaggio desertico circostante in un&#8217;unica magnifica veduta. Questo \u00e8 il luogo perfetto per scattare foto e riflettere sulla grandezza del sito.<\/p>\n<h3><span style=\"color: #ff6600;\">Pranzo<\/span><\/h3>\n<p>Goditi il pranzo in un ristorante locale vicino al Grande Museo Egizio. Il ristorante scelto offrir\u00e0 una variet\u00e0 di autentici piatti egiziani, molti dei quali sono naturalmente vegetariani o possono essere facilmente preparati per essere vegani.<\/p>\n<h3><span style=\"color: #ff6600;\">Grande Museo Egizio (GEM)<\/span><\/h3>\n<p>A conclusione della tua giornata, sarai trasportato al magnifico <strong>Grande Museo Egizio (GEM)<\/strong>, una meraviglia architettonica moderna progettata per ospitare la pi\u00f9 vasta collezione al mondo di <strong>antichi manufatti egizi<\/strong>. L&#8217;esperienza inizia prima ancora di entrare, dove sarai accolto dallo splendido <strong>Obelisco Sospeso<\/strong>, un monumento unico e che sfida la gravit\u00e0, dedicato a <strong>Re Ramses II<\/strong>.<\/p>\n<p>Entrando nella <strong>Grande Sala<\/strong>, la tua attenzione sar\u00e0 immediatamente catturata dal torreggiante <strong>Colosso di Ramses II<\/strong>. Questa statua monumentale, un tempo il fulcro di una piazza affollata, ora si erge come una potente sentinella, un giusto tributo a uno dei faraoni pi\u00f9 celebri dell&#8217;Egitto.<\/p>\n<p>Mentre sali la mozzafiato <strong>Grande Scalinata<\/strong>, ti imbarcherai in un viaggio nel tempo, circondato da una collezione curata di 65 pezzi monumentali. Nelle <strong>gallerie aperte<\/strong>, avrai l&#8217;opportunit\u00e0 di approfondire i temi centrali della <strong>civilt\u00e0 egizia antica<\/strong>: <strong>Societ\u00e0, Religione e Regalit\u00e0<\/strong>.<\/p>\n<p>Qui, troverai migliaia di manufatti esposti con cura per raccontare la storia del popolo egiziano, le loro credenze e i potenti sovrani che hanno plasmato il loro mondo.<\/p>\n<h3><span style=\"color: #ff6600;\">I tesori di Tutankhamon<\/span><\/h3>\n<p>Un punto saliente della tua visita sar\u00e0 la caratteristica pi\u00f9 attesa del museo: l&#8217;intera collezione di <strong>Re Tutankhamon<\/strong>. Per la prima volta in assoluto dal ritrovamento della tomba nel 1922 a Luxor, la collezione completa di oltre 5.000 inestimabili tesori dalla tomba del re-ragazzo sar\u00e0 esposta insieme in un&#8217;unica location.<\/p>\n<h3><span style=\"color: #ff6600;\">Prezzo Gita di un Giorno al Cairo da Marsa Matruh<\/span><\/h3>\n<ul>\n<li>Prezzo per adulti = 150 \u20ac<\/li>\n<li>Neonati 0-5 anni = gratuito<\/li>\n<li>Bambini 5 -11 anni = 50% del prezzo per adulti<\/li>\n<\/ul>\n<h3><span style=\"color: #ff6600;\">Prenotazione<\/span><\/h3>\n<p>Puoi prenotare il tuo tour tramite WhatsApp o inviarci un&#8217;e-mail e riceverai la conferma sul posto.<\/p>\n<p>Ti preghiamo di inviarci il nome del tuo hotel, il numero della stanza, le copie dei passaporti.<\/p>\n<p>WhatsApp+201000852186<\/p>\n<p>info@egytourpackages.com<\/p>\n<h3><span style=\"color: #ff6600;\">Prenota Ora e Paga sul posto<\/span><\/h3>\n<p>Prenota il tuo tour preferito e paga il giorno della gita.<\/p>\n<h3><span style=\"color: #ff6600;\">Pagamento<\/span><\/h3>\n<p>Puoi pagare in lire egiziane, $, \u20ac o \u00a3.<\/p>\n<h3><span style=\"color: #ff6600;\">Politica di cancellazione<\/span><\/h3>\n<ul>\n<li>La cancellazione \u00e8 gratuita fino a 24 ore in anticipo<\/li>\n<li>La cancellazione mattutina \u00e8 del 50% del prezzo<\/li>\n<\/ul>\n","protected":false},"excerpt":{"rendered":"<p>Parti in una Gita di un Giorno al Cairo da Marsa Matruh e visita Piramidi di Giza, Sfinge e il Grande Museo Egizio in un solo giorno. Prenota oggi!<\/p>\n","protected":false},"featured_media":5617,"comment_status":"closed","ping_status":"closed","template":"","meta":[],"product_brand":[],"product_cat":[1910],"product_tag":[2979,1914,2948],"class_list":{"0":"post-5621","1":"product","2":"type-product","3":"status-publish","4":"has-post-thumbnail","6":"product_cat-tour","7":"product_tag-tour-del-cairo-da-marsa-matruh","8":"product_tag-tour-giornalieri-in-egitto","9":"product_tag-viaggi-a-marsa-matruh-it","10":"tour_category-tour-del-cairo-da-marsa-matruh","11":"tour_category-tour-giornalieri-in-egitto-it","12":"tour_category-viaggi-a-marsa-matruh-it","14":"first","15":"instock","16":"sale","17":"shipping-taxable","18":"purchasable","19":"product-type-tour","20":"has-default-attributes"},"yoast_head":"<!-- This site is optimized with the Yoast SEO Premium plugin v27.4 (Yoast SEO v27.4) - https:\/\/yoast.com\/product\/yoast-seo-premium-wordpress\/ -->\n<title>Gita di un Giorno al Cairo da Marsa Matruh<\/title>\n<meta name=\"description\" content=\"Parti in una Gita di un Giorno al Cairo da Marsa Matruh e visita Piramidi di Giza, Sfinge e il Grande Museo Egizio in un solo giorno. Prenota oggi!\" \/>\n<meta name=\"robots\" content=\"index, follow, max-snippet:-1, max-image-preview:large, max-video-preview:-1\" \/>\n<link rel=\"canonical\" href=\"https:\/\/egytourpackages.com\/it\/tour\/gita-di-un-giorno-al-cairo-da-marsa-matruh\/\" \/>\n<meta property=\"og:locale\" content=\"it_IT\" \/>\n<meta property=\"og:type\" content=\"article\" \/>\n<meta property=\"og:title\" content=\"Gita di un Giorno al Cairo da Marsa Matruh\" \/>\n<meta property=\"og:description\" content=\"Parti in una Gita di un Giorno al Cairo da Marsa Matruh e visita Piramidi di Giza, Sfinge e il Grande Museo Egizio in un solo giorno. Prenota oggi!\" \/>\n<meta property=\"og:url\" content=\"https:\/\/egytourpackages.com\/it\/tour\/gita-di-un-giorno-al-cairo-da-marsa-matruh\/\" \/>\n<meta property=\"og:site_name\" content=\"Pacchetti tour in Egitto\" \/>\n<meta property=\"article:publisher\" content=\"https:\/\/www.facebook.com\/egytourpackages\" \/>\n<meta property=\"article:modified_time\" content=\"2026-04-07T16:42:57+00:00\" \/>\n<meta property=\"og:image\" content=\"https:\/\/egytourpackages.com\/wp-content\/uploads\/2025\/08\/Egyptian-Scribe-GEM-1024x768.jpeg\" \/>\n<meta name=\"twitter:card\" content=\"summary_large_image\" \/>\n<meta name=\"twitter:title\" content=\"Gita di un Giorno al Cairo da Marsa Matruh\" \/>\n<meta name=\"twitter:label1\" content=\"Prezzo\" \/>\n\t<meta name=\"twitter:data1\" content=\"&euro;0\" \/>\n\t<meta name=\"twitter:label2\" content=\"Disponibilit\u00e0\" \/>\n\t<meta name=\"twitter:data2\" content=\"In stock\" \/>\n<script type=\"application\/ld+json\" class=\"yoast-schema-graph\">{\"@context\":\"https:\\\/\\\/schema.org\",\"@graph\":[{\"@type\":\"WebPage\",\"@id\":\"https:\\\/\\\/egytourpackages.com\\\/it\\\/tour\\\/gita-di-un-giorno-al-cairo-da-marsa-matruh\\\/\",\"url\":\"https:\\\/\\\/egytourpackages.com\\\/it\\\/tour\\\/gita-di-un-giorno-al-cairo-da-marsa-matruh\\\/\",\"name\":\"Gita di un Giorno al Cairo da Marsa Matruh\",\"isPartOf\":{\"@id\":\"https:\\\/\\\/egytourpackages.com\\\/it\\\/#website\"},\"primaryImageOfPage\":{\"@id\":\"https:\\\/\\\/egytourpackages.com\\\/it\\\/tour\\\/gita-di-un-giorno-al-cairo-da-marsa-matruh\\\/#primaryimage\"},\"image\":{\"@id\":\"https:\\\/\\\/egytourpackages.com\\\/it\\\/tour\\\/gita-di-un-giorno-al-cairo-da-marsa-matruh\\\/#primaryimage\"},\"thumbnailUrl\":\"https:\\\/\\\/egytourpackages.com\\\/wp-content\\\/uploads\\\/2025\\\/08\\\/Egyptian-Scribe-GEM.jpeg\",\"datePublished\":\"2025-08-13T04:22:09+00:00\",\"dateModified\":\"2026-04-07T16:42:57+00:00\",\"description\":\"Parti in una Gita di un Giorno al Cairo da Marsa Matruh e visita Piramidi di Giza, Sfinge e il Grande Museo Egizio in un solo giorno. Prenota oggi!\",\"breadcrumb\":{\"@id\":\"https:\\\/\\\/egytourpackages.com\\\/it\\\/tour\\\/gita-di-un-giorno-al-cairo-da-marsa-matruh\\\/#breadcrumb\"},\"inLanguage\":\"it-IT\",\"potentialAction\":[{\"@type\":\"ReadAction\",\"target\":[\"https:\\\/\\\/egytourpackages.com\\\/it\\\/tour\\\/gita-di-un-giorno-al-cairo-da-marsa-matruh\\\/\"]}]},{\"@type\":\"ImageObject\",\"inLanguage\":\"it-IT\",\"@id\":\"https:\\\/\\\/egytourpackages.com\\\/it\\\/tour\\\/gita-di-un-giorno-al-cairo-da-marsa-matruh\\\/#primaryimage\",\"url\":\"https:\\\/\\\/egytourpackages.com\\\/wp-content\\\/uploads\\\/2025\\\/08\\\/Egyptian-Scribe-GEM.jpeg\",\"contentUrl\":\"https:\\\/\\\/egytourpackages.com\\\/wp-content\\\/uploads\\\/2025\\\/08\\\/Egyptian-Scribe-GEM.jpeg\",\"width\":1600,\"height\":1200,\"caption\":\"Scriba egizio, GEM\"},{\"@type\":\"BreadcrumbList\",\"@id\":\"https:\\\/\\\/egytourpackages.com\\\/it\\\/tour\\\/gita-di-un-giorno-al-cairo-da-marsa-matruh\\\/#breadcrumb\",\"itemListElement\":[{\"@type\":\"ListItem\",\"position\":1,\"name\":\"Home\",\"item\":\"https:\\\/\\\/egytourpackages.com\\\/it\\\/\"},{\"@type\":\"ListItem\",\"position\":2,\"name\":\"Negozio\",\"item\":\"https:\\\/\\\/egytourpackages.com\\\/it\\\/negozio\\\/\"},{\"@type\":\"ListItem\",\"position\":3,\"name\":\"Gita di un Giorno al Cairo da Marsa Matruh\"}]},{\"@type\":\"WebSite\",\"@id\":\"https:\\\/\\\/egytourpackages.com\\\/it\\\/#website\",\"url\":\"https:\\\/\\\/egytourpackages.com\\\/it\\\/\",\"name\":\"Egy tour packages\",\"description\":\"\",\"publisher\":{\"@id\":\"https:\\\/\\\/egytourpackages.com\\\/it\\\/#organization\"},\"potentialAction\":[{\"@type\":\"SearchAction\",\"target\":{\"@type\":\"EntryPoint\",\"urlTemplate\":\"https:\\\/\\\/egytourpackages.com\\\/it\\\/?s={search_term_string}\"},\"query-input\":{\"@type\":\"PropertyValueSpecification\",\"valueRequired\":true,\"valueName\":\"search_term_string\"}}],\"inLanguage\":\"it-IT\"},{\"@type\":[\"Organization\",\"Place\",\"TravelAgency\"],\"@id\":\"https:\\\/\\\/egytourpackages.com\\\/it\\\/#organization\",\"name\":\"egypt tour packages\",\"alternateName\":\"egypt tour packages\",\"url\":\"https:\\\/\\\/egytourpackages.com\\\/it\\\/\",\"logo\":{\"@id\":\"https:\\\/\\\/egytourpackages.com\\\/it\\\/tour\\\/gita-di-un-giorno-al-cairo-da-marsa-matruh\\\/#local-main-organization-logo\"},\"image\":{\"@id\":\"https:\\\/\\\/egytourpackages.com\\\/it\\\/tour\\\/gita-di-un-giorno-al-cairo-da-marsa-matruh\\\/#local-main-organization-logo\"},\"sameAs\":[\"https:\\\/\\\/www.facebook.com\\\/egytourpackages\"],\"legalName\":\"Egy tour packages\",\"address\":{\"@id\":\"https:\\\/\\\/egytourpackages.com\\\/it\\\/tour\\\/gita-di-un-giorno-al-cairo-da-marsa-matruh\\\/#local-main-place-address\"},\"telephone\":[\"00201000852186\",\"00201028685533\"],\"contactPoint\":{\"@type\":\"ContactPoint\",\"telephone\":\"00201000852186\"},\"openingHoursSpecification\":[{\"@type\":\"OpeningHoursSpecification\",\"dayOfWeek\":[\"Monday\",\"Tuesday\",\"Wednesday\",\"Thursday\",\"Friday\",\"Saturday\",\"Sunday\"],\"opens\":\"00:00\",\"closes\":\"23:59\"}],\"email\":\"info@egytourpackages.com\",\"areaServed\":\"Cairo, Hurghada, Luxor, Sharm El Sheikh, Marsa Alam, Aswan\",\"priceRange\":\"$\",\"currenciesAccepted\":\"euro\",\"paymentAccepted\":\"Payment links online\"},{\"@type\":\"PostalAddress\",\"@id\":\"https:\\\/\\\/egytourpackages.com\\\/it\\\/tour\\\/gita-di-un-giorno-al-cairo-da-marsa-matruh\\\/#local-main-place-address\",\"streetAddress\":\"Mubarak 8, Al Kawthar District, Hurghada\",\"addressLocality\":\"Hurghada\",\"postalCode\":\"84511\",\"addressRegion\":\"Red Sea\",\"addressCountry\":\"EG\"},{\"@type\":\"ImageObject\",\"inLanguage\":\"it-IT\",\"@id\":\"https:\\\/\\\/egytourpackages.com\\\/it\\\/tour\\\/gita-di-un-giorno-al-cairo-da-marsa-matruh\\\/#local-main-organization-logo\",\"url\":\"https:\\\/\\\/egytourpackages.com\\\/wp-content\\\/uploads\\\/2025\\\/12\\\/Turquoise-Dahabiya-Nile-Cruise-1.jpeg\",\"contentUrl\":\"https:\\\/\\\/egytourpackages.com\\\/wp-content\\\/uploads\\\/2025\\\/12\\\/Turquoise-Dahabiya-Nile-Cruise-1.jpeg\",\"width\":1040,\"height\":694,\"caption\":\"egypt tour packages\"}]}<\/script>\n<meta property=\"product:brand\" content=\"Tour del Cairo da Marsa Matruh\" \/>\n<meta property=\"product:price:amount\" content=\"0\" \/>\n<meta property=\"product:price:currency\" content=\"EUR\" \/>\n<meta property=\"og:availability\" content=\"instock\" \/>\n<meta property=\"product:availability\" content=\"instock\" \/>\n<meta property=\"product:retailer_item_id\" content=\"MMT04\" \/>\n<meta property=\"product:condition\" content=\"new\" \/>\n<meta name=\"geo.placename\" content=\"Hurghada\" \/>\n<meta name=\"geo.region\" content=\"Egitto\" \/>\n<!-- \/ Yoast SEO Premium plugin. -->","yoast_head_json":{"title":"Gita di un Giorno al Cairo da Marsa Matruh","description":"Parti in una Gita di un Giorno al Cairo da Marsa Matruh e visita Piramidi di Giza, Sfinge e il Grande Museo Egizio in un solo giorno. Prenota oggi!","robots":{"index":"index","follow":"follow","max-snippet":"max-snippet:-1","max-image-preview":"max-image-preview:large","max-video-preview":"max-video-preview:-1"},"canonical":"https:\/\/egytourpackages.com\/it\/tour\/gita-di-un-giorno-al-cairo-da-marsa-matruh\/","og_locale":"it_IT","og_type":"article","og_title":"Gita di un Giorno al Cairo da Marsa Matruh","og_description":"Parti in una Gita di un Giorno al Cairo da Marsa Matruh e visita Piramidi di Giza, Sfinge e il Grande Museo Egizio in un solo giorno. Prenota oggi!","og_url":"https:\/\/egytourpackages.com\/it\/tour\/gita-di-un-giorno-al-cairo-da-marsa-matruh\/","og_site_name":"Pacchetti tour in Egitto","article_publisher":"https:\/\/www.facebook.com\/egytourpackages","article_modified_time":"2026-04-07T16:42:57+00:00","og_image":[{"url":"https:\/\/egytourpackages.com\/wp-content\/uploads\/2025\/08\/Egyptian-Scribe-GEM-1024x768.jpeg","type":"","width":"","height":""}],"twitter_card":"summary_large_image","twitter_title":"Gita di un Giorno al Cairo da Marsa Matruh","twitter_misc":{"Prezzo":"&euro;0","Disponibilit\u00e0":"In stock"},"schema":{"@context":"https:\/\/schema.org","@graph":[{"@type":"WebPage","@id":"https:\/\/egytourpackages.com\/it\/tour\/gita-di-un-giorno-al-cairo-da-marsa-matruh\/","url":"https:\/\/egytourpackages.com\/it\/tour\/gita-di-un-giorno-al-cairo-da-marsa-matruh\/","name":"Gita di un Giorno al Cairo da Marsa Matruh","isPartOf":{"@id":"https:\/\/egytourpackages.com\/it\/#website"},"primaryImageOfPage":{"@id":"https:\/\/egytourpackages.com\/it\/tour\/gita-di-un-giorno-al-cairo-da-marsa-matruh\/#primaryimage"},"image":{"@id":"https:\/\/egytourpackages.com\/it\/tour\/gita-di-un-giorno-al-cairo-da-marsa-matruh\/#primaryimage"},"thumbnailUrl":"https:\/\/egytourpackages.com\/wp-content\/uploads\/2025\/08\/Egyptian-Scribe-GEM.jpeg","datePublished":"2025-08-13T04:22:09+00:00","dateModified":"2026-04-07T16:42:57+00:00","description":"Parti in una Gita di un Giorno al Cairo da Marsa Matruh e visita Piramidi di Giza, Sfinge e il Grande Museo Egizio in un solo giorno. Prenota oggi!","breadcrumb":{"@id":"https:\/\/egytourpackages.com\/it\/tour\/gita-di-un-giorno-al-cairo-da-marsa-matruh\/#breadcrumb"},"inLanguage":"it-IT","potentialAction":[{"@type":"ReadAction","target":["https:\/\/egytourpackages.com\/it\/tour\/gita-di-un-giorno-al-cairo-da-marsa-matruh\/"]}]},{"@type":"ImageObject","inLanguage":"it-IT","@id":"https:\/\/egytourpackages.com\/it\/tour\/gita-di-un-giorno-al-cairo-da-marsa-matruh\/#primaryimage","url":"https:\/\/egytourpackages.com\/wp-content\/uploads\/2025\/08\/Egyptian-Scribe-GEM.jpeg","contentUrl":"https:\/\/egytourpackages.com\/wp-content\/uploads\/2025\/08\/Egyptian-Scribe-GEM.jpeg","width":1600,"height":1200,"caption":"Scriba egizio, GEM"},{"@type":"BreadcrumbList","@id":"https:\/\/egytourpackages.com\/it\/tour\/gita-di-un-giorno-al-cairo-da-marsa-matruh\/#breadcrumb","itemListElement":[{"@type":"ListItem","position":1,"name":"Home","item":"https:\/\/egytourpackages.com\/it\/"},{"@type":"ListItem","position":2,"name":"Negozio","item":"https:\/\/egytourpackages.com\/it\/negozio\/"},{"@type":"ListItem","position":3,"name":"Gita di un Giorno al Cairo da Marsa Matruh"}]},{"@type":"WebSite","@id":"https:\/\/egytourpackages.com\/it\/#website","url":"https:\/\/egytourpackages.com\/it\/","name":"Egy tour packages","description":"","publisher":{"@id":"https:\/\/egytourpackages.com\/it\/#organization"},"potentialAction":[{"@type":"SearchAction","target":{"@type":"EntryPoint","urlTemplate":"https:\/\/egytourpackages.com\/it\/?s={search_term_string}"},"query-input":{"@type":"PropertyValueSpecification","valueRequired":true,"valueName":"search_term_string"}}],"inLanguage":"it-IT"},{"@type":["Organization","Place","TravelAgency"],"@id":"https:\/\/egytourpackages.com\/it\/#organization","name":"egypt tour packages","alternateName":"egypt tour packages","url":"https:\/\/egytourpackages.com\/it\/","logo":{"@id":"https:\/\/egytourpackages.com\/it\/tour\/gita-di-un-giorno-al-cairo-da-marsa-matruh\/#local-main-organization-logo"},"image":{"@id":"https:\/\/egytourpackages.com\/it\/tour\/gita-di-un-giorno-al-cairo-da-marsa-matruh\/#local-main-organization-logo"},"sameAs":["https:\/\/www.facebook.com\/egytourpackages"],"legalName":"Egy tour packages","address":{"@id":"https:\/\/egytourpackages.com\/it\/tour\/gita-di-un-giorno-al-cairo-da-marsa-matruh\/#local-main-place-address"},"telephone":["00201000852186","00201028685533"],"contactPoint":{"@type":"ContactPoint","telephone":"00201000852186"},"openingHoursSpecification":[{"@type":"OpeningHoursSpecification","dayOfWeek":["Monday","Tuesday","Wednesday","Thursday","Friday","Saturday","Sunday"],"opens":"00:00","closes":"23:59"}],"email":"info@egytourpackages.com","areaServed":"Cairo, Hurghada, Luxor, Sharm El Sheikh, Marsa Alam, Aswan","priceRange":"$","currenciesAccepted":"euro","paymentAccepted":"Payment links online"},{"@type":"PostalAddress","@id":"https:\/\/egytourpackages.com\/it\/tour\/gita-di-un-giorno-al-cairo-da-marsa-matruh\/#local-main-place-address","streetAddress":"Mubarak 8, Al Kawthar District, Hurghada","addressLocality":"Hurghada","postalCode":"84511","addressRegion":"Red Sea","addressCountry":"EG"},{"@type":"ImageObject","inLanguage":"it-IT","@id":"https:\/\/egytourpackages.com\/it\/tour\/gita-di-un-giorno-al-cairo-da-marsa-matruh\/#local-main-organization-logo","url":"https:\/\/egytourpackages.com\/wp-content\/uploads\/2025\/12\/Turquoise-Dahabiya-Nile-Cruise-1.jpeg","contentUrl":"https:\/\/egytourpackages.com\/wp-content\/uploads\/2025\/12\/Turquoise-Dahabiya-Nile-Cruise-1.jpeg","width":1040,"height":694,"caption":"egypt tour packages"}]},"product_brand":"Tour del Cairo da Marsa Matruh","product_price_currency":"EUR","og_availability":"instock","product_availability":"instock","product_retailer_item_id":"MMT04","product_condition":"new","geo.placename":"Hurghada","geo.region":"Egitto"},"_links":{"self":[{"href":"https:\/\/egytourpackages.com\/it\/wp-json\/wp\/v2\/product\/5621","targetHints":{"allow":["GET"]}}],"collection":[{"href":"https:\/\/egytourpackages.com\/it\/wp-json\/wp\/v2\/product"}],"about":[{"href":"https:\/\/egytourpackages.com\/it\/wp-json\/wp\/v2\/types\/product"}],"replies":[{"embeddable":true,"href":"https:\/\/egytourpackages.com\/it\/wp-json\/wp\/v2\/comments?post=5621"}],"wp:featuredmedia":[{"embeddable":true,"href":"https:\/\/egytourpackages.com\/it\/wp-json\/wp\/v2\/media\/5617"}],"wp:attachment":[{"href":"https:\/\/egytourpackages.com\/it\/wp-json\/wp\/v2\/media?parent=5621"}],"wp:term":[{"taxonomy":"product_brand","embeddable":true,"href":"https:\/\/egytourpackages.com\/it\/wp-json\/wp\/v2\/product_brand?post=5621"},{"taxonomy":"product_cat","embeddable":true,"href":"https:\/\/egytourpackages.com\/it\/wp-json\/wp\/v2\/product_cat?post=5621"},{"taxonomy":"product_tag","embeddable":true,"href":"https:\/\/egytourpackages.com\/it\/wp-json\/wp\/v2\/product_tag?post=5621"}],"curies":[{"name":"wp","href":"https:\/\/api.w.org\/{rel}","templated":true}]}}