{"id":10047,"date":"2023-08-16T05:08:35","date_gmt":"2023-08-16T05:08:35","guid":{"rendered":"https:\/\/egytourpackages.com\/product\/oaza-bahariya-si-desertul-alb-2-zile-din-cairo\/"},"modified":"2026-01-27T00:58:25","modified_gmt":"2026-01-27T00:58:25","slug":"oaza-bahariya-si-desertul-alb-2-zile-din-cairo","status":"publish","type":"product","link":"https:\/\/egytourpackages.com\/ro\/tours\/oaza-bahariya-si-desertul-alb-2-zile-din-cairo\/","title":{"rendered":"Oaz\u0103 Bahariya \u0219i De\u0219ertul Alb 2 Zile din Cairo"},"content":{"rendered":"<p><span style=\"color: #ff6600;\"><strong>Oaz\u0103 Bahariya \u0219i De\u0219ertul Alb 2 Zile din Cairo: Tur Safari Memorabil<\/strong><\/span><\/p>\n<p>\u00cencepe\u021bi-v\u0103 <strong>safari-ul \u00een de\u0219ertul Egiptului<\/strong> cu un <strong>transfer privat<\/strong> c\u0103tre peisajele uimitoare din <strong>De\u0219ertul de Vest al Egiptului<\/strong>. Aceast\u0103 <strong>aventur\u0103 \u00een de\u0219ert<\/strong> de neuitat promite o combina\u021bie unic\u0103 de minuni geologice, activit\u0103\u021bi pline de adrenalin\u0103 \u0219i o frumuse\u021be natural\u0103 senin\u0103, fiind o <strong>experien\u021b\u0103 de c\u0103l\u0103torie \u00een Egipt<\/strong> esen\u021bial\u0103 pentru orice <strong>iubitor de aventur\u0103<\/strong>.<\/p>\n<p>De fapt, c\u0103l\u0103toria dumneavoastr\u0103 \u00eencepe \u00een impresionantul <strong>De\u0219ert Negru<\/strong>, o \u00eentindere vulcanic\u0103 unde conuri vulcanice sunt \u00eempr\u0103\u0219tiate pe un peisaj sobru \u0219i \u00eentunecat, cre\u00e2nd un spectacol vizual cu adev\u0103rat unic.<\/p>\n<p>Dup\u0103 aceea, cobor\u00e2\u021bi \u00een lini\u0219titul <strong>Sat El Heiz<\/strong>, o comoar\u0103 ascuns\u0103 care ofer\u0103 un popas revigorant la <strong>izvorul s\u0103u rece<\/strong>, o adev\u0103rat\u0103 oaz\u0103 \u00een de\u0219ert. Mai mult, ve\u021bi continua spre str\u0103lucitorul <strong>Munte de Cristal<\/strong> (Crystal Mountain), o arcad\u0103 natural\u0103 compus\u0103 din cristale de cuar\u021b orbitoare, o minune geologic\u0103 de neratat.<\/p>\n<p>Pe m\u0103sur\u0103 ce v\u0103 aventura\u021bi mai ad\u00e2nc, explora\u021bi misterioasa <strong>zona Aqabat<\/strong>, cunoscut\u0103 sub numele de \u201eValea Obstacolelor\u201d, cu forma\u021biunile sale st\u00e2ncoase intrigante. Entuziasmul cre\u0219te pe m\u0103sur\u0103 ce \u00eent\u00e2lni\u021bi vastele <strong>dune de nisip<\/strong>, perfecte pentru un <strong>sandboarding<\/strong> electrizant pe pantele aurii \u2013 un <strong>thrill<\/strong> absolut pentru pasiona\u021bii de adrenalin\u0103.<\/p>\n<p>De fapt, punctul culminant al <strong>turului dumneavoastr\u0103 \u00een de\u0219ert<\/strong> este, f\u0103r\u0103 \u00eendoial\u0103, <strong>Parcul Na\u021bional De\u0219ertul Alb<\/strong> (White Desert National Park). Fi\u021bi martorii frumuse\u021bii eterice at\u00e2t a <strong>De\u0219ertului Alb Vechi<\/strong> (Old White Desert), c\u00e2t \u0219i a <strong>Noului De\u0219ert Alb<\/strong> (New White Desert), unde secole de eroziune eolian\u0103 au sculptat <strong>forma\u021biuni de piatr\u0103<\/strong> colosale, alb-crem, \u00een forme fantastice, asem\u0103n\u0103toare ciupercilor gigantice, icebergurilor \u0219i artei abstracte. Aceste <strong>tururi safari \u00een de\u0219ertul Egiptului<\/strong> ofer\u0103 oportunit\u0103\u021bi fotografice de neegalat \u0219i o evadare imersiv\u0103 \u00eentr-una dintre cele mai spectaculoase \u0219i neatinse minuni naturale ale lumii.<\/p>\n<h3><span style=\"color: #ff6600;\">Detalii Tur<\/span><\/h3>\n<ul>\n<li>Durata: 2 Zile 1 Noapte<\/li>\n<li>Loca\u021bia Turului: Oaza Bahariya \/ Oaza Farafra<\/li>\n<li>Disponibilitate Tur: Zilnic<\/li>\n<li>**Preluare &amp; Predare: Hotelurile din Cairo &amp; Giza<\/li>\n<li>Tip Tur: Privat<\/li>\n<\/ul>\n<h3><span style=\"color: #ff6600;\">Atrac\u021bii Principale ale Turului<\/span><\/h3>\n<ul>\n<li>De\u0219ertul Negru<\/li>\n<li>Satul El Heiz \u0219i izvorul rece<\/li>\n<li>Muntele de Cristal<\/li>\n<li>Zona Aqabat<\/li>\n<li>Dune de nisip \u0219i Sandboarding<\/li>\n<li>De\u0219ertul Alb Vechi<\/li>\n<li>Noul De\u0219ert Alb<\/li>\n<li>Diferite forma\u021biuni de piatr\u0103<\/li>\n<\/ul>\n<h3><span style=\"color: #ff6600;\">Servicii Incluse<\/span><\/h3>\n<ul>\n<li>1 noapte cazare \u00een camping \u00een De\u0219ertul Alb<\/li>\n<li>Toate taxele \u0219i taxa de camping<\/li>\n<li>Transfer din Cairo \u0219i retur cu vehicul modern cu aer condi\u021bionat<\/li>\n<li>Tur \u00een de\u0219ert cu 4&#215;4 Toyota Land Cruiser<\/li>\n<li>Pr\u00e2nz, cin\u0103, mic dejun, pr\u00e2nz<\/li>\n<li>Ghid de\u0219ert<\/li>\n<\/ul>\n<h3><span style=\"color: #ff6600;\">Servicii Neincluse<\/span><\/h3>\n<ul>\n<li>Bac\u0219i\u0219uri (Tipping)<\/li>\n<\/ul>\n<h3><span style=\"color: #ff6600;\">Ce s\u0103 Pune\u021bi \u00een Bagaj<\/span><\/h3>\n<ul>\n<li>Costum de baie<\/li>\n<li>Prosop<\/li>\n<li>Crem\u0103 de soare \u0219i ochelari de soare<\/li>\n<li>P\u0103l\u0103rie sau e\u0219arf\u0103<\/li>\n<\/ul>\n<h2><span style=\"color: #ff6600;\">Itinerariu<\/span><\/h2>\n<h3><span style=\"color: #ff6600;\">Ziua 1 Cairo \u2013 Bahariya<\/span><\/h3>\n<p>Ghidul nostru v\u0103 va \u00eent\u00e2lni la recep\u021bia hotelului dup\u0103 ce a\u021bi servit micul dejun, pentru a \u00eencepe drumul spre <strong>Oaza Bahariya<\/strong>. Distan\u021ba dintre Cairo \u0219i <strong>Oaza Bahariya<\/strong> este de 360 km \u0219i dureaz\u0103 aproximativ patru ore de condus, cu o pauz\u0103 de cafea pe drum. La sosirea \u00een Bahariya, ve\u021bi fi \u00eent\u00e2mpina\u021bi de furnizorul local de servicii de de\u0219ert \u0219i ve\u021bi \u00eencepe aventura \u00een de\u0219ert cu pr\u00e2nzul la o cas\u0103 local\u0103, \u00eenso\u021bit de b\u0103uturi r\u0103coritoare \u0219i reci la alegere.<\/p>\n<p>\u00cencepe\u021bi-v\u0103 <strong>turul de o zi \u00een Egipt<\/strong> c\u0103tre <strong>Oaza Bahariya<\/strong> cu <strong>De\u0219ertul Negru<\/strong> \u0219i urca\u021bi pe <strong>Gebel El Marsos<\/strong> dac\u0103 dori\u021bi, pentru a face c\u00e2teva fotografii frumoase cu zona din jur. Apoi, merge\u021bi la <strong>Valea El Heiz<\/strong> pentru a v\u0103 bucura de o b\u0103utur\u0103 tipic\u0103 beduin\u0103 \u0219i pentru a \u00eenota \u00een <strong>izvorul rece<\/strong>, dac\u0103 dori\u021bi. \u00centr-adev\u0103r, dup\u0103 un du\u0219, ve\u021bi fi revigora\u021bi \u0219i gata s\u0103 \u00eencepe\u021bi aventura de <strong>safari \u00een de\u0219ert<\/strong>. Ve\u021bi \u00eencepe cu <strong>Muntele de Cristal<\/strong>, unde ve\u021bi experimenta un loc foarte <strong>energetic<\/strong>, \u00eenconjurat de cristale de diferite culori.<\/p>\n<p>De fapt, urm\u0103toarea dumneavoastr\u0103 oprire este un loc uimitor numit <strong>Valea Aqabat<\/strong>, cu frumoase <strong>forma\u021biuni de piatr\u0103<\/strong>. \u0218oferul dumneavoastr\u0103 de de\u0219ert v\u0103 va conduce printr-un peisaj superb c\u0103tre <strong>dunele de nisip<\/strong> \u0219i v\u0103 pute\u021bi bucura de <strong>sandboarding<\/strong> cu mult\u0103 distrac\u021bie. Mai t\u00e2rziu, ve\u021bi avea ocazia s\u0103 face\u021bi fotografii foarte frumoase pe drumul spre <strong>De\u0219ertul Alb Vechi<\/strong>. Imediat ce termina\u021bi de fotografiat <strong>panorama<\/strong> din <strong>De\u0219ertul Alb Vechi<\/strong>, ve\u021bi merge la zona de <strong>camping<\/strong> din <strong>De\u0219ertul Alb<\/strong>.<\/p>\n<p>Savura\u021bi o b\u0103utur\u0103 \u00een timp ce omul dumneavoastr\u0103 din de\u0219ert preg\u0103te\u0219te cina <strong>B.B.Q<\/strong> (gr\u0103tar) pentru dumneavoastr\u0103, al\u0103turi de multe b\u0103uturi \u0219i fructe proaspete la alegere. \u00cen cele din urm\u0103, oric\u00e2nd dori\u021bi, v\u0103 pute\u021bi bucura de cortul dumneavoastr\u0103 cu sac de dormit, saltea, pern\u0103 \u0219i p\u0103tur\u0103.<\/p>\n<h3><span style=\"color: #ff6600;\">Ziua 2 De\u0219ertul Alb \u2013 Bahariya \u2013 Cairo<\/span><\/h3>\n<p>Omul dumneavoastr\u0103 din de\u0219ert se va trezi cu o or\u0103 \u00eenaintea tuturor pentru a preg\u0103ti micul dejun gustos. Cu toate acestea, savura\u021bi b\u0103utura preferat\u0103 \u0219i plimba\u021bi-v\u0103 pu\u021bin p\u00e2n\u0103 c\u00e2nd \u0219oferul dumneavoastr\u0103 aranjeaz\u0103 zona de camping pentru a \u00eencepe turul \u00een <strong>Noul De\u0219ert Alb<\/strong>. Explora\u021bi <strong>Piatra G\u0103in\u0103<\/strong> (chicken stone), <strong>Piatra Iepure<\/strong> (rabbit stone), <strong>Piatra Con<\/strong> (cone one) \u0219i multe altele \u00eenainte de a v\u0103 \u00eentoarce din nou la Bahariya.<\/p>\n<p>Bucura\u021bi-v\u0103 de pr\u00e2nzul g\u0103tit acas\u0103 \u00eenainte de a v\u0103 \u00eentoarce la Cairo, dup\u0103 una dintre <strong>cele mai bune activit\u0103\u021bi<\/strong> pe care le pute\u021bi face \u00een Cairo.<\/p>\n<h3><span style=\"color: #ff6600;\">Pre\u021b Oaz\u0103 Bahariya \u0219i De\u0219ertul Alb (2 Zile) din Cairo<\/span><\/h3>\n<ul>\n<li>Pre\u021b Adult = 150 \u20ac<\/li>\n<li>Copii 0-5 ani = gratuit<\/li>\n<li>Copii 5 -11 ani = 50% din pre\u021bul pentru adult<\/li>\n<\/ul>\n<h3><span style=\"color: #ff6600;\">Rezervare<\/span><\/h3>\n<p>Pute\u021bi rezerva turul dumneavoastr\u0103 prin WhatsApp sau s\u0103 ne trimite\u021bi un E-mail \u0219i ve\u021bi primi confirmarea pe loc.<\/p>\n<p>V\u0103 rug\u0103m s\u0103 ne trimite\u021bi numele hotelului, num\u0103rul camerei, copiile pa\u0219apoartelor.<\/p>\n<ul>\n<li>WhatsApp: +201000852186<\/li>\n<li>info@egytourpackages.com<\/li>\n<\/ul>\n<h3><span style=\"color: #ff6600;\">Rezerva\u021bi Acum &amp; Pl\u0103ti\u021bi la fa\u021ba locului <\/span><\/h3>\n<p>Rezerva\u021bi turul dumneavoastr\u0103 preferat \u0219i pl\u0103ti\u021bi \u00een ziua excursiei.<\/p>\n<h3><span style=\"color: #ff6600;\">Plat\u0103<\/span><\/h3>\n<p>Pute\u021bi pl\u0103ti \u00een Lira Egiptean\u0103, $, \u20ac\u200e sau \u00a3.<\/p>\n<h3><span style=\"color: #ff6600;\">Politica de Anulare<\/span><\/h3>\n<ul>\n<li>Anularea este gratuit\u0103 cu p\u00e2n\u0103 la 24 de ore \u00een avans<\/li>\n<li>Anularea \u00een diminea\u021ba zilei respective \u00eenseamn\u0103 50% din pre\u021b<\/li>\n<\/ul>\n","protected":false},"excerpt":{"rendered":"<p>Oaz\u0103 Bahariya \u0219i De\u0219ertul Alb 2 Zile din Cairo. Descoperi\u021bi De\u0219ertul Negru, Muntele de Cristal \u0219i face\u021bi sandboarding \u00een aventura vie\u021bii!<\/p>\n","protected":false},"featured_media":10048,"comment_status":"open","ping_status":"closed","template":"","meta":[],"product_brand":[],"product_cat":[3120],"product_tag":[3200,3253,3206],"class_list":{"0":"post-10047","1":"product","2":"type-product","3":"status-publish","4":"has-post-thumbnail","6":"product_cat-tururi","7":"product_tag-desert-negru","8":"product_tag-excursii-de-o-zi-la-cairo","9":"product_tag-safari-in-desertul-egiptului","10":"tour_category-excursii-cairo-ro","11":"tour_category-excursii-de-o-zi-in-egipt-ro","13":"first","14":"instock","15":"sale","16":"shipping-taxable","17":"purchasable","18":"product-type-tour","19":"has-default-attributes"},"yoast_head":"<!-- This site is optimized with the Yoast SEO Premium plugin v27.4 (Yoast SEO v27.4) - https:\/\/yoast.com\/product\/yoast-seo-premium-wordpress\/ -->\n<title>Oaz\u0103 Bahariya \u0219i De\u0219ertul Alb 2 Zile din Cairo<\/title>\n<meta name=\"description\" content=\"Oaz\u0103 Bahariya \u0219i De\u0219ertul Alb 2 Zile din Cairo. Descoperi\u021bi De\u0219ertul Negru, Muntele de Cristal \u0219i face\u021bi sandboarding \u00een aventura vie\u021bii!\" \/>\n<meta name=\"robots\" content=\"index, follow, max-snippet:-1, max-image-preview:large, max-video-preview:-1\" \/>\n<link rel=\"canonical\" href=\"https:\/\/egytourpackages.com\/ro\/tours\/oaza-bahariya-si-desertul-alb-2-zile-din-cairo\/\" \/>\n<meta property=\"og:locale\" content=\"ro_RO\" \/>\n<meta property=\"og:type\" content=\"article\" \/>\n<meta property=\"og:title\" content=\"Oaz\u0103 Bahariya \u0219i De\u0219ertul Alb 2 Zile din Cairo\" \/>\n<meta property=\"og:description\" content=\"Oaz\u0103 Bahariya \u0219i De\u0219ertul Alb 2 Zile din Cairo. Descoperi\u021bi De\u0219ertul Negru, Muntele de Cristal \u0219i face\u021bi sandboarding \u00een aventura vie\u021bii!\" \/>\n<meta property=\"og:url\" content=\"https:\/\/egytourpackages.com\/ro\/tours\/oaza-bahariya-si-desertul-alb-2-zile-din-cairo\/\" \/>\n<meta property=\"og:site_name\" content=\"Egypt Tour Packages\" \/>\n<meta property=\"article:publisher\" content=\"https:\/\/www.facebook.com\/egytourpackages\" \/>\n<meta property=\"article:modified_time\" content=\"2026-01-27T00:58:25+00:00\" \/>\n<meta property=\"og:image\" content=\"https:\/\/egytourpackages.com\/wp-content\/uploads\/2023\/08\/White-desert-and-Bahariya-Oasis-1024x682.jpg\" \/>\n<meta name=\"twitter:card\" content=\"summary_large_image\" \/>\n<meta name=\"twitter:title\" content=\"Oaz\u0103 Bahariya \u0219i De\u0219ertul Alb 2 Zile din Cairo\" \/>\n<meta name=\"twitter:description\" content=\"Oaz\u0103 Bahariya \u0219i De\u0219ertul Alb 2 Zile din Cairo. Descoperi\u021bi De\u0219ertul Negru, Muntele de Cristal \u0219i face\u021bi sandboarding \u00een aventura vie\u021bii!\" \/>\n<meta name=\"twitter:image\" content=\"https:\/\/egytourpackages.com\/wp-content\/uploads\/2023\/08\/White-desert-and-Bahariya-Oasis-1024x682.jpg\" \/>\n<meta name=\"twitter:label1\" content=\"Pre\u021b\" \/>\n\t<meta name=\"twitter:data1\" content=\"&euro;150\" \/>\n\t<meta name=\"twitter:label2\" content=\"Disponibilitate\" \/>\n\t<meta name=\"twitter:data2\" content=\"\u00cen stoc\" \/>\n<script type=\"application\/ld+json\" class=\"yoast-schema-graph\">{\"@context\":\"https:\\\/\\\/schema.org\",\"@graph\":[{\"@type\":\"WebPage\",\"@id\":\"https:\\\/\\\/egytourpackages.com\\\/ro\\\/tours\\\/oaza-bahariya-si-desertul-alb-2-zile-din-cairo\\\/\",\"url\":\"https:\\\/\\\/egytourpackages.com\\\/ro\\\/tours\\\/oaza-bahariya-si-desertul-alb-2-zile-din-cairo\\\/\",\"name\":\"Oaz\u0103 Bahariya \u0219i De\u0219ertul Alb 2 Zile din Cairo\",\"isPartOf\":{\"@id\":\"https:\\\/\\\/egytourpackages.com\\\/ro\\\/#website\"},\"primaryImageOfPage\":{\"@id\":\"https:\\\/\\\/egytourpackages.com\\\/ro\\\/tours\\\/oaza-bahariya-si-desertul-alb-2-zile-din-cairo\\\/#primaryimage\"},\"image\":{\"@id\":\"https:\\\/\\\/egytourpackages.com\\\/ro\\\/tours\\\/oaza-bahariya-si-desertul-alb-2-zile-din-cairo\\\/#primaryimage\"},\"thumbnailUrl\":\"https:\\\/\\\/egytourpackages.com\\\/wp-content\\\/uploads\\\/2023\\\/08\\\/White-desert-and-Bahariya-Oasis.jpg\",\"datePublished\":\"2023-08-16T05:08:35+00:00\",\"dateModified\":\"2026-01-27T00:58:25+00:00\",\"description\":\"Oaz\u0103 Bahariya \u0219i De\u0219ertul Alb 2 Zile din Cairo. Descoperi\u021bi De\u0219ertul Negru, Muntele de Cristal \u0219i face\u021bi sandboarding \u00een aventura vie\u021bii!\",\"breadcrumb\":{\"@id\":\"https:\\\/\\\/egytourpackages.com\\\/ro\\\/tours\\\/oaza-bahariya-si-desertul-alb-2-zile-din-cairo\\\/#breadcrumb\"},\"inLanguage\":\"ro-RO\",\"potentialAction\":[{\"@type\":\"ReadAction\",\"target\":[\"https:\\\/\\\/egytourpackages.com\\\/ro\\\/tours\\\/oaza-bahariya-si-desertul-alb-2-zile-din-cairo\\\/\"]}]},{\"@type\":\"ImageObject\",\"inLanguage\":\"ro-RO\",\"@id\":\"https:\\\/\\\/egytourpackages.com\\\/ro\\\/tours\\\/oaza-bahariya-si-desertul-alb-2-zile-din-cairo\\\/#primaryimage\",\"url\":\"https:\\\/\\\/egytourpackages.com\\\/wp-content\\\/uploads\\\/2023\\\/08\\\/White-desert-and-Bahariya-Oasis.jpg\",\"contentUrl\":\"https:\\\/\\\/egytourpackages.com\\\/wp-content\\\/uploads\\\/2023\\\/08\\\/White-desert-and-Bahariya-Oasis.jpg\",\"width\":2000,\"height\":1333,\"caption\":\"De\u0219ertul alb \u0219i Oaza Bahariya\"},{\"@type\":\"BreadcrumbList\",\"@id\":\"https:\\\/\\\/egytourpackages.com\\\/ro\\\/tours\\\/oaza-bahariya-si-desertul-alb-2-zile-din-cairo\\\/#breadcrumb\",\"itemListElement\":[{\"@type\":\"ListItem\",\"position\":1,\"name\":\"Home\",\"item\":\"https:\\\/\\\/egytourpackages.com\\\/ro\\\/\"},{\"@type\":\"ListItem\",\"position\":2,\"name\":\"Shop\",\"item\":\"https:\\\/\\\/egytourpackages.com\\\/shop\\\/\"},{\"@type\":\"ListItem\",\"position\":3,\"name\":\"Oaz\u0103 Bahariya \u0219i De\u0219ertul Alb 2 Zile din Cairo\"}]},{\"@type\":\"WebSite\",\"@id\":\"https:\\\/\\\/egytourpackages.com\\\/ro\\\/#website\",\"url\":\"https:\\\/\\\/egytourpackages.com\\\/ro\\\/\",\"name\":\"Egy tour packages\",\"description\":\"\",\"publisher\":{\"@id\":\"https:\\\/\\\/egytourpackages.com\\\/ro\\\/#organization\"},\"potentialAction\":[{\"@type\":\"SearchAction\",\"target\":{\"@type\":\"EntryPoint\",\"urlTemplate\":\"https:\\\/\\\/egytourpackages.com\\\/ro\\\/?s={search_term_string}\"},\"query-input\":{\"@type\":\"PropertyValueSpecification\",\"valueRequired\":true,\"valueName\":\"search_term_string\"}}],\"inLanguage\":\"ro-RO\"},{\"@type\":[\"Organization\",\"Place\",\"TravelAgency\"],\"@id\":\"https:\\\/\\\/egytourpackages.com\\\/ro\\\/#organization\",\"name\":\"egypt tour packages\",\"alternateName\":\"egypt tour packages\",\"url\":\"https:\\\/\\\/egytourpackages.com\\\/ro\\\/\",\"logo\":{\"@id\":\"https:\\\/\\\/egytourpackages.com\\\/ro\\\/tours\\\/oaza-bahariya-si-desertul-alb-2-zile-din-cairo\\\/#local-main-organization-logo\"},\"image\":{\"@id\":\"https:\\\/\\\/egytourpackages.com\\\/ro\\\/tours\\\/oaza-bahariya-si-desertul-alb-2-zile-din-cairo\\\/#local-main-organization-logo\"},\"sameAs\":[\"https:\\\/\\\/www.facebook.com\\\/egytourpackages\"],\"legalName\":\"Egy tour packages\",\"address\":{\"@id\":\"https:\\\/\\\/egytourpackages.com\\\/ro\\\/tours\\\/oaza-bahariya-si-desertul-alb-2-zile-din-cairo\\\/#local-main-place-address\"},\"telephone\":[\"00201000852186\",\"00201028685533\"],\"contactPoint\":{\"@type\":\"ContactPoint\",\"telephone\":\"00201000852186\"},\"openingHoursSpecification\":[{\"@type\":\"OpeningHoursSpecification\",\"dayOfWeek\":[\"Monday\",\"Tuesday\",\"Wednesday\",\"Thursday\",\"Friday\",\"Saturday\",\"Sunday\"],\"opens\":\"00:00\",\"closes\":\"23:59\"}],\"email\":\"info@egytourpackages.com\",\"areaServed\":\"Cairo, Hurghada, Luxor, Sharm El Sheikh, Marsa Alam, Aswan\",\"priceRange\":\"$\",\"currenciesAccepted\":\"euro\",\"paymentAccepted\":\"Payment links online\"},{\"@type\":\"PostalAddress\",\"@id\":\"https:\\\/\\\/egytourpackages.com\\\/ro\\\/tours\\\/oaza-bahariya-si-desertul-alb-2-zile-din-cairo\\\/#local-main-place-address\",\"streetAddress\":\"Mubarak 8, Al Kawthar District, Hurghada\",\"addressLocality\":\"Hurghada\",\"postalCode\":\"84511\",\"addressRegion\":\"Red Sea\",\"addressCountry\":\"EG\"},{\"@type\":\"ImageObject\",\"inLanguage\":\"ro-RO\",\"@id\":\"https:\\\/\\\/egytourpackages.com\\\/ro\\\/tours\\\/oaza-bahariya-si-desertul-alb-2-zile-din-cairo\\\/#local-main-organization-logo\",\"url\":\"https:\\\/\\\/egytourpackages.com\\\/wp-content\\\/uploads\\\/2025\\\/12\\\/Turquoise-Dahabiya-Nile-Cruise-1.jpeg\",\"contentUrl\":\"https:\\\/\\\/egytourpackages.com\\\/wp-content\\\/uploads\\\/2025\\\/12\\\/Turquoise-Dahabiya-Nile-Cruise-1.jpeg\",\"width\":1040,\"height\":694,\"caption\":\"egypt tour packages\"}]}<\/script>\n<meta property=\"product:brand\" content=\"Excursii Cairo\" \/>\n<meta property=\"product:price:amount\" content=\"150\" \/>\n<meta property=\"product:price:currency\" content=\"EUR\" \/>\n<meta property=\"og:availability\" content=\"instock\" \/>\n<meta property=\"product:availability\" content=\"instock\" \/>\n<meta property=\"product:retailer_item_id\" content=\"CDT01\" \/>\n<meta property=\"product:condition\" content=\"new\" \/>\n<meta name=\"geo.placename\" content=\"Hurghada\" \/>\n<meta name=\"geo.region\" content=\"Egipt\" \/>\n<!-- \/ Yoast SEO Premium plugin. -->","yoast_head_json":{"title":"Oaz\u0103 Bahariya \u0219i De\u0219ertul Alb 2 Zile din Cairo","description":"Oaz\u0103 Bahariya \u0219i De\u0219ertul Alb 2 Zile din Cairo. Descoperi\u021bi De\u0219ertul Negru, Muntele de Cristal \u0219i face\u021bi sandboarding \u00een aventura vie\u021bii!","robots":{"index":"index","follow":"follow","max-snippet":"max-snippet:-1","max-image-preview":"max-image-preview:large","max-video-preview":"max-video-preview:-1"},"canonical":"https:\/\/egytourpackages.com\/ro\/tours\/oaza-bahariya-si-desertul-alb-2-zile-din-cairo\/","og_locale":"ro_RO","og_type":"article","og_title":"Oaz\u0103 Bahariya \u0219i De\u0219ertul Alb 2 Zile din Cairo","og_description":"Oaz\u0103 Bahariya \u0219i De\u0219ertul Alb 2 Zile din Cairo. Descoperi\u021bi De\u0219ertul Negru, Muntele de Cristal \u0219i face\u021bi sandboarding \u00een aventura vie\u021bii!","og_url":"https:\/\/egytourpackages.com\/ro\/tours\/oaza-bahariya-si-desertul-alb-2-zile-din-cairo\/","og_site_name":"Egypt Tour Packages","article_publisher":"https:\/\/www.facebook.com\/egytourpackages","article_modified_time":"2026-01-27T00:58:25+00:00","og_image":[{"url":"https:\/\/egytourpackages.com\/wp-content\/uploads\/2023\/08\/White-desert-and-Bahariya-Oasis-1024x682.jpg","type":"","width":"","height":""}],"twitter_card":"summary_large_image","twitter_title":"Oaz\u0103 Bahariya \u0219i De\u0219ertul Alb 2 Zile din Cairo","twitter_description":"Oaz\u0103 Bahariya \u0219i De\u0219ertul Alb 2 Zile din Cairo. Descoperi\u021bi De\u0219ertul Negru, Muntele de Cristal \u0219i face\u021bi sandboarding \u00een aventura vie\u021bii!","twitter_image":"https:\/\/egytourpackages.com\/wp-content\/uploads\/2023\/08\/White-desert-and-Bahariya-Oasis-1024x682.jpg","twitter_misc":{"Pre\u021b":"&euro;150","Disponibilitate":"\u00cen stoc"},"schema":{"@context":"https:\/\/schema.org","@graph":[{"@type":"WebPage","@id":"https:\/\/egytourpackages.com\/ro\/tours\/oaza-bahariya-si-desertul-alb-2-zile-din-cairo\/","url":"https:\/\/egytourpackages.com\/ro\/tours\/oaza-bahariya-si-desertul-alb-2-zile-din-cairo\/","name":"Oaz\u0103 Bahariya \u0219i De\u0219ertul Alb 2 Zile din Cairo","isPartOf":{"@id":"https:\/\/egytourpackages.com\/ro\/#website"},"primaryImageOfPage":{"@id":"https:\/\/egytourpackages.com\/ro\/tours\/oaza-bahariya-si-desertul-alb-2-zile-din-cairo\/#primaryimage"},"image":{"@id":"https:\/\/egytourpackages.com\/ro\/tours\/oaza-bahariya-si-desertul-alb-2-zile-din-cairo\/#primaryimage"},"thumbnailUrl":"https:\/\/egytourpackages.com\/wp-content\/uploads\/2023\/08\/White-desert-and-Bahariya-Oasis.jpg","datePublished":"2023-08-16T05:08:35+00:00","dateModified":"2026-01-27T00:58:25+00:00","description":"Oaz\u0103 Bahariya \u0219i De\u0219ertul Alb 2 Zile din Cairo. Descoperi\u021bi De\u0219ertul Negru, Muntele de Cristal \u0219i face\u021bi sandboarding \u00een aventura vie\u021bii!","breadcrumb":{"@id":"https:\/\/egytourpackages.com\/ro\/tours\/oaza-bahariya-si-desertul-alb-2-zile-din-cairo\/#breadcrumb"},"inLanguage":"ro-RO","potentialAction":[{"@type":"ReadAction","target":["https:\/\/egytourpackages.com\/ro\/tours\/oaza-bahariya-si-desertul-alb-2-zile-din-cairo\/"]}]},{"@type":"ImageObject","inLanguage":"ro-RO","@id":"https:\/\/egytourpackages.com\/ro\/tours\/oaza-bahariya-si-desertul-alb-2-zile-din-cairo\/#primaryimage","url":"https:\/\/egytourpackages.com\/wp-content\/uploads\/2023\/08\/White-desert-and-Bahariya-Oasis.jpg","contentUrl":"https:\/\/egytourpackages.com\/wp-content\/uploads\/2023\/08\/White-desert-and-Bahariya-Oasis.jpg","width":2000,"height":1333,"caption":"De\u0219ertul alb \u0219i Oaza Bahariya"},{"@type":"BreadcrumbList","@id":"https:\/\/egytourpackages.com\/ro\/tours\/oaza-bahariya-si-desertul-alb-2-zile-din-cairo\/#breadcrumb","itemListElement":[{"@type":"ListItem","position":1,"name":"Home","item":"https:\/\/egytourpackages.com\/ro\/"},{"@type":"ListItem","position":2,"name":"Shop","item":"https:\/\/egytourpackages.com\/shop\/"},{"@type":"ListItem","position":3,"name":"Oaz\u0103 Bahariya \u0219i De\u0219ertul Alb 2 Zile din Cairo"}]},{"@type":"WebSite","@id":"https:\/\/egytourpackages.com\/ro\/#website","url":"https:\/\/egytourpackages.com\/ro\/","name":"Egy tour packages","description":"","publisher":{"@id":"https:\/\/egytourpackages.com\/ro\/#organization"},"potentialAction":[{"@type":"SearchAction","target":{"@type":"EntryPoint","urlTemplate":"https:\/\/egytourpackages.com\/ro\/?s={search_term_string}"},"query-input":{"@type":"PropertyValueSpecification","valueRequired":true,"valueName":"search_term_string"}}],"inLanguage":"ro-RO"},{"@type":["Organization","Place","TravelAgency"],"@id":"https:\/\/egytourpackages.com\/ro\/#organization","name":"egypt tour packages","alternateName":"egypt tour packages","url":"https:\/\/egytourpackages.com\/ro\/","logo":{"@id":"https:\/\/egytourpackages.com\/ro\/tours\/oaza-bahariya-si-desertul-alb-2-zile-din-cairo\/#local-main-organization-logo"},"image":{"@id":"https:\/\/egytourpackages.com\/ro\/tours\/oaza-bahariya-si-desertul-alb-2-zile-din-cairo\/#local-main-organization-logo"},"sameAs":["https:\/\/www.facebook.com\/egytourpackages"],"legalName":"Egy tour packages","address":{"@id":"https:\/\/egytourpackages.com\/ro\/tours\/oaza-bahariya-si-desertul-alb-2-zile-din-cairo\/#local-main-place-address"},"telephone":["00201000852186","00201028685533"],"contactPoint":{"@type":"ContactPoint","telephone":"00201000852186"},"openingHoursSpecification":[{"@type":"OpeningHoursSpecification","dayOfWeek":["Monday","Tuesday","Wednesday","Thursday","Friday","Saturday","Sunday"],"opens":"00:00","closes":"23:59"}],"email":"info@egytourpackages.com","areaServed":"Cairo, Hurghada, Luxor, Sharm El Sheikh, Marsa Alam, Aswan","priceRange":"$","currenciesAccepted":"euro","paymentAccepted":"Payment links online"},{"@type":"PostalAddress","@id":"https:\/\/egytourpackages.com\/ro\/tours\/oaza-bahariya-si-desertul-alb-2-zile-din-cairo\/#local-main-place-address","streetAddress":"Mubarak 8, Al Kawthar District, Hurghada","addressLocality":"Hurghada","postalCode":"84511","addressRegion":"Red Sea","addressCountry":"EG"},{"@type":"ImageObject","inLanguage":"ro-RO","@id":"https:\/\/egytourpackages.com\/ro\/tours\/oaza-bahariya-si-desertul-alb-2-zile-din-cairo\/#local-main-organization-logo","url":"https:\/\/egytourpackages.com\/wp-content\/uploads\/2025\/12\/Turquoise-Dahabiya-Nile-Cruise-1.jpeg","contentUrl":"https:\/\/egytourpackages.com\/wp-content\/uploads\/2025\/12\/Turquoise-Dahabiya-Nile-Cruise-1.jpeg","width":1040,"height":694,"caption":"egypt tour packages"}]},"product_brand":"Excursii Cairo","product_price_amount":"150","product_price_currency":"EUR","og_availability":"instock","product_availability":"instock","product_retailer_item_id":"CDT01","product_condition":"new","geo.placename":"Hurghada","geo.region":"Egipt"},"_links":{"self":[{"href":"https:\/\/egytourpackages.com\/ro\/wp-json\/wp\/v2\/product\/10047","targetHints":{"allow":["GET"]}}],"collection":[{"href":"https:\/\/egytourpackages.com\/ro\/wp-json\/wp\/v2\/product"}],"about":[{"href":"https:\/\/egytourpackages.com\/ro\/wp-json\/wp\/v2\/types\/product"}],"replies":[{"embeddable":true,"href":"https:\/\/egytourpackages.com\/ro\/wp-json\/wp\/v2\/comments?post=10047"}],"wp:featuredmedia":[{"embeddable":true,"href":"https:\/\/egytourpackages.com\/ro\/wp-json\/wp\/v2\/media\/10048"}],"wp:attachment":[{"href":"https:\/\/egytourpackages.com\/ro\/wp-json\/wp\/v2\/media?parent=10047"}],"wp:term":[{"taxonomy":"product_brand","embeddable":true,"href":"https:\/\/egytourpackages.com\/ro\/wp-json\/wp\/v2\/product_brand?post=10047"},{"taxonomy":"product_cat","embeddable":true,"href":"https:\/\/egytourpackages.com\/ro\/wp-json\/wp\/v2\/product_cat?post=10047"},{"taxonomy":"product_tag","embeddable":true,"href":"https:\/\/egytourpackages.com\/ro\/wp-json\/wp\/v2\/product_tag?post=10047"}],"curies":[{"name":"wp","href":"https:\/\/api.w.org\/{rel}","templated":true}]}}