{"id":10049,"date":"2023-08-22T10:53:55","date_gmt":"2023-08-22T10:53:55","guid":{"rendered":"https:\/\/egytourpackages.com\/product\/excursie-de-snorkeling-in-makadi-bay\/"},"modified":"2026-01-28T20:53:49","modified_gmt":"2026-01-28T20:53:49","slug":"excursie-de-snorkeling-in-makadi-bay","status":"publish","type":"product","link":"https:\/\/egytourpackages.com\/ro\/tours\/excursie-de-snorkeling-in-makadi-bay\/","title":{"rendered":"Excursie de Snorkeling \u00een Makadi Bay"},"content":{"rendered":"<p><span style=\"color: #ff6600;\"><strong>Excursie de Snorkeling \u00een Makadi Bay \u2013 Tur cu Barca pe Marea Ro\u0219ie<\/strong><\/span><\/p>\n<p><strong>Rezerva\u021bi<\/strong> acum o <strong>excursie de snorkeling<\/strong> de neuitat \u00een <strong>Golful Makadi<\/strong> (<strong>Makadi Bay<\/strong>), o <strong>aventur\u0103 de o zi \u00eentreag\u0103<\/strong> perfect\u0103 pentru a explora via\u021ba marin\u0103 vibrant\u0103 a <strong>M\u0103rii Ro\u0219ii<\/strong>.<\/p>\n<p>Aceast\u0103 popular\u0103 <strong>excursie cu barca din Makadi Bay<\/strong> ofer\u0103 o valoare excep\u021bional\u0103, combin\u00e2nd explorarea subacvatic\u0103 uimitoare cu confortul la bord.<\/p>\n<p>C\u0103l\u0103toria dumneavoastr\u0103 include <strong>dou\u0103 opriri de snorkeling<\/strong> \u00een loca\u021bii distincte, spectaculoase, adesea situri renumite precum Insula Giftun, Orange Bay, sau <strong>recifurile de corali<\/strong> imaculate din apropierea Golfului Makadi, unde ve\u021bi descoperi <strong>pe\u0219ti colora\u021bi<\/strong> \u0219i diverse <strong>forma\u021biuni de corali<\/strong>.<\/p>\n<p>Pentru a v\u0103 alimenta escapadele acvatice, un <strong>pr\u00e2nz<\/strong> delicios, <strong>proasp\u0103t g\u0103tit<\/strong>, este servit la bord, permi\u021b\u00e2ndu-v\u0103 s\u0103 savura\u021bi o mas\u0103 \u00een mijlocul priveli\u0219tilor uimitoare ale <strong>M\u0103rii Ro\u0219ii<\/strong>. Pe tot parcursul zilei, r\u0103m\u00e2ne\u021bi revigora\u021bi cu o varietate de <strong>b\u0103uturi calde \u0219i r\u0103coritoare<\/strong> la bord, asigur\u00e2nd confort maxim sub soarele egiptean.<\/p>\n<p>Pentru o doz\u0103 suplimentar\u0103 de adrenalin\u0103 \u0219i distrac\u021bie, acest <strong>tur Makadi Bay<\/strong> include de obicei <strong>sporturi nautice<\/strong> incitante, cum ar fi plimb\u0103ri pline de senza\u021bii tari cu <strong>Banana boat<\/strong> \u0219i <strong>Sofa boat<\/strong>, oferind momente de neuitat pentru <strong>familii<\/strong> \u0219i <strong>prieteni<\/strong> deopotriv\u0103.<\/p>\n<p>Experimenta\u021bi tot ce este mai bun din <strong>excursiile Makadi Bay<\/strong> cu acest pachet complet de <strong>snorkeling<\/strong> \u0219i agrement, care promite o zi de descoperire \u0219i entuziasm \u00een <strong>apele cristaline<\/strong> ale <strong>M\u0103rii Ro\u0219ii<\/strong>.<\/p>\n<h3><span style=\"color: #ff6600;\">Atrac\u021bii Principale ale Turului<\/span><\/h3>\n<ul>\n<li>Dou\u0103 opriri de snorkeling \u00een dou\u0103 locuri diferite<\/li>\n<li>Pr\u00e2nz proasp\u0103t g\u0103tit la bord<\/li>\n<li>B\u0103uturi calde \u0219i r\u0103coritoare la bord<\/li>\n<li>Sporturi nautice, cum ar fi Banana boat \u0219i Sofa boat<\/li>\n<\/ul>\n<h3><span style=\"color: #ff6600;\">Detalii Tur<\/span><\/h3>\n<ul>\n<li>Durata: 8 ore<\/li>\n<li>Loca\u021bia Turului: Marea Ro\u0219ie<\/li>\n<li>Disponibilitate: Zilnic<\/li>\n<li>Tip Tur: Grup<\/li>\n<li>Preluare &amp; Predare: Hotelul dumneavoastr\u0103 din Makadi Bay<\/li>\n<li>Scaun cu Rotile: Accesibil<\/li>\n<\/ul>\n<h3><span style=\"color: #ff6600;\">Servicii Incluse<\/span><\/h3>\n<ul>\n<li>Transfer dus-\u00eentors de la hotelul dumneavoastr\u0103 din Makadi Bay<\/li>\n<li>Echipament de snorkeling, cum ar fi vest\u0103 de salvare, masc\u0103, labe de \u00eenot<\/li>\n<li>Ghid de snorkeling<\/li>\n<li>Pr\u00e2nz proasp\u0103t g\u0103tit la bord<\/li>\n<li>Ap\u0103 mineral\u0103, b\u0103uturi calde \u0219i reci pe tot parcursul zilei<\/li>\n<\/ul>\n<h3><span style=\"color: #ff6600;\">Servicii Neincluse<\/span><\/h3>\n<ul>\n<li>DVD \u0219i fotografii realizate de Cameraman<\/li>\n<li>Bac\u0219i\u0219uri (Tipping)<\/li>\n<li>Scufund\u0103ri (Diving)<\/li>\n<\/ul>\n<h3><span style=\"color: #ff6600;\">Ce s\u0103 Lua\u021bi cu Voi<\/span><\/h3>\n<ul>\n<li>Prosopul propriu de la hotel<\/li>\n<li>P\u0103l\u0103rie sau E\u0219arf\u0103<\/li>\n<li>Crem\u0103 de soare<\/li>\n<li>Ochelari de soare<\/li>\n<li>Pantofi comozi<\/li>\n<li>Costum de baie<\/li>\n<li>Bani lichizi pentru cheltuielile personale<\/li>\n<\/ul>\n<h3><span style=\"color: #ff6600;\">Pre\u021b Excursie cu Barca de Snorkeling din Makadi Bay<\/span><\/h3>\n<ul>\n<li>Pre\u021b Adult = 35 \u20ac<\/li>\n<li>Copii 0-5 ani = gratuit<\/li>\n<li>Copii 5 -11 ani = 50% din pre\u021bul pentru adult<\/li>\n<\/ul>\n<h3><span style=\"color: #ff6600;\">Rezervare<\/span><\/h3>\n<p>Pute\u021bi rezerva turul dumneavoastr\u0103 prin WhatsApp sau s\u0103 ne trimite\u021bi un E-mail \u0219i ve\u021bi primi confirmarea pe loc.<\/p>\n<p>V\u0103 rug\u0103m s\u0103 ne trimite\u021bi numele hotelului, num\u0103rul camerei, copiile pa\u0219apoartelor.<\/p>\n<ul>\n<li>WhatsApp: +201000852186<\/li>\n<li>info@egytourpackages.com<\/li>\n<\/ul>\n<h3><span style=\"color: #ff6600;\">Rezerva\u021bi Acum &amp; Pl\u0103ti\u021bi la fa\u021ba locului <\/span><\/h3>\n<p>Rezerva\u021bi turul dumneavoastr\u0103 preferat \u0219i pl\u0103ti\u021bi \u00een ziua excursiei.<\/p>\n<h3><span style=\"color: #ff6600;\">Plat\u0103<\/span><\/h3>\n<p>Pute\u021bi pl\u0103ti \u00een Lira Egiptean\u0103, $, \u20ac\u200e sau \u00a3.<\/p>\n<h3><span style=\"color: #ff6600;\">Politica de Anulare<\/span><\/h3>\n<ul>\n<li>Anularea este gratuit\u0103 cu p\u00e2n\u0103 la 24 de ore \u00een avans<\/li>\n<li>Anularea \u00een diminea\u021ba zilei respective \u00eenseamn\u0103 50% din pre\u021b<\/li>\n<\/ul>\n","protected":false},"excerpt":{"rendered":"<p>Excursie de Snorkeling \u00een Makadi Bay. Tur cu barca pe Marea Ro\u0219ie cu 2 opriri de snorkeling, pr\u00e2nz \u0219i sporturi nautice incluse! Rezerv\u0103 acum.<\/p>\n","protected":false},"featured_media":10050,"comment_status":"open","ping_status":"closed","template":"","meta":[],"product_brand":[],"product_cat":[3120],"product_tag":[3330],"class_list":{"0":"post-10049","1":"product","2":"type-product","3":"status-publish","4":"has-post-thumbnail","6":"product_cat-tururi","7":"product_tag-excursie-cu-barca-pentru-snorkeling","8":"tour_category-excursie-de-snorkeling-in-hurghada","9":"tour_category-excursii-de-o-zi-in-egipt-ro","10":"tour_category-excursii-makadi-bay-ro","12":"first","13":"instock","14":"sale","15":"shipping-taxable","16":"purchasable","17":"product-type-tour","18":"has-default-attributes"},"yoast_head":"<!-- This site is optimized with the Yoast SEO Premium plugin v27.4 (Yoast SEO v27.4) - https:\/\/yoast.com\/product\/yoast-seo-premium-wordpress\/ -->\n<title>Excursie de Snorkeling \u00een Makadi Bay: Egy tour packages<\/title>\n<meta name=\"description\" content=\"Excursie de Snorkeling \u00een Makadi Bay. Tur cu barca pe Marea Ro\u0219ie cu 2 opriri de snorkeling, pr\u00e2nz \u0219i sporturi nautice incluse! Rezerv\u0103 acum.\" \/>\n<meta name=\"robots\" content=\"index, follow, max-snippet:-1, max-image-preview:large, max-video-preview:-1\" \/>\n<link rel=\"canonical\" href=\"https:\/\/egytourpackages.com\/ro\/tours\/excursie-de-snorkeling-in-makadi-bay\/\" \/>\n<meta property=\"og:locale\" content=\"ro_RO\" \/>\n<meta property=\"og:type\" content=\"article\" \/>\n<meta property=\"og:title\" content=\"Excursie de Snorkeling \u00een Makadi Bay\" \/>\n<meta property=\"og:description\" content=\"Excursie de Snorkeling \u00een Makadi Bay. Tur cu barca pe Marea Ro\u0219ie cu 2 opriri de snorkeling, pr\u00e2nz \u0219i sporturi nautice incluse! Rezerv\u0103 acum.\" \/>\n<meta property=\"og:url\" content=\"https:\/\/egytourpackages.com\/ro\/tours\/excursie-de-snorkeling-in-makadi-bay\/\" \/>\n<meta property=\"og:site_name\" content=\"Egypt Tour Packages\" \/>\n<meta property=\"article:publisher\" content=\"https:\/\/www.facebook.com\/egytourpackages\" \/>\n<meta property=\"article:modified_time\" content=\"2026-01-28T20:53:49+00:00\" \/>\n<meta property=\"og:image\" content=\"https:\/\/egytourpackages.com\/wp-content\/uploads\/2023\/08\/Makadi-Bay-best-Snorkeling-Trip-1024x682.jpg\" \/>\n<meta name=\"twitter:card\" content=\"summary_large_image\" \/>\n<meta name=\"twitter:title\" content=\"Excursie de Snorkeling \u00een Makadi Bay\" \/>\n<meta name=\"twitter:description\" content=\"Excursie de Snorkeling \u00een Makadi Bay. Tur cu barca pe Marea Ro\u0219ie cu 2 opriri de snorkeling, pr\u00e2nz \u0219i sporturi nautice incluse! Rezerv\u0103 acum.\" \/>\n<meta name=\"twitter:image\" content=\"https:\/\/egytourpackages.com\/wp-content\/uploads\/2023\/08\/Makadi-Bay-best-Snorkeling-Trip-1024x682.jpg\" \/>\n<meta name=\"twitter:label1\" content=\"Pre\u021b\" \/>\n\t<meta name=\"twitter:data1\" content=\"&euro;30\" \/>\n\t<meta name=\"twitter:label2\" content=\"Disponibilitate\" \/>\n\t<meta name=\"twitter:data2\" content=\"\u00cen stoc\" \/>\n<script type=\"application\/ld+json\" class=\"yoast-schema-graph\">{\"@context\":\"https:\\\/\\\/schema.org\",\"@graph\":[{\"@type\":\"WebPage\",\"@id\":\"https:\\\/\\\/egytourpackages.com\\\/ro\\\/tours\\\/excursie-de-snorkeling-in-makadi-bay\\\/\",\"url\":\"https:\\\/\\\/egytourpackages.com\\\/ro\\\/tours\\\/excursie-de-snorkeling-in-makadi-bay\\\/\",\"name\":\"Excursie de Snorkeling \u00een Makadi Bay: Egy tour packages\",\"isPartOf\":{\"@id\":\"https:\\\/\\\/egytourpackages.com\\\/ro\\\/#website\"},\"primaryImageOfPage\":{\"@id\":\"https:\\\/\\\/egytourpackages.com\\\/ro\\\/tours\\\/excursie-de-snorkeling-in-makadi-bay\\\/#primaryimage\"},\"image\":{\"@id\":\"https:\\\/\\\/egytourpackages.com\\\/ro\\\/tours\\\/excursie-de-snorkeling-in-makadi-bay\\\/#primaryimage\"},\"thumbnailUrl\":\"https:\\\/\\\/egytourpackages.com\\\/wp-content\\\/uploads\\\/2023\\\/08\\\/Makadi-Bay-best-Snorkeling-Trip.jpg\",\"datePublished\":\"2023-08-22T10:53:55+00:00\",\"dateModified\":\"2026-01-28T20:53:49+00:00\",\"description\":\"Excursie de Snorkeling \u00een Makadi Bay. Tur cu barca pe Marea Ro\u0219ie cu 2 opriri de snorkeling, pr\u00e2nz \u0219i sporturi nautice incluse! Rezerv\u0103 acum.\",\"breadcrumb\":{\"@id\":\"https:\\\/\\\/egytourpackages.com\\\/ro\\\/tours\\\/excursie-de-snorkeling-in-makadi-bay\\\/#breadcrumb\"},\"inLanguage\":\"ro-RO\",\"potentialAction\":[{\"@type\":\"ReadAction\",\"target\":[\"https:\\\/\\\/egytourpackages.com\\\/ro\\\/tours\\\/excursie-de-snorkeling-in-makadi-bay\\\/\"]}]},{\"@type\":\"ImageObject\",\"inLanguage\":\"ro-RO\",\"@id\":\"https:\\\/\\\/egytourpackages.com\\\/ro\\\/tours\\\/excursie-de-snorkeling-in-makadi-bay\\\/#primaryimage\",\"url\":\"https:\\\/\\\/egytourpackages.com\\\/wp-content\\\/uploads\\\/2023\\\/08\\\/Makadi-Bay-best-Snorkeling-Trip.jpg\",\"contentUrl\":\"https:\\\/\\\/egytourpackages.com\\\/wp-content\\\/uploads\\\/2023\\\/08\\\/Makadi-Bay-best-Snorkeling-Trip.jpg\",\"width\":2000,\"height\":1333,\"caption\":\"Excursie de Snorkeling \u00een Makadi Bay\"},{\"@type\":\"BreadcrumbList\",\"@id\":\"https:\\\/\\\/egytourpackages.com\\\/ro\\\/tours\\\/excursie-de-snorkeling-in-makadi-bay\\\/#breadcrumb\",\"itemListElement\":[{\"@type\":\"ListItem\",\"position\":1,\"name\":\"Home\",\"item\":\"https:\\\/\\\/egytourpackages.com\\\/ro\\\/\"},{\"@type\":\"ListItem\",\"position\":2,\"name\":\"Shop\",\"item\":\"https:\\\/\\\/egytourpackages.com\\\/shop\\\/\"},{\"@type\":\"ListItem\",\"position\":3,\"name\":\"Excursie de Snorkeling \u00een Makadi Bay\"}]},{\"@type\":\"WebSite\",\"@id\":\"https:\\\/\\\/egytourpackages.com\\\/ro\\\/#website\",\"url\":\"https:\\\/\\\/egytourpackages.com\\\/ro\\\/\",\"name\":\"Egy tour packages\",\"description\":\"\",\"publisher\":{\"@id\":\"https:\\\/\\\/egytourpackages.com\\\/ro\\\/#organization\"},\"potentialAction\":[{\"@type\":\"SearchAction\",\"target\":{\"@type\":\"EntryPoint\",\"urlTemplate\":\"https:\\\/\\\/egytourpackages.com\\\/ro\\\/?s={search_term_string}\"},\"query-input\":{\"@type\":\"PropertyValueSpecification\",\"valueRequired\":true,\"valueName\":\"search_term_string\"}}],\"inLanguage\":\"ro-RO\"},{\"@type\":[\"Organization\",\"Place\",\"TravelAgency\"],\"@id\":\"https:\\\/\\\/egytourpackages.com\\\/ro\\\/#organization\",\"name\":\"egypt tour packages\",\"alternateName\":\"egypt tour packages\",\"url\":\"https:\\\/\\\/egytourpackages.com\\\/ro\\\/\",\"logo\":{\"@id\":\"https:\\\/\\\/egytourpackages.com\\\/ro\\\/tours\\\/excursie-de-snorkeling-in-makadi-bay\\\/#local-main-organization-logo\"},\"image\":{\"@id\":\"https:\\\/\\\/egytourpackages.com\\\/ro\\\/tours\\\/excursie-de-snorkeling-in-makadi-bay\\\/#local-main-organization-logo\"},\"sameAs\":[\"https:\\\/\\\/www.facebook.com\\\/egytourpackages\"],\"legalName\":\"Egy tour packages\",\"address\":{\"@id\":\"https:\\\/\\\/egytourpackages.com\\\/ro\\\/tours\\\/excursie-de-snorkeling-in-makadi-bay\\\/#local-main-place-address\"},\"telephone\":[\"00201000852186\",\"00201028685533\"],\"contactPoint\":{\"@type\":\"ContactPoint\",\"telephone\":\"00201000852186\"},\"openingHoursSpecification\":[{\"@type\":\"OpeningHoursSpecification\",\"dayOfWeek\":[\"Monday\",\"Tuesday\",\"Wednesday\",\"Thursday\",\"Friday\",\"Saturday\",\"Sunday\"],\"opens\":\"00:00\",\"closes\":\"23:59\"}],\"email\":\"info@egytourpackages.com\",\"areaServed\":\"Cairo, Hurghada, Luxor, Sharm El Sheikh, Marsa Alam, Aswan\",\"priceRange\":\"$\",\"currenciesAccepted\":\"euro\",\"paymentAccepted\":\"Payment links online\"},{\"@type\":\"PostalAddress\",\"@id\":\"https:\\\/\\\/egytourpackages.com\\\/ro\\\/tours\\\/excursie-de-snorkeling-in-makadi-bay\\\/#local-main-place-address\",\"streetAddress\":\"Mubarak 8, Al Kawthar District, Hurghada\",\"addressLocality\":\"Hurghada\",\"postalCode\":\"84511\",\"addressRegion\":\"Red Sea\",\"addressCountry\":\"EG\"},{\"@type\":\"ImageObject\",\"inLanguage\":\"ro-RO\",\"@id\":\"https:\\\/\\\/egytourpackages.com\\\/ro\\\/tours\\\/excursie-de-snorkeling-in-makadi-bay\\\/#local-main-organization-logo\",\"url\":\"https:\\\/\\\/egytourpackages.com\\\/wp-content\\\/uploads\\\/2025\\\/12\\\/Turquoise-Dahabiya-Nile-Cruise-1.jpeg\",\"contentUrl\":\"https:\\\/\\\/egytourpackages.com\\\/wp-content\\\/uploads\\\/2025\\\/12\\\/Turquoise-Dahabiya-Nile-Cruise-1.jpeg\",\"width\":1040,\"height\":694,\"caption\":\"egypt tour packages\"}]}<\/script>\n<meta property=\"product:brand\" content=\"Excursie de snorkeling \u00een Hurghada\" \/>\n<meta property=\"product:price:amount\" content=\"30\" \/>\n<meta property=\"product:price:currency\" content=\"EUR\" \/>\n<meta property=\"og:availability\" content=\"instock\" \/>\n<meta property=\"product:availability\" content=\"instock\" \/>\n<meta property=\"product:retailer_item_id\" content=\"MBE05\" \/>\n<meta property=\"product:condition\" content=\"new\" \/>\n<meta name=\"geo.placename\" content=\"Hurghada\" \/>\n<meta name=\"geo.region\" content=\"Egipt\" \/>\n<!-- \/ Yoast SEO Premium plugin. -->","yoast_head_json":{"title":"Excursie de Snorkeling \u00een Makadi Bay: Egy tour packages","description":"Excursie de Snorkeling \u00een Makadi Bay. Tur cu barca pe Marea Ro\u0219ie cu 2 opriri de snorkeling, pr\u00e2nz \u0219i sporturi nautice incluse! Rezerv\u0103 acum.","robots":{"index":"index","follow":"follow","max-snippet":"max-snippet:-1","max-image-preview":"max-image-preview:large","max-video-preview":"max-video-preview:-1"},"canonical":"https:\/\/egytourpackages.com\/ro\/tours\/excursie-de-snorkeling-in-makadi-bay\/","og_locale":"ro_RO","og_type":"article","og_title":"Excursie de Snorkeling \u00een Makadi Bay","og_description":"Excursie de Snorkeling \u00een Makadi Bay. Tur cu barca pe Marea Ro\u0219ie cu 2 opriri de snorkeling, pr\u00e2nz \u0219i sporturi nautice incluse! Rezerv\u0103 acum.","og_url":"https:\/\/egytourpackages.com\/ro\/tours\/excursie-de-snorkeling-in-makadi-bay\/","og_site_name":"Egypt Tour Packages","article_publisher":"https:\/\/www.facebook.com\/egytourpackages","article_modified_time":"2026-01-28T20:53:49+00:00","og_image":[{"url":"https:\/\/egytourpackages.com\/wp-content\/uploads\/2023\/08\/Makadi-Bay-best-Snorkeling-Trip-1024x682.jpg","type":"","width":"","height":""}],"twitter_card":"summary_large_image","twitter_title":"Excursie de Snorkeling \u00een Makadi Bay","twitter_description":"Excursie de Snorkeling \u00een Makadi Bay. Tur cu barca pe Marea Ro\u0219ie cu 2 opriri de snorkeling, pr\u00e2nz \u0219i sporturi nautice incluse! Rezerv\u0103 acum.","twitter_image":"https:\/\/egytourpackages.com\/wp-content\/uploads\/2023\/08\/Makadi-Bay-best-Snorkeling-Trip-1024x682.jpg","twitter_misc":{"Pre\u021b":"&euro;30","Disponibilitate":"\u00cen stoc"},"schema":{"@context":"https:\/\/schema.org","@graph":[{"@type":"WebPage","@id":"https:\/\/egytourpackages.com\/ro\/tours\/excursie-de-snorkeling-in-makadi-bay\/","url":"https:\/\/egytourpackages.com\/ro\/tours\/excursie-de-snorkeling-in-makadi-bay\/","name":"Excursie de Snorkeling \u00een Makadi Bay: Egy tour packages","isPartOf":{"@id":"https:\/\/egytourpackages.com\/ro\/#website"},"primaryImageOfPage":{"@id":"https:\/\/egytourpackages.com\/ro\/tours\/excursie-de-snorkeling-in-makadi-bay\/#primaryimage"},"image":{"@id":"https:\/\/egytourpackages.com\/ro\/tours\/excursie-de-snorkeling-in-makadi-bay\/#primaryimage"},"thumbnailUrl":"https:\/\/egytourpackages.com\/wp-content\/uploads\/2023\/08\/Makadi-Bay-best-Snorkeling-Trip.jpg","datePublished":"2023-08-22T10:53:55+00:00","dateModified":"2026-01-28T20:53:49+00:00","description":"Excursie de Snorkeling \u00een Makadi Bay. Tur cu barca pe Marea Ro\u0219ie cu 2 opriri de snorkeling, pr\u00e2nz \u0219i sporturi nautice incluse! Rezerv\u0103 acum.","breadcrumb":{"@id":"https:\/\/egytourpackages.com\/ro\/tours\/excursie-de-snorkeling-in-makadi-bay\/#breadcrumb"},"inLanguage":"ro-RO","potentialAction":[{"@type":"ReadAction","target":["https:\/\/egytourpackages.com\/ro\/tours\/excursie-de-snorkeling-in-makadi-bay\/"]}]},{"@type":"ImageObject","inLanguage":"ro-RO","@id":"https:\/\/egytourpackages.com\/ro\/tours\/excursie-de-snorkeling-in-makadi-bay\/#primaryimage","url":"https:\/\/egytourpackages.com\/wp-content\/uploads\/2023\/08\/Makadi-Bay-best-Snorkeling-Trip.jpg","contentUrl":"https:\/\/egytourpackages.com\/wp-content\/uploads\/2023\/08\/Makadi-Bay-best-Snorkeling-Trip.jpg","width":2000,"height":1333,"caption":"Excursie de Snorkeling \u00een Makadi Bay"},{"@type":"BreadcrumbList","@id":"https:\/\/egytourpackages.com\/ro\/tours\/excursie-de-snorkeling-in-makadi-bay\/#breadcrumb","itemListElement":[{"@type":"ListItem","position":1,"name":"Home","item":"https:\/\/egytourpackages.com\/ro\/"},{"@type":"ListItem","position":2,"name":"Shop","item":"https:\/\/egytourpackages.com\/shop\/"},{"@type":"ListItem","position":3,"name":"Excursie de Snorkeling \u00een Makadi Bay"}]},{"@type":"WebSite","@id":"https:\/\/egytourpackages.com\/ro\/#website","url":"https:\/\/egytourpackages.com\/ro\/","name":"Egy tour packages","description":"","publisher":{"@id":"https:\/\/egytourpackages.com\/ro\/#organization"},"potentialAction":[{"@type":"SearchAction","target":{"@type":"EntryPoint","urlTemplate":"https:\/\/egytourpackages.com\/ro\/?s={search_term_string}"},"query-input":{"@type":"PropertyValueSpecification","valueRequired":true,"valueName":"search_term_string"}}],"inLanguage":"ro-RO"},{"@type":["Organization","Place","TravelAgency"],"@id":"https:\/\/egytourpackages.com\/ro\/#organization","name":"egypt tour packages","alternateName":"egypt tour packages","url":"https:\/\/egytourpackages.com\/ro\/","logo":{"@id":"https:\/\/egytourpackages.com\/ro\/tours\/excursie-de-snorkeling-in-makadi-bay\/#local-main-organization-logo"},"image":{"@id":"https:\/\/egytourpackages.com\/ro\/tours\/excursie-de-snorkeling-in-makadi-bay\/#local-main-organization-logo"},"sameAs":["https:\/\/www.facebook.com\/egytourpackages"],"legalName":"Egy tour packages","address":{"@id":"https:\/\/egytourpackages.com\/ro\/tours\/excursie-de-snorkeling-in-makadi-bay\/#local-main-place-address"},"telephone":["00201000852186","00201028685533"],"contactPoint":{"@type":"ContactPoint","telephone":"00201000852186"},"openingHoursSpecification":[{"@type":"OpeningHoursSpecification","dayOfWeek":["Monday","Tuesday","Wednesday","Thursday","Friday","Saturday","Sunday"],"opens":"00:00","closes":"23:59"}],"email":"info@egytourpackages.com","areaServed":"Cairo, Hurghada, Luxor, Sharm El Sheikh, Marsa Alam, Aswan","priceRange":"$","currenciesAccepted":"euro","paymentAccepted":"Payment links online"},{"@type":"PostalAddress","@id":"https:\/\/egytourpackages.com\/ro\/tours\/excursie-de-snorkeling-in-makadi-bay\/#local-main-place-address","streetAddress":"Mubarak 8, Al Kawthar District, Hurghada","addressLocality":"Hurghada","postalCode":"84511","addressRegion":"Red Sea","addressCountry":"EG"},{"@type":"ImageObject","inLanguage":"ro-RO","@id":"https:\/\/egytourpackages.com\/ro\/tours\/excursie-de-snorkeling-in-makadi-bay\/#local-main-organization-logo","url":"https:\/\/egytourpackages.com\/wp-content\/uploads\/2025\/12\/Turquoise-Dahabiya-Nile-Cruise-1.jpeg","contentUrl":"https:\/\/egytourpackages.com\/wp-content\/uploads\/2025\/12\/Turquoise-Dahabiya-Nile-Cruise-1.jpeg","width":1040,"height":694,"caption":"egypt tour packages"}]},"product_brand":"Excursie de snorkeling \u00een Hurghada","product_price_amount":"30","product_price_currency":"EUR","og_availability":"instock","product_availability":"instock","product_retailer_item_id":"MBE05","product_condition":"new","geo.placename":"Hurghada","geo.region":"Egipt"},"_links":{"self":[{"href":"https:\/\/egytourpackages.com\/ro\/wp-json\/wp\/v2\/product\/10049","targetHints":{"allow":["GET"]}}],"collection":[{"href":"https:\/\/egytourpackages.com\/ro\/wp-json\/wp\/v2\/product"}],"about":[{"href":"https:\/\/egytourpackages.com\/ro\/wp-json\/wp\/v2\/types\/product"}],"replies":[{"embeddable":true,"href":"https:\/\/egytourpackages.com\/ro\/wp-json\/wp\/v2\/comments?post=10049"}],"wp:featuredmedia":[{"embeddable":true,"href":"https:\/\/egytourpackages.com\/ro\/wp-json\/wp\/v2\/media\/10050"}],"wp:attachment":[{"href":"https:\/\/egytourpackages.com\/ro\/wp-json\/wp\/v2\/media?parent=10049"}],"wp:term":[{"taxonomy":"product_brand","embeddable":true,"href":"https:\/\/egytourpackages.com\/ro\/wp-json\/wp\/v2\/product_brand?post=10049"},{"taxonomy":"product_cat","embeddable":true,"href":"https:\/\/egytourpackages.com\/ro\/wp-json\/wp\/v2\/product_cat?post=10049"},{"taxonomy":"product_tag","embeddable":true,"href":"https:\/\/egytourpackages.com\/ro\/wp-json\/wp\/v2\/product_tag?post=10049"}],"curies":[{"name":"wp","href":"https:\/\/api.w.org\/{rel}","templated":true}]}}