{"id":10051,"date":"2023-08-22T11:14:52","date_gmt":"2023-08-22T11:14:52","guid":{"rendered":"https:\/\/egytourpackages.com\/product\/snorkeling-all-inclusive-la-insula-bianca-utopia-din-safaga\/"},"modified":"2026-01-28T02:55:29","modified_gmt":"2026-01-28T02:55:29","slug":"snorkeling-all-inclusive-la-insula-bianca-utopia-din-safaga","status":"publish","type":"product","link":"https:\/\/egytourpackages.com\/ro\/tours\/snorkeling-all-inclusive-la-insula-bianca-utopia-din-safaga\/","title":{"rendered":"Snorkeling All-Inclusive la Insula Bianca Utopia, din Safaga"},"content":{"rendered":"<p><span style=\"color: #ff6600;\"><strong>Snorkeling All-Inclusive la Insula Bianca Utopia, din Safaga<\/strong><\/span><\/p>\n<p>C\u0103uta\u021bi <strong>cele mai bune activit\u0103\u021bi de f\u0103cut \u00een Safaga<\/strong>? Experimenta\u021bi o <strong>excursie de o zi<\/strong> fantastic\u0103 la <strong>Insula Bianca Utopia<\/strong>, una dintre <strong>cele mai populare excursii din Hurghada<\/strong>, \u0219i descoperi\u021bi uimitoarea <strong>Mare Ro\u0219ie<\/strong>. Acest <strong>tur cu barca de o zi \u00eentreag\u0103 din Safaga<\/strong> este perfect pentru oricine caut\u0103 <strong>aventur\u0103<\/strong>, <strong>relaxare<\/strong> \u0219i o \u0219ans\u0103 de a explora via\u021ba marin\u0103 vibrant\u0103.<\/p>\n<p>Pentru cei care doresc o zi memorabil\u0103, <strong>excursia la Insula Bianca Utopia<\/strong> este o alegere perfect\u0103, oferind ceva pentru toat\u0103 lumea. Fie c\u0103 sunte\u021bi \u00een c\u0103utarea unor <strong>activit\u0103\u021bi distractive de f\u0103cut cu familia<\/strong>, a unei <strong>vacan\u021be romantice pe plaj\u0103 pentru cupluri<\/strong>, sau a unei zile de aventur\u0103 cu <strong>prietenii<\/strong>, aceast\u0103 excursie este ideal\u0103.<\/p>\n<p>Aceast\u0103 c\u0103l\u0103torie ofer\u0103 o <strong>experien\u021b\u0103 de familie de neuitat<\/strong>, cu oportunit\u0103\u021bi de a observa diverse specii marine, cum ar fi pe\u0219ti colora\u021bi, stele de mare \u0219i broa\u0219te \u021bestoase de mare.<\/p>\n<p>Este, de asemenea, o op\u021biune excelent\u0103 pentru <strong>seniorii<\/strong> \u0219i <strong>persoanele cu dizabilit\u0103\u021bi<\/strong>, inclusiv pentru cei \u00een scaune cu rotile, asigur\u00e2nd <strong>accesibilitate<\/strong> \u0219i <strong>confort<\/strong> pentru to\u021bi.<\/p>\n<p>\u00cen timp ce v\u0103 afla\u021bi pe insul\u0103, ave\u021bi flexibilitatea de a petrece p\u00e2n\u0103 la patru ore relax\u00e2ndu-v\u0103 pe plaj\u0103 sau pute\u021bi opta pentru un <strong>tur ghidat de snorkeling<\/strong> pentru a explora lumea subacvatic\u0103 vibrant\u0103. Pentru o vedere unic\u0103 a <strong>recifurilor de corali<\/strong> f\u0103r\u0103 s\u0103 v\u0103 uda\u021bi, pute\u021bi face o plimbare cu un <strong>semi-submarin<\/strong>.<\/p>\n<h3><span style=\"color: #ff6600;\">Atrac\u021bii Principale ale Turului<\/span><\/h3>\n<ul>\n<li>Dou\u0103 opriri de snorkeling \u00een dou\u0103 locuri diferite<\/li>\n<li>Pr\u00e2nz proasp\u0103t g\u0103tit la bord<\/li>\n<li>Sporturi nautice, cum ar fi Banana boat \u0219i Sofa boat<\/li>\n<\/ul>\n<h3><span style=\"color: #ff6600;\">Detalii Tur<\/span><\/h3>\n<ul>\n<li>Durata: 8 ore<\/li>\n<li>Loca\u021bia Turului: Marea Ro\u0219ie<\/li>\n<li>Disponibilitate: Zilnic<\/li>\n<li>Tip Tur: Grup<\/li>\n<li>Preluare &amp; Predare: Hotelul dumneavoastr\u0103 din Safaga<\/li>\n<li>Scaun cu Rotile: Accesibil<\/li>\n<\/ul>\n<h3><span style=\"color: #ff6600;\">Servicii Incluse<\/span><\/h3>\n<ul>\n<li>Transfer dus-\u00eentors de la hotelul dumneavoastr\u0103 din Safaga<\/li>\n<li>Echipament de snorkeling, cum ar fi vest\u0103 de salvare, masc\u0103, labe de \u00eenot<\/li>\n<li>Ghid de snorkeling<\/li>\n<li>Pr\u00e2nz proasp\u0103t g\u0103tit la bord<\/li>\n<li>Ap\u0103 mineral\u0103, b\u0103uturi calde \u0219i reci pe tot parcursul zilei<\/li>\n<\/ul>\n<h3><span style=\"color: #ff6600;\">Servicii Neincluse<\/span><\/h3>\n<ul>\n<li>DVD \u0219i fotografii realizate de Cameraman<\/li>\n<li>Bac\u0219i\u0219uri (Tipping)<\/li>\n<li>Scufund\u0103ri (Diving)<\/li>\n<\/ul>\n<h3><span style=\"color: #ff6600;\">Ce s\u0103 Lua\u021bi cu Voi<\/span><\/h3>\n<ul>\n<li>Prosopul propriu de la hotel<\/li>\n<li>P\u0103l\u0103rie sau E\u0219arf\u0103<\/li>\n<li>Crem\u0103 de soare<\/li>\n<li>Ochelari de soare<\/li>\n<li>Pantofi comozi<\/li>\n<li>Costum de baie<\/li>\n<li>Bani lichizi pentru cheltuielile personale<\/li>\n<\/ul>\n<h2><span style=\"color: #ff6600;\">Itinerariu<\/span><\/h2>\n<p>Ziua dumneavoastr\u0103 \u00eencepe cu o <strong>preluare convenabil\u0103 de la hotel<\/strong> \u00een jurul orei 8:00 AM, urmat\u0103 de o plimbare pitoreasc\u0103 cu barca c\u0103tre un loc ideal pentru <strong>snorkeling<\/strong>. Plonja\u021bi \u00een <strong>apele cristaline<\/strong> pentru o <strong>sesiune de snorkeling<\/strong> de 45 de minute \u0219i fi\u021bi martorii lumii subacvatice uluitoare \u0219i a <strong>recifurilor de corali colorate<\/strong>.<\/p>\n<p>\u00cen continuare, c\u0103l\u0103toria dumneavoastr\u0103 continu\u0103 spre paradisul privat al <strong>Insulei Bianca Utopia<\/strong>. La sosire, ve\u021bi avea un loc rezervat pe malul m\u0103rii pentru a v\u0103 relaxa \u0219i a v\u0103 bucura de soare. Excursia include o <strong>experien\u021b\u0103 all-inclusive<\/strong>, cu <strong>b\u0103uturi nelimitate<\/strong> \u0219i gust\u0103ri disponibile pe tot parcursul zilei.<\/p>\n<p>Un <strong>pr\u00e2nz tip bufet all-you-can-eat<\/strong> delicios este servit pe insul\u0103 \u00eentre orele 12:30 PM \u0219i 2:00 PM. Pentru mai mult\u0103 distrac\u021bie, bucura\u021bi-v\u0103 de o <strong>plimbare gratuit\u0103 cu barca cu fund de sticl\u0103<\/strong> pentru a admira pe\u0219tii \u0219i coralii f\u0103r\u0103 s\u0103 v\u0103 uda\u021bi, sau al\u0103tura\u021bi-v\u0103 <strong>petrecerii cu spum\u0103<\/strong> de o jum\u0103tate de or\u0103, la ora 2:00 PM. <strong>Echipamentul de snorkeling<\/strong> este oferit celor care doresc s\u0103 exploreze apele din apropierea insulei.<\/p>\n<p>Aceast\u0103 <strong>excursie potrivit\u0103 pentru familii<\/strong> este gratuit\u0103 pentru copiii sub 5 ani, cu o reducere de 50% pentru v\u00e2rstele \u00eentre 5-7 ani. C\u0103l\u0103toria de o zi \u00eentreag\u0103 se \u00eencheie cu \u00eentoarcerea dumneavoastr\u0103 la port \u0219i un transfer \u00eenapoi la hotel \u00een jurul orei 4:30 PM.<\/p>\n<p>Nu rata\u021bi aceast\u0103 oportunitate de a crea amintiri de neuitat \u00eentr-una dintre cele mai populare <strong>Excursii din Soma Bay<\/strong>.<\/p>\n<h3><span style=\"color: #ff6600;\">Pre\u021b Snorkeling All-Inclusive Insula Bianca Utopia din Safaga<\/span><\/h3>\n<ul>\n<li>Pre\u021b Adult = 60 \u20ac<\/li>\n<li>Copii 0-5 ani = gratuit<\/li>\n<li>Copii 5 -11 ani = 50% din pre\u021bul pentru adult<\/li>\n<\/ul>\n<h3><span style=\"color: #ff6600;\">Rezervare<\/span><\/h3>\n<p>Pute\u021bi rezerva turul dumneavoastr\u0103 prin WhatsApp sau s\u0103 ne trimite\u021bi un E-mail \u0219i ve\u021bi primi confirmarea pe loc.<\/p>\n<p>V\u0103 rug\u0103m s\u0103 ne trimite\u021bi numele hotelului, num\u0103rul camerei, copiile pa\u0219apoartelor.<\/p>\n<ul>\n<li>WhatsApp: +201000852186<\/li>\n<li>info@egytourpackages.com<\/li>\n<\/ul>\n<h3><span style=\"color: #ff6600;\">Rezerva\u021bi Acum &amp; Pl\u0103ti\u021bi la fa\u021ba locului <\/span><\/h3>\n<p>Rezerva\u021bi turul dumneavoastr\u0103 preferat \u0219i pl\u0103ti\u021bi \u00een ziua excursiei.<\/p>\n<h3><span style=\"color: #ff6600;\">Plat\u0103<\/span><\/h3>\n<p>Pute\u021bi pl\u0103ti \u00een Lira Egiptean\u0103, $, \u20ac\u200e sau \u00a3.<\/p>\n<h3><span style=\"color: #ff6600;\">Politica de Anulare<\/span><\/h3>\n<ul>\n<li>Anularea este gratuit\u0103 cu p\u00e2n\u0103 la 24 de ore \u00een avans<\/li>\n<li>Anularea \u00een diminea\u021ba zilei respective \u00eenseamn\u0103 50% din pre\u021b<\/li>\n<\/ul>\n","protected":false},"excerpt":{"rendered":"<p>Snorkeling All-Inclusive la Insula Bianca Utopia, din Safaga. Excursie de o zi pe Marea Ro\u0219ie, plaj\u0103 privat\u0103, pr\u00e2nz \u0219i b\u0103uturi nelimitate<\/p>\n","protected":false},"featured_media":10053,"comment_status":"open","ping_status":"closed","template":"","meta":[],"product_brand":[],"product_cat":[3120],"product_tag":[3329],"class_list":{"0":"post-10051","1":"product","2":"type-product","3":"status-publish","4":"has-post-thumbnail","6":"product_cat-tururi","7":"product_tag-cea-mai-buna-excursie-cu-barca-pentru-snorkeling","8":"tour_category-excursie-de-snorkeling-in-hurghada","9":"tour_category-excursii-de-o-zi-in-egipt-ro","10":"tour_category-excursii-soma-bay-ro","12":"first","13":"instock","14":"sale","15":"shipping-taxable","16":"purchasable","17":"product-type-tour","18":"has-default-attributes"},"yoast_head":"<!-- This site is optimized with the Yoast SEO Premium plugin v27.4 (Yoast SEO v27.4) - https:\/\/yoast.com\/product\/yoast-seo-premium-wordpress\/ -->\n<title>Snorkeling All-Inclusive la Insula Bianca Utopia, din Safaga<\/title>\n<meta name=\"description\" content=\"Snorkeling All-Inclusive la Insula Bianca Utopia, din Safaga. Excursie de o zi pe Marea Ro\u0219ie, plaj\u0103 privat\u0103, pr\u00e2nz \u0219i b\u0103uturi nelimitate\" \/>\n<meta name=\"robots\" content=\"index, follow, max-snippet:-1, max-image-preview:large, max-video-preview:-1\" \/>\n<link rel=\"canonical\" href=\"https:\/\/egytourpackages.com\/ro\/tours\/snorkeling-all-inclusive-la-insula-bianca-utopia-din-safaga\/\" \/>\n<meta property=\"og:locale\" content=\"ro_RO\" \/>\n<meta property=\"og:type\" content=\"article\" \/>\n<meta property=\"og:title\" content=\"Snorkeling All-Inclusive la Insula Bianca Utopia, din Safaga\" \/>\n<meta property=\"og:description\" content=\"Snorkeling All-Inclusive la Insula Bianca Utopia, din Safaga. Excursie de o zi pe Marea Ro\u0219ie, plaj\u0103 privat\u0103, pr\u00e2nz \u0219i b\u0103uturi nelimitate\" \/>\n<meta property=\"og:url\" content=\"https:\/\/egytourpackages.com\/ro\/tours\/snorkeling-all-inclusive-la-insula-bianca-utopia-din-safaga\/\" \/>\n<meta property=\"og:site_name\" content=\"Egypt Tour Packages\" \/>\n<meta property=\"article:publisher\" content=\"https:\/\/www.facebook.com\/egytourpackages\" \/>\n<meta property=\"article:modified_time\" content=\"2026-01-28T02:55:29+00:00\" \/>\n<meta property=\"og:image\" content=\"https:\/\/egytourpackages.com\/wp-content\/uploads\/2023\/08\/Safaga-best-Snorkeling-Trip-1024x682.jpg\" \/>\n<meta name=\"twitter:card\" content=\"summary_large_image\" \/>\n<meta name=\"twitter:title\" content=\"Snorkeling All-Inclusive la Insula Bianca Utopia, din Safaga\" \/>\n<meta name=\"twitter:description\" content=\"Snorkeling All-Inclusive la Insula Bianca Utopia, din Safaga. Excursie de o zi pe Marea Ro\u0219ie, plaj\u0103 privat\u0103, pr\u00e2nz \u0219i b\u0103uturi nelimitate\" \/>\n<meta name=\"twitter:image\" content=\"https:\/\/egytourpackages.com\/wp-content\/uploads\/2023\/08\/Safaga-best-Snorkeling-Trip-1024x682.jpg\" \/>\n<meta name=\"twitter:label1\" content=\"Pre\u021b\" \/>\n\t<meta name=\"twitter:data1\" content=\"&euro;0\" \/>\n\t<meta name=\"twitter:label2\" content=\"Disponibilitate\" \/>\n\t<meta name=\"twitter:data2\" content=\"\u00cen stoc\" \/>\n<script type=\"application\/ld+json\" class=\"yoast-schema-graph\">{\"@context\":\"https:\\\/\\\/schema.org\",\"@graph\":[{\"@type\":\"WebPage\",\"@id\":\"https:\\\/\\\/egytourpackages.com\\\/ro\\\/tours\\\/snorkeling-all-inclusive-la-insula-bianca-utopia-din-safaga\\\/\",\"url\":\"https:\\\/\\\/egytourpackages.com\\\/ro\\\/tours\\\/snorkeling-all-inclusive-la-insula-bianca-utopia-din-safaga\\\/\",\"name\":\"Snorkeling All-Inclusive la Insula Bianca Utopia, din Safaga\",\"isPartOf\":{\"@id\":\"https:\\\/\\\/egytourpackages.com\\\/ro\\\/#website\"},\"primaryImageOfPage\":{\"@id\":\"https:\\\/\\\/egytourpackages.com\\\/ro\\\/tours\\\/snorkeling-all-inclusive-la-insula-bianca-utopia-din-safaga\\\/#primaryimage\"},\"image\":{\"@id\":\"https:\\\/\\\/egytourpackages.com\\\/ro\\\/tours\\\/snorkeling-all-inclusive-la-insula-bianca-utopia-din-safaga\\\/#primaryimage\"},\"thumbnailUrl\":\"https:\\\/\\\/egytourpackages.com\\\/wp-content\\\/uploads\\\/2023\\\/08\\\/Bianca-Island-Utopia-Safaga.jpeg\",\"datePublished\":\"2023-08-22T11:14:52+00:00\",\"dateModified\":\"2026-01-28T02:55:29+00:00\",\"description\":\"Snorkeling All-Inclusive la Insula Bianca Utopia, din Safaga. Excursie de o zi pe Marea Ro\u0219ie, plaj\u0103 privat\u0103, pr\u00e2nz \u0219i b\u0103uturi nelimitate\",\"breadcrumb\":{\"@id\":\"https:\\\/\\\/egytourpackages.com\\\/ro\\\/tours\\\/snorkeling-all-inclusive-la-insula-bianca-utopia-din-safaga\\\/#breadcrumb\"},\"inLanguage\":\"ro-RO\",\"potentialAction\":[{\"@type\":\"ReadAction\",\"target\":[\"https:\\\/\\\/egytourpackages.com\\\/ro\\\/tours\\\/snorkeling-all-inclusive-la-insula-bianca-utopia-din-safaga\\\/\"]}]},{\"@type\":\"ImageObject\",\"inLanguage\":\"ro-RO\",\"@id\":\"https:\\\/\\\/egytourpackages.com\\\/ro\\\/tours\\\/snorkeling-all-inclusive-la-insula-bianca-utopia-din-safaga\\\/#primaryimage\",\"url\":\"https:\\\/\\\/egytourpackages.com\\\/wp-content\\\/uploads\\\/2023\\\/08\\\/Bianca-Island-Utopia-Safaga.jpeg\",\"contentUrl\":\"https:\\\/\\\/egytourpackages.com\\\/wp-content\\\/uploads\\\/2023\\\/08\\\/Bianca-Island-Utopia-Safaga.jpeg\",\"width\":1250,\"height\":833,\"caption\":\"Utopia Insulei Bianca, Safaga\"},{\"@type\":\"BreadcrumbList\",\"@id\":\"https:\\\/\\\/egytourpackages.com\\\/ro\\\/tours\\\/snorkeling-all-inclusive-la-insula-bianca-utopia-din-safaga\\\/#breadcrumb\",\"itemListElement\":[{\"@type\":\"ListItem\",\"position\":1,\"name\":\"Home\",\"item\":\"https:\\\/\\\/egytourpackages.com\\\/ro\\\/\"},{\"@type\":\"ListItem\",\"position\":2,\"name\":\"Shop\",\"item\":\"https:\\\/\\\/egytourpackages.com\\\/shop\\\/\"},{\"@type\":\"ListItem\",\"position\":3,\"name\":\"Snorkeling All-Inclusive la Insula Bianca Utopia, din Safaga\"}]},{\"@type\":\"WebSite\",\"@id\":\"https:\\\/\\\/egytourpackages.com\\\/ro\\\/#website\",\"url\":\"https:\\\/\\\/egytourpackages.com\\\/ro\\\/\",\"name\":\"Egy tour packages\",\"description\":\"\",\"publisher\":{\"@id\":\"https:\\\/\\\/egytourpackages.com\\\/ro\\\/#organization\"},\"potentialAction\":[{\"@type\":\"SearchAction\",\"target\":{\"@type\":\"EntryPoint\",\"urlTemplate\":\"https:\\\/\\\/egytourpackages.com\\\/ro\\\/?s={search_term_string}\"},\"query-input\":{\"@type\":\"PropertyValueSpecification\",\"valueRequired\":true,\"valueName\":\"search_term_string\"}}],\"inLanguage\":\"ro-RO\"},{\"@type\":[\"Organization\",\"Place\",\"TravelAgency\"],\"@id\":\"https:\\\/\\\/egytourpackages.com\\\/ro\\\/#organization\",\"name\":\"egypt tour packages\",\"alternateName\":\"egypt tour packages\",\"url\":\"https:\\\/\\\/egytourpackages.com\\\/ro\\\/\",\"logo\":{\"@id\":\"https:\\\/\\\/egytourpackages.com\\\/ro\\\/tours\\\/snorkeling-all-inclusive-la-insula-bianca-utopia-din-safaga\\\/#local-main-organization-logo\"},\"image\":{\"@id\":\"https:\\\/\\\/egytourpackages.com\\\/ro\\\/tours\\\/snorkeling-all-inclusive-la-insula-bianca-utopia-din-safaga\\\/#local-main-organization-logo\"},\"sameAs\":[\"https:\\\/\\\/www.facebook.com\\\/egytourpackages\"],\"legalName\":\"Egy tour packages\",\"address\":{\"@id\":\"https:\\\/\\\/egytourpackages.com\\\/ro\\\/tours\\\/snorkeling-all-inclusive-la-insula-bianca-utopia-din-safaga\\\/#local-main-place-address\"},\"telephone\":[\"00201000852186\",\"00201028685533\"],\"contactPoint\":{\"@type\":\"ContactPoint\",\"telephone\":\"00201000852186\"},\"openingHoursSpecification\":[{\"@type\":\"OpeningHoursSpecification\",\"dayOfWeek\":[\"Monday\",\"Tuesday\",\"Wednesday\",\"Thursday\",\"Friday\",\"Saturday\",\"Sunday\"],\"opens\":\"00:00\",\"closes\":\"23:59\"}],\"email\":\"info@egytourpackages.com\",\"areaServed\":\"Cairo, Hurghada, Luxor, Sharm El Sheikh, Marsa Alam, Aswan\",\"priceRange\":\"$\",\"currenciesAccepted\":\"euro\",\"paymentAccepted\":\"Payment links online\"},{\"@type\":\"PostalAddress\",\"@id\":\"https:\\\/\\\/egytourpackages.com\\\/ro\\\/tours\\\/snorkeling-all-inclusive-la-insula-bianca-utopia-din-safaga\\\/#local-main-place-address\",\"streetAddress\":\"Mubarak 8, Al Kawthar District, Hurghada\",\"addressLocality\":\"Hurghada\",\"postalCode\":\"84511\",\"addressRegion\":\"Red Sea\",\"addressCountry\":\"EG\"},{\"@type\":\"ImageObject\",\"inLanguage\":\"ro-RO\",\"@id\":\"https:\\\/\\\/egytourpackages.com\\\/ro\\\/tours\\\/snorkeling-all-inclusive-la-insula-bianca-utopia-din-safaga\\\/#local-main-organization-logo\",\"url\":\"https:\\\/\\\/egytourpackages.com\\\/wp-content\\\/uploads\\\/2025\\\/12\\\/Turquoise-Dahabiya-Nile-Cruise-1.jpeg\",\"contentUrl\":\"https:\\\/\\\/egytourpackages.com\\\/wp-content\\\/uploads\\\/2025\\\/12\\\/Turquoise-Dahabiya-Nile-Cruise-1.jpeg\",\"width\":1040,\"height\":694,\"caption\":\"egypt tour packages\"}]}<\/script>\n<meta property=\"product:brand\" content=\"Excursie de snorkeling \u00een Hurghada\" \/>\n<meta property=\"product:price:amount\" content=\"0\" \/>\n<meta property=\"product:price:currency\" content=\"EUR\" \/>\n<meta property=\"og:availability\" content=\"instock\" \/>\n<meta property=\"product:availability\" content=\"instock\" \/>\n<meta property=\"product:retailer_item_id\" content=\"SBE11\" \/>\n<meta property=\"product:condition\" content=\"new\" \/>\n<meta name=\"geo.placename\" content=\"Hurghada\" \/>\n<meta name=\"geo.region\" content=\"Egipt\" \/>\n<!-- \/ Yoast SEO Premium plugin. -->","yoast_head_json":{"title":"Snorkeling All-Inclusive la Insula Bianca Utopia, din Safaga","description":"Snorkeling All-Inclusive la Insula Bianca Utopia, din Safaga. Excursie de o zi pe Marea Ro\u0219ie, plaj\u0103 privat\u0103, pr\u00e2nz \u0219i b\u0103uturi nelimitate","robots":{"index":"index","follow":"follow","max-snippet":"max-snippet:-1","max-image-preview":"max-image-preview:large","max-video-preview":"max-video-preview:-1"},"canonical":"https:\/\/egytourpackages.com\/ro\/tours\/snorkeling-all-inclusive-la-insula-bianca-utopia-din-safaga\/","og_locale":"ro_RO","og_type":"article","og_title":"Snorkeling All-Inclusive la Insula Bianca Utopia, din Safaga","og_description":"Snorkeling All-Inclusive la Insula Bianca Utopia, din Safaga. Excursie de o zi pe Marea Ro\u0219ie, plaj\u0103 privat\u0103, pr\u00e2nz \u0219i b\u0103uturi nelimitate","og_url":"https:\/\/egytourpackages.com\/ro\/tours\/snorkeling-all-inclusive-la-insula-bianca-utopia-din-safaga\/","og_site_name":"Egypt Tour Packages","article_publisher":"https:\/\/www.facebook.com\/egytourpackages","article_modified_time":"2026-01-28T02:55:29+00:00","og_image":[{"url":"https:\/\/egytourpackages.com\/wp-content\/uploads\/2023\/08\/Safaga-best-Snorkeling-Trip-1024x682.jpg","type":"","width":"","height":""}],"twitter_card":"summary_large_image","twitter_title":"Snorkeling All-Inclusive la Insula Bianca Utopia, din Safaga","twitter_description":"Snorkeling All-Inclusive la Insula Bianca Utopia, din Safaga. Excursie de o zi pe Marea Ro\u0219ie, plaj\u0103 privat\u0103, pr\u00e2nz \u0219i b\u0103uturi nelimitate","twitter_image":"https:\/\/egytourpackages.com\/wp-content\/uploads\/2023\/08\/Safaga-best-Snorkeling-Trip-1024x682.jpg","twitter_misc":{"Pre\u021b":"&euro;0","Disponibilitate":"\u00cen stoc"},"schema":{"@context":"https:\/\/schema.org","@graph":[{"@type":"WebPage","@id":"https:\/\/egytourpackages.com\/ro\/tours\/snorkeling-all-inclusive-la-insula-bianca-utopia-din-safaga\/","url":"https:\/\/egytourpackages.com\/ro\/tours\/snorkeling-all-inclusive-la-insula-bianca-utopia-din-safaga\/","name":"Snorkeling All-Inclusive la Insula Bianca Utopia, din Safaga","isPartOf":{"@id":"https:\/\/egytourpackages.com\/ro\/#website"},"primaryImageOfPage":{"@id":"https:\/\/egytourpackages.com\/ro\/tours\/snorkeling-all-inclusive-la-insula-bianca-utopia-din-safaga\/#primaryimage"},"image":{"@id":"https:\/\/egytourpackages.com\/ro\/tours\/snorkeling-all-inclusive-la-insula-bianca-utopia-din-safaga\/#primaryimage"},"thumbnailUrl":"https:\/\/egytourpackages.com\/wp-content\/uploads\/2023\/08\/Bianca-Island-Utopia-Safaga.jpeg","datePublished":"2023-08-22T11:14:52+00:00","dateModified":"2026-01-28T02:55:29+00:00","description":"Snorkeling All-Inclusive la Insula Bianca Utopia, din Safaga. Excursie de o zi pe Marea Ro\u0219ie, plaj\u0103 privat\u0103, pr\u00e2nz \u0219i b\u0103uturi nelimitate","breadcrumb":{"@id":"https:\/\/egytourpackages.com\/ro\/tours\/snorkeling-all-inclusive-la-insula-bianca-utopia-din-safaga\/#breadcrumb"},"inLanguage":"ro-RO","potentialAction":[{"@type":"ReadAction","target":["https:\/\/egytourpackages.com\/ro\/tours\/snorkeling-all-inclusive-la-insula-bianca-utopia-din-safaga\/"]}]},{"@type":"ImageObject","inLanguage":"ro-RO","@id":"https:\/\/egytourpackages.com\/ro\/tours\/snorkeling-all-inclusive-la-insula-bianca-utopia-din-safaga\/#primaryimage","url":"https:\/\/egytourpackages.com\/wp-content\/uploads\/2023\/08\/Bianca-Island-Utopia-Safaga.jpeg","contentUrl":"https:\/\/egytourpackages.com\/wp-content\/uploads\/2023\/08\/Bianca-Island-Utopia-Safaga.jpeg","width":1250,"height":833,"caption":"Utopia Insulei Bianca, Safaga"},{"@type":"BreadcrumbList","@id":"https:\/\/egytourpackages.com\/ro\/tours\/snorkeling-all-inclusive-la-insula-bianca-utopia-din-safaga\/#breadcrumb","itemListElement":[{"@type":"ListItem","position":1,"name":"Home","item":"https:\/\/egytourpackages.com\/ro\/"},{"@type":"ListItem","position":2,"name":"Shop","item":"https:\/\/egytourpackages.com\/shop\/"},{"@type":"ListItem","position":3,"name":"Snorkeling All-Inclusive la Insula Bianca Utopia, din Safaga"}]},{"@type":"WebSite","@id":"https:\/\/egytourpackages.com\/ro\/#website","url":"https:\/\/egytourpackages.com\/ro\/","name":"Egy tour packages","description":"","publisher":{"@id":"https:\/\/egytourpackages.com\/ro\/#organization"},"potentialAction":[{"@type":"SearchAction","target":{"@type":"EntryPoint","urlTemplate":"https:\/\/egytourpackages.com\/ro\/?s={search_term_string}"},"query-input":{"@type":"PropertyValueSpecification","valueRequired":true,"valueName":"search_term_string"}}],"inLanguage":"ro-RO"},{"@type":["Organization","Place","TravelAgency"],"@id":"https:\/\/egytourpackages.com\/ro\/#organization","name":"egypt tour packages","alternateName":"egypt tour packages","url":"https:\/\/egytourpackages.com\/ro\/","logo":{"@id":"https:\/\/egytourpackages.com\/ro\/tours\/snorkeling-all-inclusive-la-insula-bianca-utopia-din-safaga\/#local-main-organization-logo"},"image":{"@id":"https:\/\/egytourpackages.com\/ro\/tours\/snorkeling-all-inclusive-la-insula-bianca-utopia-din-safaga\/#local-main-organization-logo"},"sameAs":["https:\/\/www.facebook.com\/egytourpackages"],"legalName":"Egy tour packages","address":{"@id":"https:\/\/egytourpackages.com\/ro\/tours\/snorkeling-all-inclusive-la-insula-bianca-utopia-din-safaga\/#local-main-place-address"},"telephone":["00201000852186","00201028685533"],"contactPoint":{"@type":"ContactPoint","telephone":"00201000852186"},"openingHoursSpecification":[{"@type":"OpeningHoursSpecification","dayOfWeek":["Monday","Tuesday","Wednesday","Thursday","Friday","Saturday","Sunday"],"opens":"00:00","closes":"23:59"}],"email":"info@egytourpackages.com","areaServed":"Cairo, Hurghada, Luxor, Sharm El Sheikh, Marsa Alam, Aswan","priceRange":"$","currenciesAccepted":"euro","paymentAccepted":"Payment links online"},{"@type":"PostalAddress","@id":"https:\/\/egytourpackages.com\/ro\/tours\/snorkeling-all-inclusive-la-insula-bianca-utopia-din-safaga\/#local-main-place-address","streetAddress":"Mubarak 8, Al Kawthar District, Hurghada","addressLocality":"Hurghada","postalCode":"84511","addressRegion":"Red Sea","addressCountry":"EG"},{"@type":"ImageObject","inLanguage":"ro-RO","@id":"https:\/\/egytourpackages.com\/ro\/tours\/snorkeling-all-inclusive-la-insula-bianca-utopia-din-safaga\/#local-main-organization-logo","url":"https:\/\/egytourpackages.com\/wp-content\/uploads\/2025\/12\/Turquoise-Dahabiya-Nile-Cruise-1.jpeg","contentUrl":"https:\/\/egytourpackages.com\/wp-content\/uploads\/2025\/12\/Turquoise-Dahabiya-Nile-Cruise-1.jpeg","width":1040,"height":694,"caption":"egypt tour packages"}]},"product_brand":"Excursie de snorkeling \u00een Hurghada","product_price_currency":"EUR","og_availability":"instock","product_availability":"instock","product_retailer_item_id":"SBE11","product_condition":"new","geo.placename":"Hurghada","geo.region":"Egipt"},"_links":{"self":[{"href":"https:\/\/egytourpackages.com\/ro\/wp-json\/wp\/v2\/product\/10051","targetHints":{"allow":["GET"]}}],"collection":[{"href":"https:\/\/egytourpackages.com\/ro\/wp-json\/wp\/v2\/product"}],"about":[{"href":"https:\/\/egytourpackages.com\/ro\/wp-json\/wp\/v2\/types\/product"}],"replies":[{"embeddable":true,"href":"https:\/\/egytourpackages.com\/ro\/wp-json\/wp\/v2\/comments?post=10051"}],"wp:featuredmedia":[{"embeddable":true,"href":"https:\/\/egytourpackages.com\/ro\/wp-json\/wp\/v2\/media\/10053"}],"wp:attachment":[{"href":"https:\/\/egytourpackages.com\/ro\/wp-json\/wp\/v2\/media?parent=10051"}],"wp:term":[{"taxonomy":"product_brand","embeddable":true,"href":"https:\/\/egytourpackages.com\/ro\/wp-json\/wp\/v2\/product_brand?post=10051"},{"taxonomy":"product_cat","embeddable":true,"href":"https:\/\/egytourpackages.com\/ro\/wp-json\/wp\/v2\/product_cat?post=10051"},{"taxonomy":"product_tag","embeddable":true,"href":"https:\/\/egytourpackages.com\/ro\/wp-json\/wp\/v2\/product_tag?post=10051"}],"curies":[{"name":"wp","href":"https:\/\/api.w.org\/{rel}","templated":true}]}}