{"id":10059,"date":"2023-08-16T12:26:05","date_gmt":"2023-08-16T12:26:05","guid":{"rendered":"https:\/\/egytourpackages.com\/product\/tur-piramide-giza-jumatate-de-zi-din-cairo\/"},"modified":"2026-01-08T11:21:47","modified_gmt":"2026-01-08T11:21:47","slug":"tur-piramide-giza-jumatate-de-zi-din-cairo","status":"publish","type":"product","link":"https:\/\/egytourpackages.com\/ro\/tours\/tur-piramide-giza-jumatate-de-zi-din-cairo\/","title":{"rendered":"Tur Piramide Giza (Jum\u0103tate de Zi) din Cairo"},"content":{"rendered":"<p><span style=\"color: #ff6600;\"><strong>Tur Piramide Giza (Jum\u0103tate de Zi) din Cairo + Plimbare cu C\u0103mila (30 min)<\/strong><\/span><\/p>\n<p>Rezerva\u021bi un <strong>tur<\/strong> de neuitat de <strong>jum\u0103tate de zi<\/strong> la <strong>Piramidele Giza<\/strong> cu plecare din <strong>Cairo<\/strong>, o alegere de top pentru <strong>vizitarea obiectivelor din Cairo<\/strong> \u0219i o <strong>excursie de o zi \u00een Egipt<\/strong> esen\u021bial\u0103. Acest <strong>tur privat \u00een Cairo<\/strong> ofer\u0103 o c\u0103l\u0103torie captivant\u0103 \u00eenapoi \u00een timp pentru a explora minunile <strong>Egiptului Antic<\/strong>.<\/p>\n<p>Fi\u021bi martorii emblematicelor <strong>Mari Piramide din Giza<\/strong> \u2013 <strong>Khufu<\/strong> (Keops), <strong>Khafre<\/strong> \u0219i <strong>Menkaure<\/strong> \u2013 \u0219i p\u0103trunde\u021bi \u00een istoria fascinant\u0103 a <strong>Regatului Vechi<\/strong>.<\/p>\n<p>Ghidul dumneavoastr\u0103 expert <strong>egiptolog<\/strong> v\u0103 va elucida minunile arhitecturale \u0219i semnifica\u021bia regal\u0103 a acestor structuri antice. Dincolo de piramidele principale, acest <strong>tur cuprinz\u0103tor \u00een Giza<\/strong> include \u0219i vizite la <strong>Piramidele Reginelor<\/strong>, la vechile <strong>gropi de b\u0103rci<\/strong> \u0219i la <strong>mormintele constructorilor de piramide<\/strong>.<\/p>\n<p>Experimenta\u021bi peisajul de\u0219ertic cu o <strong>plimbare cu c\u0103mila<\/strong> de <strong>30 de minute<\/strong> plin\u0103 de emo\u021bie la <strong>Piramidele Giza<\/strong>, ad\u0103ug\u00e2nd o not\u0103 autentic\u0103 aventurii dumneavoastr\u0103 de <strong>c\u0103l\u0103torie \u00een Egipt<\/strong>. Bucura\u021bi-v\u0103 de confortul unui vehicul privat, de servicii personalizate \u0219i de un ghid local informat pe tot parcursul acestui incredibil <strong>tur al Piramidelor din Cairo<\/strong>.<\/p>\n<h3><span style=\"color: #ff6600;\">Detalii Tur<\/span><\/h3>\n<ul>\n<li>Durata: Tur de jum\u0103tate de zi<\/li>\n<li>Loca\u021bia Turului: Giza<\/li>\n<li>Disponibilitate Tur: Zilnic<\/li>\n<li>Preluare &amp; Predare: Hotelurile din Cairo &amp; Giza<\/li>\n<li>Tip Tur: Privat<\/li>\n<\/ul>\n<h3><span style=\"color: #ff6600;\">Atrac\u021bii Principale ale Turului<\/span><\/h3>\n<ul>\n<li>Piramida lui Keops<\/li>\n<li>Piramida lui Khafre<\/li>\n<li>Piramida lui Menkaure<\/li>\n<li>Piramidele Reginelor<\/li>\n<li>Gropi de B\u0103rci<\/li>\n<li>Mormintele constructorilor de Piramide<\/li>\n<li>Punctul Panorama<\/li>\n<li>Templul V\u0103ii<\/li>\n<li>Marele Sfinx<\/li>\n<\/ul>\n<h3><span style=\"color: #ff6600;\">Servicii Incluse<\/span><\/h3>\n<ul>\n<li>Transfer dus-\u00eentors cu vehicul modern cu aer condi\u021bionat<\/li>\n<li>Ghid expert Arheolog<\/li>\n<li>Ap\u0103 \u00een timpul turului<\/li>\n<li>30 de minute plimbare cu c\u0103mila la Punctul Panorama<\/li>\n<\/ul>\n<h3><span style=\"color: #ff6600;\">Servicii Neincluse<\/span><\/h3>\n<ul>\n<li>Bac\u0219i\u0219uri (Tipping)<\/li>\n<li>Orice cheltuieli personale<\/li>\n<li>Taxa de intrare pentru oricare dintre Piramide<\/li>\n<\/ul>\n<h3><span style=\"color: #ff6600;\">Ce s\u0103 Pune\u021bi \u00een Bagaj<\/span><\/h3>\n<ul>\n<li>Crem\u0103 de soare \u0219i ochelari de soare<\/li>\n<li>P\u0103l\u0103rie sau E\u0219arf\u0103<\/li>\n<\/ul>\n<h2><span style=\"color: #ff6600;\">Itinerariu<\/span><\/h2>\n<p>Savura\u021bi micul dejun la hotel, apoi \u00eent\u00e2lni\u021bi-v\u0103 cu ghidul dumneavoastr\u0103 \u00een holul hotelului pentru a \u00eencepe <strong>tururile<\/strong> dumneavoastr\u0103 de <strong>o zi \u00een Cairo<\/strong> c\u0103tre v\u00e2rful <strong>atrac\u021biilor Egiptului<\/strong>, <strong>Piramidele Giza<\/strong>. Ghidul dumneavoastr\u0103 va r\u0103spunde la cele mai importante trei \u00eentreb\u0103ri care v\u0103 vor trece prin minte: Cum au fost construite Piramidele? De ce au fost construite Piramidele? \u0219i Cine a construit Piramidele?<\/p>\n<p>\u00cen timp ce v\u0103 al\u0103tura\u021bi ghidului pentru a v\u0103 bucura de <strong>turul Piramidelor<\/strong>, ve\u021bi putea intra \u00een <strong>Marea Piramid\u0103 a lui Keops<\/strong> \u00een cazul \u00een care dori\u021bi, contra cost. De asemenea, pute\u021bi intra gratuit \u00een una dintre <strong>Piramidele Reginelor<\/strong> \u0219i pute\u021bi vedea ruinele <strong>Templului Mortuar al lui Keops<\/strong>.<\/p>\n<p>\u00centre timp, pute\u021bi descoperi \u00eempreun\u0103 cu ghidul dumneavoastr\u0103 <strong>Piramida lui Khafre<\/strong> \u0219i cele opt gropi ale cortului de <strong>mumificare<\/strong> g\u0103site l\u00e2ng\u0103 Templul s\u0103u Mortuar.<\/p>\n<p>De\u0219i pute\u021bi face fotografii foarte reu\u0219ite din <strong>Punctul Panorama<\/strong> c\u0103tre toate cele trei Piramide aliniate, inclusiv plimbarea cu c\u0103mila inclus\u0103 \u00een tur. Pute\u021bi, de asemenea, s\u0103 v\u0103 apropia\u021bi de <strong>Piramida lui Menkaure<\/strong> cu acoperi\u0219urile sale din <strong>Granit<\/strong> din <strong>Aswan<\/strong>.<\/p>\n<p>De fapt, v\u0103 ve\u021bi \u00eencheia <strong>turul de o zi \u00een Egipt<\/strong> la <strong>Piramidele din Giza<\/strong> cu <strong>Templul V\u0103ii<\/strong>, unde se desf\u0103\u0219ura <strong>ritualul Deschiderii Gurii<\/strong>.<\/p>\n<p>\u00cen final, ve\u021bi ajunge la <strong>Marele Sfinx<\/strong> \u0219i ve\u021bi putea vedea <strong>Stela Visului<\/strong> \u0219i ve\u021bi afla mai multe despre Sfinxul feminin descoperit mai t\u00e2rziu. La ie\u0219irea de la Sfinx, ve\u021bi vedea \u00een partea dreapt\u0103 <strong>mormintele constructorilor de Piramide<\/strong>.<\/p>\n<h3><span style=\"color: #ff6600;\">Pre\u021b Tur Piramide Giza (Jum\u0103tate de Zi) din Cairo<\/span><\/h3>\n<ul>\n<li>Pre\u021b Adult = 70 \u20ac<\/li>\n<li>Copii 0-5 ani = gratuit<\/li>\n<li>Copii 5 -11 ani = 50% din pre\u021bul pentru adult<\/li>\n<\/ul>\n<h3><span style=\"color: #ff6600;\">Rezervare<\/span><\/h3>\n<p>Pute\u021bi rezerva turul dumneavoastr\u0103 prin WhatsApp sau s\u0103 ne trimite\u021bi un E-mail \u0219i ve\u021bi primi confirmarea pe loc.<\/p>\n<p>V\u0103 rug\u0103m s\u0103 ne trimite\u021bi numele hotelului, num\u0103rul camerei, copiile pa\u0219apoartelor.<\/p>\n<ul>\n<li>WhatsApp: +201000852186<\/li>\n<li>info@egytourpackages.com<\/li>\n<\/ul>\n<h3><span style=\"color: #ff6600;\">Rezerva\u021bi Acum &amp; Pl\u0103ti\u021bi la fa\u021ba locului <\/span><\/h3>\n<p>Rezerva\u021bi turul dumneavoastr\u0103 preferat \u0219i pl\u0103ti\u021bi \u00een ziua excursiei.<\/p>\n<h3><span style=\"color: #ff6600;\">Plat\u0103<\/span><\/h3>\n<p>Pute\u021bi pl\u0103ti \u00een Lira Egiptean\u0103, $, \u20ac\u200e sau \u00a3.<\/p>\n<h3><span style=\"color: #ff6600;\">Politica de Anulare<\/span><\/h3>\n<p>Pute\u021bi anula cu p\u00e2n\u0103 la 24 de ore \u00een avans gratuit.<\/p>\n<h3><span style=\"color: #ff6600;\">Rezervare &amp; Plat\u0103<\/span><\/h3>\n<ul>\n<li>Cea mai u\u0219oar\u0103 modalitate este s\u0103 v\u0103 rezerva\u021bi turul prin WhatsApp sau ne pute\u021bi trimite un E-mail.<\/li>\n<li>Plata se face la fa\u021ba locului, \u00een ziua excursiei.<\/li>\n<\/ul>\n","protected":false},"excerpt":{"rendered":"<p>Tur Piramide Giza (Jum\u0103tate de Zi) din Cairo. Vede\u021bi Keops, Khafre \u0219i Sfinxul cu un ghid expert. Include o plimbare cu c\u0103mila de 30 min.<\/p>\n","protected":false},"featured_media":9811,"comment_status":"open","ping_status":"closed","template":"","meta":[],"product_brand":[],"product_cat":[3120],"product_tag":[3203,3253,3194],"class_list":{"0":"post-10059","1":"product","2":"type-product","3":"status-publish","4":"has-post-thumbnail","6":"product_cat-tururi","7":"product_tag-excursii-de-o-zi-in-egipt","8":"product_tag-excursii-de-o-zi-la-cairo","9":"product_tag-piramidele-din-giza","10":"tour_category-excursii-cairo-ro","11":"tour_category-excursii-de-o-zi-in-egipt-ro","13":"first","14":"instock","15":"sale","16":"shipping-taxable","17":"purchasable","18":"product-type-tour","19":"has-default-attributes"},"yoast_head":"<!-- This site is optimized with the Yoast SEO Premium plugin v27.4 (Yoast SEO v27.4) - https:\/\/yoast.com\/product\/yoast-seo-premium-wordpress\/ -->\n<title>Tur Piramide Giza (Jum\u0103tate de Zi) din Cairo<\/title>\n<meta name=\"description\" content=\"Tur Piramide Giza (Jum\u0103tate de Zi) din Cairo. Vede\u021bi Keops, Khafre \u0219i Sfinxul cu un ghid expert. Include o plimbare cu c\u0103mila de 30 min.\" \/>\n<meta name=\"robots\" content=\"index, follow, max-snippet:-1, max-image-preview:large, max-video-preview:-1\" \/>\n<link rel=\"canonical\" href=\"https:\/\/egytourpackages.com\/ro\/tours\/tur-piramide-giza-jumatate-de-zi-din-cairo\/\" \/>\n<meta property=\"og:locale\" content=\"ro_RO\" \/>\n<meta property=\"og:type\" content=\"article\" \/>\n<meta property=\"og:title\" content=\"Tur Piramide Giza (Jum\u0103tate de Zi) din Cairo\" \/>\n<meta property=\"og:description\" content=\"Tur Piramide Giza (Jum\u0103tate de Zi) din Cairo. Vede\u021bi Keops, Khafre \u0219i Sfinxul cu un ghid expert. Include o plimbare cu c\u0103mila de 30 min.\" \/>\n<meta property=\"og:url\" content=\"https:\/\/egytourpackages.com\/ro\/tours\/tur-piramide-giza-jumatate-de-zi-din-cairo\/\" \/>\n<meta property=\"og:site_name\" content=\"Egypt Tour Packages\" \/>\n<meta property=\"article:publisher\" content=\"https:\/\/www.facebook.com\/egytourpackages\" \/>\n<meta property=\"article:modified_time\" content=\"2026-01-08T11:21:47+00:00\" \/>\n<meta property=\"og:image\" content=\"https:\/\/egytourpackages.com\/wp-content\/uploads\/2023\/08\/Half-Day-Pyramids-Tour-from-Cairo-1024x768.jpg\" \/>\n<meta name=\"twitter:card\" content=\"summary_large_image\" \/>\n<meta name=\"twitter:title\" content=\"Tur Piramide Giza (Jum\u0103tate de Zi) din Cairo\" \/>\n<meta name=\"twitter:description\" content=\"Tur Piramide Giza (Jum\u0103tate de Zi) din Cairo. Vede\u021bi Keops, Khafre \u0219i Sfinxul cu un ghid expert. Include o plimbare cu c\u0103mila de 30 min.\" \/>\n<meta name=\"twitter:image\" content=\"https:\/\/egytourpackages.com\/wp-content\/uploads\/2023\/07\/Giza-Pyramids-1-1024x768.jpg\" \/>\n<meta name=\"twitter:label1\" content=\"Pre\u021b\" \/>\n\t<meta name=\"twitter:data1\" content=\"&euro;70\" \/>\n\t<meta name=\"twitter:label2\" content=\"Disponibilitate\" \/>\n\t<meta name=\"twitter:data2\" content=\"\u00cen stoc\" \/>\n<script type=\"application\/ld+json\" class=\"yoast-schema-graph\">{\"@context\":\"https:\\\/\\\/schema.org\",\"@graph\":[{\"@type\":\"WebPage\",\"@id\":\"https:\\\/\\\/egytourpackages.com\\\/ro\\\/tours\\\/tur-piramide-giza-jumatate-de-zi-din-cairo\\\/\",\"url\":\"https:\\\/\\\/egytourpackages.com\\\/ro\\\/tours\\\/tur-piramide-giza-jumatate-de-zi-din-cairo\\\/\",\"name\":\"Tur Piramide Giza (Jum\u0103tate de Zi) din Cairo\",\"isPartOf\":{\"@id\":\"https:\\\/\\\/egytourpackages.com\\\/ro\\\/#website\"},\"primaryImageOfPage\":{\"@id\":\"https:\\\/\\\/egytourpackages.com\\\/ro\\\/tours\\\/tur-piramide-giza-jumatate-de-zi-din-cairo\\\/#primaryimage\"},\"image\":{\"@id\":\"https:\\\/\\\/egytourpackages.com\\\/ro\\\/tours\\\/tur-piramide-giza-jumatate-de-zi-din-cairo\\\/#primaryimage\"},\"thumbnailUrl\":\"https:\\\/\\\/egytourpackages.com\\\/wp-content\\\/uploads\\\/2023\\\/08\\\/Half-Day-Pyramids-Tour-from-Cairo.jpg\",\"datePublished\":\"2023-08-16T12:26:05+00:00\",\"dateModified\":\"2026-01-08T11:21:47+00:00\",\"description\":\"Tur Piramide Giza (Jum\u0103tate de Zi) din Cairo. Vede\u021bi Keops, Khafre \u0219i Sfinxul cu un ghid expert. Include o plimbare cu c\u0103mila de 30 min.\",\"breadcrumb\":{\"@id\":\"https:\\\/\\\/egytourpackages.com\\\/ro\\\/tours\\\/tur-piramide-giza-jumatate-de-zi-din-cairo\\\/#breadcrumb\"},\"inLanguage\":\"ro-RO\",\"potentialAction\":[{\"@type\":\"ReadAction\",\"target\":[\"https:\\\/\\\/egytourpackages.com\\\/ro\\\/tours\\\/tur-piramide-giza-jumatate-de-zi-din-cairo\\\/\"]}]},{\"@type\":\"ImageObject\",\"inLanguage\":\"ro-RO\",\"@id\":\"https:\\\/\\\/egytourpackages.com\\\/ro\\\/tours\\\/tur-piramide-giza-jumatate-de-zi-din-cairo\\\/#primaryimage\",\"url\":\"https:\\\/\\\/egytourpackages.com\\\/wp-content\\\/uploads\\\/2023\\\/08\\\/Half-Day-Pyramids-Tour-from-Cairo.jpg\",\"contentUrl\":\"https:\\\/\\\/egytourpackages.com\\\/wp-content\\\/uploads\\\/2023\\\/08\\\/Half-Day-Pyramids-Tour-from-Cairo.jpg\",\"width\":1600,\"height\":1200,\"caption\":\"Tur Piramide Giza (Jum\u0103tate de Zi) din Cairo\"},{\"@type\":\"BreadcrumbList\",\"@id\":\"https:\\\/\\\/egytourpackages.com\\\/ro\\\/tours\\\/tur-piramide-giza-jumatate-de-zi-din-cairo\\\/#breadcrumb\",\"itemListElement\":[{\"@type\":\"ListItem\",\"position\":1,\"name\":\"Home\",\"item\":\"https:\\\/\\\/egytourpackages.com\\\/ro\\\/\"},{\"@type\":\"ListItem\",\"position\":2,\"name\":\"Shop\",\"item\":\"https:\\\/\\\/egytourpackages.com\\\/shop\\\/\"},{\"@type\":\"ListItem\",\"position\":3,\"name\":\"Tur Piramide Giza (Jum\u0103tate de Zi) din Cairo\"}]},{\"@type\":\"WebSite\",\"@id\":\"https:\\\/\\\/egytourpackages.com\\\/ro\\\/#website\",\"url\":\"https:\\\/\\\/egytourpackages.com\\\/ro\\\/\",\"name\":\"Egy tour packages\",\"description\":\"\",\"publisher\":{\"@id\":\"https:\\\/\\\/egytourpackages.com\\\/ro\\\/#organization\"},\"potentialAction\":[{\"@type\":\"SearchAction\",\"target\":{\"@type\":\"EntryPoint\",\"urlTemplate\":\"https:\\\/\\\/egytourpackages.com\\\/ro\\\/?s={search_term_string}\"},\"query-input\":{\"@type\":\"PropertyValueSpecification\",\"valueRequired\":true,\"valueName\":\"search_term_string\"}}],\"inLanguage\":\"ro-RO\"},{\"@type\":[\"Organization\",\"Place\",\"TravelAgency\"],\"@id\":\"https:\\\/\\\/egytourpackages.com\\\/ro\\\/#organization\",\"name\":\"egypt tour packages\",\"alternateName\":\"egypt tour packages\",\"url\":\"https:\\\/\\\/egytourpackages.com\\\/ro\\\/\",\"logo\":{\"@id\":\"https:\\\/\\\/egytourpackages.com\\\/ro\\\/tours\\\/tur-piramide-giza-jumatate-de-zi-din-cairo\\\/#local-main-organization-logo\"},\"image\":{\"@id\":\"https:\\\/\\\/egytourpackages.com\\\/ro\\\/tours\\\/tur-piramide-giza-jumatate-de-zi-din-cairo\\\/#local-main-organization-logo\"},\"sameAs\":[\"https:\\\/\\\/www.facebook.com\\\/egytourpackages\"],\"legalName\":\"Egy tour packages\",\"address\":{\"@id\":\"https:\\\/\\\/egytourpackages.com\\\/ro\\\/tours\\\/tur-piramide-giza-jumatate-de-zi-din-cairo\\\/#local-main-place-address\"},\"telephone\":[\"00201000852186\",\"00201028685533\"],\"contactPoint\":{\"@type\":\"ContactPoint\",\"telephone\":\"00201000852186\"},\"openingHoursSpecification\":[{\"@type\":\"OpeningHoursSpecification\",\"dayOfWeek\":[\"Monday\",\"Tuesday\",\"Wednesday\",\"Thursday\",\"Friday\",\"Saturday\",\"Sunday\"],\"opens\":\"00:00\",\"closes\":\"23:59\"}],\"email\":\"info@egytourpackages.com\",\"areaServed\":\"Cairo, Hurghada, Luxor, Sharm El Sheikh, Marsa Alam, Aswan\",\"priceRange\":\"$\",\"currenciesAccepted\":\"euro\",\"paymentAccepted\":\"Payment links online\"},{\"@type\":\"PostalAddress\",\"@id\":\"https:\\\/\\\/egytourpackages.com\\\/ro\\\/tours\\\/tur-piramide-giza-jumatate-de-zi-din-cairo\\\/#local-main-place-address\",\"streetAddress\":\"Mubarak 8, Al Kawthar District, Hurghada\",\"addressLocality\":\"Hurghada\",\"postalCode\":\"84511\",\"addressRegion\":\"Red Sea\",\"addressCountry\":\"EG\"},{\"@type\":\"ImageObject\",\"inLanguage\":\"ro-RO\",\"@id\":\"https:\\\/\\\/egytourpackages.com\\\/ro\\\/tours\\\/tur-piramide-giza-jumatate-de-zi-din-cairo\\\/#local-main-organization-logo\",\"url\":\"https:\\\/\\\/egytourpackages.com\\\/wp-content\\\/uploads\\\/2025\\\/12\\\/Turquoise-Dahabiya-Nile-Cruise-1.jpeg\",\"contentUrl\":\"https:\\\/\\\/egytourpackages.com\\\/wp-content\\\/uploads\\\/2025\\\/12\\\/Turquoise-Dahabiya-Nile-Cruise-1.jpeg\",\"width\":1040,\"height\":694,\"caption\":\"egypt tour packages\"}]}<\/script>\n<meta property=\"product:brand\" content=\"Excursii Cairo\" \/>\n<meta property=\"product:price:amount\" content=\"70\" \/>\n<meta property=\"product:price:currency\" content=\"EUR\" \/>\n<meta property=\"og:availability\" content=\"instock\" \/>\n<meta property=\"product:availability\" content=\"instock\" \/>\n<meta property=\"product:retailer_item_id\" content=\"CDT02\" \/>\n<meta property=\"product:condition\" content=\"new\" \/>\n<meta name=\"geo.placename\" content=\"Hurghada\" \/>\n<meta name=\"geo.region\" content=\"Egipt\" \/>\n<!-- \/ Yoast SEO Premium plugin. -->","yoast_head_json":{"title":"Tur Piramide Giza (Jum\u0103tate de Zi) din Cairo","description":"Tur Piramide Giza (Jum\u0103tate de Zi) din Cairo. Vede\u021bi Keops, Khafre \u0219i Sfinxul cu un ghid expert. Include o plimbare cu c\u0103mila de 30 min.","robots":{"index":"index","follow":"follow","max-snippet":"max-snippet:-1","max-image-preview":"max-image-preview:large","max-video-preview":"max-video-preview:-1"},"canonical":"https:\/\/egytourpackages.com\/ro\/tours\/tur-piramide-giza-jumatate-de-zi-din-cairo\/","og_locale":"ro_RO","og_type":"article","og_title":"Tur Piramide Giza (Jum\u0103tate de Zi) din Cairo","og_description":"Tur Piramide Giza (Jum\u0103tate de Zi) din Cairo. Vede\u021bi Keops, Khafre \u0219i Sfinxul cu un ghid expert. Include o plimbare cu c\u0103mila de 30 min.","og_url":"https:\/\/egytourpackages.com\/ro\/tours\/tur-piramide-giza-jumatate-de-zi-din-cairo\/","og_site_name":"Egypt Tour Packages","article_publisher":"https:\/\/www.facebook.com\/egytourpackages","article_modified_time":"2026-01-08T11:21:47+00:00","og_image":[{"url":"https:\/\/egytourpackages.com\/wp-content\/uploads\/2023\/08\/Half-Day-Pyramids-Tour-from-Cairo-1024x768.jpg","type":"","width":"","height":""}],"twitter_card":"summary_large_image","twitter_title":"Tur Piramide Giza (Jum\u0103tate de Zi) din Cairo","twitter_description":"Tur Piramide Giza (Jum\u0103tate de Zi) din Cairo. Vede\u021bi Keops, Khafre \u0219i Sfinxul cu un ghid expert. Include o plimbare cu c\u0103mila de 30 min.","twitter_image":"https:\/\/egytourpackages.com\/wp-content\/uploads\/2023\/07\/Giza-Pyramids-1-1024x768.jpg","twitter_misc":{"Pre\u021b":"&euro;70","Disponibilitate":"\u00cen stoc"},"schema":{"@context":"https:\/\/schema.org","@graph":[{"@type":"WebPage","@id":"https:\/\/egytourpackages.com\/ro\/tours\/tur-piramide-giza-jumatate-de-zi-din-cairo\/","url":"https:\/\/egytourpackages.com\/ro\/tours\/tur-piramide-giza-jumatate-de-zi-din-cairo\/","name":"Tur Piramide Giza (Jum\u0103tate de Zi) din Cairo","isPartOf":{"@id":"https:\/\/egytourpackages.com\/ro\/#website"},"primaryImageOfPage":{"@id":"https:\/\/egytourpackages.com\/ro\/tours\/tur-piramide-giza-jumatate-de-zi-din-cairo\/#primaryimage"},"image":{"@id":"https:\/\/egytourpackages.com\/ro\/tours\/tur-piramide-giza-jumatate-de-zi-din-cairo\/#primaryimage"},"thumbnailUrl":"https:\/\/egytourpackages.com\/wp-content\/uploads\/2023\/08\/Half-Day-Pyramids-Tour-from-Cairo.jpg","datePublished":"2023-08-16T12:26:05+00:00","dateModified":"2026-01-08T11:21:47+00:00","description":"Tur Piramide Giza (Jum\u0103tate de Zi) din Cairo. Vede\u021bi Keops, Khafre \u0219i Sfinxul cu un ghid expert. Include o plimbare cu c\u0103mila de 30 min.","breadcrumb":{"@id":"https:\/\/egytourpackages.com\/ro\/tours\/tur-piramide-giza-jumatate-de-zi-din-cairo\/#breadcrumb"},"inLanguage":"ro-RO","potentialAction":[{"@type":"ReadAction","target":["https:\/\/egytourpackages.com\/ro\/tours\/tur-piramide-giza-jumatate-de-zi-din-cairo\/"]}]},{"@type":"ImageObject","inLanguage":"ro-RO","@id":"https:\/\/egytourpackages.com\/ro\/tours\/tur-piramide-giza-jumatate-de-zi-din-cairo\/#primaryimage","url":"https:\/\/egytourpackages.com\/wp-content\/uploads\/2023\/08\/Half-Day-Pyramids-Tour-from-Cairo.jpg","contentUrl":"https:\/\/egytourpackages.com\/wp-content\/uploads\/2023\/08\/Half-Day-Pyramids-Tour-from-Cairo.jpg","width":1600,"height":1200,"caption":"Tur Piramide Giza (Jum\u0103tate de Zi) din Cairo"},{"@type":"BreadcrumbList","@id":"https:\/\/egytourpackages.com\/ro\/tours\/tur-piramide-giza-jumatate-de-zi-din-cairo\/#breadcrumb","itemListElement":[{"@type":"ListItem","position":1,"name":"Home","item":"https:\/\/egytourpackages.com\/ro\/"},{"@type":"ListItem","position":2,"name":"Shop","item":"https:\/\/egytourpackages.com\/shop\/"},{"@type":"ListItem","position":3,"name":"Tur Piramide Giza (Jum\u0103tate de Zi) din Cairo"}]},{"@type":"WebSite","@id":"https:\/\/egytourpackages.com\/ro\/#website","url":"https:\/\/egytourpackages.com\/ro\/","name":"Egy tour packages","description":"","publisher":{"@id":"https:\/\/egytourpackages.com\/ro\/#organization"},"potentialAction":[{"@type":"SearchAction","target":{"@type":"EntryPoint","urlTemplate":"https:\/\/egytourpackages.com\/ro\/?s={search_term_string}"},"query-input":{"@type":"PropertyValueSpecification","valueRequired":true,"valueName":"search_term_string"}}],"inLanguage":"ro-RO"},{"@type":["Organization","Place","TravelAgency"],"@id":"https:\/\/egytourpackages.com\/ro\/#organization","name":"egypt tour packages","alternateName":"egypt tour packages","url":"https:\/\/egytourpackages.com\/ro\/","logo":{"@id":"https:\/\/egytourpackages.com\/ro\/tours\/tur-piramide-giza-jumatate-de-zi-din-cairo\/#local-main-organization-logo"},"image":{"@id":"https:\/\/egytourpackages.com\/ro\/tours\/tur-piramide-giza-jumatate-de-zi-din-cairo\/#local-main-organization-logo"},"sameAs":["https:\/\/www.facebook.com\/egytourpackages"],"legalName":"Egy tour packages","address":{"@id":"https:\/\/egytourpackages.com\/ro\/tours\/tur-piramide-giza-jumatate-de-zi-din-cairo\/#local-main-place-address"},"telephone":["00201000852186","00201028685533"],"contactPoint":{"@type":"ContactPoint","telephone":"00201000852186"},"openingHoursSpecification":[{"@type":"OpeningHoursSpecification","dayOfWeek":["Monday","Tuesday","Wednesday","Thursday","Friday","Saturday","Sunday"],"opens":"00:00","closes":"23:59"}],"email":"info@egytourpackages.com","areaServed":"Cairo, Hurghada, Luxor, Sharm El Sheikh, Marsa Alam, Aswan","priceRange":"$","currenciesAccepted":"euro","paymentAccepted":"Payment links online"},{"@type":"PostalAddress","@id":"https:\/\/egytourpackages.com\/ro\/tours\/tur-piramide-giza-jumatate-de-zi-din-cairo\/#local-main-place-address","streetAddress":"Mubarak 8, Al Kawthar District, Hurghada","addressLocality":"Hurghada","postalCode":"84511","addressRegion":"Red Sea","addressCountry":"EG"},{"@type":"ImageObject","inLanguage":"ro-RO","@id":"https:\/\/egytourpackages.com\/ro\/tours\/tur-piramide-giza-jumatate-de-zi-din-cairo\/#local-main-organization-logo","url":"https:\/\/egytourpackages.com\/wp-content\/uploads\/2025\/12\/Turquoise-Dahabiya-Nile-Cruise-1.jpeg","contentUrl":"https:\/\/egytourpackages.com\/wp-content\/uploads\/2025\/12\/Turquoise-Dahabiya-Nile-Cruise-1.jpeg","width":1040,"height":694,"caption":"egypt tour packages"}]},"product_brand":"Excursii Cairo","product_price_amount":"70","product_price_currency":"EUR","og_availability":"instock","product_availability":"instock","product_retailer_item_id":"CDT02","product_condition":"new","geo.placename":"Hurghada","geo.region":"Egipt"},"_links":{"self":[{"href":"https:\/\/egytourpackages.com\/ro\/wp-json\/wp\/v2\/product\/10059","targetHints":{"allow":["GET"]}}],"collection":[{"href":"https:\/\/egytourpackages.com\/ro\/wp-json\/wp\/v2\/product"}],"about":[{"href":"https:\/\/egytourpackages.com\/ro\/wp-json\/wp\/v2\/types\/product"}],"replies":[{"embeddable":true,"href":"https:\/\/egytourpackages.com\/ro\/wp-json\/wp\/v2\/comments?post=10059"}],"wp:featuredmedia":[{"embeddable":true,"href":"https:\/\/egytourpackages.com\/ro\/wp-json\/wp\/v2\/media\/9811"}],"wp:attachment":[{"href":"https:\/\/egytourpackages.com\/ro\/wp-json\/wp\/v2\/media?parent=10059"}],"wp:term":[{"taxonomy":"product_brand","embeddable":true,"href":"https:\/\/egytourpackages.com\/ro\/wp-json\/wp\/v2\/product_brand?post=10059"},{"taxonomy":"product_cat","embeddable":true,"href":"https:\/\/egytourpackages.com\/ro\/wp-json\/wp\/v2\/product_cat?post=10059"},{"taxonomy":"product_tag","embeddable":true,"href":"https:\/\/egytourpackages.com\/ro\/wp-json\/wp\/v2\/product_tag?post=10059"}],"curies":[{"name":"wp","href":"https:\/\/api.w.org\/{rel}","templated":true}]}}