{"id":10061,"date":"2023-08-18T21:33:13","date_gmt":"2023-08-18T21:33:13","guid":{"rendered":"https:\/\/egytourpackages.com\/product\/marele-muzeu-egiptean-si-turul-vechiului-cairo\/"},"modified":"2026-01-08T11:22:16","modified_gmt":"2026-01-08T11:22:16","slug":"marele-muzeu-egiptean-si-turul-vechiului-cairo","status":"publish","type":"product","link":"https:\/\/egytourpackages.com\/ro\/tours\/marele-muzeu-egiptean-si-turul-vechiului-cairo\/","title":{"rendered":"Marele Muzeu Egiptean \u0219i Turul Vechiului Cairo"},"content":{"rendered":"<p><strong><span style=\"color: #ff6600;\">Marele Muzeu Egiptean \u0219i Turul Vechiului Cairo<\/span><\/strong><\/p>\n<p>Experimenta\u021bi faimosul ora\u0219 <strong>Cairo<\/strong> cu un <strong>tur de o zi<\/strong> captivant la <strong>Marele Muzeu Egiptean<\/strong> \u0219i <strong>Cairo Vechi<\/strong>, conceput pentru a prezenta <strong>istoria antic\u0103<\/strong> de neegalat a ora\u0219ului \u0219i patrimoniul cultural divers.<\/p>\n<p>Aceast\u0103 <strong>excursie de o zi \u00een Cairo<\/strong> complet\u0103 ofer\u0103 o c\u0103l\u0103torie de neuitat prin milenii, perfect\u0103 pentru orice <strong>pasionat de c\u0103l\u0103torii \u00een Egipt<\/strong>.<\/p>\n<p>Explorarea dumneavoastr\u0103 \u00eencepe \u00een istoricul <strong>Cairo Copt<\/strong>, inima spiritual\u0103 a ora\u0219ului. Plimba\u021bi-v\u0103 pe alei antice pentru a descoperi emblematica <strong>Biseric\u0103 Suspendat\u0103<\/strong> (<strong>Hanging Church<\/strong>), o minune a arhitecturii cre\u0219tine timpurii, suspendat\u0103 deasupra unei <strong>fort\u0103re\u021be romane<\/strong>.<\/p>\n<p>Explora\u021bi r\u0103m\u0103\u0219i\u021bele anticei <strong>Fort\u0103re\u021be Romane Babilon<\/strong> \u0219i vizita\u021bi sacra <strong>Biseric\u0103 a Sfin\u021bilor Serghie \u0219i Bachus<\/strong> (<strong>Abu Serga Church<\/strong>), considerat\u0103 un refugiu pentru <strong>Sf\u00e2nta Familie<\/strong>. De asemenea, \u00eencheia\u021bi acest segment la venerata <strong>Sinagog\u0103 Ben Ezra<\/strong>, plin\u0103 de istorie \u0219i legend\u0103 evreiasc\u0103.<\/p>\n<p>Apoi, vizita\u021bi magnificul <strong>Marele Muzeu Egiptean<\/strong> (<strong>GEM<\/strong>), cel mai mare muzeu arheologic din lume \u0219i o atrac\u021bie de prim rang din <strong>Cairo<\/strong>. P\u0103trunde\u021bi \u00eentr-o colec\u021bie de neegalat de <strong>artefacte egiptene antice<\/strong>, cu str\u0103lucitoarele <strong>comori ale lui Tutankhamon<\/strong> ca pies\u0103 central\u0103.<\/p>\n<p>Minuna\u021bi-v\u0103 de statui colosale, \u00eensemne regale complicate \u0219i mii de exponate care nareaz\u0103 peste 5.000 de ani de <strong>istorie faraonic\u0103<\/strong>.<\/p>\n<p>\u00cen final, v\u0103 ve\u021bi \u00eencheia ziua \u00een <strong>Cairo Islamic<\/strong>, plimb\u00e2ndu-v\u0103 de-a lungul <strong>Str\u0103zii El Moez<\/strong>, adesea descris\u0103 ca un \u201emuzeu \u00een aer liber\u201d datorit\u0103 concentr\u0103rii dense de moschei medievale uimitoare, medrese \u0219i cl\u0103diri istorice.<\/p>\n<p>Cufunda\u021bi-v\u0103 \u00een atmosfera plin\u0103 de via\u021b\u0103 a <strong>bazarului Khan El Khalili<\/strong>, cea mai veche \u0219i cea mai faimoas\u0103 pia\u021b\u0103 din <strong>Cairo<\/strong>.<\/p>\n<h3><span style=\"color: #ff6600;\">Detalii Tur<\/span><\/h3>\n<ul>\n<li>Durata: O Zi<\/li>\n<li>Loca\u021bia Turului: Cairo<\/li>\n<li>Disponibilitate Tur: Zilnic<\/li>\n<li>Preluare &amp; Predare: Hotelurile din Cairo &amp; Giza<\/li>\n<li>Tip Tur: Privat<\/li>\n<\/ul>\n<h3><span style=\"color: #ff6600;\">Atrac\u021bii Principale ale Turului<\/span><\/h3>\n<ul>\n<li>Marele Muzeu Egiptean (GEM)<\/li>\n<li>Biserica Suspendat\u0103 (Hanging Church)<\/li>\n<li>Fort\u0103rea\u021ba Roman\u0103<\/li>\n<li>Biserica Abu Serga<\/li>\n<li>Sinagoga Ben Ezra<\/li>\n<li>Strada El Moez<\/li>\n<li>Khan El Khalili<\/li>\n<\/ul>\n<h3><span style=\"color: #ff6600;\">Servicii Incluse<\/span><\/h3>\n<ul>\n<li>Transfer dus-\u00eentors cu vehicul modern cu aer condi\u021bionat<\/li>\n<li>Ghid expert Arheolog<\/li>\n<li>Pr\u00e2nz<\/li>\n<li>Ap\u0103 \u00een timpul turului<\/li>\n<\/ul>\n<h3><span style=\"color: #ff6600;\">Servicii Neinclus<\/span>e<\/h3>\n<ul>\n<li>Bac\u0219i\u0219uri (Tipping)<\/li>\n<li>Orice cheltuieli personale<\/li>\n<\/ul>\n<h3><span style=\"color: #ff6600;\">Ce s\u0103 Pune\u021bi \u00een Bagaj<\/span><\/h3>\n<ul>\n<li>Crem\u0103 de soare \u0219i ochelari de soare<\/li>\n<li>P\u0103l\u0103rie sau E\u0219arf\u0103<\/li>\n<\/ul>\n<h2><span style=\"color: #ff6600;\">Itinerariu<\/span><\/h2>\n<p>Dup\u0103 un mic dejun delicios, ghidul dumneavoastr\u0103 expert v\u0103 va \u00eent\u00e2lni pentru a \u00eencepe explorarea atrac\u021biilor emblematice din <strong>Cairo<\/strong>. C\u0103l\u0103toria dumneavoastr\u0103 \u00een inima spiritual\u0103 a ora\u0219ului \u00eencepe cu un <strong>tur captivant \u00een Cairo Copt<\/strong>, vizit\u00e2nd venerata <strong>Biseric\u0103 Suspendat\u0103<\/strong>, o minune a arhitecturii cre\u0219tine timpurii.<\/p>\n<p>Descoperi\u021bi zidurile fundamentale ale <strong>Fort\u0103re\u021bei Romane<\/strong> \u0219i cufunda\u021bi-v\u0103 \u00een istoria sacr\u0103 a <strong>Bisericii Sfin\u021bilor Serghie \u0219i Bachus<\/strong>, despre care se crede c\u0103 a ad\u0103postit <strong>Sf\u00e2nta Familie<\/strong>. \u00cencheia\u021bi acest segment la istorica <strong>Sinagog\u0103 a lui Ben Ezra \u0219i Geniza<\/strong>, cunoscut\u0103 pentru documentele sale importante de tip Geniza.<\/p>\n<h3><span style=\"color: #ff6600;\">GEM, Marele Muzeu Egiptean <\/span><\/h3>\n<p>Apoi, p\u0103trunde\u021bi \u00een minunile de neegalat ale <strong>Marelui Muzeu Egiptean<\/strong>. Preg\u0103ti\u021bi-v\u0103 s\u0103 fi\u021bi captiva\u021bi de str\u0103lucitoarele <strong>comori ale lui Tutankhamon<\/strong>, un punct culminant al <strong>artefactelor egiptene antice<\/strong> din morm\u00e2ntul t\u00e2n\u0103rului rege.<\/p>\n<p>Explora\u021bi exponate remarcabile, inclusiv regele de argint <strong>Psusennes I<\/strong>, maiestuosul <strong>Sfinx al lui Hatshepsut<\/strong> de la <strong>Deir El Bahari<\/strong>, monumentala <strong>statuie a lui Khufu<\/strong> (<strong>Cheops statue<\/strong>), barca antic\u0103 a lui Khufu (<strong>Cheops boat<\/strong>), statuia regal\u0103 din diorit a lui <strong>Khafre<\/strong> (<strong>Chephren diorite statue<\/strong>), statuia realist\u0103 din lemn a lui <strong>Kaaper<\/strong>, fascinantele <strong>mumii de animale<\/strong> \u0219i comorile excep\u021bionale ale lui <strong>Yuya \u0219i Tuya<\/strong>, al\u0103turi de papirusuri antice \u0219i machete complicate din lemn.<\/p>\n<p>Dup\u0103 experien\u021ba dumneavoastr\u0103 imersiv\u0103 la muzeu, savura\u021bi un <strong>pr\u00e2nz delicios<\/strong> la un <strong>restaurant local<\/strong>, gata s\u0103 continua\u021bi explorarea peisajului istoric divers al <strong>Cairo-ului<\/strong>.<\/p>\n<p>La sf\u00e2r\u0219itul <strong>turului de o zi \u00een Cairo<\/strong> la Muzeu, v\u0103 ve\u021bi bucura de pr\u00e2nz la un restaurant local, apoi ve\u021bi continua c\u0103tre urm\u0103toarea oprire: <strong>Strada El Moez<\/strong>.<\/p>\n<p>Aceast\u0103 strad\u0103 dateaz\u0103 din timpul celui de-al patrulea Calif al <strong>dinastiei Fatimide<\/strong> \u0219i p\u0103streaz\u0103 cultura egiptean\u0103 din erele Fatimid\u0103, <strong>Mameluc\u0103<\/strong>, Ayyubid\u0103, Otoman\u0103 p\u00e2n\u0103 la era lui <strong>Mohammed Ali Pa\u0219a<\/strong>.<\/p>\n<p>De fapt, una dintre <strong>cele mai bune activit\u0103\u021bi de f\u0103cut \u00een Cairo<\/strong> este vizitarea <strong>Str\u0103zii El Moez<\/strong>, deoarece aici pute\u021bi vedea Moschei, Wikalas, Sabils, Kuttabs, Madrasa \u0219i case. Dup\u0103 aceea, v\u0103 ve\u021bi \u00eencheia ziua la celebrul <strong>Bazar Khan El Khalili<\/strong> din <strong>Cairo<\/strong>.<\/p>\n<p>Apoi, retur la hotelul dumneavoastr\u0103.<\/p>\n<h3><span style=\"color: #ff6600;\">Pre\u021b Tur Muzeul Egiptean Mare \u0219i Cairo Vechi<\/span><\/h3>\n<ul>\n<li>Pre\u021b Adult = 90 \u20ac<\/li>\n<li>Copii 0-5 ani = gratuit<\/li>\n<li>Copii 5 -11 ani = <strong>50%<\/strong> din pre\u021bul pentru adult<\/li>\n<\/ul>\n<h3><span style=\"color: #ff6600;\">Rezervare<\/span><\/h3>\n<p>Pute\u021bi rezerva tururile dumneavoastr\u0103 de o zi \u00een Cairo prin WhatsApp sau s\u0103 ne trimite\u021bi un E-mail \u0219i ve\u021bi primi confirmarea pe loc.<\/p>\n<p>V\u0103 rug\u0103m s\u0103 ne trimite\u021bi numele hotelului, num\u0103rul camerei, copiile pa\u0219apoartelor.<\/p>\n<ul>\n<li>WhatsApp: +201000852186<\/li>\n<li>info@egytourpackages.com<\/li>\n<\/ul>\n<h3><span style=\"color: #ff6600;\">Rezerva\u021bi Acum &amp; Pl\u0103ti\u021bi la fa\u021ba locului <\/span><\/h3>\n<p>Rezerva\u021bi turul dumneavoastr\u0103 preferat \u0219i pl\u0103ti\u021bi \u00een ziua excursiei.<\/p>\n<h3><span style=\"color: #ff6600;\">Plat\u0103<\/span><\/h3>\n<p>Pute\u021bi pl\u0103ti \u00een Lira Egiptean\u0103, $, \u20ac\u200e sau \u00a3.<\/p>\n<h3><span style=\"color: #ff6600;\">Politica de Anulare<\/span><\/h3>\n<ul>\n<li>Anularea este gratuit\u0103 cu p\u00e2n\u0103 la 24 de ore \u00een avans<\/li>\n<li>Anularea \u00een diminea\u021ba zilei respective \u00eenseamn\u0103 50% din pre\u021b<\/li>\n<\/ul>\n","protected":false},"excerpt":{"rendered":"<p>Descoperi\u021bi Marele Muzeu Egiptean \u0219i Turul Vechiului Cairo. Explora\u021bi comorile lui Tutankhamon, Cairo Copt \u0219i Bazarul Khan El Khalili.<\/p>\n","protected":false},"featured_media":10063,"comment_status":"open","ping_status":"closed","template":"","meta":[],"product_brand":[],"product_cat":[3120],"product_tag":[3477,3203,3253,3251],"class_list":{"0":"post-10061","1":"product","2":"type-product","3":"status-publish","4":"has-post-thumbnail","6":"product_cat-tururi","7":"product_tag-cairo-vechi","8":"product_tag-excursii-de-o-zi-in-egipt","9":"product_tag-excursii-de-o-zi-la-cairo","10":"product_tag-marele-muzeu-egiptean","11":"tour_category-excursii-cairo-ro","12":"tour_category-excursii-de-o-zi-in-egipt-ro","14":"first","15":"instock","16":"sale","17":"shipping-taxable","18":"purchasable","19":"product-type-tour","20":"has-default-attributes"},"yoast_head":"<!-- This site is optimized with the Yoast SEO Premium plugin v27.4 (Yoast SEO v27.4) - https:\/\/yoast.com\/product\/yoast-seo-premium-wordpress\/ -->\n<title>Marele Muzeu Egiptean \u0219i Turul Vechiului Cairo<\/title>\n<meta name=\"description\" content=\"Descoperi\u021bi Marele Muzeu Egiptean \u0219i Turul Vechiului Cairo. Explora\u021bi comorile lui Tutankhamon, Cairo Copt \u0219i Bazarul Khan El Khalili.\" \/>\n<meta name=\"robots\" content=\"index, follow, max-snippet:-1, max-image-preview:large, max-video-preview:-1\" \/>\n<link rel=\"canonical\" href=\"https:\/\/egytourpackages.com\/ro\/tours\/marele-muzeu-egiptean-si-turul-vechiului-cairo\/\" \/>\n<meta property=\"og:locale\" content=\"ro_RO\" \/>\n<meta property=\"og:type\" content=\"article\" \/>\n<meta property=\"og:title\" content=\"Marele Muzeu Egiptean \u0219i Turul Vechiului Cairo\" \/>\n<meta property=\"og:description\" content=\"Descoperi\u021bi Marele Muzeu Egiptean \u0219i Turul Vechiului Cairo. Explora\u021bi comorile lui Tutankhamon, Cairo Copt \u0219i Bazarul Khan El Khalili.\" \/>\n<meta property=\"og:url\" content=\"https:\/\/egytourpackages.com\/ro\/tours\/marele-muzeu-egiptean-si-turul-vechiului-cairo\/\" \/>\n<meta property=\"og:site_name\" content=\"Egypt Tour Packages\" \/>\n<meta property=\"article:publisher\" content=\"https:\/\/www.facebook.com\/egytourpackages\" \/>\n<meta property=\"article:modified_time\" content=\"2026-01-08T11:22:16+00:00\" \/>\n<meta property=\"og:image\" content=\"https:\/\/egytourpackages.com\/wp-content\/uploads\/2023\/08\/Wooden-Maquettes-Egyptian-Museum-1024x768.jpg\" \/>\n<meta name=\"twitter:card\" content=\"summary_large_image\" \/>\n<meta name=\"twitter:title\" content=\"Marele Muzeu Egiptean \u0219i Turul Vechiului Cairo\" \/>\n<meta name=\"twitter:description\" content=\"Descoperi\u021bi Marele Muzeu Egiptean \u0219i Turul Vechiului Cairo. Explora\u021bi comorile lui Tutankhamon, Cairo Copt \u0219i Bazarul Khan El Khalili.\" \/>\n<meta name=\"twitter:image\" content=\"https:\/\/egytourpackages.com\/wp-content\/uploads\/2023\/08\/Wooden-Maquettes-Egyptian-Museum-1024x768.jpg\" \/>\n<meta name=\"twitter:label1\" content=\"Pre\u021b\" \/>\n\t<meta name=\"twitter:data1\" content=\"&euro;90\" \/>\n\t<meta name=\"twitter:label2\" content=\"Disponibilitate\" \/>\n\t<meta name=\"twitter:data2\" content=\"\u00cen stoc\" \/>\n<script type=\"application\/ld+json\" class=\"yoast-schema-graph\">{\"@context\":\"https:\\\/\\\/schema.org\",\"@graph\":[{\"@type\":\"WebPage\",\"@id\":\"https:\\\/\\\/egytourpackages.com\\\/ro\\\/tours\\\/marele-muzeu-egiptean-si-turul-vechiului-cairo\\\/\",\"url\":\"https:\\\/\\\/egytourpackages.com\\\/ro\\\/tours\\\/marele-muzeu-egiptean-si-turul-vechiului-cairo\\\/\",\"name\":\"Marele Muzeu Egiptean \u0219i Turul Vechiului Cairo\",\"isPartOf\":{\"@id\":\"https:\\\/\\\/egytourpackages.com\\\/ro\\\/#website\"},\"primaryImageOfPage\":{\"@id\":\"https:\\\/\\\/egytourpackages.com\\\/ro\\\/tours\\\/marele-muzeu-egiptean-si-turul-vechiului-cairo\\\/#primaryimage\"},\"image\":{\"@id\":\"https:\\\/\\\/egytourpackages.com\\\/ro\\\/tours\\\/marele-muzeu-egiptean-si-turul-vechiului-cairo\\\/#primaryimage\"},\"thumbnailUrl\":\"https:\\\/\\\/egytourpackages.com\\\/wp-content\\\/uploads\\\/2023\\\/08\\\/Wooden-Maquettes-Egyptian-Museum.jpg\",\"datePublished\":\"2023-08-18T21:33:13+00:00\",\"dateModified\":\"2026-01-08T11:22:16+00:00\",\"description\":\"Descoperi\u021bi Marele Muzeu Egiptean \u0219i Turul Vechiului Cairo. Explora\u021bi comorile lui Tutankhamon, Cairo Copt \u0219i Bazarul Khan El Khalili.\",\"breadcrumb\":{\"@id\":\"https:\\\/\\\/egytourpackages.com\\\/ro\\\/tours\\\/marele-muzeu-egiptean-si-turul-vechiului-cairo\\\/#breadcrumb\"},\"inLanguage\":\"ro-RO\",\"potentialAction\":[{\"@type\":\"ReadAction\",\"target\":[\"https:\\\/\\\/egytourpackages.com\\\/ro\\\/tours\\\/marele-muzeu-egiptean-si-turul-vechiului-cairo\\\/\"]}]},{\"@type\":\"ImageObject\",\"inLanguage\":\"ro-RO\",\"@id\":\"https:\\\/\\\/egytourpackages.com\\\/ro\\\/tours\\\/marele-muzeu-egiptean-si-turul-vechiului-cairo\\\/#primaryimage\",\"url\":\"https:\\\/\\\/egytourpackages.com\\\/wp-content\\\/uploads\\\/2023\\\/08\\\/Wooden-Maquettes-Egyptian-Museum.jpg\",\"contentUrl\":\"https:\\\/\\\/egytourpackages.com\\\/wp-content\\\/uploads\\\/2023\\\/08\\\/Wooden-Maquettes-Egyptian-Museum.jpg\",\"width\":2000,\"height\":1500,\"caption\":\"Machete din lemn, Muzeul Egiptean\"},{\"@type\":\"BreadcrumbList\",\"@id\":\"https:\\\/\\\/egytourpackages.com\\\/ro\\\/tours\\\/marele-muzeu-egiptean-si-turul-vechiului-cairo\\\/#breadcrumb\",\"itemListElement\":[{\"@type\":\"ListItem\",\"position\":1,\"name\":\"Home\",\"item\":\"https:\\\/\\\/egytourpackages.com\\\/ro\\\/\"},{\"@type\":\"ListItem\",\"position\":2,\"name\":\"Shop\",\"item\":\"https:\\\/\\\/egytourpackages.com\\\/shop\\\/\"},{\"@type\":\"ListItem\",\"position\":3,\"name\":\"Marele Muzeu Egiptean \u0219i Turul Vechiului Cairo\"}]},{\"@type\":\"WebSite\",\"@id\":\"https:\\\/\\\/egytourpackages.com\\\/ro\\\/#website\",\"url\":\"https:\\\/\\\/egytourpackages.com\\\/ro\\\/\",\"name\":\"Egy tour packages\",\"description\":\"\",\"publisher\":{\"@id\":\"https:\\\/\\\/egytourpackages.com\\\/ro\\\/#organization\"},\"potentialAction\":[{\"@type\":\"SearchAction\",\"target\":{\"@type\":\"EntryPoint\",\"urlTemplate\":\"https:\\\/\\\/egytourpackages.com\\\/ro\\\/?s={search_term_string}\"},\"query-input\":{\"@type\":\"PropertyValueSpecification\",\"valueRequired\":true,\"valueName\":\"search_term_string\"}}],\"inLanguage\":\"ro-RO\"},{\"@type\":[\"Organization\",\"Place\",\"TravelAgency\"],\"@id\":\"https:\\\/\\\/egytourpackages.com\\\/ro\\\/#organization\",\"name\":\"egypt tour packages\",\"alternateName\":\"egypt tour packages\",\"url\":\"https:\\\/\\\/egytourpackages.com\\\/ro\\\/\",\"logo\":{\"@id\":\"https:\\\/\\\/egytourpackages.com\\\/ro\\\/tours\\\/marele-muzeu-egiptean-si-turul-vechiului-cairo\\\/#local-main-organization-logo\"},\"image\":{\"@id\":\"https:\\\/\\\/egytourpackages.com\\\/ro\\\/tours\\\/marele-muzeu-egiptean-si-turul-vechiului-cairo\\\/#local-main-organization-logo\"},\"sameAs\":[\"https:\\\/\\\/www.facebook.com\\\/egytourpackages\"],\"legalName\":\"Egy tour packages\",\"address\":{\"@id\":\"https:\\\/\\\/egytourpackages.com\\\/ro\\\/tours\\\/marele-muzeu-egiptean-si-turul-vechiului-cairo\\\/#local-main-place-address\"},\"telephone\":[\"00201000852186\",\"00201028685533\"],\"contactPoint\":{\"@type\":\"ContactPoint\",\"telephone\":\"00201000852186\"},\"openingHoursSpecification\":[{\"@type\":\"OpeningHoursSpecification\",\"dayOfWeek\":[\"Monday\",\"Tuesday\",\"Wednesday\",\"Thursday\",\"Friday\",\"Saturday\",\"Sunday\"],\"opens\":\"00:00\",\"closes\":\"23:59\"}],\"email\":\"info@egytourpackages.com\",\"areaServed\":\"Cairo, Hurghada, Luxor, Sharm El Sheikh, Marsa Alam, Aswan\",\"priceRange\":\"$\",\"currenciesAccepted\":\"euro\",\"paymentAccepted\":\"Payment links online\"},{\"@type\":\"PostalAddress\",\"@id\":\"https:\\\/\\\/egytourpackages.com\\\/ro\\\/tours\\\/marele-muzeu-egiptean-si-turul-vechiului-cairo\\\/#local-main-place-address\",\"streetAddress\":\"Mubarak 8, Al Kawthar District, Hurghada\",\"addressLocality\":\"Hurghada\",\"postalCode\":\"84511\",\"addressRegion\":\"Red Sea\",\"addressCountry\":\"EG\"},{\"@type\":\"ImageObject\",\"inLanguage\":\"ro-RO\",\"@id\":\"https:\\\/\\\/egytourpackages.com\\\/ro\\\/tours\\\/marele-muzeu-egiptean-si-turul-vechiului-cairo\\\/#local-main-organization-logo\",\"url\":\"https:\\\/\\\/egytourpackages.com\\\/wp-content\\\/uploads\\\/2025\\\/12\\\/Turquoise-Dahabiya-Nile-Cruise-1.jpeg\",\"contentUrl\":\"https:\\\/\\\/egytourpackages.com\\\/wp-content\\\/uploads\\\/2025\\\/12\\\/Turquoise-Dahabiya-Nile-Cruise-1.jpeg\",\"width\":1040,\"height\":694,\"caption\":\"egypt tour packages\"}]}<\/script>\n<meta property=\"product:brand\" content=\"Excursii Cairo\" \/>\n<meta property=\"product:price:amount\" content=\"90\" \/>\n<meta property=\"product:price:currency\" content=\"EUR\" \/>\n<meta property=\"og:availability\" content=\"instock\" \/>\n<meta property=\"product:availability\" content=\"instock\" \/>\n<meta property=\"product:retailer_item_id\" content=\"CDT04\" \/>\n<meta property=\"product:condition\" content=\"new\" \/>\n<meta name=\"geo.placename\" content=\"Hurghada\" \/>\n<meta name=\"geo.region\" content=\"Egipt\" \/>\n<!-- \/ Yoast SEO Premium plugin. -->","yoast_head_json":{"title":"Marele Muzeu Egiptean \u0219i Turul Vechiului Cairo","description":"Descoperi\u021bi Marele Muzeu Egiptean \u0219i Turul Vechiului Cairo. Explora\u021bi comorile lui Tutankhamon, Cairo Copt \u0219i Bazarul Khan El Khalili.","robots":{"index":"index","follow":"follow","max-snippet":"max-snippet:-1","max-image-preview":"max-image-preview:large","max-video-preview":"max-video-preview:-1"},"canonical":"https:\/\/egytourpackages.com\/ro\/tours\/marele-muzeu-egiptean-si-turul-vechiului-cairo\/","og_locale":"ro_RO","og_type":"article","og_title":"Marele Muzeu Egiptean \u0219i Turul Vechiului Cairo","og_description":"Descoperi\u021bi Marele Muzeu Egiptean \u0219i Turul Vechiului Cairo. Explora\u021bi comorile lui Tutankhamon, Cairo Copt \u0219i Bazarul Khan El Khalili.","og_url":"https:\/\/egytourpackages.com\/ro\/tours\/marele-muzeu-egiptean-si-turul-vechiului-cairo\/","og_site_name":"Egypt Tour Packages","article_publisher":"https:\/\/www.facebook.com\/egytourpackages","article_modified_time":"2026-01-08T11:22:16+00:00","og_image":[{"url":"https:\/\/egytourpackages.com\/wp-content\/uploads\/2023\/08\/Wooden-Maquettes-Egyptian-Museum-1024x768.jpg","type":"","width":"","height":""}],"twitter_card":"summary_large_image","twitter_title":"Marele Muzeu Egiptean \u0219i Turul Vechiului Cairo","twitter_description":"Descoperi\u021bi Marele Muzeu Egiptean \u0219i Turul Vechiului Cairo. Explora\u021bi comorile lui Tutankhamon, Cairo Copt \u0219i Bazarul Khan El Khalili.","twitter_image":"https:\/\/egytourpackages.com\/wp-content\/uploads\/2023\/08\/Wooden-Maquettes-Egyptian-Museum-1024x768.jpg","twitter_misc":{"Pre\u021b":"&euro;90","Disponibilitate":"\u00cen stoc"},"schema":{"@context":"https:\/\/schema.org","@graph":[{"@type":"WebPage","@id":"https:\/\/egytourpackages.com\/ro\/tours\/marele-muzeu-egiptean-si-turul-vechiului-cairo\/","url":"https:\/\/egytourpackages.com\/ro\/tours\/marele-muzeu-egiptean-si-turul-vechiului-cairo\/","name":"Marele Muzeu Egiptean \u0219i Turul Vechiului Cairo","isPartOf":{"@id":"https:\/\/egytourpackages.com\/ro\/#website"},"primaryImageOfPage":{"@id":"https:\/\/egytourpackages.com\/ro\/tours\/marele-muzeu-egiptean-si-turul-vechiului-cairo\/#primaryimage"},"image":{"@id":"https:\/\/egytourpackages.com\/ro\/tours\/marele-muzeu-egiptean-si-turul-vechiului-cairo\/#primaryimage"},"thumbnailUrl":"https:\/\/egytourpackages.com\/wp-content\/uploads\/2023\/08\/Wooden-Maquettes-Egyptian-Museum.jpg","datePublished":"2023-08-18T21:33:13+00:00","dateModified":"2026-01-08T11:22:16+00:00","description":"Descoperi\u021bi Marele Muzeu Egiptean \u0219i Turul Vechiului Cairo. Explora\u021bi comorile lui Tutankhamon, Cairo Copt \u0219i Bazarul Khan El Khalili.","breadcrumb":{"@id":"https:\/\/egytourpackages.com\/ro\/tours\/marele-muzeu-egiptean-si-turul-vechiului-cairo\/#breadcrumb"},"inLanguage":"ro-RO","potentialAction":[{"@type":"ReadAction","target":["https:\/\/egytourpackages.com\/ro\/tours\/marele-muzeu-egiptean-si-turul-vechiului-cairo\/"]}]},{"@type":"ImageObject","inLanguage":"ro-RO","@id":"https:\/\/egytourpackages.com\/ro\/tours\/marele-muzeu-egiptean-si-turul-vechiului-cairo\/#primaryimage","url":"https:\/\/egytourpackages.com\/wp-content\/uploads\/2023\/08\/Wooden-Maquettes-Egyptian-Museum.jpg","contentUrl":"https:\/\/egytourpackages.com\/wp-content\/uploads\/2023\/08\/Wooden-Maquettes-Egyptian-Museum.jpg","width":2000,"height":1500,"caption":"Machete din lemn, Muzeul Egiptean"},{"@type":"BreadcrumbList","@id":"https:\/\/egytourpackages.com\/ro\/tours\/marele-muzeu-egiptean-si-turul-vechiului-cairo\/#breadcrumb","itemListElement":[{"@type":"ListItem","position":1,"name":"Home","item":"https:\/\/egytourpackages.com\/ro\/"},{"@type":"ListItem","position":2,"name":"Shop","item":"https:\/\/egytourpackages.com\/shop\/"},{"@type":"ListItem","position":3,"name":"Marele Muzeu Egiptean \u0219i Turul Vechiului Cairo"}]},{"@type":"WebSite","@id":"https:\/\/egytourpackages.com\/ro\/#website","url":"https:\/\/egytourpackages.com\/ro\/","name":"Egy tour packages","description":"","publisher":{"@id":"https:\/\/egytourpackages.com\/ro\/#organization"},"potentialAction":[{"@type":"SearchAction","target":{"@type":"EntryPoint","urlTemplate":"https:\/\/egytourpackages.com\/ro\/?s={search_term_string}"},"query-input":{"@type":"PropertyValueSpecification","valueRequired":true,"valueName":"search_term_string"}}],"inLanguage":"ro-RO"},{"@type":["Organization","Place","TravelAgency"],"@id":"https:\/\/egytourpackages.com\/ro\/#organization","name":"egypt tour packages","alternateName":"egypt tour packages","url":"https:\/\/egytourpackages.com\/ro\/","logo":{"@id":"https:\/\/egytourpackages.com\/ro\/tours\/marele-muzeu-egiptean-si-turul-vechiului-cairo\/#local-main-organization-logo"},"image":{"@id":"https:\/\/egytourpackages.com\/ro\/tours\/marele-muzeu-egiptean-si-turul-vechiului-cairo\/#local-main-organization-logo"},"sameAs":["https:\/\/www.facebook.com\/egytourpackages"],"legalName":"Egy tour packages","address":{"@id":"https:\/\/egytourpackages.com\/ro\/tours\/marele-muzeu-egiptean-si-turul-vechiului-cairo\/#local-main-place-address"},"telephone":["00201000852186","00201028685533"],"contactPoint":{"@type":"ContactPoint","telephone":"00201000852186"},"openingHoursSpecification":[{"@type":"OpeningHoursSpecification","dayOfWeek":["Monday","Tuesday","Wednesday","Thursday","Friday","Saturday","Sunday"],"opens":"00:00","closes":"23:59"}],"email":"info@egytourpackages.com","areaServed":"Cairo, Hurghada, Luxor, Sharm El Sheikh, Marsa Alam, Aswan","priceRange":"$","currenciesAccepted":"euro","paymentAccepted":"Payment links online"},{"@type":"PostalAddress","@id":"https:\/\/egytourpackages.com\/ro\/tours\/marele-muzeu-egiptean-si-turul-vechiului-cairo\/#local-main-place-address","streetAddress":"Mubarak 8, Al Kawthar District, Hurghada","addressLocality":"Hurghada","postalCode":"84511","addressRegion":"Red Sea","addressCountry":"EG"},{"@type":"ImageObject","inLanguage":"ro-RO","@id":"https:\/\/egytourpackages.com\/ro\/tours\/marele-muzeu-egiptean-si-turul-vechiului-cairo\/#local-main-organization-logo","url":"https:\/\/egytourpackages.com\/wp-content\/uploads\/2025\/12\/Turquoise-Dahabiya-Nile-Cruise-1.jpeg","contentUrl":"https:\/\/egytourpackages.com\/wp-content\/uploads\/2025\/12\/Turquoise-Dahabiya-Nile-Cruise-1.jpeg","width":1040,"height":694,"caption":"egypt tour packages"}]},"product_brand":"Excursii Cairo","product_price_amount":"90","product_price_currency":"EUR","og_availability":"instock","product_availability":"instock","product_retailer_item_id":"CDT04","product_condition":"new","geo.placename":"Hurghada","geo.region":"Egipt"},"_links":{"self":[{"href":"https:\/\/egytourpackages.com\/ro\/wp-json\/wp\/v2\/product\/10061","targetHints":{"allow":["GET"]}}],"collection":[{"href":"https:\/\/egytourpackages.com\/ro\/wp-json\/wp\/v2\/product"}],"about":[{"href":"https:\/\/egytourpackages.com\/ro\/wp-json\/wp\/v2\/types\/product"}],"replies":[{"embeddable":true,"href":"https:\/\/egytourpackages.com\/ro\/wp-json\/wp\/v2\/comments?post=10061"}],"wp:featuredmedia":[{"embeddable":true,"href":"https:\/\/egytourpackages.com\/ro\/wp-json\/wp\/v2\/media\/10063"}],"wp:attachment":[{"href":"https:\/\/egytourpackages.com\/ro\/wp-json\/wp\/v2\/media?parent=10061"}],"wp:term":[{"taxonomy":"product_brand","embeddable":true,"href":"https:\/\/egytourpackages.com\/ro\/wp-json\/wp\/v2\/product_brand?post=10061"},{"taxonomy":"product_cat","embeddable":true,"href":"https:\/\/egytourpackages.com\/ro\/wp-json\/wp\/v2\/product_cat?post=10061"},{"taxonomy":"product_tag","embeddable":true,"href":"https:\/\/egytourpackages.com\/ro\/wp-json\/wp\/v2\/product_tag?post=10061"}],"curies":[{"name":"wp","href":"https:\/\/api.w.org\/{rel}","templated":true}]}}