{"id":13214,"date":"2023-07-12T15:57:51","date_gmt":"2023-07-12T15:57:51","guid":{"rendered":"https:\/\/egytourpackages.com\/product\/dendera-si-abydos-din-marsa-alam\/"},"modified":"2026-01-18T22:45:38","modified_gmt":"2026-01-18T22:45:38","slug":"dendera-si-abydos-din-marsa-alam","status":"publish","type":"product","link":"https:\/\/egytourpackages.com\/ro\/tours\/dendera-si-abydos-din-marsa-alam\/","title":{"rendered":"Dendera \u0219i Abydos din Marsa Alam"},"content":{"rendered":"<p><span style=\"color: #ff6600;\"><strong>Dendera \u0219i Abydos din Marsa Alam | Cele mai bune excursii din Marsa Alam<\/strong><\/span><\/p>\n<p><strong>Dendera \u0219i Abydos din Marsa Alam<\/strong> este cea mai bun\u0103 modalitate de a explora cel mai bine conservat templu din Egipt, <strong>templul Dendera<\/strong>, prin intermediul unor <strong>tururi \u00een Egipt<\/strong>.<\/p>\n<p>De fapt, aceste <strong>tururi din Marsa Alam<\/strong> ofer\u0103 o c\u0103l\u0103torie unic\u0103 c\u0103tre dou\u0103 dintre cele mai colorate temple din Egipt: <strong>Templul Abydos<\/strong> \u0219i <strong>Templul Dendera<\/strong>.<\/p>\n<p>Rezerv\u0103 cele mai bune <strong>excursii de o zi \u00een Egipt<\/strong> cu plecare din Marsa Alam \u0219i admir\u0103 <strong>Zodiacul<\/strong> din Dendera, <strong>Becul<\/strong> (Dendera Bulb), Mammisi, tavanul celest \u0219i reliefurile uluitoare.<\/p>\n<p>Mai mult, vei vizita Templul lui <strong>Seti I<\/strong> de la Abydos, cu faimoasa sa <strong>list\u0103 a regilor din Abydos<\/strong> \u0219i misteriosul <strong>Osireion<\/strong>.<\/p>\n<p>Contacteaz\u0103-ne \u0219i vom organiza acest tur privat pentru tine, al\u0103turi de un ghid <strong>egiptolog<\/strong> talentat \u0219i o ma\u0219in\u0103 privat\u0103 cu cele mai bune servicii.<\/p>\n<h3><span style=\"color: #ff6600;\">Detalii<\/span><\/h3>\n<ul>\n<li>Durat\u0103: 1 Zi<\/li>\n<li>Loca\u021bie Tur: Dendera\/Abydos<\/li>\n<li>Disponibilitate Tur: \u00cen fiecare zi<\/li>\n<li>Preluare &amp; Retur: Hotelul t\u0103u din Marsa Alam<\/li>\n<li>Tip Tur: Privat<\/li>\n<li>Scaun cu rotile: Accesibil<\/li>\n<\/ul>\n<h3><span style=\"color: #ff6600;\">Incluziuni<\/span><\/h3>\n<ul>\n<li>Transfer dus-\u00eentors cu un vehicul privat nou<\/li>\n<li>Ghid expert egiptolog<\/li>\n<li>Taxe de intrare pentru toate obiectivele turistice<\/li>\n<li>Pr\u00e2nz la un restaurant local<\/li>\n<li>Ap\u0103 pe parcursul zilei<\/li>\n<li>Hotelurile situate dup\u0103 Porto Ghalib implic\u0103 un cost suplimentar de 10 euro<\/li>\n<\/ul>\n<h3><span style=\"color: #ff6600;\">Excluderi<\/span><\/h3>\n<ul>\n<li>B\u0103uturi \u00een timpul pr\u00e2nzului<\/li>\n<li>Bac\u0219i\u0219uri<\/li>\n<\/ul>\n<h3><span style=\"color: #ff6600;\">Ce s\u0103 iei cu tine<\/span><\/h3>\n<ul>\n<li>P\u0103l\u0103rie, ochelari de soare \u0219i crem\u0103 de protec\u021bie solar\u0103<\/li>\n<li>\u00cenc\u0103l\u021b\u0103minte \u0219i haine confortabile<\/li>\n<\/ul>\n<h2><span style=\"color: #ff6600;\">Itinerar<\/span><\/h2>\n<p>Ghidul t\u0103u te va \u00eent\u00e2mpina la recep\u021bia hotelului pentru a te ajuta s\u0103 ridici pachetele cu mic dejun comandate cu o zi \u00eenainte. Apoi, vei \u00eencepe <strong>turul din Marsa Alam<\/strong> c\u0103tre <strong>Dendera<\/strong> \u0219i <strong>Abydos<\/strong>, cu o scurt\u0103 pauz\u0103 pe drum pentru micul dejun \u0219i utilizarea toaletelor.<\/p>\n<p>La sosirea \u00een Qena, \u00ee\u021bi vei \u00eencepe excursia de o zi cu templul Hathor de pe malul de vest al fluviului Nil.<\/p>\n<h3><span style=\"color: #ff6600;\">Complexul Templului Dendera: Sanctuarul lui Hathor<\/span><\/h3>\n<p>La sosirea \u00een Qena, prima oprire este magnificul <strong>Complex al Templului Dendera<\/strong>, dedicat zei\u021bei <strong>Hathor<\/strong>, zei\u021ba iubirii, frumuse\u021bii \u0219i bucuriei. Acest <strong>templu ptolemaic<\/strong> este celebrat ca fiind unul dintre cele mai bine conservate \u0219i complete din punct de vedere arhitectural temple din tot Egiptul.<\/p>\n<p>De fapt, aici po\u021bi explora multe puncte unice pe care nu le po\u021bi vedea \u00een alte <strong>temple egiptene<\/strong>. De exemplu, dou\u0103 <strong>Mammisi<\/strong>: unul dat\u00e2nd de pe vremea lui <strong>Nectanebo<\/strong> din a <strong>30-a dinastie<\/strong>, \u0219i unul din <strong>Era Roman\u0103<\/strong>.<\/p>\n<p>Mai mult, Biserica Copt\u0103 urmeaz\u0103 stilul basilic, la fel ca toate bisericile egiptene. De asemenea, av\u00e2nd \u00een vedere c\u0103 Dendera era considerat <strong>templul Chakra Inimii<\/strong> \u0219i un faimos centru de vindecare la acea vreme, <strong>sanatoriul<\/strong> este o caracteristic\u0103 principal\u0103 aici.<\/p>\n<p>Un Nilometru se afl\u0103 \u00eenc\u0103 acolo, l\u00e2ng\u0103 <strong>Lacul Sf\u00e2nt<\/strong>, iar singura sculptur\u0103 cu <strong>Cleopatra<\/strong> \u0219i fiul ei se g\u0103se\u0219te pe peretele exterior al templului.<\/p>\n<p>\u00cen plus, Capela lui Isis este faimoas\u0103 pentru atmosfera sa energetic\u0103, iar toate coroanele egiptene au fost proiectate aici pentru prima \u0219i ultima dat\u0103.<\/p>\n<p>\u00cen interiorul templului, po\u021bi admira prima <strong>Sal\u0103 Hipostil\u0103<\/strong> cu toate <strong>semnele zodiacale<\/strong>, orele de zi \u0219i de noapte, <strong>fazele lunii<\/strong> \u0219i constela\u021biile. \u00cen ad\u00e2ncurile templului, po\u021bi intra \u00een c\u00e2teva dintre <strong>criptele<\/strong> sanctuarului, \u00een camera lui Nut \u0219i \u00een Sf\u00e2nta Sfintelor.<\/p>\n<p>Pe acoperi\u0219, po\u021bi admira faimosul <strong>Zodiac Dendera<\/strong> \u00eencadrat \u00een tavanele astronomice \u0219i <strong>Mitul lui Osiris<\/strong> \u00een camera lui <strong>Osiris<\/strong>.<\/p>\n<p>\u00cen final, po\u021bi face fotografii uluitoare \u00eenainte de a merge la urm\u0103toarea oprire.<\/p>\n<h3><span style=\"color: #ff6600;\">Templul Abydos \u0219i Osireion<\/span><\/h3>\n<p>Urmeaz\u0103 situl sacru <strong>Abydos<\/strong>, casa maiestuosului <strong>Templu al lui Seti I<\/strong>. Acest templu este faimos pentru calitatea excep\u021bional\u0103 a sculpturilor \u00een basorelief, considerate adesea printre cele mai fine din <strong>Egiptul antic<\/strong>.<\/p>\n<p>Exploreaz\u0103 cele \u0219apte capele, fiecare dedicat\u0103 unor divinit\u0103\u021bi diferite \u0219i lui <strong>Seti I<\/strong> \u00eensu\u0219i, \u0219i fii martor la faimoasa <strong>List\u0103 a Regilor din Abydos<\/strong>, o \u00eenregistrare istoric\u0103 crucial\u0103 a <strong>faraonilor egipteni<\/strong>. De asemenea, nu vei rata sec\u021biunile ad\u0103ugate de <strong>Ramesses<\/strong> templului \u0219i lista fiilor \u0219i fiicelor sale.<\/p>\n<p>Mai mult, po\u021bi compara scenele sale \u00een altorelief cu scenele \u00een basorelief ale tat\u0103lui s\u0103u. \u00cen cele din urm\u0103, prive\u0219te ceea ce este numit <strong>Elicopterul din Abydos<\/strong> \u0219i <strong>Submarinul<\/strong> \u00eenainte de a-\u021bi finaliza turul la urm\u0103toarea oprire.<\/p>\n<h3><span style=\"color: #ff6600;\">Osireion<\/span><\/h3>\n<p>Acum este timpul s\u0103 vizitezi misteriosul <strong>Osireion<\/strong> din exterior, o structur\u0103 antic\u0103 enigmatic\u0103 asociat\u0103 cu <strong>Osiris<\/strong>, zeul vie\u021bii de apoi. Aceast\u0103 cl\u0103dire unic\u0103 este cu aproximativ 15 metri mai jos dec\u00e2t templul \u0219i are faimoasa <strong>floare a vie\u021bii<\/strong> sculptat\u0103 pe granit, una dintre problemele nerezolvate p\u00e2n\u0103 \u00een prezent.<\/p>\n<h3><span style=\"color: #ff6600;\">Templul lui Ramesses II<\/span><\/h3>\n<p>O scurt\u0103 plimbare prin peisajul arheologic te va duce apoi la ruinele impresionante ale <strong>Templului lui Ramesses II<\/strong>, unde po\u021bi vedea c\u00e2teva dintre culorile \u0219i sculpturile superbe din perioada <strong>Regatului Nou<\/strong>.<\/p>\n<h3><span style=\"color: #ff6600;\">Pr\u00e2nz<\/span><\/h3>\n<p>Preg\u0103te\u0219te-te pentru un pr\u00e2nz g\u0103tit \u00een cas\u0103 la o familie local\u0103 \u00eenainte de c\u0103l\u0103toria confortabil\u0103 de \u00eentoarcere.<\/p>\n<h3><span style=\"color: #ff6600;\">Pre\u021b Dendera \u0219i Abydos din Marsa Alam<\/span><\/h3>\n<ul>\n<li>Pre\u021b Adult = 170 \u20ac<\/li>\n<li>Copii 0-5 ani = gratuit<\/li>\n<li>Copii 5-11 ani = 50% din pre\u021bul de adult<\/li>\n<\/ul>\n<h3><span style=\"color: #ff6600;\">Rezervare<\/span><\/h3>\n<p>Po\u021bi rezerva turul t\u0103u (similar cu cele din Excursiile din Makadi Bay) prin WhatsApp sau ne po\u021bi trimite un e-mail, iar confirmarea o vei primi pe loc.<\/p>\n<p>V\u0103 rug\u0103m s\u0103 ne trimite\u021bi numele hotelului, num\u0103rul camerei \u0219i copii dup\u0103 pa\u0219aport.<\/p>\n<p>WhatsApp: +201000852186<\/p>\n<p>Email: info@egytourpackages.com<\/p>\n<h3><span style=\"color: #ff6600;\">Rezerv\u0103 Acum \u0219i Pl\u0103te\u0219te la Fa\u021ba Locului <\/span><\/h3>\n<p>Rezerv\u0103 turul preferat \u0219i pl\u0103te\u0219te \u00een ziua excursiei.<\/p>\n<h3><span style=\"color: #ff6600;\">Plat\u0103<\/span><\/h3>\n<p>Po\u021bi pl\u0103ti \u00een lire egiptene, $, \u20ac sau \u00a3.<\/p>\n<h3><span style=\"color: #ff6600;\">Politica de Anulare<\/span><\/h3>\n<ul>\n<li>Anularea este gratuit\u0103 cu p\u00e2n\u0103 la 24 de ore \u00eenainte.<\/li>\n<li>Anularea \u00een diminea\u021ba excursiei se taxeaz\u0103 cu 50% din pre\u021b.<\/li>\n<\/ul>\n","protected":false},"excerpt":{"rendered":"<p>Descoper\u0103 <b data-path-to-node=\"1\" data-index-in-node=\"10\">Dendera \u0219i Abydos din Marsa Alam<\/b>! Alege cele mai bune <b data-path-to-node=\"1\" data-index-in-node=\"64\">tururi \u00een Egipt<\/b> \u0219i viziteaz\u0103 temple faimoase cu ghid privat. Istorie \u0219i pre\u021buri excelente!<\/p>\n","protected":false},"featured_media":13215,"comment_status":"open","ping_status":"closed","template":"","meta":[],"product_brand":[],"product_cat":[3120],"product_tag":[3203,3219,3192,3229],"class_list":{"0":"post-13214","1":"product","2":"type-product","3":"status-publish","4":"has-post-thumbnail","6":"product_cat-tururi","7":"product_tag-excursii-de-o-zi-in-egipt","8":"product_tag-excursii-de-vacanta-in-egipt","9":"product_tag-tururi-in-egipt","10":"product_tag-tururi-marsa-alam","11":"tour_category-excursii-de-o-zi-in-egipt-ro","12":"tour_category-excursii-marsa-alam-ro","14":"first","15":"instock","16":"sale","17":"shipping-taxable","18":"purchasable","19":"product-type-tour","20":"has-default-attributes"},"yoast_head":"<!-- This site is optimized with the Yoast SEO Premium plugin v27.4 (Yoast SEO v27.4) - https:\/\/yoast.com\/product\/yoast-seo-premium-wordpress\/ -->\n<title>Dendera \u0219i Abydos din Marsa Alam<\/title>\n<meta name=\"description\" content=\"Descoper\u0103 Dendera \u0219i Abydos din Marsa Alam! Alege cele mai bune tururi \u00een Egipt \u0219i viziteaz\u0103 temple faimoase cu ghid privat. Istorie \u0219i pre\u021buri excelente!\" \/>\n<meta name=\"robots\" content=\"index, follow, max-snippet:-1, max-image-preview:large, max-video-preview:-1\" \/>\n<link rel=\"canonical\" href=\"https:\/\/egytourpackages.com\/ro\/tours\/dendera-si-abydos-din-marsa-alam\/\" \/>\n<meta property=\"og:locale\" content=\"ro_RO\" \/>\n<meta property=\"og:type\" content=\"article\" \/>\n<meta property=\"og:title\" content=\"Dendera \u0219i Abydos din Marsa Alam\" \/>\n<meta property=\"og:description\" content=\"Descoper\u0103 Dendera \u0219i Abydos din Marsa Alam! Alege cele mai bune tururi \u00een Egipt \u0219i viziteaz\u0103 temple faimoase cu ghid privat. Istorie \u0219i pre\u021buri excelente!\" \/>\n<meta property=\"og:url\" content=\"https:\/\/egytourpackages.com\/ro\/tours\/dendera-si-abydos-din-marsa-alam\/\" \/>\n<meta property=\"og:site_name\" content=\"Egypt Tour Packages\" \/>\n<meta property=\"article:publisher\" content=\"https:\/\/www.facebook.com\/egytourpackages\" \/>\n<meta property=\"article:modified_time\" content=\"2026-01-18T22:45:38+00:00\" \/>\n<meta property=\"og:image\" content=\"https:\/\/egytourpackages.com\/wp-content\/uploads\/2023\/07\/Dendera-temple-Qena.jpg\" \/>\n\t<meta property=\"og:image:width\" content=\"2000\" \/>\n\t<meta property=\"og:image:height\" content=\"1333\" \/>\n\t<meta property=\"og:image:type\" content=\"image\/jpeg\" \/>\n<meta name=\"twitter:card\" content=\"summary_large_image\" \/>\n<meta name=\"twitter:title\" content=\"Dendera \u0219i Abydos din Marsa Alam\" \/>\n<meta name=\"twitter:description\" content=\"Descoper\u0103 Dendera \u0219i Abydos din Marsa Alam! Alege cele mai bune tururi \u00een Egipt \u0219i viziteaz\u0103 temple faimoase cu ghid privat. Istorie \u0219i pre\u021buri excelente!\" \/>\n<meta name=\"twitter:label1\" content=\"Pre\u021b\" \/>\n\t<meta name=\"twitter:data1\" content=\"&euro;150\" \/>\n\t<meta name=\"twitter:label2\" content=\"Disponibilitate\" \/>\n\t<meta name=\"twitter:data2\" content=\"\u00cen stoc\" \/>\n<script type=\"application\/ld+json\" class=\"yoast-schema-graph\">{\"@context\":\"https:\\\/\\\/schema.org\",\"@graph\":[{\"@type\":\"WebPage\",\"@id\":\"https:\\\/\\\/egytourpackages.com\\\/ro\\\/tours\\\/dendera-si-abydos-din-marsa-alam\\\/\",\"url\":\"https:\\\/\\\/egytourpackages.com\\\/ro\\\/tours\\\/dendera-si-abydos-din-marsa-alam\\\/\",\"name\":\"Dendera \u0219i Abydos din Marsa Alam\",\"isPartOf\":{\"@id\":\"https:\\\/\\\/egytourpackages.com\\\/ro\\\/#website\"},\"primaryImageOfPage\":{\"@id\":\"https:\\\/\\\/egytourpackages.com\\\/ro\\\/tours\\\/dendera-si-abydos-din-marsa-alam\\\/#primaryimage\"},\"image\":{\"@id\":\"https:\\\/\\\/egytourpackages.com\\\/ro\\\/tours\\\/dendera-si-abydos-din-marsa-alam\\\/#primaryimage\"},\"thumbnailUrl\":\"https:\\\/\\\/egytourpackages.com\\\/wp-content\\\/uploads\\\/2023\\\/07\\\/Dendera-temple-Qena.jpg\",\"datePublished\":\"2023-07-12T15:57:51+00:00\",\"dateModified\":\"2026-01-18T22:45:38+00:00\",\"description\":\"Descoper\u0103 Dendera \u0219i Abydos din Marsa Alam! Alege cele mai bune tururi \u00een Egipt \u0219i viziteaz\u0103 temple faimoase cu ghid privat. Istorie \u0219i pre\u021buri excelente!\",\"breadcrumb\":{\"@id\":\"https:\\\/\\\/egytourpackages.com\\\/ro\\\/tours\\\/dendera-si-abydos-din-marsa-alam\\\/#breadcrumb\"},\"inLanguage\":\"ro-RO\",\"potentialAction\":[{\"@type\":\"ReadAction\",\"target\":[\"https:\\\/\\\/egytourpackages.com\\\/ro\\\/tours\\\/dendera-si-abydos-din-marsa-alam\\\/\"]}]},{\"@type\":\"ImageObject\",\"inLanguage\":\"ro-RO\",\"@id\":\"https:\\\/\\\/egytourpackages.com\\\/ro\\\/tours\\\/dendera-si-abydos-din-marsa-alam\\\/#primaryimage\",\"url\":\"https:\\\/\\\/egytourpackages.com\\\/wp-content\\\/uploads\\\/2023\\\/07\\\/Dendera-temple-Qena.jpg\",\"contentUrl\":\"https:\\\/\\\/egytourpackages.com\\\/wp-content\\\/uploads\\\/2023\\\/07\\\/Dendera-temple-Qena.jpg\",\"width\":2000,\"height\":1333,\"caption\":\"Dendera \u0219i Abydos din Marsa Alam\"},{\"@type\":\"BreadcrumbList\",\"@id\":\"https:\\\/\\\/egytourpackages.com\\\/ro\\\/tours\\\/dendera-si-abydos-din-marsa-alam\\\/#breadcrumb\",\"itemListElement\":[{\"@type\":\"ListItem\",\"position\":1,\"name\":\"Home\",\"item\":\"https:\\\/\\\/egytourpackages.com\\\/ro\\\/\"},{\"@type\":\"ListItem\",\"position\":2,\"name\":\"Shop\",\"item\":\"https:\\\/\\\/egytourpackages.com\\\/shop\\\/\"},{\"@type\":\"ListItem\",\"position\":3,\"name\":\"Dendera \u0219i Abydos din Marsa Alam\"}]},{\"@type\":\"WebSite\",\"@id\":\"https:\\\/\\\/egytourpackages.com\\\/ro\\\/#website\",\"url\":\"https:\\\/\\\/egytourpackages.com\\\/ro\\\/\",\"name\":\"Egy tour packages\",\"description\":\"\",\"publisher\":{\"@id\":\"https:\\\/\\\/egytourpackages.com\\\/ro\\\/#organization\"},\"potentialAction\":[{\"@type\":\"SearchAction\",\"target\":{\"@type\":\"EntryPoint\",\"urlTemplate\":\"https:\\\/\\\/egytourpackages.com\\\/ro\\\/?s={search_term_string}\"},\"query-input\":{\"@type\":\"PropertyValueSpecification\",\"valueRequired\":true,\"valueName\":\"search_term_string\"}}],\"inLanguage\":\"ro-RO\"},{\"@type\":[\"Organization\",\"Place\",\"TravelAgency\"],\"@id\":\"https:\\\/\\\/egytourpackages.com\\\/ro\\\/#organization\",\"name\":\"egypt tour packages\",\"alternateName\":\"egypt tour packages\",\"url\":\"https:\\\/\\\/egytourpackages.com\\\/ro\\\/\",\"logo\":{\"@id\":\"https:\\\/\\\/egytourpackages.com\\\/ro\\\/tours\\\/dendera-si-abydos-din-marsa-alam\\\/#local-main-organization-logo\"},\"image\":{\"@id\":\"https:\\\/\\\/egytourpackages.com\\\/ro\\\/tours\\\/dendera-si-abydos-din-marsa-alam\\\/#local-main-organization-logo\"},\"sameAs\":[\"https:\\\/\\\/www.facebook.com\\\/egytourpackages\"],\"legalName\":\"Egy tour packages\",\"address\":{\"@id\":\"https:\\\/\\\/egytourpackages.com\\\/ro\\\/tours\\\/dendera-si-abydos-din-marsa-alam\\\/#local-main-place-address\"},\"telephone\":[\"00201000852186\",\"00201028685533\"],\"contactPoint\":{\"@type\":\"ContactPoint\",\"telephone\":\"00201000852186\"},\"openingHoursSpecification\":[{\"@type\":\"OpeningHoursSpecification\",\"dayOfWeek\":[\"Monday\",\"Tuesday\",\"Wednesday\",\"Thursday\",\"Friday\",\"Saturday\",\"Sunday\"],\"opens\":\"00:00\",\"closes\":\"23:59\"}],\"email\":\"info@egytourpackages.com\",\"areaServed\":\"Cairo, Hurghada, Luxor, Sharm El Sheikh, Marsa Alam, Aswan\",\"priceRange\":\"$\",\"currenciesAccepted\":\"euro\",\"paymentAccepted\":\"Payment links online\"},{\"@type\":\"PostalAddress\",\"@id\":\"https:\\\/\\\/egytourpackages.com\\\/ro\\\/tours\\\/dendera-si-abydos-din-marsa-alam\\\/#local-main-place-address\",\"streetAddress\":\"Mubarak 8, Al Kawthar District, Hurghada\",\"addressLocality\":\"Hurghada\",\"postalCode\":\"84511\",\"addressRegion\":\"Red Sea\",\"addressCountry\":\"EG\"},{\"@type\":\"ImageObject\",\"inLanguage\":\"ro-RO\",\"@id\":\"https:\\\/\\\/egytourpackages.com\\\/ro\\\/tours\\\/dendera-si-abydos-din-marsa-alam\\\/#local-main-organization-logo\",\"url\":\"https:\\\/\\\/egytourpackages.com\\\/wp-content\\\/uploads\\\/2025\\\/12\\\/Turquoise-Dahabiya-Nile-Cruise-1.jpeg\",\"contentUrl\":\"https:\\\/\\\/egytourpackages.com\\\/wp-content\\\/uploads\\\/2025\\\/12\\\/Turquoise-Dahabiya-Nile-Cruise-1.jpeg\",\"width\":1040,\"height\":694,\"caption\":\"egypt tour packages\"}]}<\/script>\n<meta property=\"product:brand\" content=\"Excursii de o zi \u00een Egipt\" \/>\n<meta property=\"product:price:amount\" content=\"150\" \/>\n<meta property=\"product:price:currency\" content=\"EUR\" \/>\n<meta property=\"og:availability\" content=\"instock\" \/>\n<meta property=\"product:availability\" content=\"instock\" \/>\n<meta property=\"product:retailer_item_id\" content=\"MAT04\" \/>\n<meta property=\"product:condition\" content=\"new\" \/>\n<meta name=\"geo.placename\" content=\"Hurghada\" \/>\n<meta name=\"geo.region\" content=\"Egipt\" \/>\n<!-- \/ Yoast SEO Premium plugin. -->","yoast_head_json":{"title":"Dendera \u0219i Abydos din Marsa Alam","description":"Descoper\u0103 Dendera \u0219i Abydos din Marsa Alam! Alege cele mai bune tururi \u00een Egipt \u0219i viziteaz\u0103 temple faimoase cu ghid privat. Istorie \u0219i pre\u021buri excelente!","robots":{"index":"index","follow":"follow","max-snippet":"max-snippet:-1","max-image-preview":"max-image-preview:large","max-video-preview":"max-video-preview:-1"},"canonical":"https:\/\/egytourpackages.com\/ro\/tours\/dendera-si-abydos-din-marsa-alam\/","og_locale":"ro_RO","og_type":"article","og_title":"Dendera \u0219i Abydos din Marsa Alam","og_description":"Descoper\u0103 Dendera \u0219i Abydos din Marsa Alam! Alege cele mai bune tururi \u00een Egipt \u0219i viziteaz\u0103 temple faimoase cu ghid privat. Istorie \u0219i pre\u021buri excelente!","og_url":"https:\/\/egytourpackages.com\/ro\/tours\/dendera-si-abydos-din-marsa-alam\/","og_site_name":"Egypt Tour Packages","article_publisher":"https:\/\/www.facebook.com\/egytourpackages","article_modified_time":"2026-01-18T22:45:38+00:00","og_image":[{"width":2000,"height":1333,"url":"https:\/\/egytourpackages.com\/wp-content\/uploads\/2023\/07\/Dendera-temple-Qena.jpg","type":"image\/jpeg"}],"twitter_card":"summary_large_image","twitter_title":"Dendera \u0219i Abydos din Marsa Alam","twitter_description":"Descoper\u0103 Dendera \u0219i Abydos din Marsa Alam! Alege cele mai bune tururi \u00een Egipt \u0219i viziteaz\u0103 temple faimoase cu ghid privat. Istorie \u0219i pre\u021buri excelente!","twitter_misc":{"Pre\u021b":"&euro;150","Disponibilitate":"\u00cen stoc"},"schema":{"@context":"https:\/\/schema.org","@graph":[{"@type":"WebPage","@id":"https:\/\/egytourpackages.com\/ro\/tours\/dendera-si-abydos-din-marsa-alam\/","url":"https:\/\/egytourpackages.com\/ro\/tours\/dendera-si-abydos-din-marsa-alam\/","name":"Dendera \u0219i Abydos din Marsa Alam","isPartOf":{"@id":"https:\/\/egytourpackages.com\/ro\/#website"},"primaryImageOfPage":{"@id":"https:\/\/egytourpackages.com\/ro\/tours\/dendera-si-abydos-din-marsa-alam\/#primaryimage"},"image":{"@id":"https:\/\/egytourpackages.com\/ro\/tours\/dendera-si-abydos-din-marsa-alam\/#primaryimage"},"thumbnailUrl":"https:\/\/egytourpackages.com\/wp-content\/uploads\/2023\/07\/Dendera-temple-Qena.jpg","datePublished":"2023-07-12T15:57:51+00:00","dateModified":"2026-01-18T22:45:38+00:00","description":"Descoper\u0103 Dendera \u0219i Abydos din Marsa Alam! Alege cele mai bune tururi \u00een Egipt \u0219i viziteaz\u0103 temple faimoase cu ghid privat. Istorie \u0219i pre\u021buri excelente!","breadcrumb":{"@id":"https:\/\/egytourpackages.com\/ro\/tours\/dendera-si-abydos-din-marsa-alam\/#breadcrumb"},"inLanguage":"ro-RO","potentialAction":[{"@type":"ReadAction","target":["https:\/\/egytourpackages.com\/ro\/tours\/dendera-si-abydos-din-marsa-alam\/"]}]},{"@type":"ImageObject","inLanguage":"ro-RO","@id":"https:\/\/egytourpackages.com\/ro\/tours\/dendera-si-abydos-din-marsa-alam\/#primaryimage","url":"https:\/\/egytourpackages.com\/wp-content\/uploads\/2023\/07\/Dendera-temple-Qena.jpg","contentUrl":"https:\/\/egytourpackages.com\/wp-content\/uploads\/2023\/07\/Dendera-temple-Qena.jpg","width":2000,"height":1333,"caption":"Dendera \u0219i Abydos din Marsa Alam"},{"@type":"BreadcrumbList","@id":"https:\/\/egytourpackages.com\/ro\/tours\/dendera-si-abydos-din-marsa-alam\/#breadcrumb","itemListElement":[{"@type":"ListItem","position":1,"name":"Home","item":"https:\/\/egytourpackages.com\/ro\/"},{"@type":"ListItem","position":2,"name":"Shop","item":"https:\/\/egytourpackages.com\/shop\/"},{"@type":"ListItem","position":3,"name":"Dendera \u0219i Abydos din Marsa Alam"}]},{"@type":"WebSite","@id":"https:\/\/egytourpackages.com\/ro\/#website","url":"https:\/\/egytourpackages.com\/ro\/","name":"Egy tour packages","description":"","publisher":{"@id":"https:\/\/egytourpackages.com\/ro\/#organization"},"potentialAction":[{"@type":"SearchAction","target":{"@type":"EntryPoint","urlTemplate":"https:\/\/egytourpackages.com\/ro\/?s={search_term_string}"},"query-input":{"@type":"PropertyValueSpecification","valueRequired":true,"valueName":"search_term_string"}}],"inLanguage":"ro-RO"},{"@type":["Organization","Place","TravelAgency"],"@id":"https:\/\/egytourpackages.com\/ro\/#organization","name":"egypt tour packages","alternateName":"egypt tour packages","url":"https:\/\/egytourpackages.com\/ro\/","logo":{"@id":"https:\/\/egytourpackages.com\/ro\/tours\/dendera-si-abydos-din-marsa-alam\/#local-main-organization-logo"},"image":{"@id":"https:\/\/egytourpackages.com\/ro\/tours\/dendera-si-abydos-din-marsa-alam\/#local-main-organization-logo"},"sameAs":["https:\/\/www.facebook.com\/egytourpackages"],"legalName":"Egy tour packages","address":{"@id":"https:\/\/egytourpackages.com\/ro\/tours\/dendera-si-abydos-din-marsa-alam\/#local-main-place-address"},"telephone":["00201000852186","00201028685533"],"contactPoint":{"@type":"ContactPoint","telephone":"00201000852186"},"openingHoursSpecification":[{"@type":"OpeningHoursSpecification","dayOfWeek":["Monday","Tuesday","Wednesday","Thursday","Friday","Saturday","Sunday"],"opens":"00:00","closes":"23:59"}],"email":"info@egytourpackages.com","areaServed":"Cairo, Hurghada, Luxor, Sharm El Sheikh, Marsa Alam, Aswan","priceRange":"$","currenciesAccepted":"euro","paymentAccepted":"Payment links online"},{"@type":"PostalAddress","@id":"https:\/\/egytourpackages.com\/ro\/tours\/dendera-si-abydos-din-marsa-alam\/#local-main-place-address","streetAddress":"Mubarak 8, Al Kawthar District, Hurghada","addressLocality":"Hurghada","postalCode":"84511","addressRegion":"Red Sea","addressCountry":"EG"},{"@type":"ImageObject","inLanguage":"ro-RO","@id":"https:\/\/egytourpackages.com\/ro\/tours\/dendera-si-abydos-din-marsa-alam\/#local-main-organization-logo","url":"https:\/\/egytourpackages.com\/wp-content\/uploads\/2025\/12\/Turquoise-Dahabiya-Nile-Cruise-1.jpeg","contentUrl":"https:\/\/egytourpackages.com\/wp-content\/uploads\/2025\/12\/Turquoise-Dahabiya-Nile-Cruise-1.jpeg","width":1040,"height":694,"caption":"egypt tour packages"}]},"product_brand":"Excursii de o zi \u00een Egipt","product_price_amount":"150","product_price_currency":"EUR","og_availability":"instock","product_availability":"instock","product_retailer_item_id":"MAT04","product_condition":"new","geo.placename":"Hurghada","geo.region":"Egipt"},"_links":{"self":[{"href":"https:\/\/egytourpackages.com\/ro\/wp-json\/wp\/v2\/product\/13214","targetHints":{"allow":["GET"]}}],"collection":[{"href":"https:\/\/egytourpackages.com\/ro\/wp-json\/wp\/v2\/product"}],"about":[{"href":"https:\/\/egytourpackages.com\/ro\/wp-json\/wp\/v2\/types\/product"}],"replies":[{"embeddable":true,"href":"https:\/\/egytourpackages.com\/ro\/wp-json\/wp\/v2\/comments?post=13214"}],"wp:featuredmedia":[{"embeddable":true,"href":"https:\/\/egytourpackages.com\/ro\/wp-json\/wp\/v2\/media\/13215"}],"wp:attachment":[{"href":"https:\/\/egytourpackages.com\/ro\/wp-json\/wp\/v2\/media?parent=13214"}],"wp:term":[{"taxonomy":"product_brand","embeddable":true,"href":"https:\/\/egytourpackages.com\/ro\/wp-json\/wp\/v2\/product_brand?post=13214"},{"taxonomy":"product_cat","embeddable":true,"href":"https:\/\/egytourpackages.com\/ro\/wp-json\/wp\/v2\/product_cat?post=13214"},{"taxonomy":"product_tag","embeddable":true,"href":"https:\/\/egytourpackages.com\/ro\/wp-json\/wp\/v2\/product_tag?post=13214"}],"curies":[{"name":"wp","href":"https:\/\/api.w.org\/{rel}","templated":true}]}}