{"id":13224,"date":"2023-07-12T15:37:32","date_gmt":"2023-07-12T15:37:32","guid":{"rendered":"https:\/\/egytourpackages.com\/product\/luxor-aswan-si-abu-simbel-din-marsa-alam-4-zile\/"},"modified":"2026-01-18T22:49:57","modified_gmt":"2026-01-18T22:49:57","slug":"luxor-aswan-si-abu-simbel-din-marsa-alam-4-zile","status":"publish","type":"product","link":"https:\/\/egytourpackages.com\/ro\/tours\/luxor-aswan-si-abu-simbel-din-marsa-alam-4-zile\/","title":{"rendered":"Luxor, Aswan \u0219i Abu Simbel din Marsa Alam \u2013 4 Zile"},"content":{"rendered":"<p><span style=\"color: #ff6600;\"><strong>Luxor, Aswan \u0219i Abu Simbel din Marsa Alam \u2013 4 Zile | Cele mai bune excursii \u00een Egipt<\/strong><\/span><\/p>\n<p>Rezerv\u0103 aceast\u0103 experien\u021b\u0103 de neuitat <strong>Luxor, Aswan \u0219i Abu Simbel din Marsa Alam \u2013 4 Zile<\/strong> cu <strong>Egypt Tours<\/strong>, un program conceput special pentru a te purta prin minunile antice ale Egiptului de Sus.<\/p>\n<p>Acest <strong>itinerar din Marsa Alam<\/strong> ofer\u0103 un mix unic de <strong>descoperire cultural\u0103, explorare istoric\u0103 \u0219i relaxare<\/strong> de-a lungul maiestuosului <strong>Nil<\/strong>.<\/p>\n<p>\u00cen Luxor, vei explora <strong>Complexul Templului Karnak<\/strong>, o dovad\u0103 colosal\u0103 a devotamentului antic, \u0219i vei vizita fascinantul <strong>Templu Luxor<\/strong>, iluminat superb.<\/p>\n<p>Vei traversa pe malul de vest pentru a descoperi misterele din <strong>Valea Regilor<\/strong>, locul de veci al faraonilor, \u0219i vei admira arhitectura spectaculoas\u0103 a <strong>Templului Funerar al reginei Hatshepsut<\/strong>.<\/p>\n<p>Continu\u00e2nd spre sud, vei descoperi farmecul ora\u0219ului Aswan, inclusiv minunea inginereasc\u0103 <strong>Marele Baraj de la Aswan<\/strong> \u0219i frumuse\u021bea seren\u0103 a <strong>Templului Philae<\/strong>, dedicat <strong>zei\u021bei Isis<\/strong>, unde vei ajunge cu o plimbare pitoreasc\u0103 cu <strong>barca cu motor<\/strong>.<\/p>\n<p>C\u0103l\u0103toria include, de asemenea, vizite la <strong>Templul Edfu<\/strong>, dedicat <strong>zeului \u0219oim Horus<\/strong>, \u0219i la neobi\u0219nuitul templu dublu de la <strong>Kom Ombo<\/strong>.<\/p>\n<p>Punctul culminant al turului sunt uimitoarele <strong>temple de la Abu Simbel<\/strong>, capodoperele colosale ale lui <strong>Ramses II<\/strong>, un simbol al artei \u0219i ambi\u021biei egiptene antice. Contacteaz\u0103-ne \u0219i rezerv\u0103-\u021bi <strong>pachetul de vacan\u021b\u0103 \u00een Egipt<\/strong> ast\u0103zi!<\/p>\n<h3><span style=\"color: #ff6600;\">Detalii<\/span><\/h3>\n<ul>\n<li>Durat\u0103: 4 Zile \/ 3 Nop\u021bi<\/li>\n<li>Loca\u021bie Tur: Luxor \/ Edfu \/ Kom Ombo \/ Aswan \/ Abu Simbel<\/li>\n<li>Disponibilitate Tur: \u00cen fiecare zi<\/li>\n<li>Preluare &amp; Retur: Hotelul t\u0103u din Marsa Alam<\/li>\n<li>Tip Tur: Privat<\/li>\n<li>Scaun cu rotile: Accesibil<\/li>\n<\/ul>\n<h3><span style=\"color: #ff6600;\">Puncte forte ale turului<\/span><\/h3>\n<p><strong><span style=\"color: #993300;\">Atrac\u021bii \u00een Luxor:<\/span><\/strong><\/p>\n<ul>\n<li>Complexul Templului Karnak<\/li>\n<li>Valea Regilor<\/li>\n<li>Templul lui Hatshepsut<\/li>\n<li>Colo\u0219ii lui Memnon<\/li>\n<\/ul>\n<p><strong><span style=\"color: #993300;\">Atrac\u021bii \u00een Aswan:<\/span><\/strong><\/p>\n<ul>\n<li>Templul Edfu<\/li>\n<li>Templul Kom Ombo<\/li>\n<li>Marele Baraj din Aswan<\/li>\n<li>Templul Philae<\/li>\n<li>Abu Simbel<\/li>\n<\/ul>\n<h3><span style=\"color: #ff6600;\">Incluziuni<\/span><\/h3>\n<ul>\n<li>Transfer dus-\u00eentors cu un vehicul modern, nou<\/li>\n<li>1 noapte cazare \u00een Luxor cu mic dejun inclus (B\/B)<\/li>\n<li>2 nop\u021bi cazare \u00een Aswan cu mic dejun inclus (B\/B)<\/li>\n<li>Bilete de tren VIP de la Aswan la Qena<\/li>\n<li>Taxe de intrare pentru toate obiectivele men\u021bionate \u00een program<\/li>\n<li>Ghid egiptolog expert \u0219i bine informat<\/li>\n<li>Pr\u00e2nz \u00een toate cele 4 zile<\/li>\n<\/ul>\n<h3><span style=\"color: #ff6600;\">Excluderi<\/span><\/h3>\n<ul>\n<li>B\u0103uturi \u00een timpul pr\u00e2nzului<\/li>\n<li>Morm\u00e2ntul KV9 (Ramesses V \u0219i VI)<\/li>\n<li>Morm\u00e2ntul KV17 (Seti I) \u2013 aprox. 1400 EGP de persoan\u0103<\/li>\n<li>Morm\u00e2ntul KV62 (Tutankhamun) \u2013 aprox. 360 EGP de persoan\u0103<\/li>\n<li>Zbor cu balonul cu aer cald (op\u021bional)<\/li>\n<li>Bac\u0219i\u0219uri<\/li>\n<\/ul>\n<h3><span style=\"color: #ff6600;\">Ce s\u0103 ai la tine<\/span><\/h3>\n<ul>\n<li>\u00cenc\u0103l\u021b\u0103minte \u0219i haine confortabile (mai ales vara)<\/li>\n<li>Haine groase pentru perioada de iarn\u0103<\/li>\n<li>Ochelari de soare, p\u0103l\u0103rie sau e\u0219arf\u0103<\/li>\n<li>Crem\u0103 de protec\u021bie solar\u0103<\/li>\n<\/ul>\n<h2><span style=\"color: #ff6600;\">Itinerar<\/span><\/h2>\n<h3><span style=\"color: #ff6600;\">Ziua 1: Marsa Alam \u2013 Luxor<\/span><\/h3>\n<p>\u00cencepe-\u021bi aventura cu un <strong>tur de o zi \u00een Luxor<\/strong>. Plec\u0103m devreme, iar hotelul \u00ee\u021bi va preg\u0103ti pachete cu mic dejun. La sosirea \u00een Luxor, explorarea \u00eencepe pe <strong>Malul de Est<\/strong>, unde se afl\u0103 cele mai captivante <strong>temple egiptene antice<\/strong>.<\/p>\n<p>Prima oprire este uimitorul <strong>Complex al Templului Karnak<\/strong>, un muzeu \u00een aer liber \u0219i un punct de reper pentru orice turist. Vei vedea <strong>Capela Ro\u0219ie<\/strong>, <strong>Obeliscul lui Hatshepsut<\/strong>, <strong>Lista Regilor de la Karnak<\/strong> \u0219i Gr\u0103dina Botanic\u0103.<\/p>\n<p>Reliefurile murale \u00eenf\u0103\u021bi\u0219eaz\u0103 <strong>religia egiptean\u0103 antic\u0103<\/strong> \u0219i celebra B\u0103t\u0103lie de la Qadesh. Dup\u0103 vizit\u0103, te vei bucura de un <strong>pr\u00e2nz local<\/strong> la un restaurant cu o vedere pitoreasc\u0103 spre <strong>Fluviul Nil<\/strong>.<\/p>\n<p><strong>Malul de Vest al Luxorului<\/strong> Dup\u0103 pr\u00e2nz, vizit\u0103m uria\u0219ii <strong>Colo\u0219i ai lui Memnon<\/strong>, care p\u0103zesc intrarea \u00een necropol\u0103. Continu\u0103m cu <strong>Templul lui Hatshepsut<\/strong>, o capodoper\u0103 terasat\u0103 care spune povestea uneia dintre cele mai puternice femei faraon.<\/p>\n<p>\u00cencheiem ziua \u00een <strong>Valea Regilor<\/strong>, unde vei intra \u00een 3 morminte spectaculoase pentru a admira scene din <strong>Cartea Mor\u021bilor<\/strong> \u0219i arta funerar\u0103 antic\u0103.<\/p>\n<p><strong>Mese:<\/strong> Mic dejun, Pr\u00e2nz, Cin\u0103.<\/p>\n<h3><span style=\"color: #ff6600;\">Ziua 2: Luxor, Kom Ombo, Edfu, Aswan<\/span><\/h3>\n<p>Dup\u0103 micul dejun la hotel, pornim spre sud. Prima oprire este magnificul <strong>Templul Edfu<\/strong>, dedicat zeului-\u0219oim <strong>Horus<\/strong>. Este unul dintre cele mai bine conservate temple, oferind o privire fascinant\u0103 asupra arhitecturii din epoca ptolemaic\u0103.<\/p>\n<p>Continu\u0103m spre <strong>Templul Kom Ombo<\/strong>, un templu dublu simetric dedicat zeului crocodil <strong>Sobek<\/strong> \u0219i zeului <strong>Horus cel B\u0103tr\u00e2n<\/strong>. Aici po\u021bi vedea instrumente chirurgicale antice sculptate pe pere\u021bi \u0219i <strong>Muzeul Crocodililor<\/strong>. Dup\u0103 pr\u00e2nz, transfer c\u0103tre <strong>Aswan<\/strong> pentru cazare.<\/p>\n<p><strong>Mese:<\/strong> Mic dejun, Pr\u00e2nz, Cin\u0103.<\/p>\n<h3><span style=\"color: #ff6600;\">Ziua 3: Aswan<\/span><\/h3>\n<p>Dup\u0103 micul dejun, explor\u0103m <strong>Marele Baraj de la Aswan<\/strong>, o realizare monumental\u0103 a ingineriei secolului XX, care ofer\u0103 vederi panoramice asupra <strong>Lacului Nasser<\/strong>.<\/p>\n<p>Urmeaz\u0103 o plimbare relaxant\u0103 cu <strong>barca cu motor<\/strong> pe Nil p\u00e2n\u0103 la <strong>Insula Agilkia<\/strong>, noua cas\u0103 a <strong>Templului Philae<\/strong>. Dedicat zei\u021bei <strong>Isis<\/strong>, acest complex este renumit pentru coloanele sale elegante \u0219i istoria salv\u0103rii sale de c\u0103tre UNESCO \u00een anii &#8217;60.<\/p>\n<p><strong>Mese:<\/strong> Mic dejun, Pr\u00e2nz, Cin\u0103.<\/p>\n<h3><span style=\"color: #ff6600;\">Ziua 4: Abu Simbel, Aswan, Qena, Marsa Alam<\/span><\/h3>\n<p>Ultima zi \u00eencepe devreme (\u00een jurul orei 04:00 AM) pentru a vizita legendarele <strong>temple de la Abu Simbel<\/strong>. Drumul prin de\u0219ert dureaz\u0103 aproximativ 4 ore.<\/p>\n<p>Vei fi impresionat de <strong>Marele Templu al lui Ramses II<\/strong>, sculptat direct \u00een st\u00e2nc\u0103, cu cele patru statui colosale la intrare. Vizit\u0103m \u0219i <strong>Micul Templu al lui Hathor \u0219i Nefertari<\/strong>, dedicat so\u021biei iubite a faraonului.<\/p>\n<p>Dup\u0103 vizit\u0103, ne \u00eentoarcem \u00een Aswan pentru pr\u00e2nz, apoi te vei \u00eembarca \u00een <strong>trenul VIP de la Aswan la Qena<\/strong>. \u00cen Qena, o ma\u0219in\u0103 privat\u0103 te va a\u0219tepta pentru transferul final c\u0103tre hotelul t\u0103u din <strong>Marsa Alam<\/strong>.<\/p>\n<p><strong>Mese:<\/strong> Mic dejun, Pr\u00e2nz.<\/p>\n<h3><span style=\"color: #ff6600;\">Pre\u021b Luxor, Aswan \u0219i Abu Simbel din Marsa Alam \u2013 4 Zile<\/span><\/h3>\n<ul>\n<li>Pre\u021b Adult: 850 \u20ac<\/li>\n<li>Copii 0-5 ani: Gratuit<\/li>\n<li>Copii 5-11 ani: 50% din pre\u021bul de adult<\/li>\n<\/ul>\n<h3><span style=\"color: #ff6600;\">Rezerv\u0103ri<\/span><\/h3>\n<p>Po\u021bi rezerva turul t\u0103u prin WhatsApp sau E-mail:<\/p>\n<ul>\n<li>WhatsApp: +201000852186<\/li>\n<li>Email: info@egytourpackages.com<\/li>\n<\/ul>\n<h3><span style=\"color: #ff6600;\">Rezerv\u0103 Acum \u0219i Pl\u0103te\u0219te la Fa\u021ba Locului<\/span><\/h3>\n<p>Po\u021bi pl\u0103ti \u00een lire egiptene, $, \u20ac sau \u00a3.<\/p>\n<h3><span style=\"color: #ff6600;\">Politic\u0103 de Anulare:<\/span><\/h3>\n<ul>\n<li>Anularea este gratuit\u0103 cu p\u00e2n\u0103 la 24 de ore \u00eenainte.<\/li>\n<li>Anularea \u00een diminea\u021ba plec\u0103rii se taxeaz\u0103 cu 50% din pre\u021b.<\/li>\n<\/ul>\n","protected":false},"excerpt":{"rendered":"<p><b data-path-to-node=\"1\" data-index-in-node=\"0\">Luxor, Aswan \u0219i Abu Simbel din Marsa Alam \u2013 4 Zile<\/b>. Exploreaz\u0103 Valea Regilor, Karnak \u0219i Abu Simbel cu ghid privat. Cele mai bune tururi \u00een Egipt. Rezerv\u0103!<\/p>\n","protected":false},"featured_media":13225,"comment_status":"open","ping_status":"closed","template":"","meta":[],"product_brand":[],"product_cat":[3120],"product_tag":[3197,3264,3196,3229],"class_list":{"0":"post-13224","1":"product","2":"type-product","3":"status-publish","4":"has-post-thumbnail","6":"product_cat-tururi","7":"product_tag-aswan-ro","8":"product_tag-templul-edfu","9":"product_tag-turul-templului-abu-simbel","10":"product_tag-tururi-marsa-alam","11":"tour_category-excursii-de-o-zi-in-egipt-ro","12":"tour_category-excursii-marsa-alam-ro","14":"first","15":"instock","16":"sale","17":"shipping-taxable","18":"purchasable","19":"product-type-tour","20":"has-default-attributes"},"yoast_head":"<!-- This site is optimized with the Yoast SEO Premium plugin v27.4 (Yoast SEO v27.4) - https:\/\/yoast.com\/product\/yoast-seo-premium-wordpress\/ -->\n<title>Luxor Aswan \u0219i Abu Simbel din Marsa Alam \u2013 4 Zile<\/title>\n<meta name=\"description\" content=\"Luxor, Aswan \u0219i Abu Simbel din Marsa Alam \u2013 4 Zile. Exploreaz\u0103 Valea Regilor, Karnak \u0219i Abu Simbel cu ghid privat. Cele mai bune tururi \u00een Egipt. Rezerv\u0103!\" \/>\n<meta name=\"robots\" content=\"index, follow, max-snippet:-1, max-image-preview:large, max-video-preview:-1\" \/>\n<link rel=\"canonical\" href=\"https:\/\/egytourpackages.com\/ro\/tours\/luxor-aswan-si-abu-simbel-din-marsa-alam-4-zile\/\" \/>\n<meta property=\"og:locale\" content=\"ro_RO\" \/>\n<meta property=\"og:type\" content=\"article\" \/>\n<meta property=\"og:title\" content=\"Luxor, Aswan \u0219i Abu Simbel din Marsa Alam \u2013 4 Zile\" \/>\n<meta property=\"og:description\" content=\"Luxor, Aswan \u0219i Abu Simbel din Marsa Alam \u2013 4 Zile. Exploreaz\u0103 Valea Regilor, Karnak \u0219i Abu Simbel cu ghid privat. Cele mai bune tururi \u00een Egipt. Rezerv\u0103!\" \/>\n<meta property=\"og:url\" content=\"https:\/\/egytourpackages.com\/ro\/tours\/luxor-aswan-si-abu-simbel-din-marsa-alam-4-zile\/\" \/>\n<meta property=\"og:site_name\" content=\"Egypt Tour Packages\" \/>\n<meta property=\"article:publisher\" content=\"https:\/\/www.facebook.com\/egytourpackages\" \/>\n<meta property=\"article:modified_time\" content=\"2026-01-18T22:49:57+00:00\" \/>\n<meta property=\"og:image\" content=\"https:\/\/egytourpackages.com\/wp-content\/uploads\/2023\/07\/Abu-Simbel-1024x682.jpg\" \/>\n<meta name=\"twitter:card\" content=\"summary_large_image\" \/>\n<meta name=\"twitter:title\" content=\"Luxor, Aswan \u0219i Abu Simbel din Marsa Alam \u2013 4 Zile\" \/>\n<meta name=\"twitter:description\" content=\"Luxor, Aswan \u0219i Abu Simbel din Marsa Alam \u2013 4 Zile. Exploreaz\u0103 Valea Regilor, Karnak \u0219i Abu Simbel cu ghid privat. Cele mai bune tururi \u00een Egipt. Rezerv\u0103!\" \/>\n<meta name=\"twitter:image\" content=\"https:\/\/egytourpackages.com\/wp-content\/uploads\/2023\/07\/Abu-Simbel-1024x682.jpg\" \/>\n<meta name=\"twitter:label1\" content=\"Pre\u021b\" \/>\n\t<meta name=\"twitter:data1\" content=\"&euro;850\" \/>\n\t<meta name=\"twitter:label2\" content=\"Disponibilitate\" \/>\n\t<meta name=\"twitter:data2\" content=\"\u00cen stoc\" \/>\n<script type=\"application\/ld+json\" class=\"yoast-schema-graph\">{\"@context\":\"https:\\\/\\\/schema.org\",\"@graph\":[{\"@type\":\"WebPage\",\"@id\":\"https:\\\/\\\/egytourpackages.com\\\/ro\\\/tours\\\/luxor-aswan-si-abu-simbel-din-marsa-alam-4-zile\\\/\",\"url\":\"https:\\\/\\\/egytourpackages.com\\\/ro\\\/tours\\\/luxor-aswan-si-abu-simbel-din-marsa-alam-4-zile\\\/\",\"name\":\"Luxor Aswan \u0219i Abu Simbel din Marsa Alam \u2013 4 Zile\",\"isPartOf\":{\"@id\":\"https:\\\/\\\/egytourpackages.com\\\/ro\\\/#website\"},\"primaryImageOfPage\":{\"@id\":\"https:\\\/\\\/egytourpackages.com\\\/ro\\\/tours\\\/luxor-aswan-si-abu-simbel-din-marsa-alam-4-zile\\\/#primaryimage\"},\"image\":{\"@id\":\"https:\\\/\\\/egytourpackages.com\\\/ro\\\/tours\\\/luxor-aswan-si-abu-simbel-din-marsa-alam-4-zile\\\/#primaryimage\"},\"thumbnailUrl\":\"https:\\\/\\\/egytourpackages.com\\\/wp-content\\\/uploads\\\/2023\\\/07\\\/Abu-Simbel.jpg\",\"datePublished\":\"2023-07-12T15:37:32+00:00\",\"dateModified\":\"2026-01-18T22:49:57+00:00\",\"description\":\"Luxor, Aswan \u0219i Abu Simbel din Marsa Alam \u2013 4 Zile. Exploreaz\u0103 Valea Regilor, Karnak \u0219i Abu Simbel cu ghid privat. Cele mai bune tururi \u00een Egipt. Rezerv\u0103!\",\"breadcrumb\":{\"@id\":\"https:\\\/\\\/egytourpackages.com\\\/ro\\\/tours\\\/luxor-aswan-si-abu-simbel-din-marsa-alam-4-zile\\\/#breadcrumb\"},\"inLanguage\":\"ro-RO\",\"potentialAction\":[{\"@type\":\"ReadAction\",\"target\":[\"https:\\\/\\\/egytourpackages.com\\\/ro\\\/tours\\\/luxor-aswan-si-abu-simbel-din-marsa-alam-4-zile\\\/\"]}]},{\"@type\":\"ImageObject\",\"inLanguage\":\"ro-RO\",\"@id\":\"https:\\\/\\\/egytourpackages.com\\\/ro\\\/tours\\\/luxor-aswan-si-abu-simbel-din-marsa-alam-4-zile\\\/#primaryimage\",\"url\":\"https:\\\/\\\/egytourpackages.com\\\/wp-content\\\/uploads\\\/2023\\\/07\\\/Abu-Simbel.jpg\",\"contentUrl\":\"https:\\\/\\\/egytourpackages.com\\\/wp-content\\\/uploads\\\/2023\\\/07\\\/Abu-Simbel.jpg\",\"width\":2000,\"height\":1333,\"caption\":\"Luxor, Aswan \u0219i Abu Simbel din Marsa Alam \u2013 4 Zile\"},{\"@type\":\"BreadcrumbList\",\"@id\":\"https:\\\/\\\/egytourpackages.com\\\/ro\\\/tours\\\/luxor-aswan-si-abu-simbel-din-marsa-alam-4-zile\\\/#breadcrumb\",\"itemListElement\":[{\"@type\":\"ListItem\",\"position\":1,\"name\":\"Home\",\"item\":\"https:\\\/\\\/egytourpackages.com\\\/ro\\\/\"},{\"@type\":\"ListItem\",\"position\":2,\"name\":\"Shop\",\"item\":\"https:\\\/\\\/egytourpackages.com\\\/shop\\\/\"},{\"@type\":\"ListItem\",\"position\":3,\"name\":\"Luxor, Aswan \u0219i Abu Simbel din Marsa Alam \u2013 4 Zile\"}]},{\"@type\":\"WebSite\",\"@id\":\"https:\\\/\\\/egytourpackages.com\\\/ro\\\/#website\",\"url\":\"https:\\\/\\\/egytourpackages.com\\\/ro\\\/\",\"name\":\"Egy tour packages\",\"description\":\"\",\"publisher\":{\"@id\":\"https:\\\/\\\/egytourpackages.com\\\/ro\\\/#organization\"},\"potentialAction\":[{\"@type\":\"SearchAction\",\"target\":{\"@type\":\"EntryPoint\",\"urlTemplate\":\"https:\\\/\\\/egytourpackages.com\\\/ro\\\/?s={search_term_string}\"},\"query-input\":{\"@type\":\"PropertyValueSpecification\",\"valueRequired\":true,\"valueName\":\"search_term_string\"}}],\"inLanguage\":\"ro-RO\"},{\"@type\":[\"Organization\",\"Place\",\"TravelAgency\"],\"@id\":\"https:\\\/\\\/egytourpackages.com\\\/ro\\\/#organization\",\"name\":\"egypt tour packages\",\"alternateName\":\"egypt tour packages\",\"url\":\"https:\\\/\\\/egytourpackages.com\\\/ro\\\/\",\"logo\":{\"@id\":\"https:\\\/\\\/egytourpackages.com\\\/ro\\\/tours\\\/luxor-aswan-si-abu-simbel-din-marsa-alam-4-zile\\\/#local-main-organization-logo\"},\"image\":{\"@id\":\"https:\\\/\\\/egytourpackages.com\\\/ro\\\/tours\\\/luxor-aswan-si-abu-simbel-din-marsa-alam-4-zile\\\/#local-main-organization-logo\"},\"sameAs\":[\"https:\\\/\\\/www.facebook.com\\\/egytourpackages\"],\"legalName\":\"Egy tour packages\",\"address\":{\"@id\":\"https:\\\/\\\/egytourpackages.com\\\/ro\\\/tours\\\/luxor-aswan-si-abu-simbel-din-marsa-alam-4-zile\\\/#local-main-place-address\"},\"telephone\":[\"00201000852186\",\"00201028685533\"],\"contactPoint\":{\"@type\":\"ContactPoint\",\"telephone\":\"00201000852186\"},\"openingHoursSpecification\":[{\"@type\":\"OpeningHoursSpecification\",\"dayOfWeek\":[\"Monday\",\"Tuesday\",\"Wednesday\",\"Thursday\",\"Friday\",\"Saturday\",\"Sunday\"],\"opens\":\"00:00\",\"closes\":\"23:59\"}],\"email\":\"info@egytourpackages.com\",\"areaServed\":\"Cairo, Hurghada, Luxor, Sharm El Sheikh, Marsa Alam, Aswan\",\"priceRange\":\"$\",\"currenciesAccepted\":\"euro\",\"paymentAccepted\":\"Payment links online\"},{\"@type\":\"PostalAddress\",\"@id\":\"https:\\\/\\\/egytourpackages.com\\\/ro\\\/tours\\\/luxor-aswan-si-abu-simbel-din-marsa-alam-4-zile\\\/#local-main-place-address\",\"streetAddress\":\"Mubarak 8, Al Kawthar District, Hurghada\",\"addressLocality\":\"Hurghada\",\"postalCode\":\"84511\",\"addressRegion\":\"Red Sea\",\"addressCountry\":\"EG\"},{\"@type\":\"ImageObject\",\"inLanguage\":\"ro-RO\",\"@id\":\"https:\\\/\\\/egytourpackages.com\\\/ro\\\/tours\\\/luxor-aswan-si-abu-simbel-din-marsa-alam-4-zile\\\/#local-main-organization-logo\",\"url\":\"https:\\\/\\\/egytourpackages.com\\\/wp-content\\\/uploads\\\/2025\\\/12\\\/Turquoise-Dahabiya-Nile-Cruise-1.jpeg\",\"contentUrl\":\"https:\\\/\\\/egytourpackages.com\\\/wp-content\\\/uploads\\\/2025\\\/12\\\/Turquoise-Dahabiya-Nile-Cruise-1.jpeg\",\"width\":1040,\"height\":694,\"caption\":\"egypt tour packages\"}]}<\/script>\n<meta property=\"product:brand\" content=\"Excursii de o zi \u00een Egipt\" \/>\n<meta property=\"product:price:amount\" content=\"850\" \/>\n<meta property=\"product:price:currency\" content=\"EUR\" \/>\n<meta property=\"og:availability\" content=\"instock\" \/>\n<meta property=\"product:availability\" content=\"instock\" \/>\n<meta property=\"product:retailer_item_id\" content=\"MAT03\" \/>\n<meta property=\"product:condition\" content=\"new\" \/>\n<meta name=\"geo.placename\" content=\"Hurghada\" \/>\n<meta name=\"geo.region\" content=\"Egipt\" \/>\n<!-- \/ Yoast SEO Premium plugin. -->","yoast_head_json":{"title":"Luxor Aswan \u0219i Abu Simbel din Marsa Alam \u2013 4 Zile","description":"Luxor, Aswan \u0219i Abu Simbel din Marsa Alam \u2013 4 Zile. Exploreaz\u0103 Valea Regilor, Karnak \u0219i Abu Simbel cu ghid privat. Cele mai bune tururi \u00een Egipt. Rezerv\u0103!","robots":{"index":"index","follow":"follow","max-snippet":"max-snippet:-1","max-image-preview":"max-image-preview:large","max-video-preview":"max-video-preview:-1"},"canonical":"https:\/\/egytourpackages.com\/ro\/tours\/luxor-aswan-si-abu-simbel-din-marsa-alam-4-zile\/","og_locale":"ro_RO","og_type":"article","og_title":"Luxor, Aswan \u0219i Abu Simbel din Marsa Alam \u2013 4 Zile","og_description":"Luxor, Aswan \u0219i Abu Simbel din Marsa Alam \u2013 4 Zile. Exploreaz\u0103 Valea Regilor, Karnak \u0219i Abu Simbel cu ghid privat. Cele mai bune tururi \u00een Egipt. Rezerv\u0103!","og_url":"https:\/\/egytourpackages.com\/ro\/tours\/luxor-aswan-si-abu-simbel-din-marsa-alam-4-zile\/","og_site_name":"Egypt Tour Packages","article_publisher":"https:\/\/www.facebook.com\/egytourpackages","article_modified_time":"2026-01-18T22:49:57+00:00","og_image":[{"url":"https:\/\/egytourpackages.com\/wp-content\/uploads\/2023\/07\/Abu-Simbel-1024x682.jpg","type":"","width":"","height":""}],"twitter_card":"summary_large_image","twitter_title":"Luxor, Aswan \u0219i Abu Simbel din Marsa Alam \u2013 4 Zile","twitter_description":"Luxor, Aswan \u0219i Abu Simbel din Marsa Alam \u2013 4 Zile. Exploreaz\u0103 Valea Regilor, Karnak \u0219i Abu Simbel cu ghid privat. Cele mai bune tururi \u00een Egipt. Rezerv\u0103!","twitter_image":"https:\/\/egytourpackages.com\/wp-content\/uploads\/2023\/07\/Abu-Simbel-1024x682.jpg","twitter_misc":{"Pre\u021b":"&euro;850","Disponibilitate":"\u00cen stoc"},"schema":{"@context":"https:\/\/schema.org","@graph":[{"@type":"WebPage","@id":"https:\/\/egytourpackages.com\/ro\/tours\/luxor-aswan-si-abu-simbel-din-marsa-alam-4-zile\/","url":"https:\/\/egytourpackages.com\/ro\/tours\/luxor-aswan-si-abu-simbel-din-marsa-alam-4-zile\/","name":"Luxor Aswan \u0219i Abu Simbel din Marsa Alam \u2013 4 Zile","isPartOf":{"@id":"https:\/\/egytourpackages.com\/ro\/#website"},"primaryImageOfPage":{"@id":"https:\/\/egytourpackages.com\/ro\/tours\/luxor-aswan-si-abu-simbel-din-marsa-alam-4-zile\/#primaryimage"},"image":{"@id":"https:\/\/egytourpackages.com\/ro\/tours\/luxor-aswan-si-abu-simbel-din-marsa-alam-4-zile\/#primaryimage"},"thumbnailUrl":"https:\/\/egytourpackages.com\/wp-content\/uploads\/2023\/07\/Abu-Simbel.jpg","datePublished":"2023-07-12T15:37:32+00:00","dateModified":"2026-01-18T22:49:57+00:00","description":"Luxor, Aswan \u0219i Abu Simbel din Marsa Alam \u2013 4 Zile. Exploreaz\u0103 Valea Regilor, Karnak \u0219i Abu Simbel cu ghid privat. Cele mai bune tururi \u00een Egipt. Rezerv\u0103!","breadcrumb":{"@id":"https:\/\/egytourpackages.com\/ro\/tours\/luxor-aswan-si-abu-simbel-din-marsa-alam-4-zile\/#breadcrumb"},"inLanguage":"ro-RO","potentialAction":[{"@type":"ReadAction","target":["https:\/\/egytourpackages.com\/ro\/tours\/luxor-aswan-si-abu-simbel-din-marsa-alam-4-zile\/"]}]},{"@type":"ImageObject","inLanguage":"ro-RO","@id":"https:\/\/egytourpackages.com\/ro\/tours\/luxor-aswan-si-abu-simbel-din-marsa-alam-4-zile\/#primaryimage","url":"https:\/\/egytourpackages.com\/wp-content\/uploads\/2023\/07\/Abu-Simbel.jpg","contentUrl":"https:\/\/egytourpackages.com\/wp-content\/uploads\/2023\/07\/Abu-Simbel.jpg","width":2000,"height":1333,"caption":"Luxor, Aswan \u0219i Abu Simbel din Marsa Alam \u2013 4 Zile"},{"@type":"BreadcrumbList","@id":"https:\/\/egytourpackages.com\/ro\/tours\/luxor-aswan-si-abu-simbel-din-marsa-alam-4-zile\/#breadcrumb","itemListElement":[{"@type":"ListItem","position":1,"name":"Home","item":"https:\/\/egytourpackages.com\/ro\/"},{"@type":"ListItem","position":2,"name":"Shop","item":"https:\/\/egytourpackages.com\/shop\/"},{"@type":"ListItem","position":3,"name":"Luxor, Aswan \u0219i Abu Simbel din Marsa Alam \u2013 4 Zile"}]},{"@type":"WebSite","@id":"https:\/\/egytourpackages.com\/ro\/#website","url":"https:\/\/egytourpackages.com\/ro\/","name":"Egy tour packages","description":"","publisher":{"@id":"https:\/\/egytourpackages.com\/ro\/#organization"},"potentialAction":[{"@type":"SearchAction","target":{"@type":"EntryPoint","urlTemplate":"https:\/\/egytourpackages.com\/ro\/?s={search_term_string}"},"query-input":{"@type":"PropertyValueSpecification","valueRequired":true,"valueName":"search_term_string"}}],"inLanguage":"ro-RO"},{"@type":["Organization","Place","TravelAgency"],"@id":"https:\/\/egytourpackages.com\/ro\/#organization","name":"egypt tour packages","alternateName":"egypt tour packages","url":"https:\/\/egytourpackages.com\/ro\/","logo":{"@id":"https:\/\/egytourpackages.com\/ro\/tours\/luxor-aswan-si-abu-simbel-din-marsa-alam-4-zile\/#local-main-organization-logo"},"image":{"@id":"https:\/\/egytourpackages.com\/ro\/tours\/luxor-aswan-si-abu-simbel-din-marsa-alam-4-zile\/#local-main-organization-logo"},"sameAs":["https:\/\/www.facebook.com\/egytourpackages"],"legalName":"Egy tour packages","address":{"@id":"https:\/\/egytourpackages.com\/ro\/tours\/luxor-aswan-si-abu-simbel-din-marsa-alam-4-zile\/#local-main-place-address"},"telephone":["00201000852186","00201028685533"],"contactPoint":{"@type":"ContactPoint","telephone":"00201000852186"},"openingHoursSpecification":[{"@type":"OpeningHoursSpecification","dayOfWeek":["Monday","Tuesday","Wednesday","Thursday","Friday","Saturday","Sunday"],"opens":"00:00","closes":"23:59"}],"email":"info@egytourpackages.com","areaServed":"Cairo, Hurghada, Luxor, Sharm El Sheikh, Marsa Alam, Aswan","priceRange":"$","currenciesAccepted":"euro","paymentAccepted":"Payment links online"},{"@type":"PostalAddress","@id":"https:\/\/egytourpackages.com\/ro\/tours\/luxor-aswan-si-abu-simbel-din-marsa-alam-4-zile\/#local-main-place-address","streetAddress":"Mubarak 8, Al Kawthar District, Hurghada","addressLocality":"Hurghada","postalCode":"84511","addressRegion":"Red Sea","addressCountry":"EG"},{"@type":"ImageObject","inLanguage":"ro-RO","@id":"https:\/\/egytourpackages.com\/ro\/tours\/luxor-aswan-si-abu-simbel-din-marsa-alam-4-zile\/#local-main-organization-logo","url":"https:\/\/egytourpackages.com\/wp-content\/uploads\/2025\/12\/Turquoise-Dahabiya-Nile-Cruise-1.jpeg","contentUrl":"https:\/\/egytourpackages.com\/wp-content\/uploads\/2025\/12\/Turquoise-Dahabiya-Nile-Cruise-1.jpeg","width":1040,"height":694,"caption":"egypt tour packages"}]},"product_brand":"Excursii de o zi \u00een Egipt","product_price_amount":"850","product_price_currency":"EUR","og_availability":"instock","product_availability":"instock","product_retailer_item_id":"MAT03","product_condition":"new","geo.placename":"Hurghada","geo.region":"Egipt"},"_links":{"self":[{"href":"https:\/\/egytourpackages.com\/ro\/wp-json\/wp\/v2\/product\/13224","targetHints":{"allow":["GET"]}}],"collection":[{"href":"https:\/\/egytourpackages.com\/ro\/wp-json\/wp\/v2\/product"}],"about":[{"href":"https:\/\/egytourpackages.com\/ro\/wp-json\/wp\/v2\/types\/product"}],"replies":[{"embeddable":true,"href":"https:\/\/egytourpackages.com\/ro\/wp-json\/wp\/v2\/comments?post=13224"}],"wp:featuredmedia":[{"embeddable":true,"href":"https:\/\/egytourpackages.com\/ro\/wp-json\/wp\/v2\/media\/13225"}],"wp:attachment":[{"href":"https:\/\/egytourpackages.com\/ro\/wp-json\/wp\/v2\/media?parent=13224"}],"wp:term":[{"taxonomy":"product_brand","embeddable":true,"href":"https:\/\/egytourpackages.com\/ro\/wp-json\/wp\/v2\/product_brand?post=13224"},{"taxonomy":"product_cat","embeddable":true,"href":"https:\/\/egytourpackages.com\/ro\/wp-json\/wp\/v2\/product_cat?post=13224"},{"taxonomy":"product_tag","embeddable":true,"href":"https:\/\/egytourpackages.com\/ro\/wp-json\/wp\/v2\/product_tag?post=13224"}],"curies":[{"name":"wp","href":"https:\/\/api.w.org\/{rel}","templated":true}]}}