{"id":13233,"date":"2023-07-12T20:20:51","date_gmt":"2023-07-12T20:20:51","guid":{"rendered":"https:\/\/egytourpackages.com\/product\/inot-cu-delfinii-in-reciful-sataya-egipt\/"},"modified":"2026-01-18T22:39:41","modified_gmt":"2026-01-18T22:39:41","slug":"inot-cu-delfinii-in-reciful-sataya-egipt","status":"publish","type":"product","link":"https:\/\/egytourpackages.com\/ro\/tours\/inot-cu-delfinii-in-reciful-sataya-egipt\/","title":{"rendered":"\u00cenot cu delfinii \u00een reciful Sataya, Egipt"},"content":{"rendered":"<p><span style=\"color: #ff6600;\"><strong>\u00cenot cu delfinii \u00een reciful Sataya, Egipt | Cele mai bune experien\u021be la Marea Ro\u0219ie<\/strong><\/span><\/p>\n<p>Bucur\u0103-te de o experien\u021b\u0103 de neegalat de <strong>\u00eenot cu delfinii \u00een reciful Sataya din Marsa Alam<\/strong>, o aventur\u0103 cu adev\u0103rat magic\u0103 la Marea Ro\u0219ie.<\/p>\n<p>De fapt, <strong>\u201eDolphin House\u201d<\/strong> din reciful Sataya este unul dintre cele mai faimoase habitate naturale din lume pentru grupuri mari de <strong>delfini spinner s\u0103lbatici<\/strong>, oferind o <strong>\u00eent\u00e2lnire etic\u0103 cu delfinii<\/strong> pornind din <strong>Marsa Alam<\/strong>.<\/p>\n<p>Aceast\u0103 <strong>excursie cu barca din Marsa Alam<\/strong> de o zi \u00eentreag\u0103 ofer\u0103 o oportunitate incredibil\u0103 de a <strong>\u00eenota cu delfini s\u0103lbatici<\/strong> \u00een Egipt, observ\u00e2nd aceste creaturi magnifice \u00een mediul lor natural.<\/p>\n<p>Pe l\u00e2ng\u0103 emo\u021bionantul <strong>\u00eenot cu delfinii<\/strong>, oaspe\u021bii se pot bucura de un <strong>snorkeling de excep\u021bie \u00een reciful Sataya<\/strong>, printre gr\u0103dini de corali vibrante \u0219i o via\u021b\u0103 marin\u0103 divers\u0103.<\/p>\n<p>Perfect pentru iubitorii de natur\u0103 \u0219i c\u0103ut\u0103torii de aventur\u0103, un <strong>tur cu delfinii la Sataya<\/strong> din Marsa Alam promite amintiri pe via\u021b\u0103 \u00een apele cristaline ale M\u0103rii Ro\u0219ii, fiind considerat\u0103 una dintre cele mai bine cotate <strong>excursii din Marsa Alam<\/strong>.<\/p>\n<h3><span style=\"color: #ff6600;\">Detalii<\/span><\/h3>\n<ul>\n<li>Durat\u0103: 1 Zi<\/li>\n<li>Loca\u021bie Tur: Marsa Alam<\/li>\n<li>Disponibilitate: S\u00e2mb\u0103t\u0103 \u2013 Luni \u2013 Miercuri<\/li>\n<li>Preluare &amp; Retur: Hotelul t\u0103u din Marsa Alam<\/li>\n<li>Tip Tur: Recreativ<\/li>\n<li>Scaun cu rotile: Accesibil<\/li>\n<\/ul>\n<h3><span style=\"color: #ff6600;\">Incluziuni<\/span><\/h3>\n<ul>\n<li>Transfer dus-\u00eentors de la hotelul t\u0103u<\/li>\n<li>Pr\u00e2nz la bordul navei<\/li>\n<li>Echipament de snorkeling<\/li>\n<li>Ghid de snorkeling specializat<\/li>\n<\/ul>\n<h3><span style=\"color: #ff6600;\">Excluderi<\/span><\/h3>\n<ul>\n<li>Bac\u0219i\u0219uri<\/li>\n<li>DVD \u0219i fotografii realizate de cameramanul de pe vas<\/li>\n<li>Scufund\u0103ri (Scuba Diving)<\/li>\n<\/ul>\n<h3><span style=\"color: #ff6600;\">Ce s\u0103 iei cu tine<\/span><\/h3>\n<ul>\n<li>Prosop de plaj\u0103 de la hotel<\/li>\n<li>P\u0103l\u0103rie sau e\u0219arf\u0103<\/li>\n<li>Crem\u0103 de protec\u021bie solar\u0103<\/li>\n<li>Costum de baie<\/li>\n<li>Bani m\u0103run\u021bi (pentru cheltuieli personale)<\/li>\n<\/ul>\n<h2><span style=\"color: #ff6600;\">Itinerar<\/span><\/h2>\n<p><strong>\u00cenot cu delfinii \u00een reciful Sataya, Egipt | Cele mai bune excursii de snorkeling \u00een Egipt | Rezerv\u0103 o excursie cu barca la pre\u021b avantajos din Marsa Alam c\u0103tre Sataya Reef Dolphin House.<\/strong><\/p>\n<p>S\u0103 \u00eeno\u021bi cu delfinii \u00een reciful Sataya este o experien\u021b\u0103 pe care nu o vei uita niciodat\u0103. Sataya <strong>Dolphin House<\/strong> este celebr\u0103 pentru <strong>delfinii spinner<\/strong>, care consider\u0103 laguna Sataya casa lor.<\/p>\n<p>\u00centr-adev\u0103r, aceast\u0103 excursie de snorkeling este \u00een topul <strong>atrac\u021biilor turistice din Marsa Alam<\/strong>. Imagineaz\u0103-\u021bi cum este s\u0103 petreci o zi \u00eentreag\u0103 <strong>\u00eenot\u00e2nd cu delfinii<\/strong> \u00een habitatul lor \u0219i interac\u021bion\u00e2nd cu aceste mamifere inteligente.<\/p>\n<p>Exploreaz\u0103 <strong>via\u021ba marin\u0103 din Marea Ro\u0219ie<\/strong>, <strong>coralii<\/strong> \u0219i <strong>pe\u0219tii tropicali<\/strong>, \u00een timp ce \u00eenve\u021bi mai multe despre delfinii din Egipt dec\u00e2t ai f\u0103cut-o vreodat\u0103. Mai mult, dac\u0103 dore\u0219ti s\u0103 \u00eencerci <strong>scuba diving \u00een Marea Ro\u0219ie<\/strong>, po\u021bi opta pentru acest serviciu contra cost.<\/p>\n<h3><span style=\"color: #ff6600;\">Pre\u021b \u00cenot cu Delfinii \u00een Reciful Sataya, Egipt<\/span><\/h3>\n<ul>\n<li>Pre\u021b Total: 65 euro de persoan\u0103<\/li>\n<\/ul>\n<h3><span style=\"color: #ff6600;\">Rezerv\u0103ri<\/span><\/h3>\n<p>Po\u021bi rezerva turul prin WhatsApp sau e-mail \u0219i vei primi confirmarea pe loc. Te rug\u0103m s\u0103 ne trimi\u021bi numele hotelului, num\u0103rul camerei \u0219i copii dup\u0103 pa\u0219aport.<\/p>\n<ul>\n<li>WhatsApp: +201000852186<\/li>\n<li>E-mail: info@egytourpackages.com<\/li>\n<\/ul>\n<h3><span style=\"color: #ff6600;\">Rezerv\u0103 Acum \u0219i Pl\u0103te\u0219te la Fa\u021ba Locului<\/span><\/h3>\n<ul>\n<li>Rezerv\u0103 turul preferat \u0219i pl\u0103te\u0219te direct \u00een ziua c\u0103l\u0103toriei.<\/li>\n<li>Plat\u0103 Po\u021bi pl\u0103ti \u00een lire egiptene (EGP), $, \u20ac sau \u00a3.<\/li>\n<\/ul>\n<h3><span style=\"color: #ff6600;\">Politic\u0103 de Anulare<\/span><\/h3>\n<ul>\n<li>Anularea este gratuit\u0103 cu p\u00e2n\u0103 la 24 de ore \u00een avans.<\/li>\n<li>Anularea f\u0103cut\u0103 \u00een diminea\u021ba excursiei se taxeaz\u0103 cu 50% din pre\u021b.<\/li>\n<\/ul>\n","protected":false},"excerpt":{"rendered":"<p>\u00cenot cu delfinii \u00een reciful Sataya, Egipt.O excursie magic\u0103 din Marsa Alam la Dolphin House. Snorkeling, pr\u00e2nz pe barc\u0103 \u0219i amintiri de neuitat. Rezerv\u0103 acum<\/p>\n","protected":false},"featured_media":13234,"comment_status":"open","ping_status":"closed","template":"","meta":[],"product_brand":[],"product_cat":[3120],"product_tag":[3203,3946,3229,3815],"class_list":{"0":"post-13233","1":"product","2":"type-product","3":"status-publish","4":"has-post-thumbnail","6":"product_cat-tururi","7":"product_tag-excursii-de-o-zi-in-egipt","8":"product_tag-scufundari-la-marea-rosie","9":"product_tag-tururi-marsa-alam","10":"product_tag-vacanta-in-marsa-alam","11":"tour_category-excursii-de-o-zi-in-egipt-ro","12":"tour_category-excursii-marsa-alam-ro","14":"first","15":"instock","16":"sale","17":"shipping-taxable","18":"purchasable","19":"product-type-tour","20":"has-default-attributes"},"yoast_head":"<!-- This site is optimized with the Yoast SEO Premium plugin v27.4 (Yoast SEO v27.4) - https:\/\/yoast.com\/product\/yoast-seo-premium-wordpress\/ -->\n<title>\u00cenot cu delfinii \u00een reciful Sataya Egipt<\/title>\n<meta name=\"description\" content=\"\u00cenot cu delfinii \u00een reciful Sataya, Egipt.O excursie magic\u0103 din Marsa Alam la Dolphin House. Snorkeling, pr\u00e2nz pe barc\u0103 \u0219i amintiri de neuitat. Rezerv\u0103 acum\" \/>\n<meta name=\"robots\" content=\"index, follow, max-snippet:-1, max-image-preview:large, max-video-preview:-1\" \/>\n<link rel=\"canonical\" href=\"https:\/\/egytourpackages.com\/ro\/tours\/inot-cu-delfinii-in-reciful-sataya-egipt\/\" \/>\n<meta property=\"og:locale\" content=\"ro_RO\" \/>\n<meta property=\"og:type\" content=\"article\" \/>\n<meta property=\"og:title\" content=\"\u00cenot cu delfinii \u00een reciful Sataya, Egipt\" \/>\n<meta property=\"og:description\" content=\"\u00cenot cu delfinii \u00een reciful Sataya, Egipt.O excursie magic\u0103 din Marsa Alam la Dolphin House. Snorkeling, pr\u00e2nz pe barc\u0103 \u0219i amintiri de neuitat. Rezerv\u0103 acum\" \/>\n<meta property=\"og:url\" content=\"https:\/\/egytourpackages.com\/ro\/tours\/inot-cu-delfinii-in-reciful-sataya-egipt\/\" \/>\n<meta property=\"og:site_name\" content=\"Egypt Tour Packages\" \/>\n<meta property=\"article:publisher\" content=\"https:\/\/www.facebook.com\/egytourpackages\" \/>\n<meta property=\"article:modified_time\" content=\"2026-01-18T22:39:41+00:00\" \/>\n<meta property=\"og:image\" content=\"https:\/\/egytourpackages.com\/wp-content\/uploads\/2023\/07\/Dolphins-in-Sataya-Reef.jpg\" \/>\n<meta name=\"twitter:card\" content=\"summary_large_image\" \/>\n<meta name=\"twitter:title\" content=\"\u00cenot cu delfinii \u00een reciful Sataya, Egipt\" \/>\n<meta name=\"twitter:description\" content=\"\u00cenot cu delfinii \u00een reciful Sataya, Egipt.O excursie magic\u0103 din Marsa Alam la Dolphin House. Snorkeling, pr\u00e2nz pe barc\u0103 \u0219i amintiri de neuitat. Rezerv\u0103 acum\" \/>\n<meta name=\"twitter:image\" content=\"https:\/\/egytourpackages.com\/wp-content\/uploads\/2023\/07\/Dolphins-in-Sataya-Reef.jpg\" \/>\n<meta name=\"twitter:label1\" content=\"Pre\u021b\" \/>\n\t<meta name=\"twitter:data1\" content=\"&euro;60\" \/>\n\t<meta name=\"twitter:label2\" content=\"Disponibilitate\" \/>\n\t<meta name=\"twitter:data2\" content=\"\u00cen stoc\" \/>\n<script type=\"application\/ld+json\" class=\"yoast-schema-graph\">{\"@context\":\"https:\\\/\\\/schema.org\",\"@graph\":[{\"@type\":\"WebPage\",\"@id\":\"https:\\\/\\\/egytourpackages.com\\\/ro\\\/tours\\\/inot-cu-delfinii-in-reciful-sataya-egipt\\\/\",\"url\":\"https:\\\/\\\/egytourpackages.com\\\/ro\\\/tours\\\/inot-cu-delfinii-in-reciful-sataya-egipt\\\/\",\"name\":\"\u00cenot cu delfinii \u00een reciful Sataya Egipt\",\"isPartOf\":{\"@id\":\"https:\\\/\\\/egytourpackages.com\\\/ro\\\/#website\"},\"primaryImageOfPage\":{\"@id\":\"https:\\\/\\\/egytourpackages.com\\\/ro\\\/tours\\\/inot-cu-delfinii-in-reciful-sataya-egipt\\\/#primaryimage\"},\"image\":{\"@id\":\"https:\\\/\\\/egytourpackages.com\\\/ro\\\/tours\\\/inot-cu-delfinii-in-reciful-sataya-egipt\\\/#primaryimage\"},\"thumbnailUrl\":\"https:\\\/\\\/egytourpackages.com\\\/wp-content\\\/uploads\\\/2023\\\/07\\\/Sataya-Dolphin-House.jpg\",\"datePublished\":\"2023-07-12T20:20:51+00:00\",\"dateModified\":\"2026-01-18T22:39:41+00:00\",\"description\":\"\u00cenot cu delfinii \u00een reciful Sataya, Egipt.O excursie magic\u0103 din Marsa Alam la Dolphin House. Snorkeling, pr\u00e2nz pe barc\u0103 \u0219i amintiri de neuitat. Rezerv\u0103 acum\",\"breadcrumb\":{\"@id\":\"https:\\\/\\\/egytourpackages.com\\\/ro\\\/tours\\\/inot-cu-delfinii-in-reciful-sataya-egipt\\\/#breadcrumb\"},\"inLanguage\":\"ro-RO\",\"potentialAction\":[{\"@type\":\"ReadAction\",\"target\":[\"https:\\\/\\\/egytourpackages.com\\\/ro\\\/tours\\\/inot-cu-delfinii-in-reciful-sataya-egipt\\\/\"]}]},{\"@type\":\"ImageObject\",\"inLanguage\":\"ro-RO\",\"@id\":\"https:\\\/\\\/egytourpackages.com\\\/ro\\\/tours\\\/inot-cu-delfinii-in-reciful-sataya-egipt\\\/#primaryimage\",\"url\":\"https:\\\/\\\/egytourpackages.com\\\/wp-content\\\/uploads\\\/2023\\\/07\\\/Sataya-Dolphin-House.jpg\",\"contentUrl\":\"https:\\\/\\\/egytourpackages.com\\\/wp-content\\\/uploads\\\/2023\\\/07\\\/Sataya-Dolphin-House.jpg\",\"width\":1000,\"height\":659,\"caption\":\"\u00cenot cu delfinii \u00een reciful Sataya, Egipt\"},{\"@type\":\"BreadcrumbList\",\"@id\":\"https:\\\/\\\/egytourpackages.com\\\/ro\\\/tours\\\/inot-cu-delfinii-in-reciful-sataya-egipt\\\/#breadcrumb\",\"itemListElement\":[{\"@type\":\"ListItem\",\"position\":1,\"name\":\"Home\",\"item\":\"https:\\\/\\\/egytourpackages.com\\\/ro\\\/\"},{\"@type\":\"ListItem\",\"position\":2,\"name\":\"Shop\",\"item\":\"https:\\\/\\\/egytourpackages.com\\\/shop\\\/\"},{\"@type\":\"ListItem\",\"position\":3,\"name\":\"\u00cenot cu delfinii \u00een reciful Sataya, Egipt\"}]},{\"@type\":\"WebSite\",\"@id\":\"https:\\\/\\\/egytourpackages.com\\\/ro\\\/#website\",\"url\":\"https:\\\/\\\/egytourpackages.com\\\/ro\\\/\",\"name\":\"Egy tour packages\",\"description\":\"\",\"publisher\":{\"@id\":\"https:\\\/\\\/egytourpackages.com\\\/ro\\\/#organization\"},\"potentialAction\":[{\"@type\":\"SearchAction\",\"target\":{\"@type\":\"EntryPoint\",\"urlTemplate\":\"https:\\\/\\\/egytourpackages.com\\\/ro\\\/?s={search_term_string}\"},\"query-input\":{\"@type\":\"PropertyValueSpecification\",\"valueRequired\":true,\"valueName\":\"search_term_string\"}}],\"inLanguage\":\"ro-RO\"},{\"@type\":[\"Organization\",\"Place\",\"TravelAgency\"],\"@id\":\"https:\\\/\\\/egytourpackages.com\\\/ro\\\/#organization\",\"name\":\"egypt tour packages\",\"alternateName\":\"egypt tour packages\",\"url\":\"https:\\\/\\\/egytourpackages.com\\\/ro\\\/\",\"logo\":{\"@id\":\"https:\\\/\\\/egytourpackages.com\\\/ro\\\/tours\\\/inot-cu-delfinii-in-reciful-sataya-egipt\\\/#local-main-organization-logo\"},\"image\":{\"@id\":\"https:\\\/\\\/egytourpackages.com\\\/ro\\\/tours\\\/inot-cu-delfinii-in-reciful-sataya-egipt\\\/#local-main-organization-logo\"},\"sameAs\":[\"https:\\\/\\\/www.facebook.com\\\/egytourpackages\"],\"legalName\":\"Egy tour packages\",\"address\":{\"@id\":\"https:\\\/\\\/egytourpackages.com\\\/ro\\\/tours\\\/inot-cu-delfinii-in-reciful-sataya-egipt\\\/#local-main-place-address\"},\"telephone\":[\"00201000852186\",\"00201028685533\"],\"contactPoint\":{\"@type\":\"ContactPoint\",\"telephone\":\"00201000852186\"},\"openingHoursSpecification\":[{\"@type\":\"OpeningHoursSpecification\",\"dayOfWeek\":[\"Monday\",\"Tuesday\",\"Wednesday\",\"Thursday\",\"Friday\",\"Saturday\",\"Sunday\"],\"opens\":\"00:00\",\"closes\":\"23:59\"}],\"email\":\"info@egytourpackages.com\",\"areaServed\":\"Cairo, Hurghada, Luxor, Sharm El Sheikh, Marsa Alam, Aswan\",\"priceRange\":\"$\",\"currenciesAccepted\":\"euro\",\"paymentAccepted\":\"Payment links online\"},{\"@type\":\"PostalAddress\",\"@id\":\"https:\\\/\\\/egytourpackages.com\\\/ro\\\/tours\\\/inot-cu-delfinii-in-reciful-sataya-egipt\\\/#local-main-place-address\",\"streetAddress\":\"Mubarak 8, Al Kawthar District, Hurghada\",\"addressLocality\":\"Hurghada\",\"postalCode\":\"84511\",\"addressRegion\":\"Red Sea\",\"addressCountry\":\"EG\"},{\"@type\":\"ImageObject\",\"inLanguage\":\"ro-RO\",\"@id\":\"https:\\\/\\\/egytourpackages.com\\\/ro\\\/tours\\\/inot-cu-delfinii-in-reciful-sataya-egipt\\\/#local-main-organization-logo\",\"url\":\"https:\\\/\\\/egytourpackages.com\\\/wp-content\\\/uploads\\\/2025\\\/12\\\/Turquoise-Dahabiya-Nile-Cruise-1.jpeg\",\"contentUrl\":\"https:\\\/\\\/egytourpackages.com\\\/wp-content\\\/uploads\\\/2025\\\/12\\\/Turquoise-Dahabiya-Nile-Cruise-1.jpeg\",\"width\":1040,\"height\":694,\"caption\":\"egypt tour packages\"}]}<\/script>\n<meta property=\"product:brand\" content=\"Excursii de o zi \u00een Egipt\" \/>\n<meta property=\"product:price:amount\" content=\"60\" \/>\n<meta property=\"product:price:currency\" content=\"EUR\" \/>\n<meta property=\"og:availability\" content=\"instock\" \/>\n<meta property=\"product:availability\" content=\"instock\" \/>\n<meta property=\"product:retailer_item_id\" content=\"MAT14\" \/>\n<meta property=\"product:condition\" content=\"new\" \/>\n<meta name=\"geo.placename\" content=\"Hurghada\" \/>\n<meta name=\"geo.region\" content=\"Egipt\" \/>\n<!-- \/ Yoast SEO Premium plugin. -->","yoast_head_json":{"title":"\u00cenot cu delfinii \u00een reciful Sataya Egipt","description":"\u00cenot cu delfinii \u00een reciful Sataya, Egipt.O excursie magic\u0103 din Marsa Alam la Dolphin House. Snorkeling, pr\u00e2nz pe barc\u0103 \u0219i amintiri de neuitat. Rezerv\u0103 acum","robots":{"index":"index","follow":"follow","max-snippet":"max-snippet:-1","max-image-preview":"max-image-preview:large","max-video-preview":"max-video-preview:-1"},"canonical":"https:\/\/egytourpackages.com\/ro\/tours\/inot-cu-delfinii-in-reciful-sataya-egipt\/","og_locale":"ro_RO","og_type":"article","og_title":"\u00cenot cu delfinii \u00een reciful Sataya, Egipt","og_description":"\u00cenot cu delfinii \u00een reciful Sataya, Egipt.O excursie magic\u0103 din Marsa Alam la Dolphin House. Snorkeling, pr\u00e2nz pe barc\u0103 \u0219i amintiri de neuitat. Rezerv\u0103 acum","og_url":"https:\/\/egytourpackages.com\/ro\/tours\/inot-cu-delfinii-in-reciful-sataya-egipt\/","og_site_name":"Egypt Tour Packages","article_publisher":"https:\/\/www.facebook.com\/egytourpackages","article_modified_time":"2026-01-18T22:39:41+00:00","og_image":[{"url":"https:\/\/egytourpackages.com\/wp-content\/uploads\/2023\/07\/Dolphins-in-Sataya-Reef.jpg","type":"","width":"","height":""}],"twitter_card":"summary_large_image","twitter_title":"\u00cenot cu delfinii \u00een reciful Sataya, Egipt","twitter_description":"\u00cenot cu delfinii \u00een reciful Sataya, Egipt.O excursie magic\u0103 din Marsa Alam la Dolphin House. Snorkeling, pr\u00e2nz pe barc\u0103 \u0219i amintiri de neuitat. Rezerv\u0103 acum","twitter_image":"https:\/\/egytourpackages.com\/wp-content\/uploads\/2023\/07\/Dolphins-in-Sataya-Reef.jpg","twitter_misc":{"Pre\u021b":"&euro;60","Disponibilitate":"\u00cen stoc"},"schema":{"@context":"https:\/\/schema.org","@graph":[{"@type":"WebPage","@id":"https:\/\/egytourpackages.com\/ro\/tours\/inot-cu-delfinii-in-reciful-sataya-egipt\/","url":"https:\/\/egytourpackages.com\/ro\/tours\/inot-cu-delfinii-in-reciful-sataya-egipt\/","name":"\u00cenot cu delfinii \u00een reciful Sataya Egipt","isPartOf":{"@id":"https:\/\/egytourpackages.com\/ro\/#website"},"primaryImageOfPage":{"@id":"https:\/\/egytourpackages.com\/ro\/tours\/inot-cu-delfinii-in-reciful-sataya-egipt\/#primaryimage"},"image":{"@id":"https:\/\/egytourpackages.com\/ro\/tours\/inot-cu-delfinii-in-reciful-sataya-egipt\/#primaryimage"},"thumbnailUrl":"https:\/\/egytourpackages.com\/wp-content\/uploads\/2023\/07\/Sataya-Dolphin-House.jpg","datePublished":"2023-07-12T20:20:51+00:00","dateModified":"2026-01-18T22:39:41+00:00","description":"\u00cenot cu delfinii \u00een reciful Sataya, Egipt.O excursie magic\u0103 din Marsa Alam la Dolphin House. Snorkeling, pr\u00e2nz pe barc\u0103 \u0219i amintiri de neuitat. Rezerv\u0103 acum","breadcrumb":{"@id":"https:\/\/egytourpackages.com\/ro\/tours\/inot-cu-delfinii-in-reciful-sataya-egipt\/#breadcrumb"},"inLanguage":"ro-RO","potentialAction":[{"@type":"ReadAction","target":["https:\/\/egytourpackages.com\/ro\/tours\/inot-cu-delfinii-in-reciful-sataya-egipt\/"]}]},{"@type":"ImageObject","inLanguage":"ro-RO","@id":"https:\/\/egytourpackages.com\/ro\/tours\/inot-cu-delfinii-in-reciful-sataya-egipt\/#primaryimage","url":"https:\/\/egytourpackages.com\/wp-content\/uploads\/2023\/07\/Sataya-Dolphin-House.jpg","contentUrl":"https:\/\/egytourpackages.com\/wp-content\/uploads\/2023\/07\/Sataya-Dolphin-House.jpg","width":1000,"height":659,"caption":"\u00cenot cu delfinii \u00een reciful Sataya, Egipt"},{"@type":"BreadcrumbList","@id":"https:\/\/egytourpackages.com\/ro\/tours\/inot-cu-delfinii-in-reciful-sataya-egipt\/#breadcrumb","itemListElement":[{"@type":"ListItem","position":1,"name":"Home","item":"https:\/\/egytourpackages.com\/ro\/"},{"@type":"ListItem","position":2,"name":"Shop","item":"https:\/\/egytourpackages.com\/shop\/"},{"@type":"ListItem","position":3,"name":"\u00cenot cu delfinii \u00een reciful Sataya, Egipt"}]},{"@type":"WebSite","@id":"https:\/\/egytourpackages.com\/ro\/#website","url":"https:\/\/egytourpackages.com\/ro\/","name":"Egy tour packages","description":"","publisher":{"@id":"https:\/\/egytourpackages.com\/ro\/#organization"},"potentialAction":[{"@type":"SearchAction","target":{"@type":"EntryPoint","urlTemplate":"https:\/\/egytourpackages.com\/ro\/?s={search_term_string}"},"query-input":{"@type":"PropertyValueSpecification","valueRequired":true,"valueName":"search_term_string"}}],"inLanguage":"ro-RO"},{"@type":["Organization","Place","TravelAgency"],"@id":"https:\/\/egytourpackages.com\/ro\/#organization","name":"egypt tour packages","alternateName":"egypt tour packages","url":"https:\/\/egytourpackages.com\/ro\/","logo":{"@id":"https:\/\/egytourpackages.com\/ro\/tours\/inot-cu-delfinii-in-reciful-sataya-egipt\/#local-main-organization-logo"},"image":{"@id":"https:\/\/egytourpackages.com\/ro\/tours\/inot-cu-delfinii-in-reciful-sataya-egipt\/#local-main-organization-logo"},"sameAs":["https:\/\/www.facebook.com\/egytourpackages"],"legalName":"Egy tour packages","address":{"@id":"https:\/\/egytourpackages.com\/ro\/tours\/inot-cu-delfinii-in-reciful-sataya-egipt\/#local-main-place-address"},"telephone":["00201000852186","00201028685533"],"contactPoint":{"@type":"ContactPoint","telephone":"00201000852186"},"openingHoursSpecification":[{"@type":"OpeningHoursSpecification","dayOfWeek":["Monday","Tuesday","Wednesday","Thursday","Friday","Saturday","Sunday"],"opens":"00:00","closes":"23:59"}],"email":"info@egytourpackages.com","areaServed":"Cairo, Hurghada, Luxor, Sharm El Sheikh, Marsa Alam, Aswan","priceRange":"$","currenciesAccepted":"euro","paymentAccepted":"Payment links online"},{"@type":"PostalAddress","@id":"https:\/\/egytourpackages.com\/ro\/tours\/inot-cu-delfinii-in-reciful-sataya-egipt\/#local-main-place-address","streetAddress":"Mubarak 8, Al Kawthar District, Hurghada","addressLocality":"Hurghada","postalCode":"84511","addressRegion":"Red Sea","addressCountry":"EG"},{"@type":"ImageObject","inLanguage":"ro-RO","@id":"https:\/\/egytourpackages.com\/ro\/tours\/inot-cu-delfinii-in-reciful-sataya-egipt\/#local-main-organization-logo","url":"https:\/\/egytourpackages.com\/wp-content\/uploads\/2025\/12\/Turquoise-Dahabiya-Nile-Cruise-1.jpeg","contentUrl":"https:\/\/egytourpackages.com\/wp-content\/uploads\/2025\/12\/Turquoise-Dahabiya-Nile-Cruise-1.jpeg","width":1040,"height":694,"caption":"egypt tour packages"}]},"product_brand":"Excursii de o zi \u00een Egipt","product_price_amount":"60","product_price_currency":"EUR","og_availability":"instock","product_availability":"instock","product_retailer_item_id":"MAT14","product_condition":"new","geo.placename":"Hurghada","geo.region":"Egipt"},"_links":{"self":[{"href":"https:\/\/egytourpackages.com\/ro\/wp-json\/wp\/v2\/product\/13233","targetHints":{"allow":["GET"]}}],"collection":[{"href":"https:\/\/egytourpackages.com\/ro\/wp-json\/wp\/v2\/product"}],"about":[{"href":"https:\/\/egytourpackages.com\/ro\/wp-json\/wp\/v2\/types\/product"}],"replies":[{"embeddable":true,"href":"https:\/\/egytourpackages.com\/ro\/wp-json\/wp\/v2\/comments?post=13233"}],"wp:featuredmedia":[{"embeddable":true,"href":"https:\/\/egytourpackages.com\/ro\/wp-json\/wp\/v2\/media\/13234"}],"wp:attachment":[{"href":"https:\/\/egytourpackages.com\/ro\/wp-json\/wp\/v2\/media?parent=13233"}],"wp:term":[{"taxonomy":"product_brand","embeddable":true,"href":"https:\/\/egytourpackages.com\/ro\/wp-json\/wp\/v2\/product_brand?post=13233"},{"taxonomy":"product_cat","embeddable":true,"href":"https:\/\/egytourpackages.com\/ro\/wp-json\/wp\/v2\/product_cat?post=13233"},{"taxonomy":"product_tag","embeddable":true,"href":"https:\/\/egytourpackages.com\/ro\/wp-json\/wp\/v2\/product_tag?post=13233"}],"curies":[{"name":"wp","href":"https:\/\/api.w.org\/{rel}","templated":true}]}}