{"id":13239,"date":"2023-07-13T02:26:31","date_gmt":"2023-07-13T02:26:31","guid":{"rendered":"https:\/\/egytourpackages.com\/product\/excursie-de-snorkeling-la-marsa-mubarak-din-marsa-alam\/"},"modified":"2026-01-18T22:36:21","modified_gmt":"2026-01-18T22:36:21","slug":"excursie-de-snorkeling-la-marsa-mubarak-din-marsa-alam","status":"publish","type":"product","link":"https:\/\/egytourpackages.com\/ro\/tours\/excursie-de-snorkeling-la-marsa-mubarak-din-marsa-alam\/","title":{"rendered":"Excursie de snorkeling la Marsa Mubarak din Marsa Alam"},"content":{"rendered":"<p><span style=\"color: #ff6600;\"><strong>Excursie de snorkeling la Marsa Mubarak din Marsa Alam \u00a0<\/strong><\/span><\/p>\n<p><strong>Excursia de snorkeling la Marsa Mubarak din Marsa Alam<\/strong> ofer\u0103 \u0219ansa de a asista de aproape la frumuse\u021bea vie\u021bii marine neatinse cu <strong>Egypt Tours<\/strong>. De fapt, <strong>Marsa Mubarak<\/strong> este locul ideal at\u00e2t pentru pasiona\u021bii de snorkeling, c\u00e2t \u0219i pentru scafandri.<\/p>\n<p>Aceste <strong>tururi de o zi \u00een Egipt<\/strong> reprezint\u0103 modalitatea perfect\u0103 de a te reconecta cu natura, de a descoperi specii marine noi \u0219i un ecosistem extraordinar. Mai mult, o excursie de snorkeling este una dintre cele mai bune activit\u0103\u021bi de f\u0103cut: <strong>\u00eenoat\u0103 cu delfinii<\/strong> \u0219i observ\u0103 <strong>\u021bestoasele verzi<\/strong> \u0219i celebrul <strong>dugong<\/strong> (vaca de mare).<\/p>\n<h3><span style=\"color: #ff6600;\">Detalii Tur<\/span><\/h3>\n<ul>\n<li>Durat\u0103: 8 ore<\/li>\n<li>Loca\u021bie Tur: Porto Ghalib, Marsa Alam<\/li>\n<li>Disponibilitate: \u00cen fiecare zi<\/li>\n<li>Preluare &amp; Retur: Hotelul t\u0103u din Marsa Alam<\/li>\n<li>Tip Tur: Recreativ<\/li>\n<li>Scaun cu rotile: Nu este accesibil<\/li>\n<\/ul>\n<h3><span style=\"color: #ff6600;\">Incluziuni<\/span><\/h3>\n<ul>\n<li>Transfer dus-\u00eentors<\/li>\n<li>Pr\u00e2nz la bordul unui iaht de lux<\/li>\n<li>Echipament de snorkeling<\/li>\n<li>Ghid de snorkeling profesionist<\/li>\n<li>B\u0103uturi calde \u0219i r\u0103coritoare<\/li>\n<\/ul>\n<h3><span style=\"color: #ff6600;\">Excluderi<\/span><\/h3>\n<ul>\n<li>DVD \u0219i fotografii realizate de cameraman<\/li>\n<li>Scufund\u0103ri (Scuba Diving)<\/li>\n<li>Bac\u0219i\u0219uri<\/li>\n<li>Taxa de Rezerva\u021bie Natural\u0103: 5 USD de persoan\u0103<\/li>\n<\/ul>\n<h3><span style=\"color: #ff6600;\">Ce s\u0103 iei cu tine<\/span><\/h3>\n<ul>\n<li>Prosop de plaj\u0103 de la hotel<\/li>\n<li>P\u0103l\u0103rie sau e\u0219arf\u0103<\/li>\n<li>Crem\u0103 de protec\u021bie solar\u0103<\/li>\n<li>Costum de baie<\/li>\n<li>Copie dup\u0103 pa\u0219aport<\/li>\n<\/ul>\n<h2><span style=\"color: #ff6600;\">Itinerar<\/span><\/h2>\n<p>\u00cencepe o <strong>excursie de snorkeling la Marsa Mubarak<\/strong> de o zi \u00eentreag\u0103, o experien\u021b\u0103 de top la Marea Ro\u0219ie. \u00cen c\u0103l\u0103toria ta din Marsa Alam, vei descoperi o varietate divers\u0103 de vie\u021buitoare marine.<\/p>\n<p>Aventura \u00eencepe cu preluarea de la hotel, urmat\u0103 de transferul la debarcader unde te a\u0219teapt\u0103 ambarca\u021biunea. Navig\u0103m spre apele cristaline din <strong>Golful Marsa Mubarak<\/strong>, renumit pentru biodiversitatea sa incredibil\u0103.<\/p>\n<p>Pe parcursul zilei, vei avea mai multe opriri pentru <strong>snorkeling<\/strong>, ghidate de instructori experimenta\u021bi. Astfel, te vei bucura din plin de <strong>excursia la Marsa Mubarak din Marsa Alam<\/strong>.<\/p>\n<p>Scufund\u0103-te \u00een apele turcoaz pentru a descoperi <strong>recife de corali<\/strong> vibrante. Punctul culminant al acestei <strong>excursii \u00een Marsa Alam<\/strong> este \u0219ansa de a <strong>\u00eenota cu dugongul<\/strong> \u0219i de a \u00eent\u00e2lni maiestuoasele <strong>\u021bestoase verzi<\/strong> \u00een habitatul lor natural.<\/p>\n<p>Un pr\u00e2nz delicios va fi servit la bord, oferindu-\u021bi momente de relaxare cu vederi spectaculoase. De asemenea, zona <strong>Marsa Shouni<\/strong> este faimoas\u0103 pentru corali \u0219i specii de pe\u0219ti, fiind un loc ideal pentru <strong>scuba diving<\/strong>, at\u00e2t pentru \u00eencep\u0103tori, c\u00e2t \u0219i pentru profesioni\u0219ti.<\/p>\n<p>La finalul zilei, te vei \u00eentoarce la hotelul t\u0103u din Marsa Alam cu amintiri unice.<\/p>\n<h3><span style=\"color: #ff6600;\">Pre\u021b Excursie Snorkeling Marsa Mubarak din Marsa Alam<\/span><\/h3>\n<ul>\n<li>Pre\u021b Adult: 50 \u20ac<\/li>\n<li>Copii 0-5 ani: Gratuit<\/li>\n<li>Copii 5-11 ani: 50% din pre\u021bul de adult<\/li>\n<\/ul>\n<h3><span style=\"color: #ff6600;\">Rezerv\u0103ri<\/span><\/h3>\n<p>Po\u021bi rezerva turul prin WhatsApp sau e-mail \u0219i vei primi confirmarea pe loc. Te rug\u0103m s\u0103 ne trimi\u021bi numele hotelului, num\u0103rul camerei \u0219i copii dup\u0103 pa\u0219aport pentru a-\u021bi asigura locul.<\/p>\n<ul>\n<li>WhatsApp: +201000852186<\/li>\n<li>E-mail: info@egytourpackages.com<\/li>\n<\/ul>\n<h3><span style=\"color: #ff6600;\">Rezerv\u0103 Acum \u0219i Pl\u0103te\u0219te la Fa\u021ba Locului<\/span><\/h3>\n<p>Rezerv\u0103 turul preferat \u0219i pl\u0103te\u0219te direct \u00een ziua excursiei.<\/p>\n<p>Plat\u0103 Po\u021bi pl\u0103ti \u00een lire egiptene (EGP), $, \u20ac sau \u00a3.<\/p>\n<h3><span style=\"color: #ff6600;\">Politic\u0103 de Anulare<\/span><\/h3>\n<ul>\n<li>Anularea este gratuit\u0103 cu p\u00e2n\u0103 la 24 de ore \u00een avans.<\/li>\n<li>Anularea f\u0103cut\u0103 \u00een diminea\u021ba excursiei se taxeaz\u0103 cu 50% din pre\u021b.<\/li>\n<\/ul>\n<h2><span style=\"color: #ff6600;\">Not\u0103:<\/span><\/h2>\n<p>Condi\u021biile meteo joac\u0103 un rol esen\u021bial; turul poate fi anulat \u00een caz de vreme nefavorabil\u0103.<\/p>\n","protected":false},"excerpt":{"rendered":"<p><b data-path-to-node=\"1\" data-index-in-node=\"0\">Excursie de snorkeling la Marsa Mubarak din Marsa Alam<\/b>. \u00cenoat\u0103 cu dugongul \u0219i \u021bestoasele verzi \u00een Marea Ro\u0219ie. Pr\u00e2nz pe iaht \u0219i echipament inclus. Rezerv\u0103!<\/p>\n","protected":false},"featured_media":13241,"comment_status":"open","ping_status":"closed","template":"","meta":[],"product_brand":[],"product_cat":[3120],"product_tag":[3203,3819,3229],"class_list":{"0":"post-13239","1":"product","2":"type-product","3":"status-publish","4":"has-post-thumbnail","6":"product_cat-tururi","7":"product_tag-excursii-de-o-zi-in-egipt","8":"product_tag-marsa-mubarak","9":"product_tag-tururi-marsa-alam","10":"tour_category-excursii-de-o-zi-in-egipt-ro","11":"tour_category-excursii-marsa-alam-ro","13":"first","14":"instock","15":"sale","16":"shipping-taxable","17":"purchasable","18":"product-type-tour","19":"has-default-attributes"},"yoast_head":"<!-- This site is optimized with the Yoast SEO Premium plugin v27.4 (Yoast SEO v27.4) - https:\/\/yoast.com\/product\/yoast-seo-premium-wordpress\/ -->\n<title>Excursie de snorkeling la Marsa Mubarak din Marsa Alam<\/title>\n<meta name=\"description\" content=\"Excursie de snorkeling la Marsa Mubarak din Marsa Alam. \u00cenoat\u0103 cu dugongul \u0219i \u021bestoasele verzi \u00een Marea Ro\u0219ie. Pr\u00e2nz pe iaht \u0219i echipament inclus. Rezerv\u0103!\" \/>\n<meta name=\"robots\" content=\"index, follow, max-snippet:-1, max-image-preview:large, max-video-preview:-1\" \/>\n<link rel=\"canonical\" href=\"https:\/\/egytourpackages.com\/ro\/tours\/excursie-de-snorkeling-la-marsa-mubarak-din-marsa-alam\/\" \/>\n<meta property=\"og:locale\" content=\"ro_RO\" \/>\n<meta property=\"og:type\" content=\"article\" \/>\n<meta property=\"og:title\" content=\"Excursie de snorkeling la Marsa Mubarak din Marsa Alam\" \/>\n<meta property=\"og:description\" content=\"Excursie de snorkeling la Marsa Mubarak din Marsa Alam. \u00cenoat\u0103 cu dugongul \u0219i \u021bestoasele verzi \u00een Marea Ro\u0219ie. Pr\u00e2nz pe iaht \u0219i echipament inclus. Rezerv\u0103!\" \/>\n<meta property=\"og:url\" content=\"https:\/\/egytourpackages.com\/ro\/tours\/excursie-de-snorkeling-la-marsa-mubarak-din-marsa-alam\/\" \/>\n<meta property=\"og:site_name\" content=\"Egypt Tour Packages\" \/>\n<meta property=\"article:publisher\" content=\"https:\/\/www.facebook.com\/egytourpackages\" \/>\n<meta property=\"article:modified_time\" content=\"2026-01-18T22:36:21+00:00\" \/>\n<meta property=\"og:image\" content=\"https:\/\/egytourpackages.com\/wp-content\/uploads\/2023\/07\/Marsa-Mubarak-Snorkeling-trip.jpeg\" \/>\n<meta name=\"twitter:card\" content=\"summary_large_image\" \/>\n<meta name=\"twitter:title\" content=\"Excursie de snorkeling la Marsa Mubarak din Marsa Alam\" \/>\n<meta name=\"twitter:description\" content=\"Excursie de snorkeling la Marsa Mubarak din Marsa Alam. \u00cenoat\u0103 cu dugongul \u0219i \u021bestoasele verzi \u00een Marea Ro\u0219ie. Pr\u00e2nz pe iaht \u0219i echipament inclus. Rezerv\u0103!\" \/>\n<meta name=\"twitter:image\" content=\"https:\/\/egytourpackages.com\/wp-content\/uploads\/2023\/07\/Marsa-Mubarak-Snorkeling-trip.jpeg\" \/>\n<meta name=\"twitter:label1\" content=\"Pre\u021b\" \/>\n\t<meta name=\"twitter:data1\" content=\"&euro;50\" \/>\n\t<meta name=\"twitter:label2\" content=\"Disponibilitate\" \/>\n\t<meta name=\"twitter:data2\" content=\"\u00cen stoc\" \/>\n<script type=\"application\/ld+json\" class=\"yoast-schema-graph\">{\"@context\":\"https:\\\/\\\/schema.org\",\"@graph\":[{\"@type\":\"WebPage\",\"@id\":\"https:\\\/\\\/egytourpackages.com\\\/ro\\\/tours\\\/excursie-de-snorkeling-la-marsa-mubarak-din-marsa-alam\\\/\",\"url\":\"https:\\\/\\\/egytourpackages.com\\\/ro\\\/tours\\\/excursie-de-snorkeling-la-marsa-mubarak-din-marsa-alam\\\/\",\"name\":\"Excursie de snorkeling la Marsa Mubarak din Marsa Alam\",\"isPartOf\":{\"@id\":\"https:\\\/\\\/egytourpackages.com\\\/ro\\\/#website\"},\"primaryImageOfPage\":{\"@id\":\"https:\\\/\\\/egytourpackages.com\\\/ro\\\/tours\\\/excursie-de-snorkeling-la-marsa-mubarak-din-marsa-alam\\\/#primaryimage\"},\"image\":{\"@id\":\"https:\\\/\\\/egytourpackages.com\\\/ro\\\/tours\\\/excursie-de-snorkeling-la-marsa-mubarak-din-marsa-alam\\\/#primaryimage\"},\"thumbnailUrl\":\"https:\\\/\\\/egytourpackages.com\\\/wp-content\\\/uploads\\\/2023\\\/07\\\/Marsa-Mubarak-Snorkeling-trip.jpeg\",\"datePublished\":\"2023-07-13T02:26:31+00:00\",\"dateModified\":\"2026-01-18T22:36:21+00:00\",\"description\":\"Excursie de snorkeling la Marsa Mubarak din Marsa Alam. \u00cenoat\u0103 cu dugongul \u0219i \u021bestoasele verzi \u00een Marea Ro\u0219ie. Pr\u00e2nz pe iaht \u0219i echipament inclus. Rezerv\u0103!\",\"breadcrumb\":{\"@id\":\"https:\\\/\\\/egytourpackages.com\\\/ro\\\/tours\\\/excursie-de-snorkeling-la-marsa-mubarak-din-marsa-alam\\\/#breadcrumb\"},\"inLanguage\":\"ro-RO\",\"potentialAction\":[{\"@type\":\"ReadAction\",\"target\":[\"https:\\\/\\\/egytourpackages.com\\\/ro\\\/tours\\\/excursie-de-snorkeling-la-marsa-mubarak-din-marsa-alam\\\/\"]}]},{\"@type\":\"ImageObject\",\"inLanguage\":\"ro-RO\",\"@id\":\"https:\\\/\\\/egytourpackages.com\\\/ro\\\/tours\\\/excursie-de-snorkeling-la-marsa-mubarak-din-marsa-alam\\\/#primaryimage\",\"url\":\"https:\\\/\\\/egytourpackages.com\\\/wp-content\\\/uploads\\\/2023\\\/07\\\/Marsa-Mubarak-Snorkeling-trip.jpeg\",\"contentUrl\":\"https:\\\/\\\/egytourpackages.com\\\/wp-content\\\/uploads\\\/2023\\\/07\\\/Marsa-Mubarak-Snorkeling-trip.jpeg\",\"width\":960,\"height\":864,\"caption\":\"Excursie de snorkeling la Marsa Mubarak din Marsa Alam\"},{\"@type\":\"BreadcrumbList\",\"@id\":\"https:\\\/\\\/egytourpackages.com\\\/ro\\\/tours\\\/excursie-de-snorkeling-la-marsa-mubarak-din-marsa-alam\\\/#breadcrumb\",\"itemListElement\":[{\"@type\":\"ListItem\",\"position\":1,\"name\":\"Home\",\"item\":\"https:\\\/\\\/egytourpackages.com\\\/ro\\\/\"},{\"@type\":\"ListItem\",\"position\":2,\"name\":\"Shop\",\"item\":\"https:\\\/\\\/egytourpackages.com\\\/shop\\\/\"},{\"@type\":\"ListItem\",\"position\":3,\"name\":\"Excursie de snorkeling la Marsa Mubarak din Marsa Alam\"}]},{\"@type\":\"WebSite\",\"@id\":\"https:\\\/\\\/egytourpackages.com\\\/ro\\\/#website\",\"url\":\"https:\\\/\\\/egytourpackages.com\\\/ro\\\/\",\"name\":\"Egy tour packages\",\"description\":\"\",\"publisher\":{\"@id\":\"https:\\\/\\\/egytourpackages.com\\\/ro\\\/#organization\"},\"potentialAction\":[{\"@type\":\"SearchAction\",\"target\":{\"@type\":\"EntryPoint\",\"urlTemplate\":\"https:\\\/\\\/egytourpackages.com\\\/ro\\\/?s={search_term_string}\"},\"query-input\":{\"@type\":\"PropertyValueSpecification\",\"valueRequired\":true,\"valueName\":\"search_term_string\"}}],\"inLanguage\":\"ro-RO\"},{\"@type\":[\"Organization\",\"Place\",\"TravelAgency\"],\"@id\":\"https:\\\/\\\/egytourpackages.com\\\/ro\\\/#organization\",\"name\":\"egypt tour packages\",\"alternateName\":\"egypt tour packages\",\"url\":\"https:\\\/\\\/egytourpackages.com\\\/ro\\\/\",\"logo\":{\"@id\":\"https:\\\/\\\/egytourpackages.com\\\/ro\\\/tours\\\/excursie-de-snorkeling-la-marsa-mubarak-din-marsa-alam\\\/#local-main-organization-logo\"},\"image\":{\"@id\":\"https:\\\/\\\/egytourpackages.com\\\/ro\\\/tours\\\/excursie-de-snorkeling-la-marsa-mubarak-din-marsa-alam\\\/#local-main-organization-logo\"},\"sameAs\":[\"https:\\\/\\\/www.facebook.com\\\/egytourpackages\"],\"legalName\":\"Egy tour packages\",\"address\":{\"@id\":\"https:\\\/\\\/egytourpackages.com\\\/ro\\\/tours\\\/excursie-de-snorkeling-la-marsa-mubarak-din-marsa-alam\\\/#local-main-place-address\"},\"telephone\":[\"00201000852186\",\"00201028685533\"],\"contactPoint\":{\"@type\":\"ContactPoint\",\"telephone\":\"00201000852186\"},\"openingHoursSpecification\":[{\"@type\":\"OpeningHoursSpecification\",\"dayOfWeek\":[\"Monday\",\"Tuesday\",\"Wednesday\",\"Thursday\",\"Friday\",\"Saturday\",\"Sunday\"],\"opens\":\"00:00\",\"closes\":\"23:59\"}],\"email\":\"info@egytourpackages.com\",\"areaServed\":\"Cairo, Hurghada, Luxor, Sharm El Sheikh, Marsa Alam, Aswan\",\"priceRange\":\"$\",\"currenciesAccepted\":\"euro\",\"paymentAccepted\":\"Payment links online\"},{\"@type\":\"PostalAddress\",\"@id\":\"https:\\\/\\\/egytourpackages.com\\\/ro\\\/tours\\\/excursie-de-snorkeling-la-marsa-mubarak-din-marsa-alam\\\/#local-main-place-address\",\"streetAddress\":\"Mubarak 8, Al Kawthar District, Hurghada\",\"addressLocality\":\"Hurghada\",\"postalCode\":\"84511\",\"addressRegion\":\"Red Sea\",\"addressCountry\":\"EG\"},{\"@type\":\"ImageObject\",\"inLanguage\":\"ro-RO\",\"@id\":\"https:\\\/\\\/egytourpackages.com\\\/ro\\\/tours\\\/excursie-de-snorkeling-la-marsa-mubarak-din-marsa-alam\\\/#local-main-organization-logo\",\"url\":\"https:\\\/\\\/egytourpackages.com\\\/wp-content\\\/uploads\\\/2025\\\/12\\\/Turquoise-Dahabiya-Nile-Cruise-1.jpeg\",\"contentUrl\":\"https:\\\/\\\/egytourpackages.com\\\/wp-content\\\/uploads\\\/2025\\\/12\\\/Turquoise-Dahabiya-Nile-Cruise-1.jpeg\",\"width\":1040,\"height\":694,\"caption\":\"egypt tour packages\"}]}<\/script>\n<meta property=\"product:brand\" content=\"Excursii de o zi \u00een Egipt\" \/>\n<meta property=\"product:price:amount\" content=\"50\" \/>\n<meta property=\"product:price:currency\" content=\"EUR\" \/>\n<meta property=\"og:availability\" content=\"instock\" \/>\n<meta property=\"product:availability\" content=\"instock\" \/>\n<meta property=\"product:retailer_item_id\" content=\"MAT10\" \/>\n<meta property=\"product:condition\" content=\"new\" \/>\n<meta name=\"geo.placename\" content=\"Hurghada\" \/>\n<meta name=\"geo.region\" content=\"Egipt\" \/>\n<!-- \/ Yoast SEO Premium plugin. -->","yoast_head_json":{"title":"Excursie de snorkeling la Marsa Mubarak din Marsa Alam","description":"Excursie de snorkeling la Marsa Mubarak din Marsa Alam. \u00cenoat\u0103 cu dugongul \u0219i \u021bestoasele verzi \u00een Marea Ro\u0219ie. Pr\u00e2nz pe iaht \u0219i echipament inclus. Rezerv\u0103!","robots":{"index":"index","follow":"follow","max-snippet":"max-snippet:-1","max-image-preview":"max-image-preview:large","max-video-preview":"max-video-preview:-1"},"canonical":"https:\/\/egytourpackages.com\/ro\/tours\/excursie-de-snorkeling-la-marsa-mubarak-din-marsa-alam\/","og_locale":"ro_RO","og_type":"article","og_title":"Excursie de snorkeling la Marsa Mubarak din Marsa Alam","og_description":"Excursie de snorkeling la Marsa Mubarak din Marsa Alam. \u00cenoat\u0103 cu dugongul \u0219i \u021bestoasele verzi \u00een Marea Ro\u0219ie. Pr\u00e2nz pe iaht \u0219i echipament inclus. Rezerv\u0103!","og_url":"https:\/\/egytourpackages.com\/ro\/tours\/excursie-de-snorkeling-la-marsa-mubarak-din-marsa-alam\/","og_site_name":"Egypt Tour Packages","article_publisher":"https:\/\/www.facebook.com\/egytourpackages","article_modified_time":"2026-01-18T22:36:21+00:00","og_image":[{"url":"https:\/\/egytourpackages.com\/wp-content\/uploads\/2023\/07\/Marsa-Mubarak-Snorkeling-trip.jpeg","type":"","width":"","height":""}],"twitter_card":"summary_large_image","twitter_title":"Excursie de snorkeling la Marsa Mubarak din Marsa Alam","twitter_description":"Excursie de snorkeling la Marsa Mubarak din Marsa Alam. \u00cenoat\u0103 cu dugongul \u0219i \u021bestoasele verzi \u00een Marea Ro\u0219ie. Pr\u00e2nz pe iaht \u0219i echipament inclus. Rezerv\u0103!","twitter_image":"https:\/\/egytourpackages.com\/wp-content\/uploads\/2023\/07\/Marsa-Mubarak-Snorkeling-trip.jpeg","twitter_misc":{"Pre\u021b":"&euro;50","Disponibilitate":"\u00cen stoc"},"schema":{"@context":"https:\/\/schema.org","@graph":[{"@type":"WebPage","@id":"https:\/\/egytourpackages.com\/ro\/tours\/excursie-de-snorkeling-la-marsa-mubarak-din-marsa-alam\/","url":"https:\/\/egytourpackages.com\/ro\/tours\/excursie-de-snorkeling-la-marsa-mubarak-din-marsa-alam\/","name":"Excursie de snorkeling la Marsa Mubarak din Marsa Alam","isPartOf":{"@id":"https:\/\/egytourpackages.com\/ro\/#website"},"primaryImageOfPage":{"@id":"https:\/\/egytourpackages.com\/ro\/tours\/excursie-de-snorkeling-la-marsa-mubarak-din-marsa-alam\/#primaryimage"},"image":{"@id":"https:\/\/egytourpackages.com\/ro\/tours\/excursie-de-snorkeling-la-marsa-mubarak-din-marsa-alam\/#primaryimage"},"thumbnailUrl":"https:\/\/egytourpackages.com\/wp-content\/uploads\/2023\/07\/Marsa-Mubarak-Snorkeling-trip.jpeg","datePublished":"2023-07-13T02:26:31+00:00","dateModified":"2026-01-18T22:36:21+00:00","description":"Excursie de snorkeling la Marsa Mubarak din Marsa Alam. \u00cenoat\u0103 cu dugongul \u0219i \u021bestoasele verzi \u00een Marea Ro\u0219ie. Pr\u00e2nz pe iaht \u0219i echipament inclus. Rezerv\u0103!","breadcrumb":{"@id":"https:\/\/egytourpackages.com\/ro\/tours\/excursie-de-snorkeling-la-marsa-mubarak-din-marsa-alam\/#breadcrumb"},"inLanguage":"ro-RO","potentialAction":[{"@type":"ReadAction","target":["https:\/\/egytourpackages.com\/ro\/tours\/excursie-de-snorkeling-la-marsa-mubarak-din-marsa-alam\/"]}]},{"@type":"ImageObject","inLanguage":"ro-RO","@id":"https:\/\/egytourpackages.com\/ro\/tours\/excursie-de-snorkeling-la-marsa-mubarak-din-marsa-alam\/#primaryimage","url":"https:\/\/egytourpackages.com\/wp-content\/uploads\/2023\/07\/Marsa-Mubarak-Snorkeling-trip.jpeg","contentUrl":"https:\/\/egytourpackages.com\/wp-content\/uploads\/2023\/07\/Marsa-Mubarak-Snorkeling-trip.jpeg","width":960,"height":864,"caption":"Excursie de snorkeling la Marsa Mubarak din Marsa Alam"},{"@type":"BreadcrumbList","@id":"https:\/\/egytourpackages.com\/ro\/tours\/excursie-de-snorkeling-la-marsa-mubarak-din-marsa-alam\/#breadcrumb","itemListElement":[{"@type":"ListItem","position":1,"name":"Home","item":"https:\/\/egytourpackages.com\/ro\/"},{"@type":"ListItem","position":2,"name":"Shop","item":"https:\/\/egytourpackages.com\/shop\/"},{"@type":"ListItem","position":3,"name":"Excursie de snorkeling la Marsa Mubarak din Marsa Alam"}]},{"@type":"WebSite","@id":"https:\/\/egytourpackages.com\/ro\/#website","url":"https:\/\/egytourpackages.com\/ro\/","name":"Egy tour packages","description":"","publisher":{"@id":"https:\/\/egytourpackages.com\/ro\/#organization"},"potentialAction":[{"@type":"SearchAction","target":{"@type":"EntryPoint","urlTemplate":"https:\/\/egytourpackages.com\/ro\/?s={search_term_string}"},"query-input":{"@type":"PropertyValueSpecification","valueRequired":true,"valueName":"search_term_string"}}],"inLanguage":"ro-RO"},{"@type":["Organization","Place","TravelAgency"],"@id":"https:\/\/egytourpackages.com\/ro\/#organization","name":"egypt tour packages","alternateName":"egypt tour packages","url":"https:\/\/egytourpackages.com\/ro\/","logo":{"@id":"https:\/\/egytourpackages.com\/ro\/tours\/excursie-de-snorkeling-la-marsa-mubarak-din-marsa-alam\/#local-main-organization-logo"},"image":{"@id":"https:\/\/egytourpackages.com\/ro\/tours\/excursie-de-snorkeling-la-marsa-mubarak-din-marsa-alam\/#local-main-organization-logo"},"sameAs":["https:\/\/www.facebook.com\/egytourpackages"],"legalName":"Egy tour packages","address":{"@id":"https:\/\/egytourpackages.com\/ro\/tours\/excursie-de-snorkeling-la-marsa-mubarak-din-marsa-alam\/#local-main-place-address"},"telephone":["00201000852186","00201028685533"],"contactPoint":{"@type":"ContactPoint","telephone":"00201000852186"},"openingHoursSpecification":[{"@type":"OpeningHoursSpecification","dayOfWeek":["Monday","Tuesday","Wednesday","Thursday","Friday","Saturday","Sunday"],"opens":"00:00","closes":"23:59"}],"email":"info@egytourpackages.com","areaServed":"Cairo, Hurghada, Luxor, Sharm El Sheikh, Marsa Alam, Aswan","priceRange":"$","currenciesAccepted":"euro","paymentAccepted":"Payment links online"},{"@type":"PostalAddress","@id":"https:\/\/egytourpackages.com\/ro\/tours\/excursie-de-snorkeling-la-marsa-mubarak-din-marsa-alam\/#local-main-place-address","streetAddress":"Mubarak 8, Al Kawthar District, Hurghada","addressLocality":"Hurghada","postalCode":"84511","addressRegion":"Red Sea","addressCountry":"EG"},{"@type":"ImageObject","inLanguage":"ro-RO","@id":"https:\/\/egytourpackages.com\/ro\/tours\/excursie-de-snorkeling-la-marsa-mubarak-din-marsa-alam\/#local-main-organization-logo","url":"https:\/\/egytourpackages.com\/wp-content\/uploads\/2025\/12\/Turquoise-Dahabiya-Nile-Cruise-1.jpeg","contentUrl":"https:\/\/egytourpackages.com\/wp-content\/uploads\/2025\/12\/Turquoise-Dahabiya-Nile-Cruise-1.jpeg","width":1040,"height":694,"caption":"egypt tour packages"}]},"product_brand":"Excursii de o zi \u00een Egipt","product_price_amount":"50","product_price_currency":"EUR","og_availability":"instock","product_availability":"instock","product_retailer_item_id":"MAT10","product_condition":"new","geo.placename":"Hurghada","geo.region":"Egipt"},"_links":{"self":[{"href":"https:\/\/egytourpackages.com\/ro\/wp-json\/wp\/v2\/product\/13239","targetHints":{"allow":["GET"]}}],"collection":[{"href":"https:\/\/egytourpackages.com\/ro\/wp-json\/wp\/v2\/product"}],"about":[{"href":"https:\/\/egytourpackages.com\/ro\/wp-json\/wp\/v2\/types\/product"}],"replies":[{"embeddable":true,"href":"https:\/\/egytourpackages.com\/ro\/wp-json\/wp\/v2\/comments?post=13239"}],"wp:featuredmedia":[{"embeddable":true,"href":"https:\/\/egytourpackages.com\/ro\/wp-json\/wp\/v2\/media\/13241"}],"wp:attachment":[{"href":"https:\/\/egytourpackages.com\/ro\/wp-json\/wp\/v2\/media?parent=13239"}],"wp:term":[{"taxonomy":"product_brand","embeddable":true,"href":"https:\/\/egytourpackages.com\/ro\/wp-json\/wp\/v2\/product_brand?post=13239"},{"taxonomy":"product_cat","embeddable":true,"href":"https:\/\/egytourpackages.com\/ro\/wp-json\/wp\/v2\/product_cat?post=13239"},{"taxonomy":"product_tag","embeddable":true,"href":"https:\/\/egytourpackages.com\/ro\/wp-json\/wp\/v2\/product_tag?post=13239"}],"curies":[{"name":"wp","href":"https:\/\/api.w.org\/{rel}","templated":true}]}}