{"id":13245,"date":"2023-07-13T16:20:44","date_gmt":"2023-07-13T16:20:44","guid":{"rendered":"https:\/\/egytourpackages.com\/product\/2-zile-in-cairo-din-makadi-bay\/"},"modified":"2026-01-28T02:59:17","modified_gmt":"2026-01-28T02:59:17","slug":"2-zile-in-cairo-din-makadi-bay","status":"publish","type":"product","link":"https:\/\/egytourpackages.com\/ro\/tours\/2-zile-in-cairo-din-makadi-bay\/","title":{"rendered":"2 Zile \u00een Cairo din Makadi Bay"},"content":{"rendered":"<p><span style=\"color: #ff6600;\"><strong>2 Zile \u00een Cairo din Makadi Bay | Cele mai bune excursii din Makadi Bay<\/strong><\/span><\/p>\n<p>Acest <strong>tur de 2 zile \u00een Cairo din Makadi Bay<\/strong> reprezint\u0103 o oportunitate unic\u0103 de a vizita cele mai importante atrac\u021bii turistice din Cairo. De fapt, <strong>pachetul nostru de tur \u00een Cairo din Makadi Bay<\/strong> v\u0103 asigur\u0103 vizitarea celor mai emblematice situri istorice cu maxim de confort \u0219i ghidaj expert.<\/p>\n<p>C\u0103l\u0103toria include <strong>Piramidele din Giza<\/strong>, enigmaticul <strong>Marele Sfinx<\/strong> \u0219i <strong>Templul de Mumificare<\/strong>.<\/p>\n<p><strong>Excursiile din Makadi Bay<\/strong> includ, de asemenea, complexul piramidei \u00een trepte de la Saqqara, frumosul <strong>morm\u00e2nt al lui Idut<\/strong> \u0219i piramida unic\u0103 a lui <strong>Unas<\/strong>, care con\u021bine primul <strong>text al piramidelor<\/strong>.<\/p>\n<p>Aprofunda\u021bi istoria la <strong>Marele Muzeu Egiptean (GEM)<\/strong>, unde ve\u021bi vedea inegalabilele <strong>comori ale lui Tutankhamun<\/strong>, al\u0103turi de nenum\u0103rate artefacte milenare.<\/p>\n<p>Explora\u021bi mo\u0219tenirea spiritual\u0103 din <strong>Vechiul Cairo<\/strong>, cu opriri la venerata <strong>Biseric\u0103 Suspendat\u0103<\/strong> \u0219i vechea <strong>Sinagog\u0103 Ben Ezra<\/strong>. Aceast\u0103 <strong>excursie de o noapte \u00een Cairo din Makadi Bay<\/strong> \u00eembin\u0103 istoria \u0219i cultura, oferind \u0219i o vizit\u0103 \u00een celebrul <strong>Bazar Khan El Khalili<\/strong>.<\/p>\n<p>Rezerva\u021bi-v\u0103 <strong>tururile \u00een Egipt<\/strong> ast\u0103zi \u0219i crea\u021bi amintiri de neuitat printre minunile atemporale ale Egiptului.<\/p>\n<h3><span style=\"color: #ff6600;\">Detalii Tur<\/span><\/h3>\n<ul>\n<li>Durat\u0103: 2 zile, 1 noapte<\/li>\n<li>Loca\u021bie Tur: Cairo\/Giza<\/li>\n<li>Disponibilitate: \u00cen fiecare zi<\/li>\n<li>Preluare &amp; Retur: Hotelul t\u0103u din Makadi Bay<\/li>\n<li>Tip Tur: Privat<\/li>\n<li>Potrivit pentru: Cupluri, familii \u0219i persoane peste 70 de ani<\/li>\n<li>Scaun cu rotile: Accesibil<\/li>\n<\/ul>\n<h3><span style=\"color: #ff6600;\">Puncte Forte ale Turului<\/span><\/h3>\n<ul>\n<li>Piramidele din Giza<\/li>\n<li>Marele Sfinx<\/li>\n<li>Templul din Vale<\/li>\n<li>Marele Muzeu Egiptean (GEM)<\/li>\n<li>Complexul Piramidei \u00een Trepte Saqqara<\/li>\n<li>Biserica Suspendat\u0103<\/li>\n<li>Biserica Abu Serga<\/li>\n<li>Sinagoga Ben Ezra<\/li>\n<li>Bazarul Khan El Khalili<\/li>\n<\/ul>\n<h3><span style=\"color: #ff6600;\">Incluziuni<\/span><\/h3>\n<ul>\n<li>Transfer dus-\u00eentors cu vehicul modern cu aer condi\u021bionat<\/li>\n<li>1 noapte cazare la un hotel din Cairo (mic dejun inclus)<\/li>\n<li>Taxe de intrare pentru toate obiectivele men\u021bionate<\/li>\n<li>Ghid egiptolog expert<\/li>\n<li>2 pr\u00e2nzuri<\/li>\n<\/ul>\n<h3><span style=\"color: #ff6600;\">Excluderi<\/span><\/h3>\n<ul>\n<li>B\u0103uturi \u00een timpul pr\u00e2nzului<\/li>\n<li>Taxa de intrare \u00een interiorul Piramidei lui Keops sau Kefren<\/li>\n<li>Bac\u0219i\u0219uri<\/li>\n<\/ul>\n<h3><span style=\"color: #ff6600;\">Ce s\u0103 ai la tine<\/span><\/h3>\n<ul>\n<li>\u00cenc\u0103l\u021b\u0103minte \u0219i haine confortabile (mai ales vara)<\/li>\n<li>Haine groase pentru iarn\u0103<\/li>\n<li>Ochelari de soare, p\u0103l\u0103rie sau e\u0219arf\u0103<\/li>\n<li>Crem\u0103 de protec\u021bie solar\u0103 (vara)<\/li>\n<\/ul>\n<h2><span style=\"color: #ff6600;\">Itinerar<\/span><\/h2>\n<h3><span style=\"color: #ff6600;\">Ziua 1: Makadi Bay \u2013 Cairo (Saqqara \u0219i Piramidele din Giza)<\/span><\/h3>\n<p>Aventura \u00eencepe cu un transfer privat confortabil de la hotelul t\u0103u din Makadi Bay. Drumul spre Cairo dureaz\u0103 aproximativ 5-6 ore. La sosire, ghidul t\u0103u expert te va \u00eent\u00e2mpina pentru a \u00eencepe vizita la <strong>Saqqara<\/strong>, cel mai vechi complex de piramide din Egipt. Aici ve\u021bi explora:<\/p>\n<ul>\n<li><strong>Piramida lui Unas:<\/strong> Admir\u0103 aceste texte religioase unice, cele mai vechi cunoscute, inscrip\u021bionate pe pere\u021bii morm\u00e2ntului.<\/li>\n<li><strong>Morm\u00e2ntul Prin\u021besei Idut:<\/strong> Exploreaz\u0103 reliefurile detaliate care \u00eenf\u0103\u021bi\u0219eaz\u0103 via\u021ba cotidian\u0103 antic\u0103.<\/li>\n<li><strong>Piramida lui Djoser:<\/strong> Viziteaz\u0103 celebra Piramid\u0103 \u00een Trepte construit\u0103 de geniul Imhotep.<\/li>\n<\/ul>\n<h3><span style=\"color: #ff6600;\">Pr\u00e2nz: <\/span><\/h3>\n<p>Bucur\u0103-te de un pr\u00e2nz local tradi\u021bional \u00eentr-un restaurant din zona Saqqara, acompaniat de muzic\u0103 live.<\/p>\n<h3><span style=\"color: #ff6600;\">Piramidele din Giza: <\/span><\/h3>\n<p>Dup\u0103-amiaza este dedicat\u0103 platoului Giza:<\/p>\n<ul>\n<li><strong>Marea Piramid\u0103 (Keops):<\/strong> Singura minune a lumii antice care a supravie\u021buit.<\/li>\n<li><strong>Piramida lui Kefren:<\/strong> A doua ca m\u0103rime, recunoscut\u0103 dup\u0103 \u00eenveli\u0219ul de calcar de la v\u00e2rf.<\/li>\n<li><strong>Marele Sfinx:<\/strong> Statuia gigantic\u0103 cu corp de leu \u0219i cap de faraon. Ghidul \u00ee\u021bi va povesti despre <strong>Stela Visului<\/strong> \u0219i misterele camerelor ascunse. Cazare la hotel \u00een Cairo<\/li>\n<\/ul>\n<p><strong>Mese:<\/strong> Mic dejun, Pr\u00e2nz.<\/p>\n<h3><span style=\"color: #ff6600;\">Ziua 2: Cairo \u2013 Makadi Bay<\/span><\/h3>\n<p>Dup\u0103 micul dejun, \u00eencepem explorarea atrac\u021biilor moderne \u0219i spirituale:<\/p>\n<h3><span style=\"color: #ff6600;\">Marele Muzeu Egiptean (GEM): <\/span><\/h3>\n<p>Cel mai mare muzeu arheologic din lume, unde vei vedea <strong>Comorile lui Tutankhamun<\/strong> \u0219i peste 100.000 de artefacte care dau via\u021b\u0103 <strong>civiliza\u021biei egiptene antice<\/strong>.<\/p>\n<h3><span style=\"color: #ff6600;\">Vechiul Cairo: <\/span><\/h3>\n<p>O vizit\u0103 esen\u021bial\u0103 ce include monumente cre\u0219tine \u0219i evreie\u0219ti. Vizit\u0103m <strong>Biserica Suspendat\u0103<\/strong> (construit\u0103 pe turnurile fort\u0103re\u021bei Babylon), <strong>Biserica Abu Serga<\/strong> (unde s-a refugiat Familia Sf\u00e2nt\u0103) \u0219i <strong>Sinagoga Ben Ezra<\/strong>.<\/p>\n<h3><span style=\"color: #ff6600;\">Pr\u00e2nz: <\/span><\/h3>\n<p>Servit la un restaurant local din Cairo.<\/p>\n<h3><span style=\"color: #ff6600;\">Bazarul Khan El Khalili: <\/span><\/h3>\n<p>\u00cencheiem ziua \u00een cea mai veche \u0219i vibrant\u0103 pia\u021b\u0103 din Orientul Mijlociu. Dup\u0103 aceast\u0103 zi bogat\u0103 \u00een descoperiri, \u0219oferul privat te va transfera \u00eenapoi la hotelul t\u0103u din <strong>Makadi Bay<\/strong>.<\/p>\n<p><strong>Mese:<\/strong> Mic dejun, Pr\u00e2nz.<\/p>\n<h3><span style=\"color: #ff6600;\">Pre\u021b Tur Privat Cairo din Makadi Bay<\/span><\/h3>\n<ul>\n<li>Pre\u021b Adult: 300 \u20ac<\/li>\n<li>Copii 0-5 ani: Gratuit<\/li>\n<li>Copii 5-11 ani: 50% din pre\u021bul de adult<\/li>\n<\/ul>\n<h3><span style=\"color: #ff6600;\">Rezerv\u0103ri<\/span><\/h3>\n<p>Po\u021bi rezerva excursiile din Makadi Bay prin WhatsApp sau E-mail:<\/p>\n<ul>\n<li>WhatsApp: +201000852186<\/li>\n<li>Email: info@egytourpackages.com<\/li>\n<\/ul>\n<h3><span style=\"color: #ff6600;\">Rezerv\u0103 Acum \u0219i Pl\u0103te\u0219te la Fa\u021ba Locului<\/span><\/h3>\n<p>Po\u021bi pl\u0103ti \u00een lire egiptene, $, \u20ac sau \u00a3.<\/p>\n<h3><span style=\"color: #ff6600;\">Politic\u0103 de Anulare:<\/span><\/h3>\n<ul>\n<li>Anulare gratuit\u0103 cu p\u00e2n\u0103 la 24 de ore \u00eenainte.<\/li>\n<li>Anularea \u00een diminea\u021ba plec\u0103rii se taxeaz\u0103 cu 50%.<\/li>\n<\/ul>\n","protected":false},"excerpt":{"rendered":"<p><b data-path-to-node=\"1\" data-index-in-node=\"0\">2 Zile \u00een Cairo din Makadi Bay<\/b>. Viziteaz\u0103 Piramidele din Giza, Sfinxul \u0219i Muzeul Egiptean cu un ghid privat. Pr\u00e2nz \u0219i cazare incluse. Rezerv\u0103 acum online!<\/p>\n","protected":false},"featured_media":13246,"comment_status":"open","ping_status":"closed","template":"","meta":[],"product_brand":[],"product_cat":[3120],"product_tag":[3203,3343,3194],"class_list":{"0":"post-13245","1":"product","2":"type-product","3":"status-publish","4":"has-post-thumbnail","6":"product_cat-tururi","7":"product_tag-excursii-de-o-zi-in-egipt","8":"product_tag-excursii-in-makadi-bay","9":"product_tag-piramidele-din-giza","10":"tour_category-excursii-de-o-zi-in-egipt-ro","11":"tour_category-excursii-makadi-bay-ro","12":"tour_category-tururi-la-cairo-din-hurghada","14":"first","15":"instock","16":"sale","17":"shipping-taxable","18":"purchasable","19":"product-type-tour","20":"has-default-attributes"},"yoast_head":"<!-- This site is optimized with the Yoast SEO Premium plugin v27.4 (Yoast SEO v27.4) - https:\/\/yoast.com\/product\/yoast-seo-premium-wordpress\/ -->\n<title>2 Zile \u00een Cairo din Makadi Bay : Egy tour packages<\/title>\n<meta name=\"description\" content=\"2 Zile \u00een Cairo din Makadi Bay. Viziteaz\u0103 Piramidele din Giza, Sfinxul \u0219i Muzeul Egiptean cu un ghid privat. Pr\u00e2nz \u0219i cazare incluse. Rezerv\u0103 acum online!\" \/>\n<meta name=\"robots\" content=\"index, follow, max-snippet:-1, max-image-preview:large, max-video-preview:-1\" \/>\n<link rel=\"canonical\" href=\"https:\/\/egytourpackages.com\/ro\/tours\/2-zile-in-cairo-din-makadi-bay\/\" \/>\n<meta property=\"og:locale\" content=\"ro_RO\" \/>\n<meta property=\"og:type\" content=\"article\" \/>\n<meta property=\"og:title\" content=\"2 Zile \u00een Cairo din Makadi Bay\" \/>\n<meta property=\"og:description\" content=\"2 Zile \u00een Cairo din Makadi Bay. Viziteaz\u0103 Piramidele din Giza, Sfinxul \u0219i Muzeul Egiptean cu un ghid privat. Pr\u00e2nz \u0219i cazare incluse. Rezerv\u0103 acum online!\" \/>\n<meta property=\"og:url\" content=\"https:\/\/egytourpackages.com\/ro\/tours\/2-zile-in-cairo-din-makadi-bay\/\" \/>\n<meta property=\"og:site_name\" content=\"Egypt Tour Packages\" \/>\n<meta property=\"article:publisher\" content=\"https:\/\/www.facebook.com\/egytourpackages\" \/>\n<meta property=\"article:modified_time\" content=\"2026-01-28T02:59:17+00:00\" \/>\n<meta property=\"og:image\" content=\"https:\/\/egytourpackages.com\/wp-content\/uploads\/2023\/07\/Saqqara-Step-Pyramid-1024x682.jpg\" \/>\n<meta name=\"twitter:card\" content=\"summary_large_image\" \/>\n<meta name=\"twitter:title\" content=\"2 Zile \u00een Cairo din Makadi Bay\" \/>\n<meta name=\"twitter:description\" content=\"2 Zile \u00een Cairo din Makadi Bay. Viziteaz\u0103 Piramidele din Giza, Sfinxul \u0219i Muzeul Egiptean cu un ghid privat. Pr\u00e2nz \u0219i cazare incluse. Rezerv\u0103 acum online!\" \/>\n<meta name=\"twitter:image\" content=\"https:\/\/egytourpackages.com\/wp-content\/uploads\/2023\/07\/Saqqara-Step-Pyramid-1024x682.jpg\" \/>\n<meta name=\"twitter:label1\" content=\"Pre\u021b\" \/>\n\t<meta name=\"twitter:data1\" content=\"&euro;300\" \/>\n\t<meta name=\"twitter:label2\" content=\"Disponibilitate\" \/>\n\t<meta name=\"twitter:data2\" content=\"\u00cen stoc\" \/>\n<script type=\"application\/ld+json\" class=\"yoast-schema-graph\">{\"@context\":\"https:\\\/\\\/schema.org\",\"@graph\":[{\"@type\":\"WebPage\",\"@id\":\"https:\\\/\\\/egytourpackages.com\\\/ro\\\/tours\\\/2-zile-in-cairo-din-makadi-bay\\\/\",\"url\":\"https:\\\/\\\/egytourpackages.com\\\/ro\\\/tours\\\/2-zile-in-cairo-din-makadi-bay\\\/\",\"name\":\"2 Zile \u00een Cairo din Makadi Bay : Egy tour packages\",\"isPartOf\":{\"@id\":\"https:\\\/\\\/egytourpackages.com\\\/ro\\\/#website\"},\"primaryImageOfPage\":{\"@id\":\"https:\\\/\\\/egytourpackages.com\\\/ro\\\/tours\\\/2-zile-in-cairo-din-makadi-bay\\\/#primaryimage\"},\"image\":{\"@id\":\"https:\\\/\\\/egytourpackages.com\\\/ro\\\/tours\\\/2-zile-in-cairo-din-makadi-bay\\\/#primaryimage\"},\"thumbnailUrl\":\"https:\\\/\\\/egytourpackages.com\\\/wp-content\\\/uploads\\\/2023\\\/07\\\/Saqqara-Step-Pyramid.jpg\",\"datePublished\":\"2023-07-13T16:20:44+00:00\",\"dateModified\":\"2026-01-28T02:59:17+00:00\",\"description\":\"2 Zile \u00een Cairo din Makadi Bay. Viziteaz\u0103 Piramidele din Giza, Sfinxul \u0219i Muzeul Egiptean cu un ghid privat. Pr\u00e2nz \u0219i cazare incluse. Rezerv\u0103 acum online!\",\"breadcrumb\":{\"@id\":\"https:\\\/\\\/egytourpackages.com\\\/ro\\\/tours\\\/2-zile-in-cairo-din-makadi-bay\\\/#breadcrumb\"},\"inLanguage\":\"ro-RO\",\"potentialAction\":[{\"@type\":\"ReadAction\",\"target\":[\"https:\\\/\\\/egytourpackages.com\\\/ro\\\/tours\\\/2-zile-in-cairo-din-makadi-bay\\\/\"]}]},{\"@type\":\"ImageObject\",\"inLanguage\":\"ro-RO\",\"@id\":\"https:\\\/\\\/egytourpackages.com\\\/ro\\\/tours\\\/2-zile-in-cairo-din-makadi-bay\\\/#primaryimage\",\"url\":\"https:\\\/\\\/egytourpackages.com\\\/wp-content\\\/uploads\\\/2023\\\/07\\\/Saqqara-Step-Pyramid.jpg\",\"contentUrl\":\"https:\\\/\\\/egytourpackages.com\\\/wp-content\\\/uploads\\\/2023\\\/07\\\/Saqqara-Step-Pyramid.jpg\",\"width\":2000,\"height\":1333,\"caption\":\"Piramida \u00een trepte de la Saqqara\"},{\"@type\":\"BreadcrumbList\",\"@id\":\"https:\\\/\\\/egytourpackages.com\\\/ro\\\/tours\\\/2-zile-in-cairo-din-makadi-bay\\\/#breadcrumb\",\"itemListElement\":[{\"@type\":\"ListItem\",\"position\":1,\"name\":\"Home\",\"item\":\"https:\\\/\\\/egytourpackages.com\\\/ro\\\/\"},{\"@type\":\"ListItem\",\"position\":2,\"name\":\"Shop\",\"item\":\"https:\\\/\\\/egytourpackages.com\\\/shop\\\/\"},{\"@type\":\"ListItem\",\"position\":3,\"name\":\"2 Zile \u00een Cairo din Makadi Bay\"}]},{\"@type\":\"WebSite\",\"@id\":\"https:\\\/\\\/egytourpackages.com\\\/ro\\\/#website\",\"url\":\"https:\\\/\\\/egytourpackages.com\\\/ro\\\/\",\"name\":\"Egy tour packages\",\"description\":\"\",\"publisher\":{\"@id\":\"https:\\\/\\\/egytourpackages.com\\\/ro\\\/#organization\"},\"potentialAction\":[{\"@type\":\"SearchAction\",\"target\":{\"@type\":\"EntryPoint\",\"urlTemplate\":\"https:\\\/\\\/egytourpackages.com\\\/ro\\\/?s={search_term_string}\"},\"query-input\":{\"@type\":\"PropertyValueSpecification\",\"valueRequired\":true,\"valueName\":\"search_term_string\"}}],\"inLanguage\":\"ro-RO\"},{\"@type\":[\"Organization\",\"Place\",\"TravelAgency\"],\"@id\":\"https:\\\/\\\/egytourpackages.com\\\/ro\\\/#organization\",\"name\":\"egypt tour packages\",\"alternateName\":\"egypt tour packages\",\"url\":\"https:\\\/\\\/egytourpackages.com\\\/ro\\\/\",\"logo\":{\"@id\":\"https:\\\/\\\/egytourpackages.com\\\/ro\\\/tours\\\/2-zile-in-cairo-din-makadi-bay\\\/#local-main-organization-logo\"},\"image\":{\"@id\":\"https:\\\/\\\/egytourpackages.com\\\/ro\\\/tours\\\/2-zile-in-cairo-din-makadi-bay\\\/#local-main-organization-logo\"},\"sameAs\":[\"https:\\\/\\\/www.facebook.com\\\/egytourpackages\"],\"legalName\":\"Egy tour packages\",\"address\":{\"@id\":\"https:\\\/\\\/egytourpackages.com\\\/ro\\\/tours\\\/2-zile-in-cairo-din-makadi-bay\\\/#local-main-place-address\"},\"telephone\":[\"00201000852186\",\"00201028685533\"],\"contactPoint\":{\"@type\":\"ContactPoint\",\"telephone\":\"00201000852186\"},\"openingHoursSpecification\":[{\"@type\":\"OpeningHoursSpecification\",\"dayOfWeek\":[\"Monday\",\"Tuesday\",\"Wednesday\",\"Thursday\",\"Friday\",\"Saturday\",\"Sunday\"],\"opens\":\"00:00\",\"closes\":\"23:59\"}],\"email\":\"info@egytourpackages.com\",\"areaServed\":\"Cairo, Hurghada, Luxor, Sharm El Sheikh, Marsa Alam, Aswan\",\"priceRange\":\"$\",\"currenciesAccepted\":\"euro\",\"paymentAccepted\":\"Payment links online\"},{\"@type\":\"PostalAddress\",\"@id\":\"https:\\\/\\\/egytourpackages.com\\\/ro\\\/tours\\\/2-zile-in-cairo-din-makadi-bay\\\/#local-main-place-address\",\"streetAddress\":\"Mubarak 8, Al Kawthar District, Hurghada\",\"addressLocality\":\"Hurghada\",\"postalCode\":\"84511\",\"addressRegion\":\"Red Sea\",\"addressCountry\":\"EG\"},{\"@type\":\"ImageObject\",\"inLanguage\":\"ro-RO\",\"@id\":\"https:\\\/\\\/egytourpackages.com\\\/ro\\\/tours\\\/2-zile-in-cairo-din-makadi-bay\\\/#local-main-organization-logo\",\"url\":\"https:\\\/\\\/egytourpackages.com\\\/wp-content\\\/uploads\\\/2025\\\/12\\\/Turquoise-Dahabiya-Nile-Cruise-1.jpeg\",\"contentUrl\":\"https:\\\/\\\/egytourpackages.com\\\/wp-content\\\/uploads\\\/2025\\\/12\\\/Turquoise-Dahabiya-Nile-Cruise-1.jpeg\",\"width\":1040,\"height\":694,\"caption\":\"egypt tour packages\"}]}<\/script>\n<meta property=\"product:brand\" content=\"Excursii de o zi \u00een Egipt\" \/>\n<meta property=\"product:price:amount\" content=\"300\" \/>\n<meta property=\"product:price:currency\" content=\"EUR\" \/>\n<meta property=\"og:availability\" content=\"instock\" \/>\n<meta property=\"product:availability\" content=\"instock\" \/>\n<meta property=\"product:retailer_item_id\" content=\"MBE01\" \/>\n<meta property=\"product:condition\" content=\"new\" \/>\n<meta name=\"geo.placename\" content=\"Hurghada\" \/>\n<meta name=\"geo.region\" content=\"Egipt\" \/>\n<!-- \/ Yoast SEO Premium plugin. -->","yoast_head_json":{"title":"2 Zile \u00een Cairo din Makadi Bay : Egy tour packages","description":"2 Zile \u00een Cairo din Makadi Bay. Viziteaz\u0103 Piramidele din Giza, Sfinxul \u0219i Muzeul Egiptean cu un ghid privat. Pr\u00e2nz \u0219i cazare incluse. Rezerv\u0103 acum online!","robots":{"index":"index","follow":"follow","max-snippet":"max-snippet:-1","max-image-preview":"max-image-preview:large","max-video-preview":"max-video-preview:-1"},"canonical":"https:\/\/egytourpackages.com\/ro\/tours\/2-zile-in-cairo-din-makadi-bay\/","og_locale":"ro_RO","og_type":"article","og_title":"2 Zile \u00een Cairo din Makadi Bay","og_description":"2 Zile \u00een Cairo din Makadi Bay. Viziteaz\u0103 Piramidele din Giza, Sfinxul \u0219i Muzeul Egiptean cu un ghid privat. Pr\u00e2nz \u0219i cazare incluse. Rezerv\u0103 acum online!","og_url":"https:\/\/egytourpackages.com\/ro\/tours\/2-zile-in-cairo-din-makadi-bay\/","og_site_name":"Egypt Tour Packages","article_publisher":"https:\/\/www.facebook.com\/egytourpackages","article_modified_time":"2026-01-28T02:59:17+00:00","og_image":[{"url":"https:\/\/egytourpackages.com\/wp-content\/uploads\/2023\/07\/Saqqara-Step-Pyramid-1024x682.jpg","type":"","width":"","height":""}],"twitter_card":"summary_large_image","twitter_title":"2 Zile \u00een Cairo din Makadi Bay","twitter_description":"2 Zile \u00een Cairo din Makadi Bay. Viziteaz\u0103 Piramidele din Giza, Sfinxul \u0219i Muzeul Egiptean cu un ghid privat. Pr\u00e2nz \u0219i cazare incluse. Rezerv\u0103 acum online!","twitter_image":"https:\/\/egytourpackages.com\/wp-content\/uploads\/2023\/07\/Saqqara-Step-Pyramid-1024x682.jpg","twitter_misc":{"Pre\u021b":"&euro;300","Disponibilitate":"\u00cen stoc"},"schema":{"@context":"https:\/\/schema.org","@graph":[{"@type":"WebPage","@id":"https:\/\/egytourpackages.com\/ro\/tours\/2-zile-in-cairo-din-makadi-bay\/","url":"https:\/\/egytourpackages.com\/ro\/tours\/2-zile-in-cairo-din-makadi-bay\/","name":"2 Zile \u00een Cairo din Makadi Bay : Egy tour packages","isPartOf":{"@id":"https:\/\/egytourpackages.com\/ro\/#website"},"primaryImageOfPage":{"@id":"https:\/\/egytourpackages.com\/ro\/tours\/2-zile-in-cairo-din-makadi-bay\/#primaryimage"},"image":{"@id":"https:\/\/egytourpackages.com\/ro\/tours\/2-zile-in-cairo-din-makadi-bay\/#primaryimage"},"thumbnailUrl":"https:\/\/egytourpackages.com\/wp-content\/uploads\/2023\/07\/Saqqara-Step-Pyramid.jpg","datePublished":"2023-07-13T16:20:44+00:00","dateModified":"2026-01-28T02:59:17+00:00","description":"2 Zile \u00een Cairo din Makadi Bay. Viziteaz\u0103 Piramidele din Giza, Sfinxul \u0219i Muzeul Egiptean cu un ghid privat. Pr\u00e2nz \u0219i cazare incluse. Rezerv\u0103 acum online!","breadcrumb":{"@id":"https:\/\/egytourpackages.com\/ro\/tours\/2-zile-in-cairo-din-makadi-bay\/#breadcrumb"},"inLanguage":"ro-RO","potentialAction":[{"@type":"ReadAction","target":["https:\/\/egytourpackages.com\/ro\/tours\/2-zile-in-cairo-din-makadi-bay\/"]}]},{"@type":"ImageObject","inLanguage":"ro-RO","@id":"https:\/\/egytourpackages.com\/ro\/tours\/2-zile-in-cairo-din-makadi-bay\/#primaryimage","url":"https:\/\/egytourpackages.com\/wp-content\/uploads\/2023\/07\/Saqqara-Step-Pyramid.jpg","contentUrl":"https:\/\/egytourpackages.com\/wp-content\/uploads\/2023\/07\/Saqqara-Step-Pyramid.jpg","width":2000,"height":1333,"caption":"Piramida \u00een trepte de la Saqqara"},{"@type":"BreadcrumbList","@id":"https:\/\/egytourpackages.com\/ro\/tours\/2-zile-in-cairo-din-makadi-bay\/#breadcrumb","itemListElement":[{"@type":"ListItem","position":1,"name":"Home","item":"https:\/\/egytourpackages.com\/ro\/"},{"@type":"ListItem","position":2,"name":"Shop","item":"https:\/\/egytourpackages.com\/shop\/"},{"@type":"ListItem","position":3,"name":"2 Zile \u00een Cairo din Makadi Bay"}]},{"@type":"WebSite","@id":"https:\/\/egytourpackages.com\/ro\/#website","url":"https:\/\/egytourpackages.com\/ro\/","name":"Egy tour packages","description":"","publisher":{"@id":"https:\/\/egytourpackages.com\/ro\/#organization"},"potentialAction":[{"@type":"SearchAction","target":{"@type":"EntryPoint","urlTemplate":"https:\/\/egytourpackages.com\/ro\/?s={search_term_string}"},"query-input":{"@type":"PropertyValueSpecification","valueRequired":true,"valueName":"search_term_string"}}],"inLanguage":"ro-RO"},{"@type":["Organization","Place","TravelAgency"],"@id":"https:\/\/egytourpackages.com\/ro\/#organization","name":"egypt tour packages","alternateName":"egypt tour packages","url":"https:\/\/egytourpackages.com\/ro\/","logo":{"@id":"https:\/\/egytourpackages.com\/ro\/tours\/2-zile-in-cairo-din-makadi-bay\/#local-main-organization-logo"},"image":{"@id":"https:\/\/egytourpackages.com\/ro\/tours\/2-zile-in-cairo-din-makadi-bay\/#local-main-organization-logo"},"sameAs":["https:\/\/www.facebook.com\/egytourpackages"],"legalName":"Egy tour packages","address":{"@id":"https:\/\/egytourpackages.com\/ro\/tours\/2-zile-in-cairo-din-makadi-bay\/#local-main-place-address"},"telephone":["00201000852186","00201028685533"],"contactPoint":{"@type":"ContactPoint","telephone":"00201000852186"},"openingHoursSpecification":[{"@type":"OpeningHoursSpecification","dayOfWeek":["Monday","Tuesday","Wednesday","Thursday","Friday","Saturday","Sunday"],"opens":"00:00","closes":"23:59"}],"email":"info@egytourpackages.com","areaServed":"Cairo, Hurghada, Luxor, Sharm El Sheikh, Marsa Alam, Aswan","priceRange":"$","currenciesAccepted":"euro","paymentAccepted":"Payment links online"},{"@type":"PostalAddress","@id":"https:\/\/egytourpackages.com\/ro\/tours\/2-zile-in-cairo-din-makadi-bay\/#local-main-place-address","streetAddress":"Mubarak 8, Al Kawthar District, Hurghada","addressLocality":"Hurghada","postalCode":"84511","addressRegion":"Red Sea","addressCountry":"EG"},{"@type":"ImageObject","inLanguage":"ro-RO","@id":"https:\/\/egytourpackages.com\/ro\/tours\/2-zile-in-cairo-din-makadi-bay\/#local-main-organization-logo","url":"https:\/\/egytourpackages.com\/wp-content\/uploads\/2025\/12\/Turquoise-Dahabiya-Nile-Cruise-1.jpeg","contentUrl":"https:\/\/egytourpackages.com\/wp-content\/uploads\/2025\/12\/Turquoise-Dahabiya-Nile-Cruise-1.jpeg","width":1040,"height":694,"caption":"egypt tour packages"}]},"product_brand":"Excursii de o zi \u00een Egipt","product_price_amount":"300","product_price_currency":"EUR","og_availability":"instock","product_availability":"instock","product_retailer_item_id":"MBE01","product_condition":"new","geo.placename":"Hurghada","geo.region":"Egipt"},"_links":{"self":[{"href":"https:\/\/egytourpackages.com\/ro\/wp-json\/wp\/v2\/product\/13245","targetHints":{"allow":["GET"]}}],"collection":[{"href":"https:\/\/egytourpackages.com\/ro\/wp-json\/wp\/v2\/product"}],"about":[{"href":"https:\/\/egytourpackages.com\/ro\/wp-json\/wp\/v2\/types\/product"}],"replies":[{"embeddable":true,"href":"https:\/\/egytourpackages.com\/ro\/wp-json\/wp\/v2\/comments?post=13245"}],"wp:featuredmedia":[{"embeddable":true,"href":"https:\/\/egytourpackages.com\/ro\/wp-json\/wp\/v2\/media\/13246"}],"wp:attachment":[{"href":"https:\/\/egytourpackages.com\/ro\/wp-json\/wp\/v2\/media?parent=13245"}],"wp:term":[{"taxonomy":"product_brand","embeddable":true,"href":"https:\/\/egytourpackages.com\/ro\/wp-json\/wp\/v2\/product_brand?post=13245"},{"taxonomy":"product_cat","embeddable":true,"href":"https:\/\/egytourpackages.com\/ro\/wp-json\/wp\/v2\/product_cat?post=13245"},{"taxonomy":"product_tag","embeddable":true,"href":"https:\/\/egytourpackages.com\/ro\/wp-json\/wp\/v2\/product_tag?post=13245"}],"curies":[{"name":"wp","href":"https:\/\/api.w.org\/{rel}","templated":true}]}}